{"id":1442288,"date":"2023-05-14T13:51:09","date_gmt":"2023-05-14T13:51:09","guid":{"rendered":"https:\/\/talkpal.ai\/ngu-phap-tieng-nhat\/"},"modified":"2025-12-11T16:42:26","modified_gmt":"2025-12-11T16:42:26","slug":"ngu-phap-tieng-nhat","status":"publish","type":"page","link":"https:\/\/talkpal.ai\/vi\/ngu-phap-tieng-nhat\/","title":{"rendered":"Ng\u1eef ph\u00e1p ti\u1ebfng Nh\u1eadt"},"content":{"rendered":"\r\n\r\n\r\n<section class=\"languageChallengeSection\">\r\n    <div class=\"languageInfoWrapper\">\r\n        \r\n        <h1>Ng\u1eef ph\u00e1p ti\u1ebfng Nh\u1eadt<\/h1>\r\n        <p>N\u00e2ng cao k\u1ef9 n\u0103ng <a href=\"https:\/\/talkpal.ai\/vi\/hoc-tieng-nhat-truc-tuyen-voi-ai\/\">ti\u1ebfng Nh\u1eadt<\/a> c\u1ee7a b\u1ea1n b\u1eb1ng c\u00e1ch n\u1eafm v\u1eefng c\u00e1c \u0111i\u1ec3m <a href=\"https:\/\/talkpal.ai\/vi\/ngu-phap\/\">ng\u1eef ph\u00e1p<\/a> c\u1ea7n thi\u1ebft v\u1edbi c\u00e1c gi\u1ea3i th\u00edch v\u00e0 v\u00ed d\u1ee5 r\u00f5 r\u00e0ng. B\u1eaft \u0111\u1ea7u h\u00e0nh tr\u00ecnh l\u01b0u lo\u00e1t c\u1ee7a b\u1ea1n &#8211; \u0111i s\u00e2u v\u00e0o <a href=\"https:\/\/talkpal.ai\/japanese-grammar\/\">ng\u1eef ph\u00e1p ti\u1ebfng Nh\u1eadt<\/a> ngay h\u00f4m nay!<\/p>\r\n\r\n                            <a class=\"getStartedHidden\" href=\"https:\/\/app.talkpal.ai\/vi\/signup?lng=\">B\u1eaft \u0111\u1ea7u nh\u00e9<\/a>\r\n        \r\n    <\/div>\r\n\r\n    <figure>\r\n    <img decoding=\"async\" width=\"768\" height=\"768\" src=\"https:\/\/talkpal.ai\/wp-content\/uploads\/2023\/06\/japanese-768x768.png\" class=\"languageImage no-lazy\" alt=\"Language learning for world travelers\" fetchpriority=\"high\" sizes=\"(max-width: 768px) 150px, 768px\" srcset=\"https:\/\/talkpal.ai\/wp-content\/uploads\/2023\/06\/japanese-768x768.png 768w, https:\/\/talkpal.ai\/wp-content\/uploads\/2023\/06\/japanese-300x300.png 300w\" \/>\r\n    \r\n\r\n    <\/figure>\r\n\r\n            <a class=\"getStartedVisible\" href=\"https:\/\/app.talkpal.ai\/vi\/signup?lng=\">B\u1eaft \u0111\u1ea7u nh\u00e9<\/a>\r\n    \r\n<\/section>\r\n<section class=\"promotionalBanner\">\r\n    <p class=\"promotionalText\">C\u00e1ch hi\u1ec7u qu\u1ea3 nh\u1ea5t \u0111\u1ec3 h\u1ecdc m\u1ed9t <a href=\"https:\/\/talkpal.ai\/vi\/hoc-ngon-ngu-cho-cac-truong-ngon-ngu\/\">ng\u00f4n ng\u1eef<\/a><\/p>\r\n    <a class=\"promotionalLink\" href=\"https:\/\/app.talkpal.ai\/vi\/signup?lng=\">D\u00f9ng th\u1eed Talkpal mi\u1ec5n ph\u00ed<\/a>\r\n<\/section>\n<div class=\"wp-block-group pageContainerStyle\"><div class=\"wp-block-group__inner-container is-layout-constrained wp-block-group-is-layout-constrained\">\n<h2 class=\"wp-block-heading\" id=\"h-mastering-the-intricacies-of-japanese-grammar\">N\u1eafm v\u1eefng s\u1ef1 ph\u1ee9c t\u1ea1p c\u1ee7a ng\u1eef ph\u00e1p ti\u1ebfng Nh\u1eadt<\/h2>\n\n\n\n<p><a href=\"https:\/\/talkpal.ai\/talkpal-discount-for-language-enthusiasts\/\">Nh\u1eefng ng\u01b0\u1eddi \u0111am m\u00ea ng\u00f4n ng\u1eef<\/a> th\u01b0\u1eddng th\u1ea5y ti\u1ebfng Nh\u1eadt l\u00e0 m\u1ed9t ng\u00f4n ng\u1eef h\u1ea5p d\u1eabn v\u00e0 \u0111\u1ea7y th\u1eed th\u00e1ch \u0111\u1ec3 h\u1ecdc, ph\u1ea7n l\u1edbn l\u00e0 do h\u1ec7 th\u1ed1ng ng\u1eef ph\u00e1p \u0111\u1ed9c \u0111\u00e1o c\u1ee7a n\u00f3. M\u1eb7c d\u00f9 v\u1eady, hi\u1ec3u <a href=\"https:\/\/talkpal.ai\/vi\/ngu-phap-tieng-nga\/\">ng\u1eef ph\u00e1p ti\u1ebfng<\/a> Nh\u1eadt c\u00f3 th\u1ec3 c\u1ea3i thi\u1ec7n \u0111\u00e1ng k\u1ec3 k\u1ef9 n\u0103ng giao ti\u1ebfp v\u00e0 hi\u1ec3u bi\u1ebft v\u0103n h\u00f3a c\u1ee7a b\u1ea1n. Trong b\u00e0i vi\u1ebft n\u00e0y, ch\u00fang t\u00f4i s\u1ebd th\u1ea3o lu\u1eadn <a href=\"https:\/\/talkpal.ai\/vi\/ve\/\">v\u1ec1<\/a> m\u1ed9t s\u1ed1 kh\u00eda c\u1ea1nh thi\u1ebft y\u1ebfu c\u1ee7a ng\u1eef ph\u00e1p ti\u1ebfng Nh\u1eadt \u0111\u1ec3 gi\u00fap b\u1ea1n tr\u00ean h\u00e0nh tr\u00ecnh <a href=\"https:\/\/talkpal.ai\/vi\/ung-dung-mien-phi-de-hoc-ngon-ngu\/\">h\u1ecdc ng\u00f4n ng\u1eef<\/a> c\u1ee7a m\u00ecnh. V\u00ec v\u1eady, h\u00e3y th\u1eaft d\u00e2y an to\u00e0n v\u00e0 \u0111i s\u00e2u v\u00e0o th\u1ebf gi\u1edbi quy\u1ebfn r\u0169 c\u1ee7a ng\u1eef ph\u00e1p ti\u1ebfng Nh\u1eadt.<\/p>\n\n\n\n<h3 class=\"wp-block-heading\" id=\"h-1-sentence-structure-sov\">1. C\u1ea5u tr\u00fac c\u00e2u: SOV<\/h3>\n\n\n\n<p>Kh\u00f4ng gi\u1ed1ng nh\u01b0 ti\u1ebfng Anh (Ch\u1ee7 ng\u1eef \u2013 \u0110\u1ed9ng t\u1eeb \u2013 \u0110\u1ed1i t\u01b0\u1ee3ng ho\u1eb7c SVO), ti\u1ebfng Nh\u1eadt tu\u00e2n theo c\u1ea5u tr\u00fac c\u00e2u Ch\u1ee7 ng\u1eef \u2013 \u0110\u1ed1i t\u01b0\u1ee3ng \u2013 \u0110\u1ed9ng t\u1eeb (SOV). \u0110i\u1ec1u n\u00e0y c\u00f3 ngh\u0129a l\u00e0 \u0111\u1ed9ng t\u1eeb th\u01b0\u1eddng \u0111\u1ee9ng cu\u1ed1i c\u00f9ng trong c\u00e2u. L\u00e0m quen v\u1edbi th\u1ee9 t\u1ef1 t\u1eeb \u0111\u1ed9c \u0111\u00e1o n\u00e0y l\u00e0 r\u1ea5t quan tr\u1ecdng trong vi\u1ec7c h\u00ecnh th\u00e0nh c\u00e1c c\u00e2u d\u1ec5 hi\u1ec3u trong ti\u1ebfng Nh\u1eadt.<\/p>\n\n\n\n<p>V\u00ed d\u1ee5:  <\/p>\n\n\n\n<p>\u2013 \u308f\u305f\u3057\u306f\u308a\u3093\u3054\u3092\u305f\u3079\u307e\u3059\u3002 (T\u00f4i \u0103n m\u1ed9t qu\u1ea3 t\u00e1o)<\/p>\n\n\n\n<p>\u2013 Watashi wa ringo o tabemasu. (lit. T\u00f4i \u0103n m\u1ed9t qu\u1ea3 t\u00e1o)<\/p>\n\n\n\n<h3 class=\"wp-block-heading\" id=\"h-2-particles-the-sentence-connectors\">2. H\u1ea1t: K\u1ebft n\u1ed1i c\u00e2u<\/h3>\n\n\n\n<p>C\u00e1c h\u1ea1t \u0111\u00f3ng m\u1ed9t vai tr\u00f2 quan tr\u1ecdng trong ng\u1eef ph\u00e1p ti\u1ebfng Nh\u1eadt b\u1eb1ng c\u00e1ch \u0111\u00e1nh d\u1ea5u ch\u1ee9c n\u0103ng c\u1ee7a m\u1ed9t t\u1eeb trong m\u1ed9t c\u00e2u. M\u1ed9t s\u1ed1 h\u1ea1t ph\u1ed5 bi\u1ebfn bao g\u1ed3m \u306f (wa), \u3092 (o), \u304c (ga), \u3067 (de) v\u00e0 \u306b (ni). B\u1eb1ng c\u00e1ch hi\u1ec3u c\u00e1ch c\u00e1c h\u1ea1t n\u00e0y ho\u1ea1t \u0111\u1ed9ng, b\u1ea1n s\u1ebd th\u1ea5y r\u1eb1ng vi\u1ec7c gi\u1ea3i m\u00e3 v\u00e0 x\u00e2y d\u1ef1ng c\u00e1c c\u00e2u ti\u1ebfng Nh\u1eadt tr\u1edf n\u00ean d\u1ec5 qu\u1ea3n l\u00fd h\u01a1n \u0111\u00e1ng k\u1ec3.<\/p>\n\n\n\n<h3 class=\"wp-block-heading\" id=\"h-3-verbs-an-introduction-to-conjugation\">3. \u0110\u1ed9ng t\u1eeb: Gi\u1edbi thi\u1ec7u v\u1ec1 c\u00e1ch chia \u0111\u1ed9ng t\u1eeb<\/h3>\n\n\n\n<p>\u0110\u1ed9ng t\u1eeb ti\u1ebfng Nh\u1eadt c\u00f3 ba nh\u00f3m ch\u00ednh, \u0111\u01b0\u1ee3c x\u00e1c \u0111\u1ecbnh b\u1eb1ng k\u1ebft th\u00fac c\u1ee7a d\u1ea1ng c\u01a1 s\u1edf c\u1ee7a ch\u00fang. C\u00e1c nh\u00f3m n\u00e0y \u0111\u01b0\u1ee3c xem x\u00e9t khi li\u00ean h\u1ee3p cho c\u0103ng th\u1eb3ng, l\u1ecbch s\u1ef1 v\u00e0 t\u00e2m tr\u1ea1ng. Tin t\u1ed1t l\u00e0 \u0111\u1ed9ng t\u1eeb ti\u1ebfng Nh\u1eadt kh\u00f4ng thay \u0111\u1ed5i d\u1ef1a tr\u00ean ch\u1ee7 ng\u1eef, l\u00e0m cho ch\u00fang \u00edt ph\u1ee9c t\u1ea1p h\u01a1n so v\u1edbi \u0111\u1ed9ng t\u1eeb trong m\u1ed9t s\u1ed1 ng\u00f4n ng\u1eef kh\u00e1c.<\/p>\n\n\n\n<p>\u2013 Nh\u00f3m 1: \u0110\u1ed9ng t\u1eeb ch\u1eef U<\/p>\n\n\n\n<p>\u2013 Nh\u00f3m 2: Ru-verbs<\/p>\n\n\n\n<p>\u2013 Nh\u00f3m 3: \u0110\u1ed9ng t\u1eeb b\u1ea5t quy t\u1eafc (ch\u1ec9 c\u00f3 hai \u0111\u1ed9ng t\u1eeb \u2013 \u3059\u308b (suru) v\u00e0 \u6765\u308b (kuru))<\/p>\n\n\n\n<h3 class=\"wp-block-heading\" id=\"h-4-politeness-levels\">4. M\u1ee9c \u0111\u1ed9 l\u1ecbch s\u1ef1<\/h3>\n\n\n\n<p>Ti\u1ebfng Nh\u1eadt l\u00e0 m\u1ed9t ng\u00f4n ng\u1eef gi\u00e0u s\u1ef1 l\u1ecbch s\u1ef1, v\u00e0 ng\u1eef ph\u00e1p c\u1ee7a ng\u00f4n ng\u1eef ph\u1ea3n \u00e1nh \u0111i\u1ec1u n\u00e0y. C\u00f3 ba c\u1ea5p \u0111\u1ed9 l\u1ecbch s\u1ef1 ch\u00ednh: gi\u1ea3n d\u1ecb, l\u1ecbch s\u1ef1 v\u00e0 k\u00ednh ng\u1eef. Nh\u1eadn bi\u1ebft v\u00e0 s\u1eed d\u1ee5ng nh\u1eefng \u0111i\u1ec1u n\u00e0y m\u1ed9t c\u00e1ch th\u00edch h\u1ee3p l\u00e0 \u0111i\u1ec1u c\u1ea7n thi\u1ebft cho giao ti\u1ebfp t\u1ef1 nhi\u00ean v\u00e0 t\u00f4n tr\u1ecdng.<\/p>\n\n\n\n<p>\u2013 B\u00ecnh th\u01b0\u1eddng: c\u00e1c d\u1ea1ng \u0111\u1ed9ng t\u1eeb \u0111\u01a1n gi\u1ea3n (v\u00ed d\u1ee5: \u98df\u3079\u308b \u2013 taberu \u2013 \u0103n)<\/p>\n\n\n\n<p>\u2013 L\u1ecbch s\u1ef1: c\u00e1ch chia \u0111\u1ed9ng t\u1eeb (masu) (v\u00ed d\u1ee5: \u98df\u3079\u307e\u3059 \u2013 tabemasu \u2013 \u0103n (l\u1ecbch s\u1ef1))<\/p>\n\n\n\n<p>\u2013 K\u00ednh ng\u1eef: chia \u0111\u1ed9ng t\u1eeb v\u00e0 ti\u1ec1n t\u1ed1 \u0111\u1eb7c bi\u1ec7t (v\u00ed d\u1ee5: \u304a\u53ec\u3057\u4e0a\u304c\u308a\u306b\u306a\u308b \u2013 omeshiagari ni naru \u2013 \u0103n (k\u00ednh ng\u1eef))<\/p>\n\n\n\n<h3 class=\"wp-block-heading\" id=\"h-5-japanese-adjectives\">5. T\u00ednh t\u1eeb ti\u1ebfng Nh\u1eadt<\/h3>\n\n\n\n<p>T\u00ednh t\u1eeb ti\u1ebfng Nh\u1eadt c\u00f3 hai lo\u1ea1i: t\u00ednh t\u1eeb i v\u00e0 t\u00ednh t\u1eeb na. C\u1ea3 hai lo\u1ea1i \u0111\u1ec1u c\u00f3 quy t\u1eafc chia \u0111\u1ed9ng t\u1eeb duy nh\u1ea5t v\u00e0 t\u01b0\u01a1ng t\u00e1c v\u1edbi danh t\u1eeb kh\u00e1c nhau. S\u1eed d\u1ee5ng th\u00e0nh th\u1ea1o hai lo\u1ea1i t\u00ednh t\u1eeb n\u00e0y l\u00e0 r\u1ea5t quan tr\u1ecdng \u0111\u1ec3 giao ti\u1ebfp hi\u1ec7u qu\u1ea3 trong ti\u1ebfng Nh\u1eadt.<\/p>\n\n\n\n<h3 class=\"wp-block-heading\" id=\"h-6-engaging-with-the-language\">6. T\u01b0\u01a1ng t\u00e1c v\u1edbi ng\u00f4n ng\u1eef<\/h3>\n\n\n\n<p>M\u1ed9t trong nh\u1eefng c\u00e1ch hi\u1ec7u qu\u1ea3 nh\u1ea5t \u0111\u1ec3 h\u1ecdc ng\u1eef ph\u00e1p ti\u1ebfng Nh\u1eadt l\u00e0 t\u01b0\u01a1ng t\u00e1c v\u1edbi ng\u00f4n ng\u1eef m\u1ed9t c\u00e1ch nh\u1ea5t qu\u00e1n. T\u1eeb vi\u1ec7c xem phim v\u00e0 anime Nh\u1eadt B\u1ea3n \u0111\u1ebfn tham gia trao \u0111\u1ed5i cu\u1ed9c tr\u00f2 chuy\u1ec7n v\u1edbi ng\u01b0\u1eddi b\u1ea3n ng\u1eef, \u0111\u1eafm m\u00ecnh trong ng\u00f4n ng\u1eef s\u1ebd gi\u00fap c\u1ee7ng c\u1ed1 c\u00e1c kh\u00e1i ni\u1ec7m ng\u1eef ph\u00e1p v\u00e0 m\u1edf r\u1ed9ng v\u1ed1n t\u1eeb v\u1ef1ng c\u1ee7a b\u1ea1n.<\/p>\n\n\n\n<h3 class=\"wp-block-heading\" id=\"h-conclusion\">Ph\u1ea7n k\u1ebft lu\u1eadn<\/h3>\n\n\n\n<p>M\u1eb7c d\u00f9 ng\u1eef ph\u00e1p ti\u1ebfng Nh\u1eadt tho\u1ea1t nghe c\u00f3 v\u1ebb cho\u00e1ng ng\u1ee3p, nh\u01b0ng v\u1edbi s\u1ef1 c\u1ed1ng hi\u1ebfn v\u00e0 th\u1eddi gian, b\u1ea1n s\u1ebd th\u1ea5y m\u00ecnh d\u1ec5 d\u00e0ng \u0111i\u1ec1u h\u01b0\u1edbng s\u1ef1 ph\u1ee9c t\u1ea1p c\u1ee7a n\u00f3. \u0110i\u1ec1u quan tr\u1ecdng l\u00e0 duy tr\u00ec s\u1ef1 t\u00f2 m\u00f2 v\u00e0 luy\u1ec7n t\u1eadp th\u01b0\u1eddng xuy\u00ean. Ch\u00fac may m\u1eafn tr\u00ean h\u00e0nh tr\u00ecnh th\u00e0nh th\u1ea1o ng\u1eef ph\u00e1p ti\u1ebfng Nh\u1eadt v\u00e0 t\u1eadn h\u01b0\u1edfng cu\u1ed9c phi\u00eau l\u01b0u ng\u00f4n ng\u1eef!<\/p>\n<\/div><\/div>\n\r\n<section class=\"learnNavigationSection\">\r\n            \r\n        <a href=\"https:\/\/talkpal.ai\/vi\/hoc-tieng-nhat\/\">\r\n            <div class=\"learnNavigationWrapper\">\r\n                <div class=\"learnNavigationContent\">\r\n                    <img decoding=\"async\" src=\"https:\/\/talkpal.ai\/wp-content\/uploads\/2024\/08\/Japanese.jpg\" alt=\"Japanese Flag\">\r\n                    <div>\r\n                        <h4>Gi\u1edbi thi\u1ec7u v\u1ec1 h\u1ecdc ti\u1ebfng Nh\u1eadt<\/h4>\r\n                        <p>T\u00ecm hi\u1ec3u t\u1ea5t c\u1ea3 v\u1ec1 ng\u1eef ph\u00e1p ti\u1ebfng Nh\u1eadt.<\/p>\r\n                    <\/div>\r\n                <\/div>\r\n            <\/div>\r\n        <\/a>\r\n\r\n        \r\n        <a href=\"https:\/\/talkpal.ai\/vi\/bai-tap-ngu-phap-tieng-nhat\/\">\r\n            <div class=\"learnNavigationWrapper\">\r\n                <div class=\"learnNavigationContent\">\r\n                    <img decoding=\"async\" src=\"https:\/\/talkpal.ai\/wp-content\/uploads\/2024\/08\/Japanese.jpg\" alt=\"Japanese Flag\">\r\n                    <div>\r\n                        <h4>B\u00e0i t\u1eadp ng\u1eef ph\u00e1p ti\u1ebfng Nh\u1eadt<\/h4>\r\n                        <p>Th\u1ef1c h\u00e0nh ng\u1eef ph\u00e1p ti\u1ebfng Nh\u1eadt.<\/p>\r\n                    <\/div>\r\n                <\/div>\r\n            <\/div>\r\n        <\/a>\r\n\r\n        \r\n        <a href=\"https:\/\/talkpal.ai\/vocabulary_language\/japanese\/\">\r\n            <div class=\"learnNavigationWrapper\">\r\n                <div class=\"learnNavigationContent\">\r\n                    <img decoding=\"async\" src=\"https:\/\/talkpal.ai\/wp-content\/uploads\/2024\/08\/Japanese.jpg\" alt=\"Japanese Flag\">\r\n                    <div>\r\n                        <h4>T\u1eeb v\u1ef1ng ti\u1ebfng Nh\u1eadt<\/h4>\r\n                        <p>M\u1edf r\u1ed9ng v\u1ed1n t\u1eeb v\u1ef1ng ti\u1ebfng Nh\u1eadt c\u1ee7a b\u1ea1n.<\/p>\r\n                    <\/div>\r\n                <\/div>\r\n            <\/div>\r\n        <\/a>\r\n\r\n            <\/section>","protected":false},"excerpt":{"rendered":"<p>N\u1eafm v\u1eefng s\u1ef1 ph\u1ee9c t\u1ea1p c\u1ee7a ng\u1eef ph\u00e1p ti\u1ebfng Nh\u1eadt Nh\u1eefng ng\u01b0\u1eddi \u0111am m\u00ea ng\u00f4n ng\u1eef th\u01b0\u1eddng th\u1ea5y ti\u1ebfng Nh\u1eadt l\u00e0 m\u1ed9t ng\u00f4n ng\u1eef h\u1ea5p d\u1eabn v\u00e0 \u0111\u1ea7y th\u1eed th\u00e1ch \u0111\u1ec3 h\u1ecdc, ph\u1ea7n l\u1edbn l\u00e0 do h\u1ec7 th\u1ed1ng ng\u1eef ph\u00e1p \u0111\u1ed9c \u0111\u00e1o c\u1ee7a n\u00f3. M\u1eb7c d\u00f9 v\u1eady, hi\u1ec3u ng\u1eef ph\u00e1p ti\u1ebfng Nh\u1eadt c\u00f3 th\u1ec3 c\u1ea3i [&hellip;]<\/p>\n","protected":false},"author":1,"featured_media":1441025,"parent":0,"menu_order":0,"comment_status":"closed","ping_status":"closed","template":"LearningContentPage.php","meta":{"_acf_changed":false,"footnotes":""},"class_list":["post-1442288","page","type-page","status-publish","has-post-thumbnail","hentry"],"acf":[],"yoast_head":"<!-- This site is optimized with the Yoast SEO Premium plugin v27.2 (Yoast SEO v27.2) - https:\/\/yoast.com\/product\/yoast-seo-premium-wordpress\/ -->\n<title>Ng\u1eef ph\u00e1p ti\u1ebfng Nh\u1eadt - Talkpal<\/title>\n<meta name=\"description\" content=\"N\u1eafm v\u1eefng ng\u1eef ph\u00e1p ti\u1ebfng Nh\u1eadt v\u1edbi \u1ee9ng d\u1ee5ng h\u1ecdc ng\u00f4n ng\u1eef AI c\u1ee7a ch\u00fang t\u00f4i. N\u00e2ng cao k\u1ef9 n\u0103ng ng\u00f4n ng\u1eef c\u1ee7a b\u1ea1n m\u1ed9t c\u00e1ch d\u1ec5 d\u00e0ng th\u00f4ng qua h\u1ed7 tr\u1ee3 AI c\u1ee7a TalkPal.\" \/>\n<meta name=\"robots\" content=\"index, follow, max-snippet:-1, max-image-preview:large, max-video-preview:-1\" \/>\n<link rel=\"canonical\" href=\"https:\/\/talkpal.ai\/vi\/ngu-phap-tieng-nhat\/\" \/>\n<meta property=\"og:locale\" content=\"vi_VN\" \/>\n<meta property=\"og:type\" content=\"article\" \/>\n<meta property=\"og:title\" content=\"Ng\u1eef ph\u00e1p ti\u1ebfng Nh\u1eadt\" \/>\n<meta property=\"og:description\" content=\"N\u1eafm v\u1eefng s\u1ef1 ph\u1ee9c t\u1ea1p c\u1ee7a ng\u1eef ph\u00e1p ti\u1ebfng Nh\u1eadt Nh\u1eefng ng\u01b0\u1eddi \u0111am m\u00ea ng\u00f4n ng\u1eef th\u01b0\u1eddng th\u1ea5y ti\u1ebfng Nh\u1eadt l\u00e0 m\u1ed9t ng\u00f4n ng\u1eef h\u1ea5p d\u1eabn v\u00e0 \u0111\u1ea7y th\u1eed th\u00e1ch \u0111\u1ec3 h\u1ecdc, ph\u1ea7n l\u1edbn\" \/>\n<meta property=\"og:url\" content=\"https:\/\/talkpal.ai\/vi\/ngu-phap-tieng-nhat\/\" \/>\n<meta property=\"og:site_name\" content=\"Talkpal\" \/>\n<meta property=\"article:publisher\" content=\"https:\/\/www.facebook.com\/profile.php?id=100090733639311\" \/>\n<meta property=\"article:modified_time\" content=\"2025-12-11T16:42:26+00:00\" \/>\n<meta property=\"og:image\" content=\"https:\/\/talkpal.ai\/wp-content\/uploads\/2023\/04\/japan.png\" \/>\n\t<meta property=\"og:image:width\" content=\"512\" \/>\n\t<meta property=\"og:image:height\" content=\"512\" \/>\n\t<meta property=\"og:image:type\" content=\"image\/png\" \/>\n<meta name=\"twitter:card\" content=\"summary_large_image\" \/>\n<meta name=\"twitter:site\" content=\"@talkpalai\" \/>\n<meta name=\"twitter:label1\" content=\"Est. reading time\" \/>\n\t<meta name=\"twitter:data1\" content=\"5 minutes\" \/>\n<script type=\"application\/ld+json\" class=\"yoast-schema-graph\">{\"@context\":\"https:\/\/schema.org\",\"@graph\":[{\"@type\":\"WebPage\",\"@id\":\"https:\/\/talkpal.ai\/vi\/ngu-phap-tieng-nhat\/\",\"url\":\"https:\/\/talkpal.ai\/vi\/ngu-phap-tieng-nhat\/\",\"name\":\"Ng\u1eef ph\u00e1p ti\u1ebfng Nh\u1eadt - Talkpal\",\"isPartOf\":{\"@id\":\"https:\/\/talkpal.ai\/vi\/#website\"},\"primaryImageOfPage\":{\"@id\":\"https:\/\/talkpal.ai\/vi\/ngu-phap-tieng-nhat\/#primaryimage\"},\"image\":{\"@id\":\"https:\/\/talkpal.ai\/vi\/ngu-phap-tieng-nhat\/#primaryimage\"},\"thumbnailUrl\":\"https:\/\/talkpal.ai\/wp-content\/uploads\/2023\/04\/japan.png\",\"datePublished\":\"2023-05-14T13:51:09+00:00\",\"dateModified\":\"2025-12-11T16:42:26+00:00\",\"description\":\"N\u1eafm v\u1eefng ng\u1eef ph\u00e1p ti\u1ebfng Nh\u1eadt v\u1edbi \u1ee9ng d\u1ee5ng h\u1ecdc ng\u00f4n ng\u1eef AI c\u1ee7a ch\u00fang t\u00f4i. N\u00e2ng cao k\u1ef9 n\u0103ng ng\u00f4n ng\u1eef c\u1ee7a b\u1ea1n m\u1ed9t c\u00e1ch d\u1ec5 d\u00e0ng th\u00f4ng qua h\u1ed7 tr\u1ee3 AI c\u1ee7a TalkPal.\",\"breadcrumb\":{\"@id\":\"https:\/\/talkpal.ai\/vi\/ngu-phap-tieng-nhat\/#breadcrumb\"},\"inLanguage\":\"vi-VN\",\"potentialAction\":[{\"@type\":\"ReadAction\",\"target\":[\"https:\/\/talkpal.ai\/vi\/ngu-phap-tieng-nhat\/\"]}]},{\"@type\":\"ImageObject\",\"inLanguage\":\"vi-VN\",\"@id\":\"https:\/\/talkpal.ai\/vi\/ngu-phap-tieng-nhat\/#primaryimage\",\"url\":\"https:\/\/talkpal.ai\/wp-content\/uploads\/2023\/04\/japan.png\",\"contentUrl\":\"https:\/\/talkpal.ai\/wp-content\/uploads\/2023\/04\/japan.png\",\"width\":512,\"height\":512,\"caption\":\"TalkPal Catalan Flag\"},{\"@type\":\"BreadcrumbList\",\"@id\":\"https:\/\/talkpal.ai\/vi\/ngu-phap-tieng-nhat\/#breadcrumb\",\"itemListElement\":[{\"@type\":\"ListItem\",\"position\":1,\"name\":\"Homepage\",\"item\":\"https:\/\/talkpal.ai\/vi\/giao-vien-ngon-ngu-ai-3\/\"},{\"@type\":\"ListItem\",\"position\":2,\"name\":\"Ng\u1eef ph\u00e1p ti\u1ebfng Nh\u1eadt\"}]},{\"@type\":\"WebSite\",\"@id\":\"https:\/\/talkpal.ai\/vi\/#website\",\"url\":\"https:\/\/talkpal.ai\/vi\/\",\"name\":\"Talkpal\",\"description\":\"AI Language Learning\",\"publisher\":{\"@id\":\"https:\/\/talkpal.ai\/vi\/#organization\"},\"alternateName\":\"Talkpal AI\",\"potentialAction\":[{\"@type\":\"SearchAction\",\"target\":{\"@type\":\"EntryPoint\",\"urlTemplate\":\"https:\/\/talkpal.ai\/vi\/?s={search_term_string}\"},\"query-input\":{\"@type\":\"PropertyValueSpecification\",\"valueRequired\":true,\"valueName\":\"search_term_string\"}}],\"inLanguage\":\"vi-VN\"},{\"@type\":\"Organization\",\"@id\":\"https:\/\/talkpal.ai\/vi\/#organization\",\"name\":\"Talkpal, Inc.\",\"alternateName\":\"Talkpal AI\",\"url\":\"https:\/\/talkpal.ai\/vi\/\",\"logo\":{\"@type\":\"ImageObject\",\"inLanguage\":\"vi-VN\",\"@id\":\"https:\/\/talkpal.ai\/vi\/#\/schema\/logo\/image\/\",\"url\":\"https:\/\/talkpal.ai\/wp-content\/uploads\/2024\/03\/Talkpal-Logo-Icon.png\",\"contentUrl\":\"https:\/\/talkpal.ai\/wp-content\/uploads\/2024\/03\/Talkpal-Logo-Icon.png\",\"width\":2880,\"height\":2880,\"caption\":\"Talkpal, Inc.\"},\"image\":{\"@id\":\"https:\/\/talkpal.ai\/vi\/#\/schema\/logo\/image\/\"},\"sameAs\":[\"https:\/\/www.facebook.com\/profile.php?id=100090733639311\",\"https:\/\/x.com\/talkpalai\",\"https:\/\/www.linkedin.com\/company\/talkpal\/\",\"https:\/\/www.youtube.com\/@TalkPal\/\",\"https:\/\/www.tiktok.com\/@talkpal\",\"https:\/\/www.instagram.com\/talkpal_ai\/\",\"https:\/\/www.crunchbase.com\/organization\/talkpal-9cde\",\"https:\/\/www.g2.com\/products\/talkpal-for-business\/\",\"https:\/\/www.trustpilot.com\/review\/talkpal.ai\",\"https:\/\/www.capterra.com\/p\/10006800\/TalkPal\/\"],\"description\":\"Talkpal is a language learning web and mobile education app, powered by the latest AI technologies, that provides engaging experiences to its customers in many different languages to help them improve their language skills. Users can chat about unlimited amount of topics with the app and use other modes to practice their language learning.\",\"email\":\"support@talkpal.ai\",\"legalName\":\"Talkpal, Inc.\",\"foundingDate\":\"2023-04-03\",\"duns\":\"118989042\",\"numberOfEmployees\":{\"@type\":\"QuantitativeValue\",\"minValue\":\"11\",\"maxValue\":\"50\"},\"publishingPrinciples\":\"https:\/\/talkpal.ai\/publishing-principles\/\",\"actionableFeedbackPolicy\":\"https:\/\/talkpal.ai\/actionable-feedback-policy\/\",\"correctionsPolicy\":\"https:\/\/talkpal.ai\/corrections-policy\/\",\"ethicsPolicy\":\"https:\/\/talkpal.ai\/ethics-policy\/\",\"diversityPolicy\":\"https:\/\/talkpal.ai\/diversity-policy\/\",\"diversityStaffingReport\":\"https:\/\/talkpal.ai\/diversity-policy\/\"}]}<\/script>\n<!-- \/ Yoast SEO Premium plugin. -->","yoast_head_json":{"title":"Ng\u1eef ph\u00e1p ti\u1ebfng Nh\u1eadt - Talkpal","description":"N\u1eafm v\u1eefng ng\u1eef ph\u00e1p ti\u1ebfng Nh\u1eadt v\u1edbi \u1ee9ng d\u1ee5ng h\u1ecdc ng\u00f4n ng\u1eef AI c\u1ee7a ch\u00fang t\u00f4i. N\u00e2ng cao k\u1ef9 n\u0103ng ng\u00f4n ng\u1eef c\u1ee7a b\u1ea1n m\u1ed9t c\u00e1ch d\u1ec5 d\u00e0ng th\u00f4ng qua h\u1ed7 tr\u1ee3 AI c\u1ee7a TalkPal.","robots":{"index":"index","follow":"follow","max-snippet":"max-snippet:-1","max-image-preview":"max-image-preview:large","max-video-preview":"max-video-preview:-1"},"canonical":"https:\/\/talkpal.ai\/vi\/ngu-phap-tieng-nhat\/","og_locale":"vi_VN","og_type":"article","og_title":"Ng\u1eef ph\u00e1p ti\u1ebfng Nh\u1eadt","og_description":"N\u1eafm v\u1eefng s\u1ef1 ph\u1ee9c t\u1ea1p c\u1ee7a ng\u1eef ph\u00e1p ti\u1ebfng Nh\u1eadt Nh\u1eefng ng\u01b0\u1eddi \u0111am m\u00ea ng\u00f4n ng\u1eef th\u01b0\u1eddng th\u1ea5y ti\u1ebfng Nh\u1eadt l\u00e0 m\u1ed9t ng\u00f4n ng\u1eef h\u1ea5p d\u1eabn v\u00e0 \u0111\u1ea7y th\u1eed th\u00e1ch \u0111\u1ec3 h\u1ecdc, ph\u1ea7n l\u1edbn","og_url":"https:\/\/talkpal.ai\/vi\/ngu-phap-tieng-nhat\/","og_site_name":"Talkpal","article_publisher":"https:\/\/www.facebook.com\/profile.php?id=100090733639311","article_modified_time":"2025-12-11T16:42:26+00:00","og_image":[{"width":512,"height":512,"url":"https:\/\/talkpal.ai\/wp-content\/uploads\/2023\/04\/japan.png","type":"image\/png"}],"twitter_card":"summary_large_image","twitter_site":"@talkpalai","twitter_misc":{"Est. reading time":"5 minutes"},"schema":{"@context":"https:\/\/schema.org","@graph":[{"@type":"WebPage","@id":"https:\/\/talkpal.ai\/vi\/ngu-phap-tieng-nhat\/","url":"https:\/\/talkpal.ai\/vi\/ngu-phap-tieng-nhat\/","name":"Ng\u1eef ph\u00e1p ti\u1ebfng Nh\u1eadt - Talkpal","isPartOf":{"@id":"https:\/\/talkpal.ai\/vi\/#website"},"primaryImageOfPage":{"@id":"https:\/\/talkpal.ai\/vi\/ngu-phap-tieng-nhat\/#primaryimage"},"image":{"@id":"https:\/\/talkpal.ai\/vi\/ngu-phap-tieng-nhat\/#primaryimage"},"thumbnailUrl":"https:\/\/talkpal.ai\/wp-content\/uploads\/2023\/04\/japan.png","datePublished":"2023-05-14T13:51:09+00:00","dateModified":"2025-12-11T16:42:26+00:00","description":"N\u1eafm v\u1eefng ng\u1eef ph\u00e1p ti\u1ebfng Nh\u1eadt v\u1edbi \u1ee9ng d\u1ee5ng h\u1ecdc ng\u00f4n ng\u1eef AI c\u1ee7a ch\u00fang t\u00f4i. N\u00e2ng cao k\u1ef9 n\u0103ng ng\u00f4n ng\u1eef c\u1ee7a b\u1ea1n m\u1ed9t c\u00e1ch d\u1ec5 d\u00e0ng th\u00f4ng qua h\u1ed7 tr\u1ee3 AI c\u1ee7a TalkPal.","breadcrumb":{"@id":"https:\/\/talkpal.ai\/vi\/ngu-phap-tieng-nhat\/#breadcrumb"},"inLanguage":"vi-VN","potentialAction":[{"@type":"ReadAction","target":["https:\/\/talkpal.ai\/vi\/ngu-phap-tieng-nhat\/"]}]},{"@type":"ImageObject","inLanguage":"vi-VN","@id":"https:\/\/talkpal.ai\/vi\/ngu-phap-tieng-nhat\/#primaryimage","url":"https:\/\/talkpal.ai\/wp-content\/uploads\/2023\/04\/japan.png","contentUrl":"https:\/\/talkpal.ai\/wp-content\/uploads\/2023\/04\/japan.png","width":512,"height":512,"caption":"TalkPal Catalan Flag"},{"@type":"BreadcrumbList","@id":"https:\/\/talkpal.ai\/vi\/ngu-phap-tieng-nhat\/#breadcrumb","itemListElement":[{"@type":"ListItem","position":1,"name":"Homepage","item":"https:\/\/talkpal.ai\/vi\/giao-vien-ngon-ngu-ai-3\/"},{"@type":"ListItem","position":2,"name":"Ng\u1eef ph\u00e1p ti\u1ebfng Nh\u1eadt"}]},{"@type":"WebSite","@id":"https:\/\/talkpal.ai\/vi\/#website","url":"https:\/\/talkpal.ai\/vi\/","name":"Talkpal","description":"AI Language Learning","publisher":{"@id":"https:\/\/talkpal.ai\/vi\/#organization"},"alternateName":"Talkpal AI","potentialAction":[{"@type":"SearchAction","target":{"@type":"EntryPoint","urlTemplate":"https:\/\/talkpal.ai\/vi\/?s={search_term_string}"},"query-input":{"@type":"PropertyValueSpecification","valueRequired":true,"valueName":"search_term_string"}}],"inLanguage":"vi-VN"},{"@type":"Organization","@id":"https:\/\/talkpal.ai\/vi\/#organization","name":"Talkpal, Inc.","alternateName":"Talkpal AI","url":"https:\/\/talkpal.ai\/vi\/","logo":{"@type":"ImageObject","inLanguage":"vi-VN","@id":"https:\/\/talkpal.ai\/vi\/#\/schema\/logo\/image\/","url":"https:\/\/talkpal.ai\/wp-content\/uploads\/2024\/03\/Talkpal-Logo-Icon.png","contentUrl":"https:\/\/talkpal.ai\/wp-content\/uploads\/2024\/03\/Talkpal-Logo-Icon.png","width":2880,"height":2880,"caption":"Talkpal, Inc."},"image":{"@id":"https:\/\/talkpal.ai\/vi\/#\/schema\/logo\/image\/"},"sameAs":["https:\/\/www.facebook.com\/profile.php?id=100090733639311","https:\/\/x.com\/talkpalai","https:\/\/www.linkedin.com\/company\/talkpal\/","https:\/\/www.youtube.com\/@TalkPal\/","https:\/\/www.tiktok.com\/@talkpal","https:\/\/www.instagram.com\/talkpal_ai\/","https:\/\/www.crunchbase.com\/organization\/talkpal-9cde","https:\/\/www.g2.com\/products\/talkpal-for-business\/","https:\/\/www.trustpilot.com\/review\/talkpal.ai","https:\/\/www.capterra.com\/p\/10006800\/TalkPal\/"],"description":"Talkpal is a language learning web and mobile education app, powered by the latest AI technologies, that provides engaging experiences to its customers in many different languages to help them improve their language skills. Users can chat about unlimited amount of topics with the app and use other modes to practice their language learning.","email":"support@talkpal.ai","legalName":"Talkpal, Inc.","foundingDate":"2023-04-03","duns":"118989042","numberOfEmployees":{"@type":"QuantitativeValue","minValue":"11","maxValue":"50"},"publishingPrinciples":"https:\/\/talkpal.ai\/publishing-principles\/","actionableFeedbackPolicy":"https:\/\/talkpal.ai\/actionable-feedback-policy\/","correctionsPolicy":"https:\/\/talkpal.ai\/corrections-policy\/","ethicsPolicy":"https:\/\/talkpal.ai\/ethics-policy\/","diversityPolicy":"https:\/\/talkpal.ai\/diversity-policy\/","diversityStaffingReport":"https:\/\/talkpal.ai\/diversity-policy\/"}]}},"_links":{"self":[{"href":"https:\/\/talkpal.ai\/vi\/wp-json\/wp\/v2\/pages\/1442288","targetHints":{"allow":["GET"]}}],"collection":[{"href":"https:\/\/talkpal.ai\/vi\/wp-json\/wp\/v2\/pages"}],"about":[{"href":"https:\/\/talkpal.ai\/vi\/wp-json\/wp\/v2\/types\/page"}],"author":[{"embeddable":true,"href":"https:\/\/talkpal.ai\/vi\/wp-json\/wp\/v2\/users\/1"}],"replies":[{"embeddable":true,"href":"https:\/\/talkpal.ai\/vi\/wp-json\/wp\/v2\/comments?post=1442288"}],"version-history":[{"count":0,"href":"https:\/\/talkpal.ai\/vi\/wp-json\/wp\/v2\/pages\/1442288\/revisions"}],"wp:featuredmedia":[{"embeddable":true,"href":"https:\/\/talkpal.ai\/vi\/wp-json\/wp\/v2\/media\/1441025"}],"wp:attachment":[{"href":"https:\/\/talkpal.ai\/vi\/wp-json\/wp\/v2\/media?parent=1442288"}],"curies":[{"name":"wp","href":"https:\/\/api.w.org\/{rel}","templated":true}]}}