{"id":1442284,"date":"2023-05-14T13:49:38","date_gmt":"2023-05-14T13:49:38","guid":{"rendered":"https:\/\/talkpal.ai\/ngu-phap-tieng-ha-lan\/"},"modified":"2025-12-11T17:02:11","modified_gmt":"2025-12-11T17:02:11","slug":"ngu-phap-tieng-ha-lan","status":"publish","type":"page","link":"https:\/\/talkpal.ai\/vi\/ngu-phap-tieng-ha-lan\/","title":{"rendered":"Ng\u1eef ph\u00e1p ti\u1ebfng H\u00e0 Lan"},"content":{"rendered":"\r\n\r\n\r\n<section class=\"languageChallengeSection\">\r\n    <div class=\"languageInfoWrapper\">\r\n        \r\n        <h1>Ng\u1eef ph\u00e1p ti\u1ebfng H\u00e0 Lan<\/h1>\r\n        <p>Kh\u00e1m ph\u00e1 n\u1ec1n t\u1ea3ng c\u1ee7a <a href=\"https:\/\/talkpal.ai\/vi\/hoc-ngon-ngu-cho-cac-truong-ngon-ngu\/\">ng\u00f4n ng\u1eef<\/a> H\u00e0 Lan b\u1eb1ng c\u00e1ch t\u00ecm hi\u1ec3u c\u00e1c quy t\u1eafc <a href=\"https:\/\/talkpal.ai\/vi\/ngu-phap\/\">ng\u1eef ph\u00e1p<\/a> thi\u1ebft y\u1ebfu c\u1ee7a n\u00f3. N\u1eafm v\u1eefng <a href=\"https:\/\/talkpal.ai\/dutch-grammar\/\">ng\u1eef ph\u00e1p ti\u1ebfng H\u00e0 Lan<\/a> s\u1ebd gi\u00fap b\u1ea1n giao ti\u1ebfp hi\u1ec7u qu\u1ea3 v\u00e0 hi\u1ec3u s\u00e2u h\u01a1n <a href=\"https:\/\/talkpal.ai\/vi\/ve\/\">v\u1ec1<\/a> v\u0103n h\u00f3a H\u00e0 Lan. B\u1eaft \u0111\u1ea7u h\u1ecdc ng\u1eef ph\u00e1p <a href=\"https:\/\/talkpal.ai\/learn-dutch\/\">ti\u1ebfng H\u00e0 Lan<\/a> ngay h\u00f4m nay v\u00e0 th\u1ef1c hi\u1ec7n b\u01b0\u1edbc \u0111\u1ea7u ti\u00ean c\u1ee7a b\u1ea1n \u0111\u1ec3 tr\u1edf n\u00ean tr\u00f4i ch\u1ea3y!\n<\/p>\r\n\r\n                            <a class=\"getStartedHidden\" href=\"https:\/\/app.talkpal.ai\/vi\/signup?lng=\">B\u1eaft \u0111\u1ea7u nh\u00e9<\/a>\r\n        \r\n    <\/div>\r\n\r\n    <figure>\r\n    <img decoding=\"async\" width=\"768\" height=\"768\" src=\"https:\/\/talkpal.ai\/wp-content\/uploads\/2023\/06\/Dutch-768x768.png\" class=\"languageImage no-lazy\" alt=\"Developing skills through language learning\" fetchpriority=\"high\" sizes=\"(max-width: 768px) 150px, 768px\" srcset=\"https:\/\/talkpal.ai\/wp-content\/uploads\/2023\/06\/Dutch-768x768.png 768w, https:\/\/talkpal.ai\/wp-content\/uploads\/2023\/06\/Dutch-300x300.png 300w\" \/>\r\n    \r\n\r\n    <\/figure>\r\n\r\n            <a class=\"getStartedVisible\" href=\"https:\/\/app.talkpal.ai\/vi\/signup?lng=\">B\u1eaft \u0111\u1ea7u nh\u00e9<\/a>\r\n    \r\n<\/section>\r\n<section class=\"promotionalBanner\">\r\n    <p class=\"promotionalText\">C\u00e1ch hi\u1ec7u qu\u1ea3 nh\u1ea5t \u0111\u1ec3 h\u1ecdc m\u1ed9t ng\u00f4n ng\u1eef<\/p>\r\n    <a class=\"promotionalLink\" href=\"https:\/\/app.talkpal.ai\/vi\/signup?lng=\">D\u00f9ng th\u1eed Talkpal mi\u1ec5n ph\u00ed<\/a>\r\n<\/section>\n<div class=\"wp-block-group pageContainerStyle\"><div class=\"wp-block-group__inner-container is-layout-constrained wp-block-group-is-layout-constrained\">\n<h2 class=\"wp-block-heading\" id=\"h-dutch-grammar-master-the-mechanics-of-the-dutch-language\">Ng\u1eef ph\u00e1p ti\u1ebfng H\u00e0 Lan: N\u1eafm v\u1eefng c\u01a1 ch\u1ebf c\u1ee7a ng\u00f4n ng\u1eef H\u00e0 Lan<\/h2>\n\n\n\n<p>N\u1ebfu b\u1ea1n \u0111\u00e3 th\u1ef1c hi\u1ec7n b\u01b0\u1edbc nh\u1ea3y v\u1ecdt \u0111\u1ec3 <a href=\"https:\/\/talkpal.ai\/learn-dutch\/\">h\u1ecdc ti\u1ebfng H\u00e0 Lan<\/a>, b\u1ea1n s\u1ebd c\u00f3 m\u1ed9t chuy\u1ebfn \u0111i th\u00fa v\u1ecb! V\u1edbi h\u01a1n 23 tri\u1ec7u ng\u01b0\u1eddi n\u00f3i tr\u00ean to\u00e0n th\u1ebf gi\u1edbi, ti\u1ebfng H\u00e0 Lan l\u00e0 m\u1ed9t ng\u00f4n ng\u1eef tuy\u1ec7t v\u1eddi \u0111\u1ec3 t\u0103ng c\u01b0\u1eddng n\u0103ng l\u1ef1c ng\u00f4n ng\u1eef v\u00e0 m\u1edf r\u1ed9ng t\u1ea7m nh\u00ecn c\u1ee7a b\u1ea1n. B\u00e2y gi\u1edd, b\u1ea1n c\u00f3 th\u1ec3 \u0111\u00e3 nghe nh\u1eefng l\u1eddi th\u00ec th\u1ea7m v\u1ec1 s\u1ef1 ph\u1ee9c t\u1ea1p c\u1ee7a <a href=\"https:\/\/talkpal.ai\/dutch-grammar\/\">ng\u1eef ph\u00e1p ti\u1ebfng H\u00e0 Lan<\/a>, nh\u01b0ng \u0111\u1eebng s\u1ee3! B\u00e0i vi\u1ebft n\u00e0y \u0111\u00f3ng vai tr\u00f2 nh\u01b0 m\u1ed9t h\u01b0\u1edbng d\u1eabn th\u00e2n thi\u1ec7n cho ng\u01b0\u1eddi m\u1edbi b\u1eaft \u0111\u1ea7u s\u1ebd ph\u00e2n t\u00edch <a href=\"https:\/\/talkpal.ai\/vi\/ngu-phap-tieng-nga\/\">ng\u1eef ph\u00e1p ti\u1ebfng<\/a> H\u00e0 Lan m\u1ed9t c\u00e1ch th\u00fa v\u1ecb nh\u01b0ng to\u00e0n di\u1ec7n.<\/p>\n\n\n\n<h3 class=\"wp-block-heading\" id=\"h-1-the-pillar-of-dutch-grammar-word-order\">1. Tr\u1ee5 c\u1ed9t c\u1ee7a ng\u1eef ph\u00e1p ti\u1ebfng H\u00e0 Lan: tr\u1eadt t\u1ef1 t\u1eeb<\/h3>\n\n\n\n<p>Ng\u1eef ph\u00e1p ti\u1ebfng H\u00e0 Lan ph\u1ee5 thu\u1ed9c r\u1ea5t nhi\u1ec1u v\u00e0o tr\u1eadt t\u1ef1 t\u1eeb. N\u00f3i chung, n\u00f3 tu\u00e2n theo c\u1ea5u tr\u00fac &#8220;ch\u1ee7 ng\u1eef-\u0111\u1ed9ng t\u1eeb-t\u00e2n ng\u1eef&#8221; t\u01b0\u01a1ng t\u1ef1 nh\u01b0 ti\u1ebfng Anh. Tuy nhi\u00ean, ti\u1ebfng H\u00e0 Lan c\u00f3 m\u1ed9t \u0111\u1eb7c \u0111i\u1ec3m \u0111\u1ed9c \u0111\u00e1o: tr\u1eadt t\u1ef1 t\u1eeb Verb Second (V2). Trong m\u1ed9t c\u00e2u c\u00f3 nhi\u1ec1u h\u01a1n m\u1ed9t \u0111\u1ed9ng t\u1eeb, \u0111\u1ed9ng t\u1eeb th\u1ee9 hai b\u1ecb \u0111\u1ea9y \u0111\u1ebfn cu\u1ed1i. Ch\u1eb3ng h\u1ea1n:<\/p>\n\n\n\n<p>Ti\u1ebfng Anh: H\u00f4m nay t\u00f4i ph\u1ea3i l\u00e0m vi\u1ec7c.<\/p>\n\n\n\n<p>Ti\u1ebfng H\u00e0 Lan: Ik moet vandaag werken. (ngh\u0129a \u0111en: &#8220;H\u00f4m nay t\u00f4i ph\u1ea3i l\u00e0m vi\u1ec7c.&#8221;)<\/p>\n\n\n\n<p>N\u1eafm v\u1eefng tr\u1eadt t\u1ef1 t\u1eeb V2 l\u00e0 \u0111i\u1ec1u c\u1ea7n thi\u1ebft khi h\u1ecdc ng\u1eef ph\u00e1p ti\u1ebfng H\u00e0 Lan.<\/p>\n\n\n\n<h3 class=\"wp-block-heading\" id=\"h-2-get-to-know-your-articles\">2. T\u00ecm hi\u1ec3u c\u00e1c b\u00e0i vi\u1ebft c\u1ee7a b\u1ea1n<\/h3>\n\n\n\n<p>Ti\u1ebfng H\u00e0 Lan c\u00f3 hai m\u1ea1o t\u1eeb x\u00e1c \u0111\u1ecbnh (&#8220;de&#8221; v\u00e0 &#8220;het&#8221;), v\u00e0 m\u1ed9t m\u1ea1o t\u1eeb kh\u00f4ng x\u00e1c \u0111\u1ecbnh (&#8220;een&#8221;). L\u1ef1a ch\u1ecdn gi\u1eefa hai m\u1ea1o t\u1eeb x\u00e1c \u0111\u1ecbnh c\u00f3 th\u1ec3 kh\u00f3 kh\u0103n, kh\u00f4ng c\u00f3 quy t\u1eafc x\u00e1c \u0111\u1ecbnh n\u00e0o \u0111\u1ec3 tu\u00e2n theo. L\u00e0 ng\u01b0\u1eddi m\u1edbi b\u1eaft \u0111\u1ea7u, c\u00e1ch t\u1ed1t nh\u1ea5t \u0111\u1ec3 t\u00ecm hi\u1ec3u ch\u00fang l\u00e0 th\u00f4ng qua th\u1ef1c h\u00e0nh v\u00e0 b\u1ed1i c\u1ea3nh. Ch\u1eb3ng h\u1ea1n:<\/p>\n\n\n\n<p>De man \u2013 Ng\u01b0\u1eddi \u0111\u00e0n \u00f4ng<\/p>\n\n\n\n<p>Het meisje \u2013 C\u00f4 g\u00e1i<\/p>\n\n\n\n<p>Een hond \u2013 M\u1ed9t<\/p>\n\n\n\n<h3 class=\"wp-block-heading\" id=\"h-3-the-dance-of-dutch-conjugations\">3. \u0110i\u1ec7u nh\u1ea3y chia \u0111\u1ed9ng t\u1eeb H\u00e0 Lan<\/h3>\n\n\n\n<p>Gi\u1ed1ng nh\u01b0 ti\u1ebfng Anh, \u0111\u1ed9ng t\u1eeb ti\u1ebfng H\u00e0 Lan thay \u0111\u1ed5i h\u00ecnh th\u1ee9c \u0111\u1ec3 truy\u1ec1n \u0111\u1ea1t th\u00ec v\u00e0 t\u00e2m tr\u1ea1ng. Trong ti\u1ebfng H\u00e0 Lan, c\u00f3 ba nh\u00f3m chia \u0111\u1ed9ng t\u1eeb ch\u00ednh: \u0111\u1ed9ng t\u1eeb y\u1ebfu, \u0111\u1ed9ng t\u1eeb m\u1ea1nh v\u00e0 \u0111\u1ed9ng t\u1eeb b\u1ea5t quy t\u1eafc.<\/p>\n\n\n\n<p>\u0110\u1ed9ng t\u1eeb y\u1ebfu tu\u00e2n theo c\u00e1c quy t\u1eafc chia \u0111\u1ed9ng t\u1eeb \u0111\u00e3 \u0111\u1ecbnh, l\u00e0m cho ch\u00fang kh\u00e1 d\u1ec5 h\u1ecdc.  <\/p>\n\n\n\n<p>V\u00ed d\u1ee5 (th\u00ec hi\u1ec7n t\u1ea1i): Ik werk, jij werkt, hij\/zij\/u werkt, wij\/jullie\/zij werken<\/p>\n\n\n\n<p>\u0110\u1ed9ng t\u1eeb m\u1ea1nh li\u00ean quan \u0111\u1ebfn s\u1ef1 thay \u0111\u1ed5i nguy\u00ean \u00e2m, th\u01b0\u1eddng khi\u1ebfn ng\u01b0\u1eddi h\u1ecdc ghi nh\u1edb ch\u00fang ri\u00eang l\u1ebb.<\/p>\n\n\n\n<p>V\u00ed d\u1ee5 (th\u00ec hi\u1ec7n t\u1ea1i): Ik zing, jij zingt, hij\/zij\/u zingt, wij\/jullie\/zij zingen<\/p>\n\n\n\n<p>C\u00e1c \u0111\u1ed9ng t\u1eeb b\u1ea5t quy t\u1eafc, nh\u01b0 t\u00ean g\u1ecdi c\u1ee7a ch\u00fang, kh\u00f4ng tu\u00e2n theo b\u1ea5t k\u1ef3 m\u1eabu chia \u0111\u1ed9ng t\u1eeb n\u00e0o v\u00e0 ph\u1ea3i \u0111\u01b0\u1ee3c h\u1ecdc m\u1ed9t c\u00e1ch \u0111\u1ed9c l\u1eadp.<\/p>\n\n\n\n<p>V\u00ed d\u1ee5 (Th\u00ec hi\u1ec7n t\u1ea1i): Ik ben, jij bent, hij\/zij\/u is, wij\/jullie\/zij zijn<\/p>\n\n\n\n<h3 class=\"wp-block-heading\" id=\"h-4-a-flair-for-pronouns\">4. S\u1ef1 tinh t\u1ebf cho \u0111\u1ea1i t\u1eeb<\/h3>\n\n\n\n<p>\u0110\u1ea1i t\u1eeb trong ng\u1eef ph\u00e1p ti\u1ebfng H\u00e0 Lan thay th\u1ebf danh t\u1eeb v\u00e0 r\u1ea5t c\u1ea7n thi\u1ebft \u0111\u1ec3 l\u00e0m cho b\u00e0i ph\u00e1t bi\u1ec3u c\u1ee7a b\u1ea1n tr\u1edf n\u00ean n\u0103ng \u0111\u1ed9ng v\u00e0 tr\u00f4i ch\u1ea3y h\u01a1n. C\u00f3 \u0111\u1ea1i t\u1eeb nh\u00e2n x\u01b0ng, \u0111\u1ea1i t\u1eeb s\u1edf h\u1eefu, \u0111\u1ea1i t\u1eeb bi\u1ec3u th\u1ecb v\u00e0 \u0111\u1ea1i t\u1eeb ph\u1ea3n x\u1ea1. L\u00e0 ng\u01b0\u1eddi m\u1edbi b\u1eaft \u0111\u1ea7u, hi\u1ec3u \u0111\u1ea1i t\u1eeb c\u00e1 nh\u00e2n v\u00e0 s\u1edf h\u1eefu l\u00e0 r\u1ea5t quan tr\u1ecdng.<\/p>\n\n\n\n<p>\u0110\u1ea1i t\u1eeb nh\u00e2n x\u01b0ng: ik (I), jij\/je (b\u1ea1n), hij\/zij\/ze (anh \u1ea5y\/c\u00f4 \u1ea5y), wij\/we (ch\u00fang t\u00f4i), jullie (t\u1ea5t c\u1ea3 c\u00e1c b\u1ea1n), zij\/ze (h\u1ecd)<\/p>\n\n\n\n<p>\u0110\u1ea1i t\u1eeb s\u1edf h\u1eefu: mijn (my), jouw\/je (ur), zijn\/haar (his\/her), ons\/onze (our), jullie (ur), hun\/hen (their)<\/p>\n\n\n\n<h3 class=\"wp-block-heading\" id=\"h-5-cases-no-more-mostly\">5. C\u00e1c tr\u01b0\u1eddng h\u1ee3p kh\u00f4ng c\u00f2n (h\u1ea7u h\u1ebft)<\/h3>\n\n\n\n<p>Kh\u00f4ng gi\u1ed1ng nh\u01b0 ti\u1ebfng \u0110\u1ee9c, ti\u1ebfng H\u00e0 Lan kh\u00f4ng c\u00f2n s\u1eed d\u1ee5ng h\u1ec7 th\u1ed1ng tr\u01b0\u1eddng h\u1ee3p trong cu\u1ed9c s\u1ed1ng h\u00e0ng ng\u00e0y, gi\u00fap gi\u1ea3m b\u1edbt m\u1ed9t s\u1ed1 r\u00e0o c\u1ea3n ng\u00f4n ng\u1eef. Ngo\u1ea1i l\u1ec7 duy nh\u1ea5t l\u00e0 khi x\u1eed l\u00fd c\u00e1c bi\u1ebfn th\u1ec3 ti\u1ebfng H\u00e0 Lan c\u1ee7a &#8220;who&#8221; v\u00e0 &#8220;whom&#8221; (wie v\u00e0 wie, t\u01b0\u01a1ng \u1ee9ng), v\u00e0 m\u1ed9t v\u00e0i c\u00e1ch di\u1ec5n \u0111\u1ea1t c\u1ed1 \u0111\u1ecbnh (ch\u1eb3ng h\u1ea1n nh\u01b0 te allen tijde, c\u00f3 ngh\u0129a l\u00e0 &#8220;m\u1ecdi l\u00fac&#8221;).  <\/p>\n\n\n\n<p>Ch\u00fac m\u1eebng! B\u1ea1n \u0111\u00e3 th\u1ef1c hi\u1ec7n nh\u1eefng b\u01b0\u1edbc \u0111\u1ea7u ti\u00ean \u0111\u1ec3 th\u00e0nh th\u1ea1o ng\u1eef ph\u00e1p ti\u1ebfng H\u00e0 Lan. H\u00e3y nh\u1edb r\u1eb1ng th\u1ef1c h\u00e0nh l\u00e0 ch\u00eca kh\u00f3a, v\u00ec v\u1eady \u0111\u1eebng ng\u1ea7n ng\u1ea1i t\u00ecm hi\u1ec3u s\u00e2u h\u01a1n, giao ti\u1ebfp v\u1edbi ng\u01b0\u1eddi b\u1ea3n ng\u1eef v\u00e0 x\u00e2y d\u1ef1ng n\u1ec1n t\u1ea3ng v\u1eefng ch\u1eafc. Veel th\u00e0nh c\u00f4ng! (Ch\u00fac may m\u1eafn!)<\/p>\n<\/div><\/div>\n\r\n<section class=\"learnNavigationSection\">\r\n            \r\n        <a href=\"https:\/\/talkpal.ai\/vi\/hoc-tieng-ha-lan\/\">\r\n            <div class=\"learnNavigationWrapper\">\r\n                <div class=\"learnNavigationContent\">\r\n                    <img decoding=\"async\" src=\"https:\/\/talkpal.ai\/wp-content\/uploads\/2024\/08\/Dutch.jpg\" alt=\"Netherlands Flag\">\r\n                    <div>\r\n                        <h4>Gi\u1edbi thi\u1ec7u v\u1ec1 H\u1ecdc ti\u1ebfng H\u00e0 Lan<\/h4>\r\n                        <p>T\u00ecm hi\u1ec3u t\u1ea5t c\u1ea3 v\u1ec1 ng\u1eef ph\u00e1p ti\u1ebfng H\u00e0 Lan.<\/p>\r\n                    <\/div>\r\n                <\/div>\r\n            <\/div>\r\n        <\/a>\r\n\r\n        \r\n        <a href=\"https:\/\/talkpal.ai\/vi\/bai-tap-ngu-phap-tieng-ha-lan\/\">\r\n            <div class=\"learnNavigationWrapper\">\r\n                <div class=\"learnNavigationContent\">\r\n                    <img decoding=\"async\" src=\"https:\/\/talkpal.ai\/wp-content\/uploads\/2024\/08\/Dutch.jpg\" alt=\"Netherlands Flag\">\r\n                    <div>\r\n                        <h4>B\u00e0i t\u1eadp ng\u1eef ph\u00e1p ti\u1ebfng H\u00e0 Lan<\/h4>\r\n                        <p>Th\u1ef1c h\u00e0nh ng\u1eef ph\u00e1p ti\u1ebfng H\u00e0 Lan.<\/p>\r\n                    <\/div>\r\n                <\/div>\r\n            <\/div>\r\n        <\/a>\r\n\r\n        \r\n        <a href=\"https:\/\/talkpal.ai\/vocabulary_language\/dutch\/\">\r\n            <div class=\"learnNavigationWrapper\">\r\n                <div class=\"learnNavigationContent\">\r\n                    <img decoding=\"async\" src=\"https:\/\/talkpal.ai\/wp-content\/uploads\/2024\/08\/Dutch.jpg\" alt=\"Netherlands Flag\">\r\n                    <div>\r\n                        <h4>T\u1eeb v\u1ef1ng ti\u1ebfng H\u00e0 Lan<\/h4>\r\n                        <p>M\u1edf r\u1ed9ng v\u1ed1n t\u1eeb v\u1ef1ng ti\u1ebfng H\u00e0 Lan c\u1ee7a b\u1ea1n.<\/p>\r\n                    <\/div>\r\n                <\/div>\r\n            <\/div>\r\n        <\/a>\r\n\r\n            <\/section>","protected":false},"excerpt":{"rendered":"<p>Ng\u1eef ph\u00e1p ti\u1ebfng H\u00e0 Lan: N\u1eafm v\u1eefng c\u01a1 ch\u1ebf c\u1ee7a ng\u00f4n ng\u1eef H\u00e0 Lan N\u1ebfu b\u1ea1n \u0111\u00e3 th\u1ef1c hi\u1ec7n b\u01b0\u1edbc nh\u1ea3y v\u1ecdt \u0111\u1ec3 h\u1ecdc ti\u1ebfng H\u00e0 Lan, b\u1ea1n s\u1ebd c\u00f3 m\u1ed9t chuy\u1ebfn \u0111i th\u00fa v\u1ecb! V\u1edbi h\u01a1n 23 tri\u1ec7u ng\u01b0\u1eddi n\u00f3i tr\u00ean to\u00e0n th\u1ebf gi\u1edbi, ti\u1ebfng H\u00e0 Lan l\u00e0 m\u1ed9t ng\u00f4n ng\u1eef tuy\u1ec7t v\u1eddi \u0111\u1ec3 [&hellip;]<\/p>\n","protected":false},"author":1,"featured_media":1440985,"parent":0,"menu_order":0,"comment_status":"closed","ping_status":"closed","template":"LearningContentPage.php","meta":{"_acf_changed":false,"footnotes":""},"class_list":["post-1442284","page","type-page","status-publish","has-post-thumbnail","hentry"],"acf":[],"yoast_head":"<!-- This site is optimized with the Yoast SEO Premium plugin v27.2 (Yoast SEO v27.2) - https:\/\/yoast.com\/product\/yoast-seo-premium-wordpress\/ -->\n<title>Ng\u1eef ph\u00e1p ti\u1ebfng H\u00e0 Lan - Talkpal<\/title>\n<meta name=\"description\" content=\"N\u1eafm v\u1eefng ng\u1eef ph\u00e1p ti\u1ebfng H\u00e0 Lan v\u1edbi TalkPal, gia s\u01b0 ng\u00f4n ng\u1eef \u0111\u01b0\u1ee3c h\u1ed7 tr\u1ee3 b\u1edfi AI c\u1ee7a b\u1ea1n. Truy c\u1eadp gi\u1ea3i th\u00edch r\u00f5 r\u00e0ng, v\u00ed d\u1ee5 th\u1ef1c t\u1ebf v\u00e0 b\u00e0i t\u1eadp t\u01b0\u01a1ng t\u00e1c!\" \/>\n<meta name=\"robots\" content=\"index, follow, max-snippet:-1, max-image-preview:large, max-video-preview:-1\" \/>\n<link rel=\"canonical\" href=\"https:\/\/talkpal.ai\/vi\/ngu-phap-tieng-ha-lan\/\" \/>\n<meta property=\"og:locale\" content=\"vi_VN\" \/>\n<meta property=\"og:type\" content=\"article\" \/>\n<meta property=\"og:title\" content=\"Ng\u1eef ph\u00e1p ti\u1ebfng H\u00e0 Lan\" \/>\n<meta property=\"og:description\" content=\"Ng\u1eef ph\u00e1p ti\u1ebfng H\u00e0 Lan: N\u1eafm v\u1eefng c\u01a1 ch\u1ebf c\u1ee7a ng\u00f4n ng\u1eef H\u00e0 Lan N\u1ebfu b\u1ea1n \u0111\u00e3 th\u1ef1c hi\u1ec7n b\u01b0\u1edbc nh\u1ea3y v\u1ecdt \u0111\u1ec3 h\u1ecdc ti\u1ebfng H\u00e0 Lan, b\u1ea1n s\u1ebd c\u00f3 m\u1ed9t chuy\u1ebfn \u0111i th\u00fa v\u1ecb! V\u1edbi h\u01a1n\" \/>\n<meta property=\"og:url\" content=\"https:\/\/talkpal.ai\/vi\/ngu-phap-tieng-ha-lan\/\" \/>\n<meta property=\"og:site_name\" content=\"Talkpal\" \/>\n<meta property=\"article:publisher\" content=\"https:\/\/www.facebook.com\/profile.php?id=100090733639311\" \/>\n<meta property=\"article:modified_time\" content=\"2025-12-11T17:02:11+00:00\" \/>\n<meta property=\"og:image\" content=\"https:\/\/talkpal.ai\/wp-content\/uploads\/2023\/04\/netherlands-dutch.png\" \/>\n\t<meta property=\"og:image:width\" content=\"512\" \/>\n\t<meta property=\"og:image:height\" content=\"512\" \/>\n\t<meta property=\"og:image:type\" content=\"image\/png\" \/>\n<meta name=\"twitter:card\" content=\"summary_large_image\" \/>\n<meta name=\"twitter:site\" content=\"@talkpalai\" \/>\n<meta name=\"twitter:label1\" content=\"Est. reading time\" \/>\n\t<meta name=\"twitter:data1\" content=\"5 minutes\" \/>\n<script type=\"application\/ld+json\" class=\"yoast-schema-graph\">{\"@context\":\"https:\/\/schema.org\",\"@graph\":[{\"@type\":\"WebPage\",\"@id\":\"https:\/\/talkpal.ai\/vi\/ngu-phap-tieng-ha-lan\/\",\"url\":\"https:\/\/talkpal.ai\/vi\/ngu-phap-tieng-ha-lan\/\",\"name\":\"Ng\u1eef ph\u00e1p ti\u1ebfng H\u00e0 Lan - Talkpal\",\"isPartOf\":{\"@id\":\"https:\/\/talkpal.ai\/vi\/#website\"},\"primaryImageOfPage\":{\"@id\":\"https:\/\/talkpal.ai\/vi\/ngu-phap-tieng-ha-lan\/#primaryimage\"},\"image\":{\"@id\":\"https:\/\/talkpal.ai\/vi\/ngu-phap-tieng-ha-lan\/#primaryimage\"},\"thumbnailUrl\":\"https:\/\/talkpal.ai\/wp-content\/uploads\/2023\/04\/netherlands-dutch.png\",\"datePublished\":\"2023-05-14T13:49:38+00:00\",\"dateModified\":\"2025-12-11T17:02:11+00:00\",\"description\":\"N\u1eafm v\u1eefng ng\u1eef ph\u00e1p ti\u1ebfng H\u00e0 Lan v\u1edbi TalkPal, gia s\u01b0 ng\u00f4n ng\u1eef \u0111\u01b0\u1ee3c h\u1ed7 tr\u1ee3 b\u1edfi AI c\u1ee7a b\u1ea1n. Truy c\u1eadp gi\u1ea3i th\u00edch r\u00f5 r\u00e0ng, v\u00ed d\u1ee5 th\u1ef1c t\u1ebf v\u00e0 b\u00e0i t\u1eadp t\u01b0\u01a1ng t\u00e1c!\",\"breadcrumb\":{\"@id\":\"https:\/\/talkpal.ai\/vi\/ngu-phap-tieng-ha-lan\/#breadcrumb\"},\"inLanguage\":\"vi-VN\",\"potentialAction\":[{\"@type\":\"ReadAction\",\"target\":[\"https:\/\/talkpal.ai\/vi\/ngu-phap-tieng-ha-lan\/\"]}]},{\"@type\":\"ImageObject\",\"inLanguage\":\"vi-VN\",\"@id\":\"https:\/\/talkpal.ai\/vi\/ngu-phap-tieng-ha-lan\/#primaryimage\",\"url\":\"https:\/\/talkpal.ai\/wp-content\/uploads\/2023\/04\/netherlands-dutch.png\",\"contentUrl\":\"https:\/\/talkpal.ai\/wp-content\/uploads\/2023\/04\/netherlands-dutch.png\",\"width\":512,\"height\":512,\"caption\":\"TalkPal Catalan Flag\"},{\"@type\":\"BreadcrumbList\",\"@id\":\"https:\/\/talkpal.ai\/vi\/ngu-phap-tieng-ha-lan\/#breadcrumb\",\"itemListElement\":[{\"@type\":\"ListItem\",\"position\":1,\"name\":\"Homepage\",\"item\":\"https:\/\/talkpal.ai\/vi\/giao-vien-ngon-ngu-ai-3\/\"},{\"@type\":\"ListItem\",\"position\":2,\"name\":\"Ng\u1eef ph\u00e1p ti\u1ebfng H\u00e0 Lan\"}]},{\"@type\":\"WebSite\",\"@id\":\"https:\/\/talkpal.ai\/vi\/#website\",\"url\":\"https:\/\/talkpal.ai\/vi\/\",\"name\":\"Talkpal\",\"description\":\"AI Language Learning\",\"publisher\":{\"@id\":\"https:\/\/talkpal.ai\/vi\/#organization\"},\"alternateName\":\"Talkpal AI\",\"potentialAction\":[{\"@type\":\"SearchAction\",\"target\":{\"@type\":\"EntryPoint\",\"urlTemplate\":\"https:\/\/talkpal.ai\/vi\/?s={search_term_string}\"},\"query-input\":{\"@type\":\"PropertyValueSpecification\",\"valueRequired\":true,\"valueName\":\"search_term_string\"}}],\"inLanguage\":\"vi-VN\"},{\"@type\":\"Organization\",\"@id\":\"https:\/\/talkpal.ai\/vi\/#organization\",\"name\":\"Talkpal, Inc.\",\"alternateName\":\"Talkpal AI\",\"url\":\"https:\/\/talkpal.ai\/vi\/\",\"logo\":{\"@type\":\"ImageObject\",\"inLanguage\":\"vi-VN\",\"@id\":\"https:\/\/talkpal.ai\/vi\/#\/schema\/logo\/image\/\",\"url\":\"https:\/\/talkpal.ai\/wp-content\/uploads\/2024\/03\/Talkpal-Logo-Icon.png\",\"contentUrl\":\"https:\/\/talkpal.ai\/wp-content\/uploads\/2024\/03\/Talkpal-Logo-Icon.png\",\"width\":2880,\"height\":2880,\"caption\":\"Talkpal, Inc.\"},\"image\":{\"@id\":\"https:\/\/talkpal.ai\/vi\/#\/schema\/logo\/image\/\"},\"sameAs\":[\"https:\/\/www.facebook.com\/profile.php?id=100090733639311\",\"https:\/\/x.com\/talkpalai\",\"https:\/\/www.linkedin.com\/company\/talkpal\/\",\"https:\/\/www.youtube.com\/@TalkPal\/\",\"https:\/\/www.tiktok.com\/@talkpal\",\"https:\/\/www.instagram.com\/talkpal_ai\/\",\"https:\/\/www.crunchbase.com\/organization\/talkpal-9cde\",\"https:\/\/www.g2.com\/products\/talkpal-for-business\/\",\"https:\/\/www.trustpilot.com\/review\/talkpal.ai\",\"https:\/\/www.capterra.com\/p\/10006800\/TalkPal\/\"],\"description\":\"Talkpal is a language learning web and mobile education app, powered by the latest AI technologies, that provides engaging experiences to its customers in many different languages to help them improve their language skills. Users can chat about unlimited amount of topics with the app and use other modes to practice their language learning.\",\"email\":\"support@talkpal.ai\",\"legalName\":\"Talkpal, Inc.\",\"foundingDate\":\"2023-04-03\",\"duns\":\"118989042\",\"numberOfEmployees\":{\"@type\":\"QuantitativeValue\",\"minValue\":\"11\",\"maxValue\":\"50\"},\"publishingPrinciples\":\"https:\/\/talkpal.ai\/publishing-principles\/\",\"actionableFeedbackPolicy\":\"https:\/\/talkpal.ai\/actionable-feedback-policy\/\",\"correctionsPolicy\":\"https:\/\/talkpal.ai\/corrections-policy\/\",\"ethicsPolicy\":\"https:\/\/talkpal.ai\/ethics-policy\/\",\"diversityPolicy\":\"https:\/\/talkpal.ai\/diversity-policy\/\",\"diversityStaffingReport\":\"https:\/\/talkpal.ai\/diversity-policy\/\"}]}<\/script>\n<!-- \/ Yoast SEO Premium plugin. -->","yoast_head_json":{"title":"Ng\u1eef ph\u00e1p ti\u1ebfng H\u00e0 Lan - Talkpal","description":"N\u1eafm v\u1eefng ng\u1eef ph\u00e1p ti\u1ebfng H\u00e0 Lan v\u1edbi TalkPal, gia s\u01b0 ng\u00f4n ng\u1eef \u0111\u01b0\u1ee3c h\u1ed7 tr\u1ee3 b\u1edfi AI c\u1ee7a b\u1ea1n. Truy c\u1eadp gi\u1ea3i th\u00edch r\u00f5 r\u00e0ng, v\u00ed d\u1ee5 th\u1ef1c t\u1ebf v\u00e0 b\u00e0i t\u1eadp t\u01b0\u01a1ng t\u00e1c!","robots":{"index":"index","follow":"follow","max-snippet":"max-snippet:-1","max-image-preview":"max-image-preview:large","max-video-preview":"max-video-preview:-1"},"canonical":"https:\/\/talkpal.ai\/vi\/ngu-phap-tieng-ha-lan\/","og_locale":"vi_VN","og_type":"article","og_title":"Ng\u1eef ph\u00e1p ti\u1ebfng H\u00e0 Lan","og_description":"Ng\u1eef ph\u00e1p ti\u1ebfng H\u00e0 Lan: N\u1eafm v\u1eefng c\u01a1 ch\u1ebf c\u1ee7a ng\u00f4n ng\u1eef H\u00e0 Lan N\u1ebfu b\u1ea1n \u0111\u00e3 th\u1ef1c hi\u1ec7n b\u01b0\u1edbc nh\u1ea3y v\u1ecdt \u0111\u1ec3 h\u1ecdc ti\u1ebfng H\u00e0 Lan, b\u1ea1n s\u1ebd c\u00f3 m\u1ed9t chuy\u1ebfn \u0111i th\u00fa v\u1ecb! V\u1edbi h\u01a1n","og_url":"https:\/\/talkpal.ai\/vi\/ngu-phap-tieng-ha-lan\/","og_site_name":"Talkpal","article_publisher":"https:\/\/www.facebook.com\/profile.php?id=100090733639311","article_modified_time":"2025-12-11T17:02:11+00:00","og_image":[{"width":512,"height":512,"url":"https:\/\/talkpal.ai\/wp-content\/uploads\/2023\/04\/netherlands-dutch.png","type":"image\/png"}],"twitter_card":"summary_large_image","twitter_site":"@talkpalai","twitter_misc":{"Est. reading time":"5 minutes"},"schema":{"@context":"https:\/\/schema.org","@graph":[{"@type":"WebPage","@id":"https:\/\/talkpal.ai\/vi\/ngu-phap-tieng-ha-lan\/","url":"https:\/\/talkpal.ai\/vi\/ngu-phap-tieng-ha-lan\/","name":"Ng\u1eef ph\u00e1p ti\u1ebfng H\u00e0 Lan - Talkpal","isPartOf":{"@id":"https:\/\/talkpal.ai\/vi\/#website"},"primaryImageOfPage":{"@id":"https:\/\/talkpal.ai\/vi\/ngu-phap-tieng-ha-lan\/#primaryimage"},"image":{"@id":"https:\/\/talkpal.ai\/vi\/ngu-phap-tieng-ha-lan\/#primaryimage"},"thumbnailUrl":"https:\/\/talkpal.ai\/wp-content\/uploads\/2023\/04\/netherlands-dutch.png","datePublished":"2023-05-14T13:49:38+00:00","dateModified":"2025-12-11T17:02:11+00:00","description":"N\u1eafm v\u1eefng ng\u1eef ph\u00e1p ti\u1ebfng H\u00e0 Lan v\u1edbi TalkPal, gia s\u01b0 ng\u00f4n ng\u1eef \u0111\u01b0\u1ee3c h\u1ed7 tr\u1ee3 b\u1edfi AI c\u1ee7a b\u1ea1n. Truy c\u1eadp gi\u1ea3i th\u00edch r\u00f5 r\u00e0ng, v\u00ed d\u1ee5 th\u1ef1c t\u1ebf v\u00e0 b\u00e0i t\u1eadp t\u01b0\u01a1ng t\u00e1c!","breadcrumb":{"@id":"https:\/\/talkpal.ai\/vi\/ngu-phap-tieng-ha-lan\/#breadcrumb"},"inLanguage":"vi-VN","potentialAction":[{"@type":"ReadAction","target":["https:\/\/talkpal.ai\/vi\/ngu-phap-tieng-ha-lan\/"]}]},{"@type":"ImageObject","inLanguage":"vi-VN","@id":"https:\/\/talkpal.ai\/vi\/ngu-phap-tieng-ha-lan\/#primaryimage","url":"https:\/\/talkpal.ai\/wp-content\/uploads\/2023\/04\/netherlands-dutch.png","contentUrl":"https:\/\/talkpal.ai\/wp-content\/uploads\/2023\/04\/netherlands-dutch.png","width":512,"height":512,"caption":"TalkPal Catalan Flag"},{"@type":"BreadcrumbList","@id":"https:\/\/talkpal.ai\/vi\/ngu-phap-tieng-ha-lan\/#breadcrumb","itemListElement":[{"@type":"ListItem","position":1,"name":"Homepage","item":"https:\/\/talkpal.ai\/vi\/giao-vien-ngon-ngu-ai-3\/"},{"@type":"ListItem","position":2,"name":"Ng\u1eef ph\u00e1p ti\u1ebfng H\u00e0 Lan"}]},{"@type":"WebSite","@id":"https:\/\/talkpal.ai\/vi\/#website","url":"https:\/\/talkpal.ai\/vi\/","name":"Talkpal","description":"AI Language Learning","publisher":{"@id":"https:\/\/talkpal.ai\/vi\/#organization"},"alternateName":"Talkpal AI","potentialAction":[{"@type":"SearchAction","target":{"@type":"EntryPoint","urlTemplate":"https:\/\/talkpal.ai\/vi\/?s={search_term_string}"},"query-input":{"@type":"PropertyValueSpecification","valueRequired":true,"valueName":"search_term_string"}}],"inLanguage":"vi-VN"},{"@type":"Organization","@id":"https:\/\/talkpal.ai\/vi\/#organization","name":"Talkpal, Inc.","alternateName":"Talkpal AI","url":"https:\/\/talkpal.ai\/vi\/","logo":{"@type":"ImageObject","inLanguage":"vi-VN","@id":"https:\/\/talkpal.ai\/vi\/#\/schema\/logo\/image\/","url":"https:\/\/talkpal.ai\/wp-content\/uploads\/2024\/03\/Talkpal-Logo-Icon.png","contentUrl":"https:\/\/talkpal.ai\/wp-content\/uploads\/2024\/03\/Talkpal-Logo-Icon.png","width":2880,"height":2880,"caption":"Talkpal, Inc."},"image":{"@id":"https:\/\/talkpal.ai\/vi\/#\/schema\/logo\/image\/"},"sameAs":["https:\/\/www.facebook.com\/profile.php?id=100090733639311","https:\/\/x.com\/talkpalai","https:\/\/www.linkedin.com\/company\/talkpal\/","https:\/\/www.youtube.com\/@TalkPal\/","https:\/\/www.tiktok.com\/@talkpal","https:\/\/www.instagram.com\/talkpal_ai\/","https:\/\/www.crunchbase.com\/organization\/talkpal-9cde","https:\/\/www.g2.com\/products\/talkpal-for-business\/","https:\/\/www.trustpilot.com\/review\/talkpal.ai","https:\/\/www.capterra.com\/p\/10006800\/TalkPal\/"],"description":"Talkpal is a language learning web and mobile education app, powered by the latest AI technologies, that provides engaging experiences to its customers in many different languages to help them improve their language skills. Users can chat about unlimited amount of topics with the app and use other modes to practice their language learning.","email":"support@talkpal.ai","legalName":"Talkpal, Inc.","foundingDate":"2023-04-03","duns":"118989042","numberOfEmployees":{"@type":"QuantitativeValue","minValue":"11","maxValue":"50"},"publishingPrinciples":"https:\/\/talkpal.ai\/publishing-principles\/","actionableFeedbackPolicy":"https:\/\/talkpal.ai\/actionable-feedback-policy\/","correctionsPolicy":"https:\/\/talkpal.ai\/corrections-policy\/","ethicsPolicy":"https:\/\/talkpal.ai\/ethics-policy\/","diversityPolicy":"https:\/\/talkpal.ai\/diversity-policy\/","diversityStaffingReport":"https:\/\/talkpal.ai\/diversity-policy\/"}]}},"_links":{"self":[{"href":"https:\/\/talkpal.ai\/vi\/wp-json\/wp\/v2\/pages\/1442284","targetHints":{"allow":["GET"]}}],"collection":[{"href":"https:\/\/talkpal.ai\/vi\/wp-json\/wp\/v2\/pages"}],"about":[{"href":"https:\/\/talkpal.ai\/vi\/wp-json\/wp\/v2\/types\/page"}],"author":[{"embeddable":true,"href":"https:\/\/talkpal.ai\/vi\/wp-json\/wp\/v2\/users\/1"}],"replies":[{"embeddable":true,"href":"https:\/\/talkpal.ai\/vi\/wp-json\/wp\/v2\/comments?post=1442284"}],"version-history":[{"count":0,"href":"https:\/\/talkpal.ai\/vi\/wp-json\/wp\/v2\/pages\/1442284\/revisions"}],"wp:featuredmedia":[{"embeddable":true,"href":"https:\/\/talkpal.ai\/vi\/wp-json\/wp\/v2\/media\/1440985"}],"wp:attachment":[{"href":"https:\/\/talkpal.ai\/vi\/wp-json\/wp\/v2\/media?parent=1442284"}],"curies":[{"name":"wp","href":"https:\/\/api.w.org\/{rel}","templated":true}]}}