{"id":1442276,"date":"2023-05-14T14:08:53","date_gmt":"2023-05-14T14:08:53","guid":{"rendered":"https:\/\/talkpal.ai\/ngu-phap-tieng-hungary\/"},"modified":"2025-12-12T10:34:18","modified_gmt":"2025-12-12T10:34:18","slug":"ngu-phap-tieng-hungary","status":"publish","type":"page","link":"https:\/\/talkpal.ai\/vi\/ngu-phap-tieng-hungary\/","title":{"rendered":"Ng\u1eef ph\u00e1p ti\u1ebfng Hungary"},"content":{"rendered":"\r\n\r\n\r\n<section class=\"languageChallengeSection\">\r\n    <div class=\"languageInfoWrapper\">\r\n        \r\n        <h1>Ng\u1eef ph\u00e1p ti\u1ebfng Hungary<\/h1>\r\n        <p>S\u1eb5n s\u00e0ng \u0111\u00f3n nh\u1eadn m\u1ed9t th\u1eed th\u00e1ch <a href=\"https:\/\/talkpal.ai\/vi\/hoc-ngon-ngu-cho-cac-truong-ngon-ngu\/\">ng\u00f4n ng\u1eef<\/a> th\u1ef1c s\u1ef1 \u0111\u1ed9c \u0111\u00e1o? \u0110i s\u00e2u v\u00e0o <a href=\"https:\/\/talkpal.ai\/hungarian-grammar\/\">ng\u1eef ph\u00e1p ti\u1ebfng Hungary<\/a> v\u00e0 kh\u00e1m ph\u00e1 c\u00e1c t\u00ednh n\u0103ng \u0111\u00e1ng ch\u00fa \u00fd c\u1ee7a n\u00f3. B\u1eaft \u0111\u1ea7u h\u1ecdc ngay h\u00f4m nay v\u00e0 kh\u00e1m ph\u00e1 c\u00e1ch n\u1eafm v\u1eefng <a href=\"https:\/\/talkpal.ai\/vi\/ngu-phap\/\">ng\u1eef ph\u00e1p<\/a> <a href=\"https:\/\/talkpal.ai\/learn-hungarian\/\">ti\u1ebfng Hungary<\/a> m\u1edf ra c\u00e1nh c\u1eeda cho c\u00e1c cu\u1ed9c tr\u00f2 chuy\u1ec7n c\u00f3 \u00fd ngh\u0129a v\u00e0 \u0111\u00e1nh gi\u00e1 cao s\u00e2u s\u1eafc v\u1ec1 di s\u1ea3n ng\u00f4n ng\u1eef phong ph\u00fa c\u1ee7a <a href=\"https:\/\/talkpal.ai\/locations\/language-courses-in-hungary\/\">Hungary<\/a>!<\/p>\r\n\r\n                            <a class=\"getStartedHidden\" href=\"https:\/\/app.talkpal.ai\/vi\/signup?lng=\">B\u1eaft \u0111\u1ea7u nh\u00e9<\/a>\r\n        \r\n    <\/div>\r\n\r\n    <figure>\r\n    <img decoding=\"async\" width=\"768\" height=\"768\" src=\"https:\/\/talkpal.ai\/wp-content\/uploads\/2023\/06\/hungarian-768x768.png\" class=\"languageImage no-lazy\" alt=\"Language learning strategies for advanced learners\" fetchpriority=\"high\" sizes=\"(max-width: 768px) 150px, 768px\" srcset=\"https:\/\/talkpal.ai\/wp-content\/uploads\/2023\/06\/hungarian-768x768.png 768w, https:\/\/talkpal.ai\/wp-content\/uploads\/2023\/06\/hungarian-300x300.png 300w\" \/>\r\n    \r\n\r\n    <\/figure>\r\n\r\n            <a class=\"getStartedVisible\" href=\"https:\/\/app.talkpal.ai\/vi\/signup?lng=\">B\u1eaft \u0111\u1ea7u nh\u00e9<\/a>\r\n    \r\n<\/section>\r\n<section class=\"promotionalBanner\">\r\n    <p class=\"promotionalText\">C\u00e1ch hi\u1ec7u qu\u1ea3 nh\u1ea5t \u0111\u1ec3 h\u1ecdc m\u1ed9t ng\u00f4n ng\u1eef<\/p>\r\n    <a class=\"promotionalLink\" href=\"https:\/\/app.talkpal.ai\/vi\/signup?lng=\">D\u00f9ng th\u1eed Talkpal mi\u1ec5n ph\u00ed<\/a>\r\n<\/section>\n<div class=\"wp-block-group pageContainerStyle\"><div class=\"wp-block-group__inner-container is-layout-constrained wp-block-group-is-layout-constrained\">\n<h2 class=\"wp-block-heading\" id=\"h-title-unlocking-the-secrets-of-hungarian-grammar\">Ti\u00eau \u0111\u1ec1: M\u1edf kh\u00f3a b\u00ed m\u1eadt c\u1ee7a ng\u1eef ph\u00e1p ti\u1ebfng Hungary<\/h2>\n\n\n\n<p>Ti\u1ebfng Hungary, m\u1ed9t ng\u00f4n ng\u1eef Finno-Ugric, n\u1ed5i b\u1eadt v\u1edbi h\u1ec7 th\u1ed1ng ng\u1eef ph\u00e1p \u0111\u1ed9c \u0111\u00e1o, khi\u1ebfn n\u00f3 tr\u1edf th\u00e0nh m\u1ed9t th\u1eed th\u00e1ch h\u1ea5p d\u1eabn \u0111\u1ed1i v\u1edbi <a href=\"https:\/\/talkpal.ai\/talkpal-discount-for-language-enthusiasts\/\">nh\u1eefng ng\u01b0\u1eddi \u0111am m\u00ea ng\u00f4n ng\u1eef<\/a>. <a href=\"https:\/\/talkpal.ai\/learn-hungarian\/\">H\u1ecdc ti\u1ebfng Hungary<\/a> kh\u00f4ng ch\u1ec9 m\u1edf r\u1ed9ng ki\u1ebfn th\u1ee9c ng\u00f4n ng\u1eef c\u1ee7a b\u1ea1n m\u00e0 c\u00f2n cho ph\u00e9p b\u1ea1n \u0111i s\u00e2u v\u00e0o n\u1ec1n v\u0103n h\u00f3a v\u00e0 l\u1ecbch s\u1eed quy\u1ebfn r\u0169 c\u1ee7a Hungary. M\u1eb7c d\u00f9 ng\u1eef ph\u00e1p ti\u1ebfng Hungary ban \u0111\u1ea7u c\u00f3 v\u1ebb \u0111\u00e1ng s\u1ee3, nh\u01b0ng vi\u1ec7c chia nh\u1ecf n\u00f3 th\u00e0nh c\u00e1c th\u00e0nh ph\u1ea7n c\u00f3 th\u1ec3 qu\u1ea3n l\u00fd \u0111\u01b0\u1ee3c gi\u00fap qu\u00e1 tr\u00ecnh h\u1ecdc t\u1eadp d\u1ec5 ti\u1ebfp c\u1eadn h\u01a1n. Trong b\u00e0i vi\u1ebft n\u00e0y, ch\u00fang t\u00f4i s\u1ebd gi\u1edbi thi\u1ec7u cho b\u1ea1n th\u1ebf gi\u1edbi h\u1ea5p d\u1eabn c\u1ee7a ng\u1eef ph\u00e1p Hungary v\u00e0 cung c\u1ea5p h\u01b0\u1edbng d\u1eabn \u0111\u1ec3 n\u1eafm v\u1eefng s\u1ef1 ph\u1ee9c t\u1ea1p c\u1ee7a n\u00f3.<\/p>\n\n\n\n<h3 class=\"wp-block-heading\" id=\"h-1-word-order-a-flexible-feature\">1. Word Order: M\u1ed9t t\u00ednh n\u0103ng linh ho\u1ea1t<\/h3>\n\n\n\n<p>Kh\u00f4ng gi\u1ed1ng nh\u01b0 nhi\u1ec1u ng\u00f4n ng\u1eef kh\u00e1c, ti\u1ebfng Hungary c\u00f3 th\u1ee9 t\u1ef1 t\u1eeb t\u01b0\u01a1ng \u0111\u1ed1i linh ho\u1ea1t. Trong khi c\u00e2u ti\u1ebfng Hungary \u0111i\u1ec3n h\u00ecnh tu\u00e2n theo m\u00f4 h\u00ecnh Ch\u1ee7 ng\u1eef-\u0110\u1ed9ng t\u1eeb-\u0110\u1ed1i t\u01b0\u1ee3ng (SVO), c\u00e1c tr\u1eadt t\u1ef1 t\u1eeb kh\u00e1c c\u0169ng ph\u1ed5 bi\u1ebfn v\u00e0 \u0111\u01b0\u1ee3c s\u1eed d\u1ee5ng \u0111\u1ec3 nh\u1ea5n m\u1ea1nh c\u00e1c ph\u1ea7n kh\u00e1c nhau c\u1ee7a c\u00e2u. L\u00e0m quen v\u1edbi nh\u1eefng bi\u1ebfn th\u1ec3 n\u00e0y s\u1ebd cho ph\u00e9p b\u1ea1n hi\u1ec3u v\u00e0 x\u00e2y d\u1ef1ng c\u00e1c c\u00e2u ti\u1ebfng Hungary hi\u1ec7u qu\u1ea3 h\u01a1n.<\/p>\n\n\n\n<h3 class=\"wp-block-heading\" id=\"h-2-nouns-and-cases-the-role-of-suffixes\">2. Danh t\u1eeb v\u00e0 tr\u01b0\u1eddng h\u1ee3p: vai tr\u00f2 c\u1ee7a h\u1eadu t\u1ed1<\/h3>\n\n\n\n<p>Danh t\u1eeb ti\u1ebfng Hungary kh\u00f4ng c\u00f3 gi\u1edbi t\u00ednh ng\u1eef ph\u00e1p, \u0111\u01a1n gi\u1ea3n h\u00f3a vi\u1ec7c x\u00e2y d\u1ef1ng c\u00e2u. Tuy nhi\u00ean, danh t\u1eeb v\u00e0 c\u00e1c ph\u1ea7n kh\u00e1c c\u1ee7a b\u00e0i ph\u00e1t bi\u1ec3u trong ng\u1eef ph\u00e1p ti\u1ebfng Hungary s\u1eed d\u1ee5ng r\u1ea5t nhi\u1ec1u h\u1eadu t\u1ed1 \u0111\u1ec3 ch\u1ec9 c\u00e1c tr\u01b0\u1eddng h\u1ee3p, s\u1edf h\u1eefu v\u00e0 s\u1ed1 nhi\u1ec1u. H\u1ecdc c\u00e1c h\u1eadu t\u1ed1 n\u00e0y v\u00e0 c\u00e1ch s\u1eed d\u1ee5ng ch\u00fang s\u1ebd c\u1ea3i thi\u1ec7n \u0111\u00e1ng k\u1ec3 kh\u1ea3 n\u0103ng giao ti\u1ebfp b\u1eb1ng ti\u1ebfng Hungary c\u1ee7a b\u1ea1n.<\/p>\n\n\n\n<p>V\u00ed d\u1ee5:<\/p>\n\n\n\n<p><strong>\u2013 h\u00e1z (nh\u00e0) \u2013 h\u00e1zak (nh\u00e0)<\/strong><\/p>\n\n\n\n<p><strong>\u2013 h\u00e1zban (trong nh\u00e0) \u2013 h\u00e1zakban (trong nh\u00e0)<\/strong><\/p>\n\n\n\n<h3 class=\"wp-block-heading\" id=\"h-3-verbs-conjugation-and-tense\">3. \u0110\u1ed9ng t\u1eeb: Chia \u0111\u1ed9ng t\u1eeb v\u00e0 th\u00ec<\/h3>\n\n\n\n<p>\u0110\u1ed9ng t\u1eeb ti\u1ebfng Hungary \u0111\u01b0\u1ee3c chia \u0111\u1ed9ng theo th\u00ec, t\u00e2m tr\u1ea1ng, ch\u1ee7 ng\u1eef v\u00e0 x\u00e1c \u0111\u1ecbnh. M\u1eb7c d\u00f9 c\u00f3 m\u1ed9t s\u1ed1 th\u00ec trong ti\u1ebfng Hungary, nh\u01b0ng h\u1ecdc ba th\u00ec ch\u00ednh &#8211; hi\u1ec7n t\u1ea1i, qu\u00e1 kh\u1ee9 v\u00e0 t\u01b0\u01a1ng lai &#8211; l\u00e0 m\u1ed9t \u0111i\u1ec3m kh\u1edfi \u0111\u1ea7u t\u1ed1t. L\u00e0m quen v\u1edbi c\u00e1c m\u1eabu chia \u0111\u1ed9ng t\u1eeb th\u00f4ng th\u01b0\u1eddng v\u00e0 h\u1ecdc c\u00e1c \u0111\u1ed9ng t\u1eeb b\u1ea5t quy t\u1eafc ph\u1ed5 bi\u1ebfn \u0111\u1ec3 n\u00e2ng cao k\u1ef9 n\u0103ng giao ti\u1ebfp b\u1eb1ng l\u1eddi n\u00f3i c\u1ee7a b\u1ea1n.<\/p>\n\n\n\n<h3 class=\"wp-block-heading\" id=\"h-4-adjectives-agreement-and-placement\">4. T\u00ednh t\u1eeb: Th\u1ecfa thu\u1eadn v\u00e0 V\u1ecb tr\u00ed<\/h3>\n\n\n\n<p>Trong ng\u1eef ph\u00e1p ti\u1ebfng Hungary, t\u00ednh t\u1eeb ph\u1ea3i \u0111\u1ed3ng \u00fd v\u1edbi danh t\u1eeb m\u00e0 ch\u00fang s\u1eeda \u0111\u1ed5i v\u1ec1 s\u1ed1 (s\u1ed1 \u00edt ho\u1eb7c s\u1ed1 nhi\u1ec1u). Tuy nhi\u00ean, t\u00ednh t\u1eeb kh\u00f4ng nh\u1ea5t thi\u1ebft ph\u1ea3i kh\u1edbp v\u1edbi danh t\u1eeb cho tr\u01b0\u1eddng h\u1ee3p ng\u1eef ph\u00e1p. T\u00ednh t\u1eeb th\u01b0\u1eddng \u0111\u1ee9ng tr\u01b0\u1edbc danh t\u1eeb, cung c\u1ea5p ng\u1eef c\u1ea3nh m\u00f4 t\u1ea3 cho c\u00e2u.<\/p>\n\n\n\n<p>V\u00ed d\u1ee5:<\/p>\n\n\n\n<p><strong>\u2013 Piros Alma (T\u00e1o \u0111\u1ecf)<\/strong><\/p>\n\n\n\n<p><strong>\u2013 sz\u00e9p vir\u00e1gok (hoa \u0111\u1eb9p)<\/strong><\/p>\n\n\n\n<h3 class=\"wp-block-heading\" id=\"h-5-vowel-harmony-a-unique-feature\">5. H\u00e0i h\u00f2a nguy\u00ean \u00e2m: M\u1ed9t t\u00ednh n\u0103ng \u0111\u1ed9c \u0111\u00e1o<\/h3>\n\n\n\n<p>M\u1ed9t kh\u00eda c\u1ea1nh \u0111\u1eb7c bi\u1ec7t c\u1ee7a ng\u1eef ph\u00e1p ti\u1ebfng Hungary l\u00e0 s\u1ef1 h\u00e0i h\u00f2a c\u1ee7a nguy\u00ean \u00e2m, li\u00ean quan \u0111\u1ebfn s\u1ef1 \u0111\u1ed3ng thu\u1eadn c\u1ee7a c\u00e1c nguy\u00ean \u00e2m trong c\u00e1c t\u1eeb. S\u1ef1 h\u00e0i h\u00f2a c\u1ee7a nguy\u00ean \u00e2m \u1ea3nh h\u01b0\u1edfng \u0111\u1ebfn c\u00e1ch c\u00e1c h\u1eadu t\u1ed1 \u0111\u01b0\u1ee3c h\u00ecnh th\u00e0nh v\u00e0 g\u1eafn v\u00e0o c\u00e1c t\u1eeb. Hi\u1ec3u v\u00e0 th\u1ef1c h\u00e0nh h\u00f2a \u00e2m nguy\u00ean \u00e2m s\u1ebd l\u00e0m cho ti\u1ebfng Hungary vi\u1ebft v\u00e0 n\u00f3i c\u1ee7a b\u1ea1n ch\u00ednh x\u00e1c v\u00e0 t\u1ef1 nhi\u00ean h\u01a1n.<\/p>\n\n\n\n<h3 class=\"wp-block-heading\" id=\"h-6-engaging-with-the-language\">6. T\u01b0\u01a1ng t\u00e1c v\u1edbi ng\u00f4n ng\u1eef<\/h3>\n\n\n\n<p>C\u00e1ch hi\u1ec7u qu\u1ea3 nh\u1ea5t \u0111\u1ec3 n\u1eafm b\u1eaft \u0111\u1ea7y \u0111\u1ee7 v\u00e0 ti\u1ebfp thu ng\u1eef ph\u00e1p ti\u1ebfng Hungary l\u00e0 li\u00ean t\u1ee5c tham gia v\u00e0o ng\u00f4n ng\u1eef. B\u1eb1ng c\u00e1ch \u0111\u1ecdc v\u0103n h\u1ecdc Hungary, xem phim b\u1ea3n ng\u1eef ho\u1eb7c t\u00edch c\u1ef1c tr\u00f2 chuy\u1ec7n v\u1edbi ng\u01b0\u1eddi b\u1ea3n ng\u1eef, b\u1ea1n s\u1ebd c\u1ee7ng c\u1ed1 s\u1ef1 hi\u1ec3u bi\u1ebft c\u1ee7a m\u00ecnh v\u1ec1 ng\u1eef ph\u00e1p \u0111\u1ed3ng th\u1eddi m\u1edf r\u1ed9ng v\u1ed1n t\u1eeb v\u1ef1ng c\u1ee7a m\u00ecnh.<\/p>\n\n\n\n<h3 class=\"wp-block-heading\" id=\"h-conclusion\">Ph\u1ea7n k\u1ebft lu\u1eadn<\/h3>\n\n\n\n<p>M\u1eb7c d\u00f9 ng\u1eef ph\u00e1p ti\u1ebfng Hungary c\u00f3 v\u1ebb ph\u1ee9c t\u1ea1p, nh\u01b0ng ti\u1ebfp c\u1eadn t\u1eebng b\u01b0\u1edbc v\u00e0 th\u1ef1c h\u00e0nh nh\u1ea5t qu\u00e1n s\u1ebd gi\u00fap b\u1ea1n tr\u1edf n\u00ean th\u00e0nh th\u1ea1o ng\u00f4n ng\u1eef h\u1ea5p d\u1eabn n\u00e0y. \u0110\u00f3n nh\u1eadn th\u1eed th\u00e1ch khi b\u1ea1n b\u1eaft \u0111\u1ea7u h\u00e0nh tr\u00ecnh ng\u00f4n ng\u1eef Hungary c\u1ee7a m\u00ecnh v\u00e0 b\u1ea1n s\u1ebd s\u1edbm th\u1ea5y m\u00ecnh t\u1ef1 tin \u0111i\u1ec1u h\u01b0\u1edbng s\u1ef1 ph\u1ee9c t\u1ea1p c\u1ee7a ng\u1eef ph\u00e1p c\u1ee7a n\u00f3. Ch\u00fac b\u1ea1n h\u1ecdc t\u1eadp vui v\u1ebb v\u00e0 t\u1eadn h\u01b0\u1edfng kh\u00e1m ph\u00e1 nh\u1eefng \u0111i\u1ec1u k\u1ef3 di\u1ec7u c\u1ee7a ng\u1eef ph\u00e1p ti\u1ebfng Hungary!<\/p>\n<\/div><\/div>\n\r\n<section class=\"learnNavigationSection\">\r\n            \r\n        <a href=\"https:\/\/talkpal.ai\/vi\/hoc-tieng-hungary\/\">\r\n            <div class=\"learnNavigationWrapper\">\r\n                <div class=\"learnNavigationContent\">\r\n                    <img decoding=\"async\" src=\"https:\/\/talkpal.ai\/wp-content\/uploads\/2024\/08\/Hungarian.jpg\" alt=\"Hungarian Flag\">\r\n                    <div>\r\n                        <h4>Gi\u1edbi thi\u1ec7u v\u1ec1 H\u1ecdc ti\u1ebfng Hungary<\/h4>\r\n                        <p>T\u00ecm hi\u1ec3u t\u1ea5t c\u1ea3 v\u1ec1 ng\u1eef ph\u00e1p ti\u1ebfng Hungary.<\/p>\r\n                    <\/div>\r\n                <\/div>\r\n            <\/div>\r\n        <\/a>\r\n\r\n        \r\n        <a href=\"https:\/\/talkpal.ai\/vi\/bai-tap-ngu-phap-hungary\/\">\r\n            <div class=\"learnNavigationWrapper\">\r\n                <div class=\"learnNavigationContent\">\r\n                    <img decoding=\"async\" src=\"https:\/\/talkpal.ai\/wp-content\/uploads\/2024\/08\/Hungarian.jpg\" alt=\"Hungarian Flag\">\r\n                    <div>\r\n                        <h4>B\u00e0i t\u1eadp ng\u1eef ph\u00e1p ti\u1ebfng Hungary<\/h4>\r\n                        <p>Th\u1ef1c h\u00e0nh ng\u1eef ph\u00e1p ti\u1ebfng Hungary.<\/p>\r\n                    <\/div>\r\n                <\/div>\r\n            <\/div>\r\n        <\/a>\r\n\r\n        \r\n        <a href=\"https:\/\/talkpal.ai\/vocabulary_language\/hungarian\/\">\r\n            <div class=\"learnNavigationWrapper\">\r\n                <div class=\"learnNavigationContent\">\r\n                    <img decoding=\"async\" src=\"https:\/\/talkpal.ai\/wp-content\/uploads\/2024\/08\/Hungarian.jpg\" alt=\"Hungarian Flag\">\r\n                    <div>\r\n                        <h4>T\u1eeb v\u1ef1ng ti\u1ebfng Hungary<\/h4>\r\n                        <p>M\u1edf r\u1ed9ng v\u1ed1n t\u1eeb v\u1ef1ng ti\u1ebfng Hungary c\u1ee7a b\u1ea1n.<\/p>\r\n                    <\/div>\r\n                <\/div>\r\n            <\/div>\r\n        <\/a>\r\n\r\n            <\/section>","protected":false},"excerpt":{"rendered":"<p>Ti\u00eau \u0111\u1ec1: M\u1edf kh\u00f3a b\u00ed m\u1eadt c\u1ee7a ng\u1eef ph\u00e1p ti\u1ebfng Hungary Ti\u1ebfng Hungary, m\u1ed9t ng\u00f4n ng\u1eef Finno-Ugric, n\u1ed5i b\u1eadt v\u1edbi h\u1ec7 th\u1ed1ng ng\u1eef ph\u00e1p \u0111\u1ed9c \u0111\u00e1o, khi\u1ebfn n\u00f3 tr\u1edf th\u00e0nh m\u1ed9t th\u1eed th\u00e1ch h\u1ea5p d\u1eabn \u0111\u1ed1i v\u1edbi nh\u1eefng ng\u01b0\u1eddi \u0111am m\u00ea ng\u00f4n ng\u1eef. H\u1ecdc ti\u1ebfng Hungary kh\u00f4ng ch\u1ec9 m\u1edf r\u1ed9ng ki\u1ebfn th\u1ee9c ng\u00f4n ng\u1eef c\u1ee7a [&hellip;]<\/p>\n","protected":false},"author":1,"featured_media":1442278,"parent":0,"menu_order":0,"comment_status":"closed","ping_status":"closed","template":"LearningContentPage.php","meta":{"_acf_changed":false,"footnotes":""},"class_list":["post-1442276","page","type-page","status-publish","has-post-thumbnail","hentry"],"acf":[],"yoast_head":"<!-- This site is optimized with the Yoast SEO Premium plugin v27.2 (Yoast SEO v27.2) - https:\/\/yoast.com\/product\/yoast-seo-premium-wordpress\/ -->\n<title>Ng\u1eef ph\u00e1p ti\u1ebfng Hungary - Talkpal<\/title>\n<meta name=\"description\" content=\"N\u1eafm v\u1eefng ng\u1eef ph\u00e1p ti\u1ebfng Hungary - h\u1ecdc c\u00e1c quy t\u1eafc ng\u1eef ph\u00e1p v\u00e0 th\u1ef1c h\u00e0nh t\u1ea1o c\u00e2u. Nh\u1eadn h\u01b0\u1edbng d\u1eabn h\u1eefu \u00edch t\u1eeb TalkPal AI.\" \/>\n<meta name=\"robots\" content=\"index, follow, max-snippet:-1, max-image-preview:large, max-video-preview:-1\" \/>\n<link rel=\"canonical\" href=\"https:\/\/talkpal.ai\/vi\/ngu-phap-tieng-hungary\/\" \/>\n<meta property=\"og:locale\" content=\"vi_VN\" \/>\n<meta property=\"og:type\" content=\"article\" \/>\n<meta property=\"og:title\" content=\"Ng\u1eef ph\u00e1p ti\u1ebfng Hungary\" \/>\n<meta property=\"og:description\" content=\"Ti\u00eau \u0111\u1ec1: M\u1edf kh\u00f3a b\u00ed m\u1eadt c\u1ee7a ng\u1eef ph\u00e1p ti\u1ebfng Hungary Ti\u1ebfng Hungary, m\u1ed9t ng\u00f4n ng\u1eef Finno-Ugric, n\u1ed5i b\u1eadt v\u1edbi h\u1ec7 th\u1ed1ng ng\u1eef ph\u00e1p \u0111\u1ed9c \u0111\u00e1o, khi\u1ebfn n\u00f3 tr\u1edf th\u00e0nh m\u1ed9t\" \/>\n<meta property=\"og:url\" content=\"https:\/\/talkpal.ai\/vi\/ngu-phap-tieng-hungary\/\" \/>\n<meta property=\"og:site_name\" content=\"Talkpal\" \/>\n<meta property=\"article:publisher\" content=\"https:\/\/www.facebook.com\/profile.php?id=100090733639311\" \/>\n<meta property=\"article:modified_time\" content=\"2025-12-12T10:34:18+00:00\" \/>\n<meta property=\"og:image\" content=\"https:\/\/talkpal.ai\/wp-content\/uploads\/2023\/05\/Hungarian.png\" \/>\n\t<meta property=\"og:image:width\" content=\"512\" \/>\n\t<meta property=\"og:image:height\" content=\"512\" \/>\n\t<meta property=\"og:image:type\" content=\"image\/png\" \/>\n<meta name=\"twitter:card\" content=\"summary_large_image\" \/>\n<meta name=\"twitter:site\" content=\"@talkpalai\" \/>\n<meta name=\"twitter:label1\" content=\"Est. reading time\" \/>\n\t<meta name=\"twitter:data1\" content=\"6 minutes\" \/>\n<script type=\"application\/ld+json\" class=\"yoast-schema-graph\">{\"@context\":\"https:\/\/schema.org\",\"@graph\":[{\"@type\":\"WebPage\",\"@id\":\"https:\/\/talkpal.ai\/vi\/ngu-phap-tieng-hungary\/\",\"url\":\"https:\/\/talkpal.ai\/vi\/ngu-phap-tieng-hungary\/\",\"name\":\"Ng\u1eef ph\u00e1p ti\u1ebfng Hungary - Talkpal\",\"isPartOf\":{\"@id\":\"https:\/\/talkpal.ai\/vi\/#website\"},\"primaryImageOfPage\":{\"@id\":\"https:\/\/talkpal.ai\/vi\/ngu-phap-tieng-hungary\/#primaryimage\"},\"image\":{\"@id\":\"https:\/\/talkpal.ai\/vi\/ngu-phap-tieng-hungary\/#primaryimage\"},\"thumbnailUrl\":\"https:\/\/talkpal.ai\/wp-content\/uploads\/2023\/05\/Hungarian.png\",\"datePublished\":\"2023-05-14T14:08:53+00:00\",\"dateModified\":\"2025-12-12T10:34:18+00:00\",\"description\":\"N\u1eafm v\u1eefng ng\u1eef ph\u00e1p ti\u1ebfng Hungary - h\u1ecdc c\u00e1c quy t\u1eafc ng\u1eef ph\u00e1p v\u00e0 th\u1ef1c h\u00e0nh t\u1ea1o c\u00e2u. Nh\u1eadn h\u01b0\u1edbng d\u1eabn h\u1eefu \u00edch t\u1eeb TalkPal AI.\",\"breadcrumb\":{\"@id\":\"https:\/\/talkpal.ai\/vi\/ngu-phap-tieng-hungary\/#breadcrumb\"},\"inLanguage\":\"vi-VN\",\"potentialAction\":[{\"@type\":\"ReadAction\",\"target\":[\"https:\/\/talkpal.ai\/vi\/ngu-phap-tieng-hungary\/\"]}]},{\"@type\":\"ImageObject\",\"inLanguage\":\"vi-VN\",\"@id\":\"https:\/\/talkpal.ai\/vi\/ngu-phap-tieng-hungary\/#primaryimage\",\"url\":\"https:\/\/talkpal.ai\/wp-content\/uploads\/2023\/05\/Hungarian.png\",\"contentUrl\":\"https:\/\/talkpal.ai\/wp-content\/uploads\/2023\/05\/Hungarian.png\",\"width\":512,\"height\":512,\"caption\":\"TalkPal Hungarian Flag\"},{\"@type\":\"BreadcrumbList\",\"@id\":\"https:\/\/talkpal.ai\/vi\/ngu-phap-tieng-hungary\/#breadcrumb\",\"itemListElement\":[{\"@type\":\"ListItem\",\"position\":1,\"name\":\"Homepage\",\"item\":\"https:\/\/talkpal.ai\/vi\/giao-vien-ngon-ngu-ai-3\/\"},{\"@type\":\"ListItem\",\"position\":2,\"name\":\"Ng\u1eef ph\u00e1p ti\u1ebfng Hungary\"}]},{\"@type\":\"WebSite\",\"@id\":\"https:\/\/talkpal.ai\/vi\/#website\",\"url\":\"https:\/\/talkpal.ai\/vi\/\",\"name\":\"Talkpal\",\"description\":\"AI Language Learning\",\"publisher\":{\"@id\":\"https:\/\/talkpal.ai\/vi\/#organization\"},\"alternateName\":\"Talkpal AI\",\"potentialAction\":[{\"@type\":\"SearchAction\",\"target\":{\"@type\":\"EntryPoint\",\"urlTemplate\":\"https:\/\/talkpal.ai\/vi\/?s={search_term_string}\"},\"query-input\":{\"@type\":\"PropertyValueSpecification\",\"valueRequired\":true,\"valueName\":\"search_term_string\"}}],\"inLanguage\":\"vi-VN\"},{\"@type\":\"Organization\",\"@id\":\"https:\/\/talkpal.ai\/vi\/#organization\",\"name\":\"Talkpal, Inc.\",\"alternateName\":\"Talkpal AI\",\"url\":\"https:\/\/talkpal.ai\/vi\/\",\"logo\":{\"@type\":\"ImageObject\",\"inLanguage\":\"vi-VN\",\"@id\":\"https:\/\/talkpal.ai\/vi\/#\/schema\/logo\/image\/\",\"url\":\"https:\/\/talkpal.ai\/wp-content\/uploads\/2024\/03\/Talkpal-Logo-Icon.png\",\"contentUrl\":\"https:\/\/talkpal.ai\/wp-content\/uploads\/2024\/03\/Talkpal-Logo-Icon.png\",\"width\":2880,\"height\":2880,\"caption\":\"Talkpal, Inc.\"},\"image\":{\"@id\":\"https:\/\/talkpal.ai\/vi\/#\/schema\/logo\/image\/\"},\"sameAs\":[\"https:\/\/www.facebook.com\/profile.php?id=100090733639311\",\"https:\/\/x.com\/talkpalai\",\"https:\/\/www.linkedin.com\/company\/talkpal\/\",\"https:\/\/www.youtube.com\/@TalkPal\/\",\"https:\/\/www.tiktok.com\/@talkpal\",\"https:\/\/www.instagram.com\/talkpal_ai\/\",\"https:\/\/www.crunchbase.com\/organization\/talkpal-9cde\",\"https:\/\/www.g2.com\/products\/talkpal-for-business\/\",\"https:\/\/www.trustpilot.com\/review\/talkpal.ai\",\"https:\/\/www.capterra.com\/p\/10006800\/TalkPal\/\"],\"description\":\"Talkpal is a language learning web and mobile education app, powered by the latest AI technologies, that provides engaging experiences to its customers in many different languages to help them improve their language skills. Users can chat about unlimited amount of topics with the app and use other modes to practice their language learning.\",\"email\":\"support@talkpal.ai\",\"legalName\":\"Talkpal, Inc.\",\"foundingDate\":\"2023-04-03\",\"duns\":\"118989042\",\"numberOfEmployees\":{\"@type\":\"QuantitativeValue\",\"minValue\":\"11\",\"maxValue\":\"50\"},\"publishingPrinciples\":\"https:\/\/talkpal.ai\/publishing-principles\/\",\"actionableFeedbackPolicy\":\"https:\/\/talkpal.ai\/actionable-feedback-policy\/\",\"correctionsPolicy\":\"https:\/\/talkpal.ai\/corrections-policy\/\",\"ethicsPolicy\":\"https:\/\/talkpal.ai\/ethics-policy\/\",\"diversityPolicy\":\"https:\/\/talkpal.ai\/diversity-policy\/\",\"diversityStaffingReport\":\"https:\/\/talkpal.ai\/diversity-policy\/\"}]}<\/script>\n<!-- \/ Yoast SEO Premium plugin. -->","yoast_head_json":{"title":"Ng\u1eef ph\u00e1p ti\u1ebfng Hungary - Talkpal","description":"N\u1eafm v\u1eefng ng\u1eef ph\u00e1p ti\u1ebfng Hungary - h\u1ecdc c\u00e1c quy t\u1eafc ng\u1eef ph\u00e1p v\u00e0 th\u1ef1c h\u00e0nh t\u1ea1o c\u00e2u. Nh\u1eadn h\u01b0\u1edbng d\u1eabn h\u1eefu \u00edch t\u1eeb TalkPal AI.","robots":{"index":"index","follow":"follow","max-snippet":"max-snippet:-1","max-image-preview":"max-image-preview:large","max-video-preview":"max-video-preview:-1"},"canonical":"https:\/\/talkpal.ai\/vi\/ngu-phap-tieng-hungary\/","og_locale":"vi_VN","og_type":"article","og_title":"Ng\u1eef ph\u00e1p ti\u1ebfng Hungary","og_description":"Ti\u00eau \u0111\u1ec1: M\u1edf kh\u00f3a b\u00ed m\u1eadt c\u1ee7a ng\u1eef ph\u00e1p ti\u1ebfng Hungary Ti\u1ebfng Hungary, m\u1ed9t ng\u00f4n ng\u1eef Finno-Ugric, n\u1ed5i b\u1eadt v\u1edbi h\u1ec7 th\u1ed1ng ng\u1eef ph\u00e1p \u0111\u1ed9c \u0111\u00e1o, khi\u1ebfn n\u00f3 tr\u1edf th\u00e0nh m\u1ed9t","og_url":"https:\/\/talkpal.ai\/vi\/ngu-phap-tieng-hungary\/","og_site_name":"Talkpal","article_publisher":"https:\/\/www.facebook.com\/profile.php?id=100090733639311","article_modified_time":"2025-12-12T10:34:18+00:00","og_image":[{"width":512,"height":512,"url":"https:\/\/talkpal.ai\/wp-content\/uploads\/2023\/05\/Hungarian.png","type":"image\/png"}],"twitter_card":"summary_large_image","twitter_site":"@talkpalai","twitter_misc":{"Est. reading time":"6 minutes"},"schema":{"@context":"https:\/\/schema.org","@graph":[{"@type":"WebPage","@id":"https:\/\/talkpal.ai\/vi\/ngu-phap-tieng-hungary\/","url":"https:\/\/talkpal.ai\/vi\/ngu-phap-tieng-hungary\/","name":"Ng\u1eef ph\u00e1p ti\u1ebfng Hungary - Talkpal","isPartOf":{"@id":"https:\/\/talkpal.ai\/vi\/#website"},"primaryImageOfPage":{"@id":"https:\/\/talkpal.ai\/vi\/ngu-phap-tieng-hungary\/#primaryimage"},"image":{"@id":"https:\/\/talkpal.ai\/vi\/ngu-phap-tieng-hungary\/#primaryimage"},"thumbnailUrl":"https:\/\/talkpal.ai\/wp-content\/uploads\/2023\/05\/Hungarian.png","datePublished":"2023-05-14T14:08:53+00:00","dateModified":"2025-12-12T10:34:18+00:00","description":"N\u1eafm v\u1eefng ng\u1eef ph\u00e1p ti\u1ebfng Hungary - h\u1ecdc c\u00e1c quy t\u1eafc ng\u1eef ph\u00e1p v\u00e0 th\u1ef1c h\u00e0nh t\u1ea1o c\u00e2u. Nh\u1eadn h\u01b0\u1edbng d\u1eabn h\u1eefu \u00edch t\u1eeb TalkPal AI.","breadcrumb":{"@id":"https:\/\/talkpal.ai\/vi\/ngu-phap-tieng-hungary\/#breadcrumb"},"inLanguage":"vi-VN","potentialAction":[{"@type":"ReadAction","target":["https:\/\/talkpal.ai\/vi\/ngu-phap-tieng-hungary\/"]}]},{"@type":"ImageObject","inLanguage":"vi-VN","@id":"https:\/\/talkpal.ai\/vi\/ngu-phap-tieng-hungary\/#primaryimage","url":"https:\/\/talkpal.ai\/wp-content\/uploads\/2023\/05\/Hungarian.png","contentUrl":"https:\/\/talkpal.ai\/wp-content\/uploads\/2023\/05\/Hungarian.png","width":512,"height":512,"caption":"TalkPal Hungarian Flag"},{"@type":"BreadcrumbList","@id":"https:\/\/talkpal.ai\/vi\/ngu-phap-tieng-hungary\/#breadcrumb","itemListElement":[{"@type":"ListItem","position":1,"name":"Homepage","item":"https:\/\/talkpal.ai\/vi\/giao-vien-ngon-ngu-ai-3\/"},{"@type":"ListItem","position":2,"name":"Ng\u1eef ph\u00e1p ti\u1ebfng Hungary"}]},{"@type":"WebSite","@id":"https:\/\/talkpal.ai\/vi\/#website","url":"https:\/\/talkpal.ai\/vi\/","name":"Talkpal","description":"AI Language Learning","publisher":{"@id":"https:\/\/talkpal.ai\/vi\/#organization"},"alternateName":"Talkpal AI","potentialAction":[{"@type":"SearchAction","target":{"@type":"EntryPoint","urlTemplate":"https:\/\/talkpal.ai\/vi\/?s={search_term_string}"},"query-input":{"@type":"PropertyValueSpecification","valueRequired":true,"valueName":"search_term_string"}}],"inLanguage":"vi-VN"},{"@type":"Organization","@id":"https:\/\/talkpal.ai\/vi\/#organization","name":"Talkpal, Inc.","alternateName":"Talkpal AI","url":"https:\/\/talkpal.ai\/vi\/","logo":{"@type":"ImageObject","inLanguage":"vi-VN","@id":"https:\/\/talkpal.ai\/vi\/#\/schema\/logo\/image\/","url":"https:\/\/talkpal.ai\/wp-content\/uploads\/2024\/03\/Talkpal-Logo-Icon.png","contentUrl":"https:\/\/talkpal.ai\/wp-content\/uploads\/2024\/03\/Talkpal-Logo-Icon.png","width":2880,"height":2880,"caption":"Talkpal, Inc."},"image":{"@id":"https:\/\/talkpal.ai\/vi\/#\/schema\/logo\/image\/"},"sameAs":["https:\/\/www.facebook.com\/profile.php?id=100090733639311","https:\/\/x.com\/talkpalai","https:\/\/www.linkedin.com\/company\/talkpal\/","https:\/\/www.youtube.com\/@TalkPal\/","https:\/\/www.tiktok.com\/@talkpal","https:\/\/www.instagram.com\/talkpal_ai\/","https:\/\/www.crunchbase.com\/organization\/talkpal-9cde","https:\/\/www.g2.com\/products\/talkpal-for-business\/","https:\/\/www.trustpilot.com\/review\/talkpal.ai","https:\/\/www.capterra.com\/p\/10006800\/TalkPal\/"],"description":"Talkpal is a language learning web and mobile education app, powered by the latest AI technologies, that provides engaging experiences to its customers in many different languages to help them improve their language skills. Users can chat about unlimited amount of topics with the app and use other modes to practice their language learning.","email":"support@talkpal.ai","legalName":"Talkpal, Inc.","foundingDate":"2023-04-03","duns":"118989042","numberOfEmployees":{"@type":"QuantitativeValue","minValue":"11","maxValue":"50"},"publishingPrinciples":"https:\/\/talkpal.ai\/publishing-principles\/","actionableFeedbackPolicy":"https:\/\/talkpal.ai\/actionable-feedback-policy\/","correctionsPolicy":"https:\/\/talkpal.ai\/corrections-policy\/","ethicsPolicy":"https:\/\/talkpal.ai\/ethics-policy\/","diversityPolicy":"https:\/\/talkpal.ai\/diversity-policy\/","diversityStaffingReport":"https:\/\/talkpal.ai\/diversity-policy\/"}]}},"_links":{"self":[{"href":"https:\/\/talkpal.ai\/vi\/wp-json\/wp\/v2\/pages\/1442276","targetHints":{"allow":["GET"]}}],"collection":[{"href":"https:\/\/talkpal.ai\/vi\/wp-json\/wp\/v2\/pages"}],"about":[{"href":"https:\/\/talkpal.ai\/vi\/wp-json\/wp\/v2\/types\/page"}],"author":[{"embeddable":true,"href":"https:\/\/talkpal.ai\/vi\/wp-json\/wp\/v2\/users\/1"}],"replies":[{"embeddable":true,"href":"https:\/\/talkpal.ai\/vi\/wp-json\/wp\/v2\/comments?post=1442276"}],"version-history":[{"count":0,"href":"https:\/\/talkpal.ai\/vi\/wp-json\/wp\/v2\/pages\/1442276\/revisions"}],"wp:featuredmedia":[{"embeddable":true,"href":"https:\/\/talkpal.ai\/vi\/wp-json\/wp\/v2\/media\/1442278"}],"wp:attachment":[{"href":"https:\/\/talkpal.ai\/vi\/wp-json\/wp\/v2\/media?parent=1442276"}],"curies":[{"name":"wp","href":"https:\/\/api.w.org\/{rel}","templated":true}]}}