{"id":1442270,"date":"2023-05-14T14:03:43","date_gmt":"2023-05-14T14:03:43","guid":{"rendered":"https:\/\/talkpal.ai\/ngu-phap-galicia\/"},"modified":"2025-12-13T15:28:37","modified_gmt":"2025-12-13T15:28:37","slug":"ngu-phap-galicia","status":"publish","type":"page","link":"https:\/\/talkpal.ai\/vi\/ngu-phap-galicia\/","title":{"rendered":"Ng\u1eef ph\u00e1p Galicia"},"content":{"rendered":"\r\n\r\n\r\n<section class=\"languageChallengeSection\">\r\n    <div class=\"languageInfoWrapper\">\r\n        \r\n        <h1>Ng\u1eef ph\u00e1p Galicia<\/h1>\r\n        <p>Kh\u00e1m ph\u00e1 s\u1ef1 quy\u1ebfn r\u0169 c\u1ee7a <a href=\"https:\/\/talkpal.ai\/vi\/hoc-ngon-ngu-cho-cac-truong-ngon-ngu\/\">ng\u00f4n ng\u1eef<\/a> <a href=\"https:\/\/talkpal.ai\/learn-galician\/\">Galicia<\/a> b\u1eb1ng c\u00e1ch n\u1eafm v\u1eefng c\u00e1c quy t\u1eafc <a href=\"https:\/\/talkpal.ai\/vi\/ngu-phap\/\">ng\u1eef ph\u00e1p<\/a> c\u01a1 b\u1ea3n c\u1ee7a n\u00f3. Hi\u1ec3u <a href=\"https:\/\/talkpal.ai\/vi\/ngu-phap\/\">ng\u1eef ph\u00e1p<\/a> Galicia s\u1ebd m\u1edf ra c\u00e1nh c\u1eeda giao ti\u1ebfp c\u00f3 \u00fd ngh\u0129a v\u00e0 \u0111\u00e1nh gi\u00e1 cao h\u01a1n <a href=\"https:\/\/talkpal.ai\/vi\/ve\/\">v\u1ec1<\/a> n\u1ec1n v\u0103n h\u00f3a s\u00f4i \u0111\u1ed9ng c\u1ee7a Galicia. B\u1eaft \u0111\u1ea7u <a href=\"https:\/\/talkpal.ai\/grammar\/\">h\u1ecdc ng\u1eef ph\u00e1p<\/a> Galicia ngay h\u00f4m nay v\u00e0 th\u1ef1c hi\u1ec7n b\u01b0\u1edbc \u0111\u1ea7u ti\u00ean c\u1ee7a b\u1ea1n \u0111\u1ec3 tr\u1edf n\u00ean tr\u00f4i ch\u1ea3y!<\/p>\r\n\r\n                            <a class=\"getStartedHidden\" href=\"https:\/\/app.talkpal.ai\/vi\/signup?lng=\">B\u1eaft \u0111\u1ea7u nh\u00e9<\/a>\r\n        \r\n    <\/div>\r\n\r\n    <figure>\r\n    <img decoding=\"async\" width=\"768\" height=\"768\" src=\"https:\/\/talkpal.ai\/wp-content\/uploads\/2023\/06\/galician-768x768.png\" class=\"languageImage no-lazy\" alt=\"Language immersion powerful learning method\" fetchpriority=\"high\" sizes=\"(max-width: 768px) 150px, 768px\" srcset=\"https:\/\/talkpal.ai\/wp-content\/uploads\/2023\/06\/galician-768x768.png 768w, https:\/\/talkpal.ai\/wp-content\/uploads\/2023\/06\/galician-300x300.png 300w\" \/>\r\n    \r\n\r\n    <\/figure>\r\n\r\n            <a class=\"getStartedVisible\" href=\"https:\/\/app.talkpal.ai\/vi\/signup?lng=\">B\u1eaft \u0111\u1ea7u nh\u00e9<\/a>\r\n    \r\n<\/section>\r\n<section class=\"promotionalBanner\">\r\n    <p class=\"promotionalText\">C\u00e1ch hi\u1ec7u qu\u1ea3 nh\u1ea5t \u0111\u1ec3 h\u1ecdc m\u1ed9t ng\u00f4n ng\u1eef<\/p>\r\n    <a class=\"promotionalLink\" href=\"https:\/\/app.talkpal.ai\/vi\/signup?lng=\">D\u00f9ng th\u1eed Talkpal mi\u1ec5n ph\u00ed<\/a>\r\n<\/section>\n<div class=\"wp-block-group pageContainerStyle\"><div class=\"wp-block-group__inner-container is-layout-constrained wp-block-group-is-layout-constrained\">\n<h2 class=\"wp-block-heading\" id=\"h-galician-grammar-unlocking-the-beauty-of-a-romance-language\">Ng\u1eef ph\u00e1p Galicia: M\u1edf kh\u00f3a v\u1ebb \u0111\u1eb9p c\u1ee7a m\u1ed9t ng\u00f4n ng\u1eef l\u00e3ng m\u1ea1n<\/h2>\n\n\n\n<p>Ti\u1ebfng Galicia, m\u1ed9t ng\u00f4n ng\u1eef Romance \u0111\u01b0\u1ee3c h\u01a1n hai tri\u1ec7u ng\u01b0\u1eddi \u1edf t\u00e2y b\u1eafc T\u00e2y Ban Nha s\u1eed d\u1ee5ng, l\u00e0 m\u1ed9t ph\u01b0\u01a1ng ng\u1eef \u0111\u1ed9c \u0111\u00e1o v\u00e0 quy\u1ebfn r\u0169 c\u00f3 nh\u1eefng \u0111i\u1ec3m t\u01b0\u01a1ng \u0111\u1ed3ng v\u1edbi <a href=\"https:\/\/talkpal.ai\/learn-portuguese\/\">ti\u1ebfng B\u1ed3 \u0110\u00e0o Nha<\/a>. N\u00f3 c\u00f3 m\u1ed9t \u00e2m v\u1ecb h\u1ecdc \u0111\u1eb7c bi\u1ec7t, l\u1ecbch s\u1eed h\u1ea5p d\u1eabn v\u00e0 m\u1ed9t <a href=\"https:\/\/talkpal.ai\/will-ai-kill-traditional-language-learning\/\">truy\u1ec1n th\u1ed1ng<\/a> th\u01a1 ca s\u1ed1ng \u0111\u1ed9ng. \u0110\u1ec3 th\u00e0nh th\u1ea1o ng\u00f4n ng\u1eef m\u00ea ho\u1eb7c n\u00e0y, \u0111i\u1ec1u quan tr\u1ecdng l\u00e0 ph\u1ea3i hi\u1ec3u ng\u1eef ph\u00e1p c\u1ee7a n\u00f3. Trong b\u00e0i vi\u1ebft n\u00e0y, ch\u00fang t\u00f4i s\u1ebd kh\u00e1m ph\u00e1 c\u00e1c kh\u00eda c\u1ea1nh thi\u1ebft y\u1ebfu c\u1ee7a ng\u1eef ph\u00e1p Galicia v\u00e0 cung c\u1ea5p c\u00e1c m\u1eb9o \u0111\u1ec3 gi\u00fap b\u1ea1n v\u01b0\u1ee3t tr\u1ed9i trong h\u00e0nh tr\u00ecnh ng\u00f4n ng\u1eef n\u00e0y.<\/p>\n\n\n\n<h3 class=\"wp-block-heading\" id=\"h-key-components-of-galician-grammar\">C\u00e1c th\u00e0nh ph\u1ea7n ch\u00ednh c\u1ee7a ng\u1eef ph\u00e1p Galicia:<\/h3>\n\n\n\n<p>Ng\u1eef ph\u00e1p Galicia, gi\u1ed1ng nh\u01b0 c\u00e1c ng\u00f4n ng\u1eef La M\u00e3 kh\u00e1c, bao g\u1ed3m c\u00e1c quy t\u1eafc v\u00e0 c\u1ea5u tr\u00fac kh\u00e1c nhau x\u00e1c \u0111\u1ecbnh c\u00e1ch s\u1eed d\u1ee5ng th\u00edch h\u1ee3p c\u1ee7a n\u00f3. D\u01b0\u1edbi \u0111\u00e2y l\u00e0 m\u1ed9t s\u1ed1 kh\u00eda c\u1ea1nh c\u01a1 b\u1ea3n c\u1ee7a ng\u1eef ph\u00e1p Galicia m\u00e0 b\u1ea1n n\u00ean l\u00e0m quen:<\/p>\n\n\n\n<p><strong>1. Danh t\u1eeb:<\/strong> Danh t\u1eeb Galicia c\u00f3 hai gi\u1edbi t\u00ednh ng\u1eef ph\u00e1p (nam v\u00e0 n\u1eef) v\u00e0 \u0111\u01b0\u1ee3c bi\u1ebfn \u0111\u1ed5i cho s\u1ed1 (s\u1ed1 \u00edt v\u00e0 s\u1ed1 nhi\u1ec1u). Gi\u1edbi t\u00ednh c\u1ee7a m\u1ed9t danh t\u1eeb \u1ea3nh h\u01b0\u1edfng \u0111\u1ebfn h\u00ecnh th\u1ee9c c\u1ee7a m\u1ea1o t\u1eeb, t\u00ednh t\u1eeb v\u00e0 \u0111\u1ea1i t\u1eeb \u0111i k\u00e8m v\u1edbi n\u00f3.<\/p>\n\n\n\n<p><strong>2. M\u1ea1o t\u1eeb:<\/strong> Ti\u1ebfng Galicia c\u00f3 m\u1ea1o t\u1eeb x\u00e1c \u0111\u1ecbnh (o, os, a, as) v\u00e0 m\u1ea1o t\u1eeb kh\u00f4ng x\u00e1c \u0111\u1ecbnh (un, uns, unha, unhas). M\u1ea1o t\u1eeb x\u00e1c \u0111\u1ecbnh \u0111\u01b0\u1ee3c s\u1eed d\u1ee5ng \u0111\u1ec3 ch\u1ec9 c\u00e1c \u0111\u1ed1i t\u01b0\u1ee3ng ho\u1eb7c ng\u01b0\u1eddi c\u1ee5 th\u1ec3, trong khi m\u1ea1o t\u1eeb kh\u00f4ng x\u00e1c \u0111\u1ecbnh \u0111\u01b0\u1ee3c s\u1eed d\u1ee5ng cho c\u00e1c t\u00e0i li\u1ec7u tham kh\u1ea3o chung ho\u1eb7c kh\u00f4ng c\u1ee5 th\u1ec3.<\/p>\n\n\n\n<p><strong>3. T\u00ednh t\u1eeb v\u00e0 tr\u1ea1ng t\u1eeb:<\/strong> T\u00ednh t\u1eeb trong ti\u1ebfng Galicia th\u01b0\u1eddng \u0111\u1ed3ng \u00fd v\u1ec1 gi\u1edbi t\u00ednh v\u00e0 s\u1ed1 l\u01b0\u1ee3ng v\u1edbi c\u00e1c danh t\u1eeb m\u00e0 ch\u00fang s\u1eeda \u0111\u1ed5i. M\u1eb7t kh\u00e1c, tr\u1ea1ng t\u1eeb l\u00e0 b\u1ea5t bi\u1ebfn v\u00e0 kh\u00f4ng thay \u0111\u1ed5i theo gi\u1edbi t\u00ednh ho\u1eb7c s\u1ed1 l\u01b0\u1ee3ng c\u1ee7a danh t\u1eeb.<\/p>\n\n\n\n<p><strong>4. \u0110\u1ed9ng t\u1eeb:<\/strong> \u0110\u1ed9ng t\u1eeb Galicia \u0111\u01b0\u1ee3c chia th\u00e0nh ba m\u1eabu th\u00f4ng th\u01b0\u1eddng (ar, er, ir) v\u00e0 c\u00e1c m\u1eabu b\u1ea5t quy t\u1eafc kh\u00e1c nhau. \u0110\u1ed9ng t\u1eeb \u0111\u01b0\u1ee3c bi\u1ebfn \u0111\u1ed5i theo th\u00ec (hi\u1ec7n t\u1ea1i, qu\u00e1 kh\u1ee9, t\u01b0\u01a1ng lai, v.v.), t\u00e2m tr\u1ea1ng (ch\u1ec9 \u0111\u1ecbnh, gi\u1ea3 \u0111\u1ecbnh, m\u1ec7nh l\u1ec7nh), kh\u00eda c\u1ea1nh (ho\u00e0n h\u1ea3o, kh\u00f4ng ho\u00e0n h\u1ea3o) v\u00e0 gi\u1ecdng n\u00f3i (ch\u1ee7 \u0111\u1ed9ng, th\u1ee5 \u0111\u1ed9ng). \u0110\u1ea1i t\u1eeb th\u01b0\u1eddng b\u1ecb b\u1ecf qua trong c\u00e1ch chia \u0111\u1ed9ng t\u1eeb, v\u00ec d\u1ea1ng \u0111\u1ed9ng t\u1eeb th\u01b0\u1eddng ch\u1ec9 ch\u1ee7 ng\u1eef.<\/p>\n\n\n\n<p><strong>5. C\u1ea5u tr\u00fac c\u00e2u:<\/strong> Ti\u1ebfng Galicia th\u01b0\u1eddng s\u1eed d\u1ee5ng tr\u1eadt t\u1ef1 t\u1eeb Ch\u1ee7 ng\u1eef-\u0110\u1ed9ng t\u1eeb-\u0110\u1ed1i t\u01b0\u1ee3ng (SVO) ho\u1eb7c Verb-Subject-Object (VSO), t\u00f9y thu\u1ed9c v\u00e0o \u0111i\u1ec3m nh\u1ea5n v\u00e0 ng\u1eef c\u1ea3nh. Tuy nhi\u00ean, th\u1ee9 t\u1ef1 t\u1eeb n\u00e0y r\u1ea5t linh ho\u1ea1t.<\/p>\n\n\n\n<h3 class=\"wp-block-heading\" id=\"h-tips-for-learning-galician-grammar\">M\u1eb9o h\u1ecdc ng\u1eef ph\u00e1p Galicia:<\/h3>\n\n\n\n<p>\u0110\u1ec3 v\u01b0\u1ee3t tr\u1ed9i trong h\u00e0nh tr\u00ecnh h\u1ecdc ng\u1eef ph\u00e1p Galicia c\u1ee7a b\u1ea1n, h\u00e3y xem x\u00e9t c\u00e1c chi\u1ebfn l\u01b0\u1ee3c h\u1eefu \u00edch sau:<\/p>\n\n\n\n<p><strong>1. Th\u1ef1c h\u00e0nh th\u01b0\u1eddng xuy\u00ean:<\/strong> T\u00ednh nh\u1ea5t qu\u00e1n l\u00e0 ch\u00eca kh\u00f3a. D\u00e0nh th\u1eddi gian c\u1ee5 th\u1ec3 m\u1ed7i ng\u00e0y ho\u1eb7c m\u1ed7i tu\u1ea7n \u0111\u1ec3 th\u1ef1c h\u00e0nh c\u00e1c b\u00e0i t\u1eadp ng\u1eef ph\u00e1p, \u0111\u1ecdc v\u00e0 vi\u1ebft b\u1eb1ng ti\u1ebfng Galicia.<\/p>\n\n\n\n<p><strong>2. S\u1eed d\u1ee5ng t\u00e0i nguy\u00ean g\u1ed1c:<\/strong> \u0110\u1eafm ch\u00ecm trong c\u00e1c t\u00e0i li\u1ec7u Galicia \u0111\u00edch th\u1ef1c nh\u01b0 v\u0103n h\u1ecdc, b\u00e0i b\u00e1o v\u00e0 phim. \u0110i\u1ec1u n\u00e0y kh\u00f4ng ch\u1ec9 gi\u00fap b\u1ea1n nh\u00ecn th\u1ea5y ng\u1eef ph\u00e1p Galicia trong ng\u1eef c\u1ea3nh m\u00e0 c\u00f2n c\u1ea3i thi\u1ec7n k\u1ef9 n\u0103ng \u0111\u1ecdc v\u00e0 nghe c\u1ee7a b\u1ea1n.<\/p>\n\n\n\n<p><strong>3. T\u00ecm hi\u1ec3u gi\u1edbi t\u00ednh danh t\u1eeb v\u00e0 m\u1ea1o t\u1eeb:<\/strong> L\u00e0m quen v\u1edbi gi\u1edbi t\u00ednh danh t\u1eeb Galicia v\u00e0 c\u00e1ch s\u1eed d\u1ee5ng \u0111\u00fang m\u1ea1o t\u1eeb. \u0110i\u1ec1u n\u00e0y r\u1ea5t quan tr\u1ecdng \u0111\u1ec3 h\u00ecnh th\u00e0nh c\u00e1c c\u00e2u ch\u00ednh x\u00e1c v\u00e0 m\u1ea1ch l\u1ea1c.<\/p>\n\n\n\n<p><strong>4. K\u1ebft n\u1ed1i v\u1edbi ng\u01b0\u1eddi b\u1ea3n ng\u1eef:<\/strong> T\u01b0\u01a1ng t\u00e1c v\u1edbi ng\u01b0\u1eddi b\u1ea3n x\u1ee9 Galicia th\u00f4ng qua c\u00e1c ch\u01b0\u01a1ng tr\u00ecnh trao \u0111\u1ed5i ng\u00f4n ng\u1eef, ph\u01b0\u01a1ng ti\u1ec7n truy\u1ec1n th\u00f4ng x\u00e3 h\u1ed9i ho\u1eb7c di\u1ec5n \u0111\u00e0n tr\u1ef1c tuy\u1ebfn. \u0110i\u1ec1u n\u00e0y t\u1ea1o c\u01a1 h\u1ed9i th\u1ef1c h\u00e0nh ng\u1eef ph\u00e1p trong c\u00e1c cu\u1ed9c tr\u00f2 chuy\u1ec7n th\u1ef1c t\u1ebf v\u00e0 nh\u1eadn \u0111\u01b0\u1ee3c ph\u1ea3n h\u1ed3i c\u00f3 gi\u00e1 tr\u1ecb.<\/p>\n\n\n\n<p><strong>5. Ki\u00ean nh\u1eabn v\u00e0 ki\u00ean tr\u00ec:<\/strong> H\u1ecdc m\u1ed9t ng\u00f4n ng\u1eef m\u1edbi c\u1ea7n c\u00f3 th\u1eddi gian, quy\u1ebft t\u00e2m v\u00e0 ki\u00ean nh\u1eabn. \u0110\u00f3n nh\u1eadn nh\u1eefng th\u1eed th\u00e1ch v\u00e0 \u0103n m\u1eebng s\u1ef1 ti\u1ebfn b\u1ed9 c\u1ee7a b\u1ea1n tr\u00ean \u0111\u01b0\u1eddng \u0111i.<\/p>\n\n\n\n<h2 class=\"wp-block-heading\" id=\"h-conclusion\">K\u1ebft th\u00fac:<\/h2>\n\n\n\n<p>Ng\u1eef ph\u00e1p Galicia, v\u1edbi nh\u1eefng \u0111\u1eb7c \u0111i\u1ec3m \u0111\u1ed9c \u0111\u00e1o v\u00e0 m\u1ed1i li\u00ean h\u1ec7 v\u1edbi h\u1ec7 ng\u00f4n ng\u1eef Romance, n\u1eafm gi\u1eef ch\u00eca kh\u00f3a \u0111\u1ec3 n\u1eafm v\u1eefng ph\u01b0\u01a1ng ng\u1eef quy\u1ebfn r\u0169 n\u00e0y. B\u1eb1ng c\u00e1ch hi\u1ec3u c\u00e1c th\u00e0nh ph\u1ea7n ch\u00ednh c\u1ee7a n\u00f3 v\u00e0 l\u00e0m theo c\u00e1c chi\u1ebfn l\u01b0\u1ee3c h\u1ecdc t\u1eadp c\u1ee7a ch\u00fang t\u00f4i, b\u1ea1n s\u1ebd tr\u00ean con \u0111\u01b0\u1eddng \u0111\u1ea1t \u0111\u01b0\u1ee3c tr\u00ecnh \u0111\u1ed9 ng\u00f4n ng\u1eef. V\u00ec v\u1eady, h\u00e3y b\u1eaft tay v\u00e0o cu\u1ed9c h\u00e0nh tr\u00ecnh th\u00fa v\u1ecb n\u00e0y v\u00e0 m\u1edf kh\u00f3a nh\u1eefng \u0111i\u1ec1u k\u1ef3 di\u1ec7u c\u1ee7a ng\u00f4n ng\u1eef Galicia!<\/p>\n<\/div><\/div>\n\r\n<section class=\"learnNavigationSection\">\r\n            \r\n        <a href=\"https:\/\/talkpal.ai\/vi\/hoc-tieng-galicia\/\">\r\n            <div class=\"learnNavigationWrapper\">\r\n                <div class=\"learnNavigationContent\">\r\n                    <img decoding=\"async\" src=\"https:\/\/talkpal.ai\/wp-content\/uploads\/2024\/08\/Galician.jpg\" alt=\"Galicia Flag\">\r\n                    <div>\r\n                        <h4>Gi\u1edbi thi\u1ec7u v\u1ec1 Galician Learning<\/h4>\r\n                        <p>T\u00ecm hi\u1ec3u t\u1ea5t c\u1ea3 v\u1ec1 ng\u1eef ph\u00e1p Galicia.<\/p>\r\n                    <\/div>\r\n                <\/div>\r\n            <\/div>\r\n        <\/a>\r\n\r\n        \r\n        <a href=\"https:\/\/talkpal.ai\/vi\/bai-tap-ngu-phap-galicia\/\">\r\n            <div class=\"learnNavigationWrapper\">\r\n                <div class=\"learnNavigationContent\">\r\n                    <img decoding=\"async\" src=\"https:\/\/talkpal.ai\/wp-content\/uploads\/2024\/08\/Galician.jpg\" alt=\"Galicia Flag\">\r\n                    <div>\r\n                        <h4>B\u00e0i t\u1eadp ng\u1eef ph\u00e1p Galicia<\/h4>\r\n                        <p>Th\u1ef1c h\u00e0nh ng\u1eef ph\u00e1p Galicia.<\/p>\r\n                    <\/div>\r\n                <\/div>\r\n            <\/div>\r\n        <\/a>\r\n\r\n        \r\n        <a href=\"https:\/\/talkpal.ai\/vocabulary_language\/galician\/\">\r\n            <div class=\"learnNavigationWrapper\">\r\n                <div class=\"learnNavigationContent\">\r\n                    <img decoding=\"async\" src=\"https:\/\/talkpal.ai\/wp-content\/uploads\/2024\/08\/Galician.jpg\" alt=\"Galicia Flag\">\r\n                    <div>\r\n                        <h4>T\u1eeb v\u1ef1ng Galicia<\/h4>\r\n                        <p>M\u1edf r\u1ed9ng v\u1ed1n t\u1eeb v\u1ef1ng ti\u1ebfng Galicia c\u1ee7a b\u1ea1n.<\/p>\r\n                    <\/div>\r\n                <\/div>\r\n            <\/div>\r\n        <\/a>\r\n\r\n            <\/section>","protected":false},"excerpt":{"rendered":"<p>Ng\u1eef ph\u00e1p Galicia: M\u1edf kh\u00f3a v\u1ebb \u0111\u1eb9p c\u1ee7a m\u1ed9t ng\u00f4n ng\u1eef l\u00e3ng m\u1ea1n Ti\u1ebfng Galicia, m\u1ed9t ng\u00f4n ng\u1eef Romance \u0111\u01b0\u1ee3c h\u01a1n hai tri\u1ec7u ng\u01b0\u1eddi \u1edf t\u00e2y b\u1eafc T\u00e2y Ban Nha s\u1eed d\u1ee5ng, l\u00e0 m\u1ed9t ph\u01b0\u01a1ng ng\u1eef \u0111\u1ed9c \u0111\u00e1o v\u00e0 quy\u1ebfn r\u0169 c\u00f3 nh\u1eefng \u0111i\u1ec3m t\u01b0\u01a1ng \u0111\u1ed3ng v\u1edbi ti\u1ebfng B\u1ed3 \u0110\u00e0o Nha. N\u00f3 c\u00f3 m\u1ed9t \u00e2m [&hellip;]<\/p>\n","protected":false},"author":1,"featured_media":1442273,"parent":0,"menu_order":0,"comment_status":"closed","ping_status":"closed","template":"LearningContentPage.php","meta":{"_acf_changed":false,"footnotes":""},"class_list":["post-1442270","page","type-page","status-publish","has-post-thumbnail","hentry"],"acf":[],"yoast_head":"<!-- This site is optimized with the Yoast SEO Premium plugin v27.2 (Yoast SEO v27.2) - https:\/\/yoast.com\/product\/yoast-seo-premium-wordpress\/ -->\n<title>Ng\u1eef ph\u00e1p Galicia - Talkpal<\/title>\n<meta name=\"description\" content=\"N\u1eafm v\u1eefng ng\u1eef ph\u00e1p Galicia m\u1ed9t c\u00e1ch d\u1ec5 d\u00e0ng - h\u1ecdc c\u00e1c quy t\u1eafc, x\u00e2y d\u1ef1ng c\u00e2u ch\u00ednh x\u00e1c v\u00e0 giao ti\u1ebfp r\u00f5 r\u00e0ng\" \/>\n<meta name=\"robots\" content=\"index, follow, max-snippet:-1, max-image-preview:large, max-video-preview:-1\" \/>\n<link rel=\"canonical\" href=\"https:\/\/talkpal.ai\/vi\/ngu-phap-galicia\/\" \/>\n<meta property=\"og:locale\" content=\"vi_VN\" \/>\n<meta property=\"og:type\" content=\"article\" \/>\n<meta property=\"og:title\" content=\"Ng\u1eef ph\u00e1p Galicia\" \/>\n<meta property=\"og:description\" content=\"Ng\u1eef ph\u00e1p Galicia: M\u1edf kh\u00f3a v\u1ebb \u0111\u1eb9p c\u1ee7a m\u1ed9t ng\u00f4n ng\u1eef l\u00e3ng m\u1ea1n Ti\u1ebfng Galicia, m\u1ed9t ng\u00f4n ng\u1eef Romance \u0111\u01b0\u1ee3c h\u01a1n hai tri\u1ec7u ng\u01b0\u1eddi \u1edf t\u00e2y b\u1eafc T\u00e2y Ban Nha s\u1eed d\u1ee5ng, l\u00e0\" \/>\n<meta property=\"og:url\" content=\"https:\/\/talkpal.ai\/vi\/ngu-phap-galicia\/\" \/>\n<meta property=\"og:site_name\" content=\"Talkpal\" \/>\n<meta property=\"article:publisher\" content=\"https:\/\/www.facebook.com\/profile.php?id=100090733639311\" \/>\n<meta property=\"article:modified_time\" content=\"2025-12-13T15:28:37+00:00\" \/>\n<meta property=\"og:image\" content=\"https:\/\/talkpal.ai\/wp-content\/uploads\/2023\/05\/Galician-spain.png\" \/>\n\t<meta property=\"og:image:width\" content=\"512\" \/>\n\t<meta property=\"og:image:height\" content=\"512\" \/>\n\t<meta property=\"og:image:type\" content=\"image\/png\" \/>\n<meta name=\"twitter:card\" content=\"summary_large_image\" \/>\n<meta name=\"twitter:site\" content=\"@talkpalai\" \/>\n<meta name=\"twitter:label1\" content=\"Est. reading time\" \/>\n\t<meta name=\"twitter:data1\" content=\"6 minutes\" \/>\n<script type=\"application\/ld+json\" class=\"yoast-schema-graph\">{\"@context\":\"https:\/\/schema.org\",\"@graph\":[{\"@type\":\"WebPage\",\"@id\":\"https:\/\/talkpal.ai\/vi\/ngu-phap-galicia\/\",\"url\":\"https:\/\/talkpal.ai\/vi\/ngu-phap-galicia\/\",\"name\":\"Ng\u1eef ph\u00e1p Galicia - Talkpal\",\"isPartOf\":{\"@id\":\"https:\/\/talkpal.ai\/vi\/#website\"},\"primaryImageOfPage\":{\"@id\":\"https:\/\/talkpal.ai\/vi\/ngu-phap-galicia\/#primaryimage\"},\"image\":{\"@id\":\"https:\/\/talkpal.ai\/vi\/ngu-phap-galicia\/#primaryimage\"},\"thumbnailUrl\":\"https:\/\/talkpal.ai\/wp-content\/uploads\/2023\/05\/Galician-spain.png\",\"datePublished\":\"2023-05-14T14:03:43+00:00\",\"dateModified\":\"2025-12-13T15:28:37+00:00\",\"description\":\"N\u1eafm v\u1eefng ng\u1eef ph\u00e1p Galicia m\u1ed9t c\u00e1ch d\u1ec5 d\u00e0ng - h\u1ecdc c\u00e1c quy t\u1eafc, x\u00e2y d\u1ef1ng c\u00e2u ch\u00ednh x\u00e1c v\u00e0 giao ti\u1ebfp r\u00f5 r\u00e0ng\",\"breadcrumb\":{\"@id\":\"https:\/\/talkpal.ai\/vi\/ngu-phap-galicia\/#breadcrumb\"},\"inLanguage\":\"vi-VN\",\"potentialAction\":[{\"@type\":\"ReadAction\",\"target\":[\"https:\/\/talkpal.ai\/vi\/ngu-phap-galicia\/\"]}]},{\"@type\":\"ImageObject\",\"inLanguage\":\"vi-VN\",\"@id\":\"https:\/\/talkpal.ai\/vi\/ngu-phap-galicia\/#primaryimage\",\"url\":\"https:\/\/talkpal.ai\/wp-content\/uploads\/2023\/05\/Galician-spain.png\",\"contentUrl\":\"https:\/\/talkpal.ai\/wp-content\/uploads\/2023\/05\/Galician-spain.png\",\"width\":512,\"height\":512,\"caption\":\"TalkPal Galician Flag\"},{\"@type\":\"BreadcrumbList\",\"@id\":\"https:\/\/talkpal.ai\/vi\/ngu-phap-galicia\/#breadcrumb\",\"itemListElement\":[{\"@type\":\"ListItem\",\"position\":1,\"name\":\"Homepage\",\"item\":\"https:\/\/talkpal.ai\/vi\/giao-vien-ngon-ngu-ai-3\/\"},{\"@type\":\"ListItem\",\"position\":2,\"name\":\"Ng\u1eef ph\u00e1p Galicia\"}]},{\"@type\":\"WebSite\",\"@id\":\"https:\/\/talkpal.ai\/vi\/#website\",\"url\":\"https:\/\/talkpal.ai\/vi\/\",\"name\":\"Talkpal\",\"description\":\"AI Language Learning\",\"publisher\":{\"@id\":\"https:\/\/talkpal.ai\/vi\/#organization\"},\"alternateName\":\"Talkpal AI\",\"potentialAction\":[{\"@type\":\"SearchAction\",\"target\":{\"@type\":\"EntryPoint\",\"urlTemplate\":\"https:\/\/talkpal.ai\/vi\/?s={search_term_string}\"},\"query-input\":{\"@type\":\"PropertyValueSpecification\",\"valueRequired\":true,\"valueName\":\"search_term_string\"}}],\"inLanguage\":\"vi-VN\"},{\"@type\":\"Organization\",\"@id\":\"https:\/\/talkpal.ai\/vi\/#organization\",\"name\":\"Talkpal, Inc.\",\"alternateName\":\"Talkpal AI\",\"url\":\"https:\/\/talkpal.ai\/vi\/\",\"logo\":{\"@type\":\"ImageObject\",\"inLanguage\":\"vi-VN\",\"@id\":\"https:\/\/talkpal.ai\/vi\/#\/schema\/logo\/image\/\",\"url\":\"https:\/\/talkpal.ai\/wp-content\/uploads\/2024\/03\/Talkpal-Logo-Icon.png\",\"contentUrl\":\"https:\/\/talkpal.ai\/wp-content\/uploads\/2024\/03\/Talkpal-Logo-Icon.png\",\"width\":2880,\"height\":2880,\"caption\":\"Talkpal, Inc.\"},\"image\":{\"@id\":\"https:\/\/talkpal.ai\/vi\/#\/schema\/logo\/image\/\"},\"sameAs\":[\"https:\/\/www.facebook.com\/profile.php?id=100090733639311\",\"https:\/\/x.com\/talkpalai\",\"https:\/\/www.linkedin.com\/company\/talkpal\/\",\"https:\/\/www.youtube.com\/@TalkPal\/\",\"https:\/\/www.tiktok.com\/@talkpal\",\"https:\/\/www.instagram.com\/talkpal_ai\/\",\"https:\/\/www.crunchbase.com\/organization\/talkpal-9cde\",\"https:\/\/www.g2.com\/products\/talkpal-for-business\/\",\"https:\/\/www.trustpilot.com\/review\/talkpal.ai\",\"https:\/\/www.capterra.com\/p\/10006800\/TalkPal\/\"],\"description\":\"Talkpal is a language learning web and mobile education app, powered by the latest AI technologies, that provides engaging experiences to its customers in many different languages to help them improve their language skills. Users can chat about unlimited amount of topics with the app and use other modes to practice their language learning.\",\"email\":\"support@talkpal.ai\",\"legalName\":\"Talkpal, Inc.\",\"foundingDate\":\"2023-04-03\",\"duns\":\"118989042\",\"numberOfEmployees\":{\"@type\":\"QuantitativeValue\",\"minValue\":\"11\",\"maxValue\":\"50\"},\"publishingPrinciples\":\"https:\/\/talkpal.ai\/publishing-principles\/\",\"actionableFeedbackPolicy\":\"https:\/\/talkpal.ai\/actionable-feedback-policy\/\",\"correctionsPolicy\":\"https:\/\/talkpal.ai\/corrections-policy\/\",\"ethicsPolicy\":\"https:\/\/talkpal.ai\/ethics-policy\/\",\"diversityPolicy\":\"https:\/\/talkpal.ai\/diversity-policy\/\",\"diversityStaffingReport\":\"https:\/\/talkpal.ai\/diversity-policy\/\"}]}<\/script>\n<!-- \/ Yoast SEO Premium plugin. -->","yoast_head_json":{"title":"Ng\u1eef ph\u00e1p Galicia - Talkpal","description":"N\u1eafm v\u1eefng ng\u1eef ph\u00e1p Galicia m\u1ed9t c\u00e1ch d\u1ec5 d\u00e0ng - h\u1ecdc c\u00e1c quy t\u1eafc, x\u00e2y d\u1ef1ng c\u00e2u ch\u00ednh x\u00e1c v\u00e0 giao ti\u1ebfp r\u00f5 r\u00e0ng","robots":{"index":"index","follow":"follow","max-snippet":"max-snippet:-1","max-image-preview":"max-image-preview:large","max-video-preview":"max-video-preview:-1"},"canonical":"https:\/\/talkpal.ai\/vi\/ngu-phap-galicia\/","og_locale":"vi_VN","og_type":"article","og_title":"Ng\u1eef ph\u00e1p Galicia","og_description":"Ng\u1eef ph\u00e1p Galicia: M\u1edf kh\u00f3a v\u1ebb \u0111\u1eb9p c\u1ee7a m\u1ed9t ng\u00f4n ng\u1eef l\u00e3ng m\u1ea1n Ti\u1ebfng Galicia, m\u1ed9t ng\u00f4n ng\u1eef Romance \u0111\u01b0\u1ee3c h\u01a1n hai tri\u1ec7u ng\u01b0\u1eddi \u1edf t\u00e2y b\u1eafc T\u00e2y Ban Nha s\u1eed d\u1ee5ng, l\u00e0","og_url":"https:\/\/talkpal.ai\/vi\/ngu-phap-galicia\/","og_site_name":"Talkpal","article_publisher":"https:\/\/www.facebook.com\/profile.php?id=100090733639311","article_modified_time":"2025-12-13T15:28:37+00:00","og_image":[{"width":512,"height":512,"url":"https:\/\/talkpal.ai\/wp-content\/uploads\/2023\/05\/Galician-spain.png","type":"image\/png"}],"twitter_card":"summary_large_image","twitter_site":"@talkpalai","twitter_misc":{"Est. reading time":"6 minutes"},"schema":{"@context":"https:\/\/schema.org","@graph":[{"@type":"WebPage","@id":"https:\/\/talkpal.ai\/vi\/ngu-phap-galicia\/","url":"https:\/\/talkpal.ai\/vi\/ngu-phap-galicia\/","name":"Ng\u1eef ph\u00e1p Galicia - Talkpal","isPartOf":{"@id":"https:\/\/talkpal.ai\/vi\/#website"},"primaryImageOfPage":{"@id":"https:\/\/talkpal.ai\/vi\/ngu-phap-galicia\/#primaryimage"},"image":{"@id":"https:\/\/talkpal.ai\/vi\/ngu-phap-galicia\/#primaryimage"},"thumbnailUrl":"https:\/\/talkpal.ai\/wp-content\/uploads\/2023\/05\/Galician-spain.png","datePublished":"2023-05-14T14:03:43+00:00","dateModified":"2025-12-13T15:28:37+00:00","description":"N\u1eafm v\u1eefng ng\u1eef ph\u00e1p Galicia m\u1ed9t c\u00e1ch d\u1ec5 d\u00e0ng - h\u1ecdc c\u00e1c quy t\u1eafc, x\u00e2y d\u1ef1ng c\u00e2u ch\u00ednh x\u00e1c v\u00e0 giao ti\u1ebfp r\u00f5 r\u00e0ng","breadcrumb":{"@id":"https:\/\/talkpal.ai\/vi\/ngu-phap-galicia\/#breadcrumb"},"inLanguage":"vi-VN","potentialAction":[{"@type":"ReadAction","target":["https:\/\/talkpal.ai\/vi\/ngu-phap-galicia\/"]}]},{"@type":"ImageObject","inLanguage":"vi-VN","@id":"https:\/\/talkpal.ai\/vi\/ngu-phap-galicia\/#primaryimage","url":"https:\/\/talkpal.ai\/wp-content\/uploads\/2023\/05\/Galician-spain.png","contentUrl":"https:\/\/talkpal.ai\/wp-content\/uploads\/2023\/05\/Galician-spain.png","width":512,"height":512,"caption":"TalkPal Galician Flag"},{"@type":"BreadcrumbList","@id":"https:\/\/talkpal.ai\/vi\/ngu-phap-galicia\/#breadcrumb","itemListElement":[{"@type":"ListItem","position":1,"name":"Homepage","item":"https:\/\/talkpal.ai\/vi\/giao-vien-ngon-ngu-ai-3\/"},{"@type":"ListItem","position":2,"name":"Ng\u1eef ph\u00e1p Galicia"}]},{"@type":"WebSite","@id":"https:\/\/talkpal.ai\/vi\/#website","url":"https:\/\/talkpal.ai\/vi\/","name":"Talkpal","description":"AI Language Learning","publisher":{"@id":"https:\/\/talkpal.ai\/vi\/#organization"},"alternateName":"Talkpal AI","potentialAction":[{"@type":"SearchAction","target":{"@type":"EntryPoint","urlTemplate":"https:\/\/talkpal.ai\/vi\/?s={search_term_string}"},"query-input":{"@type":"PropertyValueSpecification","valueRequired":true,"valueName":"search_term_string"}}],"inLanguage":"vi-VN"},{"@type":"Organization","@id":"https:\/\/talkpal.ai\/vi\/#organization","name":"Talkpal, Inc.","alternateName":"Talkpal AI","url":"https:\/\/talkpal.ai\/vi\/","logo":{"@type":"ImageObject","inLanguage":"vi-VN","@id":"https:\/\/talkpal.ai\/vi\/#\/schema\/logo\/image\/","url":"https:\/\/talkpal.ai\/wp-content\/uploads\/2024\/03\/Talkpal-Logo-Icon.png","contentUrl":"https:\/\/talkpal.ai\/wp-content\/uploads\/2024\/03\/Talkpal-Logo-Icon.png","width":2880,"height":2880,"caption":"Talkpal, Inc."},"image":{"@id":"https:\/\/talkpal.ai\/vi\/#\/schema\/logo\/image\/"},"sameAs":["https:\/\/www.facebook.com\/profile.php?id=100090733639311","https:\/\/x.com\/talkpalai","https:\/\/www.linkedin.com\/company\/talkpal\/","https:\/\/www.youtube.com\/@TalkPal\/","https:\/\/www.tiktok.com\/@talkpal","https:\/\/www.instagram.com\/talkpal_ai\/","https:\/\/www.crunchbase.com\/organization\/talkpal-9cde","https:\/\/www.g2.com\/products\/talkpal-for-business\/","https:\/\/www.trustpilot.com\/review\/talkpal.ai","https:\/\/www.capterra.com\/p\/10006800\/TalkPal\/"],"description":"Talkpal is a language learning web and mobile education app, powered by the latest AI technologies, that provides engaging experiences to its customers in many different languages to help them improve their language skills. Users can chat about unlimited amount of topics with the app and use other modes to practice their language learning.","email":"support@talkpal.ai","legalName":"Talkpal, Inc.","foundingDate":"2023-04-03","duns":"118989042","numberOfEmployees":{"@type":"QuantitativeValue","minValue":"11","maxValue":"50"},"publishingPrinciples":"https:\/\/talkpal.ai\/publishing-principles\/","actionableFeedbackPolicy":"https:\/\/talkpal.ai\/actionable-feedback-policy\/","correctionsPolicy":"https:\/\/talkpal.ai\/corrections-policy\/","ethicsPolicy":"https:\/\/talkpal.ai\/ethics-policy\/","diversityPolicy":"https:\/\/talkpal.ai\/diversity-policy\/","diversityStaffingReport":"https:\/\/talkpal.ai\/diversity-policy\/"}]}},"_links":{"self":[{"href":"https:\/\/talkpal.ai\/vi\/wp-json\/wp\/v2\/pages\/1442270","targetHints":{"allow":["GET"]}}],"collection":[{"href":"https:\/\/talkpal.ai\/vi\/wp-json\/wp\/v2\/pages"}],"about":[{"href":"https:\/\/talkpal.ai\/vi\/wp-json\/wp\/v2\/types\/page"}],"author":[{"embeddable":true,"href":"https:\/\/talkpal.ai\/vi\/wp-json\/wp\/v2\/users\/1"}],"replies":[{"embeddable":true,"href":"https:\/\/talkpal.ai\/vi\/wp-json\/wp\/v2\/comments?post=1442270"}],"version-history":[{"count":0,"href":"https:\/\/talkpal.ai\/vi\/wp-json\/wp\/v2\/pages\/1442270\/revisions"}],"wp:featuredmedia":[{"embeddable":true,"href":"https:\/\/talkpal.ai\/vi\/wp-json\/wp\/v2\/media\/1442273"}],"wp:attachment":[{"href":"https:\/\/talkpal.ai\/vi\/wp-json\/wp\/v2\/media?parent=1442270"}],"curies":[{"name":"wp","href":"https:\/\/api.w.org\/{rel}","templated":true}]}}