{"id":1442254,"date":"2023-05-14T13:43:38","date_gmt":"2023-05-14T13:43:38","guid":{"rendered":"https:\/\/talkpal.ai\/ngu-phap-tieng-a-rap\/"},"modified":"2025-09-06T17:06:51","modified_gmt":"2025-09-06T17:06:51","slug":"ngu-phap-tieng-a-rap","status":"publish","type":"page","link":"https:\/\/talkpal.ai\/vi\/ngu-phap-tieng-a-rap\/","title":{"rendered":"Ng\u1eef ph\u00e1p ti\u1ebfng \u1ea2 R\u1eadp"},"content":{"rendered":"\r\n\r\n\r\n<section class=\"languageChallengeSection\">\r\n    <div class=\"languageInfoWrapper\">\r\n        \r\n        <h1>Ng\u1eef ph\u00e1p ti\u1ebfng \u1ea2 R\u1eadp<\/h1>\r\n        <p>N\u00e2ng cao k\u1ef9 n\u0103ng <a href=\"https:\/\/talkpal.ai\/vi\/hoc-tieng-a-rap-truc-tuyen\/\">ti\u1ebfng \u1ea2 R\u1eadp<\/a> c\u1ee7a b\u1ea1n b\u1eb1ng c\u00e1ch kh\u00e1m ph\u00e1 c\u00e1c kh\u00e1i ni\u1ec7m <a href=\"https:\/\/talkpal.ai\/vi\/ngu-phap\/\">ng\u1eef ph\u00e1p<\/a> c\u1ea7n thi\u1ebft v\u00e0 gi\u1ea3i th\u00edch r\u00f5 r\u00e0ng, t\u1eebng b\u01b0\u1edbc. B\u1eaft \u0111\u1ea7u th\u00e0nh th\u1ea1o <a href=\"https:\/\/talkpal.ai\/vi\/ngu-phap-tieng-nga\/\">ng\u1eef ph\u00e1p ti\u1ebfng<\/a> \u1ea2 R\u1eadp ngay b\u00e2y gi\u1edd v\u00e0 giao ti\u1ebfp tr\u00f4i ch\u1ea3y v\u00e0 t\u1ef1 tin h\u01a1n!<\/p>\r\n\r\n                            <a class=\"getStartedHidden\" href=\"https:\/\/app.talkpal.ai\/vi\/signup?lng=\">B\u1eaft \u0111\u1ea7u nh\u00e9<\/a>\r\n        \r\n    <\/div>\r\n\r\n    <figure>\r\n    <img decoding=\"async\" width=\"768\" height=\"768\" src=\"https:\/\/talkpal.ai\/wp-content\/uploads\/2023\/06\/arabic-768x768.png\" class=\"languageImage no-lazy\" alt=\"Language learning for linguistic diversity\" fetchpriority=\"high\" sizes=\"(max-width: 768px) 150px, 768px\" srcset=\"https:\/\/talkpal.ai\/wp-content\/uploads\/2023\/06\/arabic-768x768.png 768w, https:\/\/talkpal.ai\/wp-content\/uploads\/2023\/06\/arabic-300x300.png 300w\" \/>\r\n    \r\n\r\n    <\/figure>\r\n\r\n            <a class=\"getStartedVisible\" href=\"https:\/\/app.talkpal.ai\/vi\/signup?lng=\">B\u1eaft \u0111\u1ea7u nh\u00e9<\/a>\r\n    \r\n<\/section>\r\n<section class=\"promotionalBanner\">\r\n    <p class=\"promotionalText\">C\u00e1ch hi\u1ec7u qu\u1ea3 nh\u1ea5t \u0111\u1ec3 h\u1ecdc m\u1ed9t ng\u00f4n ng\u1eef<\/p>\r\n    <a class=\"promotionalLink\" href=\"https:\/\/app.talkpal.ai\/vi\/signup?lng=\">D\u00f9ng th\u1eed Talkpal mi\u1ec5n ph\u00ed<\/a>\r\n<\/section>\n<div class=\"wp-block-group pageContainerStyle\"><div class=\"wp-block-group__inner-container is-layout-constrained wp-block-group-is-layout-constrained\">\n<h2 class=\"wp-block-heading\" id=\"h-the-intricacies-of-arabic-grammar-a-journey-through-its-roots-and-beauty\">S\u1ef1 ph\u1ee9c t\u1ea1p c\u1ee7a ng\u1eef ph\u00e1p ti\u1ebfng \u1ea2 R\u1eadp: H\u00e0nh tr\u00ecnh xuy\u00ean qua c\u1ed9i ngu\u1ed3n v\u00e0 v\u1ebb \u0111\u1eb9p c\u1ee7a n\u00f3<\/h2>\n\n\n\n<p><strong>B\u1ea1n c\u00f3 nh\u1edb khi m\u1edbi b\u1eaft \u0111\u1ea7u h\u1ecdc ng\u1eef ph\u00e1p ti\u1ebfng Anh kh\u00f4ng?<\/strong>  C\u00e1c quy t\u1eafc, ngo\u1ea1i l\u1ec7 v\u00e0 thu\u1eadt ng\u1eef d\u01b0\u1eddng nh\u01b0 v\u00f4 t\u1eadn c\u00f3 th\u1ec3 khi\u1ebfn b\u1ea1n c\u1ea3m th\u1ea5y cho\u00e1ng ng\u1ee3p \u0111\u00f4i khi. N\u1ebfu b\u1ea1n \u0111ang ngh\u0129 \u0111\u1ebfn vi\u1ec7c <a href=\"https:\/\/talkpal.ai\/vi\/hoc-tieng-han-truc-tuyen-voi-ai\/\">h\u1ecdc ti\u1ebfng<\/a> \u1ea2 R\u1eadp, h\u00e3y y\u00ean t\u00e2m r\u1eb1ng n\u00f3 c\u0169ng c\u00f3 m\u1ed9t h\u1ec7 th\u1ed1ng ng\u1eef ph\u00e1p \u0111\u1ed9c \u0111\u00e1o v\u00e0 ph\u1ee9c t\u1ea1p. V\u00ec v\u1eady, ch\u00fang ta h\u00e3y th\u1ef1c hi\u1ec7n m\u1ed9t cu\u1ed9c h\u00e0nh tr\u00ecnh ng\u1eafn g\u1ecdn nh\u01b0ng khai s\u00e1ng qua c\u1ed9i ngu\u1ed3n v\u00e0 v\u1ebb \u0111\u1eb9p c\u1ee7a ng\u1eef ph\u00e1p ti\u1ebfng \u1ea2 R\u1eadp.<\/p>\n\n\n\n<p>\u0110\u1ec3 b\u1eaft \u0111\u1ea7u, ch\u00fang ta h\u00e3y thi\u1ebft l\u1eadp m\u1ed9t s\u1ed1 <strong>\u0111i\u1ec3m kh\u00e1c bi\u1ec7t ch\u00ednh gi\u1eefa ng\u1eef ph\u00e1p ti\u1ebfng \u1ea2 R\u1eadp v\u00e0 ti\u1ebfng Anh.<\/strong> Trong ti\u1ebfng \u1ea2 R\u1eadp, c\u00e1c t\u1eeb \u0111\u01b0\u1ee3c chia th\u00e0nh ba lo\u1ea1i: danh t\u1eeb, \u0111\u1ed9ng t\u1eeb v\u00e0 h\u1ea1t. Kh\u00f4ng gi\u1ed1ng nh\u01b0 <a href=\"https:\/\/talkpal.ai\/top-trang-web-luyen-noi-tieng-anh-hieu-qua-nhat-2024\/\">ti\u1ebfng Anh<\/a>, c\u00e1c t\u1eeb ti\u1ebfng \u1ea2 R\u1eadp tu\u00e2n theo h\u1ec7 th\u1ed1ng g\u1ed1c, c\u00f3 ngh\u0129a l\u00e0 b\u1ea1n c\u00f3 th\u1ec3 theo d\u00f5i \u00fd ngh\u0129a c\u1ed1t l\u00f5i c\u1ee7a m\u1ed9t t\u1eeb b\u1eb1ng c\u00e1ch x\u00e1c \u0111\u1ecbnh g\u1ed1c c\u1ee7a n\u00f3. H\u1ec7 th\u1ed1ng r\u1ec5 n\u00e0y mang l\u1ea1i cho ti\u1ebfng \u1ea2 R\u1eadp m\u1ed9t m\u1ee9c \u0111\u1ed9 s\u00e2u v\u00e0 phong ph\u00fa \u0111\u1eb7c bi\u1ec7t. M\u1ed9t \u0111i\u1ec1u \u0111\u00e1ng kinh ng\u1ea1c v\u1ec1 ng\u1eef ph\u00e1p ti\u1ebfng \u1ea2 R\u1eadp l\u00e0 s\u1ef1 ph\u1ee5 thu\u1ed9c v\u00e0o c\u00e1c m\u1eabu, th\u01b0\u1eddng cho ph\u00e9p ng\u01b0\u1eddi n\u00f3i t\u1ea1o ra c\u00e1c t\u1eeb m\u1edbi b\u1eb1ng c\u00e1ch tu\u00e2n theo c\u00e1c c\u1ea5u tr\u00fac nh\u1ea5t \u0111\u1ecbnh.<\/p>\n\n\n\n<p>M\u1ed9t kh\u00eda c\u1ea1nh quan tr\u1ecdng kh\u00e1c c\u1ee7a <strong>ng\u1eef ph\u00e1p ti\u1ebfng \u1ea2 R\u1eadp l\u00e0 n\u00f3 l\u00e0 m\u1ed9t ng\u00f4n ng\u1eef gi\u1edbi t\u00ednh<\/strong>, c\u00f3 ngh\u0129a l\u00e0 danh t\u1eeb v\u00e0 t\u00ednh t\u1eeb c\u00f3 c\u00e1c d\u1ea1ng gi\u1edbi t\u00ednh c\u1ee5 th\u1ec3. B\u1ea1n c\u00f3 bi\u1ebft r\u1eb1ng ti\u1ebfng \u1ea2 R\u1eadp th\u1eadm ch\u00ed c\u00f2n c\u00f3 m\u1ed9t d\u1ea1ng k\u00e9p ngo\u00e0i c\u00e1c d\u1ea1ng s\u1ed1 \u00edt v\u00e0 s\u1ed1 nhi\u1ec1u? \u0110\u00f3 l\u00e0 s\u1ef1 th\u1eadt! D\u1ea1ng k\u00e9p ti\u1ebfng \u1ea2 R\u1eadp \u0111\u01b0\u1ee3c s\u1eed d\u1ee5ng \u0111\u1ec3 bi\u1ec3u th\u1ecb c\u00e1c c\u1eb7p, ch\u1eb3ng h\u1ea1n nh\u01b0 m\u1eaft, b\u00e0n tay ho\u1eb7c cha m\u1eb9. N\u00f3 b\u1ed5 sung th\u00eam m\u1ed9t l\u1edbp c\u1ee5 th\u1ec3 m\u00e0 ng\u00f4n ng\u1eef ti\u1ebfng Anh thi\u1ebfu.<\/p>\n\n\n\n<p>B\u00e2y gi\u1edd ch\u00fang ta h\u00e3y th\u1ea3o lu\u1eadn v\u1ec1 c\u00e1ch <strong>chia \u0111\u1ed9ng t\u1eeb trong ti\u1ebfng \u1ea2 R\u1eadp<\/strong>, \u0111\u00f3 l\u00e0 m\u1ed9t th\u1ebf gi\u1edbi ho\u00e0n to\u00e0n m\u1edbi. \u0110\u1ed9ng t\u1eeb ti\u1ebfng \u1ea2 R\u1eadp d\u1ef1a tr\u00ean m\u1ed9t h\u1ec7 th\u1ed1ng g\u1ed1c, th\u01b0\u1eddng bao g\u1ed3m ba ph\u1ee5 \u00e2m c\u1ed1t l\u00f5i. G\u1ed1c x\u00e1c \u0111\u1ecbnh \u00fd ngh\u0129a c\u01a1 b\u1ea3n c\u1ee7a \u0111\u1ed9ng t\u1eeb, v\u00e0 b\u1eb1ng c\u00e1ch th\u00eam c\u00e1c m\u1eabu nguy\u00ean \u00e2m, b\u1ea1n t\u1ea1o ra c\u00e1c d\u1ea1ng \u0111\u1ed9ng t\u1eeb kh\u00e1c nhau th\u1ec3 hi\u1ec7n c\u00e1c ngh\u0129a v\u00e0 th\u00ec kh\u00e1c nhau. V\u00ed d\u1ee5, thay \u0111\u1ed5i nguy\u00ean \u00e2m trong g\u1ed1c c\u00f3 th\u1ec3 thay \u0111\u1ed5i th\u00ec t\u1eeb qu\u00e1 kh\u1ee9 sang hi\u1ec7n t\u1ea1i, ho\u1eb7c bi\u1ebfn \u0111\u1ed9ng t\u1eeb ch\u1ee7 \u0111\u1ed9ng th\u00e0nh \u0111\u1ed9ng t\u1eeb b\u1ecb \u0111\u1ed9ng. Kh\u00e1 tuy\u1ec7t v\u1eddi, ph\u1ea3i kh\u00f4ng?<\/p>\n\n\n\n<p>M\u1ed9t kh\u00eda c\u1ea1nh h\u1ea5p d\u1eabn n\u1eefa c\u1ee7a ng\u1eef ph\u00e1p ti\u1ebfng \u1ea2 R\u1eadp m\u00e0 ch\u00fang ta c\u1ea7n n\u00f3i \u0111\u1ebfn l\u00e0 <strong>s\u1ef1 x\u00e1c \u0111\u1ecbnh<\/strong>. Trong ti\u1ebfng Anh, ch\u00fang t\u00f4i s\u1eed d\u1ee5ng t\u1eeb &#8220;the&#8221; \u0111\u1ec3 ch\u1ec9 ra r\u1eb1ng m\u1ed9t danh t\u1eeb l\u00e0 x\u00e1c \u0111\u1ecbnh. Trong ti\u1ebfng \u1ea2 R\u1eadp, kh\u00e1i ni\u1ec7m n\u00e0y \u0111\u01b0\u1ee3c nh\u00fang v\u00e0o ng\u00f4n ng\u1eef th\u00f4ng qua m\u1ed9t h\u1ea1t nh\u1ecf g\u1ecdi l\u00e0 &#8220;Al-&#8221; \u0111\u01b0\u1ee3c th\u00eam v\u00e0o \u0111\u1ea7u m\u1ed9t t\u1eeb. Khi m\u1ed9t danh t\u1eeb \u0111\u01b0\u1ee3c \u0111\u1eb7t tr\u01b0\u1edbc b\u1edfi &#8220;Al-&#8220;, n\u00f3 tr\u1edf n\u00ean x\u00e1c \u0111\u1ecbnh m\u00e0 kh\u00f4ng c\u00f3 b\u1ea5t k\u1ef3 t\u1eeb h\u1ea1n \u0111\u1ecbnh b\u1ed5 sung n\u00e0o. V\u00ec v\u1eady, thay v\u00ec n\u00f3i &#8220;ng\u00f4i nh\u00e0 l\u1edbn&#8221; trong ti\u1ebfng \u1ea2 R\u1eadp, b\u1ea1n s\u1ebd n\u00f3i &#8220;Al-baytu kabir&#8221;, trong \u0111\u00f3 &#8220;Al-baytu&#8221; c\u00f3 ngh\u0129a l\u00e0 &#8220;ng\u00f4i nh\u00e0&#8221;.<\/p>\n\n\n\n<p>Ti\u1ebfng <strong>\u1ea2 R\u1eadp \u0111\u00e0m tho\u1ea1i<\/strong> n\u0103ng \u0111\u1ed9ng v\u00e0 tr\u00f4i ch\u1ea3y h\u01a1n ti\u1ebfng \u1ea2 R\u1eadp ch\u00ednh th\u1ee9c, nh\u01b0 tr\u01b0\u1eddng h\u1ee3p c\u1ee7a b\u1ea5t k\u1ef3 ng\u00f4n ng\u1eef n\u00e0o. Tuy nhi\u00ean, n\u1eafm v\u1eefng c\u00e1c nguy\u00ean t\u1eafc c\u1ed1t l\u00f5i c\u1ee7a ng\u1eef ph\u00e1p ti\u1ebfng \u1ea2 R\u1eadp v\u1eabn c\u1ea7n thi\u1ebft \u0111\u1ec3 th\u1ef1c s\u1ef1 hi\u1ec3u v\u00e0 \u0111\u00e1nh gi\u00e1 cao ng\u00f4n ng\u1eef n\u00e0y. M\u1ed9t khi b\u1ea1n hi\u1ec3u r\u00f5 c\u00e1c m\u1eabu g\u1ed1c, d\u1ea1ng gi\u1edbi t\u00ednh v\u00e0 c\u00e1ch chia \u0111\u1ed9ng t\u1eeb, vi\u1ec7c nh\u1eadn bi\u1ebft v\u00e0 h\u1ecdc c\u00e1c t\u1eeb m\u1edbi s\u1ebd tr\u1edf n\u00ean d\u1ec5 d\u00e0ng h\u01a1n nhi\u1ec1u.<\/p>\n\n\n\n<p><strong>H\u1ecdc ng\u1eef ph\u00e1p ti\u1ebfng \u1ea2 R\u1eadp<\/strong> tho\u1ea1t nghe c\u00f3 v\u1ebb kh\u00f3 kh\u0103n, nh\u01b0ng v\u1edbi s\u1ef1 ki\u00ean tr\u00ec v\u00e0 c\u1ed1ng hi\u1ebfn, b\u1ea1n s\u1ebd c\u00f3 th\u1ec3 \u0111\u00e1nh gi\u00e1 cao v\u1ebb \u0111\u1eb9p c\u1ee7a ng\u00f4n ng\u1eef ph\u1ee9c t\u1ea1p n\u00e0y. C\u0169ng gi\u1ed1ng nh\u01b0 vi\u1ec7c gi\u1ea3i m\u1ed9t c\u00e2u \u0111\u1ed1 ph\u1ee9c t\u1ea1p ho\u1eb7c gi\u1ea3i m\u00e3 m\u00e3 h\u00f3a, ph\u1ea7n th\u01b0\u1edfng n\u1eb1m \u1edf s\u1ef1 h\u00e0i l\u00f2ng khi m\u1edf kh\u00f3a nh\u1eefng b\u00ed \u1ea9n c\u1ee7a ng\u00f4n ng\u1eef \u1ea2 R\u1eadp v\u00e0 \u0111\u1eafm m\u00ecnh trong n\u1ec1n v\u0103n h\u00f3a, l\u1ecbch s\u1eed v\u00e0 v\u0103n h\u1ecdc phong ph\u00fa c\u1ee7a n\u00f3. B\u1ea1n \u0111ang ch\u1edd \u0111\u1ee3i \u0111i\u1ec1u g\u00ec? \u0110i s\u00e2u v\u00e0o th\u1ebf gi\u1edbi \u0111\u1ea7y m\u00ea ho\u1eb7c c\u1ee7a ng\u1eef ph\u00e1p ti\u1ebfng \u1ea2 R\u1eadp v\u00e0 t\u1ef1 m\u00ecnh kh\u00e1m ph\u00e1 b\u1ea3n ch\u1ea5t th\u1ef1c s\u1ef1 c\u1ee7a n\u00f3.<\/p>\n<\/div><\/div>\n\r\n<section class=\"learnNavigationSection\">\r\n            \r\n        <a href=\"https:\/\/talkpal.ai\/vi\/hoc-tieng-a-rap\/\">\r\n            <div class=\"learnNavigationWrapper\">\r\n                <div class=\"learnNavigationContent\">\r\n                    <img decoding=\"async\" src=\"https:\/\/talkpal.ai\/wp-content\/uploads\/2024\/08\/Arabic.jpg\" alt=\"Arabic Flag\">\r\n                    <div>\r\n                        <h4>Gi\u1edbi thi\u1ec7u v\u1ec1 H\u1ecdc ti\u1ebfng \u1ea2 R\u1eadp<\/h4>\r\n                        <p>T\u00ecm hi\u1ec3u t\u1ea5t c\u1ea3 v\u1ec1 ng\u1eef ph\u00e1p ti\u1ebfng \u1ea2 R\u1eadp.<\/p>\r\n                    <\/div>\r\n                <\/div>\r\n            <\/div>\r\n        <\/a>\r\n\r\n        \r\n        <a href=\"https:\/\/talkpal.ai\/vi\/bai-tap-ngu-phap-tieng-a-rap\/\">\r\n            <div class=\"learnNavigationWrapper\">\r\n                <div class=\"learnNavigationContent\">\r\n                    <img decoding=\"async\" src=\"https:\/\/talkpal.ai\/wp-content\/uploads\/2024\/08\/Arabic.jpg\" alt=\"Arabic Flag\">\r\n                    <div>\r\n                        <h4>B\u00e0i t\u1eadp ng\u1eef ph\u00e1p ti\u1ebfng \u1ea2 R\u1eadp<\/h4>\r\n                        <p>Th\u1ef1c h\u00e0nh ng\u1eef ph\u00e1p ti\u1ebfng \u1ea2 R\u1eadp.<\/p>\r\n                    <\/div>\r\n                <\/div>\r\n            <\/div>\r\n        <\/a>\r\n\r\n        \r\n        <a href=\"https:\/\/talkpal.ai\/vocabulary_language\/arabic\/\">\r\n            <div class=\"learnNavigationWrapper\">\r\n                <div class=\"learnNavigationContent\">\r\n                    <img decoding=\"async\" src=\"https:\/\/talkpal.ai\/wp-content\/uploads\/2024\/08\/Arabic.jpg\" alt=\"Arabic Flag\">\r\n                    <div>\r\n                        <h4>T\u1eeb v\u1ef1ng ti\u1ebfng \u1ea2 R\u1eadp<\/h4>\r\n                        <p>M\u1edf r\u1ed9ng v\u1ed1n t\u1eeb v\u1ef1ng ti\u1ebfng \u1ea2 R\u1eadp c\u1ee7a b\u1ea1n.<\/p>\r\n                    <\/div>\r\n                <\/div>\r\n            <\/div>\r\n        <\/a>\r\n\r\n            <\/section>","protected":false},"excerpt":{"rendered":"<p>S\u1ef1 ph\u1ee9c t\u1ea1p c\u1ee7a ng\u1eef ph\u00e1p ti\u1ebfng \u1ea2 R\u1eadp: H\u00e0nh tr\u00ecnh xuy\u00ean qua c\u1ed9i ngu\u1ed3n v\u00e0 v\u1ebb \u0111\u1eb9p c\u1ee7a n\u00f3 B\u1ea1n c\u00f3 nh\u1edb khi m\u1edbi b\u1eaft \u0111\u1ea7u h\u1ecdc ng\u1eef ph\u00e1p ti\u1ebfng Anh kh\u00f4ng? C\u00e1c quy t\u1eafc, ngo\u1ea1i l\u1ec7 v\u00e0 thu\u1eadt ng\u1eef d\u01b0\u1eddng nh\u01b0 v\u00f4 t\u1eadn c\u00f3 th\u1ec3 khi\u1ebfn b\u1ea1n c\u1ea3m th\u1ea5y cho\u00e1ng ng\u1ee3p \u0111\u00f4i khi. [&hellip;]<\/p>\n","protected":false},"author":1,"featured_media":1440960,"parent":0,"menu_order":0,"comment_status":"closed","ping_status":"closed","template":"LearningContentPage.php","meta":{"_acf_changed":false,"footnotes":""},"class_list":["post-1442254","page","type-page","status-publish","has-post-thumbnail","hentry"],"acf":[],"yoast_head":"<!-- This site is optimized with the Yoast SEO Premium plugin v27.2 (Yoast SEO v27.2) - https:\/\/yoast.com\/product\/yoast-seo-premium-wordpress\/ -->\n<title>Ng\u1eef ph\u00e1p ti\u1ebfng \u1ea2 R\u1eadp - Talkpal<\/title>\n<meta name=\"description\" content=\"Kh\u00e1m ph\u00e1 s\u1ef1 ph\u1ee9c t\u1ea1p c\u1ee7a ng\u1eef ph\u00e1p ti\u1ebfng \u1ea2 R\u1eadp v\u00e0 kh\u00e1m ph\u00e1 c\u1ea5u tr\u00fac \u0111\u1ed9c \u0111\u00e1o c\u1ee7a n\u00f3 so v\u1edbi ng\u1eef ph\u00e1p ti\u1ebfng Anh.\" \/>\n<meta name=\"robots\" content=\"index, follow, max-snippet:-1, max-image-preview:large, max-video-preview:-1\" \/>\n<link rel=\"canonical\" href=\"https:\/\/talkpal.ai\/vi\/ngu-phap-tieng-a-rap\/\" \/>\n<meta property=\"og:locale\" content=\"vi_VN\" \/>\n<meta property=\"og:type\" content=\"article\" \/>\n<meta property=\"og:title\" content=\"Ng\u1eef ph\u00e1p ti\u1ebfng \u1ea2 R\u1eadp\" \/>\n<meta property=\"og:description\" content=\"S\u1ef1 ph\u1ee9c t\u1ea1p c\u1ee7a ng\u1eef ph\u00e1p ti\u1ebfng \u1ea2 R\u1eadp: H\u00e0nh tr\u00ecnh xuy\u00ean qua c\u1ed9i ngu\u1ed3n v\u00e0 v\u1ebb \u0111\u1eb9p c\u1ee7a n\u00f3 B\u1ea1n c\u00f3 nh\u1edb khi m\u1edbi b\u1eaft \u0111\u1ea7u h\u1ecdc ng\u1eef ph\u00e1p ti\u1ebfng Anh kh\u00f4ng? C\u00e1c quy\" \/>\n<meta property=\"og:url\" content=\"https:\/\/talkpal.ai\/vi\/ngu-phap-tieng-a-rap\/\" \/>\n<meta property=\"og:site_name\" content=\"Talkpal\" \/>\n<meta property=\"article:publisher\" content=\"https:\/\/www.facebook.com\/profile.php?id=100090733639311\" \/>\n<meta property=\"article:modified_time\" content=\"2025-09-06T17:06:51+00:00\" \/>\n<meta property=\"og:image\" content=\"https:\/\/talkpal.ai\/wp-content\/uploads\/2023\/04\/arabic-united-arab-emirates.png\" \/>\n\t<meta property=\"og:image:width\" content=\"512\" \/>\n\t<meta property=\"og:image:height\" content=\"512\" \/>\n\t<meta property=\"og:image:type\" content=\"image\/png\" \/>\n<meta name=\"twitter:card\" content=\"summary_large_image\" \/>\n<meta name=\"twitter:site\" content=\"@talkpalai\" \/>\n<meta name=\"twitter:label1\" content=\"Est. reading time\" \/>\n\t<meta name=\"twitter:data1\" content=\"6 minutes\" \/>\n<script type=\"application\/ld+json\" class=\"yoast-schema-graph\">{\"@context\":\"https:\/\/schema.org\",\"@graph\":[{\"@type\":\"WebPage\",\"@id\":\"https:\/\/talkpal.ai\/vi\/ngu-phap-tieng-a-rap\/\",\"url\":\"https:\/\/talkpal.ai\/vi\/ngu-phap-tieng-a-rap\/\",\"name\":\"Ng\u1eef ph\u00e1p ti\u1ebfng \u1ea2 R\u1eadp - Talkpal\",\"isPartOf\":{\"@id\":\"https:\/\/talkpal.ai\/vi\/#website\"},\"primaryImageOfPage\":{\"@id\":\"https:\/\/talkpal.ai\/vi\/ngu-phap-tieng-a-rap\/#primaryimage\"},\"image\":{\"@id\":\"https:\/\/talkpal.ai\/vi\/ngu-phap-tieng-a-rap\/#primaryimage\"},\"thumbnailUrl\":\"https:\/\/talkpal.ai\/wp-content\/uploads\/2023\/04\/arabic-united-arab-emirates.png\",\"datePublished\":\"2023-05-14T13:43:38+00:00\",\"dateModified\":\"2025-09-06T17:06:51+00:00\",\"description\":\"Kh\u00e1m ph\u00e1 s\u1ef1 ph\u1ee9c t\u1ea1p c\u1ee7a ng\u1eef ph\u00e1p ti\u1ebfng \u1ea2 R\u1eadp v\u00e0 kh\u00e1m ph\u00e1 c\u1ea5u tr\u00fac \u0111\u1ed9c \u0111\u00e1o c\u1ee7a n\u00f3 so v\u1edbi ng\u1eef ph\u00e1p ti\u1ebfng Anh.\",\"breadcrumb\":{\"@id\":\"https:\/\/talkpal.ai\/vi\/ngu-phap-tieng-a-rap\/#breadcrumb\"},\"inLanguage\":\"vi-VN\",\"potentialAction\":[{\"@type\":\"ReadAction\",\"target\":[\"https:\/\/talkpal.ai\/vi\/ngu-phap-tieng-a-rap\/\"]}]},{\"@type\":\"ImageObject\",\"inLanguage\":\"vi-VN\",\"@id\":\"https:\/\/talkpal.ai\/vi\/ngu-phap-tieng-a-rap\/#primaryimage\",\"url\":\"https:\/\/talkpal.ai\/wp-content\/uploads\/2023\/04\/arabic-united-arab-emirates.png\",\"contentUrl\":\"https:\/\/talkpal.ai\/wp-content\/uploads\/2023\/04\/arabic-united-arab-emirates.png\",\"width\":512,\"height\":512,\"caption\":\"TalkPal Catalan Flag\"},{\"@type\":\"BreadcrumbList\",\"@id\":\"https:\/\/talkpal.ai\/vi\/ngu-phap-tieng-a-rap\/#breadcrumb\",\"itemListElement\":[{\"@type\":\"ListItem\",\"position\":1,\"name\":\"Homepage\",\"item\":\"https:\/\/talkpal.ai\/vi\/giao-vien-ngon-ngu-ai-3\/\"},{\"@type\":\"ListItem\",\"position\":2,\"name\":\"Ng\u1eef ph\u00e1p ti\u1ebfng \u1ea2 R\u1eadp\"}]},{\"@type\":\"WebSite\",\"@id\":\"https:\/\/talkpal.ai\/vi\/#website\",\"url\":\"https:\/\/talkpal.ai\/vi\/\",\"name\":\"Talkpal\",\"description\":\"AI Language Learning\",\"publisher\":{\"@id\":\"https:\/\/talkpal.ai\/vi\/#organization\"},\"alternateName\":\"Talkpal AI\",\"potentialAction\":[{\"@type\":\"SearchAction\",\"target\":{\"@type\":\"EntryPoint\",\"urlTemplate\":\"https:\/\/talkpal.ai\/vi\/?s={search_term_string}\"},\"query-input\":{\"@type\":\"PropertyValueSpecification\",\"valueRequired\":true,\"valueName\":\"search_term_string\"}}],\"inLanguage\":\"vi-VN\"},{\"@type\":\"Organization\",\"@id\":\"https:\/\/talkpal.ai\/vi\/#organization\",\"name\":\"Talkpal, Inc.\",\"alternateName\":\"Talkpal AI\",\"url\":\"https:\/\/talkpal.ai\/vi\/\",\"logo\":{\"@type\":\"ImageObject\",\"inLanguage\":\"vi-VN\",\"@id\":\"https:\/\/talkpal.ai\/vi\/#\/schema\/logo\/image\/\",\"url\":\"https:\/\/talkpal.ai\/wp-content\/uploads\/2024\/03\/Talkpal-Logo-Icon.png\",\"contentUrl\":\"https:\/\/talkpal.ai\/wp-content\/uploads\/2024\/03\/Talkpal-Logo-Icon.png\",\"width\":2880,\"height\":2880,\"caption\":\"Talkpal, Inc.\"},\"image\":{\"@id\":\"https:\/\/talkpal.ai\/vi\/#\/schema\/logo\/image\/\"},\"sameAs\":[\"https:\/\/www.facebook.com\/profile.php?id=100090733639311\",\"https:\/\/x.com\/talkpalai\",\"https:\/\/www.linkedin.com\/company\/talkpal\/\",\"https:\/\/www.youtube.com\/@TalkPal\/\",\"https:\/\/www.tiktok.com\/@talkpal\",\"https:\/\/www.instagram.com\/talkpal_ai\/\",\"https:\/\/www.crunchbase.com\/organization\/talkpal-9cde\",\"https:\/\/www.g2.com\/products\/talkpal-for-business\/\",\"https:\/\/www.trustpilot.com\/review\/talkpal.ai\",\"https:\/\/www.capterra.com\/p\/10006800\/TalkPal\/\"],\"description\":\"Talkpal is a language learning web and mobile education app, powered by the latest AI technologies, that provides engaging experiences to its customers in many different languages to help them improve their language skills. Users can chat about unlimited amount of topics with the app and use other modes to practice their language learning.\",\"email\":\"support@talkpal.ai\",\"legalName\":\"Talkpal, Inc.\",\"foundingDate\":\"2023-04-03\",\"duns\":\"118989042\",\"numberOfEmployees\":{\"@type\":\"QuantitativeValue\",\"minValue\":\"11\",\"maxValue\":\"50\"},\"publishingPrinciples\":\"https:\/\/talkpal.ai\/publishing-principles\/\",\"actionableFeedbackPolicy\":\"https:\/\/talkpal.ai\/actionable-feedback-policy\/\",\"correctionsPolicy\":\"https:\/\/talkpal.ai\/corrections-policy\/\",\"ethicsPolicy\":\"https:\/\/talkpal.ai\/ethics-policy\/\",\"diversityPolicy\":\"https:\/\/talkpal.ai\/diversity-policy\/\",\"diversityStaffingReport\":\"https:\/\/talkpal.ai\/diversity-policy\/\"}]}<\/script>\n<!-- \/ Yoast SEO Premium plugin. -->","yoast_head_json":{"title":"Ng\u1eef ph\u00e1p ti\u1ebfng \u1ea2 R\u1eadp - Talkpal","description":"Kh\u00e1m ph\u00e1 s\u1ef1 ph\u1ee9c t\u1ea1p c\u1ee7a ng\u1eef ph\u00e1p ti\u1ebfng \u1ea2 R\u1eadp v\u00e0 kh\u00e1m ph\u00e1 c\u1ea5u tr\u00fac \u0111\u1ed9c \u0111\u00e1o c\u1ee7a n\u00f3 so v\u1edbi ng\u1eef ph\u00e1p ti\u1ebfng Anh.","robots":{"index":"index","follow":"follow","max-snippet":"max-snippet:-1","max-image-preview":"max-image-preview:large","max-video-preview":"max-video-preview:-1"},"canonical":"https:\/\/talkpal.ai\/vi\/ngu-phap-tieng-a-rap\/","og_locale":"vi_VN","og_type":"article","og_title":"Ng\u1eef ph\u00e1p ti\u1ebfng \u1ea2 R\u1eadp","og_description":"S\u1ef1 ph\u1ee9c t\u1ea1p c\u1ee7a ng\u1eef ph\u00e1p ti\u1ebfng \u1ea2 R\u1eadp: H\u00e0nh tr\u00ecnh xuy\u00ean qua c\u1ed9i ngu\u1ed3n v\u00e0 v\u1ebb \u0111\u1eb9p c\u1ee7a n\u00f3 B\u1ea1n c\u00f3 nh\u1edb khi m\u1edbi b\u1eaft \u0111\u1ea7u h\u1ecdc ng\u1eef ph\u00e1p ti\u1ebfng Anh kh\u00f4ng? C\u00e1c quy","og_url":"https:\/\/talkpal.ai\/vi\/ngu-phap-tieng-a-rap\/","og_site_name":"Talkpal","article_publisher":"https:\/\/www.facebook.com\/profile.php?id=100090733639311","article_modified_time":"2025-09-06T17:06:51+00:00","og_image":[{"width":512,"height":512,"url":"https:\/\/talkpal.ai\/wp-content\/uploads\/2023\/04\/arabic-united-arab-emirates.png","type":"image\/png"}],"twitter_card":"summary_large_image","twitter_site":"@talkpalai","twitter_misc":{"Est. reading time":"6 minutes"},"schema":{"@context":"https:\/\/schema.org","@graph":[{"@type":"WebPage","@id":"https:\/\/talkpal.ai\/vi\/ngu-phap-tieng-a-rap\/","url":"https:\/\/talkpal.ai\/vi\/ngu-phap-tieng-a-rap\/","name":"Ng\u1eef ph\u00e1p ti\u1ebfng \u1ea2 R\u1eadp - Talkpal","isPartOf":{"@id":"https:\/\/talkpal.ai\/vi\/#website"},"primaryImageOfPage":{"@id":"https:\/\/talkpal.ai\/vi\/ngu-phap-tieng-a-rap\/#primaryimage"},"image":{"@id":"https:\/\/talkpal.ai\/vi\/ngu-phap-tieng-a-rap\/#primaryimage"},"thumbnailUrl":"https:\/\/talkpal.ai\/wp-content\/uploads\/2023\/04\/arabic-united-arab-emirates.png","datePublished":"2023-05-14T13:43:38+00:00","dateModified":"2025-09-06T17:06:51+00:00","description":"Kh\u00e1m ph\u00e1 s\u1ef1 ph\u1ee9c t\u1ea1p c\u1ee7a ng\u1eef ph\u00e1p ti\u1ebfng \u1ea2 R\u1eadp v\u00e0 kh\u00e1m ph\u00e1 c\u1ea5u tr\u00fac \u0111\u1ed9c \u0111\u00e1o c\u1ee7a n\u00f3 so v\u1edbi ng\u1eef ph\u00e1p ti\u1ebfng Anh.","breadcrumb":{"@id":"https:\/\/talkpal.ai\/vi\/ngu-phap-tieng-a-rap\/#breadcrumb"},"inLanguage":"vi-VN","potentialAction":[{"@type":"ReadAction","target":["https:\/\/talkpal.ai\/vi\/ngu-phap-tieng-a-rap\/"]}]},{"@type":"ImageObject","inLanguage":"vi-VN","@id":"https:\/\/talkpal.ai\/vi\/ngu-phap-tieng-a-rap\/#primaryimage","url":"https:\/\/talkpal.ai\/wp-content\/uploads\/2023\/04\/arabic-united-arab-emirates.png","contentUrl":"https:\/\/talkpal.ai\/wp-content\/uploads\/2023\/04\/arabic-united-arab-emirates.png","width":512,"height":512,"caption":"TalkPal Catalan Flag"},{"@type":"BreadcrumbList","@id":"https:\/\/talkpal.ai\/vi\/ngu-phap-tieng-a-rap\/#breadcrumb","itemListElement":[{"@type":"ListItem","position":1,"name":"Homepage","item":"https:\/\/talkpal.ai\/vi\/giao-vien-ngon-ngu-ai-3\/"},{"@type":"ListItem","position":2,"name":"Ng\u1eef ph\u00e1p ti\u1ebfng \u1ea2 R\u1eadp"}]},{"@type":"WebSite","@id":"https:\/\/talkpal.ai\/vi\/#website","url":"https:\/\/talkpal.ai\/vi\/","name":"Talkpal","description":"AI Language Learning","publisher":{"@id":"https:\/\/talkpal.ai\/vi\/#organization"},"alternateName":"Talkpal AI","potentialAction":[{"@type":"SearchAction","target":{"@type":"EntryPoint","urlTemplate":"https:\/\/talkpal.ai\/vi\/?s={search_term_string}"},"query-input":{"@type":"PropertyValueSpecification","valueRequired":true,"valueName":"search_term_string"}}],"inLanguage":"vi-VN"},{"@type":"Organization","@id":"https:\/\/talkpal.ai\/vi\/#organization","name":"Talkpal, Inc.","alternateName":"Talkpal AI","url":"https:\/\/talkpal.ai\/vi\/","logo":{"@type":"ImageObject","inLanguage":"vi-VN","@id":"https:\/\/talkpal.ai\/vi\/#\/schema\/logo\/image\/","url":"https:\/\/talkpal.ai\/wp-content\/uploads\/2024\/03\/Talkpal-Logo-Icon.png","contentUrl":"https:\/\/talkpal.ai\/wp-content\/uploads\/2024\/03\/Talkpal-Logo-Icon.png","width":2880,"height":2880,"caption":"Talkpal, Inc."},"image":{"@id":"https:\/\/talkpal.ai\/vi\/#\/schema\/logo\/image\/"},"sameAs":["https:\/\/www.facebook.com\/profile.php?id=100090733639311","https:\/\/x.com\/talkpalai","https:\/\/www.linkedin.com\/company\/talkpal\/","https:\/\/www.youtube.com\/@TalkPal\/","https:\/\/www.tiktok.com\/@talkpal","https:\/\/www.instagram.com\/talkpal_ai\/","https:\/\/www.crunchbase.com\/organization\/talkpal-9cde","https:\/\/www.g2.com\/products\/talkpal-for-business\/","https:\/\/www.trustpilot.com\/review\/talkpal.ai","https:\/\/www.capterra.com\/p\/10006800\/TalkPal\/"],"description":"Talkpal is a language learning web and mobile education app, powered by the latest AI technologies, that provides engaging experiences to its customers in many different languages to help them improve their language skills. Users can chat about unlimited amount of topics with the app and use other modes to practice their language learning.","email":"support@talkpal.ai","legalName":"Talkpal, Inc.","foundingDate":"2023-04-03","duns":"118989042","numberOfEmployees":{"@type":"QuantitativeValue","minValue":"11","maxValue":"50"},"publishingPrinciples":"https:\/\/talkpal.ai\/publishing-principles\/","actionableFeedbackPolicy":"https:\/\/talkpal.ai\/actionable-feedback-policy\/","correctionsPolicy":"https:\/\/talkpal.ai\/corrections-policy\/","ethicsPolicy":"https:\/\/talkpal.ai\/ethics-policy\/","diversityPolicy":"https:\/\/talkpal.ai\/diversity-policy\/","diversityStaffingReport":"https:\/\/talkpal.ai\/diversity-policy\/"}]}},"_links":{"self":[{"href":"https:\/\/talkpal.ai\/vi\/wp-json\/wp\/v2\/pages\/1442254","targetHints":{"allow":["GET"]}}],"collection":[{"href":"https:\/\/talkpal.ai\/vi\/wp-json\/wp\/v2\/pages"}],"about":[{"href":"https:\/\/talkpal.ai\/vi\/wp-json\/wp\/v2\/types\/page"}],"author":[{"embeddable":true,"href":"https:\/\/talkpal.ai\/vi\/wp-json\/wp\/v2\/users\/1"}],"replies":[{"embeddable":true,"href":"https:\/\/talkpal.ai\/vi\/wp-json\/wp\/v2\/comments?post=1442254"}],"version-history":[{"count":0,"href":"https:\/\/talkpal.ai\/vi\/wp-json\/wp\/v2\/pages\/1442254\/revisions"}],"wp:featuredmedia":[{"embeddable":true,"href":"https:\/\/talkpal.ai\/vi\/wp-json\/wp\/v2\/media\/1440960"}],"wp:attachment":[{"href":"https:\/\/talkpal.ai\/vi\/wp-json\/wp\/v2\/media?parent=1442254"}],"curies":[{"name":"wp","href":"https:\/\/api.w.org\/{rel}","templated":true}]}}