{"id":1442230,"date":"2023-05-14T13:54:14","date_gmt":"2023-05-14T13:54:14","guid":{"rendered":"https:\/\/talkpal.ai\/ngu-phap-tieng-armenia\/"},"modified":"2025-09-06T17:05:13","modified_gmt":"2025-09-06T17:05:13","slug":"ngu-phap-tieng-armenia","status":"publish","type":"page","link":"https:\/\/talkpal.ai\/vi\/ngu-phap-tieng-armenia\/","title":{"rendered":"Ng\u1eef ph\u00e1p ti\u1ebfng Armenia"},"content":{"rendered":"\r\n\r\n\r\n<section class=\"languageChallengeSection\">\r\n    <div class=\"languageInfoWrapper\">\r\n        \r\n        <h1>Ng\u1eef ph\u00e1p ti\u1ebfng Armenia<\/h1>\r\n        <p>B\u1ea1n \u0111\u00e3 s\u1eb5n s\u00e0ng kh\u00e1m ph\u00e1 m\u1ed9t <a href=\"https:\/\/talkpal.ai\/vi\/hoc-ngon-ngu-cho-cac-truong-ngon-ngu\/\">ng\u00f4n ng\u1eef<\/a> m\u1edbi? <a href=\"https:\/\/talkpal.ai\/vi\/ngu-phap\/\">Ng\u1eef ph\u00e1p<\/a> <a href=\"https:\/\/talkpal.ai\/locations\/language-courses-in-armenia\/\">Armenia<\/a> l\u00e0 c\u1eeda ng\u00f5 c\u1ee7a b\u1ea1n \u0111\u1ebfn m\u1ed9t th\u1ebf gi\u1edbi c\u1ee7a nh\u1eefng hoa v\u0103n h\u1ea5p d\u1eabn v\u00e0 truy\u1ec1n th\u1ed1ng \u0111\u1ed9c \u0111\u00e1o! Khi b\u1ea1n h\u1ecdc ng\u1eef ph\u00e1p <a href=\"https:\/\/talkpal.ai\/locations\/learn-english-in-armenia\/\">Armenia,<\/a> b\u1ea1n s\u1ebd kh\u00f4ng ch\u1ec9 th\u00e0nh th\u1ea1o m\u1ed9t ng\u00f4n ng\u1eef m\u00e0 c\u00f2n k\u1ebft n\u1ed1i v\u1edbi di s\u1ea3n v\u0103n h\u00f3a s\u00e2u s\u1eafc c\u1ee7a Armenia. H\u00e3y c\u00f9ng nhau h\u00f2a m\u00ecnh v\u00e0o v\u00e0 t\u1eadn h\u01b0\u1edfng cu\u1ed9c h\u00e0nh tr\u00ecnh v\u00e0o ti\u1ebfng Armenia!<\/p>\r\n\r\n                            <a class=\"getStartedHidden\" href=\"https:\/\/app.talkpal.ai\/vi\/signup?lng=\">B\u1eaft \u0111\u1ea7u nh\u00e9<\/a>\r\n        \r\n    <\/div>\r\n\r\n    <figure>\r\n    <img decoding=\"async\" width=\"768\" height=\"768\" src=\"https:\/\/talkpal.ai\/wp-content\/uploads\/2023\/06\/armenian-768x768.png\" class=\"languageImage no-lazy\" alt=\"Language learning for higher cognition\" fetchpriority=\"high\" sizes=\"(max-width: 768px) 150px, 768px\" srcset=\"https:\/\/talkpal.ai\/wp-content\/uploads\/2023\/06\/armenian-768x768.png 768w, https:\/\/talkpal.ai\/wp-content\/uploads\/2023\/06\/armenian-300x300.png 300w\" \/>\r\n    \r\n\r\n    <\/figure>\r\n\r\n            <a class=\"getStartedVisible\" href=\"https:\/\/app.talkpal.ai\/vi\/signup?lng=\">B\u1eaft \u0111\u1ea7u nh\u00e9<\/a>\r\n    \r\n<\/section>\r\n<section class=\"promotionalBanner\">\r\n    <p class=\"promotionalText\">C\u00e1ch hi\u1ec7u qu\u1ea3 nh\u1ea5t \u0111\u1ec3 h\u1ecdc m\u1ed9t ng\u00f4n ng\u1eef<\/p>\r\n    <a class=\"promotionalLink\" href=\"https:\/\/app.talkpal.ai\/vi\/signup?lng=\">D\u00f9ng th\u1eed Talkpal mi\u1ec5n ph\u00ed<\/a>\r\n<\/section>\n<div class=\"wp-block-group pageContainerStyle\"><div class=\"wp-block-group__inner-container is-layout-constrained wp-block-group-is-layout-constrained\">\n<h2 class=\"wp-block-heading\" id=\"h-discovering-the-richness-of-armenian-grammar\">Kh\u00e1m ph\u00e1 s\u1ef1 phong ph\u00fa c\u1ee7a ng\u1eef ph\u00e1p Armenia<\/h2>\n\n\n\n<p>Ti\u1ebfng Armenia, m\u1ed9t ng\u00f4n ng\u1eef \u0111\u1ed9c \u0111\u00e1o v\u00e0 h\u1ea5p d\u1eabn, gi\u1eef m\u1ed9t v\u1ecb tr\u00ed ri\u00eang bi\u1ec7t trong gia \u0111\u00ecnh \u1ea4n-\u00c2u. <a href=\"https:\/\/talkpal.ai\/learn-armenian\/\">H\u1ecdc ti\u1ebfng Armenia<\/a> kh\u00f4ng ch\u1ec9 l\u00e0m phong ph\u00fa th\u00eam ti\u1ebft m\u1ee5c ng\u00f4n ng\u1eef c\u1ee7a b\u1ea1n m\u00e0 c\u00f2n cho ph\u00e9p b\u1ea1n \u0111i s\u00e2u v\u00e0o l\u1ecbch s\u1eed v\u00e0 v\u0103n h\u00f3a phong ph\u00fa c\u1ee7a Armenia. M\u1eb7c d\u00f9 <a href=\"https:\/\/talkpal.ai\/vi\/ngu-phap-tieng-nga\/\">ng\u1eef ph\u00e1p ti\u1ebfng<\/a> Armenia tho\u1ea1t nh\u00ecn c\u00f3 v\u1ebb kh\u00f3 kh\u0103n, nh\u01b0ng vi\u1ec7c chia nh\u1ecf n\u00f3 th\u00e0nh c\u00e1c th\u00e0nh ph\u1ea7n thi\u1ebft y\u1ebfu c\u1ee7a n\u00f3 gi\u00fap \u0111\u01a1n gi\u1ea3n h\u00f3a qu\u00e1 tr\u00ecnh. Trong b\u00e0i vi\u1ebft n\u00e0y, ch\u00fang t\u00f4i s\u1ebd gi\u1edbi thi\u1ec7u cho b\u1ea1n th\u1ebf gi\u1edbi quy\u1ebfn r\u0169 c\u1ee7a ng\u1eef ph\u00e1p Armenia v\u00e0 cung c\u1ea5p c\u00e1c m\u1eb9o <a href=\"https:\/\/talkpal.ai\/vi\/ve\/\">v\u1ec1<\/a> c\u00e1ch n\u1eafm v\u1eefng s\u1ef1 ph\u1ee9c t\u1ea1p c\u1ee7a n\u00f3.<\/p>\n\n\n\n<h3 class=\"wp-block-heading\" id=\"h-1-the-armenian-alphabet\">1. B\u1ea3ng ch\u1eef c\u00e1i Armenia<\/h3>\n\n\n\n<p>Ti\u1ebfng Armenia c\u00f3 b\u1ea3ng ch\u1eef c\u00e1i ri\u00eang bi\u1ec7t, bao g\u1ed3m 39 ch\u1eef c\u00e1i, m\u1ed7i ch\u1eef c\u00e1i \u0111\u1ea1i di\u1ec7n cho m\u1ed9t \u00e2m v\u1ecb c\u1ee5 th\u1ec3 ho\u1eb7c s\u1ef1 k\u1ebft h\u1ee3p c\u1ee7a c\u00e1c \u00e2m v\u1ecb. \u0110\u1ec3 h\u1ecdc ng\u1eef ph\u00e1p ti\u1ebfng Armenia, \u0111i\u1ec1u quan tr\u1ecdng l\u00e0 ph\u1ea3i l\u00e0m quen v\u1edbi h\u1ec7 th\u1ed1ng vi\u1ebft \u0111\u1ed9c \u0111\u00e1o n\u00e0y b\u1eb1ng c\u00e1ch th\u1ef1c h\u00e0nh \u0111\u1ecdc v\u00e0 vi\u1ebft c\u00e1c v\u0103n b\u1ea3n ti\u1ebfng Armenia.<\/p>\n\n\n\n<h3 class=\"wp-block-heading\" id=\"h-2-nouns-gender-and-cases\">2. Danh t\u1eeb: Gi\u1edbi t\u00ednh v\u00e0 tr\u01b0\u1eddng h\u1ee3p<\/h3>\n\n\n\n<p>Danh t\u1eeb ti\u1ebfng Armenia kh\u00f4ng c\u00f3 gi\u1edbi t\u00ednh ng\u1eef ph\u00e1p nh\u01b0 nhi\u1ec1u ng\u00f4n ng\u1eef kh\u00e1c. Tuy nhi\u00ean, ch\u00fang c\u00f3 m\u1ed9t s\u1ed1 tr\u01b0\u1eddng h\u1ee3p, bao g\u1ed3m danh ngh\u0129a, c\u00e1o t\u1eeb, dative, sinh d\u1ee5c, instrumental, ablative v\u00e0 locative. T\u00ecm hi\u1ec3u c\u00e1c quy t\u1eafc h\u00ecnh th\u00e0nh c\u00e1c tr\u01b0\u1eddng h\u1ee3p n\u00e0y s\u1ebd cho ph\u00e9p b\u1ea1n hi\u1ec3u r\u00f5 h\u01a1n v\u00e0 c\u1ea5u tr\u00fac c\u00e1c c\u00e2u ti\u1ebfng Armenia.<\/p>\n\n\n\n<h3 class=\"wp-block-heading\" id=\"h-3-verbs-conjugation-and-tense\">3. \u0110\u1ed9ng t\u1eeb: Chia \u0111\u1ed9ng t\u1eeb v\u00e0 th\u00ec<\/h3>\n\n\n\n<p>\u0110\u1ed9ng t\u1eeb ti\u1ebfng Armenia \u0111\u01b0\u1ee3c chia \u0111\u1ed9ng theo th\u00ec, t\u00e2m tr\u1ea1ng v\u00e0 kh\u00eda c\u1ea1nh c\u1ee7a ch\u00fang. C\u00f3 b\u1ea3y th\u00ec c\u01a1 b\u1ea3n trong ti\u1ebfng Armenia, bao g\u1ed3m hi\u1ec7n t\u1ea1i, kh\u00f4ng ho\u00e0n h\u1ea3o, ho\u00e0n h\u1ea3o, aorist, t\u01b0\u01a1ng lai, pluperfect v\u00e0 t\u01b0\u01a1ng lai ho\u00e0n h\u1ea3o. C\u00e1c \u0111\u1ed9ng t\u1eeb th\u00f4ng th\u01b0\u1eddng tu\u00e2n theo c\u00e1c m\u1eabu chia \u0111\u1ed9ng t\u1eeb c\u1ee5 th\u1ec3, khi\u1ebfn ch\u00fang t\u01b0\u01a1ng \u0111\u1ed1i d\u1ec5 h\u1ecdc khi b\u1ea1n n\u1eafm \u0111\u01b0\u1ee3c c\u00e1c quy t\u1eafc.<\/p>\n\n\n\n<h3 class=\"wp-block-heading\" id=\"h-4-adjectives-agreement-and-placement\">4. T\u00ednh t\u1eeb: Th\u1ecfa thu\u1eadn v\u00e0 V\u1ecb tr\u00ed<\/h3>\n\n\n\n<p>Trong ng\u1eef ph\u00e1p ti\u1ebfng Armenia, t\u00ednh t\u1eeb th\u01b0\u1eddng xu\u1ea5t hi\u1ec7n tr\u01b0\u1edbc danh t\u1eeb m\u00e0 ch\u00fang s\u1eeda \u0111\u1ed5i, v\u00e0 ch\u00fang kh\u00f4ng c\u1ea7n ph\u1ea3i \u0111\u1ed3ng \u00fd trong tr\u01b0\u1eddng h\u1ee3p v\u1edbi danh t\u1eeb. Tuy nhi\u00ean, t\u00ednh t\u1eeb c\u00f3 th\u1ec3 b\u1ecb t\u1eeb ch\u1ed1i n\u1ebfu ch\u00fang \u0111\u01b0\u1ee3c s\u1eed d\u1ee5ng m\u1ed9t c\u00e1ch th\u1ef1c ch\u1ea5t (nh\u01b0 m\u1ed9t danh t\u1eeb) ho\u1eb7c \u0111\u01b0\u1ee3c \u0111\u1eb7t tr\u01b0\u1edbc b\u1edfi m\u1ed9t s\u1ed1 \u0111\u1ea1i t\u1eeb bi\u1ec3u th\u1ecb v\u00e0 s\u1edf h\u1eefu nh\u1ea5t \u0111\u1ecbnh.<\/p>\n\n\n\n<p><strong>V\u00ed d\u1ee5:<\/strong><\/p>\n\n\n\n<p>\u2013 \u057d\u0578\u0582\u0580\u0562 \u057f\u0561\u0573\u0561\u0580 (surb tachar) \u2013 \u0111\u1ec1n th\u00e1nh<\/p>\n\n\n\n<p>\u2013 \u0561\u0575\u057d \u0574\u0565\u056e \u057f\u0578\u0582\u0576 (ays metz tun) \u2013 ng\u00f4i nh\u00e0 l\u1edbn n\u00e0y<\/p>\n\n\n\n<h3 class=\"wp-block-heading\" id=\"h-5-evidentiality-in-verbs\">5. B\u1eb1ng ch\u1ee9ng trong \u0111\u1ed9ng t\u1eeb<\/h3>\n\n\n\n<p>M\u1ed9t kh\u00eda c\u1ea1nh \u0111\u1ed9c \u0111\u00e1o c\u1ee7a ng\u1eef ph\u00e1p Armenia l\u00e0 vi\u1ec7c s\u1eed d\u1ee5ng c\u00e1c \u0111\u1ed9ng t\u1eeb b\u1eb1ng ch\u1ee9ng. \u0110\u1eb7c \u0111i\u1ec3m n\u00e0y cho th\u1ea5y ngu\u1ed3n ki\u1ebfn th\u1ee9c c\u1ee7a ng\u01b0\u1eddi n\u00f3i (kinh nghi\u1ec7m c\u00e1 nh\u00e2n, tin \u0111\u1ed3n ho\u1eb7c suy lu\u1eadn) li\u00ean quan \u0111\u1ebfn h\u00e0nh \u0111\u1ed9ng trong c\u00e2u. Ch\u00fa \u00fd \u0111\u1ebfn nh\u1eefng s\u1eafc th\u00e1i n\u00e0y c\u00f3 th\u1ec3 gi\u00fap b\u1ea1n cung c\u1ea5p b\u1ed1i c\u1ea3nh v\u00e0 s\u1ef1 r\u00f5 r\u00e0ng trong cu\u1ed9c tr\u00f2 chuy\u1ec7n c\u1ee7a m\u00ecnh.<\/p>\n\n\n\n<h3 class=\"wp-block-heading\" id=\"h-6-engaging-with-the-language\">6. T\u01b0\u01a1ng t\u00e1c v\u1edbi ng\u00f4n ng\u1eef<\/h3>\n\n\n\n<p>C\u00e1ch hi\u1ec7u qu\u1ea3 nh\u1ea5t \u0111\u1ec3 hi\u1ec3u v\u00e0 ti\u1ebfp thu ng\u1eef ph\u00e1p Armenia l\u00e0 th\u01b0\u1eddng xuy\u00ean t\u01b0\u01a1ng t\u00e1c v\u1edbi ng\u00f4n ng\u1eef n\u00e0y. B\u1eb1ng c\u00e1ch \u0111\u1ecdc v\u0103n h\u1ecdc Armenia, xem phim ho\u1eb7c phim truy\u1ec1n h\u00ecnh v\u00e0 t\u00edch c\u1ef1c giao ti\u1ebfp v\u1edbi ng\u01b0\u1eddi b\u1ea3n ng\u1eef, b\u1ea1n s\u1ebd c\u1ee7ng c\u1ed1 s\u1ef1 hi\u1ec3u bi\u1ebft v\u1ec1 ng\u1eef ph\u00e1p v\u00e0 m\u1edf r\u1ed9ng v\u1ed1n t\u1eeb v\u1ef1ng c\u1ee7a m\u00ecnh \u0111\u1ed3ng th\u1eddi.<\/p>\n\n\n\n<h3 class=\"wp-block-heading\" id=\"h-conclusion\">Ph\u1ea7n k\u1ebft lu\u1eadn<\/h3>\n\n\n\n<p>M\u1eb7c d\u00f9 ng\u1eef ph\u00e1p ti\u1ebfng Armenia c\u00f3 v\u1ebb ph\u1ee9c t\u1ea1p, nh\u01b0ng ti\u1ebfp c\u1eadn t\u1eebng b\u01b0\u1edbc v\u00e0 th\u1ef1c h\u00e0nh li\u00ean t\u1ee5c s\u1ebd gi\u00fap b\u1ea1n tr\u1edf n\u00ean th\u00e0nh th\u1ea1o ng\u00f4n ng\u1eef tuy\u1ec7t v\u1eddi n\u00e0y. \u0110\u00f3n nh\u1eadn th\u1eed th\u00e1ch khi b\u1ea1n b\u1eaft tay v\u00e0o cu\u1ed9c phi\u00eau l\u01b0u ng\u00f4n ng\u1eef Armenia c\u1ee7a m\u00ecnh v\u00e0 b\u1ea1n s\u1ebd s\u1edbm th\u1ea5y m\u00ecnh \u0111ang \u0111i\u1ec1u h\u01b0\u1edbng c\u00e1c s\u1eafc th\u00e1i c\u1ee7a ng\u1eef ph\u00e1p c\u1ee7a n\u00f3 v\u1edbi s\u1ef1 t\u1ef1 tin ng\u00e0y c\u00e0ng t\u0103ng. Ch\u00fac b\u1ea1n h\u1ecdc t\u1eadp vui v\u1ebb v\u00e0 t\u1eadn h\u01b0\u1edfng kh\u00e1m ph\u00e1 s\u1ef1 phong ph\u00fa c\u1ee7a ng\u1eef ph\u00e1p ti\u1ebfng Armenia!<\/p>\n<\/div><\/div>\n\r\n<section class=\"learnNavigationSection\">\r\n            \r\n        <a href=\"https:\/\/talkpal.ai\/vi\/hoc-tieng-armenia\/\">\r\n            <div class=\"learnNavigationWrapper\">\r\n                <div class=\"learnNavigationContent\">\r\n                    <img decoding=\"async\" src=\"https:\/\/talkpal.ai\/wp-content\/uploads\/2024\/08\/Armenian.jpg\" alt=\"Armenian Flag\">\r\n                    <div>\r\n                        <h4>Gi\u1edbi thi\u1ec7u v\u1ec1 Armenian Learning<\/h4>\r\n                        <p>T\u00ecm hi\u1ec3u t\u1ea5t c\u1ea3 v\u1ec1 ng\u1eef ph\u00e1p ti\u1ebfng Armenia.<\/p>\r\n                    <\/div>\r\n                <\/div>\r\n            <\/div>\r\n        <\/a>\r\n\r\n        \r\n        <a href=\"https:\/\/talkpal.ai\/vi\/bai-tap-ngu-phap-tieng-armenia\/\">\r\n            <div class=\"learnNavigationWrapper\">\r\n                <div class=\"learnNavigationContent\">\r\n                    <img decoding=\"async\" src=\"https:\/\/talkpal.ai\/wp-content\/uploads\/2024\/08\/Armenian.jpg\" alt=\"Armenian Flag\">\r\n                    <div>\r\n                        <h4>B\u00e0i t\u1eadp ng\u1eef ph\u00e1p ti\u1ebfng Armenia<\/h4>\r\n                        <p>Th\u1ef1c h\u00e0nh ng\u1eef ph\u00e1p ti\u1ebfng Armenia.<\/p>\r\n                    <\/div>\r\n                <\/div>\r\n            <\/div>\r\n        <\/a>\r\n\r\n        \r\n        <a href=\"https:\/\/talkpal.ai\/vocabulary_language\/armenian\/\">\r\n            <div class=\"learnNavigationWrapper\">\r\n                <div class=\"learnNavigationContent\">\r\n                    <img decoding=\"async\" src=\"https:\/\/talkpal.ai\/wp-content\/uploads\/2024\/08\/Armenian.jpg\" alt=\"Armenian Flag\">\r\n                    <div>\r\n                        <h4>T\u1eeb v\u1ef1ng ti\u1ebfng Armenia<\/h4>\r\n                        <p>M\u1edf r\u1ed9ng v\u1ed1n t\u1eeb v\u1ef1ng ti\u1ebfng Armenia c\u1ee7a b\u1ea1n.<\/p>\r\n                    <\/div>\r\n                <\/div>\r\n            <\/div>\r\n        <\/a>\r\n\r\n            <\/section>","protected":false},"excerpt":{"rendered":"<p>Kh\u00e1m ph\u00e1 s\u1ef1 phong ph\u00fa c\u1ee7a ng\u1eef ph\u00e1p Armenia Ti\u1ebfng Armenia, m\u1ed9t ng\u00f4n ng\u1eef \u0111\u1ed9c \u0111\u00e1o v\u00e0 h\u1ea5p d\u1eabn, gi\u1eef m\u1ed9t v\u1ecb tr\u00ed ri\u00eang bi\u1ec7t trong gia \u0111\u00ecnh \u1ea4n-\u00c2u. H\u1ecdc ti\u1ebfng Armenia kh\u00f4ng ch\u1ec9 l\u00e0m phong ph\u00fa th\u00eam ti\u1ebft m\u1ee5c ng\u00f4n ng\u1eef c\u1ee7a b\u1ea1n m\u00e0 c\u00f2n cho ph\u00e9p b\u1ea1n \u0111i s\u00e2u v\u00e0o l\u1ecbch s\u1eed v\u00e0 [&hellip;]<\/p>\n","protected":false},"author":1,"featured_media":1442231,"parent":0,"menu_order":0,"comment_status":"closed","ping_status":"closed","template":"LearningContentPage.php","meta":{"_acf_changed":false,"footnotes":""},"class_list":["post-1442230","page","type-page","status-publish","has-post-thumbnail","hentry"],"acf":[],"yoast_head":"<!-- This site is optimized with the Yoast SEO Premium plugin v27.2 (Yoast SEO v27.2) - https:\/\/yoast.com\/product\/yoast-seo-premium-wordpress\/ -->\n<title>Ng\u1eef ph\u00e1p ti\u1ebfng Armenia - Talkpal<\/title>\n<meta name=\"description\" content=\"M\u1edf kh\u00f3a nh\u1eefng b\u00ed m\u1eadt c\u1ee7a ng\u1eef ph\u00e1p Armenia v\u00e0 kh\u00e1m ph\u00e1 n\u1ec1n v\u0103n h\u00f3a phong ph\u00fa c\u1ee7a Armenia trong khi th\u00e0nh th\u1ea1o ng\u00f4n ng\u1eef h\u1ea5p d\u1eabn n\u00e0y.\" \/>\n<meta name=\"robots\" content=\"index, follow, max-snippet:-1, max-image-preview:large, max-video-preview:-1\" \/>\n<link rel=\"canonical\" href=\"https:\/\/talkpal.ai\/vi\/ngu-phap-tieng-armenia\/\" \/>\n<meta property=\"og:locale\" content=\"vi_VN\" \/>\n<meta property=\"og:type\" content=\"article\" \/>\n<meta property=\"og:title\" content=\"Ng\u1eef ph\u00e1p ti\u1ebfng Armenia\" \/>\n<meta property=\"og:description\" content=\"Kh\u00e1m ph\u00e1 s\u1ef1 phong ph\u00fa c\u1ee7a ng\u1eef ph\u00e1p Armenia Ti\u1ebfng Armenia, m\u1ed9t ng\u00f4n ng\u1eef \u0111\u1ed9c \u0111\u00e1o v\u00e0 h\u1ea5p d\u1eabn, gi\u1eef m\u1ed9t v\u1ecb tr\u00ed ri\u00eang bi\u1ec7t trong gia \u0111\u00ecnh \u1ea4n-\u00c2u. H\u1ecdc ti\u1ebfng\" \/>\n<meta property=\"og:url\" content=\"https:\/\/talkpal.ai\/vi\/ngu-phap-tieng-armenia\/\" \/>\n<meta property=\"og:site_name\" content=\"Talkpal\" \/>\n<meta property=\"article:publisher\" content=\"https:\/\/www.facebook.com\/profile.php?id=100090733639311\" \/>\n<meta property=\"article:modified_time\" content=\"2025-09-06T17:05:13+00:00\" \/>\n<meta property=\"og:image\" content=\"https:\/\/talkpal.ai\/wp-content\/uploads\/2023\/05\/armenia.png\" \/>\n\t<meta property=\"og:image:width\" content=\"512\" \/>\n\t<meta property=\"og:image:height\" content=\"512\" \/>\n\t<meta property=\"og:image:type\" content=\"image\/png\" \/>\n<meta name=\"twitter:card\" content=\"summary_large_image\" \/>\n<meta name=\"twitter:site\" content=\"@talkpalai\" \/>\n<meta name=\"twitter:label1\" content=\"Est. reading time\" \/>\n\t<meta name=\"twitter:data1\" content=\"5 minutes\" \/>\n<script type=\"application\/ld+json\" class=\"yoast-schema-graph\">{\"@context\":\"https:\/\/schema.org\",\"@graph\":[{\"@type\":\"WebPage\",\"@id\":\"https:\/\/talkpal.ai\/vi\/ngu-phap-tieng-armenia\/\",\"url\":\"https:\/\/talkpal.ai\/vi\/ngu-phap-tieng-armenia\/\",\"name\":\"Ng\u1eef ph\u00e1p ti\u1ebfng Armenia - Talkpal\",\"isPartOf\":{\"@id\":\"https:\/\/talkpal.ai\/vi\/#website\"},\"primaryImageOfPage\":{\"@id\":\"https:\/\/talkpal.ai\/vi\/ngu-phap-tieng-armenia\/#primaryimage\"},\"image\":{\"@id\":\"https:\/\/talkpal.ai\/vi\/ngu-phap-tieng-armenia\/#primaryimage\"},\"thumbnailUrl\":\"https:\/\/talkpal.ai\/wp-content\/uploads\/2023\/05\/armenia.png\",\"datePublished\":\"2023-05-14T13:54:14+00:00\",\"dateModified\":\"2025-09-06T17:05:13+00:00\",\"description\":\"M\u1edf kh\u00f3a nh\u1eefng b\u00ed m\u1eadt c\u1ee7a ng\u1eef ph\u00e1p Armenia v\u00e0 kh\u00e1m ph\u00e1 n\u1ec1n v\u0103n h\u00f3a phong ph\u00fa c\u1ee7a Armenia trong khi th\u00e0nh th\u1ea1o ng\u00f4n ng\u1eef h\u1ea5p d\u1eabn n\u00e0y.\",\"breadcrumb\":{\"@id\":\"https:\/\/talkpal.ai\/vi\/ngu-phap-tieng-armenia\/#breadcrumb\"},\"inLanguage\":\"vi-VN\",\"potentialAction\":[{\"@type\":\"ReadAction\",\"target\":[\"https:\/\/talkpal.ai\/vi\/ngu-phap-tieng-armenia\/\"]}]},{\"@type\":\"ImageObject\",\"inLanguage\":\"vi-VN\",\"@id\":\"https:\/\/talkpal.ai\/vi\/ngu-phap-tieng-armenia\/#primaryimage\",\"url\":\"https:\/\/talkpal.ai\/wp-content\/uploads\/2023\/05\/armenia.png\",\"contentUrl\":\"https:\/\/talkpal.ai\/wp-content\/uploads\/2023\/05\/armenia.png\",\"width\":512,\"height\":512,\"caption\":\"TalkPal Armenia Flag\"},{\"@type\":\"BreadcrumbList\",\"@id\":\"https:\/\/talkpal.ai\/vi\/ngu-phap-tieng-armenia\/#breadcrumb\",\"itemListElement\":[{\"@type\":\"ListItem\",\"position\":1,\"name\":\"Homepage\",\"item\":\"https:\/\/talkpal.ai\/vi\/giao-vien-ngon-ngu-ai-3\/\"},{\"@type\":\"ListItem\",\"position\":2,\"name\":\"Ng\u1eef ph\u00e1p ti\u1ebfng Armenia\"}]},{\"@type\":\"WebSite\",\"@id\":\"https:\/\/talkpal.ai\/vi\/#website\",\"url\":\"https:\/\/talkpal.ai\/vi\/\",\"name\":\"Talkpal\",\"description\":\"AI Language Learning\",\"publisher\":{\"@id\":\"https:\/\/talkpal.ai\/vi\/#organization\"},\"alternateName\":\"Talkpal AI\",\"potentialAction\":[{\"@type\":\"SearchAction\",\"target\":{\"@type\":\"EntryPoint\",\"urlTemplate\":\"https:\/\/talkpal.ai\/vi\/?s={search_term_string}\"},\"query-input\":{\"@type\":\"PropertyValueSpecification\",\"valueRequired\":true,\"valueName\":\"search_term_string\"}}],\"inLanguage\":\"vi-VN\"},{\"@type\":\"Organization\",\"@id\":\"https:\/\/talkpal.ai\/vi\/#organization\",\"name\":\"Talkpal, Inc.\",\"alternateName\":\"Talkpal AI\",\"url\":\"https:\/\/talkpal.ai\/vi\/\",\"logo\":{\"@type\":\"ImageObject\",\"inLanguage\":\"vi-VN\",\"@id\":\"https:\/\/talkpal.ai\/vi\/#\/schema\/logo\/image\/\",\"url\":\"https:\/\/talkpal.ai\/wp-content\/uploads\/2024\/03\/Talkpal-Logo-Icon.png\",\"contentUrl\":\"https:\/\/talkpal.ai\/wp-content\/uploads\/2024\/03\/Talkpal-Logo-Icon.png\",\"width\":2880,\"height\":2880,\"caption\":\"Talkpal, Inc.\"},\"image\":{\"@id\":\"https:\/\/talkpal.ai\/vi\/#\/schema\/logo\/image\/\"},\"sameAs\":[\"https:\/\/www.facebook.com\/profile.php?id=100090733639311\",\"https:\/\/x.com\/talkpalai\",\"https:\/\/www.linkedin.com\/company\/talkpal\/\",\"https:\/\/www.youtube.com\/@TalkPal\/\",\"https:\/\/www.tiktok.com\/@talkpal\",\"https:\/\/www.instagram.com\/talkpal_ai\/\",\"https:\/\/www.crunchbase.com\/organization\/talkpal-9cde\",\"https:\/\/www.g2.com\/products\/talkpal-for-business\/\",\"https:\/\/www.trustpilot.com\/review\/talkpal.ai\",\"https:\/\/www.capterra.com\/p\/10006800\/TalkPal\/\"],\"description\":\"Talkpal is a language learning web and mobile education app, powered by the latest AI technologies, that provides engaging experiences to its customers in many different languages to help them improve their language skills. Users can chat about unlimited amount of topics with the app and use other modes to practice their language learning.\",\"email\":\"support@talkpal.ai\",\"legalName\":\"Talkpal, Inc.\",\"foundingDate\":\"2023-04-03\",\"duns\":\"118989042\",\"numberOfEmployees\":{\"@type\":\"QuantitativeValue\",\"minValue\":\"11\",\"maxValue\":\"50\"},\"publishingPrinciples\":\"https:\/\/talkpal.ai\/publishing-principles\/\",\"actionableFeedbackPolicy\":\"https:\/\/talkpal.ai\/actionable-feedback-policy\/\",\"correctionsPolicy\":\"https:\/\/talkpal.ai\/corrections-policy\/\",\"ethicsPolicy\":\"https:\/\/talkpal.ai\/ethics-policy\/\",\"diversityPolicy\":\"https:\/\/talkpal.ai\/diversity-policy\/\",\"diversityStaffingReport\":\"https:\/\/talkpal.ai\/diversity-policy\/\"}]}<\/script>\n<!-- \/ Yoast SEO Premium plugin. -->","yoast_head_json":{"title":"Ng\u1eef ph\u00e1p ti\u1ebfng Armenia - Talkpal","description":"M\u1edf kh\u00f3a nh\u1eefng b\u00ed m\u1eadt c\u1ee7a ng\u1eef ph\u00e1p Armenia v\u00e0 kh\u00e1m ph\u00e1 n\u1ec1n v\u0103n h\u00f3a phong ph\u00fa c\u1ee7a Armenia trong khi th\u00e0nh th\u1ea1o ng\u00f4n ng\u1eef h\u1ea5p d\u1eabn n\u00e0y.","robots":{"index":"index","follow":"follow","max-snippet":"max-snippet:-1","max-image-preview":"max-image-preview:large","max-video-preview":"max-video-preview:-1"},"canonical":"https:\/\/talkpal.ai\/vi\/ngu-phap-tieng-armenia\/","og_locale":"vi_VN","og_type":"article","og_title":"Ng\u1eef ph\u00e1p ti\u1ebfng Armenia","og_description":"Kh\u00e1m ph\u00e1 s\u1ef1 phong ph\u00fa c\u1ee7a ng\u1eef ph\u00e1p Armenia Ti\u1ebfng Armenia, m\u1ed9t ng\u00f4n ng\u1eef \u0111\u1ed9c \u0111\u00e1o v\u00e0 h\u1ea5p d\u1eabn, gi\u1eef m\u1ed9t v\u1ecb tr\u00ed ri\u00eang bi\u1ec7t trong gia \u0111\u00ecnh \u1ea4n-\u00c2u. H\u1ecdc ti\u1ebfng","og_url":"https:\/\/talkpal.ai\/vi\/ngu-phap-tieng-armenia\/","og_site_name":"Talkpal","article_publisher":"https:\/\/www.facebook.com\/profile.php?id=100090733639311","article_modified_time":"2025-09-06T17:05:13+00:00","og_image":[{"width":512,"height":512,"url":"https:\/\/talkpal.ai\/wp-content\/uploads\/2023\/05\/armenia.png","type":"image\/png"}],"twitter_card":"summary_large_image","twitter_site":"@talkpalai","twitter_misc":{"Est. reading time":"5 minutes"},"schema":{"@context":"https:\/\/schema.org","@graph":[{"@type":"WebPage","@id":"https:\/\/talkpal.ai\/vi\/ngu-phap-tieng-armenia\/","url":"https:\/\/talkpal.ai\/vi\/ngu-phap-tieng-armenia\/","name":"Ng\u1eef ph\u00e1p ti\u1ebfng Armenia - Talkpal","isPartOf":{"@id":"https:\/\/talkpal.ai\/vi\/#website"},"primaryImageOfPage":{"@id":"https:\/\/talkpal.ai\/vi\/ngu-phap-tieng-armenia\/#primaryimage"},"image":{"@id":"https:\/\/talkpal.ai\/vi\/ngu-phap-tieng-armenia\/#primaryimage"},"thumbnailUrl":"https:\/\/talkpal.ai\/wp-content\/uploads\/2023\/05\/armenia.png","datePublished":"2023-05-14T13:54:14+00:00","dateModified":"2025-09-06T17:05:13+00:00","description":"M\u1edf kh\u00f3a nh\u1eefng b\u00ed m\u1eadt c\u1ee7a ng\u1eef ph\u00e1p Armenia v\u00e0 kh\u00e1m ph\u00e1 n\u1ec1n v\u0103n h\u00f3a phong ph\u00fa c\u1ee7a Armenia trong khi th\u00e0nh th\u1ea1o ng\u00f4n ng\u1eef h\u1ea5p d\u1eabn n\u00e0y.","breadcrumb":{"@id":"https:\/\/talkpal.ai\/vi\/ngu-phap-tieng-armenia\/#breadcrumb"},"inLanguage":"vi-VN","potentialAction":[{"@type":"ReadAction","target":["https:\/\/talkpal.ai\/vi\/ngu-phap-tieng-armenia\/"]}]},{"@type":"ImageObject","inLanguage":"vi-VN","@id":"https:\/\/talkpal.ai\/vi\/ngu-phap-tieng-armenia\/#primaryimage","url":"https:\/\/talkpal.ai\/wp-content\/uploads\/2023\/05\/armenia.png","contentUrl":"https:\/\/talkpal.ai\/wp-content\/uploads\/2023\/05\/armenia.png","width":512,"height":512,"caption":"TalkPal Armenia Flag"},{"@type":"BreadcrumbList","@id":"https:\/\/talkpal.ai\/vi\/ngu-phap-tieng-armenia\/#breadcrumb","itemListElement":[{"@type":"ListItem","position":1,"name":"Homepage","item":"https:\/\/talkpal.ai\/vi\/giao-vien-ngon-ngu-ai-3\/"},{"@type":"ListItem","position":2,"name":"Ng\u1eef ph\u00e1p ti\u1ebfng Armenia"}]},{"@type":"WebSite","@id":"https:\/\/talkpal.ai\/vi\/#website","url":"https:\/\/talkpal.ai\/vi\/","name":"Talkpal","description":"AI Language Learning","publisher":{"@id":"https:\/\/talkpal.ai\/vi\/#organization"},"alternateName":"Talkpal AI","potentialAction":[{"@type":"SearchAction","target":{"@type":"EntryPoint","urlTemplate":"https:\/\/talkpal.ai\/vi\/?s={search_term_string}"},"query-input":{"@type":"PropertyValueSpecification","valueRequired":true,"valueName":"search_term_string"}}],"inLanguage":"vi-VN"},{"@type":"Organization","@id":"https:\/\/talkpal.ai\/vi\/#organization","name":"Talkpal, Inc.","alternateName":"Talkpal AI","url":"https:\/\/talkpal.ai\/vi\/","logo":{"@type":"ImageObject","inLanguage":"vi-VN","@id":"https:\/\/talkpal.ai\/vi\/#\/schema\/logo\/image\/","url":"https:\/\/talkpal.ai\/wp-content\/uploads\/2024\/03\/Talkpal-Logo-Icon.png","contentUrl":"https:\/\/talkpal.ai\/wp-content\/uploads\/2024\/03\/Talkpal-Logo-Icon.png","width":2880,"height":2880,"caption":"Talkpal, Inc."},"image":{"@id":"https:\/\/talkpal.ai\/vi\/#\/schema\/logo\/image\/"},"sameAs":["https:\/\/www.facebook.com\/profile.php?id=100090733639311","https:\/\/x.com\/talkpalai","https:\/\/www.linkedin.com\/company\/talkpal\/","https:\/\/www.youtube.com\/@TalkPal\/","https:\/\/www.tiktok.com\/@talkpal","https:\/\/www.instagram.com\/talkpal_ai\/","https:\/\/www.crunchbase.com\/organization\/talkpal-9cde","https:\/\/www.g2.com\/products\/talkpal-for-business\/","https:\/\/www.trustpilot.com\/review\/talkpal.ai","https:\/\/www.capterra.com\/p\/10006800\/TalkPal\/"],"description":"Talkpal is a language learning web and mobile education app, powered by the latest AI technologies, that provides engaging experiences to its customers in many different languages to help them improve their language skills. Users can chat about unlimited amount of topics with the app and use other modes to practice their language learning.","email":"support@talkpal.ai","legalName":"Talkpal, Inc.","foundingDate":"2023-04-03","duns":"118989042","numberOfEmployees":{"@type":"QuantitativeValue","minValue":"11","maxValue":"50"},"publishingPrinciples":"https:\/\/talkpal.ai\/publishing-principles\/","actionableFeedbackPolicy":"https:\/\/talkpal.ai\/actionable-feedback-policy\/","correctionsPolicy":"https:\/\/talkpal.ai\/corrections-policy\/","ethicsPolicy":"https:\/\/talkpal.ai\/ethics-policy\/","diversityPolicy":"https:\/\/talkpal.ai\/diversity-policy\/","diversityStaffingReport":"https:\/\/talkpal.ai\/diversity-policy\/"}]}},"_links":{"self":[{"href":"https:\/\/talkpal.ai\/vi\/wp-json\/wp\/v2\/pages\/1442230","targetHints":{"allow":["GET"]}}],"collection":[{"href":"https:\/\/talkpal.ai\/vi\/wp-json\/wp\/v2\/pages"}],"about":[{"href":"https:\/\/talkpal.ai\/vi\/wp-json\/wp\/v2\/types\/page"}],"author":[{"embeddable":true,"href":"https:\/\/talkpal.ai\/vi\/wp-json\/wp\/v2\/users\/1"}],"replies":[{"embeddable":true,"href":"https:\/\/talkpal.ai\/vi\/wp-json\/wp\/v2\/comments?post=1442230"}],"version-history":[{"count":0,"href":"https:\/\/talkpal.ai\/vi\/wp-json\/wp\/v2\/pages\/1442230\/revisions"}],"wp:featuredmedia":[{"embeddable":true,"href":"https:\/\/talkpal.ai\/vi\/wp-json\/wp\/v2\/media\/1442231"}],"wp:attachment":[{"href":"https:\/\/talkpal.ai\/vi\/wp-json\/wp\/v2\/media?parent=1442230"}],"curies":[{"name":"wp","href":"https:\/\/api.w.org\/{rel}","templated":true}]}}