{"id":1442224,"date":"2023-05-14T14:01:53","date_gmt":"2023-05-14T14:01:53","guid":{"rendered":"https:\/\/talkpal.ai\/ngu-phap-tieng-estonia\/"},"modified":"2025-12-13T15:18:43","modified_gmt":"2025-12-13T15:18:43","slug":"ngu-phap-tieng-estonia","status":"publish","type":"page","link":"https:\/\/talkpal.ai\/vi\/ngu-phap-tieng-estonia\/","title":{"rendered":"Ng\u1eef ph\u00e1p ti\u1ebfng Estonia"},"content":{"rendered":"\r\n\r\n\r\n<section class=\"languageChallengeSection\">\r\n    <div class=\"languageInfoWrapper\">\r\n        \r\n        <h1>Ng\u1eef ph\u00e1p ti\u1ebfng Estonia<\/h1>\r\n        <p>B\u1ea1n \u0111ang ngh\u0129 \u0111\u1ebfn vi\u1ec7c h\u1ecdc ti\u1ebfng <a href=\"https:\/\/talkpal.ai\/locations\/language-courses-in-estonia\/\">Estonia<\/a>? B\u01b0\u1edbc v\u00e0o th\u1ebf gi\u1edbi <a href=\"https:\/\/talkpal.ai\/vi\/ngu-phap\/\">ng\u1eef ph\u00e1p<\/a> Estonia, n\u01a1i s\u1ef1 ng\u01b0ng k\u1ebft, h\u00f2a h\u1ee3p nguy\u00ean \u00e2m v\u00e0 m\u1ed9t lo\u1ea1t c\u00e1c tr\u01b0\u1eddng h\u1ee3p danh t\u1eeb t\u1ea1o ra tr\u1ea3i nghi\u1ec7m <a href=\"https:\/\/talkpal.ai\/vi\/hoc-ngon-ngu-cho-cac-truong-ngon-ngu\/\">ng\u00f4n ng\u1eef<\/a> th\u1ef1c s\u1ef1 \u0111\u1eb7c bi\u1ec7t. B\u1eaft \u0111\u1ea7u kh\u00e1m ph\u00e1 ngay h\u00f4m nay &#8211; n\u1eafm v\u1eefng <a href=\"https:\/\/talkpal.ai\/estonian-grammar\/\">ng\u1eef ph\u00e1p ti\u1ebfng Estonia<\/a> s\u1ebd kh\u00f4ng ch\u1ec9 th\u00fac \u0111\u1ea9y s\u1ef1 l\u01b0u lo\u00e1t c\u1ee7a b\u1ea1n m\u00e0 c\u00f2n k\u1ebft n\u1ed1i b\u1ea1n v\u1edbi n\u1ec1n v\u0103n h\u00f3a v\u00e0 l\u1ecbch s\u1eed phong ph\u00fa c\u1ee7a Estonia!<\/p>\r\n\r\n                            <a class=\"getStartedHidden\" href=\"https:\/\/app.talkpal.ai\/vi\/signup?lng=\">B\u1eaft \u0111\u1ea7u nh\u00e9<\/a>\r\n        \r\n    <\/div>\r\n\r\n    <figure>\r\n    <img decoding=\"async\" width=\"768\" height=\"768\" src=\"https:\/\/talkpal.ai\/wp-content\/uploads\/2023\/06\/Estonian-768x768.png\" class=\"languageImage no-lazy\" alt=\"Secret tricks of language learning\" fetchpriority=\"high\" sizes=\"(max-width: 768px) 150px, 768px\" srcset=\"https:\/\/talkpal.ai\/wp-content\/uploads\/2023\/06\/Estonian-768x768.png 768w, https:\/\/talkpal.ai\/wp-content\/uploads\/2023\/06\/Estonian-300x300.png 300w\" \/>\r\n    \r\n\r\n    <\/figure>\r\n\r\n            <a class=\"getStartedVisible\" href=\"https:\/\/app.talkpal.ai\/vi\/signup?lng=\">B\u1eaft \u0111\u1ea7u nh\u00e9<\/a>\r\n    \r\n<\/section>\r\n<section class=\"promotionalBanner\">\r\n    <p class=\"promotionalText\">C\u00e1ch hi\u1ec7u qu\u1ea3 nh\u1ea5t \u0111\u1ec3 h\u1ecdc m\u1ed9t ng\u00f4n ng\u1eef<\/p>\r\n    <a class=\"promotionalLink\" href=\"https:\/\/app.talkpal.ai\/vi\/signup?lng=\">D\u00f9ng th\u1eed Talkpal mi\u1ec5n ph\u00ed<\/a>\r\n<\/section>\n<div class=\"wp-block-group pageContainerStyle\"><div class=\"wp-block-group__inner-container is-layout-constrained wp-block-group-is-layout-constrained\">\n<h2 class=\"wp-block-heading\" id=\"h-estonian-grammar-the-gateway-to-a-unique-language-journey\">Ng\u1eef ph\u00e1p ti\u1ebfng Estonia: C\u1eeda ng\u00f5 d\u1eabn \u0111\u1ebfn m\u1ed9t h\u00e0nh tr\u00ecnh ng\u00f4n ng\u1eef \u0111\u1ed9c \u0111\u00e1o<\/h2>\n\n\n\n<p>Ch\u00e0o m\u1eebng b\u1ea1n \u0111\u1ebfn v\u1edbi th\u1ebf gi\u1edbi h\u1ea5p d\u1eabn c\u1ee7a Estonia! V\u1edbi h\u01a1n m\u1ed9t tri\u1ec7u ng\u01b0\u1eddi b\u1ea3n ng\u1eef, <a href=\"https:\/\/talkpal.ai\/learn-estonian\/\">ti\u1ebfng Estonia<\/a> mang \u0111\u1ebfn cho b\u1ea1n c\u01a1 h\u1ed9i duy nh\u1ea5t \u0111\u1ec3 m\u1edf r\u1ed9ng t\u1ea7m nh\u00ecn ng\u00f4n ng\u1eef v\u00e0 kh\u00e1m ph\u00e1 m\u1ed9t n\u1ec1n v\u0103n h\u00f3a s\u00f4i \u0111\u1ed9ng. M\u1eb7c d\u00f9 s\u1ef1 ph\u1ee9c t\u1ea1p c\u1ee7a ng\u1eef ph\u00e1p Estonia tho\u1ea1t nh\u00ecn c\u00f3 v\u1ebb kh\u00f3 kh\u0103n, nh\u01b0ng h\u01b0\u1edbng d\u1eabn th\u00e2n thi\u1ec7n cho ng\u01b0\u1eddi m\u1edbi b\u1eaft \u0111\u1ea7u n\u00e0y \u1edf \u0111\u00e2y \u0111\u1ec3 ph\u00e1 v\u1ee1 c\u00e1c n\u1ec1n t\u1ea3ng c\u1ee7a ng\u1eef ph\u00e1p Estonia m\u1ed9t c\u00e1ch \u0111\u01a1n gi\u1ea3n v\u00e0 h\u1ea5p d\u1eabn.<\/p>\n\n\n\n<h3 class=\"wp-block-heading\" id=\"h-1-embracing-the-estonian-alphabet\">1. N\u1eafm l\u1ea5y b\u1ea3ng ch\u1eef c\u00e1i Estonia<\/h3>\n\n\n\n<p>H\u00e0nh tr\u00ecnh th\u00e0nh th\u1ea1o ti\u1ebfng Estonia b\u1eaft \u0111\u1ea7u v\u1edbi b\u1ea3ng ch\u1eef c\u00e1i c\u1ee7a n\u00f3. Ti\u1ebfng Estonia s\u1eed d\u1ee5ng ch\u1eef Latinh, \u0111\u01b0\u1ee3c b\u1ed5 sung v\u1edbi ch\u00edn k\u00fd t\u1ef1 \u0111\u1eb7c bi\u1ec7t: \u00c4, \u00d6, \u00dc, \u00d5, \u0160, \u017d v\u00e0 c\u00e1c k\u00fd t\u1ef1 vi\u1ebft th\u01b0\u1eddng c\u1ee7a ch\u00fang. L\u00e0m quen v\u1edbi nh\u1eefng nh\u00e2n v\u1eadt n\u00e0y s\u1ebd t\u1ea1o n\u1ec1n t\u1ea3ng v\u1eefng ch\u1eafc cho tr\u1ea3i nghi\u1ec7m h\u1ecdc t\u1eadp ti\u1ebfng Estonia c\u1ee7a b\u1ea1n.<\/p>\n\n\n\n<h3 class=\"wp-block-heading\" id=\"h-2-getting-a-grip-on-estonian-nouns\">2. N\u1eafm b\u1eaft \u0111\u01b0\u1ee3c danh t\u1eeb Estonia<\/h3>\n\n\n\n<p>Kh\u00f4ng gi\u1ed1ng nh\u01b0 nhi\u1ec1u ng\u00f4n ng\u1eef ch\u00e2u \u00c2u, ti\u1ebfng Estonia kh\u00f4ng ph\u00e2n bi\u1ec7t gi\u1eefa gi\u1edbi t\u00ednh nam v\u00e0 n\u1eef. Thay v\u00e0o \u0111\u00f3, danh t\u1eeb \u0111\u01b0\u1ee3c ph\u00e2n lo\u1ea1i l\u00e0 s\u1ed1 \u00edt ho\u1eb7c s\u1ed1 nhi\u1ec1u, v\u00e0 m\u1ed7i danh t\u1eeb c\u00f3 14 tr\u01b0\u1eddng h\u1ee3p. M\u1eb7c d\u00f9 \u0111i\u1ec1u n\u00e0y c\u00f3 v\u1ebb qu\u00e1 s\u1ee9c, nh\u01b0ng \u0111i\u1ec1u c\u1ea7n thi\u1ebft l\u00e0 ph\u1ea3i hi\u1ec3u r\u1eb1ng c\u1ea5u tr\u00fac h\u00ecnh th\u00e1i c\u1ee7a danh t\u1eeb kh\u00e1 \u0111\u1ec1u \u0111\u1eb7n, gi\u00fap b\u1ea1n d\u1ec5 h\u1ecdc h\u01a1n. \u0110\u1ec3 b\u1eaft \u0111\u1ea7u, h\u00e3y t\u1eadp trung v\u00e0o vi\u1ec7c n\u1eafm v\u1eefng c\u00e1c tr\u01b0\u1eddng h\u1ee3p ph\u1ed5 bi\u1ebfn nh\u1ea5t: Nominative, Genitive v\u00e0 Partitive.<\/p>\n\n\n\n<h3 class=\"wp-block-heading\" id=\"h-3-conquering-estonian-verb-conjugation\">3. Chinh ph\u1ee5c c\u00e1ch chia \u0111\u1ed9ng t\u1eeb ti\u1ebfng Estonia<\/h3>\n\n\n\n<p>\u0110\u1ed9ng t\u1eeb ti\u1ebfng Estonia \u0111\u01b0\u1ee3c chia \u0111\u1ed9ng t\u1eeb d\u1ef1a tr\u00ean th\u00ec, ng\u01b0\u1eddi v\u00e0 s\u1ed1. Ch\u1ec9 c\u00f3 ba th\u00ec: hi\u1ec7n t\u1ea1i, qu\u00e1 kh\u1ee9 (\u0111\u01b0\u1ee3c m\u00e3 h\u00f3a b\u1edfi ph\u00e2n t\u1eeb qu\u00e1 kh\u1ee9) v\u00e0 t\u01b0\u01a1ng lai (\u0111\u01b0\u1ee3c th\u1ec3 hi\u1ec7n b\u1eb1ng d\u1ea1ng th\u00ec hi\u1ec7n t\u1ea1i c\u1ee7a \u0111\u1ed9ng t\u1eeb, k\u1ebft h\u1ee3p v\u1edbi m\u1ed9t ph\u1ee5 tr\u1ee3 t\u01b0\u01a1ng lai).<\/p>\n\n\n\n<p>V\u00ed d\u1ee5, \u0111\u00e2y l\u00e0 c\u00e1ch chia \u0111\u1ed9ng t\u1eeb cho \u0111\u1ed9ng t\u1eeb &#8220;lugema&#8221; (\u0111\u1ecdc):<\/p>\n\n\n\n<p><strong>\u2013 Hi\u1ec7n t\u1ea1i: M\u00e3 loen (t\u00f4i \u0111\u1ecdc)<\/strong><\/p>\n\n\n\n<p><strong>\u2013 Qu\u00e1 kh\u1ee9: Ma lugesin (T\u00f4i \u0111\u00e3 \u0111\u1ecdc\/T\u00f4i \u0111\u00e3 \u0111\u1ecdc)<\/strong><\/p>\n\n\n\n<p><strong>\u2013 T\u01b0\u01a1ng lai: Ma loen raamatuid (T\u00f4i s\u1ebd \u0111\u1ecdc s\u00e1ch)<\/strong><\/p>\n\n\n\n<h3 class=\"wp-block-heading\" id=\"h-4-unraveling-the-mystery-of-estonian-pronouns\">4. L\u00e0m s\u00e1ng t\u1ecf b\u00ed \u1ea9n c\u1ee7a \u0111\u1ea1i t\u1eeb Estonia<\/h3>\n\n\n\n<p>\u0110\u1ea1i t\u1eeb trong ti\u1ebfng Estonia d\u00f9ng \u0111\u1ec3 thay th\u1ebf danh t\u1eeb v\u00e0 l\u00e0m cho l\u1eddi n\u00f3i m\u01b0\u1ee3t m\u00e0 v\u00e0 n\u0103ng \u0111\u1ed9ng h\u01a1n. T\u1eadp trung v\u00e0o vi\u1ec7c h\u1ecdc c\u00e1c \u0111\u1ea1i t\u1eeb nh\u00e2n x\u01b0ng v\u00e0 s\u1edf h\u1eefu:<\/p>\n\n\n\n<p><strong>\u2013 \u0110\u1ea1i t\u1eeb nh\u00e2n x\u01b0ng: mina (I), sina (b\u1ea1n, kh\u00f4ng ch\u00ednh th\u1ee9c), tema (anh \u1ea5y \/ c\u00f4 \u1ea5y), meie (ch\u00fang t\u00f4i), teie (b\u1ea1n, s\u1ed1 nhi\u1ec1u\/ch\u00ednh th\u1ee9c), nemad (h\u1ecd)<\/strong><\/p>\n\n\n\n<p><strong>\u2013 \u0110\u1ea1i t\u1eeb s\u1edf h\u1eefu: minu (my), sinu (ur, kh\u00f4ng ch\u00ednh th\u1ee9c), tema (anh \u1ea5y \/ c\u00f4 \u1ea5y), meie (c\u1ee7a h\u1ecd), teie (ur, s\u1ed1 nhi\u1ec1u\/ch\u00ednh th\u1ee9c), nende (c\u1ee7a h\u1ecd)<\/strong><\/p>\n\n\n\n<h3 class=\"wp-block-heading\" id=\"h-5-no-articles-no-problem\">5. Kh\u00f4ng c\u00f3 b\u00e0i b\u00e1o, kh\u00f4ng v\u1ea5n \u0111\u1ec1 g\u00ec!<\/h3>\n\n\n\n<p>Ti\u1ebfng Estonia kh\u00f4ng s\u1eed d\u1ee5ng m\u1ea1o t\u1eeb x\u00e1c \u0111\u1ecbnh ho\u1eb7c kh\u00f4ng x\u00e1c \u0111\u1ecbnh, cho ph\u00e9p b\u1ea1n th\u1edf ph\u00e0o nh\u1eb9 nh\u00f5m. Ch\u1eb3ng h\u1ea1n:<\/p>\n\n\n\n<p><strong>\u2013 Koer \u2013 &#8220;ch\u00f3&#8221; ho\u1eb7c &#8220;m\u1ed9t&#8221;<\/strong><\/p>\n\n\n\n<p><strong>\u2013 Maja \u2013 &#8220;ng\u00f4i nh\u00e0&#8221; ho\u1eb7c &#8220;m\u1ed9t ng\u00f4i nh\u00e0&#8221;<\/strong><\/p>\n\n\n\n<p>N\u1eafm v\u1eefng <a href=\"https:\/\/talkpal.ai\/estonian-grammar\/\">ng\u1eef ph\u00e1p ti\u1ebfng Estonia<\/a> l\u00e0 m\u1ed9t qu\u00e1 tr\u00ecnh th\u00fa v\u1ecb v\u00e0 phong ph\u00fa, m\u1edf ra c\u00e1nh c\u1eeda cho tr\u1ea3i nghi\u1ec7m v\u0103n h\u00f3a phong ph\u00fa. H\u00e3y nh\u1edb r\u1eb1ng th\u1ef1c h\u00e0nh l\u00e0 ch\u00eca kh\u00f3a, v\u00ec v\u1eady h\u00e3y \u0111\u1eafm m\u00ecnh trong ng\u1eef ph\u00e1p ti\u1ebfng Estonia, t\u01b0\u01a1ng t\u00e1c v\u1edbi ng\u01b0\u1eddi b\u1ea3n ng\u1eef v\u00e0 x\u00e2y d\u1ef1ng n\u1ec1n t\u1ea3ng v\u1eefng ch\u1eafc cho h\u00e0nh tr\u00ecnh ng\u00f4n ng\u1eef c\u1ee7a b\u1ea1n. Edu! (Ch\u00fac may m\u1eafn!)<\/p>\n<\/div><\/div>\n\r\n<section class=\"learnNavigationSection\">\r\n            \r\n        <a href=\"https:\/\/talkpal.ai\/vi\/hoc-tieng-estonia\/\">\r\n            <div class=\"learnNavigationWrapper\">\r\n                <div class=\"learnNavigationContent\">\r\n                    <img decoding=\"async\" src=\"https:\/\/talkpal.ai\/wp-content\/uploads\/2024\/08\/Estonian.jpg\" alt=\"Estonian Flag\">\r\n                    <div>\r\n                        <h4>Gi\u1edbi thi\u1ec7u v\u1ec1 Estonian Learning<\/h4>\r\n                        <p>T\u00ecm hi\u1ec3u t\u1ea5t c\u1ea3 v\u1ec1 ng\u1eef ph\u00e1p ti\u1ebfng Estonia.<\/p>\r\n                    <\/div>\r\n                <\/div>\r\n            <\/div>\r\n        <\/a>\r\n\r\n        \r\n        <a href=\"https:\/\/talkpal.ai\/vi\/bai-tap-ngu-phap-tieng-estonia\/\">\r\n            <div class=\"learnNavigationWrapper\">\r\n                <div class=\"learnNavigationContent\">\r\n                    <img decoding=\"async\" src=\"https:\/\/talkpal.ai\/wp-content\/uploads\/2024\/08\/Estonian.jpg\" alt=\"Estonian Flag\">\r\n                    <div>\r\n                        <h4>B\u00e0i t\u1eadp ng\u1eef ph\u00e1p ti\u1ebfng Estonia<\/h4>\r\n                        <p>Th\u1ef1c h\u00e0nh ng\u1eef ph\u00e1p ti\u1ebfng Estonia.<\/p>\r\n                    <\/div>\r\n                <\/div>\r\n            <\/div>\r\n        <\/a>\r\n\r\n        \r\n        <a href=\"https:\/\/talkpal.ai\/vocabulary_language\/estonian\/\">\r\n            <div class=\"learnNavigationWrapper\">\r\n                <div class=\"learnNavigationContent\">\r\n                    <img decoding=\"async\" src=\"https:\/\/talkpal.ai\/wp-content\/uploads\/2024\/08\/Estonian.jpg\" alt=\"Estonian Flag\">\r\n                    <div>\r\n                        <h4>T\u1eeb v\u1ef1ng ti\u1ebfng Estonia<\/h4>\r\n                        <p>M\u1edf r\u1ed9ng v\u1ed1n t\u1eeb v\u1ef1ng ti\u1ebfng Estonia c\u1ee7a b\u1ea1n.<\/p>\r\n                    <\/div>\r\n                <\/div>\r\n            <\/div>\r\n        <\/a>\r\n\r\n            <\/section>","protected":false},"excerpt":{"rendered":"<p>Ng\u1eef ph\u00e1p ti\u1ebfng Estonia: C\u1eeda ng\u00f5 d\u1eabn \u0111\u1ebfn m\u1ed9t h\u00e0nh tr\u00ecnh ng\u00f4n ng\u1eef \u0111\u1ed9c \u0111\u00e1o Ch\u00e0o m\u1eebng b\u1ea1n \u0111\u1ebfn v\u1edbi th\u1ebf gi\u1edbi h\u1ea5p d\u1eabn c\u1ee7a Estonia! V\u1edbi h\u01a1n m\u1ed9t tri\u1ec7u ng\u01b0\u1eddi b\u1ea3n ng\u1eef, ti\u1ebfng Estonia mang \u0111\u1ebfn cho b\u1ea1n c\u01a1 h\u1ed9i duy nh\u1ea5t \u0111\u1ec3 m\u1edf r\u1ed9ng t\u1ea7m nh\u00ecn ng\u00f4n ng\u1eef v\u00e0 kh\u00e1m ph\u00e1 m\u1ed9t n\u1ec1n [&hellip;]<\/p>\n","protected":false},"author":1,"featured_media":1442225,"parent":0,"menu_order":0,"comment_status":"closed","ping_status":"closed","template":"LearningContentPage.php","meta":{"_acf_changed":false,"footnotes":""},"class_list":["post-1442224","page","type-page","status-publish","has-post-thumbnail","hentry"],"acf":[],"yoast_head":"<!-- This site is optimized with the Yoast SEO Premium plugin v27.2 (Yoast SEO v27.2) - https:\/\/yoast.com\/product\/yoast-seo-premium-wordpress\/ -->\n<title>Ng\u1eef ph\u00e1p ti\u1ebfng Estonia - Talkpal<\/title>\n<meta name=\"description\" content=\"Kh\u00e1m ph\u00e1 c\u00e1c kh\u00e1i ni\u1ec7m c\u1ea7n thi\u1ebft v\u1ec1 ng\u1eef ph\u00e1p ti\u1ebfng Estonia, bao g\u1ed3m tr\u01b0\u1eddng h\u1ee3p, \u0111\u1ed9ng t\u1eeb, c\u1ea5u tr\u00fac c\u00e2u, c\u00e1ch ph\u00e1t \u00e2m v\u00e0 m\u1eb9o.\" \/>\n<meta name=\"robots\" content=\"index, follow, max-snippet:-1, max-image-preview:large, max-video-preview:-1\" \/>\n<link rel=\"canonical\" href=\"https:\/\/talkpal.ai\/vi\/ngu-phap-tieng-estonia\/\" \/>\n<meta property=\"og:locale\" content=\"vi_VN\" \/>\n<meta property=\"og:type\" content=\"article\" \/>\n<meta property=\"og:title\" content=\"Ng\u1eef ph\u00e1p ti\u1ebfng Estonia\" \/>\n<meta property=\"og:description\" content=\"Ng\u1eef ph\u00e1p ti\u1ebfng Estonia: C\u1eeda ng\u00f5 d\u1eabn \u0111\u1ebfn m\u1ed9t h\u00e0nh tr\u00ecnh ng\u00f4n ng\u1eef \u0111\u1ed9c \u0111\u00e1o Ch\u00e0o m\u1eebng b\u1ea1n \u0111\u1ebfn v\u1edbi th\u1ebf gi\u1edbi h\u1ea5p d\u1eabn c\u1ee7a Estonia! V\u1edbi h\u01a1n m\u1ed9t tri\u1ec7u ng\u01b0\u1eddi b\u1ea3n\" \/>\n<meta property=\"og:url\" content=\"https:\/\/talkpal.ai\/vi\/ngu-phap-tieng-estonia\/\" \/>\n<meta property=\"og:site_name\" content=\"Talkpal\" \/>\n<meta property=\"article:publisher\" content=\"https:\/\/www.facebook.com\/profile.php?id=100090733639311\" \/>\n<meta property=\"article:modified_time\" content=\"2025-12-13T15:18:43+00:00\" \/>\n<meta property=\"og:image\" content=\"https:\/\/talkpal.ai\/wp-content\/uploads\/2023\/05\/estonia.png\" \/>\n\t<meta property=\"og:image:width\" content=\"512\" \/>\n\t<meta property=\"og:image:height\" content=\"512\" \/>\n\t<meta property=\"og:image:type\" content=\"image\/png\" \/>\n<meta name=\"twitter:card\" content=\"summary_large_image\" \/>\n<meta name=\"twitter:site\" content=\"@talkpalai\" \/>\n<meta name=\"twitter:label1\" content=\"Est. reading time\" \/>\n\t<meta name=\"twitter:data1\" content=\"4 minutes\" \/>\n<script type=\"application\/ld+json\" class=\"yoast-schema-graph\">{\"@context\":\"https:\/\/schema.org\",\"@graph\":[{\"@type\":\"WebPage\",\"@id\":\"https:\/\/talkpal.ai\/vi\/ngu-phap-tieng-estonia\/\",\"url\":\"https:\/\/talkpal.ai\/vi\/ngu-phap-tieng-estonia\/\",\"name\":\"Ng\u1eef ph\u00e1p ti\u1ebfng Estonia - Talkpal\",\"isPartOf\":{\"@id\":\"https:\/\/talkpal.ai\/vi\/#website\"},\"primaryImageOfPage\":{\"@id\":\"https:\/\/talkpal.ai\/vi\/ngu-phap-tieng-estonia\/#primaryimage\"},\"image\":{\"@id\":\"https:\/\/talkpal.ai\/vi\/ngu-phap-tieng-estonia\/#primaryimage\"},\"thumbnailUrl\":\"https:\/\/talkpal.ai\/wp-content\/uploads\/2023\/05\/estonia.png\",\"datePublished\":\"2023-05-14T14:01:53+00:00\",\"dateModified\":\"2025-12-13T15:18:43+00:00\",\"description\":\"Kh\u00e1m ph\u00e1 c\u00e1c kh\u00e1i ni\u1ec7m c\u1ea7n thi\u1ebft v\u1ec1 ng\u1eef ph\u00e1p ti\u1ebfng Estonia, bao g\u1ed3m tr\u01b0\u1eddng h\u1ee3p, \u0111\u1ed9ng t\u1eeb, c\u1ea5u tr\u00fac c\u00e2u, c\u00e1ch ph\u00e1t \u00e2m v\u00e0 m\u1eb9o.\",\"breadcrumb\":{\"@id\":\"https:\/\/talkpal.ai\/vi\/ngu-phap-tieng-estonia\/#breadcrumb\"},\"inLanguage\":\"vi-VN\",\"potentialAction\":[{\"@type\":\"ReadAction\",\"target\":[\"https:\/\/talkpal.ai\/vi\/ngu-phap-tieng-estonia\/\"]}]},{\"@type\":\"ImageObject\",\"inLanguage\":\"vi-VN\",\"@id\":\"https:\/\/talkpal.ai\/vi\/ngu-phap-tieng-estonia\/#primaryimage\",\"url\":\"https:\/\/talkpal.ai\/wp-content\/uploads\/2023\/05\/estonia.png\",\"contentUrl\":\"https:\/\/talkpal.ai\/wp-content\/uploads\/2023\/05\/estonia.png\",\"width\":512,\"height\":512,\"caption\":\"TalkPal Estonia Flag\"},{\"@type\":\"BreadcrumbList\",\"@id\":\"https:\/\/talkpal.ai\/vi\/ngu-phap-tieng-estonia\/#breadcrumb\",\"itemListElement\":[{\"@type\":\"ListItem\",\"position\":1,\"name\":\"Homepage\",\"item\":\"https:\/\/talkpal.ai\/vi\/giao-vien-ngon-ngu-ai-3\/\"},{\"@type\":\"ListItem\",\"position\":2,\"name\":\"Ng\u1eef ph\u00e1p ti\u1ebfng Estonia\"}]},{\"@type\":\"WebSite\",\"@id\":\"https:\/\/talkpal.ai\/vi\/#website\",\"url\":\"https:\/\/talkpal.ai\/vi\/\",\"name\":\"Talkpal\",\"description\":\"AI Language Learning\",\"publisher\":{\"@id\":\"https:\/\/talkpal.ai\/vi\/#organization\"},\"alternateName\":\"Talkpal AI\",\"potentialAction\":[{\"@type\":\"SearchAction\",\"target\":{\"@type\":\"EntryPoint\",\"urlTemplate\":\"https:\/\/talkpal.ai\/vi\/?s={search_term_string}\"},\"query-input\":{\"@type\":\"PropertyValueSpecification\",\"valueRequired\":true,\"valueName\":\"search_term_string\"}}],\"inLanguage\":\"vi-VN\"},{\"@type\":\"Organization\",\"@id\":\"https:\/\/talkpal.ai\/vi\/#organization\",\"name\":\"Talkpal, Inc.\",\"alternateName\":\"Talkpal AI\",\"url\":\"https:\/\/talkpal.ai\/vi\/\",\"logo\":{\"@type\":\"ImageObject\",\"inLanguage\":\"vi-VN\",\"@id\":\"https:\/\/talkpal.ai\/vi\/#\/schema\/logo\/image\/\",\"url\":\"https:\/\/talkpal.ai\/wp-content\/uploads\/2024\/03\/Talkpal-Logo-Icon.png\",\"contentUrl\":\"https:\/\/talkpal.ai\/wp-content\/uploads\/2024\/03\/Talkpal-Logo-Icon.png\",\"width\":2880,\"height\":2880,\"caption\":\"Talkpal, Inc.\"},\"image\":{\"@id\":\"https:\/\/talkpal.ai\/vi\/#\/schema\/logo\/image\/\"},\"sameAs\":[\"https:\/\/www.facebook.com\/profile.php?id=100090733639311\",\"https:\/\/x.com\/talkpalai\",\"https:\/\/www.linkedin.com\/company\/talkpal\/\",\"https:\/\/www.youtube.com\/@TalkPal\/\",\"https:\/\/www.tiktok.com\/@talkpal\",\"https:\/\/www.instagram.com\/talkpal_ai\/\",\"https:\/\/www.crunchbase.com\/organization\/talkpal-9cde\",\"https:\/\/www.g2.com\/products\/talkpal-for-business\/\",\"https:\/\/www.trustpilot.com\/review\/talkpal.ai\",\"https:\/\/www.capterra.com\/p\/10006800\/TalkPal\/\"],\"description\":\"Talkpal is a language learning web and mobile education app, powered by the latest AI technologies, that provides engaging experiences to its customers in many different languages to help them improve their language skills. Users can chat about unlimited amount of topics with the app and use other modes to practice their language learning.\",\"email\":\"support@talkpal.ai\",\"legalName\":\"Talkpal, Inc.\",\"foundingDate\":\"2023-04-03\",\"duns\":\"118989042\",\"numberOfEmployees\":{\"@type\":\"QuantitativeValue\",\"minValue\":\"11\",\"maxValue\":\"50\"},\"publishingPrinciples\":\"https:\/\/talkpal.ai\/publishing-principles\/\",\"actionableFeedbackPolicy\":\"https:\/\/talkpal.ai\/actionable-feedback-policy\/\",\"correctionsPolicy\":\"https:\/\/talkpal.ai\/corrections-policy\/\",\"ethicsPolicy\":\"https:\/\/talkpal.ai\/ethics-policy\/\",\"diversityPolicy\":\"https:\/\/talkpal.ai\/diversity-policy\/\",\"diversityStaffingReport\":\"https:\/\/talkpal.ai\/diversity-policy\/\"}]}<\/script>\n<!-- \/ Yoast SEO Premium plugin. -->","yoast_head_json":{"title":"Ng\u1eef ph\u00e1p ti\u1ebfng Estonia - Talkpal","description":"Kh\u00e1m ph\u00e1 c\u00e1c kh\u00e1i ni\u1ec7m c\u1ea7n thi\u1ebft v\u1ec1 ng\u1eef ph\u00e1p ti\u1ebfng Estonia, bao g\u1ed3m tr\u01b0\u1eddng h\u1ee3p, \u0111\u1ed9ng t\u1eeb, c\u1ea5u tr\u00fac c\u00e2u, c\u00e1ch ph\u00e1t \u00e2m v\u00e0 m\u1eb9o.","robots":{"index":"index","follow":"follow","max-snippet":"max-snippet:-1","max-image-preview":"max-image-preview:large","max-video-preview":"max-video-preview:-1"},"canonical":"https:\/\/talkpal.ai\/vi\/ngu-phap-tieng-estonia\/","og_locale":"vi_VN","og_type":"article","og_title":"Ng\u1eef ph\u00e1p ti\u1ebfng Estonia","og_description":"Ng\u1eef ph\u00e1p ti\u1ebfng Estonia: C\u1eeda ng\u00f5 d\u1eabn \u0111\u1ebfn m\u1ed9t h\u00e0nh tr\u00ecnh ng\u00f4n ng\u1eef \u0111\u1ed9c \u0111\u00e1o Ch\u00e0o m\u1eebng b\u1ea1n \u0111\u1ebfn v\u1edbi th\u1ebf gi\u1edbi h\u1ea5p d\u1eabn c\u1ee7a Estonia! V\u1edbi h\u01a1n m\u1ed9t tri\u1ec7u ng\u01b0\u1eddi b\u1ea3n","og_url":"https:\/\/talkpal.ai\/vi\/ngu-phap-tieng-estonia\/","og_site_name":"Talkpal","article_publisher":"https:\/\/www.facebook.com\/profile.php?id=100090733639311","article_modified_time":"2025-12-13T15:18:43+00:00","og_image":[{"width":512,"height":512,"url":"https:\/\/talkpal.ai\/wp-content\/uploads\/2023\/05\/estonia.png","type":"image\/png"}],"twitter_card":"summary_large_image","twitter_site":"@talkpalai","twitter_misc":{"Est. reading time":"4 minutes"},"schema":{"@context":"https:\/\/schema.org","@graph":[{"@type":"WebPage","@id":"https:\/\/talkpal.ai\/vi\/ngu-phap-tieng-estonia\/","url":"https:\/\/talkpal.ai\/vi\/ngu-phap-tieng-estonia\/","name":"Ng\u1eef ph\u00e1p ti\u1ebfng Estonia - Talkpal","isPartOf":{"@id":"https:\/\/talkpal.ai\/vi\/#website"},"primaryImageOfPage":{"@id":"https:\/\/talkpal.ai\/vi\/ngu-phap-tieng-estonia\/#primaryimage"},"image":{"@id":"https:\/\/talkpal.ai\/vi\/ngu-phap-tieng-estonia\/#primaryimage"},"thumbnailUrl":"https:\/\/talkpal.ai\/wp-content\/uploads\/2023\/05\/estonia.png","datePublished":"2023-05-14T14:01:53+00:00","dateModified":"2025-12-13T15:18:43+00:00","description":"Kh\u00e1m ph\u00e1 c\u00e1c kh\u00e1i ni\u1ec7m c\u1ea7n thi\u1ebft v\u1ec1 ng\u1eef ph\u00e1p ti\u1ebfng Estonia, bao g\u1ed3m tr\u01b0\u1eddng h\u1ee3p, \u0111\u1ed9ng t\u1eeb, c\u1ea5u tr\u00fac c\u00e2u, c\u00e1ch ph\u00e1t \u00e2m v\u00e0 m\u1eb9o.","breadcrumb":{"@id":"https:\/\/talkpal.ai\/vi\/ngu-phap-tieng-estonia\/#breadcrumb"},"inLanguage":"vi-VN","potentialAction":[{"@type":"ReadAction","target":["https:\/\/talkpal.ai\/vi\/ngu-phap-tieng-estonia\/"]}]},{"@type":"ImageObject","inLanguage":"vi-VN","@id":"https:\/\/talkpal.ai\/vi\/ngu-phap-tieng-estonia\/#primaryimage","url":"https:\/\/talkpal.ai\/wp-content\/uploads\/2023\/05\/estonia.png","contentUrl":"https:\/\/talkpal.ai\/wp-content\/uploads\/2023\/05\/estonia.png","width":512,"height":512,"caption":"TalkPal Estonia Flag"},{"@type":"BreadcrumbList","@id":"https:\/\/talkpal.ai\/vi\/ngu-phap-tieng-estonia\/#breadcrumb","itemListElement":[{"@type":"ListItem","position":1,"name":"Homepage","item":"https:\/\/talkpal.ai\/vi\/giao-vien-ngon-ngu-ai-3\/"},{"@type":"ListItem","position":2,"name":"Ng\u1eef ph\u00e1p ti\u1ebfng Estonia"}]},{"@type":"WebSite","@id":"https:\/\/talkpal.ai\/vi\/#website","url":"https:\/\/talkpal.ai\/vi\/","name":"Talkpal","description":"AI Language Learning","publisher":{"@id":"https:\/\/talkpal.ai\/vi\/#organization"},"alternateName":"Talkpal AI","potentialAction":[{"@type":"SearchAction","target":{"@type":"EntryPoint","urlTemplate":"https:\/\/talkpal.ai\/vi\/?s={search_term_string}"},"query-input":{"@type":"PropertyValueSpecification","valueRequired":true,"valueName":"search_term_string"}}],"inLanguage":"vi-VN"},{"@type":"Organization","@id":"https:\/\/talkpal.ai\/vi\/#organization","name":"Talkpal, Inc.","alternateName":"Talkpal AI","url":"https:\/\/talkpal.ai\/vi\/","logo":{"@type":"ImageObject","inLanguage":"vi-VN","@id":"https:\/\/talkpal.ai\/vi\/#\/schema\/logo\/image\/","url":"https:\/\/talkpal.ai\/wp-content\/uploads\/2024\/03\/Talkpal-Logo-Icon.png","contentUrl":"https:\/\/talkpal.ai\/wp-content\/uploads\/2024\/03\/Talkpal-Logo-Icon.png","width":2880,"height":2880,"caption":"Talkpal, Inc."},"image":{"@id":"https:\/\/talkpal.ai\/vi\/#\/schema\/logo\/image\/"},"sameAs":["https:\/\/www.facebook.com\/profile.php?id=100090733639311","https:\/\/x.com\/talkpalai","https:\/\/www.linkedin.com\/company\/talkpal\/","https:\/\/www.youtube.com\/@TalkPal\/","https:\/\/www.tiktok.com\/@talkpal","https:\/\/www.instagram.com\/talkpal_ai\/","https:\/\/www.crunchbase.com\/organization\/talkpal-9cde","https:\/\/www.g2.com\/products\/talkpal-for-business\/","https:\/\/www.trustpilot.com\/review\/talkpal.ai","https:\/\/www.capterra.com\/p\/10006800\/TalkPal\/"],"description":"Talkpal is a language learning web and mobile education app, powered by the latest AI technologies, that provides engaging experiences to its customers in many different languages to help them improve their language skills. Users can chat about unlimited amount of topics with the app and use other modes to practice their language learning.","email":"support@talkpal.ai","legalName":"Talkpal, Inc.","foundingDate":"2023-04-03","duns":"118989042","numberOfEmployees":{"@type":"QuantitativeValue","minValue":"11","maxValue":"50"},"publishingPrinciples":"https:\/\/talkpal.ai\/publishing-principles\/","actionableFeedbackPolicy":"https:\/\/talkpal.ai\/actionable-feedback-policy\/","correctionsPolicy":"https:\/\/talkpal.ai\/corrections-policy\/","ethicsPolicy":"https:\/\/talkpal.ai\/ethics-policy\/","diversityPolicy":"https:\/\/talkpal.ai\/diversity-policy\/","diversityStaffingReport":"https:\/\/talkpal.ai\/diversity-policy\/"}]}},"_links":{"self":[{"href":"https:\/\/talkpal.ai\/vi\/wp-json\/wp\/v2\/pages\/1442224","targetHints":{"allow":["GET"]}}],"collection":[{"href":"https:\/\/talkpal.ai\/vi\/wp-json\/wp\/v2\/pages"}],"about":[{"href":"https:\/\/talkpal.ai\/vi\/wp-json\/wp\/v2\/types\/page"}],"author":[{"embeddable":true,"href":"https:\/\/talkpal.ai\/vi\/wp-json\/wp\/v2\/users\/1"}],"replies":[{"embeddable":true,"href":"https:\/\/talkpal.ai\/vi\/wp-json\/wp\/v2\/comments?post=1442224"}],"version-history":[{"count":0,"href":"https:\/\/talkpal.ai\/vi\/wp-json\/wp\/v2\/pages\/1442224\/revisions"}],"wp:featuredmedia":[{"embeddable":true,"href":"https:\/\/talkpal.ai\/vi\/wp-json\/wp\/v2\/media\/1442225"}],"wp:attachment":[{"href":"https:\/\/talkpal.ai\/vi\/wp-json\/wp\/v2\/media?parent=1442224"}],"curies":[{"name":"wp","href":"https:\/\/api.w.org\/{rel}","templated":true}]}}