{"id":1442221,"date":"2023-05-14T14:03:23","date_gmt":"2023-05-14T14:03:23","guid":{"rendered":"https:\/\/talkpal.ai\/ngu-phap-tieng-dan-mach\/"},"modified":"2025-12-13T15:24:46","modified_gmt":"2025-12-13T15:24:46","slug":"ngu-phap-tieng-dan-mach","status":"publish","type":"page","link":"https:\/\/talkpal.ai\/vi\/ngu-phap-tieng-dan-mach\/","title":{"rendered":"Ng\u1eef ph\u00e1p ti\u1ebfng \u0110an M\u1ea1ch"},"content":{"rendered":"\r\n\r\n\r\n<section class=\"languageChallengeSection\">\r\n    <div class=\"languageInfoWrapper\">\r\n        \r\n        <h1>Ng\u1eef ph\u00e1p ti\u1ebfng \u0110an M\u1ea1ch<\/h1>\r\n        <p>M\u1edf kh\u00f3a nh\u1eefng \u0111i\u1ec1u c\u1ea7n thi\u1ebft c\u1ee7a <a href=\"https:\/\/talkpal.ai\/vi\/ngu-phap\/\">ng\u1eef ph\u00e1p<\/a> <a href=\"https:\/\/talkpal.ai\/learn-danish\/\">ti\u1ebfng \u0110an M\u1ea1ch<\/a> v\u00e0 b\u1eaft \u0111\u1ea7u giao ti\u1ebfp t\u1ef1 tin b\u1eb1ng <a href=\"https:\/\/talkpal.ai\/vi\/hoc-ngon-ngu-cho-cac-truong-ngon-ngu\/\">ng\u00f4n ng\u1eef<\/a> Scandinavia quy\u1ebfn r\u0169 n\u00e0y. B\u1eb1ng c\u00e1ch n\u1eafm v\u1eefng c\u00e1c quy t\u1eafc v\u00e0 c\u1ea5u tr\u00fac c\u1ed1t l\u00f5i, b\u1ea1n s\u1ebd c\u00f3 \u0111\u01b0\u1ee3c c\u00e1c k\u1ef9 n\u0103ng c\u1ea7n thi\u1ebft \u0111\u1ec3 k\u1ebft n\u1ed1i v\u1edbi nh\u1eefng ng\u01b0\u1eddi n\u00f3i ti\u1ebfng \u0110an M\u1ea1ch v\u00e0 tr\u1ef1c ti\u1ebfp tr\u1ea3i nghi\u1ec7m n\u1ec1n v\u0103n h\u00f3a phong ph\u00fa c\u1ee7a h\u1ecd. B\u1eaft \u0111\u1ea7u <a href=\"https:\/\/talkpal.ai\/grammar\/\">h\u1ecdc ng\u1eef ph\u00e1p<\/a> ti\u1ebfng \u0110an M\u1ea1ch ngay h\u00f4m nay v\u00e0 th\u1ef1c hi\u1ec7n b\u01b0\u1edbc \u0111\u1ea7u ti\u00ean c\u1ee7a b\u1ea1n \u0111\u1ec3 tr\u00f4i ch\u1ea3y!\n\n<\/p>\r\n\r\n                            <a class=\"getStartedHidden\" href=\"https:\/\/app.talkpal.ai\/vi\/signup?lng=\">B\u1eaft \u0111\u1ea7u nh\u00e9<\/a>\r\n        \r\n    <\/div>\r\n\r\n    <figure>\r\n    <img decoding=\"async\" width=\"768\" height=\"768\" src=\"https:\/\/talkpal.ai\/wp-content\/uploads\/2023\/06\/danish-768x768.png\" class=\"languageImage no-lazy\" alt=\"Language learning for career enhancement\" fetchpriority=\"high\" sizes=\"(max-width: 768px) 150px, 768px\" srcset=\"https:\/\/talkpal.ai\/wp-content\/uploads\/2023\/06\/danish-768x768.png 768w, https:\/\/talkpal.ai\/wp-content\/uploads\/2023\/06\/danish-300x300.png 300w\" \/>\r\n    \r\n\r\n    <\/figure>\r\n\r\n            <a class=\"getStartedVisible\" href=\"https:\/\/app.talkpal.ai\/vi\/signup?lng=\">B\u1eaft \u0111\u1ea7u nh\u00e9<\/a>\r\n    \r\n<\/section>\r\n<section class=\"promotionalBanner\">\r\n    <p class=\"promotionalText\">C\u00e1ch hi\u1ec7u qu\u1ea3 nh\u1ea5t \u0111\u1ec3 h\u1ecdc m\u1ed9t ng\u00f4n ng\u1eef<\/p>\r\n    <a class=\"promotionalLink\" href=\"https:\/\/app.talkpal.ai\/vi\/signup?lng=\">D\u00f9ng th\u1eed Talkpal mi\u1ec5n ph\u00ed<\/a>\r\n<\/section>\n<div class=\"wp-block-group pageContainerStyle\"><div class=\"wp-block-group__inner-container is-layout-constrained wp-block-group-is-layout-constrained\">\n<h2 class=\"wp-block-heading\" id=\"h-delving-into-the-depths-of-danish-grammar-unraveling-its-idiosyncrasies-and-charm\">\u0110i s\u00e2u v\u00e0o chi\u1ec1u s\u00e2u c\u1ee7a ng\u1eef ph\u00e1p \u0110an M\u1ea1ch: L\u00e0m s\u00e1ng t\u1ecf nh\u1eefng \u0111\u1eb7c \u0111i\u1ec3m ri\u00eang v\u00e0 s\u1ef1 quy\u1ebfn r\u0169 c\u1ee7a n\u00f3<\/h2>\n\n\n\n<p>B\u1ea1n c\u00f3 nh\u1edb th\u1eddi \u0111i\u1ec3m m\u00e0 vi\u1ec7c h\u1ecdc ng\u1eef ph\u00e1p <a href=\"https:\/\/talkpal.ai\/top-trang-web-luyen-noi-tieng-anh-hieu-qua-nhat-2024\/\">ti\u1ebfng Anh<\/a> d\u01b0\u1eddng nh\u01b0 l\u00e0 m\u1ed9t tr\u1eadn chi\u1ebfn kh\u00f3 kh\u0103n v\u1edbi v\u00f4 s\u1ed1 quy t\u1eafc, ngo\u1ea1i l\u1ec7 v\u00e0 thu\u1eadt ng\u1eef ph\u1ee9c t\u1ea1p kh\u00f4ng? N\u1ebfu b\u00e2y gi\u1edd b\u1ea1n \u0111ang \u0111\u1eb7t m\u1ee5c ti\u00eau <a href=\"https:\/\/talkpal.ai\/learn-danish\/\">h\u1ecdc ti\u1ebfng \u0110an M\u1ea1ch<\/a>, h\u00e3y chu\u1ea9n b\u1ecb tinh th\u1ea7n cho m\u1ed9t chuy\u1ebfn \u0111i h\u1ea5p d\u1eabn kh\u00e1c qua s\u1ef1 ph\u1ee9c t\u1ea1p v\u00e0 th\u00fa v\u1ecb c\u1ee7a <a href=\"https:\/\/talkpal.ai\/danish-grammar\/\">ng\u1eef ph\u00e1p ti\u1ebfng \u0110an M\u1ea1ch<\/a>.<\/p>\n\n\n\n<p>Ti\u1ebfng \u0110an M\u1ea1ch, m\u1ed9t ng\u00f4n ng\u1eef B\u1eafc \u0110\u1ee9c, c\u00f3 nh\u1eefng \u0111i\u1ec3m t\u01b0\u01a1ng \u0111\u1ed3ng v\u1edbi c\u00e1c ng\u00f4n ng\u1eef nh\u01b0 <a href=\"https:\/\/talkpal.ai\/vi\/hoc-tieng-na-uy\/\">Na Uy<\/a> v\u00e0 <a href=\"https:\/\/talkpal.ai\/learn-swedish\/\">Th\u1ee5y \u0110i\u1ec3n<\/a>. Tuy nhi\u00ean, n\u00f3 c\u00f3 nh\u1eefng \u0111\u1eb7c \u0111i\u1ec3m \u0111\u1ed9c \u0111\u00e1o ri\u00eang khi\u1ebfn n\u00f3 tr\u1edf th\u00e0nh m\u1ed9t vi\u00ean ng\u1ecdc qu\u00fd \u0111\u00e1ng \u0111\u1ec3 kh\u00e1m ph\u00e1 chuy\u00ean s\u00e2u. H\u00e3y b\u1eaft \u0111\u1ea7u b\u1eb1ng c\u00e1ch l\u00e0m s\u00e1ng t\u1ecf nh\u1eefng \u0111i\u1ec1u k\u1ef3 di\u1ec7u c\u1ee7a ng\u1eef ph\u00e1p ti\u1ebfng \u0110an M\u1ea1ch, t\u1eebng quy t\u1eafc m\u1ed9t.<\/p>\n\n\n\n<p><strong>M\u1ed9t \u0111\u1eb7c \u0111i\u1ec3m n\u1ed5i b\u1eadt c\u1ee7a ng\u1eef ph\u00e1p ti\u1ebfng \u0110an M\u1ea1ch<\/strong> l\u00e0 s\u1ef1 \u0111\u01a1n gi\u1ea3n c\u1ee7a n\u00f3 khi n\u00f3i \u0111\u1ebfn th\u1ee9 t\u1ef1 t\u1eeb. Ti\u1ebfng \u0110an M\u1ea1ch tu\u00e2n theo c\u1ea5u tr\u00fac ch\u1ee7 ng\u1eef-\u0111\u1ed9ng t\u1eeb-t\u00e2n ng\u1eef (SVO), gi\u1ed1ng nh\u01b0 ti\u1ebfng Anh, gi\u00fap ng\u01b0\u1eddi n\u00f3i ti\u1ebfng Anh t\u01b0\u01a1ng \u0111\u1ed1i d\u1ec5 hi\u1ec3u. Tuy nhi\u00ean, c\u00f3 m\u1ed9t b\u01b0\u1edbc ngo\u1eb7t &#8211; vi\u1ec7c s\u1eed d\u1ee5ng th\u1ee9 t\u1ef1 t\u1eeb V2 trong m\u1ec7nh \u0111\u1ec1 ch\u00ednh, c\u00f3 ngh\u0129a l\u00e0 \u0111\u1ed9ng t\u1eeb ph\u1ea3i lu\u00f4n l\u00e0 y\u1ebfu t\u1ed1 th\u1ee9 hai. Quy t\u1eafc n\u00e0y t\u1ea1o th\u00eam m\u1ed9t ch\u00fat \u0111\u1ed9c \u0111\u00e1o cho ng\u00f4n ng\u1eef \u0110an M\u1ea1ch.<\/p>\n\n\n\n<p>M\u1ed9t kh\u00eda c\u1ea1nh \u0111\u00e1ng y\u00eau kh\u00e1c c\u1ee7a ng\u1eef ph\u00e1p \u0110an M\u1ea1ch l\u00e0 <strong>h\u1ec7 th\u1ed1ng hai gi\u1edbi t\u00ednh<\/strong> c\u1ee7a n\u00f3. Trong khi m\u1ed9t s\u1ed1 ng\u00f4n ng\u1eef nh\u01b0 ti\u1ebfng Ph\u00e1p ho\u1eb7c ti\u1ebfng T\u00e2y Ban Nha bao g\u1ed3m c\u00e1c gi\u1edbi t\u00ednh ri\u00eang bi\u1ec7t cho nam v\u00e0 n\u1eef, ti\u1ebfng \u0110an M\u1ea1ch \u0111\u01a1n gi\u1ea3n h\u00f3a \u0111i\u1ec1u n\u00e0y b\u1eb1ng c\u00e1ch s\u1eed d\u1ee5ng hai gi\u1edbi t\u00ednh ch\u00ednh: chung v\u00e0 trung t\u00ednh. Trong ti\u1ebfng \u0110an M\u1ea1ch, h\u1ea7u h\u1ebft c\u00e1c danh t\u1eeb \u0111\u1ec1u thu\u1ed9c th\u1ec3 lo\u1ea1i &#8220;ph\u1ed5 bi\u1ebfn&#8221;, l\u00e0m cho s\u1ef1 \u0111\u1ed3ng thu\u1eadn gi\u1edbi t\u00ednh v\u1edbi t\u00ednh t\u1eeb v\u00e0 m\u1ea1o t\u1eeb t\u01b0\u01a1ng \u0111\u1ed1i d\u1ec5 hi\u1ec3u.<\/p>\n\n\n\n<p>\u0110i s\u00e2u v\u00e0o l\u0129nh v\u1ef1c chia <strong>\u0111\u1ed9ng t\u1eeb<\/strong>, v\u00e0 b\u1ea1n s\u1ebd th\u1ea5y r\u1eb1ng ti\u1ebfng \u0110an M\u1ea1ch v\u01b0\u1ee3t tr\u1ed9i h\u01a1n c\u00e1c ng\u00f4n ng\u1eef kh\u00e1c v\u1ec1 s\u1ef1 \u0111\u01a1n gi\u1ea3n. \u0110\u1ed9ng t\u1eeb ti\u1ebfng \u0110an M\u1ea1ch kh\u00f4ng thay \u0111\u1ed5i theo ch\u1ee7 \u0111\u1ec1, gi\u00fap b\u1ea1n d\u1ec5 d\u00e0ng ghi nh\u1edb v\u00e0 hi\u1ec3u c\u00e1c d\u1ea1ng kh\u00e1c nhau. C\u00e1c \u0111\u1ed9ng t\u1eeb th\u00f4ng th\u01b0\u1eddng tu\u00e2n theo c\u00e1c m\u1eabu c\u00f3 th\u1ec3 d\u1ef1 \u0111o\u00e1n \u0111\u01b0\u1ee3c, v\u00e0 ngay c\u1ea3 c\u00e1c \u0111\u1ed9ng t\u1eeb b\u1ea5t quy t\u1eafc c\u0169ng kh\u00f4ng g\u00e2y ra nhi\u1ec1u th\u00e1ch th\u1ee9c v\u00ec s\u1ef1 b\u1ea5t th\u01b0\u1eddng c\u1ee7a ch\u00fang r\u1ea5t tinh t\u1ebf.<\/p>\n\n\n\n<p>Ng\u1eef ph\u00e1p ti\u1ebfng \u0110an M\u1ea1ch cung c\u1ea5p m\u1ed9t t\u00ednh n\u0103ng \u0111\u1ed9c \u0111\u00e1o v\u1edbi vi\u1ec7c <strong>s\u1eed d\u1ee5ng c\u00e1c t\u1eeb v\u00f4 h\u1ea1n, m\u1ea1o t\u1eeb v\u00e0 t\u1eeb ch\u1ee9ng minh<\/strong>. M\u1ea1o t\u1eeb kh\u00f4ng x\u00e1c \u0111\u1ecbnh t\u01b0\u01a1ng \u0111\u01b0\u01a1ng v\u1edbi &#8220;a&#8221; ho\u1eb7c &#8220;an&#8221; trong ti\u1ebfng Anh, v\u00e0 trong ti\u1ebfng \u0110an M\u1ea1ch n\u00f3 c\u00f3 th\u1ec3 l\u00e0 &#8220;en&#8221; cho gi\u1edbi t\u00ednh chung ho\u1eb7c &#8220;et&#8221; cho danh t\u1eeb trung t\u00ednh. M\u1ea1o t\u1eeb x\u00e1c \u0111\u1ecbnh, t\u01b0\u01a1ng t\u1ef1 nh\u01b0 &#8220;the&#8221; trong ti\u1ebfng Anh, g\u1eafn v\u00e0o cu\u1ed1i danh t\u1eeb, h\u1ee3p nh\u1ea5t \u0111\u1ec3 tr\u1edf th\u00e0nh m\u1ed9t t\u1eeb. Bi\u1ec3u ch\u1ee9ng, ch\u1ec9 ra c\u00e1c danh t\u1eeb c\u1ee5 th\u1ec3, c\u0169ng thay \u0111\u1ed5i theo gi\u1edbi t\u00ednh c\u1ee7a danh t\u1eeb, t\u0103ng th\u00eam m\u1ee9c \u0111\u1ed9 c\u1ee5 th\u1ec3 v\u00e0 quy\u1ebfn r\u0169.<\/p>\n\n\n\n<p>\u0110\u1eebng qu\u00ean v\u1ebb \u0111\u1eb9p c\u1ee7a <strong>c\u00e1ch ph\u00e1t \u00e2m ti\u1ebfng \u0110an M\u1ea1ch<\/strong>, \u0111\u00f2i h\u1ecfi s\u1ef1 quen thu\u1ed9c v\u1edbi c\u00e1c nguy\u00ean \u00e2m \u0111\u1eb7c bi\u1ec7t v\u00e0 ph\u1ee5 \u00e2m m\u1ec1m m\u1ea1i c\u1ee7a n\u00f3. Vi\u1ec7c s\u1eed d\u1ee5ng st\u00f8d (m\u1ed9t \u0111i\u1ec3m d\u1eebng thanh m\u00f4n) c\u00e0ng ph\u00e2n bi\u1ec7t n\u00f3 v\u1edbi c\u00e1c ng\u00f4n ng\u1eef \u0110\u1ee9c kh\u00e1c, mang l\u1ea1i cho ti\u1ebfng \u0110an M\u1ea1ch \u00e2m thanh \u0111\u1ed9c \u0111\u00e1o v\u00e0 s\u1ee9c h\u1ea5p d\u1eabn.<\/p>\n\n\n\n<p>B\u1eb1ng c\u00e1ch \u0111\u1eafm m\u00ecnh trong ng\u1eef ph\u00e1p ti\u1ebfng \u0110an M\u1ea1ch, b\u1ea1n s\u1ebd kh\u00f4ng ch\u1ec9 h\u1ecdc m\u1ed9t ng\u00f4n ng\u1eef m\u1edbi m\u00e0 c\u00f2n l\u00e0m phong ph\u00fa th\u00eam ki\u1ebfn th\u1ee9c v\u0103n h\u00f3a v\u00e0 hi\u1ec3u bi\u1ebft c\u1ee7a b\u1ea1n v\u1ec1 \u0110an M\u1ea1ch v\u00e0 ng\u01b0\u1eddi d\u00e2n c\u1ee7a n\u00f3. M\u1eb7c d\u00f9 \u0111\u00f4i khi \u0111\u1ea7y th\u1eed th\u00e1ch, ng\u1eef ph\u00e1p ti\u1ebfng \u0110an M\u1ea1ch mang \u0111\u1ebfn m\u1ed9t tr\u1ea3i nghi\u1ec7m h\u1ecdc t\u1eadp \u0111\u1ed9c \u0111\u00e1o m\u1edf ra c\u00e1nh c\u1eeda cho v\u00f4 s\u1ed1 s\u1ef1 quy\u1ebfn r\u0169 v\u00e0 \u0111\u1eb7c \u0111i\u1ec3m khi\u1ebfn n\u00f3 tr\u1edf th\u00e0nh m\u1ed9t ng\u00f4n ng\u1eef kh\u00f4ng th\u1ec3 c\u01b0\u1ee1ng l\u1ea1i \u0111\u1ec3 kh\u00e1m ph\u00e1. V\u00ec v\u1eady, h\u00e3y l\u1ea5y s\u00e1ch ng\u00f4n ng\u1eef c\u1ee7a b\u1ea1n v\u00e0 tham gia v\u00e0o m\u1ed9t cu\u1ed9c phi\u00eau l\u01b0u ng\u1eef ph\u00e1p \u0110an M\u1ea1ch h\u1ee9a h\u1eb9n s\u1ebd quy\u1ebfn r\u0169 v\u00e0 truy\u1ec1n c\u1ea3m h\u1ee9ng cho b\u1ea1n \u1edf m\u1ecdi ng\u00e3 r\u1ebd!<\/p>\n<\/div><\/div>\n\r\n<section class=\"learnNavigationSection\">\r\n            \r\n        <a href=\"https:\/\/talkpal.ai\/vi\/hoc-tieng-dan-mach\/\">\r\n            <div class=\"learnNavigationWrapper\">\r\n                <div class=\"learnNavigationContent\">\r\n                    <img decoding=\"async\" src=\"https:\/\/talkpal.ai\/wp-content\/uploads\/2024\/08\/Danish.jpg\" alt=\"Danish Flag\">\r\n                    <div>\r\n                        <h4>Gi\u1edbi thi\u1ec7u v\u1ec1 h\u1ecdc ti\u1ebfng \u0110an M\u1ea1ch<\/h4>\r\n                        <p>T\u00ecm hi\u1ec3u t\u1ea5t c\u1ea3 v\u1ec1 ng\u1eef ph\u00e1p ti\u1ebfng \u0110an M\u1ea1ch.<\/p>\r\n                    <\/div>\r\n                <\/div>\r\n            <\/div>\r\n        <\/a>\r\n\r\n        \r\n        <a href=\"https:\/\/talkpal.ai\/vi\/bai-tap-ngu-phap-tieng-dan-mach\/\">\r\n            <div class=\"learnNavigationWrapper\">\r\n                <div class=\"learnNavigationContent\">\r\n                    <img decoding=\"async\" src=\"https:\/\/talkpal.ai\/wp-content\/uploads\/2024\/08\/Danish.jpg\" alt=\"Danish Flag\">\r\n                    <div>\r\n                        <h4>B\u00e0i t\u1eadp ng\u1eef ph\u00e1p ti\u1ebfng \u0110an M\u1ea1ch<\/h4>\r\n                        <p>Th\u1ef1c h\u00e0nh ng\u1eef ph\u00e1p ti\u1ebfng \u0110an M\u1ea1ch.<\/p>\r\n                    <\/div>\r\n                <\/div>\r\n            <\/div>\r\n        <\/a>\r\n\r\n        \r\n        <a href=\"https:\/\/talkpal.ai\/vocabulary_language\/danish\/\">\r\n            <div class=\"learnNavigationWrapper\">\r\n                <div class=\"learnNavigationContent\">\r\n                    <img decoding=\"async\" src=\"https:\/\/talkpal.ai\/wp-content\/uploads\/2024\/08\/Danish.jpg\" alt=\"Danish Flag\">\r\n                    <div>\r\n                        <h4>T\u1eeb v\u1ef1ng ti\u1ebfng \u0110an M\u1ea1ch<\/h4>\r\n                        <p>M\u1edf r\u1ed9ng v\u1ed1n t\u1eeb v\u1ef1ng ti\u1ebfng \u0110an M\u1ea1ch c\u1ee7a b\u1ea1n.<\/p>\r\n                    <\/div>\r\n                <\/div>\r\n            <\/div>\r\n        <\/a>\r\n\r\n            <\/section>","protected":false},"excerpt":{"rendered":"<p>\u0110i s\u00e2u v\u00e0o chi\u1ec1u s\u00e2u c\u1ee7a ng\u1eef ph\u00e1p \u0110an M\u1ea1ch: L\u00e0m s\u00e1ng t\u1ecf nh\u1eefng \u0111\u1eb7c \u0111i\u1ec3m ri\u00eang v\u00e0 s\u1ef1 quy\u1ebfn r\u0169 c\u1ee7a n\u00f3 B\u1ea1n c\u00f3 nh\u1edb th\u1eddi \u0111i\u1ec3m m\u00e0 vi\u1ec7c h\u1ecdc ng\u1eef ph\u00e1p ti\u1ebfng Anh d\u01b0\u1eddng nh\u01b0 l\u00e0 m\u1ed9t tr\u1eadn chi\u1ebfn kh\u00f3 kh\u0103n v\u1edbi v\u00f4 s\u1ed1 quy t\u1eafc, ngo\u1ea1i l\u1ec7 v\u00e0 thu\u1eadt ng\u1eef ph\u1ee9c t\u1ea1p [&hellip;]<\/p>\n","protected":false},"author":1,"featured_media":1442222,"parent":0,"menu_order":0,"comment_status":"closed","ping_status":"closed","template":"LearningContentPage.php","meta":{"_acf_changed":false,"footnotes":""},"class_list":["post-1442221","page","type-page","status-publish","has-post-thumbnail","hentry"],"acf":[],"yoast_head":"<!-- This site is optimized with the Yoast SEO Premium plugin v27.2 (Yoast SEO v27.2) - https:\/\/yoast.com\/product\/yoast-seo-premium-wordpress\/ -->\n<title>Ng\u1eef ph\u00e1p ti\u1ebfng \u0110an M\u1ea1ch - Talkpal<\/title>\n<meta name=\"description\" content=\"Kh\u00e1m ph\u00e1 s\u1ef1 ph\u1ee9c t\u1ea1p c\u1ee7a Ng\u1eef ph\u00e1p \u0110an M\u1ea1ch v\u00e0 kh\u00e1m ph\u00e1 c\u00e1c quy t\u1eafc v\u00e0 \u0111\u1eb7c \u0111i\u1ec3m \u0111\u1ed9c \u0111\u00e1o c\u1ee7a n\u00f3. H\u1ecdc c\u00e1ch \u0111i\u1ec1u h\u01b0\u1edbng ng\u00f4n ng\u1eef m\u1ed9t c\u00e1ch d\u1ec5 d\u00e0ng.\" \/>\n<meta name=\"robots\" content=\"index, follow, max-snippet:-1, max-image-preview:large, max-video-preview:-1\" \/>\n<link rel=\"canonical\" href=\"https:\/\/talkpal.ai\/vi\/ngu-phap-tieng-dan-mach\/\" \/>\n<meta property=\"og:locale\" content=\"vi_VN\" \/>\n<meta property=\"og:type\" content=\"article\" \/>\n<meta property=\"og:title\" content=\"Ng\u1eef ph\u00e1p ti\u1ebfng \u0110an M\u1ea1ch\" \/>\n<meta property=\"og:description\" content=\"\u0110i s\u00e2u v\u00e0o chi\u1ec1u s\u00e2u c\u1ee7a ng\u1eef ph\u00e1p \u0110an M\u1ea1ch: L\u00e0m s\u00e1ng t\u1ecf nh\u1eefng \u0111\u1eb7c \u0111i\u1ec3m ri\u00eang v\u00e0 s\u1ef1 quy\u1ebfn r\u0169 c\u1ee7a n\u00f3 B\u1ea1n c\u00f3 nh\u1edb th\u1eddi \u0111i\u1ec3m m\u00e0 vi\u1ec7c h\u1ecdc ng\u1eef ph\u00e1p ti\u1ebfng Anh\" \/>\n<meta property=\"og:url\" content=\"https:\/\/talkpal.ai\/vi\/ngu-phap-tieng-dan-mach\/\" \/>\n<meta property=\"og:site_name\" content=\"Talkpal\" \/>\n<meta property=\"article:publisher\" content=\"https:\/\/www.facebook.com\/profile.php?id=100090733639311\" \/>\n<meta property=\"article:modified_time\" content=\"2025-12-13T15:24:46+00:00\" \/>\n<meta property=\"og:image\" content=\"https:\/\/talkpal.ai\/wp-content\/uploads\/2023\/05\/denmark.png\" \/>\n\t<meta property=\"og:image:width\" content=\"512\" \/>\n\t<meta property=\"og:image:height\" content=\"512\" \/>\n\t<meta property=\"og:image:type\" content=\"image\/png\" \/>\n<meta name=\"twitter:card\" content=\"summary_large_image\" \/>\n<meta name=\"twitter:site\" content=\"@talkpalai\" \/>\n<meta name=\"twitter:label1\" content=\"Est. reading time\" \/>\n\t<meta name=\"twitter:data1\" content=\"6 minutes\" \/>\n<script type=\"application\/ld+json\" class=\"yoast-schema-graph\">{\"@context\":\"https:\/\/schema.org\",\"@graph\":[{\"@type\":\"WebPage\",\"@id\":\"https:\/\/talkpal.ai\/vi\/ngu-phap-tieng-dan-mach\/\",\"url\":\"https:\/\/talkpal.ai\/vi\/ngu-phap-tieng-dan-mach\/\",\"name\":\"Ng\u1eef ph\u00e1p ti\u1ebfng \u0110an M\u1ea1ch - Talkpal\",\"isPartOf\":{\"@id\":\"https:\/\/talkpal.ai\/vi\/#website\"},\"primaryImageOfPage\":{\"@id\":\"https:\/\/talkpal.ai\/vi\/ngu-phap-tieng-dan-mach\/#primaryimage\"},\"image\":{\"@id\":\"https:\/\/talkpal.ai\/vi\/ngu-phap-tieng-dan-mach\/#primaryimage\"},\"thumbnailUrl\":\"https:\/\/talkpal.ai\/wp-content\/uploads\/2023\/05\/denmark.png\",\"datePublished\":\"2023-05-14T14:03:23+00:00\",\"dateModified\":\"2025-12-13T15:24:46+00:00\",\"description\":\"Kh\u00e1m ph\u00e1 s\u1ef1 ph\u1ee9c t\u1ea1p c\u1ee7a Ng\u1eef ph\u00e1p \u0110an M\u1ea1ch v\u00e0 kh\u00e1m ph\u00e1 c\u00e1c quy t\u1eafc v\u00e0 \u0111\u1eb7c \u0111i\u1ec3m \u0111\u1ed9c \u0111\u00e1o c\u1ee7a n\u00f3. H\u1ecdc c\u00e1ch \u0111i\u1ec1u h\u01b0\u1edbng ng\u00f4n ng\u1eef m\u1ed9t c\u00e1ch d\u1ec5 d\u00e0ng.\",\"breadcrumb\":{\"@id\":\"https:\/\/talkpal.ai\/vi\/ngu-phap-tieng-dan-mach\/#breadcrumb\"},\"inLanguage\":\"vi-VN\",\"potentialAction\":[{\"@type\":\"ReadAction\",\"target\":[\"https:\/\/talkpal.ai\/vi\/ngu-phap-tieng-dan-mach\/\"]}]},{\"@type\":\"ImageObject\",\"inLanguage\":\"vi-VN\",\"@id\":\"https:\/\/talkpal.ai\/vi\/ngu-phap-tieng-dan-mach\/#primaryimage\",\"url\":\"https:\/\/talkpal.ai\/wp-content\/uploads\/2023\/05\/denmark.png\",\"contentUrl\":\"https:\/\/talkpal.ai\/wp-content\/uploads\/2023\/05\/denmark.png\",\"width\":512,\"height\":512,\"caption\":\"TalkPal Denmark Flag\"},{\"@type\":\"BreadcrumbList\",\"@id\":\"https:\/\/talkpal.ai\/vi\/ngu-phap-tieng-dan-mach\/#breadcrumb\",\"itemListElement\":[{\"@type\":\"ListItem\",\"position\":1,\"name\":\"Homepage\",\"item\":\"https:\/\/talkpal.ai\/vi\/giao-vien-ngon-ngu-ai-3\/\"},{\"@type\":\"ListItem\",\"position\":2,\"name\":\"Ng\u1eef ph\u00e1p ti\u1ebfng \u0110an M\u1ea1ch\"}]},{\"@type\":\"WebSite\",\"@id\":\"https:\/\/talkpal.ai\/vi\/#website\",\"url\":\"https:\/\/talkpal.ai\/vi\/\",\"name\":\"Talkpal\",\"description\":\"AI Language Learning\",\"publisher\":{\"@id\":\"https:\/\/talkpal.ai\/vi\/#organization\"},\"alternateName\":\"Talkpal AI\",\"potentialAction\":[{\"@type\":\"SearchAction\",\"target\":{\"@type\":\"EntryPoint\",\"urlTemplate\":\"https:\/\/talkpal.ai\/vi\/?s={search_term_string}\"},\"query-input\":{\"@type\":\"PropertyValueSpecification\",\"valueRequired\":true,\"valueName\":\"search_term_string\"}}],\"inLanguage\":\"vi-VN\"},{\"@type\":\"Organization\",\"@id\":\"https:\/\/talkpal.ai\/vi\/#organization\",\"name\":\"Talkpal, Inc.\",\"alternateName\":\"Talkpal AI\",\"url\":\"https:\/\/talkpal.ai\/vi\/\",\"logo\":{\"@type\":\"ImageObject\",\"inLanguage\":\"vi-VN\",\"@id\":\"https:\/\/talkpal.ai\/vi\/#\/schema\/logo\/image\/\",\"url\":\"https:\/\/talkpal.ai\/wp-content\/uploads\/2024\/03\/Talkpal-Logo-Icon.png\",\"contentUrl\":\"https:\/\/talkpal.ai\/wp-content\/uploads\/2024\/03\/Talkpal-Logo-Icon.png\",\"width\":2880,\"height\":2880,\"caption\":\"Talkpal, Inc.\"},\"image\":{\"@id\":\"https:\/\/talkpal.ai\/vi\/#\/schema\/logo\/image\/\"},\"sameAs\":[\"https:\/\/www.facebook.com\/profile.php?id=100090733639311\",\"https:\/\/x.com\/talkpalai\",\"https:\/\/www.linkedin.com\/company\/talkpal\/\",\"https:\/\/www.youtube.com\/@TalkPal\/\",\"https:\/\/www.tiktok.com\/@talkpal\",\"https:\/\/www.instagram.com\/talkpal_ai\/\",\"https:\/\/www.crunchbase.com\/organization\/talkpal-9cde\",\"https:\/\/www.g2.com\/products\/talkpal-for-business\/\",\"https:\/\/www.trustpilot.com\/review\/talkpal.ai\",\"https:\/\/www.capterra.com\/p\/10006800\/TalkPal\/\"],\"description\":\"Talkpal is a language learning web and mobile education app, powered by the latest AI technologies, that provides engaging experiences to its customers in many different languages to help them improve their language skills. Users can chat about unlimited amount of topics with the app and use other modes to practice their language learning.\",\"email\":\"support@talkpal.ai\",\"legalName\":\"Talkpal, Inc.\",\"foundingDate\":\"2023-04-03\",\"duns\":\"118989042\",\"numberOfEmployees\":{\"@type\":\"QuantitativeValue\",\"minValue\":\"11\",\"maxValue\":\"50\"},\"publishingPrinciples\":\"https:\/\/talkpal.ai\/publishing-principles\/\",\"actionableFeedbackPolicy\":\"https:\/\/talkpal.ai\/actionable-feedback-policy\/\",\"correctionsPolicy\":\"https:\/\/talkpal.ai\/corrections-policy\/\",\"ethicsPolicy\":\"https:\/\/talkpal.ai\/ethics-policy\/\",\"diversityPolicy\":\"https:\/\/talkpal.ai\/diversity-policy\/\",\"diversityStaffingReport\":\"https:\/\/talkpal.ai\/diversity-policy\/\"}]}<\/script>\n<!-- \/ Yoast SEO Premium plugin. -->","yoast_head_json":{"title":"Ng\u1eef ph\u00e1p ti\u1ebfng \u0110an M\u1ea1ch - Talkpal","description":"Kh\u00e1m ph\u00e1 s\u1ef1 ph\u1ee9c t\u1ea1p c\u1ee7a Ng\u1eef ph\u00e1p \u0110an M\u1ea1ch v\u00e0 kh\u00e1m ph\u00e1 c\u00e1c quy t\u1eafc v\u00e0 \u0111\u1eb7c \u0111i\u1ec3m \u0111\u1ed9c \u0111\u00e1o c\u1ee7a n\u00f3. H\u1ecdc c\u00e1ch \u0111i\u1ec1u h\u01b0\u1edbng ng\u00f4n ng\u1eef m\u1ed9t c\u00e1ch d\u1ec5 d\u00e0ng.","robots":{"index":"index","follow":"follow","max-snippet":"max-snippet:-1","max-image-preview":"max-image-preview:large","max-video-preview":"max-video-preview:-1"},"canonical":"https:\/\/talkpal.ai\/vi\/ngu-phap-tieng-dan-mach\/","og_locale":"vi_VN","og_type":"article","og_title":"Ng\u1eef ph\u00e1p ti\u1ebfng \u0110an M\u1ea1ch","og_description":"\u0110i s\u00e2u v\u00e0o chi\u1ec1u s\u00e2u c\u1ee7a ng\u1eef ph\u00e1p \u0110an M\u1ea1ch: L\u00e0m s\u00e1ng t\u1ecf nh\u1eefng \u0111\u1eb7c \u0111i\u1ec3m ri\u00eang v\u00e0 s\u1ef1 quy\u1ebfn r\u0169 c\u1ee7a n\u00f3 B\u1ea1n c\u00f3 nh\u1edb th\u1eddi \u0111i\u1ec3m m\u00e0 vi\u1ec7c h\u1ecdc ng\u1eef ph\u00e1p ti\u1ebfng Anh","og_url":"https:\/\/talkpal.ai\/vi\/ngu-phap-tieng-dan-mach\/","og_site_name":"Talkpal","article_publisher":"https:\/\/www.facebook.com\/profile.php?id=100090733639311","article_modified_time":"2025-12-13T15:24:46+00:00","og_image":[{"width":512,"height":512,"url":"https:\/\/talkpal.ai\/wp-content\/uploads\/2023\/05\/denmark.png","type":"image\/png"}],"twitter_card":"summary_large_image","twitter_site":"@talkpalai","twitter_misc":{"Est. reading time":"6 minutes"},"schema":{"@context":"https:\/\/schema.org","@graph":[{"@type":"WebPage","@id":"https:\/\/talkpal.ai\/vi\/ngu-phap-tieng-dan-mach\/","url":"https:\/\/talkpal.ai\/vi\/ngu-phap-tieng-dan-mach\/","name":"Ng\u1eef ph\u00e1p ti\u1ebfng \u0110an M\u1ea1ch - Talkpal","isPartOf":{"@id":"https:\/\/talkpal.ai\/vi\/#website"},"primaryImageOfPage":{"@id":"https:\/\/talkpal.ai\/vi\/ngu-phap-tieng-dan-mach\/#primaryimage"},"image":{"@id":"https:\/\/talkpal.ai\/vi\/ngu-phap-tieng-dan-mach\/#primaryimage"},"thumbnailUrl":"https:\/\/talkpal.ai\/wp-content\/uploads\/2023\/05\/denmark.png","datePublished":"2023-05-14T14:03:23+00:00","dateModified":"2025-12-13T15:24:46+00:00","description":"Kh\u00e1m ph\u00e1 s\u1ef1 ph\u1ee9c t\u1ea1p c\u1ee7a Ng\u1eef ph\u00e1p \u0110an M\u1ea1ch v\u00e0 kh\u00e1m ph\u00e1 c\u00e1c quy t\u1eafc v\u00e0 \u0111\u1eb7c \u0111i\u1ec3m \u0111\u1ed9c \u0111\u00e1o c\u1ee7a n\u00f3. H\u1ecdc c\u00e1ch \u0111i\u1ec1u h\u01b0\u1edbng ng\u00f4n ng\u1eef m\u1ed9t c\u00e1ch d\u1ec5 d\u00e0ng.","breadcrumb":{"@id":"https:\/\/talkpal.ai\/vi\/ngu-phap-tieng-dan-mach\/#breadcrumb"},"inLanguage":"vi-VN","potentialAction":[{"@type":"ReadAction","target":["https:\/\/talkpal.ai\/vi\/ngu-phap-tieng-dan-mach\/"]}]},{"@type":"ImageObject","inLanguage":"vi-VN","@id":"https:\/\/talkpal.ai\/vi\/ngu-phap-tieng-dan-mach\/#primaryimage","url":"https:\/\/talkpal.ai\/wp-content\/uploads\/2023\/05\/denmark.png","contentUrl":"https:\/\/talkpal.ai\/wp-content\/uploads\/2023\/05\/denmark.png","width":512,"height":512,"caption":"TalkPal Denmark Flag"},{"@type":"BreadcrumbList","@id":"https:\/\/talkpal.ai\/vi\/ngu-phap-tieng-dan-mach\/#breadcrumb","itemListElement":[{"@type":"ListItem","position":1,"name":"Homepage","item":"https:\/\/talkpal.ai\/vi\/giao-vien-ngon-ngu-ai-3\/"},{"@type":"ListItem","position":2,"name":"Ng\u1eef ph\u00e1p ti\u1ebfng \u0110an M\u1ea1ch"}]},{"@type":"WebSite","@id":"https:\/\/talkpal.ai\/vi\/#website","url":"https:\/\/talkpal.ai\/vi\/","name":"Talkpal","description":"AI Language Learning","publisher":{"@id":"https:\/\/talkpal.ai\/vi\/#organization"},"alternateName":"Talkpal AI","potentialAction":[{"@type":"SearchAction","target":{"@type":"EntryPoint","urlTemplate":"https:\/\/talkpal.ai\/vi\/?s={search_term_string}"},"query-input":{"@type":"PropertyValueSpecification","valueRequired":true,"valueName":"search_term_string"}}],"inLanguage":"vi-VN"},{"@type":"Organization","@id":"https:\/\/talkpal.ai\/vi\/#organization","name":"Talkpal, Inc.","alternateName":"Talkpal AI","url":"https:\/\/talkpal.ai\/vi\/","logo":{"@type":"ImageObject","inLanguage":"vi-VN","@id":"https:\/\/talkpal.ai\/vi\/#\/schema\/logo\/image\/","url":"https:\/\/talkpal.ai\/wp-content\/uploads\/2024\/03\/Talkpal-Logo-Icon.png","contentUrl":"https:\/\/talkpal.ai\/wp-content\/uploads\/2024\/03\/Talkpal-Logo-Icon.png","width":2880,"height":2880,"caption":"Talkpal, Inc."},"image":{"@id":"https:\/\/talkpal.ai\/vi\/#\/schema\/logo\/image\/"},"sameAs":["https:\/\/www.facebook.com\/profile.php?id=100090733639311","https:\/\/x.com\/talkpalai","https:\/\/www.linkedin.com\/company\/talkpal\/","https:\/\/www.youtube.com\/@TalkPal\/","https:\/\/www.tiktok.com\/@talkpal","https:\/\/www.instagram.com\/talkpal_ai\/","https:\/\/www.crunchbase.com\/organization\/talkpal-9cde","https:\/\/www.g2.com\/products\/talkpal-for-business\/","https:\/\/www.trustpilot.com\/review\/talkpal.ai","https:\/\/www.capterra.com\/p\/10006800\/TalkPal\/"],"description":"Talkpal is a language learning web and mobile education app, powered by the latest AI technologies, that provides engaging experiences to its customers in many different languages to help them improve their language skills. Users can chat about unlimited amount of topics with the app and use other modes to practice their language learning.","email":"support@talkpal.ai","legalName":"Talkpal, Inc.","foundingDate":"2023-04-03","duns":"118989042","numberOfEmployees":{"@type":"QuantitativeValue","minValue":"11","maxValue":"50"},"publishingPrinciples":"https:\/\/talkpal.ai\/publishing-principles\/","actionableFeedbackPolicy":"https:\/\/talkpal.ai\/actionable-feedback-policy\/","correctionsPolicy":"https:\/\/talkpal.ai\/corrections-policy\/","ethicsPolicy":"https:\/\/talkpal.ai\/ethics-policy\/","diversityPolicy":"https:\/\/talkpal.ai\/diversity-policy\/","diversityStaffingReport":"https:\/\/talkpal.ai\/diversity-policy\/"}]}},"_links":{"self":[{"href":"https:\/\/talkpal.ai\/vi\/wp-json\/wp\/v2\/pages\/1442221","targetHints":{"allow":["GET"]}}],"collection":[{"href":"https:\/\/talkpal.ai\/vi\/wp-json\/wp\/v2\/pages"}],"about":[{"href":"https:\/\/talkpal.ai\/vi\/wp-json\/wp\/v2\/types\/page"}],"author":[{"embeddable":true,"href":"https:\/\/talkpal.ai\/vi\/wp-json\/wp\/v2\/users\/1"}],"replies":[{"embeddable":true,"href":"https:\/\/talkpal.ai\/vi\/wp-json\/wp\/v2\/comments?post=1442221"}],"version-history":[{"count":0,"href":"https:\/\/talkpal.ai\/vi\/wp-json\/wp\/v2\/pages\/1442221\/revisions"}],"wp:featuredmedia":[{"embeddable":true,"href":"https:\/\/talkpal.ai\/vi\/wp-json\/wp\/v2\/media\/1442222"}],"wp:attachment":[{"href":"https:\/\/talkpal.ai\/vi\/wp-json\/wp\/v2\/media?parent=1442221"}],"curies":[{"name":"wp","href":"https:\/\/api.w.org\/{rel}","templated":true}]}}