{"id":1442218,"date":"2023-05-14T14:04:48","date_gmt":"2023-05-14T14:04:48","guid":{"rendered":"https:\/\/talkpal.ai\/ngu-phap-tieng-do-thai\/"},"modified":"2025-12-13T15:37:15","modified_gmt":"2025-12-13T15:37:15","slug":"ngu-phap-tieng-do-thai","status":"publish","type":"page","link":"https:\/\/talkpal.ai\/vi\/ngu-phap-tieng-do-thai\/","title":{"rendered":"Ng\u1eef ph\u00e1p ti\u1ebfng Do Th\u00e1i"},"content":{"rendered":"\r\n\r\n\r\n<section class=\"languageChallengeSection\">\r\n    <div class=\"languageInfoWrapper\">\r\n        \r\n        <h1>Ng\u1eef ph\u00e1p ti\u1ebfng Do Th\u00e1i<\/h1>\r\n        <p>H\u1ecdc <a href=\"https:\/\/talkpal.ai\/hebrew-grammar\/\">ng\u1eef ph\u00e1p ti\u1ebfng Do Th\u00e1i<\/a> v\u00e0 m\u1edf kh\u00f3a b\u00ed m\u1eadt c\u1ee7a m\u1ed9t ng\u00f4n ng\u1eef c\u00f3 ngu\u1ed3n g\u1ed1c l\u1ecbch s\u1eed s\u00e2u s\u1eafc v\u00e0 ph\u00f9 h\u1ee3p hi\u1ec7n \u0111\u1ea1i. \u0110\u00f3n nh\u1eadn th\u1eed th\u00e1ch v\u00e0 k\u1ebft n\u1ed1i v\u1edbi m\u1ed9t n\u1ec1n v\u0103n h\u00f3a s\u00f4i \u0111\u1ed9ng th\u00f4ng qua v\u1ebb \u0111\u1eb9p c\u1ee7a <a href=\"https:\/\/talkpal.ai\/vi\/ngu-phap-tieng-nga\/\">ng\u1eef ph\u00e1p ti\u1ebfng<\/a> Do Th\u00e1i!<\/p>\r\n\r\n                            <a class=\"getStartedHidden\" href=\"https:\/\/app.talkpal.ai\/vi\/signup?lng=\">B\u1eaft \u0111\u1ea7u nh\u00e9<\/a>\r\n        \r\n    <\/div>\r\n\r\n    <figure>\r\n    <img decoding=\"async\" width=\"768\" height=\"768\" src=\"https:\/\/talkpal.ai\/wp-content\/uploads\/2023\/06\/hebrew-768x768.png\" class=\"languageImage no-lazy\" alt=\"Language learning for proficient communication\" fetchpriority=\"high\" sizes=\"(max-width: 768px) 150px, 768px\" srcset=\"https:\/\/talkpal.ai\/wp-content\/uploads\/2023\/06\/hebrew-768x768.png 768w, https:\/\/talkpal.ai\/wp-content\/uploads\/2023\/06\/hebrew-300x300.png 300w\" \/>\r\n    \r\n\r\n    <\/figure>\r\n\r\n            <a class=\"getStartedVisible\" href=\"https:\/\/app.talkpal.ai\/vi\/signup?lng=\">B\u1eaft \u0111\u1ea7u nh\u00e9<\/a>\r\n    \r\n<\/section>\r\n<section class=\"promotionalBanner\">\r\n    <p class=\"promotionalText\">C\u00e1ch hi\u1ec7u qu\u1ea3 nh\u1ea5t \u0111\u1ec3 h\u1ecdc m\u1ed9t ng\u00f4n ng\u1eef<\/p>\r\n    <a class=\"promotionalLink\" href=\"https:\/\/app.talkpal.ai\/vi\/signup?lng=\">D\u00f9ng th\u1eed Talkpal mi\u1ec5n ph\u00ed<\/a>\r\n<\/section>\n<div class=\"wp-block-group pageContainerStyle\"><div class=\"wp-block-group__inner-container is-layout-constrained wp-block-group-is-layout-constrained\">\n<h2 class=\"wp-block-heading\" id=\"h-mastering-hebrew-grammar-your-ultimate-guide\">N\u1eafm v\u1eefng ng\u1eef ph\u00e1p ti\u1ebfng Do Th\u00e1i: H\u01b0\u1edbng d\u1eabn c\u01a1 b\u1ea3n c\u1ee7a b\u1ea1n<\/h2>\n\n\n\n<p>Shalom, <a href=\"https:\/\/talkpal.ai\/talkpal-discount-for-language-enthusiasts\/\">nh\u1eefng ng\u01b0\u1eddi \u0111am m\u00ea ng\u00f4n ng\u1eef<\/a>! B\u1ea1n \u0111\u00e3 s\u1eb5n s\u00e0ng \u0111i s\u00e2u v\u00e0o th\u1ebf gi\u1edbi h\u1ea5p d\u1eabn c\u1ee7a <a href=\"https:\/\/talkpal.ai\/vi\/ngu-phap\/\">ng\u1eef ph\u00e1p<\/a> <a href=\"https:\/\/talkpal.ai\/learn-hebrew\/\">ti\u1ebfng Do Th\u00e1i<\/a> ch\u01b0a? B\u1ea1n \u0111\u00e3 \u0111\u1ebfn \u0111\u00fang n\u01a1i. Ch\u1ee9a \u0111\u1ea7y th\u00f4ng tin d\u1ec5 hi\u1ec3u v\u00e0 gi\u1ecdng \u0111i\u1ec7u tr\u00f2 chuy\u1ec7n, b\u00e0i vi\u1ebft n\u00e0y s\u1ebd h\u01b0\u1edbng d\u1eabn b\u1ea1n qua l\u0129nh v\u1ef1c \u0111\u1ea7y m\u00ea ho\u1eb7c c\u1ee7a ng\u1eef ph\u00e1p ti\u1ebfng Do Th\u00e1i. Ch\u1eb3ng bao l\u00e2u n\u1eefa, b\u1ea1n s\u1ebd c\u00f3 th\u1ec3 x\u00e2y d\u1ef1ng c\u00e1c c\u00e2u v\u00e0 tham gia v\u00e0o c\u00e1c cu\u1ed9c tr\u00f2 chuy\u1ec7n c\u00f3 \u00fd ngh\u0129a v\u1edbi ng\u01b0\u1eddi b\u1ea3n ng\u1eef. V\u00ec v\u1eady, h\u00e3y b\u1eaft \u0111\u1ea7u h\u00e0nh tr\u00ecnh c\u1ee7a b\u1ea1n \u0111\u1ec3 th\u00e0nh th\u1ea1o ng\u1eef ph\u00e1p ti\u1ebfng Do Th\u00e1i!<\/p>\n\n\n\n<p><strong>Nh\u01b0ng tr\u01b0\u1edbc ti\u00ean, t\u1ea1i sao l\u1ea1i l\u00e0 ng\u1eef ph\u00e1p ti\u1ebfng Do Th\u00e1i?<\/strong><\/p>\n\n\n\n<p>N\u1ebfu b\u1ea1n \u0111ang <a href=\"https:\/\/talkpal.ai\/learn-hebrew\/\">h\u1ecdc ti\u1ebfng Do Th\u00e1i<\/a>, m\u1ed9t n\u1ec1n t\u1ea3ng v\u1eefng ch\u1eafc <a href=\"https:\/\/talkpal.ai\/vi\/ve\/\">v\u1ec1<\/a> ng\u1eef ph\u00e1p l\u00e0 \u0111i\u1ec1u c\u1ea7n thi\u1ebft \u0111\u1ec3 n\u00f3i, \u0111\u1ecdc v\u00e0 vi\u1ebft tr\u00f4i ch\u1ea3y. M\u1eb7c d\u00f9 ng\u1eef ph\u00e1p ti\u1ebfng Do Th\u00e1i ban \u0111\u1ea7u c\u00f3 v\u1ebb ph\u1ee9c t\u1ea1p, nh\u01b0ng n\u00f3 tr\u1edf n\u00ean d\u1ec5 ti\u1ebfp c\u1eadn h\u01a1n khi \u0111\u01b0\u1ee3c chia th\u00e0nh c\u00e1c ph\u1ea7n nh\u1ecf h\u01a1n, d\u1ec5 qu\u1ea3n l\u00fd h\u01a1n. V\u00ec v\u1eady, h\u00e3y b\u1eaft \u0111\u1ea7u cu\u1ed9c h\u00e0nh tr\u00ecnh th\u00fa v\u1ecb n\u00e0y nh\u00e9!<\/p>\n\n\n\n<h3 class=\"wp-block-heading\" id=\"h-1-nouns-gender-and-number\">1. Danh t\u1eeb, gi\u1edbi t\u00ednh v\u00e0 s\u1ed1<\/h3>\n\n\n\n<p>Danh t\u1eeb ti\u1ebfng Do Th\u00e1i c\u00f3 hai gi\u1edbi t\u00ednh &#8211; nam v\u00e0 n\u1eef &#8211; v\u00e0 c\u00f3 th\u1ec3 l\u00e0 s\u1ed1 \u00edt ho\u1eb7c s\u1ed1 nhi\u1ec1u. X\u00e1c \u0111\u1ecbnh gi\u1edbi t\u00ednh c\u1ee7a danh t\u1eeb t\u1ea1o c\u01a1 s\u1edf cho vi\u1ec7c x\u00e2y d\u1ef1ng c\u00e2u th\u00edch h\u1ee3p v\u00ec n\u00f3 \u1ea3nh h\u01b0\u1edfng \u0111\u1ebfn c\u00e1c ph\u1ea7n kh\u00e1c c\u1ee7a b\u00e0i ph\u00e1t bi\u1ec3u, ch\u1eb3ng h\u1ea1n nh\u01b0 \u0111\u1ed9ng t\u1eeb v\u00e0 t\u00ednh t\u1eeb.  <\/p>\n\n\n\n<p>M\u1ed9t nguy\u00ean t\u1eafc chung: n\u1ebfu m\u1ed9t danh t\u1eeb k\u1ebft th\u00fac b\u1eb1ng &#8220;\u05d4&#8221; (hey) ho\u1eb7c &#8220;\u05ea&#8221; (tav), n\u00f3 th\u01b0\u1eddng l\u00e0 n\u1eef t\u00ednh. Tuy nhi\u00ean, c\u00f3 ngo\u1ea1i l\u1ec7, v\u00ec v\u1eady ghi nh\u1edb danh t\u1eeb gi\u1edbi t\u00ednh trong khi h\u1ecdc t\u1eeb v\u1ef1ng l\u00e0 ch\u00eca kh\u00f3a.<\/p>\n\n\n\n<p>Ngo\u00e0i ra, danh t\u1eeb ti\u1ebfng Do Th\u00e1i c\u00f3 c\u00e1c d\u1ea1ng kh\u00e1c nhau t\u00f9y thu\u1ed9c v\u00e0o s\u1ed1 l\u01b0\u1ee3ng. Danh t\u1eeb nam s\u1ed1 nhi\u1ec1u th\u01b0\u1eddng k\u1ebft th\u00fac b\u1eb1ng &#8220;\u05d9\u05dd&#8221; (yim), trong khi danh t\u1eeb n\u1eef s\u1ed1 nhi\u1ec1u k\u1ebft th\u00fac b\u1eb1ng &#8220;\u05d5\u05ea&#8221; (ot).<\/p>\n\n\n\n<h3 class=\"wp-block-heading\" id=\"h-2-adjectives-agreement-and-definite-articles\">2. T\u00ednh t\u1eeb, th\u1ecfa thu\u1eadn v\u00e0 m\u1ea1o t\u1eeb x\u00e1c \u0111\u1ecbnh<\/h3>\n\n\n\n<p>T\u00ednh t\u1eeb trong ti\u1ebfng Do Th\u00e1i ph\u1ea3i \u0111\u1ed3ng \u00fd v\u1ec1 gi\u1edbi t\u00ednh v\u00e0 s\u1ed1 l\u01b0\u1ee3ng v\u1edbi danh t\u1eeb m\u00e0 ch\u00fang s\u1eeda \u0111\u1ed5i. \u0110\u1ec3 t\u1ea1o t\u00ednh t\u1eeb n\u1eef t\u00ednh, h\u00e3y th\u00eam &#8220;\u05d4&#8221; (n\u00e0y) \u1edf cu\u1ed1i n\u1ebfu n\u00f3 ch\u01b0a c\u00f3. \u0110\u1ec3 t\u1ea1o t\u00ednh t\u1eeb s\u1ed1 nhi\u1ec1u, h\u00e3y tu\u00e2n theo nguy\u00ean t\u1eafc t\u01b0\u01a1ng t\u1ef1 nh\u01b0 danh t\u1eeb: th\u00eam &#8220;\u05d9\u05dd&#8221; cho nam t\u00ednh v\u00e0 &#8220;\u05d5\u05ea&#8221; cho n\u1eef t\u00ednh.<\/p>\n\n\n\n<p>M\u1ea1o t\u1eeb x\u00e1c \u0111\u1ecbnh &#8220;the&#8221; trong ti\u1ebfng Do Th\u00e1i l\u00e0 &#8220;\u05d4&#8221; (n\u00e0y) v\u00e0 \u0111\u01b0\u1ee3c th\u00eam v\u00e0o nh\u01b0 m\u1ed9t ti\u1ec1n t\u1ed1 cho danh t\u1eeb ho\u1eb7c t\u00ednh t\u1eeb. V\u00ed d\u1ee5, &#8220;\u05d4\u05e1\u05e4\u05e8&#8221; (haSefer &#8211; cu\u1ed1n s\u00e1ch) ho\u1eb7c &#8220;\u05d4\u05db\u05d3\u05d5\u05e8 \u05d4\u05d2\u05d3\u05d5\u05dc&#8221; (hakadur hagadol &#8211; qu\u1ea3 b\u00f3ng l\u1edbn).<\/p>\n\n\n\n<h3 class=\"wp-block-heading\" id=\"h-3-verbs-tense-and-conjugation\">3. \u0110\u1ed9ng t\u1eeb, th\u00ec v\u00e0 chia \u0111\u1ed9ng t\u1eeb<\/h3>\n\n\n\n<p>\u0110\u1ed9ng t\u1eeb ti\u1ebfng Do Th\u00e1i \u0111\u00f3ng m\u1ed9t vai tr\u00f2 quan tr\u1ecdng trong ng\u1eef ph\u00e1p v\u00e0 \u0111\u01b0\u1ee3c chia th\u00e0nh b\u1ea3y nh\u00f3m chia \u0111\u1ed9ng t\u1eeb \u0111\u01b0\u1ee3c g\u1ecdi l\u00e0 &#8220;binyanim&#8221;. M\u1ed7i binyan t\u00e1c \u0111\u1ed9ng \u0111\u1ebfn \u00fd ngh\u0129a v\u00e0 vai tr\u00f2 c\u1ee7a \u0111\u1ed9ng t\u1eeb trong m\u1ed9t c\u00e2u.<\/p>\n\n\n\n<p>\u0110\u1ec3 cung c\u1ea5p cho b\u1ea1n m\u1ed9t c\u00e1i nh\u00ecn t\u1ed5ng quan nhanh, ch\u00fang ta h\u00e3y th\u1ea3o lu\u1eadn v\u1ec1 th\u00ec hi\u1ec7n t\u1ea1i c\u1ee7a c\u00e1c \u0111\u1ed9ng t\u1eeb th\u00f4ng th\u01b0\u1eddng:<\/p>\n\n\n\n<p><strong>\u2013 \u05d0\u05e0\u05d9 \u05e7\u05d5\u05e8\u05d0\/\u05ea (ani kore\/et \u2013 I read, masc.\/fem.)<\/strong><\/p>\n\n\n\n<p><strong>\u2013 \u05d0\u05ea\/\u05d4 \u05e7\u05d5\u05e8\u05d0\/\u05ea (ata\/at kore\/et \u2013 b\u1ea1n \u0111\u1ecdc, masc.\/fem.)<\/strong><\/p>\n\n\n\n<p><strong>&#8211; \u05d4\u05d5\u05d0 \/ \u05d4\u05d9\u05d0 \u05e7\u05d5\u05e8\u05d0 \/ \u05ea (hu \/ hi kore \/ et &#8211; anh \u1ea5y \/ c\u00f4 \u1ea5y \u0111\u1ecdc)<\/strong><\/p>\n\n\n\n<p>H\u00e3y nh\u1edb r\u1eb1ng, \u0111\u00e2y m\u1edbi ch\u1ec9 l\u00e0 kh\u1edfi \u0111\u1ea7u! Nhi\u1ec1u th\u00ec kh\u00e1c, \u0111\u1ed9ng t\u1eeb b\u1ea5t quy t\u1eafc v\u00e0 s\u1ef1 ph\u1ee9c t\u1ea1p c\u1ee7a binyan s\u1ebd xu\u1ea5t hi\u1ec7n khi b\u1ea1n ti\u1ebfn b\u1ed9.<\/p>\n\n\n\n<h3 class=\"wp-block-heading\" id=\"h-4-pronouns-prepositions-and-more\">4. \u0110\u1ea1i t\u1eeb, gi\u1edbi t\u1eeb, v.v.!<\/h3>\n\n\n\n<p>Ng\u1eef ph\u00e1p ti\u1ebfng Do Th\u00e1i bao g\u1ed3m c\u00e1c th\u00e0nh ph\u1ea7n kh\u00e1c nh\u01b0 \u0111\u1ea1i t\u1eeb (\u05d0\u05e0\u05d9, \u05d0\u05ea\u05d4, \u05d4\u05d5\u05d0, \u05d4\u05d9\u05d0, v.v.), gi\u1edbi t\u1eeb (\u05d1, \u05dc, \u05de, \u05e2\u05dc, v.v.) v\u00e0 c\u00e1c bi\u1ec3u th\u1ee9c th\u00e0nh ng\u1eef. Gi\u1ea3i quy\u1ebft t\u1eebng y\u1ebfu t\u1ed1 l\u00e0 r\u1ea5t quan tr\u1ecdng \u0111\u1ec3 \u0111\u1ea1t \u0111\u01b0\u1ee3c s\u1ef1 l\u01b0u lo\u00e1t to\u00e0n di\u1ec7n trong ti\u1ebfng Do Th\u00e1i, v\u00ec v\u1eady h\u00e3y th\u1ef1c hi\u1ec7n t\u1eebng b\u01b0\u1edbc m\u1ed9t.<\/p>\n\n\n\n<p>T\u00f3m l\u1ea1i, kh\u00f4ng c\u00f3 l\u1ed1i t\u1eaft n\u00e0o \u0111\u1ec3 th\u00e0nh th\u1ea1o ng\u1eef ph\u00e1p ti\u1ebfng Do Th\u00e1i. N\u00f3 \u0111\u00f2i h\u1ecfi s\u1ef1 ki\u00ean tr\u00ec, th\u1ef1c h\u00e0nh v\u00e0 ki\u00ean nh\u1eabn. Tuy nhi\u00ean, m\u1ed9t khi b\u1ea1n n\u1eafm b\u1eaft \u0111\u01b0\u1ee3c s\u1ef1 ph\u1ee9c t\u1ea1p c\u1ee7a n\u00f3, b\u1ea1n s\u1ebd th\u01b0\u1edfng th\u1ee9c c\u00e1c s\u1eafc th\u00e1i c\u1ee7a vi\u1ec7c tr\u00f2 chuy\u1ec7n b\u1eb1ng ti\u1ebfng Do Th\u00e1i, kh\u00e1m ph\u00e1 n\u1ec1n v\u0103n h\u00f3a v\u00e0 l\u1ecbch s\u1eed phong ph\u00fa, \u0111\u1ed3ng th\u1eddi \u0111\u00e1nh gi\u00e1 s\u00e2u h\u01a1n v\u1ec1 ng\u00f4n ng\u1eef n\u00e0y. \u05d1\u05d4\u05e6\u05dc\u05d7\u05d4 (behatzlacha &#8211; ch\u00fac may m\u1eafn)!<\/p>\n<\/div><\/div>\n\r\n<section class=\"learnNavigationSection\">\r\n            \r\n        <a href=\"https:\/\/talkpal.ai\/vi\/hoc-tieng-do-thai\/\">\r\n            <div class=\"learnNavigationWrapper\">\r\n                <div class=\"learnNavigationContent\">\r\n                    <img decoding=\"async\" src=\"https:\/\/talkpal.ai\/wp-content\/uploads\/2024\/08\/Hebrew.jpg\" alt=\"Israel Flag\">\r\n                    <div>\r\n                        <h4>Gi\u1edbi thi\u1ec7u v\u1ec1 H\u1ecdc ti\u1ebfng Do Th\u00e1i<\/h4>\r\n                        <p>T\u00ecm hi\u1ec3u t\u1ea5t c\u1ea3 v\u1ec1 ng\u1eef ph\u00e1p ti\u1ebfng Do Th\u00e1i.<\/p>\r\n                    <\/div>\r\n                <\/div>\r\n            <\/div>\r\n        <\/a>\r\n\r\n        \r\n        <a href=\"https:\/\/talkpal.ai\/vi\/bai-tap-ngu-phap-tieng-do-thai\/\">\r\n            <div class=\"learnNavigationWrapper\">\r\n                <div class=\"learnNavigationContent\">\r\n                    <img decoding=\"async\" src=\"https:\/\/talkpal.ai\/wp-content\/uploads\/2024\/08\/Hebrew.jpg\" alt=\"Israel Flag\">\r\n                    <div>\r\n                        <h4>B\u00e0i t\u1eadp ng\u1eef ph\u00e1p ti\u1ebfng Do Th\u00e1i<\/h4>\r\n                        <p>Th\u1ef1c h\u00e0nh ng\u1eef ph\u00e1p ti\u1ebfng Do Th\u00e1i.<\/p>\r\n                    <\/div>\r\n                <\/div>\r\n            <\/div>\r\n        <\/a>\r\n\r\n        \r\n        <a href=\"https:\/\/talkpal.ai\/vocabulary_language\/hebrew\/\">\r\n            <div class=\"learnNavigationWrapper\">\r\n                <div class=\"learnNavigationContent\">\r\n                    <img decoding=\"async\" src=\"https:\/\/talkpal.ai\/wp-content\/uploads\/2024\/08\/Hebrew.jpg\" alt=\"Israel Flag\">\r\n                    <div>\r\n                        <h4>T\u1eeb v\u1ef1ng ti\u1ebfng Do Th\u00e1i<\/h4>\r\n                        <p>M\u1edf r\u1ed9ng v\u1ed1n t\u1eeb v\u1ef1ng ti\u1ebfng Do Th\u00e1i c\u1ee7a b\u1ea1n.<\/p>\r\n                    <\/div>\r\n                <\/div>\r\n            <\/div>\r\n        <\/a>\r\n\r\n            <\/section>","protected":false},"excerpt":{"rendered":"<p>N\u1eafm v\u1eefng ng\u1eef ph\u00e1p ti\u1ebfng Do Th\u00e1i: H\u01b0\u1edbng d\u1eabn c\u01a1 b\u1ea3n c\u1ee7a b\u1ea1n Shalom, nh\u1eefng ng\u01b0\u1eddi \u0111am m\u00ea ng\u00f4n ng\u1eef! B\u1ea1n \u0111\u00e3 s\u1eb5n s\u00e0ng \u0111i s\u00e2u v\u00e0o th\u1ebf gi\u1edbi h\u1ea5p d\u1eabn c\u1ee7a ng\u1eef ph\u00e1p ti\u1ebfng Do Th\u00e1i ch\u01b0a? B\u1ea1n \u0111\u00e3 \u0111\u1ebfn \u0111\u00fang n\u01a1i. Ch\u1ee9a \u0111\u1ea7y th\u00f4ng tin d\u1ec5 hi\u1ec3u v\u00e0 gi\u1ecdng \u0111i\u1ec7u tr\u00f2 chuy\u1ec7n, b\u00e0i [&hellip;]<\/p>\n","protected":false},"author":1,"featured_media":1442219,"parent":0,"menu_order":0,"comment_status":"closed","ping_status":"closed","template":"LearningContentPage.php","meta":{"_acf_changed":false,"footnotes":""},"class_list":["post-1442218","page","type-page","status-publish","has-post-thumbnail","hentry"],"acf":[],"yoast_head":"<!-- This site is optimized with the Yoast SEO Premium plugin v27.2 (Yoast SEO v27.2) - https:\/\/yoast.com\/product\/yoast-seo-premium-wordpress\/ -->\n<title>Ng\u1eef ph\u00e1p ti\u1ebfng Do Th\u00e1i - Talkpal<\/title>\n<meta name=\"description\" content=\"C\u1ea3i thi\u1ec7n ng\u1eef ph\u00e1p ti\u1ebfng Do Th\u00e1i c\u1ee7a b\u1ea1n m\u1ed9t c\u00e1ch t\u1ef1 tin - h\u1ecdc c\u00e1c quy t\u1eafc ch\u00ednh, t\u1ea1o c\u00e2u ch\u00ednh x\u00e1c v\u00e0 giao ti\u1ebfp r\u00f5 r\u00e0ng v\u1edbi c\u00e1c b\u00e0i h\u1ecdc AI d\u1ec5 d\u00e0ng c\u1ee7a TalkPal.\" \/>\n<meta name=\"robots\" content=\"index, follow, max-snippet:-1, max-image-preview:large, max-video-preview:-1\" \/>\n<link rel=\"canonical\" href=\"https:\/\/talkpal.ai\/vi\/ngu-phap-tieng-do-thai\/\" \/>\n<meta property=\"og:locale\" content=\"vi_VN\" \/>\n<meta property=\"og:type\" content=\"article\" \/>\n<meta property=\"og:title\" content=\"Ng\u1eef ph\u00e1p ti\u1ebfng Do Th\u00e1i\" \/>\n<meta property=\"og:description\" content=\"N\u1eafm v\u1eefng ng\u1eef ph\u00e1p ti\u1ebfng Do Th\u00e1i: H\u01b0\u1edbng d\u1eabn c\u01a1 b\u1ea3n c\u1ee7a b\u1ea1n Shalom, nh\u1eefng ng\u01b0\u1eddi \u0111am m\u00ea ng\u00f4n ng\u1eef! B\u1ea1n \u0111\u00e3 s\u1eb5n s\u00e0ng \u0111i s\u00e2u v\u00e0o th\u1ebf gi\u1edbi h\u1ea5p d\u1eabn c\u1ee7a ng\u1eef ph\u00e1p\" \/>\n<meta property=\"og:url\" content=\"https:\/\/talkpal.ai\/vi\/ngu-phap-tieng-do-thai\/\" \/>\n<meta property=\"og:site_name\" content=\"Talkpal\" \/>\n<meta property=\"article:publisher\" content=\"https:\/\/www.facebook.com\/profile.php?id=100090733639311\" \/>\n<meta property=\"article:modified_time\" content=\"2025-12-13T15:37:15+00:00\" \/>\n<meta property=\"og:image\" content=\"https:\/\/talkpal.ai\/wp-content\/uploads\/2023\/05\/israel.png\" \/>\n\t<meta property=\"og:image:width\" content=\"512\" \/>\n\t<meta property=\"og:image:height\" content=\"512\" \/>\n\t<meta property=\"og:image:type\" content=\"image\/png\" \/>\n<meta name=\"twitter:card\" content=\"summary_large_image\" \/>\n<meta name=\"twitter:site\" content=\"@talkpalai\" \/>\n<meta name=\"twitter:label1\" content=\"Est. reading time\" \/>\n\t<meta name=\"twitter:data1\" content=\"5 minutes\" \/>\n<script type=\"application\/ld+json\" class=\"yoast-schema-graph\">{\"@context\":\"https:\/\/schema.org\",\"@graph\":[{\"@type\":\"WebPage\",\"@id\":\"https:\/\/talkpal.ai\/vi\/ngu-phap-tieng-do-thai\/\",\"url\":\"https:\/\/talkpal.ai\/vi\/ngu-phap-tieng-do-thai\/\",\"name\":\"Ng\u1eef ph\u00e1p ti\u1ebfng Do Th\u00e1i - Talkpal\",\"isPartOf\":{\"@id\":\"https:\/\/talkpal.ai\/vi\/#website\"},\"primaryImageOfPage\":{\"@id\":\"https:\/\/talkpal.ai\/vi\/ngu-phap-tieng-do-thai\/#primaryimage\"},\"image\":{\"@id\":\"https:\/\/talkpal.ai\/vi\/ngu-phap-tieng-do-thai\/#primaryimage\"},\"thumbnailUrl\":\"https:\/\/talkpal.ai\/wp-content\/uploads\/2023\/05\/israel.png\",\"datePublished\":\"2023-05-14T14:04:48+00:00\",\"dateModified\":\"2025-12-13T15:37:15+00:00\",\"description\":\"C\u1ea3i thi\u1ec7n ng\u1eef ph\u00e1p ti\u1ebfng Do Th\u00e1i c\u1ee7a b\u1ea1n m\u1ed9t c\u00e1ch t\u1ef1 tin - h\u1ecdc c\u00e1c quy t\u1eafc ch\u00ednh, t\u1ea1o c\u00e2u ch\u00ednh x\u00e1c v\u00e0 giao ti\u1ebfp r\u00f5 r\u00e0ng v\u1edbi c\u00e1c b\u00e0i h\u1ecdc AI d\u1ec5 d\u00e0ng c\u1ee7a TalkPal.\",\"breadcrumb\":{\"@id\":\"https:\/\/talkpal.ai\/vi\/ngu-phap-tieng-do-thai\/#breadcrumb\"},\"inLanguage\":\"vi-VN\",\"potentialAction\":[{\"@type\":\"ReadAction\",\"target\":[\"https:\/\/talkpal.ai\/vi\/ngu-phap-tieng-do-thai\/\"]}]},{\"@type\":\"ImageObject\",\"inLanguage\":\"vi-VN\",\"@id\":\"https:\/\/talkpal.ai\/vi\/ngu-phap-tieng-do-thai\/#primaryimage\",\"url\":\"https:\/\/talkpal.ai\/wp-content\/uploads\/2023\/05\/israel.png\",\"contentUrl\":\"https:\/\/talkpal.ai\/wp-content\/uploads\/2023\/05\/israel.png\",\"width\":512,\"height\":512,\"caption\":\"TalkPal Israel Flag\"},{\"@type\":\"BreadcrumbList\",\"@id\":\"https:\/\/talkpal.ai\/vi\/ngu-phap-tieng-do-thai\/#breadcrumb\",\"itemListElement\":[{\"@type\":\"ListItem\",\"position\":1,\"name\":\"Homepage\",\"item\":\"https:\/\/talkpal.ai\/vi\/giao-vien-ngon-ngu-ai-3\/\"},{\"@type\":\"ListItem\",\"position\":2,\"name\":\"Ng\u1eef ph\u00e1p ti\u1ebfng Do Th\u00e1i\"}]},{\"@type\":\"WebSite\",\"@id\":\"https:\/\/talkpal.ai\/vi\/#website\",\"url\":\"https:\/\/talkpal.ai\/vi\/\",\"name\":\"Talkpal\",\"description\":\"AI Language Learning\",\"publisher\":{\"@id\":\"https:\/\/talkpal.ai\/vi\/#organization\"},\"alternateName\":\"Talkpal AI\",\"potentialAction\":[{\"@type\":\"SearchAction\",\"target\":{\"@type\":\"EntryPoint\",\"urlTemplate\":\"https:\/\/talkpal.ai\/vi\/?s={search_term_string}\"},\"query-input\":{\"@type\":\"PropertyValueSpecification\",\"valueRequired\":true,\"valueName\":\"search_term_string\"}}],\"inLanguage\":\"vi-VN\"},{\"@type\":\"Organization\",\"@id\":\"https:\/\/talkpal.ai\/vi\/#organization\",\"name\":\"Talkpal, Inc.\",\"alternateName\":\"Talkpal AI\",\"url\":\"https:\/\/talkpal.ai\/vi\/\",\"logo\":{\"@type\":\"ImageObject\",\"inLanguage\":\"vi-VN\",\"@id\":\"https:\/\/talkpal.ai\/vi\/#\/schema\/logo\/image\/\",\"url\":\"https:\/\/talkpal.ai\/wp-content\/uploads\/2024\/03\/Talkpal-Logo-Icon.png\",\"contentUrl\":\"https:\/\/talkpal.ai\/wp-content\/uploads\/2024\/03\/Talkpal-Logo-Icon.png\",\"width\":2880,\"height\":2880,\"caption\":\"Talkpal, Inc.\"},\"image\":{\"@id\":\"https:\/\/talkpal.ai\/vi\/#\/schema\/logo\/image\/\"},\"sameAs\":[\"https:\/\/www.facebook.com\/profile.php?id=100090733639311\",\"https:\/\/x.com\/talkpalai\",\"https:\/\/www.linkedin.com\/company\/talkpal\/\",\"https:\/\/www.youtube.com\/@TalkPal\/\",\"https:\/\/www.tiktok.com\/@talkpal\",\"https:\/\/www.instagram.com\/talkpal_ai\/\",\"https:\/\/www.crunchbase.com\/organization\/talkpal-9cde\",\"https:\/\/www.g2.com\/products\/talkpal-for-business\/\",\"https:\/\/www.trustpilot.com\/review\/talkpal.ai\",\"https:\/\/www.capterra.com\/p\/10006800\/TalkPal\/\"],\"description\":\"Talkpal is a language learning web and mobile education app, powered by the latest AI technologies, that provides engaging experiences to its customers in many different languages to help them improve their language skills. Users can chat about unlimited amount of topics with the app and use other modes to practice their language learning.\",\"email\":\"support@talkpal.ai\",\"legalName\":\"Talkpal, Inc.\",\"foundingDate\":\"2023-04-03\",\"duns\":\"118989042\",\"numberOfEmployees\":{\"@type\":\"QuantitativeValue\",\"minValue\":\"11\",\"maxValue\":\"50\"},\"publishingPrinciples\":\"https:\/\/talkpal.ai\/publishing-principles\/\",\"actionableFeedbackPolicy\":\"https:\/\/talkpal.ai\/actionable-feedback-policy\/\",\"correctionsPolicy\":\"https:\/\/talkpal.ai\/corrections-policy\/\",\"ethicsPolicy\":\"https:\/\/talkpal.ai\/ethics-policy\/\",\"diversityPolicy\":\"https:\/\/talkpal.ai\/diversity-policy\/\",\"diversityStaffingReport\":\"https:\/\/talkpal.ai\/diversity-policy\/\"}]}<\/script>\n<!-- \/ Yoast SEO Premium plugin. -->","yoast_head_json":{"title":"Ng\u1eef ph\u00e1p ti\u1ebfng Do Th\u00e1i - Talkpal","description":"C\u1ea3i thi\u1ec7n ng\u1eef ph\u00e1p ti\u1ebfng Do Th\u00e1i c\u1ee7a b\u1ea1n m\u1ed9t c\u00e1ch t\u1ef1 tin - h\u1ecdc c\u00e1c quy t\u1eafc ch\u00ednh, t\u1ea1o c\u00e2u ch\u00ednh x\u00e1c v\u00e0 giao ti\u1ebfp r\u00f5 r\u00e0ng v\u1edbi c\u00e1c b\u00e0i h\u1ecdc AI d\u1ec5 d\u00e0ng c\u1ee7a TalkPal.","robots":{"index":"index","follow":"follow","max-snippet":"max-snippet:-1","max-image-preview":"max-image-preview:large","max-video-preview":"max-video-preview:-1"},"canonical":"https:\/\/talkpal.ai\/vi\/ngu-phap-tieng-do-thai\/","og_locale":"vi_VN","og_type":"article","og_title":"Ng\u1eef ph\u00e1p ti\u1ebfng Do Th\u00e1i","og_description":"N\u1eafm v\u1eefng ng\u1eef ph\u00e1p ti\u1ebfng Do Th\u00e1i: H\u01b0\u1edbng d\u1eabn c\u01a1 b\u1ea3n c\u1ee7a b\u1ea1n Shalom, nh\u1eefng ng\u01b0\u1eddi \u0111am m\u00ea ng\u00f4n ng\u1eef! B\u1ea1n \u0111\u00e3 s\u1eb5n s\u00e0ng \u0111i s\u00e2u v\u00e0o th\u1ebf gi\u1edbi h\u1ea5p d\u1eabn c\u1ee7a ng\u1eef ph\u00e1p","og_url":"https:\/\/talkpal.ai\/vi\/ngu-phap-tieng-do-thai\/","og_site_name":"Talkpal","article_publisher":"https:\/\/www.facebook.com\/profile.php?id=100090733639311","article_modified_time":"2025-12-13T15:37:15+00:00","og_image":[{"width":512,"height":512,"url":"https:\/\/talkpal.ai\/wp-content\/uploads\/2023\/05\/israel.png","type":"image\/png"}],"twitter_card":"summary_large_image","twitter_site":"@talkpalai","twitter_misc":{"Est. reading time":"5 minutes"},"schema":{"@context":"https:\/\/schema.org","@graph":[{"@type":"WebPage","@id":"https:\/\/talkpal.ai\/vi\/ngu-phap-tieng-do-thai\/","url":"https:\/\/talkpal.ai\/vi\/ngu-phap-tieng-do-thai\/","name":"Ng\u1eef ph\u00e1p ti\u1ebfng Do Th\u00e1i - Talkpal","isPartOf":{"@id":"https:\/\/talkpal.ai\/vi\/#website"},"primaryImageOfPage":{"@id":"https:\/\/talkpal.ai\/vi\/ngu-phap-tieng-do-thai\/#primaryimage"},"image":{"@id":"https:\/\/talkpal.ai\/vi\/ngu-phap-tieng-do-thai\/#primaryimage"},"thumbnailUrl":"https:\/\/talkpal.ai\/wp-content\/uploads\/2023\/05\/israel.png","datePublished":"2023-05-14T14:04:48+00:00","dateModified":"2025-12-13T15:37:15+00:00","description":"C\u1ea3i thi\u1ec7n ng\u1eef ph\u00e1p ti\u1ebfng Do Th\u00e1i c\u1ee7a b\u1ea1n m\u1ed9t c\u00e1ch t\u1ef1 tin - h\u1ecdc c\u00e1c quy t\u1eafc ch\u00ednh, t\u1ea1o c\u00e2u ch\u00ednh x\u00e1c v\u00e0 giao ti\u1ebfp r\u00f5 r\u00e0ng v\u1edbi c\u00e1c b\u00e0i h\u1ecdc AI d\u1ec5 d\u00e0ng c\u1ee7a TalkPal.","breadcrumb":{"@id":"https:\/\/talkpal.ai\/vi\/ngu-phap-tieng-do-thai\/#breadcrumb"},"inLanguage":"vi-VN","potentialAction":[{"@type":"ReadAction","target":["https:\/\/talkpal.ai\/vi\/ngu-phap-tieng-do-thai\/"]}]},{"@type":"ImageObject","inLanguage":"vi-VN","@id":"https:\/\/talkpal.ai\/vi\/ngu-phap-tieng-do-thai\/#primaryimage","url":"https:\/\/talkpal.ai\/wp-content\/uploads\/2023\/05\/israel.png","contentUrl":"https:\/\/talkpal.ai\/wp-content\/uploads\/2023\/05\/israel.png","width":512,"height":512,"caption":"TalkPal Israel Flag"},{"@type":"BreadcrumbList","@id":"https:\/\/talkpal.ai\/vi\/ngu-phap-tieng-do-thai\/#breadcrumb","itemListElement":[{"@type":"ListItem","position":1,"name":"Homepage","item":"https:\/\/talkpal.ai\/vi\/giao-vien-ngon-ngu-ai-3\/"},{"@type":"ListItem","position":2,"name":"Ng\u1eef ph\u00e1p ti\u1ebfng Do Th\u00e1i"}]},{"@type":"WebSite","@id":"https:\/\/talkpal.ai\/vi\/#website","url":"https:\/\/talkpal.ai\/vi\/","name":"Talkpal","description":"AI Language Learning","publisher":{"@id":"https:\/\/talkpal.ai\/vi\/#organization"},"alternateName":"Talkpal AI","potentialAction":[{"@type":"SearchAction","target":{"@type":"EntryPoint","urlTemplate":"https:\/\/talkpal.ai\/vi\/?s={search_term_string}"},"query-input":{"@type":"PropertyValueSpecification","valueRequired":true,"valueName":"search_term_string"}}],"inLanguage":"vi-VN"},{"@type":"Organization","@id":"https:\/\/talkpal.ai\/vi\/#organization","name":"Talkpal, Inc.","alternateName":"Talkpal AI","url":"https:\/\/talkpal.ai\/vi\/","logo":{"@type":"ImageObject","inLanguage":"vi-VN","@id":"https:\/\/talkpal.ai\/vi\/#\/schema\/logo\/image\/","url":"https:\/\/talkpal.ai\/wp-content\/uploads\/2024\/03\/Talkpal-Logo-Icon.png","contentUrl":"https:\/\/talkpal.ai\/wp-content\/uploads\/2024\/03\/Talkpal-Logo-Icon.png","width":2880,"height":2880,"caption":"Talkpal, Inc."},"image":{"@id":"https:\/\/talkpal.ai\/vi\/#\/schema\/logo\/image\/"},"sameAs":["https:\/\/www.facebook.com\/profile.php?id=100090733639311","https:\/\/x.com\/talkpalai","https:\/\/www.linkedin.com\/company\/talkpal\/","https:\/\/www.youtube.com\/@TalkPal\/","https:\/\/www.tiktok.com\/@talkpal","https:\/\/www.instagram.com\/talkpal_ai\/","https:\/\/www.crunchbase.com\/organization\/talkpal-9cde","https:\/\/www.g2.com\/products\/talkpal-for-business\/","https:\/\/www.trustpilot.com\/review\/talkpal.ai","https:\/\/www.capterra.com\/p\/10006800\/TalkPal\/"],"description":"Talkpal is a language learning web and mobile education app, powered by the latest AI technologies, that provides engaging experiences to its customers in many different languages to help them improve their language skills. Users can chat about unlimited amount of topics with the app and use other modes to practice their language learning.","email":"support@talkpal.ai","legalName":"Talkpal, Inc.","foundingDate":"2023-04-03","duns":"118989042","numberOfEmployees":{"@type":"QuantitativeValue","minValue":"11","maxValue":"50"},"publishingPrinciples":"https:\/\/talkpal.ai\/publishing-principles\/","actionableFeedbackPolicy":"https:\/\/talkpal.ai\/actionable-feedback-policy\/","correctionsPolicy":"https:\/\/talkpal.ai\/corrections-policy\/","ethicsPolicy":"https:\/\/talkpal.ai\/ethics-policy\/","diversityPolicy":"https:\/\/talkpal.ai\/diversity-policy\/","diversityStaffingReport":"https:\/\/talkpal.ai\/diversity-policy\/"}]}},"_links":{"self":[{"href":"https:\/\/talkpal.ai\/vi\/wp-json\/wp\/v2\/pages\/1442218","targetHints":{"allow":["GET"]}}],"collection":[{"href":"https:\/\/talkpal.ai\/vi\/wp-json\/wp\/v2\/pages"}],"about":[{"href":"https:\/\/talkpal.ai\/vi\/wp-json\/wp\/v2\/types\/page"}],"author":[{"embeddable":true,"href":"https:\/\/talkpal.ai\/vi\/wp-json\/wp\/v2\/users\/1"}],"replies":[{"embeddable":true,"href":"https:\/\/talkpal.ai\/vi\/wp-json\/wp\/v2\/comments?post=1442218"}],"version-history":[{"count":0,"href":"https:\/\/talkpal.ai\/vi\/wp-json\/wp\/v2\/pages\/1442218\/revisions"}],"wp:featuredmedia":[{"embeddable":true,"href":"https:\/\/talkpal.ai\/vi\/wp-json\/wp\/v2\/media\/1442219"}],"wp:attachment":[{"href":"https:\/\/talkpal.ai\/vi\/wp-json\/wp\/v2\/media?parent=1442218"}],"curies":[{"name":"wp","href":"https:\/\/api.w.org\/{rel}","templated":true}]}}