{"id":1442215,"date":"2023-05-14T14:09:47","date_gmt":"2023-05-14T14:09:47","guid":{"rendered":"https:\/\/talkpal.ai\/ngu-phap-kannada\/"},"modified":"2025-12-11T16:20:00","modified_gmt":"2025-12-11T16:20:00","slug":"ngu-phap-kannada","status":"publish","type":"page","link":"https:\/\/talkpal.ai\/vi\/ngu-phap-kannada\/","title":{"rendered":"Ng\u1eef ph\u00e1p Kannada"},"content":{"rendered":"\r\n\r\n\r\n<section class=\"languageChallengeSection\">\r\n    <div class=\"languageInfoWrapper\">\r\n        \r\n        <h1>Ng\u1eef ph\u00e1p Kannada<\/h1>\r\n        <p>B\u1ea1n h\u00e0o h\u1ee9ng kh\u00e1m ph\u00e1 ti\u1ebfng <a href=\"https:\/\/talkpal.ai\/learn-kannada\/\">Kannada<\/a>? \u0110i s\u00e2u v\u00e0o <a href=\"https:\/\/talkpal.ai\/kannada-grammar\/\">ng\u1eef ph\u00e1p ti\u1ebfng Kannada<\/a>, c\u00f3 c\u00e1ch chia \u0111\u1ed9ng t\u1eeb phong ph\u00fa, danh t\u1eeb gi\u1edbi t\u00ednh v\u00e0 h\u1ec7 th\u1ed1ng tr\u01b0\u1eddng h\u1ee3p logic l\u00e0m cho <a href=\"https:\/\/talkpal.ai\/vi\/hoc-ngon-ngu-cho-cac-truong-ngon-ngu\/\">ng\u00f4n ng\u1eef<\/a> tr\u1edf n\u00ean s\u1ed1ng \u0111\u1ed9ng. B\u1eaft \u0111\u1ea7u h\u1ecdc ngay h\u00f4m nay \u2014 n\u1eafm v\u1eefng <a href=\"https:\/\/talkpal.ai\/vi\/ngu-phap\/\">ng\u1eef ph\u00e1p<\/a> Kannada s\u1ebd cung c\u1ea5p cho b\u1ea1n c\u00e1c c\u00f4ng c\u1ee5 \u0111\u1ec3 k\u1ebft n\u1ed1i s\u00e2u s\u1eafc v\u1edbi n\u1ec1n v\u0103n h\u00f3a s\u00f4i \u0111\u1ed9ng c\u1ee7a Karnataka v\u00e0 giao ti\u1ebfp v\u1edbi s\u1ef1 t\u1ef1 tin b\u1eb1ng m\u1ed9t trong nh\u1eefng ng\u00f4n ng\u1eef bi\u1ec3u c\u1ea3m nh\u1ea5t c\u1ee7a Nam \u1ea4n \u0110\u1ed9!<\/p>\r\n\r\n                            <a class=\"getStartedHidden\" href=\"https:\/\/app.talkpal.ai\/vi\/signup?lng=\">B\u1eaft \u0111\u1ea7u nh\u00e9<\/a>\r\n        \r\n    <\/div>\r\n\r\n    <figure>\r\n    <img decoding=\"async\" width=\"768\" height=\"768\" src=\"https:\/\/talkpal.ai\/wp-content\/uploads\/2023\/06\/Kannada-768x768.png\" class=\"languageImage no-lazy\" alt=\"Language learning for increased mental flexibility\" fetchpriority=\"high\" sizes=\"(max-width: 768px) 150px, 768px\" srcset=\"https:\/\/talkpal.ai\/wp-content\/uploads\/2023\/06\/Kannada-768x768.png 768w, https:\/\/talkpal.ai\/wp-content\/uploads\/2023\/06\/Kannada-300x300.png 300w\" \/>\r\n    \r\n\r\n    <\/figure>\r\n\r\n            <a class=\"getStartedVisible\" href=\"https:\/\/app.talkpal.ai\/vi\/signup?lng=\">B\u1eaft \u0111\u1ea7u nh\u00e9<\/a>\r\n    \r\n<\/section>\r\n<section class=\"promotionalBanner\">\r\n    <p class=\"promotionalText\">C\u00e1ch hi\u1ec7u qu\u1ea3 nh\u1ea5t \u0111\u1ec3 h\u1ecdc m\u1ed9t ng\u00f4n ng\u1eef<\/p>\r\n    <a class=\"promotionalLink\" href=\"https:\/\/app.talkpal.ai\/vi\/signup?lng=\">D\u00f9ng th\u1eed Talkpal mi\u1ec5n ph\u00ed<\/a>\r\n<\/section>\n<div class=\"wp-block-group pageContainerStyle\"><div class=\"wp-block-group__inner-container is-layout-constrained wp-block-group-is-layout-constrained\">\n<h2 class=\"wp-block-heading\" id=\"h-kannada-grammar-an-insight-into-the-richness-of-the-dravidian-language\">Ng\u1eef ph\u00e1p ti\u1ebfng Kannada: C\u00e1i nh\u00ecn s\u00e2u s\u1eafc v\u1ec1 s\u1ef1 phong ph\u00fa c\u1ee7a ng\u00f4n ng\u1eef Dravidian<\/h2>\n\n\n\n<p>B\u1ea1n \u0111\u00e3 bao gi\u1edd t\u1ef1 h\u1ecfi <a href=\"https:\/\/talkpal.ai\/vi\/ve\/\">v\u1ec1<\/a> s\u1ef1 \u0111a d\u1ea1ng ng\u00f4n ng\u1eef c\u1ee7a \u1ea4n \u0110\u1ed9 ch\u01b0a? L\u00e0 m\u1ed9t ng\u01b0\u1eddi \u0111am m\u00ea ng\u00f4n ng\u1eef ho\u1eb7c m\u1ed9t ng\u01b0\u1eddi h\u1ecdc t\u00f2 m\u00f2, b\u1ea1n c\u00f3 th\u1ec3 quan t\u00e2m \u0111\u1ebfn vi\u1ec7c xem x\u00e9t k\u1ef9 h\u01a1n m\u1ed9t trong nh\u1eefng ng\u00f4n ng\u1eef c\u1ed5 \u0111i\u1ec3n c\u1ee7a \u1ea4n \u0110\u1ed9 &#8211; Kannada. Kannada l\u00e0 m\u1ed9t ng\u00f4n ng\u1eef Dravidian \u0111\u01b0\u1ee3c s\u1eed d\u1ee5ng ch\u1ee7 y\u1ebfu \u1edf bang Karnataka. \u0110\u00e2y l\u00e0 ng\u00f4n ng\u1eef m\u1eb9 \u0111\u1ebb c\u1ee7a kho\u1ea3ng 44 tri\u1ec7u ng\u01b0\u1eddi, khi\u1ebfn n\u00f3 tr\u1edf th\u00e0nh m\u1ed9t trong nh\u1eefng ng\u00f4n ng\u1eef ch\u00ednh c\u1ee7a \u1ea4n \u0110\u1ed9. H\u00e3y \u0111i s\u00e2u v\u00e0o th\u1ebf gi\u1edbi h\u1ea5p d\u1eabn c\u1ee7a ng\u1eef ph\u00e1p Kannada v\u00e0 t\u00ecm hi\u1ec3u th\u00eam v\u1ec1 ng\u00f4n ng\u1eef tuy\u1ec7t v\u1eddi n\u00e0y.<\/p>\n\n\n\n<h3 class=\"wp-block-heading\" id=\"h-the-linguistic-alphabet-kannada-script\">B\u1ea3ng ch\u1eef c\u00e1i ng\u00f4n ng\u1eef: Ch\u1eef vi\u1ebft Kannada<\/h3>\n\n\n\n<p>Ch\u1eef vi\u1ebft Kannada, c\u00f2n \u0111\u01b0\u1ee3c g\u1ecdi l\u00e0 &#8220;\u0c95\u0ca8\u0ccd\u0ca8\u0ca1 \u0cb2\u0cbf\u0caa\u0cbf&#8221; (Kannada Lipi), l\u00e0 m\u1ed9t abugida &#8211; m\u1ed9t h\u1ec7 th\u1ed1ng ch\u1eef vi\u1ebft v\u1edbi b\u1ea3ng ch\u1eef c\u00e1i \u00e2m ti\u1ebft. M\u1ed7i ch\u1eef c\u00e1i \u0111\u1ea1i di\u1ec7n cho m\u1ed9t s\u1ef1 k\u1ebft h\u1ee3p ph\u1ee5 \u00e2m-nguy\u00ean \u00e2m kh\u00e1c nhau. K\u1ecbch b\u1ea3n bao g\u1ed3m 49 k\u00fd t\u1ef1, bao g\u1ed3m 34 ph\u1ee5 \u00e2m v\u00e0 13 nguy\u00ean \u00e2m. V\u1edbi v\u1ebb ngo\u00e0i kh\u00e1c bi\u1ec7t v\u1ec1 m\u1eb7t h\u00ecnh \u1ea3nh, ch\u1eef vi\u1ebft Kannada l\u00e0 m\u1ed9t c\u00e1ch \u0111\u1ed9c \u0111\u00e1o tuy\u1ec7t v\u1eddi \u0111\u1ec3 truy\u1ec1n t\u1ea3i \u00e2m thanh v\u00e0 \u00fd ngh\u0129a c\u1ee7a ng\u00f4n ng\u1eef.<\/p>\n\n\n\n<h3 class=\"wp-block-heading\" id=\"h-nouns-pronouns-and-cases-more-than-meets-the-eye\">Danh t\u1eeb, \u0111\u1ea1i t\u1eeb v\u00e0 tr\u01b0\u1eddng h\u1ee3p &#8211; Nhi\u1ec1u h\u01a1n l\u00e0 b\u1eaft m\u1eaft<\/h3>\n\n\n\n<p>Danh t\u1eeb Kannada l\u00e0 duy nh\u1ea5t do h\u1ec7 th\u1ed1ng suy tho\u00e1i c\u1ee7a ch\u00fang &#8211; ch\u00fang tu\u00e2n theo h\u1ec7 th\u1ed1ng tr\u01b0\u1eddng h\u1ee3p gi\u1ed1ng nh\u01b0 c\u00e1c ng\u00f4n ng\u1eef Dravida kh\u00e1c. C\u00f3 t\u00e1m tr\u01b0\u1eddng h\u1ee3p trong ti\u1ebfng Kannada, gi\u00fap x\u00e1c \u0111\u1ecbnh m\u1ed1i quan h\u1ec7 gi\u1eefa danh t\u1eeb v\u00e0 c\u00e1c t\u1eeb kh\u00e1c trong c\u00e2u: danh t\u1eeb, c\u00e1o t\u1eeb, c\u00f4ng c\u1ee5, dative, ablative, genitive, locative v\u00e0 vocative. Danh t\u1eeb trong ti\u1ebfng Kannada c\u0169ng \u0111\u01b0\u1ee3c ph\u00e2n lo\u1ea1i theo gi\u1edbi t\u00ednh (nam, n\u1eef v\u00e0 trung t\u00ednh) v\u00e0 s\u1ed1 (s\u1ed1 \u00edt, s\u1ed1 nhi\u1ec1u v\u00e0 k\u00e9p &#8211; m\u1ed9t \u0111\u1eb7c \u0111i\u1ec3m hi\u1ebfm g\u1eb7p trong c\u00e1c ng\u00f4n ng\u1eef \u1ea4n \u0110\u1ed9).<\/p>\n\n\n\n<p>\u0110\u1ea1i t\u1eeb trong ti\u1ebfng Kannada c\u0169ng r\u1ea5t h\u1ea5p d\u1eabn. Ch\u00fang mang s\u1ef1 ph\u00e2n bi\u1ec7t cho m\u1ecdi ng\u01b0\u1eddi (<a href=\"https:\/\/talkpal.ai\/culture\/what-is-the-difference-between-thu-nhat-and-nhat\/\">th\u1ee9 nh\u1ea5t<\/a>, th\u1ee9 hai v\u00e0 th\u1ee9 ba), s\u1ed1 (s\u1ed1 \u00edt, s\u1ed1 nhi\u1ec1u v\u00e0 k\u00e9p) v\u00e0 gi\u1edbi t\u00ednh (nam t\u00ednh, n\u1eef t\u00ednh v\u00e0 trung t\u00ednh). Ngo\u00e0i ra, ti\u1ebfng Kannada c\u00f3 m\u1ed9t s\u1ed1 h\u00ecnh th\u1ee9c x\u01b0ng h\u00f4, th\u1ec3 hi\u1ec7n c\u00e1c kh\u00eda c\u1ea1nh v\u0103n h\u00f3a c\u1ee7a ng\u00f4n ng\u1eef v\u1ec1 s\u1ef1 t\u00f4n tr\u1ecdng v\u00e0 l\u1ecbch s\u1ef1.<\/p>\n\n\n\n<h3 class=\"wp-block-heading\" id=\"h-venturing-into-verbs-tenses-aspects-and-moods\">M\u1ea1o hi\u1ec3m v\u00e0o \u0111\u1ed9ng t\u1eeb: Th\u00ec, Kh\u00eda c\u1ea1nh v\u00e0 T\u00e2m tr\u1ea1ng<\/h3>\n\n\n\n<p>\u0110\u1ed9ng t\u1eeb Kannada \u0111\u01b0\u1ee3c \u0111\u1eb7c tr\u01b0ng b\u1edfi m\u1ed9t h\u1ec7 th\u1ed1ng chia \u0111\u1ed9ng t\u1eeb phong ph\u00fa. \u0110\u1ed9ng t\u1eeb \u0111\u01b0\u1ee3c chia theo th\u00ec (qu\u00e1 kh\u1ee9, hi\u1ec7n t\u1ea1i v\u00e0 t\u01b0\u01a1ng lai), kh\u00eda c\u1ea1nh (ho\u00e0n h\u1ea3o ho\u1eb7c kh\u00f4ng ho\u00e0n h\u1ea3o) v\u00e0 t\u00e2m tr\u1ea1ng (ch\u1ec9 th\u1ecb, m\u1ec7nh l\u1ec7nh v\u00e0 \u0111i\u1ec1u ki\u1ec7n). S\u1ef1 ph\u1ee9c t\u1ea1p h\u01a1n n\u1eefa \u0111\u01b0\u1ee3c th\u00eam v\u00e0o v\u1edbi s\u1ef1 hi\u1ec7n di\u1ec7n c\u1ee7a c\u00e1c \u0111\u1ed9ng t\u1eeb nguy\u00ean nh\u00e2n v\u00e0 gi\u1ecdng b\u1ecb \u0111\u1ed9ng v\u00e0 ch\u1ee7 \u0111\u1ed9ng. C\u00e1ch chia \u0111\u1ed9ng t\u1eeb ph\u1ee5 thu\u1ed9c v\u00e0o ng\u01b0\u1eddi, s\u1ed1 l\u01b0\u1ee3ng v\u00e0 gi\u1edbi t\u00ednh, l\u00e0m cho c\u00e1c d\u1ea1ng \u0111\u1ed9ng t\u1eeb Kannada tr\u1edf n\u00ean bi\u1ebfn \u0111\u1ed5i v\u00e0 ph\u1ee9c t\u1ea1p.<\/p>\n\n\n\n<h3 class=\"wp-block-heading\" id=\"h-adjectives-adverbs-and-more\">T\u00ednh t\u1eeb, tr\u1ea1ng t\u1eeb, v.v.<\/h3>\n\n\n\n<p>T\u00ednh t\u1eeb v\u00e0 ch\u1eef s\u1ed1 Kannada ph\u00f9 h\u1ee3p v\u1edbi danh t\u1eeb m\u00e0 ch\u00fang s\u1eeda \u0111\u1ed5i v\u1ec1 gi\u1edbi t\u00ednh, s\u1ed1 l\u01b0\u1ee3ng v\u00e0 ch\u1eef hoa ch\u1eef th\u01b0\u1eddng. T\u00ednh t\u1eeb c\u00f3 th\u1ec3 \u0111\u01b0\u1ee3c bi\u1ebfn \u0111\u1ed5i theo c\u00e1ch t\u01b0\u01a1ng t\u1ef1 nh\u01b0 danh t\u1eeb v\u00e0 th\u1eadm ch\u00ed c\u00f3 th\u1ec3 \u0111\u01b0\u1ee3c k\u1ebft h\u1ee3p \u0111\u1ec3 t\u1ea1o th\u00e0nh tr\u1ea1ng t\u1eeb. Ng\u00f4n ng\u1eef n\u00e0y c\u0169ng s\u1eed d\u1ee5ng c\u00e1c li\u00ean t\u1eeb, h\u1ea1t v\u00e0 gi\u1edbi t\u1eeb kh\u00e1c nhau \u0111\u1ec3 k\u1ebft h\u1ee3p c\u00e1c c\u00e2u v\u00e0 c\u00e1c th\u00e0nh ph\u1ea7n c\u1ee7a ch\u00fang th\u00e0nh m\u1ed9t t\u1ed5ng th\u1ec3 g\u1eafn k\u1ebft v\u00e0 bi\u1ec3u c\u1ea3m.<\/p>\n\n\n\n<h3 class=\"wp-block-heading\" id=\"h-embracing-the-beauty-of-kannada-grammar\">N\u1eafm b\u1eaft v\u1ebb \u0111\u1eb9p c\u1ee7a ng\u1eef ph\u00e1p Kannada<\/h3>\n\n\n\n<p>Th\u1ebf gi\u1edbi ng\u1eef ph\u00e1p Kannada v\u1eeba h\u1ea5p d\u1eabn v\u1eeba ph\u1ee9c t\u1ea1p. H\u1ec7 th\u1ed1ng tr\u01b0\u1eddng h\u1ee3p ph\u1ee9c t\u1ea1p, ch\u1eef vi\u1ebft \u0111\u1ed9c \u0111\u00e1o v\u00e0 c\u00e1c d\u1ea1ng \u0111\u1ed9ng t\u1eeb c\u00f3 nhi\u1ec1u bi\u1ebfn \u0111\u1ed5i mang l\u1ea1i cho ti\u1ebfng Kannada s\u1ef1 quy\u1ebfn r\u0169 v\u00e0 phong ph\u00fa. B\u1eb1ng c\u00e1ch \u0111i s\u00e2u v\u00e0o l\u0129nh v\u1ef1c c\u1ee7a ng\u00f4n ng\u1eef tinh t\u1ebf n\u00e0y, b\u1ea1n c\u00f3 \u0111\u01b0\u1ee3c s\u1ef1 hi\u1ec3u bi\u1ebft s\u00e2u s\u1eafc h\u01a1n v\u1ec1 s\u1ef1 \u0111a d\u1ea1ng ng\u00f4n ng\u1eef v\u00e0 v\u0103n h\u00f3a c\u1ee7a \u1ea4n \u0110\u1ed9.<\/p>\n\n\n\n<p>V\u00ec v\u1eady, t\u1ea1i sao kh\u00f4ng kh\u00e1m ph\u00e1 th\u00eam v\u1ebb \u0111\u1eb9p c\u1ee7a Kannada? V\u1edbi ni\u1ec1m \u0111am m\u00ea v\u00e0 s\u1ef1 t\u00f2 m\u00f2, b\u1ea1n c\u00f3 th\u1ec3 s\u1edbm th\u1ea5y m\u00ecnh th\u01b0\u1edfng th\u1ee9c v\u0103n h\u1ecdc, \u0111i\u1ec7n \u1ea3nh v\u00e0 \u00e2m nh\u1ea1c l\u1ed9ng l\u1eaby b\u1eb1ng ng\u00f4n ng\u1eef h\u00f9ng v\u0129 n\u00e0y. Ch\u00fac b\u1ea1n h\u1ecdc t\u1eadp vui v\u1ebb!<\/p>\n<\/div><\/div>\n\r\n<section class=\"learnNavigationSection\">\r\n            \r\n        <a href=\"https:\/\/talkpal.ai\/vi\/hoc-tieng-kannada\/\">\r\n            <div class=\"learnNavigationWrapper\">\r\n                <div class=\"learnNavigationContent\">\r\n                    <img decoding=\"async\" src=\"https:\/\/talkpal.ai\/wp-content\/uploads\/2024\/08\/Kannada.jpg\" alt=\"Indian Simplified Flag\">\r\n                    <div>\r\n                        <h4>Gi\u1edbi thi\u1ec7u v\u1ec1 H\u1ecdc ti\u1ebfng Kannada<\/h4>\r\n                        <p>T\u00ecm hi\u1ec3u t\u1ea5t c\u1ea3 v\u1ec1 ng\u1eef ph\u00e1p ti\u1ebfng Kannada.<\/p>\r\n                    <\/div>\r\n                <\/div>\r\n            <\/div>\r\n        <\/a>\r\n\r\n        \r\n        <a href=\"https:\/\/talkpal.ai\/vi\/bai-tap-ngu-phap-kannada\/\">\r\n            <div class=\"learnNavigationWrapper\">\r\n                <div class=\"learnNavigationContent\">\r\n                    <img decoding=\"async\" src=\"https:\/\/talkpal.ai\/wp-content\/uploads\/2024\/08\/Kannada.jpg\" alt=\"Indian Simplified Flag\">\r\n                    <div>\r\n                        <h4>B\u00e0i t\u1eadp ng\u1eef ph\u00e1p Kannada<\/h4>\r\n                        <p>Th\u1ef1c h\u00e0nh ng\u1eef ph\u00e1p ti\u1ebfng Kannada.<\/p>\r\n                    <\/div>\r\n                <\/div>\r\n            <\/div>\r\n        <\/a>\r\n\r\n        \r\n        <a href=\"https:\/\/talkpal.ai\/vocabulary_language\/kannada\/\">\r\n            <div class=\"learnNavigationWrapper\">\r\n                <div class=\"learnNavigationContent\">\r\n                    <img decoding=\"async\" src=\"https:\/\/talkpal.ai\/wp-content\/uploads\/2024\/08\/Kannada.jpg\" alt=\"Indian Simplified Flag\">\r\n                    <div>\r\n                        <h4>T\u1eeb v\u1ef1ng Kannada<\/h4>\r\n                        <p>M\u1edf r\u1ed9ng v\u1ed1n t\u1eeb v\u1ef1ng ti\u1ebfng Kannada c\u1ee7a b\u1ea1n.<\/p>\r\n                    <\/div>\r\n                <\/div>\r\n            <\/div>\r\n        <\/a>\r\n\r\n            <\/section>","protected":false},"excerpt":{"rendered":"<p>Ng\u1eef ph\u00e1p ti\u1ebfng Kannada: C\u00e1i nh\u00ecn s\u00e2u s\u1eafc v\u1ec1 s\u1ef1 phong ph\u00fa c\u1ee7a ng\u00f4n ng\u1eef Dravidian B\u1ea1n \u0111\u00e3 bao gi\u1edd t\u1ef1 h\u1ecfi v\u1ec1 s\u1ef1 \u0111a d\u1ea1ng ng\u00f4n ng\u1eef c\u1ee7a \u1ea4n \u0110\u1ed9 ch\u01b0a? L\u00e0 m\u1ed9t ng\u01b0\u1eddi \u0111am m\u00ea ng\u00f4n ng\u1eef ho\u1eb7c m\u1ed9t ng\u01b0\u1eddi h\u1ecdc t\u00f2 m\u00f2, b\u1ea1n c\u00f3 th\u1ec3 quan t\u00e2m \u0111\u1ebfn vi\u1ec7c xem x\u00e9t k\u1ef9 [&hellip;]<\/p>\n","protected":false},"author":1,"featured_media":1442216,"parent":0,"menu_order":0,"comment_status":"closed","ping_status":"closed","template":"LearningContentPage.php","meta":{"_acf_changed":false,"footnotes":""},"class_list":["post-1442215","page","type-page","status-publish","has-post-thumbnail","hentry"],"acf":[],"yoast_head":"<!-- This site is optimized with the Yoast SEO Premium plugin v27.2 (Yoast SEO v27.2) - https:\/\/yoast.com\/product\/yoast-seo-premium-wordpress\/ -->\n<title>Ng\u1eef ph\u00e1p Kannada - Talkpal<\/title>\n<meta name=\"description\" content=\"T\u1ef1 tin h\u1ecdc ng\u1eef ph\u00e1p Kannada - hi\u1ec3u c\u00e1c quy t\u1eafc ch\u00ednh, m\u00e0i gi\u0169a c\u1ea5u tr\u00fac c\u00e2u v\u00e0 t\u0103ng c\u01b0\u1eddng s\u1ef1 tr\u00f4i ch\u1ea3y\" \/>\n<meta name=\"robots\" content=\"index, follow, max-snippet:-1, max-image-preview:large, max-video-preview:-1\" \/>\n<link rel=\"canonical\" href=\"https:\/\/talkpal.ai\/vi\/ngu-phap-kannada\/\" \/>\n<meta property=\"og:locale\" content=\"vi_VN\" \/>\n<meta property=\"og:type\" content=\"article\" \/>\n<meta property=\"og:title\" content=\"Ng\u1eef ph\u00e1p Kannada\" \/>\n<meta property=\"og:description\" content=\"Ng\u1eef ph\u00e1p ti\u1ebfng Kannada: C\u00e1i nh\u00ecn s\u00e2u s\u1eafc v\u1ec1 s\u1ef1 phong ph\u00fa c\u1ee7a ng\u00f4n ng\u1eef Dravidian B\u1ea1n \u0111\u00e3 bao gi\u1edd t\u1ef1 h\u1ecfi v\u1ec1 s\u1ef1 \u0111a d\u1ea1ng ng\u00f4n ng\u1eef c\u1ee7a \u1ea4n \u0110\u1ed9 ch\u01b0a? L\u00e0 m\u1ed9t ng\u01b0\u1eddi\" \/>\n<meta property=\"og:url\" content=\"https:\/\/talkpal.ai\/vi\/ngu-phap-kannada\/\" \/>\n<meta property=\"og:site_name\" content=\"Talkpal\" \/>\n<meta property=\"article:publisher\" content=\"https:\/\/www.facebook.com\/profile.php?id=100090733639311\" \/>\n<meta property=\"article:modified_time\" content=\"2025-12-11T16:20:00+00:00\" \/>\n<meta property=\"og:image\" content=\"https:\/\/talkpal.ai\/wp-content\/uploads\/2023\/05\/Kannada-india.png\" \/>\n\t<meta property=\"og:image:width\" content=\"512\" \/>\n\t<meta property=\"og:image:height\" content=\"512\" \/>\n\t<meta property=\"og:image:type\" content=\"image\/png\" \/>\n<meta name=\"twitter:card\" content=\"summary_large_image\" \/>\n<meta name=\"twitter:site\" content=\"@talkpalai\" \/>\n<meta name=\"twitter:label1\" content=\"Est. reading time\" \/>\n\t<meta name=\"twitter:data1\" content=\"5 minutes\" \/>\n<script type=\"application\/ld+json\" class=\"yoast-schema-graph\">{\"@context\":\"https:\/\/schema.org\",\"@graph\":[{\"@type\":\"WebPage\",\"@id\":\"https:\/\/talkpal.ai\/vi\/ngu-phap-kannada\/\",\"url\":\"https:\/\/talkpal.ai\/vi\/ngu-phap-kannada\/\",\"name\":\"Ng\u1eef ph\u00e1p Kannada - Talkpal\",\"isPartOf\":{\"@id\":\"https:\/\/talkpal.ai\/vi\/#website\"},\"primaryImageOfPage\":{\"@id\":\"https:\/\/talkpal.ai\/vi\/ngu-phap-kannada\/#primaryimage\"},\"image\":{\"@id\":\"https:\/\/talkpal.ai\/vi\/ngu-phap-kannada\/#primaryimage\"},\"thumbnailUrl\":\"https:\/\/talkpal.ai\/wp-content\/uploads\/2023\/05\/Kannada-india.png\",\"datePublished\":\"2023-05-14T14:09:47+00:00\",\"dateModified\":\"2025-12-11T16:20:00+00:00\",\"description\":\"T\u1ef1 tin h\u1ecdc ng\u1eef ph\u00e1p Kannada - hi\u1ec3u c\u00e1c quy t\u1eafc ch\u00ednh, m\u00e0i gi\u0169a c\u1ea5u tr\u00fac c\u00e2u v\u00e0 t\u0103ng c\u01b0\u1eddng s\u1ef1 tr\u00f4i ch\u1ea3y\",\"breadcrumb\":{\"@id\":\"https:\/\/talkpal.ai\/vi\/ngu-phap-kannada\/#breadcrumb\"},\"inLanguage\":\"vi-VN\",\"potentialAction\":[{\"@type\":\"ReadAction\",\"target\":[\"https:\/\/talkpal.ai\/vi\/ngu-phap-kannada\/\"]}]},{\"@type\":\"ImageObject\",\"inLanguage\":\"vi-VN\",\"@id\":\"https:\/\/talkpal.ai\/vi\/ngu-phap-kannada\/#primaryimage\",\"url\":\"https:\/\/talkpal.ai\/wp-content\/uploads\/2023\/05\/Kannada-india.png\",\"contentUrl\":\"https:\/\/talkpal.ai\/wp-content\/uploads\/2023\/05\/Kannada-india.png\",\"width\":512,\"height\":512,\"caption\":\"TalkPal Kannada Flag\"},{\"@type\":\"BreadcrumbList\",\"@id\":\"https:\/\/talkpal.ai\/vi\/ngu-phap-kannada\/#breadcrumb\",\"itemListElement\":[{\"@type\":\"ListItem\",\"position\":1,\"name\":\"Homepage\",\"item\":\"https:\/\/talkpal.ai\/vi\/giao-vien-ngon-ngu-ai-3\/\"},{\"@type\":\"ListItem\",\"position\":2,\"name\":\"Ng\u1eef ph\u00e1p Kannada\"}]},{\"@type\":\"WebSite\",\"@id\":\"https:\/\/talkpal.ai\/vi\/#website\",\"url\":\"https:\/\/talkpal.ai\/vi\/\",\"name\":\"Talkpal\",\"description\":\"AI Language Learning\",\"publisher\":{\"@id\":\"https:\/\/talkpal.ai\/vi\/#organization\"},\"alternateName\":\"Talkpal AI\",\"potentialAction\":[{\"@type\":\"SearchAction\",\"target\":{\"@type\":\"EntryPoint\",\"urlTemplate\":\"https:\/\/talkpal.ai\/vi\/?s={search_term_string}\"},\"query-input\":{\"@type\":\"PropertyValueSpecification\",\"valueRequired\":true,\"valueName\":\"search_term_string\"}}],\"inLanguage\":\"vi-VN\"},{\"@type\":\"Organization\",\"@id\":\"https:\/\/talkpal.ai\/vi\/#organization\",\"name\":\"Talkpal, Inc.\",\"alternateName\":\"Talkpal AI\",\"url\":\"https:\/\/talkpal.ai\/vi\/\",\"logo\":{\"@type\":\"ImageObject\",\"inLanguage\":\"vi-VN\",\"@id\":\"https:\/\/talkpal.ai\/vi\/#\/schema\/logo\/image\/\",\"url\":\"https:\/\/talkpal.ai\/wp-content\/uploads\/2024\/03\/Talkpal-Logo-Icon.png\",\"contentUrl\":\"https:\/\/talkpal.ai\/wp-content\/uploads\/2024\/03\/Talkpal-Logo-Icon.png\",\"width\":2880,\"height\":2880,\"caption\":\"Talkpal, Inc.\"},\"image\":{\"@id\":\"https:\/\/talkpal.ai\/vi\/#\/schema\/logo\/image\/\"},\"sameAs\":[\"https:\/\/www.facebook.com\/profile.php?id=100090733639311\",\"https:\/\/x.com\/talkpalai\",\"https:\/\/www.linkedin.com\/company\/talkpal\/\",\"https:\/\/www.youtube.com\/@TalkPal\/\",\"https:\/\/www.tiktok.com\/@talkpal\",\"https:\/\/www.instagram.com\/talkpal_ai\/\",\"https:\/\/www.crunchbase.com\/organization\/talkpal-9cde\",\"https:\/\/www.g2.com\/products\/talkpal-for-business\/\",\"https:\/\/www.trustpilot.com\/review\/talkpal.ai\",\"https:\/\/www.capterra.com\/p\/10006800\/TalkPal\/\"],\"description\":\"Talkpal is a language learning web and mobile education app, powered by the latest AI technologies, that provides engaging experiences to its customers in many different languages to help them improve their language skills. Users can chat about unlimited amount of topics with the app and use other modes to practice their language learning.\",\"email\":\"support@talkpal.ai\",\"legalName\":\"Talkpal, Inc.\",\"foundingDate\":\"2023-04-03\",\"duns\":\"118989042\",\"numberOfEmployees\":{\"@type\":\"QuantitativeValue\",\"minValue\":\"11\",\"maxValue\":\"50\"},\"publishingPrinciples\":\"https:\/\/talkpal.ai\/publishing-principles\/\",\"actionableFeedbackPolicy\":\"https:\/\/talkpal.ai\/actionable-feedback-policy\/\",\"correctionsPolicy\":\"https:\/\/talkpal.ai\/corrections-policy\/\",\"ethicsPolicy\":\"https:\/\/talkpal.ai\/ethics-policy\/\",\"diversityPolicy\":\"https:\/\/talkpal.ai\/diversity-policy\/\",\"diversityStaffingReport\":\"https:\/\/talkpal.ai\/diversity-policy\/\"}]}<\/script>\n<!-- \/ Yoast SEO Premium plugin. -->","yoast_head_json":{"title":"Ng\u1eef ph\u00e1p Kannada - Talkpal","description":"T\u1ef1 tin h\u1ecdc ng\u1eef ph\u00e1p Kannada - hi\u1ec3u c\u00e1c quy t\u1eafc ch\u00ednh, m\u00e0i gi\u0169a c\u1ea5u tr\u00fac c\u00e2u v\u00e0 t\u0103ng c\u01b0\u1eddng s\u1ef1 tr\u00f4i ch\u1ea3y","robots":{"index":"index","follow":"follow","max-snippet":"max-snippet:-1","max-image-preview":"max-image-preview:large","max-video-preview":"max-video-preview:-1"},"canonical":"https:\/\/talkpal.ai\/vi\/ngu-phap-kannada\/","og_locale":"vi_VN","og_type":"article","og_title":"Ng\u1eef ph\u00e1p Kannada","og_description":"Ng\u1eef ph\u00e1p ti\u1ebfng Kannada: C\u00e1i nh\u00ecn s\u00e2u s\u1eafc v\u1ec1 s\u1ef1 phong ph\u00fa c\u1ee7a ng\u00f4n ng\u1eef Dravidian B\u1ea1n \u0111\u00e3 bao gi\u1edd t\u1ef1 h\u1ecfi v\u1ec1 s\u1ef1 \u0111a d\u1ea1ng ng\u00f4n ng\u1eef c\u1ee7a \u1ea4n \u0110\u1ed9 ch\u01b0a? L\u00e0 m\u1ed9t ng\u01b0\u1eddi","og_url":"https:\/\/talkpal.ai\/vi\/ngu-phap-kannada\/","og_site_name":"Talkpal","article_publisher":"https:\/\/www.facebook.com\/profile.php?id=100090733639311","article_modified_time":"2025-12-11T16:20:00+00:00","og_image":[{"width":512,"height":512,"url":"https:\/\/talkpal.ai\/wp-content\/uploads\/2023\/05\/Kannada-india.png","type":"image\/png"}],"twitter_card":"summary_large_image","twitter_site":"@talkpalai","twitter_misc":{"Est. reading time":"5 minutes"},"schema":{"@context":"https:\/\/schema.org","@graph":[{"@type":"WebPage","@id":"https:\/\/talkpal.ai\/vi\/ngu-phap-kannada\/","url":"https:\/\/talkpal.ai\/vi\/ngu-phap-kannada\/","name":"Ng\u1eef ph\u00e1p Kannada - Talkpal","isPartOf":{"@id":"https:\/\/talkpal.ai\/vi\/#website"},"primaryImageOfPage":{"@id":"https:\/\/talkpal.ai\/vi\/ngu-phap-kannada\/#primaryimage"},"image":{"@id":"https:\/\/talkpal.ai\/vi\/ngu-phap-kannada\/#primaryimage"},"thumbnailUrl":"https:\/\/talkpal.ai\/wp-content\/uploads\/2023\/05\/Kannada-india.png","datePublished":"2023-05-14T14:09:47+00:00","dateModified":"2025-12-11T16:20:00+00:00","description":"T\u1ef1 tin h\u1ecdc ng\u1eef ph\u00e1p Kannada - hi\u1ec3u c\u00e1c quy t\u1eafc ch\u00ednh, m\u00e0i gi\u0169a c\u1ea5u tr\u00fac c\u00e2u v\u00e0 t\u0103ng c\u01b0\u1eddng s\u1ef1 tr\u00f4i ch\u1ea3y","breadcrumb":{"@id":"https:\/\/talkpal.ai\/vi\/ngu-phap-kannada\/#breadcrumb"},"inLanguage":"vi-VN","potentialAction":[{"@type":"ReadAction","target":["https:\/\/talkpal.ai\/vi\/ngu-phap-kannada\/"]}]},{"@type":"ImageObject","inLanguage":"vi-VN","@id":"https:\/\/talkpal.ai\/vi\/ngu-phap-kannada\/#primaryimage","url":"https:\/\/talkpal.ai\/wp-content\/uploads\/2023\/05\/Kannada-india.png","contentUrl":"https:\/\/talkpal.ai\/wp-content\/uploads\/2023\/05\/Kannada-india.png","width":512,"height":512,"caption":"TalkPal Kannada Flag"},{"@type":"BreadcrumbList","@id":"https:\/\/talkpal.ai\/vi\/ngu-phap-kannada\/#breadcrumb","itemListElement":[{"@type":"ListItem","position":1,"name":"Homepage","item":"https:\/\/talkpal.ai\/vi\/giao-vien-ngon-ngu-ai-3\/"},{"@type":"ListItem","position":2,"name":"Ng\u1eef ph\u00e1p Kannada"}]},{"@type":"WebSite","@id":"https:\/\/talkpal.ai\/vi\/#website","url":"https:\/\/talkpal.ai\/vi\/","name":"Talkpal","description":"AI Language Learning","publisher":{"@id":"https:\/\/talkpal.ai\/vi\/#organization"},"alternateName":"Talkpal AI","potentialAction":[{"@type":"SearchAction","target":{"@type":"EntryPoint","urlTemplate":"https:\/\/talkpal.ai\/vi\/?s={search_term_string}"},"query-input":{"@type":"PropertyValueSpecification","valueRequired":true,"valueName":"search_term_string"}}],"inLanguage":"vi-VN"},{"@type":"Organization","@id":"https:\/\/talkpal.ai\/vi\/#organization","name":"Talkpal, Inc.","alternateName":"Talkpal AI","url":"https:\/\/talkpal.ai\/vi\/","logo":{"@type":"ImageObject","inLanguage":"vi-VN","@id":"https:\/\/talkpal.ai\/vi\/#\/schema\/logo\/image\/","url":"https:\/\/talkpal.ai\/wp-content\/uploads\/2024\/03\/Talkpal-Logo-Icon.png","contentUrl":"https:\/\/talkpal.ai\/wp-content\/uploads\/2024\/03\/Talkpal-Logo-Icon.png","width":2880,"height":2880,"caption":"Talkpal, Inc."},"image":{"@id":"https:\/\/talkpal.ai\/vi\/#\/schema\/logo\/image\/"},"sameAs":["https:\/\/www.facebook.com\/profile.php?id=100090733639311","https:\/\/x.com\/talkpalai","https:\/\/www.linkedin.com\/company\/talkpal\/","https:\/\/www.youtube.com\/@TalkPal\/","https:\/\/www.tiktok.com\/@talkpal","https:\/\/www.instagram.com\/talkpal_ai\/","https:\/\/www.crunchbase.com\/organization\/talkpal-9cde","https:\/\/www.g2.com\/products\/talkpal-for-business\/","https:\/\/www.trustpilot.com\/review\/talkpal.ai","https:\/\/www.capterra.com\/p\/10006800\/TalkPal\/"],"description":"Talkpal is a language learning web and mobile education app, powered by the latest AI technologies, that provides engaging experiences to its customers in many different languages to help them improve their language skills. Users can chat about unlimited amount of topics with the app and use other modes to practice their language learning.","email":"support@talkpal.ai","legalName":"Talkpal, Inc.","foundingDate":"2023-04-03","duns":"118989042","numberOfEmployees":{"@type":"QuantitativeValue","minValue":"11","maxValue":"50"},"publishingPrinciples":"https:\/\/talkpal.ai\/publishing-principles\/","actionableFeedbackPolicy":"https:\/\/talkpal.ai\/actionable-feedback-policy\/","correctionsPolicy":"https:\/\/talkpal.ai\/corrections-policy\/","ethicsPolicy":"https:\/\/talkpal.ai\/ethics-policy\/","diversityPolicy":"https:\/\/talkpal.ai\/diversity-policy\/","diversityStaffingReport":"https:\/\/talkpal.ai\/diversity-policy\/"}]}},"_links":{"self":[{"href":"https:\/\/talkpal.ai\/vi\/wp-json\/wp\/v2\/pages\/1442215","targetHints":{"allow":["GET"]}}],"collection":[{"href":"https:\/\/talkpal.ai\/vi\/wp-json\/wp\/v2\/pages"}],"about":[{"href":"https:\/\/talkpal.ai\/vi\/wp-json\/wp\/v2\/types\/page"}],"author":[{"embeddable":true,"href":"https:\/\/talkpal.ai\/vi\/wp-json\/wp\/v2\/users\/1"}],"replies":[{"embeddable":true,"href":"https:\/\/talkpal.ai\/vi\/wp-json\/wp\/v2\/comments?post=1442215"}],"version-history":[{"count":0,"href":"https:\/\/talkpal.ai\/vi\/wp-json\/wp\/v2\/pages\/1442215\/revisions"}],"wp:featuredmedia":[{"embeddable":true,"href":"https:\/\/talkpal.ai\/vi\/wp-json\/wp\/v2\/media\/1442216"}],"wp:attachment":[{"href":"https:\/\/talkpal.ai\/vi\/wp-json\/wp\/v2\/media?parent=1442215"}],"curies":[{"name":"wp","href":"https:\/\/api.w.org\/{rel}","templated":true}]}}