{"id":1442212,"date":"2023-05-14T14:11:00","date_gmt":"2023-05-14T14:11:00","guid":{"rendered":"https:\/\/talkpal.ai\/ngu-phap-kazakhstan\/"},"modified":"2025-12-17T17:17:51","modified_gmt":"2025-12-17T17:17:51","slug":"ngu-phap-kazakhstan","status":"publish","type":"page","link":"https:\/\/talkpal.ai\/vi\/ngu-phap-kazakhstan\/","title":{"rendered":"Ng\u1eef ph\u00e1p Kazakhstan"},"content":{"rendered":"\r\n\r\n\r\n<section class=\"languageChallengeSection\">\r\n    <div class=\"languageInfoWrapper\">\r\n        \r\n        <h1>Ng\u1eef ph\u00e1p Kazakhstan<\/h1>\r\n        <p>H\u1ecdc ti\u1ebfng <a href=\"https:\/\/talkpal.ai\/learn-kazakh\/\">Kazakhstan<\/a> m\u1edf ra c\u00e1nh c\u1eeda cho m\u1ed9t <a href=\"https:\/\/talkpal.ai\/vi\/hoc-ngon-ngu-cho-cac-truong-ngon-ngu\/\">ng\u00f4n ng\u1eef<\/a> gi\u00e0u l\u1ecbch s\u1eed v\u00e0 v\u0103n h\u00f3a, v\u00e0 trung t\u00e2m c\u1ee7a n\u00f3 l\u00e0 m\u1ed9t h\u1ec7 th\u1ed1ng <a href=\"https:\/\/talkpal.ai\/vi\/ngu-phap\/\">ng\u1eef ph\u00e1p<\/a> h\u1ea5p d\u1eabn. M\u1eb7c d\u00f9 <a href=\"https:\/\/talkpal.ai\/vi\/ngu-phap\/\">ng\u1eef ph\u00e1p<\/a> Kazakhstan tho\u1ea1t nghe c\u00f3 v\u1ebb ph\u1ee9c t\u1ea1p, nh\u01b0ng vi\u1ec7c hi\u1ec3u c\u00e1c \u0111\u1eb7c \u0111i\u1ec3m c\u1ed1t l\u00f5i c\u1ee7a n\u00f3 \u2014 nh\u01b0 h\u00f2a \u00e2m nguy\u00ean \u00e2m, tr\u01b0\u1eddng h\u1ee3p danh t\u1eeb v\u00e0 th\u00ec \u0111\u1ed9ng t\u1eeb &#8211; l\u00e0m cho vi\u1ec7c th\u00e0nh th\u1ea1o ng\u00f4n ng\u1eef n\u00e0y tr\u1edf n\u00ean d\u1ec5 \u0111\u1ea1t \u0111\u01b0\u1ee3c v\u00e0 b\u1ed5 \u00edch. \u0110i s\u00e2u v\u00e0o v\u00e0 kh\u00e1m ph\u00e1 \u0111i\u1ec1u g\u00ec l\u00e0m cho Kazakhstan tr\u1edf n\u00ean \u0111\u1ed9c \u0111\u00e1o!<\/p>\r\n\r\n                            <a class=\"getStartedHidden\" href=\"https:\/\/app.talkpal.ai\/vi\/signup?lng=\">B\u1eaft \u0111\u1ea7u nh\u00e9<\/a>\r\n        \r\n    <\/div>\r\n\r\n    <figure>\r\n    <img decoding=\"async\" width=\"768\" height=\"768\" src=\"https:\/\/talkpal.ai\/wp-content\/uploads\/2023\/06\/Khazak-768x768.png\" class=\"languageImage no-lazy\" alt=\"Language learning for increased negotiation skills\" fetchpriority=\"high\" sizes=\"(max-width: 768px) 150px, 768px\" srcset=\"https:\/\/talkpal.ai\/wp-content\/uploads\/2023\/06\/Khazak-768x768.png 768w, https:\/\/talkpal.ai\/wp-content\/uploads\/2023\/06\/Khazak-300x300.png 300w\" \/>\r\n    \r\n\r\n    <\/figure>\r\n\r\n            <a class=\"getStartedVisible\" href=\"https:\/\/app.talkpal.ai\/vi\/signup?lng=\">B\u1eaft \u0111\u1ea7u nh\u00e9<\/a>\r\n    \r\n<\/section>\r\n<section class=\"promotionalBanner\">\r\n    <p class=\"promotionalText\">C\u00e1ch hi\u1ec7u qu\u1ea3 nh\u1ea5t \u0111\u1ec3 h\u1ecdc m\u1ed9t ng\u00f4n ng\u1eef<\/p>\r\n    <a class=\"promotionalLink\" href=\"https:\/\/app.talkpal.ai\/vi\/signup?lng=\">D\u00f9ng th\u1eed Talkpal mi\u1ec5n ph\u00ed<\/a>\r\n<\/section>\n<div class=\"wp-block-group pageContainerStyle\"><div class=\"wp-block-group__inner-container is-layout-constrained wp-block-group-is-layout-constrained\">\n<h2 class=\"wp-block-heading\" id=\"h-kazakh-grammar-unlocking-the-secrets-of-the-kazakh-language\">Ng\u1eef ph\u00e1p Kazakhstan: M\u1edf kh\u00f3a b\u00ed m\u1eadt c\u1ee7a ng\u00f4n ng\u1eef Kazakhstan<\/h2>\n\n\n\n<p>Khi n\u00f3i \u0111\u1ebfn vi\u1ec7c <a href=\"https:\/\/talkpal.ai\/vi\/ung-dung-mien-phi-de-hoc-ngon-ngu\/\">h\u1ecdc ng\u00f4n ng\u1eef<\/a> Kazakhstan, hi\u1ec3u nh\u1eefng ki\u1ebfn th\u1ee9c c\u01a1 b\u1ea3n <a href=\"https:\/\/talkpal.ai\/vi\/ve\/\">v\u1ec1<\/a> ng\u1eef ph\u00e1p Kazakhstan l\u00e0 \u0111i\u1ec1u c\u1ea7n thi\u1ebft \u0111\u1ec3 m\u1edf kh\u00f3a b\u00ed m\u1eadt c\u1ee7a n\u00f3. M\u1eb7c d\u00f9 tho\u1ea1t nghe c\u00f3 v\u1ebb \u0111\u00e1ng s\u1ee3, nh\u01b0ng h\u1ec7 th\u1ed1ng ng\u1eef ph\u00e1p t\u1ef1 h\u00e0o c\u00f3 nh\u1eefng t\u00ednh n\u0103ng \u0111\u1ed9c \u0111\u00e1o khi\u1ebfn ng\u00f4n ng\u1eef tr\u1edf n\u00ean h\u1ea5p d\u1eabn. B\u00e0i vi\u1ebft n\u00e0y t\u00ecm c\u00e1ch l\u00e0m s\u00e1ng t\u1ecf c\u00e1c kh\u00eda c\u1ea1nh ch\u00ednh c\u1ee7a ng\u1eef ph\u00e1p Kazakhstan, cung c\u1ea5p ph\u1ea7n gi\u1edbi thi\u1ec7u h\u1ed9i tho\u1ea1i v\u00e0 kh\u00f4ng ch\u00ednh th\u1ee9c v\u1ec1 c\u1ea5u tr\u00fac phong ph\u00fa c\u1ee7a ng\u00f4n ng\u1eef.<\/p>\n\n\n\n<h3 class=\"wp-block-heading\" id=\"h-1-nouns-harmony-in-cases-and-declensions\">1. Danh t\u1eeb &#8211; H\u00e0i h\u00f2a trong c\u00e1c tr\u01b0\u1eddng h\u1ee3p v\u00e0 s\u1ef1 bi\u1ebfn d\u1ea1ng<\/h3>\n\n\n\n<p>M\u1ed9t trong nh\u1eefng \u0111i\u1ec1u \u0111\u1ea7u ti\u00ean c\u1ea7n xem x\u00e9t trong ng\u1eef ph\u00e1p Kazakhstan l\u00e0 c\u1ea5u tr\u00fac c\u1ee7a danh t\u1eeb. Ng\u00f4n ng\u1eef n\u00e0y s\u1eed d\u1ee5ng h\u1ec7 th\u1ed1ng h\u00f2a \u00e2m nguy\u00ean \u00e2m, trong \u0111\u00f3 nguy\u00ean \u00e2m \u1edf ph\u00eda tr\u01b0\u1edbc ho\u1eb7c ph\u00eda sau, v\u00e0 c\u00e1c t\u1ed5 h\u1ee3p h\u00e0i h\u00f2a \u0111\u01b0\u1ee3c \u01b0u ti\u00ean h\u01a1n. H\u1ec7 th\u1ed1ng n\u00e0y g\u1eafn li\u1ec1n v\u1edbi danh t\u1eeb s\u1ed1 nhi\u1ec1u, \u0111\u01b0\u1ee3c h\u00ecnh th\u00e0nh th\u00f4ng qua c\u00e1c h\u1eadu t\u1ed1 kh\u00e1c nhau ph\u00f9 h\u1ee3p v\u1edbi nh\u00f3m h\u00e0i h\u00f2a c\u1ee7a danh t\u1eeb ban \u0111\u1ea7u.<\/p>\n\n\n\n<p>Danh t\u1eeb Kazakhstan tu\u00e2n theo b\u1ea3y tr\u01b0\u1eddng h\u1ee3p: danh ngh\u0129a, sinh d\u1ee5c, dative, accusative, locative, ablative v\u00e0 instrumental. M\u1eb7c d\u00f9 ban \u0111\u1ea7u kh\u00f3 kh\u0103n, nh\u01b0ng vi\u1ec7c th\u00e0nh th\u1ea1o nh\u1eefng tr\u01b0\u1eddng h\u1ee3p n\u00e0y l\u00e0 r\u1ea5t quan tr\u1ecdng trong vi\u1ec7c h\u00ecnh th\u00e0nh c\u1ea5u tr\u00fac c\u00e2u ch\u00ednh x\u00e1c. C\u00e1c tr\u01b0\u1eddng h\u1ee3p x\u00e1c \u0111\u1ecbnh m\u1ed1i quan h\u1ec7 gi\u1eefa c\u00e1c t\u1eeb, cho ph\u00e9p linh ho\u1ea1t trong tr\u1eadt t\u1ef1 t\u1eeb m\u00e0 kh\u00f4ng l\u00e0m m\u1ea5t \u00fd ngh\u0129a.<\/p>\n\n\n\n<h3 class=\"wp-block-heading\" id=\"h-2-adjectives-agreement-and-comparison\">2. T\u00ednh t\u1eeb &#8211; Th\u1ecfa thu\u1eadn v\u00e0 so s\u00e1nh<\/h3>\n\n\n\n<p>T\u00ednh t\u1eeb ti\u1ebfng Kazakhstan \u0111\u01b0\u1ee3c s\u1eed d\u1ee5ng \u0111\u1ec3 m\u00f4 t\u1ea3 v\u00e0 cung c\u1ea5p th\u00eam th\u00f4ng tin v\u1ec1 danh t\u1eeb. H\u1ecd ph\u1ea3i \u0111\u1ed3ng \u00fd v\u1edbi danh t\u1eeb m\u00e0 h\u1ecd s\u1eeda \u0111\u1ed5i v\u1ec1 ch\u1eef hoa v\u00e0 s\u1ed1. Ngo\u00e0i ra, t\u00ednh t\u1eeb c\u00f3 th\u1ec3 \u0111\u01b0\u1ee3c so s\u00e1nh b\u1eb1ng c\u00e1ch s\u1eed d\u1ee5ng c\u00e1c m\u1ee9c \u0111\u1ed9 so s\u00e1nh v\u00e0 cao nh\u1ea5t, \u0111\u1ea1t \u0111\u01b0\u1ee3c b\u1eb1ng c\u00e1ch th\u00eam c\u00e1c h\u1eadu t\u1ed1 t\u01b0\u01a1ng \u1ee9ng, \u0111\u1ec3 truy\u1ec1n \u0111\u1ea1t c\u00e1c m\u1ee9c \u0111\u1ed9 <a href=\"https:\/\/talkpal.ai\/vi\/nhan\/\">nh\u1ea5n m\u1ea1nh<\/a> kh\u00e1c nhau.<\/p>\n\n\n\n<p>V\u00ed d\u1ee5, t\u1eeb &#8220;\u0111\u1eb9p&#8221; trong ti\u1ebfng Kazakhstan l\u00e0 &#8220;\u0441\u044b\u04a3\u0448\u044b&#8221;. Khi m\u00f4 t\u1ea3 m\u1ed9t khu v\u01b0\u1eddn xinh \u0111\u1eb9p (\u0431\u0430\u049b), c\u1ee5m t\u1eeb s\u1ebd l\u00e0 &#8220;\u0441\u044b\u04a3\u0448\u044b \u0431\u0430\u049b&#8221;. \u0110\u1ec3 n\u00f3i &#8220;\u0111\u1eb9p h\u01a1n&#8221;, b\u1ea1n s\u1ebd s\u1eed d\u1ee5ng &#8220;\u0441\u044b\u04a3\u0448\u044b\u0440\u0430\u049b&#8221;, trong khi &#8220;\u0111\u1eb9p nh\u1ea5t&#8221; s\u1ebd \u0111\u01b0\u1ee3c t\u1ea1o th\u00e0nh b\u1eb1ng c\u00e1ch s\u1eed d\u1ee5ng &#8220;\u0441\u044b\u04a3\u0448\u044b&#8221;. \u0110\u1ec3 n\u00f3i &#8220;khu v\u01b0\u1eddn \u0111\u1eb9p nh\u1ea5t&#8221;, b\u1ea1n s\u1ebd s\u1eed d\u1ee5ng &#8220;\u0441\u044b\u04a3\u0448\u044b \u0431\u0430\u049b&#8221;.<\/p>\n\n\n\n<h3 class=\"wp-block-heading\" id=\"h-3-verbs-tense-mood-and-aspect\">3. \u0110\u1ed9ng t\u1eeb &#8211; Th\u00ec, T\u00e2m tr\u1ea1ng v\u00e0 Kh\u00eda c\u1ea1nh<\/h3>\n\n\n\n<p>\u0110\u1ed9ng t\u1eeb trong ti\u1ebfng Kazakhstan mi\u00eau t\u1ea3 th\u00ec, t\u00e2m tr\u1ea1ng v\u00e0 kh\u00eda c\u1ea1nh. Ng\u00f4n ng\u1eef n\u00e0y ch\u1ee9a ba th\u00ec ch\u00ednh: qu\u00e1 kh\u1ee9, hi\u1ec7n t\u1ea1i v\u00e0 t\u01b0\u01a1ng lai. M\u1ed7i th\u00ec c\u00f3 c\u00e1c d\u1ea1ng ri\u00eang bi\u1ec7t d\u1ef1a tr\u00ean \u0111\u1ea1i t\u1eeb ch\u1ee7 ng\u1eef, t\u00e2m tr\u1ea1ng (ch\u1eb3ng h\u1ea1n nh\u01b0 m\u1ec7nh l\u1ec7nh ho\u1eb7c \u0111i\u1ec1u ki\u1ec7n) v\u00e0 kh\u00eda c\u1ea1nh (cho d\u00f9 h\u00e0nh \u0111\u1ed9ng l\u00e0 ho\u00e0n h\u1ea3o, ph\u1ea3n \u00e1nh m\u1ed9t h\u00e0nh \u0111\u1ed9ng \u0111\u00e3 ho\u00e0n th\u00e0nh hay kh\u00f4ng ho\u00e0n h\u1ea3o, ch\u1ec9 h\u00e0nh \u0111\u1ed9ng \u0111ang di\u1ec5n ra ho\u1eb7c theo th\u00f3i quen).<\/p>\n\n\n\n<h3 class=\"wp-block-heading\" id=\"h-4-pronouns-personal-and-demonstrative\">4. \u0110\u1ea1i t\u1eeb &#8211; C\u00e1 nh\u00e2n v\u00e0 Bi\u1ec3u th\u1ecb<\/h3>\n\n\n\n<p>C\u00e1c \u0111\u1ea1i t\u1eeb trong ng\u1eef ph\u00e1p Kazakhstan bao g\u1ed3m c\u00e1c bi\u1ebfn th\u1ec3 c\u00e1 nh\u00e2n, s\u1edf h\u1eefu, bi\u1ec3u di\u1ec5n, nghi v\u1ea5n v\u00e0 t\u01b0\u01a1ng \u0111\u1ed1i. H\u1ecd ph\u1ea3i \u0111\u1ed3ng \u00fd trong tr\u01b0\u1eddng h\u1ee3p v\u00e0 s\u1ed1 v\u1edbi danh t\u1eeb m\u00e0 h\u1ecd tham chi\u1ebfu ho\u1eb7c thay th\u1ebf. V\u00ed d\u1ee5, \u0111\u1ea1i t\u1eeb bi\u1ec3u th\u1ecb c\u00f3 ba d\u1ea1ng: g\u1ea7n (\u0431\u04b1\u043b), trung gian (\u043e\u0441\u044b) v\u00e0 xa (\u0430\u043d\u0430\u0443), t\u00f9y thu\u1ed9c v\u00e0o kho\u1ea3ng c\u00e1ch \u0111\u1ebfn ng\u01b0\u1eddi n\u00f3i.<\/p>\n\n\n\n<h3 class=\"wp-block-heading\" id=\"h-5-embracing-the-uniqueness-of-kazakh-grammar\">5. N\u1eafm b\u1eaft t\u00ednh \u0111\u1ed9c \u0111\u00e1o c\u1ee7a ng\u1eef ph\u00e1p Kazakhstan<\/h3>\n\n\n\n<p>Khi b\u1ea1n b\u1eaft tay v\u00e0o h\u00e0nh tr\u00ecnh ng\u00f4n ng\u1eef Kazakhstan c\u1ee7a m\u00ecnh, h\u00e3y nh\u1edb r\u1eb1ng \u0111\u00f3 kh\u00f4ng ph\u1ea3i l\u00e0 vi\u1ec7c n\u1eafm v\u1eefng t\u1ea5t c\u1ea3 c\u00e1c s\u1eafc th\u00e1i c\u00f9ng m\u1ed9t l\u00fac. Th\u00edch th\u00fa khi kh\u00e1m ph\u00e1 h\u1ec7 th\u1ed1ng ng\u1eef ph\u00e1p \u0111\u1ed9c \u0111\u00e1o khi\u1ebfn Kazakhstan tr\u1edf n\u00ean kh\u00e1c bi\u1ec7t v\u00e0 d\u00e0nh th\u1eddi gian \u0111\u1ec3 hi\u1ec3u n\u00f3 m\u00e0 kh\u00f4ng c\u1ea3m th\u1ea5y cho\u00e1ng ng\u1ee3p.<\/p>\n\n\n\n<p>B\u1eb1ng c\u00e1ch \u0111\u00e1nh gi\u00e1 cao v\u00e0 kh\u00e1m ph\u00e1 nh\u1eefng \u0111\u1eb7c th\u00f9 c\u1ee7a ng\u1eef ph\u00e1p Kazakhstan, b\u1ea1n c\u00f3 th\u1ec3 th\u1ef1c s\u1ef1 m\u1edf kh\u00f3a v\u1ebb \u0111\u1eb9p c\u1ee7a ng\u00f4n ng\u1eef, ti\u1ebfp c\u1eadn nhi\u1ec1u h\u01a1n v\u1edbi di s\u1ea3n v\u0103n h\u00f3a phong ph\u00fa m\u00e0 n\u00f3 th\u1ec3 hi\u1ec7n. Ch\u00fac b\u1ea1n h\u1ecdc t\u1eadp vui v\u1ebb!<\/p>\n<\/div><\/div>\n\r\n<section class=\"learnNavigationSection\">\r\n            \r\n        <a href=\"https:\/\/talkpal.ai\/vi\/hoc-tieng-kazakh\/\">\r\n            <div class=\"learnNavigationWrapper\">\r\n                <div class=\"learnNavigationContent\">\r\n                    <img decoding=\"async\" src=\"https:\/\/talkpal.ai\/wp-content\/uploads\/2024\/08\/Kazakh.jpg\" alt=\"Kazakh Flag\">\r\n                    <div>\r\n                        <h4>Gi\u1edbi thi\u1ec7u v\u1ec1 Kazakhstan Learning<\/h4>\r\n                        <p>T\u00ecm hi\u1ec3u t\u1ea5t c\u1ea3 v\u1ec1 ng\u1eef ph\u00e1p ti\u1ebfng Kazakhstan.<\/p>\r\n                    <\/div>\r\n                <\/div>\r\n            <\/div>\r\n        <\/a>\r\n\r\n        \r\n        <a href=\"https:\/\/talkpal.ai\/vi\/bai-tap-ngu-phap-tieng-kazakhstan\/\">\r\n            <div class=\"learnNavigationWrapper\">\r\n                <div class=\"learnNavigationContent\">\r\n                    <img decoding=\"async\" src=\"https:\/\/talkpal.ai\/wp-content\/uploads\/2024\/08\/Kazakh.jpg\" alt=\"Kazakh Flag\">\r\n                    <div>\r\n                        <h4>B\u00e0i t\u1eadp ng\u1eef ph\u00e1p ti\u1ebfng Kazakhstan<\/h4>\r\n                        <p>Th\u1ef1c h\u00e0nh ng\u1eef ph\u00e1p ti\u1ebfng Kazakhstan.<\/p>\r\n                    <\/div>\r\n                <\/div>\r\n            <\/div>\r\n        <\/a>\r\n\r\n        \r\n        <a href=\"https:\/\/talkpal.ai\/vocabulary_language\/kazakh\/\">\r\n            <div class=\"learnNavigationWrapper\">\r\n                <div class=\"learnNavigationContent\">\r\n                    <img decoding=\"async\" src=\"https:\/\/talkpal.ai\/wp-content\/uploads\/2024\/08\/Kazakh.jpg\" alt=\"Kazakh Flag\">\r\n                    <div>\r\n                        <h4>T\u1eeb v\u1ef1ng Kazakhstan<\/h4>\r\n                        <p>M\u1edf r\u1ed9ng v\u1ed1n t\u1eeb v\u1ef1ng ti\u1ebfng Kazakhstan c\u1ee7a b\u1ea1n.<\/p>\r\n                    <\/div>\r\n                <\/div>\r\n            <\/div>\r\n        <\/a>\r\n\r\n            <\/section>","protected":false},"excerpt":{"rendered":"<p>Ng\u1eef ph\u00e1p Kazakhstan: M\u1edf kh\u00f3a b\u00ed m\u1eadt c\u1ee7a ng\u00f4n ng\u1eef Kazakhstan Khi n\u00f3i \u0111\u1ebfn vi\u1ec7c h\u1ecdc ng\u00f4n ng\u1eef Kazakhstan, hi\u1ec3u nh\u1eefng ki\u1ebfn th\u1ee9c c\u01a1 b\u1ea3n v\u1ec1 ng\u1eef ph\u00e1p Kazakhstan l\u00e0 \u0111i\u1ec1u c\u1ea7n thi\u1ebft \u0111\u1ec3 m\u1edf kh\u00f3a b\u00ed m\u1eadt c\u1ee7a n\u00f3. M\u1eb7c d\u00f9 tho\u1ea1t nghe c\u00f3 v\u1ebb \u0111\u00e1ng s\u1ee3, nh\u01b0ng h\u1ec7 th\u1ed1ng ng\u1eef ph\u00e1p t\u1ef1 h\u00e0o [&hellip;]<\/p>\n","protected":false},"author":1,"featured_media":1442213,"parent":0,"menu_order":0,"comment_status":"closed","ping_status":"closed","template":"LearningContentPage.php","meta":{"_acf_changed":false,"footnotes":""},"class_list":["post-1442212","page","type-page","status-publish","has-post-thumbnail","hentry"],"acf":[],"yoast_head":"<!-- This site is optimized with the Yoast SEO Premium plugin v27.2 (Yoast SEO v27.2) - https:\/\/yoast.com\/product\/yoast-seo-premium-wordpress\/ -->\n<title>Ng\u1eef ph\u00e1p Kazakhstan - Talkpal<\/title>\n<meta name=\"description\" content=\"N\u1eafm v\u1eefng ng\u1eef ph\u00e1p ti\u1ebfng Kazakhstan m\u1ed9t c\u00e1ch d\u1ec5 d\u00e0ng - h\u1ecdc c\u00e1c quy t\u1eafc c\u1ea7n thi\u1ebft, th\u1ef1c h\u00e0nh c\u1ea5u tr\u00fac c\u00e2u v\u00e0 n\u00e2ng cao s\u1ef1 l\u01b0u lo\u00e1t c\u1ee7a b\u1ea1n m\u1ed9t c\u00e1ch nhanh ch\u00f3ng\" \/>\n<meta name=\"robots\" content=\"index, follow, max-snippet:-1, max-image-preview:large, max-video-preview:-1\" \/>\n<link rel=\"canonical\" href=\"https:\/\/talkpal.ai\/vi\/ngu-phap-kazakhstan\/\" \/>\n<meta property=\"og:locale\" content=\"vi_VN\" \/>\n<meta property=\"og:type\" content=\"article\" \/>\n<meta property=\"og:title\" content=\"Ng\u1eef ph\u00e1p Kazakhstan\" \/>\n<meta property=\"og:description\" content=\"Ng\u1eef ph\u00e1p Kazakhstan: M\u1edf kh\u00f3a b\u00ed m\u1eadt c\u1ee7a ng\u00f4n ng\u1eef Kazakhstan Khi n\u00f3i \u0111\u1ebfn vi\u1ec7c h\u1ecdc ng\u00f4n ng\u1eef Kazakhstan, hi\u1ec3u nh\u1eefng ki\u1ebfn th\u1ee9c c\u01a1 b\u1ea3n v\u1ec1 ng\u1eef ph\u00e1p Kazakhstan\" \/>\n<meta property=\"og:url\" content=\"https:\/\/talkpal.ai\/vi\/ngu-phap-kazakhstan\/\" \/>\n<meta property=\"og:site_name\" content=\"Talkpal\" \/>\n<meta property=\"article:publisher\" content=\"https:\/\/www.facebook.com\/profile.php?id=100090733639311\" \/>\n<meta property=\"article:modified_time\" content=\"2025-12-17T17:17:51+00:00\" \/>\n<meta property=\"og:image\" content=\"https:\/\/talkpal.ai\/wp-content\/uploads\/2023\/05\/kazakhstan.png\" \/>\n\t<meta property=\"og:image:width\" content=\"512\" \/>\n\t<meta property=\"og:image:height\" content=\"512\" \/>\n\t<meta property=\"og:image:type\" content=\"image\/png\" \/>\n<meta name=\"twitter:card\" content=\"summary_large_image\" \/>\n<meta name=\"twitter:site\" content=\"@talkpalai\" \/>\n<meta name=\"twitter:label1\" content=\"Est. reading time\" \/>\n\t<meta name=\"twitter:data1\" content=\"5 minutes\" \/>\n<script type=\"application\/ld+json\" class=\"yoast-schema-graph\">{\"@context\":\"https:\/\/schema.org\",\"@graph\":[{\"@type\":\"WebPage\",\"@id\":\"https:\/\/talkpal.ai\/vi\/ngu-phap-kazakhstan\/\",\"url\":\"https:\/\/talkpal.ai\/vi\/ngu-phap-kazakhstan\/\",\"name\":\"Ng\u1eef ph\u00e1p Kazakhstan - Talkpal\",\"isPartOf\":{\"@id\":\"https:\/\/talkpal.ai\/vi\/#website\"},\"primaryImageOfPage\":{\"@id\":\"https:\/\/talkpal.ai\/vi\/ngu-phap-kazakhstan\/#primaryimage\"},\"image\":{\"@id\":\"https:\/\/talkpal.ai\/vi\/ngu-phap-kazakhstan\/#primaryimage\"},\"thumbnailUrl\":\"https:\/\/talkpal.ai\/wp-content\/uploads\/2023\/05\/kazakhstan.png\",\"datePublished\":\"2023-05-14T14:11:00+00:00\",\"dateModified\":\"2025-12-17T17:17:51+00:00\",\"description\":\"N\u1eafm v\u1eefng ng\u1eef ph\u00e1p ti\u1ebfng Kazakhstan m\u1ed9t c\u00e1ch d\u1ec5 d\u00e0ng - h\u1ecdc c\u00e1c quy t\u1eafc c\u1ea7n thi\u1ebft, th\u1ef1c h\u00e0nh c\u1ea5u tr\u00fac c\u00e2u v\u00e0 n\u00e2ng cao s\u1ef1 l\u01b0u lo\u00e1t c\u1ee7a b\u1ea1n m\u1ed9t c\u00e1ch nhanh ch\u00f3ng\",\"breadcrumb\":{\"@id\":\"https:\/\/talkpal.ai\/vi\/ngu-phap-kazakhstan\/#breadcrumb\"},\"inLanguage\":\"vi-VN\",\"potentialAction\":[{\"@type\":\"ReadAction\",\"target\":[\"https:\/\/talkpal.ai\/vi\/ngu-phap-kazakhstan\/\"]}]},{\"@type\":\"ImageObject\",\"inLanguage\":\"vi-VN\",\"@id\":\"https:\/\/talkpal.ai\/vi\/ngu-phap-kazakhstan\/#primaryimage\",\"url\":\"https:\/\/talkpal.ai\/wp-content\/uploads\/2023\/05\/kazakhstan.png\",\"contentUrl\":\"https:\/\/talkpal.ai\/wp-content\/uploads\/2023\/05\/kazakhstan.png\",\"width\":512,\"height\":512,\"caption\":\"TalkPal Kazakhstan Flag\"},{\"@type\":\"BreadcrumbList\",\"@id\":\"https:\/\/talkpal.ai\/vi\/ngu-phap-kazakhstan\/#breadcrumb\",\"itemListElement\":[{\"@type\":\"ListItem\",\"position\":1,\"name\":\"Homepage\",\"item\":\"https:\/\/talkpal.ai\/vi\/giao-vien-ngon-ngu-ai-3\/\"},{\"@type\":\"ListItem\",\"position\":2,\"name\":\"Ng\u1eef ph\u00e1p Kazakhstan\"}]},{\"@type\":\"WebSite\",\"@id\":\"https:\/\/talkpal.ai\/vi\/#website\",\"url\":\"https:\/\/talkpal.ai\/vi\/\",\"name\":\"Talkpal\",\"description\":\"AI Language Learning\",\"publisher\":{\"@id\":\"https:\/\/talkpal.ai\/vi\/#organization\"},\"alternateName\":\"Talkpal AI\",\"potentialAction\":[{\"@type\":\"SearchAction\",\"target\":{\"@type\":\"EntryPoint\",\"urlTemplate\":\"https:\/\/talkpal.ai\/vi\/?s={search_term_string}\"},\"query-input\":{\"@type\":\"PropertyValueSpecification\",\"valueRequired\":true,\"valueName\":\"search_term_string\"}}],\"inLanguage\":\"vi-VN\"},{\"@type\":\"Organization\",\"@id\":\"https:\/\/talkpal.ai\/vi\/#organization\",\"name\":\"Talkpal, Inc.\",\"alternateName\":\"Talkpal AI\",\"url\":\"https:\/\/talkpal.ai\/vi\/\",\"logo\":{\"@type\":\"ImageObject\",\"inLanguage\":\"vi-VN\",\"@id\":\"https:\/\/talkpal.ai\/vi\/#\/schema\/logo\/image\/\",\"url\":\"https:\/\/talkpal.ai\/wp-content\/uploads\/2024\/03\/Talkpal-Logo-Icon.png\",\"contentUrl\":\"https:\/\/talkpal.ai\/wp-content\/uploads\/2024\/03\/Talkpal-Logo-Icon.png\",\"width\":2880,\"height\":2880,\"caption\":\"Talkpal, Inc.\"},\"image\":{\"@id\":\"https:\/\/talkpal.ai\/vi\/#\/schema\/logo\/image\/\"},\"sameAs\":[\"https:\/\/www.facebook.com\/profile.php?id=100090733639311\",\"https:\/\/x.com\/talkpalai\",\"https:\/\/www.linkedin.com\/company\/talkpal\/\",\"https:\/\/www.youtube.com\/@TalkPal\/\",\"https:\/\/www.tiktok.com\/@talkpal\",\"https:\/\/www.instagram.com\/talkpal_ai\/\",\"https:\/\/www.crunchbase.com\/organization\/talkpal-9cde\",\"https:\/\/www.g2.com\/products\/talkpal-for-business\/\",\"https:\/\/www.trustpilot.com\/review\/talkpal.ai\",\"https:\/\/www.capterra.com\/p\/10006800\/TalkPal\/\"],\"description\":\"Talkpal is a language learning web and mobile education app, powered by the latest AI technologies, that provides engaging experiences to its customers in many different languages to help them improve their language skills. Users can chat about unlimited amount of topics with the app and use other modes to practice their language learning.\",\"email\":\"support@talkpal.ai\",\"legalName\":\"Talkpal, Inc.\",\"foundingDate\":\"2023-04-03\",\"duns\":\"118989042\",\"numberOfEmployees\":{\"@type\":\"QuantitativeValue\",\"minValue\":\"11\",\"maxValue\":\"50\"},\"publishingPrinciples\":\"https:\/\/talkpal.ai\/publishing-principles\/\",\"actionableFeedbackPolicy\":\"https:\/\/talkpal.ai\/actionable-feedback-policy\/\",\"correctionsPolicy\":\"https:\/\/talkpal.ai\/corrections-policy\/\",\"ethicsPolicy\":\"https:\/\/talkpal.ai\/ethics-policy\/\",\"diversityPolicy\":\"https:\/\/talkpal.ai\/diversity-policy\/\",\"diversityStaffingReport\":\"https:\/\/talkpal.ai\/diversity-policy\/\"}]}<\/script>\n<!-- \/ Yoast SEO Premium plugin. -->","yoast_head_json":{"title":"Ng\u1eef ph\u00e1p Kazakhstan - Talkpal","description":"N\u1eafm v\u1eefng ng\u1eef ph\u00e1p ti\u1ebfng Kazakhstan m\u1ed9t c\u00e1ch d\u1ec5 d\u00e0ng - h\u1ecdc c\u00e1c quy t\u1eafc c\u1ea7n thi\u1ebft, th\u1ef1c h\u00e0nh c\u1ea5u tr\u00fac c\u00e2u v\u00e0 n\u00e2ng cao s\u1ef1 l\u01b0u lo\u00e1t c\u1ee7a b\u1ea1n m\u1ed9t c\u00e1ch nhanh ch\u00f3ng","robots":{"index":"index","follow":"follow","max-snippet":"max-snippet:-1","max-image-preview":"max-image-preview:large","max-video-preview":"max-video-preview:-1"},"canonical":"https:\/\/talkpal.ai\/vi\/ngu-phap-kazakhstan\/","og_locale":"vi_VN","og_type":"article","og_title":"Ng\u1eef ph\u00e1p Kazakhstan","og_description":"Ng\u1eef ph\u00e1p Kazakhstan: M\u1edf kh\u00f3a b\u00ed m\u1eadt c\u1ee7a ng\u00f4n ng\u1eef Kazakhstan Khi n\u00f3i \u0111\u1ebfn vi\u1ec7c h\u1ecdc ng\u00f4n ng\u1eef Kazakhstan, hi\u1ec3u nh\u1eefng ki\u1ebfn th\u1ee9c c\u01a1 b\u1ea3n v\u1ec1 ng\u1eef ph\u00e1p Kazakhstan","og_url":"https:\/\/talkpal.ai\/vi\/ngu-phap-kazakhstan\/","og_site_name":"Talkpal","article_publisher":"https:\/\/www.facebook.com\/profile.php?id=100090733639311","article_modified_time":"2025-12-17T17:17:51+00:00","og_image":[{"width":512,"height":512,"url":"https:\/\/talkpal.ai\/wp-content\/uploads\/2023\/05\/kazakhstan.png","type":"image\/png"}],"twitter_card":"summary_large_image","twitter_site":"@talkpalai","twitter_misc":{"Est. reading time":"5 minutes"},"schema":{"@context":"https:\/\/schema.org","@graph":[{"@type":"WebPage","@id":"https:\/\/talkpal.ai\/vi\/ngu-phap-kazakhstan\/","url":"https:\/\/talkpal.ai\/vi\/ngu-phap-kazakhstan\/","name":"Ng\u1eef ph\u00e1p Kazakhstan - Talkpal","isPartOf":{"@id":"https:\/\/talkpal.ai\/vi\/#website"},"primaryImageOfPage":{"@id":"https:\/\/talkpal.ai\/vi\/ngu-phap-kazakhstan\/#primaryimage"},"image":{"@id":"https:\/\/talkpal.ai\/vi\/ngu-phap-kazakhstan\/#primaryimage"},"thumbnailUrl":"https:\/\/talkpal.ai\/wp-content\/uploads\/2023\/05\/kazakhstan.png","datePublished":"2023-05-14T14:11:00+00:00","dateModified":"2025-12-17T17:17:51+00:00","description":"N\u1eafm v\u1eefng ng\u1eef ph\u00e1p ti\u1ebfng Kazakhstan m\u1ed9t c\u00e1ch d\u1ec5 d\u00e0ng - h\u1ecdc c\u00e1c quy t\u1eafc c\u1ea7n thi\u1ebft, th\u1ef1c h\u00e0nh c\u1ea5u tr\u00fac c\u00e2u v\u00e0 n\u00e2ng cao s\u1ef1 l\u01b0u lo\u00e1t c\u1ee7a b\u1ea1n m\u1ed9t c\u00e1ch nhanh ch\u00f3ng","breadcrumb":{"@id":"https:\/\/talkpal.ai\/vi\/ngu-phap-kazakhstan\/#breadcrumb"},"inLanguage":"vi-VN","potentialAction":[{"@type":"ReadAction","target":["https:\/\/talkpal.ai\/vi\/ngu-phap-kazakhstan\/"]}]},{"@type":"ImageObject","inLanguage":"vi-VN","@id":"https:\/\/talkpal.ai\/vi\/ngu-phap-kazakhstan\/#primaryimage","url":"https:\/\/talkpal.ai\/wp-content\/uploads\/2023\/05\/kazakhstan.png","contentUrl":"https:\/\/talkpal.ai\/wp-content\/uploads\/2023\/05\/kazakhstan.png","width":512,"height":512,"caption":"TalkPal Kazakhstan Flag"},{"@type":"BreadcrumbList","@id":"https:\/\/talkpal.ai\/vi\/ngu-phap-kazakhstan\/#breadcrumb","itemListElement":[{"@type":"ListItem","position":1,"name":"Homepage","item":"https:\/\/talkpal.ai\/vi\/giao-vien-ngon-ngu-ai-3\/"},{"@type":"ListItem","position":2,"name":"Ng\u1eef ph\u00e1p Kazakhstan"}]},{"@type":"WebSite","@id":"https:\/\/talkpal.ai\/vi\/#website","url":"https:\/\/talkpal.ai\/vi\/","name":"Talkpal","description":"AI Language Learning","publisher":{"@id":"https:\/\/talkpal.ai\/vi\/#organization"},"alternateName":"Talkpal AI","potentialAction":[{"@type":"SearchAction","target":{"@type":"EntryPoint","urlTemplate":"https:\/\/talkpal.ai\/vi\/?s={search_term_string}"},"query-input":{"@type":"PropertyValueSpecification","valueRequired":true,"valueName":"search_term_string"}}],"inLanguage":"vi-VN"},{"@type":"Organization","@id":"https:\/\/talkpal.ai\/vi\/#organization","name":"Talkpal, Inc.","alternateName":"Talkpal AI","url":"https:\/\/talkpal.ai\/vi\/","logo":{"@type":"ImageObject","inLanguage":"vi-VN","@id":"https:\/\/talkpal.ai\/vi\/#\/schema\/logo\/image\/","url":"https:\/\/talkpal.ai\/wp-content\/uploads\/2024\/03\/Talkpal-Logo-Icon.png","contentUrl":"https:\/\/talkpal.ai\/wp-content\/uploads\/2024\/03\/Talkpal-Logo-Icon.png","width":2880,"height":2880,"caption":"Talkpal, Inc."},"image":{"@id":"https:\/\/talkpal.ai\/vi\/#\/schema\/logo\/image\/"},"sameAs":["https:\/\/www.facebook.com\/profile.php?id=100090733639311","https:\/\/x.com\/talkpalai","https:\/\/www.linkedin.com\/company\/talkpal\/","https:\/\/www.youtube.com\/@TalkPal\/","https:\/\/www.tiktok.com\/@talkpal","https:\/\/www.instagram.com\/talkpal_ai\/","https:\/\/www.crunchbase.com\/organization\/talkpal-9cde","https:\/\/www.g2.com\/products\/talkpal-for-business\/","https:\/\/www.trustpilot.com\/review\/talkpal.ai","https:\/\/www.capterra.com\/p\/10006800\/TalkPal\/"],"description":"Talkpal is a language learning web and mobile education app, powered by the latest AI technologies, that provides engaging experiences to its customers in many different languages to help them improve their language skills. Users can chat about unlimited amount of topics with the app and use other modes to practice their language learning.","email":"support@talkpal.ai","legalName":"Talkpal, Inc.","foundingDate":"2023-04-03","duns":"118989042","numberOfEmployees":{"@type":"QuantitativeValue","minValue":"11","maxValue":"50"},"publishingPrinciples":"https:\/\/talkpal.ai\/publishing-principles\/","actionableFeedbackPolicy":"https:\/\/talkpal.ai\/actionable-feedback-policy\/","correctionsPolicy":"https:\/\/talkpal.ai\/corrections-policy\/","ethicsPolicy":"https:\/\/talkpal.ai\/ethics-policy\/","diversityPolicy":"https:\/\/talkpal.ai\/diversity-policy\/","diversityStaffingReport":"https:\/\/talkpal.ai\/diversity-policy\/"}]}},"_links":{"self":[{"href":"https:\/\/talkpal.ai\/vi\/wp-json\/wp\/v2\/pages\/1442212","targetHints":{"allow":["GET"]}}],"collection":[{"href":"https:\/\/talkpal.ai\/vi\/wp-json\/wp\/v2\/pages"}],"about":[{"href":"https:\/\/talkpal.ai\/vi\/wp-json\/wp\/v2\/types\/page"}],"author":[{"embeddable":true,"href":"https:\/\/talkpal.ai\/vi\/wp-json\/wp\/v2\/users\/1"}],"replies":[{"embeddable":true,"href":"https:\/\/talkpal.ai\/vi\/wp-json\/wp\/v2\/comments?post=1442212"}],"version-history":[{"count":0,"href":"https:\/\/talkpal.ai\/vi\/wp-json\/wp\/v2\/pages\/1442212\/revisions"}],"wp:featuredmedia":[{"embeddable":true,"href":"https:\/\/talkpal.ai\/vi\/wp-json\/wp\/v2\/media\/1442213"}],"wp:attachment":[{"href":"https:\/\/talkpal.ai\/vi\/wp-json\/wp\/v2\/media?parent=1442212"}],"curies":[{"name":"wp","href":"https:\/\/api.w.org\/{rel}","templated":true}]}}