{"id":1442209,"date":"2023-05-14T14:11:47","date_gmt":"2023-05-14T14:11:47","guid":{"rendered":"https:\/\/talkpal.ai\/ngu-phap-tieng-ma-lai\/"},"modified":"2025-12-17T16:40:09","modified_gmt":"2025-12-17T16:40:09","slug":"ngu-phap-tieng-ma-lai","status":"publish","type":"page","link":"https:\/\/talkpal.ai\/vi\/ngu-phap-tieng-ma-lai\/","title":{"rendered":"Ng\u1eef ph\u00e1p ti\u1ebfng M\u00e3 Lai"},"content":{"rendered":"\r\n\r\n\r\n<section class=\"languageChallengeSection\">\r\n    <div class=\"languageInfoWrapper\">\r\n        \r\n        <h1>Ng\u1eef ph\u00e1p ti\u1ebfng M\u00e3 Lai<\/h1>\r\n        <p>T\u00f2 m\u00f2 v\u1ec1 vi\u1ec7c h\u1ecdc ti\u1ebfng <a href=\"https:\/\/talkpal.ai\/learn-malay\/\">M\u00e3 Lai<\/a>? \u0110i s\u00e2u v\u00e0o <a href=\"https:\/\/talkpal.ai\/malay-grammar\/\">ng\u1eef ph\u00e1p ti\u1ebfng M\u00e3 Lai<\/a>, \u0111\u01b0\u1ee3c bi\u1ebft \u0111\u1ebfn v\u1edbi c\u00e1c quy t\u1eafc \u0111\u01a1n gi\u1ea3n, thi\u1ebfu c\u00e1ch chia \u0111\u1ed9ng t\u1eeb v\u00e0 s\u1eed d\u1ee5ng ph\u1ee5 t\u1ed1 \u0111\u1ec3 t\u1ea1o ra \u00fd ngh\u0129a. B\u1eaft \u0111\u1ea7u ngay h\u00f4m nay \u2014 n\u1eafm v\u1eefng <a href=\"https:\/\/talkpal.ai\/vi\/ngu-phap\/\">ng\u1eef ph\u00e1p<\/a> ti\u1ebfng M\u00e3 Lai s\u1ebd gi\u00fap b\u1ea1n t\u1ef1 tin giao ti\u1ebfp d\u1ec5 d\u00e0ng v\u00e0 m\u1edf ra c\u00e1nh c\u1eeda \u0111\u1ebfn v\u1edbi c\u00e1c n\u1ec1n v\u0103n h\u00f3a \u0111a d\u1ea1ng v\u00e0 n\u0103ng \u0111\u1ed9ng c\u1ee7a \u0110\u00f4ng Nam \u00c1!<\/p>\r\n\r\n                            <a class=\"getStartedHidden\" href=\"https:\/\/app.talkpal.ai\/vi\/signup?lng=\">B\u1eaft \u0111\u1ea7u nh\u00e9<\/a>\r\n        \r\n    <\/div>\r\n\r\n    <figure>\r\n    <img decoding=\"async\" width=\"768\" height=\"768\" src=\"https:\/\/talkpal.ai\/wp-content\/uploads\/2023\/06\/malay-768x768.png\" class=\"languageImage no-lazy\" alt=\"Language learning for personal accomplishments\" fetchpriority=\"high\" sizes=\"(max-width: 768px) 150px, 768px\" srcset=\"https:\/\/talkpal.ai\/wp-content\/uploads\/2023\/06\/malay-768x768.png 768w, https:\/\/talkpal.ai\/wp-content\/uploads\/2023\/06\/malay-300x300.png 300w\" \/>\r\n    \r\n\r\n    <\/figure>\r\n\r\n            <a class=\"getStartedVisible\" href=\"https:\/\/app.talkpal.ai\/vi\/signup?lng=\">B\u1eaft \u0111\u1ea7u nh\u00e9<\/a>\r\n    \r\n<\/section>\r\n<section class=\"promotionalBanner\">\r\n    <p class=\"promotionalText\">C\u00e1ch hi\u1ec7u qu\u1ea3 nh\u1ea5t \u0111\u1ec3 h\u1ecdc m\u1ed9t <a href=\"https:\/\/talkpal.ai\/vi\/hoc-ngon-ngu-cho-cac-truong-ngon-ngu\/\">ng\u00f4n ng\u1eef<\/a><\/p>\r\n    <a class=\"promotionalLink\" href=\"https:\/\/app.talkpal.ai\/vi\/signup?lng=\">D\u00f9ng th\u1eed Talkpal mi\u1ec5n ph\u00ed<\/a>\r\n<\/section>\n<div class=\"wp-block-group pageContainerStyle\"><div class=\"wp-block-group__inner-container is-layout-constrained wp-block-group-is-layout-constrained\">\n<h2 class=\"wp-block-heading\" id=\"h-malay-grammar-exploring-the-richness-of-bahasa-melayu\">Ng\u1eef ph\u00e1p ti\u1ebfng M\u00e3 Lai: Kh\u00e1m ph\u00e1 s\u1ef1 phong ph\u00fa c\u1ee7a ti\u1ebfng Bahasa Melayu<\/h2>\n\n\n\n<p><a href=\"https:\/\/talkpal.ai\/vi\/hoc-ngon-ngu-cho-cac-truong-ngon-ngu\/\">Ng\u00f4n ng\u1eef<\/a> M\u00e3 Lai, hay <a href=\"https:\/\/talkpal.ai\/ms\/belajar-bahasa-melayu\/\">Bahasa Melayu<\/a>, \u0111\u01b0\u1ee3c x\u1ebfp h\u1ea1ng trong s\u1ed1 c\u00e1c ng\u00f4n ng\u1eef \u0111\u01b0\u1ee3c s\u1eed d\u1ee5ng nhi\u1ec1u nh\u1ea5t tr\u00ean th\u1ebf gi\u1edbi, h\u1ee3p nh\u1ea5t c\u00e1c d\u00e2n t\u1ed9c \u0111a d\u1ea1ng c\u1ee7a Malaysia, <a href=\"https:\/\/talkpal.ai\/learn-indonesian\/\">Indonesia<\/a>, Brunei v\u00e0 <a href=\"https:\/\/talkpal.ai\/locations\/language-courses-in-singapore\/\">Singapore<\/a>. Khi b\u1ea1n \u0111i s\u00e2u v\u00e0o vi\u1ec7c <a href=\"https:\/\/talkpal.ai\/learn-malay\/\">h\u1ecdc ti\u1ebfng M\u00e3 Lai<\/a>, b\u1ea1n s\u1ebd nhanh ch\u00f3ng kh\u00e1m ph\u00e1 v\u1ebb \u0111\u1eb9p c\u1ee7a ng\u1eef ph\u00e1p v\u00e0 b\u1ed1i c\u1ea3nh ng\u00f4n ng\u1eef \u0111ang ph\u00e1t tri\u1ec3n c\u1ee7a n\u00f3. B\u00e0i vi\u1ebft n\u00e0y nh\u1eb1m m\u1ee5c \u0111\u00edch gi\u1edbi thi\u1ec7u cho b\u1ea1n c\u00e1c nguy\u00ean t\u1eafc c\u1ed1t l\u00f5i c\u1ee7a ng\u1eef ph\u00e1p ti\u1ebfng M\u00e3 Lai, h\u01b0\u1edbng d\u1eabn b\u1ea1n hi\u1ec3u r\u00f5 h\u01a1n v\u00e0 \u0111\u00e1nh gi\u00e1 cao ng\u00f4n ng\u1eef linh ho\u1ea1t n\u00e0y.<\/p>\n\n\n\n<h3 class=\"wp-block-heading\" id=\"h-1-nouns-simplicity-rules\">1. Danh t\u1eeb &#8211; Quy t\u1eafc \u0111\u01a1n gi\u1ea3n<\/h3>\n\n\n\n<p>Tr\u00e1i ng\u01b0\u1ee3c v\u1edbi c\u00e1c ng\u00f4n ng\u1eef kh\u00e1c, ng\u1eef ph\u00e1p ti\u1ebfng M\u00e3 Lai kh\u00f4ng c\u00f3 s\u1ef1 thay \u0111\u1ed5i ho\u1eb7c ph\u00e2n lo\u1ea1i gi\u1edbi t\u00ednh cho danh t\u1eeb c\u1ee7a n\u00f3. Thay v\u00e0o \u0111\u00f3, c\u00e1ch s\u1eed d\u1ee5ng danh t\u1eeb nh\u1ea5n m\u1ea1nh v\u00e0o s\u1ef1 \u0111\u01a1n gi\u1ea3n. C\u00e1c d\u1ea1ng s\u1ed1 nhi\u1ec1u c\u1ee7a danh t\u1eeb \u0111\u01b0\u1ee3c t\u1ea1o ra ch\u1ec9 b\u1eb1ng c\u00e1ch sao ch\u00e9p ch\u00fang. Nghe c\u00f3 v\u1ebb d\u1ec5 d\u00e0ng, ph\u1ea3i kh\u00f4ng? V\u00ed d\u1ee5: &#8220;t\u00e1o&#8221; l\u00e0 &#8220;buah epal&#8221;, v\u00ec v\u1eady &#8220;t\u00e1o&#8221; tr\u1edf th\u00e0nh &#8220;buah-buah epal&#8221;. B\u1ea1n c\u00f3 th\u1ec3 b\u1ecf s\u1ef1 tr\u00f9ng l\u1eb7p trong b\u00e0i ph\u00e1t bi\u1ec3u th\u00e2n m\u1eadt.<\/p>\n\n\n\n<h3 class=\"wp-block-heading\" id=\"h-2-adjectives-straightforward-descriptions\">2. T\u00ednh t\u1eeb &#8211; M\u00f4 t\u1ea3 \u0111\u01a1n gi\u1ea3n<\/h3>\n\n\n\n<p>T\u00ednh t\u1eeb ti\u1ebfng M\u00e3 Lai v\u1eabn kh\u00f4ng thay \u0111\u1ed5i b\u1ea5t k\u1ec3 danh t\u1eeb m\u00e0 ch\u00fang m\u00f4 t\u1ea3, khi\u1ebfn ch\u00fang tr\u1edf n\u00ean c\u1ef1c k\u1ef3 d\u1ec5 s\u1eed d\u1ee5ng &#8211; m\u1ed9t minh ch\u1ee9ng kh\u00e1c cho s\u1ef1 \u0111\u01a1n gi\u1ea3n c\u1ee7a ng\u00f4n ng\u1eef n\u00e0y. V\u1ecb tr\u00ed t\u00ednh t\u1eeb xu\u1ea5t hi\u1ec7n sau danh t\u1eeb, t\u1ea1o ra m\u1ed9t d\u00f2ng ch\u1ea3y d\u1ec5 ch\u1ecbu trong c\u00e2u. V\u00ed d\u1ee5, &#8220;m\u1ed9t ng\u00f4i nh\u00e0 l\u1edbn&#8221; l\u00e0 &#8220;rumah besar&#8221;, v\u1edbi &#8220;rumah&#8221; \u0111\u1ec1 c\u1eadp \u0111\u1ebfn &#8220;ng\u00f4i nh\u00e0&#8221; v\u00e0 &#8220;besar&#8221; c\u00f3 ngh\u0129a l\u00e0 &#8220;l\u1edbn&#8221;.<\/p>\n\n\n\n<h3 class=\"wp-block-heading\" id=\"h-3-verbs-the-magic-of-prefixes-and-suffixes\">3. \u0110\u1ed9ng t\u1eeb &#8211; S\u1ef1 k\u1ef3 di\u1ec7u c\u1ee7a ti\u1ec1n t\u1ed1 v\u00e0 h\u1eadu t\u1ed1<\/h3>\n\n\n\n<p>\u0110\u1ed9ng t\u1eeb ti\u1ebfng Malay t\u1ef1 h\u00e0o v\u1ec1 t\u00ednh linh ho\u1ea1t v\u1eeba th\u00fa v\u1ecb v\u1eeba \u0111\u01a1n gi\u1ea3n. Trong Bahasa Melayu, th\u00ec kh\u00f4ng \u0111\u01b0\u1ee3c truy\u1ec1n t\u1ea3i r\u00f5 r\u00e0ng th\u00f4ng qua c\u00e1c d\u1ea1ng \u0111\u1ed9ng t\u1eeb; thay v\u00e0o \u0111\u00f3, ch\u00fang \u0111\u01b0\u1ee3c ch\u1ec9 ra th\u00f4ng qua ng\u1eef c\u1ea3nh ho\u1eb7c d\u1ea5u th\u1eddi gian. Ngo\u00e0i ra, ti\u1ebfng M\u00e3 Lai s\u1eed d\u1ee5ng r\u1ed9ng r\u00e3i ti\u1ec1n t\u1ed1 v\u00e0 h\u1eadu t\u1ed1 \u0111\u1ec3 th\u1ec3 hi\u1ec7n c\u00e1c kh\u00eda c\u1ea1nh \u0111\u1ed9ng t\u1eeb kh\u00e1c nhau.<\/p>\n\n\n\n<p>C\u00f3 ba ti\u1ec1n t\u1ed1 ch\u00ednh: &#8220;meN-&#8220;, &#8220;ber-&#8221; v\u00e0 &#8220;ter-&#8220;. Ti\u1ec1n t\u1ed1 &#8220;meN-&#8221; c\u00f3 nhi\u1ec1u c\u00e1ch s\u1eed d\u1ee5ng, bao g\u1ed3m h\u00ecnh th\u00e0nh \u0111\u1ed9ng t\u1eeb ch\u1ee7 \u0111\u1ed9ng v\u00e0 bi\u1ec3u th\u1ecb c\u00e1c h\u00e0nh \u0111\u1ed9ng nh\u00e2n qu\u1ea3. Trong khi \u0111\u00f3, &#8220;ber-&#8221; bi\u1ec3u th\u1ecb c\u00e1c h\u00e0nh \u0111\u1ed9ng b\u1ea5t \u0111\u1ed9ng v\u00e0 &#8220;ter-&#8221; bi\u1ec3u th\u1ecb c\u00e1c s\u1ef1 ki\u1ec7n ng\u1eabu nhi\u00ean ho\u1eb7c h\u00e0nh \u0111\u1ed9ng th\u1ee5 \u0111\u1ed9ng. \u0110i\u1ec1u quan tr\u1ecdng c\u1ea7n l\u01b0u \u00fd l\u00e0 m\u1ed7i ti\u1ec1n t\u1ed1 c\u00f3 th\u1ec3 k\u00edch ho\u1ea1t nh\u1eefng thay \u0111\u1ed5i nh\u1ecf v\u1ec1 ch\u00ednh t\u1ea3 \u0111\u1ed1i v\u1edbi \u0111\u1ed9ng t\u1eeb c\u01a1 s\u1edf.<\/p>\n\n\n\n<p>C\u00e1c h\u1eadu t\u1ed1, ch\u1eb3ng h\u1ea1n nh\u01b0 &#8220;-kan&#8221; v\u00e0 &#8220;-i&#8221;, gi\u00fap cung c\u1ea5p t\u00ednh c\u1ee5 th\u1ec3 h\u01a1n n\u1eefa, trong khi ti\u1ec1n t\u1ed1 &#8220;-el-&#8221; ti\u00eam c\u01b0\u1eddng \u0111\u1ed9 cho \u0111\u1ed9ng t\u1eeb c\u01a1 s\u1edf.<\/p>\n\n\n\n<h3 class=\"wp-block-heading\" id=\"h-4-prepositions-amp-particles-adding-flavor-to-sentences\">4. Gi\u1edbi t\u1eeb &amp; H\u1ea1t \u2013 Th\u00eam h\u01b0\u01a1ng v\u1ecb cho c\u00e2u<\/h3>\n\n\n\n<p>Gi\u1edbi t\u1eeb v\u00e0 h\u1ea1t \u0111\u00f3ng m\u1ed9t vai tr\u00f2 quan tr\u1ecdng trong ng\u1eef ph\u00e1p ti\u1ebfng M\u00e3 Lai, ho\u1ea1t \u0111\u1ed9ng nh\u01b0 ch\u1ea5t keo ng\u00f4n ng\u1eef v\u00e0 cung c\u1ea5p ng\u1eef c\u1ea3nh thi\u1ebft y\u1ebfu. Gi\u1edbi t\u1eeb, ch\u1eb3ng h\u1ea1n nh\u01b0 &#8220;di&#8221; (at), &#8220;ke&#8221; (to) v\u00e0 &#8220;dari&#8221; (t\u1eeb), gi\u00fap thi\u1ebft l\u1eadp m\u1ed1i quan h\u1ec7 gi\u1eefa c\u00e1c t\u1eeb. M\u1eb7t kh\u00e1c, c\u00e1c h\u1ea1t, nh\u01b0 &#8220;lah&#8221;, &#8220;kah&#8221; v\u00e0 &#8220;pun&#8221;, \u0111\u01b0\u1ee3c s\u1eed d\u1ee5ng \u0111\u1ec3 th\u00eam s\u1ef1 nh\u1ea5n m\u1ea1nh, c\u1ea3m x\u00fac v\u00e0 d\u1ea5u ch\u1ea5m h\u1ecfi cho c\u00e2u.<\/p>\n\n\n\n<p>V\u00ed d\u1ee5, c\u00e2u &#8220;Kamu pergi sana&#8221;, c\u00f3 ngh\u0129a l\u00e0 &#8220;B\u1ea1n \u0111i \u0111\u1ebfn \u0111\u00f3&#8221;, s\u1ebd tr\u1edf n\u00ean nh\u1ea5n m\u1ea1nh h\u01a1n n\u1ebfu b\u1ea1n th\u00eam &#8220;lah&#8221; \u1edf cu\u1ed1i: &#8220;Kamu pergi sana lah.&#8221; B\u00e2y gi\u1edd n\u00f3 c\u00f3 ngh\u0129a l\u00e0 &#8220;B\u1ea1n \u0111\u1ebfn \u0111\u00f3 (ngay b\u00e2y gi\u1edd).&#8221;<\/p>\n\n\n\n<h3 class=\"wp-block-heading\" id=\"h-5-embracing-the-journey\">5. \u0110\u00f3n nh\u1eadn h\u00e0nh tr\u00ecnh<\/h3>\n\n\n\n<p>M\u1eb7c d\u00f9 ng\u1eef ph\u00e1p ti\u1ebfng M\u00e3 Lai c\u00f3 v\u1ebb \u0111\u01a1n gi\u1ea3n so v\u1edbi c\u00e1c ng\u00f4n ng\u1eef kh\u00e1c, nh\u01b0ng v\u1ebb \u0111\u1eb9p c\u1ee7a n\u00f3 n\u1eb1m \u1edf s\u1ef1 phong ph\u00fa v\u00e0 \u0111a d\u1ea1ng c\u1ee7a c\u00e1c c\u00e1ch di\u1ec5n \u0111\u1ea1t \u0111\u1ea1t \u0111\u01b0\u1ee3c th\u00f4ng qua c\u00e1c quy t\u1eafc \u0111\u01a1n gi\u1ea3n. Vi\u1ec7c d\u1ec5 d\u00e0ng h\u1ecdc ng\u1eef ph\u00e1p ti\u1ebfng M\u00e3 Lai s\u1ebd cho ph\u00e9p b\u1ea1n tham gia v\u00e0o th\u1ebf gi\u1edbi n\u00f3i ti\u1ebfng M\u00e3 Lai \u0111a d\u1ea1ng hi\u1ec7u qu\u1ea3 h\u01a1n v\u00e0 \u0111\u1eafm m\u00ecnh trong n\u1ec1n v\u0103n h\u00f3a \u0111\u1ed9c \u0111\u00e1o c\u1ee7a n\u00f3.<\/p>\n\n\n\n<p>Tr\u01b0\u1edbc khi lao \u0111\u1ea7u v\u00e0o th\u1ebf gi\u1edbi Bahasa Melayu, h\u00e3y nh\u1edb r\u1eb1ng cu\u1ed9c h\u00e0nh tr\u00ecnh c\u00f3 th\u1ec3 kh\u00f4ng ph\u1ea3i l\u00fac n\u00e0o c\u0169ng thu\u1eadn bu\u1ed3m xu\u00f4i gi\u00f3. Gi\u1eef m\u1ed9t t\u00e2m tr\u00ed c\u1edfi m\u1edf, t\u01b0\u01a1ng t\u00e1c v\u1edbi ng\u01b0\u1eddi b\u1ea3n ng\u1eef v\u00e0 quan tr\u1ecdng nh\u1ea5t l\u00e0 t\u1eadn h\u01b0\u1edfng tr\u1ea3i nghi\u1ec7m kh\u00e1m ph\u00e1 c\u00e1c s\u1eafc th\u00e1i trong ng\u00f4n ng\u1eef tuy\u1ec7t v\u1eddi n\u00e0y. Selamat belajar \u2013 h\u1ecdc t\u1eadp vui v\u1ebb!<\/p>\n<\/div><\/div>\n\r\n<section class=\"learnNavigationSection\">\r\n            \r\n        <a href=\"https:\/\/talkpal.ai\/vi\/hoc-tieng-ma-lai\/\">\r\n            <div class=\"learnNavigationWrapper\">\r\n                <div class=\"learnNavigationContent\">\r\n                    <img decoding=\"async\" src=\"https:\/\/talkpal.ai\/wp-content\/uploads\/2024\/08\/Malay.jpg\" alt=\"Malaysian Flag\">\r\n                    <div>\r\n                        <h4>Gi\u1edbi thi\u1ec7u v\u1ec1 Malay Learning<\/h4>\r\n                        <p>T\u00ecm hi\u1ec3u t\u1ea5t c\u1ea3 v\u1ec1 ng\u1eef ph\u00e1p ti\u1ebfng M\u00e3 Lai.<\/p>\r\n                    <\/div>\r\n                <\/div>\r\n            <\/div>\r\n        <\/a>\r\n\r\n        \r\n        <a href=\"https:\/\/talkpal.ai\/vi\/bai-tap-ngu-phap-tieng-ma-lai\/\">\r\n            <div class=\"learnNavigationWrapper\">\r\n                <div class=\"learnNavigationContent\">\r\n                    <img decoding=\"async\" src=\"https:\/\/talkpal.ai\/wp-content\/uploads\/2024\/08\/Malay.jpg\" alt=\"Malaysian Flag\">\r\n                    <div>\r\n                        <h4>B\u00e0i t\u1eadp ng\u1eef ph\u00e1p ti\u1ebfng M\u00e3 Lai<\/h4>\r\n                        <p>Th\u1ef1c h\u00e0nh ng\u1eef ph\u00e1p ti\u1ebfng M\u00e3 Lai<\/p>\r\n                    <\/div>\r\n                <\/div>\r\n            <\/div>\r\n        <\/a>\r\n\r\n        \r\n        <a href=\"https:\/\/talkpal.ai\/vocabulary_language\/malay\/\">\r\n            <div class=\"learnNavigationWrapper\">\r\n                <div class=\"learnNavigationContent\">\r\n                    <img decoding=\"async\" src=\"https:\/\/talkpal.ai\/wp-content\/uploads\/2024\/08\/Malay.jpg\" alt=\"Malaysian Flag\">\r\n                    <div>\r\n                        <h4>T\u1eeb v\u1ef1ng ti\u1ebfng M\u00e3 Lai<\/h4>\r\n                        <p>M\u1edf r\u1ed9ng v\u1ed1n t\u1eeb v\u1ef1ng ti\u1ebfng M\u00e3 Lai c\u1ee7a b\u1ea1n.<\/p>\r\n                    <\/div>\r\n                <\/div>\r\n            <\/div>\r\n        <\/a>\r\n\r\n            <\/section>","protected":false},"excerpt":{"rendered":"<p>Ng\u1eef ph\u00e1p ti\u1ebfng M\u00e3 Lai: Kh\u00e1m ph\u00e1 s\u1ef1 phong ph\u00fa c\u1ee7a ti\u1ebfng Bahasa Melayu Ng\u00f4n ng\u1eef M\u00e3 Lai, hay Bahasa Melayu, \u0111\u01b0\u1ee3c x\u1ebfp h\u1ea1ng trong s\u1ed1 c\u00e1c ng\u00f4n ng\u1eef \u0111\u01b0\u1ee3c s\u1eed d\u1ee5ng nhi\u1ec1u nh\u1ea5t tr\u00ean th\u1ebf gi\u1edbi, h\u1ee3p nh\u1ea5t c\u00e1c d\u00e2n t\u1ed9c \u0111a d\u1ea1ng c\u1ee7a Malaysia, Indonesia, Brunei v\u00e0 Singapore. Khi b\u1ea1n \u0111i s\u00e2u v\u00e0o [&hellip;]<\/p>\n","protected":false},"author":1,"featured_media":1442210,"parent":0,"menu_order":0,"comment_status":"closed","ping_status":"closed","template":"LearningContentPage.php","meta":{"_acf_changed":false,"footnotes":""},"class_list":["post-1442209","page","type-page","status-publish","has-post-thumbnail","hentry"],"acf":[],"yoast_head":"<!-- This site is optimized with the Yoast SEO Premium plugin v27.2 (Yoast SEO v27.2) - https:\/\/yoast.com\/product\/yoast-seo-premium-wordpress\/ -->\n<title>Ng\u1eef ph\u00e1p ti\u1ebfng M\u00e3 Lai - Talkpal<\/title>\n<meta name=\"description\" content=\"Kh\u00e1m ph\u00e1 ng\u1eef ph\u00e1p ti\u1ebfng M\u00e3 Lai v\u00e0 t\u00ecm hi\u1ec3u c\u00e1ch s\u1ef1 \u0111\u01a1n gi\u1ea3n c\u1ee7a n\u00f3 c\u00f3 th\u1ec3 n\u00e2ng cao hi\u1ec3u bi\u1ebft c\u1ee7a b\u1ea1n v\u1ec1 ng\u00f4n ng\u1eef M\u00e3 Lai.\" \/>\n<meta name=\"robots\" content=\"index, follow, max-snippet:-1, max-image-preview:large, max-video-preview:-1\" \/>\n<link rel=\"canonical\" href=\"https:\/\/talkpal.ai\/vi\/ngu-phap-tieng-ma-lai\/\" \/>\n<meta property=\"og:locale\" content=\"vi_VN\" \/>\n<meta property=\"og:type\" content=\"article\" \/>\n<meta property=\"og:title\" content=\"Ng\u1eef ph\u00e1p ti\u1ebfng M\u00e3 Lai\" \/>\n<meta property=\"og:description\" content=\"Ng\u1eef ph\u00e1p ti\u1ebfng M\u00e3 Lai: Kh\u00e1m ph\u00e1 s\u1ef1 phong ph\u00fa c\u1ee7a ti\u1ebfng Bahasa Melayu Ng\u00f4n ng\u1eef M\u00e3 Lai, hay Bahasa Melayu, \u0111\u01b0\u1ee3c x\u1ebfp h\u1ea1ng trong s\u1ed1 c\u00e1c ng\u00f4n ng\u1eef \u0111\u01b0\u1ee3c s\u1eed d\u1ee5ng\" \/>\n<meta property=\"og:url\" content=\"https:\/\/talkpal.ai\/vi\/ngu-phap-tieng-ma-lai\/\" \/>\n<meta property=\"og:site_name\" content=\"Talkpal\" \/>\n<meta property=\"article:publisher\" content=\"https:\/\/www.facebook.com\/profile.php?id=100090733639311\" \/>\n<meta property=\"article:modified_time\" content=\"2025-12-17T16:40:09+00:00\" \/>\n<meta property=\"og:image\" content=\"https:\/\/talkpal.ai\/wp-content\/uploads\/2023\/05\/malaysia.png\" \/>\n\t<meta property=\"og:image:width\" content=\"512\" \/>\n\t<meta property=\"og:image:height\" content=\"512\" \/>\n\t<meta property=\"og:image:type\" content=\"image\/png\" \/>\n<meta name=\"twitter:card\" content=\"summary_large_image\" \/>\n<meta name=\"twitter:site\" content=\"@talkpalai\" \/>\n<meta name=\"twitter:label1\" content=\"Est. reading time\" \/>\n\t<meta name=\"twitter:data1\" content=\"6 minutes\" \/>\n<script type=\"application\/ld+json\" class=\"yoast-schema-graph\">{\"@context\":\"https:\/\/schema.org\",\"@graph\":[{\"@type\":\"WebPage\",\"@id\":\"https:\/\/talkpal.ai\/vi\/ngu-phap-tieng-ma-lai\/\",\"url\":\"https:\/\/talkpal.ai\/vi\/ngu-phap-tieng-ma-lai\/\",\"name\":\"Ng\u1eef ph\u00e1p ti\u1ebfng M\u00e3 Lai - Talkpal\",\"isPartOf\":{\"@id\":\"https:\/\/talkpal.ai\/vi\/#website\"},\"primaryImageOfPage\":{\"@id\":\"https:\/\/talkpal.ai\/vi\/ngu-phap-tieng-ma-lai\/#primaryimage\"},\"image\":{\"@id\":\"https:\/\/talkpal.ai\/vi\/ngu-phap-tieng-ma-lai\/#primaryimage\"},\"thumbnailUrl\":\"https:\/\/talkpal.ai\/wp-content\/uploads\/2023\/05\/malaysia.png\",\"datePublished\":\"2023-05-14T14:11:47+00:00\",\"dateModified\":\"2025-12-17T16:40:09+00:00\",\"description\":\"Kh\u00e1m ph\u00e1 ng\u1eef ph\u00e1p ti\u1ebfng M\u00e3 Lai v\u00e0 t\u00ecm hi\u1ec3u c\u00e1ch s\u1ef1 \u0111\u01a1n gi\u1ea3n c\u1ee7a n\u00f3 c\u00f3 th\u1ec3 n\u00e2ng cao hi\u1ec3u bi\u1ebft c\u1ee7a b\u1ea1n v\u1ec1 ng\u00f4n ng\u1eef M\u00e3 Lai.\",\"breadcrumb\":{\"@id\":\"https:\/\/talkpal.ai\/vi\/ngu-phap-tieng-ma-lai\/#breadcrumb\"},\"inLanguage\":\"vi-VN\",\"potentialAction\":[{\"@type\":\"ReadAction\",\"target\":[\"https:\/\/talkpal.ai\/vi\/ngu-phap-tieng-ma-lai\/\"]}]},{\"@type\":\"ImageObject\",\"inLanguage\":\"vi-VN\",\"@id\":\"https:\/\/talkpal.ai\/vi\/ngu-phap-tieng-ma-lai\/#primaryimage\",\"url\":\"https:\/\/talkpal.ai\/wp-content\/uploads\/2023\/05\/malaysia.png\",\"contentUrl\":\"https:\/\/talkpal.ai\/wp-content\/uploads\/2023\/05\/malaysia.png\",\"width\":512,\"height\":512,\"caption\":\"TalkPal Malaysia Flag\"},{\"@type\":\"BreadcrumbList\",\"@id\":\"https:\/\/talkpal.ai\/vi\/ngu-phap-tieng-ma-lai\/#breadcrumb\",\"itemListElement\":[{\"@type\":\"ListItem\",\"position\":1,\"name\":\"Homepage\",\"item\":\"https:\/\/talkpal.ai\/vi\/giao-vien-ngon-ngu-ai-3\/\"},{\"@type\":\"ListItem\",\"position\":2,\"name\":\"Ng\u1eef ph\u00e1p ti\u1ebfng M\u00e3 Lai\"}]},{\"@type\":\"WebSite\",\"@id\":\"https:\/\/talkpal.ai\/vi\/#website\",\"url\":\"https:\/\/talkpal.ai\/vi\/\",\"name\":\"Talkpal\",\"description\":\"AI Language Learning\",\"publisher\":{\"@id\":\"https:\/\/talkpal.ai\/vi\/#organization\"},\"alternateName\":\"Talkpal AI\",\"potentialAction\":[{\"@type\":\"SearchAction\",\"target\":{\"@type\":\"EntryPoint\",\"urlTemplate\":\"https:\/\/talkpal.ai\/vi\/?s={search_term_string}\"},\"query-input\":{\"@type\":\"PropertyValueSpecification\",\"valueRequired\":true,\"valueName\":\"search_term_string\"}}],\"inLanguage\":\"vi-VN\"},{\"@type\":\"Organization\",\"@id\":\"https:\/\/talkpal.ai\/vi\/#organization\",\"name\":\"Talkpal, Inc.\",\"alternateName\":\"Talkpal AI\",\"url\":\"https:\/\/talkpal.ai\/vi\/\",\"logo\":{\"@type\":\"ImageObject\",\"inLanguage\":\"vi-VN\",\"@id\":\"https:\/\/talkpal.ai\/vi\/#\/schema\/logo\/image\/\",\"url\":\"https:\/\/talkpal.ai\/wp-content\/uploads\/2024\/03\/Talkpal-Logo-Icon.png\",\"contentUrl\":\"https:\/\/talkpal.ai\/wp-content\/uploads\/2024\/03\/Talkpal-Logo-Icon.png\",\"width\":2880,\"height\":2880,\"caption\":\"Talkpal, Inc.\"},\"image\":{\"@id\":\"https:\/\/talkpal.ai\/vi\/#\/schema\/logo\/image\/\"},\"sameAs\":[\"https:\/\/www.facebook.com\/profile.php?id=100090733639311\",\"https:\/\/x.com\/talkpalai\",\"https:\/\/www.linkedin.com\/company\/talkpal\/\",\"https:\/\/www.youtube.com\/@TalkPal\/\",\"https:\/\/www.tiktok.com\/@talkpal\",\"https:\/\/www.instagram.com\/talkpal_ai\/\",\"https:\/\/www.crunchbase.com\/organization\/talkpal-9cde\",\"https:\/\/www.g2.com\/products\/talkpal-for-business\/\",\"https:\/\/www.trustpilot.com\/review\/talkpal.ai\",\"https:\/\/www.capterra.com\/p\/10006800\/TalkPal\/\"],\"description\":\"Talkpal is a language learning web and mobile education app, powered by the latest AI technologies, that provides engaging experiences to its customers in many different languages to help them improve their language skills. Users can chat about unlimited amount of topics with the app and use other modes to practice their language learning.\",\"email\":\"support@talkpal.ai\",\"legalName\":\"Talkpal, Inc.\",\"foundingDate\":\"2023-04-03\",\"duns\":\"118989042\",\"numberOfEmployees\":{\"@type\":\"QuantitativeValue\",\"minValue\":\"11\",\"maxValue\":\"50\"},\"publishingPrinciples\":\"https:\/\/talkpal.ai\/publishing-principles\/\",\"actionableFeedbackPolicy\":\"https:\/\/talkpal.ai\/actionable-feedback-policy\/\",\"correctionsPolicy\":\"https:\/\/talkpal.ai\/corrections-policy\/\",\"ethicsPolicy\":\"https:\/\/talkpal.ai\/ethics-policy\/\",\"diversityPolicy\":\"https:\/\/talkpal.ai\/diversity-policy\/\",\"diversityStaffingReport\":\"https:\/\/talkpal.ai\/diversity-policy\/\"}]}<\/script>\n<!-- \/ Yoast SEO Premium plugin. -->","yoast_head_json":{"title":"Ng\u1eef ph\u00e1p ti\u1ebfng M\u00e3 Lai - Talkpal","description":"Kh\u00e1m ph\u00e1 ng\u1eef ph\u00e1p ti\u1ebfng M\u00e3 Lai v\u00e0 t\u00ecm hi\u1ec3u c\u00e1ch s\u1ef1 \u0111\u01a1n gi\u1ea3n c\u1ee7a n\u00f3 c\u00f3 th\u1ec3 n\u00e2ng cao hi\u1ec3u bi\u1ebft c\u1ee7a b\u1ea1n v\u1ec1 ng\u00f4n ng\u1eef M\u00e3 Lai.","robots":{"index":"index","follow":"follow","max-snippet":"max-snippet:-1","max-image-preview":"max-image-preview:large","max-video-preview":"max-video-preview:-1"},"canonical":"https:\/\/talkpal.ai\/vi\/ngu-phap-tieng-ma-lai\/","og_locale":"vi_VN","og_type":"article","og_title":"Ng\u1eef ph\u00e1p ti\u1ebfng M\u00e3 Lai","og_description":"Ng\u1eef ph\u00e1p ti\u1ebfng M\u00e3 Lai: Kh\u00e1m ph\u00e1 s\u1ef1 phong ph\u00fa c\u1ee7a ti\u1ebfng Bahasa Melayu Ng\u00f4n ng\u1eef M\u00e3 Lai, hay Bahasa Melayu, \u0111\u01b0\u1ee3c x\u1ebfp h\u1ea1ng trong s\u1ed1 c\u00e1c ng\u00f4n ng\u1eef \u0111\u01b0\u1ee3c s\u1eed d\u1ee5ng","og_url":"https:\/\/talkpal.ai\/vi\/ngu-phap-tieng-ma-lai\/","og_site_name":"Talkpal","article_publisher":"https:\/\/www.facebook.com\/profile.php?id=100090733639311","article_modified_time":"2025-12-17T16:40:09+00:00","og_image":[{"width":512,"height":512,"url":"https:\/\/talkpal.ai\/wp-content\/uploads\/2023\/05\/malaysia.png","type":"image\/png"}],"twitter_card":"summary_large_image","twitter_site":"@talkpalai","twitter_misc":{"Est. reading time":"6 minutes"},"schema":{"@context":"https:\/\/schema.org","@graph":[{"@type":"WebPage","@id":"https:\/\/talkpal.ai\/vi\/ngu-phap-tieng-ma-lai\/","url":"https:\/\/talkpal.ai\/vi\/ngu-phap-tieng-ma-lai\/","name":"Ng\u1eef ph\u00e1p ti\u1ebfng M\u00e3 Lai - Talkpal","isPartOf":{"@id":"https:\/\/talkpal.ai\/vi\/#website"},"primaryImageOfPage":{"@id":"https:\/\/talkpal.ai\/vi\/ngu-phap-tieng-ma-lai\/#primaryimage"},"image":{"@id":"https:\/\/talkpal.ai\/vi\/ngu-phap-tieng-ma-lai\/#primaryimage"},"thumbnailUrl":"https:\/\/talkpal.ai\/wp-content\/uploads\/2023\/05\/malaysia.png","datePublished":"2023-05-14T14:11:47+00:00","dateModified":"2025-12-17T16:40:09+00:00","description":"Kh\u00e1m ph\u00e1 ng\u1eef ph\u00e1p ti\u1ebfng M\u00e3 Lai v\u00e0 t\u00ecm hi\u1ec3u c\u00e1ch s\u1ef1 \u0111\u01a1n gi\u1ea3n c\u1ee7a n\u00f3 c\u00f3 th\u1ec3 n\u00e2ng cao hi\u1ec3u bi\u1ebft c\u1ee7a b\u1ea1n v\u1ec1 ng\u00f4n ng\u1eef M\u00e3 Lai.","breadcrumb":{"@id":"https:\/\/talkpal.ai\/vi\/ngu-phap-tieng-ma-lai\/#breadcrumb"},"inLanguage":"vi-VN","potentialAction":[{"@type":"ReadAction","target":["https:\/\/talkpal.ai\/vi\/ngu-phap-tieng-ma-lai\/"]}]},{"@type":"ImageObject","inLanguage":"vi-VN","@id":"https:\/\/talkpal.ai\/vi\/ngu-phap-tieng-ma-lai\/#primaryimage","url":"https:\/\/talkpal.ai\/wp-content\/uploads\/2023\/05\/malaysia.png","contentUrl":"https:\/\/talkpal.ai\/wp-content\/uploads\/2023\/05\/malaysia.png","width":512,"height":512,"caption":"TalkPal Malaysia Flag"},{"@type":"BreadcrumbList","@id":"https:\/\/talkpal.ai\/vi\/ngu-phap-tieng-ma-lai\/#breadcrumb","itemListElement":[{"@type":"ListItem","position":1,"name":"Homepage","item":"https:\/\/talkpal.ai\/vi\/giao-vien-ngon-ngu-ai-3\/"},{"@type":"ListItem","position":2,"name":"Ng\u1eef ph\u00e1p ti\u1ebfng M\u00e3 Lai"}]},{"@type":"WebSite","@id":"https:\/\/talkpal.ai\/vi\/#website","url":"https:\/\/talkpal.ai\/vi\/","name":"Talkpal","description":"AI Language Learning","publisher":{"@id":"https:\/\/talkpal.ai\/vi\/#organization"},"alternateName":"Talkpal AI","potentialAction":[{"@type":"SearchAction","target":{"@type":"EntryPoint","urlTemplate":"https:\/\/talkpal.ai\/vi\/?s={search_term_string}"},"query-input":{"@type":"PropertyValueSpecification","valueRequired":true,"valueName":"search_term_string"}}],"inLanguage":"vi-VN"},{"@type":"Organization","@id":"https:\/\/talkpal.ai\/vi\/#organization","name":"Talkpal, Inc.","alternateName":"Talkpal AI","url":"https:\/\/talkpal.ai\/vi\/","logo":{"@type":"ImageObject","inLanguage":"vi-VN","@id":"https:\/\/talkpal.ai\/vi\/#\/schema\/logo\/image\/","url":"https:\/\/talkpal.ai\/wp-content\/uploads\/2024\/03\/Talkpal-Logo-Icon.png","contentUrl":"https:\/\/talkpal.ai\/wp-content\/uploads\/2024\/03\/Talkpal-Logo-Icon.png","width":2880,"height":2880,"caption":"Talkpal, Inc."},"image":{"@id":"https:\/\/talkpal.ai\/vi\/#\/schema\/logo\/image\/"},"sameAs":["https:\/\/www.facebook.com\/profile.php?id=100090733639311","https:\/\/x.com\/talkpalai","https:\/\/www.linkedin.com\/company\/talkpal\/","https:\/\/www.youtube.com\/@TalkPal\/","https:\/\/www.tiktok.com\/@talkpal","https:\/\/www.instagram.com\/talkpal_ai\/","https:\/\/www.crunchbase.com\/organization\/talkpal-9cde","https:\/\/www.g2.com\/products\/talkpal-for-business\/","https:\/\/www.trustpilot.com\/review\/talkpal.ai","https:\/\/www.capterra.com\/p\/10006800\/TalkPal\/"],"description":"Talkpal is a language learning web and mobile education app, powered by the latest AI technologies, that provides engaging experiences to its customers in many different languages to help them improve their language skills. Users can chat about unlimited amount of topics with the app and use other modes to practice their language learning.","email":"support@talkpal.ai","legalName":"Talkpal, Inc.","foundingDate":"2023-04-03","duns":"118989042","numberOfEmployees":{"@type":"QuantitativeValue","minValue":"11","maxValue":"50"},"publishingPrinciples":"https:\/\/talkpal.ai\/publishing-principles\/","actionableFeedbackPolicy":"https:\/\/talkpal.ai\/actionable-feedback-policy\/","correctionsPolicy":"https:\/\/talkpal.ai\/corrections-policy\/","ethicsPolicy":"https:\/\/talkpal.ai\/ethics-policy\/","diversityPolicy":"https:\/\/talkpal.ai\/diversity-policy\/","diversityStaffingReport":"https:\/\/talkpal.ai\/diversity-policy\/"}]}},"_links":{"self":[{"href":"https:\/\/talkpal.ai\/vi\/wp-json\/wp\/v2\/pages\/1442209","targetHints":{"allow":["GET"]}}],"collection":[{"href":"https:\/\/talkpal.ai\/vi\/wp-json\/wp\/v2\/pages"}],"about":[{"href":"https:\/\/talkpal.ai\/vi\/wp-json\/wp\/v2\/types\/page"}],"author":[{"embeddable":true,"href":"https:\/\/talkpal.ai\/vi\/wp-json\/wp\/v2\/users\/1"}],"replies":[{"embeddable":true,"href":"https:\/\/talkpal.ai\/vi\/wp-json\/wp\/v2\/comments?post=1442209"}],"version-history":[{"count":0,"href":"https:\/\/talkpal.ai\/vi\/wp-json\/wp\/v2\/pages\/1442209\/revisions"}],"wp:featuredmedia":[{"embeddable":true,"href":"https:\/\/talkpal.ai\/vi\/wp-json\/wp\/v2\/media\/1442210"}],"wp:attachment":[{"href":"https:\/\/talkpal.ai\/vi\/wp-json\/wp\/v2\/media?parent=1442209"}],"curies":[{"name":"wp","href":"https:\/\/api.w.org\/{rel}","templated":true}]}}