{"id":1442206,"date":"2023-05-14T14:13:06","date_gmt":"2023-05-14T14:13:06","guid":{"rendered":"https:\/\/talkpal.ai\/ngu-phap-na-uy\/"},"modified":"2025-12-17T17:01:06","modified_gmt":"2025-12-17T17:01:06","slug":"ngu-phap-na-uy","status":"publish","type":"page","link":"https:\/\/talkpal.ai\/vi\/ngu-phap-na-uy\/","title":{"rendered":"Ng\u1eef ph\u00e1p Na Uy"},"content":{"rendered":"\r\n\r\n\r\n<section class=\"languageChallengeSection\">\r\n    <div class=\"languageInfoWrapper\">\r\n        \r\n        <h1>Ng\u1eef ph\u00e1p Na Uy<\/h1>\r\n        <p>Kh\u00e1m ph\u00e1 nh\u1eefng ki\u1ebfn th\u1ee9c c\u01a1 b\u1ea3n v\u1ec1 <a href=\"https:\/\/talkpal.ai\/vi\/ngu-phap\/\">ng\u1eef ph\u00e1p<\/a> ti\u1ebfng <a href=\"https:\/\/talkpal.ai\/vi\/hoc-tieng-na-uy\/\">Na Uy<\/a> v\u00e0 m\u1edf kh\u00f3a kh\u1ea3 n\u0103ng giao ti\u1ebfp t\u1ef1 tin b\u1eb1ng m\u1ed9t trong nh\u1eefng <a href=\"https:\/\/talkpal.ai\/vi\/hoc-ngon-ngu-cho-cac-truong-ngon-ngu\/\">ng\u00f4n ng\u1eef<\/a> \u0111\u1eb9p nh\u1ea5t c\u1ee7a Scandinavia. Hi\u1ec3u ng\u1eef ph\u00e1p <a href=\"https:\/\/talkpal.ai\/learn-norwegian\/\">ti\u1ebfng Na Uy<\/a> s\u1ebd m\u1edf ra c\u00e1nh c\u1eeda cho nh\u1eefng tr\u1ea3i nghi\u1ec7m v\u0103n h\u00f3a m\u1edbi v\u00e0 nh\u1eefng cu\u1ed9c tr\u00f2 chuy\u1ec7n c\u00f3 \u00fd ngh\u0129a. B\u1eaft \u0111\u1ea7u h\u1ecdc <a href=\"https:\/\/talkpal.ai\/norwegian-grammar\/\">ng\u1eef ph\u00e1p ti\u1ebfng Na Uy<\/a> ngay h\u00f4m nay v\u00e0 th\u1ef1c hi\u1ec7n b\u01b0\u1edbc \u0111\u1ea7u ti\u00ean c\u1ee7a b\u1ea1n \u0111\u1ec3 tr\u00f4i ch\u1ea3y!<\/p>\r\n\r\n                            <a class=\"getStartedHidden\" href=\"https:\/\/app.talkpal.ai\/vi\/signup?lng=\">B\u1eaft \u0111\u1ea7u nh\u00e9<\/a>\r\n        \r\n    <\/div>\r\n\r\n    <figure>\r\n    <img decoding=\"async\" width=\"768\" height=\"768\" src=\"https:\/\/talkpal.ai\/wp-content\/uploads\/2023\/06\/norwegian-768x768.png\" class=\"languageImage no-lazy\" alt=\"Language learning for extensive vocabulary\" fetchpriority=\"high\" sizes=\"(max-width: 768px) 150px, 768px\" srcset=\"https:\/\/talkpal.ai\/wp-content\/uploads\/2023\/06\/norwegian-768x768.png 768w, https:\/\/talkpal.ai\/wp-content\/uploads\/2023\/06\/norwegian-300x300.png 300w\" \/>\r\n    \r\n\r\n    <\/figure>\r\n\r\n            <a class=\"getStartedVisible\" href=\"https:\/\/app.talkpal.ai\/vi\/signup?lng=\">B\u1eaft \u0111\u1ea7u nh\u00e9<\/a>\r\n    \r\n<\/section>\r\n<section class=\"promotionalBanner\">\r\n    <p class=\"promotionalText\">C\u00e1ch hi\u1ec7u qu\u1ea3 nh\u1ea5t \u0111\u1ec3 h\u1ecdc m\u1ed9t ng\u00f4n ng\u1eef<\/p>\r\n    <a class=\"promotionalLink\" href=\"https:\/\/app.talkpal.ai\/vi\/signup?lng=\">D\u00f9ng th\u1eed Talkpal mi\u1ec5n ph\u00ed<\/a>\r\n<\/section>\n<div class=\"wp-block-group pageContainerStyle\"><div class=\"wp-block-group__inner-container is-layout-constrained wp-block-group-is-layout-constrained\">\n<h2 class=\"wp-block-heading\" id=\"h-dive-into-norwegian-grammar-a-comprehensive-guide\">\u0110i s\u00e2u v\u00e0o ng\u1eef ph\u00e1p Na Uy: H\u01b0\u1edbng d\u1eabn to\u00e0n di\u1ec7n<\/h2>\n\n\n\n<p>Ti\u1ebfng Na Uy, m\u1ed9t ng\u00f4n ng\u1eef h\u1ea5p d\u1eabn v\u00e0 bi\u1ec3u c\u1ea3m, mang \u0111\u1ebfn c\u01a1 h\u1ed9i duy nh\u1ea5t cho ng\u01b0\u1eddi <a href=\"https:\/\/talkpal.ai\/vi\/ung-dung-mien-phi-de-hoc-ngon-ngu\/\">h\u1ecdc ng\u00f4n ng\u1eef<\/a> kh\u00e1m ph\u00e1 di s\u1ea3n v\u0103n h\u00f3a v\u00e0 l\u1ecbch s\u1eed phong ph\u00fa c\u1ee7a Na Uy. Tin t\u1ed1t l\u00e0 ng\u1eef ph\u00e1p ti\u1ebfng Na Uy c\u00f3 m\u1ed9t s\u1ed1 \u0111i\u1ec3m t\u01b0\u01a1ng \u0111\u1ed3ng v\u1edbi <a href=\"https:\/\/talkpal.ai\/top-trang-web-luyen-noi-tieng-anh-hieu-qua-nhat-2024\/\">ti\u1ebfng Anh<\/a>, khi\u1ebfn n\u00f3 tr\u1edf th\u00e0nh m\u1ed9t ng\u00f4n ng\u1eef d\u1ec5 ti\u1ebfp c\u1eadn \u0111\u1ec3 h\u1ecdc. B\u00e0i vi\u1ebft n\u00e0y s\u1ebd h\u01b0\u1edbng d\u1eabn b\u1ea1n c\u00e1c kh\u00eda c\u1ea1nh thi\u1ebft y\u1ebfu c\u1ee7a ng\u1eef ph\u00e1p ti\u1ebfng Na Uy, \u0111\u1ea3m b\u1ea3o b\u1ea1n x\u00e2y d\u1ef1ng n\u1ec1n t\u1ea3ng v\u1eefng ch\u1eafc v\u00e0 t\u1ef1 tin n\u1eafm b\u1eaft ng\u00f4n ng\u1eef.<\/p>\n\n\n\n<h3 class=\"wp-block-heading\" id=\"h-1-embracing-norwegian-nouns-and-articles\">1. N\u1eafm l\u1ea5y danh t\u1eeb v\u00e0 m\u1ea1o t\u1eeb Na Uy<\/h3>\n\n\n\n<p>Danh t\u1eeb Na Uy, gi\u1ed1ng nh\u01b0 c\u00e1c danh t\u1eeb ti\u1ebfng Anh, \u0111\u1ea1i di\u1ec7n cho con ng\u01b0\u1eddi, \u0111\u1ecba \u0111i\u1ec3m, s\u1ef1 v\u1eadt ho\u1eb7c \u00fd t\u01b0\u1edfng. Ch\u00fang \u0111\u01b0\u1ee3c ph\u00e2n th\u00e0nh ba gi\u1edbi t\u00ednh: nam t\u00ednh, n\u1eef t\u00ednh v\u00e0 trung t\u00ednh. Gi\u1edbi t\u00ednh r\u1ea5t quan tr\u1ecdng trong vi\u1ec7c x\u00e1c \u0111\u1ecbnh k\u1ebft th\u00fac c\u1ee7a danh t\u1eeb v\u00e0 c\u00e1c m\u1ea1o t\u1eeb n\u00ean \u0111\u01b0\u1ee3c gh\u00e9p n\u1ed1i.<\/p>\n\n\n\n<p>C\u00f3 hai lo\u1ea1i m\u1ea1o t\u1eeb b\u1eb1ng ti\u1ebfng Na Uy: x\u00e1c \u0111\u1ecbnh v\u00e0 kh\u00f4ng x\u00e1c \u0111\u1ecbnh. M\u1ea1o t\u1eeb x\u00e1c \u0111\u1ecbnh xu\u1ea5t hi\u1ec7n d\u01b0\u1edbi d\u1ea1ng h\u1eadu t\u1ed1 \u1edf cu\u1ed1i danh t\u1eeb, trong khi m\u1ea1o t\u1eeb kh\u00f4ng x\u00e1c \u0111\u1ecbnh l\u00e0 nh\u1eefng t\u1eeb ri\u00eang bi\u1ec7t \u0111\u1ee9ng tr\u01b0\u1edbc danh t\u1eeb. C\u00e1c m\u1ea1o t\u1eeb ph\u1ea3i ph\u00f9 h\u1ee3p v\u1edbi danh t\u1eeb v\u1ec1 gi\u1edbi t\u00ednh v\u00e0 s\u1ed1.<\/p>\n\n\n\n<p><strong>\u2013 M\u1ea1o t\u1eeb x\u00e1c \u0111\u1ecbnh: -en (nam t\u00ednh), -a (n\u1eef t\u00ednh), -et (trung t\u00ednh)<\/strong><\/p>\n\n\n\n<p><strong>\u2013 M\u1ea1o t\u1eeb kh\u00f4ng x\u00e1c \u0111\u1ecbnh: en (nam t\u00ednh), ei (n\u1eef t\u00ednh), et (trung t\u00ednh)<\/strong><\/p>\n\n\n\n<h3 class=\"wp-block-heading\" id=\"h-2-mastering-norwegian-verbs-conjugation-and-tenses\">2. N\u1eafm v\u1eefng \u0111\u1ed9ng t\u1eeb Na Uy: Chia \u0111\u1ed9ng t\u1eeb v\u00e0 th\u00ec<\/h3>\n\n\n\n<p>\u0110\u1ed9ng t\u1eeb ti\u1ebfng Na Uy t\u01b0\u01a1ng \u0111\u1ed1i d\u1ec5 h\u1ecdc, v\u00ec ch\u00fang c\u00f3 \u00edt c\u00e1ch chia \u0111\u1ed9ng t\u1eeb h\u01a1n nhi\u1ec1u ng\u00f4n ng\u1eef kh\u00e1c. \u0110\u1ed9ng t\u1eeb \u0111\u01b0\u1ee3c chia \u0111\u1ed9ng t\u1eeb theo th\u00ec v\u00e0 t\u00e2m tr\u1ea1ng. \u0110\u1ed9ng t\u1eeb Na Uy ch\u1ee7 y\u1ebfu \u0111\u01b0\u1ee3c chia th\u00e0nh b\u1ed1n nh\u00f3m, m\u1ed7i nh\u00f3m c\u00f3 ki\u1ec3u chia \u0111\u1ed9ng t\u1eeb ri\u00eang. Tuy nhi\u00ean, tin t\u1ed1t l\u00e0, kh\u00f4ng gi\u1ed1ng nh\u01b0 nhi\u1ec1u ng\u00f4n ng\u1eef kh\u00e1c, \u0111\u1ed9ng t\u1eeb Na Uy kh\u00f4ng thay \u0111\u1ed5i h\u00ecnh th\u1ee9c c\u1ee7a ch\u00fang d\u1ef1a tr\u00ean ch\u1ee7 ng\u1eef ho\u1eb7c s\u1ed1.<\/p>\n\n\n\n<p>Ti\u1ebfng Na Uy c\u00f3 \u00edt th\u00ec h\u01a1n ti\u1ebfng Anh, ch\u1ec9 c\u00f3 ba th\u00ec: th\u00ec hi\u1ec7n t\u1ea1i, th\u00ec qu\u00e1 kh\u1ee9 v\u00e0 th\u00ec ho\u00e0n h\u1ea3o. Th\u00ec hi\u1ec7n t\u1ea1i \u0111\u01b0\u1ee3c s\u1eed d\u1ee5ng \u0111\u1ec3 th\u1ec3 hi\u1ec7n c\u00e1c s\u1ef1 ki\u1ec7n hi\u1ec7n t\u1ea1i v\u00e0 t\u01b0\u01a1ng lai, trong khi th\u00ec qu\u00e1 kh\u1ee9 bi\u1ec3u th\u1ecb c\u00e1c h\u00e0nh \u0111\u1ed9ng \u0111\u00e3 ho\u00e0n th\u00e0nh v\u00e0 th\u00ec qu\u00e1 kh\u1ee9 ho\u00e0n h\u1ea3o cho bi\u1ebft tr\u1ea3i nghi\u1ec7m ho\u1eb7c tr\u1ea1ng th\u00e1i \u0111\u00e3 x\u1ea3y ra tr\u01b0\u1edbc m\u1ed9t th\u1eddi \u0111i\u1ec3m c\u1ee5 th\u1ec3 trong qu\u00e1 kh\u1ee9.<\/p>\n\n\n\n<h3 class=\"wp-block-heading\" id=\"h-3-expressing-yourself-with-norwegian-adjectives-and-adverbs\">3. Th\u1ec3 hi\u1ec7n b\u1ea3n th\u00e2n b\u1eb1ng t\u00ednh t\u1eeb v\u00e0 tr\u1ea1ng t\u1eeb Na Uy<\/h3>\n\n\n\n<p>S\u1eed d\u1ee5ng t\u00ednh t\u1eeb gi\u00fap t\u0103ng c\u01b0\u1eddng kh\u1ea3 n\u0103ng th\u1ec3 hi\u1ec7n b\u1ea3n th\u00e2n b\u1eb1ng ti\u1ebfng Na Uy m\u1ed9t c\u00e1ch hi\u1ec7u qu\u1ea3. T\u00ednh t\u1eeb m\u00f4 t\u1ea3 ph\u1ea9m ch\u1ea5t ho\u1eb7c \u0111\u1eb7c \u0111i\u1ec3m c\u1ee7a danh t\u1eeb v\u00e0 c\u1ea7n ph\u1ea3i \u0111\u1ed3ng \u00fd v\u1edbi danh t\u1eeb v\u1ec1 gi\u1edbi t\u00ednh v\u00e0 s\u1ed1 l\u01b0\u1ee3ng. Trong ti\u1ebfng Na Uy, t\u00ednh t\u1eeb th\u01b0\u1eddng xu\u1ea5t hi\u1ec7n tr\u01b0\u1edbc danh t\u1eeb m\u00e0 ch\u00fang m\u00f4 t\u1ea3.<\/p>\n\n\n\n<p>Tr\u1ea1ng t\u1eeb trong ti\u1ebfng Na Uy s\u1eeda \u0111\u1ed5i \u0111\u1ed9ng t\u1eeb, t\u00ednh t\u1eeb ho\u1eb7c c\u00e1c tr\u1ea1ng t\u1eeb kh\u00e1c. Ch\u00fang truy\u1ec1n t\u1ea3i th\u00f4ng tin v\u1ec1 c\u00e1ch th\u1ee9c, th\u1eddi gian, \u0111\u1ecba \u0111i\u1ec3m v\u00e0 m\u1ee9c \u0111\u1ed9 n\u00e0o m\u1ed9t h\u00e0nh \u0111\u1ed9ng x\u1ea3y ra. Kh\u00f4ng gi\u1ed1ng nh\u01b0 t\u00ednh t\u1eeb, tr\u1ea1ng t\u1eeb v\u1eabn gi\u1eef nguy\u00ean b\u1ea5t k\u1ec3 gi\u1edbi t\u00ednh ho\u1eb7c s\u1ed1 l\u01b0\u1ee3ng danh t\u1eeb \u0111\u01b0\u1ee3c m\u00f4 t\u1ea3.<\/p>\n\n\n\n<h3 class=\"wp-block-heading\" id=\"h-4-constructing-sentences-with-norwegian-pronouns-and-word-order\">4. X\u00e2y d\u1ef1ng c\u00e2u v\u1edbi \u0111\u1ea1i t\u1eeb ti\u1ebfng Na Uy v\u00e0 th\u1ee9 t\u1ef1 t\u1eeb<\/h3>\n\n\n\n<p>\u0110\u1ea1i t\u1eeb Na Uy thay th\u1ebf danh t\u1eeb v\u00e0 th\u01b0\u1eddng \u0111\u1ed3ng \u00fd v\u1edbi danh t\u1eeb m\u00e0 ch\u00fang \u0111\u1ea1i di\u1ec7n v\u1ec1 gi\u1edbi t\u00ednh, s\u1ed1 l\u01b0\u1ee3ng v\u00e0 ch\u1eef th\u01b0\u1eddng. C\u00f3 nhi\u1ec1u lo\u1ea1i \u0111\u1ea1i t\u1eeb kh\u00e1c nhau trong ti\u1ebfng Na Uy, bao g\u1ed3m \u0111\u1ea1i t\u1eeb c\u00e1 nh\u00e2n, s\u1edf h\u1eefu, bi\u1ec3u di\u1ec5n, ph\u1ea3n x\u1ea1, h\u1ecd h\u00e0ng v\u00e0 nghi v\u1ea5n.<\/p>\n\n\n\n<p>C\u1ea5u tr\u00fac c\u00e2u ti\u1ebfng Na Uy tu\u00e2n theo th\u1ee9 t\u1ef1 ch\u1ee7 ng\u1eef-\u0111\u1ed9ng t\u1eeb-t\u00e2n ng\u1eef (SVO), t\u01b0\u01a1ng t\u1ef1 nh\u01b0 ti\u1ebfng Anh. Tuy nhi\u00ean, n\u00f3 c\u0169ng s\u1eed d\u1ee5ng quy t\u1eafc \u0110\u1ed9ng t\u1eeb-gi\u00e2y (V2) trong \u0111\u00f3 \u0111\u1ed9ng t\u1eeb th\u01b0\u1eddng chi\u1ebfm v\u1ecb tr\u00ed th\u1ee9 hai trong m\u1ec7nh \u0111\u1ec1 ch\u00ednh. Hi\u1ec3u v\u00e0 th\u1ef1c h\u00e0nh tr\u1eadt t\u1ef1 t\u1eeb ti\u1ebfng Na Uy l\u00e0 \u0111i\u1ec1u c\u1ea7n thi\u1ebft \u0111\u1ec3 \u0111\u1ea1t \u0111\u01b0\u1ee3c s\u1ef1 tr\u00f4i ch\u1ea3y trong ng\u00f4n ng\u1eef n\u00e0y.<\/p>\n\n\n\n<h3 class=\"wp-block-heading\" id=\"h-conclusion\">Ph\u1ea7n k\u1ebft lu\u1eadn<\/h3>\n\n\n\n<p>\u0110\u1ec3 \u0111\u1ea1t \u0111\u01b0\u1ee3c s\u1ef1 tr\u00f4i ch\u1ea3y trong ng\u1eef ph\u00e1p ti\u1ebfng Na Uy \u0111\u00f2i h\u1ecfi s\u1ef1 c\u1ed1ng hi\u1ebfn, th\u1ef1c h\u00e0nh v\u00e0 m\u1ed9t t\u00e2m tr\u00ed c\u1edfi m\u1edf \u0111\u1ec3 kh\u00e1m ph\u00e1 c\u00e1c \u0111\u1eb7c \u0111i\u1ec3m \u0111\u1ed9c \u0111\u00e1o c\u1ee7a ng\u00f4n ng\u1eef. Cho d\u00f9 b\u1ea1n quan t\u00e2m \u0111\u1ebfn vi\u1ec7c h\u00f2a m\u00ecnh v\u00e0o v\u0103n h\u00f3a Na Uy hay mu\u1ed1n h\u1ecdc m\u1ed9t ng\u00f4n ng\u1eef m\u1edbi, vi\u1ec7c n\u1eafm v\u1eefng ng\u1eef ph\u00e1p ti\u1ebfng Na Uy s\u1ebd \u0111\u1eb7t n\u1ec1n t\u1ea3ng cho giao ti\u1ebfp th\u00e0nh c\u00f4ng. Khi b\u1ea1n \u0111i s\u00e2u v\u00e0o danh t\u1eeb, \u0111\u1ed9ng t\u1eeb, t\u00ednh t\u1eeb v\u00e0 tr\u1eadt t\u1ef1 t\u1eeb Na Uy, h\u00e3y nh\u1edb t\u1eadn h\u01b0\u1edfng qu\u00e1 tr\u00ecnh n\u00e0y v\u00e0 tr\u00e2n tr\u1ecdng nh\u1eefng tr\u1ea3i nghi\u1ec7m ng\u00f4n ng\u1eef phong ph\u00fa \u0111ang ch\u1edd b\u1ea1n. Lykke til!<\/p>\n<\/div><\/div>\n\r\n<section class=\"learnNavigationSection\">\r\n            \r\n        <a href=\"https:\/\/talkpal.ai\/vi\/hoc-tieng-na-uy\/\">\r\n            <div class=\"learnNavigationWrapper\">\r\n                <div class=\"learnNavigationContent\">\r\n                    <img decoding=\"async\" src=\"https:\/\/talkpal.ai\/wp-content\/uploads\/2024\/08\/Norwegian.jpg\" alt=\"Norwegian Flag\">\r\n                    <div>\r\n                        <h4>Gi\u1edbi thi\u1ec7u v\u1ec1 H\u1ecdc Na Uy<\/h4>\r\n                        <p>T\u00ecm hi\u1ec3u t\u1ea5t c\u1ea3 v\u1ec1 ng\u1eef ph\u00e1p ti\u1ebfng Na Uy.<\/p>\r\n                    <\/div>\r\n                <\/div>\r\n            <\/div>\r\n        <\/a>\r\n\r\n        \r\n        <a href=\"https:\/\/talkpal.ai\/vi\/bai-tap-ngu-phap-tieng-na-uy\/\">\r\n            <div class=\"learnNavigationWrapper\">\r\n                <div class=\"learnNavigationContent\">\r\n                    <img decoding=\"async\" src=\"https:\/\/talkpal.ai\/wp-content\/uploads\/2024\/08\/Norwegian.jpg\" alt=\"Norwegian Flag\">\r\n                    <div>\r\n                        <h4>B\u00e0i t\u1eadp ng\u1eef ph\u00e1p ti\u1ebfng Na Uy<\/h4>\r\n                        <p>Th\u1ef1c h\u00e0nh ng\u1eef ph\u00e1p Na Uy.<\/p>\r\n                    <\/div>\r\n                <\/div>\r\n            <\/div>\r\n        <\/a>\r\n\r\n        \r\n        <a href=\"https:\/\/talkpal.ai\/vocabulary_language\/norwegian\/\">\r\n            <div class=\"learnNavigationWrapper\">\r\n                <div class=\"learnNavigationContent\">\r\n                    <img decoding=\"async\" src=\"https:\/\/talkpal.ai\/wp-content\/uploads\/2024\/08\/Norwegian.jpg\" alt=\"Norwegian Flag\">\r\n                    <div>\r\n                        <h4>T\u1eeb v\u1ef1ng Na Uy<\/h4>\r\n                        <p>M\u1edf r\u1ed9ng v\u1ed1n t\u1eeb v\u1ef1ng ti\u1ebfng Na Uy c\u1ee7a b\u1ea1n.<\/p>\r\n                    <\/div>\r\n                <\/div>\r\n            <\/div>\r\n        <\/a>\r\n\r\n            <\/section>","protected":false},"excerpt":{"rendered":"<p>\u0110i s\u00e2u v\u00e0o ng\u1eef ph\u00e1p Na Uy: H\u01b0\u1edbng d\u1eabn to\u00e0n di\u1ec7n Ti\u1ebfng Na Uy, m\u1ed9t ng\u00f4n ng\u1eef h\u1ea5p d\u1eabn v\u00e0 bi\u1ec3u c\u1ea3m, mang \u0111\u1ebfn c\u01a1 h\u1ed9i duy nh\u1ea5t cho ng\u01b0\u1eddi h\u1ecdc ng\u00f4n ng\u1eef kh\u00e1m ph\u00e1 di s\u1ea3n v\u0103n h\u00f3a v\u00e0 l\u1ecbch s\u1eed phong ph\u00fa c\u1ee7a Na Uy. Tin t\u1ed1t l\u00e0 ng\u1eef ph\u00e1p ti\u1ebfng Na Uy [&hellip;]<\/p>\n","protected":false},"author":1,"featured_media":1442207,"parent":0,"menu_order":0,"comment_status":"closed","ping_status":"closed","template":"LearningContentPage.php","meta":{"_acf_changed":false,"footnotes":""},"class_list":["post-1442206","page","type-page","status-publish","has-post-thumbnail","hentry"],"acf":[],"yoast_head":"<!-- This site is optimized with the Yoast SEO Premium plugin v27.2 (Yoast SEO v27.2) - https:\/\/yoast.com\/product\/yoast-seo-premium-wordpress\/ -->\n<title>Ng\u1eef ph\u00e1p Na Uy - Talkpal<\/title>\n<meta name=\"description\" content=\"Kh\u00e1m ph\u00e1 s\u1ef1 ph\u1ee9c t\u1ea1p c\u1ee7a ng\u1eef ph\u00e1p ti\u1ebfng Na Uy v\u00e0 n\u00e2ng cao k\u1ef9 n\u0103ng ng\u00f4n ng\u1eef c\u1ee7a b\u1ea1n l\u00ean m\u1ed9t t\u1ea7m cao m\u1edbi.\" \/>\n<meta name=\"robots\" content=\"index, follow, max-snippet:-1, max-image-preview:large, max-video-preview:-1\" \/>\n<link rel=\"canonical\" href=\"https:\/\/talkpal.ai\/vi\/ngu-phap-na-uy\/\" \/>\n<meta property=\"og:locale\" content=\"vi_VN\" \/>\n<meta property=\"og:type\" content=\"article\" \/>\n<meta property=\"og:title\" content=\"Ng\u1eef ph\u00e1p Na Uy\" \/>\n<meta property=\"og:description\" content=\"\u0110i s\u00e2u v\u00e0o ng\u1eef ph\u00e1p Na Uy: H\u01b0\u1edbng d\u1eabn to\u00e0n di\u1ec7n Ti\u1ebfng Na Uy, m\u1ed9t ng\u00f4n ng\u1eef h\u1ea5p d\u1eabn v\u00e0 bi\u1ec3u c\u1ea3m, mang \u0111\u1ebfn c\u01a1 h\u1ed9i duy nh\u1ea5t cho ng\u01b0\u1eddi h\u1ecdc ng\u00f4n ng\u1eef kh\u00e1m ph\u00e1 di\" \/>\n<meta property=\"og:url\" content=\"https:\/\/talkpal.ai\/vi\/ngu-phap-na-uy\/\" \/>\n<meta property=\"og:site_name\" content=\"Talkpal\" \/>\n<meta property=\"article:publisher\" content=\"https:\/\/www.facebook.com\/profile.php?id=100090733639311\" \/>\n<meta property=\"article:modified_time\" content=\"2025-12-17T17:01:06+00:00\" \/>\n<meta property=\"og:image\" content=\"https:\/\/talkpal.ai\/wp-content\/uploads\/2023\/05\/norway.png\" \/>\n\t<meta property=\"og:image:width\" content=\"512\" \/>\n\t<meta property=\"og:image:height\" content=\"512\" \/>\n\t<meta property=\"og:image:type\" content=\"image\/png\" \/>\n<meta name=\"twitter:card\" content=\"summary_large_image\" \/>\n<meta name=\"twitter:site\" content=\"@talkpalai\" \/>\n<meta name=\"twitter:label1\" content=\"Est. reading time\" \/>\n\t<meta name=\"twitter:data1\" content=\"6 minutes\" \/>\n<script type=\"application\/ld+json\" class=\"yoast-schema-graph\">{\"@context\":\"https:\/\/schema.org\",\"@graph\":[{\"@type\":\"WebPage\",\"@id\":\"https:\/\/talkpal.ai\/vi\/ngu-phap-na-uy\/\",\"url\":\"https:\/\/talkpal.ai\/vi\/ngu-phap-na-uy\/\",\"name\":\"Ng\u1eef ph\u00e1p Na Uy - Talkpal\",\"isPartOf\":{\"@id\":\"https:\/\/talkpal.ai\/vi\/#website\"},\"primaryImageOfPage\":{\"@id\":\"https:\/\/talkpal.ai\/vi\/ngu-phap-na-uy\/#primaryimage\"},\"image\":{\"@id\":\"https:\/\/talkpal.ai\/vi\/ngu-phap-na-uy\/#primaryimage\"},\"thumbnailUrl\":\"https:\/\/talkpal.ai\/wp-content\/uploads\/2023\/05\/norway.png\",\"datePublished\":\"2023-05-14T14:13:06+00:00\",\"dateModified\":\"2025-12-17T17:01:06+00:00\",\"description\":\"Kh\u00e1m ph\u00e1 s\u1ef1 ph\u1ee9c t\u1ea1p c\u1ee7a ng\u1eef ph\u00e1p ti\u1ebfng Na Uy v\u00e0 n\u00e2ng cao k\u1ef9 n\u0103ng ng\u00f4n ng\u1eef c\u1ee7a b\u1ea1n l\u00ean m\u1ed9t t\u1ea7m cao m\u1edbi.\",\"breadcrumb\":{\"@id\":\"https:\/\/talkpal.ai\/vi\/ngu-phap-na-uy\/#breadcrumb\"},\"inLanguage\":\"vi-VN\",\"potentialAction\":[{\"@type\":\"ReadAction\",\"target\":[\"https:\/\/talkpal.ai\/vi\/ngu-phap-na-uy\/\"]}]},{\"@type\":\"ImageObject\",\"inLanguage\":\"vi-VN\",\"@id\":\"https:\/\/talkpal.ai\/vi\/ngu-phap-na-uy\/#primaryimage\",\"url\":\"https:\/\/talkpal.ai\/wp-content\/uploads\/2023\/05\/norway.png\",\"contentUrl\":\"https:\/\/talkpal.ai\/wp-content\/uploads\/2023\/05\/norway.png\",\"width\":512,\"height\":512,\"caption\":\"TalkPal Norway\u00a0 Flag\"},{\"@type\":\"BreadcrumbList\",\"@id\":\"https:\/\/talkpal.ai\/vi\/ngu-phap-na-uy\/#breadcrumb\",\"itemListElement\":[{\"@type\":\"ListItem\",\"position\":1,\"name\":\"Homepage\",\"item\":\"https:\/\/talkpal.ai\/vi\/giao-vien-ngon-ngu-ai-3\/\"},{\"@type\":\"ListItem\",\"position\":2,\"name\":\"Ng\u1eef ph\u00e1p Na Uy\"}]},{\"@type\":\"WebSite\",\"@id\":\"https:\/\/talkpal.ai\/vi\/#website\",\"url\":\"https:\/\/talkpal.ai\/vi\/\",\"name\":\"Talkpal\",\"description\":\"AI Language Learning\",\"publisher\":{\"@id\":\"https:\/\/talkpal.ai\/vi\/#organization\"},\"alternateName\":\"Talkpal AI\",\"potentialAction\":[{\"@type\":\"SearchAction\",\"target\":{\"@type\":\"EntryPoint\",\"urlTemplate\":\"https:\/\/talkpal.ai\/vi\/?s={search_term_string}\"},\"query-input\":{\"@type\":\"PropertyValueSpecification\",\"valueRequired\":true,\"valueName\":\"search_term_string\"}}],\"inLanguage\":\"vi-VN\"},{\"@type\":\"Organization\",\"@id\":\"https:\/\/talkpal.ai\/vi\/#organization\",\"name\":\"Talkpal, Inc.\",\"alternateName\":\"Talkpal AI\",\"url\":\"https:\/\/talkpal.ai\/vi\/\",\"logo\":{\"@type\":\"ImageObject\",\"inLanguage\":\"vi-VN\",\"@id\":\"https:\/\/talkpal.ai\/vi\/#\/schema\/logo\/image\/\",\"url\":\"https:\/\/talkpal.ai\/wp-content\/uploads\/2024\/03\/Talkpal-Logo-Icon.png\",\"contentUrl\":\"https:\/\/talkpal.ai\/wp-content\/uploads\/2024\/03\/Talkpal-Logo-Icon.png\",\"width\":2880,\"height\":2880,\"caption\":\"Talkpal, Inc.\"},\"image\":{\"@id\":\"https:\/\/talkpal.ai\/vi\/#\/schema\/logo\/image\/\"},\"sameAs\":[\"https:\/\/www.facebook.com\/profile.php?id=100090733639311\",\"https:\/\/x.com\/talkpalai\",\"https:\/\/www.linkedin.com\/company\/talkpal\/\",\"https:\/\/www.youtube.com\/@TalkPal\/\",\"https:\/\/www.tiktok.com\/@talkpal\",\"https:\/\/www.instagram.com\/talkpal_ai\/\",\"https:\/\/www.crunchbase.com\/organization\/talkpal-9cde\",\"https:\/\/www.g2.com\/products\/talkpal-for-business\/\",\"https:\/\/www.trustpilot.com\/review\/talkpal.ai\",\"https:\/\/www.capterra.com\/p\/10006800\/TalkPal\/\"],\"description\":\"Talkpal is a language learning web and mobile education app, powered by the latest AI technologies, that provides engaging experiences to its customers in many different languages to help them improve their language skills. Users can chat about unlimited amount of topics with the app and use other modes to practice their language learning.\",\"email\":\"support@talkpal.ai\",\"legalName\":\"Talkpal, Inc.\",\"foundingDate\":\"2023-04-03\",\"duns\":\"118989042\",\"numberOfEmployees\":{\"@type\":\"QuantitativeValue\",\"minValue\":\"11\",\"maxValue\":\"50\"},\"publishingPrinciples\":\"https:\/\/talkpal.ai\/publishing-principles\/\",\"actionableFeedbackPolicy\":\"https:\/\/talkpal.ai\/actionable-feedback-policy\/\",\"correctionsPolicy\":\"https:\/\/talkpal.ai\/corrections-policy\/\",\"ethicsPolicy\":\"https:\/\/talkpal.ai\/ethics-policy\/\",\"diversityPolicy\":\"https:\/\/talkpal.ai\/diversity-policy\/\",\"diversityStaffingReport\":\"https:\/\/talkpal.ai\/diversity-policy\/\"}]}<\/script>\n<!-- \/ Yoast SEO Premium plugin. -->","yoast_head_json":{"title":"Ng\u1eef ph\u00e1p Na Uy - Talkpal","description":"Kh\u00e1m ph\u00e1 s\u1ef1 ph\u1ee9c t\u1ea1p c\u1ee7a ng\u1eef ph\u00e1p ti\u1ebfng Na Uy v\u00e0 n\u00e2ng cao k\u1ef9 n\u0103ng ng\u00f4n ng\u1eef c\u1ee7a b\u1ea1n l\u00ean m\u1ed9t t\u1ea7m cao m\u1edbi.","robots":{"index":"index","follow":"follow","max-snippet":"max-snippet:-1","max-image-preview":"max-image-preview:large","max-video-preview":"max-video-preview:-1"},"canonical":"https:\/\/talkpal.ai\/vi\/ngu-phap-na-uy\/","og_locale":"vi_VN","og_type":"article","og_title":"Ng\u1eef ph\u00e1p Na Uy","og_description":"\u0110i s\u00e2u v\u00e0o ng\u1eef ph\u00e1p Na Uy: H\u01b0\u1edbng d\u1eabn to\u00e0n di\u1ec7n Ti\u1ebfng Na Uy, m\u1ed9t ng\u00f4n ng\u1eef h\u1ea5p d\u1eabn v\u00e0 bi\u1ec3u c\u1ea3m, mang \u0111\u1ebfn c\u01a1 h\u1ed9i duy nh\u1ea5t cho ng\u01b0\u1eddi h\u1ecdc ng\u00f4n ng\u1eef kh\u00e1m ph\u00e1 di","og_url":"https:\/\/talkpal.ai\/vi\/ngu-phap-na-uy\/","og_site_name":"Talkpal","article_publisher":"https:\/\/www.facebook.com\/profile.php?id=100090733639311","article_modified_time":"2025-12-17T17:01:06+00:00","og_image":[{"width":512,"height":512,"url":"https:\/\/talkpal.ai\/wp-content\/uploads\/2023\/05\/norway.png","type":"image\/png"}],"twitter_card":"summary_large_image","twitter_site":"@talkpalai","twitter_misc":{"Est. reading time":"6 minutes"},"schema":{"@context":"https:\/\/schema.org","@graph":[{"@type":"WebPage","@id":"https:\/\/talkpal.ai\/vi\/ngu-phap-na-uy\/","url":"https:\/\/talkpal.ai\/vi\/ngu-phap-na-uy\/","name":"Ng\u1eef ph\u00e1p Na Uy - Talkpal","isPartOf":{"@id":"https:\/\/talkpal.ai\/vi\/#website"},"primaryImageOfPage":{"@id":"https:\/\/talkpal.ai\/vi\/ngu-phap-na-uy\/#primaryimage"},"image":{"@id":"https:\/\/talkpal.ai\/vi\/ngu-phap-na-uy\/#primaryimage"},"thumbnailUrl":"https:\/\/talkpal.ai\/wp-content\/uploads\/2023\/05\/norway.png","datePublished":"2023-05-14T14:13:06+00:00","dateModified":"2025-12-17T17:01:06+00:00","description":"Kh\u00e1m ph\u00e1 s\u1ef1 ph\u1ee9c t\u1ea1p c\u1ee7a ng\u1eef ph\u00e1p ti\u1ebfng Na Uy v\u00e0 n\u00e2ng cao k\u1ef9 n\u0103ng ng\u00f4n ng\u1eef c\u1ee7a b\u1ea1n l\u00ean m\u1ed9t t\u1ea7m cao m\u1edbi.","breadcrumb":{"@id":"https:\/\/talkpal.ai\/vi\/ngu-phap-na-uy\/#breadcrumb"},"inLanguage":"vi-VN","potentialAction":[{"@type":"ReadAction","target":["https:\/\/talkpal.ai\/vi\/ngu-phap-na-uy\/"]}]},{"@type":"ImageObject","inLanguage":"vi-VN","@id":"https:\/\/talkpal.ai\/vi\/ngu-phap-na-uy\/#primaryimage","url":"https:\/\/talkpal.ai\/wp-content\/uploads\/2023\/05\/norway.png","contentUrl":"https:\/\/talkpal.ai\/wp-content\/uploads\/2023\/05\/norway.png","width":512,"height":512,"caption":"TalkPal Norway\u00a0 Flag"},{"@type":"BreadcrumbList","@id":"https:\/\/talkpal.ai\/vi\/ngu-phap-na-uy\/#breadcrumb","itemListElement":[{"@type":"ListItem","position":1,"name":"Homepage","item":"https:\/\/talkpal.ai\/vi\/giao-vien-ngon-ngu-ai-3\/"},{"@type":"ListItem","position":2,"name":"Ng\u1eef ph\u00e1p Na Uy"}]},{"@type":"WebSite","@id":"https:\/\/talkpal.ai\/vi\/#website","url":"https:\/\/talkpal.ai\/vi\/","name":"Talkpal","description":"AI Language Learning","publisher":{"@id":"https:\/\/talkpal.ai\/vi\/#organization"},"alternateName":"Talkpal AI","potentialAction":[{"@type":"SearchAction","target":{"@type":"EntryPoint","urlTemplate":"https:\/\/talkpal.ai\/vi\/?s={search_term_string}"},"query-input":{"@type":"PropertyValueSpecification","valueRequired":true,"valueName":"search_term_string"}}],"inLanguage":"vi-VN"},{"@type":"Organization","@id":"https:\/\/talkpal.ai\/vi\/#organization","name":"Talkpal, Inc.","alternateName":"Talkpal AI","url":"https:\/\/talkpal.ai\/vi\/","logo":{"@type":"ImageObject","inLanguage":"vi-VN","@id":"https:\/\/talkpal.ai\/vi\/#\/schema\/logo\/image\/","url":"https:\/\/talkpal.ai\/wp-content\/uploads\/2024\/03\/Talkpal-Logo-Icon.png","contentUrl":"https:\/\/talkpal.ai\/wp-content\/uploads\/2024\/03\/Talkpal-Logo-Icon.png","width":2880,"height":2880,"caption":"Talkpal, Inc."},"image":{"@id":"https:\/\/talkpal.ai\/vi\/#\/schema\/logo\/image\/"},"sameAs":["https:\/\/www.facebook.com\/profile.php?id=100090733639311","https:\/\/x.com\/talkpalai","https:\/\/www.linkedin.com\/company\/talkpal\/","https:\/\/www.youtube.com\/@TalkPal\/","https:\/\/www.tiktok.com\/@talkpal","https:\/\/www.instagram.com\/talkpal_ai\/","https:\/\/www.crunchbase.com\/organization\/talkpal-9cde","https:\/\/www.g2.com\/products\/talkpal-for-business\/","https:\/\/www.trustpilot.com\/review\/talkpal.ai","https:\/\/www.capterra.com\/p\/10006800\/TalkPal\/"],"description":"Talkpal is a language learning web and mobile education app, powered by the latest AI technologies, that provides engaging experiences to its customers in many different languages to help them improve their language skills. Users can chat about unlimited amount of topics with the app and use other modes to practice their language learning.","email":"support@talkpal.ai","legalName":"Talkpal, Inc.","foundingDate":"2023-04-03","duns":"118989042","numberOfEmployees":{"@type":"QuantitativeValue","minValue":"11","maxValue":"50"},"publishingPrinciples":"https:\/\/talkpal.ai\/publishing-principles\/","actionableFeedbackPolicy":"https:\/\/talkpal.ai\/actionable-feedback-policy\/","correctionsPolicy":"https:\/\/talkpal.ai\/corrections-policy\/","ethicsPolicy":"https:\/\/talkpal.ai\/ethics-policy\/","diversityPolicy":"https:\/\/talkpal.ai\/diversity-policy\/","diversityStaffingReport":"https:\/\/talkpal.ai\/diversity-policy\/"}]}},"_links":{"self":[{"href":"https:\/\/talkpal.ai\/vi\/wp-json\/wp\/v2\/pages\/1442206","targetHints":{"allow":["GET"]}}],"collection":[{"href":"https:\/\/talkpal.ai\/vi\/wp-json\/wp\/v2\/pages"}],"about":[{"href":"https:\/\/talkpal.ai\/vi\/wp-json\/wp\/v2\/types\/page"}],"author":[{"embeddable":true,"href":"https:\/\/talkpal.ai\/vi\/wp-json\/wp\/v2\/users\/1"}],"replies":[{"embeddable":true,"href":"https:\/\/talkpal.ai\/vi\/wp-json\/wp\/v2\/comments?post=1442206"}],"version-history":[{"count":0,"href":"https:\/\/talkpal.ai\/vi\/wp-json\/wp\/v2\/pages\/1442206\/revisions"}],"wp:featuredmedia":[{"embeddable":true,"href":"https:\/\/talkpal.ai\/vi\/wp-json\/wp\/v2\/media\/1442207"}],"wp:attachment":[{"href":"https:\/\/talkpal.ai\/vi\/wp-json\/wp\/v2\/media?parent=1442206"}],"curies":[{"name":"wp","href":"https:\/\/api.w.org\/{rel}","templated":true}]}}