{"id":1442203,"date":"2023-05-14T14:12:07","date_gmt":"2023-05-14T14:12:07","guid":{"rendered":"https:\/\/talkpal.ai\/ngu-phap-tieng-marathi\/"},"modified":"2025-12-12T10:36:40","modified_gmt":"2025-12-12T10:36:40","slug":"ngu-phap-tieng-marathi","status":"publish","type":"page","link":"https:\/\/talkpal.ai\/vi\/ngu-phap-tieng-marathi\/","title":{"rendered":"Ng\u1eef ph\u00e1p ti\u1ebfng Marathi"},"content":{"rendered":"\r\n\r\n\r\n<section class=\"languageChallengeSection\">\r\n    <div class=\"languageInfoWrapper\">\r\n        \r\n        <h1>Ng\u1eef ph\u00e1p ti\u1ebfng Marathi<\/h1>\r\n        <p>T\u00f2 m\u00f2 <a href=\"https:\/\/talkpal.ai\/vi\/ve\/\">v\u1ec1<\/a> ti\u1ebfng <a href=\"https:\/\/talkpal.ai\/learn-marathi\/\">Marathi<\/a>? B\u01b0\u1edbc v\u00e0o <a href=\"https:\/\/talkpal.ai\/vi\/ngu-phap\/\">ng\u1eef ph\u00e1p<\/a> Marathi, n\u01a1i c\u00e1c danh t\u1eeb gi\u1edbi t\u00ednh, c\u1ea5u tr\u00fac c\u00e2u linh ho\u1ea1t v\u00e0 c\u00e1ch chia \u0111\u1ed9ng t\u1eeb bi\u1ec3u c\u1ea3m t\u1ea1o ra m\u1ed9t <a href=\"https:\/\/talkpal.ai\/vi\/hoc-ngon-ngu-cho-cac-truong-ngon-ngu\/\">ng\u00f4n ng\u1eef<\/a> s\u1ed1ng \u0111\u1ed9ng v\u00e0 n\u0103ng \u0111\u1ed9ng. B\u1eaft \u0111\u1ea7u h\u00e0nh tr\u00ecnh h\u1ecdc t\u1eadp c\u1ee7a b\u1ea1n ngay h\u00f4m nay \u2014 n\u1eafm v\u1eefng ng\u1eef ph\u00e1p Marathi s\u1ebd gi\u00fap b\u1ea1n t\u1ef1 tin giao ti\u1ebfp v\u00e0 k\u1ebft n\u1ed1i v\u1edbi <a href=\"https:\/\/talkpal.ai\/will-ai-kill-traditional-language-learning\/\">truy\u1ec1n th\u1ed1ng<\/a> v\u00e0 v\u0103n h\u00f3a phong ph\u00fa c\u1ee7a Maharashtra!<\/p>\r\n\r\n                            <a class=\"getStartedHidden\" href=\"https:\/\/app.talkpal.ai\/vi\/signup?lng=\">B\u1eaft \u0111\u1ea7u nh\u00e9<\/a>\r\n        \r\n    <\/div>\r\n\r\n    <figure>\r\n    <img decoding=\"async\" width=\"768\" height=\"768\" src=\"https:\/\/talkpal.ai\/wp-content\/uploads\/2023\/06\/marathi-768x768.png\" class=\"languageImage no-lazy\" alt=\"Fun ways to make language learning interesting\" fetchpriority=\"high\" sizes=\"(max-width: 768px) 150px, 768px\" srcset=\"https:\/\/talkpal.ai\/wp-content\/uploads\/2023\/06\/marathi-768x768.png 768w, https:\/\/talkpal.ai\/wp-content\/uploads\/2023\/06\/marathi-300x300.png 300w\" \/>\r\n    \r\n\r\n    <\/figure>\r\n\r\n            <a class=\"getStartedVisible\" href=\"https:\/\/app.talkpal.ai\/vi\/signup?lng=\">B\u1eaft \u0111\u1ea7u nh\u00e9<\/a>\r\n    \r\n<\/section>\r\n<section class=\"promotionalBanner\">\r\n    <p class=\"promotionalText\">C\u00e1ch hi\u1ec7u qu\u1ea3 nh\u1ea5t \u0111\u1ec3 h\u1ecdc m\u1ed9t ng\u00f4n ng\u1eef<\/p>\r\n    <a class=\"promotionalLink\" href=\"https:\/\/app.talkpal.ai\/vi\/signup?lng=\">D\u00f9ng th\u1eed Talkpal mi\u1ec5n ph\u00ed<\/a>\r\n<\/section>\n<div class=\"wp-block-group pageContainerStyle\"><div class=\"wp-block-group__inner-container is-layout-constrained wp-block-group-is-layout-constrained\">\n<h2 class=\"wp-block-heading\" id=\"h-the-allure-of-marathi-grammar-unfolding-its-mysteries-and-intricacies\">S\u1ee9c h\u1ea5p d\u1eabn c\u1ee7a ng\u1eef ph\u00e1p Marathi: M\u1edf ra nh\u1eefng b\u00ed \u1ea9n v\u00e0 ph\u1ee9c t\u1ea1p c\u1ee7a n\u00f3<\/h2>\n\n\n\n<p>B\u1ea1n c\u00f3 nh\u1edb h\u00e0nh tr\u00ecnh kh\u00f3 hi\u1ec3u c\u1ee7a vi\u1ec7c <a href=\"https:\/\/talkpal.ai\/grammar\/\">h\u1ecdc ng\u1eef ph\u00e1p<\/a> <a href=\"https:\/\/talkpal.ai\/top-trang-web-luyen-noi-tieng-anh-hieu-qua-nhat-2024\/\">ti\u1ebfng Anh<\/a>, \u0111\u1ea7y r\u1eaby c\u00e1c quy t\u1eafc ph\u1ee9c t\u1ea1p, ngo\u1ea1i l\u1ec7 v\u00e0 thu\u1eadt ng\u1eef ph\u1ee9c t\u1ea1p kh\u00f4ng? N\u1ebfu b\u00e2y gi\u1edd b\u1ea1n \u0111ang d\u1ef1 t\u00ednh <a href=\"https:\/\/talkpal.ai\/vi\/ung-dung-mien-phi-de-hoc-ngon-ngu\/\">h\u1ecdc ng\u00f4n ng\u1eef<\/a> Marathi, h\u00e3y chu\u1ea9n b\u1ecb tinh th\u1ea7n cho m\u1ed9t cu\u1ed9c kh\u00e1m ph\u00e1 h\u1ea5p d\u1eabn kh\u00f4ng k\u00e9m v\u1ec1 ng\u1eef ph\u00e1p Marathi.<\/p>\n\n\n\n<p>Marathi, m\u1ed9t ng\u00f4n ng\u1eef \u1ea4n-Aryan ch\u1ee7 y\u1ebfu \u0111\u01b0\u1ee3c s\u1eed d\u1ee5ng \u1edf bang Maharashtra c\u1ee7a \u1ea4n \u0110\u1ed9, t\u1ef1 h\u00e0o c\u00f3 truy\u1ec1n th\u1ed1ng phong ph\u00fa v\u00e0 c\u00e1c \u0111\u1eb7c \u0111i\u1ec3m ng\u00f4n ng\u1eef \u0111\u1ed9c \u0111\u00e1o. Khi b\u1ea1n \u0111i s\u00e2u v\u00e0o s\u1ef1 huy\u1ec1n b\u00ed c\u1ee7a ng\u1eef ph\u00e1p Marathi, b\u1ea1n s\u1ebd kh\u00e1m ph\u00e1 s\u1ef1 t\u01b0\u01a1ng t\u00e1c h\u1ea5p d\u1eabn c\u1ee7a b\u1ea3ng ch\u1eef c\u00e1i, c\u00e1c quy t\u1eafc ph\u1ee9c t\u1ea1p v\u00e0 ng\u1eef \u00e2m \u0111\u1ea7y m\u00ea ho\u1eb7c. V\u00ec v\u1eady, ch\u00fang ta h\u00e3y c\u00f9ng nhau l\u00e0m s\u00e1ng t\u1ecf s\u1ee9c h\u1ea5p d\u1eabn c\u1ee7a ng\u1eef ph\u00e1p Marathi, t\u1eebng quy t\u1eafc nh\u1ecf m\u1ed9t.<\/p>\n\n\n\n<p>M\u1ed9t trong nh\u1eefng \u0111\u1eb7c \u0111i\u1ec3m n\u1ed5i b\u1eadt nh\u1ea5t c\u1ee7a <strong>ng\u1eef ph\u00e1p Marathi<\/strong> l\u00e0 vi\u1ec7c s\u1eed d\u1ee5ng r\u1ed9ng r\u00e3i c\u00e1c bi\u1ebfn \u0111\u1ed5i danh t\u1eeb. Nh\u1eefng bi\u1ebfn \u0111\u1ed5i n\u00e0y th\u01b0\u1eddng gi\u00fap truy\u1ec1n \u0111\u1ea1t c\u00e1c y\u1ebfu t\u1ed1 ng\u1eef ph\u00e1p quan tr\u1ecdng, ch\u1eb3ng h\u1ea1n nh\u01b0 s\u1ed1, gi\u1edbi t\u00ednh v\u00e0 ch\u1eef th\u01b0\u1eddng. Ti\u1ebfng Marathi c\u00f3 ba gi\u1edbi t\u00ednh &#8211; nam t\u00ednh, n\u1eef t\u00ednh v\u00e0 trung t\u00ednh &#8211; v\u00e0 m\u1ed7i gi\u1edbi t\u00ednh s\u1edf h\u1eefu b\u1ed9 m\u00f4 h\u00ecnh u\u1ed1n \u0111\u1eb7c bi\u1ec7t. H\u01a1n n\u1eefa, ng\u00f4n ng\u1eef n\u00e0y c\u00f3 hai s\u1ed1 &#8211; s\u1ed1 \u00edt v\u00e0 s\u1ed1 nhi\u1ec1u &#8211; gi\u00fap th\u1ec3 hi\u1ec7n s\u1ed1 l\u01b0\u1ee3ng c\u1ee7a m\u1ed9t danh t\u1eeb.<\/p>\n\n\n\n<p>M\u1ed9t <strong>\u0111\u1eb7c \u0111i\u1ec3m \u0111\u1ed9c \u0111\u00e1o kh\u00e1c c\u1ee7a ng\u1eef ph\u00e1p Marathi<\/strong> l\u00e0 c\u00e1ch \u0111\u1ed9ng t\u1eeb chia t\u1eeb, t\u00f9y thu\u1ed9c v\u00e0o th\u00ec. Khi chia \u0111\u1ed9ng t\u1eeb trong ti\u1ebfng Marathi, b\u1ea1n ph\u1ea3i xem x\u00e9t kh\u00f4ng ch\u1ec9 th\u00ec c\u1ee7a \u0111\u1ed9ng t\u1eeb m\u00e0 c\u00f2n c\u1ea3 gi\u1edbi t\u00ednh v\u00e0 s\u1ed1 l\u01b0\u1ee3ng c\u1ee7a ch\u1ee7 ng\u1eef. C\u00e1c d\u1ea1ng \u0111\u1ed9ng t\u1eeb Marathi bao g\u1ed3m th\u00ec hi\u1ec7n t\u1ea1i, th\u00ec qu\u00e1 kh\u1ee9 v\u00e0 th\u00ec t\u01b0\u01a1ng lai, c\u00f9ng v\u1edbi m\u1ec7nh l\u1ec7nh v\u00e0 gi\u1ea3 t\u1eeb. Nh\u1eefng c\u00e1ch chia \u0111\u1ed9ng t\u1eeb m\u1edf r\u1ed9ng n\u00e0y l\u00e0m t\u0103ng th\u00eam chi\u1ec1u s\u00e2u v\u00e0 s\u1ef1 n\u0103ng \u0111\u1ed9ng cho ti\u1ebfng Marathi, khi\u1ebfn n\u00f3 tr\u1edf th\u00e0nh m\u1ed9t ng\u00f4n ng\u1eef th\u1ef1c s\u1ef1 h\u1ea5p d\u1eabn \u0111\u1ec3 kh\u00e1m ph\u00e1.<\/p>\n\n\n\n<p>Ng\u00f4n ng\u1eef Marathi c\u0169ng n\u1ed5i ti\u1ebfng v\u1edbi s\u1ef1 <strong>\u0111a d\u1ea1ng v\u1ec1 \u0111\u1ea1i t\u1eeb<\/strong>. Ti\u1ebfng Marathi c\u00f3 nhi\u1ec1u \u0111\u1ea1i t\u1eeb c\u00e1 nh\u00e2n, bi\u1ec3u di\u1ec5n, nghi v\u1ea5n v\u00e0 ph\u1ea3n x\u1ea1, m\u1ed7i \u0111\u1ea1i t\u1eeb \u0111\u1ec1u c\u00f3 c\u00e1c ki\u1ec3u bi\u1ebfn d\u1ea1ng t\u01b0\u01a1ng \u1ee9ng. \u0110i\u1ec1u n\u00e0y tho\u1ea1t nghe c\u00f3 v\u1ebb kh\u00f3 kh\u0103n, nh\u01b0ng khi b\u1ea1n t\u00ecm hi\u1ec3u s\u00e2u h\u01a1n v\u1ec1 ng\u00f4n ng\u1eef, b\u1ea1n s\u1ebd \u0111\u00e1nh gi\u00e1 cao \u0111\u1ed9 ch\u00ednh x\u00e1c v\u00f4 song m\u00e0 ng\u1eef ph\u00e1p Marathi mang l\u1ea1i.<\/p>\n\n\n\n<p>M\u1ed9t kh\u00eda c\u1ea1nh h\u1ea5p d\u1eabn n\u1eefa c\u1ee7a ng\u1eef ph\u00e1p Marathi n\u1eb1m \u1edf c\u00e1ch <strong>s\u1eafp x\u1ebfp c\u00e1c t\u1eeb trong m\u1ed9t c\u00e2u<\/strong>. Th\u1ee9 t\u1ef1 t\u1eeb trong ti\u1ebfng Marathi th\u01b0\u1eddng tu\u00e2n theo c\u1ea5u tr\u00fac ch\u1ee7 ng\u1eef-t\u00e2n ng\u1eef-\u0111\u1ed9ng t\u1eeb (SOV), t\u01b0\u01a1ng t\u1ef1 nh\u01b0 c\u00e1c ng\u00f4n ng\u1eef \u1ea4n-Aryan kh\u00e1c. C\u1ea5u tr\u00fac n\u00e0y th\u01b0\u1eddng \u0111\u1eb7t \u0111\u1ed9ng t\u1eeb \u1edf cu\u1ed1i c\u00e2u, \u0111i\u1ec1u n\u00e0y ban \u0111\u1ea7u c\u00f3 th\u1ec3 g\u00e2y kh\u00f3 kh\u0103n cho ng\u01b0\u1eddi n\u00f3i ti\u1ebfng Anh.<\/p>\n\n\n\n<p>\u0110i s\u00e2u v\u00e0o <strong>ng\u1eef \u00e2m Marathi,<\/strong> b\u1ea1n s\u1ebd b\u1eaft g\u1eb7p m\u1ed9t lo\u1ea1t c\u00e1c \u00e2m thanh \u0111\u1ea7y m\u00ea ho\u1eb7c, \u0111\u01b0\u1ee3c ph\u00e1t \u00e2m th\u00f4ng qua 16 nguy\u00ean \u00e2m (swar) v\u00e0 36 ph\u1ee5 \u00e2m (vyanjan). Ch\u1eef vi\u1ebft Devanagari, m\u00e0 Marathi s\u1eed d\u1ee5ng, th\u00eam m\u1ed9t l\u1edbp quy\u1ebfn r\u0169 cho ng\u00f4n ng\u1eef v\u1ed1n \u0111\u00e3 quy\u1ebfn r\u0169 n\u00e0y.  <\/p>\n\n\n\n<p>H\u1ecdc ng\u1eef ph\u00e1p Marathi, v\u1edbi v\u00f4 s\u1ed1 quy t\u1eafc v\u00e0 s\u1ef1 ph\u1ee9c t\u1ea1p, ch\u1eafc ch\u1eafn c\u00f3 th\u1ec3 l\u00e0 m\u1ed9t nhi\u1ec7m v\u1ee5 kh\u00f3 kh\u0103n l\u00fac \u0111\u1ea7u. Tuy nhi\u00ean, th\u1eed th\u00e1ch n\u00e0y c\u0169ng l\u00e0 \u0111i\u1ec1u khi\u1ebfn n\u00f3 tr\u1edf n\u00ean \u0111\u1eb7c bi\u1ec7t k\u00edch th\u00edch v\u00e0 h\u00e0i l\u00f2ng. Khi b\u1ea1n \u0111\u1eafm m\u00ecnh trong th\u1ebf gi\u1edbi ng\u1eef ph\u00e1p Marathi \u0111\u1ea7y m\u00ea ho\u1eb7c, b\u1ea1n s\u1ebd kh\u00e1m ph\u00e1 kh\u00f4ng ch\u1ec9 ho\u1ea1t \u0111\u1ed9ng c\u1ee7a ng\u00f4n ng\u1eef m\u00e0 c\u00f2n hi\u1ec3u s\u00e2u h\u01a1n v\u1ec1 v\u0103n h\u00f3a, l\u1ecbch s\u1eed v\u00e0 tr\u00ed tu\u1ec7 m\u00e0 n\u00f3 th\u1ec3 hi\u1ec7n.<\/p>\n\n\n\n<p>V\u00ec v\u1eady, t\u1ea1i sao kh\u00f4ng b\u1eaft tay v\u00e0o cu\u1ed9c phi\u00eau l\u01b0u ng\u00f4n ng\u1eef n\u00e0y \u0111\u1ec3 kh\u00e1m ph\u00e1 chi\u1ec1u s\u00e2u quy\u1ebfn r\u0169 c\u1ee7a ng\u1eef ph\u00e1p Marathi v\u00e0 kh\u00e1m ph\u00e1 v\u00f4 s\u1ed1 b\u00ed \u1ea9n v\u00e0 s\u1eafc th\u00e1i \u0111ang ch\u1edd \u0111\u01b0\u1ee3c l\u00e0m ch\u1ee7? Ni\u1ec1m vui khi h\u1ecdc h\u1ecfi v\u00e0 ni\u1ec1m vui khi hi\u1ec3u \u0111\u01b0\u1ee3c s\u1ef1 tinh t\u1ebf c\u1ee7a ng\u1eef ph\u00e1p Marathi ch\u1ec9 c\u00f2n v\u00e0i ph\u00fat n\u1eefa!<\/p>\n<\/div><\/div>\n\r\n<section class=\"learnNavigationSection\">\r\n            \r\n        <a href=\"https:\/\/talkpal.ai\/vi\/hoc-tieng-marathi\/\">\r\n            <div class=\"learnNavigationWrapper\">\r\n                <div class=\"learnNavigationContent\">\r\n                    <img decoding=\"async\" src=\"https:\/\/talkpal.ai\/wp-content\/uploads\/2023\/05\/Marathi-india.png\" alt=\"TalkPal Marathi Flag\">\r\n                    <div>\r\n                        <h4>Gi\u1edbi thi\u1ec7u v\u1ec1 Marathi Learning<\/h4>\r\n                        <p>T\u00ecm hi\u1ec3u t\u1ea5t c\u1ea3 v\u1ec1 ng\u1eef ph\u00e1p ti\u1ebfng Marathi.<\/p>\r\n                    <\/div>\r\n                <\/div>\r\n            <\/div>\r\n        <\/a>\r\n\r\n        \r\n        <a href=\"https:\/\/talkpal.ai\/vi\/bai-tap-ngu-phap-marathi\/\">\r\n            <div class=\"learnNavigationWrapper\">\r\n                <div class=\"learnNavigationContent\">\r\n                    <img decoding=\"async\" src=\"https:\/\/talkpal.ai\/wp-content\/uploads\/2023\/05\/Marathi-india.png\" alt=\"TalkPal Marathi Flag\">\r\n                    <div>\r\n                        <h4>B\u00e0i t\u1eadp ng\u1eef ph\u00e1p ti\u1ebfng Marathi<\/h4>\r\n                        <p>Th\u1ef1c h\u00e0nh ng\u1eef ph\u00e1p Marathi.<\/p>\r\n                    <\/div>\r\n                <\/div>\r\n            <\/div>\r\n        <\/a>\r\n\r\n        \r\n        <a href=\"https:\/\/talkpal.ai\/vocabulary_language\/marathi\/\">\r\n            <div class=\"learnNavigationWrapper\">\r\n                <div class=\"learnNavigationContent\">\r\n                    <img decoding=\"async\" src=\"https:\/\/talkpal.ai\/wp-content\/uploads\/2023\/05\/Marathi-india.png\" alt=\"TalkPal Marathi Flag\">\r\n                    <div>\r\n                        <h4>T\u1eeb v\u1ef1ng ti\u1ebfng Marathi<\/h4>\r\n                        <p>M\u1edf r\u1ed9ng v\u1ed1n t\u1eeb v\u1ef1ng ti\u1ebfng Marathi c\u1ee7a b\u1ea1n.<\/p>\r\n                    <\/div>\r\n                <\/div>\r\n            <\/div>\r\n        <\/a>\r\n\r\n            <\/section>","protected":false},"excerpt":{"rendered":"<p>S\u1ee9c h\u1ea5p d\u1eabn c\u1ee7a ng\u1eef ph\u00e1p Marathi: M\u1edf ra nh\u1eefng b\u00ed \u1ea9n v\u00e0 ph\u1ee9c t\u1ea1p c\u1ee7a n\u00f3 B\u1ea1n c\u00f3 nh\u1edb h\u00e0nh tr\u00ecnh kh\u00f3 hi\u1ec3u c\u1ee7a vi\u1ec7c h\u1ecdc ng\u1eef ph\u00e1p ti\u1ebfng Anh, \u0111\u1ea7y r\u1eaby c\u00e1c quy t\u1eafc ph\u1ee9c t\u1ea1p, ngo\u1ea1i l\u1ec7 v\u00e0 thu\u1eadt ng\u1eef ph\u1ee9c t\u1ea1p kh\u00f4ng? N\u1ebfu b\u00e2y gi\u1edd b\u1ea1n \u0111ang d\u1ef1 t\u00ednh h\u1ecdc ng\u00f4n [&hellip;]<\/p>\n","protected":false},"author":1,"featured_media":1442204,"parent":0,"menu_order":0,"comment_status":"closed","ping_status":"closed","template":"LearningContentPage.php","meta":{"_acf_changed":false,"footnotes":""},"class_list":["post-1442203","page","type-page","status-publish","has-post-thumbnail","hentry"],"acf":[],"yoast_head":"<!-- This site is optimized with the Yoast SEO Premium plugin v27.2 (Yoast SEO v27.2) - https:\/\/yoast.com\/product\/yoast-seo-premium-wordpress\/ -->\n<title>Ng\u1eef ph\u00e1p ti\u1ebfng Marathi - Talkpal<\/title>\n<meta name=\"description\" content=\"Kh\u00e1m ph\u00e1 th\u1ebf gi\u1edbi h\u1ea5p d\u1eabn c\u1ee7a ng\u1eef ph\u00e1p Marathi v\u00e0 kh\u00e1m ph\u00e1 c\u00e1c quy t\u1eafc, ng\u1eef \u00e2m v\u00e0 bi\u1ebfn \u0111\u1ed5i \u0111\u1ed9c \u0111\u00e1o c\u1ee7a n\u00f3 trong vi\u1ec7c h\u1ecdc ng\u00f4n ng\u1eef.\" \/>\n<meta name=\"robots\" content=\"index, follow, max-snippet:-1, max-image-preview:large, max-video-preview:-1\" \/>\n<link rel=\"canonical\" href=\"https:\/\/talkpal.ai\/vi\/ngu-phap-tieng-marathi\/\" \/>\n<meta property=\"og:locale\" content=\"vi_VN\" \/>\n<meta property=\"og:type\" content=\"article\" \/>\n<meta property=\"og:title\" content=\"Ng\u1eef ph\u00e1p ti\u1ebfng Marathi\" \/>\n<meta property=\"og:description\" content=\"S\u1ee9c h\u1ea5p d\u1eabn c\u1ee7a ng\u1eef ph\u00e1p Marathi: M\u1edf ra nh\u1eefng b\u00ed \u1ea9n v\u00e0 ph\u1ee9c t\u1ea1p c\u1ee7a n\u00f3 B\u1ea1n c\u00f3 nh\u1edb h\u00e0nh tr\u00ecnh kh\u00f3 hi\u1ec3u c\u1ee7a vi\u1ec7c h\u1ecdc ng\u1eef ph\u00e1p ti\u1ebfng Anh, \u0111\u1ea7y r\u1eaby c\u00e1c quy t\u1eafc\" \/>\n<meta property=\"og:url\" content=\"https:\/\/talkpal.ai\/vi\/ngu-phap-tieng-marathi\/\" \/>\n<meta property=\"og:site_name\" content=\"Talkpal\" \/>\n<meta property=\"article:publisher\" content=\"https:\/\/www.facebook.com\/profile.php?id=100090733639311\" \/>\n<meta property=\"article:modified_time\" content=\"2025-12-12T10:36:40+00:00\" \/>\n<meta property=\"og:image\" content=\"https:\/\/talkpal.ai\/wp-content\/uploads\/2023\/05\/Marathi-india.png\" \/>\n\t<meta property=\"og:image:width\" content=\"512\" \/>\n\t<meta property=\"og:image:height\" content=\"512\" \/>\n\t<meta property=\"og:image:type\" content=\"image\/png\" \/>\n<meta name=\"twitter:card\" content=\"summary_large_image\" \/>\n<meta name=\"twitter:site\" content=\"@talkpalai\" \/>\n<meta name=\"twitter:label1\" content=\"Est. reading time\" \/>\n\t<meta name=\"twitter:data1\" content=\"5 minutes\" \/>\n<script type=\"application\/ld+json\" class=\"yoast-schema-graph\">{\"@context\":\"https:\/\/schema.org\",\"@graph\":[{\"@type\":\"WebPage\",\"@id\":\"https:\/\/talkpal.ai\/vi\/ngu-phap-tieng-marathi\/\",\"url\":\"https:\/\/talkpal.ai\/vi\/ngu-phap-tieng-marathi\/\",\"name\":\"Ng\u1eef ph\u00e1p ti\u1ebfng Marathi - Talkpal\",\"isPartOf\":{\"@id\":\"https:\/\/talkpal.ai\/vi\/#website\"},\"primaryImageOfPage\":{\"@id\":\"https:\/\/talkpal.ai\/vi\/ngu-phap-tieng-marathi\/#primaryimage\"},\"image\":{\"@id\":\"https:\/\/talkpal.ai\/vi\/ngu-phap-tieng-marathi\/#primaryimage\"},\"thumbnailUrl\":\"https:\/\/talkpal.ai\/wp-content\/uploads\/2023\/05\/Marathi-india.png\",\"datePublished\":\"2023-05-14T14:12:07+00:00\",\"dateModified\":\"2025-12-12T10:36:40+00:00\",\"description\":\"Kh\u00e1m ph\u00e1 th\u1ebf gi\u1edbi h\u1ea5p d\u1eabn c\u1ee7a ng\u1eef ph\u00e1p Marathi v\u00e0 kh\u00e1m ph\u00e1 c\u00e1c quy t\u1eafc, ng\u1eef \u00e2m v\u00e0 bi\u1ebfn \u0111\u1ed5i \u0111\u1ed9c \u0111\u00e1o c\u1ee7a n\u00f3 trong vi\u1ec7c h\u1ecdc ng\u00f4n ng\u1eef.\",\"breadcrumb\":{\"@id\":\"https:\/\/talkpal.ai\/vi\/ngu-phap-tieng-marathi\/#breadcrumb\"},\"inLanguage\":\"vi-VN\",\"potentialAction\":[{\"@type\":\"ReadAction\",\"target\":[\"https:\/\/talkpal.ai\/vi\/ngu-phap-tieng-marathi\/\"]}]},{\"@type\":\"ImageObject\",\"inLanguage\":\"vi-VN\",\"@id\":\"https:\/\/talkpal.ai\/vi\/ngu-phap-tieng-marathi\/#primaryimage\",\"url\":\"https:\/\/talkpal.ai\/wp-content\/uploads\/2023\/05\/Marathi-india.png\",\"contentUrl\":\"https:\/\/talkpal.ai\/wp-content\/uploads\/2023\/05\/Marathi-india.png\",\"width\":512,\"height\":512,\"caption\":\"TalkPal Marathi Flag\"},{\"@type\":\"BreadcrumbList\",\"@id\":\"https:\/\/talkpal.ai\/vi\/ngu-phap-tieng-marathi\/#breadcrumb\",\"itemListElement\":[{\"@type\":\"ListItem\",\"position\":1,\"name\":\"Homepage\",\"item\":\"https:\/\/talkpal.ai\/vi\/giao-vien-ngon-ngu-ai-3\/\"},{\"@type\":\"ListItem\",\"position\":2,\"name\":\"Ng\u1eef ph\u00e1p ti\u1ebfng Marathi\"}]},{\"@type\":\"WebSite\",\"@id\":\"https:\/\/talkpal.ai\/vi\/#website\",\"url\":\"https:\/\/talkpal.ai\/vi\/\",\"name\":\"Talkpal\",\"description\":\"AI Language Learning\",\"publisher\":{\"@id\":\"https:\/\/talkpal.ai\/vi\/#organization\"},\"alternateName\":\"Talkpal AI\",\"potentialAction\":[{\"@type\":\"SearchAction\",\"target\":{\"@type\":\"EntryPoint\",\"urlTemplate\":\"https:\/\/talkpal.ai\/vi\/?s={search_term_string}\"},\"query-input\":{\"@type\":\"PropertyValueSpecification\",\"valueRequired\":true,\"valueName\":\"search_term_string\"}}],\"inLanguage\":\"vi-VN\"},{\"@type\":\"Organization\",\"@id\":\"https:\/\/talkpal.ai\/vi\/#organization\",\"name\":\"Talkpal, Inc.\",\"alternateName\":\"Talkpal AI\",\"url\":\"https:\/\/talkpal.ai\/vi\/\",\"logo\":{\"@type\":\"ImageObject\",\"inLanguage\":\"vi-VN\",\"@id\":\"https:\/\/talkpal.ai\/vi\/#\/schema\/logo\/image\/\",\"url\":\"https:\/\/talkpal.ai\/wp-content\/uploads\/2024\/03\/Talkpal-Logo-Icon.png\",\"contentUrl\":\"https:\/\/talkpal.ai\/wp-content\/uploads\/2024\/03\/Talkpal-Logo-Icon.png\",\"width\":2880,\"height\":2880,\"caption\":\"Talkpal, Inc.\"},\"image\":{\"@id\":\"https:\/\/talkpal.ai\/vi\/#\/schema\/logo\/image\/\"},\"sameAs\":[\"https:\/\/www.facebook.com\/profile.php?id=100090733639311\",\"https:\/\/x.com\/talkpalai\",\"https:\/\/www.linkedin.com\/company\/talkpal\/\",\"https:\/\/www.youtube.com\/@TalkPal\/\",\"https:\/\/www.tiktok.com\/@talkpal\",\"https:\/\/www.instagram.com\/talkpal_ai\/\",\"https:\/\/www.crunchbase.com\/organization\/talkpal-9cde\",\"https:\/\/www.g2.com\/products\/talkpal-for-business\/\",\"https:\/\/www.trustpilot.com\/review\/talkpal.ai\",\"https:\/\/www.capterra.com\/p\/10006800\/TalkPal\/\"],\"description\":\"Talkpal is a language learning web and mobile education app, powered by the latest AI technologies, that provides engaging experiences to its customers in many different languages to help them improve their language skills. Users can chat about unlimited amount of topics with the app and use other modes to practice their language learning.\",\"email\":\"support@talkpal.ai\",\"legalName\":\"Talkpal, Inc.\",\"foundingDate\":\"2023-04-03\",\"duns\":\"118989042\",\"numberOfEmployees\":{\"@type\":\"QuantitativeValue\",\"minValue\":\"11\",\"maxValue\":\"50\"},\"publishingPrinciples\":\"https:\/\/talkpal.ai\/publishing-principles\/\",\"actionableFeedbackPolicy\":\"https:\/\/talkpal.ai\/actionable-feedback-policy\/\",\"correctionsPolicy\":\"https:\/\/talkpal.ai\/corrections-policy\/\",\"ethicsPolicy\":\"https:\/\/talkpal.ai\/ethics-policy\/\",\"diversityPolicy\":\"https:\/\/talkpal.ai\/diversity-policy\/\",\"diversityStaffingReport\":\"https:\/\/talkpal.ai\/diversity-policy\/\"}]}<\/script>\n<!-- \/ Yoast SEO Premium plugin. -->","yoast_head_json":{"title":"Ng\u1eef ph\u00e1p ti\u1ebfng Marathi - Talkpal","description":"Kh\u00e1m ph\u00e1 th\u1ebf gi\u1edbi h\u1ea5p d\u1eabn c\u1ee7a ng\u1eef ph\u00e1p Marathi v\u00e0 kh\u00e1m ph\u00e1 c\u00e1c quy t\u1eafc, ng\u1eef \u00e2m v\u00e0 bi\u1ebfn \u0111\u1ed5i \u0111\u1ed9c \u0111\u00e1o c\u1ee7a n\u00f3 trong vi\u1ec7c h\u1ecdc ng\u00f4n ng\u1eef.","robots":{"index":"index","follow":"follow","max-snippet":"max-snippet:-1","max-image-preview":"max-image-preview:large","max-video-preview":"max-video-preview:-1"},"canonical":"https:\/\/talkpal.ai\/vi\/ngu-phap-tieng-marathi\/","og_locale":"vi_VN","og_type":"article","og_title":"Ng\u1eef ph\u00e1p ti\u1ebfng Marathi","og_description":"S\u1ee9c h\u1ea5p d\u1eabn c\u1ee7a ng\u1eef ph\u00e1p Marathi: M\u1edf ra nh\u1eefng b\u00ed \u1ea9n v\u00e0 ph\u1ee9c t\u1ea1p c\u1ee7a n\u00f3 B\u1ea1n c\u00f3 nh\u1edb h\u00e0nh tr\u00ecnh kh\u00f3 hi\u1ec3u c\u1ee7a vi\u1ec7c h\u1ecdc ng\u1eef ph\u00e1p ti\u1ebfng Anh, \u0111\u1ea7y r\u1eaby c\u00e1c quy t\u1eafc","og_url":"https:\/\/talkpal.ai\/vi\/ngu-phap-tieng-marathi\/","og_site_name":"Talkpal","article_publisher":"https:\/\/www.facebook.com\/profile.php?id=100090733639311","article_modified_time":"2025-12-12T10:36:40+00:00","og_image":[{"width":512,"height":512,"url":"https:\/\/talkpal.ai\/wp-content\/uploads\/2023\/05\/Marathi-india.png","type":"image\/png"}],"twitter_card":"summary_large_image","twitter_site":"@talkpalai","twitter_misc":{"Est. reading time":"5 minutes"},"schema":{"@context":"https:\/\/schema.org","@graph":[{"@type":"WebPage","@id":"https:\/\/talkpal.ai\/vi\/ngu-phap-tieng-marathi\/","url":"https:\/\/talkpal.ai\/vi\/ngu-phap-tieng-marathi\/","name":"Ng\u1eef ph\u00e1p ti\u1ebfng Marathi - Talkpal","isPartOf":{"@id":"https:\/\/talkpal.ai\/vi\/#website"},"primaryImageOfPage":{"@id":"https:\/\/talkpal.ai\/vi\/ngu-phap-tieng-marathi\/#primaryimage"},"image":{"@id":"https:\/\/talkpal.ai\/vi\/ngu-phap-tieng-marathi\/#primaryimage"},"thumbnailUrl":"https:\/\/talkpal.ai\/wp-content\/uploads\/2023\/05\/Marathi-india.png","datePublished":"2023-05-14T14:12:07+00:00","dateModified":"2025-12-12T10:36:40+00:00","description":"Kh\u00e1m ph\u00e1 th\u1ebf gi\u1edbi h\u1ea5p d\u1eabn c\u1ee7a ng\u1eef ph\u00e1p Marathi v\u00e0 kh\u00e1m ph\u00e1 c\u00e1c quy t\u1eafc, ng\u1eef \u00e2m v\u00e0 bi\u1ebfn \u0111\u1ed5i \u0111\u1ed9c \u0111\u00e1o c\u1ee7a n\u00f3 trong vi\u1ec7c h\u1ecdc ng\u00f4n ng\u1eef.","breadcrumb":{"@id":"https:\/\/talkpal.ai\/vi\/ngu-phap-tieng-marathi\/#breadcrumb"},"inLanguage":"vi-VN","potentialAction":[{"@type":"ReadAction","target":["https:\/\/talkpal.ai\/vi\/ngu-phap-tieng-marathi\/"]}]},{"@type":"ImageObject","inLanguage":"vi-VN","@id":"https:\/\/talkpal.ai\/vi\/ngu-phap-tieng-marathi\/#primaryimage","url":"https:\/\/talkpal.ai\/wp-content\/uploads\/2023\/05\/Marathi-india.png","contentUrl":"https:\/\/talkpal.ai\/wp-content\/uploads\/2023\/05\/Marathi-india.png","width":512,"height":512,"caption":"TalkPal Marathi Flag"},{"@type":"BreadcrumbList","@id":"https:\/\/talkpal.ai\/vi\/ngu-phap-tieng-marathi\/#breadcrumb","itemListElement":[{"@type":"ListItem","position":1,"name":"Homepage","item":"https:\/\/talkpal.ai\/vi\/giao-vien-ngon-ngu-ai-3\/"},{"@type":"ListItem","position":2,"name":"Ng\u1eef ph\u00e1p ti\u1ebfng Marathi"}]},{"@type":"WebSite","@id":"https:\/\/talkpal.ai\/vi\/#website","url":"https:\/\/talkpal.ai\/vi\/","name":"Talkpal","description":"AI Language Learning","publisher":{"@id":"https:\/\/talkpal.ai\/vi\/#organization"},"alternateName":"Talkpal AI","potentialAction":[{"@type":"SearchAction","target":{"@type":"EntryPoint","urlTemplate":"https:\/\/talkpal.ai\/vi\/?s={search_term_string}"},"query-input":{"@type":"PropertyValueSpecification","valueRequired":true,"valueName":"search_term_string"}}],"inLanguage":"vi-VN"},{"@type":"Organization","@id":"https:\/\/talkpal.ai\/vi\/#organization","name":"Talkpal, Inc.","alternateName":"Talkpal AI","url":"https:\/\/talkpal.ai\/vi\/","logo":{"@type":"ImageObject","inLanguage":"vi-VN","@id":"https:\/\/talkpal.ai\/vi\/#\/schema\/logo\/image\/","url":"https:\/\/talkpal.ai\/wp-content\/uploads\/2024\/03\/Talkpal-Logo-Icon.png","contentUrl":"https:\/\/talkpal.ai\/wp-content\/uploads\/2024\/03\/Talkpal-Logo-Icon.png","width":2880,"height":2880,"caption":"Talkpal, Inc."},"image":{"@id":"https:\/\/talkpal.ai\/vi\/#\/schema\/logo\/image\/"},"sameAs":["https:\/\/www.facebook.com\/profile.php?id=100090733639311","https:\/\/x.com\/talkpalai","https:\/\/www.linkedin.com\/company\/talkpal\/","https:\/\/www.youtube.com\/@TalkPal\/","https:\/\/www.tiktok.com\/@talkpal","https:\/\/www.instagram.com\/talkpal_ai\/","https:\/\/www.crunchbase.com\/organization\/talkpal-9cde","https:\/\/www.g2.com\/products\/talkpal-for-business\/","https:\/\/www.trustpilot.com\/review\/talkpal.ai","https:\/\/www.capterra.com\/p\/10006800\/TalkPal\/"],"description":"Talkpal is a language learning web and mobile education app, powered by the latest AI technologies, that provides engaging experiences to its customers in many different languages to help them improve their language skills. Users can chat about unlimited amount of topics with the app and use other modes to practice their language learning.","email":"support@talkpal.ai","legalName":"Talkpal, Inc.","foundingDate":"2023-04-03","duns":"118989042","numberOfEmployees":{"@type":"QuantitativeValue","minValue":"11","maxValue":"50"},"publishingPrinciples":"https:\/\/talkpal.ai\/publishing-principles\/","actionableFeedbackPolicy":"https:\/\/talkpal.ai\/actionable-feedback-policy\/","correctionsPolicy":"https:\/\/talkpal.ai\/corrections-policy\/","ethicsPolicy":"https:\/\/talkpal.ai\/ethics-policy\/","diversityPolicy":"https:\/\/talkpal.ai\/diversity-policy\/","diversityStaffingReport":"https:\/\/talkpal.ai\/diversity-policy\/"}]}},"_links":{"self":[{"href":"https:\/\/talkpal.ai\/vi\/wp-json\/wp\/v2\/pages\/1442203","targetHints":{"allow":["GET"]}}],"collection":[{"href":"https:\/\/talkpal.ai\/vi\/wp-json\/wp\/v2\/pages"}],"about":[{"href":"https:\/\/talkpal.ai\/vi\/wp-json\/wp\/v2\/types\/page"}],"author":[{"embeddable":true,"href":"https:\/\/talkpal.ai\/vi\/wp-json\/wp\/v2\/users\/1"}],"replies":[{"embeddable":true,"href":"https:\/\/talkpal.ai\/vi\/wp-json\/wp\/v2\/comments?post=1442203"}],"version-history":[{"count":0,"href":"https:\/\/talkpal.ai\/vi\/wp-json\/wp\/v2\/pages\/1442203\/revisions"}],"wp:featuredmedia":[{"embeddable":true,"href":"https:\/\/talkpal.ai\/vi\/wp-json\/wp\/v2\/media\/1442204"}],"wp:attachment":[{"href":"https:\/\/talkpal.ai\/vi\/wp-json\/wp\/v2\/media?parent=1442203"}],"curies":[{"name":"wp","href":"https:\/\/api.w.org\/{rel}","templated":true}]}}