{"id":1442200,"date":"2023-05-14T14:12:25","date_gmt":"2023-05-14T14:12:25","guid":{"rendered":"https:\/\/talkpal.ai\/ngu-phap-maori\/"},"modified":"2025-12-17T16:43:26","modified_gmt":"2025-12-17T16:43:26","slug":"ngu-phap-maori","status":"publish","type":"page","link":"https:\/\/talkpal.ai\/vi\/ngu-phap-maori\/","title":{"rendered":"Ng\u1eef ph\u00e1p Maori"},"content":{"rendered":"\r\n\r\n\r\n<section class=\"languageChallengeSection\">\r\n    <div class=\"languageInfoWrapper\">\r\n        \r\n        <h1>Ng\u1eef ph\u00e1p Maori<\/h1>\r\n        <p>B\u1ea1n mu\u1ed1n h\u1ecdc ti\u1ebfng <a href=\"https:\/\/talkpal.ai\/learn-maori\/\">Maori<\/a>? \u0110i s\u00e2u v\u00e0o <a href=\"https:\/\/talkpal.ai\/vi\/ngu-phap\/\">ng\u1eef ph\u00e1p<\/a> Maori, \u0111\u01b0\u1ee3c bi\u1ebft \u0111\u1ebfn v\u1edbi s\u1ef1 \u0111\u01a1n gi\u1ea3n, s\u1eed d\u1ee5ng m\u1ea1o t\u1eeb v\u00e0 vai tr\u00f2 quan tr\u1ecdng c\u1ee7a c\u00e1c h\u1ea1t trong vi\u1ec7c \u0111\u1ecbnh h\u00ecnh \u00fd ngh\u0129a. B\u1eaft \u0111\u1ea7u ngay h\u00f4m nay \u2014 n\u1eafm v\u1eefng <a href=\"https:\/\/talkpal.ai\/vi\/ngu-phap\/\">ng\u1eef ph\u00e1p<\/a> Maori s\u1ebd gi\u00fap b\u1ea1n k\u1ebft n\u1ed1i s\u00e2u s\u1eafc h\u01a1n v\u1edbi di s\u1ea3n phong ph\u00fa c\u1ee7a <a href=\"https:\/\/talkpal.ai\/vi\/hoc-ngon-ngu-cho-cac-truong-ngon-ngu\/\">ng\u00f4n ng\u1eef<\/a> v\u00e0 n\u1ec1n v\u0103n h\u00f3a s\u00f4i \u0111\u1ed9ng c\u1ee7a Aotearoa <a href=\"https:\/\/talkpal.ai\/locations\/language-courses-in-new-zealand\/\">New Zealand<\/a>!<\/p>\r\n\r\n                            <a class=\"getStartedHidden\" href=\"https:\/\/app.talkpal.ai\/vi\/signup?lng=\">B\u1eaft \u0111\u1ea7u nh\u00e9<\/a>\r\n        \r\n    <\/div>\r\n\r\n    <figure>\r\n    <img decoding=\"async\" width=\"768\" height=\"768\" src=\"https:\/\/talkpal.ai\/wp-content\/uploads\/2023\/06\/maori-768x768.png\" class=\"languageImage no-lazy\" alt=\"Language learning for social and professional settings\" fetchpriority=\"high\" sizes=\"(max-width: 768px) 150px, 768px\" srcset=\"https:\/\/talkpal.ai\/wp-content\/uploads\/2023\/06\/maori-768x768.png 768w, https:\/\/talkpal.ai\/wp-content\/uploads\/2023\/06\/maori-300x300.png 300w\" \/>\r\n    \r\n\r\n    <\/figure>\r\n\r\n            <a class=\"getStartedVisible\" href=\"https:\/\/app.talkpal.ai\/vi\/signup?lng=\">B\u1eaft \u0111\u1ea7u nh\u00e9<\/a>\r\n    \r\n<\/section>\r\n<section class=\"promotionalBanner\">\r\n    <p class=\"promotionalText\">C\u00e1ch hi\u1ec7u qu\u1ea3 nh\u1ea5t \u0111\u1ec3 h\u1ecdc m\u1ed9t ng\u00f4n ng\u1eef<\/p>\r\n    <a class=\"promotionalLink\" href=\"https:\/\/app.talkpal.ai\/vi\/signup?lng=\">D\u00f9ng th\u1eed Talkpal mi\u1ec5n ph\u00ed<\/a>\r\n<\/section>\n<div class=\"wp-block-group pageContainerStyle\"><div class=\"wp-block-group__inner-container is-layout-constrained wp-block-group-is-layout-constrained\">\n<h2 class=\"wp-block-heading\" id=\"h-maori-grammar-your-ticket-to-a-vibrant-bicultural-world\">Ng\u1eef ph\u00e1p Maori: T\u1ea5m v\u00e9 c\u1ee7a b\u1ea1n \u0111\u1ebfn m\u1ed9t th\u1ebf gi\u1edbi song v\u0103n h\u00f3a s\u00f4i \u0111\u1ed9ng<\/h2>\n\n\n\n<p><a href=\"https:\/\/talkpal.ai\/culture\/how-do-you-say-lets-go-in-maori\/\">Kia ora<\/a>! Ch\u00e0o m\u1eebng b\u1ea1n \u0111\u1ebfn v\u1edbi th\u1ebf gi\u1edbi tuy\u1ec7t v\u1eddi c\u1ee7a ng\u00f4n ng\u1eef Maori. L\u00e0 ng\u00f4n ng\u1eef b\u1ea3n \u0111\u1ecba c\u1ee7a New Zealand, ti\u1ebfng Maori ho\u1eb7c te reo Maori mang \u0111\u1ebfn cho b\u1ea1n c\u01a1 h\u1ed9i duy nh\u1ea5t \u0111\u1ec3 k\u1ebft n\u1ed1i v\u1edbi n\u1ec1n v\u0103n h\u00f3a c\u1ed5 x\u01b0a v\u00e0 c\u1ed9ng \u0111\u1ed3ng ng\u01b0\u1eddi n\u00f3i s\u00f4i \u0111\u1ed9ng c\u1ee7a n\u00f3. Gi\u1ed1ng nh\u01b0 b\u1ea5t k\u1ef3 ng\u00f4n ng\u1eef n\u00e0o, ng\u1eef ph\u00e1p Maori c\u00f3 v\u1ebb kh\u00f3 kh\u0103n, nh\u01b0ng \u0111\u1eebng lo l\u1eafng! H\u01b0\u1edbng d\u1eabn th\u00e2n thi\u1ec7n v\u1edbi ng\u01b0\u1eddi m\u1edbi b\u1eaft \u0111\u1ea7u n\u00e0y s\u1ebd \u0111\u01a1n gi\u1ea3n h\u00f3a c\u00e1c th\u00e0nh ph\u1ea7n c\u1ed1t l\u00f5i c\u1ee7a ng\u1eef ph\u00e1p Maori \u0111\u1ec3 c\u00f3 m\u1ed9t h\u00e0nh tr\u00ecnh h\u1ea5p d\u1eabn v\u00e0 nhi\u1ec1u th\u00f4ng tin <a href=\"https:\/\/talkpal.ai\/vi\/ve\/\">v\u1ec1<\/a> m\u1eb7t h\u00ecnh \u1ea3nh.<\/p>\n\n\n\n<h3 class=\"wp-block-heading\" id=\"h-1-starting-with-the-basics-maori-alphabet-and-pronunciation\">1. B\u1eaft \u0111\u1ea7u v\u1edbi nh\u1eefng \u0111i\u1ec1u c\u01a1 b\u1ea3n: B\u1ea3ng ch\u1eef c\u00e1i v\u00e0 c\u00e1ch ph\u00e1t \u00e2m c\u1ee7a ng\u01b0\u1eddi Maori<\/h3>\n\n\n\n<p>Ti\u1ebfng Maori s\u1eed d\u1ee5ng m\u1ed9t ch\u1eef vi\u1ebft Latinh s\u1eeda \u0111\u1ed5i, ch\u1ec9 bao g\u1ed3m 15 ch\u1eef c\u00e1i: n\u0103m nguy\u00ean \u00e2m (a, e, i, o v\u00e0 u) v\u00e0 m\u01b0\u1eddi ph\u1ee5 \u00e2m (h, k, m, n, p, r, t, w, ng v\u00e0 wh). L\u00e0m quen v\u1edbi nh\u1eefng ch\u1eef c\u00e1i n\u00e0y v\u00e0 c\u00e1ch ph\u00e1t \u00e2m ri\u00eang bi\u1ec7t c\u1ee7a ch\u00fang, v\u00ec ch\u00fang \u0111\u1eb7t n\u1ec1n m\u00f3ng cho t\u1ea5t c\u1ea3 c\u00e1c <a href=\"https:\/\/talkpal.ai\/grammar\/\">h\u1ecdc ng\u1eef ph\u00e1p<\/a> Maori ti\u1ebfp theo.<\/p>\n\n\n\n<h3 class=\"wp-block-heading\" id=\"h-2-exploring-maori-sentence-structure\">2. Kh\u00e1m ph\u00e1 c\u1ea5u tr\u00fac c\u00e2u ti\u1ebfng Maori<\/h3>\n\n\n\n<p>V\u1ec1 c\u1ed1t l\u00f5i, ng\u1eef ph\u00e1p Maori tu\u00e2n theo c\u1ea5u tr\u00fac ch\u1ee7 ng\u1eef-\u0111\u1ed9ng t\u1eeb (-\u0111\u1ed1i t\u01b0\u1ee3ng) \u0111\u01a1n gi\u1ea3n, v\u1edbi \u0111\u1ed9ng t\u1eeb th\u01b0\u1eddng \u0111\u1ee9ng tr\u01b0\u1edbc ch\u1ee7 ng\u1eef. C\u00e1ch r\u00f5 r\u00e0ng nh\u1ea5t \u0111\u1ec3 hi\u1ec3u c\u1ea5u tr\u00fac n\u00e0y l\u00e0 xem n\u00f3 trong th\u1ef1c t\u1ebf:<\/p>\n\n\n\n<p><strong>Ti\u1ebfng Anh: \u0110\u1ee9a tr\u1ebb \u0111ang ch\u01a1i.<\/strong><\/p>\n\n\n\n<p><strong>Maori: Kei te t\u0101karo te tamaiti.<\/strong><\/p>\n\n\n\n<p>Trong ti\u1ebfng Maori, th\u00ec c\u1ee7a \u0111\u1ed9ng t\u1eeb \u0111\u01b0\u1ee3c bi\u1ec3u th\u1ecb th\u00f4ng qua s\u1ef1 k\u1ebft h\u1ee3p c\u1ee7a c\u00e1c h\u1ea1t ho\u1eb7c b\u1eb1ng c\u00e1ch th\u00eam m\u1ed9t ch\u1ec9 b\u00e1o th\u1eddi gian v\u00e0o c\u00e2u.<\/p>\n\n\n\n<h3 class=\"wp-block-heading\" id=\"h-3-demystifying-particles-building-blocks-of-maori-grammar\">3. L\u00e0m s\u00e1ng t\u1ecf c\u00e1c h\u1ea1t: Kh\u1ed1i x\u00e2y d\u1ef1ng ng\u1eef ph\u00e1p Maori<\/h3>\n\n\n\n<p>C\u00e1c h\u1ea1t \u0111\u00f3ng m\u1ed9t vai tr\u00f2 quan tr\u1ecdng trong ng\u1eef ph\u00e1p Maori, li\u00ean k\u1ebft c\u00e1c t\u1eeb v\u00e0 c\u1ee5m t\u1eeb v\u1edbi nhau \u0111\u1ec3 t\u1ea1o ra c\u00e1c c\u00e2u m\u1ea1ch l\u1ea1c v\u00e0 bi\u1ec3u c\u1ea3m. L\u00e0 ng\u01b0\u1eddi m\u1edbi b\u1eaft \u0111\u1ea7u, h\u00e3y t\u1eadp trung v\u00e0o vi\u1ec7c hi\u1ec3u m\u1ed9t s\u1ed1 h\u1ea1t thi\u1ebft y\u1ebfu:<\/p>\n\n\n\n<p><strong>\u2013 Kia: \u0111\u01b0\u1ee3c s\u1eed d\u1ee5ng cho c\u00e1c m\u1ec7nh l\u1ec7nh, mong mu\u1ed1n v\u00e0 \u0111\u1ec3 ch\u1ec9 m\u1ee5c \u0111\u00edch c\u1ee7a m\u1ed9t h\u00e0nh \u0111\u1ed9ng.<\/strong><\/p>\n\n\n\n<p><strong>\u2013 Kei: \u0111\u01b0\u1ee3c s\u1eed d\u1ee5ng \u0111\u1ec3 t\u1ea1o th\u00e0nh th\u00ec li\u00ean t\u1ee5c.<\/strong><\/p>\n\n\n\n<p><strong>\u2013 Ko: d\u00f9ng \u0111\u1ec3 b\u00e1o hi\u1ec7u ch\u1ee7 \u0111\u1ec1 c\u1ee7a m\u1ed9t c\u00e2u.<\/strong><\/p>\n\n\n\n<h3 class=\"wp-block-heading\" id=\"h-4-getting-to-know-maori-pronouns\">4. L\u00e0m quen v\u1edbi \u0111\u1ea1i t\u1eeb Maori<\/h3>\n\n\n\n<p>\u0110\u1ea1i t\u1eeb trong ti\u1ebfng Maori thay th\u1ebf danh t\u1eeb v\u00e0 gi\u00fap gi\u1eef cho cu\u1ed9c tr\u00f2 chuy\u1ec7n c\u1ee7a b\u1ea1n t\u1ef1 nhi\u00ean v\u00e0 tr\u00f4i ch\u1ea3y. L\u00e0 ng\u01b0\u1eddi m\u1edbi b\u1eaft \u0111\u1ea7u, h\u00e3y t\u1eadp trung v\u00e0o vi\u1ec7c hi\u1ec3u c\u00e1c \u0111\u1ea1i t\u1eeb nh\u00e2n x\u01b0ng v\u00e0 s\u1edf h\u1eefu:<\/p>\n\n\n\n<p>\u0110\u1ea1i t\u1eeb nh\u00e2n x\u01b0ng: ahau (I), koe (b\u1ea1n, s\u1ed1 \u00edt), ia (anh \u1ea5y \/ c\u00f4 \u1ea5y), t\u0101ua (ch\u00fang t\u00f4i, bao g\u1ed3m c\u1ea3 ng\u01b0\u1eddi \u0111\u01b0\u1ee3c n\u00f3i chuy\u1ec7n), m\u0101ua (ch\u00fang t\u00f4i, kh\u00f4ng bao g\u1ed3m ng\u01b0\u1eddi \u0111\u01b0\u1ee3c n\u00f3i chuy\u1ec7n), koutou (b\u1ea1n, s\u1ed1 nhi\u1ec1u), r\u0101tau (h\u1ecd)<\/p>\n\n\n\n<p>\u0110\u1ea1i t\u1eeb s\u1edf h\u1eefu: taku\/t\u014dku (my), t\u014du (ur, s\u1ed1 \u00edt), t\u014dna (c\u1ee7a anh \u1ea5y\/c\u00f4 \u1ea5y), t\u014d t\u0101ua (c\u1ee7a ch\u00fang t\u00f4i, bao g\u1ed3m c\u1ea3 ng\u01b0\u1eddi n\u00f3i v\u00e0 ng\u01b0\u1eddi nghe), t\u014d m\u0101ua (c\u1ee7a ch\u00fang t\u00f4i, ng\u01b0\u1eddi n\u00f3i v\u00e0 ng\u01b0\u1eddi kh\u00e1c), t\u014d koutou (ur, s\u1ed1 nhi\u1ec1u), t\u014d r\u0101tau (c\u1ee7a h\u1ecd)<\/p>\n\n\n\n<h3 class=\"wp-block-heading\" id=\"h-5-navigating-maori-nouns-and-adjectives\">5. \u0110i\u1ec1u h\u01b0\u1edbng danh t\u1eeb v\u00e0 t\u00ednh t\u1eeb Maori<\/h3>\n\n\n\n<p>Danh t\u1eeb v\u00e0 t\u00ednh t\u1eeb Maori tu\u00e2n theo c\u00e1c quy t\u1eafc ng\u1eef ph\u00e1p \u0111\u01a1n gi\u1ea3n, gi\u00fap ng\u01b0\u1eddi m\u1edbi b\u1eaft \u0111\u1ea7u d\u1ec5 hi\u1ec3u. T\u00ednh t\u1eeb th\u01b0\u1eddng theo sau danh t\u1eeb m\u00e0 ch\u00fang \u0111ang m\u00f4 t\u1ea3, v\u00e0 danh t\u1eeb s\u1ed1 nhi\u1ec1u ch\u1ec9 \u0111\u01a1n gi\u1ea3n li\u00ean quan \u0111\u1ebfn vi\u1ec7c th\u00eam m\u1ed9t h\u1ea1t, &#8220;ng\u0101&#8221; tr\u01b0\u1edbc danh t\u1eeb. Ch\u1eb3ng h\u1ea1n:<\/p>\n\n\n\n<p><strong>Te whare nui \u2013 &#8220;ng\u00f4i nh\u00e0 l\u1edbn&#8221;<\/strong><\/p>\n\n\n\n<p><strong>Ng\u0101 tamariki \u2013 &#8220;nh\u1eefng \u0111\u1ee9a tr\u1ebb&#8221;<\/strong><\/p>\n\n\n\n<p>B\u1ea1n c\u00f3 n\u00f3! B\u1ea1n \u0111\u00e3 th\u1ef1c hi\u1ec7n nh\u1eefng b\u01b0\u1edbc \u0111\u1ea7u ti\u00ean \u0111\u1ec3 n\u1eafm v\u1eefng ng\u1eef ph\u00e1p Maori v\u00e0 l\u00e0m phong ph\u00fa th\u00eam h\u00e0nh tr\u00ecnh c\u1ee7a m\u00ecnh v\u1edbi ng\u00f4n ng\u1eef v\u00e0 v\u0103n h\u00f3a Maori. H\u00e3y nh\u1edb r\u1eb1ng th\u1ef1c h\u00e0nh, ki\u00ean tr\u00ec v\u00e0 \u0111\u1eafm ch\u00ecm l\u00e0 \u0111i\u1ec1u c\u1ea7n thi\u1ebft \u0111\u1ec3 th\u00e0nh c\u00f4ng, v\u00ec v\u1eady h\u00e3y t\u01b0\u01a1ng t\u00e1c v\u1edbi ng\u01b0\u1eddi b\u1ea3n ng\u1eef, kh\u00e1m ph\u00e1 c\u00e1c v\u0103n b\u1ea3n ti\u1ebfng Maori v\u00e0 c\u1ee7ng c\u1ed1 n\u1ec1n t\u1ea3ng ng\u00f4n ng\u1eef c\u1ee7a b\u1ea1n. Kia kaha! (H\u00e3y m\u1ea1nh m\u1ebd!)<\/p>\n<\/div><\/div>\n\r\n<section class=\"learnNavigationSection\">\r\n            \r\n        <a href=\"https:\/\/talkpal.ai\/vi\/hoc-tieng-maori\/\">\r\n            <div class=\"learnNavigationWrapper\">\r\n                <div class=\"learnNavigationContent\">\r\n                    <img decoding=\"async\" src=\"https:\/\/talkpal.ai\/wp-content\/uploads\/2024\/08\/Maori.jpg\" alt=\"New Zealand Flag\">\r\n                    <div>\r\n                        <h4>B\u00e0i h\u1ecdc ng\u1eef ph\u00e1p ti\u1ebfng Maori<\/h4>\r\n                        <p>T\u00ecm hi\u1ec3u t\u1ea5t c\u1ea3 v\u1ec1 ng\u1eef ph\u00e1p Maori.<\/p>\r\n                    <\/div>\r\n                <\/div>\r\n            <\/div>\r\n        <\/a>\r\n\r\n        \r\n        <a href=\"https:\/\/talkpal.ai\/vi\/bai-tap-ngu-phap-maori\/\">\r\n            <div class=\"learnNavigationWrapper\">\r\n                <div class=\"learnNavigationContent\">\r\n                    <img decoding=\"async\" src=\"https:\/\/talkpal.ai\/wp-content\/uploads\/2024\/08\/Maori.jpg\" alt=\"New Zealand Flag\">\r\n                    <div>\r\n                        <h4>B\u00e0i t\u1eadp ng\u1eef ph\u00e1p ti\u1ebfng Maori<\/h4>\r\n                        <p>Th\u1ef1c h\u00e0nh ng\u1eef ph\u00e1p Maori.<\/p>\r\n                    <\/div>\r\n                <\/div>\r\n            <\/div>\r\n        <\/a>\r\n\r\n        \r\n        <a href=\"https:\/\/talkpal.ai\/vocabulary_language\/maori\/\">\r\n            <div class=\"learnNavigationWrapper\">\r\n                <div class=\"learnNavigationContent\">\r\n                    <img decoding=\"async\" src=\"https:\/\/talkpal.ai\/wp-content\/uploads\/2024\/08\/Maori.jpg\" alt=\"New Zealand Flag\">\r\n                    <div>\r\n                        <h4>T\u1eeb v\u1ef1ng Maori<\/h4>\r\n                        <p>M\u1edf r\u1ed9ng v\u1ed1n t\u1eeb v\u1ef1ng ti\u1ebfng Maori c\u1ee7a b\u1ea1n.<\/p>\r\n                    <\/div>\r\n                <\/div>\r\n            <\/div>\r\n        <\/a>\r\n\r\n            <\/section>","protected":false},"excerpt":{"rendered":"<p>Ng\u1eef ph\u00e1p Maori: T\u1ea5m v\u00e9 c\u1ee7a b\u1ea1n \u0111\u1ebfn m\u1ed9t th\u1ebf gi\u1edbi song v\u0103n h\u00f3a s\u00f4i \u0111\u1ed9ng Kia ora! Ch\u00e0o m\u1eebng b\u1ea1n \u0111\u1ebfn v\u1edbi th\u1ebf gi\u1edbi tuy\u1ec7t v\u1eddi c\u1ee7a ng\u00f4n ng\u1eef Maori. L\u00e0 ng\u00f4n ng\u1eef b\u1ea3n \u0111\u1ecba c\u1ee7a New Zealand, ti\u1ebfng Maori ho\u1eb7c te reo Maori mang \u0111\u1ebfn cho b\u1ea1n c\u01a1 h\u1ed9i duy nh\u1ea5t \u0111\u1ec3 k\u1ebft [&hellip;]<\/p>\n","protected":false},"author":1,"featured_media":1442201,"parent":0,"menu_order":0,"comment_status":"closed","ping_status":"closed","template":"LearningContentPage.php","meta":{"_acf_changed":false,"footnotes":""},"class_list":["post-1442200","page","type-page","status-publish","has-post-thumbnail","hentry"],"acf":[],"yoast_head":"<!-- This site is optimized with the Yoast SEO Premium plugin v27.2 (Yoast SEO v27.2) - https:\/\/yoast.com\/product\/yoast-seo-premium-wordpress\/ -->\n<title>Ng\u1eef ph\u00e1p Maori - Talkpal<\/title>\n<meta name=\"description\" content=\"Kh\u00e1m ph\u00e1 nh\u1eefng ki\u1ebfn th\u1ee9c c\u01a1 b\u1ea3n v\u1ec1 ng\u1eef ph\u00e1p Maori v\u1edbi h\u01b0\u1edbng d\u1eabn th\u00e2n thi\u1ec7n v\u1edbi ng\u01b0\u1eddi m\u1edbi b\u1eaft \u0111\u1ea7u c\u1ee7a ch\u00fang t\u00f4i. Kh\u00e1m ph\u00e1 15 ch\u1eef c\u00e1i v\u00e0 c\u00e1c quy t\u1eafc thi\u1ebft y\u1ebfu c\u1ee7a te reo Maori.\" \/>\n<meta name=\"robots\" content=\"index, follow, max-snippet:-1, max-image-preview:large, max-video-preview:-1\" \/>\n<link rel=\"canonical\" href=\"https:\/\/talkpal.ai\/vi\/ngu-phap-maori\/\" \/>\n<meta property=\"og:locale\" content=\"vi_VN\" \/>\n<meta property=\"og:type\" content=\"article\" \/>\n<meta property=\"og:title\" content=\"Ng\u1eef ph\u00e1p Maori\" \/>\n<meta property=\"og:description\" content=\"Ng\u1eef ph\u00e1p Maori: T\u1ea5m v\u00e9 c\u1ee7a b\u1ea1n \u0111\u1ebfn m\u1ed9t th\u1ebf gi\u1edbi song v\u0103n h\u00f3a s\u00f4i \u0111\u1ed9ng Kia ora! Ch\u00e0o m\u1eebng b\u1ea1n \u0111\u1ebfn v\u1edbi th\u1ebf gi\u1edbi tuy\u1ec7t v\u1eddi c\u1ee7a ng\u00f4n ng\u1eef Maori. L\u00e0 ng\u00f4n ng\u1eef\" \/>\n<meta property=\"og:url\" content=\"https:\/\/talkpal.ai\/vi\/ngu-phap-maori\/\" \/>\n<meta property=\"og:site_name\" content=\"Talkpal\" \/>\n<meta property=\"article:publisher\" content=\"https:\/\/www.facebook.com\/profile.php?id=100090733639311\" \/>\n<meta property=\"article:modified_time\" content=\"2025-12-17T16:43:26+00:00\" \/>\n<meta property=\"og:image\" content=\"https:\/\/talkpal.ai\/wp-content\/uploads\/2023\/05\/Maori-new-zealand.png\" \/>\n\t<meta property=\"og:image:width\" content=\"512\" \/>\n\t<meta property=\"og:image:height\" content=\"512\" \/>\n\t<meta property=\"og:image:type\" content=\"image\/png\" \/>\n<meta name=\"twitter:card\" content=\"summary_large_image\" \/>\n<meta name=\"twitter:site\" content=\"@talkpalai\" \/>\n<meta name=\"twitter:label1\" content=\"Est. reading time\" \/>\n\t<meta name=\"twitter:data1\" content=\"5 minutes\" \/>\n<script type=\"application\/ld+json\" class=\"yoast-schema-graph\">{\"@context\":\"https:\/\/schema.org\",\"@graph\":[{\"@type\":\"WebPage\",\"@id\":\"https:\/\/talkpal.ai\/vi\/ngu-phap-maori\/\",\"url\":\"https:\/\/talkpal.ai\/vi\/ngu-phap-maori\/\",\"name\":\"Ng\u1eef ph\u00e1p Maori - Talkpal\",\"isPartOf\":{\"@id\":\"https:\/\/talkpal.ai\/vi\/#website\"},\"primaryImageOfPage\":{\"@id\":\"https:\/\/talkpal.ai\/vi\/ngu-phap-maori\/#primaryimage\"},\"image\":{\"@id\":\"https:\/\/talkpal.ai\/vi\/ngu-phap-maori\/#primaryimage\"},\"thumbnailUrl\":\"https:\/\/talkpal.ai\/wp-content\/uploads\/2023\/05\/Maori-new-zealand.png\",\"datePublished\":\"2023-05-14T14:12:25+00:00\",\"dateModified\":\"2025-12-17T16:43:26+00:00\",\"description\":\"Kh\u00e1m ph\u00e1 nh\u1eefng ki\u1ebfn th\u1ee9c c\u01a1 b\u1ea3n v\u1ec1 ng\u1eef ph\u00e1p Maori v\u1edbi h\u01b0\u1edbng d\u1eabn th\u00e2n thi\u1ec7n v\u1edbi ng\u01b0\u1eddi m\u1edbi b\u1eaft \u0111\u1ea7u c\u1ee7a ch\u00fang t\u00f4i. Kh\u00e1m ph\u00e1 15 ch\u1eef c\u00e1i v\u00e0 c\u00e1c quy t\u1eafc thi\u1ebft y\u1ebfu c\u1ee7a te reo Maori.\",\"breadcrumb\":{\"@id\":\"https:\/\/talkpal.ai\/vi\/ngu-phap-maori\/#breadcrumb\"},\"inLanguage\":\"vi-VN\",\"potentialAction\":[{\"@type\":\"ReadAction\",\"target\":[\"https:\/\/talkpal.ai\/vi\/ngu-phap-maori\/\"]}]},{\"@type\":\"ImageObject\",\"inLanguage\":\"vi-VN\",\"@id\":\"https:\/\/talkpal.ai\/vi\/ngu-phap-maori\/#primaryimage\",\"url\":\"https:\/\/talkpal.ai\/wp-content\/uploads\/2023\/05\/Maori-new-zealand.png\",\"contentUrl\":\"https:\/\/talkpal.ai\/wp-content\/uploads\/2023\/05\/Maori-new-zealand.png\",\"width\":512,\"height\":512,\"caption\":\"TalkPal Maori Flag\"},{\"@type\":\"BreadcrumbList\",\"@id\":\"https:\/\/talkpal.ai\/vi\/ngu-phap-maori\/#breadcrumb\",\"itemListElement\":[{\"@type\":\"ListItem\",\"position\":1,\"name\":\"Homepage\",\"item\":\"https:\/\/talkpal.ai\/vi\/giao-vien-ngon-ngu-ai-3\/\"},{\"@type\":\"ListItem\",\"position\":2,\"name\":\"Ng\u1eef ph\u00e1p Maori\"}]},{\"@type\":\"WebSite\",\"@id\":\"https:\/\/talkpal.ai\/vi\/#website\",\"url\":\"https:\/\/talkpal.ai\/vi\/\",\"name\":\"Talkpal\",\"description\":\"AI Language Learning\",\"publisher\":{\"@id\":\"https:\/\/talkpal.ai\/vi\/#organization\"},\"alternateName\":\"Talkpal AI\",\"potentialAction\":[{\"@type\":\"SearchAction\",\"target\":{\"@type\":\"EntryPoint\",\"urlTemplate\":\"https:\/\/talkpal.ai\/vi\/?s={search_term_string}\"},\"query-input\":{\"@type\":\"PropertyValueSpecification\",\"valueRequired\":true,\"valueName\":\"search_term_string\"}}],\"inLanguage\":\"vi-VN\"},{\"@type\":\"Organization\",\"@id\":\"https:\/\/talkpal.ai\/vi\/#organization\",\"name\":\"Talkpal, Inc.\",\"alternateName\":\"Talkpal AI\",\"url\":\"https:\/\/talkpal.ai\/vi\/\",\"logo\":{\"@type\":\"ImageObject\",\"inLanguage\":\"vi-VN\",\"@id\":\"https:\/\/talkpal.ai\/vi\/#\/schema\/logo\/image\/\",\"url\":\"https:\/\/talkpal.ai\/wp-content\/uploads\/2024\/03\/Talkpal-Logo-Icon.png\",\"contentUrl\":\"https:\/\/talkpal.ai\/wp-content\/uploads\/2024\/03\/Talkpal-Logo-Icon.png\",\"width\":2880,\"height\":2880,\"caption\":\"Talkpal, Inc.\"},\"image\":{\"@id\":\"https:\/\/talkpal.ai\/vi\/#\/schema\/logo\/image\/\"},\"sameAs\":[\"https:\/\/www.facebook.com\/profile.php?id=100090733639311\",\"https:\/\/x.com\/talkpalai\",\"https:\/\/www.linkedin.com\/company\/talkpal\/\",\"https:\/\/www.youtube.com\/@TalkPal\/\",\"https:\/\/www.tiktok.com\/@talkpal\",\"https:\/\/www.instagram.com\/talkpal_ai\/\",\"https:\/\/www.crunchbase.com\/organization\/talkpal-9cde\",\"https:\/\/www.g2.com\/products\/talkpal-for-business\/\",\"https:\/\/www.trustpilot.com\/review\/talkpal.ai\",\"https:\/\/www.capterra.com\/p\/10006800\/TalkPal\/\"],\"description\":\"Talkpal is a language learning web and mobile education app, powered by the latest AI technologies, that provides engaging experiences to its customers in many different languages to help them improve their language skills. Users can chat about unlimited amount of topics with the app and use other modes to practice their language learning.\",\"email\":\"support@talkpal.ai\",\"legalName\":\"Talkpal, Inc.\",\"foundingDate\":\"2023-04-03\",\"duns\":\"118989042\",\"numberOfEmployees\":{\"@type\":\"QuantitativeValue\",\"minValue\":\"11\",\"maxValue\":\"50\"},\"publishingPrinciples\":\"https:\/\/talkpal.ai\/publishing-principles\/\",\"actionableFeedbackPolicy\":\"https:\/\/talkpal.ai\/actionable-feedback-policy\/\",\"correctionsPolicy\":\"https:\/\/talkpal.ai\/corrections-policy\/\",\"ethicsPolicy\":\"https:\/\/talkpal.ai\/ethics-policy\/\",\"diversityPolicy\":\"https:\/\/talkpal.ai\/diversity-policy\/\",\"diversityStaffingReport\":\"https:\/\/talkpal.ai\/diversity-policy\/\"}]}<\/script>\n<!-- \/ Yoast SEO Premium plugin. -->","yoast_head_json":{"title":"Ng\u1eef ph\u00e1p Maori - Talkpal","description":"Kh\u00e1m ph\u00e1 nh\u1eefng ki\u1ebfn th\u1ee9c c\u01a1 b\u1ea3n v\u1ec1 ng\u1eef ph\u00e1p Maori v\u1edbi h\u01b0\u1edbng d\u1eabn th\u00e2n thi\u1ec7n v\u1edbi ng\u01b0\u1eddi m\u1edbi b\u1eaft \u0111\u1ea7u c\u1ee7a ch\u00fang t\u00f4i. Kh\u00e1m ph\u00e1 15 ch\u1eef c\u00e1i v\u00e0 c\u00e1c quy t\u1eafc thi\u1ebft y\u1ebfu c\u1ee7a te reo Maori.","robots":{"index":"index","follow":"follow","max-snippet":"max-snippet:-1","max-image-preview":"max-image-preview:large","max-video-preview":"max-video-preview:-1"},"canonical":"https:\/\/talkpal.ai\/vi\/ngu-phap-maori\/","og_locale":"vi_VN","og_type":"article","og_title":"Ng\u1eef ph\u00e1p Maori","og_description":"Ng\u1eef ph\u00e1p Maori: T\u1ea5m v\u00e9 c\u1ee7a b\u1ea1n \u0111\u1ebfn m\u1ed9t th\u1ebf gi\u1edbi song v\u0103n h\u00f3a s\u00f4i \u0111\u1ed9ng Kia ora! Ch\u00e0o m\u1eebng b\u1ea1n \u0111\u1ebfn v\u1edbi th\u1ebf gi\u1edbi tuy\u1ec7t v\u1eddi c\u1ee7a ng\u00f4n ng\u1eef Maori. L\u00e0 ng\u00f4n ng\u1eef","og_url":"https:\/\/talkpal.ai\/vi\/ngu-phap-maori\/","og_site_name":"Talkpal","article_publisher":"https:\/\/www.facebook.com\/profile.php?id=100090733639311","article_modified_time":"2025-12-17T16:43:26+00:00","og_image":[{"width":512,"height":512,"url":"https:\/\/talkpal.ai\/wp-content\/uploads\/2023\/05\/Maori-new-zealand.png","type":"image\/png"}],"twitter_card":"summary_large_image","twitter_site":"@talkpalai","twitter_misc":{"Est. reading time":"5 minutes"},"schema":{"@context":"https:\/\/schema.org","@graph":[{"@type":"WebPage","@id":"https:\/\/talkpal.ai\/vi\/ngu-phap-maori\/","url":"https:\/\/talkpal.ai\/vi\/ngu-phap-maori\/","name":"Ng\u1eef ph\u00e1p Maori - Talkpal","isPartOf":{"@id":"https:\/\/talkpal.ai\/vi\/#website"},"primaryImageOfPage":{"@id":"https:\/\/talkpal.ai\/vi\/ngu-phap-maori\/#primaryimage"},"image":{"@id":"https:\/\/talkpal.ai\/vi\/ngu-phap-maori\/#primaryimage"},"thumbnailUrl":"https:\/\/talkpal.ai\/wp-content\/uploads\/2023\/05\/Maori-new-zealand.png","datePublished":"2023-05-14T14:12:25+00:00","dateModified":"2025-12-17T16:43:26+00:00","description":"Kh\u00e1m ph\u00e1 nh\u1eefng ki\u1ebfn th\u1ee9c c\u01a1 b\u1ea3n v\u1ec1 ng\u1eef ph\u00e1p Maori v\u1edbi h\u01b0\u1edbng d\u1eabn th\u00e2n thi\u1ec7n v\u1edbi ng\u01b0\u1eddi m\u1edbi b\u1eaft \u0111\u1ea7u c\u1ee7a ch\u00fang t\u00f4i. Kh\u00e1m ph\u00e1 15 ch\u1eef c\u00e1i v\u00e0 c\u00e1c quy t\u1eafc thi\u1ebft y\u1ebfu c\u1ee7a te reo Maori.","breadcrumb":{"@id":"https:\/\/talkpal.ai\/vi\/ngu-phap-maori\/#breadcrumb"},"inLanguage":"vi-VN","potentialAction":[{"@type":"ReadAction","target":["https:\/\/talkpal.ai\/vi\/ngu-phap-maori\/"]}]},{"@type":"ImageObject","inLanguage":"vi-VN","@id":"https:\/\/talkpal.ai\/vi\/ngu-phap-maori\/#primaryimage","url":"https:\/\/talkpal.ai\/wp-content\/uploads\/2023\/05\/Maori-new-zealand.png","contentUrl":"https:\/\/talkpal.ai\/wp-content\/uploads\/2023\/05\/Maori-new-zealand.png","width":512,"height":512,"caption":"TalkPal Maori Flag"},{"@type":"BreadcrumbList","@id":"https:\/\/talkpal.ai\/vi\/ngu-phap-maori\/#breadcrumb","itemListElement":[{"@type":"ListItem","position":1,"name":"Homepage","item":"https:\/\/talkpal.ai\/vi\/giao-vien-ngon-ngu-ai-3\/"},{"@type":"ListItem","position":2,"name":"Ng\u1eef ph\u00e1p Maori"}]},{"@type":"WebSite","@id":"https:\/\/talkpal.ai\/vi\/#website","url":"https:\/\/talkpal.ai\/vi\/","name":"Talkpal","description":"AI Language Learning","publisher":{"@id":"https:\/\/talkpal.ai\/vi\/#organization"},"alternateName":"Talkpal AI","potentialAction":[{"@type":"SearchAction","target":{"@type":"EntryPoint","urlTemplate":"https:\/\/talkpal.ai\/vi\/?s={search_term_string}"},"query-input":{"@type":"PropertyValueSpecification","valueRequired":true,"valueName":"search_term_string"}}],"inLanguage":"vi-VN"},{"@type":"Organization","@id":"https:\/\/talkpal.ai\/vi\/#organization","name":"Talkpal, Inc.","alternateName":"Talkpal AI","url":"https:\/\/talkpal.ai\/vi\/","logo":{"@type":"ImageObject","inLanguage":"vi-VN","@id":"https:\/\/talkpal.ai\/vi\/#\/schema\/logo\/image\/","url":"https:\/\/talkpal.ai\/wp-content\/uploads\/2024\/03\/Talkpal-Logo-Icon.png","contentUrl":"https:\/\/talkpal.ai\/wp-content\/uploads\/2024\/03\/Talkpal-Logo-Icon.png","width":2880,"height":2880,"caption":"Talkpal, Inc."},"image":{"@id":"https:\/\/talkpal.ai\/vi\/#\/schema\/logo\/image\/"},"sameAs":["https:\/\/www.facebook.com\/profile.php?id=100090733639311","https:\/\/x.com\/talkpalai","https:\/\/www.linkedin.com\/company\/talkpal\/","https:\/\/www.youtube.com\/@TalkPal\/","https:\/\/www.tiktok.com\/@talkpal","https:\/\/www.instagram.com\/talkpal_ai\/","https:\/\/www.crunchbase.com\/organization\/talkpal-9cde","https:\/\/www.g2.com\/products\/talkpal-for-business\/","https:\/\/www.trustpilot.com\/review\/talkpal.ai","https:\/\/www.capterra.com\/p\/10006800\/TalkPal\/"],"description":"Talkpal is a language learning web and mobile education app, powered by the latest AI technologies, that provides engaging experiences to its customers in many different languages to help them improve their language skills. Users can chat about unlimited amount of topics with the app and use other modes to practice their language learning.","email":"support@talkpal.ai","legalName":"Talkpal, Inc.","foundingDate":"2023-04-03","duns":"118989042","numberOfEmployees":{"@type":"QuantitativeValue","minValue":"11","maxValue":"50"},"publishingPrinciples":"https:\/\/talkpal.ai\/publishing-principles\/","actionableFeedbackPolicy":"https:\/\/talkpal.ai\/actionable-feedback-policy\/","correctionsPolicy":"https:\/\/talkpal.ai\/corrections-policy\/","ethicsPolicy":"https:\/\/talkpal.ai\/ethics-policy\/","diversityPolicy":"https:\/\/talkpal.ai\/diversity-policy\/","diversityStaffingReport":"https:\/\/talkpal.ai\/diversity-policy\/"}]}},"_links":{"self":[{"href":"https:\/\/talkpal.ai\/vi\/wp-json\/wp\/v2\/pages\/1442200","targetHints":{"allow":["GET"]}}],"collection":[{"href":"https:\/\/talkpal.ai\/vi\/wp-json\/wp\/v2\/pages"}],"about":[{"href":"https:\/\/talkpal.ai\/vi\/wp-json\/wp\/v2\/types\/page"}],"author":[{"embeddable":true,"href":"https:\/\/talkpal.ai\/vi\/wp-json\/wp\/v2\/users\/1"}],"replies":[{"embeddable":true,"href":"https:\/\/talkpal.ai\/vi\/wp-json\/wp\/v2\/comments?post=1442200"}],"version-history":[{"count":0,"href":"https:\/\/talkpal.ai\/vi\/wp-json\/wp\/v2\/pages\/1442200\/revisions"}],"wp:featuredmedia":[{"embeddable":true,"href":"https:\/\/talkpal.ai\/vi\/wp-json\/wp\/v2\/media\/1442201"}],"wp:attachment":[{"href":"https:\/\/talkpal.ai\/vi\/wp-json\/wp\/v2\/media?parent=1442200"}],"curies":[{"name":"wp","href":"https:\/\/api.w.org\/{rel}","templated":true}]}}