{"id":1442197,"date":"2023-05-14T14:18:46","date_gmt":"2023-05-14T14:18:46","guid":{"rendered":"https:\/\/talkpal.ai\/ngu-phap-ba-lan\/"},"modified":"2025-12-17T17:13:59","modified_gmt":"2025-12-17T17:13:59","slug":"ngu-phap-ba-lan","status":"publish","type":"page","link":"https:\/\/talkpal.ai\/vi\/ngu-phap-ba-lan\/","title":{"rendered":"Ng\u1eef ph\u00e1p Ba Lan"},"content":{"rendered":"\r\n\r\n\r\n<section class=\"languageChallengeSection\">\r\n    <div class=\"languageInfoWrapper\">\r\n        \r\n        <h1>Ng\u1eef ph\u00e1p Ba Lan<\/h1>\r\n        <p>\u0110i s\u00e2u v\u00e0o th\u1ebf gi\u1edbi h\u1ea5p d\u1eabn c\u1ee7a <a href=\"https:\/\/talkpal.ai\/vi\/ngu-phap\/\">ng\u1eef ph\u00e1p<\/a> Ba Lan v\u00e0 kh\u00e1m ph\u00e1 n\u1ec1n t\u1ea3ng c\u1ee7a m\u1ed9t trong nh\u1eefng <a href=\"https:\/\/talkpal.ai\/vi\/hoc-ngon-ngu-cho-cac-truong-ngon-ngu\/\">ng\u00f4n ng\u1eef<\/a> \u0111\u01b0\u1ee3c s\u1eed d\u1ee5ng r\u1ed9ng r\u00e3i nh\u1ea5t Trung \u00c2u. B\u1eb1ng c\u00e1ch n\u1eafm v\u1eefng c\u00e1c quy t\u1eafc thi\u1ebft y\u1ebfu, b\u1ea1n s\u1ebd giao ti\u1ebfp hi\u1ec7u qu\u1ea3 h\u01a1n v\u00e0 hi\u1ec3u s\u00e2u h\u01a1n <a href=\"https:\/\/talkpal.ai\/vi\/ve\/\">v\u1ec1<\/a> v\u0103n h\u00f3a Ba Lan. B\u1eaft \u0111\u1ea7u h\u1ecdc ng\u1eef ph\u00e1p <a href=\"https:\/\/talkpal.ai\/vi\/hoc-tieng-ba-lan\/\">ti\u1ebfng Ba Lan<\/a> ngay h\u00f4m nay v\u00e0 th\u1ef1c hi\u1ec7n b\u01b0\u1edbc \u0111\u1ea7u ti\u00ean c\u1ee7a b\u1ea1n \u0111\u1ec3 tr\u00f4i ch\u1ea3y!<\/p>\r\n\r\n                            <a class=\"getStartedHidden\" href=\"https:\/\/app.talkpal.ai\/vi\/signup?lng=\">B\u1eaft \u0111\u1ea7u nh\u00e9<\/a>\r\n        \r\n    <\/div>\r\n\r\n    <figure>\r\n    <img decoding=\"async\" width=\"768\" height=\"768\" src=\"https:\/\/talkpal.ai\/wp-content\/uploads\/2023\/06\/polish-768x768.png\" class=\"languageImage no-lazy\" alt=\"Practical tips on language learning techniques\" fetchpriority=\"high\" sizes=\"(max-width: 768px) 150px, 768px\" srcset=\"https:\/\/talkpal.ai\/wp-content\/uploads\/2023\/06\/polish-768x768.png 768w, https:\/\/talkpal.ai\/wp-content\/uploads\/2023\/06\/polish-300x300.png 300w\" \/>\r\n    \r\n\r\n    <\/figure>\r\n\r\n            <a class=\"getStartedVisible\" href=\"https:\/\/app.talkpal.ai\/vi\/signup?lng=\">B\u1eaft \u0111\u1ea7u nh\u00e9<\/a>\r\n    \r\n<\/section>\r\n<section class=\"promotionalBanner\">\r\n    <p class=\"promotionalText\">C\u00e1ch hi\u1ec7u qu\u1ea3 nh\u1ea5t \u0111\u1ec3 h\u1ecdc m\u1ed9t ng\u00f4n ng\u1eef<\/p>\r\n    <a class=\"promotionalLink\" href=\"https:\/\/app.talkpal.ai\/vi\/signup?lng=\">D\u00f9ng th\u1eed Talkpal mi\u1ec5n ph\u00ed<\/a>\r\n<\/section>\n<div class=\"wp-block-group pageContainerStyle\"><div class=\"wp-block-group__inner-container is-layout-constrained wp-block-group-is-layout-constrained\">\n<h2 class=\"wp-block-heading\" id=\"h-breaking-down-the-puzzle-of-polish-grammar\">Ph\u00e1 v\u1ee1 c\u00e2u \u0111\u1ed1 c\u1ee7a ng\u1eef ph\u00e1p Ba Lan<\/h2>\n\n\n\n<p><a href=\"https:\/\/talkpal.ai\/vi\/hoc-tieng-ba-lan\/\">Ti\u1ebfng Ba Lan<\/a>, m\u1ed9t ng\u00f4n ng\u1eef Slav, v\u1eeba th\u1eed th\u00e1ch v\u1eeba b\u1ed5 \u00edch cho nh\u1eefng ng\u01b0\u1eddi <a href=\"https:\/\/talkpal.ai\/vi\/ung-dung-mien-phi-de-hoc-ngon-ngu\/\">h\u1ecdc ng\u00f4n ng\u1eef<\/a> \u0111ang t\u00ecm ki\u1ebfm m\u1ed9t cu\u1ed9c phi\u00eau l\u01b0u ng\u00f4n ng\u1eef \u0111\u1ed9c \u0111\u00e1o. Khi b\u1ea1n \u0111i s\u00e2u v\u00e0o ti\u1ebfng Ba Lan, b\u1ea1n s\u1ebd kh\u00e1m ph\u00e1 ra m\u1ed9t l\u1ecbch s\u1eed v\u00e0 v\u0103n h\u00f3a h\u1ea5p d\u1eabn b\u1ed5 sung cho s\u1ef1 phong ph\u00fa c\u1ee7a ch\u00ednh ng\u00f4n ng\u1eef. M\u1eb7c d\u00f9 ng\u1eef ph\u00e1p Ba Lan c\u00f3 v\u1ebb ph\u1ee9c t\u1ea1p, nh\u01b0ng vi\u1ec7c gi\u1ea3i c\u1ea5u tr\u00fac n\u00f3 th\u00e0nh c\u00e1c y\u1ebfu t\u1ed1 c\u00f3 th\u1ec3 qu\u1ea3n l\u00fd \u0111\u01b0\u1ee3c s\u1ebd gi\u00fap qu\u00e1 tr\u00ecnh h\u1ecdc t\u1eadp d\u1ec5 ti\u1ebfp c\u1eadn h\u01a1n. B\u00e0i vi\u1ebft n\u00e0y nh\u1eb1m m\u1ee5c \u0111\u00edch gi\u1edbi thi\u1ec7u cho b\u1ea1n th\u1ebf gi\u1edbi quy\u1ebfn r\u0169 c\u1ee7a ng\u1eef ph\u00e1p Ba Lan v\u00e0 cung c\u1ea5p h\u01b0\u1edbng d\u1eabn v\u1ec1 c\u00e1ch gi\u1ea3i quy\u1ebft s\u1ef1 ph\u1ee9c t\u1ea1p c\u1ee7a n\u00f3.<\/p>\n\n\n\n<h3 class=\"wp-block-heading\" id=\"h-1-noun-gender-and-cases\">1. Danh t\u1eeb gi\u1edbi t\u00ednh v\u00e0 tr\u01b0\u1eddng h\u1ee3p<\/h3>\n\n\n\n<p>Danh t\u1eeb Ba Lan c\u00f3 gi\u1edbi t\u00ednh ng\u1eef ph\u00e1p &#8211; nam t\u00ednh, n\u1eef t\u00ednh v\u00e0 trung t\u00ednh &#8211; \u1ea3nh h\u01b0\u1edfng \u0111\u1ebfn c\u00e1c d\u1ea1ng t\u00ednh t\u1eeb, \u0111\u1ea1i t\u1eeb v\u00e0 \u0111\u1ed9ng t\u1eeb \u0111i k\u00e8m v\u1edbi ch\u00fang. H\u01a1n n\u1eefa, ti\u1ebfng Ba Lan c\u00f3 b\u1ea3y tr\u01b0\u1eddng h\u1ee3p ng\u1eef ph\u00e1p: danh ngh\u0129a, sinh d\u1ee5c, dative, accusative, instrumental, locative v\u00e0 vocative. L\u00e0m quen v\u1edbi gi\u1edbi t\u00ednh v\u00e0 h\u1ec7 th\u1ed1ng tr\u01b0\u1eddng h\u1ee3p l\u00e0 r\u1ea5t quan tr\u1ecdng \u0111\u1ec3 hi\u1ec3u v\u00e0 x\u00e2y d\u1ef1ng c\u00e1c c\u00e2u ti\u1ebfng Ba Lan ch\u00ednh x\u00e1c.<\/p>\n\n\n\n<h3 class=\"wp-block-heading\" id=\"h-2-verb-conjugation-person-tense-and-aspect\">2. Chia \u0111\u1ed9ng t\u1eeb: Ng\u01b0\u1eddi, Th\u00ec v\u00e0 Kh\u00eda c\u1ea1nh<\/h3>\n\n\n\n<p>\u0110\u1ed9ng t\u1eeb Ba Lan ph\u1ea3i \u0111\u01b0\u1ee3c chia \u0111\u1ed9ng theo th\u00ec, kh\u00eda c\u1ea1nh v\u00e0 ng\u01b0\u1eddi (<a href=\"https:\/\/talkpal.ai\/culture\/what-is-the-difference-between-thu-nhat-and-nhat\/\">th\u1ee9 nh\u1ea5t<\/a>, th\u1ee9 hai ho\u1eb7c th\u1ee9 ba). C\u00f3 ba th\u00ec ch\u00ednh: hi\u1ec7n t\u1ea1i, qu\u00e1 kh\u1ee9 v\u00e0 t\u01b0\u01a1ng lai. Ngo\u00e0i ra, \u0111\u1ed9ng t\u1eeb Ba Lan c\u00f3 hai kh\u00eda c\u1ea1nh: ho\u00e0n h\u1ea3o (\u0111\u1ed1i v\u1edbi c\u00e1c h\u00e0nh \u0111\u1ed9ng \u0111\u00e3 ho\u00e0n th\u00e0nh) v\u00e0 kh\u00f4ng ho\u00e0n h\u1ea3o (\u0111\u1ed1i v\u1edbi c\u00e1c h\u00e0nh \u0111\u1ed9ng \u0111ang di\u1ec5n ra ho\u1eb7c \u0111\u01b0\u1ee3c th\u1ef1c hi\u1ec7n theo th\u00f3i quen). N\u1eafm v\u1eefng c\u00e1c quy t\u1eafc chia \u0111\u1ed9ng t\u1eeb n\u00e0y s\u1ebd c\u1ea3i thi\u1ec7n \u0111\u00e1ng k\u1ec3 k\u1ef9 n\u0103ng giao ti\u1ebfp b\u1eb1ng l\u1eddi n\u00f3i c\u1ee7a b\u1ea1n b\u1eb1ng ti\u1ebfng Ba Lan.<\/p>\n\n\n\n<h3 class=\"wp-block-heading\" id=\"h-3-adjectives-agreement-and-placement\">3. T\u00ednh t\u1eeb: Th\u1ecfa thu\u1eadn v\u00e0 V\u1ecb tr\u00ed<\/h3>\n\n\n\n<p>T\u00ednh t\u1eeb Ba Lan ph\u1ea3i \u0111\u1ed3ng \u00fd v\u1edbi danh t\u1eeb m\u00e0 h\u1ecd s\u1eeda \u0111\u1ed5i li\u00ean quan \u0111\u1ebfn gi\u1edbi t\u00ednh, s\u1ed1 l\u01b0\u1ee3ng v\u00e0 tr\u01b0\u1eddng h\u1ee3p. T\u00ednh t\u1eeb th\u01b0\u1eddng \u0111\u1ee9ng tr\u01b0\u1edbc danh t\u1eeb, cung c\u1ea5p ng\u1eef c\u1ea3nh m\u00f4 t\u1ea3 c\u1ea7n thi\u1ebft cho c\u00e2u.<\/p>\n\n\n\n<p>V\u00ed d\u1ee5:<\/p>\n\n\n\n<p>\u2013 Czerwona Sukienka (m\u1ed9t chi\u1ebfc v\u00e1y \u0111\u1ecf)<\/p>\n\n\n\n<p>\u2013 pi\u0119kny ogr\u00f3d (m\u1ed9t khu v\u01b0\u1eddn \u0111\u1eb9p)<\/p>\n\n\n\n<h3 class=\"wp-block-heading\" id=\"h-4-pronouns-types-and-uses\">4. \u0110\u1ea1i t\u1eeb: C\u00e1c lo\u1ea1i v\u00e0 c\u00e1ch s\u1eed d\u1ee5ng<\/h3>\n\n\n\n<p>\u0110\u1ea1i t\u1eeb Ba Lan c\u00f3 nhi\u1ec1u d\u1ea1ng kh\u00e1c nhau, bao g\u1ed3m \u0111\u1ea1i t\u1eeb c\u00e1 nh\u00e2n, s\u1edf h\u1eefu, ph\u1ea3n x\u1ea1, bi\u1ec3u di\u1ec5n v\u00e0 nghi v\u1ea5n. Hi\u1ec3u \u0111\u01b0\u1ee3c c\u00e1ch th\u1ee9c v\u00e0 th\u1eddi \u0111i\u1ec3m s\u1eed d\u1ee5ng c\u00e1c \u0111\u1ea1i t\u1eeb n\u00e0y s\u1ebd l\u00e0m cho <a href=\"https:\/\/talkpal.ai\/polish-grammar\/\">ng\u1eef ph\u00e1p ti\u1ebfng Ba Lan<\/a> c\u1ee7a b\u1ea1n ch\u00ednh x\u00e1c h\u01a1n v\u00e0 n\u00e2ng cao k\u1ef9 n\u0103ng ng\u00f4n ng\u1eef t\u1ed5ng th\u1ec3 c\u1ee7a b\u1ea1n.<\/p>\n\n\n\n<h3 class=\"wp-block-heading\" id=\"h-5-negation-conveying-the-opposite\">5. Ph\u1ee7 \u0111\u1ecbnh: Truy\u1ec1n \u0111\u1ea1t \u0111i\u1ec1u ng\u01b0\u1ee3c l\u1ea1i<\/h3>\n\n\n\n<p>Trong ng\u1eef ph\u00e1p Ba Lan, ph\u1ee7 \u0111\u1ecbnh \u0111\u1ea1t \u0111\u01b0\u1ee3c b\u1eb1ng c\u00e1ch th\u00eam t\u1eeb &#8220;nie&#8221; tr\u01b0\u1edbc \u0111\u1ed9ng t\u1eeb, t\u00ednh t\u1eeb, tr\u1ea1ng t\u1eeb ho\u1eb7c \u0111\u1ea1i t\u1eeb. Tuy nhi\u00ean, c\u00e1c quy t\u1eafc c\u1ee5 th\u1ec3 \u0111\u01b0\u1ee3c \u00e1p d\u1ee5ng \u0111\u1ec3 ph\u1ee7 nh\u1eadn c\u00e1c c\u00e2u c\u00f3 danh t\u1eeb, c\u00f3 th\u1ec3 y\u00eau c\u1ea7u m\u1ed9t gi\u1edbi t\u1eeb b\u1ed5 sung ho\u1eb7c m\u1ed9t d\u1ea1ng danh t\u1eeb kh\u00e1c. Nh\u1eadn ra nh\u1eefng m\u1eabu ph\u1ee7 \u0111\u1ecbnh n\u00e0y s\u1ebd gi\u00fap b\u1ea1n truy\u1ec1n \u0111\u1ea1t \u00fd ngh\u0129a d\u1ef1 \u0111\u1ecbnh c\u1ee7a m\u00ecnh m\u1ed9t c\u00e1ch r\u00f5 r\u00e0ng b\u1eb1ng ti\u1ebfng Ba Lan.<\/p>\n\n\n\n<h3 class=\"wp-block-heading\" id=\"h-6-engage-with-the-language\">6. T\u01b0\u01a1ng t\u00e1c v\u1edbi ng\u00f4n ng\u1eef<\/h3>\n\n\n\n<p>C\u00e1ch hi\u1ec7u qu\u1ea3 nh\u1ea5t \u0111\u1ec3 n\u1eafm b\u1eaft v\u00e0 ti\u1ebfp thu ng\u1eef ph\u00e1p ti\u1ebfng Ba Lan l\u00e0 tham gia v\u1edbi ng\u00f4n ng\u1eef th\u01b0\u1eddng xuy\u00ean. T\u1eeb vi\u1ec7c \u0111\u1ecdc v\u0103n h\u1ecdc Ba Lan, xem phim Ba Lan ho\u1eb7c t\u00edch c\u1ef1c tr\u00f2 chuy\u1ec7n v\u1edbi ng\u01b0\u1eddi b\u1ea3n ng\u1eef, \u0111\u1eafm m\u00ecnh trong c\u00e1c b\u1ed1i c\u1ea3nh kh\u00e1c nhau s\u1ebd c\u1ee7ng c\u1ed1 s\u1ef1 hi\u1ec3u bi\u1ebft c\u1ee7a b\u1ea1n v\u1ec1 ng\u1eef ph\u00e1p \u0111\u1ed3ng th\u1eddi m\u1edf r\u1ed9ng v\u1ed1n t\u1eeb v\u1ef1ng c\u1ee7a b\u1ea1n.<\/p>\n\n\n\n<h3 class=\"wp-block-heading\" id=\"h-conclusion\">Ph\u1ea7n k\u1ebft lu\u1eadn<\/h3>\n\n\n\n<p>M\u1eb7c d\u00f9 ng\u1eef ph\u00e1p ti\u1ebfng Ba Lan c\u00f3 v\u1ebb ph\u1ee9c t\u1ea1p, nh\u01b0ng vi\u1ec7c li\u00ean t\u1ee5c th\u1ef1c h\u00e0nh v\u00e0 gi\u1ea3i quy\u1ebft t\u1eebng b\u01b0\u1edbc s\u1ebd gi\u00fap b\u1ea1n tr\u1edf n\u00ean th\u00e0nh th\u1ea1o ng\u00f4n ng\u1eef \u0111\u1ed9c \u0111\u00e1o n\u00e0y. \u0110\u00f3n nh\u1eadn th\u1eed th\u00e1ch khi b\u1ea1n b\u1eaft \u0111\u1ea7u h\u00e0nh tr\u00ecnh ng\u00f4n ng\u1eef Ba Lan c\u1ee7a m\u00ecnh v\u00e0 ch\u1eb3ng bao l\u00e2u n\u1eefa, b\u1ea1n s\u1ebd th\u1ea5y m\u00ecnh t\u1ef1 tin gi\u1ea3i m\u00e3 s\u1ef1 ph\u1ee9c t\u1ea1p c\u1ee7a ng\u1eef ph\u00e1p c\u1ee7a n\u00f3. Ch\u00fac may m\u1eafn v\u1edbi vi\u1ec7c h\u1ecdc c\u1ee7a b\u1ea1n v\u00e0 t\u1eadn h\u01b0\u1edfng kh\u00e1m ph\u00e1 c\u00e1c l\u1edbp ng\u1eef ph\u00e1p ti\u1ebfng Ba Lan!<\/p>\n<\/div><\/div>\n\r\n<section class=\"learnNavigationSection\">\r\n            \r\n        <a href=\"https:\/\/talkpal.ai\/vi\/hoc-tieng-ba-lan\/\">\r\n            <div class=\"learnNavigationWrapper\">\r\n                <div class=\"learnNavigationContent\">\r\n                    <img decoding=\"async\" src=\"https:\/\/talkpal.ai\/wp-content\/uploads\/2024\/08\/Polish.jpg\" alt=\"Polish Flag\">\r\n                    <div>\r\n                        <h4>Gi\u1edbi thi\u1ec7u v\u1ec1 H\u1ecdc ti\u1ebfng Ba Lan<\/h4>\r\n                        <p>T\u00ecm hi\u1ec3u t\u1ea5t c\u1ea3 v\u1ec1 ng\u1eef ph\u00e1p ti\u1ebfng Ba Lan.<\/p>\r\n                    <\/div>\r\n                <\/div>\r\n            <\/div>\r\n        <\/a>\r\n\r\n        \r\n        <a href=\"https:\/\/talkpal.ai\/vi\/bai-tap-ngu-phap-tieng-ba-lan\/\">\r\n            <div class=\"learnNavigationWrapper\">\r\n                <div class=\"learnNavigationContent\">\r\n                    <img decoding=\"async\" src=\"https:\/\/talkpal.ai\/wp-content\/uploads\/2024\/08\/Polish.jpg\" alt=\"Polish Flag\">\r\n                    <div>\r\n                        <h4>B\u00e0i t\u1eadp ng\u1eef ph\u00e1p ti\u1ebfng Ba Lan<\/h4>\r\n                        <p>Th\u1ef1c h\u00e0nh ng\u1eef ph\u00e1p ti\u1ebfng Ba Lan.<\/p>\r\n                    <\/div>\r\n                <\/div>\r\n            <\/div>\r\n        <\/a>\r\n\r\n        \r\n        <a href=\"https:\/\/talkpal.ai\/vocabulary_language\/polish\/\">\r\n            <div class=\"learnNavigationWrapper\">\r\n                <div class=\"learnNavigationContent\">\r\n                    <img decoding=\"async\" src=\"https:\/\/talkpal.ai\/wp-content\/uploads\/2024\/08\/Polish.jpg\" alt=\"Polish Flag\">\r\n                    <div>\r\n                        <h4>T\u1eeb v\u1ef1ng ti\u1ebfng Ba Lan<\/h4>\r\n                        <p>M\u1edf r\u1ed9ng v\u1ed1n t\u1eeb v\u1ef1ng ti\u1ebfng Ba Lan c\u1ee7a b\u1ea1n.<\/p>\r\n                    <\/div>\r\n                <\/div>\r\n            <\/div>\r\n        <\/a>\r\n\r\n            <\/section>","protected":false},"excerpt":{"rendered":"<p>Ph\u00e1 v\u1ee1 c\u00e2u \u0111\u1ed1 c\u1ee7a ng\u1eef ph\u00e1p Ba Lan Ti\u1ebfng Ba Lan, m\u1ed9t ng\u00f4n ng\u1eef Slav, v\u1eeba th\u1eed th\u00e1ch v\u1eeba b\u1ed5 \u00edch cho nh\u1eefng ng\u01b0\u1eddi h\u1ecdc ng\u00f4n ng\u1eef \u0111ang t\u00ecm ki\u1ebfm m\u1ed9t cu\u1ed9c phi\u00eau l\u01b0u ng\u00f4n ng\u1eef \u0111\u1ed9c \u0111\u00e1o. Khi b\u1ea1n \u0111i s\u00e2u v\u00e0o ti\u1ebfng Ba Lan, b\u1ea1n s\u1ebd kh\u00e1m ph\u00e1 ra m\u1ed9t l\u1ecbch s\u1eed [&hellip;]<\/p>\n","protected":false},"author":1,"featured_media":1442198,"parent":0,"menu_order":0,"comment_status":"closed","ping_status":"closed","template":"LearningContentPage.php","meta":{"_acf_changed":false,"footnotes":""},"class_list":["post-1442197","page","type-page","status-publish","has-post-thumbnail","hentry"],"acf":[],"yoast_head":"<!-- This site is optimized with the Yoast SEO Premium plugin v27.2 (Yoast SEO v27.2) - https:\/\/yoast.com\/product\/yoast-seo-premium-wordpress\/ -->\n<title>Ng\u1eef ph\u00e1p Ba Lan - Talkpal<\/title>\n<meta name=\"description\" content=\"N\u1eafm v\u1eefng ng\u1eef ph\u00e1p Ba Lan v\u1edbi c\u00e1c b\u00e0i t\u1eadp t\u01b0\u01a1ng t\u00e1c \u0111\u01b0\u1ee3c thi\u1ebft k\u1ebf cho m\u1ecdi c\u1ea5p \u0111\u1ed9 h\u1ecdc t\u1eadp. T\u0103ng c\u01b0\u1eddng k\u1ef9 n\u0103ng Ba Lan c\u1ee7a b\u1ea1n!\" \/>\n<meta name=\"robots\" content=\"index, follow, max-snippet:-1, max-image-preview:large, max-video-preview:-1\" \/>\n<link rel=\"canonical\" href=\"https:\/\/talkpal.ai\/vi\/ngu-phap-ba-lan\/\" \/>\n<meta property=\"og:locale\" content=\"vi_VN\" \/>\n<meta property=\"og:type\" content=\"article\" \/>\n<meta property=\"og:title\" content=\"Ng\u1eef ph\u00e1p Ba Lan\" \/>\n<meta property=\"og:description\" content=\"Ph\u00e1 v\u1ee1 c\u00e2u \u0111\u1ed1 c\u1ee7a ng\u1eef ph\u00e1p Ba Lan Ti\u1ebfng Ba Lan, m\u1ed9t ng\u00f4n ng\u1eef Slav, v\u1eeba th\u1eed th\u00e1ch v\u1eeba b\u1ed5 \u00edch cho nh\u1eefng ng\u01b0\u1eddi h\u1ecdc ng\u00f4n ng\u1eef \u0111ang t\u00ecm ki\u1ebfm m\u1ed9t cu\u1ed9c phi\u00eau l\u01b0u\" \/>\n<meta property=\"og:url\" content=\"https:\/\/talkpal.ai\/vi\/ngu-phap-ba-lan\/\" \/>\n<meta property=\"og:site_name\" content=\"Talkpal\" \/>\n<meta property=\"article:publisher\" content=\"https:\/\/www.facebook.com\/profile.php?id=100090733639311\" \/>\n<meta property=\"article:modified_time\" content=\"2025-12-17T17:13:59+00:00\" \/>\n<meta property=\"og:image\" content=\"https:\/\/talkpal.ai\/wp-content\/uploads\/2023\/05\/poland.png\" \/>\n\t<meta property=\"og:image:width\" content=\"512\" \/>\n\t<meta property=\"og:image:height\" content=\"512\" \/>\n\t<meta property=\"og:image:type\" content=\"image\/png\" \/>\n<meta name=\"twitter:card\" content=\"summary_large_image\" \/>\n<meta name=\"twitter:site\" content=\"@talkpalai\" \/>\n<meta name=\"twitter:label1\" content=\"Est. reading time\" \/>\n\t<meta name=\"twitter:data1\" content=\"5 minutes\" \/>\n<script type=\"application\/ld+json\" class=\"yoast-schema-graph\">{\"@context\":\"https:\/\/schema.org\",\"@graph\":[{\"@type\":\"WebPage\",\"@id\":\"https:\/\/talkpal.ai\/vi\/ngu-phap-ba-lan\/\",\"url\":\"https:\/\/talkpal.ai\/vi\/ngu-phap-ba-lan\/\",\"name\":\"Ng\u1eef ph\u00e1p Ba Lan - Talkpal\",\"isPartOf\":{\"@id\":\"https:\/\/talkpal.ai\/vi\/#website\"},\"primaryImageOfPage\":{\"@id\":\"https:\/\/talkpal.ai\/vi\/ngu-phap-ba-lan\/#primaryimage\"},\"image\":{\"@id\":\"https:\/\/talkpal.ai\/vi\/ngu-phap-ba-lan\/#primaryimage\"},\"thumbnailUrl\":\"https:\/\/talkpal.ai\/wp-content\/uploads\/2023\/05\/poland.png\",\"datePublished\":\"2023-05-14T14:18:46+00:00\",\"dateModified\":\"2025-12-17T17:13:59+00:00\",\"description\":\"N\u1eafm v\u1eefng ng\u1eef ph\u00e1p Ba Lan v\u1edbi c\u00e1c b\u00e0i t\u1eadp t\u01b0\u01a1ng t\u00e1c \u0111\u01b0\u1ee3c thi\u1ebft k\u1ebf cho m\u1ecdi c\u1ea5p \u0111\u1ed9 h\u1ecdc t\u1eadp. T\u0103ng c\u01b0\u1eddng k\u1ef9 n\u0103ng Ba Lan c\u1ee7a b\u1ea1n!\",\"breadcrumb\":{\"@id\":\"https:\/\/talkpal.ai\/vi\/ngu-phap-ba-lan\/#breadcrumb\"},\"inLanguage\":\"vi-VN\",\"potentialAction\":[{\"@type\":\"ReadAction\",\"target\":[\"https:\/\/talkpal.ai\/vi\/ngu-phap-ba-lan\/\"]}]},{\"@type\":\"ImageObject\",\"inLanguage\":\"vi-VN\",\"@id\":\"https:\/\/talkpal.ai\/vi\/ngu-phap-ba-lan\/#primaryimage\",\"url\":\"https:\/\/talkpal.ai\/wp-content\/uploads\/2023\/05\/poland.png\",\"contentUrl\":\"https:\/\/talkpal.ai\/wp-content\/uploads\/2023\/05\/poland.png\",\"width\":512,\"height\":512,\"caption\":\"TalkPal Poland Flag\"},{\"@type\":\"BreadcrumbList\",\"@id\":\"https:\/\/talkpal.ai\/vi\/ngu-phap-ba-lan\/#breadcrumb\",\"itemListElement\":[{\"@type\":\"ListItem\",\"position\":1,\"name\":\"Homepage\",\"item\":\"https:\/\/talkpal.ai\/vi\/giao-vien-ngon-ngu-ai-3\/\"},{\"@type\":\"ListItem\",\"position\":2,\"name\":\"Ng\u1eef ph\u00e1p Ba Lan\"}]},{\"@type\":\"WebSite\",\"@id\":\"https:\/\/talkpal.ai\/vi\/#website\",\"url\":\"https:\/\/talkpal.ai\/vi\/\",\"name\":\"Talkpal\",\"description\":\"AI Language Learning\",\"publisher\":{\"@id\":\"https:\/\/talkpal.ai\/vi\/#organization\"},\"alternateName\":\"Talkpal AI\",\"potentialAction\":[{\"@type\":\"SearchAction\",\"target\":{\"@type\":\"EntryPoint\",\"urlTemplate\":\"https:\/\/talkpal.ai\/vi\/?s={search_term_string}\"},\"query-input\":{\"@type\":\"PropertyValueSpecification\",\"valueRequired\":true,\"valueName\":\"search_term_string\"}}],\"inLanguage\":\"vi-VN\"},{\"@type\":\"Organization\",\"@id\":\"https:\/\/talkpal.ai\/vi\/#organization\",\"name\":\"Talkpal, Inc.\",\"alternateName\":\"Talkpal AI\",\"url\":\"https:\/\/talkpal.ai\/vi\/\",\"logo\":{\"@type\":\"ImageObject\",\"inLanguage\":\"vi-VN\",\"@id\":\"https:\/\/talkpal.ai\/vi\/#\/schema\/logo\/image\/\",\"url\":\"https:\/\/talkpal.ai\/wp-content\/uploads\/2024\/03\/Talkpal-Logo-Icon.png\",\"contentUrl\":\"https:\/\/talkpal.ai\/wp-content\/uploads\/2024\/03\/Talkpal-Logo-Icon.png\",\"width\":2880,\"height\":2880,\"caption\":\"Talkpal, Inc.\"},\"image\":{\"@id\":\"https:\/\/talkpal.ai\/vi\/#\/schema\/logo\/image\/\"},\"sameAs\":[\"https:\/\/www.facebook.com\/profile.php?id=100090733639311\",\"https:\/\/x.com\/talkpalai\",\"https:\/\/www.linkedin.com\/company\/talkpal\/\",\"https:\/\/www.youtube.com\/@TalkPal\/\",\"https:\/\/www.tiktok.com\/@talkpal\",\"https:\/\/www.instagram.com\/talkpal_ai\/\",\"https:\/\/www.crunchbase.com\/organization\/talkpal-9cde\",\"https:\/\/www.g2.com\/products\/talkpal-for-business\/\",\"https:\/\/www.trustpilot.com\/review\/talkpal.ai\",\"https:\/\/www.capterra.com\/p\/10006800\/TalkPal\/\"],\"description\":\"Talkpal is a language learning web and mobile education app, powered by the latest AI technologies, that provides engaging experiences to its customers in many different languages to help them improve their language skills. Users can chat about unlimited amount of topics with the app and use other modes to practice their language learning.\",\"email\":\"support@talkpal.ai\",\"legalName\":\"Talkpal, Inc.\",\"foundingDate\":\"2023-04-03\",\"duns\":\"118989042\",\"numberOfEmployees\":{\"@type\":\"QuantitativeValue\",\"minValue\":\"11\",\"maxValue\":\"50\"},\"publishingPrinciples\":\"https:\/\/talkpal.ai\/publishing-principles\/\",\"actionableFeedbackPolicy\":\"https:\/\/talkpal.ai\/actionable-feedback-policy\/\",\"correctionsPolicy\":\"https:\/\/talkpal.ai\/corrections-policy\/\",\"ethicsPolicy\":\"https:\/\/talkpal.ai\/ethics-policy\/\",\"diversityPolicy\":\"https:\/\/talkpal.ai\/diversity-policy\/\",\"diversityStaffingReport\":\"https:\/\/talkpal.ai\/diversity-policy\/\"}]}<\/script>\n<!-- \/ Yoast SEO Premium plugin. -->","yoast_head_json":{"title":"Ng\u1eef ph\u00e1p Ba Lan - Talkpal","description":"N\u1eafm v\u1eefng ng\u1eef ph\u00e1p Ba Lan v\u1edbi c\u00e1c b\u00e0i t\u1eadp t\u01b0\u01a1ng t\u00e1c \u0111\u01b0\u1ee3c thi\u1ebft k\u1ebf cho m\u1ecdi c\u1ea5p \u0111\u1ed9 h\u1ecdc t\u1eadp. T\u0103ng c\u01b0\u1eddng k\u1ef9 n\u0103ng Ba Lan c\u1ee7a b\u1ea1n!","robots":{"index":"index","follow":"follow","max-snippet":"max-snippet:-1","max-image-preview":"max-image-preview:large","max-video-preview":"max-video-preview:-1"},"canonical":"https:\/\/talkpal.ai\/vi\/ngu-phap-ba-lan\/","og_locale":"vi_VN","og_type":"article","og_title":"Ng\u1eef ph\u00e1p Ba Lan","og_description":"Ph\u00e1 v\u1ee1 c\u00e2u \u0111\u1ed1 c\u1ee7a ng\u1eef ph\u00e1p Ba Lan Ti\u1ebfng Ba Lan, m\u1ed9t ng\u00f4n ng\u1eef Slav, v\u1eeba th\u1eed th\u00e1ch v\u1eeba b\u1ed5 \u00edch cho nh\u1eefng ng\u01b0\u1eddi h\u1ecdc ng\u00f4n ng\u1eef \u0111ang t\u00ecm ki\u1ebfm m\u1ed9t cu\u1ed9c phi\u00eau l\u01b0u","og_url":"https:\/\/talkpal.ai\/vi\/ngu-phap-ba-lan\/","og_site_name":"Talkpal","article_publisher":"https:\/\/www.facebook.com\/profile.php?id=100090733639311","article_modified_time":"2025-12-17T17:13:59+00:00","og_image":[{"width":512,"height":512,"url":"https:\/\/talkpal.ai\/wp-content\/uploads\/2023\/05\/poland.png","type":"image\/png"}],"twitter_card":"summary_large_image","twitter_site":"@talkpalai","twitter_misc":{"Est. reading time":"5 minutes"},"schema":{"@context":"https:\/\/schema.org","@graph":[{"@type":"WebPage","@id":"https:\/\/talkpal.ai\/vi\/ngu-phap-ba-lan\/","url":"https:\/\/talkpal.ai\/vi\/ngu-phap-ba-lan\/","name":"Ng\u1eef ph\u00e1p Ba Lan - Talkpal","isPartOf":{"@id":"https:\/\/talkpal.ai\/vi\/#website"},"primaryImageOfPage":{"@id":"https:\/\/talkpal.ai\/vi\/ngu-phap-ba-lan\/#primaryimage"},"image":{"@id":"https:\/\/talkpal.ai\/vi\/ngu-phap-ba-lan\/#primaryimage"},"thumbnailUrl":"https:\/\/talkpal.ai\/wp-content\/uploads\/2023\/05\/poland.png","datePublished":"2023-05-14T14:18:46+00:00","dateModified":"2025-12-17T17:13:59+00:00","description":"N\u1eafm v\u1eefng ng\u1eef ph\u00e1p Ba Lan v\u1edbi c\u00e1c b\u00e0i t\u1eadp t\u01b0\u01a1ng t\u00e1c \u0111\u01b0\u1ee3c thi\u1ebft k\u1ebf cho m\u1ecdi c\u1ea5p \u0111\u1ed9 h\u1ecdc t\u1eadp. T\u0103ng c\u01b0\u1eddng k\u1ef9 n\u0103ng Ba Lan c\u1ee7a b\u1ea1n!","breadcrumb":{"@id":"https:\/\/talkpal.ai\/vi\/ngu-phap-ba-lan\/#breadcrumb"},"inLanguage":"vi-VN","potentialAction":[{"@type":"ReadAction","target":["https:\/\/talkpal.ai\/vi\/ngu-phap-ba-lan\/"]}]},{"@type":"ImageObject","inLanguage":"vi-VN","@id":"https:\/\/talkpal.ai\/vi\/ngu-phap-ba-lan\/#primaryimage","url":"https:\/\/talkpal.ai\/wp-content\/uploads\/2023\/05\/poland.png","contentUrl":"https:\/\/talkpal.ai\/wp-content\/uploads\/2023\/05\/poland.png","width":512,"height":512,"caption":"TalkPal Poland Flag"},{"@type":"BreadcrumbList","@id":"https:\/\/talkpal.ai\/vi\/ngu-phap-ba-lan\/#breadcrumb","itemListElement":[{"@type":"ListItem","position":1,"name":"Homepage","item":"https:\/\/talkpal.ai\/vi\/giao-vien-ngon-ngu-ai-3\/"},{"@type":"ListItem","position":2,"name":"Ng\u1eef ph\u00e1p Ba Lan"}]},{"@type":"WebSite","@id":"https:\/\/talkpal.ai\/vi\/#website","url":"https:\/\/talkpal.ai\/vi\/","name":"Talkpal","description":"AI Language Learning","publisher":{"@id":"https:\/\/talkpal.ai\/vi\/#organization"},"alternateName":"Talkpal AI","potentialAction":[{"@type":"SearchAction","target":{"@type":"EntryPoint","urlTemplate":"https:\/\/talkpal.ai\/vi\/?s={search_term_string}"},"query-input":{"@type":"PropertyValueSpecification","valueRequired":true,"valueName":"search_term_string"}}],"inLanguage":"vi-VN"},{"@type":"Organization","@id":"https:\/\/talkpal.ai\/vi\/#organization","name":"Talkpal, Inc.","alternateName":"Talkpal AI","url":"https:\/\/talkpal.ai\/vi\/","logo":{"@type":"ImageObject","inLanguage":"vi-VN","@id":"https:\/\/talkpal.ai\/vi\/#\/schema\/logo\/image\/","url":"https:\/\/talkpal.ai\/wp-content\/uploads\/2024\/03\/Talkpal-Logo-Icon.png","contentUrl":"https:\/\/talkpal.ai\/wp-content\/uploads\/2024\/03\/Talkpal-Logo-Icon.png","width":2880,"height":2880,"caption":"Talkpal, Inc."},"image":{"@id":"https:\/\/talkpal.ai\/vi\/#\/schema\/logo\/image\/"},"sameAs":["https:\/\/www.facebook.com\/profile.php?id=100090733639311","https:\/\/x.com\/talkpalai","https:\/\/www.linkedin.com\/company\/talkpal\/","https:\/\/www.youtube.com\/@TalkPal\/","https:\/\/www.tiktok.com\/@talkpal","https:\/\/www.instagram.com\/talkpal_ai\/","https:\/\/www.crunchbase.com\/organization\/talkpal-9cde","https:\/\/www.g2.com\/products\/talkpal-for-business\/","https:\/\/www.trustpilot.com\/review\/talkpal.ai","https:\/\/www.capterra.com\/p\/10006800\/TalkPal\/"],"description":"Talkpal is a language learning web and mobile education app, powered by the latest AI technologies, that provides engaging experiences to its customers in many different languages to help them improve their language skills. Users can chat about unlimited amount of topics with the app and use other modes to practice their language learning.","email":"support@talkpal.ai","legalName":"Talkpal, Inc.","foundingDate":"2023-04-03","duns":"118989042","numberOfEmployees":{"@type":"QuantitativeValue","minValue":"11","maxValue":"50"},"publishingPrinciples":"https:\/\/talkpal.ai\/publishing-principles\/","actionableFeedbackPolicy":"https:\/\/talkpal.ai\/actionable-feedback-policy\/","correctionsPolicy":"https:\/\/talkpal.ai\/corrections-policy\/","ethicsPolicy":"https:\/\/talkpal.ai\/ethics-policy\/","diversityPolicy":"https:\/\/talkpal.ai\/diversity-policy\/","diversityStaffingReport":"https:\/\/talkpal.ai\/diversity-policy\/"}]}},"_links":{"self":[{"href":"https:\/\/talkpal.ai\/vi\/wp-json\/wp\/v2\/pages\/1442197","targetHints":{"allow":["GET"]}}],"collection":[{"href":"https:\/\/talkpal.ai\/vi\/wp-json\/wp\/v2\/pages"}],"about":[{"href":"https:\/\/talkpal.ai\/vi\/wp-json\/wp\/v2\/types\/page"}],"author":[{"embeddable":true,"href":"https:\/\/talkpal.ai\/vi\/wp-json\/wp\/v2\/users\/1"}],"replies":[{"embeddable":true,"href":"https:\/\/talkpal.ai\/vi\/wp-json\/wp\/v2\/comments?post=1442197"}],"version-history":[{"count":0,"href":"https:\/\/talkpal.ai\/vi\/wp-json\/wp\/v2\/pages\/1442197\/revisions"}],"wp:featuredmedia":[{"embeddable":true,"href":"https:\/\/talkpal.ai\/vi\/wp-json\/wp\/v2\/media\/1442198"}],"wp:attachment":[{"href":"https:\/\/talkpal.ai\/vi\/wp-json\/wp\/v2\/media?parent=1442197"}],"curies":[{"name":"wp","href":"https:\/\/api.w.org\/{rel}","templated":true}]}}