{"id":1442191,"date":"2023-05-14T14:12:45","date_gmt":"2023-05-14T14:12:45","guid":{"rendered":"https:\/\/talkpal.ai\/ngu-phap-tieng-nepal\/"},"modified":"2025-12-17T16:58:23","modified_gmt":"2025-12-17T16:58:23","slug":"ngu-phap-tieng-nepal","status":"publish","type":"page","link":"https:\/\/talkpal.ai\/vi\/ngu-phap-tieng-nepal\/","title":{"rendered":"Ng\u1eef ph\u00e1p ti\u1ebfng Nepal"},"content":{"rendered":"\r\n\r\n\r\n<section class=\"languageChallengeSection\">\r\n    <div class=\"languageInfoWrapper\">\r\n        \r\n        <h1>Ng\u1eef ph\u00e1p ti\u1ebfng Nepal<\/h1>\r\n        <p>T\u00f2 m\u00f2 <a href=\"https:\/\/talkpal.ai\/vi\/ve\/\">v\u1ec1<\/a> <a href=\"https:\/\/talkpal.ai\/learn-nepali\/\">ti\u1ebfng Nepal<\/a>? Kh\u00e1m ph\u00e1 <a href=\"https:\/\/talkpal.ai\/vi\/ngu-phap\/\">ng\u1eef ph\u00e1p<\/a> <a href=\"https:\/\/talkpal.ai\/learn-nepali\/\">ti\u1ebfng Nepal<\/a>, bao g\u1ed3m danh t\u1eeb gi\u1edbi t\u00ednh, v\u1ecb tr\u00ed v\u00e0 c\u1ea5u tr\u00fac c\u00e2u linh ho\u1ea1t gi\u00fap <a href=\"https:\/\/talkpal.ai\/vi\/hoc-ngon-ngu-cho-cac-truong-ngon-ngu\/\">ng\u00f4n ng\u1eef<\/a> v\u1eeba bi\u1ec3u c\u1ea3m v\u1eeba h\u1ea5p d\u1eabn. B\u1eaft \u0111\u1ea7u h\u1ecdc ngay h\u00f4m nay \u2014 n\u1eafm v\u1eefng <a href=\"https:\/\/talkpal.ai\/nepali-grammar\/\">ng\u1eef ph\u00e1p ti\u1ebfng Nepal<\/a> s\u1ebd m\u1edf ra nh\u1eefng cu\u1ed9c tr\u00f2 chuy\u1ec7n c\u00f3 \u00fd ngh\u0129a v\u00e0 k\u1ebft n\u1ed1i b\u1ea1n v\u1edbi c\u00e1c n\u1ec1n v\u0103n h\u00f3a v\u00e0 truy\u1ec1n th\u1ed1ng \u0111a d\u1ea1ng c\u1ee7a Nepal!<\/p>\r\n\r\n                            <a class=\"getStartedHidden\" href=\"https:\/\/app.talkpal.ai\/vi\/signup?lng=\">B\u1eaft \u0111\u1ea7u nh\u00e9<\/a>\r\n        \r\n    <\/div>\r\n\r\n    <figure>\r\n    <img decoding=\"async\" width=\"768\" height=\"768\" src=\"https:\/\/talkpal.ai\/wp-content\/uploads\/2023\/06\/nepali-768x768.png\" class=\"languageImage no-lazy\" alt=\"Practical language learning for real-life application\" fetchpriority=\"high\" sizes=\"(max-width: 768px) 150px, 768px\" srcset=\"https:\/\/talkpal.ai\/wp-content\/uploads\/2023\/06\/nepali-768x768.png 768w, https:\/\/talkpal.ai\/wp-content\/uploads\/2023\/06\/nepali-300x300.png 300w\" \/>\r\n    \r\n\r\n    <\/figure>\r\n\r\n            <a class=\"getStartedVisible\" href=\"https:\/\/app.talkpal.ai\/vi\/signup?lng=\">B\u1eaft \u0111\u1ea7u nh\u00e9<\/a>\r\n    \r\n<\/section>\r\n<section class=\"promotionalBanner\">\r\n    <p class=\"promotionalText\">C\u00e1ch hi\u1ec7u qu\u1ea3 nh\u1ea5t \u0111\u1ec3 h\u1ecdc m\u1ed9t ng\u00f4n ng\u1eef<\/p>\r\n    <a class=\"promotionalLink\" href=\"https:\/\/app.talkpal.ai\/vi\/signup?lng=\">D\u00f9ng th\u1eed Talkpal mi\u1ec5n ph\u00ed<\/a>\r\n<\/section>\n<div class=\"wp-block-group pageContainerStyle\"><div class=\"wp-block-group__inner-container is-layout-constrained wp-block-group-is-layout-constrained\">\n<h2 class=\"wp-block-heading\" id=\"h-delving-into-the-richness-of-nepali-grammar-an-insightful-guide\">\u0110i s\u00e2u v\u00e0o s\u1ef1 phong ph\u00fa c\u1ee7a ng\u1eef ph\u00e1p Nepal: H\u01b0\u1edbng d\u1eabn s\u00e2u s\u1eafc<\/h2>\n\n\n\n<p>Ti\u1ebfng Nepal, m\u1ed9t ng\u00f4n ng\u1eef \u1ea4n-Aryan \u0111\u01b0\u1ee3c s\u1eed d\u1ee5ng b\u1edfi h\u01a1n 25 tri\u1ec7u ng\u01b0\u1eddi \u1edf Nepal v\u00e0 c\u00e1c khu v\u1ef1c l\u00e2n c\u1eadn, l\u00e0 m\u1ed9t ng\u00f4n ng\u1eef th\u00fa v\u1ecb th\u1ec3 hi\u1ec7n s\u1ef1 phong ph\u00fa v\u1ec1 v\u0103n h\u00f3a v\u00e0 s\u1ef1 \u0111a d\u1ea1ng ng\u00f4n ng\u1eef c\u1ee7a Nam \u00c1. \u0110\u1ec3 giao ti\u1ebfp hi\u1ec7u qu\u1ea3 b\u1eb1ng ti\u1ebfng Nepal v\u00e0 th\u1ef1c s\u1ef1 \u0111\u00e1nh gi\u00e1 cao v\u1ebb \u0111\u1eb9p c\u1ee7a n\u00f3, ng\u01b0\u1eddi ta ph\u1ea3i hi\u1ec3u ng\u1eef ph\u00e1p c\u1ee7a n\u00f3. Trong b\u00e0i vi\u1ebft n\u00e0y, ch\u00fang t\u00f4i s\u1ebd cung c\u1ea5p m\u1ed9t c\u00e1i nh\u00ecn t\u1ed5ng quan v\u1ec1 c\u00e1c kh\u00eda c\u1ea1nh thi\u1ebft y\u1ebfu c\u1ee7a ng\u1eef ph\u00e1p ti\u1ebfng Nepal v\u00e0 \u0111\u01b0a ra c\u00e1c m\u1eb9o thi\u1ebft th\u1ef1c \u0111\u1ec3 gi\u00fap b\u1ea1n th\u00e0nh th\u1ea1o ng\u00f4n ng\u1eef h\u1ea5p d\u1eabn n\u00e0y.<\/p>\n\n\n\n<h3 class=\"wp-block-heading\" id=\"h-key-aspects-of-nepali-grammar\">C\u00e1c kh\u00eda c\u1ea1nh ch\u00ednh c\u1ee7a ng\u1eef ph\u00e1p ti\u1ebfng Nepal:<\/h3>\n\n\n\n<p>Ng\u1eef ph\u00e1p ti\u1ebfng Nepal ban \u0111\u1ea7u c\u00f3 v\u1ebb kh\u00f3 kh\u0103n, nh\u01b0ng v\u1edbi th\u1eddi gian v\u00e0 th\u1ef1c h\u00e0nh, b\u1ea1n c\u00f3 th\u1ec3 hi\u1ec3u \u0111\u01b0\u1ee3c n\u00f3. D\u01b0\u1edbi \u0111\u00e2y l\u00e0 m\u1ed9t s\u1ed1 th\u00e0nh ph\u1ea7n c\u01a1 b\u1ea3n c\u1ee7a ng\u1eef ph\u00e1p ti\u1ebfng Nepal \u0111\u1ec3 l\u00e0m quen:<\/p>\n\n\n\n<p><strong>1. Danh t\u1eeb:<\/strong> Danh t\u1eeb ti\u1ebfng Nepal kh\u00f4ng c\u00f3 gi\u1edbi t\u00ednh ng\u1eef ph\u00e1p, gi\u00fap ng\u01b0\u1eddi h\u1ecdc d\u1ec5 d\u00e0ng h\u01a1n v\u00ec kh\u00f4ng c\u1ea7n ph\u1ea3i ghi nh\u1edb gi\u1edbi t\u00ednh c\u1ee7a t\u1eebng danh t\u1eeb. Tuy nhi\u00ean, danh t\u1eeb \u0111\u01b0\u1ee3c bi\u1ebfn \u0111\u1ed5i cho s\u1ed1 (s\u1ed1 \u00edt v\u00e0 s\u1ed1 nhi\u1ec1u) v\u00e0 tr\u01b0\u1eddng h\u1ee3p (danh ngh\u0129a, sinh d\u1ee5c, dative, v.v.).<\/p>\n\n\n\n<p><strong>2. \u0110\u1ea1i t\u1eeb:<\/strong> \u0110\u1ea1i t\u1eeb nh\u00e2n x\u01b0ng trong ti\u1ebfng Nepal c\u00f3 ba d\u1ea1ng: ch\u1ee7 quan, kh\u00e1ch quan v\u00e0 s\u1edf h\u1eefu. H\u1ecd \u0111\u1ed3ng \u00fd v\u1edbi danh t\u1eeb m\u00e0 h\u1ecd \u0111\u1ec1 c\u1eadp \u0111\u1ebfn v\u1ec1 s\u1ed1 l\u01b0\u1ee3ng ch\u1ee9 kh\u00f4ng ph\u1ea3i gi\u1edbi t\u00ednh. Ngo\u00e0i ra c\u00f2n c\u00f3 c\u00e1c \u0111\u1ea1i t\u1eeb v\u00e0 d\u1ea1ng chia \u0111\u1ed9ng t\u1eeb kh\u00e1c nhau d\u1ef1a tr\u00ean m\u1ee9c \u0111\u1ed9 h\u00ecnh th\u1ee9c (l\u1ecbch s\u1ef1, quen thu\u1ed9c ho\u1eb7c th\u00e2n m\u1eadt).<\/p>\n\n\n\n<p><strong>3. \u0110\u1ed9ng t\u1eeb:<\/strong> \u0110\u1ed9ng t\u1eeb ti\u1ebfng Nepal \u0111\u01b0\u1ee3c bi\u1ebfn \u0111\u1ed5i cho th\u00ec (hi\u1ec7n t\u1ea1i, qu\u00e1 kh\u1ee9 v\u00e0 t\u01b0\u01a1ng lai), t\u00e2m tr\u1ea1ng (bi\u1ec3u th\u1ecb, m\u1ec7nh l\u1ec7nh ho\u1eb7c gi\u1ea3 \u0111\u1ecbnh) v\u00e0 kh\u00eda c\u1ea1nh (li\u00ean t\u1ee5c, ho\u00e0n h\u1ea3o ho\u1eb7c \u0111\u01a1n gi\u1ea3n). Ngo\u00e0i ra c\u00f2n c\u00f3 c\u00e1c m\u1eabu chia \u0111\u1ed9ng t\u1eeb ri\u00eang bi\u1ec7t t\u00f9y thu\u1ed9c v\u00e0o m\u1ee9c \u0111\u1ed9 h\u00ecnh th\u1ee9c c\u1ee7a ch\u1ee7 ng\u1eef.<\/p>\n\n\n\n<p><strong>4. T\u00ednh t\u1eeb v\u00e0 tr\u1ea1ng t\u1eeb:<\/strong> T\u00ednh t\u1eeb trong ti\u1ebfng Nepal th\u01b0\u1eddng theo sau danh t\u1eeb m\u00e0 ch\u00fang s\u1eeda \u0111\u1ed5i v\u00e0 \u0111\u1ed3ng \u00fd v\u1ec1 s\u1ed1 l\u01b0\u1ee3ng v\u00e0 tr\u01b0\u1eddng h\u1ee3p. Tr\u1ea1ng t\u1eeb c\u00f3 th\u1ec3 \u0111\u01b0\u1ee3c s\u1eed d\u1ee5ng \u0111\u1ec3 cung c\u1ea5p th\u00f4ng tin b\u1ed5 sung v\u00e0 th\u01b0\u1eddng kh\u00f4ng thay \u0111\u1ed5i h\u00ecnh th\u1ee9c c\u1ee7a ch\u00fang.<\/p>\n\n\n\n<p><strong>5. C\u1ea5u tr\u00fac c\u00e2u:<\/strong> C\u1ea5u tr\u00fac c\u00e2u \u0111i\u1ec3n h\u00ecnh c\u1ee7a ti\u1ebfng Nepal tu\u00e2n theo th\u1ee9 t\u1ef1 Ch\u1ee7 ng\u1eef-T\u00e2n ng\u1eef-\u0110\u1ed9ng t\u1eeb (SOV). Tuy nhi\u00ean, th\u1ee9 t\u1ef1 t\u1eeb c\u00f3 th\u1ec3 linh ho\u1ea1t, t\u00f9y thu\u1ed9c v\u00e0o \u0111i\u1ec3m nh\u1ea5n v\u00e0 ng\u1eef c\u1ea3nh.<\/p>\n\n\n\n<h3 class=\"wp-block-heading\" id=\"h-tips-for-learning-nepali-grammar\">M\u1eb9o h\u1ecdc ng\u1eef ph\u00e1p ti\u1ebfng Nepal:<\/h3>\n\n\n\n<p>D\u01b0\u1edbi \u0111\u00e2y l\u00e0 m\u1ed9t s\u1ed1 chi\u1ebfn l\u01b0\u1ee3c hi\u1ec7u qu\u1ea3 \u0111\u1ec3 l\u00e0m cho h\u00e0nh tr\u00ecnh h\u1ecdc ng\u1eef ph\u00e1p ti\u1ebfng Nepal c\u1ee7a b\u1ea1n su\u00f4n s\u1ebb h\u01a1n:<\/p>\n\n\n\n<p><strong>1. B\u1eaft \u0111\u1ea7u v\u1edbi nh\u1eefng \u0111i\u1ec1u c\u01a1 b\u1ea3n:<\/strong> T\u1eadp trung v\u00e0o vi\u1ec7c h\u1ecdc c\u00e1c nguy\u00ean t\u1eafc c\u01a1 b\u1ea3n c\u1ee7a ng\u1eef ph\u00e1p ti\u1ebfng Nepal, ch\u1eb3ng h\u1ea1n nh\u01b0 tr\u01b0\u1eddng h\u1ee3p danh t\u1eeb, \u0111\u1ea1i t\u1eeb v\u00e0 c\u00e1ch chia \u0111\u1ed9ng t\u1eeb. Khi s\u1ef1 hi\u1ec3u bi\u1ebft c\u1ee7a b\u1ea1n t\u0103ng l\u00ean, h\u00e3y d\u1ea7n d\u1ea7n k\u1ebft h\u1ee3p c\u00e1c c\u1ea5u tr\u00fac v\u00e0 quy t\u1eafc ph\u1ee9c t\u1ea1p h\u01a1n.<\/p>\n\n\n\n<p><strong>2. Th\u1ef1c h\u00e0nh th\u01b0\u1eddng xuy\u00ean:<\/strong> T\u00ednh nh\u1ea5t qu\u00e1n l\u00e0 r\u1ea5t quan tr\u1ecdng khi h\u1ecdc m\u1ed9t ng\u00f4n ng\u1eef m\u1edbi. Ph\u00e2n b\u1ed5 th\u1eddi gian c\u1ee5 th\u1ec3 m\u1ed7i ng\u00e0y ho\u1eb7c m\u1ed7i tu\u1ea7n \u0111\u1ec3 th\u1ef1c h\u00e0nh c\u00e1c b\u00e0i t\u1eadp ng\u1eef ph\u00e1p, \u0111\u1ecdc v\u00e0 vi\u1ebft b\u1eb1ng ti\u1ebfng Nepal.<\/p>\n\n\n\n<p><strong>3. S\u1eed d\u1ee5ng t\u00e0i nguy\u00ean b\u1ea3n \u0111\u1ecba:<\/strong> \u0110\u1eafm ch\u00ecm trong c\u00e1c t\u00e0i li\u1ec7u Nepal \u0111\u00edch th\u1ef1c, ch\u1eb3ng h\u1ea1n nh\u01b0 v\u0103n h\u1ecdc, b\u00e0i b\u00e1o v\u00e0 podcast. \u0110i\u1ec1u n\u00e0y s\u1ebd kh\u00f4ng ch\u1ec9 gi\u00fap b\u1ea1n hi\u1ec3u ng\u1eef ph\u00e1p ti\u1ebfng Nepal trong ng\u1eef c\u1ea3nh m\u00e0 c\u00f2n c\u1ea3i thi\u1ec7n k\u1ef9 n\u0103ng ng\u00f4n ng\u1eef t\u1ed5ng th\u1ec3 c\u1ee7a b\u1ea1n.<\/p>\n\n\n\n<p><strong>4. K\u1ebft n\u1ed1i v\u1edbi ng\u01b0\u1eddi b\u1ea3n ng\u1eef:<\/strong> Tham gia v\u00e0o c\u00e1c cu\u1ed9c tr\u00f2 chuy\u1ec7n v\u1edbi ng\u01b0\u1eddi Nepal b\u1ea3n ng\u1eef cho ph\u00e9p b\u1ea1n th\u1ef1c h\u00e0nh ng\u1eef ph\u00e1p trong c\u00e1c t\u00ecnh hu\u1ed1ng th\u1ef1c t\u1ebf v\u00e0 nh\u1eadn \u0111\u01b0\u1ee3c ph\u1ea3n h\u1ed3i c\u00f3 gi\u00e1 tr\u1ecb. C\u00e2n nh\u1eafc tham gia c\u00e1c nh\u00f3m trao \u0111\u1ed5i ng\u00f4n ng\u1eef ho\u1eb7c di\u1ec5n \u0111\u00e0n tr\u1ef1c tuy\u1ebfn \u0111\u1ec3 k\u1ebft n\u1ed1i v\u1edbi c\u00e1c c\u00e1 nh\u00e2n n\u00f3i ti\u1ebfng Nepal.<\/p>\n\n\n\n<p><strong>5. H\u00e3y ki\u00ean nh\u1eabn v\u00e0 ki\u00ean tr\u00ec:<\/strong> H\u00e3y nh\u1edb r\u1eb1ng h\u1ecdc m\u1ed9t ng\u00f4n ng\u1eef m\u1edbi c\u1ea7n c\u00f3 th\u1eddi gian, s\u1ef1 ki\u00ean tr\u00ec v\u00e0 ki\u00ean nh\u1eabn. \u0110\u00f3n nh\u1eadn nh\u1eefng th\u1eed th\u00e1ch v\u00e0 \u0103n m\u1eebng s\u1ef1 ti\u1ebfn b\u1ed9 c\u1ee7a b\u1ea1n tr\u00ean \u0111\u01b0\u1eddng \u0111i.<\/p>\n\n\n\n<h3 class=\"wp-block-heading\" id=\"h-conclusion\">K\u1ebft th\u00fac:<\/h3>\n\n\n\n<p>Ng\u1eef ph\u00e1p Nepal, v\u1edbi nh\u1eefng \u0111\u1eb7c \u0111i\u1ec3m \u0111\u1ed9c \u0111\u00e1o v\u00e0 m\u1ed1i li\u00ean h\u1ec7 v\u1edbi h\u1ec7 ng\u00f4n ng\u1eef \u1ea4n-Aryan, mang \u0111\u1ebfn m\u1ed9t h\u00e0nh tr\u00ecnh ng\u00f4n ng\u1eef h\u1ea5p d\u1eabn. B\u1eb1ng c\u00e1ch hi\u1ec3u c\u00e1c kh\u00eda c\u1ea1nh ch\u00ednh c\u1ee7a n\u00f3 v\u00e0 l\u00e0m theo c\u00e1c m\u1eb9o th\u1ef1c t\u1ebf c\u1ee7a ch\u00fang t\u00f4i, b\u1ea1n s\u1ebd m\u1edf \u0111\u01b0\u1eddng cho tr\u00ecnh \u0111\u1ed9 ng\u00f4n ng\u1eef v\u00e0 \u0111\u00e1nh gi\u00e1 s\u00e2u h\u01a1n v\u1ec1 ng\u00f4n ng\u1eef Nepal. V\u00ec v\u1eady, h\u00e3y m\u1ea1o hi\u1ec3m v\u1edbi s\u1ef1 nhi\u1ec7t t\u00ecnh v\u00e0 t\u00f2 m\u00f2, v\u00e0 n\u1eafm l\u1ea5y kho b\u00e1u ng\u00f4n ng\u1eef c\u1ee7a Nepal!<\/p>\n<\/div><\/div>\n\r\n<section class=\"learnNavigationSection\">\r\n            \r\n        <a href=\"https:\/\/talkpal.ai\/vi\/hoc-tieng-nepal\/\">\r\n            <div class=\"learnNavigationWrapper\">\r\n                <div class=\"learnNavigationContent\">\r\n                    <img decoding=\"async\" src=\"https:\/\/talkpal.ai\/wp-content\/uploads\/2024\/08\/Nepali.jpg\" alt=\"Nepali Flag\">\r\n                    <div>\r\n                        <h4>Gi\u1edbi thi\u1ec7u v\u1ec1 Nepal Learning<\/h4>\r\n                        <p>T\u00ecm hi\u1ec3u t\u1ea5t c\u1ea3 v\u1ec1 ng\u1eef ph\u00e1p ti\u1ebfng Nepal.<\/p>\r\n                    <\/div>\r\n                <\/div>\r\n            <\/div>\r\n        <\/a>\r\n\r\n        \r\n        <a href=\"https:\/\/talkpal.ai\/vi\/bai-tap-ngu-phap-tieng-nepal\/\">\r\n            <div class=\"learnNavigationWrapper\">\r\n                <div class=\"learnNavigationContent\">\r\n                    <img decoding=\"async\" src=\"https:\/\/talkpal.ai\/wp-content\/uploads\/2024\/08\/Nepali.jpg\" alt=\"Nepali Flag\">\r\n                    <div>\r\n                        <h4>B\u00e0i t\u1eadp ng\u1eef ph\u00e1p ti\u1ebfng Nepal<\/h4>\r\n                        <p>Th\u1ef1c h\u00e0nh ng\u1eef ph\u00e1p ti\u1ebfng Nepal.<\/p>\r\n                    <\/div>\r\n                <\/div>\r\n            <\/div>\r\n        <\/a>\r\n\r\n        \r\n        <a href=\"https:\/\/talkpal.ai\/vocabulary_language\/nepali\/\">\r\n            <div class=\"learnNavigationWrapper\">\r\n                <div class=\"learnNavigationContent\">\r\n                    <img decoding=\"async\" src=\"https:\/\/talkpal.ai\/wp-content\/uploads\/2024\/08\/Nepali.jpg\" alt=\"Nepali Flag\">\r\n                    <div>\r\n                        <h4>T\u1eeb v\u1ef1ng ti\u1ebfng Nepal<\/h4>\r\n                        <p>M\u1edf r\u1ed9ng v\u1ed1n t\u1eeb v\u1ef1ng ti\u1ebfng Nepal c\u1ee7a b\u1ea1n.<\/p>\r\n                    <\/div>\r\n                <\/div>\r\n            <\/div>\r\n        <\/a>\r\n\r\n            <\/section>","protected":false},"excerpt":{"rendered":"<p>\u0110i s\u00e2u v\u00e0o s\u1ef1 phong ph\u00fa c\u1ee7a ng\u1eef ph\u00e1p Nepal: H\u01b0\u1edbng d\u1eabn s\u00e2u s\u1eafc Ti\u1ebfng Nepal, m\u1ed9t ng\u00f4n ng\u1eef \u1ea4n-Aryan \u0111\u01b0\u1ee3c s\u1eed d\u1ee5ng b\u1edfi h\u01a1n 25 tri\u1ec7u ng\u01b0\u1eddi \u1edf Nepal v\u00e0 c\u00e1c khu v\u1ef1c l\u00e2n c\u1eadn, l\u00e0 m\u1ed9t ng\u00f4n ng\u1eef th\u00fa v\u1ecb th\u1ec3 hi\u1ec7n s\u1ef1 phong ph\u00fa v\u1ec1 v\u0103n h\u00f3a v\u00e0 s\u1ef1 \u0111a d\u1ea1ng ng\u00f4n [&hellip;]<\/p>\n","protected":false},"author":1,"featured_media":1442192,"parent":0,"menu_order":0,"comment_status":"closed","ping_status":"closed","template":"LearningContentPage.php","meta":{"_acf_changed":false,"footnotes":""},"class_list":["post-1442191","page","type-page","status-publish","has-post-thumbnail","hentry"],"acf":[],"yoast_head":"<!-- This site is optimized with the Yoast SEO Premium plugin v27.2 (Yoast SEO v27.2) - https:\/\/yoast.com\/product\/yoast-seo-premium-wordpress\/ -->\n<title>Ng\u1eef ph\u00e1p ti\u1ebfng Nepal - Talkpal<\/title>\n<meta name=\"description\" content=\"Kh\u00e1m ph\u00e1 Ng\u1eef ph\u00e1p ti\u1ebfng Nepal v\u00e0 n\u00e2ng cao hi\u1ec3u bi\u1ebft c\u1ee7a b\u1ea1n v\u1ec1 ng\u00f4n ng\u1eef v\u1edbi nh\u1eefng l\u1eddi gi\u1ea3i th\u00edch r\u00f5 r\u00e0ng v\u00e0 ng\u1eafn g\u1ecdn.\" \/>\n<meta name=\"robots\" content=\"index, follow, max-snippet:-1, max-image-preview:large, max-video-preview:-1\" \/>\n<link rel=\"canonical\" href=\"https:\/\/talkpal.ai\/vi\/ngu-phap-tieng-nepal\/\" \/>\n<meta property=\"og:locale\" content=\"vi_VN\" \/>\n<meta property=\"og:type\" content=\"article\" \/>\n<meta property=\"og:title\" content=\"Ng\u1eef ph\u00e1p ti\u1ebfng Nepal\" \/>\n<meta property=\"og:description\" content=\"\u0110i s\u00e2u v\u00e0o s\u1ef1 phong ph\u00fa c\u1ee7a ng\u1eef ph\u00e1p Nepal: H\u01b0\u1edbng d\u1eabn s\u00e2u s\u1eafc Ti\u1ebfng Nepal, m\u1ed9t ng\u00f4n ng\u1eef \u1ea4n-Aryan \u0111\u01b0\u1ee3c s\u1eed d\u1ee5ng b\u1edfi h\u01a1n 25 tri\u1ec7u ng\u01b0\u1eddi \u1edf Nepal v\u00e0 c\u00e1c khu\" \/>\n<meta property=\"og:url\" content=\"https:\/\/talkpal.ai\/vi\/ngu-phap-tieng-nepal\/\" \/>\n<meta property=\"og:site_name\" content=\"Talkpal\" \/>\n<meta property=\"article:publisher\" content=\"https:\/\/www.facebook.com\/profile.php?id=100090733639311\" \/>\n<meta property=\"article:modified_time\" content=\"2025-12-17T16:58:23+00:00\" \/>\n<meta property=\"og:image\" content=\"https:\/\/talkpal.ai\/wp-content\/uploads\/2023\/05\/nepal.png\" \/>\n\t<meta property=\"og:image:width\" content=\"512\" \/>\n\t<meta property=\"og:image:height\" content=\"512\" \/>\n\t<meta property=\"og:image:type\" content=\"image\/png\" \/>\n<meta name=\"twitter:card\" content=\"summary_large_image\" \/>\n<meta name=\"twitter:site\" content=\"@talkpalai\" \/>\n<meta name=\"twitter:label1\" content=\"Est. reading time\" \/>\n\t<meta name=\"twitter:data1\" content=\"6 minutes\" \/>\n<script type=\"application\/ld+json\" class=\"yoast-schema-graph\">{\"@context\":\"https:\/\/schema.org\",\"@graph\":[{\"@type\":\"WebPage\",\"@id\":\"https:\/\/talkpal.ai\/vi\/ngu-phap-tieng-nepal\/\",\"url\":\"https:\/\/talkpal.ai\/vi\/ngu-phap-tieng-nepal\/\",\"name\":\"Ng\u1eef ph\u00e1p ti\u1ebfng Nepal - Talkpal\",\"isPartOf\":{\"@id\":\"https:\/\/talkpal.ai\/vi\/#website\"},\"primaryImageOfPage\":{\"@id\":\"https:\/\/talkpal.ai\/vi\/ngu-phap-tieng-nepal\/#primaryimage\"},\"image\":{\"@id\":\"https:\/\/talkpal.ai\/vi\/ngu-phap-tieng-nepal\/#primaryimage\"},\"thumbnailUrl\":\"https:\/\/talkpal.ai\/wp-content\/uploads\/2023\/05\/nepal.png\",\"datePublished\":\"2023-05-14T14:12:45+00:00\",\"dateModified\":\"2025-12-17T16:58:23+00:00\",\"description\":\"Kh\u00e1m ph\u00e1 Ng\u1eef ph\u00e1p ti\u1ebfng Nepal v\u00e0 n\u00e2ng cao hi\u1ec3u bi\u1ebft c\u1ee7a b\u1ea1n v\u1ec1 ng\u00f4n ng\u1eef v\u1edbi nh\u1eefng l\u1eddi gi\u1ea3i th\u00edch r\u00f5 r\u00e0ng v\u00e0 ng\u1eafn g\u1ecdn.\",\"breadcrumb\":{\"@id\":\"https:\/\/talkpal.ai\/vi\/ngu-phap-tieng-nepal\/#breadcrumb\"},\"inLanguage\":\"vi-VN\",\"potentialAction\":[{\"@type\":\"ReadAction\",\"target\":[\"https:\/\/talkpal.ai\/vi\/ngu-phap-tieng-nepal\/\"]}]},{\"@type\":\"ImageObject\",\"inLanguage\":\"vi-VN\",\"@id\":\"https:\/\/talkpal.ai\/vi\/ngu-phap-tieng-nepal\/#primaryimage\",\"url\":\"https:\/\/talkpal.ai\/wp-content\/uploads\/2023\/05\/nepal.png\",\"contentUrl\":\"https:\/\/talkpal.ai\/wp-content\/uploads\/2023\/05\/nepal.png\",\"width\":512,\"height\":512,\"caption\":\"TalkPal Nepal Flag\"},{\"@type\":\"BreadcrumbList\",\"@id\":\"https:\/\/talkpal.ai\/vi\/ngu-phap-tieng-nepal\/#breadcrumb\",\"itemListElement\":[{\"@type\":\"ListItem\",\"position\":1,\"name\":\"Homepage\",\"item\":\"https:\/\/talkpal.ai\/vi\/giao-vien-ngon-ngu-ai-3\/\"},{\"@type\":\"ListItem\",\"position\":2,\"name\":\"Ng\u1eef ph\u00e1p ti\u1ebfng Nepal\"}]},{\"@type\":\"WebSite\",\"@id\":\"https:\/\/talkpal.ai\/vi\/#website\",\"url\":\"https:\/\/talkpal.ai\/vi\/\",\"name\":\"Talkpal\",\"description\":\"AI Language Learning\",\"publisher\":{\"@id\":\"https:\/\/talkpal.ai\/vi\/#organization\"},\"alternateName\":\"Talkpal AI\",\"potentialAction\":[{\"@type\":\"SearchAction\",\"target\":{\"@type\":\"EntryPoint\",\"urlTemplate\":\"https:\/\/talkpal.ai\/vi\/?s={search_term_string}\"},\"query-input\":{\"@type\":\"PropertyValueSpecification\",\"valueRequired\":true,\"valueName\":\"search_term_string\"}}],\"inLanguage\":\"vi-VN\"},{\"@type\":\"Organization\",\"@id\":\"https:\/\/talkpal.ai\/vi\/#organization\",\"name\":\"Talkpal, Inc.\",\"alternateName\":\"Talkpal AI\",\"url\":\"https:\/\/talkpal.ai\/vi\/\",\"logo\":{\"@type\":\"ImageObject\",\"inLanguage\":\"vi-VN\",\"@id\":\"https:\/\/talkpal.ai\/vi\/#\/schema\/logo\/image\/\",\"url\":\"https:\/\/talkpal.ai\/wp-content\/uploads\/2024\/03\/Talkpal-Logo-Icon.png\",\"contentUrl\":\"https:\/\/talkpal.ai\/wp-content\/uploads\/2024\/03\/Talkpal-Logo-Icon.png\",\"width\":2880,\"height\":2880,\"caption\":\"Talkpal, Inc.\"},\"image\":{\"@id\":\"https:\/\/talkpal.ai\/vi\/#\/schema\/logo\/image\/\"},\"sameAs\":[\"https:\/\/www.facebook.com\/profile.php?id=100090733639311\",\"https:\/\/x.com\/talkpalai\",\"https:\/\/www.linkedin.com\/company\/talkpal\/\",\"https:\/\/www.youtube.com\/@TalkPal\/\",\"https:\/\/www.tiktok.com\/@talkpal\",\"https:\/\/www.instagram.com\/talkpal_ai\/\",\"https:\/\/www.crunchbase.com\/organization\/talkpal-9cde\",\"https:\/\/www.g2.com\/products\/talkpal-for-business\/\",\"https:\/\/www.trustpilot.com\/review\/talkpal.ai\",\"https:\/\/www.capterra.com\/p\/10006800\/TalkPal\/\"],\"description\":\"Talkpal is a language learning web and mobile education app, powered by the latest AI technologies, that provides engaging experiences to its customers in many different languages to help them improve their language skills. Users can chat about unlimited amount of topics with the app and use other modes to practice their language learning.\",\"email\":\"support@talkpal.ai\",\"legalName\":\"Talkpal, Inc.\",\"foundingDate\":\"2023-04-03\",\"duns\":\"118989042\",\"numberOfEmployees\":{\"@type\":\"QuantitativeValue\",\"minValue\":\"11\",\"maxValue\":\"50\"},\"publishingPrinciples\":\"https:\/\/talkpal.ai\/publishing-principles\/\",\"actionableFeedbackPolicy\":\"https:\/\/talkpal.ai\/actionable-feedback-policy\/\",\"correctionsPolicy\":\"https:\/\/talkpal.ai\/corrections-policy\/\",\"ethicsPolicy\":\"https:\/\/talkpal.ai\/ethics-policy\/\",\"diversityPolicy\":\"https:\/\/talkpal.ai\/diversity-policy\/\",\"diversityStaffingReport\":\"https:\/\/talkpal.ai\/diversity-policy\/\"}]}<\/script>\n<!-- \/ Yoast SEO Premium plugin. -->","yoast_head_json":{"title":"Ng\u1eef ph\u00e1p ti\u1ebfng Nepal - Talkpal","description":"Kh\u00e1m ph\u00e1 Ng\u1eef ph\u00e1p ti\u1ebfng Nepal v\u00e0 n\u00e2ng cao hi\u1ec3u bi\u1ebft c\u1ee7a b\u1ea1n v\u1ec1 ng\u00f4n ng\u1eef v\u1edbi nh\u1eefng l\u1eddi gi\u1ea3i th\u00edch r\u00f5 r\u00e0ng v\u00e0 ng\u1eafn g\u1ecdn.","robots":{"index":"index","follow":"follow","max-snippet":"max-snippet:-1","max-image-preview":"max-image-preview:large","max-video-preview":"max-video-preview:-1"},"canonical":"https:\/\/talkpal.ai\/vi\/ngu-phap-tieng-nepal\/","og_locale":"vi_VN","og_type":"article","og_title":"Ng\u1eef ph\u00e1p ti\u1ebfng Nepal","og_description":"\u0110i s\u00e2u v\u00e0o s\u1ef1 phong ph\u00fa c\u1ee7a ng\u1eef ph\u00e1p Nepal: H\u01b0\u1edbng d\u1eabn s\u00e2u s\u1eafc Ti\u1ebfng Nepal, m\u1ed9t ng\u00f4n ng\u1eef \u1ea4n-Aryan \u0111\u01b0\u1ee3c s\u1eed d\u1ee5ng b\u1edfi h\u01a1n 25 tri\u1ec7u ng\u01b0\u1eddi \u1edf Nepal v\u00e0 c\u00e1c khu","og_url":"https:\/\/talkpal.ai\/vi\/ngu-phap-tieng-nepal\/","og_site_name":"Talkpal","article_publisher":"https:\/\/www.facebook.com\/profile.php?id=100090733639311","article_modified_time":"2025-12-17T16:58:23+00:00","og_image":[{"width":512,"height":512,"url":"https:\/\/talkpal.ai\/wp-content\/uploads\/2023\/05\/nepal.png","type":"image\/png"}],"twitter_card":"summary_large_image","twitter_site":"@talkpalai","twitter_misc":{"Est. reading time":"6 minutes"},"schema":{"@context":"https:\/\/schema.org","@graph":[{"@type":"WebPage","@id":"https:\/\/talkpal.ai\/vi\/ngu-phap-tieng-nepal\/","url":"https:\/\/talkpal.ai\/vi\/ngu-phap-tieng-nepal\/","name":"Ng\u1eef ph\u00e1p ti\u1ebfng Nepal - Talkpal","isPartOf":{"@id":"https:\/\/talkpal.ai\/vi\/#website"},"primaryImageOfPage":{"@id":"https:\/\/talkpal.ai\/vi\/ngu-phap-tieng-nepal\/#primaryimage"},"image":{"@id":"https:\/\/talkpal.ai\/vi\/ngu-phap-tieng-nepal\/#primaryimage"},"thumbnailUrl":"https:\/\/talkpal.ai\/wp-content\/uploads\/2023\/05\/nepal.png","datePublished":"2023-05-14T14:12:45+00:00","dateModified":"2025-12-17T16:58:23+00:00","description":"Kh\u00e1m ph\u00e1 Ng\u1eef ph\u00e1p ti\u1ebfng Nepal v\u00e0 n\u00e2ng cao hi\u1ec3u bi\u1ebft c\u1ee7a b\u1ea1n v\u1ec1 ng\u00f4n ng\u1eef v\u1edbi nh\u1eefng l\u1eddi gi\u1ea3i th\u00edch r\u00f5 r\u00e0ng v\u00e0 ng\u1eafn g\u1ecdn.","breadcrumb":{"@id":"https:\/\/talkpal.ai\/vi\/ngu-phap-tieng-nepal\/#breadcrumb"},"inLanguage":"vi-VN","potentialAction":[{"@type":"ReadAction","target":["https:\/\/talkpal.ai\/vi\/ngu-phap-tieng-nepal\/"]}]},{"@type":"ImageObject","inLanguage":"vi-VN","@id":"https:\/\/talkpal.ai\/vi\/ngu-phap-tieng-nepal\/#primaryimage","url":"https:\/\/talkpal.ai\/wp-content\/uploads\/2023\/05\/nepal.png","contentUrl":"https:\/\/talkpal.ai\/wp-content\/uploads\/2023\/05\/nepal.png","width":512,"height":512,"caption":"TalkPal Nepal Flag"},{"@type":"BreadcrumbList","@id":"https:\/\/talkpal.ai\/vi\/ngu-phap-tieng-nepal\/#breadcrumb","itemListElement":[{"@type":"ListItem","position":1,"name":"Homepage","item":"https:\/\/talkpal.ai\/vi\/giao-vien-ngon-ngu-ai-3\/"},{"@type":"ListItem","position":2,"name":"Ng\u1eef ph\u00e1p ti\u1ebfng Nepal"}]},{"@type":"WebSite","@id":"https:\/\/talkpal.ai\/vi\/#website","url":"https:\/\/talkpal.ai\/vi\/","name":"Talkpal","description":"AI Language Learning","publisher":{"@id":"https:\/\/talkpal.ai\/vi\/#organization"},"alternateName":"Talkpal AI","potentialAction":[{"@type":"SearchAction","target":{"@type":"EntryPoint","urlTemplate":"https:\/\/talkpal.ai\/vi\/?s={search_term_string}"},"query-input":{"@type":"PropertyValueSpecification","valueRequired":true,"valueName":"search_term_string"}}],"inLanguage":"vi-VN"},{"@type":"Organization","@id":"https:\/\/talkpal.ai\/vi\/#organization","name":"Talkpal, Inc.","alternateName":"Talkpal AI","url":"https:\/\/talkpal.ai\/vi\/","logo":{"@type":"ImageObject","inLanguage":"vi-VN","@id":"https:\/\/talkpal.ai\/vi\/#\/schema\/logo\/image\/","url":"https:\/\/talkpal.ai\/wp-content\/uploads\/2024\/03\/Talkpal-Logo-Icon.png","contentUrl":"https:\/\/talkpal.ai\/wp-content\/uploads\/2024\/03\/Talkpal-Logo-Icon.png","width":2880,"height":2880,"caption":"Talkpal, Inc."},"image":{"@id":"https:\/\/talkpal.ai\/vi\/#\/schema\/logo\/image\/"},"sameAs":["https:\/\/www.facebook.com\/profile.php?id=100090733639311","https:\/\/x.com\/talkpalai","https:\/\/www.linkedin.com\/company\/talkpal\/","https:\/\/www.youtube.com\/@TalkPal\/","https:\/\/www.tiktok.com\/@talkpal","https:\/\/www.instagram.com\/talkpal_ai\/","https:\/\/www.crunchbase.com\/organization\/talkpal-9cde","https:\/\/www.g2.com\/products\/talkpal-for-business\/","https:\/\/www.trustpilot.com\/review\/talkpal.ai","https:\/\/www.capterra.com\/p\/10006800\/TalkPal\/"],"description":"Talkpal is a language learning web and mobile education app, powered by the latest AI technologies, that provides engaging experiences to its customers in many different languages to help them improve their language skills. Users can chat about unlimited amount of topics with the app and use other modes to practice their language learning.","email":"support@talkpal.ai","legalName":"Talkpal, Inc.","foundingDate":"2023-04-03","duns":"118989042","numberOfEmployees":{"@type":"QuantitativeValue","minValue":"11","maxValue":"50"},"publishingPrinciples":"https:\/\/talkpal.ai\/publishing-principles\/","actionableFeedbackPolicy":"https:\/\/talkpal.ai\/actionable-feedback-policy\/","correctionsPolicy":"https:\/\/talkpal.ai\/corrections-policy\/","ethicsPolicy":"https:\/\/talkpal.ai\/ethics-policy\/","diversityPolicy":"https:\/\/talkpal.ai\/diversity-policy\/","diversityStaffingReport":"https:\/\/talkpal.ai\/diversity-policy\/"}]}},"_links":{"self":[{"href":"https:\/\/talkpal.ai\/vi\/wp-json\/wp\/v2\/pages\/1442191","targetHints":{"allow":["GET"]}}],"collection":[{"href":"https:\/\/talkpal.ai\/vi\/wp-json\/wp\/v2\/pages"}],"about":[{"href":"https:\/\/talkpal.ai\/vi\/wp-json\/wp\/v2\/types\/page"}],"author":[{"embeddable":true,"href":"https:\/\/talkpal.ai\/vi\/wp-json\/wp\/v2\/users\/1"}],"replies":[{"embeddable":true,"href":"https:\/\/talkpal.ai\/vi\/wp-json\/wp\/v2\/comments?post=1442191"}],"version-history":[{"count":0,"href":"https:\/\/talkpal.ai\/vi\/wp-json\/wp\/v2\/pages\/1442191\/revisions"}],"wp:featuredmedia":[{"embeddable":true,"href":"https:\/\/talkpal.ai\/vi\/wp-json\/wp\/v2\/media\/1442192"}],"wp:attachment":[{"href":"https:\/\/talkpal.ai\/vi\/wp-json\/wp\/v2\/media?parent=1442191"}],"curies":[{"name":"wp","href":"https:\/\/api.w.org\/{rel}","templated":true}]}}