{"id":1442185,"date":"2023-05-14T14:19:07","date_gmt":"2023-05-14T14:19:07","guid":{"rendered":"https:\/\/talkpal.ai\/ngu-phap-tieng-romania\/"},"modified":"2025-12-17T15:33:57","modified_gmt":"2025-12-17T15:33:57","slug":"ngu-phap-tieng-romania","status":"publish","type":"page","link":"https:\/\/talkpal.ai\/vi\/ngu-phap-tieng-romania\/","title":{"rendered":"Ng\u1eef ph\u00e1p ti\u1ebfng Romania"},"content":{"rendered":"\r\n\r\n\r\n<section class=\"languageChallengeSection\">\r\n    <div class=\"languageInfoWrapper\">\r\n        \r\n        <h1>Ng\u1eef ph\u00e1p ti\u1ebfng Romania<\/h1>\r\n        <p>M\u1edf kh\u00f3a v\u1ebb \u0111\u1eb9p c\u1ee7a <a href=\"https:\/\/talkpal.ai\/vi\/hoc-ngon-ngu-cho-cac-truong-ngon-ngu\/\">ng\u00f4n ng\u1eef<\/a> <a href=\"https:\/\/talkpal.ai\/locations\/language-courses-in-romania\/\">Romania<\/a> b\u1eb1ng c\u00e1ch h\u1ecdc c\u00e1c quy t\u1eafc <a href=\"https:\/\/talkpal.ai\/vi\/ngu-phap\/\">ng\u1eef ph\u00e1p<\/a> thi\u1ebft y\u1ebfu c\u1ee7a n\u00f3. N\u1eafm v\u1eefng ng\u1eef ph\u00e1p <a href=\"https:\/\/talkpal.ai\/learn-romanian\/\">ti\u1ebfng Romania<\/a> s\u1ebd gi\u00fap b\u1ea1n giao ti\u1ebfp t\u1ef1 tin v\u00e0 k\u1ebft n\u1ed1i v\u1edbi n\u1ec1n v\u0103n h\u00f3a v\u00e0 l\u1ecbch s\u1eed phong ph\u00fa c\u1ee7a Romania. B\u1eaft \u0111\u1ea7u h\u1ecdc ng\u1eef ph\u00e1p ti\u1ebfng Rumani ngay h\u00f4m nay v\u00e0 th\u1ef1c hi\u1ec7n b\u01b0\u1edbc \u0111\u1ea7u ti\u00ean c\u1ee7a b\u1ea1n \u0111\u1ec3 tr\u1edf n\u00ean tr\u00f4i ch\u1ea3y!<\/p>\r\n\r\n                            <a class=\"getStartedHidden\" href=\"https:\/\/app.talkpal.ai\/vi\/signup?lng=\">B\u1eaft \u0111\u1ea7u nh\u00e9<\/a>\r\n        \r\n    <\/div>\r\n\r\n    <figure>\r\n    <img decoding=\"async\" width=\"768\" height=\"768\" src=\"https:\/\/talkpal.ai\/wp-content\/uploads\/2023\/06\/romanian-768x768.png\" class=\"languageImage no-lazy\" alt=\"Language learning for intellectual challenge\" fetchpriority=\"high\" sizes=\"(max-width: 768px) 150px, 768px\" srcset=\"https:\/\/talkpal.ai\/wp-content\/uploads\/2023\/06\/romanian-768x768.png 768w, https:\/\/talkpal.ai\/wp-content\/uploads\/2023\/06\/romanian-300x300.png 300w\" \/>\r\n    \r\n\r\n    <\/figure>\r\n\r\n            <a class=\"getStartedVisible\" href=\"https:\/\/app.talkpal.ai\/vi\/signup?lng=\">B\u1eaft \u0111\u1ea7u nh\u00e9<\/a>\r\n    \r\n<\/section>\r\n<section class=\"promotionalBanner\">\r\n    <p class=\"promotionalText\">C\u00e1ch hi\u1ec7u qu\u1ea3 nh\u1ea5t \u0111\u1ec3 h\u1ecdc m\u1ed9t ng\u00f4n ng\u1eef<\/p>\r\n    <a class=\"promotionalLink\" href=\"https:\/\/app.talkpal.ai\/vi\/signup?lng=\">D\u00f9ng th\u1eed Talkpal mi\u1ec5n ph\u00ed<\/a>\r\n<\/section>\n<div class=\"wp-block-group pageContainerStyle\"><div class=\"wp-block-group__inner-container is-layout-constrained wp-block-group-is-layout-constrained\">\n<h2 class=\"wp-block-heading\" id=\"h-unraveling-the-mysteries-of-romanian-grammar\">L\u00e0m s\u00e1ng t\u1ecf nh\u1eefng b\u00ed \u1ea9n c\u1ee7a ng\u1eef ph\u00e1p Romania<\/h2>\n\n\n\n<p><a href=\"https:\/\/talkpal.ai\/learn-romanian\/\">Ti\u1ebfng Romania<\/a>, ng\u00f4n ng\u1eef Romance duy nh\u1ea5t \u0111\u01b0\u1ee3c s\u1eed d\u1ee5ng \u1edf \u0110\u00f4ng \u00c2u, mang \u0111\u1ebfn m\u1ed9t h\u00e0nh tr\u00ecnh ng\u00f4n ng\u1eef \u0111\u1ed9c \u0111\u00e1o v\u00e0 th\u00fa v\u1ecb. Tr\u1ea3i qua di s\u1ea3n v\u0103n h\u00f3a c\u1ee7a c\u1ea3 th\u1ebf gi\u1edbi Latinh v\u00e0 Slav, ti\u1ebfng Romania c\u00f3 m\u1ed9t l\u1ecbch s\u1eed h\u1ea5p d\u1eabn v\u00e0 m\u1ed9t h\u1ec7 th\u1ed1ng ng\u1eef ph\u00e1p th\u00fa v\u1ecb \u0111\u1ec3 kh\u00e1m ph\u00e1. V\u00ec v\u1eady, cho d\u00f9 b\u1ea1n l\u00e0 ng\u01b0\u1eddi \u0111am m\u00ea \u0111a ng\u00f4n ng\u1eef hay ch\u1ec9 \u0111ang t\u00ecm ki\u1ebfm m\u1ed9t cu\u1ed9c phi\u00eau l\u01b0u ng\u00f4n ng\u1eef m\u1edbi, h\u00e3y th\u1eaft d\u00e2y an to\u00e0n v\u00e0 s\u1eb5n s\u00e0ng kh\u00e1m ph\u00e1 v\u1ebb \u0111\u1eb9p c\u1ee7a ng\u1eef ph\u00e1p Rumani!<\/p>\n\n\n\n<h3 class=\"wp-block-heading\" id=\"h-1-the-alphabet-a-familiar-friend-with-a-twist\">1. B\u1ea3ng ch\u1eef c\u00e1i: M\u1ed9t ng\u01b0\u1eddi b\u1ea1n quen thu\u1ed9c v\u1edbi m\u1ed9t b\u01b0\u1edbc ngo\u1eb7t<\/h3>\n\n\n\n<p>B\u1ea3ng ch\u1eef c\u00e1i Romania d\u1ef1a tr\u00ean ch\u1eef Latinh, bao g\u1ed3m 31 ch\u1eef c\u00e1i. May m\u1eafn cho nh\u1eefng ng\u01b0\u1eddi n\u00f3i <a href=\"https:\/\/talkpal.ai\/top-trang-web-luyen-noi-tieng-anh-hieu-qua-nhat-2024\/\">ti\u1ebfng Anh<\/a>, n\u00f3 kh\u00e1 gi\u1ed1ng v\u1edbi b\u1ea3ng ch\u1eef c\u00e1i ti\u1ebfng Anh, ch\u1ec9 c\u00f3 m\u1ed9t v\u00e0i k\u00fd t\u1ef1 b\u1ed5 sung \u0111\u1ec3 \u0111\u1ea1i di\u1ec7n cho c\u00e1c \u00e2m thanh Rumani c\u1ee5 th\u1ec3. V\u1edbi m\u1ed9t ch\u00fat th\u1ef1c h\u00e0nh, vi\u1ec7c n\u1eafm v\u1eefng nh\u1eefng \u0111i\u1ec1u c\u01a1 b\u1ea3n (nh\u01b0 \u0111\u00e1nh v\u1ea7n t\u00ean ho\u1eb7c \u0111\u1ecdc bi\u1ec3n b\u00e1o \u0111\u01b0\u1eddng ph\u1ed1) s\u1ebd tr\u1edf n\u00ean d\u1ec5 d\u00e0ng!<\/p>\n\n\n\n<h3 class=\"wp-block-heading\" id=\"h-2-nouns-meet-cases-the-dynamic-duo\">2. Danh t\u1eeb g\u1eb7p c\u00e1c tr\u01b0\u1eddng h\u1ee3p: B\u1ed9 \u0111\u00f4i n\u0103ng \u0111\u1ed9ng<\/h3>\n\n\n\n<p>Danh t\u1eeb Rumani \u0111\u01b0\u1ee3c chia th\u00e0nh ba gi\u1edbi t\u00ednh (nam, n\u1eef v\u00e0 trung t\u00ednh), v\u00e0 ch\u00fang thay \u0111\u1ed5i h\u00ecnh th\u1ee9c t\u00f9y thu\u1ed9c v\u00e0o tr\u01b0\u1eddng h\u1ee3p ng\u1eef ph\u00e1p (danh ngh\u0129a, sinh d\u1ee5c, dative, accusative ho\u1eb7c vocative). M\u1eb7c d\u00f9 \u0111i\u1ec1u n\u00e0y tho\u1ea1t nghe c\u00f3 v\u1ebb kh\u00f3 kh\u0103n, nh\u01b0ng h\u1ec7 th\u1ed1ng n\u00e0y mang l\u1ea1i cho ti\u1ebfng Romania s\u1ef1 phong ph\u00fa cho ph\u00e9p t\u1ea1o s\u1eafc th\u00e1i v\u00e0 s\u00e1ng t\u1ea1o trong vi\u1ec7c so\u1ea1n c\u00e2u, l\u00e0m cho h\u00e0nh tr\u00ecnh ng\u00f4n ng\u1eef c\u1ee7a b\u1ea1n tr\u1edf n\u00ean b\u1ed5 \u00edch h\u01a1n.<\/p>\n\n\n\n<h3 class=\"wp-block-heading\" id=\"h-3-verbs-conjugating-your-way-to-success\">3. \u0110\u1ed9ng t\u1eeb: Chia \u0111\u1ed9ng t\u1eeb con \u0111\u01b0\u1eddng d\u1eabn \u0111\u1ebfn th\u00e0nh c\u00f4ng c\u1ee7a b\u1ea1n<\/h3>\n\n\n\n<p>Chia \u0111\u1ed9ng t\u1eeb Rumani, m\u1eb7c d\u00f9 \u0111\u01a1n gi\u1ea3n h\u01a1n m\u1ed9t ch\u00fat so v\u1edbi bi\u1ebfn d\u1ea1ng danh t\u1eeb, nh\u01b0ng v\u1eabn l\u00e0 m\u1ed9t qu\u00e1 tr\u00ecnh nhi\u1ec1u m\u1eb7t. \u0110\u1ed9ng t\u1eeb thay \u0111\u1ed5i h\u00ecnh th\u1ee9c t\u00f9y thu\u1ed9c v\u00e0o th\u00ec, t\u00e2m tr\u1ea1ng, gi\u1ecdng n\u00f3i v\u00e0 ng\u01b0\u1eddi v\u00e0 s\u1ed1 l\u01b0\u1ee3ng c\u1ee7a ch\u1ee7 th\u1ec3. Gi\u1ed1ng nh\u01b0 m\u1ed9t nh\u1ea1c c\u1ee5 \u0111\u01b0\u1ee3c tinh ch\u1ec9nh, \u0111\u1ed9ng t\u1eeb Romania c\u00f3 th\u1ec3 truy\u1ec1n t\u1ea3i nhi\u1ec1u lo\u1ea1i h\u00e0nh \u0111\u1ed9ng, c\u1ea3m x\u00fac v\u00e0 \u00fd \u0111\u1ecbnh, cho ph\u00e9p th\u1ec3 hi\u1ec7n c\u1ea3 ch\u00ednh x\u00e1c v\u00e0 th\u01a1 m\u1ed9ng.<\/p>\n\n\n\n<h3 class=\"wp-block-heading\" id=\"h-4-flexible-word-order-shuffle-the-sentences\">4. Th\u1ee9 t\u1ef1 t\u1eeb linh ho\u1ea1t: X\u00e1o tr\u1ed9n c\u00e1c c\u00e2u<\/h3>\n\n\n\n<p>Ti\u1ebfng Romania kh\u00e1 linh ho\u1ea1t khi n\u00f3i \u0111\u1ebfn th\u1ee9 t\u1ef1 t\u1eeb, cho ph\u00e9p b\u1ea1n s\u1eafp x\u1ebfp ch\u1ee7 ng\u1eef, \u0111\u1ed9ng t\u1eeb v\u00e0 t\u00e2n ng\u1eef theo nhi\u1ec1u c\u00e1ch kh\u00e1c nhau m\u00e0 kh\u00f4ng \u1ea3nh h\u01b0\u1edfng \u0111\u1ebfn \u00fd ngh\u0129a. S\u1ef1 linh ho\u1ea1t n\u00e0y c\u00f3 th\u1ec3 t\u0103ng th\u00eam s\u1ef1 nh\u1ea5n m\u1ea1nh, t\u1ea1o s\u1ef1 t\u01b0\u01a1ng ph\u1ea3n ho\u1eb7c \u0111\u01a1n gi\u1ea3n l\u00e0 l\u00e0m cho l\u1eddi n\u00f3i h\u1ea5p d\u1eabn h\u01a1n. Khi b\u1ea1n tr\u1edf n\u00ean th\u00e0nh th\u1ea1o ti\u1ebfng Romania h\u01a1n, b\u1ea1n s\u1ebd c\u00f3 ni\u1ec1m vui khi th\u1eed nghi\u1ec7m nh\u1eefng c\u00e1ch kh\u00e1c nhau \u0111\u1ec3 n\u00f3i c\u00f9ng m\u1ed9t \u0111i\u1ec1u, t\u00ecm ra gi\u1ecdng \u0111i\u1ec7u ho\u00e0n h\u1ea3o cho m\u1ecdi t\u00ecnh hu\u1ed1ng.<\/p>\n\n\n\n<h3 class=\"wp-block-heading\" id=\"h-5-wading-deeper-language-through-culture\">5. L\u1ed9i s\u00e2u h\u01a1n: Ng\u00f4n ng\u1eef th\u00f4ng qua v\u0103n h\u00f3a<\/h3>\n\n\n\n<p>\u0110\u1ec3 th\u1ef1c s\u1ef1 \u0111\u00e1nh gi\u00e1 cao ti\u1ebfng Rumani, b\u1ea1n ph\u1ea3i \u0111i s\u00e2u h\u01a1n v\u00e0o v\u0103n h\u00f3a, l\u1ecbch s\u1eed v\u00e0 t\u01b0 duy \u0111\u00e3 \u0111\u1ecbnh h\u00ecnh ng\u00f4n ng\u1eef n\u00e0y. T\u01b0\u01a1ng t\u00e1c v\u1edbi ng\u01b0\u1eddi b\u1ea3n ng\u1eef, kh\u00e1m ph\u00e1 v\u0103n h\u1ecdc Romania v\u00e0 \u0111\u1eafm m\u00ecnh trong phong t\u1ee5c v\u00e0 truy\u1ec1n th\u1ed1ng \u0111\u1ecba ph\u01b0\u01a1ng. Khi l\u00e0m nh\u01b0 v\u1eady, b\u1ea1n s\u1ebd kh\u00f4ng ch\u1ec9 c\u1ea3i thi\u1ec7n tr\u00ecnh \u0111\u1ed9 ng\u00f4n ng\u1eef c\u1ee7a m\u00ecnh m\u00e0 c\u00f2n kh\u00e1m ph\u00e1 v\u1ebb \u0111\u1eb9p \u0111a di\u1ec7n c\u1ee7a v\u0103n h\u00f3a Romania.<\/p>\n\n\n\n<h3 class=\"wp-block-heading\" id=\"h-in-conclusion-embrace-the-magic-of-romanian-grammar\">K\u1ebft lu\u1eadn: N\u1eafm b\u1eaft s\u1ef1 k\u1ef3 di\u1ec7u c\u1ee7a ng\u1eef ph\u00e1p Romania<\/h3>\n\n\n\n<p>Ng\u1eef ph\u00e1p ti\u1ebfng Romania tho\u1ea1t nghe c\u00f3 v\u1ebb nh\u01b0 l\u00e0 m\u1ed9t b\u00ed \u1ea9n, nh\u01b0ng v\u1edbi th\u1eddi gian, s\u1ef1 ki\u00ean nh\u1eabn v\u00e0 s\u1ef1 quan t\u00e2m s\u00e2u s\u1eafc \u0111\u1ebfn ng\u00f4n ng\u1eef n\u00e0y, b\u1ea1n s\u1ebd m\u1edf kh\u00f3a b\u00ed m\u1eadt c\u1ee7a kho b\u00e1u ng\u00f4n ng\u1eef \u0111\u00e1ng ch\u00fa \u00fd n\u00e0y. V\u00ec v\u1eady, t\u1ea1i sao ph\u1ea3i ch\u1edd \u0111\u1ee3i? B\u1eaft \u0111\u1ea7u h\u00e0nh tr\u00ecnh ng\u00f4n ng\u1eef Romania c\u1ee7a b\u1ea1n ngay h\u00f4m nay v\u00e0 \u0111\u1eafm m\u00ecnh trong v\u1ebb \u0111\u1eb9p c\u1ee7a ng\u1eef ph\u00e1p, v\u0103n h\u00f3a v\u00e0 th\u1ebf gi\u1edbi quy\u1ebfn r\u0169 m\u00e0 n\u00f3 m\u1edf ra cho b\u1ea1n.<\/p>\n<\/div><\/div>\n\r\n<section class=\"learnNavigationSection\">\r\n            \r\n        <a href=\"https:\/\/talkpal.ai\/vi\/hoc-tieng-rumani\/\">\r\n            <div class=\"learnNavigationWrapper\">\r\n                <div class=\"learnNavigationContent\">\r\n                    <img decoding=\"async\" src=\"https:\/\/talkpal.ai\/wp-content\/uploads\/2024\/08\/Romanian.jpg\" alt=\"Romanian Flag\">\r\n                    <div>\r\n                        <h4>Gi\u1edbi thi\u1ec7u v\u1ec1 Romanian Learning<\/h4>\r\n                        <p>T\u00ecm hi\u1ec3u t\u1ea5t c\u1ea3 v\u1ec1 ng\u1eef ph\u00e1p ti\u1ebfng Rumani.<\/p>\r\n                    <\/div>\r\n                <\/div>\r\n            <\/div>\r\n        <\/a>\r\n\r\n        \r\n        <a href=\"https:\/\/talkpal.ai\/vi\/bai-tap-ngu-phap-rumani\/\">\r\n            <div class=\"learnNavigationWrapper\">\r\n                <div class=\"learnNavigationContent\">\r\n                    <img decoding=\"async\" src=\"https:\/\/talkpal.ai\/wp-content\/uploads\/2024\/08\/Romanian.jpg\" alt=\"Romanian Flag\">\r\n                    <div>\r\n                        <h4>B\u00e0i t\u1eadp ng\u1eef ph\u00e1p ti\u1ebfng Romania<\/h4>\r\n                        <p>Th\u1ef1c h\u00e0nh ng\u1eef ph\u00e1p ti\u1ebfng Rumani.<\/p>\r\n                    <\/div>\r\n                <\/div>\r\n            <\/div>\r\n        <\/a>\r\n\r\n        \r\n        <a href=\"https:\/\/talkpal.ai\/vocabulary_language\/romanian\/\">\r\n            <div class=\"learnNavigationWrapper\">\r\n                <div class=\"learnNavigationContent\">\r\n                    <img decoding=\"async\" src=\"https:\/\/talkpal.ai\/wp-content\/uploads\/2024\/08\/Romanian.jpg\" alt=\"Romanian Flag\">\r\n                    <div>\r\n                        <h4>T\u1eeb v\u1ef1ng ti\u1ebfng Romania<\/h4>\r\n                        <p>M\u1edf r\u1ed9ng v\u1ed1n t\u1eeb v\u1ef1ng ti\u1ebfng Rumani c\u1ee7a b\u1ea1n.<\/p>\r\n                    <\/div>\r\n                <\/div>\r\n            <\/div>\r\n        <\/a>\r\n\r\n            <\/section>","protected":false},"excerpt":{"rendered":"<p>L\u00e0m s\u00e1ng t\u1ecf nh\u1eefng b\u00ed \u1ea9n c\u1ee7a ng\u1eef ph\u00e1p Romania Ti\u1ebfng Romania, ng\u00f4n ng\u1eef Romance duy nh\u1ea5t \u0111\u01b0\u1ee3c s\u1eed d\u1ee5ng \u1edf \u0110\u00f4ng \u00c2u, mang \u0111\u1ebfn m\u1ed9t h\u00e0nh tr\u00ecnh ng\u00f4n ng\u1eef \u0111\u1ed9c \u0111\u00e1o v\u00e0 th\u00fa v\u1ecb. Tr\u1ea3i qua di s\u1ea3n v\u0103n h\u00f3a c\u1ee7a c\u1ea3 th\u1ebf gi\u1edbi Latinh v\u00e0 Slav, ti\u1ebfng Romania c\u00f3 m\u1ed9t l\u1ecbch s\u1eed h\u1ea5p [&hellip;]<\/p>\n","protected":false},"author":1,"featured_media":1442186,"parent":0,"menu_order":0,"comment_status":"closed","ping_status":"closed","template":"LearningContentPage.php","meta":{"_acf_changed":false,"footnotes":""},"class_list":["post-1442185","page","type-page","status-publish","has-post-thumbnail","hentry"],"acf":[],"yoast_head":"<!-- This site is optimized with the Yoast SEO Premium plugin v27.2 (Yoast SEO v27.2) - https:\/\/yoast.com\/product\/yoast-seo-premium-wordpress\/ -->\n<title>Ng\u1eef ph\u00e1p ti\u1ebfng Romania - Talkpal<\/title>\n<meta name=\"description\" content=\"Kh\u00e1m ph\u00e1 th\u1ebf gi\u1edbi h\u1ea5p d\u1eabn c\u1ee7a ng\u1eef ph\u00e1p Romania v\u00e0 kh\u00e1m ph\u00e1 nh\u1eefng \u0111\u1eb7c \u0111i\u1ec3m \u0111\u1ed9c \u0111\u00e1o c\u1ee7a ng\u00f4n ng\u1eef l\u00e3ng m\u1ea1n tuy\u1ec7t \u0111\u1eb9p n\u00e0y.\" \/>\n<meta name=\"robots\" content=\"index, follow, max-snippet:-1, max-image-preview:large, max-video-preview:-1\" \/>\n<link rel=\"canonical\" href=\"https:\/\/talkpal.ai\/vi\/ngu-phap-tieng-romania\/\" \/>\n<meta property=\"og:locale\" content=\"vi_VN\" \/>\n<meta property=\"og:type\" content=\"article\" \/>\n<meta property=\"og:title\" content=\"Ng\u1eef ph\u00e1p ti\u1ebfng Romania\" \/>\n<meta property=\"og:description\" content=\"L\u00e0m s\u00e1ng t\u1ecf nh\u1eefng b\u00ed \u1ea9n c\u1ee7a ng\u1eef ph\u00e1p Romania Ti\u1ebfng Romania, ng\u00f4n ng\u1eef Romance duy nh\u1ea5t \u0111\u01b0\u1ee3c s\u1eed d\u1ee5ng \u1edf \u0110\u00f4ng \u00c2u, mang \u0111\u1ebfn m\u1ed9t h\u00e0nh tr\u00ecnh ng\u00f4n ng\u1eef \u0111\u1ed9c \u0111\u00e1o v\u00e0\" \/>\n<meta property=\"og:url\" content=\"https:\/\/talkpal.ai\/vi\/ngu-phap-tieng-romania\/\" \/>\n<meta property=\"og:site_name\" content=\"Talkpal\" \/>\n<meta property=\"article:publisher\" content=\"https:\/\/www.facebook.com\/profile.php?id=100090733639311\" \/>\n<meta property=\"article:modified_time\" content=\"2025-12-17T15:33:57+00:00\" \/>\n<meta property=\"og:image\" content=\"https:\/\/talkpal.ai\/wp-content\/uploads\/2023\/05\/romania.png\" \/>\n\t<meta property=\"og:image:width\" content=\"512\" \/>\n\t<meta property=\"og:image:height\" content=\"512\" \/>\n\t<meta property=\"og:image:type\" content=\"image\/png\" \/>\n<meta name=\"twitter:card\" content=\"summary_large_image\" \/>\n<meta name=\"twitter:site\" content=\"@talkpalai\" \/>\n<meta name=\"twitter:label1\" content=\"Est. reading time\" \/>\n\t<meta name=\"twitter:data1\" content=\"5 minutes\" \/>\n<script type=\"application\/ld+json\" class=\"yoast-schema-graph\">{\"@context\":\"https:\/\/schema.org\",\"@graph\":[{\"@type\":\"WebPage\",\"@id\":\"https:\/\/talkpal.ai\/vi\/ngu-phap-tieng-romania\/\",\"url\":\"https:\/\/talkpal.ai\/vi\/ngu-phap-tieng-romania\/\",\"name\":\"Ng\u1eef ph\u00e1p ti\u1ebfng Romania - Talkpal\",\"isPartOf\":{\"@id\":\"https:\/\/talkpal.ai\/vi\/#website\"},\"primaryImageOfPage\":{\"@id\":\"https:\/\/talkpal.ai\/vi\/ngu-phap-tieng-romania\/#primaryimage\"},\"image\":{\"@id\":\"https:\/\/talkpal.ai\/vi\/ngu-phap-tieng-romania\/#primaryimage\"},\"thumbnailUrl\":\"https:\/\/talkpal.ai\/wp-content\/uploads\/2023\/05\/romania.png\",\"datePublished\":\"2023-05-14T14:19:07+00:00\",\"dateModified\":\"2025-12-17T15:33:57+00:00\",\"description\":\"Kh\u00e1m ph\u00e1 th\u1ebf gi\u1edbi h\u1ea5p d\u1eabn c\u1ee7a ng\u1eef ph\u00e1p Romania v\u00e0 kh\u00e1m ph\u00e1 nh\u1eefng \u0111\u1eb7c \u0111i\u1ec3m \u0111\u1ed9c \u0111\u00e1o c\u1ee7a ng\u00f4n ng\u1eef l\u00e3ng m\u1ea1n tuy\u1ec7t \u0111\u1eb9p n\u00e0y.\",\"breadcrumb\":{\"@id\":\"https:\/\/talkpal.ai\/vi\/ngu-phap-tieng-romania\/#breadcrumb\"},\"inLanguage\":\"vi-VN\",\"potentialAction\":[{\"@type\":\"ReadAction\",\"target\":[\"https:\/\/talkpal.ai\/vi\/ngu-phap-tieng-romania\/\"]}]},{\"@type\":\"ImageObject\",\"inLanguage\":\"vi-VN\",\"@id\":\"https:\/\/talkpal.ai\/vi\/ngu-phap-tieng-romania\/#primaryimage\",\"url\":\"https:\/\/talkpal.ai\/wp-content\/uploads\/2023\/05\/romania.png\",\"contentUrl\":\"https:\/\/talkpal.ai\/wp-content\/uploads\/2023\/05\/romania.png\",\"width\":512,\"height\":512,\"caption\":\"TalkPal Romania Flag\"},{\"@type\":\"BreadcrumbList\",\"@id\":\"https:\/\/talkpal.ai\/vi\/ngu-phap-tieng-romania\/#breadcrumb\",\"itemListElement\":[{\"@type\":\"ListItem\",\"position\":1,\"name\":\"Homepage\",\"item\":\"https:\/\/talkpal.ai\/vi\/giao-vien-ngon-ngu-ai-3\/\"},{\"@type\":\"ListItem\",\"position\":2,\"name\":\"Ng\u1eef ph\u00e1p ti\u1ebfng Romania\"}]},{\"@type\":\"WebSite\",\"@id\":\"https:\/\/talkpal.ai\/vi\/#website\",\"url\":\"https:\/\/talkpal.ai\/vi\/\",\"name\":\"Talkpal\",\"description\":\"AI Language Learning\",\"publisher\":{\"@id\":\"https:\/\/talkpal.ai\/vi\/#organization\"},\"alternateName\":\"Talkpal AI\",\"potentialAction\":[{\"@type\":\"SearchAction\",\"target\":{\"@type\":\"EntryPoint\",\"urlTemplate\":\"https:\/\/talkpal.ai\/vi\/?s={search_term_string}\"},\"query-input\":{\"@type\":\"PropertyValueSpecification\",\"valueRequired\":true,\"valueName\":\"search_term_string\"}}],\"inLanguage\":\"vi-VN\"},{\"@type\":\"Organization\",\"@id\":\"https:\/\/talkpal.ai\/vi\/#organization\",\"name\":\"Talkpal, Inc.\",\"alternateName\":\"Talkpal AI\",\"url\":\"https:\/\/talkpal.ai\/vi\/\",\"logo\":{\"@type\":\"ImageObject\",\"inLanguage\":\"vi-VN\",\"@id\":\"https:\/\/talkpal.ai\/vi\/#\/schema\/logo\/image\/\",\"url\":\"https:\/\/talkpal.ai\/wp-content\/uploads\/2024\/03\/Talkpal-Logo-Icon.png\",\"contentUrl\":\"https:\/\/talkpal.ai\/wp-content\/uploads\/2024\/03\/Talkpal-Logo-Icon.png\",\"width\":2880,\"height\":2880,\"caption\":\"Talkpal, Inc.\"},\"image\":{\"@id\":\"https:\/\/talkpal.ai\/vi\/#\/schema\/logo\/image\/\"},\"sameAs\":[\"https:\/\/www.facebook.com\/profile.php?id=100090733639311\",\"https:\/\/x.com\/talkpalai\",\"https:\/\/www.linkedin.com\/company\/talkpal\/\",\"https:\/\/www.youtube.com\/@TalkPal\/\",\"https:\/\/www.tiktok.com\/@talkpal\",\"https:\/\/www.instagram.com\/talkpal_ai\/\",\"https:\/\/www.crunchbase.com\/organization\/talkpal-9cde\",\"https:\/\/www.g2.com\/products\/talkpal-for-business\/\",\"https:\/\/www.trustpilot.com\/review\/talkpal.ai\",\"https:\/\/www.capterra.com\/p\/10006800\/TalkPal\/\"],\"description\":\"Talkpal is a language learning web and mobile education app, powered by the latest AI technologies, that provides engaging experiences to its customers in many different languages to help them improve their language skills. Users can chat about unlimited amount of topics with the app and use other modes to practice their language learning.\",\"email\":\"support@talkpal.ai\",\"legalName\":\"Talkpal, Inc.\",\"foundingDate\":\"2023-04-03\",\"duns\":\"118989042\",\"numberOfEmployees\":{\"@type\":\"QuantitativeValue\",\"minValue\":\"11\",\"maxValue\":\"50\"},\"publishingPrinciples\":\"https:\/\/talkpal.ai\/publishing-principles\/\",\"actionableFeedbackPolicy\":\"https:\/\/talkpal.ai\/actionable-feedback-policy\/\",\"correctionsPolicy\":\"https:\/\/talkpal.ai\/corrections-policy\/\",\"ethicsPolicy\":\"https:\/\/talkpal.ai\/ethics-policy\/\",\"diversityPolicy\":\"https:\/\/talkpal.ai\/diversity-policy\/\",\"diversityStaffingReport\":\"https:\/\/talkpal.ai\/diversity-policy\/\"}]}<\/script>\n<!-- \/ Yoast SEO Premium plugin. -->","yoast_head_json":{"title":"Ng\u1eef ph\u00e1p ti\u1ebfng Romania - Talkpal","description":"Kh\u00e1m ph\u00e1 th\u1ebf gi\u1edbi h\u1ea5p d\u1eabn c\u1ee7a ng\u1eef ph\u00e1p Romania v\u00e0 kh\u00e1m ph\u00e1 nh\u1eefng \u0111\u1eb7c \u0111i\u1ec3m \u0111\u1ed9c \u0111\u00e1o c\u1ee7a ng\u00f4n ng\u1eef l\u00e3ng m\u1ea1n tuy\u1ec7t \u0111\u1eb9p n\u00e0y.","robots":{"index":"index","follow":"follow","max-snippet":"max-snippet:-1","max-image-preview":"max-image-preview:large","max-video-preview":"max-video-preview:-1"},"canonical":"https:\/\/talkpal.ai\/vi\/ngu-phap-tieng-romania\/","og_locale":"vi_VN","og_type":"article","og_title":"Ng\u1eef ph\u00e1p ti\u1ebfng Romania","og_description":"L\u00e0m s\u00e1ng t\u1ecf nh\u1eefng b\u00ed \u1ea9n c\u1ee7a ng\u1eef ph\u00e1p Romania Ti\u1ebfng Romania, ng\u00f4n ng\u1eef Romance duy nh\u1ea5t \u0111\u01b0\u1ee3c s\u1eed d\u1ee5ng \u1edf \u0110\u00f4ng \u00c2u, mang \u0111\u1ebfn m\u1ed9t h\u00e0nh tr\u00ecnh ng\u00f4n ng\u1eef \u0111\u1ed9c \u0111\u00e1o v\u00e0","og_url":"https:\/\/talkpal.ai\/vi\/ngu-phap-tieng-romania\/","og_site_name":"Talkpal","article_publisher":"https:\/\/www.facebook.com\/profile.php?id=100090733639311","article_modified_time":"2025-12-17T15:33:57+00:00","og_image":[{"width":512,"height":512,"url":"https:\/\/talkpal.ai\/wp-content\/uploads\/2023\/05\/romania.png","type":"image\/png"}],"twitter_card":"summary_large_image","twitter_site":"@talkpalai","twitter_misc":{"Est. reading time":"5 minutes"},"schema":{"@context":"https:\/\/schema.org","@graph":[{"@type":"WebPage","@id":"https:\/\/talkpal.ai\/vi\/ngu-phap-tieng-romania\/","url":"https:\/\/talkpal.ai\/vi\/ngu-phap-tieng-romania\/","name":"Ng\u1eef ph\u00e1p ti\u1ebfng Romania - Talkpal","isPartOf":{"@id":"https:\/\/talkpal.ai\/vi\/#website"},"primaryImageOfPage":{"@id":"https:\/\/talkpal.ai\/vi\/ngu-phap-tieng-romania\/#primaryimage"},"image":{"@id":"https:\/\/talkpal.ai\/vi\/ngu-phap-tieng-romania\/#primaryimage"},"thumbnailUrl":"https:\/\/talkpal.ai\/wp-content\/uploads\/2023\/05\/romania.png","datePublished":"2023-05-14T14:19:07+00:00","dateModified":"2025-12-17T15:33:57+00:00","description":"Kh\u00e1m ph\u00e1 th\u1ebf gi\u1edbi h\u1ea5p d\u1eabn c\u1ee7a ng\u1eef ph\u00e1p Romania v\u00e0 kh\u00e1m ph\u00e1 nh\u1eefng \u0111\u1eb7c \u0111i\u1ec3m \u0111\u1ed9c \u0111\u00e1o c\u1ee7a ng\u00f4n ng\u1eef l\u00e3ng m\u1ea1n tuy\u1ec7t \u0111\u1eb9p n\u00e0y.","breadcrumb":{"@id":"https:\/\/talkpal.ai\/vi\/ngu-phap-tieng-romania\/#breadcrumb"},"inLanguage":"vi-VN","potentialAction":[{"@type":"ReadAction","target":["https:\/\/talkpal.ai\/vi\/ngu-phap-tieng-romania\/"]}]},{"@type":"ImageObject","inLanguage":"vi-VN","@id":"https:\/\/talkpal.ai\/vi\/ngu-phap-tieng-romania\/#primaryimage","url":"https:\/\/talkpal.ai\/wp-content\/uploads\/2023\/05\/romania.png","contentUrl":"https:\/\/talkpal.ai\/wp-content\/uploads\/2023\/05\/romania.png","width":512,"height":512,"caption":"TalkPal Romania Flag"},{"@type":"BreadcrumbList","@id":"https:\/\/talkpal.ai\/vi\/ngu-phap-tieng-romania\/#breadcrumb","itemListElement":[{"@type":"ListItem","position":1,"name":"Homepage","item":"https:\/\/talkpal.ai\/vi\/giao-vien-ngon-ngu-ai-3\/"},{"@type":"ListItem","position":2,"name":"Ng\u1eef ph\u00e1p ti\u1ebfng Romania"}]},{"@type":"WebSite","@id":"https:\/\/talkpal.ai\/vi\/#website","url":"https:\/\/talkpal.ai\/vi\/","name":"Talkpal","description":"AI Language Learning","publisher":{"@id":"https:\/\/talkpal.ai\/vi\/#organization"},"alternateName":"Talkpal AI","potentialAction":[{"@type":"SearchAction","target":{"@type":"EntryPoint","urlTemplate":"https:\/\/talkpal.ai\/vi\/?s={search_term_string}"},"query-input":{"@type":"PropertyValueSpecification","valueRequired":true,"valueName":"search_term_string"}}],"inLanguage":"vi-VN"},{"@type":"Organization","@id":"https:\/\/talkpal.ai\/vi\/#organization","name":"Talkpal, Inc.","alternateName":"Talkpal AI","url":"https:\/\/talkpal.ai\/vi\/","logo":{"@type":"ImageObject","inLanguage":"vi-VN","@id":"https:\/\/talkpal.ai\/vi\/#\/schema\/logo\/image\/","url":"https:\/\/talkpal.ai\/wp-content\/uploads\/2024\/03\/Talkpal-Logo-Icon.png","contentUrl":"https:\/\/talkpal.ai\/wp-content\/uploads\/2024\/03\/Talkpal-Logo-Icon.png","width":2880,"height":2880,"caption":"Talkpal, Inc."},"image":{"@id":"https:\/\/talkpal.ai\/vi\/#\/schema\/logo\/image\/"},"sameAs":["https:\/\/www.facebook.com\/profile.php?id=100090733639311","https:\/\/x.com\/talkpalai","https:\/\/www.linkedin.com\/company\/talkpal\/","https:\/\/www.youtube.com\/@TalkPal\/","https:\/\/www.tiktok.com\/@talkpal","https:\/\/www.instagram.com\/talkpal_ai\/","https:\/\/www.crunchbase.com\/organization\/talkpal-9cde","https:\/\/www.g2.com\/products\/talkpal-for-business\/","https:\/\/www.trustpilot.com\/review\/talkpal.ai","https:\/\/www.capterra.com\/p\/10006800\/TalkPal\/"],"description":"Talkpal is a language learning web and mobile education app, powered by the latest AI technologies, that provides engaging experiences to its customers in many different languages to help them improve their language skills. Users can chat about unlimited amount of topics with the app and use other modes to practice their language learning.","email":"support@talkpal.ai","legalName":"Talkpal, Inc.","foundingDate":"2023-04-03","duns":"118989042","numberOfEmployees":{"@type":"QuantitativeValue","minValue":"11","maxValue":"50"},"publishingPrinciples":"https:\/\/talkpal.ai\/publishing-principles\/","actionableFeedbackPolicy":"https:\/\/talkpal.ai\/actionable-feedback-policy\/","correctionsPolicy":"https:\/\/talkpal.ai\/corrections-policy\/","ethicsPolicy":"https:\/\/talkpal.ai\/ethics-policy\/","diversityPolicy":"https:\/\/talkpal.ai\/diversity-policy\/","diversityStaffingReport":"https:\/\/talkpal.ai\/diversity-policy\/"}]}},"_links":{"self":[{"href":"https:\/\/talkpal.ai\/vi\/wp-json\/wp\/v2\/pages\/1442185","targetHints":{"allow":["GET"]}}],"collection":[{"href":"https:\/\/talkpal.ai\/vi\/wp-json\/wp\/v2\/pages"}],"about":[{"href":"https:\/\/talkpal.ai\/vi\/wp-json\/wp\/v2\/types\/page"}],"author":[{"embeddable":true,"href":"https:\/\/talkpal.ai\/vi\/wp-json\/wp\/v2\/users\/1"}],"replies":[{"embeddable":true,"href":"https:\/\/talkpal.ai\/vi\/wp-json\/wp\/v2\/comments?post=1442185"}],"version-history":[{"count":0,"href":"https:\/\/talkpal.ai\/vi\/wp-json\/wp\/v2\/pages\/1442185\/revisions"}],"wp:featuredmedia":[{"embeddable":true,"href":"https:\/\/talkpal.ai\/vi\/wp-json\/wp\/v2\/media\/1442186"}],"wp:attachment":[{"href":"https:\/\/talkpal.ai\/vi\/wp-json\/wp\/v2\/media?parent=1442185"}],"curies":[{"name":"wp","href":"https:\/\/api.w.org\/{rel}","templated":true}]}}