{"id":1441896,"date":"2023-10-09T10:03:45","date_gmt":"2023-10-09T10:03:45","guid":{"rendered":"https:\/\/talkpal.ai\/huong-dan-quan-ly-dang-ky\/"},"modified":"2025-09-06T16:34:41","modified_gmt":"2025-09-06T16:34:41","slug":"huong-dan-quan-ly-dang-ky","status":"publish","type":"page","link":"https:\/\/talkpal.ai\/vi\/huong-dan-quan-ly-dang-ky\/","title":{"rendered":"H\u01b0\u1edbng d\u1eabn qu\u1ea3n l\u00fd \u0111\u0103ng k\u00fd"},"content":{"rendered":"\n<p>B\u1ea1n c\u00f3 th\u1ec3 qu\u1ea3n l\u00fd <a href=\"https:\/\/talkpal.ai\/vi\/dang-ky\/\">\u0111\u0103ng k\u00fd<\/a> c\u1ee7a m\u00ecnh trong <a href=\"https:\/\/talkpal.ai\/es\/descargar-la-aplicacion-talkpal-para-android-e-ios\/\">App Store<\/a> (Apple <a href=\"https:\/\/talkpal.ai\/es\/descargar-la-aplicacion-talkpal-para-android-e-ios\/\">iOS<\/a>), Google Play (Android) ho\u1eb7c \u1ee9ng d\u1ee5ng <a href=\"https:\/\/talkpal.ai\/locations\/language-courses-in-trang\/\">Trang<\/a> web c\u1ee7a ch\u00fang t\u00f4i.<\/p>\n\n<h2 class=\"wp-block-heading\" id=\"h-app-store-apple-ios\">C\u1eeda h\u00e0ng \u1ee9ng d\u1ee5ng (Apple iOS)<\/h2>\n\n<p>Xin l\u01b0u \u00fd: B\u1ea1n c\u1ea7n h\u1ee7y \u0111\u0103ng k\u00fd ho\u1eb7c d\u00f9ng th\u1eed Apple \u00edt nh\u1ea5t 24 gi\u1edd tr\u01b0\u1edbc khi k\u1ebft th\u00fac. N\u1ebfu b\u1ea1n h\u1ee7y n\u00f3 v\u00e0o ng\u00e0y cu\u1ed1i c\u00f9ng, n\u00f3 s\u1ebd t\u1ef1 \u0111\u1ed9ng gia h\u1ea1n.<\/p>\n\n<p>\u0110\u1ec3 h\u1ee7y \u0111\u0103ng k\u00fd <a href=\"https:\/\/talkpal.ai\/ko\/ai-%ec%96%b8%ec%96%b4-%ea%b5%90%ec%82%ac\/\">Talkpal<\/a> qua App Store, h\u00e3y l\u00e0m theo c\u00e1c b\u01b0\u1edbc sau tr\u00ean thi\u1ebft b\u1ecb iOS c\u1ee7a b\u1ea1n:<\/p>\n\n<p><strong>B\u01b0\u1edbc 1<\/strong> &#8211; M\u1edf \u1ee9ng d\u1ee5ng C\u00e0i \u0111\u1eb7t.<\/p>\n\n<p><strong>B\u01b0\u1edbc 2<\/strong> &#8211; Ch\u1ecdn ID Apple c\u1ee7a b\u1ea1n n\u1eb1m \u1edf \u0111\u1ea7u <a href=\"https:\/\/talkpal.ai\/locations\/language-courses-in-trang\/\">trang<\/a>.<\/p>\n\n<p><strong>B\u01b0\u1edbc 3<\/strong> &#8211; Ch\u1ecdn &#8220;Xem ID Apple&#8221;<\/p>\n\n<p><strong>B\u01b0\u1edbc 4<\/strong> &#8211; \u0110i t\u1edbi &#8220;\u0110\u0103ng k\u00fd&#8221; v\u00e0 ch\u1ecdn m\u1ed9t trong nh\u1eefng b\u1ea1n mu\u1ed1n h\u1ee7y.<\/p>\n\n<p><strong>B\u01b0\u1edbc 5<\/strong> &#8211; Nh\u1ea5n v\u00e0o &#8220;H\u1ee7y \u0111\u0103ng k\u00fd&#8221;.<\/p>\n\n<h2 class=\"wp-block-heading\" id=\"h-google-play-android\">Google Play (Android)<\/h2>\n\n<p><b>B\u01b0\u1edbc 1<\/b> &#8211; Tr\u00ean thi\u1ebft b\u1ecb Android c\u1ee7a b\u1ea1n, \u0111i\u1ec1u h\u01b0\u1edbng \u0111\u1ebfn \u0111\u0103ng k\u00fd c\u1ee7a b\u1ea1n trong Google Play.<\/p>\n\n<p><b>B\u01b0\u1edbc 2<\/b> &#8211; Ch\u1ecdn \u0111\u0103ng k\u00fd b\u1ea1n mu\u1ed1n h\u1ee7y.<\/p>\n\n<p><b>B\u01b0\u1edbc 3<\/b> &#8211; Nh\u1ea5n H\u1ee7y \u0111\u0103ng k\u00fd.<\/p>\n\n<h2 class=\"wp-block-heading\" id=\"h-website\">Trang web<\/h2>\n\n<p><b>B\u01b0\u1edbc 1<\/b> &#8211; Truy c\u1eadp trang t\u00e0i kho\u1ea3n c\u1ee7a b\u1ea1n.<\/p>\n\n<p><b>B\u01b0\u1edbc 2<\/b> &#8211; Cu\u1ed9n xu\u1ed1ng ph\u1ea7n &#8220;\u0110\u0103ng k\u00fd&#8221;.<\/p>\n\n<p><b>B\u01b0\u1edbc 3<\/b> &#8211; Nh\u1ea5p v\u00e0o &#8220;H\u1ee7y \u0111\u0103ng k\u00fd&#8221;.<\/p>\n","protected":false},"excerpt":{"rendered":"<p>B\u1ea1n c\u00f3 th\u1ec3 qu\u1ea3n l\u00fd \u0111\u0103ng k\u00fd c\u1ee7a m\u00ecnh trong App Store (Apple iOS), Google Play (Android) ho\u1eb7c \u1ee9ng d\u1ee5ng Trang web c\u1ee7a ch\u00fang t\u00f4i. C\u1eeda h\u00e0ng \u1ee9ng d\u1ee5ng (Apple iOS) Xin l\u01b0u \u00fd: B\u1ea1n c\u1ea7n h\u1ee7y \u0111\u0103ng k\u00fd ho\u1eb7c d\u00f9ng th\u1eed Apple \u00edt nh\u1ea5t 24 gi\u1edd tr\u01b0\u1edbc khi k\u1ebft th\u00fac. N\u1ebfu b\u1ea1n h\u1ee7y n\u00f3 [&hellip;]<\/p>\n","protected":false},"author":10,"featured_media":1439689,"parent":0,"menu_order":0,"comment_status":"closed","ping_status":"closed","template":"","meta":{"_acf_changed":false,"footnotes":""},"class_list":["post-1441896","page","type-page","status-publish","has-post-thumbnail","hentry"],"acf":[],"yoast_head":"<!-- This site is optimized with the Yoast SEO Premium plugin v27.2 (Yoast SEO v27.2) - https:\/\/yoast.com\/product\/yoast-seo-premium-wordpress\/ -->\n<title>H\u01b0\u1edbng d\u1eabn qu\u1ea3n l\u00fd \u0111\u0103ng k\u00fd - Talkpal<\/title>\n<meta name=\"description\" content=\"L\u00e0m theo c\u00e1c H\u01b0\u1edbng d\u1eabn qu\u1ea3n l\u00fd \u0111\u0103ng k\u00fd n\u00e0y \u0111\u1ec3 d\u1ec5 d\u00e0ng h\u1ee7y \u0111\u0103ng k\u00fd c\u1ee7a b\u1ea1n tr\u00ean \u1ee9ng d\u1ee5ng Apple ho\u1eb7c Google Play.\" \/>\n<meta name=\"robots\" content=\"index, follow, max-snippet:-1, max-image-preview:large, max-video-preview:-1\" \/>\n<link rel=\"canonical\" href=\"https:\/\/talkpal.ai\/vi\/huong-dan-quan-ly-dang-ky\/\" \/>\n<meta property=\"og:locale\" content=\"vi_VN\" \/>\n<meta property=\"og:type\" content=\"article\" \/>\n<meta property=\"og:title\" content=\"H\u01b0\u1edbng d\u1eabn qu\u1ea3n l\u00fd \u0111\u0103ng k\u00fd\" \/>\n<meta property=\"og:description\" content=\"B\u1ea1n c\u00f3 th\u1ec3 qu\u1ea3n l\u00fd \u0111\u0103ng k\u00fd c\u1ee7a m\u00ecnh trong App Store (Apple iOS), Google Play (Android) ho\u1eb7c \u1ee9ng d\u1ee5ng Trang web c\u1ee7a ch\u00fang t\u00f4i. C\u1eeda h\u00e0ng \u1ee9ng d\u1ee5ng (Apple\" \/>\n<meta property=\"og:url\" content=\"https:\/\/talkpal.ai\/vi\/huong-dan-quan-ly-dang-ky\/\" \/>\n<meta property=\"og:site_name\" content=\"Talkpal\" \/>\n<meta property=\"article:publisher\" content=\"https:\/\/www.facebook.com\/profile.php?id=100090733639311\" \/>\n<meta property=\"article:modified_time\" content=\"2025-09-06T16:34:41+00:00\" \/>\n<meta property=\"og:image\" content=\"https:\/\/talkpal.ai\/wp-content\/uploads\/2024\/03\/Talkpal-Logo-Icon.png\" \/>\n\t<meta property=\"og:image:width\" content=\"2880\" \/>\n\t<meta property=\"og:image:height\" content=\"2880\" \/>\n\t<meta property=\"og:image:type\" content=\"image\/png\" \/>\n<meta name=\"twitter:card\" content=\"summary_large_image\" \/>\n<meta name=\"twitter:site\" content=\"@talkpalai\" \/>\n<meta name=\"twitter:label1\" content=\"Est. reading time\" \/>\n\t<meta name=\"twitter:data1\" content=\"1 minute\" \/>\n<script type=\"application\/ld+json\" class=\"yoast-schema-graph\">{\"@context\":\"https:\/\/schema.org\",\"@graph\":[{\"@type\":\"WebPage\",\"@id\":\"https:\/\/talkpal.ai\/vi\/huong-dan-quan-ly-dang-ky\/\",\"url\":\"https:\/\/talkpal.ai\/vi\/huong-dan-quan-ly-dang-ky\/\",\"name\":\"H\u01b0\u1edbng d\u1eabn qu\u1ea3n l\u00fd \u0111\u0103ng k\u00fd - Talkpal\",\"isPartOf\":{\"@id\":\"https:\/\/talkpal.ai\/vi\/#website\"},\"primaryImageOfPage\":{\"@id\":\"https:\/\/talkpal.ai\/vi\/huong-dan-quan-ly-dang-ky\/#primaryimage\"},\"image\":{\"@id\":\"https:\/\/talkpal.ai\/vi\/huong-dan-quan-ly-dang-ky\/#primaryimage\"},\"thumbnailUrl\":\"https:\/\/talkpal.ai\/wp-content\/uploads\/2024\/03\/Talkpal-Logo-Icon.png\",\"datePublished\":\"2023-10-09T10:03:45+00:00\",\"dateModified\":\"2025-09-06T16:34:41+00:00\",\"description\":\"L\u00e0m theo c\u00e1c H\u01b0\u1edbng d\u1eabn qu\u1ea3n l\u00fd \u0111\u0103ng k\u00fd n\u00e0y \u0111\u1ec3 d\u1ec5 d\u00e0ng h\u1ee7y \u0111\u0103ng k\u00fd c\u1ee7a b\u1ea1n tr\u00ean \u1ee9ng d\u1ee5ng Apple ho\u1eb7c Google Play.\",\"breadcrumb\":{\"@id\":\"https:\/\/talkpal.ai\/vi\/huong-dan-quan-ly-dang-ky\/#breadcrumb\"},\"inLanguage\":\"vi-VN\",\"potentialAction\":[{\"@type\":\"ReadAction\",\"target\":[\"https:\/\/talkpal.ai\/vi\/huong-dan-quan-ly-dang-ky\/\"]}]},{\"@type\":\"ImageObject\",\"inLanguage\":\"vi-VN\",\"@id\":\"https:\/\/talkpal.ai\/vi\/huong-dan-quan-ly-dang-ky\/#primaryimage\",\"url\":\"https:\/\/talkpal.ai\/wp-content\/uploads\/2024\/03\/Talkpal-Logo-Icon.png\",\"contentUrl\":\"https:\/\/talkpal.ai\/wp-content\/uploads\/2024\/03\/Talkpal-Logo-Icon.png\",\"width\":2880,\"height\":2880,\"caption\":\"Logo TalkPal\"},{\"@type\":\"BreadcrumbList\",\"@id\":\"https:\/\/talkpal.ai\/vi\/huong-dan-quan-ly-dang-ky\/#breadcrumb\",\"itemListElement\":[{\"@type\":\"ListItem\",\"position\":1,\"name\":\"Homepage\",\"item\":\"https:\/\/talkpal.ai\/vi\/giao-vien-ngon-ngu-ai-3\/\"},{\"@type\":\"ListItem\",\"position\":2,\"name\":\"H\u01b0\u1edbng d\u1eabn qu\u1ea3n l\u00fd \u0111\u0103ng k\u00fd\"}]},{\"@type\":\"WebSite\",\"@id\":\"https:\/\/talkpal.ai\/vi\/#website\",\"url\":\"https:\/\/talkpal.ai\/vi\/\",\"name\":\"Talkpal\",\"description\":\"AI Language Learning\",\"publisher\":{\"@id\":\"https:\/\/talkpal.ai\/vi\/#organization\"},\"alternateName\":\"Talkpal AI\",\"potentialAction\":[{\"@type\":\"SearchAction\",\"target\":{\"@type\":\"EntryPoint\",\"urlTemplate\":\"https:\/\/talkpal.ai\/vi\/?s={search_term_string}\"},\"query-input\":{\"@type\":\"PropertyValueSpecification\",\"valueRequired\":true,\"valueName\":\"search_term_string\"}}],\"inLanguage\":\"vi-VN\"},{\"@type\":\"Organization\",\"@id\":\"https:\/\/talkpal.ai\/vi\/#organization\",\"name\":\"Talkpal, Inc.\",\"alternateName\":\"Talkpal AI\",\"url\":\"https:\/\/talkpal.ai\/vi\/\",\"logo\":{\"@type\":\"ImageObject\",\"inLanguage\":\"vi-VN\",\"@id\":\"https:\/\/talkpal.ai\/vi\/#\/schema\/logo\/image\/\",\"url\":\"https:\/\/talkpal.ai\/wp-content\/uploads\/2024\/03\/Talkpal-Logo-Icon.png\",\"contentUrl\":\"https:\/\/talkpal.ai\/wp-content\/uploads\/2024\/03\/Talkpal-Logo-Icon.png\",\"width\":2880,\"height\":2880,\"caption\":\"Talkpal, Inc.\"},\"image\":{\"@id\":\"https:\/\/talkpal.ai\/vi\/#\/schema\/logo\/image\/\"},\"sameAs\":[\"https:\/\/www.facebook.com\/profile.php?id=100090733639311\",\"https:\/\/x.com\/talkpalai\",\"https:\/\/www.linkedin.com\/company\/talkpal\/\",\"https:\/\/www.youtube.com\/@TalkPal\/\",\"https:\/\/www.tiktok.com\/@talkpal\",\"https:\/\/www.instagram.com\/talkpal_ai\/\",\"https:\/\/www.crunchbase.com\/organization\/talkpal-9cde\",\"https:\/\/www.g2.com\/products\/talkpal-for-business\/\",\"https:\/\/www.trustpilot.com\/review\/talkpal.ai\",\"https:\/\/www.capterra.com\/p\/10006800\/TalkPal\/\"],\"description\":\"Talkpal is a language learning web and mobile education app, powered by the latest AI technologies, that provides engaging experiences to its customers in many different languages to help them improve their language skills. Users can chat about unlimited amount of topics with the app and use other modes to practice their language learning.\",\"email\":\"support@talkpal.ai\",\"legalName\":\"Talkpal, Inc.\",\"foundingDate\":\"2023-04-03\",\"duns\":\"118989042\",\"numberOfEmployees\":{\"@type\":\"QuantitativeValue\",\"minValue\":\"11\",\"maxValue\":\"50\"},\"publishingPrinciples\":\"https:\/\/talkpal.ai\/publishing-principles\/\",\"actionableFeedbackPolicy\":\"https:\/\/talkpal.ai\/actionable-feedback-policy\/\",\"correctionsPolicy\":\"https:\/\/talkpal.ai\/corrections-policy\/\",\"ethicsPolicy\":\"https:\/\/talkpal.ai\/ethics-policy\/\",\"diversityPolicy\":\"https:\/\/talkpal.ai\/diversity-policy\/\",\"diversityStaffingReport\":\"https:\/\/talkpal.ai\/diversity-policy\/\"}]}<\/script>\n<!-- \/ Yoast SEO Premium plugin. -->","yoast_head_json":{"title":"H\u01b0\u1edbng d\u1eabn qu\u1ea3n l\u00fd \u0111\u0103ng k\u00fd - Talkpal","description":"L\u00e0m theo c\u00e1c H\u01b0\u1edbng d\u1eabn qu\u1ea3n l\u00fd \u0111\u0103ng k\u00fd n\u00e0y \u0111\u1ec3 d\u1ec5 d\u00e0ng h\u1ee7y \u0111\u0103ng k\u00fd c\u1ee7a b\u1ea1n tr\u00ean \u1ee9ng d\u1ee5ng Apple ho\u1eb7c Google Play.","robots":{"index":"index","follow":"follow","max-snippet":"max-snippet:-1","max-image-preview":"max-image-preview:large","max-video-preview":"max-video-preview:-1"},"canonical":"https:\/\/talkpal.ai\/vi\/huong-dan-quan-ly-dang-ky\/","og_locale":"vi_VN","og_type":"article","og_title":"H\u01b0\u1edbng d\u1eabn qu\u1ea3n l\u00fd \u0111\u0103ng k\u00fd","og_description":"B\u1ea1n c\u00f3 th\u1ec3 qu\u1ea3n l\u00fd \u0111\u0103ng k\u00fd c\u1ee7a m\u00ecnh trong App Store (Apple iOS), Google Play (Android) ho\u1eb7c \u1ee9ng d\u1ee5ng Trang web c\u1ee7a ch\u00fang t\u00f4i. C\u1eeda h\u00e0ng \u1ee9ng d\u1ee5ng (Apple","og_url":"https:\/\/talkpal.ai\/vi\/huong-dan-quan-ly-dang-ky\/","og_site_name":"Talkpal","article_publisher":"https:\/\/www.facebook.com\/profile.php?id=100090733639311","article_modified_time":"2025-09-06T16:34:41+00:00","og_image":[{"width":2880,"height":2880,"url":"https:\/\/talkpal.ai\/wp-content\/uploads\/2024\/03\/Talkpal-Logo-Icon.png","type":"image\/png"}],"twitter_card":"summary_large_image","twitter_site":"@talkpalai","twitter_misc":{"Est. reading time":"1 minute"},"schema":{"@context":"https:\/\/schema.org","@graph":[{"@type":"WebPage","@id":"https:\/\/talkpal.ai\/vi\/huong-dan-quan-ly-dang-ky\/","url":"https:\/\/talkpal.ai\/vi\/huong-dan-quan-ly-dang-ky\/","name":"H\u01b0\u1edbng d\u1eabn qu\u1ea3n l\u00fd \u0111\u0103ng k\u00fd - Talkpal","isPartOf":{"@id":"https:\/\/talkpal.ai\/vi\/#website"},"primaryImageOfPage":{"@id":"https:\/\/talkpal.ai\/vi\/huong-dan-quan-ly-dang-ky\/#primaryimage"},"image":{"@id":"https:\/\/talkpal.ai\/vi\/huong-dan-quan-ly-dang-ky\/#primaryimage"},"thumbnailUrl":"https:\/\/talkpal.ai\/wp-content\/uploads\/2024\/03\/Talkpal-Logo-Icon.png","datePublished":"2023-10-09T10:03:45+00:00","dateModified":"2025-09-06T16:34:41+00:00","description":"L\u00e0m theo c\u00e1c H\u01b0\u1edbng d\u1eabn qu\u1ea3n l\u00fd \u0111\u0103ng k\u00fd n\u00e0y \u0111\u1ec3 d\u1ec5 d\u00e0ng h\u1ee7y \u0111\u0103ng k\u00fd c\u1ee7a b\u1ea1n tr\u00ean \u1ee9ng d\u1ee5ng Apple ho\u1eb7c Google Play.","breadcrumb":{"@id":"https:\/\/talkpal.ai\/vi\/huong-dan-quan-ly-dang-ky\/#breadcrumb"},"inLanguage":"vi-VN","potentialAction":[{"@type":"ReadAction","target":["https:\/\/talkpal.ai\/vi\/huong-dan-quan-ly-dang-ky\/"]}]},{"@type":"ImageObject","inLanguage":"vi-VN","@id":"https:\/\/talkpal.ai\/vi\/huong-dan-quan-ly-dang-ky\/#primaryimage","url":"https:\/\/talkpal.ai\/wp-content\/uploads\/2024\/03\/Talkpal-Logo-Icon.png","contentUrl":"https:\/\/talkpal.ai\/wp-content\/uploads\/2024\/03\/Talkpal-Logo-Icon.png","width":2880,"height":2880,"caption":"Logo TalkPal"},{"@type":"BreadcrumbList","@id":"https:\/\/talkpal.ai\/vi\/huong-dan-quan-ly-dang-ky\/#breadcrumb","itemListElement":[{"@type":"ListItem","position":1,"name":"Homepage","item":"https:\/\/talkpal.ai\/vi\/giao-vien-ngon-ngu-ai-3\/"},{"@type":"ListItem","position":2,"name":"H\u01b0\u1edbng d\u1eabn qu\u1ea3n l\u00fd \u0111\u0103ng k\u00fd"}]},{"@type":"WebSite","@id":"https:\/\/talkpal.ai\/vi\/#website","url":"https:\/\/talkpal.ai\/vi\/","name":"Talkpal","description":"AI Language Learning","publisher":{"@id":"https:\/\/talkpal.ai\/vi\/#organization"},"alternateName":"Talkpal AI","potentialAction":[{"@type":"SearchAction","target":{"@type":"EntryPoint","urlTemplate":"https:\/\/talkpal.ai\/vi\/?s={search_term_string}"},"query-input":{"@type":"PropertyValueSpecification","valueRequired":true,"valueName":"search_term_string"}}],"inLanguage":"vi-VN"},{"@type":"Organization","@id":"https:\/\/talkpal.ai\/vi\/#organization","name":"Talkpal, Inc.","alternateName":"Talkpal AI","url":"https:\/\/talkpal.ai\/vi\/","logo":{"@type":"ImageObject","inLanguage":"vi-VN","@id":"https:\/\/talkpal.ai\/vi\/#\/schema\/logo\/image\/","url":"https:\/\/talkpal.ai\/wp-content\/uploads\/2024\/03\/Talkpal-Logo-Icon.png","contentUrl":"https:\/\/talkpal.ai\/wp-content\/uploads\/2024\/03\/Talkpal-Logo-Icon.png","width":2880,"height":2880,"caption":"Talkpal, Inc."},"image":{"@id":"https:\/\/talkpal.ai\/vi\/#\/schema\/logo\/image\/"},"sameAs":["https:\/\/www.facebook.com\/profile.php?id=100090733639311","https:\/\/x.com\/talkpalai","https:\/\/www.linkedin.com\/company\/talkpal\/","https:\/\/www.youtube.com\/@TalkPal\/","https:\/\/www.tiktok.com\/@talkpal","https:\/\/www.instagram.com\/talkpal_ai\/","https:\/\/www.crunchbase.com\/organization\/talkpal-9cde","https:\/\/www.g2.com\/products\/talkpal-for-business\/","https:\/\/www.trustpilot.com\/review\/talkpal.ai","https:\/\/www.capterra.com\/p\/10006800\/TalkPal\/"],"description":"Talkpal is a language learning web and mobile education app, powered by the latest AI technologies, that provides engaging experiences to its customers in many different languages to help them improve their language skills. Users can chat about unlimited amount of topics with the app and use other modes to practice their language learning.","email":"support@talkpal.ai","legalName":"Talkpal, Inc.","foundingDate":"2023-04-03","duns":"118989042","numberOfEmployees":{"@type":"QuantitativeValue","minValue":"11","maxValue":"50"},"publishingPrinciples":"https:\/\/talkpal.ai\/publishing-principles\/","actionableFeedbackPolicy":"https:\/\/talkpal.ai\/actionable-feedback-policy\/","correctionsPolicy":"https:\/\/talkpal.ai\/corrections-policy\/","ethicsPolicy":"https:\/\/talkpal.ai\/ethics-policy\/","diversityPolicy":"https:\/\/talkpal.ai\/diversity-policy\/","diversityStaffingReport":"https:\/\/talkpal.ai\/diversity-policy\/"}]}},"_links":{"self":[{"href":"https:\/\/talkpal.ai\/vi\/wp-json\/wp\/v2\/pages\/1441896","targetHints":{"allow":["GET"]}}],"collection":[{"href":"https:\/\/talkpal.ai\/vi\/wp-json\/wp\/v2\/pages"}],"about":[{"href":"https:\/\/talkpal.ai\/vi\/wp-json\/wp\/v2\/types\/page"}],"author":[{"embeddable":true,"href":"https:\/\/talkpal.ai\/vi\/wp-json\/wp\/v2\/users\/10"}],"replies":[{"embeddable":true,"href":"https:\/\/talkpal.ai\/vi\/wp-json\/wp\/v2\/comments?post=1441896"}],"version-history":[{"count":0,"href":"https:\/\/talkpal.ai\/vi\/wp-json\/wp\/v2\/pages\/1441896\/revisions"}],"wp:featuredmedia":[{"embeddable":true,"href":"https:\/\/talkpal.ai\/vi\/wp-json\/wp\/v2\/media\/1439689"}],"wp:attachment":[{"href":"https:\/\/talkpal.ai\/vi\/wp-json\/wp\/v2\/media?parent=1441896"}],"curies":[{"name":"wp","href":"https:\/\/api.w.org\/{rel}","templated":true}]}}