{"id":1441891,"date":"2023-12-05T11:40:45","date_gmt":"2023-12-05T11:40:45","guid":{"rendered":"https:\/\/talkpal.ai\/chung-chi-tieng-phap\/"},"modified":"2026-01-07T15:15:06","modified_gmt":"2026-01-07T15:15:06","slug":"chung-chi-tieng-phap","status":"publish","type":"page","link":"https:\/\/talkpal.ai\/vi\/chung-chi-tieng-phap\/","title":{"rendered":"Ch\u1ee9ng ch\u1ec9 ti\u1ebfng Ph\u00e1p"},"content":{"rendered":"\r\n\r\n\r\n<section class=\"languageChallengeSection\">\r\n    <div class=\"languageInfoWrapper\">\r\n        \r\n        <h1>Ch\u1ee9ng ch\u1ec9 ti\u1ebfng Ph\u00e1p<\/h1>\r\n        <p>TalkPal l\u00e0 m\u1ed9t \u1ee9ng d\u1ee5ng h\u1ecdc ng\u00f4n ng\u1eef do AI t\u1ea1o ra c\u00f3 th\u1ec3 gi\u00fap ng\u01b0\u1eddi d\u00f9ng chu\u1ea9n b\u1ecb cho c\u00e1c k\u1ef3 thi ti\u1ebfng Anh n\u00e0y. V\u1edbi tr\u1ecdng t\u00e2m ch\u00ednh l\u00e0 c\u1ea3i thi\u1ec7n k\u1ef9 n\u0103ng n\u00f3i v\u00e0 nghe, TalkPal cung c\u1ea5p c\u00e1c cu\u1ed9c tr\u00f2 chuy\u1ec7n t\u01b0\u01a1ng t\u00e1c th\u1ef1c t\u1ebf v\u00e0 th\u1ef1c h\u00e0nh ph\u00e1t \u00e2m. B\u1ea3n ch\u1ea5t AI c\u1ee7a n\u00f3 cho ph\u00e9p ph\u1ea3n h\u1ed3i \u0111\u01b0\u1ee3c c\u00e1 nh\u00e2n h\u00f3a, gi\u00fap ng\u01b0\u1eddi d\u00f9ng hi\u1ec3u ti\u1ebfn tr\u00ecnh v\u00e0 c\u00e1c l\u0129nh v\u1ef1c c\u1ea7n c\u1ea3i thi\u1ec7n c\u1ee7a h\u1ecd. Ch\u1ee9ng ch\u1ec9 <a href=\"https:\/\/talkpal.ai\/vi\/50-tu-tieng-phap-vui-nhon-se-kich-thich-xuong-ngon-ngu-cua-ban\/\">ti\u1ebfng Ph\u00e1p<\/a> l\u00e0 b\u1eb1ng c\u1ea5p ch\u00ednh th\u1ee9c ch\u1ee9ng minh tr\u00ecnh \u0111\u1ed9 ti\u1ebfng Ph\u00e1p c\u1ee7a m\u1ed9t c\u00e1 nh\u00e2n v\u00e0 ch\u00fang \u0111\u01b0\u1ee3c c\u00f4ng nh\u1eadn tr\u00ean to\u00e0n c\u1ea7u. N\u00f3 bao g\u1ed3m c\u00e1c b\u00e0i ki\u1ec3m tra nh\u01b0 DELF \/ DALF, TEF, TCF v\u00e0 TEFAQ. M\u1ed7i b\u00e0i ki\u1ec3m tra n\u00e0y \u0111\u00e1nh gi\u00e1 c\u00e1c m\u1ee9c \u0111\u1ed9 n\u0103ng l\u1ef1c ng\u00f4n ng\u1eef kh\u00e1c nhau \u0111\u1ed1i v\u1edbi nh\u1eefng ng\u01b0\u1eddi kh\u00f4ng ph\u1ea3i l\u00e0 ng\u01b0\u1eddi n\u00f3i ti\u1ebfng Ph\u00e1p b\u1ea3n ng\u1eef v\u00e0 ho\u1ea1t \u0111\u1ed9ng nh\u01b0 m\u1ed9t b\u1eb1ng ch\u1ee9ng \u0111\u01b0\u1ee3c c\u00f4ng nh\u1eadn v\u1ec1 k\u1ef9 n\u0103ng ti\u1ebfng Ph\u00e1p cho c\u00e1c t\u1ed5 ch\u1ee9c gi\u00e1o d\u1ee5c v\u00e0 nh\u00e0 tuy\u1ec3n d\u1ee5ng.<\/p>\r\n\r\n                            <a class=\"getStartedHidden\" href=\"https:\/\/app.talkpal.ai\/vi\/signup?lng=\">B\u1eaft \u0111\u1ea7u nh\u00e9<\/a>\r\n        \r\n    <\/div>\r\n\r\n    <figure>\r\n    <img decoding=\"async\" width=\"768\" height=\"768\" src=\"https:\/\/talkpal.ai\/wp-content\/uploads\/2026\/01\/curly-girl-with-phone-light-background-768x768.webp\" class=\"languageImage no-lazy\" alt=\"Default alt text\" fetchpriority=\"high\" sizes=\"(max-width: 768px) 150px, 768px\" srcset=\"https:\/\/talkpal.ai\/wp-content\/uploads\/2026\/01\/curly-girl-with-phone-light-background-768x768.webp 768w, https:\/\/talkpal.ai\/wp-content\/uploads\/2026\/01\/curly-girl-with-phone-light-background-300x300.webp 300w\" \/>\r\n    \r\n\r\n    <\/figure>\r\n\r\n            <a class=\"getStartedVisible\" href=\"https:\/\/app.talkpal.ai\/vi\/signup?lng=\">B\u1eaft \u0111\u1ea7u nh\u00e9<\/a>\r\n    \r\n<\/section>\n<div class=\"wp-block-group pageContainerStyle\"><div class=\"wp-block-group__inner-container is-layout-constrained wp-block-group-is-layout-constrained\">\n<h2 class=\"wp-block-heading\" id=\"h-french-language-certificates\">Ch\u1ee9ng ch\u1ec9 ti\u1ebfng Ph\u00e1p<\/h2>\n\n\n\r\n                    <div class=\"methodWraper\">\r\n            <div class=\"methodContent\">\r\n                <img decoding=\"async\" src=\"https:\/\/talkpal.ai\/wp-content\/uploads\/2025\/05\/check_icon.png\" alt=\"Checkmark Icon\">\r\n                <h3>DELF\/DALF:<\/h3>\r\n            <\/div>\r\n            <p>M\u1ed9t b\u1eb1ng c\u1ea5p ch\u00ednh th\u1ee9c do B\u1ed9 Gi\u00e1o d\u1ee5c Ph\u00e1p c\u1ea5p, Dipl\u00f4me d&#039;Etudes en Langue Fran\u00e7aise (DELF) v\u00e0 Dipl\u00f4me Approfondi de Langue Fran\u00e7aise (DALF) bao g\u1ed3m b\u1ed1n k\u1ef9 n\u0103ng ng\u00f4n ng\u1eef, bao g\u1ed3m n\u00f3i v\u00e0 nghe.<\/p>\r\n        <\/div>\r\n                    <div class=\"methodWraper\">\r\n            <div class=\"methodContent\">\r\n                <img decoding=\"async\" src=\"https:\/\/talkpal.ai\/wp-content\/uploads\/2025\/05\/check_icon.png\" alt=\"Checkmark Icon\">\r\n                <h3>TEF:<\/h3>\r\n            <\/div>\r\n            <p>Test d&#039;Evaluation de Fran\u00e7ais (TEF) l\u00e0 m\u1ed9t c\u00f4ng c\u1ee5 \u0111\u00e1nh gi\u00e1 ng\u00f4n ng\u1eef to\u00e0n di\u1ec7n \u0111\u01b0\u1ee3c s\u1eed d\u1ee5ng \u0111\u1ec3 \u0111\u00e1nh gi\u00e1 tr\u00ecnh \u0111\u1ed9 ti\u1ebfng Ph\u00e1p c\u1ee7a m\u1ed9t c\u00e1 nh\u00e2n. B\u00e0i thi n\u00e0y t\u1eadp trung ch\u1ee7 y\u1ebfu v\u00e0o vi\u1ec7c \u0111\u00e1nh gi\u00e1 k\u1ef9 n\u0103ng vi\u1ebft v\u00e0 n\u00f3i c\u1ee7a th\u00ed sinh.<\/p>\r\n        <\/div>\r\n                    <div class=\"methodWraper\">\r\n            <div class=\"methodContent\">\r\n                <img decoding=\"async\" src=\"https:\/\/talkpal.ai\/wp-content\/uploads\/2025\/05\/check_icon.png\" alt=\"Checkmark Icon\">\r\n                <h3>TCF:<\/h3>\r\n            <\/div>\r\n            <p>Test de Connaissance du Fran\u00e7ais (TCF) c\u0169ng l\u00e0 m\u1ed9t b\u00e0i ki\u1ec3m tra tr\u00ecnh \u0111\u1ed9 ti\u1ebfng Ph\u00e1p ch\u00ednh th\u1ee9c ch\u1ee7 y\u1ebfu \u0111\u00e1nh gi\u00e1 c\u00e1c k\u1ef9 n\u0103ng \u0111\u1ecdc, vi\u1ebft, n\u00f3i v\u00e0 nghe c\u1ee7a ng\u01b0\u1eddi d\u00f9ng.<\/p>\r\n        <\/div>\r\n                    <div class=\"methodWraper\">\r\n            <div class=\"methodContent\">\r\n                <img decoding=\"async\" src=\"https:\/\/talkpal.ai\/wp-content\/uploads\/2025\/05\/check_icon.png\" alt=\"Checkmark Icon\">\r\n                <h3>C\u00c2U H\u1eceI TH\u01af\u1edcNG G\u1eb6P:<\/h3>\r\n            <\/div>\r\n            <p>Test d&#039;Evaluation de Fran\u00e7ais adapt\u00e9 au Qu\u00e9bec (TEFAQ) \u0111\u01b0\u1ee3c thi\u1ebft k\u1ebf \u0111\u1eb7c bi\u1ec7t cho nh\u1eefng ng\u01b0\u1eddi mu\u1ed1n di c\u01b0 \u0111\u1ebfn Quebec, m\u1ed9t t\u1ec9nh n\u00f3i ti\u1ebfng Ph\u00e1p chi\u1ebfm \u0111a s\u1ed1 \u1edf Canada. B\u00e0i ki\u1ec3m tra n\u00e0y ch\u1ee7 y\u1ebfu t\u1eadp trung v\u00e0o k\u1ef9 n\u0103ng nghe v\u00e0 n\u00f3i.<\/p>\r\n        <\/div>\r\n    <\/div><\/div>\n","protected":false},"excerpt":{"rendered":"<p>Ch\u1ee9ng ch\u1ec9 ti\u1ebfng Ph\u00e1p<\/p>\n","protected":false},"author":8,"featured_media":1440142,"parent":0,"menu_order":0,"comment_status":"closed","ping_status":"closed","template":"LearningContentPage.php","meta":{"_acf_changed":false,"footnotes":""},"class_list":["post-1441891","page","type-page","status-publish","has-post-thumbnail","hentry"],"acf":[],"yoast_head":"<!-- This site is optimized with the Yoast SEO Premium plugin v27.2 (Yoast SEO v27.2) - https:\/\/yoast.com\/product\/yoast-seo-premium-wordpress\/ -->\n<title>Ch\u1ee9ng ch\u1ec9 ti\u1ebfng Ph\u00e1p - Talkpal<\/title>\n<meta name=\"description\" content=\"Kh\u00e1m ph\u00e1 c\u00e1c ch\u1ee9ng ch\u1ec9 ti\u1ebfng Ph\u00e1p quan tr\u1ecdng nh\u01b0 DELF, DALF, TEF v\u00e0 TCF \u0111\u1ec3 ch\u1ee9ng nh\u1eadn tr\u00ecnh \u0111\u1ed9.\" \/>\n<meta name=\"robots\" content=\"index, follow, max-snippet:-1, max-image-preview:large, max-video-preview:-1\" \/>\n<link rel=\"canonical\" href=\"https:\/\/talkpal.ai\/vi\/chung-chi-tieng-phap\/\" \/>\n<meta property=\"og:locale\" content=\"vi_VN\" \/>\n<meta property=\"og:type\" content=\"article\" \/>\n<meta property=\"og:title\" content=\"Ch\u1ee9ng ch\u1ec9 ti\u1ebfng Ph\u00e1p\" \/>\n<meta property=\"og:description\" content=\"Ch\u1ee9ng ch\u1ec9 ti\u1ebfng Ph\u00e1p\" \/>\n<meta property=\"og:url\" content=\"https:\/\/talkpal.ai\/vi\/chung-chi-tieng-phap\/\" \/>\n<meta property=\"og:site_name\" content=\"Talkpal\" \/>\n<meta property=\"article:publisher\" content=\"https:\/\/www.facebook.com\/profile.php?id=100090733639311\" \/>\n<meta property=\"article:modified_time\" content=\"2026-01-07T15:15:06+00:00\" \/>\n<meta property=\"og:image\" content=\"https:\/\/talkpal.ai\/wp-content\/uploads\/2023\/03\/france.png\" \/>\n\t<meta property=\"og:image:width\" content=\"512\" \/>\n\t<meta property=\"og:image:height\" content=\"512\" \/>\n\t<meta property=\"og:image:type\" content=\"image\/png\" \/>\n<meta name=\"twitter:card\" content=\"summary_large_image\" \/>\n<meta name=\"twitter:site\" content=\"@talkpalai\" \/>\n<script type=\"application\/ld+json\" class=\"yoast-schema-graph\">{\"@context\":\"https:\/\/schema.org\",\"@graph\":[{\"@type\":\"WebPage\",\"@id\":\"https:\/\/talkpal.ai\/vi\/chung-chi-tieng-phap\/\",\"url\":\"https:\/\/talkpal.ai\/vi\/chung-chi-tieng-phap\/\",\"name\":\"Ch\u1ee9ng ch\u1ec9 ti\u1ebfng Ph\u00e1p - Talkpal\",\"isPartOf\":{\"@id\":\"https:\/\/talkpal.ai\/vi\/#website\"},\"primaryImageOfPage\":{\"@id\":\"https:\/\/talkpal.ai\/vi\/chung-chi-tieng-phap\/#primaryimage\"},\"image\":{\"@id\":\"https:\/\/talkpal.ai\/vi\/chung-chi-tieng-phap\/#primaryimage\"},\"thumbnailUrl\":\"https:\/\/talkpal.ai\/wp-content\/uploads\/2023\/03\/france.png\",\"datePublished\":\"2023-12-05T11:40:45+00:00\",\"dateModified\":\"2026-01-07T15:15:06+00:00\",\"description\":\"Kh\u00e1m ph\u00e1 c\u00e1c ch\u1ee9ng ch\u1ec9 ti\u1ebfng Ph\u00e1p quan tr\u1ecdng nh\u01b0 DELF, DALF, TEF v\u00e0 TCF \u0111\u1ec3 ch\u1ee9ng nh\u1eadn tr\u00ecnh \u0111\u1ed9.\",\"breadcrumb\":{\"@id\":\"https:\/\/talkpal.ai\/vi\/chung-chi-tieng-phap\/#breadcrumb\"},\"inLanguage\":\"vi-VN\",\"potentialAction\":[{\"@type\":\"ReadAction\",\"target\":[\"https:\/\/talkpal.ai\/vi\/chung-chi-tieng-phap\/\"]}]},{\"@type\":\"ImageObject\",\"inLanguage\":\"vi-VN\",\"@id\":\"https:\/\/talkpal.ai\/vi\/chung-chi-tieng-phap\/#primaryimage\",\"url\":\"https:\/\/talkpal.ai\/wp-content\/uploads\/2023\/03\/france.png\",\"contentUrl\":\"https:\/\/talkpal.ai\/wp-content\/uploads\/2023\/03\/france.png\",\"width\":512,\"height\":512,\"caption\":\"TalkPal AI learn French\"},{\"@type\":\"BreadcrumbList\",\"@id\":\"https:\/\/talkpal.ai\/vi\/chung-chi-tieng-phap\/#breadcrumb\",\"itemListElement\":[{\"@type\":\"ListItem\",\"position\":1,\"name\":\"Homepage\",\"item\":\"https:\/\/talkpal.ai\/vi\/giao-vien-ngon-ngu-ai-3\/\"},{\"@type\":\"ListItem\",\"position\":2,\"name\":\"Ch\u1ee9ng ch\u1ec9 ti\u1ebfng Ph\u00e1p\"}]},{\"@type\":\"WebSite\",\"@id\":\"https:\/\/talkpal.ai\/vi\/#website\",\"url\":\"https:\/\/talkpal.ai\/vi\/\",\"name\":\"Talkpal\",\"description\":\"AI Language Learning\",\"publisher\":{\"@id\":\"https:\/\/talkpal.ai\/vi\/#organization\"},\"alternateName\":\"Talkpal AI\",\"potentialAction\":[{\"@type\":\"SearchAction\",\"target\":{\"@type\":\"EntryPoint\",\"urlTemplate\":\"https:\/\/talkpal.ai\/vi\/?s={search_term_string}\"},\"query-input\":{\"@type\":\"PropertyValueSpecification\",\"valueRequired\":true,\"valueName\":\"search_term_string\"}}],\"inLanguage\":\"vi-VN\"},{\"@type\":\"Organization\",\"@id\":\"https:\/\/talkpal.ai\/vi\/#organization\",\"name\":\"Talkpal, Inc.\",\"alternateName\":\"Talkpal AI\",\"url\":\"https:\/\/talkpal.ai\/vi\/\",\"logo\":{\"@type\":\"ImageObject\",\"inLanguage\":\"vi-VN\",\"@id\":\"https:\/\/talkpal.ai\/vi\/#\/schema\/logo\/image\/\",\"url\":\"https:\/\/talkpal.ai\/wp-content\/uploads\/2024\/03\/Talkpal-Logo-Icon.png\",\"contentUrl\":\"https:\/\/talkpal.ai\/wp-content\/uploads\/2024\/03\/Talkpal-Logo-Icon.png\",\"width\":2880,\"height\":2880,\"caption\":\"Talkpal, Inc.\"},\"image\":{\"@id\":\"https:\/\/talkpal.ai\/vi\/#\/schema\/logo\/image\/\"},\"sameAs\":[\"https:\/\/www.facebook.com\/profile.php?id=100090733639311\",\"https:\/\/x.com\/talkpalai\",\"https:\/\/www.linkedin.com\/company\/talkpal\/\",\"https:\/\/www.youtube.com\/@TalkPal\/\",\"https:\/\/www.tiktok.com\/@talkpal\",\"https:\/\/www.instagram.com\/talkpal_ai\/\",\"https:\/\/www.crunchbase.com\/organization\/talkpal-9cde\",\"https:\/\/www.g2.com\/products\/talkpal-for-business\/\",\"https:\/\/www.trustpilot.com\/review\/talkpal.ai\",\"https:\/\/www.capterra.com\/p\/10006800\/TalkPal\/\"],\"description\":\"Talkpal is a language learning web and mobile education app, powered by the latest AI technologies, that provides engaging experiences to its customers in many different languages to help them improve their language skills. Users can chat about unlimited amount of topics with the app and use other modes to practice their language learning.\",\"email\":\"support@talkpal.ai\",\"legalName\":\"Talkpal, Inc.\",\"foundingDate\":\"2023-04-03\",\"duns\":\"118989042\",\"numberOfEmployees\":{\"@type\":\"QuantitativeValue\",\"minValue\":\"11\",\"maxValue\":\"50\"},\"publishingPrinciples\":\"https:\/\/talkpal.ai\/publishing-principles\/\",\"actionableFeedbackPolicy\":\"https:\/\/talkpal.ai\/actionable-feedback-policy\/\",\"correctionsPolicy\":\"https:\/\/talkpal.ai\/corrections-policy\/\",\"ethicsPolicy\":\"https:\/\/talkpal.ai\/ethics-policy\/\",\"diversityPolicy\":\"https:\/\/talkpal.ai\/diversity-policy\/\",\"diversityStaffingReport\":\"https:\/\/talkpal.ai\/diversity-policy\/\"}]}<\/script>\n<!-- \/ Yoast SEO Premium plugin. -->","yoast_head_json":{"title":"Ch\u1ee9ng ch\u1ec9 ti\u1ebfng Ph\u00e1p - Talkpal","description":"Kh\u00e1m ph\u00e1 c\u00e1c ch\u1ee9ng ch\u1ec9 ti\u1ebfng Ph\u00e1p quan tr\u1ecdng nh\u01b0 DELF, DALF, TEF v\u00e0 TCF \u0111\u1ec3 ch\u1ee9ng nh\u1eadn tr\u00ecnh \u0111\u1ed9.","robots":{"index":"index","follow":"follow","max-snippet":"max-snippet:-1","max-image-preview":"max-image-preview:large","max-video-preview":"max-video-preview:-1"},"canonical":"https:\/\/talkpal.ai\/vi\/chung-chi-tieng-phap\/","og_locale":"vi_VN","og_type":"article","og_title":"Ch\u1ee9ng ch\u1ec9 ti\u1ebfng Ph\u00e1p","og_description":"Ch\u1ee9ng ch\u1ec9 ti\u1ebfng Ph\u00e1p","og_url":"https:\/\/talkpal.ai\/vi\/chung-chi-tieng-phap\/","og_site_name":"Talkpal","article_publisher":"https:\/\/www.facebook.com\/profile.php?id=100090733639311","article_modified_time":"2026-01-07T15:15:06+00:00","og_image":[{"width":512,"height":512,"url":"https:\/\/talkpal.ai\/wp-content\/uploads\/2023\/03\/france.png","type":"image\/png"}],"twitter_card":"summary_large_image","twitter_site":"@talkpalai","schema":{"@context":"https:\/\/schema.org","@graph":[{"@type":"WebPage","@id":"https:\/\/talkpal.ai\/vi\/chung-chi-tieng-phap\/","url":"https:\/\/talkpal.ai\/vi\/chung-chi-tieng-phap\/","name":"Ch\u1ee9ng ch\u1ec9 ti\u1ebfng Ph\u00e1p - Talkpal","isPartOf":{"@id":"https:\/\/talkpal.ai\/vi\/#website"},"primaryImageOfPage":{"@id":"https:\/\/talkpal.ai\/vi\/chung-chi-tieng-phap\/#primaryimage"},"image":{"@id":"https:\/\/talkpal.ai\/vi\/chung-chi-tieng-phap\/#primaryimage"},"thumbnailUrl":"https:\/\/talkpal.ai\/wp-content\/uploads\/2023\/03\/france.png","datePublished":"2023-12-05T11:40:45+00:00","dateModified":"2026-01-07T15:15:06+00:00","description":"Kh\u00e1m ph\u00e1 c\u00e1c ch\u1ee9ng ch\u1ec9 ti\u1ebfng Ph\u00e1p quan tr\u1ecdng nh\u01b0 DELF, DALF, TEF v\u00e0 TCF \u0111\u1ec3 ch\u1ee9ng nh\u1eadn tr\u00ecnh \u0111\u1ed9.","breadcrumb":{"@id":"https:\/\/talkpal.ai\/vi\/chung-chi-tieng-phap\/#breadcrumb"},"inLanguage":"vi-VN","potentialAction":[{"@type":"ReadAction","target":["https:\/\/talkpal.ai\/vi\/chung-chi-tieng-phap\/"]}]},{"@type":"ImageObject","inLanguage":"vi-VN","@id":"https:\/\/talkpal.ai\/vi\/chung-chi-tieng-phap\/#primaryimage","url":"https:\/\/talkpal.ai\/wp-content\/uploads\/2023\/03\/france.png","contentUrl":"https:\/\/talkpal.ai\/wp-content\/uploads\/2023\/03\/france.png","width":512,"height":512,"caption":"TalkPal AI learn French"},{"@type":"BreadcrumbList","@id":"https:\/\/talkpal.ai\/vi\/chung-chi-tieng-phap\/#breadcrumb","itemListElement":[{"@type":"ListItem","position":1,"name":"Homepage","item":"https:\/\/talkpal.ai\/vi\/giao-vien-ngon-ngu-ai-3\/"},{"@type":"ListItem","position":2,"name":"Ch\u1ee9ng ch\u1ec9 ti\u1ebfng Ph\u00e1p"}]},{"@type":"WebSite","@id":"https:\/\/talkpal.ai\/vi\/#website","url":"https:\/\/talkpal.ai\/vi\/","name":"Talkpal","description":"AI Language Learning","publisher":{"@id":"https:\/\/talkpal.ai\/vi\/#organization"},"alternateName":"Talkpal AI","potentialAction":[{"@type":"SearchAction","target":{"@type":"EntryPoint","urlTemplate":"https:\/\/talkpal.ai\/vi\/?s={search_term_string}"},"query-input":{"@type":"PropertyValueSpecification","valueRequired":true,"valueName":"search_term_string"}}],"inLanguage":"vi-VN"},{"@type":"Organization","@id":"https:\/\/talkpal.ai\/vi\/#organization","name":"Talkpal, Inc.","alternateName":"Talkpal AI","url":"https:\/\/talkpal.ai\/vi\/","logo":{"@type":"ImageObject","inLanguage":"vi-VN","@id":"https:\/\/talkpal.ai\/vi\/#\/schema\/logo\/image\/","url":"https:\/\/talkpal.ai\/wp-content\/uploads\/2024\/03\/Talkpal-Logo-Icon.png","contentUrl":"https:\/\/talkpal.ai\/wp-content\/uploads\/2024\/03\/Talkpal-Logo-Icon.png","width":2880,"height":2880,"caption":"Talkpal, Inc."},"image":{"@id":"https:\/\/talkpal.ai\/vi\/#\/schema\/logo\/image\/"},"sameAs":["https:\/\/www.facebook.com\/profile.php?id=100090733639311","https:\/\/x.com\/talkpalai","https:\/\/www.linkedin.com\/company\/talkpal\/","https:\/\/www.youtube.com\/@TalkPal\/","https:\/\/www.tiktok.com\/@talkpal","https:\/\/www.instagram.com\/talkpal_ai\/","https:\/\/www.crunchbase.com\/organization\/talkpal-9cde","https:\/\/www.g2.com\/products\/talkpal-for-business\/","https:\/\/www.trustpilot.com\/review\/talkpal.ai","https:\/\/www.capterra.com\/p\/10006800\/TalkPal\/"],"description":"Talkpal is a language learning web and mobile education app, powered by the latest AI technologies, that provides engaging experiences to its customers in many different languages to help them improve their language skills. Users can chat about unlimited amount of topics with the app and use other modes to practice their language learning.","email":"support@talkpal.ai","legalName":"Talkpal, Inc.","foundingDate":"2023-04-03","duns":"118989042","numberOfEmployees":{"@type":"QuantitativeValue","minValue":"11","maxValue":"50"},"publishingPrinciples":"https:\/\/talkpal.ai\/publishing-principles\/","actionableFeedbackPolicy":"https:\/\/talkpal.ai\/actionable-feedback-policy\/","correctionsPolicy":"https:\/\/talkpal.ai\/corrections-policy\/","ethicsPolicy":"https:\/\/talkpal.ai\/ethics-policy\/","diversityPolicy":"https:\/\/talkpal.ai\/diversity-policy\/","diversityStaffingReport":"https:\/\/talkpal.ai\/diversity-policy\/"}]}},"_links":{"self":[{"href":"https:\/\/talkpal.ai\/vi\/wp-json\/wp\/v2\/pages\/1441891","targetHints":{"allow":["GET"]}}],"collection":[{"href":"https:\/\/talkpal.ai\/vi\/wp-json\/wp\/v2\/pages"}],"about":[{"href":"https:\/\/talkpal.ai\/vi\/wp-json\/wp\/v2\/types\/page"}],"author":[{"embeddable":true,"href":"https:\/\/talkpal.ai\/vi\/wp-json\/wp\/v2\/users\/8"}],"replies":[{"embeddable":true,"href":"https:\/\/talkpal.ai\/vi\/wp-json\/wp\/v2\/comments?post=1441891"}],"version-history":[{"count":0,"href":"https:\/\/talkpal.ai\/vi\/wp-json\/wp\/v2\/pages\/1441891\/revisions"}],"wp:featuredmedia":[{"embeddable":true,"href":"https:\/\/talkpal.ai\/vi\/wp-json\/wp\/v2\/media\/1440142"}],"wp:attachment":[{"href":"https:\/\/talkpal.ai\/vi\/wp-json\/wp\/v2\/media?parent=1441891"}],"curies":[{"name":"wp","href":"https:\/\/api.w.org\/{rel}","templated":true}]}}