{"id":1440785,"date":"2024-06-08T14:17:43","date_gmt":"2024-06-08T14:17:43","guid":{"rendered":"https:\/\/talkpal.ai\/tai-xuong-ung-dung-talkpal-android-ios\/"},"modified":"2024-06-08T14:17:43","modified_gmt":"2024-06-08T14:17:43","slug":"tai-xuong-ung-dung-talkpal-android-ios","status":"publish","type":"page","link":"https:\/\/talkpal.ai\/vi\/tai-xuong-ung-dung-talkpal-android-ios\/","title":{"rendered":"T\u1ea3i xu\u1ed1ng \u1ee9ng d\u1ee5ng Talkpal Android &amp; iOS"},"content":{"rendered":"","protected":false},"excerpt":{"rendered":"","protected":false},"author":10,"featured_media":1439689,"parent":0,"menu_order":0,"comment_status":"closed","ping_status":"closed","template":"download.php","meta":{"_acf_changed":false,"footnotes":""},"class_list":["post-1440785","page","type-page","status-publish","has-post-thumbnail","hentry"],"acf":[],"yoast_head":"<!-- This site is optimized with the Yoast SEO Premium plugin v27.2 (Yoast SEO v27.2) - https:\/\/yoast.com\/product\/yoast-seo-premium-wordpress\/ -->\n<title>T\u1ea3i xu\u1ed1ng \u1ee9ng d\u1ee5ng Talkpal Android &amp; iOS - Talkpal<\/title>\n<meta name=\"description\" content=\"Kh\u00e1m ph\u00e1 c\u00e1ch T\u1ea3i xu\u1ed1ng Talkpal v\u00e0 n\u00e2ng cao tr\u1ea3i nghi\u1ec7m h\u1ecdc ng\u00f4n ng\u1eef c\u1ee7a b\u1ea1n v\u1edbi c\u00e1c t\u00f9y ch\u1ecdn th\u1ef1c h\u00e0nh v\u00e0 ch\u1ec9nh s\u1eeda t\u00edch c\u1ef1c.\" \/>\n<meta name=\"robots\" content=\"index, follow, max-snippet:-1, max-image-preview:large, max-video-preview:-1\" \/>\n<link rel=\"canonical\" href=\"https:\/\/talkpal.ai\/vi\/tai-xuong-ung-dung-talkpal-android-ios\/\" \/>\n<meta property=\"og:locale\" content=\"vi_VN\" \/>\n<meta property=\"og:type\" content=\"article\" \/>\n<meta property=\"og:title\" content=\"T\u1ea3i xu\u1ed1ng \u1ee9ng d\u1ee5ng Talkpal Android &amp; iOS\" \/>\n<meta property=\"og:url\" content=\"https:\/\/talkpal.ai\/vi\/tai-xuong-ung-dung-talkpal-android-ios\/\" \/>\n<meta property=\"og:site_name\" content=\"Talkpal\" \/>\n<meta property=\"article:publisher\" content=\"https:\/\/www.facebook.com\/profile.php?id=100090733639311\" \/>\n<meta property=\"og:image\" content=\"https:\/\/talkpal.ai\/wp-content\/uploads\/2024\/03\/Talkpal-Logo-Icon.png\" \/>\n\t<meta property=\"og:image:width\" content=\"2880\" \/>\n\t<meta property=\"og:image:height\" content=\"2880\" \/>\n\t<meta property=\"og:image:type\" content=\"image\/png\" \/>\n<meta name=\"twitter:card\" content=\"summary_large_image\" \/>\n<meta name=\"twitter:site\" content=\"@talkpalai\" \/>\n<script type=\"application\/ld+json\" class=\"yoast-schema-graph\">{\"@context\":\"https:\/\/schema.org\",\"@graph\":[{\"@type\":\"WebPage\",\"@id\":\"https:\/\/talkpal.ai\/vi\/tai-xuong-ung-dung-talkpal-android-ios\/\",\"url\":\"https:\/\/talkpal.ai\/vi\/tai-xuong-ung-dung-talkpal-android-ios\/\",\"name\":\"T\u1ea3i xu\u1ed1ng \u1ee9ng d\u1ee5ng Talkpal Android &amp; iOS - Talkpal\",\"isPartOf\":{\"@id\":\"https:\/\/talkpal.ai\/vi\/#website\"},\"primaryImageOfPage\":{\"@id\":\"https:\/\/talkpal.ai\/vi\/tai-xuong-ung-dung-talkpal-android-ios\/#primaryimage\"},\"image\":{\"@id\":\"https:\/\/talkpal.ai\/vi\/tai-xuong-ung-dung-talkpal-android-ios\/#primaryimage\"},\"thumbnailUrl\":\"https:\/\/talkpal.ai\/wp-content\/uploads\/2024\/03\/Talkpal-Logo-Icon.png\",\"datePublished\":\"2024-06-08T14:17:43+00:00\",\"description\":\"Kh\u00e1m ph\u00e1 c\u00e1ch T\u1ea3i xu\u1ed1ng Talkpal v\u00e0 n\u00e2ng cao tr\u1ea3i nghi\u1ec7m h\u1ecdc ng\u00f4n ng\u1eef c\u1ee7a b\u1ea1n v\u1edbi c\u00e1c t\u00f9y ch\u1ecdn th\u1ef1c h\u00e0nh v\u00e0 ch\u1ec9nh s\u1eeda t\u00edch c\u1ef1c.\",\"breadcrumb\":{\"@id\":\"https:\/\/talkpal.ai\/vi\/tai-xuong-ung-dung-talkpal-android-ios\/#breadcrumb\"},\"inLanguage\":\"vi-VN\",\"potentialAction\":[{\"@type\":\"ReadAction\",\"target\":[\"https:\/\/talkpal.ai\/vi\/tai-xuong-ung-dung-talkpal-android-ios\/\"]}]},{\"@type\":\"ImageObject\",\"inLanguage\":\"vi-VN\",\"@id\":\"https:\/\/talkpal.ai\/vi\/tai-xuong-ung-dung-talkpal-android-ios\/#primaryimage\",\"url\":\"https:\/\/talkpal.ai\/wp-content\/uploads\/2024\/03\/Talkpal-Logo-Icon.png\",\"contentUrl\":\"https:\/\/talkpal.ai\/wp-content\/uploads\/2024\/03\/Talkpal-Logo-Icon.png\",\"width\":2880,\"height\":2880,\"caption\":\"Logo Talkpal kh\u00f4ng c\u00f3 d\u1ea5u ch\u1eef\"},{\"@type\":\"BreadcrumbList\",\"@id\":\"https:\/\/talkpal.ai\/vi\/tai-xuong-ung-dung-talkpal-android-ios\/#breadcrumb\",\"itemListElement\":[{\"@type\":\"ListItem\",\"position\":1,\"name\":\"Homepage\",\"item\":\"https:\/\/talkpal.ai\/vi\/giao-vien-ngon-ngu-ai-3\/\"},{\"@type\":\"ListItem\",\"position\":2,\"name\":\"T\u1ea3i xu\u1ed1ng \u1ee9ng d\u1ee5ng Talkpal Android &amp; iOS\"}]},{\"@type\":\"WebSite\",\"@id\":\"https:\/\/talkpal.ai\/vi\/#website\",\"url\":\"https:\/\/talkpal.ai\/vi\/\",\"name\":\"Talkpal\",\"description\":\"AI Language Learning\",\"publisher\":{\"@id\":\"https:\/\/talkpal.ai\/vi\/#organization\"},\"alternateName\":\"Talkpal AI\",\"potentialAction\":[{\"@type\":\"SearchAction\",\"target\":{\"@type\":\"EntryPoint\",\"urlTemplate\":\"https:\/\/talkpal.ai\/vi\/?s={search_term_string}\"},\"query-input\":{\"@type\":\"PropertyValueSpecification\",\"valueRequired\":true,\"valueName\":\"search_term_string\"}}],\"inLanguage\":\"vi-VN\"},{\"@type\":\"Organization\",\"@id\":\"https:\/\/talkpal.ai\/vi\/#organization\",\"name\":\"Talkpal, Inc.\",\"alternateName\":\"Talkpal AI\",\"url\":\"https:\/\/talkpal.ai\/vi\/\",\"logo\":{\"@type\":\"ImageObject\",\"inLanguage\":\"vi-VN\",\"@id\":\"https:\/\/talkpal.ai\/vi\/#\/schema\/logo\/image\/\",\"url\":\"https:\/\/talkpal.ai\/wp-content\/uploads\/2024\/03\/Talkpal-Logo-Icon.png\",\"contentUrl\":\"https:\/\/talkpal.ai\/wp-content\/uploads\/2024\/03\/Talkpal-Logo-Icon.png\",\"width\":2880,\"height\":2880,\"caption\":\"Talkpal, Inc.\"},\"image\":{\"@id\":\"https:\/\/talkpal.ai\/vi\/#\/schema\/logo\/image\/\"},\"sameAs\":[\"https:\/\/www.facebook.com\/profile.php?id=100090733639311\",\"https:\/\/x.com\/talkpalai\",\"https:\/\/www.linkedin.com\/company\/talkpal\/\",\"https:\/\/www.youtube.com\/@TalkPal\/\",\"https:\/\/www.tiktok.com\/@talkpal\",\"https:\/\/www.instagram.com\/talkpal_ai\/\",\"https:\/\/www.crunchbase.com\/organization\/talkpal-9cde\",\"https:\/\/www.g2.com\/products\/talkpal-for-business\/\",\"https:\/\/www.trustpilot.com\/review\/talkpal.ai\",\"https:\/\/www.capterra.com\/p\/10006800\/TalkPal\/\"],\"description\":\"Talkpal is a language learning web and mobile education app, powered by the latest AI technologies, that provides engaging experiences to its customers in many different languages to help them improve their language skills. Users can chat about unlimited amount of topics with the app and use other modes to practice their language learning.\",\"email\":\"support@talkpal.ai\",\"legalName\":\"Talkpal, Inc.\",\"foundingDate\":\"2023-04-03\",\"duns\":\"118989042\",\"numberOfEmployees\":{\"@type\":\"QuantitativeValue\",\"minValue\":\"11\",\"maxValue\":\"50\"},\"publishingPrinciples\":\"https:\/\/talkpal.ai\/publishing-principles\/\",\"actionableFeedbackPolicy\":\"https:\/\/talkpal.ai\/actionable-feedback-policy\/\",\"correctionsPolicy\":\"https:\/\/talkpal.ai\/corrections-policy\/\",\"ethicsPolicy\":\"https:\/\/talkpal.ai\/ethics-policy\/\",\"diversityPolicy\":\"https:\/\/talkpal.ai\/diversity-policy\/\",\"diversityStaffingReport\":\"https:\/\/talkpal.ai\/diversity-policy\/\"}]}<\/script>\n<!-- \/ Yoast SEO Premium plugin. -->","yoast_head_json":{"title":"T\u1ea3i xu\u1ed1ng \u1ee9ng d\u1ee5ng Talkpal Android &amp; iOS - Talkpal","description":"Kh\u00e1m ph\u00e1 c\u00e1ch T\u1ea3i xu\u1ed1ng Talkpal v\u00e0 n\u00e2ng cao tr\u1ea3i nghi\u1ec7m h\u1ecdc ng\u00f4n ng\u1eef c\u1ee7a b\u1ea1n v\u1edbi c\u00e1c t\u00f9y ch\u1ecdn th\u1ef1c h\u00e0nh v\u00e0 ch\u1ec9nh s\u1eeda t\u00edch c\u1ef1c.","robots":{"index":"index","follow":"follow","max-snippet":"max-snippet:-1","max-image-preview":"max-image-preview:large","max-video-preview":"max-video-preview:-1"},"canonical":"https:\/\/talkpal.ai\/vi\/tai-xuong-ung-dung-talkpal-android-ios\/","og_locale":"vi_VN","og_type":"article","og_title":"T\u1ea3i xu\u1ed1ng \u1ee9ng d\u1ee5ng Talkpal Android &amp; iOS","og_url":"https:\/\/talkpal.ai\/vi\/tai-xuong-ung-dung-talkpal-android-ios\/","og_site_name":"Talkpal","article_publisher":"https:\/\/www.facebook.com\/profile.php?id=100090733639311","og_image":[{"width":2880,"height":2880,"url":"https:\/\/talkpal.ai\/wp-content\/uploads\/2024\/03\/Talkpal-Logo-Icon.png","type":"image\/png"}],"twitter_card":"summary_large_image","twitter_site":"@talkpalai","schema":{"@context":"https:\/\/schema.org","@graph":[{"@type":"WebPage","@id":"https:\/\/talkpal.ai\/vi\/tai-xuong-ung-dung-talkpal-android-ios\/","url":"https:\/\/talkpal.ai\/vi\/tai-xuong-ung-dung-talkpal-android-ios\/","name":"T\u1ea3i xu\u1ed1ng \u1ee9ng d\u1ee5ng Talkpal Android &amp; iOS - Talkpal","isPartOf":{"@id":"https:\/\/talkpal.ai\/vi\/#website"},"primaryImageOfPage":{"@id":"https:\/\/talkpal.ai\/vi\/tai-xuong-ung-dung-talkpal-android-ios\/#primaryimage"},"image":{"@id":"https:\/\/talkpal.ai\/vi\/tai-xuong-ung-dung-talkpal-android-ios\/#primaryimage"},"thumbnailUrl":"https:\/\/talkpal.ai\/wp-content\/uploads\/2024\/03\/Talkpal-Logo-Icon.png","datePublished":"2024-06-08T14:17:43+00:00","description":"Kh\u00e1m ph\u00e1 c\u00e1ch T\u1ea3i xu\u1ed1ng Talkpal v\u00e0 n\u00e2ng cao tr\u1ea3i nghi\u1ec7m h\u1ecdc ng\u00f4n ng\u1eef c\u1ee7a b\u1ea1n v\u1edbi c\u00e1c t\u00f9y ch\u1ecdn th\u1ef1c h\u00e0nh v\u00e0 ch\u1ec9nh s\u1eeda t\u00edch c\u1ef1c.","breadcrumb":{"@id":"https:\/\/talkpal.ai\/vi\/tai-xuong-ung-dung-talkpal-android-ios\/#breadcrumb"},"inLanguage":"vi-VN","potentialAction":[{"@type":"ReadAction","target":["https:\/\/talkpal.ai\/vi\/tai-xuong-ung-dung-talkpal-android-ios\/"]}]},{"@type":"ImageObject","inLanguage":"vi-VN","@id":"https:\/\/talkpal.ai\/vi\/tai-xuong-ung-dung-talkpal-android-ios\/#primaryimage","url":"https:\/\/talkpal.ai\/wp-content\/uploads\/2024\/03\/Talkpal-Logo-Icon.png","contentUrl":"https:\/\/talkpal.ai\/wp-content\/uploads\/2024\/03\/Talkpal-Logo-Icon.png","width":2880,"height":2880,"caption":"Logo Talkpal kh\u00f4ng c\u00f3 d\u1ea5u ch\u1eef"},{"@type":"BreadcrumbList","@id":"https:\/\/talkpal.ai\/vi\/tai-xuong-ung-dung-talkpal-android-ios\/#breadcrumb","itemListElement":[{"@type":"ListItem","position":1,"name":"Homepage","item":"https:\/\/talkpal.ai\/vi\/giao-vien-ngon-ngu-ai-3\/"},{"@type":"ListItem","position":2,"name":"T\u1ea3i xu\u1ed1ng \u1ee9ng d\u1ee5ng Talkpal Android &amp; iOS"}]},{"@type":"WebSite","@id":"https:\/\/talkpal.ai\/vi\/#website","url":"https:\/\/talkpal.ai\/vi\/","name":"Talkpal","description":"AI Language Learning","publisher":{"@id":"https:\/\/talkpal.ai\/vi\/#organization"},"alternateName":"Talkpal AI","potentialAction":[{"@type":"SearchAction","target":{"@type":"EntryPoint","urlTemplate":"https:\/\/talkpal.ai\/vi\/?s={search_term_string}"},"query-input":{"@type":"PropertyValueSpecification","valueRequired":true,"valueName":"search_term_string"}}],"inLanguage":"vi-VN"},{"@type":"Organization","@id":"https:\/\/talkpal.ai\/vi\/#organization","name":"Talkpal, Inc.","alternateName":"Talkpal AI","url":"https:\/\/talkpal.ai\/vi\/","logo":{"@type":"ImageObject","inLanguage":"vi-VN","@id":"https:\/\/talkpal.ai\/vi\/#\/schema\/logo\/image\/","url":"https:\/\/talkpal.ai\/wp-content\/uploads\/2024\/03\/Talkpal-Logo-Icon.png","contentUrl":"https:\/\/talkpal.ai\/wp-content\/uploads\/2024\/03\/Talkpal-Logo-Icon.png","width":2880,"height":2880,"caption":"Talkpal, Inc."},"image":{"@id":"https:\/\/talkpal.ai\/vi\/#\/schema\/logo\/image\/"},"sameAs":["https:\/\/www.facebook.com\/profile.php?id=100090733639311","https:\/\/x.com\/talkpalai","https:\/\/www.linkedin.com\/company\/talkpal\/","https:\/\/www.youtube.com\/@TalkPal\/","https:\/\/www.tiktok.com\/@talkpal","https:\/\/www.instagram.com\/talkpal_ai\/","https:\/\/www.crunchbase.com\/organization\/talkpal-9cde","https:\/\/www.g2.com\/products\/talkpal-for-business\/","https:\/\/www.trustpilot.com\/review\/talkpal.ai","https:\/\/www.capterra.com\/p\/10006800\/TalkPal\/"],"description":"Talkpal is a language learning web and mobile education app, powered by the latest AI technologies, that provides engaging experiences to its customers in many different languages to help them improve their language skills. Users can chat about unlimited amount of topics with the app and use other modes to practice their language learning.","email":"support@talkpal.ai","legalName":"Talkpal, Inc.","foundingDate":"2023-04-03","duns":"118989042","numberOfEmployees":{"@type":"QuantitativeValue","minValue":"11","maxValue":"50"},"publishingPrinciples":"https:\/\/talkpal.ai\/publishing-principles\/","actionableFeedbackPolicy":"https:\/\/talkpal.ai\/actionable-feedback-policy\/","correctionsPolicy":"https:\/\/talkpal.ai\/corrections-policy\/","ethicsPolicy":"https:\/\/talkpal.ai\/ethics-policy\/","diversityPolicy":"https:\/\/talkpal.ai\/diversity-policy\/","diversityStaffingReport":"https:\/\/talkpal.ai\/diversity-policy\/"}]}},"_links":{"self":[{"href":"https:\/\/talkpal.ai\/vi\/wp-json\/wp\/v2\/pages\/1440785","targetHints":{"allow":["GET"]}}],"collection":[{"href":"https:\/\/talkpal.ai\/vi\/wp-json\/wp\/v2\/pages"}],"about":[{"href":"https:\/\/talkpal.ai\/vi\/wp-json\/wp\/v2\/types\/page"}],"author":[{"embeddable":true,"href":"https:\/\/talkpal.ai\/vi\/wp-json\/wp\/v2\/users\/10"}],"replies":[{"embeddable":true,"href":"https:\/\/talkpal.ai\/vi\/wp-json\/wp\/v2\/comments?post=1440785"}],"version-history":[{"count":0,"href":"https:\/\/talkpal.ai\/vi\/wp-json\/wp\/v2\/pages\/1440785\/revisions"}],"wp:featuredmedia":[{"embeddable":true,"href":"https:\/\/talkpal.ai\/vi\/wp-json\/wp\/v2\/media\/1439689"}],"wp:attachment":[{"href":"https:\/\/talkpal.ai\/vi\/wp-json\/wp\/v2\/media?parent=1440785"}],"curies":[{"name":"wp","href":"https:\/\/api.w.org\/{rel}","templated":true}]}}