{"id":1469165,"date":"2025-11-12T09:53:34","date_gmt":"2025-11-12T09:53:34","guid":{"rendered":"https:\/\/talkpal.ai\/irlandiya-grammatikasi-mashqlari\/"},"modified":"2025-12-30T14:31:32","modified_gmt":"2025-12-30T14:31:32","slug":"irlandiya-grammatikasi-mashqlari","status":"publish","type":"page","link":"https:\/\/talkpal.ai\/uz\/irlandiya-grammatikasi-mashqlari\/","title":{"rendered":"Irlandiya grammatikasi mashqlari"},"content":{"rendered":"\r\n\r\n\r\n<section class=\"languageChallengeSection\">\r\n    <div class=\"languageInfoWrapper\">\r\n        \r\n        <h1>Irlandiya grammatikasi mashqlari<\/h1>\r\n        <p>Irlandiya grammatikasiga sho&#039;ng&#039;ishga tayyormisiz? Bir nechta asoslarni mashq qilish sizga ushbu noyob va chiroyli til bilan qulay bo&#039;lishingizga yordam beradi. O&#039;zingizga bo&#039;lgan ishonchni oshirish va yo&#039;lda dam olish uchun ushbu mashqlarni sinab ko&#039;ring!<\/p>\r\n\r\n                            <a class=\"getStartedHidden\" href=\"https:\/\/app.talkpal.ai\/uz\/signup?lng=\">Boshlang<\/a>\r\n        \r\n    <\/div>\r\n\r\n    <figure>\r\n    <img decoding=\"async\" width=\"768\" height=\"768\" src=\"https:\/\/talkpal.ai\/wp-content\/uploads\/2023\/06\/welsh-768x768.png\" class=\"languageImage no-lazy\" alt=\"Language learning for better cognitive abilities\" fetchpriority=\"high\" sizes=\"(max-width: 768px) 150px, 768px\" srcset=\"https:\/\/talkpal.ai\/wp-content\/uploads\/2023\/06\/welsh-768x768.png 768w, https:\/\/talkpal.ai\/wp-content\/uploads\/2023\/06\/welsh-300x300.png 300w\" \/>\r\n    \r\n\r\n    <\/figure>\r\n\r\n            <a class=\"getStartedVisible\" href=\"https:\/\/app.talkpal.ai\/uz\/signup?lng=\">Boshlang<\/a>\r\n    \r\n<\/section><section class=\"promotionalBanner\">\r\n    <p class=\"promotionalText\">Til o&#8217;rganishning eng samarali usuli<\/p>\r\n    <a class=\"promotionalLink\" href=\"https:\/\/app.talkpal.ai\/uz\/signup?lng=\">Talkpal-ni bepul sinab ko&#8217;ring<\/a>\r\n<\/section>\n<div class=\"wp-block-group pageContainerStyle\"><div class=\"wp-block-group__inner-container is-layout-constrained wp-block-group-is-layout-constrained\">\n<h2 class=\"wp-block-heading\" id=\"h-irish-grammar-topics\">Irlandiya grammatikasi mavzulari<\/h2>\n\n\n\n<p><a href=\"https:\/\/talkpal.ai\/uz\/yangi-tilni-organishda-yol-qoymaslik-kerak-bolgan-eng-katta-xatolar\/\">Yangi tilni o&#8217;rganish<\/a> qiyin, ammo foydali ish bo&#8217;lishi mumkin. Asosan Irlandiyada so&#8217;zlashadigan kelt tili bo&#8217;lgan <a href=\"https:\/\/talkpal.ai\/learn-irish\/\">irland<\/a> tili ham bundan mustasno emas. O&#8217;zining noyob xususiyatlari va tuzilmalari bilan irland <a href=\"https:\/\/talkpal.ai\/uz\/talim-uchun-talkpal\/\">tilini o&#8217;rganish<\/a> uning murakkab grammatikasini tushunish uchun tizimli yondashuvni talab qiladi. Ushbu qo\u02bbllanmada <a href=\"https:\/\/talkpal.ai\/uz\/til-organish-uchun-ai-chatbot\/\">til o\u02bbrganish<\/a> uchun mantiqiy ketma-ketlikda <a href=\"https:\/\/talkpal.ai\/uz\/irlandiya-grammatikasi\/\">Irlandiya grammatikasining<\/a> asosiy yo\u02bbnalishlari, ot va artikl kabi asoslardan boshlab, zamon va jumlalar qurilishi kabi murakkabroq sohalarga o\u02bbtish orqali tavsiflanadi.<\/p>\n\n\n\n<h3 class=\"wp-block-heading\" id=\"h-1-nouns\">1. Ismlar:<\/h3>\n\n\n\n<p>Irlandiya tiliga sayohatingizni otlarni o&#8217;rganish orqali boshlang. Bunga ot jinsi, umumiy va tegishli otlar, ularning ko&#8217;plik shakllari va holatlarning shakllar va mutatsiyalarga qanday ta&#8217;sir qilishini tushunish kiradi.<\/p>\n\n\n\n<h3 class=\"wp-block-heading\" id=\"h-2-articles\">2. Maqolalar:<\/h3>\n\n\n\n<p>Irland tilidagi maqolalar <a href=\"https:\/\/talkpal.ai\/ai-english-speaking-practice\/\">ingliz<\/a> tilidan farqli ravishda ishlatiladi. Irland tilida aniq artikl an va na <a href=\"https:\/\/talkpal.ai\/locations\/language-courses-in-bor\/\">bor<\/a>, lekin noaniq artikl yo&#8217;q, shuning uchun ularning shakllari va mutatsiyalarga ta&#8217;sirini o&#8217;zlashtirish juda muhimdir.<\/p>\n\n\n\n<h3 class=\"wp-block-heading\" id=\"h-3-adjectives\">3. Sifatlar:<\/h3>\n\n\n\n<p>Irland tilidagi sifatlar odatda o&#8217;z otlariga ergashadi, bu ingliz tilidan farq qiladi. Shuningdek, siz lenion va tutilish kabi boshlang&#8217;ich mutatsiyalar va n\u00edos va is bilan solishtirma va ustunliklarni qanday yaratishni o&#8217;rganishingiz kerak bo&#8217;ladi.<\/p>\n\n\n\n<h3 class=\"wp-block-heading\" id=\"h-4-pronouns-determiners\">4. Olmoshlar\/aniqlovchilar:<\/h3>\n\n\n\n<p>Olmoshlar va aniqlovchilar irland tilida muhim; ular otlarni almashtiradi va miqdor, egalik va boshqalar <a href=\"https:\/\/talkpal.ai\/uz\/haqida\/\">haqida<\/a> ma&#8217;lumot beradi. Shaxs olmoshlarini, mutatsiyalarni qo\u2018zg\u2018atuvchi mo do a \u00e1r bhur a kabi egalik aniqlovchilarini va seo va sin kabi demonstrativlarni o\u2018rganing.<\/p>\n\n\n\n<h3 class=\"wp-block-heading\" id=\"h-5-verbs\">5. Fe\u2019llar:<\/h3>\n\n\n\n<p>Irland fe&#8217;llari zamon, kayfiyat va shaxsga qarab turli xil shakllarga ega. Hozirgi va b\u00ed fe&#8217;li bilan boshlang, so&#8217;ngra asosiy tartibsiz fe&#8217;llar va kopula is bilan birga o&#8217;tmish va kelajak zamonlarni asta-sekin o&#8217;rganing.<\/p>\n\n\n\n<h3 class=\"wp-block-heading\" id=\"h-6-tenses\">6. Zamonlar:<\/h3>\n\n\n\n<p>Fe&#8217;l shakllarini o&#8217;zlashtirgandan so&#8217;ng, irland tilidagi zamonlarga chuqurroq kirib boring. Bu hozirgi odatiy, o&#8217;tmish, kelajak va shartli o&#8217;rtasidagi farqlarni tushunishni va ularning turli kontekstlarda b\u00ed va kopula bilan qanday ishlatilishini o&#8217;z ichiga oladi.<\/p>\n\n\n\n<h3 class=\"wp-block-heading\" id=\"h-7-tense-comparison\">7. Vaqtni taqqoslash:<\/h3>\n\n\n\n<p>Irland tilidagi zamonlarni taqqoslash voqealar ketma-ketligini tushunishga yordam beradi. Xuddi shu fe&#8217;lni turli xil zamonlarda solishtirish Irlandiya tilidan foydalanish va tomonlarini yaxshiroq tushunish imkonini beradi.<\/p>\n\n\n\n<h3 class=\"wp-block-heading\" id=\"h-8-progressive\">8. Progressiv:<\/h3>\n\n\n\n<p>Irland tilidagi progressiv davom etayotgan harakatlarni ifodalash uchun ishlatiladi. U b\u00ed fe&#8217;lidan keyin ag va og&#8217;zaki ot bilan yasaladi, masalan T\u00e1 m\u00e9 ag l\u00e9amh.<\/p>\n\n\n\n<h3 class=\"wp-block-heading\" id=\"h-9-perfect-progressive\">9. Mukammal progressiv:<\/h3>\n\n\n\n<p>Bu ma&#8217;lum bir nuqtaga qadar davom etgan harakatlarni ifodalash uchun ishlatiladi. Irland tilida u odatda b\u00ed plus tar \u00e9is a bheith ag va og&#8217;zaki ot yoki davomiylik uchun vaqt iboralari bilan ifodalanadi.<\/p>\n\n\n\n<h3 class=\"wp-block-heading\" id=\"h-10-conditionals\">10. Shartlar:<\/h3>\n\n\n\n<p>Shartlar faraziy vaziyatlarni va ularning mumkin bo&#8217;lgan natijalarini ifodalaydi. Ular Irlandiya grammatikasining muhim qismi bo&#8217;lib, haqiqiy sharoitlar uchun m\u00e1 va shartli gipotetiklar uchun d\u00e1 bilan naqshlardan foydalanadilar.<\/p>\n\n\n\n<h3 class=\"wp-block-heading\" id=\"h-11-adverbs\">11. Qo\u2018shimchalar:<\/h3>\n\n\n\n<p>Irland tilidagi qo&#8217;shimchalar fe&#8217;llarni, sifatlarni yoki boshqa qo&#8217;shimchalarni o&#8217;zgartiradi. Ularga sifatlar oldidan go qo`shilgan shakllar, shuningdek, ko`p to`plam, o`rin, vaqt va daraja qo`shimchalari kiradi.<\/p>\n\n\n\n<h3 class=\"wp-block-heading\" id=\"h-12-prepositions\">12. Old qo\u2018shimchalar:<\/h3>\n\n\n\n<p>Old qo\u2018shimchalar so\u2018z va iboralarni bir-biriga bog\u2018laydi. Irlandlar egalik, vaqt, joy va boshqalar munosabatlarini ifodalash uchun agam agat aige kabi old olmoshlardan foydalanadi.<\/p>\n\n\n\n<h3 class=\"wp-block-heading\" id=\"h-13-sentences\">13. Gaplar:<\/h3>\n\n\n\n<p>Nihoyat, jumlalar tuzishni mashq qiling. Bu kontekstda irlandcha so&#8217;z tartibi VSO, mutatsiya triggerlari va ikkala b\u00ed va kopuladan foydalanishni o&#8217;z ichiga oladi, shu bilan <a href=\"https:\/\/talkpal.ai\/uz\/irland-tilini-organing\/\">irland tilini<\/a> har tomonlama tushunishni ta&#8217;minlaydi.<\/p>\n<\/div><\/div>\n\r\n<section class=\"learnNavigationSection\">\r\n            \r\n        <a href=\"https:\/\/talkpal.ai\/uz\/irland-tilini-organing\/\">\r\n            <div class=\"learnNavigationWrapper\">\r\n                <div class=\"learnNavigationContent\">\r\n                    <img decoding=\"async\" src=\"https:\/\/talkpal.ai\/wp-content\/uploads\/2025\/11\/Irish.png\" alt=\"Irish Flag\">\r\n                    <div>\r\n                        <h4>Irlandiya o&#039;rganish haqida<\/h4>\r\n                        <p>Irish grammatikasi haqida hamma narsani bilib oling.<\/p>\r\n                    <\/div>\r\n                <\/div>\r\n            <\/div>\r\n        <\/a>\r\n\r\n        \r\n        <a href=\"https:\/\/talkpal.ai\/uz\/irlandiya-grammatikasi\/\">\r\n            <div class=\"learnNavigationWrapper\">\r\n                <div class=\"learnNavigationContent\">\r\n                    <img decoding=\"async\" src=\"https:\/\/talkpal.ai\/wp-content\/uploads\/2025\/11\/Irish.png\" alt=\"Irish Flag\">\r\n                    <div>\r\n                        <h4>Irlandiya grammatikasi darslari<\/h4>\r\n                        <p>Irlandiya grammatikasini mashq qiling.<\/p>\r\n                    <\/div>\r\n                <\/div>\r\n            <\/div>\r\n        <\/a>\r\n\r\n            <\/section>","protected":false},"excerpt":{"rendered":"<p>Irlandiya grammatikasi mavzulari Yangi tilni o&#8217;rganish qiyin, ammo foydali ish bo&#8217;lishi mumkin. Asosan Irlandiyada so&#8217;zlashadigan kelt tili bo&#8217;lgan irland tili ham bundan mustasno emas. O&#8217;zining noyob xususiyatlari va tuzilmalari bilan irland tilini o&#8217;rganish uning murakkab grammatikasini tushunish uchun tizimli yondashuvni talab qiladi. Ushbu qo\u02bbllanmada til o\u02bbrganish uchun mantiqiy ketma-ketlikda Irlandiya grammatikasining asosiy yo\u02bbnalishlari, ot va [&hellip;]<\/p>\n","protected":false},"author":20,"featured_media":0,"parent":0,"menu_order":0,"comment_status":"closed","ping_status":"closed","template":"LearningContentPage.php","meta":{"_acf_changed":false,"footnotes":""},"class_list":["post-1469165","page","type-page","status-publish","hentry"],"acf":[],"yoast_head":"<!-- This site is optimized with the Yoast SEO Premium plugin v27.2 (Yoast SEO v27.2) - https:\/\/yoast.com\/product\/yoast-seo-premium-wordpress\/ -->\n<title>Irlandiya grammatikasi mashqlari - Talkpal<\/title>\n<meta name=\"description\" content=\"O&#039;zingizga bo&#039;lgan ishonchni oshirish va tilni tezroq o&#039;rganishga yordam beradigan interaktiv mashqlar yordamida Irlandiya grammatikasini puxta o&#039;rganing.\" \/>\n<meta name=\"robots\" content=\"index, follow, max-snippet:-1, max-image-preview:large, max-video-preview:-1\" \/>\n<link rel=\"canonical\" href=\"https:\/\/talkpal.ai\/uz\/irlandiya-grammatikasi-mashqlari\/\" \/>\n<meta property=\"og:locale\" content=\"uz_UZ\" \/>\n<meta property=\"og:type\" content=\"article\" \/>\n<meta property=\"og:title\" content=\"Irlandiya grammatikasi mashqlari\" \/>\n<meta property=\"og:description\" content=\"Irlandiya grammatikasi mavzulari Yangi tilni o&#039;rganish qiyin, ammo foydali ish bo&#039;lishi mumkin. Asosan Irlandiyada so&#039;zlashadigan kelt tili bo&#039;lgan irland\" \/>\n<meta property=\"og:url\" content=\"https:\/\/talkpal.ai\/uz\/irlandiya-grammatikasi-mashqlari\/\" \/>\n<meta property=\"og:site_name\" content=\"Talkpal\" \/>\n<meta property=\"article:publisher\" content=\"https:\/\/www.facebook.com\/profile.php?id=100090733639311\" \/>\n<meta property=\"article:modified_time\" content=\"2025-12-30T14:31:32+00:00\" \/>\n<meta property=\"og:image\" content=\"https:\/\/talkpal.ai\/wp-content\/uploads\/2025\/02\/Progress-tab-16_9.png\" \/>\n\t<meta property=\"og:image:width\" content=\"2880\" \/>\n\t<meta property=\"og:image:height\" content=\"1620\" \/>\n\t<meta property=\"og:image:type\" content=\"image\/png\" \/>\n<meta name=\"twitter:card\" content=\"summary_large_image\" \/>\n<meta name=\"twitter:site\" content=\"@talkpalai\" \/>\n<meta name=\"twitter:label1\" content=\"Est. reading time\" \/>\n\t<meta name=\"twitter:data1\" content=\"2 daqiqa\" \/>\n<script type=\"application\/ld+json\" class=\"yoast-schema-graph\">{\"@context\":\"https:\/\/schema.org\",\"@graph\":[{\"@type\":\"WebPage\",\"@id\":\"https:\/\/talkpal.ai\/uz\/irlandiya-grammatikasi-mashqlari\/\",\"url\":\"https:\/\/talkpal.ai\/uz\/irlandiya-grammatikasi-mashqlari\/\",\"name\":\"Irlandiya grammatikasi mashqlari - Talkpal\",\"isPartOf\":{\"@id\":\"https:\/\/talkpal.ai\/uz\/#website\"},\"datePublished\":\"2025-11-12T09:53:34+00:00\",\"dateModified\":\"2025-12-30T14:31:32+00:00\",\"description\":\"O'zingizga bo'lgan ishonchni oshirish va tilni tezroq o'rganishga yordam beradigan interaktiv mashqlar yordamida Irlandiya grammatikasini puxta o'rganing.\",\"breadcrumb\":{\"@id\":\"https:\/\/talkpal.ai\/uz\/irlandiya-grammatikasi-mashqlari\/#breadcrumb\"},\"inLanguage\":\"uz-UZ\",\"potentialAction\":[{\"@type\":\"ReadAction\",\"target\":[\"https:\/\/talkpal.ai\/uz\/irlandiya-grammatikasi-mashqlari\/\"]}]},{\"@type\":\"BreadcrumbList\",\"@id\":\"https:\/\/talkpal.ai\/uz\/irlandiya-grammatikasi-mashqlari\/#breadcrumb\",\"itemListElement\":[{\"@type\":\"ListItem\",\"position\":1,\"name\":\"Homepage\",\"item\":\"https:\/\/talkpal.ai\/uz\/ai-til-oqituvchisi-3\/\"},{\"@type\":\"ListItem\",\"position\":2,\"name\":\"Irlandiya grammatikasi mashqlari\"}]},{\"@type\":\"WebSite\",\"@id\":\"https:\/\/talkpal.ai\/uz\/#website\",\"url\":\"https:\/\/talkpal.ai\/uz\/\",\"name\":\"Talkpal\",\"description\":\"AI Language Learning\",\"publisher\":{\"@id\":\"https:\/\/talkpal.ai\/uz\/#organization\"},\"alternateName\":\"Talkpal AI\",\"potentialAction\":[{\"@type\":\"SearchAction\",\"target\":{\"@type\":\"EntryPoint\",\"urlTemplate\":\"https:\/\/talkpal.ai\/uz\/?s={search_term_string}\"},\"query-input\":{\"@type\":\"PropertyValueSpecification\",\"valueRequired\":true,\"valueName\":\"search_term_string\"}}],\"inLanguage\":\"uz-UZ\"},{\"@type\":\"Organization\",\"@id\":\"https:\/\/talkpal.ai\/uz\/#organization\",\"name\":\"Talkpal, Inc.\",\"alternateName\":\"Talkpal AI\",\"url\":\"https:\/\/talkpal.ai\/uz\/\",\"logo\":{\"@type\":\"ImageObject\",\"inLanguage\":\"uz-UZ\",\"@id\":\"https:\/\/talkpal.ai\/uz\/#\/schema\/logo\/image\/\",\"url\":\"https:\/\/talkpal.ai\/wp-content\/uploads\/2024\/03\/Talkpal-Logo-Icon.png\",\"contentUrl\":\"https:\/\/talkpal.ai\/wp-content\/uploads\/2024\/03\/Talkpal-Logo-Icon.png\",\"width\":2880,\"height\":2880,\"caption\":\"Talkpal, Inc.\"},\"image\":{\"@id\":\"https:\/\/talkpal.ai\/uz\/#\/schema\/logo\/image\/\"},\"sameAs\":[\"https:\/\/www.facebook.com\/profile.php?id=100090733639311\",\"https:\/\/x.com\/talkpalai\",\"https:\/\/www.linkedin.com\/company\/talkpal\/\",\"https:\/\/www.youtube.com\/@TalkPal\/\",\"https:\/\/www.tiktok.com\/@talkpal\",\"https:\/\/www.instagram.com\/talkpal_ai\/\",\"https:\/\/www.crunchbase.com\/organization\/talkpal-9cde\",\"https:\/\/www.g2.com\/products\/talkpal-for-business\/\",\"https:\/\/www.trustpilot.com\/review\/talkpal.ai\",\"https:\/\/www.capterra.com\/p\/10006800\/TalkPal\/\"],\"description\":\"Talkpal is a language learning web and mobile education app, powered by the latest AI technologies, that provides engaging experiences to its customers in many different languages to help them improve their language skills. Users can chat about unlimited amount of topics with the app and use other modes to practice their language learning.\",\"email\":\"support@talkpal.ai\",\"legalName\":\"Talkpal, Inc.\",\"foundingDate\":\"2023-04-03\",\"duns\":\"118989042\",\"numberOfEmployees\":{\"@type\":\"QuantitativeValue\",\"minValue\":\"11\",\"maxValue\":\"50\"},\"publishingPrinciples\":\"https:\/\/talkpal.ai\/publishing-principles\/\",\"actionableFeedbackPolicy\":\"https:\/\/talkpal.ai\/actionable-feedback-policy\/\",\"correctionsPolicy\":\"https:\/\/talkpal.ai\/corrections-policy\/\",\"ethicsPolicy\":\"https:\/\/talkpal.ai\/ethics-policy\/\",\"diversityPolicy\":\"https:\/\/talkpal.ai\/diversity-policy\/\",\"diversityStaffingReport\":\"https:\/\/talkpal.ai\/diversity-policy\/\"}]}<\/script>\n<!-- \/ Yoast SEO Premium plugin. -->","yoast_head_json":{"title":"Irlandiya grammatikasi mashqlari - Talkpal","description":"O'zingizga bo'lgan ishonchni oshirish va tilni tezroq o'rganishga yordam beradigan interaktiv mashqlar yordamida Irlandiya grammatikasini puxta o'rganing.","robots":{"index":"index","follow":"follow","max-snippet":"max-snippet:-1","max-image-preview":"max-image-preview:large","max-video-preview":"max-video-preview:-1"},"canonical":"https:\/\/talkpal.ai\/uz\/irlandiya-grammatikasi-mashqlari\/","og_locale":"uz_UZ","og_type":"article","og_title":"Irlandiya grammatikasi mashqlari","og_description":"Irlandiya grammatikasi mavzulari Yangi tilni o'rganish qiyin, ammo foydali ish bo'lishi mumkin. Asosan Irlandiyada so'zlashadigan kelt tili bo'lgan irland","og_url":"https:\/\/talkpal.ai\/uz\/irlandiya-grammatikasi-mashqlari\/","og_site_name":"Talkpal","article_publisher":"https:\/\/www.facebook.com\/profile.php?id=100090733639311","article_modified_time":"2025-12-30T14:31:32+00:00","og_image":[{"width":2880,"height":1620,"url":"https:\/\/talkpal.ai\/wp-content\/uploads\/2025\/02\/Progress-tab-16_9.png","type":"image\/png"}],"twitter_card":"summary_large_image","twitter_site":"@talkpalai","twitter_misc":{"Est. reading time":"2 daqiqa"},"schema":{"@context":"https:\/\/schema.org","@graph":[{"@type":"WebPage","@id":"https:\/\/talkpal.ai\/uz\/irlandiya-grammatikasi-mashqlari\/","url":"https:\/\/talkpal.ai\/uz\/irlandiya-grammatikasi-mashqlari\/","name":"Irlandiya grammatikasi mashqlari - Talkpal","isPartOf":{"@id":"https:\/\/talkpal.ai\/uz\/#website"},"datePublished":"2025-11-12T09:53:34+00:00","dateModified":"2025-12-30T14:31:32+00:00","description":"O'zingizga bo'lgan ishonchni oshirish va tilni tezroq o'rganishga yordam beradigan interaktiv mashqlar yordamida Irlandiya grammatikasini puxta o'rganing.","breadcrumb":{"@id":"https:\/\/talkpal.ai\/uz\/irlandiya-grammatikasi-mashqlari\/#breadcrumb"},"inLanguage":"uz-UZ","potentialAction":[{"@type":"ReadAction","target":["https:\/\/talkpal.ai\/uz\/irlandiya-grammatikasi-mashqlari\/"]}]},{"@type":"BreadcrumbList","@id":"https:\/\/talkpal.ai\/uz\/irlandiya-grammatikasi-mashqlari\/#breadcrumb","itemListElement":[{"@type":"ListItem","position":1,"name":"Homepage","item":"https:\/\/talkpal.ai\/uz\/ai-til-oqituvchisi-3\/"},{"@type":"ListItem","position":2,"name":"Irlandiya grammatikasi mashqlari"}]},{"@type":"WebSite","@id":"https:\/\/talkpal.ai\/uz\/#website","url":"https:\/\/talkpal.ai\/uz\/","name":"Talkpal","description":"AI Language Learning","publisher":{"@id":"https:\/\/talkpal.ai\/uz\/#organization"},"alternateName":"Talkpal AI","potentialAction":[{"@type":"SearchAction","target":{"@type":"EntryPoint","urlTemplate":"https:\/\/talkpal.ai\/uz\/?s={search_term_string}"},"query-input":{"@type":"PropertyValueSpecification","valueRequired":true,"valueName":"search_term_string"}}],"inLanguage":"uz-UZ"},{"@type":"Organization","@id":"https:\/\/talkpal.ai\/uz\/#organization","name":"Talkpal, Inc.","alternateName":"Talkpal AI","url":"https:\/\/talkpal.ai\/uz\/","logo":{"@type":"ImageObject","inLanguage":"uz-UZ","@id":"https:\/\/talkpal.ai\/uz\/#\/schema\/logo\/image\/","url":"https:\/\/talkpal.ai\/wp-content\/uploads\/2024\/03\/Talkpal-Logo-Icon.png","contentUrl":"https:\/\/talkpal.ai\/wp-content\/uploads\/2024\/03\/Talkpal-Logo-Icon.png","width":2880,"height":2880,"caption":"Talkpal, Inc."},"image":{"@id":"https:\/\/talkpal.ai\/uz\/#\/schema\/logo\/image\/"},"sameAs":["https:\/\/www.facebook.com\/profile.php?id=100090733639311","https:\/\/x.com\/talkpalai","https:\/\/www.linkedin.com\/company\/talkpal\/","https:\/\/www.youtube.com\/@TalkPal\/","https:\/\/www.tiktok.com\/@talkpal","https:\/\/www.instagram.com\/talkpal_ai\/","https:\/\/www.crunchbase.com\/organization\/talkpal-9cde","https:\/\/www.g2.com\/products\/talkpal-for-business\/","https:\/\/www.trustpilot.com\/review\/talkpal.ai","https:\/\/www.capterra.com\/p\/10006800\/TalkPal\/"],"description":"Talkpal is a language learning web and mobile education app, powered by the latest AI technologies, that provides engaging experiences to its customers in many different languages to help them improve their language skills. Users can chat about unlimited amount of topics with the app and use other modes to practice their language learning.","email":"support@talkpal.ai","legalName":"Talkpal, Inc.","foundingDate":"2023-04-03","duns":"118989042","numberOfEmployees":{"@type":"QuantitativeValue","minValue":"11","maxValue":"50"},"publishingPrinciples":"https:\/\/talkpal.ai\/publishing-principles\/","actionableFeedbackPolicy":"https:\/\/talkpal.ai\/actionable-feedback-policy\/","correctionsPolicy":"https:\/\/talkpal.ai\/corrections-policy\/","ethicsPolicy":"https:\/\/talkpal.ai\/ethics-policy\/","diversityPolicy":"https:\/\/talkpal.ai\/diversity-policy\/","diversityStaffingReport":"https:\/\/talkpal.ai\/diversity-policy\/"}]}},"_links":{"self":[{"href":"https:\/\/talkpal.ai\/uz\/wp-json\/wp\/v2\/pages\/1469165","targetHints":{"allow":["GET"]}}],"collection":[{"href":"https:\/\/talkpal.ai\/uz\/wp-json\/wp\/v2\/pages"}],"about":[{"href":"https:\/\/talkpal.ai\/uz\/wp-json\/wp\/v2\/types\/page"}],"author":[{"embeddable":true,"href":"https:\/\/talkpal.ai\/uz\/wp-json\/wp\/v2\/users\/20"}],"replies":[{"embeddable":true,"href":"https:\/\/talkpal.ai\/uz\/wp-json\/wp\/v2\/comments?post=1469165"}],"version-history":[{"count":0,"href":"https:\/\/talkpal.ai\/uz\/wp-json\/wp\/v2\/pages\/1469165\/revisions"}],"wp:attachment":[{"href":"https:\/\/talkpal.ai\/uz\/wp-json\/wp\/v2\/media?parent=1469165"}],"curies":[{"name":"wp","href":"https:\/\/api.w.org\/{rel}","templated":true}]}}