{"id":1468653,"date":"2025-11-11T12:01:19","date_gmt":"2025-11-11T12:01:19","guid":{"rendered":"https:\/\/talkpal.ai\/alban-tili-grammatikasi\/"},"modified":"2025-12-30T15:33:47","modified_gmt":"2025-12-30T15:33:47","slug":"alban-tili-grammatikasi","status":"publish","type":"page","link":"https:\/\/talkpal.ai\/uz\/alban-tili-grammatikasi\/","title":{"rendered":"Alban tili grammatikasi"},"content":{"rendered":"\r\n\r\n\r\n<section class=\"languageChallengeSection\">\r\n    <div class=\"languageInfoWrapper\">\r\n        \r\n        <h1>Alban tili grammatikasi<\/h1>\r\n        <p><a href=\"https:\/\/talkpal.ai\/learn-albanian\/\">Alban<\/a> tili grammatikasi dastlab qiyin bo&#039;lib tuyulishi mumkin, ammo uning o&#039;ziga xos xususiyatlari tilni o&#039;rganishni foydali tajribaga aylantiradi. Uning alifbosi, mutatsiyalari va grammatika qoidalarini o&#039;rganish orqali siz boy til an&#039;analari haqida tushunchaga ega bo&#039;lasiz. Sayohatingizni boshlang va alban tilining go&#039;zalligini kashf eting!<\/p>\r\n\r\n                            <a class=\"getStartedHidden\" href=\"https:\/\/app.talkpal.ai\/uz\/signup?lng=\">Boshlang<\/a>\r\n        \r\n    <\/div>\r\n\r\n    <figure>\r\n    <img decoding=\"async\" width=\"768\" height=\"768\" src=\"https:\/\/talkpal.ai\/wp-content\/uploads\/2023\/06\/welsh-768x768.png\" class=\"languageImage no-lazy\" alt=\"Language learning for better cognitive abilities\" fetchpriority=\"high\" sizes=\"(max-width: 768px) 150px, 768px\" srcset=\"https:\/\/talkpal.ai\/wp-content\/uploads\/2023\/06\/welsh-768x768.png 768w, https:\/\/talkpal.ai\/wp-content\/uploads\/2023\/06\/welsh-300x300.png 300w\" \/>\r\n    \r\n\r\n    <\/figure>\r\n\r\n            <a class=\"getStartedVisible\" href=\"https:\/\/app.talkpal.ai\/uz\/signup?lng=\">Boshlang<\/a>\r\n    \r\n<\/section><section class=\"promotionalBanner\">\r\n    <p class=\"promotionalText\">Til o&#8217;rganishning eng samarali usuli<\/p>\r\n    <a class=\"promotionalLink\" href=\"https:\/\/app.talkpal.ai\/uz\/signup?lng=\">Talkpal-ni bepul sinab ko&#8217;ring<\/a>\r\n<\/section>\n<div class=\"wp-block-group pageContainerStyle\"><div class=\"wp-block-group__inner-container is-layout-constrained wp-block-group-is-layout-constrained\">\n<h2 class=\"wp-block-heading\" id=\"h-navigating-the-intricacies-of-albanian-grammar\">Alban tili grammatikasining nozik tomonlarini o&#8217;rganish<\/h2>\n\n\n\n<p><a href=\"https:\/\/talkpal.ai\/uz\/alban-tilini-organing\/\">Alban tili<\/a> , alohida tarmoqqa va chuqur madaniy ildizlarga ega bo&#8217;lgan hind-evropa tili, o&#8217;zining noyob grammatikasi va tovush tizimiga qiziqqan o&#8217;quvchilar uchun foydali sayohatni taklif qiladi. Alban tilini o&#8217;rganganingizda, Albaniya madaniyati va keng alban tilida so&#8217;zlashuvchi dunyo bilan bog&#8217;lanib, lingvistik vositalar to&#8217;plamini kengaytirasiz. <a href=\"https:\/\/talkpal.ai\/albanian-grammar\/\">Alban tili grammatikasi<\/a> dastlab murakkab ko&#8217;rinishi mumkin, ammo uni asosiy qismlarga ajratish taraqqiyotni osonlashtiradi. Quyida asosiy narsalarga yo&#8217;naltirilgan qo&#8217;llanma, ularni o&#8217;zlashtirishingizga yordam beradigan maslahatlar mavjud.<\/p>\n\n\n\n<h3 class=\"wp-block-heading\" id=\"h-1-albanian-alphabet-and-phonetics\">1. Alban alifbosi va fonetikasi<\/h3>\n\n\n\n<p>Alban alifbosida 36 ta harf <a href=\"https:\/\/talkpal.ai\/locations\/language-courses-in-bor\/\">bor<\/a>, ulardan bir nechtasi digraf sifatida yoziladi, lekin bitta harf sifatida hisoblanadi, masalan, dh, gj, ll, nj, rr, sh, th, xh, zh. Unda \u00e7 va \u00eb ham ishlatiladi va y unlisi yaqin oldingi yumaloq tovushni ifodalaydi. R va rr o&#8217;rtasidagi kontrast mazmunli, q va gj esa k va g dan farq qiluvchi palatal to&#8217;xtash joylari. Ovozli o&#8217;qish va tinglash amaliyoti orqali ushbu tovushlar va harflar bilan qulay bo&#8217;lish birinchi asosiy qadamdir.<\/p>\n\n\n\n<h3 class=\"wp-block-heading\" id=\"h-2-definite-articles-and-linkers-a-distinctive-albanian-feature\">2. Aniq artikl va bog\u2018lovchilar: Alban tilining o\u2018ziga xos xususiyati<\/h3>\n\n\n\n<p>Alban tilining o&#8217;ziga xos belgisi &#8211; bu otlarga qo&#8217;shiladigan va jinsi va soniga qarab o&#8217;zgarib turadigan aniqlovchi qo&#8217;shimchasi. Yana bir e&#8217;tiborga molik xususiyat &#8211; ot so&#8217;z birikmasidagi bog&#8217;lovchi zarra, odatda noaniq ma&#8217;noda i yoki e, aniq va hol kontekstlarida t\u00eb yoki s\u00eb, sifatlar va ba&#8217;zi o&#8217;zgartiruvchilardan oldin ishlatiladi. Aniqlik va bog&#8217;lovchining qachon va qanday paydo bo&#8217;lishini tushunish alban tilida to&#8217;g&#8217;ri muloqot qilish uchun juda muhimdir.<\/p>\n\n\n\n<h3 class=\"wp-block-heading\" id=\"h-3-nouns-and-pronouns-gender-and-cases\">3. Ot va olmoshlar: jins va holatlar<\/h3>\n\n\n\n<p>Alban otlari <a href=\"https:\/\/talkpal.ai\/fr\/les\/\">grammatik<\/a> jinsga (erkak yoki ayol) ega va turli ko&#8217;plik shakllanish shakllariga amal qiladi. Til ot so&#8217;z birikmasidagi holatlar munosabatlarini belgilaydi, an&#8217;anaviy ravishda standart tilda beshta holat. Olmoshlarga shaxs, ega, refleksiv, ko\u2018rsatish va so\u2018roq shakllari, shuningdek, fe\u2019lga bog\u2018langan ob\u2019yekt klitikasi kiradi. Bu olmoshlar va ularning joylashuvi bilan tanishish alban tili grammatikasini tushunishingizni sezilarli darajada oshiradi.<\/p>\n\n\n\n<h3 class=\"wp-block-heading\" id=\"h-4-verbs-structure-and-conjugation\">4. Fe\u2019llar: tuzilishi va kelishik<\/h3>\n\n\n\n<p>Alban fe&#8217;llari zamon, kayfiyat va shaxsga qarab alohida tuzilish va konjugatsiya naqshiga ega. Muhim zamonlar hozirgi, sodda o\u2018tmish, nomukammal va mukammal qo\u2018shma zamonni o\u2018z ichiga oladi, kelajagi bilan birga do t\u00eb qo\u2018shimchasi bilan hosil bo\u2018ladi. Alban tili ham tobedan keng foydalanadi, shart mayli va buyruq maylini o\u02bbz ichiga oladi. Umumiy fe&#8217;llar uchun konjugatsiya qoidalarini o&#8217;rganish alban tilida samarali muloqot qilish qobiliyatingizni yaxshilaydi.<\/p>\n\n\n\n<h3 class=\"wp-block-heading\" id=\"h-5-adjectives-agreement-and-placement\">5. Sifatlar: Kelishuv va joylashtirish<\/h3>\n\n\n\n<p>Alban tili grammatikasida sifatlar odatda o&#8217;zgartiradigan otga ergashadi va jins va sonni ko&#8217;rsatadigan bog&#8217;lovchi zarracha orqali kelishiladi. Ba\u02bczi sifatlar tartibsiz qiyosiy va ustun qoliplarga ega bo\u02bblib, qiyosiy so\u02bbzlar ko\u02bbpincha m\u00eb va sifatdoshdan foydalanadi, ustun qo\u02bbshimchalar esa kelishilgan artiklni qo\u02bbshadi. Kelishuv va joylashtirishni o&#8217;zlashtirish sizga tabiiy bo&#8217;lishga yordam beradi.<\/p>\n\n\n\n<p><strong>Misollar:<\/strong><\/p>\n\n\n\n<p><strong>&#8211; dashuri e madhe (katta sevgi)<\/strong><\/p>\n\n\n\n<p><strong>\u2013 f\u00ebmij\u00eb t\u00eb vegj\u00ebl (kichik bolalar)<\/strong><\/p>\n\n\n\n<h3 class=\"wp-block-heading\" id=\"h-6-engaging-with-the-language\">6. Til bilan shug&#8217;ullanish<\/h3>\n\n\n\n<p>Alban tili grammatikasini to&#8217;liq tushunish va o&#8217;zlashtirishning eng samarali usuli bu til bilan doimiy ravishda shug&#8217;ullanishdir. Alban adabiyotini o&#8217;qish, alban filmlari yoki teleseriallarini tomosha qilish, yangiliklar va podkastlarni kuzatish va ona tilida so&#8217;zlashuvchilar bilan faol muloqot qilish orqali siz grammatikani tushunishingizni mustahkamlaysiz va so&#8217;z boyligingizni kengaytirasiz.<\/p>\n\n\n\n<h3 class=\"wp-block-heading\" id=\"h-conclusion\">Xulosa<\/h3>\n\n\n\n<p>Alban tili grammatikasi murakkab ko&#8217;rinishiga qaramay, siz fidoyilik, amaliyot va ishtiyoq bilan ushbu go&#8217;zal tilni yaxshi bilishingiz mumkin. Asosiy qoidalarga e&#8217;tibor qaratish va turli kontekstlarda til bilan shug&#8217;ullanish orqali siz alban tili <a href=\"https:\/\/talkpal.ai\/uz\/grammatika\/\">grammatika ko&#8217;nikmalaringizni<\/a> tezda oshirasiz. Suksese bilan alban tiliga sayohat qiling va alban grammatikasining ifodali va jozibali dunyosini ochishdan zavqlaning.<\/p>\n<\/div><\/div>\n\r\n<section class=\"learnNavigationSection\">\r\n            \r\n        <a href=\"https:\/\/talkpal.ai\/uz\/alban-tilini-organing\/\">\r\n            <div class=\"learnNavigationWrapper\">\r\n                <div class=\"learnNavigationContent\">\r\n                    <img decoding=\"async\" src=\"https:\/\/talkpal.ai\/wp-content\/uploads\/2025\/11\/Albanian.png\" alt=\"Albanian Flag\">\r\n                    <div>\r\n                        <h4>Alban tilini o&#039;rganish haqida<\/h4>\r\n                        <p>Alban tili grammatikasi haqida hamma narsani bilib oling.<\/p>\r\n                    <\/div>\r\n                <\/div>\r\n            <\/div>\r\n        <\/a>\r\n\r\n        \r\n        <a href=\"https:\/\/talkpal.ai\/uz\/alban-tili-grammatikasi-mashqlari\/\">\r\n            <div class=\"learnNavigationWrapper\">\r\n                <div class=\"learnNavigationContent\">\r\n                    <img decoding=\"async\" src=\"https:\/\/talkpal.ai\/wp-content\/uploads\/2025\/11\/Albanian.png\" alt=\"Albanian Flag\">\r\n                    <div>\r\n                        <h4>Alban tili grammatikasi bo&#039;yicha mashq<\/h4>\r\n                        <p>Alban tili grammatikasini mashq qiling.<\/p>\r\n                    <\/div>\r\n                <\/div>\r\n            <\/div>\r\n        <\/a>\r\n\r\n            <\/section>","protected":false},"excerpt":{"rendered":"<p>Alban tili grammatikasining nozik tomonlarini o&#8217;rganish Alban tili , alohida tarmoqqa va chuqur madaniy ildizlarga ega bo&#8217;lgan hind-evropa tili, o&#8217;zining noyob grammatikasi va tovush tizimiga qiziqqan o&#8217;quvchilar uchun foydali sayohatni taklif qiladi. Alban tilini o&#8217;rganganingizda, Albaniya madaniyati va keng alban tilida so&#8217;zlashuvchi dunyo bilan bog&#8217;lanib, lingvistik vositalar to&#8217;plamini kengaytirasiz. Alban tili grammatikasi dastlab murakkab ko&#8217;rinishi [&hellip;]<\/p>\n","protected":false},"author":20,"featured_media":0,"parent":0,"menu_order":0,"comment_status":"closed","ping_status":"closed","template":"LearningContentPage.php","meta":{"_acf_changed":false,"footnotes":""},"class_list":["post-1468653","page","type-page","status-publish","hentry"],"acf":[],"yoast_head":"<!-- This site is optimized with the Yoast SEO Premium plugin v27.2 (Yoast SEO v27.2) - https:\/\/yoast.com\/product\/yoast-seo-premium-wordpress\/ -->\n<title>Alban tili grammatikasi - Talkpal<\/title>\n<meta name=\"description\" content=\"Talkpal\u2019ning interaktiv AI til o\u2018rganish qo\u2018llanmasi yordamida alban tili grammatikasining asoslarini, jumladan, hol va fe\u2019llarni o\u2018zlashtiring.\" \/>\n<meta name=\"robots\" content=\"index, follow, max-snippet:-1, max-image-preview:large, max-video-preview:-1\" \/>\n<link rel=\"canonical\" href=\"https:\/\/talkpal.ai\/uz\/alban-tili-grammatikasi\/\" \/>\n<meta property=\"og:locale\" content=\"uz_UZ\" \/>\n<meta property=\"og:type\" content=\"article\" \/>\n<meta property=\"og:title\" content=\"Alban tili grammatikasi\" \/>\n<meta property=\"og:description\" content=\"Alban tili grammatikasining nozik tomonlarini o&#039;rganish Alban tili , alohida tarmoqqa va chuqur madaniy ildizlarga ega bo&#039;lgan hind-evropa tili, o&#039;zining\" \/>\n<meta property=\"og:url\" content=\"https:\/\/talkpal.ai\/uz\/alban-tili-grammatikasi\/\" \/>\n<meta property=\"og:site_name\" content=\"Talkpal\" \/>\n<meta property=\"article:publisher\" content=\"https:\/\/www.facebook.com\/profile.php?id=100090733639311\" \/>\n<meta property=\"article:modified_time\" content=\"2025-12-30T15:33:47+00:00\" \/>\n<meta property=\"og:image\" content=\"https:\/\/talkpal.ai\/wp-content\/uploads\/2025\/02\/Progress-tab-16_9.png\" \/>\n\t<meta property=\"og:image:width\" content=\"2880\" \/>\n\t<meta property=\"og:image:height\" content=\"1620\" \/>\n\t<meta property=\"og:image:type\" content=\"image\/png\" \/>\n<meta name=\"twitter:card\" content=\"summary_large_image\" \/>\n<meta name=\"twitter:site\" content=\"@talkpalai\" \/>\n<meta name=\"twitter:label1\" content=\"Est. reading time\" \/>\n\t<meta name=\"twitter:data1\" content=\"3 daqiqa\" \/>\n<script type=\"application\/ld+json\" class=\"yoast-schema-graph\">{\"@context\":\"https:\/\/schema.org\",\"@graph\":[{\"@type\":\"WebPage\",\"@id\":\"https:\/\/talkpal.ai\/uz\/alban-tili-grammatikasi\/\",\"url\":\"https:\/\/talkpal.ai\/uz\/alban-tili-grammatikasi\/\",\"name\":\"Alban tili grammatikasi - Talkpal\",\"isPartOf\":{\"@id\":\"https:\/\/talkpal.ai\/uz\/#website\"},\"datePublished\":\"2025-11-11T12:01:19+00:00\",\"dateModified\":\"2025-12-30T15:33:47+00:00\",\"description\":\"Talkpal\u2019ning interaktiv AI til o\u2018rganish qo\u2018llanmasi yordamida alban tili grammatikasining asoslarini, jumladan, hol va fe\u2019llarni o\u2018zlashtiring.\",\"breadcrumb\":{\"@id\":\"https:\/\/talkpal.ai\/uz\/alban-tili-grammatikasi\/#breadcrumb\"},\"inLanguage\":\"uz-UZ\",\"potentialAction\":[{\"@type\":\"ReadAction\",\"target\":[\"https:\/\/talkpal.ai\/uz\/alban-tili-grammatikasi\/\"]}]},{\"@type\":\"BreadcrumbList\",\"@id\":\"https:\/\/talkpal.ai\/uz\/alban-tili-grammatikasi\/#breadcrumb\",\"itemListElement\":[{\"@type\":\"ListItem\",\"position\":1,\"name\":\"Homepage\",\"item\":\"https:\/\/talkpal.ai\/uz\/ai-til-oqituvchisi-3\/\"},{\"@type\":\"ListItem\",\"position\":2,\"name\":\"Alban tili grammatikasi\"}]},{\"@type\":\"WebSite\",\"@id\":\"https:\/\/talkpal.ai\/uz\/#website\",\"url\":\"https:\/\/talkpal.ai\/uz\/\",\"name\":\"Talkpal\",\"description\":\"AI Language Learning\",\"publisher\":{\"@id\":\"https:\/\/talkpal.ai\/uz\/#organization\"},\"alternateName\":\"Talkpal AI\",\"potentialAction\":[{\"@type\":\"SearchAction\",\"target\":{\"@type\":\"EntryPoint\",\"urlTemplate\":\"https:\/\/talkpal.ai\/uz\/?s={search_term_string}\"},\"query-input\":{\"@type\":\"PropertyValueSpecification\",\"valueRequired\":true,\"valueName\":\"search_term_string\"}}],\"inLanguage\":\"uz-UZ\"},{\"@type\":\"Organization\",\"@id\":\"https:\/\/talkpal.ai\/uz\/#organization\",\"name\":\"Talkpal, Inc.\",\"alternateName\":\"Talkpal AI\",\"url\":\"https:\/\/talkpal.ai\/uz\/\",\"logo\":{\"@type\":\"ImageObject\",\"inLanguage\":\"uz-UZ\",\"@id\":\"https:\/\/talkpal.ai\/uz\/#\/schema\/logo\/image\/\",\"url\":\"https:\/\/talkpal.ai\/wp-content\/uploads\/2024\/03\/Talkpal-Logo-Icon.png\",\"contentUrl\":\"https:\/\/talkpal.ai\/wp-content\/uploads\/2024\/03\/Talkpal-Logo-Icon.png\",\"width\":2880,\"height\":2880,\"caption\":\"Talkpal, Inc.\"},\"image\":{\"@id\":\"https:\/\/talkpal.ai\/uz\/#\/schema\/logo\/image\/\"},\"sameAs\":[\"https:\/\/www.facebook.com\/profile.php?id=100090733639311\",\"https:\/\/x.com\/talkpalai\",\"https:\/\/www.linkedin.com\/company\/talkpal\/\",\"https:\/\/www.youtube.com\/@TalkPal\/\",\"https:\/\/www.tiktok.com\/@talkpal\",\"https:\/\/www.instagram.com\/talkpal_ai\/\",\"https:\/\/www.crunchbase.com\/organization\/talkpal-9cde\",\"https:\/\/www.g2.com\/products\/talkpal-for-business\/\",\"https:\/\/www.trustpilot.com\/review\/talkpal.ai\",\"https:\/\/www.capterra.com\/p\/10006800\/TalkPal\/\"],\"description\":\"Talkpal is a language learning web and mobile education app, powered by the latest AI technologies, that provides engaging experiences to its customers in many different languages to help them improve their language skills. Users can chat about unlimited amount of topics with the app and use other modes to practice their language learning.\",\"email\":\"support@talkpal.ai\",\"legalName\":\"Talkpal, Inc.\",\"foundingDate\":\"2023-04-03\",\"duns\":\"118989042\",\"numberOfEmployees\":{\"@type\":\"QuantitativeValue\",\"minValue\":\"11\",\"maxValue\":\"50\"},\"publishingPrinciples\":\"https:\/\/talkpal.ai\/publishing-principles\/\",\"actionableFeedbackPolicy\":\"https:\/\/talkpal.ai\/actionable-feedback-policy\/\",\"correctionsPolicy\":\"https:\/\/talkpal.ai\/corrections-policy\/\",\"ethicsPolicy\":\"https:\/\/talkpal.ai\/ethics-policy\/\",\"diversityPolicy\":\"https:\/\/talkpal.ai\/diversity-policy\/\",\"diversityStaffingReport\":\"https:\/\/talkpal.ai\/diversity-policy\/\"}]}<\/script>\n<!-- \/ Yoast SEO Premium plugin. -->","yoast_head_json":{"title":"Alban tili grammatikasi - Talkpal","description":"Talkpal\u2019ning interaktiv AI til o\u2018rganish qo\u2018llanmasi yordamida alban tili grammatikasining asoslarini, jumladan, hol va fe\u2019llarni o\u2018zlashtiring.","robots":{"index":"index","follow":"follow","max-snippet":"max-snippet:-1","max-image-preview":"max-image-preview:large","max-video-preview":"max-video-preview:-1"},"canonical":"https:\/\/talkpal.ai\/uz\/alban-tili-grammatikasi\/","og_locale":"uz_UZ","og_type":"article","og_title":"Alban tili grammatikasi","og_description":"Alban tili grammatikasining nozik tomonlarini o'rganish Alban tili , alohida tarmoqqa va chuqur madaniy ildizlarga ega bo'lgan hind-evropa tili, o'zining","og_url":"https:\/\/talkpal.ai\/uz\/alban-tili-grammatikasi\/","og_site_name":"Talkpal","article_publisher":"https:\/\/www.facebook.com\/profile.php?id=100090733639311","article_modified_time":"2025-12-30T15:33:47+00:00","og_image":[{"width":2880,"height":1620,"url":"https:\/\/talkpal.ai\/wp-content\/uploads\/2025\/02\/Progress-tab-16_9.png","type":"image\/png"}],"twitter_card":"summary_large_image","twitter_site":"@talkpalai","twitter_misc":{"Est. reading time":"3 daqiqa"},"schema":{"@context":"https:\/\/schema.org","@graph":[{"@type":"WebPage","@id":"https:\/\/talkpal.ai\/uz\/alban-tili-grammatikasi\/","url":"https:\/\/talkpal.ai\/uz\/alban-tili-grammatikasi\/","name":"Alban tili grammatikasi - Talkpal","isPartOf":{"@id":"https:\/\/talkpal.ai\/uz\/#website"},"datePublished":"2025-11-11T12:01:19+00:00","dateModified":"2025-12-30T15:33:47+00:00","description":"Talkpal\u2019ning interaktiv AI til o\u2018rganish qo\u2018llanmasi yordamida alban tili grammatikasining asoslarini, jumladan, hol va fe\u2019llarni o\u2018zlashtiring.","breadcrumb":{"@id":"https:\/\/talkpal.ai\/uz\/alban-tili-grammatikasi\/#breadcrumb"},"inLanguage":"uz-UZ","potentialAction":[{"@type":"ReadAction","target":["https:\/\/talkpal.ai\/uz\/alban-tili-grammatikasi\/"]}]},{"@type":"BreadcrumbList","@id":"https:\/\/talkpal.ai\/uz\/alban-tili-grammatikasi\/#breadcrumb","itemListElement":[{"@type":"ListItem","position":1,"name":"Homepage","item":"https:\/\/talkpal.ai\/uz\/ai-til-oqituvchisi-3\/"},{"@type":"ListItem","position":2,"name":"Alban tili grammatikasi"}]},{"@type":"WebSite","@id":"https:\/\/talkpal.ai\/uz\/#website","url":"https:\/\/talkpal.ai\/uz\/","name":"Talkpal","description":"AI Language Learning","publisher":{"@id":"https:\/\/talkpal.ai\/uz\/#organization"},"alternateName":"Talkpal AI","potentialAction":[{"@type":"SearchAction","target":{"@type":"EntryPoint","urlTemplate":"https:\/\/talkpal.ai\/uz\/?s={search_term_string}"},"query-input":{"@type":"PropertyValueSpecification","valueRequired":true,"valueName":"search_term_string"}}],"inLanguage":"uz-UZ"},{"@type":"Organization","@id":"https:\/\/talkpal.ai\/uz\/#organization","name":"Talkpal, Inc.","alternateName":"Talkpal AI","url":"https:\/\/talkpal.ai\/uz\/","logo":{"@type":"ImageObject","inLanguage":"uz-UZ","@id":"https:\/\/talkpal.ai\/uz\/#\/schema\/logo\/image\/","url":"https:\/\/talkpal.ai\/wp-content\/uploads\/2024\/03\/Talkpal-Logo-Icon.png","contentUrl":"https:\/\/talkpal.ai\/wp-content\/uploads\/2024\/03\/Talkpal-Logo-Icon.png","width":2880,"height":2880,"caption":"Talkpal, Inc."},"image":{"@id":"https:\/\/talkpal.ai\/uz\/#\/schema\/logo\/image\/"},"sameAs":["https:\/\/www.facebook.com\/profile.php?id=100090733639311","https:\/\/x.com\/talkpalai","https:\/\/www.linkedin.com\/company\/talkpal\/","https:\/\/www.youtube.com\/@TalkPal\/","https:\/\/www.tiktok.com\/@talkpal","https:\/\/www.instagram.com\/talkpal_ai\/","https:\/\/www.crunchbase.com\/organization\/talkpal-9cde","https:\/\/www.g2.com\/products\/talkpal-for-business\/","https:\/\/www.trustpilot.com\/review\/talkpal.ai","https:\/\/www.capterra.com\/p\/10006800\/TalkPal\/"],"description":"Talkpal is a language learning web and mobile education app, powered by the latest AI technologies, that provides engaging experiences to its customers in many different languages to help them improve their language skills. Users can chat about unlimited amount of topics with the app and use other modes to practice their language learning.","email":"support@talkpal.ai","legalName":"Talkpal, Inc.","foundingDate":"2023-04-03","duns":"118989042","numberOfEmployees":{"@type":"QuantitativeValue","minValue":"11","maxValue":"50"},"publishingPrinciples":"https:\/\/talkpal.ai\/publishing-principles\/","actionableFeedbackPolicy":"https:\/\/talkpal.ai\/actionable-feedback-policy\/","correctionsPolicy":"https:\/\/talkpal.ai\/corrections-policy\/","ethicsPolicy":"https:\/\/talkpal.ai\/ethics-policy\/","diversityPolicy":"https:\/\/talkpal.ai\/diversity-policy\/","diversityStaffingReport":"https:\/\/talkpal.ai\/diversity-policy\/"}]}},"_links":{"self":[{"href":"https:\/\/talkpal.ai\/uz\/wp-json\/wp\/v2\/pages\/1468653","targetHints":{"allow":["GET"]}}],"collection":[{"href":"https:\/\/talkpal.ai\/uz\/wp-json\/wp\/v2\/pages"}],"about":[{"href":"https:\/\/talkpal.ai\/uz\/wp-json\/wp\/v2\/types\/page"}],"author":[{"embeddable":true,"href":"https:\/\/talkpal.ai\/uz\/wp-json\/wp\/v2\/users\/20"}],"replies":[{"embeddable":true,"href":"https:\/\/talkpal.ai\/uz\/wp-json\/wp\/v2\/comments?post=1468653"}],"version-history":[{"count":0,"href":"https:\/\/talkpal.ai\/uz\/wp-json\/wp\/v2\/pages\/1468653\/revisions"}],"wp:attachment":[{"href":"https:\/\/talkpal.ai\/uz\/wp-json\/wp\/v2\/media?parent=1468653"}],"curies":[{"name":"wp","href":"https:\/\/api.w.org\/{rel}","templated":true}]}}