{"id":1468502,"date":"2025-11-12T16:44:57","date_gmt":"2025-11-12T16:44:57","guid":{"rendered":"https:\/\/talkpal.ai\/sinhala-grammatikasi\/"},"modified":"2025-12-30T11:17:33","modified_gmt":"2025-12-30T11:17:33","slug":"sinhala-grammatikasi","status":"publish","type":"page","link":"https:\/\/talkpal.ai\/uz\/sinhala-grammatikasi\/","title":{"rendered":"Sinhala grammatikasi"},"content":{"rendered":"\r\n\r\n\r\n<section class=\"languageChallengeSection\">\r\n    <div class=\"languageInfoWrapper\">\r\n        \r\n        <h1>Sinhala grammatikasi<\/h1>\r\n        <p><a href=\"https:\/\/talkpal.ai\/learn-sinhala\/\">Sinhala<\/a> grammatikasi dastlab qiyin bo&#039;lib tuyulishi mumkin, ammo uning o&#039;ziga xos xususiyatlari tilni o&#039;rganishni foydali tajribaga aylantiradi. Uning alifbosi, mutatsiyalari va <a href=\"https:\/\/talkpal.ai\/greek-grammar\/\">grammatika<\/a> qoidalarini o&#039;rganish orqali siz boy til an&#039;analari haqida tushunchaga ega bo&#039;lasiz. Sayohatingizni boshlang va Sinhala go&#039;zalligini kashf eting!<\/p>\r\n\r\n                            <a class=\"getStartedHidden\" href=\"https:\/\/app.talkpal.ai\/uz\/signup?lng=\">Boshlang<\/a>\r\n        \r\n    <\/div>\r\n\r\n    <figure>\r\n    <img decoding=\"async\" width=\"768\" height=\"768\" src=\"https:\/\/talkpal.ai\/wp-content\/uploads\/2023\/06\/welsh-768x768.png\" class=\"languageImage no-lazy\" alt=\"Language learning for better cognitive abilities\" fetchpriority=\"high\" sizes=\"(max-width: 768px) 150px, 768px\" srcset=\"https:\/\/talkpal.ai\/wp-content\/uploads\/2023\/06\/welsh-768x768.png 768w, https:\/\/talkpal.ai\/wp-content\/uploads\/2023\/06\/welsh-300x300.png 300w\" \/>\r\n    \r\n\r\n    <\/figure>\r\n\r\n            <a class=\"getStartedVisible\" href=\"https:\/\/app.talkpal.ai\/uz\/signup?lng=\">Boshlang<\/a>\r\n    \r\n<\/section><section class=\"promotionalBanner\">\r\n    <p class=\"promotionalText\">Til o&#8217;rganishning eng samarali usuli<\/p>\r\n    <a class=\"promotionalLink\" href=\"https:\/\/app.talkpal.ai\/uz\/signup?lng=\">Talkpal-ni bepul sinab ko&#8217;ring<\/a>\r\n<\/section>\n<div class=\"wp-block-group pageContainerStyle\"><div class=\"wp-block-group__inner-container is-layout-constrained wp-block-group-is-layout-constrained\">\n<h2 class=\"wp-block-heading\" id=\"h-navigating-the-intricacies-of-sinhala-grammar\">Sinhala grammatikasining nozik tomonlarini navigatsiya qilish<\/h2>\n\n\n\n<p>Shri-Lankaning boy tarix va madaniy ahamiyatga ega bo&#8217;lgan hind-aryan tili bo&#8217;lgan <a href=\"https:\/\/talkpal.ai\/uz\/sinhala-tilini-organing\/\">sinhala<\/a> o&#8217;zining noyob grammatika tizimini o&#8217;rganishni istaganlar uchun qiziqarli lingvistik tajribani taqdim etadi. Sinhala olamiga kirib borar ekansiz, nafaqat til repertuaringizni boyitibgina qolmay, balki qiziqarli madaniy sayohatni ham qabul qilasiz. <a href=\"https:\/\/talkpal.ai\/sinhala-grammar\/\">Sinhala grammatikasi<\/a> dastlab murakkab ko&#8217;rinishi mumkin bo&#8217;lsa-da, uni asosiy qismlarga ajratish tilni o&#8217;rganishni yanada qulayroq qiladi. Ushbu maqolada biz Sinhala grammatikasining jozibali dunyosini o&#8217;rganamiz va uning murakkabliklarini qanday o&#8217;zlashtirish bo&#8217;yicha maslahatlar beramiz.<\/p>\n\n\n\n<h3 class=\"wp-block-heading\" id=\"h-1-sinhala-alphabet-and-phonetics\">1. Sinhala alifbosi va fonetikasi<\/h3>\n\n\n\n<p>Sinhala yozuv tizimi o&#8217;ziga xos undosh va unli tovushlarga ega bo&#8217;lgan abugida bo&#8217;lib, chapdan o&#8217;ngga yoziladi. Undosh tovushlar diakritiklar bilan o&#8217;zgartirilgan o&#8217;ziga xos unli tovushni olib yuradi va skriptda rakaransaya va yansaya kabi o&#8217;ziga xos elementlar, shuningdek, tilga xos bo&#8217;lgan prenazallashgan va retrofleks undoshlar mavjud. Sinhala grammatikasini <a href=\"https:\/\/talkpal.ai\/uz\/til-organish-uchun-ai-chatbot\/\">o&#8217;rganish uchun<\/a> Sinhala tilida o&#8217;qish va yozishni mashq qilish orqali ushbu o&#8217;ziga xos yozuv tizimi bilan tanishish juda muhimdir.<\/p>\n\n\n\n<h3 class=\"wp-block-heading\" id=\"h-2-mutations-a-peculiar-sinhala-feature\">2. Mutatsiyalar: Sinhalaning o&#8217;ziga xos xususiyati<\/h3>\n\n\n\n<p>Sinhala boshlang&#8217;ich undosh mutatsiyalardan foydalanmaydi. Buning o&#8217;rniga, diqqatga sazovor xususiyat fonologik sandxi va assimilyatsiya, shu jumladan morfema va so&#8217;z chegaralari bo&#8217;ylab unlilarning birlashishi va undosh geminatsiyasi. Shuningdek, siz sinhal tilida talaffuz va ritmga ta&#8217;sir qiluvchi qo&#8217;shma harflar va tizimli almashuvlarga duch kelasiz. Ushbu tovush o&#8217;zgarishlari qachon va qanday sodir bo&#8217;lishini tushunish Sinhala tilida to&#8217;g&#8217;ri muloqot qilish uchun juda muhimdir.<\/p>\n\n\n\n<h3 class=\"wp-block-heading\" id=\"h-3-nouns-and-pronouns-gender-and-cases\">3. Ot va olmoshlar: jins va holatlar<\/h3>\n\n\n\n<p>Sinhala otlari ko\u02bbpgina Yevropa tillari kabi <a href=\"https:\/\/talkpal.ai\/fr\/les\/\">grammatik<\/a> jinsni belgilamaydi, lekin ular jonlilikni ajratadi va turli ko\u02bbplik strategiyalaridan foydalanadi, masalan, jonlilar uchun -l\u0101 va ko\u02bbplab jonsizlar uchun -val. Holat munosabatlari qo\u2018shimchalar va postpozitsiyalar bilan ifodalanadi, masalan, nisbat uchun -\u1e6da, nasl uchun -ge, instrumental yoki ablativ funktsiyalar uchun -in. Sinhal tilidagi olmoshlar rasmiyatchilik va hurmat darajalariga ega bo\u02bblgan shaxs shakllarini (masalan, mama I, oy\u0101 yoki ob\u0101 you), egalik (mage my, ob\u0113 your), refleksivlar (tamange one&#8217;s), demonstrative (me this, e that) va so\u02bbroqlarni (kavuda who, mokakda what) o\u02bbz ichiga oladi. Ushbu olmoshlar va ularning shakllari bilan tanishib chiqish Sinhala grammatikasini tushunishingizni sezilarli darajada oshiradi.<\/p>\n\n\n\n<h3 class=\"wp-block-heading\" id=\"h-4-verbs-structure-and-conjugation\">4. Fe\u2019llar: tuzilishi va kelishik<\/h3>\n\n\n\n<p>Sinhala asosan SOV bo&#8217;lib, fe&#8217;llar so&#8217;zlashuv tilida shaxs yoki raqam emas, balki zamon va qutblilik uchun konjugatsiya qiladi. Asosiy zamonlarga shart mayli va buyruq mayli bilan birga hozirgi-odatiy, o\u2018tmish va kelajak kabilar kiradi. Hozirgi zamon odatda -nava bilan shakllanadi, ko&#8217;p o&#8217;tmish shakllari o&#8217;zak asosli va negativlar analitik tarzda qurilgan. Fe&#8217;l konjugatsiyasini, bo&#8217;lish va ko&#8217;makchilarning rolini o&#8217;rganish Sinhala tilida samarali muloqot qilish qobiliyatingizni yaxshilaydi.<\/p>\n\n\n\n<h3 class=\"wp-block-heading\" id=\"h-5-adjectives-agreement-and-placement\">5. Sifatlar: Kelishuv va joylashtirish<\/h3>\n\n\n\n<p>Sinhala grammatikasida sifatlar odatda o&#8217;zgartiradigan otdan oldin bo&#8217;ladi va soni yoki jinsi bo&#8217;yicha otga mos kelmaydi. Qiyosiy so&#8217;zlar ko&#8217;pincha vada ko&#8217;proq, ustun so&#8217;zlar esa klitik -ma bilan hosil bo&#8217;ladi, ular tabiiyroq muloqot qilishni o&#8217;rganish uchun zarurdir.<\/p>\n\n\n\n<p><strong>Misollar:<\/strong><\/p>\n\n\n\n<p><strong>&#8211; loku adare (katta sevgi)<\/strong><\/p>\n\n\n\n<p><strong>&#8211; podi lamayi (kichik bolalar)<\/strong><\/p>\n\n\n\n<h3 class=\"wp-block-heading\" id=\"h-6-engaging-with-the-language\">6. Til bilan shug&#8217;ullanish<\/h3>\n\n\n\n<p>Sinhala grammatikasini to&#8217;liq tushunish va o&#8217;zlashtirishning eng samarali usuli bu til bilan doimiy ravishda shug&#8217;ullanishdir. Sinhala adabiyotini o&#8217;qish, Sinhala filmlari yoki teleseriallarini tomosha qilish va ona tilida so&#8217;zlashuvchilar bilan faol muloqot qilish orqali siz grammatikani tushunishingizni mustahkamlaysiz va so&#8217;z boyligingizni kengaytirasiz.<\/p>\n\n\n\n<h3 class=\"wp-block-heading\" id=\"h-conclusion\">Xulosa<\/h3>\n\n\n\n<p>Garchi Sinhala grammatikasi murakkab bo&#8217;lib tuyulsa-da, siz fidoyilik, amaliyot va ishtiyoq bilan ushbu go&#8217;zal tilni yaxshi bilishingiz mumkin. Asosiy qoidalarga e&#8217;tibor qaratish va turli kontekstlarda til bilan shug&#8217;ullanish orqali siz Sinhala <a href=\"https:\/\/talkpal.ai\/uz\/grammatika\/\">grammatika ko&#8217;nikmalaringizni<\/a> tezda oshirasiz. Sinhala tiliga sayohatingiz bilan Subha pathum (omad tilaymiz) va Sinhala grammatikasining sirli, ammo jozibali dunyosini ochishdan zavqlaning!<\/p>\n<\/div><\/div>\n\r\n<section class=\"learnNavigationSection\">\r\n            \r\n        <a href=\"https:\/\/talkpal.ai\/uz\/sinhala-tilini-organing\/\">\r\n            <div class=\"learnNavigationWrapper\">\r\n                <div class=\"learnNavigationContent\">\r\n                    <img decoding=\"async\" src=\"https:\/\/talkpal.ai\/wp-content\/uploads\/2025\/11\/Sinhala.png\" alt=\"Sri Lankan Flag\">\r\n                    <div>\r\n                        <h4>Sinhala tilini o&#039;rganish haqida<\/h4>\r\n                        <p>Sinhala grammatikasi haqida hamma narsani bilib oling.<\/p>\r\n                    <\/div>\r\n                <\/div>\r\n            <\/div>\r\n        <\/a>\r\n\r\n        \r\n        <a href=\"https:\/\/talkpal.ai\/uz\/sinhala-grammatikasi-mashqlari\/\">\r\n            <div class=\"learnNavigationWrapper\">\r\n                <div class=\"learnNavigationContent\">\r\n                    <img decoding=\"async\" src=\"https:\/\/talkpal.ai\/wp-content\/uploads\/2025\/11\/Sinhala.png\" alt=\"Sri Lankan Flag\">\r\n                    <div>\r\n                        <h4>Sinhala grammatikasi mashqi<\/h4>\r\n                        <p>Sinhala grammatikasini mashq qiling.<\/p>\r\n                    <\/div>\r\n                <\/div>\r\n            <\/div>\r\n        <\/a>\r\n\r\n            <\/section>","protected":false},"excerpt":{"rendered":"<p>Sinhala grammatikasining nozik tomonlarini navigatsiya qilish Shri-Lankaning boy tarix va madaniy ahamiyatga ega bo&#8217;lgan hind-aryan tili bo&#8217;lgan sinhala o&#8217;zining noyob grammatika tizimini o&#8217;rganishni istaganlar uchun qiziqarli lingvistik tajribani taqdim etadi. Sinhala olamiga kirib borar ekansiz, nafaqat til repertuaringizni boyitibgina qolmay, balki qiziqarli madaniy sayohatni ham qabul qilasiz. Sinhala grammatikasi dastlab murakkab ko&#8217;rinishi mumkin bo&#8217;lsa-da, uni [&hellip;]<\/p>\n","protected":false},"author":20,"featured_media":0,"parent":0,"menu_order":0,"comment_status":"closed","ping_status":"closed","template":"LearningContentPage.php","meta":{"_acf_changed":false,"footnotes":""},"class_list":["post-1468502","page","type-page","status-publish","hentry"],"acf":[],"yoast_head":"<!-- This site is optimized with the Yoast SEO Premium plugin v27.2 (Yoast SEO v27.2) - https:\/\/yoast.com\/product\/yoast-seo-premium-wordpress\/ -->\n<title>Sinhala grammatikasi - Talkpal<\/title>\n<meta name=\"description\" content=\"Talkpal AI ning keng qamrovli va interaktiv til qo&#039;llanmasi yordamida Sinhala grammatika qoidalarini o&#039;zlashtiring va ravonligingizni oshiring.\" \/>\n<meta name=\"robots\" content=\"index, follow, max-snippet:-1, max-image-preview:large, max-video-preview:-1\" \/>\n<link rel=\"canonical\" href=\"https:\/\/talkpal.ai\/uz\/sinhala-grammatikasi\/\" \/>\n<meta property=\"og:locale\" content=\"uz_UZ\" \/>\n<meta property=\"og:type\" content=\"article\" \/>\n<meta property=\"og:title\" content=\"Sinhala grammatikasi\" \/>\n<meta property=\"og:description\" content=\"Sinhala grammatikasining nozik tomonlarini navigatsiya qilish Shri-Lankaning boy tarix va madaniy ahamiyatga ega bo&#039;lgan hind-aryan tili bo&#039;lgan sinhala\" \/>\n<meta property=\"og:url\" content=\"https:\/\/talkpal.ai\/uz\/sinhala-grammatikasi\/\" \/>\n<meta property=\"og:site_name\" content=\"Talkpal\" \/>\n<meta property=\"article:publisher\" content=\"https:\/\/www.facebook.com\/profile.php?id=100090733639311\" \/>\n<meta property=\"article:modified_time\" content=\"2025-12-30T11:17:33+00:00\" \/>\n<meta property=\"og:image\" content=\"https:\/\/talkpal.ai\/wp-content\/uploads\/2025\/02\/Progress-tab-16_9.png\" \/>\n\t<meta property=\"og:image:width\" content=\"2880\" \/>\n\t<meta property=\"og:image:height\" content=\"1620\" \/>\n\t<meta property=\"og:image:type\" content=\"image\/png\" \/>\n<meta name=\"twitter:card\" content=\"summary_large_image\" \/>\n<meta name=\"twitter:site\" content=\"@talkpalai\" \/>\n<meta name=\"twitter:label1\" content=\"Est. reading time\" \/>\n\t<meta name=\"twitter:data1\" content=\"3 daqiqa\" \/>\n<script type=\"application\/ld+json\" class=\"yoast-schema-graph\">{\"@context\":\"https:\/\/schema.org\",\"@graph\":[{\"@type\":\"WebPage\",\"@id\":\"https:\/\/talkpal.ai\/uz\/sinhala-grammatikasi\/\",\"url\":\"https:\/\/talkpal.ai\/uz\/sinhala-grammatikasi\/\",\"name\":\"Sinhala grammatikasi - Talkpal\",\"isPartOf\":{\"@id\":\"https:\/\/talkpal.ai\/uz\/#website\"},\"datePublished\":\"2025-11-12T16:44:57+00:00\",\"dateModified\":\"2025-12-30T11:17:33+00:00\",\"description\":\"Talkpal AI ning keng qamrovli va interaktiv til qo'llanmasi yordamida Sinhala grammatika qoidalarini o'zlashtiring va ravonligingizni oshiring.\",\"breadcrumb\":{\"@id\":\"https:\/\/talkpal.ai\/uz\/sinhala-grammatikasi\/#breadcrumb\"},\"inLanguage\":\"uz-UZ\",\"potentialAction\":[{\"@type\":\"ReadAction\",\"target\":[\"https:\/\/talkpal.ai\/uz\/sinhala-grammatikasi\/\"]}]},{\"@type\":\"BreadcrumbList\",\"@id\":\"https:\/\/talkpal.ai\/uz\/sinhala-grammatikasi\/#breadcrumb\",\"itemListElement\":[{\"@type\":\"ListItem\",\"position\":1,\"name\":\"Homepage\",\"item\":\"https:\/\/talkpal.ai\/uz\/ai-til-oqituvchisi-3\/\"},{\"@type\":\"ListItem\",\"position\":2,\"name\":\"Sinhala grammatikasi\"}]},{\"@type\":\"WebSite\",\"@id\":\"https:\/\/talkpal.ai\/uz\/#website\",\"url\":\"https:\/\/talkpal.ai\/uz\/\",\"name\":\"Talkpal\",\"description\":\"AI Language Learning\",\"publisher\":{\"@id\":\"https:\/\/talkpal.ai\/uz\/#organization\"},\"alternateName\":\"Talkpal AI\",\"potentialAction\":[{\"@type\":\"SearchAction\",\"target\":{\"@type\":\"EntryPoint\",\"urlTemplate\":\"https:\/\/talkpal.ai\/uz\/?s={search_term_string}\"},\"query-input\":{\"@type\":\"PropertyValueSpecification\",\"valueRequired\":true,\"valueName\":\"search_term_string\"}}],\"inLanguage\":\"uz-UZ\"},{\"@type\":\"Organization\",\"@id\":\"https:\/\/talkpal.ai\/uz\/#organization\",\"name\":\"Talkpal, Inc.\",\"alternateName\":\"Talkpal AI\",\"url\":\"https:\/\/talkpal.ai\/uz\/\",\"logo\":{\"@type\":\"ImageObject\",\"inLanguage\":\"uz-UZ\",\"@id\":\"https:\/\/talkpal.ai\/uz\/#\/schema\/logo\/image\/\",\"url\":\"https:\/\/talkpal.ai\/wp-content\/uploads\/2024\/03\/Talkpal-Logo-Icon.png\",\"contentUrl\":\"https:\/\/talkpal.ai\/wp-content\/uploads\/2024\/03\/Talkpal-Logo-Icon.png\",\"width\":2880,\"height\":2880,\"caption\":\"Talkpal, Inc.\"},\"image\":{\"@id\":\"https:\/\/talkpal.ai\/uz\/#\/schema\/logo\/image\/\"},\"sameAs\":[\"https:\/\/www.facebook.com\/profile.php?id=100090733639311\",\"https:\/\/x.com\/talkpalai\",\"https:\/\/www.linkedin.com\/company\/talkpal\/\",\"https:\/\/www.youtube.com\/@TalkPal\/\",\"https:\/\/www.tiktok.com\/@talkpal\",\"https:\/\/www.instagram.com\/talkpal_ai\/\",\"https:\/\/www.crunchbase.com\/organization\/talkpal-9cde\",\"https:\/\/www.g2.com\/products\/talkpal-for-business\/\",\"https:\/\/www.trustpilot.com\/review\/talkpal.ai\",\"https:\/\/www.capterra.com\/p\/10006800\/TalkPal\/\"],\"description\":\"Talkpal is a language learning web and mobile education app, powered by the latest AI technologies, that provides engaging experiences to its customers in many different languages to help them improve their language skills. Users can chat about unlimited amount of topics with the app and use other modes to practice their language learning.\",\"email\":\"support@talkpal.ai\",\"legalName\":\"Talkpal, Inc.\",\"foundingDate\":\"2023-04-03\",\"duns\":\"118989042\",\"numberOfEmployees\":{\"@type\":\"QuantitativeValue\",\"minValue\":\"11\",\"maxValue\":\"50\"},\"publishingPrinciples\":\"https:\/\/talkpal.ai\/publishing-principles\/\",\"actionableFeedbackPolicy\":\"https:\/\/talkpal.ai\/actionable-feedback-policy\/\",\"correctionsPolicy\":\"https:\/\/talkpal.ai\/corrections-policy\/\",\"ethicsPolicy\":\"https:\/\/talkpal.ai\/ethics-policy\/\",\"diversityPolicy\":\"https:\/\/talkpal.ai\/diversity-policy\/\",\"diversityStaffingReport\":\"https:\/\/talkpal.ai\/diversity-policy\/\"}]}<\/script>\n<!-- \/ Yoast SEO Premium plugin. -->","yoast_head_json":{"title":"Sinhala grammatikasi - Talkpal","description":"Talkpal AI ning keng qamrovli va interaktiv til qo'llanmasi yordamida Sinhala grammatika qoidalarini o'zlashtiring va ravonligingizni oshiring.","robots":{"index":"index","follow":"follow","max-snippet":"max-snippet:-1","max-image-preview":"max-image-preview:large","max-video-preview":"max-video-preview:-1"},"canonical":"https:\/\/talkpal.ai\/uz\/sinhala-grammatikasi\/","og_locale":"uz_UZ","og_type":"article","og_title":"Sinhala grammatikasi","og_description":"Sinhala grammatikasining nozik tomonlarini navigatsiya qilish Shri-Lankaning boy tarix va madaniy ahamiyatga ega bo'lgan hind-aryan tili bo'lgan sinhala","og_url":"https:\/\/talkpal.ai\/uz\/sinhala-grammatikasi\/","og_site_name":"Talkpal","article_publisher":"https:\/\/www.facebook.com\/profile.php?id=100090733639311","article_modified_time":"2025-12-30T11:17:33+00:00","og_image":[{"width":2880,"height":1620,"url":"https:\/\/talkpal.ai\/wp-content\/uploads\/2025\/02\/Progress-tab-16_9.png","type":"image\/png"}],"twitter_card":"summary_large_image","twitter_site":"@talkpalai","twitter_misc":{"Est. reading time":"3 daqiqa"},"schema":{"@context":"https:\/\/schema.org","@graph":[{"@type":"WebPage","@id":"https:\/\/talkpal.ai\/uz\/sinhala-grammatikasi\/","url":"https:\/\/talkpal.ai\/uz\/sinhala-grammatikasi\/","name":"Sinhala grammatikasi - Talkpal","isPartOf":{"@id":"https:\/\/talkpal.ai\/uz\/#website"},"datePublished":"2025-11-12T16:44:57+00:00","dateModified":"2025-12-30T11:17:33+00:00","description":"Talkpal AI ning keng qamrovli va interaktiv til qo'llanmasi yordamida Sinhala grammatika qoidalarini o'zlashtiring va ravonligingizni oshiring.","breadcrumb":{"@id":"https:\/\/talkpal.ai\/uz\/sinhala-grammatikasi\/#breadcrumb"},"inLanguage":"uz-UZ","potentialAction":[{"@type":"ReadAction","target":["https:\/\/talkpal.ai\/uz\/sinhala-grammatikasi\/"]}]},{"@type":"BreadcrumbList","@id":"https:\/\/talkpal.ai\/uz\/sinhala-grammatikasi\/#breadcrumb","itemListElement":[{"@type":"ListItem","position":1,"name":"Homepage","item":"https:\/\/talkpal.ai\/uz\/ai-til-oqituvchisi-3\/"},{"@type":"ListItem","position":2,"name":"Sinhala grammatikasi"}]},{"@type":"WebSite","@id":"https:\/\/talkpal.ai\/uz\/#website","url":"https:\/\/talkpal.ai\/uz\/","name":"Talkpal","description":"AI Language Learning","publisher":{"@id":"https:\/\/talkpal.ai\/uz\/#organization"},"alternateName":"Talkpal AI","potentialAction":[{"@type":"SearchAction","target":{"@type":"EntryPoint","urlTemplate":"https:\/\/talkpal.ai\/uz\/?s={search_term_string}"},"query-input":{"@type":"PropertyValueSpecification","valueRequired":true,"valueName":"search_term_string"}}],"inLanguage":"uz-UZ"},{"@type":"Organization","@id":"https:\/\/talkpal.ai\/uz\/#organization","name":"Talkpal, Inc.","alternateName":"Talkpal AI","url":"https:\/\/talkpal.ai\/uz\/","logo":{"@type":"ImageObject","inLanguage":"uz-UZ","@id":"https:\/\/talkpal.ai\/uz\/#\/schema\/logo\/image\/","url":"https:\/\/talkpal.ai\/wp-content\/uploads\/2024\/03\/Talkpal-Logo-Icon.png","contentUrl":"https:\/\/talkpal.ai\/wp-content\/uploads\/2024\/03\/Talkpal-Logo-Icon.png","width":2880,"height":2880,"caption":"Talkpal, Inc."},"image":{"@id":"https:\/\/talkpal.ai\/uz\/#\/schema\/logo\/image\/"},"sameAs":["https:\/\/www.facebook.com\/profile.php?id=100090733639311","https:\/\/x.com\/talkpalai","https:\/\/www.linkedin.com\/company\/talkpal\/","https:\/\/www.youtube.com\/@TalkPal\/","https:\/\/www.tiktok.com\/@talkpal","https:\/\/www.instagram.com\/talkpal_ai\/","https:\/\/www.crunchbase.com\/organization\/talkpal-9cde","https:\/\/www.g2.com\/products\/talkpal-for-business\/","https:\/\/www.trustpilot.com\/review\/talkpal.ai","https:\/\/www.capterra.com\/p\/10006800\/TalkPal\/"],"description":"Talkpal is a language learning web and mobile education app, powered by the latest AI technologies, that provides engaging experiences to its customers in many different languages to help them improve their language skills. Users can chat about unlimited amount of topics with the app and use other modes to practice their language learning.","email":"support@talkpal.ai","legalName":"Talkpal, Inc.","foundingDate":"2023-04-03","duns":"118989042","numberOfEmployees":{"@type":"QuantitativeValue","minValue":"11","maxValue":"50"},"publishingPrinciples":"https:\/\/talkpal.ai\/publishing-principles\/","actionableFeedbackPolicy":"https:\/\/talkpal.ai\/actionable-feedback-policy\/","correctionsPolicy":"https:\/\/talkpal.ai\/corrections-policy\/","ethicsPolicy":"https:\/\/talkpal.ai\/ethics-policy\/","diversityPolicy":"https:\/\/talkpal.ai\/diversity-policy\/","diversityStaffingReport":"https:\/\/talkpal.ai\/diversity-policy\/"}]}},"_links":{"self":[{"href":"https:\/\/talkpal.ai\/uz\/wp-json\/wp\/v2\/pages\/1468502","targetHints":{"allow":["GET"]}}],"collection":[{"href":"https:\/\/talkpal.ai\/uz\/wp-json\/wp\/v2\/pages"}],"about":[{"href":"https:\/\/talkpal.ai\/uz\/wp-json\/wp\/v2\/types\/page"}],"author":[{"embeddable":true,"href":"https:\/\/talkpal.ai\/uz\/wp-json\/wp\/v2\/users\/20"}],"replies":[{"embeddable":true,"href":"https:\/\/talkpal.ai\/uz\/wp-json\/wp\/v2\/comments?post=1468502"}],"version-history":[{"count":0,"href":"https:\/\/talkpal.ai\/uz\/wp-json\/wp\/v2\/pages\/1468502\/revisions"}],"wp:attachment":[{"href":"https:\/\/talkpal.ai\/uz\/wp-json\/wp\/v2\/media?parent=1468502"}],"curies":[{"name":"wp","href":"https:\/\/api.w.org\/{rel}","templated":true}]}}