{"id":1468441,"date":"2025-11-12T16:31:52","date_gmt":"2025-11-12T16:31:52","guid":{"rendered":"https:\/\/talkpal.ai\/panjob-tili-grammatikasi\/"},"modified":"2025-12-30T11:41:16","modified_gmt":"2025-12-30T11:41:16","slug":"panjob-tili-grammatikasi","status":"publish","type":"page","link":"https:\/\/talkpal.ai\/uz\/panjob-tili-grammatikasi\/","title":{"rendered":"Panjob tili grammatikasi"},"content":{"rendered":"\r\n\r\n\r\n<section class=\"languageChallengeSection\">\r\n    <div class=\"languageInfoWrapper\">\r\n        \r\n        <h1>Panjob tili grammatikasi<\/h1>\r\n        <p><a href=\"https:\/\/talkpal.ai\/learn-punjabi\/\">Panjob<\/a> tili grammatikasi dastlab qiyin bo&#039;lib tuyulishi mumkin, ammo uning o&#039;ziga xos xususiyatlari tilni o&#039;rganishni foydali tajribaga aylantiradi. Uning alifbosi, mutatsiyalari va <a href=\"https:\/\/talkpal.ai\/greek-grammar\/\">grammatika<\/a> qoidalarini o&#039;rganish orqali siz boy til an&#039;analari haqida tushunchaga ega bo&#039;lasiz. Sayohatingizni boshlang va Panjobining go&#039;zalligini kashf eting!<\/p>\r\n\r\n                            <a class=\"getStartedHidden\" href=\"https:\/\/app.talkpal.ai\/uz\/signup?lng=\">Boshlang<\/a>\r\n        \r\n    <\/div>\r\n\r\n    <figure>\r\n    <img decoding=\"async\" width=\"768\" height=\"768\" src=\"https:\/\/talkpal.ai\/wp-content\/uploads\/2023\/06\/welsh-768x768.png\" class=\"languageImage no-lazy\" alt=\"Language learning for better cognitive abilities\" fetchpriority=\"high\" sizes=\"(max-width: 768px) 150px, 768px\" srcset=\"https:\/\/talkpal.ai\/wp-content\/uploads\/2023\/06\/welsh-768x768.png 768w, https:\/\/talkpal.ai\/wp-content\/uploads\/2023\/06\/welsh-300x300.png 300w\" \/>\r\n    \r\n\r\n    <\/figure>\r\n\r\n            <a class=\"getStartedVisible\" href=\"https:\/\/app.talkpal.ai\/uz\/signup?lng=\">Boshlang<\/a>\r\n    \r\n<\/section><section class=\"promotionalBanner\">\r\n    <p class=\"promotionalText\">Til o&#8217;rganishning eng samarali usuli<\/p>\r\n    <a class=\"promotionalLink\" href=\"https:\/\/app.talkpal.ai\/uz\/signup?lng=\">Talkpal-ni bepul sinab ko&#8217;ring<\/a>\r\n<\/section>\n<div class=\"wp-block-group pageContainerStyle\"><div class=\"wp-block-group__inner-container is-layout-constrained wp-block-group-is-layout-constrained\">\n<h2 class=\"wp-block-heading\" id=\"h-navigating-the-intricacies-of-punjabi-grammar\">Panjob grammatikasining nozik tomonlarini navigatsiya qilish<\/h2>\n\n\n\n<p><a href=\"https:\/\/talkpal.ai\/uz\/panjob-tilini-organing\/\">Panjobi<\/a> , boy tarix va madaniy ahamiyatga ega bo&#8217;lgan hind-aryan tili, o&#8217;zining noyob grammatika tizimini o&#8217;rganishni istaganlar uchun qiziqarli lingvistik tajribani taqdim etadi. Panjobi shohligiga kirganingizda, siz nafaqat lingvistik repertuaringizni boyitibgina qolmay, balki qiziqarli madaniy sayohatni ham qabul qilasiz. <a href=\"https:\/\/talkpal.ai\/punjabi-grammar\/\">Panjob tili grammatikasi<\/a> dastlab murakkab ko&#8217;rinishi mumkin bo&#8217;lsa-da, uni asosiy qismlarga ajratish tilni o&#8217;rganishni yanada qulayroq qiladi. Ushbu maqolada biz panjabi grammatikasining jozibali dunyosini o&#8217;rganamiz va uning murakkabliklarini qanday o&#8217;zlashtirish bo&#8217;yicha maslahatlar beramiz.<\/p>\n\n\n\n<h3 class=\"wp-block-heading\" id=\"h-1-punjabi-alphabet-and-phonetics\">1. Panjob alifbosi va fonetikasi<\/h3>\n\n\n\n<p>Panjob yozuv tizimi birinchi navbatda Gurmuxi yozuvidan foydalanadi, u mustaqil unlilar, undoshlar, matralar deb ataladigan unli belgilar, bind\u012b va \u1e6dipp\u012b kabi nasalizatsiya belgilari va undoshlarning ikkilanishini bildiruvchi addhakni o&#8217;z ichiga oladi. Panjob tili Pokistonda ham Shohmuxiy yozuvida yozilgan. Panjobi grammatikasini <a href=\"https:\/\/talkpal.ai\/uz\/til-organish-uchun-ai-chatbot\/\">o&#8217;rganish uchun<\/a> Gurmukhi bilan tanishish, panjob tilida o&#8217;qish va yozishni mashq qilish juda muhimdir.<\/p>\n\n\n\n<h3 class=\"wp-block-heading\" id=\"h-2-tones-a-distinctive-punjabi-feature\">2. Ohanglar: Panjabi tilining o&#8217;ziga xos xususiyati<\/h3>\n\n\n\n<p>Panjob tilining eng hayratlanarli jihatlaridan biri bu so&#8217;zlarning ma&#8217;nosini o&#8217;zgartirishi mumkin bo&#8217;lgan ohangdan foydalanishdir. Panjabi odatda uchta ohangga ega deb ta&#8217;riflanadi va ular ko&#8217;pincha zamonaviy imloda to&#8217;g&#8217;ridan-to&#8217;g&#8217;ri belgilanmagan tarixiy tovush o&#8217;zgarishlari bilan bog&#8217;liq. Ohang qanday ishlashini tushunish va to&#8217;g&#8217;ri talaffuz qilishni mashq qilish panjabi tilida aniq va to&#8217;g&#8217;ri muloqot qilish uchun juda muhimdir.<\/p>\n\n\n\n<h3 class=\"wp-block-heading\" id=\"h-3-nouns-and-pronouns-gender-and-cases\">3. Ot va olmoshlar: jins va holatlar<\/h3>\n\n\n\n<p>Panjob tilidagi otlar <a href=\"https:\/\/talkpal.ai\/fr\/les\/\">grammatik<\/a> jinsga, erkak yoki ayolga xosdir va ko&#8217;pliklar ot turiga qarab o&#8217;zgarib turadigan naqshlarga amal qiladi. Ko&#8217;pgina erkak otlari -e da ko&#8217;plik, -\u0101\u1e41 da ko&#8217;p ayol otlari yasaydi, lekin qoidabuzarliklar mavjud. Panjobi ot yoki olmoshdan keyin keladigan postpozitsiyalardan oldin qiyshiq holatni ishlatadi. Olmoshlarga shaxs, egalik, refleksiv, ko\u2018rsatish va so\u2018roq to\u2018plamlari kiradi, masalan: r\u012b\u012b, \u012b\u012b\u012b, \u012b\u012b\u012b, \u012b\u012b\u012b\u012b, \u0a06\u0a2a\u0a23\u0a3e, \u0a07n\u012b,\u012b, m. Ushbu olmoshlar va ularning shakllari bilan tanishish panjob tili grammatikasini tushunishingizni sezilarli darajada oshiradi.<\/p>\n\n\n\n<h3 class=\"wp-block-heading\" id=\"h-4-verbs-structure-and-conjugation\">4. Fe\u2019llar: tuzilishi va kelishik<\/h3>\n\n\n\n<p>Panjob fe&#8217;llari jihat va kelishikni ko&#8217;rsatadi va odatda vaqt va kayfiyatni ifodalash uchun r\u1ea7m\u0331n yordamchi fe&#8217;li bilan birlashtirilgan bo&#8217;laklardan foydalanadi. Asosiy farqlarga hozirgi odatiy, o&#8217;tmishdagi mukammallik va kelajak, shartli va buyruq kayfiyatlari kiradi. Kelishuv ko&#8217;pincha jins va songa bog&#8217;liq bo&#8217;lib, ko&#8217;plab mukammal o&#8217;tish jumlalarida panjabi predmetni r&#8217; bilan belgilaydi, fe&#8217;l esa ob&#8217;ektga mos keladi. Asosiy konjugatsiya naqshlari va yordamchi foydalanishni o&#8217;rganish panjabi tilida samarali muloqot qilish qobiliyatingizni yaxshilaydi.<\/p>\n\n\n\n<h3 class=\"wp-block-heading\" id=\"h-5-adjectives-agreement-and-placement\">5. Sifatlar: Kelishuv va joylashtirish<\/h3>\n\n\n\n<p>Panjabi grammatikasida sifatlar odatda o&#8217;zgartiradigan otdan oldin bo&#8217;ladi va belgilanganida ular jinsi va soni bo&#8217;yicha otga mos keladi. Ko\u2018pgina sifatlar o\u2018zgarmasdir, lekin umumiy tavsiflovchi sifatlar erkak, ayol va ko\u2018plik shakllarini ko\u2018rsatadi. Qiyosiy va ustun ma\u02bcnolar ko\u02bbpincha analitik yo\u02bbl bilan ko\u02bbproq ma\u02bcnosi uchun r\u012b\u0129, ko\u02bbp ma\u02bcnosi uchun \u2039n\u201fi\u201d bilan yasaladi.<\/p>\n\n\n\n<p><strong>Misollar:<\/strong><\/p>\n\n\n\n<p><strong>\u2013 \u0a35\u0a71\u0a21\u0a3e \u0a2a\u0a3f\u0a06\u0a30 (katta sevgi)<\/strong><\/p>\n\n\n\n<p><strong>\u2013 \u0a1b\u0a4b\u0a1f\u0a47 \u0a2c\u0a71\u0a1a\u0a47 (kichik bolalar)<\/strong><\/p>\n\n\n\n<h3 class=\"wp-block-heading\" id=\"h-6-engaging-with-the-language\">6. Til bilan shug&#8217;ullanish<\/h3>\n\n\n\n<p>Panjabi grammatikasini to&#8217;liq tushunish va o&#8217;zlashtirishning eng samarali usuli bu til bilan doimiy ravishda shug&#8217;ullanishdir. Panjabi adabiyotini o&#8217;qish, panjob filmlari yoki teleseriallarini tomosha qilish, musiqa va she&#8217;r tinglash va ona tilida so&#8217;zlashuvchilar bilan faol muloqot qilish orqali siz grammatikani tushunishingizni mustahkamlaysiz va so&#8217;z boyligingizni kengaytirasiz.<\/p>\n\n\n\n<h3 class=\"wp-block-heading\" id=\"h-conclusion\">Xulosa<\/h3>\n\n\n\n<p>Panjob tili grammatikasi murakkab bo&#8217;lib tuyulsa-da, siz fidoyilik, amaliyot va ishtiyoq bilan ushbu go&#8217;zal tilni yaxshi bilishingiz mumkin. Asosiy qoidalarga e&#8217;tibor qaratish va turli kontekstlarda til bilan shug&#8217;ullanish orqali siz panjabi tili <a href=\"https:\/\/talkpal.ai\/uz\/grammatika\/\">grammatika ko&#8217;nikmalaringizni<\/a> tezda oshirasiz. Panjobi tiliga sayohatingizga omad tilaymiz va panjob tili grammatikasining dinamik va jozibali dunyosini ochishdan zavqlaning!<\/p>\n<\/div><\/div>\n\r\n<section class=\"learnNavigationSection\">\r\n            \r\n        <a href=\"https:\/\/talkpal.ai\/uz\/panjob-tilini-organing\/\">\r\n            <div class=\"learnNavigationWrapper\">\r\n                <div class=\"learnNavigationContent\">\r\n                    <img decoding=\"async\" src=\"https:\/\/talkpal.ai\/wp-content\/uploads\/2025\/11\/Punjabi.png\" alt=\"Indian Simplified Flag\">\r\n                    <div>\r\n                        <h4>Panjob tilini o&#039;rganish haqida<\/h4>\r\n                        <p>Panjabi grammatikasi haqida hamma narsani bilib oling.<\/p>\r\n                    <\/div>\r\n                <\/div>\r\n            <\/div>\r\n        <\/a>\r\n\r\n        \r\n        <a href=\"https:\/\/talkpal.ai\/uz\/panjob-tili-grammatikasi-mashqlari\/\">\r\n            <div class=\"learnNavigationWrapper\">\r\n                <div class=\"learnNavigationContent\">\r\n                    <img decoding=\"async\" src=\"https:\/\/talkpal.ai\/wp-content\/uploads\/2025\/11\/Punjabi.png\" alt=\"Indian Simplified Flag\">\r\n                    <div>\r\n                        <h4>Panjob tili grammatikasi mashqi<\/h4>\r\n                        <p>Panjob tili grammatikasini mashq qiling.<\/p>\r\n                    <\/div>\r\n                <\/div>\r\n            <\/div>\r\n        <\/a>\r\n\r\n            <\/section>","protected":false},"excerpt":{"rendered":"<p>Panjob grammatikasining nozik tomonlarini navigatsiya qilish Panjobi , boy tarix va madaniy ahamiyatga ega bo&#8217;lgan hind-aryan tili, o&#8217;zining noyob grammatika tizimini o&#8217;rganishni istaganlar uchun qiziqarli lingvistik tajribani taqdim etadi. Panjobi shohligiga kirganingizda, siz nafaqat lingvistik repertuaringizni boyitibgina qolmay, balki qiziqarli madaniy sayohatni ham qabul qilasiz. Panjob tili grammatikasi dastlab murakkab ko&#8217;rinishi mumkin bo&#8217;lsa-da, uni asosiy [&hellip;]<\/p>\n","protected":false},"author":20,"featured_media":0,"parent":0,"menu_order":0,"comment_status":"closed","ping_status":"closed","template":"LearningContentPage.php","meta":{"_acf_changed":false,"footnotes":""},"class_list":["post-1468441","page","type-page","status-publish","hentry"],"acf":[],"yoast_head":"<!-- This site is optimized with the Yoast SEO Premium plugin v27.2 (Yoast SEO v27.2) - https:\/\/yoast.com\/product\/yoast-seo-premium-wordpress\/ -->\n<title>Panjob tili grammatikasi - Talkpal<\/title>\n<meta name=\"description\" content=\"Bugun til ravonligingizni oshirish bo&#039;yicha keng qamrovli qo&#039;llanmamiz yordamida panjob tili grammatikasining asoslarini puxta o&#039;rganing.\" \/>\n<meta name=\"robots\" content=\"index, follow, max-snippet:-1, max-image-preview:large, max-video-preview:-1\" \/>\n<link rel=\"canonical\" href=\"https:\/\/talkpal.ai\/uz\/panjob-tili-grammatikasi\/\" \/>\n<meta property=\"og:locale\" content=\"uz_UZ\" \/>\n<meta property=\"og:type\" content=\"article\" \/>\n<meta property=\"og:title\" content=\"Panjob tili grammatikasi\" \/>\n<meta property=\"og:description\" content=\"Panjob grammatikasining nozik tomonlarini navigatsiya qilish Panjobi , boy tarix va madaniy ahamiyatga ega bo&#039;lgan hind-aryan tili, o&#039;zining noyob\" \/>\n<meta property=\"og:url\" content=\"https:\/\/talkpal.ai\/uz\/panjob-tili-grammatikasi\/\" \/>\n<meta property=\"og:site_name\" content=\"Talkpal\" \/>\n<meta property=\"article:publisher\" content=\"https:\/\/www.facebook.com\/profile.php?id=100090733639311\" \/>\n<meta property=\"article:modified_time\" content=\"2025-12-30T11:41:16+00:00\" \/>\n<meta property=\"og:image\" content=\"https:\/\/talkpal.ai\/wp-content\/uploads\/2025\/02\/Progress-tab-16_9.png\" \/>\n\t<meta property=\"og:image:width\" content=\"2880\" \/>\n\t<meta property=\"og:image:height\" content=\"1620\" \/>\n\t<meta property=\"og:image:type\" content=\"image\/png\" \/>\n<meta name=\"twitter:card\" content=\"summary_large_image\" \/>\n<meta name=\"twitter:site\" content=\"@talkpalai\" \/>\n<meta name=\"twitter:label1\" content=\"Est. reading time\" \/>\n\t<meta name=\"twitter:data1\" content=\"3 daqiqa\" \/>\n<script type=\"application\/ld+json\" class=\"yoast-schema-graph\">{\"@context\":\"https:\/\/schema.org\",\"@graph\":[{\"@type\":\"WebPage\",\"@id\":\"https:\/\/talkpal.ai\/uz\/panjob-tili-grammatikasi\/\",\"url\":\"https:\/\/talkpal.ai\/uz\/panjob-tili-grammatikasi\/\",\"name\":\"Panjob tili grammatikasi - Talkpal\",\"isPartOf\":{\"@id\":\"https:\/\/talkpal.ai\/uz\/#website\"},\"datePublished\":\"2025-11-12T16:31:52+00:00\",\"dateModified\":\"2025-12-30T11:41:16+00:00\",\"description\":\"Bugun til ravonligingizni oshirish bo'yicha keng qamrovli qo'llanmamiz yordamida panjob tili grammatikasining asoslarini puxta o'rganing.\",\"breadcrumb\":{\"@id\":\"https:\/\/talkpal.ai\/uz\/panjob-tili-grammatikasi\/#breadcrumb\"},\"inLanguage\":\"uz-UZ\",\"potentialAction\":[{\"@type\":\"ReadAction\",\"target\":[\"https:\/\/talkpal.ai\/uz\/panjob-tili-grammatikasi\/\"]}]},{\"@type\":\"BreadcrumbList\",\"@id\":\"https:\/\/talkpal.ai\/uz\/panjob-tili-grammatikasi\/#breadcrumb\",\"itemListElement\":[{\"@type\":\"ListItem\",\"position\":1,\"name\":\"Homepage\",\"item\":\"https:\/\/talkpal.ai\/uz\/ai-til-oqituvchisi-3\/\"},{\"@type\":\"ListItem\",\"position\":2,\"name\":\"Panjob tili grammatikasi\"}]},{\"@type\":\"WebSite\",\"@id\":\"https:\/\/talkpal.ai\/uz\/#website\",\"url\":\"https:\/\/talkpal.ai\/uz\/\",\"name\":\"Talkpal\",\"description\":\"AI Language Learning\",\"publisher\":{\"@id\":\"https:\/\/talkpal.ai\/uz\/#organization\"},\"alternateName\":\"Talkpal AI\",\"potentialAction\":[{\"@type\":\"SearchAction\",\"target\":{\"@type\":\"EntryPoint\",\"urlTemplate\":\"https:\/\/talkpal.ai\/uz\/?s={search_term_string}\"},\"query-input\":{\"@type\":\"PropertyValueSpecification\",\"valueRequired\":true,\"valueName\":\"search_term_string\"}}],\"inLanguage\":\"uz-UZ\"},{\"@type\":\"Organization\",\"@id\":\"https:\/\/talkpal.ai\/uz\/#organization\",\"name\":\"Talkpal, Inc.\",\"alternateName\":\"Talkpal AI\",\"url\":\"https:\/\/talkpal.ai\/uz\/\",\"logo\":{\"@type\":\"ImageObject\",\"inLanguage\":\"uz-UZ\",\"@id\":\"https:\/\/talkpal.ai\/uz\/#\/schema\/logo\/image\/\",\"url\":\"https:\/\/talkpal.ai\/wp-content\/uploads\/2024\/03\/Talkpal-Logo-Icon.png\",\"contentUrl\":\"https:\/\/talkpal.ai\/wp-content\/uploads\/2024\/03\/Talkpal-Logo-Icon.png\",\"width\":2880,\"height\":2880,\"caption\":\"Talkpal, Inc.\"},\"image\":{\"@id\":\"https:\/\/talkpal.ai\/uz\/#\/schema\/logo\/image\/\"},\"sameAs\":[\"https:\/\/www.facebook.com\/profile.php?id=100090733639311\",\"https:\/\/x.com\/talkpalai\",\"https:\/\/www.linkedin.com\/company\/talkpal\/\",\"https:\/\/www.youtube.com\/@TalkPal\/\",\"https:\/\/www.tiktok.com\/@talkpal\",\"https:\/\/www.instagram.com\/talkpal_ai\/\",\"https:\/\/www.crunchbase.com\/organization\/talkpal-9cde\",\"https:\/\/www.g2.com\/products\/talkpal-for-business\/\",\"https:\/\/www.trustpilot.com\/review\/talkpal.ai\",\"https:\/\/www.capterra.com\/p\/10006800\/TalkPal\/\"],\"description\":\"Talkpal is a language learning web and mobile education app, powered by the latest AI technologies, that provides engaging experiences to its customers in many different languages to help them improve their language skills. Users can chat about unlimited amount of topics with the app and use other modes to practice their language learning.\",\"email\":\"support@talkpal.ai\",\"legalName\":\"Talkpal, Inc.\",\"foundingDate\":\"2023-04-03\",\"duns\":\"118989042\",\"numberOfEmployees\":{\"@type\":\"QuantitativeValue\",\"minValue\":\"11\",\"maxValue\":\"50\"},\"publishingPrinciples\":\"https:\/\/talkpal.ai\/publishing-principles\/\",\"actionableFeedbackPolicy\":\"https:\/\/talkpal.ai\/actionable-feedback-policy\/\",\"correctionsPolicy\":\"https:\/\/talkpal.ai\/corrections-policy\/\",\"ethicsPolicy\":\"https:\/\/talkpal.ai\/ethics-policy\/\",\"diversityPolicy\":\"https:\/\/talkpal.ai\/diversity-policy\/\",\"diversityStaffingReport\":\"https:\/\/talkpal.ai\/diversity-policy\/\"}]}<\/script>\n<!-- \/ Yoast SEO Premium plugin. -->","yoast_head_json":{"title":"Panjob tili grammatikasi - Talkpal","description":"Bugun til ravonligingizni oshirish bo'yicha keng qamrovli qo'llanmamiz yordamida panjob tili grammatikasining asoslarini puxta o'rganing.","robots":{"index":"index","follow":"follow","max-snippet":"max-snippet:-1","max-image-preview":"max-image-preview:large","max-video-preview":"max-video-preview:-1"},"canonical":"https:\/\/talkpal.ai\/uz\/panjob-tili-grammatikasi\/","og_locale":"uz_UZ","og_type":"article","og_title":"Panjob tili grammatikasi","og_description":"Panjob grammatikasining nozik tomonlarini navigatsiya qilish Panjobi , boy tarix va madaniy ahamiyatga ega bo'lgan hind-aryan tili, o'zining noyob","og_url":"https:\/\/talkpal.ai\/uz\/panjob-tili-grammatikasi\/","og_site_name":"Talkpal","article_publisher":"https:\/\/www.facebook.com\/profile.php?id=100090733639311","article_modified_time":"2025-12-30T11:41:16+00:00","og_image":[{"width":2880,"height":1620,"url":"https:\/\/talkpal.ai\/wp-content\/uploads\/2025\/02\/Progress-tab-16_9.png","type":"image\/png"}],"twitter_card":"summary_large_image","twitter_site":"@talkpalai","twitter_misc":{"Est. reading time":"3 daqiqa"},"schema":{"@context":"https:\/\/schema.org","@graph":[{"@type":"WebPage","@id":"https:\/\/talkpal.ai\/uz\/panjob-tili-grammatikasi\/","url":"https:\/\/talkpal.ai\/uz\/panjob-tili-grammatikasi\/","name":"Panjob tili grammatikasi - Talkpal","isPartOf":{"@id":"https:\/\/talkpal.ai\/uz\/#website"},"datePublished":"2025-11-12T16:31:52+00:00","dateModified":"2025-12-30T11:41:16+00:00","description":"Bugun til ravonligingizni oshirish bo'yicha keng qamrovli qo'llanmamiz yordamida panjob tili grammatikasining asoslarini puxta o'rganing.","breadcrumb":{"@id":"https:\/\/talkpal.ai\/uz\/panjob-tili-grammatikasi\/#breadcrumb"},"inLanguage":"uz-UZ","potentialAction":[{"@type":"ReadAction","target":["https:\/\/talkpal.ai\/uz\/panjob-tili-grammatikasi\/"]}]},{"@type":"BreadcrumbList","@id":"https:\/\/talkpal.ai\/uz\/panjob-tili-grammatikasi\/#breadcrumb","itemListElement":[{"@type":"ListItem","position":1,"name":"Homepage","item":"https:\/\/talkpal.ai\/uz\/ai-til-oqituvchisi-3\/"},{"@type":"ListItem","position":2,"name":"Panjob tili grammatikasi"}]},{"@type":"WebSite","@id":"https:\/\/talkpal.ai\/uz\/#website","url":"https:\/\/talkpal.ai\/uz\/","name":"Talkpal","description":"AI Language Learning","publisher":{"@id":"https:\/\/talkpal.ai\/uz\/#organization"},"alternateName":"Talkpal AI","potentialAction":[{"@type":"SearchAction","target":{"@type":"EntryPoint","urlTemplate":"https:\/\/talkpal.ai\/uz\/?s={search_term_string}"},"query-input":{"@type":"PropertyValueSpecification","valueRequired":true,"valueName":"search_term_string"}}],"inLanguage":"uz-UZ"},{"@type":"Organization","@id":"https:\/\/talkpal.ai\/uz\/#organization","name":"Talkpal, Inc.","alternateName":"Talkpal AI","url":"https:\/\/talkpal.ai\/uz\/","logo":{"@type":"ImageObject","inLanguage":"uz-UZ","@id":"https:\/\/talkpal.ai\/uz\/#\/schema\/logo\/image\/","url":"https:\/\/talkpal.ai\/wp-content\/uploads\/2024\/03\/Talkpal-Logo-Icon.png","contentUrl":"https:\/\/talkpal.ai\/wp-content\/uploads\/2024\/03\/Talkpal-Logo-Icon.png","width":2880,"height":2880,"caption":"Talkpal, Inc."},"image":{"@id":"https:\/\/talkpal.ai\/uz\/#\/schema\/logo\/image\/"},"sameAs":["https:\/\/www.facebook.com\/profile.php?id=100090733639311","https:\/\/x.com\/talkpalai","https:\/\/www.linkedin.com\/company\/talkpal\/","https:\/\/www.youtube.com\/@TalkPal\/","https:\/\/www.tiktok.com\/@talkpal","https:\/\/www.instagram.com\/talkpal_ai\/","https:\/\/www.crunchbase.com\/organization\/talkpal-9cde","https:\/\/www.g2.com\/products\/talkpal-for-business\/","https:\/\/www.trustpilot.com\/review\/talkpal.ai","https:\/\/www.capterra.com\/p\/10006800\/TalkPal\/"],"description":"Talkpal is a language learning web and mobile education app, powered by the latest AI technologies, that provides engaging experiences to its customers in many different languages to help them improve their language skills. Users can chat about unlimited amount of topics with the app and use other modes to practice their language learning.","email":"support@talkpal.ai","legalName":"Talkpal, Inc.","foundingDate":"2023-04-03","duns":"118989042","numberOfEmployees":{"@type":"QuantitativeValue","minValue":"11","maxValue":"50"},"publishingPrinciples":"https:\/\/talkpal.ai\/publishing-principles\/","actionableFeedbackPolicy":"https:\/\/talkpal.ai\/actionable-feedback-policy\/","correctionsPolicy":"https:\/\/talkpal.ai\/corrections-policy\/","ethicsPolicy":"https:\/\/talkpal.ai\/ethics-policy\/","diversityPolicy":"https:\/\/talkpal.ai\/diversity-policy\/","diversityStaffingReport":"https:\/\/talkpal.ai\/diversity-policy\/"}]}},"_links":{"self":[{"href":"https:\/\/talkpal.ai\/uz\/wp-json\/wp\/v2\/pages\/1468441","targetHints":{"allow":["GET"]}}],"collection":[{"href":"https:\/\/talkpal.ai\/uz\/wp-json\/wp\/v2\/pages"}],"about":[{"href":"https:\/\/talkpal.ai\/uz\/wp-json\/wp\/v2\/types\/page"}],"author":[{"embeddable":true,"href":"https:\/\/talkpal.ai\/uz\/wp-json\/wp\/v2\/users\/20"}],"replies":[{"embeddable":true,"href":"https:\/\/talkpal.ai\/uz\/wp-json\/wp\/v2\/comments?post=1468441"}],"version-history":[{"count":0,"href":"https:\/\/talkpal.ai\/uz\/wp-json\/wp\/v2\/pages\/1468441\/revisions"}],"wp:attachment":[{"href":"https:\/\/talkpal.ai\/uz\/wp-json\/wp\/v2\/media?parent=1468441"}],"curies":[{"name":"wp","href":"https:\/\/api.w.org\/{rel}","templated":true}]}}