{"id":1468148,"date":"2025-11-12T15:39:07","date_gmt":"2025-11-12T15:39:07","guid":{"rendered":"https:\/\/talkpal.ai\/malta-tili-grammatikasi\/"},"modified":"2025-12-30T13:59:13","modified_gmt":"2025-12-30T13:59:13","slug":"malta-tili-grammatikasi","status":"publish","type":"page","link":"https:\/\/talkpal.ai\/uz\/malta-tili-grammatikasi\/","title":{"rendered":"Malta tili grammatikasi"},"content":{"rendered":"\r\n\r\n\r\n<section class=\"languageChallengeSection\">\r\n    <div class=\"languageInfoWrapper\">\r\n        \r\n        <h1>Malta tili grammatikasi<\/h1>\r\n        <p><a href=\"https:\/\/talkpal.ai\/learn-maltese\/\">Malta<\/a> tili grammatikasi dastlab qiyin bo&#039;lib tuyulishi mumkin, ammo uning o&#039;ziga xos xususiyatlari tilni o&#039;rganishni foydali tajribaga aylantiradi. Uning alifbosi, mutatsiyalari va <a href=\"https:\/\/talkpal.ai\/greek-grammar\/\">grammatika<\/a> qoidalarini o&#039;rganish orqali siz boy til an&#039;analari haqida tushunchaga ega bo&#039;lasiz. Sayohatingizni boshlang va Malta go&#039;zalligini kashf eting!<\/p>\r\n\r\n                            <a class=\"getStartedHidden\" href=\"https:\/\/app.talkpal.ai\/uz\/signup?lng=\">Boshlang<\/a>\r\n        \r\n    <\/div>\r\n\r\n    <figure>\r\n    <img decoding=\"async\" width=\"768\" height=\"768\" src=\"https:\/\/talkpal.ai\/wp-content\/uploads\/2023\/06\/welsh-768x768.png\" class=\"languageImage no-lazy\" alt=\"Language learning for better cognitive abilities\" fetchpriority=\"high\" sizes=\"(max-width: 768px) 150px, 768px\" srcset=\"https:\/\/talkpal.ai\/wp-content\/uploads\/2023\/06\/welsh-768x768.png 768w, https:\/\/talkpal.ai\/wp-content\/uploads\/2023\/06\/welsh-300x300.png 300w\" \/>\r\n    \r\n\r\n    <\/figure>\r\n\r\n            <a class=\"getStartedVisible\" href=\"https:\/\/app.talkpal.ai\/uz\/signup?lng=\">Boshlang<\/a>\r\n    \r\n<\/section><section class=\"promotionalBanner\">\r\n    <p class=\"promotionalText\">Til o&#8217;rganishning eng samarali usuli<\/p>\r\n    <a class=\"promotionalLink\" href=\"https:\/\/app.talkpal.ai\/uz\/signup?lng=\">Talkpal-ni bepul sinab ko&#8217;ring<\/a>\r\n<\/section>\n<div class=\"wp-block-group pageContainerStyle\"><div class=\"wp-block-group__inner-container is-layout-constrained wp-block-group-is-layout-constrained\">\n<h2 class=\"wp-block-heading\" id=\"h-navigating-the-intricacies-of-maltese-grammar\">Malta grammatikasining nozik tomonlarini navigatsiya qilish<\/h2>\n\n\n\n<p><a href=\"https:\/\/talkpal.ai\/uz\/malta-tilini-organing\/\">Malta tili<\/a> , chuqur O&#8217;rta er dengizi ildizlariga ega va jonli madaniy ahamiyatga ega semit tili, o&#8217;zining noyob grammatika tizimini o&#8217;rganishni istaganlar uchun hayajonli lingvistik tajribani taqdim etadi. Malta tiliga kirganingizda, siz nafaqat lingvistik repertuaringizni boyitibgina qolmay, balki qiziqarli madaniy sayohatni ham qabul qilasiz. <a href=\"https:\/\/talkpal.ai\/maltese-grammar\/\">Malta tili grammatikasi<\/a> dastlab murakkab ko\u2018rinsa-da, uni asosiy qismlarga ajratish tilni o\u2018rganishni yanada qulayroq qiladi. Ushbu maqolada biz Malta grammatikasining jozibali dunyosini o&#8217;rganamiz va uning murakkabliklarini qanday o&#8217;zlashtirish bo&#8217;yicha maslahatlar beramiz.<\/p>\n\n\n\n<h3 class=\"wp-block-heading\" id=\"h-1-maltese-alphabet-and-phonetics\">1. Malta alifbosi va fonetikasi<\/h3>\n\n\n\n<p>Malta alifbosi 30 ta harfdan iborat bo&#8217;lib, ulardan bir nechtasi &laquo;g\u0127&raquo;, &laquo;\u0127&raquo;, &laquo;q&raquo;, &laquo;\u010b&raquo;, &laquo;\u0121&raquo;, &laquo;\u017c&raquo; va &laquo;x&raquo; kabi tilga xosdir. Malta tili grammatikasini <a href=\"https:\/\/talkpal.ai\/uz\/til-organish-uchun-ai-chatbot\/\">o&#8217;rganish uchun<\/a> Malta tilida o&#8217;qish va yozishni mashq qilish orqali ushbu o&#8217;ziga xos yozuv tizimi bilan tanishish juda muhimdir.<\/p>\n\n\n\n<h3 class=\"wp-block-heading\" id=\"h-2-assimilation-a-peculiar-maltese-feature\">2. Assimilyatsiya: Maltaning o&#8217;ziga xos xususiyati<\/h3>\n\n\n\n<p>Malta grammatikasining o&#8217;ziga xos jihati &#8211; aniq artikl va unga bog&#8217;liq tovush o&#8217;zgarishlarining o&#8217;zlashtirilishi. \u201cil-\u201d yoki \u201cl-\u201d artikl ko\u02bbpincha ba\u02bczi otlarning bosh undoshiga o\u02bbzlashtirilib, il + ra\u0121el = ir-ra\u0121el va il + sieg\u0127a = is-sieg\u0127a kabi qo\u02bbsh tovush hosil qiladi. Predlog va artikl ham ta&#8217; + il = tal kabi kelishiklarni hosil qiladi. Ushbu assimilyatsiyalar va qisqarishlar qachon va qanday sodir bo&#8217;lishini tushunish Malta tilida to&#8217;g&#8217;ri muloqot qilish uchun juda muhimdir.<\/p>\n\n\n\n<h3 class=\"wp-block-heading\" id=\"h-3-nouns-and-pronouns-gender-and-cases\">3. Ot va olmoshlar: jins va holatlar<\/h3>\n\n\n\n<p>Maltacha otlar <a href=\"https:\/\/talkpal.ai\/fr\/les\/\">grammatik<\/a> jinsga ega (erkak yoki ayol) va turli ko&#8217;plik yaratish strategiyalaridan foydalanadi, jumladan -i va -ijiet kabi qo&#8217;shimchalar, shuningdek, ichki unlilarning o&#8217;zgarishi natijasida hosil bo&#8217;lgan singan ko&#8217;plik. Malta tilidagi olmoshlarga shaxs (jien, inti, hu, hi, a\u0127na, intom, huma), ko\u02bbpincha ta\u02bc yoki olmosh qo\u02bbshimchalari bilan tuzilgan egalik shakllari, refleksiv va urg\u02bbuli shakllar, ko\u02bbrsatuvchi (dan, din, shafaq, dak, dik, dawk) va so\u02bbroq so\u02bbzlari (min, fee, x&#8217;,) kiradi. Ushbu olmoshlar va ularning shakllari bilan tanishish sizning Malta tili grammatikasini tushunishingizni sezilarli darajada oshiradi.<\/p>\n\n\n\n<h3 class=\"wp-block-heading\" id=\"h-4-verbs-structure-and-conjugation\">4. Fe\u2019llar: tuzilishi va kelishik<\/h3>\n\n\n\n<p>Malta fe&#8217;llari ildizlar va naqshlar asosida qurilgan va shaxs, raqam va ba&#8217;zan jins uchun konjugatdir. Yadro poyalari o&#8217;tmishni va o&#8217;tmishni belgilab beradi, kelajak ko&#8217;pincha se zarrasi bilan ko&#8217;rsatiladi. Qo&#8217;shimcha elementlarga kieku bilan shartli va buyruq shakllari kiradi. Ob&#8217;ekt olmoshlari rajtekdagi kabi fe&#8217;llarga qo&#8217;shila oladi (men seni ko&#8217;rdim). Ma&#8230;x bilan fe&#8217;l konjugatsiya naqshlari, zarrachalar va inkorni o&#8217;rganish Malta tilida samarali muloqot qilish qobiliyatingizni yaxshilaydi.<\/p>\n\n\n\n<h3 class=\"wp-block-heading\" id=\"h-5-adjectives-agreement-and-placement\">5. Sifatlar: Kelishuv va joylashtirish<\/h3>\n\n\n\n<p>Malta grammatikasida sifatlar odatda o&#8217;zgartiradigan otga ergashadi va jinsi va soni bo&#8217;yicha otga mos keladi. Ko&#8217;pgina sifatlar ayol va ko&#8217;plik variantlarini hosil qiladi va qiyosiy va ustunlar odatda aktar yoki i\u017cjed bilan ifodalanadi, shuningdek, tabiiyroq muloqot qilishni o&#8217;rganish uchun zarur bo&#8217;lgan a\u0127jar va ag\u0127ar kabi bir nechta tartibsiz shakllar bilan bir qatorda.<\/p>\n\n\n\n<p><strong>Misollar:<\/strong><\/p>\n\n\n\n<p><strong>&#8211; im\u0127abba kbira (katta sevgi)<\/strong><\/p>\n\n\n\n<p><strong>&#8211; tfal \u017cg\u0127ar (kichik bolalar)<\/strong><\/p>\n\n\n\n<h3 class=\"wp-block-heading\" id=\"h-6-engaging-with-the-language\">6. Til bilan shug&#8217;ullanish<\/h3>\n\n\n\n<p>Malta tili grammatikasini to&#8217;liq tushunish va o&#8217;zlashtirishning eng samarali usuli bu til bilan doimiy ravishda shug&#8217;ullanishdir. Malta adabiyotini o&#8217;qish, Malta filmlari yoki teleseriallarini tomosha qilish va ona tilida so&#8217;zlashuvchilar bilan faol muloqot qilish orqali siz grammatikani tushunishingizni mustahkamlaysiz va so&#8217;z boyligingizni kengaytirasiz.<\/p>\n\n\n\n<h3 class=\"wp-block-heading\" id=\"h-conclusion\">Xulosa<\/h3>\n\n\n\n<p>Malta tili grammatikasi murakkab bo&#8217;lib tuyulsa-da, siz fidoyilik, amaliyot va ishtiyoq bilan ushbu go&#8217;zal tilni yaxshi bilishingiz mumkin. Asosiy qoidalarga e&#8217;tibor qaratish va turli kontekstlarda til bilan shug&#8217;ullanish orqali siz Malta tili <a href=\"https:\/\/talkpal.ai\/uz\/grammatika\/\">grammatika ko&#8217;nikmalaringizni<\/a> tezda oshirasiz. Malta tiliga sayohatingiz bilan Xorti tajba (omad tilaymiz) va Malta tili grammatikasining sirli, ammo jozibali dunyosini ochishdan zavqlaning!<\/p>\n<\/div><\/div>\n\r\n<section class=\"learnNavigationSection\">\r\n            \r\n        <a href=\"https:\/\/talkpal.ai\/uz\/malta-tilini-organing\/\">\r\n            <div class=\"learnNavigationWrapper\">\r\n                <div class=\"learnNavigationContent\">\r\n                    <img decoding=\"async\" src=\"https:\/\/talkpal.ai\/wp-content\/uploads\/2025\/11\/Maltese.png\" alt=\"Maltese Flag\">\r\n                    <div>\r\n                        <h4>Malta tilini o&#039;rganish haqida<\/h4>\r\n                        <p>Malta tili grammatikasi haqida hamma narsani bilib oling.<\/p>\r\n                    <\/div>\r\n                <\/div>\r\n            <\/div>\r\n        <\/a>\r\n\r\n        \r\n        <a href=\"https:\/\/talkpal.ai\/uz\/malta-tili-grammatikasi-mashqlari\/\">\r\n            <div class=\"learnNavigationWrapper\">\r\n                <div class=\"learnNavigationContent\">\r\n                    <img decoding=\"async\" src=\"https:\/\/talkpal.ai\/wp-content\/uploads\/2025\/11\/Maltese.png\" alt=\"Maltese Flag\">\r\n                    <div>\r\n                        <h4>Malta tili grammatikasi bo&#039;yicha mashq<\/h4>\r\n                        <p>Malta tili grammatikasini mashq qiling.<\/p>\r\n                    <\/div>\r\n                <\/div>\r\n            <\/div>\r\n        <\/a>\r\n\r\n            <\/section>","protected":false},"excerpt":{"rendered":"<p>Malta grammatikasining nozik tomonlarini navigatsiya qilish Malta tili , chuqur O&#8217;rta er dengizi ildizlariga ega va jonli madaniy ahamiyatga ega semit tili, o&#8217;zining noyob grammatika tizimini o&#8217;rganishni istaganlar uchun hayajonli lingvistik tajribani taqdim etadi. Malta tiliga kirganingizda, siz nafaqat lingvistik repertuaringizni boyitibgina qolmay, balki qiziqarli madaniy sayohatni ham qabul qilasiz. Malta tili grammatikasi dastlab murakkab [&hellip;]<\/p>\n","protected":false},"author":20,"featured_media":0,"parent":0,"menu_order":0,"comment_status":"closed","ping_status":"closed","template":"LearningContentPage.php","meta":{"_acf_changed":false,"footnotes":""},"class_list":["post-1468148","page","type-page","status-publish","hentry"],"acf":[],"yoast_head":"<!-- This site is optimized with the Yoast SEO Premium plugin v27.2 (Yoast SEO v27.2) - https:\/\/yoast.com\/product\/yoast-seo-premium-wordpress\/ -->\n<title>Malta tili grammatikasi - Talkpal<\/title>\n<meta name=\"description\" content=\"Alifbo, fonetika, fe&#039;l shakllari va ravonlik uchun zarur qoidalarni o&#039;zlashtirish orqali Malta grammatikasining sirlarini oching.\" \/>\n<meta name=\"robots\" content=\"index, follow, max-snippet:-1, max-image-preview:large, max-video-preview:-1\" \/>\n<link rel=\"canonical\" href=\"https:\/\/talkpal.ai\/uz\/malta-tili-grammatikasi\/\" \/>\n<meta property=\"og:locale\" content=\"uz_UZ\" \/>\n<meta property=\"og:type\" content=\"article\" \/>\n<meta property=\"og:title\" content=\"Malta tili grammatikasi\" \/>\n<meta property=\"og:description\" content=\"Malta grammatikasining nozik tomonlarini navigatsiya qilish Malta tili , chuqur O&#039;rta er dengizi ildizlariga ega va jonli madaniy ahamiyatga ega semit\" \/>\n<meta property=\"og:url\" content=\"https:\/\/talkpal.ai\/uz\/malta-tili-grammatikasi\/\" \/>\n<meta property=\"og:site_name\" content=\"Talkpal\" \/>\n<meta property=\"article:publisher\" content=\"https:\/\/www.facebook.com\/profile.php?id=100090733639311\" \/>\n<meta property=\"article:modified_time\" content=\"2025-12-30T13:59:13+00:00\" \/>\n<meta property=\"og:image\" content=\"https:\/\/talkpal.ai\/wp-content\/uploads\/2025\/02\/Progress-tab-16_9.png\" \/>\n\t<meta property=\"og:image:width\" content=\"2880\" \/>\n\t<meta property=\"og:image:height\" content=\"1620\" \/>\n\t<meta property=\"og:image:type\" content=\"image\/png\" \/>\n<meta name=\"twitter:card\" content=\"summary_large_image\" \/>\n<meta name=\"twitter:site\" content=\"@talkpalai\" \/>\n<meta name=\"twitter:label1\" content=\"Est. reading time\" \/>\n\t<meta name=\"twitter:data1\" content=\"3 daqiqa\" \/>\n<script type=\"application\/ld+json\" class=\"yoast-schema-graph\">{\"@context\":\"https:\/\/schema.org\",\"@graph\":[{\"@type\":\"WebPage\",\"@id\":\"https:\/\/talkpal.ai\/uz\/malta-tili-grammatikasi\/\",\"url\":\"https:\/\/talkpal.ai\/uz\/malta-tili-grammatikasi\/\",\"name\":\"Malta tili grammatikasi - Talkpal\",\"isPartOf\":{\"@id\":\"https:\/\/talkpal.ai\/uz\/#website\"},\"datePublished\":\"2025-11-12T15:39:07+00:00\",\"dateModified\":\"2025-12-30T13:59:13+00:00\",\"description\":\"Alifbo, fonetika, fe'l shakllari va ravonlik uchun zarur qoidalarni o'zlashtirish orqali Malta grammatikasining sirlarini oching.\",\"breadcrumb\":{\"@id\":\"https:\/\/talkpal.ai\/uz\/malta-tili-grammatikasi\/#breadcrumb\"},\"inLanguage\":\"uz-UZ\",\"potentialAction\":[{\"@type\":\"ReadAction\",\"target\":[\"https:\/\/talkpal.ai\/uz\/malta-tili-grammatikasi\/\"]}]},{\"@type\":\"BreadcrumbList\",\"@id\":\"https:\/\/talkpal.ai\/uz\/malta-tili-grammatikasi\/#breadcrumb\",\"itemListElement\":[{\"@type\":\"ListItem\",\"position\":1,\"name\":\"Homepage\",\"item\":\"https:\/\/talkpal.ai\/uz\/ai-til-oqituvchisi-3\/\"},{\"@type\":\"ListItem\",\"position\":2,\"name\":\"Malta tili grammatikasi\"}]},{\"@type\":\"WebSite\",\"@id\":\"https:\/\/talkpal.ai\/uz\/#website\",\"url\":\"https:\/\/talkpal.ai\/uz\/\",\"name\":\"Talkpal\",\"description\":\"AI Language Learning\",\"publisher\":{\"@id\":\"https:\/\/talkpal.ai\/uz\/#organization\"},\"alternateName\":\"Talkpal AI\",\"potentialAction\":[{\"@type\":\"SearchAction\",\"target\":{\"@type\":\"EntryPoint\",\"urlTemplate\":\"https:\/\/talkpal.ai\/uz\/?s={search_term_string}\"},\"query-input\":{\"@type\":\"PropertyValueSpecification\",\"valueRequired\":true,\"valueName\":\"search_term_string\"}}],\"inLanguage\":\"uz-UZ\"},{\"@type\":\"Organization\",\"@id\":\"https:\/\/talkpal.ai\/uz\/#organization\",\"name\":\"Talkpal, Inc.\",\"alternateName\":\"Talkpal AI\",\"url\":\"https:\/\/talkpal.ai\/uz\/\",\"logo\":{\"@type\":\"ImageObject\",\"inLanguage\":\"uz-UZ\",\"@id\":\"https:\/\/talkpal.ai\/uz\/#\/schema\/logo\/image\/\",\"url\":\"https:\/\/talkpal.ai\/wp-content\/uploads\/2024\/03\/Talkpal-Logo-Icon.png\",\"contentUrl\":\"https:\/\/talkpal.ai\/wp-content\/uploads\/2024\/03\/Talkpal-Logo-Icon.png\",\"width\":2880,\"height\":2880,\"caption\":\"Talkpal, Inc.\"},\"image\":{\"@id\":\"https:\/\/talkpal.ai\/uz\/#\/schema\/logo\/image\/\"},\"sameAs\":[\"https:\/\/www.facebook.com\/profile.php?id=100090733639311\",\"https:\/\/x.com\/talkpalai\",\"https:\/\/www.linkedin.com\/company\/talkpal\/\",\"https:\/\/www.youtube.com\/@TalkPal\/\",\"https:\/\/www.tiktok.com\/@talkpal\",\"https:\/\/www.instagram.com\/talkpal_ai\/\",\"https:\/\/www.crunchbase.com\/organization\/talkpal-9cde\",\"https:\/\/www.g2.com\/products\/talkpal-for-business\/\",\"https:\/\/www.trustpilot.com\/review\/talkpal.ai\",\"https:\/\/www.capterra.com\/p\/10006800\/TalkPal\/\"],\"description\":\"Talkpal is a language learning web and mobile education app, powered by the latest AI technologies, that provides engaging experiences to its customers in many different languages to help them improve their language skills. Users can chat about unlimited amount of topics with the app and use other modes to practice their language learning.\",\"email\":\"support@talkpal.ai\",\"legalName\":\"Talkpal, Inc.\",\"foundingDate\":\"2023-04-03\",\"duns\":\"118989042\",\"numberOfEmployees\":{\"@type\":\"QuantitativeValue\",\"minValue\":\"11\",\"maxValue\":\"50\"},\"publishingPrinciples\":\"https:\/\/talkpal.ai\/publishing-principles\/\",\"actionableFeedbackPolicy\":\"https:\/\/talkpal.ai\/actionable-feedback-policy\/\",\"correctionsPolicy\":\"https:\/\/talkpal.ai\/corrections-policy\/\",\"ethicsPolicy\":\"https:\/\/talkpal.ai\/ethics-policy\/\",\"diversityPolicy\":\"https:\/\/talkpal.ai\/diversity-policy\/\",\"diversityStaffingReport\":\"https:\/\/talkpal.ai\/diversity-policy\/\"}]}<\/script>\n<!-- \/ Yoast SEO Premium plugin. -->","yoast_head_json":{"title":"Malta tili grammatikasi - Talkpal","description":"Alifbo, fonetika, fe'l shakllari va ravonlik uchun zarur qoidalarni o'zlashtirish orqali Malta grammatikasining sirlarini oching.","robots":{"index":"index","follow":"follow","max-snippet":"max-snippet:-1","max-image-preview":"max-image-preview:large","max-video-preview":"max-video-preview:-1"},"canonical":"https:\/\/talkpal.ai\/uz\/malta-tili-grammatikasi\/","og_locale":"uz_UZ","og_type":"article","og_title":"Malta tili grammatikasi","og_description":"Malta grammatikasining nozik tomonlarini navigatsiya qilish Malta tili , chuqur O'rta er dengizi ildizlariga ega va jonli madaniy ahamiyatga ega semit","og_url":"https:\/\/talkpal.ai\/uz\/malta-tili-grammatikasi\/","og_site_name":"Talkpal","article_publisher":"https:\/\/www.facebook.com\/profile.php?id=100090733639311","article_modified_time":"2025-12-30T13:59:13+00:00","og_image":[{"width":2880,"height":1620,"url":"https:\/\/talkpal.ai\/wp-content\/uploads\/2025\/02\/Progress-tab-16_9.png","type":"image\/png"}],"twitter_card":"summary_large_image","twitter_site":"@talkpalai","twitter_misc":{"Est. reading time":"3 daqiqa"},"schema":{"@context":"https:\/\/schema.org","@graph":[{"@type":"WebPage","@id":"https:\/\/talkpal.ai\/uz\/malta-tili-grammatikasi\/","url":"https:\/\/talkpal.ai\/uz\/malta-tili-grammatikasi\/","name":"Malta tili grammatikasi - Talkpal","isPartOf":{"@id":"https:\/\/talkpal.ai\/uz\/#website"},"datePublished":"2025-11-12T15:39:07+00:00","dateModified":"2025-12-30T13:59:13+00:00","description":"Alifbo, fonetika, fe'l shakllari va ravonlik uchun zarur qoidalarni o'zlashtirish orqali Malta grammatikasining sirlarini oching.","breadcrumb":{"@id":"https:\/\/talkpal.ai\/uz\/malta-tili-grammatikasi\/#breadcrumb"},"inLanguage":"uz-UZ","potentialAction":[{"@type":"ReadAction","target":["https:\/\/talkpal.ai\/uz\/malta-tili-grammatikasi\/"]}]},{"@type":"BreadcrumbList","@id":"https:\/\/talkpal.ai\/uz\/malta-tili-grammatikasi\/#breadcrumb","itemListElement":[{"@type":"ListItem","position":1,"name":"Homepage","item":"https:\/\/talkpal.ai\/uz\/ai-til-oqituvchisi-3\/"},{"@type":"ListItem","position":2,"name":"Malta tili grammatikasi"}]},{"@type":"WebSite","@id":"https:\/\/talkpal.ai\/uz\/#website","url":"https:\/\/talkpal.ai\/uz\/","name":"Talkpal","description":"AI Language Learning","publisher":{"@id":"https:\/\/talkpal.ai\/uz\/#organization"},"alternateName":"Talkpal AI","potentialAction":[{"@type":"SearchAction","target":{"@type":"EntryPoint","urlTemplate":"https:\/\/talkpal.ai\/uz\/?s={search_term_string}"},"query-input":{"@type":"PropertyValueSpecification","valueRequired":true,"valueName":"search_term_string"}}],"inLanguage":"uz-UZ"},{"@type":"Organization","@id":"https:\/\/talkpal.ai\/uz\/#organization","name":"Talkpal, Inc.","alternateName":"Talkpal AI","url":"https:\/\/talkpal.ai\/uz\/","logo":{"@type":"ImageObject","inLanguage":"uz-UZ","@id":"https:\/\/talkpal.ai\/uz\/#\/schema\/logo\/image\/","url":"https:\/\/talkpal.ai\/wp-content\/uploads\/2024\/03\/Talkpal-Logo-Icon.png","contentUrl":"https:\/\/talkpal.ai\/wp-content\/uploads\/2024\/03\/Talkpal-Logo-Icon.png","width":2880,"height":2880,"caption":"Talkpal, Inc."},"image":{"@id":"https:\/\/talkpal.ai\/uz\/#\/schema\/logo\/image\/"},"sameAs":["https:\/\/www.facebook.com\/profile.php?id=100090733639311","https:\/\/x.com\/talkpalai","https:\/\/www.linkedin.com\/company\/talkpal\/","https:\/\/www.youtube.com\/@TalkPal\/","https:\/\/www.tiktok.com\/@talkpal","https:\/\/www.instagram.com\/talkpal_ai\/","https:\/\/www.crunchbase.com\/organization\/talkpal-9cde","https:\/\/www.g2.com\/products\/talkpal-for-business\/","https:\/\/www.trustpilot.com\/review\/talkpal.ai","https:\/\/www.capterra.com\/p\/10006800\/TalkPal\/"],"description":"Talkpal is a language learning web and mobile education app, powered by the latest AI technologies, that provides engaging experiences to its customers in many different languages to help them improve their language skills. Users can chat about unlimited amount of topics with the app and use other modes to practice their language learning.","email":"support@talkpal.ai","legalName":"Talkpal, Inc.","foundingDate":"2023-04-03","duns":"118989042","numberOfEmployees":{"@type":"QuantitativeValue","minValue":"11","maxValue":"50"},"publishingPrinciples":"https:\/\/talkpal.ai\/publishing-principles\/","actionableFeedbackPolicy":"https:\/\/talkpal.ai\/actionable-feedback-policy\/","correctionsPolicy":"https:\/\/talkpal.ai\/corrections-policy\/","ethicsPolicy":"https:\/\/talkpal.ai\/ethics-policy\/","diversityPolicy":"https:\/\/talkpal.ai\/diversity-policy\/","diversityStaffingReport":"https:\/\/talkpal.ai\/diversity-policy\/"}]}},"_links":{"self":[{"href":"https:\/\/talkpal.ai\/uz\/wp-json\/wp\/v2\/pages\/1468148","targetHints":{"allow":["GET"]}}],"collection":[{"href":"https:\/\/talkpal.ai\/uz\/wp-json\/wp\/v2\/pages"}],"about":[{"href":"https:\/\/talkpal.ai\/uz\/wp-json\/wp\/v2\/types\/page"}],"author":[{"embeddable":true,"href":"https:\/\/talkpal.ai\/uz\/wp-json\/wp\/v2\/users\/20"}],"replies":[{"embeddable":true,"href":"https:\/\/talkpal.ai\/uz\/wp-json\/wp\/v2\/comments?post=1468148"}],"version-history":[{"count":0,"href":"https:\/\/talkpal.ai\/uz\/wp-json\/wp\/v2\/pages\/1468148\/revisions"}],"wp:attachment":[{"href":"https:\/\/talkpal.ai\/uz\/wp-json\/wp\/v2\/media?parent=1468148"}],"curies":[{"name":"wp","href":"https:\/\/api.w.org\/{rel}","templated":true}]}}