{"id":1468063,"date":"2025-11-11T12:32:58","date_gmt":"2025-11-11T12:32:58","guid":{"rendered":"https:\/\/talkpal.ai\/alban-tili-grammatikasi-mashqlari\/"},"modified":"2025-12-30T15:38:33","modified_gmt":"2025-12-30T15:38:33","slug":"alban-tili-grammatikasi-mashqlari","status":"publish","type":"page","link":"https:\/\/talkpal.ai\/uz\/alban-tili-grammatikasi-mashqlari\/","title":{"rendered":"Alban tili grammatikasi mashqlari"},"content":{"rendered":"\r\n\r\n\r\n<section class=\"languageChallengeSection\">\r\n    <div class=\"languageInfoWrapper\">\r\n        \r\n        <h1>Alban tili grammatikasi mashqlari<\/h1>\r\n        <p><a href=\"https:\/\/talkpal.ai\/learn-albanian\/\">Alban<\/a> tili grammatikasiga sho&#039;ng&#039;ishga tayyormisiz? Bir nechta asoslarni mashq qilish sizga ushbu noyob va chiroyli til bilan qulay bo&#039;lishingizga yordam beradi. O&#039;zingizga bo&#039;lgan ishonchni oshirish va yo&#039;lda dam olish uchun ushbu mashqlarni sinab ko&#039;ring!<\/p>\r\n\r\n                            <a class=\"getStartedHidden\" href=\"https:\/\/app.talkpal.ai\/uz\/signup?lng=\">Boshlang<\/a>\r\n        \r\n    <\/div>\r\n\r\n    <figure>\r\n    <img decoding=\"async\" width=\"768\" height=\"768\" src=\"https:\/\/talkpal.ai\/wp-content\/uploads\/2023\/06\/welsh-768x768.png\" class=\"languageImage no-lazy\" alt=\"Language learning for better cognitive abilities\" fetchpriority=\"high\" sizes=\"(max-width: 768px) 150px, 768px\" srcset=\"https:\/\/talkpal.ai\/wp-content\/uploads\/2023\/06\/welsh-768x768.png 768w, https:\/\/talkpal.ai\/wp-content\/uploads\/2023\/06\/welsh-300x300.png 300w\" \/>\r\n    \r\n\r\n    <\/figure>\r\n\r\n            <a class=\"getStartedVisible\" href=\"https:\/\/app.talkpal.ai\/uz\/signup?lng=\">Boshlang<\/a>\r\n    \r\n<\/section><section class=\"promotionalBanner\">\r\n    <p class=\"promotionalText\">Til o&#8217;rganishning eng samarali usuli<\/p>\r\n    <a class=\"promotionalLink\" href=\"https:\/\/app.talkpal.ai\/uz\/signup?lng=\">Talkpal-ni bepul sinab ko&#8217;ring<\/a>\r\n<\/section>\n<div class=\"wp-block-group pageContainerStyle\"><div class=\"wp-block-group__inner-container is-layout-constrained wp-block-group-is-layout-constrained\">\n<h2 class=\"wp-block-heading\" id=\"h-albanian-grammar-topics\">Alban tili grammatikasi mavzulari<\/h2>\n\n\n\n<p><a href=\"https:\/\/talkpal.ai\/uz\/yangi-tilni-organishda-yol-qoymaslik-kerak-bolgan-eng-katta-xatolar\/\">Yangi tilni o&#8217;rganish<\/a> qiyin, ammo foydali ish bo&#8217;lishi mumkin. Asosan Albaniyada so&#8217;zlashadigan hind-evropa tili alban tili ham bundan mustasno emas. O&#8217;zining noyob xususiyatlari va tuzilmalari bilan alban <a href=\"https:\/\/talkpal.ai\/uz\/talim-uchun-talkpal\/\">tilini o&#8217;rganish<\/a> uning boy grammatikasini tushunish uchun tizimli yondashuvni talab qiladi. Ushbu qo\u02bbllanmada <a href=\"https:\/\/talkpal.ai\/uz\/til-organish-uchun-ai-chatbot\/\">til o\u02bbrganish<\/a> uchun mantiqiy ketma-ketlikda <a href=\"https:\/\/talkpal.ai\/uz\/alban-tili-grammatikasi\/\">alban tili grammatikasining<\/a> asosiy yo\u02bbnalishlari, ot va artikl kabi asoslardan boshlab, zamon va jumla qurilishi kabi murakkabroq sohalarga o\u02bbtish yo\u02bbli bilan tavsiflanadi.<\/p>\n\n\n\n<h3 class=\"wp-block-heading\" id=\"h-1-nouns\">1. Ismlar:<\/h3>\n\n\n\n<p>Alban tilidagi sayohatingizni otlarni o&#8217;rganish bilan boshlang. Bu jins va sonni, umumiy va tegishli otlarni va ularning ko&#8217;plik shakllarini tushunishni o&#8217;z ichiga oladi. Alban tilidagi otlar ham hol ma\u2019nosini ifodalaydi va noaniq va aniq shakllarga ega bo\u2018lib, aniqlik ko\u2018pincha otga qo\u2018shilgan qo\u2018shimcha bilan belgilanadi.<\/p>\n\n\n\n<h3 class=\"wp-block-heading\" id=\"h-2-articles\">2. Maqolalar:<\/h3>\n\n\n\n<p>Alban tilidagi maqolalar <a href=\"https:\/\/talkpal.ai\/ai-english-speaking-practice\/\">ingliz tilidan<\/a> farq qiladi. Aniq artikl odatda otga qo\u2018shiladigan qo\u2018shimcha bo\u2018lsa, noaniq artikl birlikdagi alohida nj\u00eb so\u2018zidir. Alban tilida ham sifatlar oldidan va ma&#8217;lum jinsiy tuzilmalarda jins va songa mos keladigan bog&#8217;lovchi artikl ishlatiladi.<\/p>\n\n\n\n<h3 class=\"wp-block-heading\" id=\"h-3-adjectives\">3. Sifatlar:<\/h3>\n\n\n\n<p>Alban tilidagi sifatlar odatda ularning otlaridan keyin keladi. Kelishuv otning jinsi, soni va holatini aks ettiruvchi sifatdan oldin qo&#8217;yilgan bog&#8217;lovchi artikl orqali ko&#8217;rsatiladi. Qiyosiy va ustun so\u2018zlarni yasashni o\u2018rganing, odatda qiyosiy uchun m\u00eb, ustunlik uchun esa aniq shakl.<\/p>\n\n\n\n<h3 class=\"wp-block-heading\" id=\"h-4-pronouns-determiners\">4. Olmoshlar\/aniqlovchilar:<\/h3>\n\n\n\n<p>Olmoshlar va aniqlovchilar alban tilida muhim; ular otlarni almashtiradi va shaxs, egalik, miqdor va boshqalar <a href=\"https:\/\/talkpal.ai\/uz\/haqida\/\">haqida<\/a> ma&#8217;lumot beradi. Ko&#8217;pincha fe&#8217;ldan oldin keladigan klitik ob&#8217;ekt olmoshlariga va ular o&#8217;zgartiradigan otga mos keladigan egalik aniqlovchilariga alohida e&#8217;tibor bering.<\/p>\n\n\n\n<h3 class=\"wp-block-heading\" id=\"h-5-verbs\">5. Fe\u2019llar:<\/h3>\n\n\n\n<p>Alban fe&#8217;llari shaxs va son uchun shaklni o&#8217;zgartiradi va ko&#8217;rsatkich, subjunktiv, buyruq, shart va admirativ kabi bir nechta kayfiyatda qo&#8217;llaniladi. Hozirgi zamon va umumiy o&#8217;tmish shakllaridan boshlang, so&#8217;ngra boshqa kayfiyat va ovozlarni, shu jumladan <a href=\"https:\/\/talkpal.ai\/ja\/grammar\/%e5%8f%97%e5%8b%95%e6%85%8b\/\">passiv<\/a> shakllanishlarni kengaytiring.<\/p>\n\n\n\n<h3 class=\"wp-block-heading\" id=\"h-6-tenses\">6. Zamonlar:<\/h3>\n\n\n\n<p>Fe&#8217;l shakllarini o&#8217;zlashtirgandan so&#8217;ng, alban tilini chuqurroq o&#8217;rganing. Asosiy zamonlarga hozirgi, nomukammal, aorist, hozirgi mukammal, ko\u2018plik va kelasi shakl kiradi. Tugallangan harakatlar, davom etayotgan o&#8217;tmishdagi harakatlar va kelajakdagi voqealarni ifodalash uchun har bir zamon kontekstda qanday ishlatilishini bilib oling.<\/p>\n\n\n\n<h3 class=\"wp-block-heading\" id=\"h-7-tense-comparison\">7. Vaqtni taqqoslash:<\/h3>\n\n\n\n<p>Alban tilidagi zamonlarni solishtirish voqealar ketma-ketligi va tomonlarini tushunishga yordam beradi. Aoristni hozirgi mukammal va nomukammalni aorist bilan taqqoslang, albancha bitta tugallangan harakatlarni, davom etayotgan o&#8217;tmishdagi harakatlarni va hozirgi dolzarblikni qanday farqlashini ko&#8217;ring.<\/p>\n\n\n\n<h3 class=\"wp-block-heading\" id=\"h-8-progressive\">8. Progressiv:<\/h3>\n\n\n\n<p>Alban tilidagi progressiv jihat odatda chekli fe&#8217;ldan oldin po zarrachasi yoki jam duke tuzilishidan keyin og&#8217;zaki ot yoki kesim bilan ifodalanadi. Hozirgi yoki o&#8217;tmishda davom etayotgan harakatlarni ifodalash uchun ulardan foydalaning.<\/p>\n\n\n\n<h3 class=\"wp-block-heading\" id=\"h-9-perfect-progressive\">9. Mukammal progressiv:<\/h3>\n\n\n\n<p>Bu jihat ma&#8217;lum bir nuqtaga qadar davom etgan harakatlarni ifodalash uchun ishlatiladi. Alban tilida kam qen\u00eb duke so\u02bbzidan keyin hozirgi mukammal progressiv, kisha qen\u00eb duke o\u02bbtgan mukammal progressiv ma\u02bcnosini bildiruvchi kesim qo\u02bbshilib yasaladi.<\/p>\n\n\n\n<h3 class=\"wp-block-heading\" id=\"h-10-conditionals\">10. Shartlar:<\/h3>\n\n\n\n<p>Shartlar faraziy vaziyatlarni va ularning mumkin bo&#8217;lgan natijalarini ifodalaydi. Alban tilida do t\u00eb va potentsial yoki noreal vaziyatlar uchun mos fe&#8217;l shakli va n\u00ebse yoki po t\u00eb tomonidan kiritilgan if-bandlari qo&#8217;llaniladi. Bularni o\u2018zlashtirib olish til ko\u2018nikmalaringizga nuance qo\u2018shadi.<\/p>\n\n\n\n<h3 class=\"wp-block-heading\" id=\"h-11-adverbs\">11. Qo\u2018shimchalar:<\/h3>\n\n\n\n<p>Alban tilidagi qo&#8217;shimchalar fe&#8217;llarni, sifatlarni yoki boshqa qo&#8217;shimchalarni o&#8217;zgartiradi. Ular ko&#8217;pincha sifatlar bilan bir xil shakllar yoki tani, dje, k\u00ebtu va atje kabi turg&#8217;un qo&#8217;shimcha so&#8217;zlardan foydalangan holda uslub, joy, vaqt, daraja va boshqalar haqida ma&#8217;lumot beradi.<\/p>\n\n\n\n<h3 class=\"wp-block-heading\" id=\"h-12-prepositions\">12. Old qo\u2018shimchalar:<\/h3>\n\n\n\n<p>Old qo\u2018shimchalar so\u2018z va iboralarni bir-biriga bog\u2018laydi. Ular n\u00eb, te, tek, me, pa, p\u00ebr, nga, mbi, n\u00ebn, para va pas kabi umumiy elementlardan foydalangan holda vaqt, joy, yo\u02bbnalish va boshqalar munosabatlarini ifodalaydi. Ularning holatlar va ot so&#8217;z birikmalarida bog&#8217;lovchi artikl bilan qanday birikishini bilib oling.<\/p>\n\n\n\n<h3 class=\"wp-block-heading\" id=\"h-13-sentences\">13. Gaplar:<\/h3>\n\n\n\n<p>Nihoyat, jumlalar tuzishni mashq qiling. Alban tilida odatda umumiy SVO naqshli moslashuvchan so&#8217;z tartibi mavjud, fe&#8217;l oldidan klitik olmoshlardan foydalanadi, nuk bilan inkor qiladi va intonatsiya yoki a bilan savollar hosil qiladi. Oldin o&#8217;rganilgan barcha <a href=\"https:\/\/talkpal.ai\/greek-grammar\/\">grammatika<\/a> nuqtalarini kontekstda ishlatish alban tilini har tomonlama tushunishni ta&#8217;minlaydi.<\/p>\n<\/div><\/div>\n\r\n<section class=\"learnNavigationSection\">\r\n            \r\n        <a href=\"https:\/\/talkpal.ai\/uz\/alban-tilini-organing\/\">\r\n            <div class=\"learnNavigationWrapper\">\r\n                <div class=\"learnNavigationContent\">\r\n                    <img decoding=\"async\" src=\"https:\/\/talkpal.ai\/wp-content\/uploads\/2025\/11\/Albanian.png\" alt=\"Albanian Flag\">\r\n                    <div>\r\n                        <h4>Alban tilini o&#039;rganish haqida<\/h4>\r\n                        <p>Alban tili grammatikasi haqida hamma narsani bilib oling.<\/p>\r\n                    <\/div>\r\n                <\/div>\r\n            <\/div>\r\n        <\/a>\r\n\r\n        \r\n        <a href=\"https:\/\/talkpal.ai\/uz\/alban-tili-grammatikasi\/\">\r\n            <div class=\"learnNavigationWrapper\">\r\n                <div class=\"learnNavigationContent\">\r\n                    <img decoding=\"async\" src=\"https:\/\/talkpal.ai\/wp-content\/uploads\/2025\/11\/Albanian.png\" alt=\"Albanian Flag\">\r\n                    <div>\r\n                        <h4>Alban tili grammatikasi darslari<\/h4>\r\n                        <p>Alban tili grammatikasini mashq qiling.<\/p>\r\n                    <\/div>\r\n                <\/div>\r\n            <\/div>\r\n        <\/a>\r\n\r\n            <\/section>","protected":false},"excerpt":{"rendered":"<p>Alban tili grammatikasi mavzulari Yangi tilni o&#8217;rganish qiyin, ammo foydali ish bo&#8217;lishi mumkin. Asosan Albaniyada so&#8217;zlashadigan hind-evropa tili alban tili ham bundan mustasno emas. O&#8217;zining noyob xususiyatlari va tuzilmalari bilan alban tilini o&#8217;rganish uning boy grammatikasini tushunish uchun tizimli yondashuvni talab qiladi. Ushbu qo\u02bbllanmada til o\u02bbrganish uchun mantiqiy ketma-ketlikda alban tili grammatikasining asosiy yo\u02bbnalishlari, ot [&hellip;]<\/p>\n","protected":false},"author":20,"featured_media":0,"parent":0,"menu_order":0,"comment_status":"closed","ping_status":"closed","template":"LearningContentPage.php","meta":{"_acf_changed":false,"footnotes":""},"class_list":["post-1468063","page","type-page","status-publish","hentry"],"acf":[],"yoast_head":"<!-- This site is optimized with the Yoast SEO Premium plugin v27.2 (Yoast SEO v27.2) - https:\/\/yoast.com\/product\/yoast-seo-premium-wordpress\/ -->\n<title>Alban tili grammatikasi mashqlari - Talkpal<\/title>\n<meta name=\"description\" content=\"Talkpal\u2019ning otlar, fe\u2019llar, zamonlar va gap tuzilmalarini qamrab oluvchi interaktiv grammatika mashqlari bilan alban tilingizni yaxshilang.\" \/>\n<meta name=\"robots\" content=\"index, follow, max-snippet:-1, max-image-preview:large, max-video-preview:-1\" \/>\n<link rel=\"canonical\" href=\"https:\/\/talkpal.ai\/uz\/alban-tili-grammatikasi-mashqlari\/\" \/>\n<meta property=\"og:locale\" content=\"uz_UZ\" \/>\n<meta property=\"og:type\" content=\"article\" \/>\n<meta property=\"og:title\" content=\"Alban tili grammatikasi mashqlari\" \/>\n<meta property=\"og:description\" content=\"Alban tili grammatikasi mavzulari Yangi tilni o&#039;rganish qiyin, ammo foydali ish bo&#039;lishi mumkin. Asosan Albaniyada so&#039;zlashadigan hind-evropa tili alban\" \/>\n<meta property=\"og:url\" content=\"https:\/\/talkpal.ai\/uz\/alban-tili-grammatikasi-mashqlari\/\" \/>\n<meta property=\"og:site_name\" content=\"Talkpal\" \/>\n<meta property=\"article:publisher\" content=\"https:\/\/www.facebook.com\/profile.php?id=100090733639311\" \/>\n<meta property=\"article:modified_time\" content=\"2025-12-30T15:38:33+00:00\" \/>\n<meta property=\"og:image\" content=\"https:\/\/talkpal.ai\/wp-content\/uploads\/2025\/02\/Progress-tab-16_9.png\" \/>\n\t<meta property=\"og:image:width\" content=\"2880\" \/>\n\t<meta property=\"og:image:height\" content=\"1620\" \/>\n\t<meta property=\"og:image:type\" content=\"image\/png\" \/>\n<meta name=\"twitter:card\" content=\"summary_large_image\" \/>\n<meta name=\"twitter:site\" content=\"@talkpalai\" \/>\n<meta name=\"twitter:label1\" content=\"Est. reading time\" \/>\n\t<meta name=\"twitter:data1\" content=\"3 daqiqa\" \/>\n<script type=\"application\/ld+json\" class=\"yoast-schema-graph\">{\"@context\":\"https:\/\/schema.org\",\"@graph\":[{\"@type\":\"WebPage\",\"@id\":\"https:\/\/talkpal.ai\/uz\/alban-tili-grammatikasi-mashqlari\/\",\"url\":\"https:\/\/talkpal.ai\/uz\/alban-tili-grammatikasi-mashqlari\/\",\"name\":\"Alban tili grammatikasi mashqlari - Talkpal\",\"isPartOf\":{\"@id\":\"https:\/\/talkpal.ai\/uz\/#website\"},\"datePublished\":\"2025-11-11T12:32:58+00:00\",\"dateModified\":\"2025-12-30T15:38:33+00:00\",\"description\":\"Talkpal\u2019ning otlar, fe\u2019llar, zamonlar va gap tuzilmalarini qamrab oluvchi interaktiv grammatika mashqlari bilan alban tilingizni yaxshilang.\",\"breadcrumb\":{\"@id\":\"https:\/\/talkpal.ai\/uz\/alban-tili-grammatikasi-mashqlari\/#breadcrumb\"},\"inLanguage\":\"uz-UZ\",\"potentialAction\":[{\"@type\":\"ReadAction\",\"target\":[\"https:\/\/talkpal.ai\/uz\/alban-tili-grammatikasi-mashqlari\/\"]}]},{\"@type\":\"BreadcrumbList\",\"@id\":\"https:\/\/talkpal.ai\/uz\/alban-tili-grammatikasi-mashqlari\/#breadcrumb\",\"itemListElement\":[{\"@type\":\"ListItem\",\"position\":1,\"name\":\"Homepage\",\"item\":\"https:\/\/talkpal.ai\/uz\/ai-til-oqituvchisi-3\/\"},{\"@type\":\"ListItem\",\"position\":2,\"name\":\"Alban tili grammatikasi mashqlari\"}]},{\"@type\":\"WebSite\",\"@id\":\"https:\/\/talkpal.ai\/uz\/#website\",\"url\":\"https:\/\/talkpal.ai\/uz\/\",\"name\":\"Talkpal\",\"description\":\"AI Language Learning\",\"publisher\":{\"@id\":\"https:\/\/talkpal.ai\/uz\/#organization\"},\"alternateName\":\"Talkpal AI\",\"potentialAction\":[{\"@type\":\"SearchAction\",\"target\":{\"@type\":\"EntryPoint\",\"urlTemplate\":\"https:\/\/talkpal.ai\/uz\/?s={search_term_string}\"},\"query-input\":{\"@type\":\"PropertyValueSpecification\",\"valueRequired\":true,\"valueName\":\"search_term_string\"}}],\"inLanguage\":\"uz-UZ\"},{\"@type\":\"Organization\",\"@id\":\"https:\/\/talkpal.ai\/uz\/#organization\",\"name\":\"Talkpal, Inc.\",\"alternateName\":\"Talkpal AI\",\"url\":\"https:\/\/talkpal.ai\/uz\/\",\"logo\":{\"@type\":\"ImageObject\",\"inLanguage\":\"uz-UZ\",\"@id\":\"https:\/\/talkpal.ai\/uz\/#\/schema\/logo\/image\/\",\"url\":\"https:\/\/talkpal.ai\/wp-content\/uploads\/2024\/03\/Talkpal-Logo-Icon.png\",\"contentUrl\":\"https:\/\/talkpal.ai\/wp-content\/uploads\/2024\/03\/Talkpal-Logo-Icon.png\",\"width\":2880,\"height\":2880,\"caption\":\"Talkpal, Inc.\"},\"image\":{\"@id\":\"https:\/\/talkpal.ai\/uz\/#\/schema\/logo\/image\/\"},\"sameAs\":[\"https:\/\/www.facebook.com\/profile.php?id=100090733639311\",\"https:\/\/x.com\/talkpalai\",\"https:\/\/www.linkedin.com\/company\/talkpal\/\",\"https:\/\/www.youtube.com\/@TalkPal\/\",\"https:\/\/www.tiktok.com\/@talkpal\",\"https:\/\/www.instagram.com\/talkpal_ai\/\",\"https:\/\/www.crunchbase.com\/organization\/talkpal-9cde\",\"https:\/\/www.g2.com\/products\/talkpal-for-business\/\",\"https:\/\/www.trustpilot.com\/review\/talkpal.ai\",\"https:\/\/www.capterra.com\/p\/10006800\/TalkPal\/\"],\"description\":\"Talkpal is a language learning web and mobile education app, powered by the latest AI technologies, that provides engaging experiences to its customers in many different languages to help them improve their language skills. Users can chat about unlimited amount of topics with the app and use other modes to practice their language learning.\",\"email\":\"support@talkpal.ai\",\"legalName\":\"Talkpal, Inc.\",\"foundingDate\":\"2023-04-03\",\"duns\":\"118989042\",\"numberOfEmployees\":{\"@type\":\"QuantitativeValue\",\"minValue\":\"11\",\"maxValue\":\"50\"},\"publishingPrinciples\":\"https:\/\/talkpal.ai\/publishing-principles\/\",\"actionableFeedbackPolicy\":\"https:\/\/talkpal.ai\/actionable-feedback-policy\/\",\"correctionsPolicy\":\"https:\/\/talkpal.ai\/corrections-policy\/\",\"ethicsPolicy\":\"https:\/\/talkpal.ai\/ethics-policy\/\",\"diversityPolicy\":\"https:\/\/talkpal.ai\/diversity-policy\/\",\"diversityStaffingReport\":\"https:\/\/talkpal.ai\/diversity-policy\/\"}]}<\/script>\n<!-- \/ Yoast SEO Premium plugin. -->","yoast_head_json":{"title":"Alban tili grammatikasi mashqlari - Talkpal","description":"Talkpal\u2019ning otlar, fe\u2019llar, zamonlar va gap tuzilmalarini qamrab oluvchi interaktiv grammatika mashqlari bilan alban tilingizni yaxshilang.","robots":{"index":"index","follow":"follow","max-snippet":"max-snippet:-1","max-image-preview":"max-image-preview:large","max-video-preview":"max-video-preview:-1"},"canonical":"https:\/\/talkpal.ai\/uz\/alban-tili-grammatikasi-mashqlari\/","og_locale":"uz_UZ","og_type":"article","og_title":"Alban tili grammatikasi mashqlari","og_description":"Alban tili grammatikasi mavzulari Yangi tilni o'rganish qiyin, ammo foydali ish bo'lishi mumkin. Asosan Albaniyada so'zlashadigan hind-evropa tili alban","og_url":"https:\/\/talkpal.ai\/uz\/alban-tili-grammatikasi-mashqlari\/","og_site_name":"Talkpal","article_publisher":"https:\/\/www.facebook.com\/profile.php?id=100090733639311","article_modified_time":"2025-12-30T15:38:33+00:00","og_image":[{"width":2880,"height":1620,"url":"https:\/\/talkpal.ai\/wp-content\/uploads\/2025\/02\/Progress-tab-16_9.png","type":"image\/png"}],"twitter_card":"summary_large_image","twitter_site":"@talkpalai","twitter_misc":{"Est. reading time":"3 daqiqa"},"schema":{"@context":"https:\/\/schema.org","@graph":[{"@type":"WebPage","@id":"https:\/\/talkpal.ai\/uz\/alban-tili-grammatikasi-mashqlari\/","url":"https:\/\/talkpal.ai\/uz\/alban-tili-grammatikasi-mashqlari\/","name":"Alban tili grammatikasi mashqlari - Talkpal","isPartOf":{"@id":"https:\/\/talkpal.ai\/uz\/#website"},"datePublished":"2025-11-11T12:32:58+00:00","dateModified":"2025-12-30T15:38:33+00:00","description":"Talkpal\u2019ning otlar, fe\u2019llar, zamonlar va gap tuzilmalarini qamrab oluvchi interaktiv grammatika mashqlari bilan alban tilingizni yaxshilang.","breadcrumb":{"@id":"https:\/\/talkpal.ai\/uz\/alban-tili-grammatikasi-mashqlari\/#breadcrumb"},"inLanguage":"uz-UZ","potentialAction":[{"@type":"ReadAction","target":["https:\/\/talkpal.ai\/uz\/alban-tili-grammatikasi-mashqlari\/"]}]},{"@type":"BreadcrumbList","@id":"https:\/\/talkpal.ai\/uz\/alban-tili-grammatikasi-mashqlari\/#breadcrumb","itemListElement":[{"@type":"ListItem","position":1,"name":"Homepage","item":"https:\/\/talkpal.ai\/uz\/ai-til-oqituvchisi-3\/"},{"@type":"ListItem","position":2,"name":"Alban tili grammatikasi mashqlari"}]},{"@type":"WebSite","@id":"https:\/\/talkpal.ai\/uz\/#website","url":"https:\/\/talkpal.ai\/uz\/","name":"Talkpal","description":"AI Language Learning","publisher":{"@id":"https:\/\/talkpal.ai\/uz\/#organization"},"alternateName":"Talkpal AI","potentialAction":[{"@type":"SearchAction","target":{"@type":"EntryPoint","urlTemplate":"https:\/\/talkpal.ai\/uz\/?s={search_term_string}"},"query-input":{"@type":"PropertyValueSpecification","valueRequired":true,"valueName":"search_term_string"}}],"inLanguage":"uz-UZ"},{"@type":"Organization","@id":"https:\/\/talkpal.ai\/uz\/#organization","name":"Talkpal, Inc.","alternateName":"Talkpal AI","url":"https:\/\/talkpal.ai\/uz\/","logo":{"@type":"ImageObject","inLanguage":"uz-UZ","@id":"https:\/\/talkpal.ai\/uz\/#\/schema\/logo\/image\/","url":"https:\/\/talkpal.ai\/wp-content\/uploads\/2024\/03\/Talkpal-Logo-Icon.png","contentUrl":"https:\/\/talkpal.ai\/wp-content\/uploads\/2024\/03\/Talkpal-Logo-Icon.png","width":2880,"height":2880,"caption":"Talkpal, Inc."},"image":{"@id":"https:\/\/talkpal.ai\/uz\/#\/schema\/logo\/image\/"},"sameAs":["https:\/\/www.facebook.com\/profile.php?id=100090733639311","https:\/\/x.com\/talkpalai","https:\/\/www.linkedin.com\/company\/talkpal\/","https:\/\/www.youtube.com\/@TalkPal\/","https:\/\/www.tiktok.com\/@talkpal","https:\/\/www.instagram.com\/talkpal_ai\/","https:\/\/www.crunchbase.com\/organization\/talkpal-9cde","https:\/\/www.g2.com\/products\/talkpal-for-business\/","https:\/\/www.trustpilot.com\/review\/talkpal.ai","https:\/\/www.capterra.com\/p\/10006800\/TalkPal\/"],"description":"Talkpal is a language learning web and mobile education app, powered by the latest AI technologies, that provides engaging experiences to its customers in many different languages to help them improve their language skills. Users can chat about unlimited amount of topics with the app and use other modes to practice their language learning.","email":"support@talkpal.ai","legalName":"Talkpal, Inc.","foundingDate":"2023-04-03","duns":"118989042","numberOfEmployees":{"@type":"QuantitativeValue","minValue":"11","maxValue":"50"},"publishingPrinciples":"https:\/\/talkpal.ai\/publishing-principles\/","actionableFeedbackPolicy":"https:\/\/talkpal.ai\/actionable-feedback-policy\/","correctionsPolicy":"https:\/\/talkpal.ai\/corrections-policy\/","ethicsPolicy":"https:\/\/talkpal.ai\/ethics-policy\/","diversityPolicy":"https:\/\/talkpal.ai\/diversity-policy\/","diversityStaffingReport":"https:\/\/talkpal.ai\/diversity-policy\/"}]}},"_links":{"self":[{"href":"https:\/\/talkpal.ai\/uz\/wp-json\/wp\/v2\/pages\/1468063","targetHints":{"allow":["GET"]}}],"collection":[{"href":"https:\/\/talkpal.ai\/uz\/wp-json\/wp\/v2\/pages"}],"about":[{"href":"https:\/\/talkpal.ai\/uz\/wp-json\/wp\/v2\/types\/page"}],"author":[{"embeddable":true,"href":"https:\/\/talkpal.ai\/uz\/wp-json\/wp\/v2\/users\/20"}],"replies":[{"embeddable":true,"href":"https:\/\/talkpal.ai\/uz\/wp-json\/wp\/v2\/comments?post=1468063"}],"version-history":[{"count":0,"href":"https:\/\/talkpal.ai\/uz\/wp-json\/wp\/v2\/pages\/1468063\/revisions"}],"wp:attachment":[{"href":"https:\/\/talkpal.ai\/uz\/wp-json\/wp\/v2\/media?parent=1468063"}],"curies":[{"name":"wp","href":"https:\/\/api.w.org\/{rel}","templated":true}]}}