{"id":1468023,"date":"2025-11-12T15:57:04","date_gmt":"2025-11-12T15:57:04","guid":{"rendered":"https:\/\/talkpal.ai\/mogul-tili-grammatikasi\/"},"modified":"2025-12-30T13:37:50","modified_gmt":"2025-12-30T13:37:50","slug":"mogul-tili-grammatikasi","status":"publish","type":"page","link":"https:\/\/talkpal.ai\/uz\/mogul-tili-grammatikasi\/","title":{"rendered":"Mo&#8217;g&#8217;ul tili grammatikasi"},"content":{"rendered":"\r\n\r\n\r\n<section class=\"languageChallengeSection\">\r\n    <div class=\"languageInfoWrapper\">\r\n        \r\n        <h1>Mo&#039;g&#039;ul tili grammatikasi<\/h1>\r\n        <p>Mo&#039;g&#039;ul <a href=\"https:\/\/talkpal.ai\/uz\/fin-tili-grammatikasi\/\">tili grammatikasi<\/a> dastlab qiyin bo&#039;lib tuyulishi mumkin, ammo uning o&#039;ziga xos xususiyatlari tilni o&#039;rganishni foydali tajribaga aylantiradi. Uning alifbosi, mutatsiyalari va <a href=\"https:\/\/talkpal.ai\/greek-grammar\/\">grammatika<\/a> qoidalarini o&#039;rganish orqali siz boy til an&#039;analari haqida tushunchaga ega bo&#039;lasiz. Sayohatingizni boshlang va mo&#039;g&#039;ul tilining go&#039;zalligini kashf eting!<\/p>\r\n\r\n                            <a class=\"getStartedHidden\" href=\"https:\/\/app.talkpal.ai\/uz\/signup?lng=\">Boshlang<\/a>\r\n        \r\n    <\/div>\r\n\r\n    <figure>\r\n    <img decoding=\"async\" width=\"768\" height=\"768\" src=\"https:\/\/talkpal.ai\/wp-content\/uploads\/2023\/06\/welsh-768x768.png\" class=\"languageImage no-lazy\" alt=\"Language learning for better cognitive abilities\" fetchpriority=\"high\" sizes=\"(max-width: 768px) 150px, 768px\" srcset=\"https:\/\/talkpal.ai\/wp-content\/uploads\/2023\/06\/welsh-768x768.png 768w, https:\/\/talkpal.ai\/wp-content\/uploads\/2023\/06\/welsh-300x300.png 300w\" \/>\r\n    \r\n\r\n    <\/figure>\r\n\r\n            <a class=\"getStartedVisible\" href=\"https:\/\/app.talkpal.ai\/uz\/signup?lng=\">Boshlang<\/a>\r\n    \r\n<\/section><section class=\"promotionalBanner\">\r\n    <p class=\"promotionalText\">Til o&#8217;rganishning eng samarali usuli<\/p>\r\n    <a class=\"promotionalLink\" href=\"https:\/\/app.talkpal.ai\/uz\/signup?lng=\">Talkpal-ni bepul sinab ko&#8217;ring<\/a>\r\n<\/section>\n<div class=\"wp-block-group pageContainerStyle\"><div class=\"wp-block-group__inner-container is-layout-constrained wp-block-group-is-layout-constrained\">\n<h2 class=\"wp-block-heading\" id=\"h-navigating-the-intricacies-of-mongolian-grammar\">Mo&#8217;g&#8217;ul grammatikasining nozik tomonlarini o&#8217;rganish<\/h2>\n\n\n\n<p><a href=\"https:\/\/talkpal.ai\/uz\/mogul-tilini-organing\/\">Mo&#8217;g&#8217;ul<\/a> tili, boy tarix va madaniy ahamiyatga ega bo&#8217;lgan mo&#8217;g&#8217;ul tili, o&#8217;zining noyob grammatika tizimini o&#8217;rganishni istaganlar uchun qiziqarli lingvistik tajribani taqdim etadi. Mo&#8217;g&#8217;ul tiliga kirish bilan siz nafaqat lingvistik repertuaringizni boyitibgina qolmay, balki qiziqarli madaniy sayohatni ham qabul qilasiz. Mo&#8217;g&#8217;ul tili grammatikasi dastlab murakkab ko&#8217;rinsa-da, uni asosiy qismlarga ajratish tilni o&#8217;rganishni yanada qulayroq qiladi. Ushbu maqolada biz mo&#8217;g&#8217;ul grammatikasining jozibali dunyosini o&#8217;rganamiz va uning murakkabliklarini qanday o&#8217;zlashtirish bo&#8217;yicha maslahatlar beramiz.<\/p>\n\n\n\n<h3 class=\"wp-block-heading\" id=\"h-1-mongolian-alphabet-and-phonetics\">1. Mo&#8217;g&#8217;ul alifbosi va fonetikasi<\/h3>\n\n\n\n<p>Zamonaviy Mo&#8217;g&#8217;ulistonda qo&#8217;llaniladigan mo&#8217;g&#8217;ul alifbosi kirill alifbosi bo&#8217;lib, 35 ta harfdan iborat bo&#8217;lib, tilga xos bo&#8217;lgan \u00d6 \u00f6 va \u00dc u kabi belgilarni o&#8217;z ichiga oladi. Ichki Mo&#8217;g&#8217;ulistonda qo&#8217;llaniladigan an&#8217;anaviy vertikal mo&#8217;g&#8217;ul yozuvi ham mavjud. Mo&#8217;g&#8217;ul tili grammatikasini <a href=\"https:\/\/talkpal.ai\/uz\/til-organish-uchun-ai-chatbot\/\">o&#8217;rganish uchun<\/a> mo&#8217;g&#8217;ul tilida o&#8217;qish va yozishni mashq qilish orqali ushbu yozuv tizimlari bilan tanishish juda muhimdir.<\/p>\n\n\n\n<h3 class=\"wp-block-heading\" id=\"h-2-vowel-harmony-a-peculiar-mongolian-feature\">2. Tovush uyg\u2018unligi: Mo\u2018g\u2018ul tilining o\u2018ziga xos xususiyati<\/h3>\n\n\n\n<p>Mo&#8217;g&#8217;ul grammatikasining eng yorqin jihatlaridan biri unli tovushlar uyg&#8217;unligi bo&#8217;lib, u qo&#8217;shimchalarning ildizning unlilariga mos kelishini qanday o&#8217;zgartirishini boshqaradi. Qo\u2018shimchalar odatda old va orqa unli variantlarda keladi va qo\u2018shimchalardagi ma\u2019lum undoshlar yoki unlilar fonologik kontekstga qarab almashinadi. Ushbu uyg&#8217;unlik va almashinishlar qachon va qanday sodir bo&#8217;lishini tushunish mo&#8217;g&#8217;ul tilida to&#8217;g&#8217;ri muloqot qilish uchun juda muhimdir.<\/p>\n\n\n\n<h3 class=\"wp-block-heading\" id=\"h-3-nouns-and-pronouns-gender-and-cases\">3. Ot va olmoshlar: jins va holatlar<\/h3>\n\n\n\n<p>Mo&#8217;g&#8217;ulcha otlarning <a href=\"https:\/\/talkpal.ai\/fr\/les\/\">grammatik<\/a> jinsi yo&#8217;q, lekin ular egalik, yo&#8217;nalish, joylashuv va asbob kabi munosabatlarni belgilash uchun juda ko&#8217;p sonli holatlar to&#8217;plamini oladi. Ko\u02bbplik yasalishi o\u02bbzgaruvchan bo\u02bblib, unli tovushlar uyg\u02bbunligiga ko\u02bbra -ud yoki -lar qo\u02bbllanadi, -nar esa odamlar uchun ishlatiladi. Mo\u02bbg\u02bbul tilidagi olmoshlarga shaxs, egalik, refleks, ko\u02bbrsatish va so\u02bbroq olmoshlari kiradi. Ushbu olmoshlar va ularning shakllari bilan tanishish mo&#8217;g&#8217;ul tili grammatikasini tushunishingizni sezilarli darajada oshiradi.<\/p>\n\n\n\n<h3 class=\"wp-block-heading\" id=\"h-4-verbs-structure-and-conjugation\">4. Fe\u2019llar: tuzilishi va kelishik<\/h3>\n\n\n\n<p>Mo&#8217;g&#8217;ul fe&#8217;llari keng shaxs kelishigidan ko&#8217;ra, qo&#8217;shimchalar orqali zamon, jihat, kayfiyat va dalillikni yasaydi. Muhim chekli shakllarga o\u2018tmishda bo\u2018lmagan uchun -na, o\u2018tmishda -san yoki -sen, odatiy uchun -dag yoki -deg birikmalari kiradi, progressiv jihati odatda arena konstruksiyalari bilan ifodalanadi. Tilda shart mayli, buyruq mayli, bog\u2018lovchi shakllari ham qo\u2018llanadi. Fe&#8217;l yasalish qoidalari va yordamchi naqshlarni o&#8217;rganish mo&#8217;g&#8217;ul tilida samarali muloqot qilish qobiliyatingizni yaxshilaydi.<\/p>\n\n\n\n<h3 class=\"wp-block-heading\" id=\"h-5-adjectives-agreement-and-placement\">5. Sifatlar: Kelishuv va joylashtirish<\/h3>\n\n\n\n<p>Mo&#8217;g&#8217;ul tili grammatikasida sifatlar odatda o&#8217;zgartiradigan otdan oldin bo&#8217;ladi va soni yoki jinsi bo&#8217;yicha otga mos kelmaydi. Taqqoslash ko&#8217;pincha analitik tarzda ifodalanadi, qiyosiy uchun more va eng yuqori uchun ishlatiladi, bu esa tabiiyroq muloqot qilishni o&#8217;rganish uchun zarurdir.<\/p>\n\n\n\n<p><strong>Misollar:<\/strong><\/p>\n\n\n\n<p><strong>&#8211; katta xayr (katta sevgi)  <\/strong><\/p>\n\n\n\n<p><strong>\u2013 kichik bolalar (kichik bolalar)<\/strong><\/p>\n\n\n\n<h3 class=\"wp-block-heading\" id=\"h-6-engaging-with-the-language\">6. Til bilan shug&#8217;ullanish<\/h3>\n\n\n\n<p>Mo&#8217;g&#8217;ul tili grammatikasini to&#8217;liq tushunish va o&#8217;zlashtirishning eng samarali usuli bu til bilan doimiy ravishda shug&#8217;ullanishdir. Mo&#8217;g&#8217;ul adabiyotini o&#8217;qish, mo&#8217;g&#8217;ul filmlari yoki teleseriallarini tomosha qilish va ona tilida so&#8217;zlashuvchilar bilan faol muloqot qilish orqali siz grammatikani tushunishingizni mustahkamlaysiz va so&#8217;z boyligingizni kengaytirasiz.<\/p>\n\n\n\n<h3 class=\"wp-block-heading\" id=\"h-conclusion\">Xulosa<\/h3>\n\n\n\n<p>Mo&#8217;g&#8217;ul tili grammatikasi murakkab bo&#8217;lib tuyulishi mumkin bo&#8217;lsa-da, siz fidoyilik, amaliyot va ishtiyoq bilan ushbu go&#8217;zal tilni yaxshi bilishingiz mumkin. Asosiy qoidalarga e&#8217;tibor qaratish va turli kontekstlarda til bilan shug&#8217;ullanish orqali siz mo&#8217;g&#8217;ul tili <a href=\"https:\/\/talkpal.ai\/uz\/grammatika\/\">grammatika ko&#8217;nikmalaringizni<\/a> tezda oshirasiz. Mo&#8217;g&#8217;ul tilidagi sayohatingiz bilan (omad tilaymiz) va mo&#8217;g&#8217;ul tili grammatikasining sirli, ammo jozibali dunyosini ochishdan zavqlaning!<\/p>\n<\/div><\/div>\n\r\n<section class=\"learnNavigationSection\">\r\n            \r\n        <a href=\"https:\/\/talkpal.ai\/uz\/mogul-tilini-organing\/\">\r\n            <div class=\"learnNavigationWrapper\">\r\n                <div class=\"learnNavigationContent\">\r\n                    <img decoding=\"async\" src=\"https:\/\/talkpal.ai\/wp-content\/uploads\/2025\/11\/Mongolian.png\" alt=\"Mongolian Flag\">\r\n                    <div>\r\n                        <h4>Mo&#039;g&#039;ul tilini o&#039;rganish haqida<\/h4>\r\n                        <p>Mo&#039;g&#039;ul tili grammatikasi haqida hamma narsani bilib oling.<\/p>\r\n                    <\/div>\r\n                <\/div>\r\n            <\/div>\r\n        <\/a>\r\n\r\n        \r\n        <a href=\"https:\/\/talkpal.ai\/uz\/mogul-tili-grammatikasi-mashqlari\/\">\r\n            <div class=\"learnNavigationWrapper\">\r\n                <div class=\"learnNavigationContent\">\r\n                    <img decoding=\"async\" src=\"https:\/\/talkpal.ai\/wp-content\/uploads\/2025\/11\/Mongolian.png\" alt=\"Mongolian Flag\">\r\n                    <div>\r\n                        <h4>Mo&#039;g&#039;ul tili grammatikasi bo&#039;yicha mashq<\/h4>\r\n                        <p>Mo&#039;g&#039;ul tili grammatikasini mashq qiling.<\/p>\r\n                    <\/div>\r\n                <\/div>\r\n            <\/div>\r\n        <\/a>\r\n\r\n            <\/section>","protected":false},"excerpt":{"rendered":"<p>Mo&#8217;g&#8217;ul grammatikasining nozik tomonlarini o&#8217;rganish Mo&#8217;g&#8217;ul tili, boy tarix va madaniy ahamiyatga ega bo&#8217;lgan mo&#8217;g&#8217;ul tili, o&#8217;zining noyob grammatika tizimini o&#8217;rganishni istaganlar uchun qiziqarli lingvistik tajribani taqdim etadi. Mo&#8217;g&#8217;ul tiliga kirish bilan siz nafaqat lingvistik repertuaringizni boyitibgina qolmay, balki qiziqarli madaniy sayohatni ham qabul qilasiz. Mo&#8217;g&#8217;ul tili grammatikasi dastlab murakkab ko&#8217;rinsa-da, uni asosiy qismlarga ajratish [&hellip;]<\/p>\n","protected":false},"author":20,"featured_media":0,"parent":0,"menu_order":0,"comment_status":"closed","ping_status":"closed","template":"LearningContentPage.php","meta":{"_acf_changed":false,"footnotes":""},"class_list":["post-1468023","page","type-page","status-publish","hentry"],"acf":[],"yoast_head":"<!-- This site is optimized with the Yoast SEO Premium plugin v27.2 (Yoast SEO v27.2) - https:\/\/yoast.com\/product\/yoast-seo-premium-wordpress\/ -->\n<title>Mo&#039;g&#039;ul tili grammatikasi - Talkpal<\/title>\n<meta name=\"description\" content=\"Talkpal AI ning keng qamrovli til o&#039;rganish qo&#039;llanmasi yordamida unlilar uyg&#039;unligi va fe&#039;l konjugatsiyasi kabi mo&#039;g&#039;ul grammatika qoidalarini o&#039;zlashtiring.\" \/>\n<meta name=\"robots\" content=\"index, follow, max-snippet:-1, max-image-preview:large, max-video-preview:-1\" \/>\n<link rel=\"canonical\" href=\"https:\/\/talkpal.ai\/uz\/mogul-tili-grammatikasi\/\" \/>\n<meta property=\"og:locale\" content=\"uz_UZ\" \/>\n<meta property=\"og:type\" content=\"article\" \/>\n<meta property=\"og:title\" content=\"Mo&#039;g&#039;ul tili grammatikasi\" \/>\n<meta property=\"og:description\" content=\"Mo&#039;g&#039;ul grammatikasining nozik tomonlarini o&#039;rganish Mo&#039;g&#039;ul tili, boy tarix va madaniy ahamiyatga ega bo&#039;lgan mo&#039;g&#039;ul tili, o&#039;zining noyob grammatika\" \/>\n<meta property=\"og:url\" content=\"https:\/\/talkpal.ai\/uz\/mogul-tili-grammatikasi\/\" \/>\n<meta property=\"og:site_name\" content=\"Talkpal\" \/>\n<meta property=\"article:publisher\" content=\"https:\/\/www.facebook.com\/profile.php?id=100090733639311\" \/>\n<meta property=\"article:modified_time\" content=\"2025-12-30T13:37:50+00:00\" \/>\n<meta property=\"og:image\" content=\"https:\/\/talkpal.ai\/wp-content\/uploads\/2025\/02\/Progress-tab-16_9.png\" \/>\n\t<meta property=\"og:image:width\" content=\"2880\" \/>\n\t<meta property=\"og:image:height\" content=\"1620\" \/>\n\t<meta property=\"og:image:type\" content=\"image\/png\" \/>\n<meta name=\"twitter:card\" content=\"summary_large_image\" \/>\n<meta name=\"twitter:site\" content=\"@talkpalai\" \/>\n<meta name=\"twitter:label1\" content=\"Est. reading time\" \/>\n\t<meta name=\"twitter:data1\" content=\"3 daqiqa\" \/>\n<script type=\"application\/ld+json\" class=\"yoast-schema-graph\">{\"@context\":\"https:\/\/schema.org\",\"@graph\":[{\"@type\":\"WebPage\",\"@id\":\"https:\/\/talkpal.ai\/uz\/mogul-tili-grammatikasi\/\",\"url\":\"https:\/\/talkpal.ai\/uz\/mogul-tili-grammatikasi\/\",\"name\":\"Mo'g'ul tili grammatikasi - Talkpal\",\"isPartOf\":{\"@id\":\"https:\/\/talkpal.ai\/uz\/#website\"},\"datePublished\":\"2025-11-12T15:57:04+00:00\",\"dateModified\":\"2025-12-30T13:37:50+00:00\",\"description\":\"Talkpal AI ning keng qamrovli til o'rganish qo'llanmasi yordamida unlilar uyg'unligi va fe'l konjugatsiyasi kabi mo'g'ul grammatika qoidalarini o'zlashtiring.\",\"breadcrumb\":{\"@id\":\"https:\/\/talkpal.ai\/uz\/mogul-tili-grammatikasi\/#breadcrumb\"},\"inLanguage\":\"uz-UZ\",\"potentialAction\":[{\"@type\":\"ReadAction\",\"target\":[\"https:\/\/talkpal.ai\/uz\/mogul-tili-grammatikasi\/\"]}]},{\"@type\":\"BreadcrumbList\",\"@id\":\"https:\/\/talkpal.ai\/uz\/mogul-tili-grammatikasi\/#breadcrumb\",\"itemListElement\":[{\"@type\":\"ListItem\",\"position\":1,\"name\":\"Homepage\",\"item\":\"https:\/\/talkpal.ai\/uz\/ai-til-oqituvchisi-3\/\"},{\"@type\":\"ListItem\",\"position\":2,\"name\":\"Mo&#8217;g&#8217;ul tili grammatikasi\"}]},{\"@type\":\"WebSite\",\"@id\":\"https:\/\/talkpal.ai\/uz\/#website\",\"url\":\"https:\/\/talkpal.ai\/uz\/\",\"name\":\"Talkpal\",\"description\":\"AI Language Learning\",\"publisher\":{\"@id\":\"https:\/\/talkpal.ai\/uz\/#organization\"},\"alternateName\":\"Talkpal AI\",\"potentialAction\":[{\"@type\":\"SearchAction\",\"target\":{\"@type\":\"EntryPoint\",\"urlTemplate\":\"https:\/\/talkpal.ai\/uz\/?s={search_term_string}\"},\"query-input\":{\"@type\":\"PropertyValueSpecification\",\"valueRequired\":true,\"valueName\":\"search_term_string\"}}],\"inLanguage\":\"uz-UZ\"},{\"@type\":\"Organization\",\"@id\":\"https:\/\/talkpal.ai\/uz\/#organization\",\"name\":\"Talkpal, Inc.\",\"alternateName\":\"Talkpal AI\",\"url\":\"https:\/\/talkpal.ai\/uz\/\",\"logo\":{\"@type\":\"ImageObject\",\"inLanguage\":\"uz-UZ\",\"@id\":\"https:\/\/talkpal.ai\/uz\/#\/schema\/logo\/image\/\",\"url\":\"https:\/\/talkpal.ai\/wp-content\/uploads\/2024\/03\/Talkpal-Logo-Icon.png\",\"contentUrl\":\"https:\/\/talkpal.ai\/wp-content\/uploads\/2024\/03\/Talkpal-Logo-Icon.png\",\"width\":2880,\"height\":2880,\"caption\":\"Talkpal, Inc.\"},\"image\":{\"@id\":\"https:\/\/talkpal.ai\/uz\/#\/schema\/logo\/image\/\"},\"sameAs\":[\"https:\/\/www.facebook.com\/profile.php?id=100090733639311\",\"https:\/\/x.com\/talkpalai\",\"https:\/\/www.linkedin.com\/company\/talkpal\/\",\"https:\/\/www.youtube.com\/@TalkPal\/\",\"https:\/\/www.tiktok.com\/@talkpal\",\"https:\/\/www.instagram.com\/talkpal_ai\/\",\"https:\/\/www.crunchbase.com\/organization\/talkpal-9cde\",\"https:\/\/www.g2.com\/products\/talkpal-for-business\/\",\"https:\/\/www.trustpilot.com\/review\/talkpal.ai\",\"https:\/\/www.capterra.com\/p\/10006800\/TalkPal\/\"],\"description\":\"Talkpal is a language learning web and mobile education app, powered by the latest AI technologies, that provides engaging experiences to its customers in many different languages to help them improve their language skills. Users can chat about unlimited amount of topics with the app and use other modes to practice their language learning.\",\"email\":\"support@talkpal.ai\",\"legalName\":\"Talkpal, Inc.\",\"foundingDate\":\"2023-04-03\",\"duns\":\"118989042\",\"numberOfEmployees\":{\"@type\":\"QuantitativeValue\",\"minValue\":\"11\",\"maxValue\":\"50\"},\"publishingPrinciples\":\"https:\/\/talkpal.ai\/publishing-principles\/\",\"actionableFeedbackPolicy\":\"https:\/\/talkpal.ai\/actionable-feedback-policy\/\",\"correctionsPolicy\":\"https:\/\/talkpal.ai\/corrections-policy\/\",\"ethicsPolicy\":\"https:\/\/talkpal.ai\/ethics-policy\/\",\"diversityPolicy\":\"https:\/\/talkpal.ai\/diversity-policy\/\",\"diversityStaffingReport\":\"https:\/\/talkpal.ai\/diversity-policy\/\"}]}<\/script>\n<!-- \/ Yoast SEO Premium plugin. -->","yoast_head_json":{"title":"Mo'g'ul tili grammatikasi - Talkpal","description":"Talkpal AI ning keng qamrovli til o'rganish qo'llanmasi yordamida unlilar uyg'unligi va fe'l konjugatsiyasi kabi mo'g'ul grammatika qoidalarini o'zlashtiring.","robots":{"index":"index","follow":"follow","max-snippet":"max-snippet:-1","max-image-preview":"max-image-preview:large","max-video-preview":"max-video-preview:-1"},"canonical":"https:\/\/talkpal.ai\/uz\/mogul-tili-grammatikasi\/","og_locale":"uz_UZ","og_type":"article","og_title":"Mo'g'ul tili grammatikasi","og_description":"Mo'g'ul grammatikasining nozik tomonlarini o'rganish Mo'g'ul tili, boy tarix va madaniy ahamiyatga ega bo'lgan mo'g'ul tili, o'zining noyob grammatika","og_url":"https:\/\/talkpal.ai\/uz\/mogul-tili-grammatikasi\/","og_site_name":"Talkpal","article_publisher":"https:\/\/www.facebook.com\/profile.php?id=100090733639311","article_modified_time":"2025-12-30T13:37:50+00:00","og_image":[{"width":2880,"height":1620,"url":"https:\/\/talkpal.ai\/wp-content\/uploads\/2025\/02\/Progress-tab-16_9.png","type":"image\/png"}],"twitter_card":"summary_large_image","twitter_site":"@talkpalai","twitter_misc":{"Est. reading time":"3 daqiqa"},"schema":{"@context":"https:\/\/schema.org","@graph":[{"@type":"WebPage","@id":"https:\/\/talkpal.ai\/uz\/mogul-tili-grammatikasi\/","url":"https:\/\/talkpal.ai\/uz\/mogul-tili-grammatikasi\/","name":"Mo'g'ul tili grammatikasi - Talkpal","isPartOf":{"@id":"https:\/\/talkpal.ai\/uz\/#website"},"datePublished":"2025-11-12T15:57:04+00:00","dateModified":"2025-12-30T13:37:50+00:00","description":"Talkpal AI ning keng qamrovli til o'rganish qo'llanmasi yordamida unlilar uyg'unligi va fe'l konjugatsiyasi kabi mo'g'ul grammatika qoidalarini o'zlashtiring.","breadcrumb":{"@id":"https:\/\/talkpal.ai\/uz\/mogul-tili-grammatikasi\/#breadcrumb"},"inLanguage":"uz-UZ","potentialAction":[{"@type":"ReadAction","target":["https:\/\/talkpal.ai\/uz\/mogul-tili-grammatikasi\/"]}]},{"@type":"BreadcrumbList","@id":"https:\/\/talkpal.ai\/uz\/mogul-tili-grammatikasi\/#breadcrumb","itemListElement":[{"@type":"ListItem","position":1,"name":"Homepage","item":"https:\/\/talkpal.ai\/uz\/ai-til-oqituvchisi-3\/"},{"@type":"ListItem","position":2,"name":"Mo&#8217;g&#8217;ul tili grammatikasi"}]},{"@type":"WebSite","@id":"https:\/\/talkpal.ai\/uz\/#website","url":"https:\/\/talkpal.ai\/uz\/","name":"Talkpal","description":"AI Language Learning","publisher":{"@id":"https:\/\/talkpal.ai\/uz\/#organization"},"alternateName":"Talkpal AI","potentialAction":[{"@type":"SearchAction","target":{"@type":"EntryPoint","urlTemplate":"https:\/\/talkpal.ai\/uz\/?s={search_term_string}"},"query-input":{"@type":"PropertyValueSpecification","valueRequired":true,"valueName":"search_term_string"}}],"inLanguage":"uz-UZ"},{"@type":"Organization","@id":"https:\/\/talkpal.ai\/uz\/#organization","name":"Talkpal, Inc.","alternateName":"Talkpal AI","url":"https:\/\/talkpal.ai\/uz\/","logo":{"@type":"ImageObject","inLanguage":"uz-UZ","@id":"https:\/\/talkpal.ai\/uz\/#\/schema\/logo\/image\/","url":"https:\/\/talkpal.ai\/wp-content\/uploads\/2024\/03\/Talkpal-Logo-Icon.png","contentUrl":"https:\/\/talkpal.ai\/wp-content\/uploads\/2024\/03\/Talkpal-Logo-Icon.png","width":2880,"height":2880,"caption":"Talkpal, Inc."},"image":{"@id":"https:\/\/talkpal.ai\/uz\/#\/schema\/logo\/image\/"},"sameAs":["https:\/\/www.facebook.com\/profile.php?id=100090733639311","https:\/\/x.com\/talkpalai","https:\/\/www.linkedin.com\/company\/talkpal\/","https:\/\/www.youtube.com\/@TalkPal\/","https:\/\/www.tiktok.com\/@talkpal","https:\/\/www.instagram.com\/talkpal_ai\/","https:\/\/www.crunchbase.com\/organization\/talkpal-9cde","https:\/\/www.g2.com\/products\/talkpal-for-business\/","https:\/\/www.trustpilot.com\/review\/talkpal.ai","https:\/\/www.capterra.com\/p\/10006800\/TalkPal\/"],"description":"Talkpal is a language learning web and mobile education app, powered by the latest AI technologies, that provides engaging experiences to its customers in many different languages to help them improve their language skills. Users can chat about unlimited amount of topics with the app and use other modes to practice their language learning.","email":"support@talkpal.ai","legalName":"Talkpal, Inc.","foundingDate":"2023-04-03","duns":"118989042","numberOfEmployees":{"@type":"QuantitativeValue","minValue":"11","maxValue":"50"},"publishingPrinciples":"https:\/\/talkpal.ai\/publishing-principles\/","actionableFeedbackPolicy":"https:\/\/talkpal.ai\/actionable-feedback-policy\/","correctionsPolicy":"https:\/\/talkpal.ai\/corrections-policy\/","ethicsPolicy":"https:\/\/talkpal.ai\/ethics-policy\/","diversityPolicy":"https:\/\/talkpal.ai\/diversity-policy\/","diversityStaffingReport":"https:\/\/talkpal.ai\/diversity-policy\/"}]}},"_links":{"self":[{"href":"https:\/\/talkpal.ai\/uz\/wp-json\/wp\/v2\/pages\/1468023","targetHints":{"allow":["GET"]}}],"collection":[{"href":"https:\/\/talkpal.ai\/uz\/wp-json\/wp\/v2\/pages"}],"about":[{"href":"https:\/\/talkpal.ai\/uz\/wp-json\/wp\/v2\/types\/page"}],"author":[{"embeddable":true,"href":"https:\/\/talkpal.ai\/uz\/wp-json\/wp\/v2\/users\/20"}],"replies":[{"embeddable":true,"href":"https:\/\/talkpal.ai\/uz\/wp-json\/wp\/v2\/comments?post=1468023"}],"version-history":[{"count":0,"href":"https:\/\/talkpal.ai\/uz\/wp-json\/wp\/v2\/pages\/1468023\/revisions"}],"wp:attachment":[{"href":"https:\/\/talkpal.ai\/uz\/wp-json\/wp\/v2\/media?parent=1468023"}],"curies":[{"name":"wp","href":"https:\/\/api.w.org\/{rel}","templated":true}]}}