{"id":1447457,"date":"2023-05-14T14:22:16","date_gmt":"2023-05-14T14:22:16","guid":{"rendered":"https:\/\/talkpal.ai\/tamil-grammatikasi\/"},"modified":"2025-12-12T11:01:31","modified_gmt":"2025-12-12T11:01:31","slug":"tamil-grammatikasi","status":"publish","type":"page","link":"https:\/\/talkpal.ai\/uz\/tamil-grammatikasi\/","title":{"rendered":"Tamil grammatikasi"},"content":{"rendered":"\r\n\r\n\r\n<section class=\"languageChallengeSection\">\r\n    <div class=\"languageInfoWrapper\">\r\n        \r\n        <h1>Tamil grammatikasi<\/h1>\r\n        <p>Grammatika asoslari va ilg&#039;or tushunchalarni o&#039;zlashtirib, <a href=\"https:\/\/talkpal.ai\/learn-tamil\/\">tamil<\/a> tilidagi ko&#039;nikmalaringizni keyingi bosqichga olib chiqing. Ishonchingizni oshirish uchun aniq tushuntirishlar, amaliy misollar va interfaol mashqlarni o&#039;rganing. Bugun jumla tuzilishi, fe&#039;l konjugatsiyasi va asosiy qoidalarni o&#039;rganishni boshlang. <a href=\"https:\/\/talkpal.ai\/learn-tamil\/\">Tamil<\/a> tilida aniq va oson gapirish va yozish sayohatingizni boshlang!<\/p>\r\n\r\n                            <a class=\"getStartedHidden\" href=\"https:\/\/app.talkpal.ai\/uz\/signup?lng=\">Boshlang<\/a>\r\n        \r\n    <\/div>\r\n\r\n    <figure>\r\n    <img decoding=\"async\" width=\"768\" height=\"768\" src=\"https:\/\/talkpal.ai\/wp-content\/uploads\/2023\/06\/tamil-768x768.png\" class=\"languageImage no-lazy\" alt=\"Language learning for enhanced creativity\" fetchpriority=\"high\" sizes=\"(max-width: 768px) 150px, 768px\" srcset=\"https:\/\/talkpal.ai\/wp-content\/uploads\/2023\/06\/tamil-768x768.png 768w, https:\/\/talkpal.ai\/wp-content\/uploads\/2023\/06\/tamil-300x300.png 300w\" \/>\r\n    \r\n\r\n    <\/figure>\r\n\r\n            <a class=\"getStartedVisible\" href=\"https:\/\/app.talkpal.ai\/uz\/signup?lng=\">Boshlang<\/a>\r\n    \r\n<\/section>\r\n<section class=\"promotionalBanner\">\r\n    <p class=\"promotionalText\">Til o&#8217;rganishning eng samarali usuli<\/p>\r\n    <a class=\"promotionalLink\" href=\"https:\/\/app.talkpal.ai\/uz\/signup?lng=\">Talkpal-ni bepul sinab ko&#8217;ring<\/a>\r\n<\/section>\n<div class=\"wp-block-group pageContainerStyle\"><div class=\"wp-block-group__inner-container is-layout-constrained wp-block-group-is-layout-constrained\">\n<h2 class=\"wp-block-heading\" id=\"h-tamil-grammar-understanding-the-richness-of-the-tamil-language\">Tamil grammatikasi: Tamil tilining boyligini tushunish<\/h2>\n\n\n\n<p>Dunyodagi eng qadimgi tirik tillardan biri bo&#8217;lgan tamil tilini o&#8217;rganishni boshlaganingizda, uning grammatikasining murakkabligi va boyligini ochish juda muhimdir. 2000 yildan ortiq yozma an&#8217;anaga ega bo&#8217;lgan tamil tili butun dunyo bo&#8217;ylab 70 million so&#8217;zlashuvchilarning asosiy tili bo&#8217;lib qolmoqda. Ishni boshlashingizga yordam berish uchun ushbu maqola Tamil grammatikasining ba&#8217;zi asosiy jihatlarini suhbat va norasmiy yondashuv bilan tavsiflaydi.<\/p>\n\n\n\n<h3 class=\"wp-block-heading\" id=\"h-1-nouns-classifications-and-cases\">1. Ismlar &#8211; Tasniflar va holatlar<\/h3>\n\n\n\n<p>Tamil grammatikasining muhim jihati uning jinsi (erkak, ayol va neyter), son (birlik va ko&#8217;plik) va hol (nominativ, akusativ, dativ, nasl, joylashuv, instrumental, komitativ, absessiv va vokativ) asosida tasniflangan otlardir. Bu juda qiyin bo&#8217;lib tuyulishi mumkin bo&#8217;lsa-da, jumlalardagi so&#8217;zlar o&#8217;rtasidagi munosabatlarni tushunish va Tamil tilining o&#8217;ziga xos mantiqini dekodlash juda muhimdir.<\/p>\n\n\n\n<p>Masalan, tamil tilidagi \u201ckitob\u201d so\u2018zi \u201ck\u012bng\u012b\u012b\u012b\u012b\u201d (putthhakam) dir. \u201cMen kitobni o\u2018qidim\u201d deyish uchun siz o\u2018rinli kelishikdan foydalanasiz, bu esa kitob ish-harakatning obyekti ekanligini bildiradi: \u0bb5\u0bbe\u0b9a\u0bbf\u0b95\u0bcd\u0b95\u0bbf\u0ba9\u0bcd\u0bb1\u0ba9\u0bcd\u201d (Naan puththakatthhai vaasikkiren).<\/p>\n\n\n\n<h3 class=\"wp-block-heading\" id=\"h-2-adjectives-and-pronouns-consistent-harmony\">2. Sifat va olmoshlar \u2013 izchil uyg\u2018unlik<\/h3>\n\n\n\n<p>Tamil tilida sifatlar (k\u012bng\u012b\u012b) va olmoshlar (k\u012bng\u012b\u012b\u012b) muhim qoidaga amal qiladi: ular jinsi va soni bo&#8217;yicha otlar bilan kelishishlari kerak. Bu izchillik lingvistik uyg\u2018unlikka yordam beradi va ifoda ravshanligini oshiradi.<\/p>\n\n\n\n<h3 class=\"wp-block-heading\" id=\"h-3-verbs-conjugation-and-tenses\">3. Fe&#8217;llar &#8211; Konjugatsiya va zamonlar<\/h3>\n\n\n\n<p>Tamil fe&#8217;llari jumlalarni shakllantirishda hal qiluvchi rol o&#8217;ynaydi. Fe&#8217;llar shaxs, son, zamon, ovoz va kayfiyatga qarab konjugatsiyaga uchraydi. Tamil tilida uchta asosiy zamon (o&#8217;tmish, hozirgi va kelajak) va uchta kayfiyat (indikativ, buyruq va subjunktiv) mavjud. Konjugatsiya dastlab qo&#8217;rqinchli ko&#8217;rinishi mumkin, ammo uni o&#8217;zlashtirish ko&#8217;plab his-tuyg&#8217;ularni, harakatlarni va nuanslarni ifodalashga yordam beradi.<\/p>\n\n\n\n<h3 class=\"wp-block-heading\" id=\"h-4-sentence-structure-word-order-and-agreement\">4. Gapning tuzilishi &#8211; So&#8217;z tartibi va kelishuvi<\/h3>\n\n\n\n<p>Tamil tili Subject-Object-Ferb (SOV) so&#8217;z tartibiga amal qiladi, bu uni ingliz tilidan farq qiladi, bu sub&#8217;ekt-fe&#8217;l-ob&#8217;ekt (SVO) tuzilishiga amal qiladi. Bundan tashqari, <a href=\"https:\/\/talkpal.ai\/tamil-grammar\/\">Tamil grammatikasi<\/a> otlar, sifatlar va olmoshlar o&#8217;rtasidagi muvofiqlikni ta&#8217;minlab, so&#8217;z kelishuviga urg&#8217;u beradi.<\/p>\n\n\n\n<p>Misol uchun, tamil tilida \u201cU olma yeydi\u201d jumlasi \u201ck\u012bng\u012b\u012b\u012bva\u201d deb yozilgan. oru \u0101ppi\u1e37 s\u0101ppi\u1e6dugi\u1e5f\u0101\u1e37), bu erda ot va fe&#8217;l jins va sonda bir-biriga mos keladi.<\/p>\n\n\n\n<h3 class=\"wp-block-heading\" id=\"h-5-embrace-the-journey\">5. Sayohatni qabul qiling<\/h3>\n\n\n\n<p>Tamil tili grammatikasini o&#8217;rganish qiyin bo&#8217;lishi mumkin, ammo u jonli adabiy an&#8217;ana va boy madaniy merosga kirish eshigini taklif qiladi. Esingizda bo&#8217;lsin, bir vaqtning o&#8217;zida bir qadam tashlash va tamil tilini o&#8217;ziga xos qiladigan nozikliklarni qadrlash juda muhimdir.<\/p>\n\n\n\n<p>Tamil tili grammatikasining murakkabliklarini o&#8217;rganayotganingizda, muntazam ravishda mashq qiling, ona tilida so&#8217;zlashuvchilar bilan muloqot qiling va o&#8217;zingizga sabr qiling. Fidoyilik bilan siz ushbu qadimiy tilning go&#8217;zalligi va boyligini ochasiz. \u0b87\u0ba9\u0bbf\u0baf \u0b95\u0bb1\u0bcd\u0bb1\u0bb2\u0bcd \u2013 Iniy ka\u1e5f\u1e5fal (baxtli o&#8217;rganish)!<\/p>\n<\/div><\/div>\n\r\n<section class=\"learnNavigationSection\">\r\n            \r\n        <a href=\"https:\/\/talkpal.ai\/uz\/tamil-tilini-organing\/\">\r\n            <div class=\"learnNavigationWrapper\">\r\n                <div class=\"learnNavigationContent\">\r\n                    <img decoding=\"async\" src=\"https:\/\/talkpal.ai\/wp-content\/uploads\/2024\/08\/Tamil.jpg\" alt=\"Indian Simplified Flag\">\r\n                    <div>\r\n                        <h4>Tamil tilini o&#039;rganish haqida<\/h4>\r\n                        <p>Tamil grammatikasi haqida hamma narsani bilib oling.<\/p>\r\n                    <\/div>\r\n                <\/div>\r\n            <\/div>\r\n        <\/a>\r\n\r\n        \r\n        <a href=\"https:\/\/talkpal.ai\/uz\/tamil-tili-grammatikasi-mashqlari\/\">\r\n            <div class=\"learnNavigationWrapper\">\r\n                <div class=\"learnNavigationContent\">\r\n                    <img decoding=\"async\" src=\"https:\/\/talkpal.ai\/wp-content\/uploads\/2024\/08\/Tamil.jpg\" alt=\"Indian Simplified Flag\">\r\n                    <div>\r\n                        <h4>Tamil tili grammatikasi mashqi<\/h4>\r\n                        <p>Tamil tili grammatikasini mashq qiling.<\/p>\r\n                    <\/div>\r\n                <\/div>\r\n            <\/div>\r\n        <\/a>\r\n\r\n        \r\n        <a href=\"https:\/\/talkpal.ai\/vocabulary_language\/tamil\/\">\r\n            <div class=\"learnNavigationWrapper\">\r\n                <div class=\"learnNavigationContent\">\r\n                    <img decoding=\"async\" src=\"https:\/\/talkpal.ai\/wp-content\/uploads\/2024\/08\/Tamil.jpg\" alt=\"Indian Simplified Flag\">\r\n                    <div>\r\n                        <h4>Tamil lug&#039;ati<\/h4>\r\n                        <p>Tamil tilidagi so\u2018z boyligingizni kengaytiring.<\/p>\r\n                    <\/div>\r\n                <\/div>\r\n            <\/div>\r\n        <\/a>\r\n\r\n            <\/section>","protected":false},"excerpt":{"rendered":"<p>Tamil grammatikasi: Tamil tilining boyligini tushunish Dunyodagi eng qadimgi tirik tillardan biri bo&#8217;lgan tamil tilini o&#8217;rganishni boshlaganingizda, uning grammatikasining murakkabligi va boyligini ochish juda muhimdir. 2000 yildan ortiq yozma an&#8217;anaga ega bo&#8217;lgan tamil tili butun dunyo bo&#8217;ylab 70 million so&#8217;zlashuvchilarning asosiy tili bo&#8217;lib qolmoqda. Ishni boshlashingizga yordam berish uchun ushbu maqola Tamil grammatikasining ba&#8217;zi asosiy [&hellip;]<\/p>\n","protected":false},"author":1,"featured_media":1444870,"parent":0,"menu_order":0,"comment_status":"closed","ping_status":"closed","template":"LearningContentPage.php","meta":{"_acf_changed":false,"footnotes":""},"class_list":["post-1447457","page","type-page","status-publish","has-post-thumbnail","hentry"],"acf":[],"yoast_head":"<!-- This site is optimized with the Yoast SEO Premium plugin v27.2 (Yoast SEO v27.2) - https:\/\/yoast.com\/product\/yoast-seo-premium-wordpress\/ -->\n<title>Tamil grammatikasi - Talkpal<\/title>\n<meta name=\"description\" content=\"Tamil grammatikasi asoslarini o&#039;rganing va bu boy tilni tushunishingizni oshiring.\" \/>\n<meta name=\"robots\" content=\"index, follow, max-snippet:-1, max-image-preview:large, max-video-preview:-1\" \/>\n<link rel=\"canonical\" href=\"https:\/\/talkpal.ai\/uz\/tamil-grammatikasi\/\" \/>\n<meta property=\"og:locale\" content=\"uz_UZ\" \/>\n<meta property=\"og:type\" content=\"article\" \/>\n<meta property=\"og:title\" content=\"Tamil grammatikasi\" \/>\n<meta property=\"og:description\" content=\"Tamil grammatikasi: Tamil tilining boyligini tushunish Dunyodagi eng qadimgi tirik tillardan biri bo&#039;lgan tamil tilini o&#039;rganishni boshlaganingizda, uning\" \/>\n<meta property=\"og:url\" content=\"https:\/\/talkpal.ai\/uz\/tamil-grammatikasi\/\" \/>\n<meta property=\"og:site_name\" content=\"Talkpal\" \/>\n<meta property=\"article:publisher\" content=\"https:\/\/www.facebook.com\/profile.php?id=100090733639311\" \/>\n<meta property=\"article:modified_time\" content=\"2025-12-12T11:01:31+00:00\" \/>\n<meta property=\"og:image\" content=\"https:\/\/talkpal.ai\/wp-content\/uploads\/2023\/05\/Tamil-india.png\" \/>\n\t<meta property=\"og:image:width\" content=\"512\" \/>\n\t<meta property=\"og:image:height\" content=\"512\" \/>\n\t<meta property=\"og:image:type\" content=\"image\/png\" \/>\n<meta name=\"twitter:card\" content=\"summary_large_image\" \/>\n<meta name=\"twitter:site\" content=\"@talkpalai\" \/>\n<meta name=\"twitter:label1\" content=\"Est. reading time\" \/>\n\t<meta name=\"twitter:data1\" content=\"2 daqiqa\" \/>\n<script type=\"application\/ld+json\" class=\"yoast-schema-graph\">{\"@context\":\"https:\/\/schema.org\",\"@graph\":[{\"@type\":\"WebPage\",\"@id\":\"https:\/\/talkpal.ai\/uz\/tamil-grammatikasi\/\",\"url\":\"https:\/\/talkpal.ai\/uz\/tamil-grammatikasi\/\",\"name\":\"Tamil grammatikasi - Talkpal\",\"isPartOf\":{\"@id\":\"https:\/\/talkpal.ai\/uz\/#website\"},\"primaryImageOfPage\":{\"@id\":\"https:\/\/talkpal.ai\/uz\/tamil-grammatikasi\/#primaryimage\"},\"image\":{\"@id\":\"https:\/\/talkpal.ai\/uz\/tamil-grammatikasi\/#primaryimage\"},\"thumbnailUrl\":\"https:\/\/talkpal.ai\/wp-content\/uploads\/2023\/05\/Tamil-india.png\",\"datePublished\":\"2023-05-14T14:22:16+00:00\",\"dateModified\":\"2025-12-12T11:01:31+00:00\",\"description\":\"Tamil grammatikasi asoslarini o'rganing va bu boy tilni tushunishingizni oshiring.\",\"breadcrumb\":{\"@id\":\"https:\/\/talkpal.ai\/uz\/tamil-grammatikasi\/#breadcrumb\"},\"inLanguage\":\"uz-UZ\",\"potentialAction\":[{\"@type\":\"ReadAction\",\"target\":[\"https:\/\/talkpal.ai\/uz\/tamil-grammatikasi\/\"]}]},{\"@type\":\"ImageObject\",\"inLanguage\":\"uz-UZ\",\"@id\":\"https:\/\/talkpal.ai\/uz\/tamil-grammatikasi\/#primaryimage\",\"url\":\"https:\/\/talkpal.ai\/wp-content\/uploads\/2023\/05\/Tamil-india.png\",\"contentUrl\":\"https:\/\/talkpal.ai\/wp-content\/uploads\/2023\/05\/Tamil-india.png\",\"width\":512,\"height\":512,\"caption\":\"TalkPal Tamil - India Flag\"},{\"@type\":\"BreadcrumbList\",\"@id\":\"https:\/\/talkpal.ai\/uz\/tamil-grammatikasi\/#breadcrumb\",\"itemListElement\":[{\"@type\":\"ListItem\",\"position\":1,\"name\":\"Homepage\",\"item\":\"https:\/\/talkpal.ai\/uz\/ai-til-oqituvchisi-3\/\"},{\"@type\":\"ListItem\",\"position\":2,\"name\":\"Tamil grammatikasi\"}]},{\"@type\":\"WebSite\",\"@id\":\"https:\/\/talkpal.ai\/uz\/#website\",\"url\":\"https:\/\/talkpal.ai\/uz\/\",\"name\":\"Talkpal\",\"description\":\"AI Language Learning\",\"publisher\":{\"@id\":\"https:\/\/talkpal.ai\/uz\/#organization\"},\"alternateName\":\"Talkpal AI\",\"potentialAction\":[{\"@type\":\"SearchAction\",\"target\":{\"@type\":\"EntryPoint\",\"urlTemplate\":\"https:\/\/talkpal.ai\/uz\/?s={search_term_string}\"},\"query-input\":{\"@type\":\"PropertyValueSpecification\",\"valueRequired\":true,\"valueName\":\"search_term_string\"}}],\"inLanguage\":\"uz-UZ\"},{\"@type\":\"Organization\",\"@id\":\"https:\/\/talkpal.ai\/uz\/#organization\",\"name\":\"Talkpal, Inc.\",\"alternateName\":\"Talkpal AI\",\"url\":\"https:\/\/talkpal.ai\/uz\/\",\"logo\":{\"@type\":\"ImageObject\",\"inLanguage\":\"uz-UZ\",\"@id\":\"https:\/\/talkpal.ai\/uz\/#\/schema\/logo\/image\/\",\"url\":\"https:\/\/talkpal.ai\/wp-content\/uploads\/2024\/03\/Talkpal-Logo-Icon.png\",\"contentUrl\":\"https:\/\/talkpal.ai\/wp-content\/uploads\/2024\/03\/Talkpal-Logo-Icon.png\",\"width\":2880,\"height\":2880,\"caption\":\"Talkpal, Inc.\"},\"image\":{\"@id\":\"https:\/\/talkpal.ai\/uz\/#\/schema\/logo\/image\/\"},\"sameAs\":[\"https:\/\/www.facebook.com\/profile.php?id=100090733639311\",\"https:\/\/x.com\/talkpalai\",\"https:\/\/www.linkedin.com\/company\/talkpal\/\",\"https:\/\/www.youtube.com\/@TalkPal\/\",\"https:\/\/www.tiktok.com\/@talkpal\",\"https:\/\/www.instagram.com\/talkpal_ai\/\",\"https:\/\/www.crunchbase.com\/organization\/talkpal-9cde\",\"https:\/\/www.g2.com\/products\/talkpal-for-business\/\",\"https:\/\/www.trustpilot.com\/review\/talkpal.ai\",\"https:\/\/www.capterra.com\/p\/10006800\/TalkPal\/\"],\"description\":\"Talkpal is a language learning web and mobile education app, powered by the latest AI technologies, that provides engaging experiences to its customers in many different languages to help them improve their language skills. Users can chat about unlimited amount of topics with the app and use other modes to practice their language learning.\",\"email\":\"support@talkpal.ai\",\"legalName\":\"Talkpal, Inc.\",\"foundingDate\":\"2023-04-03\",\"duns\":\"118989042\",\"numberOfEmployees\":{\"@type\":\"QuantitativeValue\",\"minValue\":\"11\",\"maxValue\":\"50\"},\"publishingPrinciples\":\"https:\/\/talkpal.ai\/publishing-principles\/\",\"actionableFeedbackPolicy\":\"https:\/\/talkpal.ai\/actionable-feedback-policy\/\",\"correctionsPolicy\":\"https:\/\/talkpal.ai\/corrections-policy\/\",\"ethicsPolicy\":\"https:\/\/talkpal.ai\/ethics-policy\/\",\"diversityPolicy\":\"https:\/\/talkpal.ai\/diversity-policy\/\",\"diversityStaffingReport\":\"https:\/\/talkpal.ai\/diversity-policy\/\"}]}<\/script>\n<!-- \/ Yoast SEO Premium plugin. -->","yoast_head_json":{"title":"Tamil grammatikasi - Talkpal","description":"Tamil grammatikasi asoslarini o'rganing va bu boy tilni tushunishingizni oshiring.","robots":{"index":"index","follow":"follow","max-snippet":"max-snippet:-1","max-image-preview":"max-image-preview:large","max-video-preview":"max-video-preview:-1"},"canonical":"https:\/\/talkpal.ai\/uz\/tamil-grammatikasi\/","og_locale":"uz_UZ","og_type":"article","og_title":"Tamil grammatikasi","og_description":"Tamil grammatikasi: Tamil tilining boyligini tushunish Dunyodagi eng qadimgi tirik tillardan biri bo'lgan tamil tilini o'rganishni boshlaganingizda, uning","og_url":"https:\/\/talkpal.ai\/uz\/tamil-grammatikasi\/","og_site_name":"Talkpal","article_publisher":"https:\/\/www.facebook.com\/profile.php?id=100090733639311","article_modified_time":"2025-12-12T11:01:31+00:00","og_image":[{"width":512,"height":512,"url":"https:\/\/talkpal.ai\/wp-content\/uploads\/2023\/05\/Tamil-india.png","type":"image\/png"}],"twitter_card":"summary_large_image","twitter_site":"@talkpalai","twitter_misc":{"Est. reading time":"2 daqiqa"},"schema":{"@context":"https:\/\/schema.org","@graph":[{"@type":"WebPage","@id":"https:\/\/talkpal.ai\/uz\/tamil-grammatikasi\/","url":"https:\/\/talkpal.ai\/uz\/tamil-grammatikasi\/","name":"Tamil grammatikasi - Talkpal","isPartOf":{"@id":"https:\/\/talkpal.ai\/uz\/#website"},"primaryImageOfPage":{"@id":"https:\/\/talkpal.ai\/uz\/tamil-grammatikasi\/#primaryimage"},"image":{"@id":"https:\/\/talkpal.ai\/uz\/tamil-grammatikasi\/#primaryimage"},"thumbnailUrl":"https:\/\/talkpal.ai\/wp-content\/uploads\/2023\/05\/Tamil-india.png","datePublished":"2023-05-14T14:22:16+00:00","dateModified":"2025-12-12T11:01:31+00:00","description":"Tamil grammatikasi asoslarini o'rganing va bu boy tilni tushunishingizni oshiring.","breadcrumb":{"@id":"https:\/\/talkpal.ai\/uz\/tamil-grammatikasi\/#breadcrumb"},"inLanguage":"uz-UZ","potentialAction":[{"@type":"ReadAction","target":["https:\/\/talkpal.ai\/uz\/tamil-grammatikasi\/"]}]},{"@type":"ImageObject","inLanguage":"uz-UZ","@id":"https:\/\/talkpal.ai\/uz\/tamil-grammatikasi\/#primaryimage","url":"https:\/\/talkpal.ai\/wp-content\/uploads\/2023\/05\/Tamil-india.png","contentUrl":"https:\/\/talkpal.ai\/wp-content\/uploads\/2023\/05\/Tamil-india.png","width":512,"height":512,"caption":"TalkPal Tamil - India Flag"},{"@type":"BreadcrumbList","@id":"https:\/\/talkpal.ai\/uz\/tamil-grammatikasi\/#breadcrumb","itemListElement":[{"@type":"ListItem","position":1,"name":"Homepage","item":"https:\/\/talkpal.ai\/uz\/ai-til-oqituvchisi-3\/"},{"@type":"ListItem","position":2,"name":"Tamil grammatikasi"}]},{"@type":"WebSite","@id":"https:\/\/talkpal.ai\/uz\/#website","url":"https:\/\/talkpal.ai\/uz\/","name":"Talkpal","description":"AI Language Learning","publisher":{"@id":"https:\/\/talkpal.ai\/uz\/#organization"},"alternateName":"Talkpal AI","potentialAction":[{"@type":"SearchAction","target":{"@type":"EntryPoint","urlTemplate":"https:\/\/talkpal.ai\/uz\/?s={search_term_string}"},"query-input":{"@type":"PropertyValueSpecification","valueRequired":true,"valueName":"search_term_string"}}],"inLanguage":"uz-UZ"},{"@type":"Organization","@id":"https:\/\/talkpal.ai\/uz\/#organization","name":"Talkpal, Inc.","alternateName":"Talkpal AI","url":"https:\/\/talkpal.ai\/uz\/","logo":{"@type":"ImageObject","inLanguage":"uz-UZ","@id":"https:\/\/talkpal.ai\/uz\/#\/schema\/logo\/image\/","url":"https:\/\/talkpal.ai\/wp-content\/uploads\/2024\/03\/Talkpal-Logo-Icon.png","contentUrl":"https:\/\/talkpal.ai\/wp-content\/uploads\/2024\/03\/Talkpal-Logo-Icon.png","width":2880,"height":2880,"caption":"Talkpal, Inc."},"image":{"@id":"https:\/\/talkpal.ai\/uz\/#\/schema\/logo\/image\/"},"sameAs":["https:\/\/www.facebook.com\/profile.php?id=100090733639311","https:\/\/x.com\/talkpalai","https:\/\/www.linkedin.com\/company\/talkpal\/","https:\/\/www.youtube.com\/@TalkPal\/","https:\/\/www.tiktok.com\/@talkpal","https:\/\/www.instagram.com\/talkpal_ai\/","https:\/\/www.crunchbase.com\/organization\/talkpal-9cde","https:\/\/www.g2.com\/products\/talkpal-for-business\/","https:\/\/www.trustpilot.com\/review\/talkpal.ai","https:\/\/www.capterra.com\/p\/10006800\/TalkPal\/"],"description":"Talkpal is a language learning web and mobile education app, powered by the latest AI technologies, that provides engaging experiences to its customers in many different languages to help them improve their language skills. Users can chat about unlimited amount of topics with the app and use other modes to practice their language learning.","email":"support@talkpal.ai","legalName":"Talkpal, Inc.","foundingDate":"2023-04-03","duns":"118989042","numberOfEmployees":{"@type":"QuantitativeValue","minValue":"11","maxValue":"50"},"publishingPrinciples":"https:\/\/talkpal.ai\/publishing-principles\/","actionableFeedbackPolicy":"https:\/\/talkpal.ai\/actionable-feedback-policy\/","correctionsPolicy":"https:\/\/talkpal.ai\/corrections-policy\/","ethicsPolicy":"https:\/\/talkpal.ai\/ethics-policy\/","diversityPolicy":"https:\/\/talkpal.ai\/diversity-policy\/","diversityStaffingReport":"https:\/\/talkpal.ai\/diversity-policy\/"}]}},"_links":{"self":[{"href":"https:\/\/talkpal.ai\/uz\/wp-json\/wp\/v2\/pages\/1447457","targetHints":{"allow":["GET"]}}],"collection":[{"href":"https:\/\/talkpal.ai\/uz\/wp-json\/wp\/v2\/pages"}],"about":[{"href":"https:\/\/talkpal.ai\/uz\/wp-json\/wp\/v2\/types\/page"}],"author":[{"embeddable":true,"href":"https:\/\/talkpal.ai\/uz\/wp-json\/wp\/v2\/users\/1"}],"replies":[{"embeddable":true,"href":"https:\/\/talkpal.ai\/uz\/wp-json\/wp\/v2\/comments?post=1447457"}],"version-history":[{"count":0,"href":"https:\/\/talkpal.ai\/uz\/wp-json\/wp\/v2\/pages\/1447457\/revisions"}],"wp:featuredmedia":[{"embeddable":true,"href":"https:\/\/talkpal.ai\/uz\/wp-json\/wp\/v2\/media\/1444870"}],"wp:attachment":[{"href":"https:\/\/talkpal.ai\/uz\/wp-json\/wp\/v2\/media?parent=1447457"}],"curies":[{"name":"wp","href":"https:\/\/api.w.org\/{rel}","templated":true}]}}