{"id":1447433,"date":"2023-05-14T14:24:42","date_gmt":"2023-05-14T14:24:42","guid":{"rendered":"https:\/\/talkpal.ai\/tay-tili-grammatikasi\/"},"modified":"2025-12-13T15:46:25","modified_gmt":"2025-12-13T15:46:25","slug":"tay-tili-grammatikasi","status":"publish","type":"page","link":"https:\/\/talkpal.ai\/uz\/tay-tili-grammatikasi\/","title":{"rendered":"Tay tili grammatikasi"},"content":{"rendered":"\r\n\r\n\r\n<section class=\"languageChallengeSection\">\r\n    <div class=\"languageInfoWrapper\">\r\n        \r\n        <h1>Tay tili grammatikasi<\/h1>\r\n        <p>Tailand grammatikasini o&#039;rganing va mantiqiy va ifodali tilning go&#039;zalligini his eting. Sayohatingizni boshlang va fikrlash va gapirishning ajoyib usuliga eshikni oching!<\/p>\r\n\r\n                            <a class=\"getStartedHidden\" href=\"https:\/\/app.talkpal.ai\/uz\/signup?lng=\">Boshlang<\/a>\r\n        \r\n    <\/div>\r\n\r\n    <figure>\r\n    <img decoding=\"async\" width=\"768\" height=\"768\" src=\"https:\/\/talkpal.ai\/wp-content\/uploads\/2023\/06\/thai-768x768.png\" class=\"languageImage no-lazy\" alt=\"Language learning for improved thought process\" fetchpriority=\"high\" sizes=\"(max-width: 768px) 150px, 768px\" srcset=\"https:\/\/talkpal.ai\/wp-content\/uploads\/2023\/06\/thai-768x768.png 768w, https:\/\/talkpal.ai\/wp-content\/uploads\/2023\/06\/thai-300x300.png 300w\" \/>\r\n    \r\n\r\n    <\/figure>\r\n\r\n            <a class=\"getStartedVisible\" href=\"https:\/\/app.talkpal.ai\/uz\/signup?lng=\">Boshlang<\/a>\r\n    \r\n<\/section>\r\n<section class=\"promotionalBanner\">\r\n    <p class=\"promotionalText\">Til o&#8217;rganishning eng samarali usuli<\/p>\r\n    <a class=\"promotionalLink\" href=\"https:\/\/app.talkpal.ai\/uz\/signup?lng=\">Talkpal-ni bepul sinab ko&#8217;ring<\/a>\r\n<\/section>\n<div class=\"wp-block-group pageContainerStyle\"><div class=\"wp-block-group__inner-container is-layout-constrained wp-block-group-is-layout-constrained\">\n<h2 class=\"wp-block-heading\" id=\"h-thai-grammar-exploring-a-unique-linguistic-world\">Tailand grammatikasi: noyob lingvistik dunyoni o&#8217;rganish<\/h2>\n\n\n\n<p>Tailand grammatikasi &#8211; ko&#8217;rinishidan jumboqli, ekzotik va jozibali. Tailand tilini <a href=\"https:\/\/talkpal.ai\/uz\/til-organish-uchun-ai-chatbot\/\">o&#8217;rganish uchun<\/a> yo&#8217;lga chiqqaningizda, uning grammatikasi sizni kutilmaganda hayratga solishi mumkin. Qo&#8217;rqmang, mening tilshunoslarim! Biz ushbu ajoyib sarguzashtda yo&#8217;l-yo&#8217;riq va yordam berish uchun shu yerdamiz!<\/p>\n\n\n\n<p>Ushbu maqolada biz Tailand grammatikasining asosiy jihatlarini ko&#8217;rib chiqamiz, asosiy tushunchalarni ajratamiz, qoidalarni tushuntiramiz va hatto murakkabliklarni soddalashtiramiz. Tailand grammatikasida pardani ko&#8217;tarayotganimizda bizga qo&#8217;shiling va ushbu ajoyib noyob tilga bo&#8217;lgan ishtiyoqingizni yoqing!<\/p>\n\n\n\n<h3 class=\"wp-block-heading\" id=\"h-1-nouns-no-plurals-no-genders-no-worries\">1. Ismlar: Ko&#8217;plik, jins yo&#8217;q, tashvish yo&#8217;q!<\/h3>\n\n\n\n<p>Tailand grammatikasining go&#8217;zalligi uning otlarga nisbatan soddaligidadir. Tailanddagi otlar jins yoki ko&#8217;plik shakllariga ega emas, bu ularni ishlatish va tushunishni osonlashtiradi. Ko\u02bbplikni ko\u02bbrsatish uchun \u201cko\u02bbp\u201d (hhhh, m\u00e2ak) yoki \u201cba\u02bczi\u201d (h\u1ec9hh, b\u00e2ang) kabi miqdor so\u02bbzini qo\u02bbshing yoki ko\u02bbplik ma\u02bcnosini ta\u02bckidlash uchun otni takrorlang.<\/p>\n\n\n\n<h3 class=\"wp-block-heading\" id=\"h-2-pronouns-choose-wisely-based-on-politeness\">2. Olmoshlar: xushmuomalalik asosida donolikni tanlang<\/h3>\n\n\n\n<p>Tailand grammatikasida hurmat va kamtarlikni ko&#8217;rsatish uchun tegishli olmoshni tanlash juda muhimdir. Tailand olmoshlari so\u2018zlovchi va tinglovchining jinsi, yoshi va munosabatlariga qarab farqlanadi. Misol uchun, &laquo;ch\u0103n&raquo; (ch\u0103n) umumiy norasmiy birinchi shaxs olmoshi bo&#8217;lib, &laquo;p\u014fm&raquo; (p\u014fm) esa erkaklar tomonidan ko&#8217;proq rasmiy vaziyatlarda qo&#8217;llaniladi.<\/p>\n\n\n\n<p>Xushmuomalalik tarafida xato qilish uchun \u201csiz\u201d uchun \u201ck\u0103hj\u201d (kun) va \u201cu\/ular\u201d uchun \u201ck\u0103o\u201d (k\u0103o) dan foydalaning.<\/p>\n\n\n\n<h3 class=\"wp-block-heading\" id=\"h-3-verbs-no-conjugation-or-tenses-only-particles\">3. Fe&#8217;llar: Konjugatsiya yoki zamon yo&#8217;q, faqat zarrachalar<\/h3>\n\n\n\n<p>Tailand grammatikasida fe&#8217;llar zamon, kayfiyat va mavzudan qat&#8217;i nazar, o&#8217;zgarishsiz qoladi. Buning o&#8217;rniga, Tailand gapning zamon yoki munosabatini ko&#8217;rsatish uchun zarralar deb nomlanuvchi oddiy so&#8217;zlarga tayanadi. Bu zarrachalar <a href=\"https:\/\/talkpal.ai\/locations\/language-courses-in-gap\/\">gap<\/a> oxirida joylashgan.<\/p>\n\n\n\n<p>Masalan, \u201cl\u00e1ew\u201d (l\u00e1ew) zarrasi o\u2018tgan zamon yoki tugallangan ish-harakatni bildiradi, bajarilayotgan harakatlar uchun esa \u201cjhhhhhh\u201d (gam-lang) ishlatiladi. Shuning uchun, \u201ck\u0103o gin\u201d (k\u0103o gin) \u201cu\/u yeydi\u201d degan ma\u2019noni bildirsa, \u201ck\u0103o gin l\u00e1ew\u201d (k\u0103o gin l\u00e1ew) \u201cu\/u yedi\u201d degan ma\u2019noni anglatadi.<\/p>\n\n\n\n<h3 class=\"wp-block-heading\" id=\"h-4-sentence-structure-clear-and-straightforward\">4. Gapning tuzilishi: aniq va tushunarli<\/h3>\n\n\n\n<p>Tailand grammatikasi ingliz tiliga o&#8217;xshash Subject-Ferb-Object (SVO) jumla tuzilishiga amal qiladi, bu <a href=\"https:\/\/talkpal.ai\/uz\/ingliz-tilida-gaplashish\/\">ingliz tilida<\/a> so&#8217;zlashuvchilar uchun tushunishni osonlashtiradi. Asosiy qoida shundan iboratki, sifatlar, qo\u2018shimchalar va boshqa aniqlovchi so\u2018zlar ular tasvirlagan ot yoki fe\u2019ldan keyin keladi.<\/p>\n\n\n\n<p>Misol uchun, \u201chhh\u0101wpn\u0103ng n\u00e9e\u201d (p\u014fm ch\u00e2wp n\u0103ng s\u011bu n\u00e9e) bu kitobni (ob\u2019ektni) yoqtiraman (fe\u2019l) deb tarjima qilinadi.<\/p>\n\n\n\n<h3 class=\"wp-block-heading\" id=\"h-5-immerse-yourself-in-thai-practice-makes-perfect\">5. Tailand tiliga sho\u2018ng\u2018ing: amaliyot mukammal qiladi<\/h3>\n\n\n\n<p>Tailand grammatikasini tushunish va o&#8217;zlashtirish dastlab qiyin bo&#8217;lib tuyulishi mumkin, ammo asosiysi qat&#8217;iyat va izchil amaliyotdir. Tilga sho&#8217;ng&#8217;ish, o&#8217;qish, yozish, tinglash va ona tilida so&#8217;zlashuvchilar bilan suhbatlashish orqali barcha his-tuyg&#8217;ularingizni jalb qiling. Tailand grammatikasini qanchalik ko&#8217;p o&#8217;rgansangiz, bu ekzotik tushunchalar shunchalik tanish va qulay bo&#8217;ladi.<\/p>\n\n\n\n<p>Xo&#8217;sh, siz Tailand grammatikasining ajoyib olamiga sho&#8217;ng&#8217;ishga tayyormisiz? Tailand grammatikasining qiyinchiliklari va o&#8217;ziga xos xususiyatlarini qabul qiling va vaqt, fidoyilik va sarguzasht hissi bilan siz Tailand tilining jozibali go&#8217;zalligini ochishingiz mumkin.<\/p>\n<\/div><\/div>\n\r\n<section class=\"learnNavigationSection\">\r\n            \r\n        <a href=\"https:\/\/talkpal.ai\/uz\/tay-tilini-organing\/\">\r\n            <div class=\"learnNavigationWrapper\">\r\n                <div class=\"learnNavigationContent\">\r\n                    <img decoding=\"async\" src=\"https:\/\/talkpal.ai\/wp-content\/uploads\/2024\/08\/Thai.jpg\" alt=\"Thai Flag\">\r\n                    <div>\r\n                        <h4>Tailand tilini o&#039;rganish haqida<\/h4>\r\n                        <p>Tailand grammatikasi haqida hamma narsani bilib oling.<\/p>\r\n                    <\/div>\r\n                <\/div>\r\n            <\/div>\r\n        <\/a>\r\n\r\n        \r\n        <a href=\"https:\/\/talkpal.ai\/uz\/tayland-tili-grammatikasi-mashqlari\/\">\r\n            <div class=\"learnNavigationWrapper\">\r\n                <div class=\"learnNavigationContent\">\r\n                    <img decoding=\"async\" src=\"https:\/\/talkpal.ai\/wp-content\/uploads\/2024\/08\/Thai.jpg\" alt=\"Thai Flag\">\r\n                    <div>\r\n                        <h4>Tayland tili grammatikasi bo&#039;yicha mashq<\/h4>\r\n                        <p>Tailand grammatikasini mashq qiling.<\/p>\r\n                    <\/div>\r\n                <\/div>\r\n            <\/div>\r\n        <\/a>\r\n\r\n        \r\n        <a href=\"https:\/\/talkpal.ai\/vocabulary_language\/thai\/\">\r\n            <div class=\"learnNavigationWrapper\">\r\n                <div class=\"learnNavigationContent\">\r\n                    <img decoding=\"async\" src=\"https:\/\/talkpal.ai\/wp-content\/uploads\/2024\/08\/Thai.jpg\" alt=\"Thai Flag\">\r\n                    <div>\r\n                        <h4>Tayland lug&#039;ati<\/h4>\r\n                        <p>Tailand tilidagi so\u2018z boyligingizni kengaytiring.<\/p>\r\n                    <\/div>\r\n                <\/div>\r\n            <\/div>\r\n        <\/a>\r\n\r\n            <\/section>","protected":false},"excerpt":{"rendered":"<p>Tailand grammatikasi: noyob lingvistik dunyoni o&#8217;rganish Tailand grammatikasi &#8211; ko&#8217;rinishidan jumboqli, ekzotik va jozibali. Tailand tilini o&#8217;rganish uchun yo&#8217;lga chiqqaningizda, uning grammatikasi sizni kutilmaganda hayratga solishi mumkin. Qo&#8217;rqmang, mening tilshunoslarim! Biz ushbu ajoyib sarguzashtda yo&#8217;l-yo&#8217;riq va yordam berish uchun shu yerdamiz! Ushbu maqolada biz Tailand grammatikasining asosiy jihatlarini ko&#8217;rib chiqamiz, asosiy tushunchalarni ajratamiz, qoidalarni tushuntiramiz [&hellip;]<\/p>\n","protected":false},"author":1,"featured_media":1444887,"parent":0,"menu_order":0,"comment_status":"closed","ping_status":"closed","template":"LearningContentPage.php","meta":{"_acf_changed":false,"footnotes":""},"class_list":["post-1447433","page","type-page","status-publish","has-post-thumbnail","hentry"],"acf":[],"yoast_head":"<!-- This site is optimized with the Yoast SEO Premium plugin v27.2 (Yoast SEO v27.2) - https:\/\/yoast.com\/product\/yoast-seo-premium-wordpress\/ -->\n<title>Tay tili grammatikasi - Talkpal<\/title>\n<meta name=\"description\" content=\"Tailand grammatikasining ajoyib dunyosini o&#039;rganing. Uning soddaligi va o&#039;rganishni qiziqarli qiladigan o&#039;ziga xos xususiyatlarini kashf eting.\" \/>\n<meta name=\"robots\" content=\"index, follow, max-snippet:-1, max-image-preview:large, max-video-preview:-1\" \/>\n<link rel=\"canonical\" href=\"https:\/\/talkpal.ai\/uz\/tay-tili-grammatikasi\/\" \/>\n<meta property=\"og:locale\" content=\"uz_UZ\" \/>\n<meta property=\"og:type\" content=\"article\" \/>\n<meta property=\"og:title\" content=\"Tay tili grammatikasi\" \/>\n<meta property=\"og:description\" content=\"Tailand grammatikasi: noyob lingvistik dunyoni o&#039;rganish Tailand grammatikasi - ko&#039;rinishidan jumboqli, ekzotik va jozibali. Tailand tilini o&#039;rganish\" \/>\n<meta property=\"og:url\" content=\"https:\/\/talkpal.ai\/uz\/tay-tili-grammatikasi\/\" \/>\n<meta property=\"og:site_name\" content=\"Talkpal\" \/>\n<meta property=\"article:publisher\" content=\"https:\/\/www.facebook.com\/profile.php?id=100090733639311\" \/>\n<meta property=\"article:modified_time\" content=\"2025-12-13T15:46:25+00:00\" \/>\n<meta property=\"og:image\" content=\"https:\/\/talkpal.ai\/wp-content\/uploads\/2023\/05\/thailand.png\" \/>\n\t<meta property=\"og:image:width\" content=\"512\" \/>\n\t<meta property=\"og:image:height\" content=\"512\" \/>\n\t<meta property=\"og:image:type\" content=\"image\/png\" \/>\n<meta name=\"twitter:card\" content=\"summary_large_image\" \/>\n<meta name=\"twitter:site\" content=\"@talkpalai\" \/>\n<meta name=\"twitter:label1\" content=\"Est. reading time\" \/>\n\t<meta name=\"twitter:data1\" content=\"2 daqiqa\" \/>\n<script type=\"application\/ld+json\" class=\"yoast-schema-graph\">{\"@context\":\"https:\/\/schema.org\",\"@graph\":[{\"@type\":\"WebPage\",\"@id\":\"https:\/\/talkpal.ai\/uz\/tay-tili-grammatikasi\/\",\"url\":\"https:\/\/talkpal.ai\/uz\/tay-tili-grammatikasi\/\",\"name\":\"Tay tili grammatikasi - Talkpal\",\"isPartOf\":{\"@id\":\"https:\/\/talkpal.ai\/uz\/#website\"},\"primaryImageOfPage\":{\"@id\":\"https:\/\/talkpal.ai\/uz\/tay-tili-grammatikasi\/#primaryimage\"},\"image\":{\"@id\":\"https:\/\/talkpal.ai\/uz\/tay-tili-grammatikasi\/#primaryimage\"},\"thumbnailUrl\":\"https:\/\/talkpal.ai\/wp-content\/uploads\/2023\/05\/thailand.png\",\"datePublished\":\"2023-05-14T14:24:42+00:00\",\"dateModified\":\"2025-12-13T15:46:25+00:00\",\"description\":\"Tailand grammatikasining ajoyib dunyosini o'rganing. Uning soddaligi va o'rganishni qiziqarli qiladigan o'ziga xos xususiyatlarini kashf eting.\",\"breadcrumb\":{\"@id\":\"https:\/\/talkpal.ai\/uz\/tay-tili-grammatikasi\/#breadcrumb\"},\"inLanguage\":\"uz-UZ\",\"potentialAction\":[{\"@type\":\"ReadAction\",\"target\":[\"https:\/\/talkpal.ai\/uz\/tay-tili-grammatikasi\/\"]}]},{\"@type\":\"ImageObject\",\"inLanguage\":\"uz-UZ\",\"@id\":\"https:\/\/talkpal.ai\/uz\/tay-tili-grammatikasi\/#primaryimage\",\"url\":\"https:\/\/talkpal.ai\/wp-content\/uploads\/2023\/05\/thailand.png\",\"contentUrl\":\"https:\/\/talkpal.ai\/wp-content\/uploads\/2023\/05\/thailand.png\",\"width\":512,\"height\":512,\"caption\":\"TalkPal Thailand Flag\"},{\"@type\":\"BreadcrumbList\",\"@id\":\"https:\/\/talkpal.ai\/uz\/tay-tili-grammatikasi\/#breadcrumb\",\"itemListElement\":[{\"@type\":\"ListItem\",\"position\":1,\"name\":\"Homepage\",\"item\":\"https:\/\/talkpal.ai\/uz\/ai-til-oqituvchisi-3\/\"},{\"@type\":\"ListItem\",\"position\":2,\"name\":\"Tay tili grammatikasi\"}]},{\"@type\":\"WebSite\",\"@id\":\"https:\/\/talkpal.ai\/uz\/#website\",\"url\":\"https:\/\/talkpal.ai\/uz\/\",\"name\":\"Talkpal\",\"description\":\"AI Language Learning\",\"publisher\":{\"@id\":\"https:\/\/talkpal.ai\/uz\/#organization\"},\"alternateName\":\"Talkpal AI\",\"potentialAction\":[{\"@type\":\"SearchAction\",\"target\":{\"@type\":\"EntryPoint\",\"urlTemplate\":\"https:\/\/talkpal.ai\/uz\/?s={search_term_string}\"},\"query-input\":{\"@type\":\"PropertyValueSpecification\",\"valueRequired\":true,\"valueName\":\"search_term_string\"}}],\"inLanguage\":\"uz-UZ\"},{\"@type\":\"Organization\",\"@id\":\"https:\/\/talkpal.ai\/uz\/#organization\",\"name\":\"Talkpal, Inc.\",\"alternateName\":\"Talkpal AI\",\"url\":\"https:\/\/talkpal.ai\/uz\/\",\"logo\":{\"@type\":\"ImageObject\",\"inLanguage\":\"uz-UZ\",\"@id\":\"https:\/\/talkpal.ai\/uz\/#\/schema\/logo\/image\/\",\"url\":\"https:\/\/talkpal.ai\/wp-content\/uploads\/2024\/03\/Talkpal-Logo-Icon.png\",\"contentUrl\":\"https:\/\/talkpal.ai\/wp-content\/uploads\/2024\/03\/Talkpal-Logo-Icon.png\",\"width\":2880,\"height\":2880,\"caption\":\"Talkpal, Inc.\"},\"image\":{\"@id\":\"https:\/\/talkpal.ai\/uz\/#\/schema\/logo\/image\/\"},\"sameAs\":[\"https:\/\/www.facebook.com\/profile.php?id=100090733639311\",\"https:\/\/x.com\/talkpalai\",\"https:\/\/www.linkedin.com\/company\/talkpal\/\",\"https:\/\/www.youtube.com\/@TalkPal\/\",\"https:\/\/www.tiktok.com\/@talkpal\",\"https:\/\/www.instagram.com\/talkpal_ai\/\",\"https:\/\/www.crunchbase.com\/organization\/talkpal-9cde\",\"https:\/\/www.g2.com\/products\/talkpal-for-business\/\",\"https:\/\/www.trustpilot.com\/review\/talkpal.ai\",\"https:\/\/www.capterra.com\/p\/10006800\/TalkPal\/\"],\"description\":\"Talkpal is a language learning web and mobile education app, powered by the latest AI technologies, that provides engaging experiences to its customers in many different languages to help them improve their language skills. Users can chat about unlimited amount of topics with the app and use other modes to practice their language learning.\",\"email\":\"support@talkpal.ai\",\"legalName\":\"Talkpal, Inc.\",\"foundingDate\":\"2023-04-03\",\"duns\":\"118989042\",\"numberOfEmployees\":{\"@type\":\"QuantitativeValue\",\"minValue\":\"11\",\"maxValue\":\"50\"},\"publishingPrinciples\":\"https:\/\/talkpal.ai\/publishing-principles\/\",\"actionableFeedbackPolicy\":\"https:\/\/talkpal.ai\/actionable-feedback-policy\/\",\"correctionsPolicy\":\"https:\/\/talkpal.ai\/corrections-policy\/\",\"ethicsPolicy\":\"https:\/\/talkpal.ai\/ethics-policy\/\",\"diversityPolicy\":\"https:\/\/talkpal.ai\/diversity-policy\/\",\"diversityStaffingReport\":\"https:\/\/talkpal.ai\/diversity-policy\/\"}]}<\/script>\n<!-- \/ Yoast SEO Premium plugin. -->","yoast_head_json":{"title":"Tay tili grammatikasi - Talkpal","description":"Tailand grammatikasining ajoyib dunyosini o'rganing. Uning soddaligi va o'rganishni qiziqarli qiladigan o'ziga xos xususiyatlarini kashf eting.","robots":{"index":"index","follow":"follow","max-snippet":"max-snippet:-1","max-image-preview":"max-image-preview:large","max-video-preview":"max-video-preview:-1"},"canonical":"https:\/\/talkpal.ai\/uz\/tay-tili-grammatikasi\/","og_locale":"uz_UZ","og_type":"article","og_title":"Tay tili grammatikasi","og_description":"Tailand grammatikasi: noyob lingvistik dunyoni o'rganish Tailand grammatikasi - ko'rinishidan jumboqli, ekzotik va jozibali. Tailand tilini o'rganish","og_url":"https:\/\/talkpal.ai\/uz\/tay-tili-grammatikasi\/","og_site_name":"Talkpal","article_publisher":"https:\/\/www.facebook.com\/profile.php?id=100090733639311","article_modified_time":"2025-12-13T15:46:25+00:00","og_image":[{"width":512,"height":512,"url":"https:\/\/talkpal.ai\/wp-content\/uploads\/2023\/05\/thailand.png","type":"image\/png"}],"twitter_card":"summary_large_image","twitter_site":"@talkpalai","twitter_misc":{"Est. reading time":"2 daqiqa"},"schema":{"@context":"https:\/\/schema.org","@graph":[{"@type":"WebPage","@id":"https:\/\/talkpal.ai\/uz\/tay-tili-grammatikasi\/","url":"https:\/\/talkpal.ai\/uz\/tay-tili-grammatikasi\/","name":"Tay tili grammatikasi - Talkpal","isPartOf":{"@id":"https:\/\/talkpal.ai\/uz\/#website"},"primaryImageOfPage":{"@id":"https:\/\/talkpal.ai\/uz\/tay-tili-grammatikasi\/#primaryimage"},"image":{"@id":"https:\/\/talkpal.ai\/uz\/tay-tili-grammatikasi\/#primaryimage"},"thumbnailUrl":"https:\/\/talkpal.ai\/wp-content\/uploads\/2023\/05\/thailand.png","datePublished":"2023-05-14T14:24:42+00:00","dateModified":"2025-12-13T15:46:25+00:00","description":"Tailand grammatikasining ajoyib dunyosini o'rganing. Uning soddaligi va o'rganishni qiziqarli qiladigan o'ziga xos xususiyatlarini kashf eting.","breadcrumb":{"@id":"https:\/\/talkpal.ai\/uz\/tay-tili-grammatikasi\/#breadcrumb"},"inLanguage":"uz-UZ","potentialAction":[{"@type":"ReadAction","target":["https:\/\/talkpal.ai\/uz\/tay-tili-grammatikasi\/"]}]},{"@type":"ImageObject","inLanguage":"uz-UZ","@id":"https:\/\/talkpal.ai\/uz\/tay-tili-grammatikasi\/#primaryimage","url":"https:\/\/talkpal.ai\/wp-content\/uploads\/2023\/05\/thailand.png","contentUrl":"https:\/\/talkpal.ai\/wp-content\/uploads\/2023\/05\/thailand.png","width":512,"height":512,"caption":"TalkPal Thailand Flag"},{"@type":"BreadcrumbList","@id":"https:\/\/talkpal.ai\/uz\/tay-tili-grammatikasi\/#breadcrumb","itemListElement":[{"@type":"ListItem","position":1,"name":"Homepage","item":"https:\/\/talkpal.ai\/uz\/ai-til-oqituvchisi-3\/"},{"@type":"ListItem","position":2,"name":"Tay tili grammatikasi"}]},{"@type":"WebSite","@id":"https:\/\/talkpal.ai\/uz\/#website","url":"https:\/\/talkpal.ai\/uz\/","name":"Talkpal","description":"AI Language Learning","publisher":{"@id":"https:\/\/talkpal.ai\/uz\/#organization"},"alternateName":"Talkpal AI","potentialAction":[{"@type":"SearchAction","target":{"@type":"EntryPoint","urlTemplate":"https:\/\/talkpal.ai\/uz\/?s={search_term_string}"},"query-input":{"@type":"PropertyValueSpecification","valueRequired":true,"valueName":"search_term_string"}}],"inLanguage":"uz-UZ"},{"@type":"Organization","@id":"https:\/\/talkpal.ai\/uz\/#organization","name":"Talkpal, Inc.","alternateName":"Talkpal AI","url":"https:\/\/talkpal.ai\/uz\/","logo":{"@type":"ImageObject","inLanguage":"uz-UZ","@id":"https:\/\/talkpal.ai\/uz\/#\/schema\/logo\/image\/","url":"https:\/\/talkpal.ai\/wp-content\/uploads\/2024\/03\/Talkpal-Logo-Icon.png","contentUrl":"https:\/\/talkpal.ai\/wp-content\/uploads\/2024\/03\/Talkpal-Logo-Icon.png","width":2880,"height":2880,"caption":"Talkpal, Inc."},"image":{"@id":"https:\/\/talkpal.ai\/uz\/#\/schema\/logo\/image\/"},"sameAs":["https:\/\/www.facebook.com\/profile.php?id=100090733639311","https:\/\/x.com\/talkpalai","https:\/\/www.linkedin.com\/company\/talkpal\/","https:\/\/www.youtube.com\/@TalkPal\/","https:\/\/www.tiktok.com\/@talkpal","https:\/\/www.instagram.com\/talkpal_ai\/","https:\/\/www.crunchbase.com\/organization\/talkpal-9cde","https:\/\/www.g2.com\/products\/talkpal-for-business\/","https:\/\/www.trustpilot.com\/review\/talkpal.ai","https:\/\/www.capterra.com\/p\/10006800\/TalkPal\/"],"description":"Talkpal is a language learning web and mobile education app, powered by the latest AI technologies, that provides engaging experiences to its customers in many different languages to help them improve their language skills. Users can chat about unlimited amount of topics with the app and use other modes to practice their language learning.","email":"support@talkpal.ai","legalName":"Talkpal, Inc.","foundingDate":"2023-04-03","duns":"118989042","numberOfEmployees":{"@type":"QuantitativeValue","minValue":"11","maxValue":"50"},"publishingPrinciples":"https:\/\/talkpal.ai\/publishing-principles\/","actionableFeedbackPolicy":"https:\/\/talkpal.ai\/actionable-feedback-policy\/","correctionsPolicy":"https:\/\/talkpal.ai\/corrections-policy\/","ethicsPolicy":"https:\/\/talkpal.ai\/ethics-policy\/","diversityPolicy":"https:\/\/talkpal.ai\/diversity-policy\/","diversityStaffingReport":"https:\/\/talkpal.ai\/diversity-policy\/"}]}},"_links":{"self":[{"href":"https:\/\/talkpal.ai\/uz\/wp-json\/wp\/v2\/pages\/1447433","targetHints":{"allow":["GET"]}}],"collection":[{"href":"https:\/\/talkpal.ai\/uz\/wp-json\/wp\/v2\/pages"}],"about":[{"href":"https:\/\/talkpal.ai\/uz\/wp-json\/wp\/v2\/types\/page"}],"author":[{"embeddable":true,"href":"https:\/\/talkpal.ai\/uz\/wp-json\/wp\/v2\/users\/1"}],"replies":[{"embeddable":true,"href":"https:\/\/talkpal.ai\/uz\/wp-json\/wp\/v2\/comments?post=1447433"}],"version-history":[{"count":0,"href":"https:\/\/talkpal.ai\/uz\/wp-json\/wp\/v2\/pages\/1447433\/revisions"}],"wp:featuredmedia":[{"embeddable":true,"href":"https:\/\/talkpal.ai\/uz\/wp-json\/wp\/v2\/media\/1444887"}],"wp:attachment":[{"href":"https:\/\/talkpal.ai\/uz\/wp-json\/wp\/v2\/media?parent=1447433"}],"curies":[{"name":"wp","href":"https:\/\/api.w.org\/{rel}","templated":true}]}}