{"id":1447416,"date":"2023-05-14T14:23:49","date_gmt":"2023-05-14T14:23:49","guid":{"rendered":"https:\/\/talkpal.ai\/turk-tili-grammatikasi\/"},"modified":"2025-12-13T15:45:09","modified_gmt":"2025-12-13T15:45:09","slug":"turk-tili-grammatikasi","status":"publish","type":"page","link":"https:\/\/talkpal.ai\/uz\/turk-tili-grammatikasi\/","title":{"rendered":"Turk tili grammatikasi"},"content":{"rendered":"\r\n\r\n\r\n<section class=\"languageChallengeSection\">\r\n    <div class=\"languageInfoWrapper\">\r\n        \r\n        <h1>Turk tili grammatikasi<\/h1>\r\n        <p><a href=\"https:\/\/talkpal.ai\/learn-turkish\/\">Turk<\/a> tilini o&#039;rganishga qiziqasizmi? Turk grammatikasini o\u2018rganing va uning mantiqiy tuzilishi, unli tovushlar uyg\u2018unligi va amal qilish oson fe\u2019l qoliplari uni qanday qiziqarli va qulay qilishini ko\u2018ring. Sayohatingizni bugun boshlang &#8211; turk tili grammatikasini o&#039;zlashtirish ravon muloqot qilish va jonli madaniyat va aloqa dunyosini ochish kalitidir!<\/p>\r\n\r\n                            <a class=\"getStartedHidden\" href=\"https:\/\/app.talkpal.ai\/uz\/signup?lng=\">Boshlang<\/a>\r\n        \r\n    <\/div>\r\n\r\n    <figure>\r\n    <img decoding=\"async\" width=\"768\" height=\"768\" src=\"https:\/\/talkpal.ai\/wp-content\/uploads\/2023\/06\/turkish-768x768.png\" class=\"languageImage no-lazy\" alt=\"Language learning for increased focus\" fetchpriority=\"high\" sizes=\"(max-width: 768px) 150px, 768px\" srcset=\"https:\/\/talkpal.ai\/wp-content\/uploads\/2023\/06\/turkish-768x768.png 768w, https:\/\/talkpal.ai\/wp-content\/uploads\/2023\/06\/turkish-300x300.png 300w\" \/>\r\n    \r\n\r\n    <\/figure>\r\n\r\n            <a class=\"getStartedVisible\" href=\"https:\/\/app.talkpal.ai\/uz\/signup?lng=\">Boshlang<\/a>\r\n    \r\n<\/section>\r\n<section class=\"promotionalBanner\">\r\n    <p class=\"promotionalText\">Til o&#8217;rganishning eng samarali usuli<\/p>\r\n    <a class=\"promotionalLink\" href=\"https:\/\/app.talkpal.ai\/uz\/signup?lng=\">Talkpal-ni bepul sinab ko&#8217;ring<\/a>\r\n<\/section>\n<div class=\"wp-block-group pageContainerStyle\"><div class=\"wp-block-group__inner-container is-layout-constrained wp-block-group-is-layout-constrained\">\n<h2 class=\"wp-block-heading\" id=\"h-the-ultimate-guide-to-turkish-grammar-navigating-the-intricacies-of-a-unique-language\">Turk tili grammatikasi bo&#8217;yicha yakuniy qo&#8217;llanma: noyob tilning nozik tomonlarini o&#8217;rganish<\/h2>\n\n\n\n<p><a href=\"https:\/\/talkpal.ai\/uz\/turk-tili-grammatikasi-mashqlari\/\">Turk grammatikasi<\/a>, xuddi tilning o&#8217;zi kabi, til elementlarining boy va jozibali gobelenini taqdim etadi. Turkiy tillar oilasining a&#8217;zosi bo&#8217;lgan turk tili o&#8217;zining xilma-xil xususiyatlari bilan o&#8217;quvchilarni o&#8217;ziga jalb qiladi va hatto eng malakali so&#8217;zlashuvchilarni ham qiyinlashtiradi. Ushbu qo\u02bbllanmada biz turk tili grammatikasining asosiy tamoyillarini o\u02bbrganamiz, uning murakkabliklarini yoritib beramiz va sizni ushbu jozibali tilda ravon bo\u02bblish yo\u02bblida qo\u02bbllab-quvvatlaymiz. Keling, boshlaymiz!<\/p>\n\n\n\n<h3 class=\"wp-block-heading\" id=\"h-the-nuts-and-bolts-turkish-sentence-structure\">Yong&#8217;oq va murvat: turkcha jumla tuzilishi<\/h3>\n\n\n\n<p>Aslini olganda, <a href=\"https:\/\/talkpal.ai\/turkish-grammar\/\">turk tili grammatikasi<\/a> juda oddiy. Til odatda ingliz va boshqa ko&#8217;plab tillardan farqli o&#8217;laroq, Subject-Object-Ferb (SOV) jumla tuzilishiga amal qiladi. Masalan, \u201cI eat an apple\u201d jumlasi \u201cBen elma yiyorum\u201d (Ben=I, elma=olma, yiyorum=eat) deb tarjima qilinadi. Oddiy, to&#8217;g&#8217;rimi? Biroq, biz chuqurroq o&#8217;rgansak, turk grammatikasining ba&#8217;zi qiziqarli va o&#8217;ziga xos xususiyatlariga duch kelasiz.<\/p>\n\n\n\n<h3 class=\"wp-block-heading\" id=\"h-meet-the-family-turkish-nouns-and-their-suffixes\">Oila bilan tanishing: turkcha otlar va ularning qo\u2018shimchalari<\/h3>\n\n\n\n<p>Turk tili grammatikasining o\u2018ziga xos xususiyatlaridan biri turli <a href=\"https:\/\/talkpal.ai\/fr\/les\/\">grammatik<\/a> munosabatlarni ifodalash uchun qo\u2018shimchalardan foydalanishdir. Turk tilida predloglar mavjud emas; ularning o\u2018rnida otlarga egalik, to\u2018g\u2018ridan-to\u2018g\u2018ri predmet va joyni bildiruvchi qo\u2018shimchalar qo\u2018shiladi.<\/p>\n\n\n\n<p>Masalan, \u201colma\u201d degan ma\u2019noni anglatuvchi \u201celma\u201d (elma) so\u2018zini olaylik:<\/p>\n\n\n\n<p><strong>\u2013 Egalik: Benim elmam (Mening olmam)<\/strong><\/p>\n\n\n\n<p><strong>&#8211; To&#8217;g&#8217;ridan-to&#8217;g&#8217;ri ob&#8217;ekt: Elmay\u0131 yedim (men olma yedim)<\/strong><\/p>\n\n\n\n<p><strong>\u2013 Manzil: Elmada (Olmada)<\/strong><\/p>\n\n\n\n<p>Ushbu qo&#8217;shimchalar bilan tanishib chiqish juda muhim, chunki ular jumlalaringizning ma&#8217;nosini keskin o&#8217;zgartirishi mumkin.<\/p>\n\n\n\n<h3 class=\"wp-block-heading\" id=\"h-playing-with-numbers-turkish-plurals-and-genders\">Raqamlar bilan o&#8217;ynash: turkcha ko&#8217;plik va jinslar<\/h3>\n\n\n\n<p>Turk tilida ko\u2018plik yasashda faqat bitta qo\u2018shimchani qo\u2018shish zarur: so\u2018zdagi eng yaqin unliga qarab -ler yoki -lar. Ko&#8217;pgina boshqa tillardan farqli o&#8217;laroq, turk tilida grammatik jins mavjud emas. Bu shuni anglatadiki, siz erkak, ayol yoki noaniq otlarning turli xil tugashlari yoki shakllarini o&#8217;rganish <a href=\"https:\/\/talkpal.ai\/uz\/haqida\/\">haqida<\/a> tashvishlanishingiz shart emas.<\/p>\n\n\n\n<p>Masalan, \u201ck\u00f6pek\u201d (k\u00f6pek, \u201cit\u201d ma\u2019nosidagi ot) \u201ck\u00f6pekler\u201d (k\u00f6pekler, itlar), \u201ckedi\u201d (kedi, \u201cmushuk\u201d ma\u2019nosi) esa \u201ckediler\u201d (kediler, mushuklar) ga aylanadi.<\/p>\n\n\n\n<h3 class=\"wp-block-heading\" id=\"h-the-art-of-conjugation-turkish-verbs\">Konjugatsiya san&#8217;ati: turkcha fe&#8217;llar<\/h3>\n\n\n\n<p>Turkcha fe&#8217;llar ko&#8217;p sonli zamon, kayfiyat va kelishik tufayli dastlab qo&#8217;rqinchli ko&#8217;rinishi mumkin. Biroq, ularni tushunishning kaliti umumiy naqshlarni tan olish va muntazam ravishda mashq qilishdir.<\/p>\n\n\n\n<p>Turk tilida fe\u2019llar zamon, mayl va shaxsni bildirish uchun turli qo\u2018shimchalardan foydalanadi. Fe&#8217;l o&#8217;zagi o&#8217;zgarishsiz qoladi. Misol tariqasida \u201cyemek\u201d (yemek, \u201cyemoq\u201d) fe\u2019lini olaylik:<\/p>\n\n\n\n<p><strong>Hozirgi davomli zamon: Yiyorum (emoqdaman)<\/strong><\/p>\n\n\n\n<p><strong>O\u2018tgan zamon: Yedim (men yedim)<\/strong><\/p>\n\n\n\n<p><strong>Kelasi zamon: Yiyece\u011fim (men yeyman)<\/strong><\/p>\n\n\n\n<p>Ko&#8217;rib turganingizdek, oxirlar zamon va shaxsga qarab o&#8217;zgaradi. Amaliyot va sabr-toqat bilan siz naqshlarni taniy boshlaysiz va bu qiyinchilikni engasiz.<\/p>\n\n\n\n<h3 class=\"wp-block-heading\" id=\"h-the-finishing-touches-turkish-adjectives-adverbs-and-more\">Yakunlovchi nuqtalar: turkiy sifatlar, qo\u2018shimchalar va boshqalar<\/h3>\n\n\n\n<p>Turk tilidagi sifat va qo\u2018shimchalar haqida <a href=\"https:\/\/talkpal.ai\/locations\/language-courses-in-gap\/\">gap<\/a> ketganda, ular nutqingizga chuqurlik va murakkablik kiritishda hal qiluvchi rol o\u2018ynaydi. Turk tilidagi sifatlar o\u2018zlari o\u2018zgartirgan otlar bilan kelishish shart emas, bu esa boshqa tillarga qaraganda, ular bilan ishlashni osonlashtiradi.<\/p>\n\n\n\n<p>Masalan, &laquo;g\u00fczel&raquo; (g\u00fczel) &laquo;chiroyli&raquo; degan ma&#8217;noni anglatadi va siz uni &laquo;g\u00fczel \u00e7i\u00e7ek&raquo; (g\u00fczel \u00e7i\u00e7ek, &laquo;chiroyli gul&raquo;) yoki &laquo;g\u00fczel k\u00f6pek&raquo; (g\u00fczel k\u00f6pek, &laquo;chiroyli it&raquo;) sifatida ko&#8217;rishingiz mumkin, ko&#8217;plik yoki jins o&#8217;zgarmaydi.<\/p>\n\n\n\n<p>Qo&#8217;shimchalar odatda o&#8217;xshash qoliplarga amal qiladi, ko&#8217;pincha sifatlardan kelib chiqadi. Turk tilida sifatdoshlarga yaqin unliga qarab -ce yoki -ca qo\u2018shimchasini qo\u2018shish orqali ko\u2018plab qo\u2018shimchalar yasalishi mumkin.<\/p>\n\n\n\n<p>Xulosa qilib aytadigan bo\u2018lsak, turk grammatikasining murakkablik va o\u2018ziga xosliklari qiyinchilik tug\u2018dirsa-da, tilga jozibali go\u2018zallik va xarakter bag\u2018ishlaydi. Qat&#8217;iyat, qiziquvchanlik va amaliy qo&#8217;llash kombinatsiyasi bilan siz tez orada turk grammatikasini osonlik va ishonch bilan o&#8217;rganasiz. Baxtli o&#8217;rganish!<\/p>\n<\/div><\/div>\n\r\n<section class=\"learnNavigationSection\">\r\n            \r\n        <a href=\"https:\/\/talkpal.ai\/uz\/turk-tilini-organing\/\">\r\n            <div class=\"learnNavigationWrapper\">\r\n                <div class=\"learnNavigationContent\">\r\n                    <img decoding=\"async\" src=\"https:\/\/talkpal.ai\/wp-content\/uploads\/2024\/08\/Turkish.jpg\" alt=\"Turkish Flag\">\r\n                    <div>\r\n                        <h4>Turk tilini o&#039;rganish haqida<\/h4>\r\n                        <p>Turk tili grammatikasi haqida hamma narsani bilib oling.<\/p>\r\n                    <\/div>\r\n                <\/div>\r\n            <\/div>\r\n        <\/a>\r\n\r\n        \r\n        <a href=\"https:\/\/talkpal.ai\/uz\/turk-tili-grammatikasi-mashqlari\/\">\r\n            <div class=\"learnNavigationWrapper\">\r\n                <div class=\"learnNavigationContent\">\r\n                    <img decoding=\"async\" src=\"https:\/\/talkpal.ai\/wp-content\/uploads\/2024\/08\/Turkish.jpg\" alt=\"Turkish Flag\">\r\n                    <div>\r\n                        <h4>Turk tili grammatikasi mashqi<\/h4>\r\n                        <p>Turk tili grammatikasini mashq qiling.<\/p>\r\n                    <\/div>\r\n                <\/div>\r\n            <\/div>\r\n        <\/a>\r\n\r\n        \r\n        <a href=\"https:\/\/talkpal.ai\/vocabulary_language\/turkish\/\">\r\n            <div class=\"learnNavigationWrapper\">\r\n                <div class=\"learnNavigationContent\">\r\n                    <img decoding=\"async\" src=\"https:\/\/talkpal.ai\/wp-content\/uploads\/2024\/08\/Turkish.jpg\" alt=\"Turkish Flag\">\r\n                    <div>\r\n                        <h4>Turkcha lug&#039;at<\/h4>\r\n                        <p>Turkcha so\u2018z boyligingizni kengaytiring.<\/p>\r\n                    <\/div>\r\n                <\/div>\r\n            <\/div>\r\n        <\/a>\r\n\r\n            <\/section>","protected":false},"excerpt":{"rendered":"<p>Turk tili grammatikasi bo&#8217;yicha yakuniy qo&#8217;llanma: noyob tilning nozik tomonlarini o&#8217;rganish Turk grammatikasi, xuddi tilning o&#8217;zi kabi, til elementlarining boy va jozibali gobelenini taqdim etadi. Turkiy tillar oilasining a&#8217;zosi bo&#8217;lgan turk tili o&#8217;zining xilma-xil xususiyatlari bilan o&#8217;quvchilarni o&#8217;ziga jalb qiladi va hatto eng malakali so&#8217;zlashuvchilarni ham qiyinlashtiradi. Ushbu qo\u02bbllanmada biz turk tili grammatikasining asosiy tamoyillarini [&hellip;]<\/p>\n","protected":false},"author":1,"featured_media":1444916,"parent":0,"menu_order":0,"comment_status":"closed","ping_status":"closed","template":"LearningContentPage.php","meta":{"_acf_changed":false,"footnotes":""},"class_list":["post-1447416","page","type-page","status-publish","has-post-thumbnail","hentry"],"acf":[],"yoast_head":"<!-- This site is optimized with the Yoast SEO Premium plugin v27.2 (Yoast SEO v27.2) - https:\/\/yoast.com\/product\/yoast-seo-premium-wordpress\/ -->\n<title>Turk tili grammatikasi - Talkpal<\/title>\n<meta name=\"description\" content=\"Turkcha grammatika sirlarini uning asosiy tamoyillari va jumla tuzilishi bo&#039;yicha keng qamrovli qo&#039;llanmamiz bilan oching.\" \/>\n<meta name=\"robots\" content=\"index, follow, max-snippet:-1, max-image-preview:large, max-video-preview:-1\" \/>\n<link rel=\"canonical\" href=\"https:\/\/talkpal.ai\/uz\/turk-tili-grammatikasi\/\" \/>\n<meta property=\"og:locale\" content=\"uz_UZ\" \/>\n<meta property=\"og:type\" content=\"article\" \/>\n<meta property=\"og:title\" content=\"Turk tili grammatikasi\" \/>\n<meta property=\"og:description\" content=\"Turk tili grammatikasi bo&#039;yicha yakuniy qo&#039;llanma: noyob tilning nozik tomonlarini o&#039;rganish Turk grammatikasi, xuddi tilning o&#039;zi kabi, til\" \/>\n<meta property=\"og:url\" content=\"https:\/\/talkpal.ai\/uz\/turk-tili-grammatikasi\/\" \/>\n<meta property=\"og:site_name\" content=\"Talkpal\" \/>\n<meta property=\"article:publisher\" content=\"https:\/\/www.facebook.com\/profile.php?id=100090733639311\" \/>\n<meta property=\"article:modified_time\" content=\"2025-12-13T15:45:09+00:00\" \/>\n<meta property=\"og:image\" content=\"https:\/\/talkpal.ai\/wp-content\/uploads\/2023\/05\/turkish.png\" \/>\n\t<meta property=\"og:image:width\" content=\"512\" \/>\n\t<meta property=\"og:image:height\" content=\"512\" \/>\n\t<meta property=\"og:image:type\" content=\"image\/png\" \/>\n<meta name=\"twitter:card\" content=\"summary_large_image\" \/>\n<meta name=\"twitter:site\" content=\"@talkpalai\" \/>\n<meta name=\"twitter:label1\" content=\"Est. reading time\" \/>\n\t<meta name=\"twitter:data1\" content=\"3 daqiqa\" \/>\n<script type=\"application\/ld+json\" class=\"yoast-schema-graph\">{\"@context\":\"https:\/\/schema.org\",\"@graph\":[{\"@type\":\"WebPage\",\"@id\":\"https:\/\/talkpal.ai\/uz\/turk-tili-grammatikasi\/\",\"url\":\"https:\/\/talkpal.ai\/uz\/turk-tili-grammatikasi\/\",\"name\":\"Turk tili grammatikasi - Talkpal\",\"isPartOf\":{\"@id\":\"https:\/\/talkpal.ai\/uz\/#website\"},\"primaryImageOfPage\":{\"@id\":\"https:\/\/talkpal.ai\/uz\/turk-tili-grammatikasi\/#primaryimage\"},\"image\":{\"@id\":\"https:\/\/talkpal.ai\/uz\/turk-tili-grammatikasi\/#primaryimage\"},\"thumbnailUrl\":\"https:\/\/talkpal.ai\/wp-content\/uploads\/2023\/05\/turkish.png\",\"datePublished\":\"2023-05-14T14:23:49+00:00\",\"dateModified\":\"2025-12-13T15:45:09+00:00\",\"description\":\"Turkcha grammatika sirlarini uning asosiy tamoyillari va jumla tuzilishi bo'yicha keng qamrovli qo'llanmamiz bilan oching.\",\"breadcrumb\":{\"@id\":\"https:\/\/talkpal.ai\/uz\/turk-tili-grammatikasi\/#breadcrumb\"},\"inLanguage\":\"uz-UZ\",\"potentialAction\":[{\"@type\":\"ReadAction\",\"target\":[\"https:\/\/talkpal.ai\/uz\/turk-tili-grammatikasi\/\"]}]},{\"@type\":\"ImageObject\",\"inLanguage\":\"uz-UZ\",\"@id\":\"https:\/\/talkpal.ai\/uz\/turk-tili-grammatikasi\/#primaryimage\",\"url\":\"https:\/\/talkpal.ai\/wp-content\/uploads\/2023\/05\/turkish.png\",\"contentUrl\":\"https:\/\/talkpal.ai\/wp-content\/uploads\/2023\/05\/turkish.png\",\"width\":512,\"height\":512,\"caption\":\"TalkPal Turkish Flag\"},{\"@type\":\"BreadcrumbList\",\"@id\":\"https:\/\/talkpal.ai\/uz\/turk-tili-grammatikasi\/#breadcrumb\",\"itemListElement\":[{\"@type\":\"ListItem\",\"position\":1,\"name\":\"Homepage\",\"item\":\"https:\/\/talkpal.ai\/uz\/ai-til-oqituvchisi-3\/\"},{\"@type\":\"ListItem\",\"position\":2,\"name\":\"Turk tili grammatikasi\"}]},{\"@type\":\"WebSite\",\"@id\":\"https:\/\/talkpal.ai\/uz\/#website\",\"url\":\"https:\/\/talkpal.ai\/uz\/\",\"name\":\"Talkpal\",\"description\":\"AI Language Learning\",\"publisher\":{\"@id\":\"https:\/\/talkpal.ai\/uz\/#organization\"},\"alternateName\":\"Talkpal AI\",\"potentialAction\":[{\"@type\":\"SearchAction\",\"target\":{\"@type\":\"EntryPoint\",\"urlTemplate\":\"https:\/\/talkpal.ai\/uz\/?s={search_term_string}\"},\"query-input\":{\"@type\":\"PropertyValueSpecification\",\"valueRequired\":true,\"valueName\":\"search_term_string\"}}],\"inLanguage\":\"uz-UZ\"},{\"@type\":\"Organization\",\"@id\":\"https:\/\/talkpal.ai\/uz\/#organization\",\"name\":\"Talkpal, Inc.\",\"alternateName\":\"Talkpal AI\",\"url\":\"https:\/\/talkpal.ai\/uz\/\",\"logo\":{\"@type\":\"ImageObject\",\"inLanguage\":\"uz-UZ\",\"@id\":\"https:\/\/talkpal.ai\/uz\/#\/schema\/logo\/image\/\",\"url\":\"https:\/\/talkpal.ai\/wp-content\/uploads\/2024\/03\/Talkpal-Logo-Icon.png\",\"contentUrl\":\"https:\/\/talkpal.ai\/wp-content\/uploads\/2024\/03\/Talkpal-Logo-Icon.png\",\"width\":2880,\"height\":2880,\"caption\":\"Talkpal, Inc.\"},\"image\":{\"@id\":\"https:\/\/talkpal.ai\/uz\/#\/schema\/logo\/image\/\"},\"sameAs\":[\"https:\/\/www.facebook.com\/profile.php?id=100090733639311\",\"https:\/\/x.com\/talkpalai\",\"https:\/\/www.linkedin.com\/company\/talkpal\/\",\"https:\/\/www.youtube.com\/@TalkPal\/\",\"https:\/\/www.tiktok.com\/@talkpal\",\"https:\/\/www.instagram.com\/talkpal_ai\/\",\"https:\/\/www.crunchbase.com\/organization\/talkpal-9cde\",\"https:\/\/www.g2.com\/products\/talkpal-for-business\/\",\"https:\/\/www.trustpilot.com\/review\/talkpal.ai\",\"https:\/\/www.capterra.com\/p\/10006800\/TalkPal\/\"],\"description\":\"Talkpal is a language learning web and mobile education app, powered by the latest AI technologies, that provides engaging experiences to its customers in many different languages to help them improve their language skills. Users can chat about unlimited amount of topics with the app and use other modes to practice their language learning.\",\"email\":\"support@talkpal.ai\",\"legalName\":\"Talkpal, Inc.\",\"foundingDate\":\"2023-04-03\",\"duns\":\"118989042\",\"numberOfEmployees\":{\"@type\":\"QuantitativeValue\",\"minValue\":\"11\",\"maxValue\":\"50\"},\"publishingPrinciples\":\"https:\/\/talkpal.ai\/publishing-principles\/\",\"actionableFeedbackPolicy\":\"https:\/\/talkpal.ai\/actionable-feedback-policy\/\",\"correctionsPolicy\":\"https:\/\/talkpal.ai\/corrections-policy\/\",\"ethicsPolicy\":\"https:\/\/talkpal.ai\/ethics-policy\/\",\"diversityPolicy\":\"https:\/\/talkpal.ai\/diversity-policy\/\",\"diversityStaffingReport\":\"https:\/\/talkpal.ai\/diversity-policy\/\"}]}<\/script>\n<!-- \/ Yoast SEO Premium plugin. -->","yoast_head_json":{"title":"Turk tili grammatikasi - Talkpal","description":"Turkcha grammatika sirlarini uning asosiy tamoyillari va jumla tuzilishi bo'yicha keng qamrovli qo'llanmamiz bilan oching.","robots":{"index":"index","follow":"follow","max-snippet":"max-snippet:-1","max-image-preview":"max-image-preview:large","max-video-preview":"max-video-preview:-1"},"canonical":"https:\/\/talkpal.ai\/uz\/turk-tili-grammatikasi\/","og_locale":"uz_UZ","og_type":"article","og_title":"Turk tili grammatikasi","og_description":"Turk tili grammatikasi bo'yicha yakuniy qo'llanma: noyob tilning nozik tomonlarini o'rganish Turk grammatikasi, xuddi tilning o'zi kabi, til","og_url":"https:\/\/talkpal.ai\/uz\/turk-tili-grammatikasi\/","og_site_name":"Talkpal","article_publisher":"https:\/\/www.facebook.com\/profile.php?id=100090733639311","article_modified_time":"2025-12-13T15:45:09+00:00","og_image":[{"width":512,"height":512,"url":"https:\/\/talkpal.ai\/wp-content\/uploads\/2023\/05\/turkish.png","type":"image\/png"}],"twitter_card":"summary_large_image","twitter_site":"@talkpalai","twitter_misc":{"Est. reading time":"3 daqiqa"},"schema":{"@context":"https:\/\/schema.org","@graph":[{"@type":"WebPage","@id":"https:\/\/talkpal.ai\/uz\/turk-tili-grammatikasi\/","url":"https:\/\/talkpal.ai\/uz\/turk-tili-grammatikasi\/","name":"Turk tili grammatikasi - Talkpal","isPartOf":{"@id":"https:\/\/talkpal.ai\/uz\/#website"},"primaryImageOfPage":{"@id":"https:\/\/talkpal.ai\/uz\/turk-tili-grammatikasi\/#primaryimage"},"image":{"@id":"https:\/\/talkpal.ai\/uz\/turk-tili-grammatikasi\/#primaryimage"},"thumbnailUrl":"https:\/\/talkpal.ai\/wp-content\/uploads\/2023\/05\/turkish.png","datePublished":"2023-05-14T14:23:49+00:00","dateModified":"2025-12-13T15:45:09+00:00","description":"Turkcha grammatika sirlarini uning asosiy tamoyillari va jumla tuzilishi bo'yicha keng qamrovli qo'llanmamiz bilan oching.","breadcrumb":{"@id":"https:\/\/talkpal.ai\/uz\/turk-tili-grammatikasi\/#breadcrumb"},"inLanguage":"uz-UZ","potentialAction":[{"@type":"ReadAction","target":["https:\/\/talkpal.ai\/uz\/turk-tili-grammatikasi\/"]}]},{"@type":"ImageObject","inLanguage":"uz-UZ","@id":"https:\/\/talkpal.ai\/uz\/turk-tili-grammatikasi\/#primaryimage","url":"https:\/\/talkpal.ai\/wp-content\/uploads\/2023\/05\/turkish.png","contentUrl":"https:\/\/talkpal.ai\/wp-content\/uploads\/2023\/05\/turkish.png","width":512,"height":512,"caption":"TalkPal Turkish Flag"},{"@type":"BreadcrumbList","@id":"https:\/\/talkpal.ai\/uz\/turk-tili-grammatikasi\/#breadcrumb","itemListElement":[{"@type":"ListItem","position":1,"name":"Homepage","item":"https:\/\/talkpal.ai\/uz\/ai-til-oqituvchisi-3\/"},{"@type":"ListItem","position":2,"name":"Turk tili grammatikasi"}]},{"@type":"WebSite","@id":"https:\/\/talkpal.ai\/uz\/#website","url":"https:\/\/talkpal.ai\/uz\/","name":"Talkpal","description":"AI Language Learning","publisher":{"@id":"https:\/\/talkpal.ai\/uz\/#organization"},"alternateName":"Talkpal AI","potentialAction":[{"@type":"SearchAction","target":{"@type":"EntryPoint","urlTemplate":"https:\/\/talkpal.ai\/uz\/?s={search_term_string}"},"query-input":{"@type":"PropertyValueSpecification","valueRequired":true,"valueName":"search_term_string"}}],"inLanguage":"uz-UZ"},{"@type":"Organization","@id":"https:\/\/talkpal.ai\/uz\/#organization","name":"Talkpal, Inc.","alternateName":"Talkpal AI","url":"https:\/\/talkpal.ai\/uz\/","logo":{"@type":"ImageObject","inLanguage":"uz-UZ","@id":"https:\/\/talkpal.ai\/uz\/#\/schema\/logo\/image\/","url":"https:\/\/talkpal.ai\/wp-content\/uploads\/2024\/03\/Talkpal-Logo-Icon.png","contentUrl":"https:\/\/talkpal.ai\/wp-content\/uploads\/2024\/03\/Talkpal-Logo-Icon.png","width":2880,"height":2880,"caption":"Talkpal, Inc."},"image":{"@id":"https:\/\/talkpal.ai\/uz\/#\/schema\/logo\/image\/"},"sameAs":["https:\/\/www.facebook.com\/profile.php?id=100090733639311","https:\/\/x.com\/talkpalai","https:\/\/www.linkedin.com\/company\/talkpal\/","https:\/\/www.youtube.com\/@TalkPal\/","https:\/\/www.tiktok.com\/@talkpal","https:\/\/www.instagram.com\/talkpal_ai\/","https:\/\/www.crunchbase.com\/organization\/talkpal-9cde","https:\/\/www.g2.com\/products\/talkpal-for-business\/","https:\/\/www.trustpilot.com\/review\/talkpal.ai","https:\/\/www.capterra.com\/p\/10006800\/TalkPal\/"],"description":"Talkpal is a language learning web and mobile education app, powered by the latest AI technologies, that provides engaging experiences to its customers in many different languages to help them improve their language skills. Users can chat about unlimited amount of topics with the app and use other modes to practice their language learning.","email":"support@talkpal.ai","legalName":"Talkpal, Inc.","foundingDate":"2023-04-03","duns":"118989042","numberOfEmployees":{"@type":"QuantitativeValue","minValue":"11","maxValue":"50"},"publishingPrinciples":"https:\/\/talkpal.ai\/publishing-principles\/","actionableFeedbackPolicy":"https:\/\/talkpal.ai\/actionable-feedback-policy\/","correctionsPolicy":"https:\/\/talkpal.ai\/corrections-policy\/","ethicsPolicy":"https:\/\/talkpal.ai\/ethics-policy\/","diversityPolicy":"https:\/\/talkpal.ai\/diversity-policy\/","diversityStaffingReport":"https:\/\/talkpal.ai\/diversity-policy\/"}]}},"_links":{"self":[{"href":"https:\/\/talkpal.ai\/uz\/wp-json\/wp\/v2\/pages\/1447416","targetHints":{"allow":["GET"]}}],"collection":[{"href":"https:\/\/talkpal.ai\/uz\/wp-json\/wp\/v2\/pages"}],"about":[{"href":"https:\/\/talkpal.ai\/uz\/wp-json\/wp\/v2\/types\/page"}],"author":[{"embeddable":true,"href":"https:\/\/talkpal.ai\/uz\/wp-json\/wp\/v2\/users\/1"}],"replies":[{"embeddable":true,"href":"https:\/\/talkpal.ai\/uz\/wp-json\/wp\/v2\/comments?post=1447416"}],"version-history":[{"count":0,"href":"https:\/\/talkpal.ai\/uz\/wp-json\/wp\/v2\/pages\/1447416\/revisions"}],"wp:featuredmedia":[{"embeddable":true,"href":"https:\/\/talkpal.ai\/uz\/wp-json\/wp\/v2\/media\/1444916"}],"wp:attachment":[{"href":"https:\/\/talkpal.ai\/uz\/wp-json\/wp\/v2\/media?parent=1447416"}],"curies":[{"name":"wp","href":"https:\/\/api.w.org\/{rel}","templated":true}]}}