{"id":1445989,"date":"2023-05-14T14:19:49","date_gmt":"2023-05-14T14:19:49","guid":{"rendered":"https:\/\/talkpal.ai\/slovak-tili-grammatikasi\/"},"modified":"2025-12-12T11:09:29","modified_gmt":"2025-12-12T11:09:29","slug":"slovak-tili-grammatikasi","status":"publish","type":"page","link":"https:\/\/talkpal.ai\/uz\/slovak-tili-grammatikasi\/","title":{"rendered":"Slovak tili grammatikasi"},"content":{"rendered":"\r\n\r\n\r\n<section class=\"languageChallengeSection\">\r\n    <div class=\"languageInfoWrapper\">\r\n        \r\n        <h1>Slovak tili grammatikasi<\/h1>\r\n        <p><a href=\"https:\/\/talkpal.ai\/learn-slovak\/\">Slovak<\/a> tilining asosiy <a href=\"https:\/\/talkpal.ai\/fr\/les\/\">grammatik<\/a> qoidalarini o&#039;rganish orqali uning go&#039;zalligini oching. <a href=\"https:\/\/talkpal.ai\/uz\/slovak-tili-grammatikasi-mashqlari\/\">Slovak tili<\/a> grammatikasini tushunish sizga ishonch bilan muloqot qilish va Slovakiyaning boy an&#039;analari bilan chuqurroq bog&#039;lanishingizga yordam beradi. Bugun sayohatingizni boshlang va <a href=\"https:\/\/talkpal.ai\/uz\/slovak-tilini-organing\/\">Slovak tilini<\/a> o&#039;zlashtirish sari birinchi qadamni qo&#039;ying!\n\n<\/p>\r\n\r\n                            <a class=\"getStartedHidden\" href=\"https:\/\/app.talkpal.ai\/uz\/signup?lng=\">Boshlang<\/a>\r\n        \r\n    <\/div>\r\n\r\n    <figure>\r\n    <img decoding=\"async\" width=\"768\" height=\"768\" src=\"https:\/\/talkpal.ai\/wp-content\/uploads\/2023\/06\/slovak-768x768.png\" class=\"languageImage no-lazy\" alt=\"Language learning for cross-cultural competence\" fetchpriority=\"high\" sizes=\"(max-width: 768px) 150px, 768px\" srcset=\"https:\/\/talkpal.ai\/wp-content\/uploads\/2023\/06\/slovak-768x768.png 768w, https:\/\/talkpal.ai\/wp-content\/uploads\/2023\/06\/slovak-300x300.png 300w\" \/>\r\n    \r\n\r\n    <\/figure>\r\n\r\n            <a class=\"getStartedVisible\" href=\"https:\/\/app.talkpal.ai\/uz\/signup?lng=\">Boshlang<\/a>\r\n    \r\n<\/section>\r\n<section class=\"promotionalBanner\">\r\n    <p class=\"promotionalText\">Til o&#8217;rganishning eng samarali usuli<\/p>\r\n    <a class=\"promotionalLink\" href=\"https:\/\/app.talkpal.ai\/uz\/signup?lng=\">Talkpal-ni bepul sinab ko&#8217;ring<\/a>\r\n<\/section>\n<div class=\"wp-block-group pageContainerStyle\"><div class=\"wp-block-group__inner-container is-layout-constrained wp-block-group-is-layout-constrained\">\n<h2 class=\"wp-block-heading\" id=\"h-slovak-grammar-the-key-to-unlocking-a-beautiful-language\">Slovak tili grammatikasi: chiroyli tilni ochish kaliti<\/h2>\n\n\n\n<p>Siz <a href=\"https:\/\/talkpal.ai\/learn-slovak\/\">slovak<\/a> tilini o&#8217;rganishni rejalashtiryapsizmi yoki shunchaki uning o&#8217;ziga xos grammatikasiga qiziqasizmi? Siz to&#8217;g&#8217;ri joydasiz! <a href=\"https:\/\/talkpal.ai\/slovak-grammar\/\">Slovak tili grammatikasi<\/a> birinchi qarashda qo&#8217;rqinchli ko&#8217;rinishi mumkin, ammo xavotir olmang &#8211; bu aslida juda mantiqiy va boshqarish mumkin. Ushbu maqolada biz Slovak tili grammatikasini yaxshiroq tushunish va uning go&#8217;zalligini qadrlash uchun uning nozik tomonlarini o&#8217;rganamiz.<\/p>\n\n\n\n<p>Birinchidan, bir oz fon bilan boshlaylik. Slovak tili G&#8217;arbiy slavyan tili bo&#8217;lib, asosan Slovakiyada so&#8217;zlashadi, lekin siz so&#8217;zlovchilarni atrofdagi mamlakatlarda ham topishingiz mumkin. Slavyan tili sifatida u Chexiya va <a href=\"https:\/\/talkpal.ai\/learn-polish\/\">Polsha<\/a> kabi mintaqadagi boshqa tillar bilan ko&#8217;p o&#8217;xshashliklarga ega. Biroq, uni ajratib turadigan o&#8217;ziga xos grammatik qoidalar va foydalanish shakllari mavjud.<\/p>\n\n\n\n<p>Keling, slovak tili grammatikasining eng muhim jihatlariga to\u2018xtalib o\u2018tamiz.<\/p>\n\n\n\n<h3 class=\"wp-block-heading\" id=\"h-1-nouns-and-their-cases\">1. Ismlar va ularning holatlari<\/h3>\n\n\n\n<p>Slovak tili grammatikasining eng yorqin xususiyatlaridan biri uning murakkab holatlar tizimidir. Agar siz nemis yoki <a href=\"https:\/\/talkpal.ai\/learn-russian\/\">rus<\/a> tillarini yaxshi bilsangiz, nima haqida gaplashayotganimizni bilib olasiz: Slovakcha otlar gapdagi vazifasiga qarab o&#8217;z shakllarini o&#8217;zgartiradi. Etti holatda (nominativ, genitiv, dativ, akkusativ, joylashuv, instrumental va vokativ) bu birinchi qarashda juda qiyin bo&#8217;lib tuyulishi mumkin, ammo taslim bo&#8217;lmang! Buni o\u2018zlashtirganingizdan so\u2018ng, bu nihoyatda mantiqiy va hatto qiziqarli bo\u2018ladi.<\/p>\n\n\n\n<p>Misol tariqasida &laquo;chlapec&raquo; (bola) otini oling. Harakatning sub&#8217;ekti, ob&#8217;ekti yoki qabul qiluvchisi bo&#8217;lishiga qarab u &laquo;chlapca&raquo;, &laquo;chlapcovi&raquo;, &laquo;chlapcom&raquo; va boshqalarga o&#8217;zgarishi mumkin. Tugashlar otning jinsiga (erkak, ayol yoki nayrang) bog&#8217;liq bo&#8217;lib, tilga yanada ko&#8217;proq rang beradi.<\/p>\n\n\n\n<h3 class=\"wp-block-heading\" id=\"h-2-verb-conjugation-and-tenses\">2. Fe\u2019l kelishigi va zamonlari<\/h3>\n\n\n\n<p>Slovakcha fe&#8217;llar mavzuning shaxsi va soni (birlik yoki ko&#8217;plik) asosida o&#8217;zlarining oxirlarini o&#8217;zgartiradi. Masalan, &laquo;vidie\u0165&raquo; (ko&#8217;rish) fe&#8217;li &laquo;vid\u00edm&raquo; (ko&#8217;ryapman), &laquo;vid\u00ed\u0161&raquo; (ko&#8217;ryapsiz), &laquo;vidia&raquo; (ular ko&#8217;rishadi) va boshqalarga aylanishi mumkin.<\/p>\n\n\n\n<p>Slovak tilida uchta asosiy zamon mavjud: o&#8217;tmish, hozirgi va kelajak. Qizig&#8217;i shundaki, ingliz tilidan farqli o&#8217;laroq, slovak tilida bu zamonlarni yaratish uchun odatda yordamchi fe&#8217;llardan foydalanmaydi. Buning o&#8217;rniga ular fe&#8217;l sonlarini o&#8217;zgartirish orqali yasaladi. Masalan, \u201cko\u2018ryapman\u201d \u2013 \u201cvid\u00edm\u201d, \u201cko\u2018rdim\u201d \u2013 \u201cvidel som\u201d va \u201cko\u2018raman\u201d &#8211; \u201cuvid\u00edm\u201d.<\/p>\n\n\n\n<h3 class=\"wp-block-heading\" id=\"h-3-sentence-structure-and-word-order\">3. Gapning tuzilishi va so\u2018z tartibi<\/h3>\n\n\n\n<p>Slovak tilida ism va fe&#8217;l konjugatsiya tizimi tufayli nisbatan moslashuvchan so&#8217;z tartibi mavjud. Bu shuni anglatadiki, ingliz tilidan farqli o&#8217;laroq, siz so&#8217;zlarni jumlaning ma&#8217;nosini o&#8217;zgartirmasdan turli pozitsiyalarda joylashtirishingiz mumkin &#8211; masalan, &laquo;chlapec vid\u00ed psa&raquo; (bola itni ko&#8217;radi) ham &laquo;psa vid\u00ed chlapec&raquo; bo&#8217;lishi mumkin va hali ham bir xil ma&#8217;noga ega.<\/p>\n\n\n\n<p>Ya&#8217;ni, slovak tilida eng keng tarqalgan so&#8217;z tartibi sub&#8217;ekt-fe&#8217;l-ob&#8217;ekt yoki SVO. Bu ingliz tiliga o&#8217;xshaydi va bu o&#8217;quvchilar uchun ajoyib boshlanish nuqtasidir. Til bilan qulayroq bo&#8217;lganingizda, jumlalaringizga urg&#8217;u yoki nuans qo&#8217;shish uchun turli xil so&#8217;z tartiblari bilan tajriba o&#8217;tkazishingiz mumkin.<\/p>\n\n\n\n<h3 class=\"wp-block-heading\" id=\"h-4-adjectives-and-adverbs\">4. Sifat va ergash gaplar<\/h3>\n\n\n\n<p>Ko&#8217;pgina boshqa tillarda bo&#8217;lgani kabi, slovak tilida ham sifatlar va qo&#8217;shimchalar ot va fe&#8217;llarni tasvirlash uchun ishlatiladi. Biroq, ular, shuningdek, o&#8217;zlarining ishi kelishuvi va gender kelishuvi qoidalari bilan birga keladi, bu esa ishlarni biroz murakkablashtirishi mumkin. Yaxshiyamki, siz ot holatlari va fe&#8217;l birikmalarini o&#8217;zlashtirganingizdan so&#8217;ng, bu qoidalar tabiiy ravishda paydo bo&#8217;ladi.<\/p>\n\n\n\n<p>Xo&#8217;sh, siz Slovak tili grammatikasi bilan shug&#8217;ullanishga tayyormisiz? To&#8217;g&#8217;ri fikrlash va resurslar bilan Slovak tilini o&#8217;rganish boy madaniyat va go&#8217;zal mamlakatga eshiklarni ochishi mumkin bo&#8217;lgan foydali tajribadir. Buni bosqichma-bosqich olib boring, muntazam ravishda mashq qiling va xato qilishdan qo&#8217;rqmang &#8211; biz hammamiz shunday o&#8217;rganamiz, axir. Yaxshiyamki! (Omad tilaymiz!)<\/p>\n<\/div><\/div>\n\r\n<section class=\"learnNavigationSection\">\r\n            \r\n        <a href=\"https:\/\/talkpal.ai\/uz\/slovak-tilini-organing\/\">\r\n            <div class=\"learnNavigationWrapper\">\r\n                <div class=\"learnNavigationContent\">\r\n                    <img decoding=\"async\" src=\"https:\/\/talkpal.ai\/wp-content\/uploads\/2024\/08\/Slovak.jpg\" alt=\"Slovak Flag\">\r\n                    <div>\r\n                        <h4>Slovak tilini o&#039;rganish haqida<\/h4>\r\n                        <p>Slovak tili grammatikasi haqida hamma narsani bilib oling.<\/p>\r\n                    <\/div>\r\n                <\/div>\r\n            <\/div>\r\n        <\/a>\r\n\r\n        \r\n        <a href=\"https:\/\/talkpal.ai\/uz\/slovak-tili-grammatikasi-mashqlari\/\">\r\n            <div class=\"learnNavigationWrapper\">\r\n                <div class=\"learnNavigationContent\">\r\n                    <img decoding=\"async\" src=\"https:\/\/talkpal.ai\/wp-content\/uploads\/2024\/08\/Slovak.jpg\" alt=\"Slovak Flag\">\r\n                    <div>\r\n                        <h4>Slovak tili grammatikasi bo&#039;yicha mashq<\/h4>\r\n                        <p>Slovak tili grammatikasini mashq qiling.<\/p>\r\n                    <\/div>\r\n                <\/div>\r\n            <\/div>\r\n        <\/a>\r\n\r\n        \r\n        <a href=\"https:\/\/talkpal.ai\/vocabulary_language\/slovak\/\">\r\n            <div class=\"learnNavigationWrapper\">\r\n                <div class=\"learnNavigationContent\">\r\n                    <img decoding=\"async\" src=\"https:\/\/talkpal.ai\/wp-content\/uploads\/2024\/08\/Slovak.jpg\" alt=\"Slovak Flag\">\r\n                    <div>\r\n                        <h4>Slovakcha lug&#039;at<\/h4>\r\n                        <p>Slovakcha so&#039;z boyligingizni kengaytiring.<\/p>\r\n                    <\/div>\r\n                <\/div>\r\n            <\/div>\r\n        <\/a>\r\n\r\n            <\/section>","protected":false},"excerpt":{"rendered":"<p>Slovak tili grammatikasi: chiroyli tilni ochish kaliti Siz slovak tilini o&#8217;rganishni rejalashtiryapsizmi yoki shunchaki uning o&#8217;ziga xos grammatikasiga qiziqasizmi? Siz to&#8217;g&#8217;ri joydasiz! Slovak tili grammatikasi birinchi qarashda qo&#8217;rqinchli ko&#8217;rinishi mumkin, ammo xavotir olmang &#8211; bu aslida juda mantiqiy va boshqarish mumkin. Ushbu maqolada biz Slovak tili grammatikasini yaxshiroq tushunish va uning go&#8217;zalligini qadrlash uchun uning [&hellip;]<\/p>\n","protected":false},"author":1,"featured_media":1445411,"parent":0,"menu_order":0,"comment_status":"closed","ping_status":"closed","template":"LearningContentPage.php","meta":{"_acf_changed":false,"footnotes":""},"class_list":["post-1445989","page","type-page","status-publish","has-post-thumbnail","hentry"],"acf":[],"yoast_head":"<!-- This site is optimized with the Yoast SEO Premium plugin v27.2 (Yoast SEO v27.2) - https:\/\/yoast.com\/product\/yoast-seo-premium-wordpress\/ -->\n<title>Slovak tili grammatikasi - Talkpal<\/title>\n<meta name=\"description\" content=\"Slovak tili grammatikasini aniq tushuntirishlar, amaliy misollar va interaktiv mashqlar bilan o&#039;rganing. O&#039;z mahoratingizni oshiring!\" \/>\n<meta name=\"robots\" content=\"index, follow, max-snippet:-1, max-image-preview:large, max-video-preview:-1\" \/>\n<link rel=\"canonical\" href=\"https:\/\/talkpal.ai\/uz\/slovak-tili-grammatikasi\/\" \/>\n<meta property=\"og:locale\" content=\"uz_UZ\" \/>\n<meta property=\"og:type\" content=\"article\" \/>\n<meta property=\"og:title\" content=\"Slovak tili grammatikasi\" \/>\n<meta property=\"og:description\" content=\"Slovak tili grammatikasi: chiroyli tilni ochish kaliti Siz slovak tilini o&#039;rganishni rejalashtiryapsizmi yoki shunchaki uning o&#039;ziga xos grammatikasiga\" \/>\n<meta property=\"og:url\" content=\"https:\/\/talkpal.ai\/uz\/slovak-tili-grammatikasi\/\" \/>\n<meta property=\"og:site_name\" content=\"Talkpal\" \/>\n<meta property=\"article:publisher\" content=\"https:\/\/www.facebook.com\/profile.php?id=100090733639311\" \/>\n<meta property=\"article:modified_time\" content=\"2025-12-12T11:09:29+00:00\" \/>\n<meta property=\"og:image\" content=\"https:\/\/talkpal.ai\/wp-content\/uploads\/2023\/05\/slovakia.png\" \/>\n\t<meta property=\"og:image:width\" content=\"512\" \/>\n\t<meta property=\"og:image:height\" content=\"512\" \/>\n\t<meta property=\"og:image:type\" content=\"image\/png\" \/>\n<meta name=\"twitter:card\" content=\"summary_large_image\" \/>\n<meta name=\"twitter:site\" content=\"@talkpalai\" \/>\n<meta name=\"twitter:label1\" content=\"Est. reading time\" \/>\n\t<meta name=\"twitter:data1\" content=\"3 daqiqa\" \/>\n<script type=\"application\/ld+json\" class=\"yoast-schema-graph\">{\"@context\":\"https:\/\/schema.org\",\"@graph\":[{\"@type\":\"WebPage\",\"@id\":\"https:\/\/talkpal.ai\/uz\/slovak-tili-grammatikasi\/\",\"url\":\"https:\/\/talkpal.ai\/uz\/slovak-tili-grammatikasi\/\",\"name\":\"Slovak tili grammatikasi - Talkpal\",\"isPartOf\":{\"@id\":\"https:\/\/talkpal.ai\/uz\/#website\"},\"primaryImageOfPage\":{\"@id\":\"https:\/\/talkpal.ai\/uz\/slovak-tili-grammatikasi\/#primaryimage\"},\"image\":{\"@id\":\"https:\/\/talkpal.ai\/uz\/slovak-tili-grammatikasi\/#primaryimage\"},\"thumbnailUrl\":\"https:\/\/talkpal.ai\/wp-content\/uploads\/2023\/05\/slovakia.png\",\"datePublished\":\"2023-05-14T14:19:49+00:00\",\"dateModified\":\"2025-12-12T11:09:29+00:00\",\"description\":\"Slovak tili grammatikasini aniq tushuntirishlar, amaliy misollar va interaktiv mashqlar bilan o'rganing. O'z mahoratingizni oshiring!\",\"breadcrumb\":{\"@id\":\"https:\/\/talkpal.ai\/uz\/slovak-tili-grammatikasi\/#breadcrumb\"},\"inLanguage\":\"uz-UZ\",\"potentialAction\":[{\"@type\":\"ReadAction\",\"target\":[\"https:\/\/talkpal.ai\/uz\/slovak-tili-grammatikasi\/\"]}]},{\"@type\":\"ImageObject\",\"inLanguage\":\"uz-UZ\",\"@id\":\"https:\/\/talkpal.ai\/uz\/slovak-tili-grammatikasi\/#primaryimage\",\"url\":\"https:\/\/talkpal.ai\/wp-content\/uploads\/2023\/05\/slovakia.png\",\"contentUrl\":\"https:\/\/talkpal.ai\/wp-content\/uploads\/2023\/05\/slovakia.png\",\"width\":512,\"height\":512,\"caption\":\"TalkPal Slovakia Flag\"},{\"@type\":\"BreadcrumbList\",\"@id\":\"https:\/\/talkpal.ai\/uz\/slovak-tili-grammatikasi\/#breadcrumb\",\"itemListElement\":[{\"@type\":\"ListItem\",\"position\":1,\"name\":\"Homepage\",\"item\":\"https:\/\/talkpal.ai\/uz\/ai-til-oqituvchisi-3\/\"},{\"@type\":\"ListItem\",\"position\":2,\"name\":\"Slovak tili grammatikasi\"}]},{\"@type\":\"WebSite\",\"@id\":\"https:\/\/talkpal.ai\/uz\/#website\",\"url\":\"https:\/\/talkpal.ai\/uz\/\",\"name\":\"Talkpal\",\"description\":\"AI Language Learning\",\"publisher\":{\"@id\":\"https:\/\/talkpal.ai\/uz\/#organization\"},\"alternateName\":\"Talkpal AI\",\"potentialAction\":[{\"@type\":\"SearchAction\",\"target\":{\"@type\":\"EntryPoint\",\"urlTemplate\":\"https:\/\/talkpal.ai\/uz\/?s={search_term_string}\"},\"query-input\":{\"@type\":\"PropertyValueSpecification\",\"valueRequired\":true,\"valueName\":\"search_term_string\"}}],\"inLanguage\":\"uz-UZ\"},{\"@type\":\"Organization\",\"@id\":\"https:\/\/talkpal.ai\/uz\/#organization\",\"name\":\"Talkpal, Inc.\",\"alternateName\":\"Talkpal AI\",\"url\":\"https:\/\/talkpal.ai\/uz\/\",\"logo\":{\"@type\":\"ImageObject\",\"inLanguage\":\"uz-UZ\",\"@id\":\"https:\/\/talkpal.ai\/uz\/#\/schema\/logo\/image\/\",\"url\":\"https:\/\/talkpal.ai\/wp-content\/uploads\/2024\/03\/Talkpal-Logo-Icon.png\",\"contentUrl\":\"https:\/\/talkpal.ai\/wp-content\/uploads\/2024\/03\/Talkpal-Logo-Icon.png\",\"width\":2880,\"height\":2880,\"caption\":\"Talkpal, Inc.\"},\"image\":{\"@id\":\"https:\/\/talkpal.ai\/uz\/#\/schema\/logo\/image\/\"},\"sameAs\":[\"https:\/\/www.facebook.com\/profile.php?id=100090733639311\",\"https:\/\/x.com\/talkpalai\",\"https:\/\/www.linkedin.com\/company\/talkpal\/\",\"https:\/\/www.youtube.com\/@TalkPal\/\",\"https:\/\/www.tiktok.com\/@talkpal\",\"https:\/\/www.instagram.com\/talkpal_ai\/\",\"https:\/\/www.crunchbase.com\/organization\/talkpal-9cde\",\"https:\/\/www.g2.com\/products\/talkpal-for-business\/\",\"https:\/\/www.trustpilot.com\/review\/talkpal.ai\",\"https:\/\/www.capterra.com\/p\/10006800\/TalkPal\/\"],\"description\":\"Talkpal is a language learning web and mobile education app, powered by the latest AI technologies, that provides engaging experiences to its customers in many different languages to help them improve their language skills. Users can chat about unlimited amount of topics with the app and use other modes to practice their language learning.\",\"email\":\"support@talkpal.ai\",\"legalName\":\"Talkpal, Inc.\",\"foundingDate\":\"2023-04-03\",\"duns\":\"118989042\",\"numberOfEmployees\":{\"@type\":\"QuantitativeValue\",\"minValue\":\"11\",\"maxValue\":\"50\"},\"publishingPrinciples\":\"https:\/\/talkpal.ai\/publishing-principles\/\",\"actionableFeedbackPolicy\":\"https:\/\/talkpal.ai\/actionable-feedback-policy\/\",\"correctionsPolicy\":\"https:\/\/talkpal.ai\/corrections-policy\/\",\"ethicsPolicy\":\"https:\/\/talkpal.ai\/ethics-policy\/\",\"diversityPolicy\":\"https:\/\/talkpal.ai\/diversity-policy\/\",\"diversityStaffingReport\":\"https:\/\/talkpal.ai\/diversity-policy\/\"}]}<\/script>\n<!-- \/ Yoast SEO Premium plugin. -->","yoast_head_json":{"title":"Slovak tili grammatikasi - Talkpal","description":"Slovak tili grammatikasini aniq tushuntirishlar, amaliy misollar va interaktiv mashqlar bilan o'rganing. O'z mahoratingizni oshiring!","robots":{"index":"index","follow":"follow","max-snippet":"max-snippet:-1","max-image-preview":"max-image-preview:large","max-video-preview":"max-video-preview:-1"},"canonical":"https:\/\/talkpal.ai\/uz\/slovak-tili-grammatikasi\/","og_locale":"uz_UZ","og_type":"article","og_title":"Slovak tili grammatikasi","og_description":"Slovak tili grammatikasi: chiroyli tilni ochish kaliti Siz slovak tilini o'rganishni rejalashtiryapsizmi yoki shunchaki uning o'ziga xos grammatikasiga","og_url":"https:\/\/talkpal.ai\/uz\/slovak-tili-grammatikasi\/","og_site_name":"Talkpal","article_publisher":"https:\/\/www.facebook.com\/profile.php?id=100090733639311","article_modified_time":"2025-12-12T11:09:29+00:00","og_image":[{"width":512,"height":512,"url":"https:\/\/talkpal.ai\/wp-content\/uploads\/2023\/05\/slovakia.png","type":"image\/png"}],"twitter_card":"summary_large_image","twitter_site":"@talkpalai","twitter_misc":{"Est. reading time":"3 daqiqa"},"schema":{"@context":"https:\/\/schema.org","@graph":[{"@type":"WebPage","@id":"https:\/\/talkpal.ai\/uz\/slovak-tili-grammatikasi\/","url":"https:\/\/talkpal.ai\/uz\/slovak-tili-grammatikasi\/","name":"Slovak tili grammatikasi - Talkpal","isPartOf":{"@id":"https:\/\/talkpal.ai\/uz\/#website"},"primaryImageOfPage":{"@id":"https:\/\/talkpal.ai\/uz\/slovak-tili-grammatikasi\/#primaryimage"},"image":{"@id":"https:\/\/talkpal.ai\/uz\/slovak-tili-grammatikasi\/#primaryimage"},"thumbnailUrl":"https:\/\/talkpal.ai\/wp-content\/uploads\/2023\/05\/slovakia.png","datePublished":"2023-05-14T14:19:49+00:00","dateModified":"2025-12-12T11:09:29+00:00","description":"Slovak tili grammatikasini aniq tushuntirishlar, amaliy misollar va interaktiv mashqlar bilan o'rganing. O'z mahoratingizni oshiring!","breadcrumb":{"@id":"https:\/\/talkpal.ai\/uz\/slovak-tili-grammatikasi\/#breadcrumb"},"inLanguage":"uz-UZ","potentialAction":[{"@type":"ReadAction","target":["https:\/\/talkpal.ai\/uz\/slovak-tili-grammatikasi\/"]}]},{"@type":"ImageObject","inLanguage":"uz-UZ","@id":"https:\/\/talkpal.ai\/uz\/slovak-tili-grammatikasi\/#primaryimage","url":"https:\/\/talkpal.ai\/wp-content\/uploads\/2023\/05\/slovakia.png","contentUrl":"https:\/\/talkpal.ai\/wp-content\/uploads\/2023\/05\/slovakia.png","width":512,"height":512,"caption":"TalkPal Slovakia Flag"},{"@type":"BreadcrumbList","@id":"https:\/\/talkpal.ai\/uz\/slovak-tili-grammatikasi\/#breadcrumb","itemListElement":[{"@type":"ListItem","position":1,"name":"Homepage","item":"https:\/\/talkpal.ai\/uz\/ai-til-oqituvchisi-3\/"},{"@type":"ListItem","position":2,"name":"Slovak tili grammatikasi"}]},{"@type":"WebSite","@id":"https:\/\/talkpal.ai\/uz\/#website","url":"https:\/\/talkpal.ai\/uz\/","name":"Talkpal","description":"AI Language Learning","publisher":{"@id":"https:\/\/talkpal.ai\/uz\/#organization"},"alternateName":"Talkpal AI","potentialAction":[{"@type":"SearchAction","target":{"@type":"EntryPoint","urlTemplate":"https:\/\/talkpal.ai\/uz\/?s={search_term_string}"},"query-input":{"@type":"PropertyValueSpecification","valueRequired":true,"valueName":"search_term_string"}}],"inLanguage":"uz-UZ"},{"@type":"Organization","@id":"https:\/\/talkpal.ai\/uz\/#organization","name":"Talkpal, Inc.","alternateName":"Talkpal AI","url":"https:\/\/talkpal.ai\/uz\/","logo":{"@type":"ImageObject","inLanguage":"uz-UZ","@id":"https:\/\/talkpal.ai\/uz\/#\/schema\/logo\/image\/","url":"https:\/\/talkpal.ai\/wp-content\/uploads\/2024\/03\/Talkpal-Logo-Icon.png","contentUrl":"https:\/\/talkpal.ai\/wp-content\/uploads\/2024\/03\/Talkpal-Logo-Icon.png","width":2880,"height":2880,"caption":"Talkpal, Inc."},"image":{"@id":"https:\/\/talkpal.ai\/uz\/#\/schema\/logo\/image\/"},"sameAs":["https:\/\/www.facebook.com\/profile.php?id=100090733639311","https:\/\/x.com\/talkpalai","https:\/\/www.linkedin.com\/company\/talkpal\/","https:\/\/www.youtube.com\/@TalkPal\/","https:\/\/www.tiktok.com\/@talkpal","https:\/\/www.instagram.com\/talkpal_ai\/","https:\/\/www.crunchbase.com\/organization\/talkpal-9cde","https:\/\/www.g2.com\/products\/talkpal-for-business\/","https:\/\/www.trustpilot.com\/review\/talkpal.ai","https:\/\/www.capterra.com\/p\/10006800\/TalkPal\/"],"description":"Talkpal is a language learning web and mobile education app, powered by the latest AI technologies, that provides engaging experiences to its customers in many different languages to help them improve their language skills. Users can chat about unlimited amount of topics with the app and use other modes to practice their language learning.","email":"support@talkpal.ai","legalName":"Talkpal, Inc.","foundingDate":"2023-04-03","duns":"118989042","numberOfEmployees":{"@type":"QuantitativeValue","minValue":"11","maxValue":"50"},"publishingPrinciples":"https:\/\/talkpal.ai\/publishing-principles\/","actionableFeedbackPolicy":"https:\/\/talkpal.ai\/actionable-feedback-policy\/","correctionsPolicy":"https:\/\/talkpal.ai\/corrections-policy\/","ethicsPolicy":"https:\/\/talkpal.ai\/ethics-policy\/","diversityPolicy":"https:\/\/talkpal.ai\/diversity-policy\/","diversityStaffingReport":"https:\/\/talkpal.ai\/diversity-policy\/"}]}},"_links":{"self":[{"href":"https:\/\/talkpal.ai\/uz\/wp-json\/wp\/v2\/pages\/1445989","targetHints":{"allow":["GET"]}}],"collection":[{"href":"https:\/\/talkpal.ai\/uz\/wp-json\/wp\/v2\/pages"}],"about":[{"href":"https:\/\/talkpal.ai\/uz\/wp-json\/wp\/v2\/types\/page"}],"author":[{"embeddable":true,"href":"https:\/\/talkpal.ai\/uz\/wp-json\/wp\/v2\/users\/1"}],"replies":[{"embeddable":true,"href":"https:\/\/talkpal.ai\/uz\/wp-json\/wp\/v2\/comments?post=1445989"}],"version-history":[{"count":0,"href":"https:\/\/talkpal.ai\/uz\/wp-json\/wp\/v2\/pages\/1445989\/revisions"}],"wp:featuredmedia":[{"embeddable":true,"href":"https:\/\/talkpal.ai\/uz\/wp-json\/wp\/v2\/media\/1445411"}],"wp:attachment":[{"href":"https:\/\/talkpal.ai\/uz\/wp-json\/wp\/v2\/media?parent=1445989"}],"curies":[{"name":"wp","href":"https:\/\/api.w.org\/{rel}","templated":true}]}}