{"id":1445105,"date":"2023-05-14T14:01:53","date_gmt":"2023-05-14T14:01:53","guid":{"rendered":"https:\/\/talkpal.ai\/eston-tili-grammatikasi\/"},"modified":"2025-12-13T15:18:43","modified_gmt":"2025-12-13T15:18:43","slug":"eston-tili-grammatikasi","status":"publish","type":"page","link":"https:\/\/talkpal.ai\/uz\/eston-tili-grammatikasi\/","title":{"rendered":"Eston tili grammatikasi"},"content":{"rendered":"\r\n\r\n\r\n<section class=\"languageChallengeSection\">\r\n    <div class=\"languageInfoWrapper\">\r\n        \r\n        <h1>Eston tili grammatikasi<\/h1>\r\n        <p><a href=\"https:\/\/talkpal.ai\/learn-estonian\/\">Eston<\/a> tilini o&#039;rganish haqida o&#039;ylayapsizmi? Agglyutinatsiya, unlilar uyg&#039;unligi va keng ko&#039;lamli ot holatlari chindan ham o&#039;ziga xos til tajribasini yaratadigan <a href=\"https:\/\/talkpal.ai\/learn-estonian\/\">Eston<\/a> grammatikasi dunyosiga qadam qo&#039;ying. Bugundanoq o\u2018rganishni boshlang \u2013 Eston tili grammatikasini o\u2018zlashtirish nafaqat ravonlikni oshiribgina qolmay, balki sizni Estoniyaning boy madaniyati va tarixi bilan bog\u2018laydi!<\/p>\r\n\r\n                            <a class=\"getStartedHidden\" href=\"https:\/\/app.talkpal.ai\/uz\/signup?lng=\">Boshlang<\/a>\r\n        \r\n    <\/div>\r\n\r\n    <figure>\r\n    <img decoding=\"async\" width=\"768\" height=\"768\" src=\"https:\/\/talkpal.ai\/wp-content\/uploads\/2023\/06\/Estonian-768x768.png\" class=\"languageImage no-lazy\" alt=\"Secret tricks of language learning\" fetchpriority=\"high\" sizes=\"(max-width: 768px) 150px, 768px\" srcset=\"https:\/\/talkpal.ai\/wp-content\/uploads\/2023\/06\/Estonian-768x768.png 768w, https:\/\/talkpal.ai\/wp-content\/uploads\/2023\/06\/Estonian-300x300.png 300w\" \/>\r\n    \r\n\r\n    <\/figure>\r\n\r\n            <a class=\"getStartedVisible\" href=\"https:\/\/app.talkpal.ai\/uz\/signup?lng=\">Boshlang<\/a>\r\n    \r\n<\/section>\r\n<section class=\"promotionalBanner\">\r\n    <p class=\"promotionalText\">Til o&#8217;rganishning eng samarali usuli<\/p>\r\n    <a class=\"promotionalLink\" href=\"https:\/\/app.talkpal.ai\/uz\/signup?lng=\">Talkpal-ni bepul sinab ko&#8217;ring<\/a>\r\n<\/section>\n<div class=\"wp-block-group pageContainerStyle\"><div class=\"wp-block-group__inner-container is-layout-constrained wp-block-group-is-layout-constrained\">\n<h2 class=\"wp-block-heading\" id=\"h-estonian-grammar-the-gateway-to-a-unique-language-journey\">Eston tili grammatikasi: noyob til sayohatiga kirish eshigi<\/h2>\n\n\n\n<p>Estoniyaning maftunkor dunyosiga xush kelibsiz! Bir milliondan ortiq ona tilida so&#8217;zlashuvchilarga ega bo&#8217;lgan eston tili sizga lingvistik ufqlaringizni kengaytirish va jonli madaniyatni kashf qilish uchun noyob imkoniyatni taqdim etadi. Eston tili grammatikasining nozik jihatlari bir qarashda qo\u2018rqinchli bo\u2018lib ko\u2018rinsa-da, bu do\u2018stona boshlang\u2018ich qo\u2018llanma Eston tili grammatikasining asoslarini sodda va qiziqarli tarzda sindirishga qaratilgan.<\/p>\n\n\n\n<h3 class=\"wp-block-heading\" id=\"h-1-embracing-the-estonian-alphabet\">1. Eston alifbosini qabul qilish<\/h3>\n\n\n\n<p>Eston tilini o&#8217;zlashtirish uchun sayohat uning alifbosidan boshlanadi. Eston tili to&#8217;qqizta maxsus belgi bilan to&#8217;ldirilgan lotin yozuvidan foydalanadi: \u00c4, \u00d6, \u00dc, \u00d5, \u0160, \u017d va ularning kichik harflari. Ushbu belgilar bilan tanishish sizning eston tilini o&#8217;rganish tajribangiz uchun mustahkam poydevor yaratadi.<\/p>\n\n\n\n<h3 class=\"wp-block-heading\" id=\"h-2-getting-a-grip-on-estonian-nouns\">2. Eston tilidagi otlarni tushunish<\/h3>\n\n\n\n<p>Ko&#8217;pgina Evropa tillaridan farqli o&#8217;laroq, eston tili erkak va ayol jinsini farqlamaydi. Buning o&#8217;rniga otlar birlik yoki ko&#8217;plik sifatida tasniflanadi va har bir otda 14 ta holat mavjud. Bu juda qiyin bo&#8217;lib tuyulishi mumkin bo&#8217;lsa-da, otlarning morfologik tuzilishi juda muntazam ekanligini tushunish kerak, bu esa o&#8217;rganishni osonlashtiradi. Boshlash uchun, eng keng tarqalgan holatlarni o&#8217;zlashtirishga e&#8217;tibor qarating: Nominativ, Genitive va Partitive.<\/p>\n\n\n\n<h3 class=\"wp-block-heading\" id=\"h-3-conquering-estonian-verb-conjugation\">3. Estoncha fe&#8217;l konjugatsiyasini zabt etish<\/h3>\n\n\n\n<p>Eston tilidagi fe&#8217;llar zamon, shaxs va songa qarab konjugatsiya qilinadi. Faqat uchta zamon mavjud: hozirgi, o&#8217;tgan (o&#8217;tmishdagi zamon tomonidan kodlangan) va kelajak (fe&#8217;lning hozirgi zamon shakli bilan ifodalangan, kelajak yordamchisi bilan birlashtirilgan).<\/p>\n\n\n\n<p>Masalan, bu erda &laquo;lugema&raquo; fe&#8217;li uchun konjugatsiyalar mavjud (o&#8217;qish uchun):<\/p>\n\n\n\n<p><strong>&#8211; Hozir: Ma loen (men o&#8217;qiyman)<\/strong><\/p>\n\n\n\n<p><strong>&#8211; O&#8217;tmish: Ma lugesin (men o&#8217;qidim \/ o&#8217;qidim)<\/strong><\/p>\n\n\n\n<p><strong>&#8211; Kelajak: Ma loen raamatuid (men kitob o&#8217;qiyman)<\/strong><\/p>\n\n\n\n<h3 class=\"wp-block-heading\" id=\"h-4-unraveling-the-mystery-of-estonian-pronouns\">4. Eston tili olmoshlari sirini ochish<\/h3>\n\n\n\n<p>Eston tilidagi olmoshlar otlarning o\u02bbrnini bosish va nutqni silliq va dinamik qilish uchun xizmat qiladi. Shaxsiy va egalik olmoshlarini o&#8217;rganishga e&#8217;tibor qarating:<\/p>\n\n\n\n<p><strong>\u2013 Kishilik olmoshlari: mina (men), sina (siz, norasmiy), tema (u), meie (biz), teie (siz, ko\u02bbplik\/rasmiy), nemad (ular)<\/strong><\/p>\n\n\n\n<p><strong>\u2013 Ega olmoshlari: minu (mening), sinu (sizning, norasmiy), tema (uning), meie (bizning), teie (sizning, ko\u2018plik\/rasmiy), nende (ularning)<\/strong><\/p>\n\n\n\n<h3 class=\"wp-block-heading\" id=\"h-5-no-articles-no-problem\">5. Maqolalar yo&#8217;q, muammo yo&#8217;q!<\/h3>\n\n\n\n<p>Eston tilida aniq yoki noaniq artikllardan foydalanilmaydi, bu sizga yengil nafas olishingizga imkon beradi. Masalan:<\/p>\n\n\n\n<p><strong>&#8211; Koer &#8211; &laquo;it&raquo; yoki &laquo;it&raquo;<\/strong><\/p>\n\n\n\n<p><strong>&#8211; Maja &#8211; &laquo;uy&raquo; yoki &laquo;uy&raquo;<\/strong><\/p>\n\n\n\n<p>Eston tili grammatikasini o&#8217;zlashtirish &#8211; bu qiziqarli va boyitish jarayoni bo&#8217;lib, u boy madaniy tajribaga eshiklarni ochadi. Amaliyot muhim ekanligini unutmang, shuning uchun eston tili grammatikasiga sho&#8217;ng&#8217;ing, ona tilida so&#8217;zlashuvchilar bilan muloqot qiling va til sayohatingiz uchun mustahkam poydevor yarating. Edu! (Omad tilaymiz!)<\/p>\n<\/div><\/div>\n\r\n<section class=\"learnNavigationSection\">\r\n            \r\n        <a href=\"https:\/\/talkpal.ai\/uz\/eston-tilini-organing\/\">\r\n            <div class=\"learnNavigationWrapper\">\r\n                <div class=\"learnNavigationContent\">\r\n                    <img decoding=\"async\" src=\"https:\/\/talkpal.ai\/wp-content\/uploads\/2024\/08\/Estonian.jpg\" alt=\"Estonian Flag\">\r\n                    <div>\r\n                        <h4>Eston tilini o&#039;rganish haqida<\/h4>\r\n                        <p>Eston tili grammatikasi haqida hamma narsani bilib oling.<\/p>\r\n                    <\/div>\r\n                <\/div>\r\n            <\/div>\r\n        <\/a>\r\n\r\n        \r\n        <a href=\"https:\/\/talkpal.ai\/uz\/eston-tili-grammatikasi-mashqlari\/\">\r\n            <div class=\"learnNavigationWrapper\">\r\n                <div class=\"learnNavigationContent\">\r\n                    <img decoding=\"async\" src=\"https:\/\/talkpal.ai\/wp-content\/uploads\/2024\/08\/Estonian.jpg\" alt=\"Estonian Flag\">\r\n                    <div>\r\n                        <h4>Eston tili grammatikasi bo&#039;yicha mashq<\/h4>\r\n                        <p>Eston tili grammatikasini mashq qiling.<\/p>\r\n                    <\/div>\r\n                <\/div>\r\n            <\/div>\r\n        <\/a>\r\n\r\n        \r\n        <a href=\"https:\/\/talkpal.ai\/vocabulary_language\/estonian\/\">\r\n            <div class=\"learnNavigationWrapper\">\r\n                <div class=\"learnNavigationContent\">\r\n                    <img decoding=\"async\" src=\"https:\/\/talkpal.ai\/wp-content\/uploads\/2024\/08\/Estonian.jpg\" alt=\"Estonian Flag\">\r\n                    <div>\r\n                        <h4>Eston lug&#039;ati<\/h4>\r\n                        <p>Estoncha so\u2018z boyligingizni kengaytiring.<\/p>\r\n                    <\/div>\r\n                <\/div>\r\n            <\/div>\r\n        <\/a>\r\n\r\n            <\/section>","protected":false},"excerpt":{"rendered":"<p>Eston tili grammatikasi: noyob til sayohatiga kirish eshigi Estoniyaning maftunkor dunyosiga xush kelibsiz! Bir milliondan ortiq ona tilida so&#8217;zlashuvchilarga ega bo&#8217;lgan eston tili sizga lingvistik ufqlaringizni kengaytirish va jonli madaniyatni kashf qilish uchun noyob imkoniyatni taqdim etadi. Eston tili grammatikasining nozik jihatlari bir qarashda qo\u2018rqinchli bo\u2018lib ko\u2018rinsa-da, bu do\u2018stona boshlang\u2018ich qo\u2018llanma Eston tili grammatikasining asoslarini [&hellip;]<\/p>\n","protected":false},"author":1,"featured_media":1445107,"parent":0,"menu_order":0,"comment_status":"closed","ping_status":"closed","template":"LearningContentPage.php","meta":{"_acf_changed":false,"footnotes":""},"class_list":["post-1445105","page","type-page","status-publish","has-post-thumbnail","hentry"],"acf":[],"yoast_head":"<!-- This site is optimized with the Yoast SEO Premium plugin v27.2 (Yoast SEO v27.2) - https:\/\/yoast.com\/product\/yoast-seo-premium-wordpress\/ -->\n<title>Eston tili grammatikasi - Talkpal<\/title>\n<meta name=\"description\" content=\"Eston tili grammatikasining muhim tushunchalarini, jumladan, holatlar, fe&#039;llar, jumlalar tuzilishi, talaffuz va maslahatlarni o&#039;rganing.\" \/>\n<meta name=\"robots\" content=\"index, follow, max-snippet:-1, max-image-preview:large, max-video-preview:-1\" \/>\n<link rel=\"canonical\" href=\"https:\/\/talkpal.ai\/uz\/eston-tili-grammatikasi\/\" \/>\n<meta property=\"og:locale\" content=\"uz_UZ\" \/>\n<meta property=\"og:type\" content=\"article\" \/>\n<meta property=\"og:title\" content=\"Eston tili grammatikasi\" \/>\n<meta property=\"og:description\" content=\"Eston tili grammatikasi: noyob til sayohatiga kirish eshigi Estoniyaning maftunkor dunyosiga xush kelibsiz! Bir milliondan ortiq ona tilida\" \/>\n<meta property=\"og:url\" content=\"https:\/\/talkpal.ai\/uz\/eston-tili-grammatikasi\/\" \/>\n<meta property=\"og:site_name\" content=\"Talkpal\" \/>\n<meta property=\"article:publisher\" content=\"https:\/\/www.facebook.com\/profile.php?id=100090733639311\" \/>\n<meta property=\"article:modified_time\" content=\"2025-12-13T15:18:43+00:00\" \/>\n<meta property=\"og:image\" content=\"https:\/\/talkpal.ai\/wp-content\/uploads\/2023\/05\/estonia.png\" \/>\n\t<meta property=\"og:image:width\" content=\"512\" \/>\n\t<meta property=\"og:image:height\" content=\"512\" \/>\n\t<meta property=\"og:image:type\" content=\"image\/png\" \/>\n<meta name=\"twitter:card\" content=\"summary_large_image\" \/>\n<meta name=\"twitter:site\" content=\"@talkpalai\" \/>\n<meta name=\"twitter:label1\" content=\"Est. reading time\" \/>\n\t<meta name=\"twitter:data1\" content=\"2 daqiqa\" \/>\n<script type=\"application\/ld+json\" class=\"yoast-schema-graph\">{\"@context\":\"https:\/\/schema.org\",\"@graph\":[{\"@type\":\"WebPage\",\"@id\":\"https:\/\/talkpal.ai\/uz\/eston-tili-grammatikasi\/\",\"url\":\"https:\/\/talkpal.ai\/uz\/eston-tili-grammatikasi\/\",\"name\":\"Eston tili grammatikasi - Talkpal\",\"isPartOf\":{\"@id\":\"https:\/\/talkpal.ai\/uz\/#website\"},\"primaryImageOfPage\":{\"@id\":\"https:\/\/talkpal.ai\/uz\/eston-tili-grammatikasi\/#primaryimage\"},\"image\":{\"@id\":\"https:\/\/talkpal.ai\/uz\/eston-tili-grammatikasi\/#primaryimage\"},\"thumbnailUrl\":\"https:\/\/talkpal.ai\/wp-content\/uploads\/2023\/05\/estonia.png\",\"datePublished\":\"2023-05-14T14:01:53+00:00\",\"dateModified\":\"2025-12-13T15:18:43+00:00\",\"description\":\"Eston tili grammatikasining muhim tushunchalarini, jumladan, holatlar, fe'llar, jumlalar tuzilishi, talaffuz va maslahatlarni o'rganing.\",\"breadcrumb\":{\"@id\":\"https:\/\/talkpal.ai\/uz\/eston-tili-grammatikasi\/#breadcrumb\"},\"inLanguage\":\"uz-UZ\",\"potentialAction\":[{\"@type\":\"ReadAction\",\"target\":[\"https:\/\/talkpal.ai\/uz\/eston-tili-grammatikasi\/\"]}]},{\"@type\":\"ImageObject\",\"inLanguage\":\"uz-UZ\",\"@id\":\"https:\/\/talkpal.ai\/uz\/eston-tili-grammatikasi\/#primaryimage\",\"url\":\"https:\/\/talkpal.ai\/wp-content\/uploads\/2023\/05\/estonia.png\",\"contentUrl\":\"https:\/\/talkpal.ai\/wp-content\/uploads\/2023\/05\/estonia.png\",\"width\":512,\"height\":512,\"caption\":\"TalkPal Estonia Flag\"},{\"@type\":\"BreadcrumbList\",\"@id\":\"https:\/\/talkpal.ai\/uz\/eston-tili-grammatikasi\/#breadcrumb\",\"itemListElement\":[{\"@type\":\"ListItem\",\"position\":1,\"name\":\"Homepage\",\"item\":\"https:\/\/talkpal.ai\/uz\/ai-til-oqituvchisi-3\/\"},{\"@type\":\"ListItem\",\"position\":2,\"name\":\"Eston tili grammatikasi\"}]},{\"@type\":\"WebSite\",\"@id\":\"https:\/\/talkpal.ai\/uz\/#website\",\"url\":\"https:\/\/talkpal.ai\/uz\/\",\"name\":\"Talkpal\",\"description\":\"AI Language Learning\",\"publisher\":{\"@id\":\"https:\/\/talkpal.ai\/uz\/#organization\"},\"alternateName\":\"Talkpal AI\",\"potentialAction\":[{\"@type\":\"SearchAction\",\"target\":{\"@type\":\"EntryPoint\",\"urlTemplate\":\"https:\/\/talkpal.ai\/uz\/?s={search_term_string}\"},\"query-input\":{\"@type\":\"PropertyValueSpecification\",\"valueRequired\":true,\"valueName\":\"search_term_string\"}}],\"inLanguage\":\"uz-UZ\"},{\"@type\":\"Organization\",\"@id\":\"https:\/\/talkpal.ai\/uz\/#organization\",\"name\":\"Talkpal, Inc.\",\"alternateName\":\"Talkpal AI\",\"url\":\"https:\/\/talkpal.ai\/uz\/\",\"logo\":{\"@type\":\"ImageObject\",\"inLanguage\":\"uz-UZ\",\"@id\":\"https:\/\/talkpal.ai\/uz\/#\/schema\/logo\/image\/\",\"url\":\"https:\/\/talkpal.ai\/wp-content\/uploads\/2024\/03\/Talkpal-Logo-Icon.png\",\"contentUrl\":\"https:\/\/talkpal.ai\/wp-content\/uploads\/2024\/03\/Talkpal-Logo-Icon.png\",\"width\":2880,\"height\":2880,\"caption\":\"Talkpal, Inc.\"},\"image\":{\"@id\":\"https:\/\/talkpal.ai\/uz\/#\/schema\/logo\/image\/\"},\"sameAs\":[\"https:\/\/www.facebook.com\/profile.php?id=100090733639311\",\"https:\/\/x.com\/talkpalai\",\"https:\/\/www.linkedin.com\/company\/talkpal\/\",\"https:\/\/www.youtube.com\/@TalkPal\/\",\"https:\/\/www.tiktok.com\/@talkpal\",\"https:\/\/www.instagram.com\/talkpal_ai\/\",\"https:\/\/www.crunchbase.com\/organization\/talkpal-9cde\",\"https:\/\/www.g2.com\/products\/talkpal-for-business\/\",\"https:\/\/www.trustpilot.com\/review\/talkpal.ai\",\"https:\/\/www.capterra.com\/p\/10006800\/TalkPal\/\"],\"description\":\"Talkpal is a language learning web and mobile education app, powered by the latest AI technologies, that provides engaging experiences to its customers in many different languages to help them improve their language skills. Users can chat about unlimited amount of topics with the app and use other modes to practice their language learning.\",\"email\":\"support@talkpal.ai\",\"legalName\":\"Talkpal, Inc.\",\"foundingDate\":\"2023-04-03\",\"duns\":\"118989042\",\"numberOfEmployees\":{\"@type\":\"QuantitativeValue\",\"minValue\":\"11\",\"maxValue\":\"50\"},\"publishingPrinciples\":\"https:\/\/talkpal.ai\/publishing-principles\/\",\"actionableFeedbackPolicy\":\"https:\/\/talkpal.ai\/actionable-feedback-policy\/\",\"correctionsPolicy\":\"https:\/\/talkpal.ai\/corrections-policy\/\",\"ethicsPolicy\":\"https:\/\/talkpal.ai\/ethics-policy\/\",\"diversityPolicy\":\"https:\/\/talkpal.ai\/diversity-policy\/\",\"diversityStaffingReport\":\"https:\/\/talkpal.ai\/diversity-policy\/\"}]}<\/script>\n<!-- \/ Yoast SEO Premium plugin. -->","yoast_head_json":{"title":"Eston tili grammatikasi - Talkpal","description":"Eston tili grammatikasining muhim tushunchalarini, jumladan, holatlar, fe'llar, jumlalar tuzilishi, talaffuz va maslahatlarni o'rganing.","robots":{"index":"index","follow":"follow","max-snippet":"max-snippet:-1","max-image-preview":"max-image-preview:large","max-video-preview":"max-video-preview:-1"},"canonical":"https:\/\/talkpal.ai\/uz\/eston-tili-grammatikasi\/","og_locale":"uz_UZ","og_type":"article","og_title":"Eston tili grammatikasi","og_description":"Eston tili grammatikasi: noyob til sayohatiga kirish eshigi Estoniyaning maftunkor dunyosiga xush kelibsiz! Bir milliondan ortiq ona tilida","og_url":"https:\/\/talkpal.ai\/uz\/eston-tili-grammatikasi\/","og_site_name":"Talkpal","article_publisher":"https:\/\/www.facebook.com\/profile.php?id=100090733639311","article_modified_time":"2025-12-13T15:18:43+00:00","og_image":[{"width":512,"height":512,"url":"https:\/\/talkpal.ai\/wp-content\/uploads\/2023\/05\/estonia.png","type":"image\/png"}],"twitter_card":"summary_large_image","twitter_site":"@talkpalai","twitter_misc":{"Est. reading time":"2 daqiqa"},"schema":{"@context":"https:\/\/schema.org","@graph":[{"@type":"WebPage","@id":"https:\/\/talkpal.ai\/uz\/eston-tili-grammatikasi\/","url":"https:\/\/talkpal.ai\/uz\/eston-tili-grammatikasi\/","name":"Eston tili grammatikasi - Talkpal","isPartOf":{"@id":"https:\/\/talkpal.ai\/uz\/#website"},"primaryImageOfPage":{"@id":"https:\/\/talkpal.ai\/uz\/eston-tili-grammatikasi\/#primaryimage"},"image":{"@id":"https:\/\/talkpal.ai\/uz\/eston-tili-grammatikasi\/#primaryimage"},"thumbnailUrl":"https:\/\/talkpal.ai\/wp-content\/uploads\/2023\/05\/estonia.png","datePublished":"2023-05-14T14:01:53+00:00","dateModified":"2025-12-13T15:18:43+00:00","description":"Eston tili grammatikasining muhim tushunchalarini, jumladan, holatlar, fe'llar, jumlalar tuzilishi, talaffuz va maslahatlarni o'rganing.","breadcrumb":{"@id":"https:\/\/talkpal.ai\/uz\/eston-tili-grammatikasi\/#breadcrumb"},"inLanguage":"uz-UZ","potentialAction":[{"@type":"ReadAction","target":["https:\/\/talkpal.ai\/uz\/eston-tili-grammatikasi\/"]}]},{"@type":"ImageObject","inLanguage":"uz-UZ","@id":"https:\/\/talkpal.ai\/uz\/eston-tili-grammatikasi\/#primaryimage","url":"https:\/\/talkpal.ai\/wp-content\/uploads\/2023\/05\/estonia.png","contentUrl":"https:\/\/talkpal.ai\/wp-content\/uploads\/2023\/05\/estonia.png","width":512,"height":512,"caption":"TalkPal Estonia Flag"},{"@type":"BreadcrumbList","@id":"https:\/\/talkpal.ai\/uz\/eston-tili-grammatikasi\/#breadcrumb","itemListElement":[{"@type":"ListItem","position":1,"name":"Homepage","item":"https:\/\/talkpal.ai\/uz\/ai-til-oqituvchisi-3\/"},{"@type":"ListItem","position":2,"name":"Eston tili grammatikasi"}]},{"@type":"WebSite","@id":"https:\/\/talkpal.ai\/uz\/#website","url":"https:\/\/talkpal.ai\/uz\/","name":"Talkpal","description":"AI Language Learning","publisher":{"@id":"https:\/\/talkpal.ai\/uz\/#organization"},"alternateName":"Talkpal AI","potentialAction":[{"@type":"SearchAction","target":{"@type":"EntryPoint","urlTemplate":"https:\/\/talkpal.ai\/uz\/?s={search_term_string}"},"query-input":{"@type":"PropertyValueSpecification","valueRequired":true,"valueName":"search_term_string"}}],"inLanguage":"uz-UZ"},{"@type":"Organization","@id":"https:\/\/talkpal.ai\/uz\/#organization","name":"Talkpal, Inc.","alternateName":"Talkpal AI","url":"https:\/\/talkpal.ai\/uz\/","logo":{"@type":"ImageObject","inLanguage":"uz-UZ","@id":"https:\/\/talkpal.ai\/uz\/#\/schema\/logo\/image\/","url":"https:\/\/talkpal.ai\/wp-content\/uploads\/2024\/03\/Talkpal-Logo-Icon.png","contentUrl":"https:\/\/talkpal.ai\/wp-content\/uploads\/2024\/03\/Talkpal-Logo-Icon.png","width":2880,"height":2880,"caption":"Talkpal, Inc."},"image":{"@id":"https:\/\/talkpal.ai\/uz\/#\/schema\/logo\/image\/"},"sameAs":["https:\/\/www.facebook.com\/profile.php?id=100090733639311","https:\/\/x.com\/talkpalai","https:\/\/www.linkedin.com\/company\/talkpal\/","https:\/\/www.youtube.com\/@TalkPal\/","https:\/\/www.tiktok.com\/@talkpal","https:\/\/www.instagram.com\/talkpal_ai\/","https:\/\/www.crunchbase.com\/organization\/talkpal-9cde","https:\/\/www.g2.com\/products\/talkpal-for-business\/","https:\/\/www.trustpilot.com\/review\/talkpal.ai","https:\/\/www.capterra.com\/p\/10006800\/TalkPal\/"],"description":"Talkpal is a language learning web and mobile education app, powered by the latest AI technologies, that provides engaging experiences to its customers in many different languages to help them improve their language skills. Users can chat about unlimited amount of topics with the app and use other modes to practice their language learning.","email":"support@talkpal.ai","legalName":"Talkpal, Inc.","foundingDate":"2023-04-03","duns":"118989042","numberOfEmployees":{"@type":"QuantitativeValue","minValue":"11","maxValue":"50"},"publishingPrinciples":"https:\/\/talkpal.ai\/publishing-principles\/","actionableFeedbackPolicy":"https:\/\/talkpal.ai\/actionable-feedback-policy\/","correctionsPolicy":"https:\/\/talkpal.ai\/corrections-policy\/","ethicsPolicy":"https:\/\/talkpal.ai\/ethics-policy\/","diversityPolicy":"https:\/\/talkpal.ai\/diversity-policy\/","diversityStaffingReport":"https:\/\/talkpal.ai\/diversity-policy\/"}]}},"_links":{"self":[{"href":"https:\/\/talkpal.ai\/uz\/wp-json\/wp\/v2\/pages\/1445105","targetHints":{"allow":["GET"]}}],"collection":[{"href":"https:\/\/talkpal.ai\/uz\/wp-json\/wp\/v2\/pages"}],"about":[{"href":"https:\/\/talkpal.ai\/uz\/wp-json\/wp\/v2\/types\/page"}],"author":[{"embeddable":true,"href":"https:\/\/talkpal.ai\/uz\/wp-json\/wp\/v2\/users\/1"}],"replies":[{"embeddable":true,"href":"https:\/\/talkpal.ai\/uz\/wp-json\/wp\/v2\/comments?post=1445105"}],"version-history":[{"count":0,"href":"https:\/\/talkpal.ai\/uz\/wp-json\/wp\/v2\/pages\/1445105\/revisions"}],"wp:featuredmedia":[{"embeddable":true,"href":"https:\/\/talkpal.ai\/uz\/wp-json\/wp\/v2\/media\/1445107"}],"wp:attachment":[{"href":"https:\/\/talkpal.ai\/uz\/wp-json\/wp\/v2\/media?parent=1445105"}],"curies":[{"name":"wp","href":"https:\/\/api.w.org\/{rel}","templated":true}]}}