{"id":1444993,"date":"2023-05-14T13:51:46","date_gmt":"2023-05-14T13:51:46","guid":{"rendered":"https:\/\/talkpal.ai\/portugal-tili-grammatikasi\/"},"modified":"2025-12-11T16:45:30","modified_gmt":"2025-12-11T16:45:30","slug":"portugal-tili-grammatikasi","status":"publish","type":"page","link":"https:\/\/talkpal.ai\/uz\/portugal-tili-grammatikasi\/","title":{"rendered":"Portugal tili grammatikasi"},"content":{"rendered":"\r\n\r\n\r\n<section class=\"languageChallengeSection\">\r\n    <div class=\"languageInfoWrapper\">\r\n        \r\n        <h1>Portugal tili grammatikasi<\/h1>\r\n        <p><a href=\"https:\/\/talkpal.ai\/uz\/portugal-tili-kurslari\/\">Portugal tili<\/a> grammatikasining asosiy jihatlarini o\u2018rganing va butun dunyo bo\u2018ylab millionlab ma\u2019ruzachilar bilan bog\u2018lanish imkoniyatlarini oching. Uning asosiy qoidalari va tuzilmalarini o\u2018zlashtirib, siz ishonch bilan muloqot qilishga va <a href=\"https:\/\/talkpal.ai\/locations\/language-courses-in-portugal\/\">Portugal<\/a> madaniyatidan to\u2018liq bahramand bo\u2018lishga tayyor bo\u2018lasiz. <a href=\"https:\/\/talkpal.ai\/locations\/language-courses-in-portugal\/\">Portugal<\/a> tili grammatikasini bugunoq o&#039;rganishni boshlang va ravonlik sari birinchi qadamingizni tashlang!<\/p>\r\n\r\n                            <a class=\"getStartedHidden\" href=\"https:\/\/app.talkpal.ai\/uz\/signup?lng=\">Boshlang<\/a>\r\n        \r\n    <\/div>\r\n\r\n    <figure>\r\n    <img decoding=\"async\" width=\"768\" height=\"768\" src=\"https:\/\/talkpal.ai\/wp-content\/uploads\/2023\/06\/portuguese-768x768.png\" class=\"languageImage no-lazy\" alt=\"Language learning for broader world view\" fetchpriority=\"high\" sizes=\"(max-width: 768px) 150px, 768px\" srcset=\"https:\/\/talkpal.ai\/wp-content\/uploads\/2023\/06\/portuguese-768x768.png 768w, https:\/\/talkpal.ai\/wp-content\/uploads\/2023\/06\/portuguese-300x300.png 300w\" \/>\r\n    \r\n\r\n    <\/figure>\r\n\r\n            <a class=\"getStartedVisible\" href=\"https:\/\/app.talkpal.ai\/uz\/signup?lng=\">Boshlang<\/a>\r\n    \r\n<\/section>\r\n<section class=\"promotionalBanner\">\r\n    <p class=\"promotionalText\">Til o&#8217;rganishning eng samarali usuli<\/p>\r\n    <a class=\"promotionalLink\" href=\"https:\/\/app.talkpal.ai\/uz\/signup?lng=\">Talkpal-ni bepul sinab ko&#8217;ring<\/a>\r\n<\/section>\n<div class=\"wp-block-group pageContainerStyle\"><div class=\"wp-block-group__inner-container is-layout-constrained wp-block-group-is-layout-constrained\">\n<h2 class=\"wp-block-heading\" id=\"h-a-beginner-s-guide-to-understanding-portuguese-grammar\">Portugal tili grammatikasini tushunish uchun yangi boshlanuvchilar uchun qo&#8217;llanma<\/h2>\n\n\n\n<p>Portugaliyaga sayohat qilishni rejalashtiryapsizmi yoki shunchaki yangi tilni o&#8217;rganishga qiziqasizmi, portugal tilini o&#8217;rganish qiziqarli va foydali tajriba bo&#8217;lishi mumkin. Portugal tilini o&#8217;rganishning muhim jihatlaridan biri, har qanday boshqa kabi, uning grammatikasini tushunishdir. Ushbu maqola sizga <a href=\"https:\/\/talkpal.ai\/portuguese-grammar\/\">portugal tili grammatikasi<\/a> asoslari bo\u2018yicha yo\u2018l-yo\u2018riq ko\u2018rsatadi va sizga oson harakatlanish va muloqot qilishda yordam beradigan muhim maslahatlar va tushunchalar beradi. Shunday qilib, agar siz <a href=\"https:\/\/talkpal.ai\/uz\/portugal-tili-kurslari\/\">portugal tili<\/a> dunyosiga sho&#8217;ng&#8217;ishni kutayotgan bo&#8217;lsangiz, keling, boshlaylik!<\/p>\n\n\n\n<h3 class=\"wp-block-heading\" id=\"h-1-the-basics-nouns-pronouns-and-articles\">1. Asoslar: otlar, olmoshlar va artikl<\/h3>\n\n\n\n<p><a href=\"https:\/\/talkpal.ai\/uz\/ingliz-tilida-gaplashish\/\">Ingliz tilida<\/a> bo&#8217;lgani kabi, portugal tili grammatikasi otlar, olmoshlar va artikllar atrofida qurilgan. Portugal tilidagi otlar erkak yoki ayol bo&#8217;lishi mumkin va jumlalarni to&#8217;g&#8217;ri shakllantirish uchun jinsni aniqlash muhimdir. Masalan, \u201co menino\u201d \u201co\u2018g\u2018il bola\u201d, \u201ca menina\u201d esa \u201cqiz\u201d deb tarjima qilinadi.<\/p>\n\n\n\n<p>Portugal tilidagi olmoshlar, xuddi ingliz kabi, otlar o\u2018rnini bosuvchi vazifasini bajaradi. Ularning ham jinsi <a href=\"https:\/\/talkpal.ai\/locations\/language-courses-in-bor\/\">bor<\/a>. Kishilik olmoshlariga eu (I), voc\u00ea\/tu (siz), ele\/ela (u\/u), n\u00f3s (biz) va eles\/elas (ular) kiradi.<\/p>\n\n\n\n<p>Aniq artikl (the) va noaniq artikl (a\/an) ham jinsga xos bo\u2018lib, gapni to\u2018g\u2018ri tuzish uchun zarurdir. Portugal tilida aniq artikllar \u201co\u201d (erkak) va \u201ca\u201d (ayol), noaniq artikllar esa \u201cum\u201d (erkak) va \u201cuma\u201d (ayol)dir.<\/p>\n\n\n\n<h3 class=\"wp-block-heading\" id=\"h-2-adjectives-and-adverbs-add-spice-to-your-sentences\">2. Sifat va ergash gaplar: Gaplaringizga ziravorlar qo\u2018shing<\/h3>\n\n\n\n<p>Sifatlar otlarni tavsiflovchi yoki o&#8217;zgartiruvchi so&#8217;zlar bo&#8217;lib, otlar kabi jinsga ega. Odatda, \u201co\u201d bilan tugaydigan sifatlar erkak, \u201ca\u201d bilan tugaydigan sifatlar esa ayoldir. Sifatning jinsini u tasvirlayotgan otga moslashtirish juda muhimdir. Misol uchun, &laquo;homem alto&raquo; &laquo;uzun bo&#8217;yli odam&raquo; deb tarjima qilingan bo&#8217;lsa, &laquo;mulher alta&raquo; &laquo;uzun bo&#8217;yli ayol&raquo; degan ma&#8217;noni anglatadi.<\/p>\n\n\n\n<p>Qo&#8217;shimchalar esa fe&#8217;l, sifat yoki boshqa qo&#8217;shimchalarni o&#8217;zgartiradi. Portugal tilida qo\u2018shimchalar odatda jinsga xos shakllarga ega emas. Ba&#8217;zi umumiy qo&#8217;shimchalar &laquo;rapidamente&raquo; (tezkor), &laquo;lentamente&raquo; (sekin) va &laquo;sempre&raquo; (har doim) o&#8217;z ichiga oladi.<\/p>\n\n\n\n<h3 class=\"wp-block-heading\" id=\"h-3-verbs-the-action-words\">3. Fe&#8217;llar: Harakat so&#8217;zlari<\/h3>\n\n\n\n<p>Portugal tilidagi fe&#8217;llar uch konjugatsiya guruhiga (-ar, -er, -ir) bo&#8217;linadi va ularning shakllari zamon va mavzuga qarab o&#8217;zgaradi. Bu siz bilishingiz kerak bo&#8217;lgan ba&#8217;zi muhim zamonlar:<\/p>\n\n\n\n<p>\u2013 Hozirgi zamon (<a href=\"https:\/\/talkpal.ai\/zh-hans\/grammar_exercises\/presente-%e8%a5%bf%e7%8f%ad%e7%89%99%e8%af%ad%e6%b3%95%e7%bb%83%e4%b9%a0\/\">Presente<\/a>): Hozir sodir bo&#8217;layotgan harakatlar yoki odatiy harakatlarni tasvirlaydi.<br\/>&#8211; O&#8217;tgan zamon (Pret\u00e9rito): o&#8217;tmishda sodir bo&#8217;lgan harakatlarni tasvirlaydi. Ikkita tur mavjud: <a href=\"https:\/\/talkpal.ai\/grammar\/preterite-perfect-in-portuguese-grammar\/\">Pret\u00e9rito Perfeito<\/a> (oddiy o&#8217;tmish) va Pret\u00e9rito Imperfeito (o&#8217;tgan davomiy).<br\/>\u2013 Kelajak zamon (Futuro): Kelajakda sodir bo&#8217;ladigan harakatlarni tasvirlaydi.<\/p>\n\n\n\n<p>Portugal tilida fe&#8217;l konjugatsiyasini o&#8217;zlashtirish qiyin bo&#8217;lishi mumkin, ammo amaliyot va izchillik uni yanada samaraliroq tushunishga yordam beradi.<\/p>\n\n\n\n<h3 class=\"wp-block-heading\" id=\"h-4-word-order-building-understandable-sentences\">4. So&#8217;z tartibi: Tushunarli jumlalar qurish<\/h3>\n\n\n\n<p>Odatda portugalcha jumla tuzilishi Subject-Ferb-Object (SVO) tartibiga amal qiladi. Masalan, &laquo;Eu amo pizza&raquo; (&laquo;Men pizza yaxshi ko&#8217;raman&raquo;) jumlasi ushbu naqshga amal qiladi. Biroq, portugal tili grammatikasi juda moslashuvchan bo&#8217;lishi mumkin va siz so&#8217;z tartibida, ayniqsa adabiyotda yoki norasmiy suhbatlarda o&#8217;zgarishlarga duch kelishingiz mumkin. Ushbu o&#8217;zgarishlarni tushunishda kontekst va sog&#8217;lom fikr juda muhimdir.<\/p>\n\n\n\n<h3 class=\"wp-block-heading\" id=\"h-5-negation-and-interrogation-say-no-and-ask-questions\">5. Inkor qilish va so\u2018roq qilish: Yo\u2018q deng va savollar bering<\/h3>\n\n\n\n<p>Portugal tilidagi jumlani inkor qilish uchun fe&#8217;l oldiga &laquo;n\u00e3o&raquo; so&#8217;zini qo&#8217;yish kifoya. Masalan, &laquo;Eu n\u00e3o falo portugu\u00eas&raquo; &laquo;Men portugal tilida gapirmayman&raquo; degan ma&#8217;noni anglatadi.<\/p>\n\n\n\n<p>Portugal tilidagi bayonotni savolga aylantirish uchun siz so\u2018z tartibini o\u2018zgartirishingiz yoki so\u2018roq so\u2018zidan foydalanishingiz mumkin (masalan, \u201ckim\u201d uchun \u201cquem\u201d, \u201cnima\u201d uchun \u201co que\u201d yoki \u201cqaerda\u201d uchun \u201conde\u201d). Masalan, &laquo;Voc\u00ea fala ingl\u00eas?&raquo; &laquo;Ingliz tilida gapirasizmi?&raquo; deb tarjima qilinadi.<\/p>\n\n\n\n<h3 class=\"wp-block-heading\" id=\"h-conclusion\">Xulosa<\/h3>\n\n\n\n<p>Portugal tili grammatikasini o&#8217;rganish qiyin bo&#8217;lib tuyulishi mumkin, ammo tushkunlikka tushmang! Har bir tilning o&#8217;ziga xos jihatlari bor, lekin izchillik, amaliyot va biroz sabr-toqat bilan siz o&#8217;zingizni ishonchli va samarali muloqot qilayotganingizni topasiz. Yodda tutingki, grammatikani o&#8217;rganish tilni o&#8217;zlashtirishning faqat bir qismidir, shuningdek, portugal tilida tinglash, gapirish va o&#8217;qishni mashq qilishingiz kerak. Qanday bo&#8217;lmasin! (Omad tilaymiz!)<\/p>\n<\/div><\/div>\n\r\n<section class=\"learnNavigationSection\">\r\n            \r\n        <a href=\"https:\/\/talkpal.ai\/uz\/portugal-tilini-organing\/\">\r\n            <div class=\"learnNavigationWrapper\">\r\n                <div class=\"learnNavigationContent\">\r\n                    <img decoding=\"async\" src=\"https:\/\/talkpal.ai\/wp-content\/uploads\/2024\/08\/Portuguese.jpg\" alt=\"Portuguese Flag\">\r\n                    <div>\r\n                        <h4>Portugaliyani o&#039;rganish haqida<\/h4>\r\n                        <p>Portugaliya grammatikasi haqida hamma narsani bilib oling.<\/p>\r\n                    <\/div>\r\n                <\/div>\r\n            <\/div>\r\n        <\/a>\r\n\r\n        \r\n        <a href=\"https:\/\/talkpal.ai\/uz\/portugal-tili-grammatikasi-mashqlari\/\">\r\n            <div class=\"learnNavigationWrapper\">\r\n                <div class=\"learnNavigationContent\">\r\n                    <img decoding=\"async\" src=\"https:\/\/talkpal.ai\/wp-content\/uploads\/2024\/08\/Portuguese.jpg\" alt=\"Portuguese Flag\">\r\n                    <div>\r\n                        <h4>Portugal tili grammatikasi bo&#039;yicha mashq<\/h4>\r\n                        <p>Portugal tili grammatikasini mashq qiling.<\/p>\r\n                    <\/div>\r\n                <\/div>\r\n            <\/div>\r\n        <\/a>\r\n\r\n        \r\n        <a href=\"https:\/\/talkpal.ai\/vocabulary_language\/portuguese\/\">\r\n            <div class=\"learnNavigationWrapper\">\r\n                <div class=\"learnNavigationContent\">\r\n                    <img decoding=\"async\" src=\"https:\/\/talkpal.ai\/wp-content\/uploads\/2024\/08\/Portuguese.jpg\" alt=\"Portuguese Flag\">\r\n                    <div>\r\n                        <h4>Portugalcha lug&#039;at<\/h4>\r\n                        <p>Portugalcha so\u2018z boyligingizni kengaytiring.<\/p>\r\n                    <\/div>\r\n                <\/div>\r\n            <\/div>\r\n        <\/a>\r\n\r\n            <\/section>","protected":false},"excerpt":{"rendered":"<p>Portugal tili grammatikasini tushunish uchun yangi boshlanuvchilar uchun qo&#8217;llanma Portugaliyaga sayohat qilishni rejalashtiryapsizmi yoki shunchaki yangi tilni o&#8217;rganishga qiziqasizmi, portugal tilini o&#8217;rganish qiziqarli va foydali tajriba bo&#8217;lishi mumkin. Portugal tilini o&#8217;rganishning muhim jihatlaridan biri, har qanday boshqa kabi, uning grammatikasini tushunishdir. Ushbu maqola sizga portugal tili grammatikasi asoslari bo\u2018yicha yo\u2018l-yo\u2018riq ko\u2018rsatadi va sizga oson harakatlanish [&hellip;]<\/p>\n","protected":false},"author":1,"featured_media":1440124,"parent":0,"menu_order":0,"comment_status":"closed","ping_status":"closed","template":"LearningContentPage.php","meta":{"_acf_changed":false,"footnotes":""},"class_list":["post-1444993","page","type-page","status-publish","has-post-thumbnail","hentry"],"acf":[],"yoast_head":"<!-- This site is optimized with the Yoast SEO Premium plugin v27.2 (Yoast SEO v27.2) - https:\/\/yoast.com\/product\/yoast-seo-premium-wordpress\/ -->\n<title>Portugal tili grammatikasi - Talkpal<\/title>\n<meta name=\"description\" content=\"Barcha mahorat darajalari uchun mo&#039;ljallangan interaktiv mashqlar bilan portugal tili grammatikasini o&#039;rganing. Til bilimingizni oshiring!\" \/>\n<meta name=\"robots\" content=\"index, follow, max-snippet:-1, max-image-preview:large, max-video-preview:-1\" \/>\n<link rel=\"canonical\" href=\"https:\/\/talkpal.ai\/uz\/portugal-tili-grammatikasi\/\" \/>\n<meta property=\"og:locale\" content=\"uz_UZ\" \/>\n<meta property=\"og:type\" content=\"article\" \/>\n<meta property=\"og:title\" content=\"Portugal tili grammatikasi\" \/>\n<meta property=\"og:description\" content=\"Portugal tili grammatikasini tushunish uchun yangi boshlanuvchilar uchun qo&#039;llanma Portugaliyaga sayohat qilishni rejalashtiryapsizmi yoki shunchaki yangi\" \/>\n<meta property=\"og:url\" content=\"https:\/\/talkpal.ai\/uz\/portugal-tili-grammatikasi\/\" \/>\n<meta property=\"og:site_name\" content=\"Talkpal\" \/>\n<meta property=\"article:publisher\" content=\"https:\/\/www.facebook.com\/profile.php?id=100090733639311\" \/>\n<meta property=\"article:modified_time\" content=\"2025-12-11T16:45:30+00:00\" \/>\n<meta property=\"og:image\" content=\"https:\/\/talkpal.ai\/wp-content\/uploads\/2023\/04\/portugal.png\" \/>\n\t<meta property=\"og:image:width\" content=\"512\" \/>\n\t<meta property=\"og:image:height\" content=\"512\" \/>\n\t<meta property=\"og:image:type\" content=\"image\/png\" \/>\n<meta name=\"twitter:card\" content=\"summary_large_image\" \/>\n<meta name=\"twitter:site\" content=\"@talkpalai\" \/>\n<meta name=\"twitter:label1\" content=\"Est. reading time\" \/>\n\t<meta name=\"twitter:data1\" content=\"3 daqiqa\" \/>\n<script type=\"application\/ld+json\" class=\"yoast-schema-graph\">{\"@context\":\"https:\/\/schema.org\",\"@graph\":[{\"@type\":\"WebPage\",\"@id\":\"https:\/\/talkpal.ai\/uz\/portugal-tili-grammatikasi\/\",\"url\":\"https:\/\/talkpal.ai\/uz\/portugal-tili-grammatikasi\/\",\"name\":\"Portugal tili grammatikasi - Talkpal\",\"isPartOf\":{\"@id\":\"https:\/\/talkpal.ai\/uz\/#website\"},\"primaryImageOfPage\":{\"@id\":\"https:\/\/talkpal.ai\/uz\/portugal-tili-grammatikasi\/#primaryimage\"},\"image\":{\"@id\":\"https:\/\/talkpal.ai\/uz\/portugal-tili-grammatikasi\/#primaryimage\"},\"thumbnailUrl\":\"https:\/\/talkpal.ai\/wp-content\/uploads\/2023\/04\/portugal.png\",\"datePublished\":\"2023-05-14T13:51:46+00:00\",\"dateModified\":\"2025-12-11T16:45:30+00:00\",\"description\":\"Barcha mahorat darajalari uchun mo'ljallangan interaktiv mashqlar bilan portugal tili grammatikasini o'rganing. Til bilimingizni oshiring!\",\"breadcrumb\":{\"@id\":\"https:\/\/talkpal.ai\/uz\/portugal-tili-grammatikasi\/#breadcrumb\"},\"inLanguage\":\"uz-UZ\",\"potentialAction\":[{\"@type\":\"ReadAction\",\"target\":[\"https:\/\/talkpal.ai\/uz\/portugal-tili-grammatikasi\/\"]}]},{\"@type\":\"ImageObject\",\"inLanguage\":\"uz-UZ\",\"@id\":\"https:\/\/talkpal.ai\/uz\/portugal-tili-grammatikasi\/#primaryimage\",\"url\":\"https:\/\/talkpal.ai\/wp-content\/uploads\/2023\/04\/portugal.png\",\"contentUrl\":\"https:\/\/talkpal.ai\/wp-content\/uploads\/2023\/04\/portugal.png\",\"width\":512,\"height\":512,\"caption\":\"TalkPal Catalan Flag\"},{\"@type\":\"BreadcrumbList\",\"@id\":\"https:\/\/talkpal.ai\/uz\/portugal-tili-grammatikasi\/#breadcrumb\",\"itemListElement\":[{\"@type\":\"ListItem\",\"position\":1,\"name\":\"Homepage\",\"item\":\"https:\/\/talkpal.ai\/uz\/ai-til-oqituvchisi-3\/\"},{\"@type\":\"ListItem\",\"position\":2,\"name\":\"Portugal tili grammatikasi\"}]},{\"@type\":\"WebSite\",\"@id\":\"https:\/\/talkpal.ai\/uz\/#website\",\"url\":\"https:\/\/talkpal.ai\/uz\/\",\"name\":\"Talkpal\",\"description\":\"AI Language Learning\",\"publisher\":{\"@id\":\"https:\/\/talkpal.ai\/uz\/#organization\"},\"alternateName\":\"Talkpal AI\",\"potentialAction\":[{\"@type\":\"SearchAction\",\"target\":{\"@type\":\"EntryPoint\",\"urlTemplate\":\"https:\/\/talkpal.ai\/uz\/?s={search_term_string}\"},\"query-input\":{\"@type\":\"PropertyValueSpecification\",\"valueRequired\":true,\"valueName\":\"search_term_string\"}}],\"inLanguage\":\"uz-UZ\"},{\"@type\":\"Organization\",\"@id\":\"https:\/\/talkpal.ai\/uz\/#organization\",\"name\":\"Talkpal, Inc.\",\"alternateName\":\"Talkpal AI\",\"url\":\"https:\/\/talkpal.ai\/uz\/\",\"logo\":{\"@type\":\"ImageObject\",\"inLanguage\":\"uz-UZ\",\"@id\":\"https:\/\/talkpal.ai\/uz\/#\/schema\/logo\/image\/\",\"url\":\"https:\/\/talkpal.ai\/wp-content\/uploads\/2024\/03\/Talkpal-Logo-Icon.png\",\"contentUrl\":\"https:\/\/talkpal.ai\/wp-content\/uploads\/2024\/03\/Talkpal-Logo-Icon.png\",\"width\":2880,\"height\":2880,\"caption\":\"Talkpal, Inc.\"},\"image\":{\"@id\":\"https:\/\/talkpal.ai\/uz\/#\/schema\/logo\/image\/\"},\"sameAs\":[\"https:\/\/www.facebook.com\/profile.php?id=100090733639311\",\"https:\/\/x.com\/talkpalai\",\"https:\/\/www.linkedin.com\/company\/talkpal\/\",\"https:\/\/www.youtube.com\/@TalkPal\/\",\"https:\/\/www.tiktok.com\/@talkpal\",\"https:\/\/www.instagram.com\/talkpal_ai\/\",\"https:\/\/www.crunchbase.com\/organization\/talkpal-9cde\",\"https:\/\/www.g2.com\/products\/talkpal-for-business\/\",\"https:\/\/www.trustpilot.com\/review\/talkpal.ai\",\"https:\/\/www.capterra.com\/p\/10006800\/TalkPal\/\"],\"description\":\"Talkpal is a language learning web and mobile education app, powered by the latest AI technologies, that provides engaging experiences to its customers in many different languages to help them improve their language skills. Users can chat about unlimited amount of topics with the app and use other modes to practice their language learning.\",\"email\":\"support@talkpal.ai\",\"legalName\":\"Talkpal, Inc.\",\"foundingDate\":\"2023-04-03\",\"duns\":\"118989042\",\"numberOfEmployees\":{\"@type\":\"QuantitativeValue\",\"minValue\":\"11\",\"maxValue\":\"50\"},\"publishingPrinciples\":\"https:\/\/talkpal.ai\/publishing-principles\/\",\"actionableFeedbackPolicy\":\"https:\/\/talkpal.ai\/actionable-feedback-policy\/\",\"correctionsPolicy\":\"https:\/\/talkpal.ai\/corrections-policy\/\",\"ethicsPolicy\":\"https:\/\/talkpal.ai\/ethics-policy\/\",\"diversityPolicy\":\"https:\/\/talkpal.ai\/diversity-policy\/\",\"diversityStaffingReport\":\"https:\/\/talkpal.ai\/diversity-policy\/\"}]}<\/script>\n<!-- \/ Yoast SEO Premium plugin. -->","yoast_head_json":{"title":"Portugal tili grammatikasi - Talkpal","description":"Barcha mahorat darajalari uchun mo'ljallangan interaktiv mashqlar bilan portugal tili grammatikasini o'rganing. Til bilimingizni oshiring!","robots":{"index":"index","follow":"follow","max-snippet":"max-snippet:-1","max-image-preview":"max-image-preview:large","max-video-preview":"max-video-preview:-1"},"canonical":"https:\/\/talkpal.ai\/uz\/portugal-tili-grammatikasi\/","og_locale":"uz_UZ","og_type":"article","og_title":"Portugal tili grammatikasi","og_description":"Portugal tili grammatikasini tushunish uchun yangi boshlanuvchilar uchun qo'llanma Portugaliyaga sayohat qilishni rejalashtiryapsizmi yoki shunchaki yangi","og_url":"https:\/\/talkpal.ai\/uz\/portugal-tili-grammatikasi\/","og_site_name":"Talkpal","article_publisher":"https:\/\/www.facebook.com\/profile.php?id=100090733639311","article_modified_time":"2025-12-11T16:45:30+00:00","og_image":[{"width":512,"height":512,"url":"https:\/\/talkpal.ai\/wp-content\/uploads\/2023\/04\/portugal.png","type":"image\/png"}],"twitter_card":"summary_large_image","twitter_site":"@talkpalai","twitter_misc":{"Est. reading time":"3 daqiqa"},"schema":{"@context":"https:\/\/schema.org","@graph":[{"@type":"WebPage","@id":"https:\/\/talkpal.ai\/uz\/portugal-tili-grammatikasi\/","url":"https:\/\/talkpal.ai\/uz\/portugal-tili-grammatikasi\/","name":"Portugal tili grammatikasi - Talkpal","isPartOf":{"@id":"https:\/\/talkpal.ai\/uz\/#website"},"primaryImageOfPage":{"@id":"https:\/\/talkpal.ai\/uz\/portugal-tili-grammatikasi\/#primaryimage"},"image":{"@id":"https:\/\/talkpal.ai\/uz\/portugal-tili-grammatikasi\/#primaryimage"},"thumbnailUrl":"https:\/\/talkpal.ai\/wp-content\/uploads\/2023\/04\/portugal.png","datePublished":"2023-05-14T13:51:46+00:00","dateModified":"2025-12-11T16:45:30+00:00","description":"Barcha mahorat darajalari uchun mo'ljallangan interaktiv mashqlar bilan portugal tili grammatikasini o'rganing. Til bilimingizni oshiring!","breadcrumb":{"@id":"https:\/\/talkpal.ai\/uz\/portugal-tili-grammatikasi\/#breadcrumb"},"inLanguage":"uz-UZ","potentialAction":[{"@type":"ReadAction","target":["https:\/\/talkpal.ai\/uz\/portugal-tili-grammatikasi\/"]}]},{"@type":"ImageObject","inLanguage":"uz-UZ","@id":"https:\/\/talkpal.ai\/uz\/portugal-tili-grammatikasi\/#primaryimage","url":"https:\/\/talkpal.ai\/wp-content\/uploads\/2023\/04\/portugal.png","contentUrl":"https:\/\/talkpal.ai\/wp-content\/uploads\/2023\/04\/portugal.png","width":512,"height":512,"caption":"TalkPal Catalan Flag"},{"@type":"BreadcrumbList","@id":"https:\/\/talkpal.ai\/uz\/portugal-tili-grammatikasi\/#breadcrumb","itemListElement":[{"@type":"ListItem","position":1,"name":"Homepage","item":"https:\/\/talkpal.ai\/uz\/ai-til-oqituvchisi-3\/"},{"@type":"ListItem","position":2,"name":"Portugal tili grammatikasi"}]},{"@type":"WebSite","@id":"https:\/\/talkpal.ai\/uz\/#website","url":"https:\/\/talkpal.ai\/uz\/","name":"Talkpal","description":"AI Language Learning","publisher":{"@id":"https:\/\/talkpal.ai\/uz\/#organization"},"alternateName":"Talkpal AI","potentialAction":[{"@type":"SearchAction","target":{"@type":"EntryPoint","urlTemplate":"https:\/\/talkpal.ai\/uz\/?s={search_term_string}"},"query-input":{"@type":"PropertyValueSpecification","valueRequired":true,"valueName":"search_term_string"}}],"inLanguage":"uz-UZ"},{"@type":"Organization","@id":"https:\/\/talkpal.ai\/uz\/#organization","name":"Talkpal, Inc.","alternateName":"Talkpal AI","url":"https:\/\/talkpal.ai\/uz\/","logo":{"@type":"ImageObject","inLanguage":"uz-UZ","@id":"https:\/\/talkpal.ai\/uz\/#\/schema\/logo\/image\/","url":"https:\/\/talkpal.ai\/wp-content\/uploads\/2024\/03\/Talkpal-Logo-Icon.png","contentUrl":"https:\/\/talkpal.ai\/wp-content\/uploads\/2024\/03\/Talkpal-Logo-Icon.png","width":2880,"height":2880,"caption":"Talkpal, Inc."},"image":{"@id":"https:\/\/talkpal.ai\/uz\/#\/schema\/logo\/image\/"},"sameAs":["https:\/\/www.facebook.com\/profile.php?id=100090733639311","https:\/\/x.com\/talkpalai","https:\/\/www.linkedin.com\/company\/talkpal\/","https:\/\/www.youtube.com\/@TalkPal\/","https:\/\/www.tiktok.com\/@talkpal","https:\/\/www.instagram.com\/talkpal_ai\/","https:\/\/www.crunchbase.com\/organization\/talkpal-9cde","https:\/\/www.g2.com\/products\/talkpal-for-business\/","https:\/\/www.trustpilot.com\/review\/talkpal.ai","https:\/\/www.capterra.com\/p\/10006800\/TalkPal\/"],"description":"Talkpal is a language learning web and mobile education app, powered by the latest AI technologies, that provides engaging experiences to its customers in many different languages to help them improve their language skills. Users can chat about unlimited amount of topics with the app and use other modes to practice their language learning.","email":"support@talkpal.ai","legalName":"Talkpal, Inc.","foundingDate":"2023-04-03","duns":"118989042","numberOfEmployees":{"@type":"QuantitativeValue","minValue":"11","maxValue":"50"},"publishingPrinciples":"https:\/\/talkpal.ai\/publishing-principles\/","actionableFeedbackPolicy":"https:\/\/talkpal.ai\/actionable-feedback-policy\/","correctionsPolicy":"https:\/\/talkpal.ai\/corrections-policy\/","ethicsPolicy":"https:\/\/talkpal.ai\/ethics-policy\/","diversityPolicy":"https:\/\/talkpal.ai\/diversity-policy\/","diversityStaffingReport":"https:\/\/talkpal.ai\/diversity-policy\/"}]}},"_links":{"self":[{"href":"https:\/\/talkpal.ai\/uz\/wp-json\/wp\/v2\/pages\/1444993","targetHints":{"allow":["GET"]}}],"collection":[{"href":"https:\/\/talkpal.ai\/uz\/wp-json\/wp\/v2\/pages"}],"about":[{"href":"https:\/\/talkpal.ai\/uz\/wp-json\/wp\/v2\/types\/page"}],"author":[{"embeddable":true,"href":"https:\/\/talkpal.ai\/uz\/wp-json\/wp\/v2\/users\/1"}],"replies":[{"embeddable":true,"href":"https:\/\/talkpal.ai\/uz\/wp-json\/wp\/v2\/comments?post=1444993"}],"version-history":[{"count":0,"href":"https:\/\/talkpal.ai\/uz\/wp-json\/wp\/v2\/pages\/1444993\/revisions"}],"wp:featuredmedia":[{"embeddable":true,"href":"https:\/\/talkpal.ai\/uz\/wp-json\/wp\/v2\/media\/1440124"}],"wp:attachment":[{"href":"https:\/\/talkpal.ai\/uz\/wp-json\/wp\/v2\/media?parent=1444993"}],"curies":[{"name":"wp","href":"https:\/\/api.w.org\/{rel}","templated":true}]}}