{"id":1444962,"date":"2023-05-14T13:48:36","date_gmt":"2023-05-14T13:48:36","guid":{"rendered":"https:\/\/talkpal.ai\/xitoy-grammatikasi\/"},"modified":"2025-09-06T19:55:36","modified_gmt":"2025-09-06T19:55:36","slug":"xitoy-grammatikasi","status":"publish","type":"page","link":"https:\/\/talkpal.ai\/uz\/xitoy-grammatikasi\/","title":{"rendered":"Xitoy grammatikasi"},"content":{"rendered":"\r\n\r\n\r\n<section class=\"languageChallengeSection\">\r\n    <div class=\"languageInfoWrapper\">\r\n        \r\n        <h1>Xitoy grammatikasi<\/h1>\r\n        <p>Asosiy <a href=\"https:\/\/talkpal.ai\/fr\/les\/\">grammatik<\/a> tuzilmalarni va foydalanish usullarini o&#039;rganish orqali xitoy tili ko&#039;nikmalaringizni mustahkamlang. Bugun xitoy tili grammatikangizni yaxshilashni boshlang va ishonch bilan muloqot qiling!<\/p>\r\n\r\n                            <a class=\"getStartedHidden\" href=\"https:\/\/app.talkpal.ai\/uz\/signup?lng=\">Boshlang<\/a>\r\n        \r\n    <\/div>\r\n\r\n    <figure>\r\n    <img decoding=\"async\" width=\"768\" height=\"768\" src=\"https:\/\/talkpal.ai\/wp-content\/uploads\/2023\/06\/chinese-768x768.png\" class=\"languageImage no-lazy\" alt=\"Language learning for flexible communication\" fetchpriority=\"high\" sizes=\"(max-width: 768px) 150px, 768px\" srcset=\"https:\/\/talkpal.ai\/wp-content\/uploads\/2023\/06\/chinese-768x768.png 768w, https:\/\/talkpal.ai\/wp-content\/uploads\/2023\/06\/chinese-300x300.png 300w\" \/>\r\n    \r\n\r\n    <\/figure>\r\n\r\n            <a class=\"getStartedVisible\" href=\"https:\/\/app.talkpal.ai\/uz\/signup?lng=\">Boshlang<\/a>\r\n    \r\n<\/section>\r\n<section class=\"promotionalBanner\">\r\n    <p class=\"promotionalText\">Til o&#8217;rganishning eng samarali usuli<\/p>\r\n    <a class=\"promotionalLink\" href=\"https:\/\/app.talkpal.ai\/uz\/signup?lng=\">Talkpal-ni bepul sinab ko&#8217;ring<\/a>\r\n<\/section>\n<div class=\"wp-block-group pageContainerStyle\"><div class=\"wp-block-group__inner-container is-layout-constrained wp-block-group-is-layout-constrained\">\n<h2 class=\"wp-block-heading\" id=\"h-chinese-grammar-the-key-to-mastering-mandarin\">Xitoy grammatikasi: Mandarin tilini o&#8217;zlashtirish kaliti<\/h2>\n\n\n\n<p>Siz mandarin tilini o&#8217;zlashtirishni maqsad qilgan ambitsiyali til o&#8217;rganuvchisizmi? Agar shunday bo&#8217;lsa, tabriklaymiz! Xitoy tiliga qarshi kurashish global fikrlash tarzingizni kengaytirish, keng doiradagi ma&#8217;ruzachilar bilan bog&#8217;lanish va o&#8217;zingizni intellektual jihatdan sinab ko&#8217;rishning ajoyib usulidir. Biroq, 1,2 milliard ona tilida so&#8217;zlashuvchilar va til tizimi G&#8217;arb tillaridan tubdan farq qiladigan xitoy <a href=\"https:\/\/talkpal.ai\/uz\/fin-tili-grammatikasi\/\">tili grammatikasi<\/a> juda qo&#8217;rqinchli ko&#8217;rinishi mumkin. Qo&#8217;rqma! Xitoy tili grammatikasi bo\u2018yicha yangi boshlanuvchilar uchun qulay kursni o\u2018qing, bu ham qiziqarli, ham ma\u2019lumot beradi.<\/p>\n\n\n\n<p><strong>Birinchi narsa: Yevropa tillari haqida bilganlaringizni unuting!<\/strong><\/p>\n\n\n\n<p>Til o\u2018quvchilarining xitoy grammatikasidan qo\u2018rqishining asosiy sabablaridan biri shundaki, u ingliz, ispan yoki frantsuz tillarida biz o\u2018rganib qolgan \u201cmavzu-fe\u2019l-obyekt\u201d tuzilishidan tubdan farq qiladi. Shunday qilib, chuqur nafas oling va keling, yangi til qoidalari va tushunchalari olamiga sho&#8217;ng&#8217;iymiz!<\/p>\n\n\n\n<h3 class=\"wp-block-heading\" id=\"h-1-word-order-is-king\">1. So\u2018z tartibi shohdir<\/h3>\n\n\n\n<p>Xitoy grammatikasida zamon, fe\u2019l kelishik yoki ko\u2018plik bo\u2018lmasa-da, gapning to\u2018g\u2018ri tuzilishi muhim ahamiyatga ega. Xo&#8217;sh, to&#8217;g&#8217;ri so&#8217;z tartibiga qanday erishiladi? Ko&#8217;pgina hollarda, &laquo;mavzu-fe&#8217;l-ob&#8217;ekt&raquo; naqshiga amal qiling (ingliz tiliga o&#8217;xshash). Masalan:<\/p>\n\n\n\n<p>Ingliz tili: Men seni sevaman.<br\/><a href=\"https:\/\/talkpal.ai\/learn-chinese\/\">Xitoycha<\/a>: w\u01d2 \u00e0i n\u01d0.<\/p>\n\n\n\n<p>Murakkab tuzilmalar mavjud, ammo mustahkam poydevorni ishlab chiqish, oldinga siljish paytida ularni tushunishni osonlashtiradi.<\/p>\n\n\n\n<h3 class=\"wp-block-heading\" id=\"h-2-particles-particles-everywhere\">2. Hamma joyda zarralar, zarralar!<\/h3>\n\n\n\n<p>Xitoy grammatikasida zarralar ma&#8217;noni etkazishda hal qiluvchi rol o&#8217;ynaydi. Eng ko&#8217;p uchraydigan zarralardan biri &#8211; bu bajarilgan harakatni bildiruvchi &laquo;y (le)&raquo;. Masalan:<\/p>\n\n\n\n<p>w\u01d2 ch\u012b le. &#8211; &laquo;Men yedim.&raquo;<\/p>\n\n\n\n<p>Yana bir keng tarqalgan zarracha &laquo;ba (ba)&raquo; bo&#8217;lib, u bayonotni taklif yoki savolga aylantiradi:<\/p>\n\n\n\n<p>z\u01d2u ba! &#8211; &laquo;Qani ketdik!&raquo;<\/p>\n\n\n\n<p>Turli zarrachalarning funktsiyalarini tushunish xitoy tili grammatikasining nuanslarini o&#8217;zlashtirishning kalitidir.<\/p>\n\n\n\n<h3 class=\"wp-block-heading\" id=\"h-3-measure-words-quality-not-quantity\">3. O\u2018lchov so\u2018zlari: miqdor emas, sifat<\/h3>\n\n\n\n<p>Xitoy tilida otlarning ko\u2018pligi yo\u2018q. Buning o&#8217;rniga ular miqdorni ifodalash uchun o&#8217;lchov so&#8217;zlarini (klassifikatorlar sifatida ham tanilgan) ishlatadilar. O\u2018lchov so\u2018zlari son va ot orasiga qo\u2018shiladi. Masalan:<\/p>\n\n\n\n<p>y\u012bb\u011bnsh\u016b &#8211; Y\u012b b\u011bn <a href=\"https:\/\/talkpal.ai\/locations\/language-courses-in-shu\/\">sh\u016b<\/a> &#8211; &laquo;bitta kitob&raquo;<\/p>\n\n\n\n<p>Kitoblar uchun o\u02bblchov so\u02bbzi sifatida b\u011bn (b\u011bn) so\u02bbzining ishlatilishiga e\u02bctibor bering. Turli xil otlar turli xil o&#8217;lchovli so&#8217;zlarni talab qiladi va bu birinchi qarashda hayratlanarli tuyulishi mumkin bo&#8217;lsa-da, amaliyot bilan ikkinchi tabiatga aylanadi.<\/p>\n\n\n\n<h3 class=\"wp-block-heading\" id=\"h-4-the-magic-of-compound-words\">4. Qo\u2018shma so\u2018zlarning sehri<\/h3>\n\n\n\n<p>Xitoy tili ikki yoki undan ortiq belgilarning birlashishi natijasida hosil bo\u02bblgan qo\u02bbshma so\u02bbzlarga boy. Bu nafaqat lug&#8217;atni o&#8217;rganishni soddalashtiradi, balki jonli tasvir va kontekstni ham beradi. Masalan:<\/p>\n\n\n\n<p>y\u00e1n &#8211; Hu\u01d2ch\u0113 &#8211; &laquo;poyezd&raquo; (so&#8217;zma-so&#8217;z: &laquo;o&#8217;t o&#8217;chiruvchi vosita&raquo;)<br\/>y\u00e1nhu\u00e0 &#8211; Di\u00e0nhu\u00e0 &#8211; &laquo;telefon&raquo; (so&#8217;zma-so&#8217;z: &laquo;elektr nutqi&raquo;)<\/p>\n\n\n\n<p>Shaxsiy belgilarning ma&#8217;nosini tushunib, siz ilgari hech qachon uchratmagan qo&#8217;shma so&#8217;zlarning ma&#8217;nosini osongina aniqlashingiz mumkin.<\/p>\n\n\n\n<h3 class=\"wp-block-heading\" id=\"h-5-no-tenses-no-problem\">5. Vaqt qo\u2018shilmaganmi? Hammasi joyida!<\/h3>\n\n\n\n<p>Xitoy tilining eng tetiklantiruvchi jihatlaridan biri bu turli zamonlar uchun fe&#8217;l konjugatsiyalarining yo&#8217;qligi. Ammo vaqtni qanday ifoda etasiz? Oddiy! Vaqt oralig&#8217;ini ko&#8217;rsatadigan so&#8217;zlarni kiriting, masalan:<\/p>\n\n\n\n<p>h\u00e0i &#8211; Zu\u00f3ti\u0101n &#8211; &laquo;kecha&raquo;<br\/>m\u00edngti\u0101n &#8211; M\u00edngti\u0101n &#8211; &laquo;ertaga&raquo;<\/p>\n\n\n\n<p><strong>Masalan:<\/strong><\/p>\n\n\n\n<p>w\u01d2 zu\u00f3ti\u0101n ch\u012b le f\u00e0n. &#8211; &laquo;Men kecha ovqat yedim.&raquo;<br\/>w\u01d2 m\u00edngti\u0101n ch\u012b f\u00e0n. &#8211; Ertaga ovqat yeyman.<\/p>\n\n\n\n<p>Tabriklaymiz! Siz xitoy tili grammatikasini o&#8217;zlashtirish yo&#8217;lida birinchi qadamlarni qo&#8217;ydingiz. Esingizda bo&#8217;lsin: amaliyot mukammal qiladi. Shunday qilib, yangi grammatik tuzilmalarni o&#8217;rganishdan, ona tilida so&#8217;zlashuvchilar bilan suhbatlashishdan va poydevoringizni mustahkamlashdan qochmang. Mandarin dunyosi sizni kutmoqda &#8211; baxtli o&#8217;rganish!<\/p>\n<\/div><\/div>\n\r\n<section class=\"learnNavigationSection\">\r\n            \r\n        <a href=\"https:\/\/talkpal.ai\/uz\/xitoy-tilini-organing\/\">\r\n            <div class=\"learnNavigationWrapper\">\r\n                <div class=\"learnNavigationContent\">\r\n                    <img decoding=\"async\" src=\"https:\/\/talkpal.ai\/wp-content\/uploads\/2024\/08\/Chinese.jpg\" alt=\"Chinese Flag\u00a0\">\r\n                    <div>\r\n                        <h4>Xitoy tilini o&#039;rganish haqida<\/h4>\r\n                        <p>Xitoy grammatikasi haqida hamma narsani bilib oling.<\/p>\r\n                    <\/div>\r\n                <\/div>\r\n            <\/div>\r\n        <\/a>\r\n\r\n        \r\n        <a href=\"https:\/\/talkpal.ai\/uz\/xitoy-grammatikasi-boyicha-mashqlar\/\">\r\n            <div class=\"learnNavigationWrapper\">\r\n                <div class=\"learnNavigationContent\">\r\n                    <img decoding=\"async\" src=\"https:\/\/talkpal.ai\/wp-content\/uploads\/2024\/08\/Chinese.jpg\" alt=\"Chinese Flag\u00a0\">\r\n                    <div>\r\n                        <h4>Xitoy tili grammatikasi mashqi<\/h4>\r\n                        <p>Xitoy grammatikasini mashq qiling.<\/p>\r\n                    <\/div>\r\n                <\/div>\r\n            <\/div>\r\n        <\/a>\r\n\r\n        \r\n        <a href=\"https:\/\/talkpal.ai\/vocabulary_language\/chinese\/\">\r\n            <div class=\"learnNavigationWrapper\">\r\n                <div class=\"learnNavigationContent\">\r\n                    <img decoding=\"async\" src=\"https:\/\/talkpal.ai\/wp-content\/uploads\/2024\/08\/Chinese.jpg\" alt=\"Chinese Flag\u00a0\">\r\n                    <div>\r\n                        <h4>Xitoy lug&#039;ati<\/h4>\r\n                        <p>Xitoy tilidagi so\u2018z boyligingizni kengaytiring.<\/p>\r\n                    <\/div>\r\n                <\/div>\r\n            <\/div>\r\n        <\/a>\r\n\r\n            <\/section>","protected":false},"excerpt":{"rendered":"<p>Xitoy grammatikasi: Mandarin tilini o&#8217;zlashtirish kaliti Siz mandarin tilini o&#8217;zlashtirishni maqsad qilgan ambitsiyali til o&#8217;rganuvchisizmi? Agar shunday bo&#8217;lsa, tabriklaymiz! Xitoy tiliga qarshi kurashish global fikrlash tarzingizni kengaytirish, keng doiradagi ma&#8217;ruzachilar bilan bog&#8217;lanish va o&#8217;zingizni intellektual jihatdan sinab ko&#8217;rishning ajoyib usulidir. Biroq, 1,2 milliard ona tilida so&#8217;zlashuvchilar va til tizimi G&#8217;arb tillaridan tubdan farq qiladigan xitoy [&hellip;]<\/p>\n","protected":false},"author":1,"featured_media":1440954,"parent":0,"menu_order":0,"comment_status":"closed","ping_status":"closed","template":"LearningContentPage.php","meta":{"_acf_changed":false,"footnotes":""},"class_list":["post-1444962","page","type-page","status-publish","has-post-thumbnail","hentry"],"acf":[],"yoast_head":"<!-- This site is optimized with the Yoast SEO Premium plugin v27.2 (Yoast SEO v27.2) - https:\/\/yoast.com\/product\/yoast-seo-premium-wordpress\/ -->\n<title>Xitoy grammatikasi - Talkpal<\/title>\n<meta name=\"description\" content=\"Xitoy tili va madaniyatini yaxshiroq tushunish uchun Xitoy grammatikasi sirlarini oching.\" \/>\n<meta name=\"robots\" content=\"index, follow, max-snippet:-1, max-image-preview:large, max-video-preview:-1\" \/>\n<link rel=\"canonical\" href=\"https:\/\/talkpal.ai\/uz\/xitoy-grammatikasi\/\" \/>\n<meta property=\"og:locale\" content=\"uz_UZ\" \/>\n<meta property=\"og:type\" content=\"article\" \/>\n<meta property=\"og:title\" content=\"Xitoy grammatikasi\" \/>\n<meta property=\"og:description\" content=\"Xitoy grammatikasi: Mandarin tilini o&#039;zlashtirish kaliti Siz mandarin tilini o&#039;zlashtirishni maqsad qilgan ambitsiyali til o&#039;rganuvchisizmi? Agar shunday\" \/>\n<meta property=\"og:url\" content=\"https:\/\/talkpal.ai\/uz\/xitoy-grammatikasi\/\" \/>\n<meta property=\"og:site_name\" content=\"Talkpal\" \/>\n<meta property=\"article:publisher\" content=\"https:\/\/www.facebook.com\/profile.php?id=100090733639311\" \/>\n<meta property=\"article:modified_time\" content=\"2025-09-06T19:55:36+00:00\" \/>\n<meta property=\"og:image\" content=\"https:\/\/talkpal.ai\/wp-content\/uploads\/2023\/04\/china.png\" \/>\n\t<meta property=\"og:image:width\" content=\"512\" \/>\n\t<meta property=\"og:image:height\" content=\"512\" \/>\n\t<meta property=\"og:image:type\" content=\"image\/png\" \/>\n<meta name=\"twitter:card\" content=\"summary_large_image\" \/>\n<meta name=\"twitter:site\" content=\"@talkpalai\" \/>\n<meta name=\"twitter:label1\" content=\"Est. reading time\" \/>\n\t<meta name=\"twitter:data1\" content=\"3 daqiqa\" \/>\n<script type=\"application\/ld+json\" class=\"yoast-schema-graph\">{\"@context\":\"https:\/\/schema.org\",\"@graph\":[{\"@type\":\"WebPage\",\"@id\":\"https:\/\/talkpal.ai\/uz\/xitoy-grammatikasi\/\",\"url\":\"https:\/\/talkpal.ai\/uz\/xitoy-grammatikasi\/\",\"name\":\"Xitoy grammatikasi - Talkpal\",\"isPartOf\":{\"@id\":\"https:\/\/talkpal.ai\/uz\/#website\"},\"primaryImageOfPage\":{\"@id\":\"https:\/\/talkpal.ai\/uz\/xitoy-grammatikasi\/#primaryimage\"},\"image\":{\"@id\":\"https:\/\/talkpal.ai\/uz\/xitoy-grammatikasi\/#primaryimage\"},\"thumbnailUrl\":\"https:\/\/talkpal.ai\/wp-content\/uploads\/2023\/04\/china.png\",\"datePublished\":\"2023-05-14T13:48:36+00:00\",\"dateModified\":\"2025-09-06T19:55:36+00:00\",\"description\":\"Xitoy tili va madaniyatini yaxshiroq tushunish uchun Xitoy grammatikasi sirlarini oching.\",\"breadcrumb\":{\"@id\":\"https:\/\/talkpal.ai\/uz\/xitoy-grammatikasi\/#breadcrumb\"},\"inLanguage\":\"uz-UZ\",\"potentialAction\":[{\"@type\":\"ReadAction\",\"target\":[\"https:\/\/talkpal.ai\/uz\/xitoy-grammatikasi\/\"]}]},{\"@type\":\"ImageObject\",\"inLanguage\":\"uz-UZ\",\"@id\":\"https:\/\/talkpal.ai\/uz\/xitoy-grammatikasi\/#primaryimage\",\"url\":\"https:\/\/talkpal.ai\/wp-content\/uploads\/2023\/04\/china.png\",\"contentUrl\":\"https:\/\/talkpal.ai\/wp-content\/uploads\/2023\/04\/china.png\",\"width\":512,\"height\":512,\"caption\":\"TalkPal Catalan Flag\"},{\"@type\":\"BreadcrumbList\",\"@id\":\"https:\/\/talkpal.ai\/uz\/xitoy-grammatikasi\/#breadcrumb\",\"itemListElement\":[{\"@type\":\"ListItem\",\"position\":1,\"name\":\"Homepage\",\"item\":\"https:\/\/talkpal.ai\/uz\/ai-til-oqituvchisi-3\/\"},{\"@type\":\"ListItem\",\"position\":2,\"name\":\"Xitoy grammatikasi\"}]},{\"@type\":\"WebSite\",\"@id\":\"https:\/\/talkpal.ai\/uz\/#website\",\"url\":\"https:\/\/talkpal.ai\/uz\/\",\"name\":\"Talkpal\",\"description\":\"AI Language Learning\",\"publisher\":{\"@id\":\"https:\/\/talkpal.ai\/uz\/#organization\"},\"alternateName\":\"Talkpal AI\",\"potentialAction\":[{\"@type\":\"SearchAction\",\"target\":{\"@type\":\"EntryPoint\",\"urlTemplate\":\"https:\/\/talkpal.ai\/uz\/?s={search_term_string}\"},\"query-input\":{\"@type\":\"PropertyValueSpecification\",\"valueRequired\":true,\"valueName\":\"search_term_string\"}}],\"inLanguage\":\"uz-UZ\"},{\"@type\":\"Organization\",\"@id\":\"https:\/\/talkpal.ai\/uz\/#organization\",\"name\":\"Talkpal, Inc.\",\"alternateName\":\"Talkpal AI\",\"url\":\"https:\/\/talkpal.ai\/uz\/\",\"logo\":{\"@type\":\"ImageObject\",\"inLanguage\":\"uz-UZ\",\"@id\":\"https:\/\/talkpal.ai\/uz\/#\/schema\/logo\/image\/\",\"url\":\"https:\/\/talkpal.ai\/wp-content\/uploads\/2024\/03\/Talkpal-Logo-Icon.png\",\"contentUrl\":\"https:\/\/talkpal.ai\/wp-content\/uploads\/2024\/03\/Talkpal-Logo-Icon.png\",\"width\":2880,\"height\":2880,\"caption\":\"Talkpal, Inc.\"},\"image\":{\"@id\":\"https:\/\/talkpal.ai\/uz\/#\/schema\/logo\/image\/\"},\"sameAs\":[\"https:\/\/www.facebook.com\/profile.php?id=100090733639311\",\"https:\/\/x.com\/talkpalai\",\"https:\/\/www.linkedin.com\/company\/talkpal\/\",\"https:\/\/www.youtube.com\/@TalkPal\/\",\"https:\/\/www.tiktok.com\/@talkpal\",\"https:\/\/www.instagram.com\/talkpal_ai\/\",\"https:\/\/www.crunchbase.com\/organization\/talkpal-9cde\",\"https:\/\/www.g2.com\/products\/talkpal-for-business\/\",\"https:\/\/www.trustpilot.com\/review\/talkpal.ai\",\"https:\/\/www.capterra.com\/p\/10006800\/TalkPal\/\"],\"description\":\"Talkpal is a language learning web and mobile education app, powered by the latest AI technologies, that provides engaging experiences to its customers in many different languages to help them improve their language skills. Users can chat about unlimited amount of topics with the app and use other modes to practice their language learning.\",\"email\":\"support@talkpal.ai\",\"legalName\":\"Talkpal, Inc.\",\"foundingDate\":\"2023-04-03\",\"duns\":\"118989042\",\"numberOfEmployees\":{\"@type\":\"QuantitativeValue\",\"minValue\":\"11\",\"maxValue\":\"50\"},\"publishingPrinciples\":\"https:\/\/talkpal.ai\/publishing-principles\/\",\"actionableFeedbackPolicy\":\"https:\/\/talkpal.ai\/actionable-feedback-policy\/\",\"correctionsPolicy\":\"https:\/\/talkpal.ai\/corrections-policy\/\",\"ethicsPolicy\":\"https:\/\/talkpal.ai\/ethics-policy\/\",\"diversityPolicy\":\"https:\/\/talkpal.ai\/diversity-policy\/\",\"diversityStaffingReport\":\"https:\/\/talkpal.ai\/diversity-policy\/\"}]}<\/script>\n<!-- \/ Yoast SEO Premium plugin. -->","yoast_head_json":{"title":"Xitoy grammatikasi - Talkpal","description":"Xitoy tili va madaniyatini yaxshiroq tushunish uchun Xitoy grammatikasi sirlarini oching.","robots":{"index":"index","follow":"follow","max-snippet":"max-snippet:-1","max-image-preview":"max-image-preview:large","max-video-preview":"max-video-preview:-1"},"canonical":"https:\/\/talkpal.ai\/uz\/xitoy-grammatikasi\/","og_locale":"uz_UZ","og_type":"article","og_title":"Xitoy grammatikasi","og_description":"Xitoy grammatikasi: Mandarin tilini o'zlashtirish kaliti Siz mandarin tilini o'zlashtirishni maqsad qilgan ambitsiyali til o'rganuvchisizmi? Agar shunday","og_url":"https:\/\/talkpal.ai\/uz\/xitoy-grammatikasi\/","og_site_name":"Talkpal","article_publisher":"https:\/\/www.facebook.com\/profile.php?id=100090733639311","article_modified_time":"2025-09-06T19:55:36+00:00","og_image":[{"width":512,"height":512,"url":"https:\/\/talkpal.ai\/wp-content\/uploads\/2023\/04\/china.png","type":"image\/png"}],"twitter_card":"summary_large_image","twitter_site":"@talkpalai","twitter_misc":{"Est. reading time":"3 daqiqa"},"schema":{"@context":"https:\/\/schema.org","@graph":[{"@type":"WebPage","@id":"https:\/\/talkpal.ai\/uz\/xitoy-grammatikasi\/","url":"https:\/\/talkpal.ai\/uz\/xitoy-grammatikasi\/","name":"Xitoy grammatikasi - Talkpal","isPartOf":{"@id":"https:\/\/talkpal.ai\/uz\/#website"},"primaryImageOfPage":{"@id":"https:\/\/talkpal.ai\/uz\/xitoy-grammatikasi\/#primaryimage"},"image":{"@id":"https:\/\/talkpal.ai\/uz\/xitoy-grammatikasi\/#primaryimage"},"thumbnailUrl":"https:\/\/talkpal.ai\/wp-content\/uploads\/2023\/04\/china.png","datePublished":"2023-05-14T13:48:36+00:00","dateModified":"2025-09-06T19:55:36+00:00","description":"Xitoy tili va madaniyatini yaxshiroq tushunish uchun Xitoy grammatikasi sirlarini oching.","breadcrumb":{"@id":"https:\/\/talkpal.ai\/uz\/xitoy-grammatikasi\/#breadcrumb"},"inLanguage":"uz-UZ","potentialAction":[{"@type":"ReadAction","target":["https:\/\/talkpal.ai\/uz\/xitoy-grammatikasi\/"]}]},{"@type":"ImageObject","inLanguage":"uz-UZ","@id":"https:\/\/talkpal.ai\/uz\/xitoy-grammatikasi\/#primaryimage","url":"https:\/\/talkpal.ai\/wp-content\/uploads\/2023\/04\/china.png","contentUrl":"https:\/\/talkpal.ai\/wp-content\/uploads\/2023\/04\/china.png","width":512,"height":512,"caption":"TalkPal Catalan Flag"},{"@type":"BreadcrumbList","@id":"https:\/\/talkpal.ai\/uz\/xitoy-grammatikasi\/#breadcrumb","itemListElement":[{"@type":"ListItem","position":1,"name":"Homepage","item":"https:\/\/talkpal.ai\/uz\/ai-til-oqituvchisi-3\/"},{"@type":"ListItem","position":2,"name":"Xitoy grammatikasi"}]},{"@type":"WebSite","@id":"https:\/\/talkpal.ai\/uz\/#website","url":"https:\/\/talkpal.ai\/uz\/","name":"Talkpal","description":"AI Language Learning","publisher":{"@id":"https:\/\/talkpal.ai\/uz\/#organization"},"alternateName":"Talkpal AI","potentialAction":[{"@type":"SearchAction","target":{"@type":"EntryPoint","urlTemplate":"https:\/\/talkpal.ai\/uz\/?s={search_term_string}"},"query-input":{"@type":"PropertyValueSpecification","valueRequired":true,"valueName":"search_term_string"}}],"inLanguage":"uz-UZ"},{"@type":"Organization","@id":"https:\/\/talkpal.ai\/uz\/#organization","name":"Talkpal, Inc.","alternateName":"Talkpal AI","url":"https:\/\/talkpal.ai\/uz\/","logo":{"@type":"ImageObject","inLanguage":"uz-UZ","@id":"https:\/\/talkpal.ai\/uz\/#\/schema\/logo\/image\/","url":"https:\/\/talkpal.ai\/wp-content\/uploads\/2024\/03\/Talkpal-Logo-Icon.png","contentUrl":"https:\/\/talkpal.ai\/wp-content\/uploads\/2024\/03\/Talkpal-Logo-Icon.png","width":2880,"height":2880,"caption":"Talkpal, Inc."},"image":{"@id":"https:\/\/talkpal.ai\/uz\/#\/schema\/logo\/image\/"},"sameAs":["https:\/\/www.facebook.com\/profile.php?id=100090733639311","https:\/\/x.com\/talkpalai","https:\/\/www.linkedin.com\/company\/talkpal\/","https:\/\/www.youtube.com\/@TalkPal\/","https:\/\/www.tiktok.com\/@talkpal","https:\/\/www.instagram.com\/talkpal_ai\/","https:\/\/www.crunchbase.com\/organization\/talkpal-9cde","https:\/\/www.g2.com\/products\/talkpal-for-business\/","https:\/\/www.trustpilot.com\/review\/talkpal.ai","https:\/\/www.capterra.com\/p\/10006800\/TalkPal\/"],"description":"Talkpal is a language learning web and mobile education app, powered by the latest AI technologies, that provides engaging experiences to its customers in many different languages to help them improve their language skills. Users can chat about unlimited amount of topics with the app and use other modes to practice their language learning.","email":"support@talkpal.ai","legalName":"Talkpal, Inc.","foundingDate":"2023-04-03","duns":"118989042","numberOfEmployees":{"@type":"QuantitativeValue","minValue":"11","maxValue":"50"},"publishingPrinciples":"https:\/\/talkpal.ai\/publishing-principles\/","actionableFeedbackPolicy":"https:\/\/talkpal.ai\/actionable-feedback-policy\/","correctionsPolicy":"https:\/\/talkpal.ai\/corrections-policy\/","ethicsPolicy":"https:\/\/talkpal.ai\/ethics-policy\/","diversityPolicy":"https:\/\/talkpal.ai\/diversity-policy\/","diversityStaffingReport":"https:\/\/talkpal.ai\/diversity-policy\/"}]}},"_links":{"self":[{"href":"https:\/\/talkpal.ai\/uz\/wp-json\/wp\/v2\/pages\/1444962","targetHints":{"allow":["GET"]}}],"collection":[{"href":"https:\/\/talkpal.ai\/uz\/wp-json\/wp\/v2\/pages"}],"about":[{"href":"https:\/\/talkpal.ai\/uz\/wp-json\/wp\/v2\/types\/page"}],"author":[{"embeddable":true,"href":"https:\/\/talkpal.ai\/uz\/wp-json\/wp\/v2\/users\/1"}],"replies":[{"embeddable":true,"href":"https:\/\/talkpal.ai\/uz\/wp-json\/wp\/v2\/comments?post=1444962"}],"version-history":[{"count":0,"href":"https:\/\/talkpal.ai\/uz\/wp-json\/wp\/v2\/pages\/1444962\/revisions"}],"wp:featuredmedia":[{"embeddable":true,"href":"https:\/\/talkpal.ai\/uz\/wp-json\/wp\/v2\/media\/1440954"}],"wp:attachment":[{"href":"https:\/\/talkpal.ai\/uz\/wp-json\/wp\/v2\/media?parent=1444962"}],"curies":[{"name":"wp","href":"https:\/\/api.w.org\/{rel}","templated":true}]}}