{"id":1443840,"date":"2023-05-14T14:12:25","date_gmt":"2023-05-14T14:12:25","guid":{"rendered":"https:\/\/talkpal.ai\/maori-grammatikasi\/"},"modified":"2025-12-17T16:43:26","modified_gmt":"2025-12-17T16:43:26","slug":"maori-grammatikasi","status":"publish","type":"page","link":"https:\/\/talkpal.ai\/uz\/maori-grammatikasi\/","title":{"rendered":"Maori grammatikasi"},"content":{"rendered":"\r\n\r\n\r\n<section class=\"languageChallengeSection\">\r\n    <div class=\"languageInfoWrapper\">\r\n        \r\n        <h1>Maori grammatikasi<\/h1>\r\n        <p><a href=\"https:\/\/talkpal.ai\/learn-maori\/\">Maori<\/a> tilini o&#039;rganishni xohlaysizmi? <a href=\"https:\/\/talkpal.ai\/learn-maori\/\">Maori<\/a> grammatikasini o&#039;rganing, u o&#039;zining soddaligi, artikllardan foydalanishi va ma&#039;noni shakllantirishda zarrachalarning muhim roli bilan mashhur. Bugundan boshlang &#8211; Maori tili grammatikasini o&#039;zlashtirish sizga tilning boy merosi va Yangi Zelandiya Aotearoa jonli madaniyati bilan chuqurroq bog&#039;lanishingizga yordam beradi!<\/p>\r\n\r\n                            <a class=\"getStartedHidden\" href=\"https:\/\/app.talkpal.ai\/uz\/signup?lng=\">Boshlang<\/a>\r\n        \r\n    <\/div>\r\n\r\n    <figure>\r\n    <img decoding=\"async\" width=\"768\" height=\"768\" src=\"https:\/\/talkpal.ai\/wp-content\/uploads\/2023\/06\/maori-768x768.png\" class=\"languageImage no-lazy\" alt=\"Language learning for social and professional settings\" fetchpriority=\"high\" sizes=\"(max-width: 768px) 150px, 768px\" srcset=\"https:\/\/talkpal.ai\/wp-content\/uploads\/2023\/06\/maori-768x768.png 768w, https:\/\/talkpal.ai\/wp-content\/uploads\/2023\/06\/maori-300x300.png 300w\" \/>\r\n    \r\n\r\n    <\/figure>\r\n\r\n            <a class=\"getStartedVisible\" href=\"https:\/\/app.talkpal.ai\/uz\/signup?lng=\">Boshlang<\/a>\r\n    \r\n<\/section>\r\n<section class=\"promotionalBanner\">\r\n    <p class=\"promotionalText\">Til o&#8217;rganishning eng samarali usuli<\/p>\r\n    <a class=\"promotionalLink\" href=\"https:\/\/app.talkpal.ai\/uz\/signup?lng=\">Talkpal-ni bepul sinab ko&#8217;ring<\/a>\r\n<\/section>\n<div class=\"wp-block-group pageContainerStyle\"><div class=\"wp-block-group__inner-container is-layout-constrained wp-block-group-is-layout-constrained\">\n<h2 class=\"wp-block-heading\" id=\"h-maori-grammar-your-ticket-to-a-vibrant-bicultural-world\">Maori grammatikasi: jonli bimadaniy dunyoga sizning chiptangiz<\/h2>\n\n\n\n<p><a href=\"https:\/\/talkpal.ai\/culture\/how-do-you-say-lets-go-in-maori\/\">Kia ora<\/a>! Maori tilining ajoyib dunyosiga xush kelibsiz. Yangi Zelandiyaning mahalliy tili sifatida maori yoki te reo maori sizga qadimiy madaniyat va uning jonli so&#8217;zlovchilar jamoasi bilan bog&#8217;lanish uchun noyob imkoniyatni taqdim etadi. Har qanday til singari, <a href=\"https:\/\/talkpal.ai\/uz\/maori-grammatikasi-mashqlari\/\">Maori grammatikasi<\/a> ham qiyin ko&#8217;rinishi mumkin, ammo tashvishlanmang! Yangi boshlanuvchilar uchun qulay bo&#8217;lgan ushbu qo&#8217;llanma maori grammatikasining asosiy qismlarini vizual tarzda qiziqarli va ma&#8217;lumot beruvchi sayohat uchun soddalashtiradi.<\/p>\n\n\n\n<h3 class=\"wp-block-heading\" id=\"h-1-starting-with-the-basics-maori-alphabet-and-pronunciation\">1. Asoslardan boshlab: Maori alifbosi va talaffuzi<\/h3>\n\n\n\n<p>Maori atigi 15 ta harfdan iborat o\u02bbzgartirilgan lotin yozuvidan foydalanadi: besh unli (a, e, i, o va u) va o\u02bbn undosh (h, k, m, n, p, r, t, w, ng va wh). Ushbu harflar va ularning aniq talaffuzlari bilan tanishib chiqing, chunki ular keyingi barcha Maori grammatikasini <a href=\"https:\/\/talkpal.ai\/uz\/til-organish-uchun-ai-chatbot\/\">o&#8217;rganish uchun<\/a> asos yaratadi.<\/p>\n\n\n\n<h3 class=\"wp-block-heading\" id=\"h-2-exploring-maori-sentence-structure\">2. Maori tilidagi gaplar tuzilishini o\u2018rganish<\/h3>\n\n\n\n<p>Maori grammatikasi o\u2018z mohiyatiga ko\u2018ra oddiy predmet-fe\u2019l (-ob\u2019ekt) tuzilishiga amal qiladi, fe\u2019l odatda predmetdan oldin keladi. Ushbu tuzilmani tushunishning eng aniq usuli uni amalda ko&#8217;rishdir:<\/p>\n\n\n\n<p><strong>O&#8217;zbekcha: Bola o&#8217;ynayapti.<\/strong><\/p>\n\n\n\n<p><strong>Maori: Kei te t\u0101karo te tamaiti.<\/strong><\/p>\n\n\n\n<p>Maori tilida fe&#8217;lning zamoni zarrachalar birikmasi yoki gapga vaqt ko&#8217;rsatkichini qo&#8217;shish orqali ko&#8217;rsatiladi.<\/p>\n\n\n\n<h3 class=\"wp-block-heading\" id=\"h-3-demystifying-particles-building-blocks-of-maori-grammar\">3. Demistifying zarralar: Maori grammatikasining qurilish bloklari<\/h3>\n\n\n\n<p>Zarrachalar maori grammatikasida hal qiluvchi rol o&#8217;ynaydi, so&#8217;zlar va iboralarni bir-biriga bog&#8217;lab, izchil va ifodali jumlalarni yaratadi. Yangi boshlanuvchi sifatida bir nechta muhim zarralarni tushunishga e&#8217;tibor qarating:<\/p>\n\n\n\n<p><strong>\u2013 Kia: buyruqlar, istaklar va harakat maqsadini ko&#8217;rsatish uchun ishlatiladi.<\/strong><\/p>\n\n\n\n<p><strong>\u2013 Kei: davomiy zamon yasash uchun ishlatiladi.<\/strong><\/p>\n\n\n\n<p><strong>\u2013 Ko: gapning predmetiga ishora qilish uchun ishlatiladi.<\/strong><\/p>\n\n\n\n<h3 class=\"wp-block-heading\" id=\"h-4-getting-to-know-maori-pronouns\">4. Maori tili olmoshlari bilan tanishish<\/h3>\n\n\n\n<p>Maori tilidagi olmoshlar otlarni almashtiradi va suhbatlaringizni tabiiy va ravon tutishga yordam beradi. Boshlovchi sifatida shaxsiy va egalik olmoshlarini tushunishga e&#8217;tiboringizni qarating:<\/p>\n\n\n\n<p>Kishilik olmoshlari: ahau (men), koe (siz, birlik), ia (u), t\u0101ua (biz, shu jumladan, gaplashayotgan shaxs), m\u0101ua (biz, gaplashayotgan shaxs bundan mustasno), koutou (siz, ko\u02bbplik), ratau (ular)<\/p>\n\n\n\n<p>Ega olmoshlari: taku\/t\u014dku (mening), t\u014du (sizning, birlik), t\u014dna (uning), t\u014d t\u0101ua (bizning, jumladan, so&#8217;zlovchi va tinglovchi), t\u014d m\u0101ua (bizning, so&#8217;zlovchi va boshqa birov), t\u014d koutou (sizning, ko&#8217;plik), t\u014dr\u0101ir)<\/p>\n\n\n\n<h3 class=\"wp-block-heading\" id=\"h-5-navigating-maori-nouns-and-adjectives\">5. Maori tilidagi ot va sifatlar bo\u2018yicha harakatlanish<\/h3>\n\n\n\n<p>Maori otlari va sifatlari oddiy <a href=\"https:\/\/talkpal.ai\/fr\/les\/\">grammatik<\/a> qoidalarga amal qiladi, bu esa yangi boshlanuvchilar uchun tushunishni osonlashtiradi. Sifatlar odatda tasvirlayotgan otdan keyin keladi va otning ko&#8217;pligi otdan oldin &laquo;ng\u0101&raquo; zarrachasini qo&#8217;shishni o&#8217;z ichiga oladi. Masalan:<\/p>\n\n\n\n<p><strong>Te whare nui &#8211; &laquo;katta uy&raquo;<\/strong><\/p>\n\n\n\n<p><strong>Nga tamariki &#8211; &laquo;bolalar&raquo;<\/strong><\/p>\n\n\n\n<p>Mana sizda! Siz Maori tili grammatikasini o&#8217;zlashtirish va sayohatingizni Maori tili va madaniyati bilan boyitish yo&#8217;lida birinchi qadamlarni qo&#8217;ydingiz. Muvaffaqiyat uchun amaliyot, qat&#8217;iyat va suvga cho&#8217;mish muhim ekanligini unutmang, shuning uchun ona tilida so&#8217;zlashuvchilar bilan muloqot qiling, maori tilidagi matnlarni o&#8217;rganing va til asosingizni mustahkamlang. <a href=\"https:\/\/talkpal.ai\/culture\/how-do-you-say-be-strong-in-maori\/\">Kia kaha<\/a>! (Kuchli bo&#8217;ling!)<\/p>\n<\/div><\/div>\n\r\n<section class=\"learnNavigationSection\">\r\n            \r\n        <a href=\"https:\/\/talkpal.ai\/uz\/maori-tilini-organing\/\">\r\n            <div class=\"learnNavigationWrapper\">\r\n                <div class=\"learnNavigationContent\">\r\n                    <img decoding=\"async\" src=\"https:\/\/talkpal.ai\/wp-content\/uploads\/2024\/08\/Maori.jpg\" alt=\"New Zealand Flag\">\r\n                    <div>\r\n                        <h4>Maori tili grammatikasi darslari<\/h4>\r\n                        <p>Maori grammatikasi haqida hamma narsani bilib oling.<\/p>\r\n                    <\/div>\r\n                <\/div>\r\n            <\/div>\r\n        <\/a>\r\n\r\n        \r\n        <a href=\"https:\/\/talkpal.ai\/uz\/maori-grammatikasi-mashqlari\/\">\r\n            <div class=\"learnNavigationWrapper\">\r\n                <div class=\"learnNavigationContent\">\r\n                    <img decoding=\"async\" src=\"https:\/\/talkpal.ai\/wp-content\/uploads\/2024\/08\/Maori.jpg\" alt=\"New Zealand Flag\">\r\n                    <div>\r\n                        <h4>Maori grammatikasi bo&#039;yicha mashq<\/h4>\r\n                        <p>Maori tili grammatikasini mashq qiling.<\/p>\r\n                    <\/div>\r\n                <\/div>\r\n            <\/div>\r\n        <\/a>\r\n\r\n        \r\n        <a href=\"https:\/\/talkpal.ai\/vocabulary_language\/maori\/\">\r\n            <div class=\"learnNavigationWrapper\">\r\n                <div class=\"learnNavigationContent\">\r\n                    <img decoding=\"async\" src=\"https:\/\/talkpal.ai\/wp-content\/uploads\/2024\/08\/Maori.jpg\" alt=\"New Zealand Flag\">\r\n                    <div>\r\n                        <h4>Maori lug&#039;ati<\/h4>\r\n                        <p>Maori tilidagi so\u2018z boyligingizni kengaytiring.<\/p>\r\n                    <\/div>\r\n                <\/div>\r\n            <\/div>\r\n        <\/a>\r\n\r\n            <\/section>","protected":false},"excerpt":{"rendered":"<p>Maori grammatikasi: jonli bimadaniy dunyoga sizning chiptangiz Kia ora! Maori tilining ajoyib dunyosiga xush kelibsiz. Yangi Zelandiyaning mahalliy tili sifatida maori yoki te reo maori sizga qadimiy madaniyat va uning jonli so&#8217;zlovchilar jamoasi bilan bog&#8217;lanish uchun noyob imkoniyatni taqdim etadi. Har qanday til singari, Maori grammatikasi ham qiyin ko&#8217;rinishi mumkin, ammo tashvishlanmang! Yangi boshlanuvchilar uchun [&hellip;]<\/p>\n","protected":false},"author":1,"featured_media":1443842,"parent":0,"menu_order":0,"comment_status":"closed","ping_status":"closed","template":"LearningContentPage.php","meta":{"_acf_changed":false,"footnotes":""},"class_list":["post-1443840","page","type-page","status-publish","has-post-thumbnail","hentry"],"acf":[],"yoast_head":"<!-- This site is optimized with the Yoast SEO Premium plugin v27.2 (Yoast SEO v27.2) - https:\/\/yoast.com\/product\/yoast-seo-premium-wordpress\/ -->\n<title>Maori grammatikasi - Talkpal<\/title>\n<meta name=\"description\" content=\"Yangi boshlanuvchilar uchun mo\u02bbljallangan qo\u02bbllanmamiz bilan Maori grammatikasining asoslarini o\u02bbrganing. Te reo Maori tilining 15 ta harfi va asosiy qoidalarini bilib oling.\" \/>\n<meta name=\"robots\" content=\"index, follow, max-snippet:-1, max-image-preview:large, max-video-preview:-1\" \/>\n<link rel=\"canonical\" href=\"https:\/\/talkpal.ai\/uz\/maori-grammatikasi\/\" \/>\n<meta property=\"og:locale\" content=\"uz_UZ\" \/>\n<meta property=\"og:type\" content=\"article\" \/>\n<meta property=\"og:title\" content=\"Maori grammatikasi\" \/>\n<meta property=\"og:description\" content=\"Maori grammatikasi: jonli bimadaniy dunyoga sizning chiptangiz Kia ora! Maori tilining ajoyib dunyosiga xush kelibsiz. Yangi Zelandiyaning mahalliy tili\" \/>\n<meta property=\"og:url\" content=\"https:\/\/talkpal.ai\/uz\/maori-grammatikasi\/\" \/>\n<meta property=\"og:site_name\" content=\"Talkpal\" \/>\n<meta property=\"article:publisher\" content=\"https:\/\/www.facebook.com\/profile.php?id=100090733639311\" \/>\n<meta property=\"article:modified_time\" content=\"2025-12-17T16:43:26+00:00\" \/>\n<meta property=\"og:image\" content=\"https:\/\/talkpal.ai\/wp-content\/uploads\/2023\/05\/Maori-new-zealand.png\" \/>\n\t<meta property=\"og:image:width\" content=\"512\" \/>\n\t<meta property=\"og:image:height\" content=\"512\" \/>\n\t<meta property=\"og:image:type\" content=\"image\/png\" \/>\n<meta name=\"twitter:card\" content=\"summary_large_image\" \/>\n<meta name=\"twitter:site\" content=\"@talkpalai\" \/>\n<meta name=\"twitter:label1\" content=\"Est. reading time\" \/>\n\t<meta name=\"twitter:data1\" content=\"2 daqiqa\" \/>\n<script type=\"application\/ld+json\" class=\"yoast-schema-graph\">{\"@context\":\"https:\/\/schema.org\",\"@graph\":[{\"@type\":\"WebPage\",\"@id\":\"https:\/\/talkpal.ai\/uz\/maori-grammatikasi\/\",\"url\":\"https:\/\/talkpal.ai\/uz\/maori-grammatikasi\/\",\"name\":\"Maori grammatikasi - Talkpal\",\"isPartOf\":{\"@id\":\"https:\/\/talkpal.ai\/uz\/#website\"},\"primaryImageOfPage\":{\"@id\":\"https:\/\/talkpal.ai\/uz\/maori-grammatikasi\/#primaryimage\"},\"image\":{\"@id\":\"https:\/\/talkpal.ai\/uz\/maori-grammatikasi\/#primaryimage\"},\"thumbnailUrl\":\"https:\/\/talkpal.ai\/wp-content\/uploads\/2023\/05\/Maori-new-zealand.png\",\"datePublished\":\"2023-05-14T14:12:25+00:00\",\"dateModified\":\"2025-12-17T16:43:26+00:00\",\"description\":\"Yangi boshlanuvchilar uchun mo\u02bbljallangan qo\u02bbllanmamiz bilan Maori grammatikasining asoslarini o\u02bbrganing. Te reo Maori tilining 15 ta harfi va asosiy qoidalarini bilib oling.\",\"breadcrumb\":{\"@id\":\"https:\/\/talkpal.ai\/uz\/maori-grammatikasi\/#breadcrumb\"},\"inLanguage\":\"uz-UZ\",\"potentialAction\":[{\"@type\":\"ReadAction\",\"target\":[\"https:\/\/talkpal.ai\/uz\/maori-grammatikasi\/\"]}]},{\"@type\":\"ImageObject\",\"inLanguage\":\"uz-UZ\",\"@id\":\"https:\/\/talkpal.ai\/uz\/maori-grammatikasi\/#primaryimage\",\"url\":\"https:\/\/talkpal.ai\/wp-content\/uploads\/2023\/05\/Maori-new-zealand.png\",\"contentUrl\":\"https:\/\/talkpal.ai\/wp-content\/uploads\/2023\/05\/Maori-new-zealand.png\",\"width\":512,\"height\":512,\"caption\":\"TalkPal Maori Flag\"},{\"@type\":\"BreadcrumbList\",\"@id\":\"https:\/\/talkpal.ai\/uz\/maori-grammatikasi\/#breadcrumb\",\"itemListElement\":[{\"@type\":\"ListItem\",\"position\":1,\"name\":\"Homepage\",\"item\":\"https:\/\/talkpal.ai\/uz\/ai-til-oqituvchisi-3\/\"},{\"@type\":\"ListItem\",\"position\":2,\"name\":\"Maori grammatikasi\"}]},{\"@type\":\"WebSite\",\"@id\":\"https:\/\/talkpal.ai\/uz\/#website\",\"url\":\"https:\/\/talkpal.ai\/uz\/\",\"name\":\"Talkpal\",\"description\":\"AI Language Learning\",\"publisher\":{\"@id\":\"https:\/\/talkpal.ai\/uz\/#organization\"},\"alternateName\":\"Talkpal AI\",\"potentialAction\":[{\"@type\":\"SearchAction\",\"target\":{\"@type\":\"EntryPoint\",\"urlTemplate\":\"https:\/\/talkpal.ai\/uz\/?s={search_term_string}\"},\"query-input\":{\"@type\":\"PropertyValueSpecification\",\"valueRequired\":true,\"valueName\":\"search_term_string\"}}],\"inLanguage\":\"uz-UZ\"},{\"@type\":\"Organization\",\"@id\":\"https:\/\/talkpal.ai\/uz\/#organization\",\"name\":\"Talkpal, Inc.\",\"alternateName\":\"Talkpal AI\",\"url\":\"https:\/\/talkpal.ai\/uz\/\",\"logo\":{\"@type\":\"ImageObject\",\"inLanguage\":\"uz-UZ\",\"@id\":\"https:\/\/talkpal.ai\/uz\/#\/schema\/logo\/image\/\",\"url\":\"https:\/\/talkpal.ai\/wp-content\/uploads\/2024\/03\/Talkpal-Logo-Icon.png\",\"contentUrl\":\"https:\/\/talkpal.ai\/wp-content\/uploads\/2024\/03\/Talkpal-Logo-Icon.png\",\"width\":2880,\"height\":2880,\"caption\":\"Talkpal, Inc.\"},\"image\":{\"@id\":\"https:\/\/talkpal.ai\/uz\/#\/schema\/logo\/image\/\"},\"sameAs\":[\"https:\/\/www.facebook.com\/profile.php?id=100090733639311\",\"https:\/\/x.com\/talkpalai\",\"https:\/\/www.linkedin.com\/company\/talkpal\/\",\"https:\/\/www.youtube.com\/@TalkPal\/\",\"https:\/\/www.tiktok.com\/@talkpal\",\"https:\/\/www.instagram.com\/talkpal_ai\/\",\"https:\/\/www.crunchbase.com\/organization\/talkpal-9cde\",\"https:\/\/www.g2.com\/products\/talkpal-for-business\/\",\"https:\/\/www.trustpilot.com\/review\/talkpal.ai\",\"https:\/\/www.capterra.com\/p\/10006800\/TalkPal\/\"],\"description\":\"Talkpal is a language learning web and mobile education app, powered by the latest AI technologies, that provides engaging experiences to its customers in many different languages to help them improve their language skills. Users can chat about unlimited amount of topics with the app and use other modes to practice their language learning.\",\"email\":\"support@talkpal.ai\",\"legalName\":\"Talkpal, Inc.\",\"foundingDate\":\"2023-04-03\",\"duns\":\"118989042\",\"numberOfEmployees\":{\"@type\":\"QuantitativeValue\",\"minValue\":\"11\",\"maxValue\":\"50\"},\"publishingPrinciples\":\"https:\/\/talkpal.ai\/publishing-principles\/\",\"actionableFeedbackPolicy\":\"https:\/\/talkpal.ai\/actionable-feedback-policy\/\",\"correctionsPolicy\":\"https:\/\/talkpal.ai\/corrections-policy\/\",\"ethicsPolicy\":\"https:\/\/talkpal.ai\/ethics-policy\/\",\"diversityPolicy\":\"https:\/\/talkpal.ai\/diversity-policy\/\",\"diversityStaffingReport\":\"https:\/\/talkpal.ai\/diversity-policy\/\"}]}<\/script>\n<!-- \/ Yoast SEO Premium plugin. -->","yoast_head_json":{"title":"Maori grammatikasi - Talkpal","description":"Yangi boshlanuvchilar uchun mo\u02bbljallangan qo\u02bbllanmamiz bilan Maori grammatikasining asoslarini o\u02bbrganing. Te reo Maori tilining 15 ta harfi va asosiy qoidalarini bilib oling.","robots":{"index":"index","follow":"follow","max-snippet":"max-snippet:-1","max-image-preview":"max-image-preview:large","max-video-preview":"max-video-preview:-1"},"canonical":"https:\/\/talkpal.ai\/uz\/maori-grammatikasi\/","og_locale":"uz_UZ","og_type":"article","og_title":"Maori grammatikasi","og_description":"Maori grammatikasi: jonli bimadaniy dunyoga sizning chiptangiz Kia ora! Maori tilining ajoyib dunyosiga xush kelibsiz. Yangi Zelandiyaning mahalliy tili","og_url":"https:\/\/talkpal.ai\/uz\/maori-grammatikasi\/","og_site_name":"Talkpal","article_publisher":"https:\/\/www.facebook.com\/profile.php?id=100090733639311","article_modified_time":"2025-12-17T16:43:26+00:00","og_image":[{"width":512,"height":512,"url":"https:\/\/talkpal.ai\/wp-content\/uploads\/2023\/05\/Maori-new-zealand.png","type":"image\/png"}],"twitter_card":"summary_large_image","twitter_site":"@talkpalai","twitter_misc":{"Est. reading time":"2 daqiqa"},"schema":{"@context":"https:\/\/schema.org","@graph":[{"@type":"WebPage","@id":"https:\/\/talkpal.ai\/uz\/maori-grammatikasi\/","url":"https:\/\/talkpal.ai\/uz\/maori-grammatikasi\/","name":"Maori grammatikasi - Talkpal","isPartOf":{"@id":"https:\/\/talkpal.ai\/uz\/#website"},"primaryImageOfPage":{"@id":"https:\/\/talkpal.ai\/uz\/maori-grammatikasi\/#primaryimage"},"image":{"@id":"https:\/\/talkpal.ai\/uz\/maori-grammatikasi\/#primaryimage"},"thumbnailUrl":"https:\/\/talkpal.ai\/wp-content\/uploads\/2023\/05\/Maori-new-zealand.png","datePublished":"2023-05-14T14:12:25+00:00","dateModified":"2025-12-17T16:43:26+00:00","description":"Yangi boshlanuvchilar uchun mo\u02bbljallangan qo\u02bbllanmamiz bilan Maori grammatikasining asoslarini o\u02bbrganing. Te reo Maori tilining 15 ta harfi va asosiy qoidalarini bilib oling.","breadcrumb":{"@id":"https:\/\/talkpal.ai\/uz\/maori-grammatikasi\/#breadcrumb"},"inLanguage":"uz-UZ","potentialAction":[{"@type":"ReadAction","target":["https:\/\/talkpal.ai\/uz\/maori-grammatikasi\/"]}]},{"@type":"ImageObject","inLanguage":"uz-UZ","@id":"https:\/\/talkpal.ai\/uz\/maori-grammatikasi\/#primaryimage","url":"https:\/\/talkpal.ai\/wp-content\/uploads\/2023\/05\/Maori-new-zealand.png","contentUrl":"https:\/\/talkpal.ai\/wp-content\/uploads\/2023\/05\/Maori-new-zealand.png","width":512,"height":512,"caption":"TalkPal Maori Flag"},{"@type":"BreadcrumbList","@id":"https:\/\/talkpal.ai\/uz\/maori-grammatikasi\/#breadcrumb","itemListElement":[{"@type":"ListItem","position":1,"name":"Homepage","item":"https:\/\/talkpal.ai\/uz\/ai-til-oqituvchisi-3\/"},{"@type":"ListItem","position":2,"name":"Maori grammatikasi"}]},{"@type":"WebSite","@id":"https:\/\/talkpal.ai\/uz\/#website","url":"https:\/\/talkpal.ai\/uz\/","name":"Talkpal","description":"AI Language Learning","publisher":{"@id":"https:\/\/talkpal.ai\/uz\/#organization"},"alternateName":"Talkpal AI","potentialAction":[{"@type":"SearchAction","target":{"@type":"EntryPoint","urlTemplate":"https:\/\/talkpal.ai\/uz\/?s={search_term_string}"},"query-input":{"@type":"PropertyValueSpecification","valueRequired":true,"valueName":"search_term_string"}}],"inLanguage":"uz-UZ"},{"@type":"Organization","@id":"https:\/\/talkpal.ai\/uz\/#organization","name":"Talkpal, Inc.","alternateName":"Talkpal AI","url":"https:\/\/talkpal.ai\/uz\/","logo":{"@type":"ImageObject","inLanguage":"uz-UZ","@id":"https:\/\/talkpal.ai\/uz\/#\/schema\/logo\/image\/","url":"https:\/\/talkpal.ai\/wp-content\/uploads\/2024\/03\/Talkpal-Logo-Icon.png","contentUrl":"https:\/\/talkpal.ai\/wp-content\/uploads\/2024\/03\/Talkpal-Logo-Icon.png","width":2880,"height":2880,"caption":"Talkpal, Inc."},"image":{"@id":"https:\/\/talkpal.ai\/uz\/#\/schema\/logo\/image\/"},"sameAs":["https:\/\/www.facebook.com\/profile.php?id=100090733639311","https:\/\/x.com\/talkpalai","https:\/\/www.linkedin.com\/company\/talkpal\/","https:\/\/www.youtube.com\/@TalkPal\/","https:\/\/www.tiktok.com\/@talkpal","https:\/\/www.instagram.com\/talkpal_ai\/","https:\/\/www.crunchbase.com\/organization\/talkpal-9cde","https:\/\/www.g2.com\/products\/talkpal-for-business\/","https:\/\/www.trustpilot.com\/review\/talkpal.ai","https:\/\/www.capterra.com\/p\/10006800\/TalkPal\/"],"description":"Talkpal is a language learning web and mobile education app, powered by the latest AI technologies, that provides engaging experiences to its customers in many different languages to help them improve their language skills. Users can chat about unlimited amount of topics with the app and use other modes to practice their language learning.","email":"support@talkpal.ai","legalName":"Talkpal, Inc.","foundingDate":"2023-04-03","duns":"118989042","numberOfEmployees":{"@type":"QuantitativeValue","minValue":"11","maxValue":"50"},"publishingPrinciples":"https:\/\/talkpal.ai\/publishing-principles\/","actionableFeedbackPolicy":"https:\/\/talkpal.ai\/actionable-feedback-policy\/","correctionsPolicy":"https:\/\/talkpal.ai\/corrections-policy\/","ethicsPolicy":"https:\/\/talkpal.ai\/ethics-policy\/","diversityPolicy":"https:\/\/talkpal.ai\/diversity-policy\/","diversityStaffingReport":"https:\/\/talkpal.ai\/diversity-policy\/"}]}},"_links":{"self":[{"href":"https:\/\/talkpal.ai\/uz\/wp-json\/wp\/v2\/pages\/1443840","targetHints":{"allow":["GET"]}}],"collection":[{"href":"https:\/\/talkpal.ai\/uz\/wp-json\/wp\/v2\/pages"}],"about":[{"href":"https:\/\/talkpal.ai\/uz\/wp-json\/wp\/v2\/types\/page"}],"author":[{"embeddable":true,"href":"https:\/\/talkpal.ai\/uz\/wp-json\/wp\/v2\/users\/1"}],"replies":[{"embeddable":true,"href":"https:\/\/talkpal.ai\/uz\/wp-json\/wp\/v2\/comments?post=1443840"}],"version-history":[{"count":0,"href":"https:\/\/talkpal.ai\/uz\/wp-json\/wp\/v2\/pages\/1443840\/revisions"}],"wp:featuredmedia":[{"embeddable":true,"href":"https:\/\/talkpal.ai\/uz\/wp-json\/wp\/v2\/media\/1443842"}],"wp:attachment":[{"href":"https:\/\/talkpal.ai\/uz\/wp-json\/wp\/v2\/media?parent=1443840"}],"curies":[{"name":"wp","href":"https:\/\/api.w.org\/{rel}","templated":true}]}}