{"id":1443817,"date":"2023-05-14T14:10:42","date_gmt":"2023-05-14T14:10:42","guid":{"rendered":"https:\/\/talkpal.ai\/litva-grammatikasi\/"},"modified":"2025-12-12T10:42:05","modified_gmt":"2025-12-12T10:42:05","slug":"litva-grammatikasi","status":"publish","type":"page","link":"https:\/\/talkpal.ai\/uz\/litva-grammatikasi\/","title":{"rendered":"Litva grammatikasi"},"content":{"rendered":"\r\n\r\n\r\n<section class=\"languageChallengeSection\">\r\n    <div class=\"languageInfoWrapper\">\r\n        \r\n        <h1>Litva grammatikasi<\/h1>\r\n        <p><a href=\"https:\/\/talkpal.ai\/learn-lithuanian\/\">Litva<\/a> grammatikasiga sayohatingizni boshlang va Yevropadagi eng qadimgi va eng qiziqarli tillardan birini kashf eting. Kuchli til poydevorini yaratish uchun asosiy qoidalar va naqshlarni o&#039;rganing. Hoziroq sho&#039;ng&#039;ing va bugun Litva tilini o&#039;rganishni boshlang!<\/p>\r\n\r\n                            <a class=\"getStartedHidden\" href=\"https:\/\/app.talkpal.ai\/uz\/signup?lng=\">Boshlang<\/a>\r\n        \r\n    <\/div>\r\n\r\n    <figure>\r\n    <img decoding=\"async\" width=\"768\" height=\"768\" src=\"https:\/\/talkpal.ai\/wp-content\/uploads\/2023\/06\/lithuenian-768x768.png\" class=\"languageImage no-lazy\" alt=\"Language learning for boosting creativity\" fetchpriority=\"high\" sizes=\"(max-width: 768px) 150px, 768px\" srcset=\"https:\/\/talkpal.ai\/wp-content\/uploads\/2023\/06\/lithuenian-768x768.png 768w, https:\/\/talkpal.ai\/wp-content\/uploads\/2023\/06\/lithuenian-300x300.png 300w\" \/>\r\n    \r\n\r\n    <\/figure>\r\n\r\n            <a class=\"getStartedVisible\" href=\"https:\/\/app.talkpal.ai\/uz\/signup?lng=\">Boshlang<\/a>\r\n    \r\n<\/section>\r\n<section class=\"promotionalBanner\">\r\n    <p class=\"promotionalText\">Til o&#8217;rganishning eng samarali usuli<\/p>\r\n    <a class=\"promotionalLink\" href=\"https:\/\/app.talkpal.ai\/uz\/signup?lng=\">Talkpal-ni bepul sinab ko&#8217;ring<\/a>\r\n<\/section>\n<div class=\"wp-block-group pageContainerStyle\"><div class=\"wp-block-group__inner-container is-layout-constrained wp-block-group-is-layout-constrained\">\n<h2 class=\"wp-block-heading\" id=\"h-lithuanian-grammar-a-fascinating-journey-through-language\">Litva grammatikasi: til orqali qiziqarli sayohat<\/h2>\n\n\n\n<p>Litva tilini o&#8217;rganish <a href=\"https:\/\/talkpal.ai\/uz\/haqida\/\">haqida<\/a> hech o&#8217;ylab ko&#8217;rganmisiz yoki uning o&#8217;ziga xos grammatikasiga qiziqib qolganmisiz? Xo&#8217;sh, siz zavqlanasiz! Litva grammatikasi dastlab o&#8217;ziga xos bo&#8217;lib tuyulishi mumkin, lekin xato qilmang &#8211; u ajoyib lingvistik mantiqni namoyish etadi. Ushbu maqolada biz Litva grammatikasining turli jihatlarini ochib beramiz, bu sizga uning jozibasini qadrlash imkonini beradi.<\/p>\n\n\n\n<p>Birinchidan, qisqacha ma&#8217;lumot: Litva &#8211; Boltiqbo&#8217;yi tili, asosan Litvada so&#8217;zlashadi, lekin qo&#8217;shni mamlakatlarda ham uchraydi. Eng qadimgi hind-evropa tillaridan biri sifatida u til oilasi ichidagi boshqa tillarning rivojlanishi haqida tushuncha berib, arxaik xususiyatlarni saqlab qoladi. Ushbu tarixiy ahamiyat Litvani tilni sevuvchilar uchun ayniqsa jozibali qiladi.<\/p>\n\n\n\n<p>Keling, Litva grammatikasining ba&#8217;zi asosiy jihatlarini ko&#8217;rib chiqaylik.<\/p>\n\n\n\n<h3 class=\"wp-block-heading\" id=\"h-1-nouns-cases-and-declensions\">1. Ot, hol va tuslanish<\/h3>\n\n\n\n<p>Litva grammatikasining eng ko&#8217;zga ko&#8217;ringan xususiyatlaridan biri uning murakkab holatlar tizimidir. Ismlar gapdagi vazifasiga, ish-harakatning predmetini, predmetini yoki oluvchisini ifodalashiga qarab turli shakllarni qabul qiladi. Litvada ettita holat mavjud: nominativ, genitiv, dativ, ayblov, instrumental, joylashuv va vokativ.<\/p>\n\n\n\n<p>Misol tariqasida &laquo;vaikas&raquo; (bola) otini oling. U jumlada o&#8217;ynagan roliga qarab &laquo;vaiko&raquo;, &laquo;vaikui&raquo;, &laquo;vaik\u0105&raquo; va boshqalarga aylanishi mumkin. Bundan tashqari, oxirlar otning jinsi (erkak yoki ayol) tomonidan ta&#8217;sirlanadi va keyinchalik tuslanishlarga bo&#8217;linadi, bu esa tilni yanada ko&#8217;p qirrali qiladi.<\/p>\n\n\n\n<h3 class=\"wp-block-heading\" id=\"h-2-verb-conjugation-and-tenses\">2. Fe\u2019l kelishigi va zamonlari<\/h3>\n\n\n\n<p>Litva fe&#8217;llari mavzuning shaxsiga va soniga (birlik yoki ko&#8217;plik) qarab o&#8217;z oxirlarini o&#8217;zgartiradi. Masalan, \u201ceiti\u201d (ketish) fe\u2019li \u201ceinu\u201d (men boraman), \u201ceinate\u201d (siz -ko\u2018plik- borib), \u201ceina\u201d (ular ketadi) kabi shakllarga aylanishi mumkin.<\/p>\n\n\n\n<p>Litvada to&#8217;rtta asosiy zamon mavjud: hozirgi, o&#8217;tmish, o&#8217;tgan iterativ va kelajak. Qizig&#8217;i shundaki, tilda aspekt belgilari ham mavjud: mukammal va nomukammal. Ushbu markerlar harakatning tugallanganligi yoki davom etayotgani haqida qo&#8217;shimcha ma&#8217;lumot beradi. Masalan, &laquo;ne\u0161ti&raquo; (ko&#8217;tarib yurish &#8211; nomukammal) va &laquo;nat&raquo; (tashish &#8211; mukammal).<\/p>\n\n\n\n<h3 class=\"wp-block-heading\" id=\"h-3-sentence-structure-and-word-order\">3. Gapning tuzilishi va so\u2018z tartibi<\/h3>\n\n\n\n<p>Litva tili odatda SVO (mavzu-fe&#8217;l-ob&#8217;ekt) so&#8217;z tartibiga amal qilsa-da, uning holatlar tizimi sezilarli moslashuvchanlikni ta&#8217;minlaydi. Ingliz tilidan farqli o&#8217;laroq, so&#8217;z tartibi odatda jumlaning ma&#8217;nosini belgilaydi, Litva tilida so&#8217;zlarni harakatlantirish ma&#8217;noni o&#8217;zgartirmaydi. Misol uchun, &laquo;kat\u0117 valgo \u017euv\u012f&raquo; (mushuk baliqni yeydi) ma&#8217;nosini yo&#8217;qotmasdan yoki o&#8217;zgartirmasdan &laquo;\u017euv\u012f valgo kat\u0117&raquo; bo&#8217;lishi ham mumkin.<\/p>\n\n\n\n<p>Ushbu moslashuvchanlik sizga jumlalar tuzilishi bilan o&#8217;ynashga, ba&#8217;zi elementlarni ta&#8217;kidlashga yoki tilda ko&#8217;proq malakaga ega bo&#8217;lganingizda nuanslarni yaratishga imkon beradi.<\/p>\n\n\n\n<h3 class=\"wp-block-heading\" id=\"h-4-adjectives-adverbs-and-agreement-rules\">4. Sifat, ergash gap va kelishik qoidalari<\/h3>\n\n\n\n<p>Ko&#8217;pgina tillar singari, Litva tilidagi sifatlar va qo&#8217;shimchalar ot va fe&#8217;llarni tavsiflaydi, lekin ular ham muayyan kelishuv qoidalariga amal qiladi. Xususan, sifatlar o&#8217;zlari o&#8217;zgartiradigan ot bilan hol, jins va raqamga mos kelishi kerak. Ism holatlari va fe&#8217;l konjugatsiyalarini tushunganingizdan so&#8217;ng, bu qoidalar tabiiyroq bo&#8217;ladi.<\/p>\n\n\n\n<p>Shunday qilib, siz Litva grammatikasiga sho&#8217;ng&#8217;ishga tayyormisiz? Qat&#8217;iyat, fidoyilik va tegishli manbalar bilan Litva tilini o&#8217;rganish &#8211; tarix va madaniy merosga boy &#8211; juda foydali tajriba. Tilni bosqichma-bosqich hal qiling, doimiy ravishda mashq qiling va xatolaringizdan o&#8217;rganishga ochiq bo&#8217;ling. S\u0117km\u0117s! (Omad tilaymiz!)<\/p>\n<\/div><\/div>\n\r\n<section class=\"learnNavigationSection\">\r\n            \r\n        <a href=\"https:\/\/talkpal.ai\/uz\/litva-tilini-organing\/\">\r\n            <div class=\"learnNavigationWrapper\">\r\n                <div class=\"learnNavigationContent\">\r\n                    <img decoding=\"async\" src=\"https:\/\/talkpal.ai\/wp-content\/uploads\/2024\/08\/Lithuanian.jpg\" alt=\"Lithuanian Flag\">\r\n                    <div>\r\n                        <h4>Litva tilini o&#039;rganish haqida<\/h4>\r\n                        <p>Litva grammatikasi haqida hamma narsani bilib oling.<\/p>\r\n                    <\/div>\r\n                <\/div>\r\n            <\/div>\r\n        <\/a>\r\n\r\n        \r\n        <a href=\"https:\/\/talkpal.ai\/uz\/litva-grammatikasi-mashqlari\/\">\r\n            <div class=\"learnNavigationWrapper\">\r\n                <div class=\"learnNavigationContent\">\r\n                    <img decoding=\"async\" src=\"https:\/\/talkpal.ai\/wp-content\/uploads\/2024\/08\/Lithuanian.jpg\" alt=\"Lithuanian Flag\">\r\n                    <div>\r\n                        <h4>Litva grammatikasi bo&#039;yicha mashq<\/h4>\r\n                        <p>Litva grammatikasini mashq qiling.<\/p>\r\n                    <\/div>\r\n                <\/div>\r\n            <\/div>\r\n        <\/a>\r\n\r\n        \r\n        <a href=\"https:\/\/talkpal.ai\/vocabulary_language\/lithuanian\/\">\r\n            <div class=\"learnNavigationWrapper\">\r\n                <div class=\"learnNavigationContent\">\r\n                    <img decoding=\"async\" src=\"https:\/\/talkpal.ai\/wp-content\/uploads\/2024\/08\/Lithuanian.jpg\" alt=\"Lithuanian Flag\">\r\n                    <div>\r\n                        <h4>Litva lug&#039;ati<\/h4>\r\n                        <p>Litva lug&#039;atingizni kengaytiring.<\/p>\r\n                    <\/div>\r\n                <\/div>\r\n            <\/div>\r\n        <\/a>\r\n\r\n            <\/section>","protected":false},"excerpt":{"rendered":"<p>Litva grammatikasi: til orqali qiziqarli sayohat Litva tilini o&#8217;rganish haqida hech o&#8217;ylab ko&#8217;rganmisiz yoki uning o&#8217;ziga xos grammatikasiga qiziqib qolganmisiz? Xo&#8217;sh, siz zavqlanasiz! Litva grammatikasi dastlab o&#8217;ziga xos bo&#8217;lib tuyulishi mumkin, lekin xato qilmang &#8211; u ajoyib lingvistik mantiqni namoyish etadi. Ushbu maqolada biz Litva grammatikasining turli jihatlarini ochib beramiz, bu sizga uning jozibasini qadrlash [&hellip;]<\/p>\n","protected":false},"author":1,"featured_media":1443819,"parent":0,"menu_order":0,"comment_status":"closed","ping_status":"closed","template":"LearningContentPage.php","meta":{"_acf_changed":false,"footnotes":""},"class_list":["post-1443817","page","type-page","status-publish","has-post-thumbnail","hentry"],"acf":[],"yoast_head":"<!-- This site is optimized with the Yoast SEO Premium plugin v27.2 (Yoast SEO v27.2) - https:\/\/yoast.com\/product\/yoast-seo-premium-wordpress\/ -->\n<title>Litva grammatikasi - Talkpal<\/title>\n<meta name=\"description\" content=\"Litva grammatikasi tarixiy boylik va mantiqni qanday aks ettirishini bilib oling, bu uni tilni sevuvchilar uchun mukammal o&#039;rganishga aylantiradi.\" \/>\n<meta name=\"robots\" content=\"index, follow, max-snippet:-1, max-image-preview:large, max-video-preview:-1\" \/>\n<link rel=\"canonical\" href=\"https:\/\/talkpal.ai\/uz\/litva-grammatikasi\/\" \/>\n<meta property=\"og:locale\" content=\"uz_UZ\" \/>\n<meta property=\"og:type\" content=\"article\" \/>\n<meta property=\"og:title\" content=\"Litva grammatikasi\" \/>\n<meta property=\"og:description\" content=\"Litva grammatikasi: til orqali qiziqarli sayohat Litva tilini o&#039;rganish haqida hech o&#039;ylab ko&#039;rganmisiz yoki uning o&#039;ziga xos grammatikasiga qiziqib\" \/>\n<meta property=\"og:url\" content=\"https:\/\/talkpal.ai\/uz\/litva-grammatikasi\/\" \/>\n<meta property=\"og:site_name\" content=\"Talkpal\" \/>\n<meta property=\"article:publisher\" content=\"https:\/\/www.facebook.com\/profile.php?id=100090733639311\" \/>\n<meta property=\"article:modified_time\" content=\"2025-12-12T10:42:05+00:00\" \/>\n<meta property=\"og:image\" content=\"https:\/\/talkpal.ai\/wp-content\/uploads\/2023\/05\/Lithuanian.png\" \/>\n\t<meta property=\"og:image:width\" content=\"512\" \/>\n\t<meta property=\"og:image:height\" content=\"512\" \/>\n\t<meta property=\"og:image:type\" content=\"image\/png\" \/>\n<meta name=\"twitter:card\" content=\"summary_large_image\" \/>\n<meta name=\"twitter:site\" content=\"@talkpalai\" \/>\n<meta name=\"twitter:label1\" content=\"Est. reading time\" \/>\n\t<meta name=\"twitter:data1\" content=\"2 daqiqa\" \/>\n<script type=\"application\/ld+json\" class=\"yoast-schema-graph\">{\"@context\":\"https:\/\/schema.org\",\"@graph\":[{\"@type\":\"WebPage\",\"@id\":\"https:\/\/talkpal.ai\/uz\/litva-grammatikasi\/\",\"url\":\"https:\/\/talkpal.ai\/uz\/litva-grammatikasi\/\",\"name\":\"Litva grammatikasi - Talkpal\",\"isPartOf\":{\"@id\":\"https:\/\/talkpal.ai\/uz\/#website\"},\"primaryImageOfPage\":{\"@id\":\"https:\/\/talkpal.ai\/uz\/litva-grammatikasi\/#primaryimage\"},\"image\":{\"@id\":\"https:\/\/talkpal.ai\/uz\/litva-grammatikasi\/#primaryimage\"},\"thumbnailUrl\":\"https:\/\/talkpal.ai\/wp-content\/uploads\/2023\/05\/Lithuanian.png\",\"datePublished\":\"2023-05-14T14:10:42+00:00\",\"dateModified\":\"2025-12-12T10:42:05+00:00\",\"description\":\"Litva grammatikasi tarixiy boylik va mantiqni qanday aks ettirishini bilib oling, bu uni tilni sevuvchilar uchun mukammal o'rganishga aylantiradi.\",\"breadcrumb\":{\"@id\":\"https:\/\/talkpal.ai\/uz\/litva-grammatikasi\/#breadcrumb\"},\"inLanguage\":\"uz-UZ\",\"potentialAction\":[{\"@type\":\"ReadAction\",\"target\":[\"https:\/\/talkpal.ai\/uz\/litva-grammatikasi\/\"]}]},{\"@type\":\"ImageObject\",\"inLanguage\":\"uz-UZ\",\"@id\":\"https:\/\/talkpal.ai\/uz\/litva-grammatikasi\/#primaryimage\",\"url\":\"https:\/\/talkpal.ai\/wp-content\/uploads\/2023\/05\/Lithuanian.png\",\"contentUrl\":\"https:\/\/talkpal.ai\/wp-content\/uploads\/2023\/05\/Lithuanian.png\",\"width\":512,\"height\":512,\"caption\":\"TalkPal Lithuanian Flag\"},{\"@type\":\"BreadcrumbList\",\"@id\":\"https:\/\/talkpal.ai\/uz\/litva-grammatikasi\/#breadcrumb\",\"itemListElement\":[{\"@type\":\"ListItem\",\"position\":1,\"name\":\"Homepage\",\"item\":\"https:\/\/talkpal.ai\/uz\/ai-til-oqituvchisi-3\/\"},{\"@type\":\"ListItem\",\"position\":2,\"name\":\"Litva grammatikasi\"}]},{\"@type\":\"WebSite\",\"@id\":\"https:\/\/talkpal.ai\/uz\/#website\",\"url\":\"https:\/\/talkpal.ai\/uz\/\",\"name\":\"Talkpal\",\"description\":\"AI Language Learning\",\"publisher\":{\"@id\":\"https:\/\/talkpal.ai\/uz\/#organization\"},\"alternateName\":\"Talkpal AI\",\"potentialAction\":[{\"@type\":\"SearchAction\",\"target\":{\"@type\":\"EntryPoint\",\"urlTemplate\":\"https:\/\/talkpal.ai\/uz\/?s={search_term_string}\"},\"query-input\":{\"@type\":\"PropertyValueSpecification\",\"valueRequired\":true,\"valueName\":\"search_term_string\"}}],\"inLanguage\":\"uz-UZ\"},{\"@type\":\"Organization\",\"@id\":\"https:\/\/talkpal.ai\/uz\/#organization\",\"name\":\"Talkpal, Inc.\",\"alternateName\":\"Talkpal AI\",\"url\":\"https:\/\/talkpal.ai\/uz\/\",\"logo\":{\"@type\":\"ImageObject\",\"inLanguage\":\"uz-UZ\",\"@id\":\"https:\/\/talkpal.ai\/uz\/#\/schema\/logo\/image\/\",\"url\":\"https:\/\/talkpal.ai\/wp-content\/uploads\/2024\/03\/Talkpal-Logo-Icon.png\",\"contentUrl\":\"https:\/\/talkpal.ai\/wp-content\/uploads\/2024\/03\/Talkpal-Logo-Icon.png\",\"width\":2880,\"height\":2880,\"caption\":\"Talkpal, Inc.\"},\"image\":{\"@id\":\"https:\/\/talkpal.ai\/uz\/#\/schema\/logo\/image\/\"},\"sameAs\":[\"https:\/\/www.facebook.com\/profile.php?id=100090733639311\",\"https:\/\/x.com\/talkpalai\",\"https:\/\/www.linkedin.com\/company\/talkpal\/\",\"https:\/\/www.youtube.com\/@TalkPal\/\",\"https:\/\/www.tiktok.com\/@talkpal\",\"https:\/\/www.instagram.com\/talkpal_ai\/\",\"https:\/\/www.crunchbase.com\/organization\/talkpal-9cde\",\"https:\/\/www.g2.com\/products\/talkpal-for-business\/\",\"https:\/\/www.trustpilot.com\/review\/talkpal.ai\",\"https:\/\/www.capterra.com\/p\/10006800\/TalkPal\/\"],\"description\":\"Talkpal is a language learning web and mobile education app, powered by the latest AI technologies, that provides engaging experiences to its customers in many different languages to help them improve their language skills. Users can chat about unlimited amount of topics with the app and use other modes to practice their language learning.\",\"email\":\"support@talkpal.ai\",\"legalName\":\"Talkpal, Inc.\",\"foundingDate\":\"2023-04-03\",\"duns\":\"118989042\",\"numberOfEmployees\":{\"@type\":\"QuantitativeValue\",\"minValue\":\"11\",\"maxValue\":\"50\"},\"publishingPrinciples\":\"https:\/\/talkpal.ai\/publishing-principles\/\",\"actionableFeedbackPolicy\":\"https:\/\/talkpal.ai\/actionable-feedback-policy\/\",\"correctionsPolicy\":\"https:\/\/talkpal.ai\/corrections-policy\/\",\"ethicsPolicy\":\"https:\/\/talkpal.ai\/ethics-policy\/\",\"diversityPolicy\":\"https:\/\/talkpal.ai\/diversity-policy\/\",\"diversityStaffingReport\":\"https:\/\/talkpal.ai\/diversity-policy\/\"}]}<\/script>\n<!-- \/ Yoast SEO Premium plugin. -->","yoast_head_json":{"title":"Litva grammatikasi - Talkpal","description":"Litva grammatikasi tarixiy boylik va mantiqni qanday aks ettirishini bilib oling, bu uni tilni sevuvchilar uchun mukammal o'rganishga aylantiradi.","robots":{"index":"index","follow":"follow","max-snippet":"max-snippet:-1","max-image-preview":"max-image-preview:large","max-video-preview":"max-video-preview:-1"},"canonical":"https:\/\/talkpal.ai\/uz\/litva-grammatikasi\/","og_locale":"uz_UZ","og_type":"article","og_title":"Litva grammatikasi","og_description":"Litva grammatikasi: til orqali qiziqarli sayohat Litva tilini o'rganish haqida hech o'ylab ko'rganmisiz yoki uning o'ziga xos grammatikasiga qiziqib","og_url":"https:\/\/talkpal.ai\/uz\/litva-grammatikasi\/","og_site_name":"Talkpal","article_publisher":"https:\/\/www.facebook.com\/profile.php?id=100090733639311","article_modified_time":"2025-12-12T10:42:05+00:00","og_image":[{"width":512,"height":512,"url":"https:\/\/talkpal.ai\/wp-content\/uploads\/2023\/05\/Lithuanian.png","type":"image\/png"}],"twitter_card":"summary_large_image","twitter_site":"@talkpalai","twitter_misc":{"Est. reading time":"2 daqiqa"},"schema":{"@context":"https:\/\/schema.org","@graph":[{"@type":"WebPage","@id":"https:\/\/talkpal.ai\/uz\/litva-grammatikasi\/","url":"https:\/\/talkpal.ai\/uz\/litva-grammatikasi\/","name":"Litva grammatikasi - Talkpal","isPartOf":{"@id":"https:\/\/talkpal.ai\/uz\/#website"},"primaryImageOfPage":{"@id":"https:\/\/talkpal.ai\/uz\/litva-grammatikasi\/#primaryimage"},"image":{"@id":"https:\/\/talkpal.ai\/uz\/litva-grammatikasi\/#primaryimage"},"thumbnailUrl":"https:\/\/talkpal.ai\/wp-content\/uploads\/2023\/05\/Lithuanian.png","datePublished":"2023-05-14T14:10:42+00:00","dateModified":"2025-12-12T10:42:05+00:00","description":"Litva grammatikasi tarixiy boylik va mantiqni qanday aks ettirishini bilib oling, bu uni tilni sevuvchilar uchun mukammal o'rganishga aylantiradi.","breadcrumb":{"@id":"https:\/\/talkpal.ai\/uz\/litva-grammatikasi\/#breadcrumb"},"inLanguage":"uz-UZ","potentialAction":[{"@type":"ReadAction","target":["https:\/\/talkpal.ai\/uz\/litva-grammatikasi\/"]}]},{"@type":"ImageObject","inLanguage":"uz-UZ","@id":"https:\/\/talkpal.ai\/uz\/litva-grammatikasi\/#primaryimage","url":"https:\/\/talkpal.ai\/wp-content\/uploads\/2023\/05\/Lithuanian.png","contentUrl":"https:\/\/talkpal.ai\/wp-content\/uploads\/2023\/05\/Lithuanian.png","width":512,"height":512,"caption":"TalkPal Lithuanian Flag"},{"@type":"BreadcrumbList","@id":"https:\/\/talkpal.ai\/uz\/litva-grammatikasi\/#breadcrumb","itemListElement":[{"@type":"ListItem","position":1,"name":"Homepage","item":"https:\/\/talkpal.ai\/uz\/ai-til-oqituvchisi-3\/"},{"@type":"ListItem","position":2,"name":"Litva grammatikasi"}]},{"@type":"WebSite","@id":"https:\/\/talkpal.ai\/uz\/#website","url":"https:\/\/talkpal.ai\/uz\/","name":"Talkpal","description":"AI Language Learning","publisher":{"@id":"https:\/\/talkpal.ai\/uz\/#organization"},"alternateName":"Talkpal AI","potentialAction":[{"@type":"SearchAction","target":{"@type":"EntryPoint","urlTemplate":"https:\/\/talkpal.ai\/uz\/?s={search_term_string}"},"query-input":{"@type":"PropertyValueSpecification","valueRequired":true,"valueName":"search_term_string"}}],"inLanguage":"uz-UZ"},{"@type":"Organization","@id":"https:\/\/talkpal.ai\/uz\/#organization","name":"Talkpal, Inc.","alternateName":"Talkpal AI","url":"https:\/\/talkpal.ai\/uz\/","logo":{"@type":"ImageObject","inLanguage":"uz-UZ","@id":"https:\/\/talkpal.ai\/uz\/#\/schema\/logo\/image\/","url":"https:\/\/talkpal.ai\/wp-content\/uploads\/2024\/03\/Talkpal-Logo-Icon.png","contentUrl":"https:\/\/talkpal.ai\/wp-content\/uploads\/2024\/03\/Talkpal-Logo-Icon.png","width":2880,"height":2880,"caption":"Talkpal, Inc."},"image":{"@id":"https:\/\/talkpal.ai\/uz\/#\/schema\/logo\/image\/"},"sameAs":["https:\/\/www.facebook.com\/profile.php?id=100090733639311","https:\/\/x.com\/talkpalai","https:\/\/www.linkedin.com\/company\/talkpal\/","https:\/\/www.youtube.com\/@TalkPal\/","https:\/\/www.tiktok.com\/@talkpal","https:\/\/www.instagram.com\/talkpal_ai\/","https:\/\/www.crunchbase.com\/organization\/talkpal-9cde","https:\/\/www.g2.com\/products\/talkpal-for-business\/","https:\/\/www.trustpilot.com\/review\/talkpal.ai","https:\/\/www.capterra.com\/p\/10006800\/TalkPal\/"],"description":"Talkpal is a language learning web and mobile education app, powered by the latest AI technologies, that provides engaging experiences to its customers in many different languages to help them improve their language skills. Users can chat about unlimited amount of topics with the app and use other modes to practice their language learning.","email":"support@talkpal.ai","legalName":"Talkpal, Inc.","foundingDate":"2023-04-03","duns":"118989042","numberOfEmployees":{"@type":"QuantitativeValue","minValue":"11","maxValue":"50"},"publishingPrinciples":"https:\/\/talkpal.ai\/publishing-principles\/","actionableFeedbackPolicy":"https:\/\/talkpal.ai\/actionable-feedback-policy\/","correctionsPolicy":"https:\/\/talkpal.ai\/corrections-policy\/","ethicsPolicy":"https:\/\/talkpal.ai\/ethics-policy\/","diversityPolicy":"https:\/\/talkpal.ai\/diversity-policy\/","diversityStaffingReport":"https:\/\/talkpal.ai\/diversity-policy\/"}]}},"_links":{"self":[{"href":"https:\/\/talkpal.ai\/uz\/wp-json\/wp\/v2\/pages\/1443817","targetHints":{"allow":["GET"]}}],"collection":[{"href":"https:\/\/talkpal.ai\/uz\/wp-json\/wp\/v2\/pages"}],"about":[{"href":"https:\/\/talkpal.ai\/uz\/wp-json\/wp\/v2\/types\/page"}],"author":[{"embeddable":true,"href":"https:\/\/talkpal.ai\/uz\/wp-json\/wp\/v2\/users\/1"}],"replies":[{"embeddable":true,"href":"https:\/\/talkpal.ai\/uz\/wp-json\/wp\/v2\/comments?post=1443817"}],"version-history":[{"count":0,"href":"https:\/\/talkpal.ai\/uz\/wp-json\/wp\/v2\/pages\/1443817\/revisions"}],"wp:featuredmedia":[{"embeddable":true,"href":"https:\/\/talkpal.ai\/uz\/wp-json\/wp\/v2\/media\/1443819"}],"wp:attachment":[{"href":"https:\/\/talkpal.ai\/uz\/wp-json\/wp\/v2\/media?parent=1443817"}],"curies":[{"name":"wp","href":"https:\/\/api.w.org\/{rel}","templated":true}]}}