{"id":1443787,"date":"2023-05-14T14:10:24","date_gmt":"2023-05-14T14:10:24","guid":{"rendered":"https:\/\/talkpal.ai\/latviya-grammatikasi\/"},"modified":"2025-12-17T17:10:29","modified_gmt":"2025-12-17T17:10:29","slug":"latviya-grammatikasi","status":"publish","type":"page","link":"https:\/\/talkpal.ai\/uz\/latviya-grammatikasi\/","title":{"rendered":"Latviya grammatikasi"},"content":{"rendered":"\r\n\r\n\r\n<section class=\"languageChallengeSection\">\r\n    <div class=\"languageInfoWrapper\">\r\n        \r\n        <h1>Latviya grammatikasi<\/h1>\r\n        <p>Latviya grammatikasining noyob dunyosini o&#039;rganing va Boltiqbo&#039;yi mintaqasidagi eng jo&#039;shqin tillardan birining go&#039;zalligini oching. Uning tuzilishi va qoidalarini tushunish orqali siz o&#039;zingizning ishonchingiz va muloqot qobiliyatingizni oshirasiz. Latviya grammatikasini bugunoq o&#039;rganishni boshlang va ravonlik sari birinchi qadamingizni qo&#039;ying!\n\n<\/p>\r\n\r\n                            <a class=\"getStartedHidden\" href=\"https:\/\/app.talkpal.ai\/uz\/signup?lng=\">Boshlang<\/a>\r\n        \r\n    <\/div>\r\n\r\n    <figure>\r\n    <img decoding=\"async\" width=\"768\" height=\"768\" src=\"https:\/\/talkpal.ai\/wp-content\/uploads\/2023\/06\/latvian-768x768.png\" class=\"languageImage no-lazy\" alt=\"Language learning to access more cultures\" fetchpriority=\"high\" sizes=\"(max-width: 768px) 150px, 768px\" srcset=\"https:\/\/talkpal.ai\/wp-content\/uploads\/2023\/06\/latvian-768x768.png 768w, https:\/\/talkpal.ai\/wp-content\/uploads\/2023\/06\/latvian-300x300.png 300w\" \/>\r\n    \r\n\r\n    <\/figure>\r\n\r\n            <a class=\"getStartedVisible\" href=\"https:\/\/app.talkpal.ai\/uz\/signup?lng=\">Boshlang<\/a>\r\n    \r\n<\/section>\r\n<section class=\"promotionalBanner\">\r\n    <p class=\"promotionalText\">Til o&#8217;rganishning eng samarali usuli<\/p>\r\n    <a class=\"promotionalLink\" href=\"https:\/\/app.talkpal.ai\/uz\/signup?lng=\">Talkpal-ni bepul sinab ko&#8217;ring<\/a>\r\n<\/section>\n<div class=\"wp-block-group pageContainerStyle\"><div class=\"wp-block-group__inner-container is-layout-constrained wp-block-group-is-layout-constrained\">\n<h2 class=\"wp-block-heading\" id=\"h-the-ultimate-guide-to-latvian-grammar-navigating-the-intricacies-of-a-unique-language\">Latviya grammatikasi bo&#8217;yicha yakuniy qo&#8217;llanma: noyob tilning nozik tomonlarini o&#8217;rganish<\/h2>\n\n\n\n<p><a href=\"https:\/\/talkpal.ai\/uz\/latviya-grammatikasi-boyicha-mashqlar\/\">Latviya grammatikasi<\/a>, xuddi tilning o&#8217;zi kabi, til elementlarining boy va qiziqarli gobelenini taqdim etadi. Boltiq tili sifatida Latviya o&#8217;zining xilma-xil xususiyatlari bilan o&#8217;quvchilarni hayratga soladi va hatto eng malakali ma&#8217;ruzachilarni ham qiyinlashtiradi. Ushbu qo&#8217;llanmada biz Latviya grammatikasining asosiy tamoyillarini o&#8217;rganamiz, uning murakkabliklarini ochib beramiz va sizni ushbu jozibali tilda ravon bo&#8217;lish yo&#8217;lida qo&#8217;llab-quvvatlaymiz. Keling, boshlaymiz!<\/p>\n\n\n\n<h3 class=\"wp-block-heading\" id=\"h-the-nuts-and-bolts-latvian-sentence-structure\">Yong&#8217;oq va murvat: Latviya jumlasining tuzilishi<\/h3>\n\n\n\n<p>Asosan, Latviya grammatikasi juda oddiy. Til odatda ingliz va boshqa ko&#8217;plab tillarga o&#8217;xshash Subject-Ferb-Object (SVO) jumla tuzilishiga amal qiladi. Masalan, \u201cMen olma yeyman\u201d jumlasi \u201cEs \u0113du \u0101bolu\u201d (Es \u0113du \u0101bolu) deb tarjima qilingan. Oddiy, to&#8217;g&#8217;rimi? Biroq, biz chuqurroq o&#8217;rgansak, siz Latviya grammatikasining ba&#8217;zi qiziqarli va o&#8217;ziga xos xususiyatlariga duch kelasiz.<\/p>\n\n\n\n<h3 class=\"wp-block-heading\" id=\"h-meet-the-family-latvian-nouns-and-their-cases\">Oila bilan tanishing: Latviya otlari va ularning holatlari<\/h3>\n\n\n\n<p><a href=\"https:\/\/talkpal.ai\/uz\/ingliz-tilida-gaplashish\/\">Ingliz tilida<\/a> so&#8217;zlashuvchilar uchun Latviya grammatikasining eng hayratlanarli xususiyatlaridan biri bu <a href=\"https:\/\/talkpal.ai\/fr\/les\/\">grammatik<\/a> holatlar tushunchasidir. Latviyada ettita holat mavjud: nominativ, genitiv, dativ, akusativ, joylashuv, instrumental va vokativ. Har bir holat o&#8217;z vazifasiga ega bo&#8217;lib, ot, sifat, olmosh va ba&#8217;zan fe&#8217;llarning shakliga ta&#8217;sir qiladi.<\/p>\n\n\n\n<p>Masalan, \u201colma\u201d ma\u2019nosini anglatuvchi \u201c\u0101bols\u201d (\u0101bols) so\u2018zini olaylik:<\/p>\n\n\n\n<p><strong>\u2013 Nominativ hol (predmetlar uchun ishlatiladi): \u0101bols<\/strong><\/p>\n\n\n\n<p><strong>\u2013 Genitive case (egalik uchun ishlatiladi): \u0101bola<\/strong><\/p>\n\n\n\n<p><strong>\u2013 Dative case (bilvosita predmetlar uchun ishlatiladi): \u0101bolam<\/strong><\/p>\n\n\n\n<p><strong>\u2013 orttirma kelishigi (to\u2018g\u2018ridan-to\u2018g\u2018ri predmetlar uchun ishlatiladi): \u0101bolu<\/strong><\/p>\n\n\n\n<p><strong>\u2013 Lokativ hol (joylashuv uchun ishlatiladi): \u0101bol\u0101<\/strong><\/p>\n\n\n\n<p><strong>\u2013 Instrumental hol (harakatni bajaruvchi vositalar uchun ishlatiladi): \u0101bolu\/-iem<\/strong><\/p>\n\n\n\n<p><strong>\u2013 Vokativ (birovga yoki biror narsaga murojaat qilish uchun ishlatiladi): \u0101bol<\/strong><\/p>\n\n\n\n<p>Bu holatlar bilan tanishib chiqish juda muhim, chunki ular jumlalaringizning ma&#8217;nosini tubdan o&#8217;zgartirishi mumkin.<\/p>\n\n\n\n<h3 class=\"wp-block-heading\" id=\"h-playing-with-numbers-latvian-plurals-and-genders\">Raqamlar bilan o&#8217;ynash: Latviya ko&#8217;plik va jinslar<\/h3>\n\n\n\n<p>Latviyada ko&#8217;plik so&#8217;zlarini yaratishda otning jinsini yodda tutish kerak. Latviyada otlar ikkita jinsga ega &#8211; erkak va ayol. Gender otlar, sifatlar, sonlar va ayrim fe&#8217;l shakllarining oxiriga ta&#8217;sir qiladi.<\/p>\n\n\n\n<p>Umuman olganda, ko\u2018plik shaklidagi erkak otlari -i bilan, ayollik otlari esa -as bilan tugaydi. Masalan, \u201czirgs\u201d (zirgs, \u201cot\u201d degan ma\u2019noni bildiruvchi erkak ism) \u201czirgi\u201d (zirgi, otlar), \u201csieviete\u201d (sieviete, \u201cayol\u201d ma\u2019nosini bildiruvchi ayol ism) \u201csievietes\u201d (sievietes, ayollar) ga aylanadi.<\/p>\n\n\n\n<p>Albatta, ba&#8217;zi istisnolar mavjud, shuning uchun otlarni jinsi bilan birga o&#8217;rganish va har qanday tartibsiz ko&#8217;plikdan xabardor bo&#8217;lish juda muhimdir.<\/p>\n\n\n\n<h3 class=\"wp-block-heading\" id=\"h-the-art-of-conjugation-latvian-verbs\">Konjugatsiya san&#8217;ati: Latviya fe&#8217;llari<\/h3>\n\n\n\n<p>Latviya fe&#8217;llari ko&#8217;p sonli zamonlar, kayfiyatlar va konjugatsiyalar tufayli dastlab qo&#8217;rqinchli ko&#8217;rinishi mumkin. Biroq, ularni tushunishning kaliti umumiy naqshlarni tan olish va muntazam ravishda mashq qilishdir.<\/p>\n\n\n\n<p>Latviya tilida fe&#8217;llar infinitiv sonlariga ko&#8217;ra uch guruhga bo&#8217;linadi -t, -ties va -ties\/-t. Har bir guruh o&#8217;ziga xos konjugatsiya qoidalariga ega. Misol tariqasida \u201clas\u012bt\u201d (las\u012bt, \u201co\u2018qish\u201d) fe\u2019lini olaylik:<\/p>\n\n\n\n<p><strong>Hozirgi zamon: Es lasu (Es lasu, &laquo;Men o&#8217;qidim&raquo;)<\/strong><\/p>\n\n\n\n<p><strong>O\u2018tgan zamon: Es las\u012bju (Es las\u012bju, \u201cMen o\u2018qidim\u201d)<\/strong><\/p>\n\n\n\n<p><strong>Kelajak zamon: Es las\u012b\u0161u (Es las\u012b\u0161u, &laquo;Men o&#8217;qiyman&raquo;)<\/strong><\/p>\n\n\n\n<p>Ko&#8217;rib turganingizdek, oxirlar zamonga qarab o&#8217;zgaradi. Va bu hatto latviyalik fe&#8217;l konjugatsiyasining sirtini ham tirnamaydi! Biroq, bu sizni tushkunlikka tushirishiga yo&#8217;l qo&#8217;ymang. Amaliyot va sabr-toqat bilan siz naqshlarni taniy boshlaysiz va bu qiyinchilikni engasiz.<\/p>\n\n\n\n<h3 class=\"wp-block-heading\" id=\"h-the-finishing-touches-latvian-adjectives-adverbs-and-more\">Yakunlovchi nuqtalar: latvcha sifatlar, qo\u2018shimchalar va boshqalar<\/h3>\n\n\n\n<p><a href=\"https:\/\/talkpal.ai\/learn-latvian\/\">Latviyacha<\/a> sifatlar va qo&#8217;shimchalar <a href=\"https:\/\/talkpal.ai\/uz\/haqida\/\">haqida<\/a> <a href=\"https:\/\/talkpal.ai\/locations\/language-courses-in-gap\/\">gap<\/a> ketganda, ular nutqingizga chuqurlik va murakkablik kiritishda muhim rol o&#8217;ynaydi. Sifatlar jinsi va holati bo&#8217;yicha o&#8217;zgartiradigan otlarga mos kelishi kerak va shunga ko&#8217;ra o&#8217;zgarib turadigan tugaydi.<\/p>\n\n\n\n<p>Misol uchun, &laquo;gar\u0161\u012bgs&raquo; (gar\u0161\u012bgs) &laquo;mazali&raquo; degan ma&#8217;noni anglatadi va siz uni &laquo;gar\u0161\u012bgs \u0101bols&raquo; (gar\u0161\u012bgs \u0101bols, &laquo;mazali olma&raquo;) yoki &laquo;gar\u0161\u012bga zupa&raquo; (gar\u0161\u012bga zupa, &laquo;mazali sho&#8217;rva&raquo;) deb ko&#8217;rishingiz mumkin.<\/p>\n\n\n\n<p>Qo&#8217;shimchalar odatda o&#8217;xshash qoliplarga amal qiladi, ko&#8217;pincha sifatlardan kelib chiqadi. Latviyada ko\u02bbpchilik qo\u02bbshimchalar -i harfi bilan tugaydi, bu sifatlar uchun erkagi birlik tuslovchi bilan bir xil shakldir.<\/p>\n\n\n\n<p>Xulosa qilib aytish mumkinki, Latviya grammatikasining murakkabliklari va o\u2018ziga xos jihatlari qiyin bo\u2018lsa-da, tilga jozibali go\u2018zallik va xarakter bag\u2018ishlaydi. Qat&#8217;iyat, qiziquvchanlik va amaliy qo&#8217;llash kombinatsiyasi bilan siz tez orada Latviya grammatikasini osonlik va ishonch bilan o&#8217;rganasiz. Baxtli o&#8217;rganish!<\/p>\n<\/div><\/div>\n\r\n<section class=\"learnNavigationSection\">\r\n            \r\n        <a href=\"https:\/\/talkpal.ai\/uz\/latviya-tilini-organing\/\">\r\n            <div class=\"learnNavigationWrapper\">\r\n                <div class=\"learnNavigationContent\">\r\n                    <img decoding=\"async\" src=\"https:\/\/talkpal.ai\/wp-content\/uploads\/2024\/08\/Latvian.jpg\" alt=\"Latvian Flag\">\r\n                    <div>\r\n                        <h4>Latviya tilini o&#039;rganish haqida<\/h4>\r\n                        <p>Latviya grammatikasi haqida hamma narsani bilib oling.<\/p>\r\n                    <\/div>\r\n                <\/div>\r\n            <\/div>\r\n        <\/a>\r\n\r\n        \r\n        <a href=\"https:\/\/talkpal.ai\/uz\/latviya-grammatikasi-boyicha-mashqlar\/\">\r\n            <div class=\"learnNavigationWrapper\">\r\n                <div class=\"learnNavigationContent\">\r\n                    <img decoding=\"async\" src=\"https:\/\/talkpal.ai\/wp-content\/uploads\/2024\/08\/Latvian.jpg\" alt=\"Latvian Flag\">\r\n                    <div>\r\n                        <h4>Latviya grammatikasi bo&#039;yicha mashq<\/h4>\r\n                        <p>Latviya grammatikasini mashq qiling.<\/p>\r\n                    <\/div>\r\n                <\/div>\r\n            <\/div>\r\n        <\/a>\r\n\r\n        \r\n        <a href=\"https:\/\/talkpal.ai\/vocabulary_language\/latvian\/\">\r\n            <div class=\"learnNavigationWrapper\">\r\n                <div class=\"learnNavigationContent\">\r\n                    <img decoding=\"async\" src=\"https:\/\/talkpal.ai\/wp-content\/uploads\/2024\/08\/Latvian.jpg\" alt=\"Latvian Flag\">\r\n                    <div>\r\n                        <h4>Latviya lug&#039;ati<\/h4>\r\n                        <p>Latviyacha so\u2018z boyligingizni kengaytiring.<\/p>\r\n                    <\/div>\r\n                <\/div>\r\n            <\/div>\r\n        <\/a>\r\n\r\n            <\/section>","protected":false},"excerpt":{"rendered":"<p>Latviya grammatikasi bo&#8217;yicha yakuniy qo&#8217;llanma: noyob tilning nozik tomonlarini o&#8217;rganish Latviya grammatikasi, xuddi tilning o&#8217;zi kabi, til elementlarining boy va qiziqarli gobelenini taqdim etadi. Boltiq tili sifatida Latviya o&#8217;zining xilma-xil xususiyatlari bilan o&#8217;quvchilarni hayratga soladi va hatto eng malakali ma&#8217;ruzachilarni ham qiyinlashtiradi. Ushbu qo&#8217;llanmada biz Latviya grammatikasining asosiy tamoyillarini o&#8217;rganamiz, uning murakkabliklarini ochib beramiz va [&hellip;]<\/p>\n","protected":false},"author":1,"featured_media":1443788,"parent":0,"menu_order":0,"comment_status":"closed","ping_status":"closed","template":"LearningContentPage.php","meta":{"_acf_changed":false,"footnotes":""},"class_list":["post-1443787","page","type-page","status-publish","has-post-thumbnail","hentry"],"acf":[],"yoast_head":"<!-- This site is optimized with the Yoast SEO Premium plugin v27.2 (Yoast SEO v27.2) - https:\/\/yoast.com\/product\/yoast-seo-premium-wordpress\/ -->\n<title>Latviya grammatikasi - Talkpal<\/title>\n<meta name=\"description\" content=\"Latviya grammatikasini ishonchli o\u02bbzlashtiring \u2013 qoidalarni o\u02bbrganing, foydalanishni mashq qiling va TalkPalning shaxsiylashtirilgan sun\u02bbiy intellekt bo\u02bbyicha ko\u02bbrsatmalari yordamida til aniqligini osongina oshiring.\" \/>\n<meta name=\"robots\" content=\"index, follow, max-snippet:-1, max-image-preview:large, max-video-preview:-1\" \/>\n<link rel=\"canonical\" href=\"https:\/\/talkpal.ai\/uz\/latviya-grammatikasi\/\" \/>\n<meta property=\"og:locale\" content=\"uz_UZ\" \/>\n<meta property=\"og:type\" content=\"article\" \/>\n<meta property=\"og:title\" content=\"Latviya grammatikasi\" \/>\n<meta property=\"og:description\" content=\"Latviya grammatikasi bo&#039;yicha yakuniy qo&#039;llanma: noyob tilning nozik tomonlarini o&#039;rganish Latviya grammatikasi, xuddi tilning o&#039;zi kabi, til\" \/>\n<meta property=\"og:url\" content=\"https:\/\/talkpal.ai\/uz\/latviya-grammatikasi\/\" \/>\n<meta property=\"og:site_name\" content=\"Talkpal\" \/>\n<meta property=\"article:publisher\" content=\"https:\/\/www.facebook.com\/profile.php?id=100090733639311\" \/>\n<meta property=\"article:modified_time\" content=\"2025-12-17T17:10:29+00:00\" \/>\n<meta property=\"og:image\" content=\"https:\/\/talkpal.ai\/wp-content\/uploads\/2023\/05\/latvia.png\" \/>\n\t<meta property=\"og:image:width\" content=\"512\" \/>\n\t<meta property=\"og:image:height\" content=\"512\" \/>\n\t<meta property=\"og:image:type\" content=\"image\/png\" \/>\n<meta name=\"twitter:card\" content=\"summary_large_image\" \/>\n<meta name=\"twitter:site\" content=\"@talkpalai\" \/>\n<meta name=\"twitter:label1\" content=\"Est. reading time\" \/>\n\t<meta name=\"twitter:data1\" content=\"3 daqiqa\" \/>\n<script type=\"application\/ld+json\" class=\"yoast-schema-graph\">{\"@context\":\"https:\/\/schema.org\",\"@graph\":[{\"@type\":\"WebPage\",\"@id\":\"https:\/\/talkpal.ai\/uz\/latviya-grammatikasi\/\",\"url\":\"https:\/\/talkpal.ai\/uz\/latviya-grammatikasi\/\",\"name\":\"Latviya grammatikasi - Talkpal\",\"isPartOf\":{\"@id\":\"https:\/\/talkpal.ai\/uz\/#website\"},\"primaryImageOfPage\":{\"@id\":\"https:\/\/talkpal.ai\/uz\/latviya-grammatikasi\/#primaryimage\"},\"image\":{\"@id\":\"https:\/\/talkpal.ai\/uz\/latviya-grammatikasi\/#primaryimage\"},\"thumbnailUrl\":\"https:\/\/talkpal.ai\/wp-content\/uploads\/2023\/05\/latvia.png\",\"datePublished\":\"2023-05-14T14:10:24+00:00\",\"dateModified\":\"2025-12-17T17:10:29+00:00\",\"description\":\"Latviya grammatikasini ishonchli o\u02bbzlashtiring \u2013 qoidalarni o\u02bbrganing, foydalanishni mashq qiling va TalkPalning shaxsiylashtirilgan sun\u02bbiy intellekt bo\u02bbyicha ko\u02bbrsatmalari yordamida til aniqligini osongina oshiring.\",\"breadcrumb\":{\"@id\":\"https:\/\/talkpal.ai\/uz\/latviya-grammatikasi\/#breadcrumb\"},\"inLanguage\":\"uz-UZ\",\"potentialAction\":[{\"@type\":\"ReadAction\",\"target\":[\"https:\/\/talkpal.ai\/uz\/latviya-grammatikasi\/\"]}]},{\"@type\":\"ImageObject\",\"inLanguage\":\"uz-UZ\",\"@id\":\"https:\/\/talkpal.ai\/uz\/latviya-grammatikasi\/#primaryimage\",\"url\":\"https:\/\/talkpal.ai\/wp-content\/uploads\/2023\/05\/latvia.png\",\"contentUrl\":\"https:\/\/talkpal.ai\/wp-content\/uploads\/2023\/05\/latvia.png\",\"width\":512,\"height\":512,\"caption\":\"TalkPal Latvia Flag\"},{\"@type\":\"BreadcrumbList\",\"@id\":\"https:\/\/talkpal.ai\/uz\/latviya-grammatikasi\/#breadcrumb\",\"itemListElement\":[{\"@type\":\"ListItem\",\"position\":1,\"name\":\"Homepage\",\"item\":\"https:\/\/talkpal.ai\/uz\/ai-til-oqituvchisi-3\/\"},{\"@type\":\"ListItem\",\"position\":2,\"name\":\"Latviya grammatikasi\"}]},{\"@type\":\"WebSite\",\"@id\":\"https:\/\/talkpal.ai\/uz\/#website\",\"url\":\"https:\/\/talkpal.ai\/uz\/\",\"name\":\"Talkpal\",\"description\":\"AI Language Learning\",\"publisher\":{\"@id\":\"https:\/\/talkpal.ai\/uz\/#organization\"},\"alternateName\":\"Talkpal AI\",\"potentialAction\":[{\"@type\":\"SearchAction\",\"target\":{\"@type\":\"EntryPoint\",\"urlTemplate\":\"https:\/\/talkpal.ai\/uz\/?s={search_term_string}\"},\"query-input\":{\"@type\":\"PropertyValueSpecification\",\"valueRequired\":true,\"valueName\":\"search_term_string\"}}],\"inLanguage\":\"uz-UZ\"},{\"@type\":\"Organization\",\"@id\":\"https:\/\/talkpal.ai\/uz\/#organization\",\"name\":\"Talkpal, Inc.\",\"alternateName\":\"Talkpal AI\",\"url\":\"https:\/\/talkpal.ai\/uz\/\",\"logo\":{\"@type\":\"ImageObject\",\"inLanguage\":\"uz-UZ\",\"@id\":\"https:\/\/talkpal.ai\/uz\/#\/schema\/logo\/image\/\",\"url\":\"https:\/\/talkpal.ai\/wp-content\/uploads\/2024\/03\/Talkpal-Logo-Icon.png\",\"contentUrl\":\"https:\/\/talkpal.ai\/wp-content\/uploads\/2024\/03\/Talkpal-Logo-Icon.png\",\"width\":2880,\"height\":2880,\"caption\":\"Talkpal, Inc.\"},\"image\":{\"@id\":\"https:\/\/talkpal.ai\/uz\/#\/schema\/logo\/image\/\"},\"sameAs\":[\"https:\/\/www.facebook.com\/profile.php?id=100090733639311\",\"https:\/\/x.com\/talkpalai\",\"https:\/\/www.linkedin.com\/company\/talkpal\/\",\"https:\/\/www.youtube.com\/@TalkPal\/\",\"https:\/\/www.tiktok.com\/@talkpal\",\"https:\/\/www.instagram.com\/talkpal_ai\/\",\"https:\/\/www.crunchbase.com\/organization\/talkpal-9cde\",\"https:\/\/www.g2.com\/products\/talkpal-for-business\/\",\"https:\/\/www.trustpilot.com\/review\/talkpal.ai\",\"https:\/\/www.capterra.com\/p\/10006800\/TalkPal\/\"],\"description\":\"Talkpal is a language learning web and mobile education app, powered by the latest AI technologies, that provides engaging experiences to its customers in many different languages to help them improve their language skills. Users can chat about unlimited amount of topics with the app and use other modes to practice their language learning.\",\"email\":\"support@talkpal.ai\",\"legalName\":\"Talkpal, Inc.\",\"foundingDate\":\"2023-04-03\",\"duns\":\"118989042\",\"numberOfEmployees\":{\"@type\":\"QuantitativeValue\",\"minValue\":\"11\",\"maxValue\":\"50\"},\"publishingPrinciples\":\"https:\/\/talkpal.ai\/publishing-principles\/\",\"actionableFeedbackPolicy\":\"https:\/\/talkpal.ai\/actionable-feedback-policy\/\",\"correctionsPolicy\":\"https:\/\/talkpal.ai\/corrections-policy\/\",\"ethicsPolicy\":\"https:\/\/talkpal.ai\/ethics-policy\/\",\"diversityPolicy\":\"https:\/\/talkpal.ai\/diversity-policy\/\",\"diversityStaffingReport\":\"https:\/\/talkpal.ai\/diversity-policy\/\"}]}<\/script>\n<!-- \/ Yoast SEO Premium plugin. -->","yoast_head_json":{"title":"Latviya grammatikasi - Talkpal","description":"Latviya grammatikasini ishonchli o\u02bbzlashtiring \u2013 qoidalarni o\u02bbrganing, foydalanishni mashq qiling va TalkPalning shaxsiylashtirilgan sun\u02bbiy intellekt bo\u02bbyicha ko\u02bbrsatmalari yordamida til aniqligini osongina oshiring.","robots":{"index":"index","follow":"follow","max-snippet":"max-snippet:-1","max-image-preview":"max-image-preview:large","max-video-preview":"max-video-preview:-1"},"canonical":"https:\/\/talkpal.ai\/uz\/latviya-grammatikasi\/","og_locale":"uz_UZ","og_type":"article","og_title":"Latviya grammatikasi","og_description":"Latviya grammatikasi bo'yicha yakuniy qo'llanma: noyob tilning nozik tomonlarini o'rganish Latviya grammatikasi, xuddi tilning o'zi kabi, til","og_url":"https:\/\/talkpal.ai\/uz\/latviya-grammatikasi\/","og_site_name":"Talkpal","article_publisher":"https:\/\/www.facebook.com\/profile.php?id=100090733639311","article_modified_time":"2025-12-17T17:10:29+00:00","og_image":[{"width":512,"height":512,"url":"https:\/\/talkpal.ai\/wp-content\/uploads\/2023\/05\/latvia.png","type":"image\/png"}],"twitter_card":"summary_large_image","twitter_site":"@talkpalai","twitter_misc":{"Est. reading time":"3 daqiqa"},"schema":{"@context":"https:\/\/schema.org","@graph":[{"@type":"WebPage","@id":"https:\/\/talkpal.ai\/uz\/latviya-grammatikasi\/","url":"https:\/\/talkpal.ai\/uz\/latviya-grammatikasi\/","name":"Latviya grammatikasi - Talkpal","isPartOf":{"@id":"https:\/\/talkpal.ai\/uz\/#website"},"primaryImageOfPage":{"@id":"https:\/\/talkpal.ai\/uz\/latviya-grammatikasi\/#primaryimage"},"image":{"@id":"https:\/\/talkpal.ai\/uz\/latviya-grammatikasi\/#primaryimage"},"thumbnailUrl":"https:\/\/talkpal.ai\/wp-content\/uploads\/2023\/05\/latvia.png","datePublished":"2023-05-14T14:10:24+00:00","dateModified":"2025-12-17T17:10:29+00:00","description":"Latviya grammatikasini ishonchli o\u02bbzlashtiring \u2013 qoidalarni o\u02bbrganing, foydalanishni mashq qiling va TalkPalning shaxsiylashtirilgan sun\u02bbiy intellekt bo\u02bbyicha ko\u02bbrsatmalari yordamida til aniqligini osongina oshiring.","breadcrumb":{"@id":"https:\/\/talkpal.ai\/uz\/latviya-grammatikasi\/#breadcrumb"},"inLanguage":"uz-UZ","potentialAction":[{"@type":"ReadAction","target":["https:\/\/talkpal.ai\/uz\/latviya-grammatikasi\/"]}]},{"@type":"ImageObject","inLanguage":"uz-UZ","@id":"https:\/\/talkpal.ai\/uz\/latviya-grammatikasi\/#primaryimage","url":"https:\/\/talkpal.ai\/wp-content\/uploads\/2023\/05\/latvia.png","contentUrl":"https:\/\/talkpal.ai\/wp-content\/uploads\/2023\/05\/latvia.png","width":512,"height":512,"caption":"TalkPal Latvia Flag"},{"@type":"BreadcrumbList","@id":"https:\/\/talkpal.ai\/uz\/latviya-grammatikasi\/#breadcrumb","itemListElement":[{"@type":"ListItem","position":1,"name":"Homepage","item":"https:\/\/talkpal.ai\/uz\/ai-til-oqituvchisi-3\/"},{"@type":"ListItem","position":2,"name":"Latviya grammatikasi"}]},{"@type":"WebSite","@id":"https:\/\/talkpal.ai\/uz\/#website","url":"https:\/\/talkpal.ai\/uz\/","name":"Talkpal","description":"AI Language Learning","publisher":{"@id":"https:\/\/talkpal.ai\/uz\/#organization"},"alternateName":"Talkpal AI","potentialAction":[{"@type":"SearchAction","target":{"@type":"EntryPoint","urlTemplate":"https:\/\/talkpal.ai\/uz\/?s={search_term_string}"},"query-input":{"@type":"PropertyValueSpecification","valueRequired":true,"valueName":"search_term_string"}}],"inLanguage":"uz-UZ"},{"@type":"Organization","@id":"https:\/\/talkpal.ai\/uz\/#organization","name":"Talkpal, Inc.","alternateName":"Talkpal AI","url":"https:\/\/talkpal.ai\/uz\/","logo":{"@type":"ImageObject","inLanguage":"uz-UZ","@id":"https:\/\/talkpal.ai\/uz\/#\/schema\/logo\/image\/","url":"https:\/\/talkpal.ai\/wp-content\/uploads\/2024\/03\/Talkpal-Logo-Icon.png","contentUrl":"https:\/\/talkpal.ai\/wp-content\/uploads\/2024\/03\/Talkpal-Logo-Icon.png","width":2880,"height":2880,"caption":"Talkpal, Inc."},"image":{"@id":"https:\/\/talkpal.ai\/uz\/#\/schema\/logo\/image\/"},"sameAs":["https:\/\/www.facebook.com\/profile.php?id=100090733639311","https:\/\/x.com\/talkpalai","https:\/\/www.linkedin.com\/company\/talkpal\/","https:\/\/www.youtube.com\/@TalkPal\/","https:\/\/www.tiktok.com\/@talkpal","https:\/\/www.instagram.com\/talkpal_ai\/","https:\/\/www.crunchbase.com\/organization\/talkpal-9cde","https:\/\/www.g2.com\/products\/talkpal-for-business\/","https:\/\/www.trustpilot.com\/review\/talkpal.ai","https:\/\/www.capterra.com\/p\/10006800\/TalkPal\/"],"description":"Talkpal is a language learning web and mobile education app, powered by the latest AI technologies, that provides engaging experiences to its customers in many different languages to help them improve their language skills. Users can chat about unlimited amount of topics with the app and use other modes to practice their language learning.","email":"support@talkpal.ai","legalName":"Talkpal, Inc.","foundingDate":"2023-04-03","duns":"118989042","numberOfEmployees":{"@type":"QuantitativeValue","minValue":"11","maxValue":"50"},"publishingPrinciples":"https:\/\/talkpal.ai\/publishing-principles\/","actionableFeedbackPolicy":"https:\/\/talkpal.ai\/actionable-feedback-policy\/","correctionsPolicy":"https:\/\/talkpal.ai\/corrections-policy\/","ethicsPolicy":"https:\/\/talkpal.ai\/ethics-policy\/","diversityPolicy":"https:\/\/talkpal.ai\/diversity-policy\/","diversityStaffingReport":"https:\/\/talkpal.ai\/diversity-policy\/"}]}},"_links":{"self":[{"href":"https:\/\/talkpal.ai\/uz\/wp-json\/wp\/v2\/pages\/1443787","targetHints":{"allow":["GET"]}}],"collection":[{"href":"https:\/\/talkpal.ai\/uz\/wp-json\/wp\/v2\/pages"}],"about":[{"href":"https:\/\/talkpal.ai\/uz\/wp-json\/wp\/v2\/types\/page"}],"author":[{"embeddable":true,"href":"https:\/\/talkpal.ai\/uz\/wp-json\/wp\/v2\/users\/1"}],"replies":[{"embeddable":true,"href":"https:\/\/talkpal.ai\/uz\/wp-json\/wp\/v2\/comments?post=1443787"}],"version-history":[{"count":0,"href":"https:\/\/talkpal.ai\/uz\/wp-json\/wp\/v2\/pages\/1443787\/revisions"}],"wp:featuredmedia":[{"embeddable":true,"href":"https:\/\/talkpal.ai\/uz\/wp-json\/wp\/v2\/media\/1443788"}],"wp:attachment":[{"href":"https:\/\/talkpal.ai\/uz\/wp-json\/wp\/v2\/media?parent=1443787"}],"curies":[{"name":"wp","href":"https:\/\/api.w.org\/{rel}","templated":true}]}}