{"id":1443709,"date":"2023-05-14T14:04:48","date_gmt":"2023-05-14T14:04:48","guid":{"rendered":"https:\/\/talkpal.ai\/ibroniy-grammatikasi\/"},"modified":"2025-12-13T15:37:15","modified_gmt":"2025-12-13T15:37:15","slug":"ibroniy-grammatikasi","status":"publish","type":"page","link":"https:\/\/talkpal.ai\/uz\/ibroniy-grammatikasi\/","title":{"rendered":"Ibroniy grammatikasi"},"content":{"rendered":"\r\n\r\n\r\n<section class=\"languageChallengeSection\">\r\n    <div class=\"languageInfoWrapper\">\r\n        \r\n        <h1>Ibroniy grammatikasi<\/h1>\r\n        <p>Ibroniy grammatikasini o&#039;rganing va chuqur tarixiy ildizlarga va zamonaviy dolzarblikka ega bo&#039;lgan til sirlarini oching. Qiyinchilikni qabul qiling va ibroniy grammatikasining go&#039;zalligi orqali jonli madaniyat bilan bog&#039;laning!<\/p>\r\n\r\n                            <a class=\"getStartedHidden\" href=\"https:\/\/app.talkpal.ai\/uz\/signup?lng=\">Boshlang<\/a>\r\n        \r\n    <\/div>\r\n\r\n    <figure>\r\n    <img decoding=\"async\" width=\"768\" height=\"768\" src=\"https:\/\/talkpal.ai\/wp-content\/uploads\/2023\/06\/hebrew-768x768.png\" class=\"languageImage no-lazy\" alt=\"Language learning for proficient communication\" fetchpriority=\"high\" sizes=\"(max-width: 768px) 150px, 768px\" srcset=\"https:\/\/talkpal.ai\/wp-content\/uploads\/2023\/06\/hebrew-768x768.png 768w, https:\/\/talkpal.ai\/wp-content\/uploads\/2023\/06\/hebrew-300x300.png 300w\" \/>\r\n    \r\n\r\n    <\/figure>\r\n\r\n            <a class=\"getStartedVisible\" href=\"https:\/\/app.talkpal.ai\/uz\/signup?lng=\">Boshlang<\/a>\r\n    \r\n<\/section>\r\n<section class=\"promotionalBanner\">\r\n    <p class=\"promotionalText\">Til o&#8217;rganishning eng samarali usuli<\/p>\r\n    <a class=\"promotionalLink\" href=\"https:\/\/app.talkpal.ai\/uz\/signup?lng=\">Talkpal-ni bepul sinab ko&#8217;ring<\/a>\r\n<\/section>\n<div class=\"wp-block-group pageContainerStyle\"><div class=\"wp-block-group__inner-container is-layout-constrained wp-block-group-is-layout-constrained\">\n<h2 class=\"wp-block-heading\" id=\"h-mastering-hebrew-grammar-your-ultimate-guide\">Ibroniy grammatikasini o&#8217;zlashtirish: Sizning yakuniy qo&#8217;llanmangiz<\/h2>\n\n\n\n<p>Assalomu alaykum, <a href=\"https:\/\/talkpal.ai\/talkpal-discount-for-language-enthusiasts\/\">til ixlosmandlari<\/a>! Ibroniy grammatikasining ajoyib olamiga sho&#8217;ng&#8217;ishga tayyormisiz? Siz to&#8217;g&#8217;ri joyga keldingiz. Oson tushunarli ma&#8217;lumotlar va suhbat ohangi bilan to&#8217;ldirilgan ushbu maqola sizni ibroniy grammatikasining hayratlanarli sohasi bo&#8217;ylab yo&#8217;naltiradi. Tez orada siz jumlalar tuza olasiz va ona tilida so&#8217;zlashuvchilar bilan mazmunli suhbatlar o&#8217;tkaza olasiz. Shunday qilib, keling, ibroniy grammatikasini o&#8217;zlashtirish sari sayohatingizni boshlaylik!<\/p>\n\n\n\n<p><strong>Lekin birinchi navbatda, nega ibroniy grammatikasi?<\/strong><\/p>\n\n\n\n<p>Agar siz ibroniy tilini o&#8217;rganayotgan bo&#8217;lsangiz, ravon gapirish, o&#8217;qish va yozish uchun <a href=\"https:\/\/talkpal.ai\/greek-grammar\/\">grammatika<\/a> bo&#8217;yicha mustahkam poydevor zarur. <a href=\"https:\/\/talkpal.ai\/hebrew-grammar\/\">Ibroniy grammatikasi<\/a> dastlab murakkab ko&#8217;rinishi mumkin bo&#8217;lsa-da, kichikroq va boshqariladigan bo&#8217;laklarga bo&#8217;lingandan keyin u yanada qulayroq bo&#8217;ladi. Shunday qilib, keling, ushbu qiziqarli sayohatga chiqaylik!<\/p>\n\n\n\n<h3 class=\"wp-block-heading\" id=\"h-1-nouns-gender-and-number\">1. Ot, jins va son<\/h3>\n\n\n\n<p><a href=\"https:\/\/talkpal.ai\/learn-hebrew\/\">Ibroniycha<\/a> otlar ikkita jinsga ega &#8211; erkak va ayol &#8211; va birlik yoki ko&#8217;p bo&#8217;lishi mumkin. Ismning jinsini aniqlash gapning to\u2018g\u2018ri tuzilishiga asos bo\u2018ladi, chunki u nutqning boshqa qismlariga, masalan, fe\u2019l va sifatlarga ta\u2019sir qiladi.  <\/p>\n\n\n\n<p>Umumiy qoida: agar ot \u201cha\u201d (hey) yoki \u201cth\u201d (tav) bilan tugasa, u odatda ayolga xosdir. Biroq, istisnolar mavjud, shuning uchun lug&#8217;atni o&#8217;rganishda ism jinslarini eslab qolish muhimdir.<\/p>\n\n\n\n<p>Bundan tashqari, <a href=\"https:\/\/talkpal.ai\/learn-hebrew\/\">ibroniycha<\/a> otlar soniga qarab turli shakllarni oladi. Ko\u2018plikdagi erkak otlari odatda \u201cyy\u201d (yim) bilan tugaydi, ko\u2018plikdagi ayol otlari esa \u201cw\u201d (ot) bilan tugaydi.<\/p>\n\n\n\n<h3 class=\"wp-block-heading\" id=\"h-2-adjectives-agreement-and-definite-articles\">2. Sifat, kelishik va aniqlovchilar<\/h3>\n\n\n\n<p>Ibroniycha sifatlar jinsi va soni bo&#8217;yicha ular o&#8217;zgartirgan otga mos kelishi kerak. Sifatni ayollik qilish uchun, agar u hali bo&#8217;lmasa, oxiriga &laquo;ha&raquo; (hey) qo&#8217;shing. Sifatni ko&#8217;plik qilish uchun otlar bilan bir xil printsipga amal qiling: erkak uchun &laquo;y&raquo; va ayol uchun &laquo;w&raquo; qo&#8217;shing.<\/p>\n\n\n\n<p>Ibroniycha \u201cthe\u201d aniq artikl \u201cha\u201d (hey) bo\u2018lib, ot yoki sifatdoshga old qo\u2018shimcha sifatida qo\u2018shiladi. Masalan, \u201chsfer\u201d (haSefer \u2013 kitob) yoki \u201chedur hhadol\u201d (hakadur hagadol \u2013 katta to&#8217;p).<\/p>\n\n\n\n<h3 class=\"wp-block-heading\" id=\"h-3-verbs-tense-and-conjugation\">3. Fe\u2019l, zamon va kelishik<\/h3>\n\n\n\n<p>Ibroniycha fe&#8217;llar grammatikada hal qiluvchi rol o&#8217;ynaydi va &laquo;binyanim&raquo; deb nomlangan etti konjugatsiya guruhiga bo&#8217;linadi. Har bir binyan fe&#8217;lning ma&#8217;nosi va gapdagi roliga ta&#8217;sir qiladi.<\/p>\n\n\n\n<p>Sizga qisqacha ma&#8217;lumot berish uchun keling, oddiy fe&#8217;llarning hozirgi zamonini muhokama qilaylik:<\/p>\n\n\n\n<p><strong>\u2013 Ani kur\/k (ani kore\/et \u2013 men o\u2018qiganman, masc.\/fem.)<\/strong><\/p>\n\n\n\n<p><strong>\u2013 aa\/h kurr\/k (ata\/at kore\/et \u2013 o\u2018qigansiz, mask.\/fem.)<\/strong><\/p>\n\n\n\n<p><strong>\u2013 hhu\/hhi kur kur\/k (hu\/hi kore\/et \u2013 u o\u2018qiydi)<\/strong><\/p>\n\n\n\n<p>Esingizda bo&#8217;lsin, bu faqat boshlanishi! Siz oldinga siljishda ko&#8217;plab boshqa zamonlar, tartibsiz fe&#8217;llar va binyan murakkabliklari paydo bo&#8217;ladi.<\/p>\n\n\n\n<h3 class=\"wp-block-heading\" id=\"h-4-pronouns-prepositions-and-more\">4. Olmoshlar, yuklamalar va boshqalar!<\/h3>\n\n\n\n<p>Ibroniycha grammatika olmoshlar (any, \u0101\u0101, \u0151u, hh\u0110 va boshqalar), predloglar (a, l, m, \u0110l va boshqalar) va idiomatik iboralar kabi boshqa komponentlarni o&#8217;z ichiga oladi. Har bir elementni hal qilish ibroniy tilida keng qamrovli ravonlikka erishish uchun juda muhimdir, shuning uchun uni bir vaqtning o&#8217;zida bir qadam tashlang.<\/p>\n\n\n\n<p>Xulosa qilib aytganda, ibroniy grammatikasini o&#8217;zlashtirish uchun yorliq yo&#8217;q. Bu qat&#8217;iyat, amaliyot va sabr-toqatni talab qiladi. Biroq, uning nozik tomonlarini tushunganingizdan so&#8217;ng, siz ibroniy tilida suhbatlashishning nozik jihatlaridan bahramand bo&#8217;lasiz, boy madaniyat va tarixni o&#8217;rganasiz va tilga bo&#8217;lgan hurmatingizni kuchaytirasiz. bhahlacha (behatzlacha &#8211; omad tilaymiz)!<\/p>\n<\/div><\/div>\n\r\n<section class=\"learnNavigationSection\">\r\n            \r\n        <a href=\"https:\/\/talkpal.ai\/uz\/ibroniy-tilini-organing\/\">\r\n            <div class=\"learnNavigationWrapper\">\r\n                <div class=\"learnNavigationContent\">\r\n                    <img decoding=\"async\" src=\"https:\/\/talkpal.ai\/wp-content\/uploads\/2024\/08\/Hebrew.jpg\" alt=\"Israel Flag\">\r\n                    <div>\r\n                        <h4>Ibroniy tilini o&#039;rganish haqida<\/h4>\r\n                        <p>Ibroniy tili grammatikasi haqida hamma narsani bilib oling.<\/p>\r\n                    <\/div>\r\n                <\/div>\r\n            <\/div>\r\n        <\/a>\r\n\r\n        \r\n        <a href=\"https:\/\/talkpal.ai\/uz\/ibroniy-tili-grammatikasi-mashqlari\/\">\r\n            <div class=\"learnNavigationWrapper\">\r\n                <div class=\"learnNavigationContent\">\r\n                    <img decoding=\"async\" src=\"https:\/\/talkpal.ai\/wp-content\/uploads\/2024\/08\/Hebrew.jpg\" alt=\"Israel Flag\">\r\n                    <div>\r\n                        <h4>Ibroniycha grammatika bo&#039;yicha mashq<\/h4>\r\n                        <p>Ibroniy grammatikasini mashq qiling.<\/p>\r\n                    <\/div>\r\n                <\/div>\r\n            <\/div>\r\n        <\/a>\r\n\r\n        \r\n        <a href=\"https:\/\/talkpal.ai\/vocabulary_language\/hebrew\/\">\r\n            <div class=\"learnNavigationWrapper\">\r\n                <div class=\"learnNavigationContent\">\r\n                    <img decoding=\"async\" src=\"https:\/\/talkpal.ai\/wp-content\/uploads\/2024\/08\/Hebrew.jpg\" alt=\"Israel Flag\">\r\n                    <div>\r\n                        <h4>Ibroniycha lug&#039;at<\/h4>\r\n                        <p>Ibroniycha lug&#039;atingizni kengaytiring.<\/p>\r\n                    <\/div>\r\n                <\/div>\r\n            <\/div>\r\n        <\/a>\r\n\r\n            <\/section>","protected":false},"excerpt":{"rendered":"<p>Ibroniy grammatikasini o&#8217;zlashtirish: Sizning yakuniy qo&#8217;llanmangiz Assalomu alaykum, til ixlosmandlari! Ibroniy grammatikasining ajoyib olamiga sho&#8217;ng&#8217;ishga tayyormisiz? Siz to&#8217;g&#8217;ri joyga keldingiz. Oson tushunarli ma&#8217;lumotlar va suhbat ohangi bilan to&#8217;ldirilgan ushbu maqola sizni ibroniy grammatikasining hayratlanarli sohasi bo&#8217;ylab yo&#8217;naltiradi. Tez orada siz jumlalar tuza olasiz va ona tilida so&#8217;zlashuvchilar bilan mazmunli suhbatlar o&#8217;tkaza olasiz. Shunday qilib, keling, [&hellip;]<\/p>\n","protected":false},"author":1,"featured_media":1443710,"parent":0,"menu_order":0,"comment_status":"closed","ping_status":"closed","template":"LearningContentPage.php","meta":{"_acf_changed":false,"footnotes":""},"class_list":["post-1443709","page","type-page","status-publish","has-post-thumbnail","hentry"],"acf":[],"yoast_head":"<!-- This site is optimized with the Yoast SEO Premium plugin v27.2 (Yoast SEO v27.2) - https:\/\/yoast.com\/product\/yoast-seo-premium-wordpress\/ -->\n<title>Ibroniy grammatikasi - Talkpal<\/title>\n<meta name=\"description\" content=\"Ibroniycha grammatikangizni ishonchli tarzda yaxshilang - asosiy qoidalarni o&#039;rganing, to&#039;g&#039;ri jumlalar tuzing va TalkPalning AI bo&#039;yicha oson darslari bilan aniq muloqot qiling.\" \/>\n<meta name=\"robots\" content=\"index, follow, max-snippet:-1, max-image-preview:large, max-video-preview:-1\" \/>\n<link rel=\"canonical\" href=\"https:\/\/talkpal.ai\/uz\/ibroniy-grammatikasi\/\" \/>\n<meta property=\"og:locale\" content=\"uz_UZ\" \/>\n<meta property=\"og:type\" content=\"article\" \/>\n<meta property=\"og:title\" content=\"Ibroniy grammatikasi\" \/>\n<meta property=\"og:description\" content=\"Ibroniy grammatikasini o&#039;zlashtirish: Sizning yakuniy qo&#039;llanmangiz Assalomu alaykum, til ixlosmandlari! Ibroniy grammatikasining ajoyib olamiga\" \/>\n<meta property=\"og:url\" content=\"https:\/\/talkpal.ai\/uz\/ibroniy-grammatikasi\/\" \/>\n<meta property=\"og:site_name\" content=\"Talkpal\" \/>\n<meta property=\"article:publisher\" content=\"https:\/\/www.facebook.com\/profile.php?id=100090733639311\" \/>\n<meta property=\"article:modified_time\" content=\"2025-12-13T15:37:15+00:00\" \/>\n<meta property=\"og:image\" content=\"https:\/\/talkpal.ai\/wp-content\/uploads\/2023\/05\/israel.png\" \/>\n\t<meta property=\"og:image:width\" content=\"512\" \/>\n\t<meta property=\"og:image:height\" content=\"512\" \/>\n\t<meta property=\"og:image:type\" content=\"image\/png\" \/>\n<meta name=\"twitter:card\" content=\"summary_large_image\" \/>\n<meta name=\"twitter:site\" content=\"@talkpalai\" \/>\n<meta name=\"twitter:label1\" content=\"Est. reading time\" \/>\n\t<meta name=\"twitter:data1\" content=\"2 daqiqa\" \/>\n<script type=\"application\/ld+json\" class=\"yoast-schema-graph\">{\"@context\":\"https:\/\/schema.org\",\"@graph\":[{\"@type\":\"WebPage\",\"@id\":\"https:\/\/talkpal.ai\/uz\/ibroniy-grammatikasi\/\",\"url\":\"https:\/\/talkpal.ai\/uz\/ibroniy-grammatikasi\/\",\"name\":\"Ibroniy grammatikasi - Talkpal\",\"isPartOf\":{\"@id\":\"https:\/\/talkpal.ai\/uz\/#website\"},\"primaryImageOfPage\":{\"@id\":\"https:\/\/talkpal.ai\/uz\/ibroniy-grammatikasi\/#primaryimage\"},\"image\":{\"@id\":\"https:\/\/talkpal.ai\/uz\/ibroniy-grammatikasi\/#primaryimage\"},\"thumbnailUrl\":\"https:\/\/talkpal.ai\/wp-content\/uploads\/2023\/05\/israel.png\",\"datePublished\":\"2023-05-14T14:04:48+00:00\",\"dateModified\":\"2025-12-13T15:37:15+00:00\",\"description\":\"Ibroniycha grammatikangizni ishonchli tarzda yaxshilang - asosiy qoidalarni o'rganing, to'g'ri jumlalar tuzing va TalkPalning AI bo'yicha oson darslari bilan aniq muloqot qiling.\",\"breadcrumb\":{\"@id\":\"https:\/\/talkpal.ai\/uz\/ibroniy-grammatikasi\/#breadcrumb\"},\"inLanguage\":\"uz-UZ\",\"potentialAction\":[{\"@type\":\"ReadAction\",\"target\":[\"https:\/\/talkpal.ai\/uz\/ibroniy-grammatikasi\/\"]}]},{\"@type\":\"ImageObject\",\"inLanguage\":\"uz-UZ\",\"@id\":\"https:\/\/talkpal.ai\/uz\/ibroniy-grammatikasi\/#primaryimage\",\"url\":\"https:\/\/talkpal.ai\/wp-content\/uploads\/2023\/05\/israel.png\",\"contentUrl\":\"https:\/\/talkpal.ai\/wp-content\/uploads\/2023\/05\/israel.png\",\"width\":512,\"height\":512,\"caption\":\"TalkPal Israel Flag\"},{\"@type\":\"BreadcrumbList\",\"@id\":\"https:\/\/talkpal.ai\/uz\/ibroniy-grammatikasi\/#breadcrumb\",\"itemListElement\":[{\"@type\":\"ListItem\",\"position\":1,\"name\":\"Homepage\",\"item\":\"https:\/\/talkpal.ai\/uz\/ai-til-oqituvchisi-3\/\"},{\"@type\":\"ListItem\",\"position\":2,\"name\":\"Ibroniy grammatikasi\"}]},{\"@type\":\"WebSite\",\"@id\":\"https:\/\/talkpal.ai\/uz\/#website\",\"url\":\"https:\/\/talkpal.ai\/uz\/\",\"name\":\"Talkpal\",\"description\":\"AI Language Learning\",\"publisher\":{\"@id\":\"https:\/\/talkpal.ai\/uz\/#organization\"},\"alternateName\":\"Talkpal AI\",\"potentialAction\":[{\"@type\":\"SearchAction\",\"target\":{\"@type\":\"EntryPoint\",\"urlTemplate\":\"https:\/\/talkpal.ai\/uz\/?s={search_term_string}\"},\"query-input\":{\"@type\":\"PropertyValueSpecification\",\"valueRequired\":true,\"valueName\":\"search_term_string\"}}],\"inLanguage\":\"uz-UZ\"},{\"@type\":\"Organization\",\"@id\":\"https:\/\/talkpal.ai\/uz\/#organization\",\"name\":\"Talkpal, Inc.\",\"alternateName\":\"Talkpal AI\",\"url\":\"https:\/\/talkpal.ai\/uz\/\",\"logo\":{\"@type\":\"ImageObject\",\"inLanguage\":\"uz-UZ\",\"@id\":\"https:\/\/talkpal.ai\/uz\/#\/schema\/logo\/image\/\",\"url\":\"https:\/\/talkpal.ai\/wp-content\/uploads\/2024\/03\/Talkpal-Logo-Icon.png\",\"contentUrl\":\"https:\/\/talkpal.ai\/wp-content\/uploads\/2024\/03\/Talkpal-Logo-Icon.png\",\"width\":2880,\"height\":2880,\"caption\":\"Talkpal, Inc.\"},\"image\":{\"@id\":\"https:\/\/talkpal.ai\/uz\/#\/schema\/logo\/image\/\"},\"sameAs\":[\"https:\/\/www.facebook.com\/profile.php?id=100090733639311\",\"https:\/\/x.com\/talkpalai\",\"https:\/\/www.linkedin.com\/company\/talkpal\/\",\"https:\/\/www.youtube.com\/@TalkPal\/\",\"https:\/\/www.tiktok.com\/@talkpal\",\"https:\/\/www.instagram.com\/talkpal_ai\/\",\"https:\/\/www.crunchbase.com\/organization\/talkpal-9cde\",\"https:\/\/www.g2.com\/products\/talkpal-for-business\/\",\"https:\/\/www.trustpilot.com\/review\/talkpal.ai\",\"https:\/\/www.capterra.com\/p\/10006800\/TalkPal\/\"],\"description\":\"Talkpal is a language learning web and mobile education app, powered by the latest AI technologies, that provides engaging experiences to its customers in many different languages to help them improve their language skills. Users can chat about unlimited amount of topics with the app and use other modes to practice their language learning.\",\"email\":\"support@talkpal.ai\",\"legalName\":\"Talkpal, Inc.\",\"foundingDate\":\"2023-04-03\",\"duns\":\"118989042\",\"numberOfEmployees\":{\"@type\":\"QuantitativeValue\",\"minValue\":\"11\",\"maxValue\":\"50\"},\"publishingPrinciples\":\"https:\/\/talkpal.ai\/publishing-principles\/\",\"actionableFeedbackPolicy\":\"https:\/\/talkpal.ai\/actionable-feedback-policy\/\",\"correctionsPolicy\":\"https:\/\/talkpal.ai\/corrections-policy\/\",\"ethicsPolicy\":\"https:\/\/talkpal.ai\/ethics-policy\/\",\"diversityPolicy\":\"https:\/\/talkpal.ai\/diversity-policy\/\",\"diversityStaffingReport\":\"https:\/\/talkpal.ai\/diversity-policy\/\"}]}<\/script>\n<!-- \/ Yoast SEO Premium plugin. -->","yoast_head_json":{"title":"Ibroniy grammatikasi - Talkpal","description":"Ibroniycha grammatikangizni ishonchli tarzda yaxshilang - asosiy qoidalarni o'rganing, to'g'ri jumlalar tuzing va TalkPalning AI bo'yicha oson darslari bilan aniq muloqot qiling.","robots":{"index":"index","follow":"follow","max-snippet":"max-snippet:-1","max-image-preview":"max-image-preview:large","max-video-preview":"max-video-preview:-1"},"canonical":"https:\/\/talkpal.ai\/uz\/ibroniy-grammatikasi\/","og_locale":"uz_UZ","og_type":"article","og_title":"Ibroniy grammatikasi","og_description":"Ibroniy grammatikasini o'zlashtirish: Sizning yakuniy qo'llanmangiz Assalomu alaykum, til ixlosmandlari! Ibroniy grammatikasining ajoyib olamiga","og_url":"https:\/\/talkpal.ai\/uz\/ibroniy-grammatikasi\/","og_site_name":"Talkpal","article_publisher":"https:\/\/www.facebook.com\/profile.php?id=100090733639311","article_modified_time":"2025-12-13T15:37:15+00:00","og_image":[{"width":512,"height":512,"url":"https:\/\/talkpal.ai\/wp-content\/uploads\/2023\/05\/israel.png","type":"image\/png"}],"twitter_card":"summary_large_image","twitter_site":"@talkpalai","twitter_misc":{"Est. reading time":"2 daqiqa"},"schema":{"@context":"https:\/\/schema.org","@graph":[{"@type":"WebPage","@id":"https:\/\/talkpal.ai\/uz\/ibroniy-grammatikasi\/","url":"https:\/\/talkpal.ai\/uz\/ibroniy-grammatikasi\/","name":"Ibroniy grammatikasi - Talkpal","isPartOf":{"@id":"https:\/\/talkpal.ai\/uz\/#website"},"primaryImageOfPage":{"@id":"https:\/\/talkpal.ai\/uz\/ibroniy-grammatikasi\/#primaryimage"},"image":{"@id":"https:\/\/talkpal.ai\/uz\/ibroniy-grammatikasi\/#primaryimage"},"thumbnailUrl":"https:\/\/talkpal.ai\/wp-content\/uploads\/2023\/05\/israel.png","datePublished":"2023-05-14T14:04:48+00:00","dateModified":"2025-12-13T15:37:15+00:00","description":"Ibroniycha grammatikangizni ishonchli tarzda yaxshilang - asosiy qoidalarni o'rganing, to'g'ri jumlalar tuzing va TalkPalning AI bo'yicha oson darslari bilan aniq muloqot qiling.","breadcrumb":{"@id":"https:\/\/talkpal.ai\/uz\/ibroniy-grammatikasi\/#breadcrumb"},"inLanguage":"uz-UZ","potentialAction":[{"@type":"ReadAction","target":["https:\/\/talkpal.ai\/uz\/ibroniy-grammatikasi\/"]}]},{"@type":"ImageObject","inLanguage":"uz-UZ","@id":"https:\/\/talkpal.ai\/uz\/ibroniy-grammatikasi\/#primaryimage","url":"https:\/\/talkpal.ai\/wp-content\/uploads\/2023\/05\/israel.png","contentUrl":"https:\/\/talkpal.ai\/wp-content\/uploads\/2023\/05\/israel.png","width":512,"height":512,"caption":"TalkPal Israel Flag"},{"@type":"BreadcrumbList","@id":"https:\/\/talkpal.ai\/uz\/ibroniy-grammatikasi\/#breadcrumb","itemListElement":[{"@type":"ListItem","position":1,"name":"Homepage","item":"https:\/\/talkpal.ai\/uz\/ai-til-oqituvchisi-3\/"},{"@type":"ListItem","position":2,"name":"Ibroniy grammatikasi"}]},{"@type":"WebSite","@id":"https:\/\/talkpal.ai\/uz\/#website","url":"https:\/\/talkpal.ai\/uz\/","name":"Talkpal","description":"AI Language Learning","publisher":{"@id":"https:\/\/talkpal.ai\/uz\/#organization"},"alternateName":"Talkpal AI","potentialAction":[{"@type":"SearchAction","target":{"@type":"EntryPoint","urlTemplate":"https:\/\/talkpal.ai\/uz\/?s={search_term_string}"},"query-input":{"@type":"PropertyValueSpecification","valueRequired":true,"valueName":"search_term_string"}}],"inLanguage":"uz-UZ"},{"@type":"Organization","@id":"https:\/\/talkpal.ai\/uz\/#organization","name":"Talkpal, Inc.","alternateName":"Talkpal AI","url":"https:\/\/talkpal.ai\/uz\/","logo":{"@type":"ImageObject","inLanguage":"uz-UZ","@id":"https:\/\/talkpal.ai\/uz\/#\/schema\/logo\/image\/","url":"https:\/\/talkpal.ai\/wp-content\/uploads\/2024\/03\/Talkpal-Logo-Icon.png","contentUrl":"https:\/\/talkpal.ai\/wp-content\/uploads\/2024\/03\/Talkpal-Logo-Icon.png","width":2880,"height":2880,"caption":"Talkpal, Inc."},"image":{"@id":"https:\/\/talkpal.ai\/uz\/#\/schema\/logo\/image\/"},"sameAs":["https:\/\/www.facebook.com\/profile.php?id=100090733639311","https:\/\/x.com\/talkpalai","https:\/\/www.linkedin.com\/company\/talkpal\/","https:\/\/www.youtube.com\/@TalkPal\/","https:\/\/www.tiktok.com\/@talkpal","https:\/\/www.instagram.com\/talkpal_ai\/","https:\/\/www.crunchbase.com\/organization\/talkpal-9cde","https:\/\/www.g2.com\/products\/talkpal-for-business\/","https:\/\/www.trustpilot.com\/review\/talkpal.ai","https:\/\/www.capterra.com\/p\/10006800\/TalkPal\/"],"description":"Talkpal is a language learning web and mobile education app, powered by the latest AI technologies, that provides engaging experiences to its customers in many different languages to help them improve their language skills. Users can chat about unlimited amount of topics with the app and use other modes to practice their language learning.","email":"support@talkpal.ai","legalName":"Talkpal, Inc.","foundingDate":"2023-04-03","duns":"118989042","numberOfEmployees":{"@type":"QuantitativeValue","minValue":"11","maxValue":"50"},"publishingPrinciples":"https:\/\/talkpal.ai\/publishing-principles\/","actionableFeedbackPolicy":"https:\/\/talkpal.ai\/actionable-feedback-policy\/","correctionsPolicy":"https:\/\/talkpal.ai\/corrections-policy\/","ethicsPolicy":"https:\/\/talkpal.ai\/ethics-policy\/","diversityPolicy":"https:\/\/talkpal.ai\/diversity-policy\/","diversityStaffingReport":"https:\/\/talkpal.ai\/diversity-policy\/"}]}},"_links":{"self":[{"href":"https:\/\/talkpal.ai\/uz\/wp-json\/wp\/v2\/pages\/1443709","targetHints":{"allow":["GET"]}}],"collection":[{"href":"https:\/\/talkpal.ai\/uz\/wp-json\/wp\/v2\/pages"}],"about":[{"href":"https:\/\/talkpal.ai\/uz\/wp-json\/wp\/v2\/types\/page"}],"author":[{"embeddable":true,"href":"https:\/\/talkpal.ai\/uz\/wp-json\/wp\/v2\/users\/1"}],"replies":[{"embeddable":true,"href":"https:\/\/talkpal.ai\/uz\/wp-json\/wp\/v2\/comments?post=1443709"}],"version-history":[{"count":0,"href":"https:\/\/talkpal.ai\/uz\/wp-json\/wp\/v2\/pages\/1443709\/revisions"}],"wp:featuredmedia":[{"embeddable":true,"href":"https:\/\/talkpal.ai\/uz\/wp-json\/wp\/v2\/media\/1443710"}],"wp:attachment":[{"href":"https:\/\/talkpal.ai\/uz\/wp-json\/wp\/v2\/media?parent=1443709"}],"curies":[{"name":"wp","href":"https:\/\/api.w.org\/{rel}","templated":true}]}}