{"id":1443687,"date":"2023-05-14T14:03:07","date_gmt":"2023-05-14T14:03:07","guid":{"rendered":"https:\/\/talkpal.ai\/chexiya-grammatikasi\/"},"modified":"2025-12-13T15:35:12","modified_gmt":"2025-12-13T15:35:12","slug":"chexiya-grammatikasi","status":"publish","type":"page","link":"https:\/\/talkpal.ai\/uz\/chexiya-grammatikasi\/","title":{"rendered":"Chexiya grammatikasi"},"content":{"rendered":"\r\n\r\n\r\n<section class=\"languageChallengeSection\">\r\n    <div class=\"languageInfoWrapper\">\r\n        \r\n        <h1>Chexiya grammatikasi<\/h1>\r\n        <p>Chexiya grammatikasining nozik tomonlarini o&#039;rganing va ushbu Markaziy Evropa tilini tushunish uchun eshikni oching. Muhim qoidalar va naqshlarni o&#039;zlashtirib, siz yanada samarali muloqot qilasiz va Chexiya madaniyati <a href=\"https:\/\/talkpal.ai\/uz\/haqida\/\">haqida<\/a> chuqurroq ma&#039;lumotga ega bo&#039;lasiz. Chex tili grammatikasini bugunoq o&#039;rganishni boshlang va ravonlik sari birinchi qadamingizni qo&#039;ying!<\/p>\r\n\r\n                            <a class=\"getStartedHidden\" href=\"https:\/\/app.talkpal.ai\/uz\/signup?lng=\">Boshlang<\/a>\r\n        \r\n    <\/div>\r\n\r\n    <figure>\r\n    <img decoding=\"async\" width=\"768\" height=\"768\" src=\"https:\/\/talkpal.ai\/wp-content\/uploads\/2023\/06\/Czech-768x768.png\" class=\"languageImage no-lazy\" alt=\"Language learning for intellectual development\" fetchpriority=\"high\" sizes=\"(max-width: 768px) 150px, 768px\" srcset=\"https:\/\/talkpal.ai\/wp-content\/uploads\/2023\/06\/Czech-768x768.png 768w, https:\/\/talkpal.ai\/wp-content\/uploads\/2023\/06\/Czech-300x300.png 300w\" \/>\r\n    \r\n\r\n    <\/figure>\r\n\r\n            <a class=\"getStartedVisible\" href=\"https:\/\/app.talkpal.ai\/uz\/signup?lng=\">Boshlang<\/a>\r\n    \r\n<\/section>\r\n<section class=\"promotionalBanner\">\r\n    <p class=\"promotionalText\">Til o&#8217;rganishning eng samarali usuli<\/p>\r\n    <a class=\"promotionalLink\" href=\"https:\/\/app.talkpal.ai\/uz\/signup?lng=\">Talkpal-ni bepul sinab ko&#8217;ring<\/a>\r\n<\/section>\n<div class=\"wp-block-group pageContainerStyle\"><div class=\"wp-block-group__inner-container is-layout-constrained wp-block-group-is-layout-constrained\">\n<h2 class=\"wp-block-heading\" id=\"h-czech-grammar-making-sense-of-the-czech-language-s-unique-structure\">Chex grammatikasi: Chex tilining o&#8217;ziga xos tuzilishini tushunish<\/h2>\n\n\n\n<p>Agar siz chex tilini o&#8217;rganishga harakat qilgan bo&#8217;lsangiz yoki hatto Chexiya maqolasi yoki kitobini ko&#8217;rib chiqsangiz &#8211; uning grammatikasi juda qiyin bo&#8217;lishi mumkinligini payqagan bo&#8217;lsangiz kerak. Chexiya grammatikasi eng murakkab til tizimlaridan biri sifatida ko&#8217;pchilik tomonidan ko&#8217;plab chet ellik talabalarni hayratda qoldirdi. Lekin bu sizni qo&#8217;rqitishiga yo&#8217;l qo&#8217;ymang! Chexiya grammatikasining o&#8217;ziga xos xususiyatlari uni qiziqarli va noyob qiladi. Ushbu maqolada biz chex tili grammatikasining bir nechta asosiy elementlarini suhbat usulida yoritib beramiz, bu sizga ushbu go&#8217;zal tilni chuqurroq tushunishga yordam beradi.<\/p>\n\n\n\n<h3 class=\"wp-block-heading\" id=\"h-1-nouns-declensions-and-cases-galore\">1. Ismlar &#8211; Declensions va Cases Galore!<\/h3>\n\n\n\n<p>Chex <a href=\"https:\/\/talkpal.ai\/uz\/fin-tili-grammatikasi\/\">tili grammatikasi<\/a> haqida birinchi bo&#8217;lib ko&#8217;rishingiz mumkin bo&#8217;lgan narsalardan biri bu otlarning tuslanishi. Declension &#8211; <a href=\"https:\/\/talkpal.ai\/fr\/les\/\">grammatik<\/a> xususiyatlari o&#8217;xshash bo&#8217;lgan otlar guruhi va chex tilida 14 tagacha farqli tuslanish mavjud. Bu xilma-xillik uchun qanday? Har bir tuslanish birlik va ko\u02bbplik ot shakllarini ifodalash uchun o\u02bbziga xos naqshga ega.<\/p>\n\n\n\n<p>Chexiya otlari ham yetti xil holatga ega: nominativ, genitiv, dativ, akusativ, vokativ, joylashtiruvchi va instrumental. Bunday raqam qo&#8217;rqinchli tuyulishi mumkin bo&#8217;lsa-da, bu holatlar haqida bilish juda muhim, chunki ular ma&#8217;noni etkazishda muhim ahamiyatga ega. Misol uchun, chex tilida so&#8217;z tartibi ingliz tilidagi kabi muhim emas &#8211; bu so&#8217;zlar orasidagi munosabatlarni ko&#8217;rsatadigan holatlar.<\/p>\n\n\n\n<h3 class=\"wp-block-heading\" id=\"h-2-adjectives-agreeing-with-nouns\">2. Sifatlar \u2013 otlar bilan kelishish<\/h3>\n\n\n\n<p>Chexiya sifatlari alohida vazifaga ega: ular jinsi, soni va holati bo&#8217;yicha o&#8217;zgartiradigan otlar bilan kelishishlari kerak. Buni dinamik duet, grammatik tango deb o&#8217;ylab ko&#8217;ring, uning yarmi ikkinchisini to&#8217;ldirish uchun chiroyli tarzda moslashadi. Ushbu kelishuv jumlalarda uyg&#8217;unlikni yaratishga yordam beradi va ravshanlikni oshiradi.<\/p>\n\n\n\n<p>Masalan, chex tilida &laquo;chiroyli&raquo; so&#8217;zi &laquo;kr\u00e1sny&raquo; dir. Agar siz erkaklarga xos bo&#8217;lgan go&#8217;zal uyni (d\u016fm) tasvirlayotgan bo&#8217;lsangiz, &laquo;kr\u00e1sny d\u016fm&raquo; dan foydalanasiz. Ayol bo&#8217;lgan go&#8217;zal qiz (d\u00edvka) uchun u &laquo;kr\u00e1sn\u00e1 d\u00edvka&raquo; ga aylanadi. Va go&#8217;zal kun (den) uchun, ya&#8217;ni neytral bo&#8217;lib, siz &laquo;kr\u00e1sny den&raquo; deysiz. Qarang, sifatdosh ot bilan qanday raqsga tushadi?<\/p>\n\n\n\n<h3 class=\"wp-block-heading\" id=\"h-3-verbs-the-art-of-conjugation\">3. Fe&#8217;llar &#8211; Konjugatsiya san&#8217;ati<\/h3>\n\n\n\n<p>Chex tilida konjugatsiya san&#8217;ati &#8211; ya&#8217;ni fe&#8217;l shakllarini zamon, kayfiyat va shaxsga qarab o&#8217;zgartirish &#8211; o&#8217;z hayotini oladi. Chex fe&#8217;llari ikki toifaga bo&#8217;linadi: mukammal va nomukammal. Mukammal fe&#8217;llar harakatning tugallanganligini bildirsa, nomukammal fe&#8217;llar davom etayotgan yoki odatiy harakatlarni bildiradi.  <\/p>\n\n\n\n<p>Chexiya grammatikasi fe&#8217;llarga kelganda ba&#8217;zi hayajonli g&#8217;ayrioddiylarga ega. Masalan, kelasi zamon faqat nomukammal fe&#8217;llar uchun muntazam yasaladi. Mukammal fe&#8217;llar uchun u hozirgi zamon bilan birlashadi! Bundan tashqari, o&#8217;ziga xos <a href=\"https:\/\/talkpal.ai\/ja\/grammar\/%e5%8f%97%e5%8b%95%e6%85%8b\/\">passiv<\/a> ovozga ega bo&#8217;lishdan ko&#8217;ra, Chexiya yordamchi fe&#8217;llar yordamida passiv konstruktsiyalarni o&#8217;z ichiga oladi. Chex tilidagi refleksiv fe&#8217;llarni unutmaylik, bu erda harakatlar mavzuga qaytadi va bu qiziqarli tilga yana bir nuance qatlami qo&#8217;shiladi.<\/p>\n\n\n\n<h3 class=\"wp-block-heading\" id=\"h-4-pronouns-the-mirror-of-linguistic-diversity\">4. Olmoshlar: Til xilma-xilligi oynasi<\/h3>\n\n\n\n<p>Chex grammatikasidagi olmoshlar \u2013 biz shaxsiy, egalik, ko\u2018rsatish, so\u2018roq va nisbiy olmoshlar haqida gapiramiz \u2013 barchasi nutqning boshqa qismlari kabi xilma-xillikni ko\u2018rsatadi. Ular ham jinsi, soni va holati bo&#8217;yicha o&#8217;zlari almashtirgan yoki murojaat qilgan otlar bilan kelishishlari kerak.<\/p>\n\n\n\n<p>Misol uchun, agar siz o&#8217;zingiz yoqtirgan kitob haqida gapirayotgan bo&#8217;lsangiz, &laquo;<a href=\"https:\/\/talkpal.ai\/culture\/how-to-say-i-like-in-slovak-using-mam-rad\/\">M\u00e1m r\u00e1d<\/a> tu knihu&raquo; (menga bu kitob yoqadi) deb aytasiz. Bu yerda \u201ctu\u201d ko\u2018rgazmali olmoshning \u201co\u2018sha\u201dning ayollik shakli bo\u2018lib, \u201ckniha\u201d (kitob) bilan mos keladi, bu ham ayolga xosdir.<\/p>\n\n\n\n<h3 class=\"wp-block-heading\" id=\"h-5-embracing-the-challenge\">5. Challenjni qabul qilish<\/h3>\n\n\n\n<p>Chex tili grammatikasi hayratlanarli va qo&#8217;rqinchli bo&#8217;lishi mumkin, ammo bu ham bu ajoyib tilni ajratib turadi. Qiyinchilikdan qochmang! Esingizda bo&#8217;lsin, bu bir vaqtning o&#8217;zida hamma narsani o&#8217;zlashtirish emas, balki bosqichma-bosqich rivojlanishdir. Chexiya grammatikasining noyob tizimini tushunish uchun vaqt ajrating va siz ushbu go&#8217;zal va murakkab tilni o&#8217;zlashtirish yo&#8217;lida bo&#8217;lasiz. Chex tili grammatikasi taqdim etayotgan yoqimli nuanslarni o&#8217;zlashtirganingizdan so&#8217;ng, siz uning nozik jihatlari uchun yangi minnatdorchilikni kashf etasiz. Baxtli o&#8217;rganish!<\/p>\n<\/div><\/div>\n\r\n<section class=\"learnNavigationSection\">\r\n            \r\n        <a href=\"https:\/\/talkpal.ai\/uz\/chex-tilini-organing\/\">\r\n            <div class=\"learnNavigationWrapper\">\r\n                <div class=\"learnNavigationContent\">\r\n                    <img decoding=\"async\" src=\"https:\/\/talkpal.ai\/wp-content\/uploads\/2024\/08\/Czech.jpg\" alt=\"Czech Flag\">\r\n                    <div>\r\n                        <h4>Chexiyani o&#039;rganish haqida<\/h4>\r\n                        <p>Chexiya grammatikasi haqida hamma narsani bilib oling.<\/p>\r\n                    <\/div>\r\n                <\/div>\r\n            <\/div>\r\n        <\/a>\r\n\r\n        \r\n        <a href=\"https:\/\/talkpal.ai\/uz\/chexiya-grammatikasi-mashqlari\/\">\r\n            <div class=\"learnNavigationWrapper\">\r\n                <div class=\"learnNavigationContent\">\r\n                    <img decoding=\"async\" src=\"https:\/\/talkpal.ai\/wp-content\/uploads\/2024\/08\/Czech.jpg\" alt=\"Czech Flag\">\r\n                    <div>\r\n                        <h4>Chexiya grammatikasi bo&#039;yicha mashq<\/h4>\r\n                        <p>Chex tili grammatikasini mashq qiling.<\/p>\r\n                    <\/div>\r\n                <\/div>\r\n            <\/div>\r\n        <\/a>\r\n\r\n        \r\n        <a href=\"https:\/\/talkpal.ai\/vocabulary_language\/czech\/\">\r\n            <div class=\"learnNavigationWrapper\">\r\n                <div class=\"learnNavigationContent\">\r\n                    <img decoding=\"async\" src=\"https:\/\/talkpal.ai\/wp-content\/uploads\/2024\/08\/Czech.jpg\" alt=\"Czech Flag\">\r\n                    <div>\r\n                        <h4>Chex lug&#039;ati<\/h4>\r\n                        <p>Chex tilidagi so\u2018z boyligingizni kengaytiring.<\/p>\r\n                    <\/div>\r\n                <\/div>\r\n            <\/div>\r\n        <\/a>\r\n\r\n            <\/section>","protected":false},"excerpt":{"rendered":"<p>Chex grammatikasi: Chex tilining o&#8217;ziga xos tuzilishini tushunish Agar siz chex tilini o&#8217;rganishga harakat qilgan bo&#8217;lsangiz yoki hatto Chexiya maqolasi yoki kitobini ko&#8217;rib chiqsangiz &#8211; uning grammatikasi juda qiyin bo&#8217;lishi mumkinligini payqagan bo&#8217;lsangiz kerak. Chexiya grammatikasi eng murakkab til tizimlaridan biri sifatida ko&#8217;pchilik tomonidan ko&#8217;plab chet ellik talabalarni hayratda qoldirdi. Lekin bu sizni qo&#8217;rqitishiga yo&#8217;l [&hellip;]<\/p>\n","protected":false},"author":1,"featured_media":1443689,"parent":0,"menu_order":0,"comment_status":"closed","ping_status":"closed","template":"LearningContentPage.php","meta":{"_acf_changed":false,"footnotes":""},"class_list":["post-1443687","page","type-page","status-publish","has-post-thumbnail","hentry"],"acf":[],"yoast_head":"<!-- This site is optimized with the Yoast SEO Premium plugin v27.2 (Yoast SEO v27.2) - https:\/\/yoast.com\/product\/yoast-seo-premium-wordpress\/ -->\n<title>Chexiya grammatikasi - Talkpal<\/title>\n<meta name=\"description\" content=\"Chexiya grammatikasining sirlarini oching. Uning o&#039;ziga xos murakkabligi va otlarning tuslanishini qanday samarali o&#039;zlashtirish haqida bilib oling.\" \/>\n<meta name=\"robots\" content=\"index, follow, max-snippet:-1, max-image-preview:large, max-video-preview:-1\" \/>\n<link rel=\"canonical\" href=\"https:\/\/talkpal.ai\/uz\/chexiya-grammatikasi\/\" \/>\n<meta property=\"og:locale\" content=\"uz_UZ\" \/>\n<meta property=\"og:type\" content=\"article\" \/>\n<meta property=\"og:title\" content=\"Chexiya grammatikasi\" \/>\n<meta property=\"og:description\" content=\"Chex grammatikasi: Chex tilining o&#039;ziga xos tuzilishini tushunish Agar siz chex tilini o&#039;rganishga harakat qilgan bo&#039;lsangiz yoki hatto Chexiya maqolasi\" \/>\n<meta property=\"og:url\" content=\"https:\/\/talkpal.ai\/uz\/chexiya-grammatikasi\/\" \/>\n<meta property=\"og:site_name\" content=\"Talkpal\" \/>\n<meta property=\"article:publisher\" content=\"https:\/\/www.facebook.com\/profile.php?id=100090733639311\" \/>\n<meta property=\"article:modified_time\" content=\"2025-12-13T15:35:12+00:00\" \/>\n<meta property=\"og:image\" content=\"https:\/\/talkpal.ai\/wp-content\/uploads\/2023\/05\/czech-republic.png\" \/>\n\t<meta property=\"og:image:width\" content=\"512\" \/>\n\t<meta property=\"og:image:height\" content=\"512\" \/>\n\t<meta property=\"og:image:type\" content=\"image\/png\" \/>\n<meta name=\"twitter:card\" content=\"summary_large_image\" \/>\n<meta name=\"twitter:site\" content=\"@talkpalai\" \/>\n<meta name=\"twitter:label1\" content=\"Est. reading time\" \/>\n\t<meta name=\"twitter:data1\" content=\"3 daqiqa\" \/>\n<script type=\"application\/ld+json\" class=\"yoast-schema-graph\">{\"@context\":\"https:\/\/schema.org\",\"@graph\":[{\"@type\":\"WebPage\",\"@id\":\"https:\/\/talkpal.ai\/uz\/chexiya-grammatikasi\/\",\"url\":\"https:\/\/talkpal.ai\/uz\/chexiya-grammatikasi\/\",\"name\":\"Chexiya grammatikasi - Talkpal\",\"isPartOf\":{\"@id\":\"https:\/\/talkpal.ai\/uz\/#website\"},\"primaryImageOfPage\":{\"@id\":\"https:\/\/talkpal.ai\/uz\/chexiya-grammatikasi\/#primaryimage\"},\"image\":{\"@id\":\"https:\/\/talkpal.ai\/uz\/chexiya-grammatikasi\/#primaryimage\"},\"thumbnailUrl\":\"https:\/\/talkpal.ai\/wp-content\/uploads\/2023\/05\/czech-republic.png\",\"datePublished\":\"2023-05-14T14:03:07+00:00\",\"dateModified\":\"2025-12-13T15:35:12+00:00\",\"description\":\"Chexiya grammatikasining sirlarini oching. Uning o'ziga xos murakkabligi va otlarning tuslanishini qanday samarali o'zlashtirish haqida bilib oling.\",\"breadcrumb\":{\"@id\":\"https:\/\/talkpal.ai\/uz\/chexiya-grammatikasi\/#breadcrumb\"},\"inLanguage\":\"uz-UZ\",\"potentialAction\":[{\"@type\":\"ReadAction\",\"target\":[\"https:\/\/talkpal.ai\/uz\/chexiya-grammatikasi\/\"]}]},{\"@type\":\"ImageObject\",\"inLanguage\":\"uz-UZ\",\"@id\":\"https:\/\/talkpal.ai\/uz\/chexiya-grammatikasi\/#primaryimage\",\"url\":\"https:\/\/talkpal.ai\/wp-content\/uploads\/2023\/05\/czech-republic.png\",\"contentUrl\":\"https:\/\/talkpal.ai\/wp-content\/uploads\/2023\/05\/czech-republic.png\",\"width\":512,\"height\":512,\"caption\":\"TalkPal Czech republic Flag\"},{\"@type\":\"BreadcrumbList\",\"@id\":\"https:\/\/talkpal.ai\/uz\/chexiya-grammatikasi\/#breadcrumb\",\"itemListElement\":[{\"@type\":\"ListItem\",\"position\":1,\"name\":\"Homepage\",\"item\":\"https:\/\/talkpal.ai\/uz\/ai-til-oqituvchisi-3\/\"},{\"@type\":\"ListItem\",\"position\":2,\"name\":\"Chexiya grammatikasi\"}]},{\"@type\":\"WebSite\",\"@id\":\"https:\/\/talkpal.ai\/uz\/#website\",\"url\":\"https:\/\/talkpal.ai\/uz\/\",\"name\":\"Talkpal\",\"description\":\"AI Language Learning\",\"publisher\":{\"@id\":\"https:\/\/talkpal.ai\/uz\/#organization\"},\"alternateName\":\"Talkpal AI\",\"potentialAction\":[{\"@type\":\"SearchAction\",\"target\":{\"@type\":\"EntryPoint\",\"urlTemplate\":\"https:\/\/talkpal.ai\/uz\/?s={search_term_string}\"},\"query-input\":{\"@type\":\"PropertyValueSpecification\",\"valueRequired\":true,\"valueName\":\"search_term_string\"}}],\"inLanguage\":\"uz-UZ\"},{\"@type\":\"Organization\",\"@id\":\"https:\/\/talkpal.ai\/uz\/#organization\",\"name\":\"Talkpal, Inc.\",\"alternateName\":\"Talkpal AI\",\"url\":\"https:\/\/talkpal.ai\/uz\/\",\"logo\":{\"@type\":\"ImageObject\",\"inLanguage\":\"uz-UZ\",\"@id\":\"https:\/\/talkpal.ai\/uz\/#\/schema\/logo\/image\/\",\"url\":\"https:\/\/talkpal.ai\/wp-content\/uploads\/2024\/03\/Talkpal-Logo-Icon.png\",\"contentUrl\":\"https:\/\/talkpal.ai\/wp-content\/uploads\/2024\/03\/Talkpal-Logo-Icon.png\",\"width\":2880,\"height\":2880,\"caption\":\"Talkpal, Inc.\"},\"image\":{\"@id\":\"https:\/\/talkpal.ai\/uz\/#\/schema\/logo\/image\/\"},\"sameAs\":[\"https:\/\/www.facebook.com\/profile.php?id=100090733639311\",\"https:\/\/x.com\/talkpalai\",\"https:\/\/www.linkedin.com\/company\/talkpal\/\",\"https:\/\/www.youtube.com\/@TalkPal\/\",\"https:\/\/www.tiktok.com\/@talkpal\",\"https:\/\/www.instagram.com\/talkpal_ai\/\",\"https:\/\/www.crunchbase.com\/organization\/talkpal-9cde\",\"https:\/\/www.g2.com\/products\/talkpal-for-business\/\",\"https:\/\/www.trustpilot.com\/review\/talkpal.ai\",\"https:\/\/www.capterra.com\/p\/10006800\/TalkPal\/\"],\"description\":\"Talkpal is a language learning web and mobile education app, powered by the latest AI technologies, that provides engaging experiences to its customers in many different languages to help them improve their language skills. Users can chat about unlimited amount of topics with the app and use other modes to practice their language learning.\",\"email\":\"support@talkpal.ai\",\"legalName\":\"Talkpal, Inc.\",\"foundingDate\":\"2023-04-03\",\"duns\":\"118989042\",\"numberOfEmployees\":{\"@type\":\"QuantitativeValue\",\"minValue\":\"11\",\"maxValue\":\"50\"},\"publishingPrinciples\":\"https:\/\/talkpal.ai\/publishing-principles\/\",\"actionableFeedbackPolicy\":\"https:\/\/talkpal.ai\/actionable-feedback-policy\/\",\"correctionsPolicy\":\"https:\/\/talkpal.ai\/corrections-policy\/\",\"ethicsPolicy\":\"https:\/\/talkpal.ai\/ethics-policy\/\",\"diversityPolicy\":\"https:\/\/talkpal.ai\/diversity-policy\/\",\"diversityStaffingReport\":\"https:\/\/talkpal.ai\/diversity-policy\/\"}]}<\/script>\n<!-- \/ Yoast SEO Premium plugin. -->","yoast_head_json":{"title":"Chexiya grammatikasi - Talkpal","description":"Chexiya grammatikasining sirlarini oching. Uning o'ziga xos murakkabligi va otlarning tuslanishini qanday samarali o'zlashtirish haqida bilib oling.","robots":{"index":"index","follow":"follow","max-snippet":"max-snippet:-1","max-image-preview":"max-image-preview:large","max-video-preview":"max-video-preview:-1"},"canonical":"https:\/\/talkpal.ai\/uz\/chexiya-grammatikasi\/","og_locale":"uz_UZ","og_type":"article","og_title":"Chexiya grammatikasi","og_description":"Chex grammatikasi: Chex tilining o'ziga xos tuzilishini tushunish Agar siz chex tilini o'rganishga harakat qilgan bo'lsangiz yoki hatto Chexiya maqolasi","og_url":"https:\/\/talkpal.ai\/uz\/chexiya-grammatikasi\/","og_site_name":"Talkpal","article_publisher":"https:\/\/www.facebook.com\/profile.php?id=100090733639311","article_modified_time":"2025-12-13T15:35:12+00:00","og_image":[{"width":512,"height":512,"url":"https:\/\/talkpal.ai\/wp-content\/uploads\/2023\/05\/czech-republic.png","type":"image\/png"}],"twitter_card":"summary_large_image","twitter_site":"@talkpalai","twitter_misc":{"Est. reading time":"3 daqiqa"},"schema":{"@context":"https:\/\/schema.org","@graph":[{"@type":"WebPage","@id":"https:\/\/talkpal.ai\/uz\/chexiya-grammatikasi\/","url":"https:\/\/talkpal.ai\/uz\/chexiya-grammatikasi\/","name":"Chexiya grammatikasi - Talkpal","isPartOf":{"@id":"https:\/\/talkpal.ai\/uz\/#website"},"primaryImageOfPage":{"@id":"https:\/\/talkpal.ai\/uz\/chexiya-grammatikasi\/#primaryimage"},"image":{"@id":"https:\/\/talkpal.ai\/uz\/chexiya-grammatikasi\/#primaryimage"},"thumbnailUrl":"https:\/\/talkpal.ai\/wp-content\/uploads\/2023\/05\/czech-republic.png","datePublished":"2023-05-14T14:03:07+00:00","dateModified":"2025-12-13T15:35:12+00:00","description":"Chexiya grammatikasining sirlarini oching. Uning o'ziga xos murakkabligi va otlarning tuslanishini qanday samarali o'zlashtirish haqida bilib oling.","breadcrumb":{"@id":"https:\/\/talkpal.ai\/uz\/chexiya-grammatikasi\/#breadcrumb"},"inLanguage":"uz-UZ","potentialAction":[{"@type":"ReadAction","target":["https:\/\/talkpal.ai\/uz\/chexiya-grammatikasi\/"]}]},{"@type":"ImageObject","inLanguage":"uz-UZ","@id":"https:\/\/talkpal.ai\/uz\/chexiya-grammatikasi\/#primaryimage","url":"https:\/\/talkpal.ai\/wp-content\/uploads\/2023\/05\/czech-republic.png","contentUrl":"https:\/\/talkpal.ai\/wp-content\/uploads\/2023\/05\/czech-republic.png","width":512,"height":512,"caption":"TalkPal Czech republic Flag"},{"@type":"BreadcrumbList","@id":"https:\/\/talkpal.ai\/uz\/chexiya-grammatikasi\/#breadcrumb","itemListElement":[{"@type":"ListItem","position":1,"name":"Homepage","item":"https:\/\/talkpal.ai\/uz\/ai-til-oqituvchisi-3\/"},{"@type":"ListItem","position":2,"name":"Chexiya grammatikasi"}]},{"@type":"WebSite","@id":"https:\/\/talkpal.ai\/uz\/#website","url":"https:\/\/talkpal.ai\/uz\/","name":"Talkpal","description":"AI Language Learning","publisher":{"@id":"https:\/\/talkpal.ai\/uz\/#organization"},"alternateName":"Talkpal AI","potentialAction":[{"@type":"SearchAction","target":{"@type":"EntryPoint","urlTemplate":"https:\/\/talkpal.ai\/uz\/?s={search_term_string}"},"query-input":{"@type":"PropertyValueSpecification","valueRequired":true,"valueName":"search_term_string"}}],"inLanguage":"uz-UZ"},{"@type":"Organization","@id":"https:\/\/talkpal.ai\/uz\/#organization","name":"Talkpal, Inc.","alternateName":"Talkpal AI","url":"https:\/\/talkpal.ai\/uz\/","logo":{"@type":"ImageObject","inLanguage":"uz-UZ","@id":"https:\/\/talkpal.ai\/uz\/#\/schema\/logo\/image\/","url":"https:\/\/talkpal.ai\/wp-content\/uploads\/2024\/03\/Talkpal-Logo-Icon.png","contentUrl":"https:\/\/talkpal.ai\/wp-content\/uploads\/2024\/03\/Talkpal-Logo-Icon.png","width":2880,"height":2880,"caption":"Talkpal, Inc."},"image":{"@id":"https:\/\/talkpal.ai\/uz\/#\/schema\/logo\/image\/"},"sameAs":["https:\/\/www.facebook.com\/profile.php?id=100090733639311","https:\/\/x.com\/talkpalai","https:\/\/www.linkedin.com\/company\/talkpal\/","https:\/\/www.youtube.com\/@TalkPal\/","https:\/\/www.tiktok.com\/@talkpal","https:\/\/www.instagram.com\/talkpal_ai\/","https:\/\/www.crunchbase.com\/organization\/talkpal-9cde","https:\/\/www.g2.com\/products\/talkpal-for-business\/","https:\/\/www.trustpilot.com\/review\/talkpal.ai","https:\/\/www.capterra.com\/p\/10006800\/TalkPal\/"],"description":"Talkpal is a language learning web and mobile education app, powered by the latest AI technologies, that provides engaging experiences to its customers in many different languages to help them improve their language skills. Users can chat about unlimited amount of topics with the app and use other modes to practice their language learning.","email":"support@talkpal.ai","legalName":"Talkpal, Inc.","foundingDate":"2023-04-03","duns":"118989042","numberOfEmployees":{"@type":"QuantitativeValue","minValue":"11","maxValue":"50"},"publishingPrinciples":"https:\/\/talkpal.ai\/publishing-principles\/","actionableFeedbackPolicy":"https:\/\/talkpal.ai\/actionable-feedback-policy\/","correctionsPolicy":"https:\/\/talkpal.ai\/corrections-policy\/","ethicsPolicy":"https:\/\/talkpal.ai\/ethics-policy\/","diversityPolicy":"https:\/\/talkpal.ai\/diversity-policy\/","diversityStaffingReport":"https:\/\/talkpal.ai\/diversity-policy\/"}]}},"_links":{"self":[{"href":"https:\/\/talkpal.ai\/uz\/wp-json\/wp\/v2\/pages\/1443687","targetHints":{"allow":["GET"]}}],"collection":[{"href":"https:\/\/talkpal.ai\/uz\/wp-json\/wp\/v2\/pages"}],"about":[{"href":"https:\/\/talkpal.ai\/uz\/wp-json\/wp\/v2\/types\/page"}],"author":[{"embeddable":true,"href":"https:\/\/talkpal.ai\/uz\/wp-json\/wp\/v2\/users\/1"}],"replies":[{"embeddable":true,"href":"https:\/\/talkpal.ai\/uz\/wp-json\/wp\/v2\/comments?post=1443687"}],"version-history":[{"count":0,"href":"https:\/\/talkpal.ai\/uz\/wp-json\/wp\/v2\/pages\/1443687\/revisions"}],"wp:featuredmedia":[{"embeddable":true,"href":"https:\/\/talkpal.ai\/uz\/wp-json\/wp\/v2\/media\/1443689"}],"wp:attachment":[{"href":"https:\/\/talkpal.ai\/uz\/wp-json\/wp\/v2\/media?parent=1443687"}],"curies":[{"name":"wp","href":"https:\/\/api.w.org\/{rel}","templated":true}]}}