{"id":1441981,"date":"2023-12-05T11:40:45","date_gmt":"2023-12-05T11:40:45","guid":{"rendered":"https:\/\/talkpal.ai\/fransuz-tili-sertifikatlari\/"},"modified":"2026-01-07T15:15:06","modified_gmt":"2026-01-07T15:15:06","slug":"fransuz-tili-sertifikatlari","status":"publish","type":"page","link":"https:\/\/talkpal.ai\/uz\/fransuz-tili-sertifikatlari\/","title":{"rendered":"Fransuz tili sertifikatlari"},"content":{"rendered":"\r\n\r\n\r\n<section class=\"languageChallengeSection\">\r\n    <div class=\"languageInfoWrapper\">\r\n        \r\n        <h1>Fransuz tili sertifikatlari<\/h1>\r\n        <p>TalkPal &#8211; bu AI tomonidan yaratilgan til o&#039;rganish ilovasi bo&#039;lib, u foydalanuvchilarga ingliz tili imtihonlariga tayyorgarlik ko&#039;rishda yordam beradi. Gapirish va tinglash qobiliyatlarini yaxshilashga asosiy e&#039;tiborni qaratgan TalkPal real interaktiv suhbatlar va talaffuz amaliyotini taqdim etadi. Uning sun&#039;iy intellekt xususiyati foydalanuvchilarga o&#039;z taraqqiyoti va yaxshilanishi kerak bo&#039;lgan sohalarni tushunishga yordam beruvchi shaxsiy fikr-mulohazalarni beradi. <a href=\"https:\/\/talkpal.ai\/uz\/fransuz-tili-kurslari\/\">Fransuz tili<\/a> sertifikatlari shaxsning frantsuz tilini bilishini ko&#039;rsatadigan rasmiy malaka hisoblanadi va ular butun dunyoda tan olinadi. U DELF\/DALF, TEF, TCF va TEFAQ kabi imtihonlarni o&#039;z ichiga oladi. Ushbu testlarning har biri frantsuz tilida so&#039;zlashuvchilarning turli darajadagi til malakalarini baholaydi va ta&#039;lim muassasalari va ish beruvchilar uchun frantsuz tilini bilishning tan olingan isboti sifatida ishlaydi.<\/p>\r\n\r\n                            <a class=\"getStartedHidden\" href=\"https:\/\/app.talkpal.ai\/uz\/signup?lng=\">Boshlang<\/a>\r\n        \r\n    <\/div>\r\n\r\n    <figure>\r\n    <img decoding=\"async\" width=\"768\" height=\"768\" src=\"https:\/\/talkpal.ai\/wp-content\/uploads\/2026\/01\/curly-girl-with-phone-light-background-768x768.webp\" class=\"languageImage no-lazy\" alt=\"Default alt text\" fetchpriority=\"high\" sizes=\"(max-width: 768px) 150px, 768px\" srcset=\"https:\/\/talkpal.ai\/wp-content\/uploads\/2026\/01\/curly-girl-with-phone-light-background-768x768.webp 768w, https:\/\/talkpal.ai\/wp-content\/uploads\/2026\/01\/curly-girl-with-phone-light-background-300x300.webp 300w\" \/>\r\n    \r\n\r\n    <\/figure>\r\n\r\n            <a class=\"getStartedVisible\" href=\"https:\/\/app.talkpal.ai\/uz\/signup?lng=\">Boshlang<\/a>\r\n    \r\n<\/section>\n<div class=\"wp-block-group pageContainerStyle\"><div class=\"wp-block-group__inner-container is-layout-constrained wp-block-group-is-layout-constrained\">\n<h2 class=\"wp-block-heading\" id=\"h-french-language-certificates\">Fransuz tili sertifikatlari<\/h2>\n\n\n\r\n                    <div class=\"methodWraper\">\r\n            <div class=\"methodContent\">\r\n                <img decoding=\"async\" src=\"https:\/\/talkpal.ai\/wp-content\/uploads\/2025\/05\/check_icon.png\" alt=\"Checkmark Icon\">\r\n                <h3>DELF\/DALF:<\/h3>\r\n            <\/div>\r\n            <p>Frantsiya Ta&#039;lim vazirligi tomonidan berilgan rasmiy malaka, Fransuz tili diplomi (DELF) va Fransuz tili diplomi (DALF) to&#039;rtta til ko&#039;nikmalarini, jumladan gapirish va tinglashni o&#039;z ichiga oladi.<\/p>\r\n        <\/div>\r\n                    <div class=\"methodWraper\">\r\n            <div class=\"methodContent\">\r\n                <img decoding=\"async\" src=\"https:\/\/talkpal.ai\/wp-content\/uploads\/2025\/05\/check_icon.png\" alt=\"Checkmark Icon\">\r\n                <h3>TEF:<\/h3>\r\n            <\/div>\r\n            <p>Test d&#039;Evaluation de Fran\u00e7ais (TEF) &#8211; bu shaxsning frantsuz tilini bilish darajasini baholash uchun foydalaniladigan keng qamrovli tilni baholash vositasi. Ushbu test asosan nomzodlarning yozish va nutq qobiliyatlarini baholashga qaratilgan.<\/p>\r\n        <\/div>\r\n                    <div class=\"methodWraper\">\r\n            <div class=\"methodContent\">\r\n                <img decoding=\"async\" src=\"https:\/\/talkpal.ai\/wp-content\/uploads\/2025\/05\/check_icon.png\" alt=\"Checkmark Icon\">\r\n                <h3>TCF:<\/h3>\r\n            <\/div>\r\n            <p>Test de Connaissance du Fran\u00e7ais (TCF) ham frantsuz tilini bilish bo\u2018yicha rasmiy test bo\u2018lib, u asosan foydalanuvchilarning o\u2018qish, yozish, gapirish va tinglash qobiliyatlarini baholaydi.<\/p>\r\n        <\/div>\r\n                    <div class=\"methodWraper\">\r\n            <div class=\"methodContent\">\r\n                <img decoding=\"async\" src=\"https:\/\/talkpal.ai\/wp-content\/uploads\/2025\/05\/check_icon.png\" alt=\"Checkmark Icon\">\r\n                <h3>TEFAQ:<\/h3>\r\n            <\/div>\r\n            <p>Test d&#039;Evaluation de Fran\u00e7ais adapt\u00e9 au Qu\u00e9bec (TEFAQ) Kanadaning fransuz tilida so&#039;zlashuvchi provinsiyasi Kvebekga ko&#039;chib o&#039;tmoqchi bo&#039;lganlar uchun maxsus mo&#039;ljallangan. Ushbu test asosan tinglash va gapirish qobiliyatlariga qaratilgan.<\/p>\r\n        <\/div>\r\n    <\/div><\/div>\n","protected":false},"excerpt":{"rendered":"<p>Fransuz tili sertifikatlari<\/p>\n","protected":false},"author":8,"featured_media":1440147,"parent":0,"menu_order":0,"comment_status":"closed","ping_status":"closed","template":"LearningContentPage.php","meta":{"_acf_changed":false,"footnotes":""},"class_list":["post-1441981","page","type-page","status-publish","has-post-thumbnail","hentry"],"acf":[],"yoast_head":"<!-- This site is optimized with the Yoast SEO Premium plugin v27.2 (Yoast SEO v27.2) - https:\/\/yoast.com\/product\/yoast-seo-premium-wordpress\/ -->\n<title>Fransuz tili sertifikatlari - Talkpal<\/title>\n<meta name=\"description\" content=\"Malakani tasdiqlash uchun DELF, DALF, TEF va TCF kabi asosiy frantsuz tili sertifikatlarini kashf eting.\" \/>\n<meta name=\"robots\" content=\"index, follow, max-snippet:-1, max-image-preview:large, max-video-preview:-1\" \/>\n<link rel=\"canonical\" href=\"https:\/\/talkpal.ai\/uz\/fransuz-tili-sertifikatlari\/\" \/>\n<meta property=\"og:locale\" content=\"uz_UZ\" \/>\n<meta property=\"og:type\" content=\"article\" \/>\n<meta property=\"og:title\" content=\"Fransuz tili sertifikatlari\" \/>\n<meta property=\"og:description\" content=\"Fransuz tili sertifikatlari\" \/>\n<meta property=\"og:url\" content=\"https:\/\/talkpal.ai\/uz\/fransuz-tili-sertifikatlari\/\" \/>\n<meta property=\"og:site_name\" content=\"Talkpal\" \/>\n<meta property=\"article:publisher\" content=\"https:\/\/www.facebook.com\/profile.php?id=100090733639311\" \/>\n<meta property=\"article:modified_time\" content=\"2026-01-07T15:15:06+00:00\" \/>\n<meta property=\"og:image\" content=\"https:\/\/talkpal.ai\/wp-content\/uploads\/2023\/03\/france.png\" \/>\n\t<meta property=\"og:image:width\" content=\"512\" \/>\n\t<meta property=\"og:image:height\" content=\"512\" \/>\n\t<meta property=\"og:image:type\" content=\"image\/png\" \/>\n<meta name=\"twitter:card\" content=\"summary_large_image\" \/>\n<meta name=\"twitter:site\" content=\"@talkpalai\" \/>\n<script type=\"application\/ld+json\" class=\"yoast-schema-graph\">{\"@context\":\"https:\/\/schema.org\",\"@graph\":[{\"@type\":\"WebPage\",\"@id\":\"https:\/\/talkpal.ai\/uz\/fransuz-tili-sertifikatlari\/\",\"url\":\"https:\/\/talkpal.ai\/uz\/fransuz-tili-sertifikatlari\/\",\"name\":\"Fransuz tili sertifikatlari - Talkpal\",\"isPartOf\":{\"@id\":\"https:\/\/talkpal.ai\/uz\/#website\"},\"primaryImageOfPage\":{\"@id\":\"https:\/\/talkpal.ai\/uz\/fransuz-tili-sertifikatlari\/#primaryimage\"},\"image\":{\"@id\":\"https:\/\/talkpal.ai\/uz\/fransuz-tili-sertifikatlari\/#primaryimage\"},\"thumbnailUrl\":\"https:\/\/talkpal.ai\/wp-content\/uploads\/2023\/03\/france.png\",\"datePublished\":\"2023-12-05T11:40:45+00:00\",\"dateModified\":\"2026-01-07T15:15:06+00:00\",\"description\":\"Malakani tasdiqlash uchun DELF, DALF, TEF va TCF kabi asosiy frantsuz tili sertifikatlarini kashf eting.\",\"breadcrumb\":{\"@id\":\"https:\/\/talkpal.ai\/uz\/fransuz-tili-sertifikatlari\/#breadcrumb\"},\"inLanguage\":\"uz-UZ\",\"potentialAction\":[{\"@type\":\"ReadAction\",\"target\":[\"https:\/\/talkpal.ai\/uz\/fransuz-tili-sertifikatlari\/\"]}]},{\"@type\":\"ImageObject\",\"inLanguage\":\"uz-UZ\",\"@id\":\"https:\/\/talkpal.ai\/uz\/fransuz-tili-sertifikatlari\/#primaryimage\",\"url\":\"https:\/\/talkpal.ai\/wp-content\/uploads\/2023\/03\/france.png\",\"contentUrl\":\"https:\/\/talkpal.ai\/wp-content\/uploads\/2023\/03\/france.png\",\"width\":512,\"height\":512,\"caption\":\"TalkPal AI learn French\"},{\"@type\":\"BreadcrumbList\",\"@id\":\"https:\/\/talkpal.ai\/uz\/fransuz-tili-sertifikatlari\/#breadcrumb\",\"itemListElement\":[{\"@type\":\"ListItem\",\"position\":1,\"name\":\"Homepage\",\"item\":\"https:\/\/talkpal.ai\/uz\/ai-til-oqituvchisi-3\/\"},{\"@type\":\"ListItem\",\"position\":2,\"name\":\"Fransuz tili sertifikatlari\"}]},{\"@type\":\"WebSite\",\"@id\":\"https:\/\/talkpal.ai\/uz\/#website\",\"url\":\"https:\/\/talkpal.ai\/uz\/\",\"name\":\"Talkpal\",\"description\":\"AI Language Learning\",\"publisher\":{\"@id\":\"https:\/\/talkpal.ai\/uz\/#organization\"},\"alternateName\":\"Talkpal AI\",\"potentialAction\":[{\"@type\":\"SearchAction\",\"target\":{\"@type\":\"EntryPoint\",\"urlTemplate\":\"https:\/\/talkpal.ai\/uz\/?s={search_term_string}\"},\"query-input\":{\"@type\":\"PropertyValueSpecification\",\"valueRequired\":true,\"valueName\":\"search_term_string\"}}],\"inLanguage\":\"uz-UZ\"},{\"@type\":\"Organization\",\"@id\":\"https:\/\/talkpal.ai\/uz\/#organization\",\"name\":\"Talkpal, Inc.\",\"alternateName\":\"Talkpal AI\",\"url\":\"https:\/\/talkpal.ai\/uz\/\",\"logo\":{\"@type\":\"ImageObject\",\"inLanguage\":\"uz-UZ\",\"@id\":\"https:\/\/talkpal.ai\/uz\/#\/schema\/logo\/image\/\",\"url\":\"https:\/\/talkpal.ai\/wp-content\/uploads\/2024\/03\/Talkpal-Logo-Icon.png\",\"contentUrl\":\"https:\/\/talkpal.ai\/wp-content\/uploads\/2024\/03\/Talkpal-Logo-Icon.png\",\"width\":2880,\"height\":2880,\"caption\":\"Talkpal, Inc.\"},\"image\":{\"@id\":\"https:\/\/talkpal.ai\/uz\/#\/schema\/logo\/image\/\"},\"sameAs\":[\"https:\/\/www.facebook.com\/profile.php?id=100090733639311\",\"https:\/\/x.com\/talkpalai\",\"https:\/\/www.linkedin.com\/company\/talkpal\/\",\"https:\/\/www.youtube.com\/@TalkPal\/\",\"https:\/\/www.tiktok.com\/@talkpal\",\"https:\/\/www.instagram.com\/talkpal_ai\/\",\"https:\/\/www.crunchbase.com\/organization\/talkpal-9cde\",\"https:\/\/www.g2.com\/products\/talkpal-for-business\/\",\"https:\/\/www.trustpilot.com\/review\/talkpal.ai\",\"https:\/\/www.capterra.com\/p\/10006800\/TalkPal\/\"],\"description\":\"Talkpal is a language learning web and mobile education app, powered by the latest AI technologies, that provides engaging experiences to its customers in many different languages to help them improve their language skills. Users can chat about unlimited amount of topics with the app and use other modes to practice their language learning.\",\"email\":\"support@talkpal.ai\",\"legalName\":\"Talkpal, Inc.\",\"foundingDate\":\"2023-04-03\",\"duns\":\"118989042\",\"numberOfEmployees\":{\"@type\":\"QuantitativeValue\",\"minValue\":\"11\",\"maxValue\":\"50\"},\"publishingPrinciples\":\"https:\/\/talkpal.ai\/publishing-principles\/\",\"actionableFeedbackPolicy\":\"https:\/\/talkpal.ai\/actionable-feedback-policy\/\",\"correctionsPolicy\":\"https:\/\/talkpal.ai\/corrections-policy\/\",\"ethicsPolicy\":\"https:\/\/talkpal.ai\/ethics-policy\/\",\"diversityPolicy\":\"https:\/\/talkpal.ai\/diversity-policy\/\",\"diversityStaffingReport\":\"https:\/\/talkpal.ai\/diversity-policy\/\"}]}<\/script>\n<!-- \/ Yoast SEO Premium plugin. -->","yoast_head_json":{"title":"Fransuz tili sertifikatlari - Talkpal","description":"Malakani tasdiqlash uchun DELF, DALF, TEF va TCF kabi asosiy frantsuz tili sertifikatlarini kashf eting.","robots":{"index":"index","follow":"follow","max-snippet":"max-snippet:-1","max-image-preview":"max-image-preview:large","max-video-preview":"max-video-preview:-1"},"canonical":"https:\/\/talkpal.ai\/uz\/fransuz-tili-sertifikatlari\/","og_locale":"uz_UZ","og_type":"article","og_title":"Fransuz tili sertifikatlari","og_description":"Fransuz tili sertifikatlari","og_url":"https:\/\/talkpal.ai\/uz\/fransuz-tili-sertifikatlari\/","og_site_name":"Talkpal","article_publisher":"https:\/\/www.facebook.com\/profile.php?id=100090733639311","article_modified_time":"2026-01-07T15:15:06+00:00","og_image":[{"width":512,"height":512,"url":"https:\/\/talkpal.ai\/wp-content\/uploads\/2023\/03\/france.png","type":"image\/png"}],"twitter_card":"summary_large_image","twitter_site":"@talkpalai","schema":{"@context":"https:\/\/schema.org","@graph":[{"@type":"WebPage","@id":"https:\/\/talkpal.ai\/uz\/fransuz-tili-sertifikatlari\/","url":"https:\/\/talkpal.ai\/uz\/fransuz-tili-sertifikatlari\/","name":"Fransuz tili sertifikatlari - Talkpal","isPartOf":{"@id":"https:\/\/talkpal.ai\/uz\/#website"},"primaryImageOfPage":{"@id":"https:\/\/talkpal.ai\/uz\/fransuz-tili-sertifikatlari\/#primaryimage"},"image":{"@id":"https:\/\/talkpal.ai\/uz\/fransuz-tili-sertifikatlari\/#primaryimage"},"thumbnailUrl":"https:\/\/talkpal.ai\/wp-content\/uploads\/2023\/03\/france.png","datePublished":"2023-12-05T11:40:45+00:00","dateModified":"2026-01-07T15:15:06+00:00","description":"Malakani tasdiqlash uchun DELF, DALF, TEF va TCF kabi asosiy frantsuz tili sertifikatlarini kashf eting.","breadcrumb":{"@id":"https:\/\/talkpal.ai\/uz\/fransuz-tili-sertifikatlari\/#breadcrumb"},"inLanguage":"uz-UZ","potentialAction":[{"@type":"ReadAction","target":["https:\/\/talkpal.ai\/uz\/fransuz-tili-sertifikatlari\/"]}]},{"@type":"ImageObject","inLanguage":"uz-UZ","@id":"https:\/\/talkpal.ai\/uz\/fransuz-tili-sertifikatlari\/#primaryimage","url":"https:\/\/talkpal.ai\/wp-content\/uploads\/2023\/03\/france.png","contentUrl":"https:\/\/talkpal.ai\/wp-content\/uploads\/2023\/03\/france.png","width":512,"height":512,"caption":"TalkPal AI learn French"},{"@type":"BreadcrumbList","@id":"https:\/\/talkpal.ai\/uz\/fransuz-tili-sertifikatlari\/#breadcrumb","itemListElement":[{"@type":"ListItem","position":1,"name":"Homepage","item":"https:\/\/talkpal.ai\/uz\/ai-til-oqituvchisi-3\/"},{"@type":"ListItem","position":2,"name":"Fransuz tili sertifikatlari"}]},{"@type":"WebSite","@id":"https:\/\/talkpal.ai\/uz\/#website","url":"https:\/\/talkpal.ai\/uz\/","name":"Talkpal","description":"AI Language Learning","publisher":{"@id":"https:\/\/talkpal.ai\/uz\/#organization"},"alternateName":"Talkpal AI","potentialAction":[{"@type":"SearchAction","target":{"@type":"EntryPoint","urlTemplate":"https:\/\/talkpal.ai\/uz\/?s={search_term_string}"},"query-input":{"@type":"PropertyValueSpecification","valueRequired":true,"valueName":"search_term_string"}}],"inLanguage":"uz-UZ"},{"@type":"Organization","@id":"https:\/\/talkpal.ai\/uz\/#organization","name":"Talkpal, Inc.","alternateName":"Talkpal AI","url":"https:\/\/talkpal.ai\/uz\/","logo":{"@type":"ImageObject","inLanguage":"uz-UZ","@id":"https:\/\/talkpal.ai\/uz\/#\/schema\/logo\/image\/","url":"https:\/\/talkpal.ai\/wp-content\/uploads\/2024\/03\/Talkpal-Logo-Icon.png","contentUrl":"https:\/\/talkpal.ai\/wp-content\/uploads\/2024\/03\/Talkpal-Logo-Icon.png","width":2880,"height":2880,"caption":"Talkpal, Inc."},"image":{"@id":"https:\/\/talkpal.ai\/uz\/#\/schema\/logo\/image\/"},"sameAs":["https:\/\/www.facebook.com\/profile.php?id=100090733639311","https:\/\/x.com\/talkpalai","https:\/\/www.linkedin.com\/company\/talkpal\/","https:\/\/www.youtube.com\/@TalkPal\/","https:\/\/www.tiktok.com\/@talkpal","https:\/\/www.instagram.com\/talkpal_ai\/","https:\/\/www.crunchbase.com\/organization\/talkpal-9cde","https:\/\/www.g2.com\/products\/talkpal-for-business\/","https:\/\/www.trustpilot.com\/review\/talkpal.ai","https:\/\/www.capterra.com\/p\/10006800\/TalkPal\/"],"description":"Talkpal is a language learning web and mobile education app, powered by the latest AI technologies, that provides engaging experiences to its customers in many different languages to help them improve their language skills. Users can chat about unlimited amount of topics with the app and use other modes to practice their language learning.","email":"support@talkpal.ai","legalName":"Talkpal, Inc.","foundingDate":"2023-04-03","duns":"118989042","numberOfEmployees":{"@type":"QuantitativeValue","minValue":"11","maxValue":"50"},"publishingPrinciples":"https:\/\/talkpal.ai\/publishing-principles\/","actionableFeedbackPolicy":"https:\/\/talkpal.ai\/actionable-feedback-policy\/","correctionsPolicy":"https:\/\/talkpal.ai\/corrections-policy\/","ethicsPolicy":"https:\/\/talkpal.ai\/ethics-policy\/","diversityPolicy":"https:\/\/talkpal.ai\/diversity-policy\/","diversityStaffingReport":"https:\/\/talkpal.ai\/diversity-policy\/"}]}},"_links":{"self":[{"href":"https:\/\/talkpal.ai\/uz\/wp-json\/wp\/v2\/pages\/1441981","targetHints":{"allow":["GET"]}}],"collection":[{"href":"https:\/\/talkpal.ai\/uz\/wp-json\/wp\/v2\/pages"}],"about":[{"href":"https:\/\/talkpal.ai\/uz\/wp-json\/wp\/v2\/types\/page"}],"author":[{"embeddable":true,"href":"https:\/\/talkpal.ai\/uz\/wp-json\/wp\/v2\/users\/8"}],"replies":[{"embeddable":true,"href":"https:\/\/talkpal.ai\/uz\/wp-json\/wp\/v2\/comments?post=1441981"}],"version-history":[{"count":0,"href":"https:\/\/talkpal.ai\/uz\/wp-json\/wp\/v2\/pages\/1441981\/revisions"}],"wp:featuredmedia":[{"embeddable":true,"href":"https:\/\/talkpal.ai\/uz\/wp-json\/wp\/v2\/media\/1440147"}],"wp:attachment":[{"href":"https:\/\/talkpal.ai\/uz\/wp-json\/wp\/v2\/media?parent=1441981"}],"curies":[{"name":"wp","href":"https:\/\/api.w.org\/{rel}","templated":true}]}}