{"id":997886,"date":"2023-10-09T10:03:45","date_gmt":"2023-10-09T10:03:45","guid":{"rendered":"https:\/\/talkpal.ai\/abonelik-yonetimi-talimatlari\/"},"modified":"2025-07-12T09:46:08","modified_gmt":"2025-07-12T09:46:08","slug":"abonelik-yonetimi-talimatlari","status":"publish","type":"page","link":"https:\/\/talkpal.ai\/tr\/abonelik-yonetimi-talimatlari\/","title":{"rendered":"Abonelik Y\u00f6netimi Talimatlar\u0131"},"content":{"rendered":"\n<p>Aboneliklerinizi <a href=\"https:\/\/talkpal.ai\/es\/descargar-la-aplicacion-talkpal-para-android-e-ios\/\">App Store<\/a> (Apple <a href=\"https:\/\/talkpal.ai\/es\/descargar-la-aplicacion-talkpal-para-android-e-ios\/\">iOS<\/a>), Google Play (Android) veya Web sitesi uygulamalar\u0131m\u0131zdan y\u00f6netebilirsiniz.<\/p>\n\n<h2 class=\"wp-block-heading\" id=\"h-app-store-apple-ios\">App Store (Apple iOS)<\/h2>\n\n<p>L\u00fctfen unutmay\u0131n: Apple aboneli\u011finizi veya deneme s\u00fcr\u00fcm\u00fcn\u00fcz\u00fc sona ermeden en az 24 saat \u00f6nce iptal etmeniz gerekir. Son g\u00fcn iptal ederseniz, otomatik olarak yenilenecektir.<\/p>\n\n<p>App Store \u00fczerinden <a href=\"https:\/\/talkpal.ai\/ko\/ai-%ec%96%b8%ec%96%b4-%ea%b5%90%ec%82%ac\/\">Talkpal<\/a> aboneli\u011finizi iptal etmek i\u00e7in iOS cihaz\u0131n\u0131zda a\u015fa\u011f\u0131daki ad\u0131mlar\u0131 izleyin:<\/p>\n\n<p><strong>Ad\u0131m 1<\/strong> &#8211; Ayarlar uygulamas\u0131n\u0131 a\u00e7\u0131n.<\/p>\n\n<p><strong>Ad\u0131m 2<\/strong> &#8211; Sayfan\u0131n \u00fcst k\u0131sm\u0131nda bulunan Apple Kimli\u011finizi se\u00e7in.<\/p>\n\n<p><strong>Ad\u0131m 3<\/strong> &#8211; &#8220;Apple Kimli\u011fini G\u00f6r\u00fcnt\u00fcle &#8220;yi se\u00e7in<\/p>\n\n<p><strong>Ad\u0131m 4<\/strong> &#8211; &#8220;Abonelikler &#8220;e gidin ve iptal etmek istedi\u011finizi se\u00e7in.<\/p>\n\n<p><strong>Ad\u0131m 5<\/strong> &#8211; &#8220;Aboneli\u011fi \u0130ptal Et&#8221; \u00fczerine dokunun.<\/p>\n\n<h2 class=\"wp-block-heading\" id=\"h-google-play-android\">Google Play (Android)<\/h2>\n\n<p><b>Ad\u0131m 1<\/b> &#8211; Android cihaz\u0131n\u0131zda, Google Play&#8217;de aboneliklerinize gidin.<\/p>\n\n<p><b>Ad\u0131m 2<\/b> &#8211; \u0130ptal etmek istedi\u011finiz aboneli\u011fi se\u00e7in.<\/p>\n\n<p><b>Ad\u0131m 3<\/b> &#8211; Aboneli\u011fi iptal et se\u00e7ene\u011fine bas\u0131n.<\/p>\n\n<h2 class=\"wp-block-heading\" id=\"h-website\">Web sitesi<\/h2>\n\n<p><b>Ad\u0131m 1<\/b> &#8211; Hesap sayfan\u0131za gidin.<\/p>\n\n<p><b>Ad\u0131m 2<\/b> &#8211; &#8220;Abonelik&#8221; b\u00f6l\u00fcm\u00fcne ilerleyin.<\/p>\n\n<p><b>Ad\u0131m 3<\/b> &#8211; &#8220;Aboneli\u011fi iptal et&#8221; se\u00e7ene\u011fine t\u0131klay\u0131n.<\/p>\n","protected":false},"excerpt":{"rendered":"<p>Aboneliklerinizi App Store (Apple iOS), Google Play (Android) veya Web sitesi uygulamalar\u0131m\u0131zdan y\u00f6netebilirsiniz. App Store (Apple iOS) L\u00fctfen unutmay\u0131n: Apple aboneli\u011finizi veya deneme s\u00fcr\u00fcm\u00fcn\u00fcz\u00fc sona ermeden en az 24 saat \u00f6nce iptal etmeniz gerekir. Son g\u00fcn iptal ederseniz, otomatik olarak yenilenecektir. App Store \u00fczerinden Talkpal aboneli\u011finizi iptal etmek i\u00e7in iOS cihaz\u0131n\u0131zda a\u015fa\u011f\u0131daki ad\u0131mlar\u0131 izleyin: Ad\u0131m [&hellip;]<\/p>\n","protected":false},"author":10,"featured_media":197985,"parent":0,"menu_order":0,"comment_status":"closed","ping_status":"closed","template":"","meta":{"_acf_changed":false,"footnotes":""},"class_list":["post-997886","page","type-page","status-publish","has-post-thumbnail","hentry"],"acf":[],"yoast_head":"<!-- This site is optimized with the Yoast SEO Premium plugin v27.2 (Yoast SEO v27.2) - https:\/\/yoast.com\/product\/yoast-seo-premium-wordpress\/ -->\n<title>Abonelik Y\u00f6netimi Talimatlar\u0131 - Talkpal<\/title>\n<meta name=\"description\" content=\"Apple veya Google Play uygulamalar\u0131ndaki aboneliklerinizi kolayca iptal etmek i\u00e7in bu Abonelik Y\u00f6netimi Talimatlar\u0131n\u0131 izleyin.\" \/>\n<meta name=\"robots\" content=\"index, follow, max-snippet:-1, max-image-preview:large, max-video-preview:-1\" \/>\n<link rel=\"canonical\" href=\"https:\/\/talkpal.ai\/tr\/abonelik-yonetimi-talimatlari\/\" \/>\n<meta property=\"og:locale\" content=\"tr_TR\" \/>\n<meta property=\"og:type\" content=\"article\" \/>\n<meta property=\"og:title\" content=\"Abonelik Y\u00f6netimi Talimatlar\u0131\" \/>\n<meta property=\"og:description\" content=\"Aboneliklerinizi App Store (Apple iOS), Google Play (Android) veya Web sitesi uygulamalar\u0131m\u0131zdan y\u00f6netebilirsiniz. App Store (Apple iOS) L\u00fctfen unutmay\u0131n:\" \/>\n<meta property=\"og:url\" content=\"https:\/\/talkpal.ai\/tr\/abonelik-yonetimi-talimatlari\/\" \/>\n<meta property=\"og:site_name\" content=\"Talkpal\" \/>\n<meta property=\"article:publisher\" content=\"https:\/\/www.facebook.com\/profile.php?id=100090733639311\" \/>\n<meta property=\"article:modified_time\" content=\"2025-07-12T09:46:08+00:00\" \/>\n<meta property=\"og:image\" content=\"https:\/\/talkpal.ai\/wp-content\/uploads\/2024\/03\/Talkpal-Logo-Icon.png\" \/>\n\t<meta property=\"og:image:width\" content=\"5000\" \/>\n\t<meta property=\"og:image:height\" content=\"5000\" \/>\n\t<meta property=\"og:image:type\" content=\"image\/png\" \/>\n<meta name=\"twitter:card\" content=\"summary_large_image\" \/>\n<meta name=\"twitter:site\" content=\"@talkpalai\" \/>\n<meta name=\"twitter:label1\" content=\"Tahmini okuma s\u00fcresi\" \/>\n\t<meta name=\"twitter:data1\" content=\"1 dakika\" \/>\n<script type=\"application\/ld+json\" class=\"yoast-schema-graph\">{\"@context\":\"https:\/\/schema.org\",\"@graph\":[{\"@type\":\"WebPage\",\"@id\":\"https:\/\/talkpal.ai\/tr\/abonelik-yonetimi-talimatlari\/\",\"url\":\"https:\/\/talkpal.ai\/tr\/abonelik-yonetimi-talimatlari\/\",\"name\":\"Abonelik Y\u00f6netimi Talimatlar\u0131 - Talkpal\",\"isPartOf\":{\"@id\":\"https:\/\/talkpal.ai\/tr\/#website\"},\"primaryImageOfPage\":{\"@id\":\"https:\/\/talkpal.ai\/tr\/abonelik-yonetimi-talimatlari\/#primaryimage\"},\"image\":{\"@id\":\"https:\/\/talkpal.ai\/tr\/abonelik-yonetimi-talimatlari\/#primaryimage\"},\"thumbnailUrl\":\"https:\/\/talkpal.ai\/wp-content\/uploads\/2024\/03\/Talkpal-Logo-Icon.png\",\"datePublished\":\"2023-10-09T10:03:45+00:00\",\"dateModified\":\"2025-07-12T09:46:08+00:00\",\"description\":\"Apple veya Google Play uygulamalar\u0131ndaki aboneliklerinizi kolayca iptal etmek i\u00e7in bu Abonelik Y\u00f6netimi Talimatlar\u0131n\u0131 izleyin.\",\"breadcrumb\":{\"@id\":\"https:\/\/talkpal.ai\/tr\/abonelik-yonetimi-talimatlari\/#breadcrumb\"},\"inLanguage\":\"tr\",\"potentialAction\":[{\"@type\":\"ReadAction\",\"target\":[\"https:\/\/talkpal.ai\/tr\/abonelik-yonetimi-talimatlari\/\"]}]},{\"@type\":\"ImageObject\",\"inLanguage\":\"tr\",\"@id\":\"https:\/\/talkpal.ai\/tr\/abonelik-yonetimi-talimatlari\/#primaryimage\",\"url\":\"https:\/\/talkpal.ai\/wp-content\/uploads\/2024\/03\/Talkpal-Logo-Icon.png\",\"contentUrl\":\"https:\/\/talkpal.ai\/wp-content\/uploads\/2024\/03\/Talkpal-Logo-Icon.png\",\"width\":5000,\"height\":5000,\"caption\":\"Talkpal logosu\"},{\"@type\":\"BreadcrumbList\",\"@id\":\"https:\/\/talkpal.ai\/tr\/abonelik-yonetimi-talimatlari\/#breadcrumb\",\"itemListElement\":[{\"@type\":\"ListItem\",\"position\":1,\"name\":\"Homepage\",\"item\":\"https:\/\/talkpal.ai\/tr\/\"},{\"@type\":\"ListItem\",\"position\":2,\"name\":\"Abonelik Y\u00f6netimi Talimatlar\u0131\"}]},{\"@type\":\"WebSite\",\"@id\":\"https:\/\/talkpal.ai\/tr\/#website\",\"url\":\"https:\/\/talkpal.ai\/tr\/\",\"name\":\"Talkpal\",\"description\":\"AI Language Learning\",\"publisher\":{\"@id\":\"https:\/\/talkpal.ai\/tr\/#organization\"},\"alternateName\":\"Talkpal AI\",\"potentialAction\":[{\"@type\":\"SearchAction\",\"target\":{\"@type\":\"EntryPoint\",\"urlTemplate\":\"https:\/\/talkpal.ai\/tr\/?s={search_term_string}\"},\"query-input\":{\"@type\":\"PropertyValueSpecification\",\"valueRequired\":true,\"valueName\":\"search_term_string\"}}],\"inLanguage\":\"tr\"},{\"@type\":\"Organization\",\"@id\":\"https:\/\/talkpal.ai\/tr\/#organization\",\"name\":\"Talkpal, Inc.\",\"alternateName\":\"Talkpal AI\",\"url\":\"https:\/\/talkpal.ai\/tr\/\",\"logo\":{\"@type\":\"ImageObject\",\"inLanguage\":\"tr\",\"@id\":\"https:\/\/talkpal.ai\/tr\/#\/schema\/logo\/image\/\",\"url\":\"https:\/\/talkpal.ai\/wp-content\/uploads\/2024\/03\/Talkpal-Logo-Icon.png\",\"contentUrl\":\"https:\/\/talkpal.ai\/wp-content\/uploads\/2024\/03\/Talkpal-Logo-Icon.png\",\"width\":2880,\"height\":2880,\"caption\":\"Talkpal, Inc.\"},\"image\":{\"@id\":\"https:\/\/talkpal.ai\/tr\/#\/schema\/logo\/image\/\"},\"sameAs\":[\"https:\/\/www.facebook.com\/profile.php?id=100090733639311\",\"https:\/\/x.com\/talkpalai\",\"https:\/\/www.linkedin.com\/company\/talkpal\/\",\"https:\/\/www.youtube.com\/@TalkPal\/\",\"https:\/\/www.tiktok.com\/@talkpal\",\"https:\/\/www.instagram.com\/talkpal_ai\/\",\"https:\/\/www.crunchbase.com\/organization\/talkpal-9cde\",\"https:\/\/www.g2.com\/products\/talkpal-for-business\/\",\"https:\/\/www.trustpilot.com\/review\/talkpal.ai\",\"https:\/\/www.capterra.com\/p\/10006800\/TalkPal\/\"],\"description\":\"Talkpal is a language learning web and mobile education app, powered by the latest AI technologies, that provides engaging experiences to its customers in many different languages to help them improve their language skills. Users can chat about unlimited amount of topics with the app and use other modes to practice their language learning.\",\"email\":\"support@talkpal.ai\",\"legalName\":\"Talkpal, Inc.\",\"foundingDate\":\"2023-04-03\",\"duns\":\"118989042\",\"numberOfEmployees\":{\"@type\":\"QuantitativeValue\",\"minValue\":\"11\",\"maxValue\":\"50\"},\"publishingPrinciples\":\"https:\/\/talkpal.ai\/publishing-principles\/\",\"actionableFeedbackPolicy\":\"https:\/\/talkpal.ai\/actionable-feedback-policy\/\",\"correctionsPolicy\":\"https:\/\/talkpal.ai\/corrections-policy\/\",\"ethicsPolicy\":\"https:\/\/talkpal.ai\/ethics-policy\/\",\"diversityPolicy\":\"https:\/\/talkpal.ai\/diversity-policy\/\",\"diversityStaffingReport\":\"https:\/\/talkpal.ai\/diversity-policy\/\"}]}<\/script>\n<!-- \/ Yoast SEO Premium plugin. -->","yoast_head_json":{"title":"Abonelik Y\u00f6netimi Talimatlar\u0131 - Talkpal","description":"Apple veya Google Play uygulamalar\u0131ndaki aboneliklerinizi kolayca iptal etmek i\u00e7in bu Abonelik Y\u00f6netimi Talimatlar\u0131n\u0131 izleyin.","robots":{"index":"index","follow":"follow","max-snippet":"max-snippet:-1","max-image-preview":"max-image-preview:large","max-video-preview":"max-video-preview:-1"},"canonical":"https:\/\/talkpal.ai\/tr\/abonelik-yonetimi-talimatlari\/","og_locale":"tr_TR","og_type":"article","og_title":"Abonelik Y\u00f6netimi Talimatlar\u0131","og_description":"Aboneliklerinizi App Store (Apple iOS), Google Play (Android) veya Web sitesi uygulamalar\u0131m\u0131zdan y\u00f6netebilirsiniz. App Store (Apple iOS) L\u00fctfen unutmay\u0131n:","og_url":"https:\/\/talkpal.ai\/tr\/abonelik-yonetimi-talimatlari\/","og_site_name":"Talkpal","article_publisher":"https:\/\/www.facebook.com\/profile.php?id=100090733639311","article_modified_time":"2025-07-12T09:46:08+00:00","og_image":[{"width":5000,"height":5000,"url":"https:\/\/talkpal.ai\/wp-content\/uploads\/2024\/03\/Talkpal-Logo-Icon.png","type":"image\/png"}],"twitter_card":"summary_large_image","twitter_site":"@talkpalai","twitter_misc":{"Tahmini okuma s\u00fcresi":"1 dakika"},"schema":{"@context":"https:\/\/schema.org","@graph":[{"@type":"WebPage","@id":"https:\/\/talkpal.ai\/tr\/abonelik-yonetimi-talimatlari\/","url":"https:\/\/talkpal.ai\/tr\/abonelik-yonetimi-talimatlari\/","name":"Abonelik Y\u00f6netimi Talimatlar\u0131 - Talkpal","isPartOf":{"@id":"https:\/\/talkpal.ai\/tr\/#website"},"primaryImageOfPage":{"@id":"https:\/\/talkpal.ai\/tr\/abonelik-yonetimi-talimatlari\/#primaryimage"},"image":{"@id":"https:\/\/talkpal.ai\/tr\/abonelik-yonetimi-talimatlari\/#primaryimage"},"thumbnailUrl":"https:\/\/talkpal.ai\/wp-content\/uploads\/2024\/03\/Talkpal-Logo-Icon.png","datePublished":"2023-10-09T10:03:45+00:00","dateModified":"2025-07-12T09:46:08+00:00","description":"Apple veya Google Play uygulamalar\u0131ndaki aboneliklerinizi kolayca iptal etmek i\u00e7in bu Abonelik Y\u00f6netimi Talimatlar\u0131n\u0131 izleyin.","breadcrumb":{"@id":"https:\/\/talkpal.ai\/tr\/abonelik-yonetimi-talimatlari\/#breadcrumb"},"inLanguage":"tr","potentialAction":[{"@type":"ReadAction","target":["https:\/\/talkpal.ai\/tr\/abonelik-yonetimi-talimatlari\/"]}]},{"@type":"ImageObject","inLanguage":"tr","@id":"https:\/\/talkpal.ai\/tr\/abonelik-yonetimi-talimatlari\/#primaryimage","url":"https:\/\/talkpal.ai\/wp-content\/uploads\/2024\/03\/Talkpal-Logo-Icon.png","contentUrl":"https:\/\/talkpal.ai\/wp-content\/uploads\/2024\/03\/Talkpal-Logo-Icon.png","width":5000,"height":5000,"caption":"Talkpal logosu"},{"@type":"BreadcrumbList","@id":"https:\/\/talkpal.ai\/tr\/abonelik-yonetimi-talimatlari\/#breadcrumb","itemListElement":[{"@type":"ListItem","position":1,"name":"Homepage","item":"https:\/\/talkpal.ai\/tr\/"},{"@type":"ListItem","position":2,"name":"Abonelik Y\u00f6netimi Talimatlar\u0131"}]},{"@type":"WebSite","@id":"https:\/\/talkpal.ai\/tr\/#website","url":"https:\/\/talkpal.ai\/tr\/","name":"Talkpal","description":"AI Language Learning","publisher":{"@id":"https:\/\/talkpal.ai\/tr\/#organization"},"alternateName":"Talkpal AI","potentialAction":[{"@type":"SearchAction","target":{"@type":"EntryPoint","urlTemplate":"https:\/\/talkpal.ai\/tr\/?s={search_term_string}"},"query-input":{"@type":"PropertyValueSpecification","valueRequired":true,"valueName":"search_term_string"}}],"inLanguage":"tr"},{"@type":"Organization","@id":"https:\/\/talkpal.ai\/tr\/#organization","name":"Talkpal, Inc.","alternateName":"Talkpal AI","url":"https:\/\/talkpal.ai\/tr\/","logo":{"@type":"ImageObject","inLanguage":"tr","@id":"https:\/\/talkpal.ai\/tr\/#\/schema\/logo\/image\/","url":"https:\/\/talkpal.ai\/wp-content\/uploads\/2024\/03\/Talkpal-Logo-Icon.png","contentUrl":"https:\/\/talkpal.ai\/wp-content\/uploads\/2024\/03\/Talkpal-Logo-Icon.png","width":2880,"height":2880,"caption":"Talkpal, Inc."},"image":{"@id":"https:\/\/talkpal.ai\/tr\/#\/schema\/logo\/image\/"},"sameAs":["https:\/\/www.facebook.com\/profile.php?id=100090733639311","https:\/\/x.com\/talkpalai","https:\/\/www.linkedin.com\/company\/talkpal\/","https:\/\/www.youtube.com\/@TalkPal\/","https:\/\/www.tiktok.com\/@talkpal","https:\/\/www.instagram.com\/talkpal_ai\/","https:\/\/www.crunchbase.com\/organization\/talkpal-9cde","https:\/\/www.g2.com\/products\/talkpal-for-business\/","https:\/\/www.trustpilot.com\/review\/talkpal.ai","https:\/\/www.capterra.com\/p\/10006800\/TalkPal\/"],"description":"Talkpal is a language learning web and mobile education app, powered by the latest AI technologies, that provides engaging experiences to its customers in many different languages to help them improve their language skills. Users can chat about unlimited amount of topics with the app and use other modes to practice their language learning.","email":"support@talkpal.ai","legalName":"Talkpal, Inc.","foundingDate":"2023-04-03","duns":"118989042","numberOfEmployees":{"@type":"QuantitativeValue","minValue":"11","maxValue":"50"},"publishingPrinciples":"https:\/\/talkpal.ai\/publishing-principles\/","actionableFeedbackPolicy":"https:\/\/talkpal.ai\/actionable-feedback-policy\/","correctionsPolicy":"https:\/\/talkpal.ai\/corrections-policy\/","ethicsPolicy":"https:\/\/talkpal.ai\/ethics-policy\/","diversityPolicy":"https:\/\/talkpal.ai\/diversity-policy\/","diversityStaffingReport":"https:\/\/talkpal.ai\/diversity-policy\/"}]}},"_links":{"self":[{"href":"https:\/\/talkpal.ai\/tr\/wp-json\/wp\/v2\/pages\/997886","targetHints":{"allow":["GET"]}}],"collection":[{"href":"https:\/\/talkpal.ai\/tr\/wp-json\/wp\/v2\/pages"}],"about":[{"href":"https:\/\/talkpal.ai\/tr\/wp-json\/wp\/v2\/types\/page"}],"author":[{"embeddable":true,"href":"https:\/\/talkpal.ai\/tr\/wp-json\/wp\/v2\/users\/10"}],"replies":[{"embeddable":true,"href":"https:\/\/talkpal.ai\/tr\/wp-json\/wp\/v2\/comments?post=997886"}],"version-history":[{"count":0,"href":"https:\/\/talkpal.ai\/tr\/wp-json\/wp\/v2\/pages\/997886\/revisions"}],"wp:featuredmedia":[{"embeddable":true,"href":"https:\/\/talkpal.ai\/tr\/wp-json\/wp\/v2\/media\/197985"}],"wp:attachment":[{"href":"https:\/\/talkpal.ai\/tr\/wp-json\/wp\/v2\/media?parent=997886"}],"curies":[{"name":"wp","href":"https:\/\/api.w.org\/{rel}","templated":true}]}}