{"id":994608,"date":"2023-12-20T15:42:12","date_gmt":"2023-12-20T15:42:12","guid":{"rendered":"https:\/\/talkpal.ai\/stripe-checkoutta-kupon-kodu-ekleme-talimatlari\/"},"modified":"2025-06-19T18:07:10","modified_gmt":"2025-06-19T18:07:10","slug":"stripe-checkoutta-kupon-kodu-ekleme-talimatlari","status":"publish","type":"page","link":"https:\/\/talkpal.ai\/tr\/stripe-checkoutta-kupon-kodu-ekleme-talimatlari\/","title":{"rendered":"Stripe Checkout&#8217;ta Kupon Kodu Ekleme Talimatlar\u0131"},"content":{"rendered":"\n<p>Kupon kodu ekleyin ve indirim kazan\u0131n.<\/p>\n\n<h2 class=\"wp-block-heading\" id=\"h-follow-the-steps\">Ad\u0131mlar\u0131 Takip Edin<\/h2>\n\n<h3 class=\"wp-block-heading\" id=\"h-step-1\">Ad\u0131m 1:<\/h3>\n\n<p>Tercih edilen bir plan se\u00e7in.<\/p>\n\n<figure class=\"wp-block-image\"><img decoding=\"async\" src=\"https:\/\/talkpal.ai\/wp-content\/uploads\/2024\/12\/Choos-plan-screen-768x389.png\" alt=\"\"\/><\/figure>\n\n<h3 class=\"wp-block-heading\" id=\"h-step-2\">Ad\u0131m 2:<\/h3>\n\n<p>Kart kullanarak \u00f6deme se\u00e7ene\u011fini se\u00e7in ve ba\u015flat d\u00fc\u011fmesine bas\u0131n.<\/p>\n\n<figure class=\"wp-block-image\"><img decoding=\"async\" src=\"https:\/\/talkpal.ai\/wp-content\/uploads\/2024\/12\/Payment-method-screen-768x389.png\" alt=\"\"\/><\/figure>\n\n<h3 class=\"wp-block-heading\" id=\"h-step-3\">Ad\u0131m 3:<\/h3>\n\n<p>Stripe \u00f6deme sayfas\u0131na y\u00f6nlendirileceksiniz.<\/p>\n\n<h3 class=\"wp-block-heading\" id=\"h-step-4\">Ad\u0131m 4:<\/h3>\n\n<p>\u201cPromosyon Kodu Ekle\u201d d\u00fc\u011fmesine bas\u0131n ve Kodu yaz\u0131n, \u00f6rne\u011fin: <strong>JOIN25<\/strong> ve \u201cUygula\u201d d\u00fc\u011fmesine bas\u0131n.<\/p>\n\n<figure class=\"wp-block-image\"><img decoding=\"async\" src=\"https:\/\/talkpal.ai\/wp-content\/uploads\/2024\/05\/Talkpal-Stripe-instructions-1024x593.png\" alt=\"\"\/><\/figure>\n\n<h3 class=\"wp-block-heading\" id=\"h-step-5\">Ad\u0131m 5:<\/h3>\n\n<p>Kart bilgilerinizi girin ve Premium hesab\u0131n\u0131z\u0131 ke\u015ffetmeye ba\u015flay\u0131n.<\/p>\n\n<p><\/p>\n","protected":false},"excerpt":{"rendered":"<p>Kupon kodu ekleyin ve indirim kazan\u0131n. Ad\u0131mlar\u0131 Takip Edin Ad\u0131m 1: Tercih edilen bir plan se\u00e7in. Ad\u0131m 2: Kart kullanarak \u00f6deme se\u00e7ene\u011fini se\u00e7in ve ba\u015flat d\u00fc\u011fmesine bas\u0131n. Ad\u0131m 3: Stripe \u00f6deme sayfas\u0131na y\u00f6nlendirileceksiniz. Ad\u0131m 4: \u201cPromosyon Kodu Ekle\u201d d\u00fc\u011fmesine bas\u0131n ve Kodu yaz\u0131n, \u00f6rne\u011fin: JOIN25 ve \u201cUygula\u201d d\u00fc\u011fmesine bas\u0131n. Ad\u0131m 5: Kart bilgilerinizi girin ve [&hellip;]<\/p>\n","protected":false},"author":6,"featured_media":197985,"parent":0,"menu_order":0,"comment_status":"closed","ping_status":"closed","template":"","meta":{"_acf_changed":false,"footnotes":""},"class_list":["post-994608","page","type-page","status-publish","has-post-thumbnail","hentry"],"acf":[],"yoast_head":"<!-- This site is optimized with the Yoast SEO Premium plugin v27.2 (Yoast SEO v27.2) - https:\/\/yoast.com\/product\/yoast-seo-premium-wordpress\/ -->\n<title>Stripe Checkout&#039;ta Kupon Kodu Ekleme Talimatlar\u0131 - Talkpal<\/title>\n<meta name=\"description\" content=\"Stripe Checkout&#039;ta kupon kodlar\u0131n\u0131 nas\u0131l kolayca ekleyece\u011finizi \u00f6\u011frenin. M\u00fc\u015fterinin \u00f6deme deneyimini geli\u015ftirmek i\u00e7in basit ad\u0131mlar\u0131 izleyin.\" \/>\n<meta name=\"robots\" content=\"index, follow, max-snippet:-1, max-image-preview:large, max-video-preview:-1\" \/>\n<link rel=\"canonical\" href=\"https:\/\/talkpal.ai\/tr\/stripe-checkoutta-kupon-kodu-ekleme-talimatlari\/\" \/>\n<meta property=\"og:locale\" content=\"tr_TR\" \/>\n<meta property=\"og:type\" content=\"article\" \/>\n<meta property=\"og:title\" content=\"Stripe Checkout&#039;ta Kupon Kodu Ekleme Talimatlar\u0131\" \/>\n<meta property=\"og:description\" content=\"Kupon kodu ekleyin ve indirim kazan\u0131n. Ad\u0131mlar\u0131 Takip Edin Ad\u0131m 1: Tercih edilen bir plan se\u00e7in. Ad\u0131m 2: Kart kullanarak \u00f6deme se\u00e7ene\u011fini se\u00e7in ve ba\u015flat\" \/>\n<meta property=\"og:url\" content=\"https:\/\/talkpal.ai\/tr\/stripe-checkoutta-kupon-kodu-ekleme-talimatlari\/\" \/>\n<meta property=\"og:site_name\" content=\"Talkpal\" \/>\n<meta property=\"article:publisher\" content=\"https:\/\/www.facebook.com\/profile.php?id=100090733639311\" \/>\n<meta property=\"article:modified_time\" content=\"2025-06-19T18:07:10+00:00\" \/>\n<meta property=\"og:image\" content=\"https:\/\/talkpal.ai\/wp-content\/uploads\/2024\/03\/Talkpal-Logo-Icon.png\" \/>\n\t<meta property=\"og:image:width\" content=\"5000\" \/>\n\t<meta property=\"og:image:height\" content=\"5000\" \/>\n\t<meta property=\"og:image:type\" content=\"image\/png\" \/>\n<meta name=\"twitter:card\" content=\"summary_large_image\" \/>\n<meta name=\"twitter:site\" content=\"@talkpalai\" \/>\n<script type=\"application\/ld+json\" class=\"yoast-schema-graph\">{\"@context\":\"https:\/\/schema.org\",\"@graph\":[{\"@type\":\"WebPage\",\"@id\":\"https:\/\/talkpal.ai\/tr\/stripe-checkoutta-kupon-kodu-ekleme-talimatlari\/\",\"url\":\"https:\/\/talkpal.ai\/tr\/stripe-checkoutta-kupon-kodu-ekleme-talimatlari\/\",\"name\":\"Stripe Checkout'ta Kupon Kodu Ekleme Talimatlar\u0131 - Talkpal\",\"isPartOf\":{\"@id\":\"https:\/\/talkpal.ai\/tr\/#website\"},\"primaryImageOfPage\":{\"@id\":\"https:\/\/talkpal.ai\/tr\/stripe-checkoutta-kupon-kodu-ekleme-talimatlari\/#primaryimage\"},\"image\":{\"@id\":\"https:\/\/talkpal.ai\/tr\/stripe-checkoutta-kupon-kodu-ekleme-talimatlari\/#primaryimage\"},\"thumbnailUrl\":\"https:\/\/talkpal.ai\/wp-content\/uploads\/2024\/03\/Talkpal-Logo-Icon.png\",\"datePublished\":\"2023-12-20T15:42:12+00:00\",\"dateModified\":\"2025-06-19T18:07:10+00:00\",\"description\":\"Stripe Checkout'ta kupon kodlar\u0131n\u0131 nas\u0131l kolayca ekleyece\u011finizi \u00f6\u011frenin. M\u00fc\u015fterinin \u00f6deme deneyimini geli\u015ftirmek i\u00e7in basit ad\u0131mlar\u0131 izleyin.\",\"breadcrumb\":{\"@id\":\"https:\/\/talkpal.ai\/tr\/stripe-checkoutta-kupon-kodu-ekleme-talimatlari\/#breadcrumb\"},\"inLanguage\":\"tr\",\"potentialAction\":[{\"@type\":\"ReadAction\",\"target\":[\"https:\/\/talkpal.ai\/tr\/stripe-checkoutta-kupon-kodu-ekleme-talimatlari\/\"]}]},{\"@type\":\"ImageObject\",\"inLanguage\":\"tr\",\"@id\":\"https:\/\/talkpal.ai\/tr\/stripe-checkoutta-kupon-kodu-ekleme-talimatlari\/#primaryimage\",\"url\":\"https:\/\/talkpal.ai\/wp-content\/uploads\/2024\/03\/Talkpal-Logo-Icon.png\",\"contentUrl\":\"https:\/\/talkpal.ai\/wp-content\/uploads\/2024\/03\/Talkpal-Logo-Icon.png\",\"width\":5000,\"height\":5000,\"caption\":\"Talkpal logosu\"},{\"@type\":\"BreadcrumbList\",\"@id\":\"https:\/\/talkpal.ai\/tr\/stripe-checkoutta-kupon-kodu-ekleme-talimatlari\/#breadcrumb\",\"itemListElement\":[{\"@type\":\"ListItem\",\"position\":1,\"name\":\"Homepage\",\"item\":\"https:\/\/talkpal.ai\/tr\/\"},{\"@type\":\"ListItem\",\"position\":2,\"name\":\"Stripe Checkout&#8217;ta Kupon Kodu Ekleme Talimatlar\u0131\"}]},{\"@type\":\"WebSite\",\"@id\":\"https:\/\/talkpal.ai\/tr\/#website\",\"url\":\"https:\/\/talkpal.ai\/tr\/\",\"name\":\"Talkpal\",\"description\":\"AI Language Learning\",\"publisher\":{\"@id\":\"https:\/\/talkpal.ai\/tr\/#organization\"},\"alternateName\":\"Talkpal AI\",\"potentialAction\":[{\"@type\":\"SearchAction\",\"target\":{\"@type\":\"EntryPoint\",\"urlTemplate\":\"https:\/\/talkpal.ai\/tr\/?s={search_term_string}\"},\"query-input\":{\"@type\":\"PropertyValueSpecification\",\"valueRequired\":true,\"valueName\":\"search_term_string\"}}],\"inLanguage\":\"tr\"},{\"@type\":\"Organization\",\"@id\":\"https:\/\/talkpal.ai\/tr\/#organization\",\"name\":\"Talkpal, Inc.\",\"alternateName\":\"Talkpal AI\",\"url\":\"https:\/\/talkpal.ai\/tr\/\",\"logo\":{\"@type\":\"ImageObject\",\"inLanguage\":\"tr\",\"@id\":\"https:\/\/talkpal.ai\/tr\/#\/schema\/logo\/image\/\",\"url\":\"https:\/\/talkpal.ai\/wp-content\/uploads\/2024\/03\/Talkpal-Logo-Icon.png\",\"contentUrl\":\"https:\/\/talkpal.ai\/wp-content\/uploads\/2024\/03\/Talkpal-Logo-Icon.png\",\"width\":2880,\"height\":2880,\"caption\":\"Talkpal, Inc.\"},\"image\":{\"@id\":\"https:\/\/talkpal.ai\/tr\/#\/schema\/logo\/image\/\"},\"sameAs\":[\"https:\/\/www.facebook.com\/profile.php?id=100090733639311\",\"https:\/\/x.com\/talkpalai\",\"https:\/\/www.linkedin.com\/company\/talkpal\/\",\"https:\/\/www.youtube.com\/@TalkPal\/\",\"https:\/\/www.tiktok.com\/@talkpal\",\"https:\/\/www.instagram.com\/talkpal_ai\/\",\"https:\/\/www.crunchbase.com\/organization\/talkpal-9cde\",\"https:\/\/www.g2.com\/products\/talkpal-for-business\/\",\"https:\/\/www.trustpilot.com\/review\/talkpal.ai\",\"https:\/\/www.capterra.com\/p\/10006800\/TalkPal\/\"],\"description\":\"Talkpal is a language learning web and mobile education app, powered by the latest AI technologies, that provides engaging experiences to its customers in many different languages to help them improve their language skills. Users can chat about unlimited amount of topics with the app and use other modes to practice their language learning.\",\"email\":\"support@talkpal.ai\",\"legalName\":\"Talkpal, Inc.\",\"foundingDate\":\"2023-04-03\",\"duns\":\"118989042\",\"numberOfEmployees\":{\"@type\":\"QuantitativeValue\",\"minValue\":\"11\",\"maxValue\":\"50\"},\"publishingPrinciples\":\"https:\/\/talkpal.ai\/publishing-principles\/\",\"actionableFeedbackPolicy\":\"https:\/\/talkpal.ai\/actionable-feedback-policy\/\",\"correctionsPolicy\":\"https:\/\/talkpal.ai\/corrections-policy\/\",\"ethicsPolicy\":\"https:\/\/talkpal.ai\/ethics-policy\/\",\"diversityPolicy\":\"https:\/\/talkpal.ai\/diversity-policy\/\",\"diversityStaffingReport\":\"https:\/\/talkpal.ai\/diversity-policy\/\"}]}<\/script>\n<!-- \/ Yoast SEO Premium plugin. -->","yoast_head_json":{"title":"Stripe Checkout'ta Kupon Kodu Ekleme Talimatlar\u0131 - Talkpal","description":"Stripe Checkout'ta kupon kodlar\u0131n\u0131 nas\u0131l kolayca ekleyece\u011finizi \u00f6\u011frenin. M\u00fc\u015fterinin \u00f6deme deneyimini geli\u015ftirmek i\u00e7in basit ad\u0131mlar\u0131 izleyin.","robots":{"index":"index","follow":"follow","max-snippet":"max-snippet:-1","max-image-preview":"max-image-preview:large","max-video-preview":"max-video-preview:-1"},"canonical":"https:\/\/talkpal.ai\/tr\/stripe-checkoutta-kupon-kodu-ekleme-talimatlari\/","og_locale":"tr_TR","og_type":"article","og_title":"Stripe Checkout'ta Kupon Kodu Ekleme Talimatlar\u0131","og_description":"Kupon kodu ekleyin ve indirim kazan\u0131n. Ad\u0131mlar\u0131 Takip Edin Ad\u0131m 1: Tercih edilen bir plan se\u00e7in. Ad\u0131m 2: Kart kullanarak \u00f6deme se\u00e7ene\u011fini se\u00e7in ve ba\u015flat","og_url":"https:\/\/talkpal.ai\/tr\/stripe-checkoutta-kupon-kodu-ekleme-talimatlari\/","og_site_name":"Talkpal","article_publisher":"https:\/\/www.facebook.com\/profile.php?id=100090733639311","article_modified_time":"2025-06-19T18:07:10+00:00","og_image":[{"width":5000,"height":5000,"url":"https:\/\/talkpal.ai\/wp-content\/uploads\/2024\/03\/Talkpal-Logo-Icon.png","type":"image\/png"}],"twitter_card":"summary_large_image","twitter_site":"@talkpalai","schema":{"@context":"https:\/\/schema.org","@graph":[{"@type":"WebPage","@id":"https:\/\/talkpal.ai\/tr\/stripe-checkoutta-kupon-kodu-ekleme-talimatlari\/","url":"https:\/\/talkpal.ai\/tr\/stripe-checkoutta-kupon-kodu-ekleme-talimatlari\/","name":"Stripe Checkout'ta Kupon Kodu Ekleme Talimatlar\u0131 - Talkpal","isPartOf":{"@id":"https:\/\/talkpal.ai\/tr\/#website"},"primaryImageOfPage":{"@id":"https:\/\/talkpal.ai\/tr\/stripe-checkoutta-kupon-kodu-ekleme-talimatlari\/#primaryimage"},"image":{"@id":"https:\/\/talkpal.ai\/tr\/stripe-checkoutta-kupon-kodu-ekleme-talimatlari\/#primaryimage"},"thumbnailUrl":"https:\/\/talkpal.ai\/wp-content\/uploads\/2024\/03\/Talkpal-Logo-Icon.png","datePublished":"2023-12-20T15:42:12+00:00","dateModified":"2025-06-19T18:07:10+00:00","description":"Stripe Checkout'ta kupon kodlar\u0131n\u0131 nas\u0131l kolayca ekleyece\u011finizi \u00f6\u011frenin. M\u00fc\u015fterinin \u00f6deme deneyimini geli\u015ftirmek i\u00e7in basit ad\u0131mlar\u0131 izleyin.","breadcrumb":{"@id":"https:\/\/talkpal.ai\/tr\/stripe-checkoutta-kupon-kodu-ekleme-talimatlari\/#breadcrumb"},"inLanguage":"tr","potentialAction":[{"@type":"ReadAction","target":["https:\/\/talkpal.ai\/tr\/stripe-checkoutta-kupon-kodu-ekleme-talimatlari\/"]}]},{"@type":"ImageObject","inLanguage":"tr","@id":"https:\/\/talkpal.ai\/tr\/stripe-checkoutta-kupon-kodu-ekleme-talimatlari\/#primaryimage","url":"https:\/\/talkpal.ai\/wp-content\/uploads\/2024\/03\/Talkpal-Logo-Icon.png","contentUrl":"https:\/\/talkpal.ai\/wp-content\/uploads\/2024\/03\/Talkpal-Logo-Icon.png","width":5000,"height":5000,"caption":"Talkpal logosu"},{"@type":"BreadcrumbList","@id":"https:\/\/talkpal.ai\/tr\/stripe-checkoutta-kupon-kodu-ekleme-talimatlari\/#breadcrumb","itemListElement":[{"@type":"ListItem","position":1,"name":"Homepage","item":"https:\/\/talkpal.ai\/tr\/"},{"@type":"ListItem","position":2,"name":"Stripe Checkout&#8217;ta Kupon Kodu Ekleme Talimatlar\u0131"}]},{"@type":"WebSite","@id":"https:\/\/talkpal.ai\/tr\/#website","url":"https:\/\/talkpal.ai\/tr\/","name":"Talkpal","description":"AI Language Learning","publisher":{"@id":"https:\/\/talkpal.ai\/tr\/#organization"},"alternateName":"Talkpal AI","potentialAction":[{"@type":"SearchAction","target":{"@type":"EntryPoint","urlTemplate":"https:\/\/talkpal.ai\/tr\/?s={search_term_string}"},"query-input":{"@type":"PropertyValueSpecification","valueRequired":true,"valueName":"search_term_string"}}],"inLanguage":"tr"},{"@type":"Organization","@id":"https:\/\/talkpal.ai\/tr\/#organization","name":"Talkpal, Inc.","alternateName":"Talkpal AI","url":"https:\/\/talkpal.ai\/tr\/","logo":{"@type":"ImageObject","inLanguage":"tr","@id":"https:\/\/talkpal.ai\/tr\/#\/schema\/logo\/image\/","url":"https:\/\/talkpal.ai\/wp-content\/uploads\/2024\/03\/Talkpal-Logo-Icon.png","contentUrl":"https:\/\/talkpal.ai\/wp-content\/uploads\/2024\/03\/Talkpal-Logo-Icon.png","width":2880,"height":2880,"caption":"Talkpal, Inc."},"image":{"@id":"https:\/\/talkpal.ai\/tr\/#\/schema\/logo\/image\/"},"sameAs":["https:\/\/www.facebook.com\/profile.php?id=100090733639311","https:\/\/x.com\/talkpalai","https:\/\/www.linkedin.com\/company\/talkpal\/","https:\/\/www.youtube.com\/@TalkPal\/","https:\/\/www.tiktok.com\/@talkpal","https:\/\/www.instagram.com\/talkpal_ai\/","https:\/\/www.crunchbase.com\/organization\/talkpal-9cde","https:\/\/www.g2.com\/products\/talkpal-for-business\/","https:\/\/www.trustpilot.com\/review\/talkpal.ai","https:\/\/www.capterra.com\/p\/10006800\/TalkPal\/"],"description":"Talkpal is a language learning web and mobile education app, powered by the latest AI technologies, that provides engaging experiences to its customers in many different languages to help them improve their language skills. Users can chat about unlimited amount of topics with the app and use other modes to practice their language learning.","email":"support@talkpal.ai","legalName":"Talkpal, Inc.","foundingDate":"2023-04-03","duns":"118989042","numberOfEmployees":{"@type":"QuantitativeValue","minValue":"11","maxValue":"50"},"publishingPrinciples":"https:\/\/talkpal.ai\/publishing-principles\/","actionableFeedbackPolicy":"https:\/\/talkpal.ai\/actionable-feedback-policy\/","correctionsPolicy":"https:\/\/talkpal.ai\/corrections-policy\/","ethicsPolicy":"https:\/\/talkpal.ai\/ethics-policy\/","diversityPolicy":"https:\/\/talkpal.ai\/diversity-policy\/","diversityStaffingReport":"https:\/\/talkpal.ai\/diversity-policy\/"}]}},"_links":{"self":[{"href":"https:\/\/talkpal.ai\/tr\/wp-json\/wp\/v2\/pages\/994608","targetHints":{"allow":["GET"]}}],"collection":[{"href":"https:\/\/talkpal.ai\/tr\/wp-json\/wp\/v2\/pages"}],"about":[{"href":"https:\/\/talkpal.ai\/tr\/wp-json\/wp\/v2\/types\/page"}],"author":[{"embeddable":true,"href":"https:\/\/talkpal.ai\/tr\/wp-json\/wp\/v2\/users\/6"}],"replies":[{"embeddable":true,"href":"https:\/\/talkpal.ai\/tr\/wp-json\/wp\/v2\/comments?post=994608"}],"version-history":[{"count":0,"href":"https:\/\/talkpal.ai\/tr\/wp-json\/wp\/v2\/pages\/994608\/revisions"}],"wp:featuredmedia":[{"embeddable":true,"href":"https:\/\/talkpal.ai\/tr\/wp-json\/wp\/v2\/media\/197985"}],"wp:attachment":[{"href":"https:\/\/talkpal.ai\/tr\/wp-json\/wp\/v2\/media?parent=994608"}],"curies":[{"name":"wp","href":"https:\/\/api.w.org\/{rel}","templated":true}]}}