{"id":92120,"date":"2023-06-14T13:25:23","date_gmt":"2023-06-14T13:25:23","guid":{"rendered":"http:\/\/talkpal.ai\/ingilizce-dilbilgisi-alistirmalari\/"},"modified":"2025-12-17T16:33:48","modified_gmt":"2025-12-17T16:33:48","slug":"ingilizce-dilbilgisi-alistirmalari","status":"publish","type":"page","link":"https:\/\/talkpal.ai\/tr\/ingilizce-dilbilgisi-alistirmalari\/","title":{"rendered":"\u0130ngilizce Dilbilgisi Al\u0131\u015ft\u0131rmalar\u0131"},"content":{"rendered":"\r\n\r\n\r\n<section class=\"languageChallengeSection\">\r\n    <div class=\"languageInfoWrapper\">\r\n        \r\n        <h1>\u0130ngilizce Dilbilgisi Al\u0131\u015ft\u0131rmalar\u0131<\/h1>\r\n        <p>\u0130ngilizce&#039;de kendinize olan g\u00fcveninizi art\u0131rmak ister misiniz? Dilbilgisi al\u0131\u015ft\u0131rmalar\u0131 yapmak, dilbilgisi kurallar\u0131n\u0131 daha iyi anlaman\u0131z, fiilleri do\u011fru kullanman\u0131z ve kelime da\u011farc\u0131\u011f\u0131n\u0131z\u0131 geni\u015fletmeniz i\u00e7in harika bir yoldur. \u0130ngilizce grameriniz \u00fczerinde \u00e7al\u0131\u015fmaya bug\u00fcn ba\u015flay\u0131n ve her al\u0131\u015ft\u0131rmada becerilerinizin ve ak\u0131c\u0131l\u0131\u011f\u0131n\u0131z\u0131n artt\u0131\u011f\u0131n\u0131 g\u00f6r\u00fcn!\n\n<\/p>\r\n\r\n                            <a class=\"getStartedHidden\" href=\"https:\/\/app.talkpal.ai\/tr\/signup?lng=\">Hadi ba\u015fla<\/a>\r\n        \r\n    <\/div>\r\n\r\n    <figure>\r\n    <img decoding=\"async\" width=\"768\" height=\"768\" src=\"https:\/\/talkpal.ai\/wp-content\/uploads\/2023\/06\/English-768x768.png\" class=\"languageImage no-lazy\" alt=\"Language learning for improved multitasking\" fetchpriority=\"high\" sizes=\"(max-width: 768px) 150px, 768px\" srcset=\"https:\/\/talkpal.ai\/wp-content\/uploads\/2023\/06\/English-768x768.png 768w, https:\/\/talkpal.ai\/wp-content\/uploads\/2023\/06\/English-300x300.png 300w\" \/>\r\n    \r\n\r\n    <\/figure>\r\n\r\n            <a class=\"getStartedVisible\" href=\"https:\/\/app.talkpal.ai\/tr\/signup?lng=\">Hadi ba\u015fla<\/a>\r\n    \r\n<\/section>\r\n\r\n\r\n<!-- <section class=\"grammarSection\">\r\n    <div class=\"grammarLinks\">\r\n        <a href=\"https:\/\/talkpal.ai\/tr\/exercise_language\/cumleler-ingilizce-dilbilgisi\/\">C\u00fcmleler <\/a><a href=\"https:\/\/talkpal.ai\/tr\/exercise_language\/edatlar-ingilizce-dilbilgisi\/\">Edatlar <\/a><a href=\"https:\/\/talkpal.ai\/tr\/exercise_language\/fiiller-ingilizce-dilbilgisi\/\">Fiiller <\/a><a href=\"https:\/\/talkpal.ai\/tr\/exercise_language\/isimler-ingilizce-dilbilgisi\/\">\u0130simler <\/a><a href=\"https:\/\/talkpal.ai\/tr\/exercise_language\/kosullular-ingilizce-dilbilgisi\/\">Ko\u015fullular <\/a><a href=\"https:\/\/talkpal.ai\/tr\/exercise_language\/makaleler-ingilizce-dilbilgisi\/\">Makaleler <\/a><a href=\"https:\/\/talkpal.ai\/tr\/exercise_language\/sifatlar-ingilizce-dilbilgisi\/\">S\u0131fatlar <\/a><a href=\"https:\/\/talkpal.ai\/tr\/exercise_language\/zaman-karsilastirmasi-ingilizce-dilbilgisi\/\">Zaman Kar\u015f\u0131la\u015ft\u0131rmas\u0131 <\/a><a href=\"https:\/\/talkpal.ai\/tr\/exercise_language\/zamanlar-ingilizce-dilbilgisi\/\">Zamanlar <\/a><a href=\"https:\/\/talkpal.ai\/tr\/exercise_language\/zamirler-belirleyiciler-ingilizce-dilbilgisi\/\">Zamirler \/ Belirleyiciler <\/a><a href=\"https:\/\/talkpal.ai\/tr\/exercise_language\/zarflar-ingilizce-dilbilgisi\/\">Zarflar <\/a>    <\/div>\r\n<\/section> -->\r\n\r\n\r\n\r\n\r\n        <section class=\"grammarSection\">\r\n            <div class=\"grammarLinks\">\r\n                <a href=\"https:\/\/talkpal.ai\/tr\/exercise_language\/cumleler-ingilizce-dilbilgisi\/\">C\u00fcmleler <\/a><a href=\"https:\/\/talkpal.ai\/tr\/exercise_language\/edatlar-ingilizce-dilbilgisi\/\">Edatlar <\/a><a href=\"https:\/\/talkpal.ai\/tr\/exercise_language\/fiiller-ingilizce-dilbilgisi\/\">Fiiller <\/a><a href=\"https:\/\/talkpal.ai\/tr\/exercise_language\/isimler-ingilizce-dilbilgisi\/\">\u0130simler <\/a><a href=\"https:\/\/talkpal.ai\/tr\/exercise_language\/kosullular-ingilizce-dilbilgisi\/\">Ko\u015fullular <\/a><a href=\"https:\/\/talkpal.ai\/tr\/exercise_language\/makaleler-ingilizce-dilbilgisi\/\">Makaleler <\/a><a href=\"https:\/\/talkpal.ai\/tr\/exercise_language\/sifatlar-ingilizce-dilbilgisi\/\">S\u0131fatlar <\/a><a href=\"https:\/\/talkpal.ai\/tr\/exercise_language\/zaman-karsilastirmasi-ingilizce-dilbilgisi\/\">Zaman Kar\u015f\u0131la\u015ft\u0131rmas\u0131 <\/a><a href=\"https:\/\/talkpal.ai\/tr\/exercise_language\/zamanlar-ingilizce-dilbilgisi\/\">Zamanlar <\/a><a href=\"https:\/\/talkpal.ai\/tr\/exercise_language\/zamirler-belirleyiciler-ingilizce-dilbilgisi\/\">Zamirler \/ Belirleyiciler <\/a><a href=\"https:\/\/talkpal.ai\/tr\/exercise_language\/zarflar-ingilizce-dilbilgisi\/\">Zarflar <\/a>            <\/div>\r\n        <\/section>\r\n<section class=\"promotionalBanner\">\r\n    <p class=\"promotionalText\">Dil \u00f6\u011frenmenin en etkili yolu<\/p>\r\n    <a class=\"promotionalLink\" href=\"https:\/\/app.talkpal.ai\/tr\/signup?lng=\">Talkpal \u00fccretsiz deneyin<\/a>\r\n<\/section>\n<div class=\"wp-block-group pageContainerStyle\"><div class=\"wp-block-group__inner-container is-layout-constrained wp-block-group-is-layout-constrained\">\n<h2 class=\"wp-block-heading\" id=\"h-english-grammar-topics\">\u0130ngilizce Gramer Konular\u0131<\/h2>\n\n\n\n<p>\u0130ngilizce dilbilgisi, \u0130ngilizce dilinin yap\u0131s\u0131n\u0131 belirleyen bir dizi kural ve y\u00f6nergedir. Birbirimizle a\u00e7\u0131k ve etkili bir \u015fekilde ileti\u015fim kurmam\u0131z\u0131 sa\u011flar. \u0130ngilizce \u00f6\u011frenirken, g\u00fc\u00e7l\u00fc okuma, yazma ve konu\u015fma becerileri geli\u015ftirmek i\u00e7in grameri anlamak \u00e7ok \u00f6nemlidir. Bu yolculuk, s\u0131fatlar, zarflar, artikeller, ko\u015fullar, isimler, edatlar, zamirler\/belirleyiciler, c\u00fcmleler, zaman kar\u015f\u0131la\u015ft\u0131rmas\u0131, zamanlar ve fiiller gibi dilbilgisinin \u00e7e\u015fitli bile\u015fenlerini kapsayacakt\u0131r. \u0130ngilizce dilbilgisi \u00f6\u011frenmeyi daha etkili ve e\u011flenceli hale getirmek i\u00e7in bu konular\u0131n her birini \u00f6nerilen bir s\u0131rayla inceleyelim.<\/p>\n\n\n\n<h3 class=\"wp-block-heading\" id=\"h-1-nouns\">1. \u0130simler:<\/h3>\n\n\n\n<p>\u0130simler \u0130ngilizce dilbilgisinin en temel yap\u0131 ta\u015flar\u0131d\u0131r. \u0130nsanlar\u0131, yerleri, \u015feyleri veya fikirleri temsil eden kelimelerdir. \u0130simleri anlamak, c\u00fcmle kurmak ve dilde anlam iletmek i\u00e7in \u00e7ok \u00f6nemlidir.<\/p>\n\n\n\n<h3 class=\"wp-block-heading\" id=\"h-2-pronouns-determiners\">2. Zamirler\/Belirleyiciler:<\/h3>\n\n\n\n<p>\u0130simleri kavrad\u0131ktan sonra, zamirler ve belirleyiciler hakk\u0131nda bilgi edinmek bir sonraki ad\u0131md\u0131r. Zamirler, tekrar\u0131 \u00f6nlemek i\u00e7in bir c\u00fcmledeki isimlerin yerini al\u0131rken, belirleyiciler isim hakk\u0131nda miktar veya iyelik gibi bilgiler sa\u011flar.<\/p>\n\n\n\n<h3 class=\"wp-block-heading\" id=\"h-3-verbs\">3. Fiiller:<\/h3>\n\n\n\n<p>Fiiller, bir ismin ne yapt\u0131\u011f\u0131n\u0131 veya ya\u015fad\u0131\u011f\u0131n\u0131 ifade eden eylem kelimeleridir. Herhangi bir c\u00fcmlenin \u00e7ok \u00f6nemli bir par\u00e7as\u0131d\u0131rlar ve nas\u0131l \u00e7al\u0131\u015ft\u0131klar\u0131n\u0131 anlamak, a\u00e7\u0131k ve \u00f6zl\u00fc ifadeler olu\u015fturmak i\u00e7in \u00e7ok \u00f6nemlidir.<\/p>\n\n\n\n<h3 class=\"wp-block-heading\" id=\"h-4-adjectives\">4. S\u0131fatlar:<\/h3>\n\n\n\n<p>S\u0131fatlar, isimleri tan\u0131mlar veya de\u011fi\u015ftirir, nitelikleri veya \u00f6zellikleri hakk\u0131nda daha fazla bilgi verir. S\u0131fatlar\u0131 etkili bir \u015fekilde kullanmay\u0131 \u00f6\u011frenmek, \u0130ngilizce ileti\u015fim kurma yetene\u011finizi geli\u015ftirecektir.<\/p>\n\n\n\n<h3 class=\"wp-block-heading\" id=\"h-5-adverbs\">5. Zarflar:<\/h3>\n\n\n\n<p>Zarflar s\u0131fatlara benzer, ancak fiilleri, s\u0131fatlar\u0131 veya di\u011fer zarflar\u0131 de\u011fi\u015ftirir. Genellikle bir eylemin nas\u0131l, ne zaman veya nerede ger\u00e7ekle\u015fti\u011fini a\u00e7\u0131klarlar. Zarflar\u0131n nas\u0131l kullan\u0131laca\u011f\u0131n\u0131 bilmek, \u0130ngilizce ileti\u015fiminize derinlik ve ayr\u0131nt\u0131 katacakt\u0131r.<\/p>\n\n\n\n<h3 class=\"wp-block-heading\" id=\"h-6-prepositions\">6. Edatlar:<\/h3>\n\n\n\n<p>Edatlar, bir c\u00fcmledeki isimler, zamirler ve di\u011fer kelimeler aras\u0131ndaki ili\u015fkiyi g\u00f6steren kelimelerdir. Konum, zaman veya y\u00f6n gibi ba\u011flam sa\u011flamaya yard\u0131mc\u0131 olurlar.<\/p>\n\n\n\n<h3 class=\"wp-block-heading\" id=\"h-7-articles\">7. Makaleler:<\/h3>\n\n\n\n<p>Makaleler, bir ismin belirli mi yoksa belirsiz mi oldu\u011funu belirten bir t\u00fcr belirleyicidir. Do\u011fru c\u00fcmle olu\u015fumu i\u00e7in \u00f6nemlidirler ve bir ifadenin anlam\u0131n\u0131 netle\u015ftirmeye yard\u0131mc\u0131 olurlar.<\/p>\n\n\n\n<h3 class=\"wp-block-heading\" id=\"h-8-tenses\">8. Zamanlar:<\/h3>\n\n\n\n<p>Zamanlar, bir eylemin veya varolu\u015f durumunun zaman\u0131n\u0131 g\u00f6sterir. \u0130ngilizcede farkl\u0131 zamanlar\u0131 \u00f6\u011frenmek, ister ge\u00e7mi\u015ften, ister \u015fimdiki zamandan, ister gelecekten bahsediyor olun, kendinizi do\u011fru bir \u015fekilde ifade etmenizi sa\u011flayacakt\u0131r.<\/p>\n\n\n\n<h3 class=\"wp-block-heading\" id=\"h-9-tense-comparison\">9. Gergin Kar\u015f\u0131la\u015ft\u0131rma:<\/h3>\n\n\n\n<p>Zaman kar\u015f\u0131la\u015ft\u0131rmas\u0131n\u0131 anlamak, farkl\u0131 zaman dilimlerindeki eylemleri veya durumlar\u0131 kar\u015f\u0131la\u015ft\u0131rmak i\u00e7in \u00f6nemlidir. Bu beceri, karma\u015f\u0131k fikirleri iletmenize ve daha geli\u015fmi\u015f bir \u0130ngilizce dilbilgisi anlay\u0131\u015f\u0131 geli\u015ftirmenize yard\u0131mc\u0131 olacakt\u0131r.<\/p>\n\n\n\n<h3 class=\"wp-block-heading\" id=\"h-10-sentences\">10. C\u00fcmleler:<\/h3>\n\n\n\n<p>C\u00fcmleler, \u0130ngilizce&#8217;de yaz\u0131l\u0131 ve s\u00f6zl\u00fc ileti\u015fimin temelidir. \u0130simler, fiiller ve di\u011fer dilbilgisi bile\u015fenleri hakk\u0131ndaki bilginize dayanarak, c\u00fcmle yap\u0131s\u0131n\u0131 \u00f6\u011frenmek, d\u00fc\u015f\u00fcncelerinizi dilde etkili bir \u015fekilde aktarman\u0131z\u0131 sa\u011flayacakt\u0131r.<\/p>\n\n\n\n<h3 class=\"wp-block-heading\" id=\"h-11-conditionals\">11. Ko\u015fullar:<\/h3>\n\n\n\n<p>Ko\u015fullar, bir ko\u015fulu ve potansiyel sonucunu ifade eden c\u00fcmlelerdir. Bunlar, varsay\u0131msal durumlar\u0131 ve karma\u015f\u0131k fikirleri ifade etmenize yard\u0131mc\u0131 olacak \u0130ngilizce dilbilgisinin geli\u015fmi\u015f bir y\u00f6n\u00fcd\u00fcr.<\/p>\n<\/div><\/div>\n\r\n<section class=\"learnNavigationSection\">\r\n            \r\n        <a href=\"https:\/\/talkpal.ai\/tr\/ingilizce-ogrenin\/\">\r\n            <div class=\"learnNavigationWrapper\">\r\n                <div class=\"learnNavigationContent\">\r\n                    <img decoding=\"async\" src=\"https:\/\/talkpal.ai\/wp-content\/uploads\/2024\/08\/English.jpg\" alt=\"English Flag\">\r\n                    <div>\r\n                        <h4>\u0130ngilizce \u00d6\u011frenimi Hakk\u0131nda<\/h4>\r\n                        <p>\u0130ngilizce dilbilgisi hakk\u0131nda her \u015feyi \u00f6\u011frenin.<\/p>\r\n                    <\/div>\r\n                <\/div>\r\n            <\/div>\r\n        <\/a>\r\n\r\n        \r\n        <a href=\"https:\/\/talkpal.ai\/tr\/ingilizce-dilbilgisi\/\">\r\n            <div class=\"learnNavigationWrapper\">\r\n                <div class=\"learnNavigationContent\">\r\n                    <img decoding=\"async\" src=\"https:\/\/talkpal.ai\/wp-content\/uploads\/2024\/08\/English.jpg\" alt=\"English Flag\">\r\n                    <div>\r\n                        <h4>\u0130ngilizce Dilbilgisi Dersleri<\/h4>\r\n                        <p>\u0130ngilizce Pratik Yap\u0131n Dilbilgisi.<\/p>\r\n                    <\/div>\r\n                <\/div>\r\n            <\/div>\r\n        <\/a>\r\n\r\n        \r\n        <a href=\"https:\/\/talkpal.ai\/vocabulary_language\/english\/\">\r\n            <div class=\"learnNavigationWrapper\">\r\n                <div class=\"learnNavigationContent\">\r\n                    <img decoding=\"async\" src=\"https:\/\/talkpal.ai\/wp-content\/uploads\/2024\/08\/English.jpg\" alt=\"English Flag\">\r\n                    <div>\r\n                        <h4>\u0130ngilizce Kelime Bilgisi<\/h4>\r\n                        <p>\u0130ngilizce kelime da\u011farc\u0131\u011f\u0131n\u0131z\u0131 geni\u015fletin.<\/p>\r\n                    <\/div>\r\n                <\/div>\r\n            <\/div>\r\n        <\/a>\r\n\r\n            <\/section>","protected":false},"excerpt":{"rendered":"<p>\u0130ngilizce Gramer Konular\u0131 \u0130ngilizce dilbilgisi, \u0130ngilizce dilinin yap\u0131s\u0131n\u0131 belirleyen bir dizi kural ve y\u00f6nergedir. Birbirimizle a\u00e7\u0131k ve etkili bir \u015fekilde ileti\u015fim kurmam\u0131z\u0131 sa\u011flar. \u0130ngilizce \u00f6\u011frenirken, g\u00fc\u00e7l\u00fc okuma, yazma ve konu\u015fma becerileri geli\u015ftirmek i\u00e7in grameri anlamak \u00e7ok \u00f6nemlidir. Bu yolculuk, s\u0131fatlar, zarflar, artikeller, ko\u015fullar, isimler, edatlar, zamirler\/belirleyiciler, c\u00fcmleler, zaman kar\u015f\u0131la\u015ft\u0131rmas\u0131, zamanlar ve fiiller gibi dilbilgisinin \u00e7e\u015fitli [&hellip;]<\/p>\n","protected":false},"author":1,"featured_media":64487,"parent":0,"menu_order":0,"comment_status":"closed","ping_status":"closed","template":"LearningContentPage.php","meta":{"_acf_changed":false,"footnotes":""},"class_list":["post-92120","page","type-page","status-publish","has-post-thumbnail","hentry"],"acf":[],"yoast_head":"<!-- This site is optimized with the Yoast SEO Premium plugin v27.2 (Yoast SEO v27.2) - https:\/\/yoast.com\/product\/yoast-seo-premium-wordpress\/ -->\n<title>\u0130ngilizce Dilbilgisi Al\u0131\u015ft\u0131rmalar\u0131 - Talkpal<\/title>\n<meta name=\"description\" content=\"Etkili Talkpal dilbilgisi al\u0131\u015ft\u0131rmalar\u0131 ile \u0130ngilizce becerilerinizi geli\u015ftirin. Dil yeterlili\u011finizi \u015fimdi geli\u015ftirin!\" \/>\n<meta name=\"robots\" content=\"index, follow, max-snippet:-1, max-image-preview:large, max-video-preview:-1\" \/>\n<link rel=\"canonical\" href=\"https:\/\/talkpal.ai\/tr\/ingilizce-dilbilgisi-alistirmalari\/\" \/>\n<meta property=\"og:locale\" content=\"tr_TR\" \/>\n<meta property=\"og:type\" content=\"article\" \/>\n<meta property=\"og:title\" content=\"\u0130ngilizce Dilbilgisi Al\u0131\u015ft\u0131rmalar\u0131\" \/>\n<meta property=\"og:description\" content=\"\u0130ngilizce Gramer Konular\u0131 \u0130ngilizce dilbilgisi, \u0130ngilizce dilinin yap\u0131s\u0131n\u0131 belirleyen bir dizi kural ve y\u00f6nergedir. Birbirimizle a\u00e7\u0131k ve etkili bir\" \/>\n<meta property=\"og:url\" content=\"https:\/\/talkpal.ai\/tr\/ingilizce-dilbilgisi-alistirmalari\/\" \/>\n<meta property=\"og:site_name\" content=\"Talkpal\" \/>\n<meta property=\"article:publisher\" content=\"https:\/\/www.facebook.com\/profile.php?id=100090733639311\" \/>\n<meta property=\"article:modified_time\" content=\"2025-12-17T16:33:48+00:00\" \/>\n<meta property=\"og:image\" content=\"https:\/\/talkpal.ai\/wp-content\/uploads\/2023\/03\/united-kingdom.png\" \/>\n\t<meta property=\"og:image:width\" content=\"512\" \/>\n\t<meta property=\"og:image:height\" content=\"512\" \/>\n\t<meta property=\"og:image:type\" content=\"image\/png\" \/>\n<meta name=\"twitter:card\" content=\"summary_large_image\" \/>\n<meta name=\"twitter:site\" content=\"@talkpalai\" \/>\n<meta name=\"twitter:label1\" content=\"Tahmini okuma s\u00fcresi\" \/>\n\t<meta name=\"twitter:data1\" content=\"3 dakika\" \/>\n<script type=\"application\/ld+json\" class=\"yoast-schema-graph\">{\"@context\":\"https:\/\/schema.org\",\"@graph\":[{\"@type\":\"WebPage\",\"@id\":\"https:\/\/talkpal.ai\/tr\/ingilizce-dilbilgisi-alistirmalari\/\",\"url\":\"https:\/\/talkpal.ai\/tr\/ingilizce-dilbilgisi-alistirmalari\/\",\"name\":\"\u0130ngilizce Dilbilgisi Al\u0131\u015ft\u0131rmalar\u0131 - Talkpal\",\"isPartOf\":{\"@id\":\"https:\/\/talkpal.ai\/tr\/#website\"},\"primaryImageOfPage\":{\"@id\":\"https:\/\/talkpal.ai\/tr\/ingilizce-dilbilgisi-alistirmalari\/#primaryimage\"},\"image\":{\"@id\":\"https:\/\/talkpal.ai\/tr\/ingilizce-dilbilgisi-alistirmalari\/#primaryimage\"},\"thumbnailUrl\":\"https:\/\/talkpal.ai\/wp-content\/uploads\/2023\/03\/united-kingdom.png\",\"datePublished\":\"2023-06-14T13:25:23+00:00\",\"dateModified\":\"2025-12-17T16:33:48+00:00\",\"description\":\"Etkili Talkpal dilbilgisi al\u0131\u015ft\u0131rmalar\u0131 ile \u0130ngilizce becerilerinizi geli\u015ftirin. Dil yeterlili\u011finizi \u015fimdi geli\u015ftirin!\",\"breadcrumb\":{\"@id\":\"https:\/\/talkpal.ai\/tr\/ingilizce-dilbilgisi-alistirmalari\/#breadcrumb\"},\"inLanguage\":\"tr\",\"potentialAction\":[{\"@type\":\"ReadAction\",\"target\":[\"https:\/\/talkpal.ai\/tr\/ingilizce-dilbilgisi-alistirmalari\/\"]}]},{\"@type\":\"ImageObject\",\"inLanguage\":\"tr\",\"@id\":\"https:\/\/talkpal.ai\/tr\/ingilizce-dilbilgisi-alistirmalari\/#primaryimage\",\"url\":\"https:\/\/talkpal.ai\/wp-content\/uploads\/2023\/03\/united-kingdom.png\",\"contentUrl\":\"https:\/\/talkpal.ai\/wp-content\/uploads\/2023\/03\/united-kingdom.png\",\"width\":512,\"height\":512,\"caption\":\"TalkPal AI learn English\"},{\"@type\":\"BreadcrumbList\",\"@id\":\"https:\/\/talkpal.ai\/tr\/ingilizce-dilbilgisi-alistirmalari\/#breadcrumb\",\"itemListElement\":[{\"@type\":\"ListItem\",\"position\":1,\"name\":\"Homepage\",\"item\":\"https:\/\/talkpal.ai\/tr\/\"},{\"@type\":\"ListItem\",\"position\":2,\"name\":\"\u0130ngilizce Dilbilgisi Al\u0131\u015ft\u0131rmalar\u0131\"}]},{\"@type\":\"WebSite\",\"@id\":\"https:\/\/talkpal.ai\/tr\/#website\",\"url\":\"https:\/\/talkpal.ai\/tr\/\",\"name\":\"Talkpal\",\"description\":\"AI Language Learning\",\"publisher\":{\"@id\":\"https:\/\/talkpal.ai\/tr\/#organization\"},\"alternateName\":\"Talkpal AI\",\"potentialAction\":[{\"@type\":\"SearchAction\",\"target\":{\"@type\":\"EntryPoint\",\"urlTemplate\":\"https:\/\/talkpal.ai\/tr\/?s={search_term_string}\"},\"query-input\":{\"@type\":\"PropertyValueSpecification\",\"valueRequired\":true,\"valueName\":\"search_term_string\"}}],\"inLanguage\":\"tr\"},{\"@type\":\"Organization\",\"@id\":\"https:\/\/talkpal.ai\/tr\/#organization\",\"name\":\"Talkpal, Inc.\",\"alternateName\":\"Talkpal AI\",\"url\":\"https:\/\/talkpal.ai\/tr\/\",\"logo\":{\"@type\":\"ImageObject\",\"inLanguage\":\"tr\",\"@id\":\"https:\/\/talkpal.ai\/tr\/#\/schema\/logo\/image\/\",\"url\":\"https:\/\/talkpal.ai\/wp-content\/uploads\/2024\/03\/Talkpal-Logo-Icon.png\",\"contentUrl\":\"https:\/\/talkpal.ai\/wp-content\/uploads\/2024\/03\/Talkpal-Logo-Icon.png\",\"width\":2880,\"height\":2880,\"caption\":\"Talkpal, Inc.\"},\"image\":{\"@id\":\"https:\/\/talkpal.ai\/tr\/#\/schema\/logo\/image\/\"},\"sameAs\":[\"https:\/\/www.facebook.com\/profile.php?id=100090733639311\",\"https:\/\/x.com\/talkpalai\",\"https:\/\/www.linkedin.com\/company\/talkpal\/\",\"https:\/\/www.youtube.com\/@TalkPal\/\",\"https:\/\/www.tiktok.com\/@talkpal\",\"https:\/\/www.instagram.com\/talkpal_ai\/\",\"https:\/\/www.crunchbase.com\/organization\/talkpal-9cde\",\"https:\/\/www.g2.com\/products\/talkpal-for-business\/\",\"https:\/\/www.trustpilot.com\/review\/talkpal.ai\",\"https:\/\/www.capterra.com\/p\/10006800\/TalkPal\/\"],\"description\":\"Talkpal is a language learning web and mobile education app, powered by the latest AI technologies, that provides engaging experiences to its customers in many different languages to help them improve their language skills. Users can chat about unlimited amount of topics with the app and use other modes to practice their language learning.\",\"email\":\"support@talkpal.ai\",\"legalName\":\"Talkpal, Inc.\",\"foundingDate\":\"2023-04-03\",\"duns\":\"118989042\",\"numberOfEmployees\":{\"@type\":\"QuantitativeValue\",\"minValue\":\"11\",\"maxValue\":\"50\"},\"publishingPrinciples\":\"https:\/\/talkpal.ai\/publishing-principles\/\",\"actionableFeedbackPolicy\":\"https:\/\/talkpal.ai\/actionable-feedback-policy\/\",\"correctionsPolicy\":\"https:\/\/talkpal.ai\/corrections-policy\/\",\"ethicsPolicy\":\"https:\/\/talkpal.ai\/ethics-policy\/\",\"diversityPolicy\":\"https:\/\/talkpal.ai\/diversity-policy\/\",\"diversityStaffingReport\":\"https:\/\/talkpal.ai\/diversity-policy\/\"}]}<\/script>\n<!-- \/ Yoast SEO Premium plugin. -->","yoast_head_json":{"title":"\u0130ngilizce Dilbilgisi Al\u0131\u015ft\u0131rmalar\u0131 - Talkpal","description":"Etkili Talkpal dilbilgisi al\u0131\u015ft\u0131rmalar\u0131 ile \u0130ngilizce becerilerinizi geli\u015ftirin. Dil yeterlili\u011finizi \u015fimdi geli\u015ftirin!","robots":{"index":"index","follow":"follow","max-snippet":"max-snippet:-1","max-image-preview":"max-image-preview:large","max-video-preview":"max-video-preview:-1"},"canonical":"https:\/\/talkpal.ai\/tr\/ingilizce-dilbilgisi-alistirmalari\/","og_locale":"tr_TR","og_type":"article","og_title":"\u0130ngilizce Dilbilgisi Al\u0131\u015ft\u0131rmalar\u0131","og_description":"\u0130ngilizce Gramer Konular\u0131 \u0130ngilizce dilbilgisi, \u0130ngilizce dilinin yap\u0131s\u0131n\u0131 belirleyen bir dizi kural ve y\u00f6nergedir. Birbirimizle a\u00e7\u0131k ve etkili bir","og_url":"https:\/\/talkpal.ai\/tr\/ingilizce-dilbilgisi-alistirmalari\/","og_site_name":"Talkpal","article_publisher":"https:\/\/www.facebook.com\/profile.php?id=100090733639311","article_modified_time":"2025-12-17T16:33:48+00:00","og_image":[{"width":512,"height":512,"url":"https:\/\/talkpal.ai\/wp-content\/uploads\/2023\/03\/united-kingdom.png","type":"image\/png"}],"twitter_card":"summary_large_image","twitter_site":"@talkpalai","twitter_misc":{"Tahmini okuma s\u00fcresi":"3 dakika"},"schema":{"@context":"https:\/\/schema.org","@graph":[{"@type":"WebPage","@id":"https:\/\/talkpal.ai\/tr\/ingilizce-dilbilgisi-alistirmalari\/","url":"https:\/\/talkpal.ai\/tr\/ingilizce-dilbilgisi-alistirmalari\/","name":"\u0130ngilizce Dilbilgisi Al\u0131\u015ft\u0131rmalar\u0131 - Talkpal","isPartOf":{"@id":"https:\/\/talkpal.ai\/tr\/#website"},"primaryImageOfPage":{"@id":"https:\/\/talkpal.ai\/tr\/ingilizce-dilbilgisi-alistirmalari\/#primaryimage"},"image":{"@id":"https:\/\/talkpal.ai\/tr\/ingilizce-dilbilgisi-alistirmalari\/#primaryimage"},"thumbnailUrl":"https:\/\/talkpal.ai\/wp-content\/uploads\/2023\/03\/united-kingdom.png","datePublished":"2023-06-14T13:25:23+00:00","dateModified":"2025-12-17T16:33:48+00:00","description":"Etkili Talkpal dilbilgisi al\u0131\u015ft\u0131rmalar\u0131 ile \u0130ngilizce becerilerinizi geli\u015ftirin. Dil yeterlili\u011finizi \u015fimdi geli\u015ftirin!","breadcrumb":{"@id":"https:\/\/talkpal.ai\/tr\/ingilizce-dilbilgisi-alistirmalari\/#breadcrumb"},"inLanguage":"tr","potentialAction":[{"@type":"ReadAction","target":["https:\/\/talkpal.ai\/tr\/ingilizce-dilbilgisi-alistirmalari\/"]}]},{"@type":"ImageObject","inLanguage":"tr","@id":"https:\/\/talkpal.ai\/tr\/ingilizce-dilbilgisi-alistirmalari\/#primaryimage","url":"https:\/\/talkpal.ai\/wp-content\/uploads\/2023\/03\/united-kingdom.png","contentUrl":"https:\/\/talkpal.ai\/wp-content\/uploads\/2023\/03\/united-kingdom.png","width":512,"height":512,"caption":"TalkPal AI learn English"},{"@type":"BreadcrumbList","@id":"https:\/\/talkpal.ai\/tr\/ingilizce-dilbilgisi-alistirmalari\/#breadcrumb","itemListElement":[{"@type":"ListItem","position":1,"name":"Homepage","item":"https:\/\/talkpal.ai\/tr\/"},{"@type":"ListItem","position":2,"name":"\u0130ngilizce Dilbilgisi Al\u0131\u015ft\u0131rmalar\u0131"}]},{"@type":"WebSite","@id":"https:\/\/talkpal.ai\/tr\/#website","url":"https:\/\/talkpal.ai\/tr\/","name":"Talkpal","description":"AI Language Learning","publisher":{"@id":"https:\/\/talkpal.ai\/tr\/#organization"},"alternateName":"Talkpal AI","potentialAction":[{"@type":"SearchAction","target":{"@type":"EntryPoint","urlTemplate":"https:\/\/talkpal.ai\/tr\/?s={search_term_string}"},"query-input":{"@type":"PropertyValueSpecification","valueRequired":true,"valueName":"search_term_string"}}],"inLanguage":"tr"},{"@type":"Organization","@id":"https:\/\/talkpal.ai\/tr\/#organization","name":"Talkpal, Inc.","alternateName":"Talkpal AI","url":"https:\/\/talkpal.ai\/tr\/","logo":{"@type":"ImageObject","inLanguage":"tr","@id":"https:\/\/talkpal.ai\/tr\/#\/schema\/logo\/image\/","url":"https:\/\/talkpal.ai\/wp-content\/uploads\/2024\/03\/Talkpal-Logo-Icon.png","contentUrl":"https:\/\/talkpal.ai\/wp-content\/uploads\/2024\/03\/Talkpal-Logo-Icon.png","width":2880,"height":2880,"caption":"Talkpal, Inc."},"image":{"@id":"https:\/\/talkpal.ai\/tr\/#\/schema\/logo\/image\/"},"sameAs":["https:\/\/www.facebook.com\/profile.php?id=100090733639311","https:\/\/x.com\/talkpalai","https:\/\/www.linkedin.com\/company\/talkpal\/","https:\/\/www.youtube.com\/@TalkPal\/","https:\/\/www.tiktok.com\/@talkpal","https:\/\/www.instagram.com\/talkpal_ai\/","https:\/\/www.crunchbase.com\/organization\/talkpal-9cde","https:\/\/www.g2.com\/products\/talkpal-for-business\/","https:\/\/www.trustpilot.com\/review\/talkpal.ai","https:\/\/www.capterra.com\/p\/10006800\/TalkPal\/"],"description":"Talkpal is a language learning web and mobile education app, powered by the latest AI technologies, that provides engaging experiences to its customers in many different languages to help them improve their language skills. Users can chat about unlimited amount of topics with the app and use other modes to practice their language learning.","email":"support@talkpal.ai","legalName":"Talkpal, Inc.","foundingDate":"2023-04-03","duns":"118989042","numberOfEmployees":{"@type":"QuantitativeValue","minValue":"11","maxValue":"50"},"publishingPrinciples":"https:\/\/talkpal.ai\/publishing-principles\/","actionableFeedbackPolicy":"https:\/\/talkpal.ai\/actionable-feedback-policy\/","correctionsPolicy":"https:\/\/talkpal.ai\/corrections-policy\/","ethicsPolicy":"https:\/\/talkpal.ai\/ethics-policy\/","diversityPolicy":"https:\/\/talkpal.ai\/diversity-policy\/","diversityStaffingReport":"https:\/\/talkpal.ai\/diversity-policy\/"}]}},"_links":{"self":[{"href":"https:\/\/talkpal.ai\/tr\/wp-json\/wp\/v2\/pages\/92120","targetHints":{"allow":["GET"]}}],"collection":[{"href":"https:\/\/talkpal.ai\/tr\/wp-json\/wp\/v2\/pages"}],"about":[{"href":"https:\/\/talkpal.ai\/tr\/wp-json\/wp\/v2\/types\/page"}],"author":[{"embeddable":true,"href":"https:\/\/talkpal.ai\/tr\/wp-json\/wp\/v2\/users\/1"}],"replies":[{"embeddable":true,"href":"https:\/\/talkpal.ai\/tr\/wp-json\/wp\/v2\/comments?post=92120"}],"version-history":[{"count":0,"href":"https:\/\/talkpal.ai\/tr\/wp-json\/wp\/v2\/pages\/92120\/revisions"}],"wp:featuredmedia":[{"embeddable":true,"href":"https:\/\/talkpal.ai\/tr\/wp-json\/wp\/v2\/media\/64487"}],"wp:attachment":[{"href":"https:\/\/talkpal.ai\/tr\/wp-json\/wp\/v2\/media?parent=92120"}],"curies":[{"name":"wp","href":"https:\/\/api.w.org\/{rel}","templated":true}]}}