{"id":91969,"date":"2023-03-25T16:57:06","date_gmt":"2023-03-25T16:57:06","guid":{"rendered":"http:\/\/talkpal.ai\/ingilizce-dilbilgisi\/"},"modified":"2025-05-22T19:26:06","modified_gmt":"2025-05-22T19:26:06","slug":"ingilizce-dilbilgisi","status":"publish","type":"page","link":"https:\/\/talkpal.ai\/tr\/ingilizce-dilbilgisi\/","title":{"rendered":"\u0130ngilizce Dilbilgisi"},"content":{"rendered":"\r\n\r\n\r\n<section class=\"languageChallengeSection\">\r\n    <div class=\"languageInfoWrapper\">\r\n        \r\n        <h1>\u0130ngilizce Dilbilgisi<\/h1>\r\n        <p>\u0130ngilizce \u00f6\u011frenmeye ba\u015flamaya haz\u0131r m\u0131s\u0131n\u0131z? Sadece biraz dil bilgisi ve birka\u00e7 yeni kelimeyle, k\u0131sa s\u00fcrede d\u00fcnyan\u0131n her yerinden insanlarla sohbet edecek ve ba\u011flant\u0131 kuracaks\u0131n\u0131z. Dal\u0131\u015f yap\u0131n ve \u0130ngilizce \u00f6\u011frenmeyi e\u011flenceli ve kolay hale getirelim &#8211; ak\u0131c\u0131l\u0131k yolculu\u011funuz bug\u00fcn ba\u015fl\u0131yor!\n\n<\/p>\r\n\r\n                            <a class=\"getStartedHidden\" href=\"https:\/\/app.talkpal.ai\/tr\/signup?lng=\">Hadi ba\u015fla<\/a>\r\n        \r\n    <\/div>\r\n\r\n    <figure>\r\n    <img decoding=\"async\" width=\"768\" height=\"768\" src=\"https:\/\/talkpal.ai\/wp-content\/uploads\/2023\/06\/English-768x768.png\" class=\"languageImage no-lazy\" alt=\"Language learning for improved multitasking\" fetchpriority=\"high\" sizes=\"(max-width: 768px) 150px, 768px\" srcset=\"https:\/\/talkpal.ai\/wp-content\/uploads\/2023\/06\/English-768x768.png 768w, https:\/\/talkpal.ai\/wp-content\/uploads\/2023\/06\/English-300x300.png 300w\" \/>\r\n    \r\n\r\n    <\/figure>\r\n\r\n            <a class=\"getStartedVisible\" href=\"https:\/\/app.talkpal.ai\/tr\/signup?lng=\">Hadi ba\u015fla<\/a>\r\n    \r\n<\/section>\r\n        <section class=\"grammarSection\">\r\n            <div class=\"grammarLinks\">\r\n                <a href=\"https:\/\/talkpal.ai\/tr\/language\/cumleler-ingilizce-dilbilgisi\/\">C\u00fcmleler <\/a><a href=\"https:\/\/talkpal.ai\/tr\/language\/edatlar-ingilizce-dilbilgisi\/\">Edatlar <\/a><a href=\"https:\/\/talkpal.ai\/tr\/language\/fiiller-ingilizce-dilbilgisi\/\">Fiiller <\/a><a href=\"https:\/\/talkpal.ai\/tr\/language\/isimler-ingilizce-dilbilgisi\/\">\u0130simler <\/a><a href=\"https:\/\/talkpal.ai\/tr\/language\/kosullular-ingilizce-dilbilgisi\/\">Ko\u015fullular <\/a><a href=\"https:\/\/talkpal.ai\/tr\/language\/makaleler-ingilizce-dilbilgisi\/\">Makaleler <\/a><a href=\"https:\/\/talkpal.ai\/tr\/language\/sifatlar-ingilizce-dilbilgisi\/\">S\u0131fatlar <\/a><a href=\"https:\/\/talkpal.ai\/tr\/language\/zamanlar-ingilizce-dilbilgisi\/\">Zamanlar <\/a><a href=\"https:\/\/talkpal.ai\/tr\/language\/zamirler-belirleyiciler-ingilizce-dilbilgisi\/\">Zamirler \/ Belirleyiciler <\/a><a href=\"https:\/\/talkpal.ai\/tr\/language\/zarflar-ingilizce-dilbilgisi\/\">Zarflar <\/a>            <\/div>\r\n        <\/section>\r\n    <section class=\"promotionalBanner\">\r\n    <p class=\"promotionalText\">Dil \u00f6\u011frenmenin en etkili yolu<\/p>\r\n    <a class=\"promotionalLink\" href=\"https:\/\/app.talkpal.ai\/tr\/signup?lng=\">Talkpal \u00fccretsiz deneyin<\/a>\r\n<\/section>\n<div class=\"wp-block-group pageContainerStyle\"><div class=\"wp-block-group__inner-container is-layout-constrained wp-block-group-is-layout-constrained\">\n<h2 class=\"wp-block-heading\" id=\"h-the-importance-of-english-grammar-a-guide-to-mastering-the-rules-and-principles\">\u0130ngilizce Dilbilgisinin \u00d6nemi: Kural ve \u0130lkelere Hakim Olma Rehberi<\/h2>\n\n\n\n<p>\u0130ngilizce d\u00fcnya \u00e7ap\u0131nda konu\u015fulan en \u00f6nemli dillerden biri oldu\u011fundan, insanlar\u0131n ak\u0131c\u0131l\u0131klar\u0131n\u0131 ve \u0130ngilizceye hakimiyetlerini geli\u015ftirmeye hevesli olmalar\u0131 \u015fa\u015f\u0131rt\u0131c\u0131 de\u011fildir. \u0130ngilizce diline hakim olman\u0131n en \u00f6nemli y\u00f6nlerinden biri gramerini anlamakt\u0131r. Peki dilbilgisi neden bu kadar \u00f6nemlidir ve onu nas\u0131l etkili bir \u015fekilde \u00f6\u011frenebiliriz? Bu makalede, \u0130ngilizce dilbilgisinin \u00f6nemine de\u011finecek, temel ilkelerini tart\u0131\u015facak ve becerilerinizi geli\u015ftirmek i\u00e7in baz\u0131 kullan\u0131\u015fl\u0131 ipu\u00e7lar\u0131 payla\u015faca\u011f\u0131z.<\/p>\n\n\n\n<h3 class=\"wp-block-heading\" id=\"h-the-role-of-grammar-in-the-english-language\">\u0130ngilizce Dilinde Dilbilgisinin Rol\u00fc:<\/h3>\n\n\n\n<p>Peki, gramer konusunda bu kadar b\u00fcy\u00fct\u00fclecek ne var? \u00d6z\u00fcnde, dilbilgisi herhangi bir dilin yap\u0131 ta\u015flar\u0131 olarak hizmet eder &#8211; anlaml\u0131 c\u00fcmleler olu\u015fturmak i\u00e7in kelimeleri nas\u0131l kullanaca\u011f\u0131m\u0131z\u0131 y\u00f6neten kurallar ve ilkeler b\u00fct\u00fcn\u00fcd\u00fcr. Bu kurallara ba\u011fl\u0131 kalarak net bir ileti\u015fim sa\u011flayabilir ve yanl\u0131\u015f anlamalar\u0131 \u00f6nleyebiliriz. Bir tarifi takip etmeden bir yemek pi\u015firmeye \u00e7al\u0131\u015ft\u0131\u011f\u0131n\u0131z\u0131 hayal edin &#8211; sonu\u00e7 tats\u0131z olabilir! Ayn\u0131 \u015fekilde, g\u00fcnl\u00fck konu\u015fma ve yazmam\u0131zda dilbilgisini ihmal etmek kafa kar\u0131\u015f\u0131kl\u0131\u011f\u0131na ve yanl\u0131\u015f yorumlamaya yol a\u00e7abilir.<\/p>\n\n\n\n<h3 class=\"wp-block-heading\" id=\"h-key-principles-of-english-grammar\">\u0130ngilizce Dilbilgisinin Temel \u0130lkeleri:<\/h3>\n\n\n\n<p>\u0130ngilizce dilbilgisi \u00e7ok \u00e7e\u015fitli kurallar\u0131 kapsasa da, bilmeniz gereken baz\u0131 temel ilkeler vard\u0131r:<\/p>\n\n\n\n<p><strong>1. Konu\u015fman\u0131n b\u00f6l\u00fcmleri:<\/strong> Bunlar, kelimelerin bir c\u00fcmlede oynad\u0131\u011f\u0131 rollerdir. \u0130\u015flevlerine ba\u011fl\u0131 olarak, kelimeler isimler, zamirler, fiiller, s\u0131fatlar, zarflar, edatlar, ba\u011fla\u00e7lar veya \u00fcnlemler olarak s\u0131n\u0131fland\u0131r\u0131labilir.<\/p>\n\n\n\n<p><strong>2. Zamanlar: Zamanlar,<\/strong> eylemlerin veya varl\u0131k durumlar\u0131n\u0131n zaman\u0131n\u0131 g\u00f6sterir. Ge\u00e7mi\u015f, \u015fimdiki ve gelecek zaman olarak kategorize edilirler ve her zaman\u0131n d\u00f6rt y\u00f6n\u00fc vard\u0131r &#8211; basit, ilerici, m\u00fckemmel ve m\u00fckemmel ilerici.<\/p>\n\n\n\n<p><strong>3. \u00d6zne-fiil anla\u015fmas\u0131:<\/strong> Esasen, bir c\u00fcmledeki \u00f6zne (isim veya zamir) ve fiil say\u0131 olarak ayn\u0131 fikirde olmal\u0131d\u0131r \u2013 tekil veya \u00e7o\u011ful. \u00d6rne\u011fin, &#8220;She reads a book&#8221; ve &#8220;They read books&#8221; ifadelerinin her ikisi de dilbilgisi a\u00e7\u0131s\u0131ndan do\u011frudur.<\/p>\n\n\n\n<p><strong>4. C\u00fcmle yap\u0131s\u0131:<\/strong> \u0130yi yap\u0131land\u0131r\u0131lm\u0131\u015f bir c\u00fcmle bir \u00f6zne, fiil ve genellikle bir nesneden olu\u015fur. C\u00fcmleler basit (bir ba\u011f\u0131ms\u0131z yan t\u00fcmce), bile\u015fik (iki veya daha fazla ba\u011f\u0131ms\u0131z yan t\u00fcmce) veya karma\u015f\u0131k (bir ba\u011f\u0131ms\u0131z yan t\u00fcmce ve bir veya daha fazla ba\u011f\u0131ml\u0131 yan t\u00fcmce) olabilir.<\/p>\n\n\n\n<p>5. Noktalama i\u015faretleri: Virg\u00fcl, nokta ve noktal\u0131 virg\u00fcl gibi <strong>noktalama i\u015faretleri<\/strong>, yaz\u0131 dilinin d\u00fczenlenmesinde ve netle\u015ftirilmesinde kritik \u00f6neme sahiptir. Do\u011fru noktalama i\u015faretleri, fikirlerinizin hassasiyet ve tutarl\u0131l\u0131kla iletilmesini sa\u011flar.<\/p>\n\n\n\n<h3 class=\"wp-block-heading\" id=\"h-tips-to-improve-your-english-grammar\">\u0130ngilizce Dilbilginizi Geli\u015ftirmek i\u00e7in \u0130pu\u00e7lar\u0131:<\/h3>\n\n\n\n<p>\u0130ngilizce dilbilgisinin temellerini tart\u0131\u015ft\u0131\u011f\u0131m\u0131za g\u00f6re, \u015fimdi becerilerinizi geli\u015ftirmenin baz\u0131 etkili yollar\u0131n\u0131 ke\u015ffedelim:<\/p>\n\n\n\n<p><strong>1. D\u00fczenli olarak okuyun:<\/strong> Okumak, do\u011fru dilbilgisini i\u00e7selle\u015ftirmenin m\u00fckemmel bir yoludur. Kendinizi iyi yaz\u0131lm\u0131\u015f makalelere, kitaplara veya denemelere ne kadar \u00e7ok maruz b\u0131rak\u0131rsan\u0131z, kurallar\u0131 ve yap\u0131lar\u0131 o kadar iyi kavrars\u0131n\u0131z.<\/p>\n\n\n\n<p><strong>2. Yazma al\u0131\u015ft\u0131rmas\u0131 yap\u0131n:<\/strong> D\u00fczenli olarak yazmak, dilbilgisi bilginizi uygulaman\u0131za ve geli\u015ftirmeniz gereken alanlar\u0131 belirlemenize olanak tan\u0131r. Yazma becerilerinizi geli\u015ftirmek i\u00e7in bir g\u00fcnl\u00fck tutmay\u0131 veya bir blog ba\u015flatmay\u0131 d\u00fc\u015f\u00fcn\u00fcn.<\/p>\n\n\n\n<p><strong>3. Dilbilgisi kaynaklar\u0131n\u0131 inceleyin:<\/strong> Kurallar\u0131 daha iyi anlaman\u0131z\u0131 sa\u011flamak i\u00e7in baz\u0131 sayg\u0131n dilbilgisi kitaplar\u0131na, web sitelerine veya uygulamalar\u0131na sahip olun. Bu materyalleri d\u00fczenli olarak g\u00f6zden ge\u00e7irmek, bilginizi sa\u011flamla\u015ft\u0131rman\u0131za yard\u0131mc\u0131 olacakt\u0131r.<\/p>\n\n\n\n<p><strong>4. Geri bildirim isteyin:<\/strong> Yaz\u0131l\u0131 ve s\u00f6zl\u00fc \u0130ngilizceniz hakk\u0131nda yap\u0131c\u0131 ele\u015ftiriler almak i\u00e7in ba\u015fkalar\u0131yla etkile\u015fim kurun. Bu, \u00e7evrimi\u00e7i forumlar, dil de\u011fi\u015fim gruplar\u0131 veya \u0130ngilizce bilen arkada\u015flar ve meslekta\u015flar arac\u0131l\u0131\u011f\u0131yla olabilir.<\/p>\n\n\n\n<p><strong>5. Sab\u0131rl\u0131 ve \u0131srarc\u0131 olun: Dilbilgisi<\/strong> \u00f6\u011frenmek, zaman ve \u00e7aba gerektiren a\u015famal\u0131 bir s\u00fcre\u00e7tir. Kararl\u0131 kal\u0131n, pratik yapmaya devam edin ve ilerlemenizi kutlay\u0131n.<\/p>\n\n\n\n<h3 class=\"wp-block-heading\" id=\"h-conclusion\">Son:<\/h3>\n\n\n\n<p>\u0130ngilizce dilbilgisine hakim olmak, ak\u0131c\u0131l\u0131\u011fa giden yolda \u00f6nemli bir basamakt\u0131r. \u00d6nemini anlayarak, temel ilkelere a\u015fina olarak ve aktif bir \u015fekilde pratik yaparak, k\u0131sa s\u00fcrede dile g\u00fc\u00e7l\u00fc bir \u015fekilde hakim olacaks\u0131n\u0131z. Roma&#8217;n\u0131n bir g\u00fcnde in\u015fa edilmedi\u011fini unutmay\u0131n &#8211; bu y\u00fczden sab\u0131rl\u0131 olun, e\u011flenin ve kusursuz dilbilgisine giden yolculu\u011fun tad\u0131n\u0131 \u00e7\u0131kar\u0131n!<\/p>\n<\/div><\/div>\n\r\n<section class=\"learnNavigationSection\">\r\n            \r\n        <a href=\"https:\/\/talkpal.ai\/tr\/ingilizce-ogrenin\/\">\r\n            <div class=\"learnNavigationWrapper\">\r\n                <div class=\"learnNavigationContent\">\r\n                    <img decoding=\"async\" src=\"https:\/\/talkpal.ai\/wp-content\/uploads\/2024\/08\/English.jpg\" alt=\"English Flag\">\r\n                    <div>\r\n                        <h4>\u0130ngilizce \u00d6\u011frenimi Hakk\u0131nda<\/h4>\r\n                        <p>\u0130ngilizce dilbilgisi hakk\u0131nda her \u015feyi \u00f6\u011frenin.<\/p>\r\n                    <\/div>\r\n                <\/div>\r\n            <\/div>\r\n        <\/a>\r\n\r\n        \r\n        <a href=\"https:\/\/talkpal.ai\/tr\/ingilizce-dilbilgisi-alistirmalari\/\">\r\n            <div class=\"learnNavigationWrapper\">\r\n                <div class=\"learnNavigationContent\">\r\n                    <img decoding=\"async\" src=\"https:\/\/talkpal.ai\/wp-content\/uploads\/2024\/08\/English.jpg\" alt=\"English Flag\">\r\n                    <div>\r\n                        <h4>\u0130ngilizce Dilbilgisi Al\u0131\u015ft\u0131rmalar\u0131<\/h4>\r\n                        <p>\u0130ngilizce Pratik Yap\u0131n Dilbilgisi.<\/p>\r\n                    <\/div>\r\n                <\/div>\r\n            <\/div>\r\n        <\/a>\r\n\r\n        \r\n        <a href=\"https:\/\/talkpal.ai\/vocabulary_language\/english\/\">\r\n            <div class=\"learnNavigationWrapper\">\r\n                <div class=\"learnNavigationContent\">\r\n                    <img decoding=\"async\" src=\"https:\/\/talkpal.ai\/wp-content\/uploads\/2024\/08\/English.jpg\" alt=\"English Flag\">\r\n                    <div>\r\n                        <h4>\u0130ngilizce Kelime Bilgisi<\/h4>\r\n                        <p>\u0130ngilizce kelime da\u011farc\u0131\u011f\u0131n\u0131z\u0131 geni\u015fletin.<\/p>\r\n                    <\/div>\r\n                <\/div>\r\n            <\/div>\r\n        <\/a>\r\n\r\n            <\/section>","protected":false},"excerpt":{"rendered":"<p>\u0130ngilizce Dilbilgisinin \u00d6nemi: Kural ve \u0130lkelere Hakim Olma Rehberi \u0130ngilizce d\u00fcnya \u00e7ap\u0131nda konu\u015fulan en \u00f6nemli dillerden biri oldu\u011fundan, insanlar\u0131n ak\u0131c\u0131l\u0131klar\u0131n\u0131 ve \u0130ngilizceye hakimiyetlerini geli\u015ftirmeye hevesli olmalar\u0131 \u015fa\u015f\u0131rt\u0131c\u0131 de\u011fildir. \u0130ngilizce diline hakim olman\u0131n en \u00f6nemli y\u00f6nlerinden biri gramerini anlamakt\u0131r. Peki dilbilgisi neden bu kadar \u00f6nemlidir ve onu nas\u0131l etkili bir \u015fekilde \u00f6\u011frenebiliriz? Bu makalede, \u0130ngilizce dilbilgisinin [&hellip;]<\/p>\n","protected":false},"author":1,"featured_media":64487,"parent":0,"menu_order":0,"comment_status":"closed","ping_status":"closed","template":"LearningContentPage.php","meta":{"_acf_changed":false,"footnotes":""},"class_list":["post-91969","page","type-page","status-publish","has-post-thumbnail","hentry"],"acf":[],"yoast_head":"<!-- This site is optimized with the Yoast SEO Premium plugin v27.2 (Yoast SEO v27.2) - https:\/\/yoast.com\/product\/yoast-seo-premium-wordpress\/ -->\n<title>\u0130ngilizce Dilbilgisi - Talkpal<\/title>\n<meta name=\"description\" content=\"\u0130ngilizce dilbilgisi becerilerinizi zahmetsizce geli\u015ftirin Talkpal&#039;in yapay zeka destekli dil \u00f6\u011frenme uygulamas\u0131.\" \/>\n<meta name=\"robots\" content=\"index, follow, max-snippet:-1, max-image-preview:large, max-video-preview:-1\" \/>\n<link rel=\"canonical\" href=\"https:\/\/talkpal.ai\/tr\/ingilizce-dilbilgisi\/\" \/>\n<meta property=\"og:locale\" content=\"tr_TR\" \/>\n<meta property=\"og:type\" content=\"article\" \/>\n<meta property=\"og:title\" content=\"\u0130ngilizce Dilbilgisi\" \/>\n<meta property=\"og:description\" content=\"\u0130ngilizce Dilbilgisinin \u00d6nemi: Kural ve \u0130lkelere Hakim Olma Rehberi \u0130ngilizce d\u00fcnya \u00e7ap\u0131nda konu\u015fulan en \u00f6nemli dillerden biri oldu\u011fundan, insanlar\u0131n\" \/>\n<meta property=\"og:url\" content=\"https:\/\/talkpal.ai\/tr\/ingilizce-dilbilgisi\/\" \/>\n<meta property=\"og:site_name\" content=\"Talkpal\" \/>\n<meta property=\"article:publisher\" content=\"https:\/\/www.facebook.com\/profile.php?id=100090733639311\" \/>\n<meta property=\"article:modified_time\" content=\"2025-05-22T19:26:06+00:00\" \/>\n<meta property=\"og:image\" content=\"https:\/\/talkpal.ai\/wp-content\/uploads\/2023\/03\/united-kingdom.png\" \/>\n\t<meta property=\"og:image:width\" content=\"512\" \/>\n\t<meta property=\"og:image:height\" content=\"512\" \/>\n\t<meta property=\"og:image:type\" content=\"image\/png\" \/>\n<meta name=\"twitter:card\" content=\"summary_large_image\" \/>\n<meta name=\"twitter:site\" content=\"@talkpalai\" \/>\n<meta name=\"twitter:label1\" content=\"Tahmini okuma s\u00fcresi\" \/>\n\t<meta name=\"twitter:data1\" content=\"4 dakika\" \/>\n<script type=\"application\/ld+json\" class=\"yoast-schema-graph\">{\"@context\":\"https:\/\/schema.org\",\"@graph\":[{\"@type\":\"WebPage\",\"@id\":\"https:\/\/talkpal.ai\/tr\/ingilizce-dilbilgisi\/\",\"url\":\"https:\/\/talkpal.ai\/tr\/ingilizce-dilbilgisi\/\",\"name\":\"\u0130ngilizce Dilbilgisi - Talkpal\",\"isPartOf\":{\"@id\":\"https:\/\/talkpal.ai\/tr\/#website\"},\"primaryImageOfPage\":{\"@id\":\"https:\/\/talkpal.ai\/tr\/ingilizce-dilbilgisi\/#primaryimage\"},\"image\":{\"@id\":\"https:\/\/talkpal.ai\/tr\/ingilizce-dilbilgisi\/#primaryimage\"},\"thumbnailUrl\":\"https:\/\/talkpal.ai\/wp-content\/uploads\/2023\/03\/united-kingdom.png\",\"datePublished\":\"2023-03-25T16:57:06+00:00\",\"dateModified\":\"2025-05-22T19:26:06+00:00\",\"description\":\"\u0130ngilizce dilbilgisi becerilerinizi zahmetsizce geli\u015ftirin Talkpal'in yapay zeka destekli dil \u00f6\u011frenme uygulamas\u0131.\",\"breadcrumb\":{\"@id\":\"https:\/\/talkpal.ai\/tr\/ingilizce-dilbilgisi\/#breadcrumb\"},\"inLanguage\":\"tr\",\"potentialAction\":[{\"@type\":\"ReadAction\",\"target\":[\"https:\/\/talkpal.ai\/tr\/ingilizce-dilbilgisi\/\"]}]},{\"@type\":\"ImageObject\",\"inLanguage\":\"tr\",\"@id\":\"https:\/\/talkpal.ai\/tr\/ingilizce-dilbilgisi\/#primaryimage\",\"url\":\"https:\/\/talkpal.ai\/wp-content\/uploads\/2023\/03\/united-kingdom.png\",\"contentUrl\":\"https:\/\/talkpal.ai\/wp-content\/uploads\/2023\/03\/united-kingdom.png\",\"width\":512,\"height\":512,\"caption\":\"TalkPal AI learn English\"},{\"@type\":\"BreadcrumbList\",\"@id\":\"https:\/\/talkpal.ai\/tr\/ingilizce-dilbilgisi\/#breadcrumb\",\"itemListElement\":[{\"@type\":\"ListItem\",\"position\":1,\"name\":\"Homepage\",\"item\":\"https:\/\/talkpal.ai\/tr\/\"},{\"@type\":\"ListItem\",\"position\":2,\"name\":\"\u0130ngilizce Dilbilgisi\"}]},{\"@type\":\"WebSite\",\"@id\":\"https:\/\/talkpal.ai\/tr\/#website\",\"url\":\"https:\/\/talkpal.ai\/tr\/\",\"name\":\"Talkpal\",\"description\":\"AI Language Learning\",\"publisher\":{\"@id\":\"https:\/\/talkpal.ai\/tr\/#organization\"},\"alternateName\":\"Talkpal AI\",\"potentialAction\":[{\"@type\":\"SearchAction\",\"target\":{\"@type\":\"EntryPoint\",\"urlTemplate\":\"https:\/\/talkpal.ai\/tr\/?s={search_term_string}\"},\"query-input\":{\"@type\":\"PropertyValueSpecification\",\"valueRequired\":true,\"valueName\":\"search_term_string\"}}],\"inLanguage\":\"tr\"},{\"@type\":\"Organization\",\"@id\":\"https:\/\/talkpal.ai\/tr\/#organization\",\"name\":\"Talkpal, Inc.\",\"alternateName\":\"Talkpal AI\",\"url\":\"https:\/\/talkpal.ai\/tr\/\",\"logo\":{\"@type\":\"ImageObject\",\"inLanguage\":\"tr\",\"@id\":\"https:\/\/talkpal.ai\/tr\/#\/schema\/logo\/image\/\",\"url\":\"https:\/\/talkpal.ai\/wp-content\/uploads\/2024\/03\/Talkpal-Logo-Icon.png\",\"contentUrl\":\"https:\/\/talkpal.ai\/wp-content\/uploads\/2024\/03\/Talkpal-Logo-Icon.png\",\"width\":2880,\"height\":2880,\"caption\":\"Talkpal, Inc.\"},\"image\":{\"@id\":\"https:\/\/talkpal.ai\/tr\/#\/schema\/logo\/image\/\"},\"sameAs\":[\"https:\/\/www.facebook.com\/profile.php?id=100090733639311\",\"https:\/\/x.com\/talkpalai\",\"https:\/\/www.linkedin.com\/company\/talkpal\/\",\"https:\/\/www.youtube.com\/@TalkPal\/\",\"https:\/\/www.tiktok.com\/@talkpal\",\"https:\/\/www.instagram.com\/talkpal_ai\/\",\"https:\/\/www.crunchbase.com\/organization\/talkpal-9cde\",\"https:\/\/www.g2.com\/products\/talkpal-for-business\/\",\"https:\/\/www.trustpilot.com\/review\/talkpal.ai\",\"https:\/\/www.capterra.com\/p\/10006800\/TalkPal\/\"],\"description\":\"Talkpal is a language learning web and mobile education app, powered by the latest AI technologies, that provides engaging experiences to its customers in many different languages to help them improve their language skills. Users can chat about unlimited amount of topics with the app and use other modes to practice their language learning.\",\"email\":\"support@talkpal.ai\",\"legalName\":\"Talkpal, Inc.\",\"foundingDate\":\"2023-04-03\",\"duns\":\"118989042\",\"numberOfEmployees\":{\"@type\":\"QuantitativeValue\",\"minValue\":\"11\",\"maxValue\":\"50\"},\"publishingPrinciples\":\"https:\/\/talkpal.ai\/publishing-principles\/\",\"actionableFeedbackPolicy\":\"https:\/\/talkpal.ai\/actionable-feedback-policy\/\",\"correctionsPolicy\":\"https:\/\/talkpal.ai\/corrections-policy\/\",\"ethicsPolicy\":\"https:\/\/talkpal.ai\/ethics-policy\/\",\"diversityPolicy\":\"https:\/\/talkpal.ai\/diversity-policy\/\",\"diversityStaffingReport\":\"https:\/\/talkpal.ai\/diversity-policy\/\"}]}<\/script>\n<!-- \/ Yoast SEO Premium plugin. -->","yoast_head_json":{"title":"\u0130ngilizce Dilbilgisi - Talkpal","description":"\u0130ngilizce dilbilgisi becerilerinizi zahmetsizce geli\u015ftirin Talkpal'in yapay zeka destekli dil \u00f6\u011frenme uygulamas\u0131.","robots":{"index":"index","follow":"follow","max-snippet":"max-snippet:-1","max-image-preview":"max-image-preview:large","max-video-preview":"max-video-preview:-1"},"canonical":"https:\/\/talkpal.ai\/tr\/ingilizce-dilbilgisi\/","og_locale":"tr_TR","og_type":"article","og_title":"\u0130ngilizce Dilbilgisi","og_description":"\u0130ngilizce Dilbilgisinin \u00d6nemi: Kural ve \u0130lkelere Hakim Olma Rehberi \u0130ngilizce d\u00fcnya \u00e7ap\u0131nda konu\u015fulan en \u00f6nemli dillerden biri oldu\u011fundan, insanlar\u0131n","og_url":"https:\/\/talkpal.ai\/tr\/ingilizce-dilbilgisi\/","og_site_name":"Talkpal","article_publisher":"https:\/\/www.facebook.com\/profile.php?id=100090733639311","article_modified_time":"2025-05-22T19:26:06+00:00","og_image":[{"width":512,"height":512,"url":"https:\/\/talkpal.ai\/wp-content\/uploads\/2023\/03\/united-kingdom.png","type":"image\/png"}],"twitter_card":"summary_large_image","twitter_site":"@talkpalai","twitter_misc":{"Tahmini okuma s\u00fcresi":"4 dakika"},"schema":{"@context":"https:\/\/schema.org","@graph":[{"@type":"WebPage","@id":"https:\/\/talkpal.ai\/tr\/ingilizce-dilbilgisi\/","url":"https:\/\/talkpal.ai\/tr\/ingilizce-dilbilgisi\/","name":"\u0130ngilizce Dilbilgisi - Talkpal","isPartOf":{"@id":"https:\/\/talkpal.ai\/tr\/#website"},"primaryImageOfPage":{"@id":"https:\/\/talkpal.ai\/tr\/ingilizce-dilbilgisi\/#primaryimage"},"image":{"@id":"https:\/\/talkpal.ai\/tr\/ingilizce-dilbilgisi\/#primaryimage"},"thumbnailUrl":"https:\/\/talkpal.ai\/wp-content\/uploads\/2023\/03\/united-kingdom.png","datePublished":"2023-03-25T16:57:06+00:00","dateModified":"2025-05-22T19:26:06+00:00","description":"\u0130ngilizce dilbilgisi becerilerinizi zahmetsizce geli\u015ftirin Talkpal'in yapay zeka destekli dil \u00f6\u011frenme uygulamas\u0131.","breadcrumb":{"@id":"https:\/\/talkpal.ai\/tr\/ingilizce-dilbilgisi\/#breadcrumb"},"inLanguage":"tr","potentialAction":[{"@type":"ReadAction","target":["https:\/\/talkpal.ai\/tr\/ingilizce-dilbilgisi\/"]}]},{"@type":"ImageObject","inLanguage":"tr","@id":"https:\/\/talkpal.ai\/tr\/ingilizce-dilbilgisi\/#primaryimage","url":"https:\/\/talkpal.ai\/wp-content\/uploads\/2023\/03\/united-kingdom.png","contentUrl":"https:\/\/talkpal.ai\/wp-content\/uploads\/2023\/03\/united-kingdom.png","width":512,"height":512,"caption":"TalkPal AI learn English"},{"@type":"BreadcrumbList","@id":"https:\/\/talkpal.ai\/tr\/ingilizce-dilbilgisi\/#breadcrumb","itemListElement":[{"@type":"ListItem","position":1,"name":"Homepage","item":"https:\/\/talkpal.ai\/tr\/"},{"@type":"ListItem","position":2,"name":"\u0130ngilizce Dilbilgisi"}]},{"@type":"WebSite","@id":"https:\/\/talkpal.ai\/tr\/#website","url":"https:\/\/talkpal.ai\/tr\/","name":"Talkpal","description":"AI Language Learning","publisher":{"@id":"https:\/\/talkpal.ai\/tr\/#organization"},"alternateName":"Talkpal AI","potentialAction":[{"@type":"SearchAction","target":{"@type":"EntryPoint","urlTemplate":"https:\/\/talkpal.ai\/tr\/?s={search_term_string}"},"query-input":{"@type":"PropertyValueSpecification","valueRequired":true,"valueName":"search_term_string"}}],"inLanguage":"tr"},{"@type":"Organization","@id":"https:\/\/talkpal.ai\/tr\/#organization","name":"Talkpal, Inc.","alternateName":"Talkpal AI","url":"https:\/\/talkpal.ai\/tr\/","logo":{"@type":"ImageObject","inLanguage":"tr","@id":"https:\/\/talkpal.ai\/tr\/#\/schema\/logo\/image\/","url":"https:\/\/talkpal.ai\/wp-content\/uploads\/2024\/03\/Talkpal-Logo-Icon.png","contentUrl":"https:\/\/talkpal.ai\/wp-content\/uploads\/2024\/03\/Talkpal-Logo-Icon.png","width":2880,"height":2880,"caption":"Talkpal, Inc."},"image":{"@id":"https:\/\/talkpal.ai\/tr\/#\/schema\/logo\/image\/"},"sameAs":["https:\/\/www.facebook.com\/profile.php?id=100090733639311","https:\/\/x.com\/talkpalai","https:\/\/www.linkedin.com\/company\/talkpal\/","https:\/\/www.youtube.com\/@TalkPal\/","https:\/\/www.tiktok.com\/@talkpal","https:\/\/www.instagram.com\/talkpal_ai\/","https:\/\/www.crunchbase.com\/organization\/talkpal-9cde","https:\/\/www.g2.com\/products\/talkpal-for-business\/","https:\/\/www.trustpilot.com\/review\/talkpal.ai","https:\/\/www.capterra.com\/p\/10006800\/TalkPal\/"],"description":"Talkpal is a language learning web and mobile education app, powered by the latest AI technologies, that provides engaging experiences to its customers in many different languages to help them improve their language skills. Users can chat about unlimited amount of topics with the app and use other modes to practice their language learning.","email":"support@talkpal.ai","legalName":"Talkpal, Inc.","foundingDate":"2023-04-03","duns":"118989042","numberOfEmployees":{"@type":"QuantitativeValue","minValue":"11","maxValue":"50"},"publishingPrinciples":"https:\/\/talkpal.ai\/publishing-principles\/","actionableFeedbackPolicy":"https:\/\/talkpal.ai\/actionable-feedback-policy\/","correctionsPolicy":"https:\/\/talkpal.ai\/corrections-policy\/","ethicsPolicy":"https:\/\/talkpal.ai\/ethics-policy\/","diversityPolicy":"https:\/\/talkpal.ai\/diversity-policy\/","diversityStaffingReport":"https:\/\/talkpal.ai\/diversity-policy\/"}]}},"_links":{"self":[{"href":"https:\/\/talkpal.ai\/tr\/wp-json\/wp\/v2\/pages\/91969","targetHints":{"allow":["GET"]}}],"collection":[{"href":"https:\/\/talkpal.ai\/tr\/wp-json\/wp\/v2\/pages"}],"about":[{"href":"https:\/\/talkpal.ai\/tr\/wp-json\/wp\/v2\/types\/page"}],"author":[{"embeddable":true,"href":"https:\/\/talkpal.ai\/tr\/wp-json\/wp\/v2\/users\/1"}],"replies":[{"embeddable":true,"href":"https:\/\/talkpal.ai\/tr\/wp-json\/wp\/v2\/comments?post=91969"}],"version-history":[{"count":0,"href":"https:\/\/talkpal.ai\/tr\/wp-json\/wp\/v2\/pages\/91969\/revisions"}],"wp:featuredmedia":[{"embeddable":true,"href":"https:\/\/talkpal.ai\/tr\/wp-json\/wp\/v2\/media\/64487"}],"wp:attachment":[{"href":"https:\/\/talkpal.ai\/tr\/wp-json\/wp\/v2\/media?parent=91969"}],"curies":[{"name":"wp","href":"https:\/\/api.w.org\/{rel}","templated":true}]}}