{"id":75243,"date":"2023-05-14T14:23:49","date_gmt":"2023-05-14T14:23:49","guid":{"rendered":"http:\/\/talkpal.ai\/turkce-dilbilgisi\/"},"modified":"2025-12-13T15:45:10","modified_gmt":"2025-12-13T15:45:10","slug":"turkce-dilbilgisi","status":"publish","type":"page","link":"https:\/\/talkpal.ai\/tr\/turkce-dilbilgisi\/","title":{"rendered":"T\u00fcrk\u00e7e Dilbilgisi"},"content":{"rendered":"\r\n\r\n\r\n<section class=\"languageChallengeSection\">\r\n    <div class=\"languageInfoWrapper\">\r\n        \r\n        <h1>T\u00fcrk\u00e7e Dilbilgisi<\/h1>\r\n        <p>T\u00fcrk\u00e7e \u00f6\u011frenmeyi merak ediyor musunuz? T\u00fcrk\u00e7e dilbilgisini ke\u015ffedin ve mant\u0131ksal yap\u0131s\u0131n\u0131n, sesli harf uyumunun ve takip etmesi kolay fiil kal\u0131plar\u0131n\u0131n onu nas\u0131l hem b\u00fcy\u00fcleyici hem de eri\u015filebilir k\u0131ld\u0131\u011f\u0131n\u0131 g\u00f6r\u00fcn. Yolculu\u011funuza bug\u00fcn ba\u015flay\u0131n &#8211; T\u00fcrk\u00e7e dilbilgisinde ustala\u015fmak, ak\u0131c\u0131 ileti\u015fim kurman\u0131n ve canl\u0131 bir k\u00fclt\u00fcr ve ba\u011flant\u0131 d\u00fcnyas\u0131n\u0131n kilidini a\u00e7man\u0131n anahtar\u0131d\u0131r!<\/p>\r\n\r\n                            <a class=\"getStartedHidden\" href=\"https:\/\/app.talkpal.ai\/tr\/signup?lng=\">Hadi ba\u015fla<\/a>\r\n        \r\n    <\/div>\r\n\r\n    <figure>\r\n    <img decoding=\"async\" width=\"768\" height=\"768\" src=\"https:\/\/talkpal.ai\/wp-content\/uploads\/2023\/06\/turkish-768x768.png\" class=\"languageImage no-lazy\" alt=\"Language learning for increased focus\" fetchpriority=\"high\" sizes=\"(max-width: 768px) 150px, 768px\" srcset=\"https:\/\/talkpal.ai\/wp-content\/uploads\/2023\/06\/turkish-768x768.png 768w, https:\/\/talkpal.ai\/wp-content\/uploads\/2023\/06\/turkish-300x300.png 300w\" \/>\r\n    \r\n\r\n    <\/figure>\r\n\r\n            <a class=\"getStartedVisible\" href=\"https:\/\/app.talkpal.ai\/tr\/signup?lng=\">Hadi ba\u015fla<\/a>\r\n    \r\n<\/section>\r\n<section class=\"promotionalBanner\">\r\n    <p class=\"promotionalText\">Dil \u00f6\u011frenmenin en etkili yolu<\/p>\r\n    <a class=\"promotionalLink\" href=\"https:\/\/app.talkpal.ai\/tr\/signup?lng=\">Talkpal \u00fccretsiz deneyin<\/a>\r\n<\/section>\n<div class=\"wp-block-group pageContainerStyle\"><div class=\"wp-block-group__inner-container is-layout-constrained wp-block-group-is-layout-constrained\">\n<h2 class=\"wp-block-heading\" id=\"h-the-ultimate-guide-to-turkish-grammar-navigating-the-intricacies-of-a-unique-language\">T\u00fcrk\u00e7e Dilbilgisi \u0130\u00e7in En \u0130yi Rehber: E\u015fsiz Bir Dilin Inceliklerinde Gezinmek<\/h2>\n\n\n\n<p><a href=\"https:\/\/talkpal.ai\/de\/tpe-test-auf-turkisch\/\">T\u00fcrk\u00e7e dilbilgisi<\/a>, dilin kendisi gibi, dilsel \u00f6\u011felerin zengin ve b\u00fcy\u00fcleyici bir dokusunu sunar. T\u00fcrk dil ailesinin bir \u00fcyesi olan T\u00fcrk\u00e7e, \u00e7e\u015fitli \u00f6zellikleriyle \u00f6\u011frenenleri b\u00fcy\u00fcl\u00fcyor ve en yetkin konu\u015fmac\u0131lar\u0131 bile zorluyor. Bu k\u0131lavuzda, T\u00fcrk\u00e7e dilbilgisinin temel ilkelerini ke\u015ffedecek, karma\u015f\u0131kl\u0131klar\u0131n\u0131 a\u00e7\u0131klayacak ve bu b\u00fcy\u00fcleyici dilde ak\u0131c\u0131 olma yolculu\u011funuzda size destek olaca\u011f\u0131z. Hadi ba\u015flayal\u0131m!<\/p>\n\n\n\n<h3 class=\"wp-block-heading\" id=\"h-the-nuts-and-bolts-turkish-sentence-structure\">Somun ve C\u0131vatalar: T\u00fcrk\u00e7e C\u00fcmle Yap\u0131s\u0131<\/h3>\n\n\n\n<p>\u00d6z\u00fcnde, T\u00fcrk\u00e7e dilbilgisi olduk\u00e7a basittir. Dil, \u0130ngilizce ve di\u011fer bir\u00e7ok dilden farkl\u0131 olarak genellikle \u00d6zne-Nesne-Fiil (SOV) c\u00fcmle yap\u0131s\u0131n\u0131 takip eder. \u00d6rne\u011fin, &#8220;Ben elma yiyorum&#8221; c\u00fcmlesi &#8220;Ben elma yiyorum&#8221; (Ben=Ben, elma=elma, yiyorum=yemek) olarak \u00e7evrilir. Basit, de\u011fil mi? Ancak, daha derine indik\u00e7e, T\u00fcrk\u00e7e dilbilgisinin baz\u0131 ilgin\u00e7 ve ay\u0131rt edici \u00f6zellikleriyle kar\u015f\u0131la\u015facaks\u0131n\u0131z.<\/p>\n\n\n\n<h3 class=\"wp-block-heading\" id=\"h-meet-the-family-turkish-nouns-and-their-suffixes\">Aileyle Tan\u0131\u015fma: T\u00fcrk\u00e7e \u0130simler ve Ekleri<\/h3>\n\n\n\n<p>T\u00fcrk\u00e7e dil bilgisinin en kendine \u00f6zg\u00fc \u00f6zelliklerinden biri, \u00e7e\u015fitli gramer ili\u015fkilerini ifade etmek i\u00e7in eklerin kullan\u0131lmas\u0131d\u0131r. T\u00fcrk\u00e7e&#8217;de edat yoktur; Bunlar\u0131n yerine, m\u00fclkiyeti, do\u011frudan nesneleri ve konumu belirtmek i\u00e7in isimlere son ekler eklenir.<\/p>\n\n\n\n<p>\u00d6rne\u011fin, &#8220;elma&#8221; anlam\u0131na gelen &#8220;elma&#8221; kelimesini ele alal\u0131m:<\/p>\n\n\n\n<p><strong>&#8211; Sahiplik: Benim elmam<\/strong><\/p>\n\n\n\n<p><strong>&#8211; Do\u011frudan nesne: Elmay\u0131 yedim (elmay\u0131 yedim)<\/strong><\/p>\n\n\n\n<p><strong>&#8211; Konum: Elmada (Elmada)<\/strong><\/p>\n\n\n\n<p>C\u00fcmlelerinizin anlam\u0131n\u0131 \u00f6nemli \u00f6l\u00e7\u00fcde de\u011fi\u015ftirebildikleri i\u00e7in bu son eklere a\u015fina olman\u0131z \u00f6nemlidir.<\/p>\n\n\n\n<h3 class=\"wp-block-heading\" id=\"h-playing-with-numbers-turkish-plurals-and-genders\">Say\u0131larla Oynamak: T\u00fcrk\u00e7e \u00c7o\u011fullar ve Cinsiyetler<\/h3>\n\n\n\n<p>T\u00fcrk\u00e7ede \u00e7o\u011fullar\u0131 olu\u015ftururken sadece bir ek eklemek esast\u0131r: -ler veya -lar, kelimedeki en yak\u0131n sesli harfe ba\u011fl\u0131 olarak. Di\u011fer pek \u00e7ok dilin aksine, T\u00fcrk\u00e7ede gramer cinsiyeti yoktur. Bu, eril, di\u015fil veya n\u00f6tr isimler i\u00e7in farkl\u0131 sonlar veya formlar \u00f6\u011frenmek konusunda endi\u015felenmenize gerek kalmayaca\u011f\u0131 anlam\u0131na gelir.<\/p>\n\n\n\n<p>\u00d6rne\u011fin, &#8220;k\u00f6pek&#8221; anlam\u0131na gelen &#8220;k\u00f6pek&#8221; kelimesi &#8220;k\u00f6pekler&#8221; kelimesine, &#8220;kedi&#8221; anlam\u0131na gelen &#8220;kedi&#8221; kelimesi ise &#8220;kediler&#8221; kelimesine d\u00f6n\u00fc\u015f\u00fcr.<\/p>\n\n\n\n<h3 class=\"wp-block-heading\" id=\"h-the-art-of-conjugation-turkish-verbs\">Fiil \u00c7ekimi Sanat\u0131: T\u00fcrk\u00e7e Fiiller<\/h3>\n\n\n\n<p>T\u00fcrk\u00e7e fiiller, \u00e7ok say\u0131da zaman, ruh hali ve \u00e7ekimleri nedeniyle ilk ba\u015fta \u00fcrk\u00fct\u00fcc\u00fc g\u00f6r\u00fcnebilir. Bununla birlikte, onlar\u0131 anlaman\u0131n anahtar\u0131, ortak kal\u0131plar\u0131 tan\u0131mak ve d\u00fczenli olarak pratik yapmakt\u0131r.<\/p>\n\n\n\n<p>T\u00fcrk\u00e7ede fiillerde zaman, ruh hali ve ki\u015fi belirtmek i\u00e7in \u00e7e\u015fitli ekler kullan\u0131l\u0131r. Fiil k\u00f6k\u00fc de\u011fi\u015fmeden kal\u0131r. \u00d6rnek olarak &#8220;yemek&#8221; fiilini ele alal\u0131m (yemek, &#8220;yemek&#8221;):<\/p>\n\n\n\n<p><strong>\u015eimdiki zaman kipi: Yiyorum<\/strong><\/p>\n\n\n\n<p><strong>Ge\u00e7mi\u015f zaman: Yedim (I eate)<\/strong><\/p>\n\n\n\n<p><strong>Gelecek zaman: Yiyece\u011fim<\/strong><\/p>\n\n\n\n<p>G\u00f6rd\u00fc\u011f\u00fcn\u00fcz gibi sonlar zamana ve ki\u015fiye g\u00f6re de\u011fi\u015fiyor. Pratik ve sab\u0131rla, kal\u0131plar\u0131 tan\u0131maya ba\u015flayacak ve bu zorlu\u011fun \u00fcstesinden geleceksiniz.<\/p>\n\n\n\n<h3 class=\"wp-block-heading\" id=\"h-the-finishing-touches-turkish-adjectives-adverbs-and-more\">Son Dokunu\u015flar: T\u00fcrk\u00e7e S\u0131fatlar, Zarflar ve Daha Fazlas\u0131<\/h3>\n\n\n\n<p>T\u00fcrk\u00e7e s\u0131fatlar ve zarflar s\u00f6z konusu oldu\u011funda, konu\u015fman\u0131za derinlik ve karma\u015f\u0131kl\u0131k katmada kritik bir rol oynarlar. T\u00fcrk\u00e7ede s\u0131fatlar\u0131n de\u011fi\u015ftirdikleri isimlerle ayn\u0131 anlama gelme zorunlulu\u011fu yoktur, bu da onlar\u0131 di\u011fer pek \u00e7ok dile g\u00f6re daha kolay kullan\u0131l\u0131r hale getirir.<\/p>\n\n\n\n<p>\u00d6rne\u011fin, &#8220;g\u00fczel&#8221; kelimesi &#8220;g\u00fczel&#8221; anlam\u0131na gelir ve \u00e7o\u011ful ya da cinsiyet de\u011fi\u015fikli\u011fi olmaks\u0131z\u0131n &#8220;g\u00fczel \u00e7i\u00e7ek&#8221; ya da &#8220;g\u00fczel k\u00f6pek&#8221; olarak g\u00f6rebilirsiniz.<\/p>\n\n\n\n<p>Zarflar genellikle s\u0131fatlardan t\u00fcretilen benzer kal\u0131plar\u0131 takip eder. T\u00fcrk\u00e7ede s\u0131fatlara en yak\u0131n \u00fcnl\u00fcye ba\u011fl\u0131 olarak -ce ya da -ca eki eklenerek bir\u00e7ok zarf olu\u015fturulabilir.<\/p>\n\n\n\n<p>Sonu\u00e7 olarak, T\u00fcrk\u00e7e dilbilgisinin karma\u015f\u0131kl\u0131\u011f\u0131 ve kendine has \u00f6zellikleri, her ne kadar zorlay\u0131c\u0131 olsa da, dile b\u00fcy\u00fcleyici bir g\u00fczellik ve karakter kazand\u0131rmaktad\u0131r. Israr, merak ve pratik uygulaman\u0131n bir kombinasyonuyla, k\u0131sa s\u00fcrede T\u00fcrk\u00e7e dilbilgisinde kolayl\u0131kla ve g\u00fcvenle gezineceksiniz. Mutlu \u00f6\u011frenme!<\/p>\n<\/div><\/div>\n\r\n<section class=\"learnNavigationSection\">\r\n            \r\n        <a href=\"https:\/\/talkpal.ai\/tr\/turkce-ogrenin\/\">\r\n            <div class=\"learnNavigationWrapper\">\r\n                <div class=\"learnNavigationContent\">\r\n                    <img decoding=\"async\" src=\"https:\/\/talkpal.ai\/wp-content\/uploads\/2024\/08\/Turkish.jpg\" alt=\"Turkish Flag\">\r\n                    <div>\r\n                        <h4>T\u00fcrk\u00e7e \u00d6\u011frenimi Hakk\u0131nda<\/h4>\r\n                        <p>T\u00fcrk\u00e7e hakk\u0131nda her \u015feyi \u00f6\u011frenin Dilbilgisi.<\/p>\r\n                    <\/div>\r\n                <\/div>\r\n            <\/div>\r\n        <\/a>\r\n\r\n        \r\n        <a href=\"https:\/\/talkpal.ai\/tr\/turkce-dilbilgisi-alistirmalari\/\">\r\n            <div class=\"learnNavigationWrapper\">\r\n                <div class=\"learnNavigationContent\">\r\n                    <img decoding=\"async\" src=\"https:\/\/talkpal.ai\/wp-content\/uploads\/2024\/08\/Turkish.jpg\" alt=\"Turkish Flag\">\r\n                    <div>\r\n                        <h4>T\u00fcrk\u00e7e Dilbilgisi Al\u0131\u015ft\u0131rmas\u0131<\/h4>\r\n                        <p>Pratik T\u00fcrk\u00e7e Dilbilgisi.<\/p>\r\n                    <\/div>\r\n                <\/div>\r\n            <\/div>\r\n        <\/a>\r\n\r\n        \r\n        <a href=\"https:\/\/talkpal.ai\/vocabulary_language\/turkish\/\">\r\n            <div class=\"learnNavigationWrapper\">\r\n                <div class=\"learnNavigationContent\">\r\n                    <img decoding=\"async\" src=\"https:\/\/talkpal.ai\/wp-content\/uploads\/2024\/08\/Turkish.jpg\" alt=\"Turkish Flag\">\r\n                    <div>\r\n                        <h4>T\u00fcrk\u00e7e Kelime Bilgisi<\/h4>\r\n                        <p>T\u00fcrk\u00e7e kelime da\u011farc\u0131\u011f\u0131n\u0131z\u0131 geni\u015fletin.<\/p>\r\n                    <\/div>\r\n                <\/div>\r\n            <\/div>\r\n        <\/a>\r\n\r\n            <\/section>","protected":false},"excerpt":{"rendered":"<p>T\u00fcrk\u00e7e Dilbilgisi \u0130\u00e7in En \u0130yi Rehber: E\u015fsiz Bir Dilin Inceliklerinde Gezinmek T\u00fcrk\u00e7e dilbilgisi, dilin kendisi gibi, dilsel \u00f6\u011felerin zengin ve b\u00fcy\u00fcleyici bir dokusunu sunar. T\u00fcrk dil ailesinin bir \u00fcyesi olan T\u00fcrk\u00e7e, \u00e7e\u015fitli \u00f6zellikleriyle \u00f6\u011frenenleri b\u00fcy\u00fcl\u00fcyor ve en yetkin konu\u015fmac\u0131lar\u0131 bile zorluyor. Bu k\u0131lavuzda, T\u00fcrk\u00e7e dilbilgisinin temel ilkelerini ke\u015ffedecek, karma\u015f\u0131kl\u0131klar\u0131n\u0131 a\u00e7\u0131klayacak ve bu b\u00fcy\u00fcleyici dilde ak\u0131c\u0131 [&hellip;]<\/p>\n","protected":false},"author":1,"featured_media":64164,"parent":0,"menu_order":0,"comment_status":"closed","ping_status":"closed","template":"LearningContentPage.php","meta":{"_acf_changed":false,"footnotes":""},"class_list":["post-75243","page","type-page","status-publish","has-post-thumbnail","hentry"],"acf":[],"yoast_head":"<!-- This site is optimized with the Yoast SEO Premium plugin v27.2 (Yoast SEO v27.2) - https:\/\/yoast.com\/product\/yoast-seo-premium-wordpress\/ -->\n<title>T\u00fcrk\u00e7e Dilbilgisi - Talkpal<\/title>\n<meta name=\"description\" content=\"Temel ilkeler ve c\u00fcmle yap\u0131s\u0131na ili\u015fkin kapsaml\u0131 rehberimizle T\u00fcrk\u00e7e dilbilgisinin s\u0131rlar\u0131n\u0131 \u00e7\u00f6z\u00fcn.\" \/>\n<meta name=\"robots\" content=\"index, follow, max-snippet:-1, max-image-preview:large, max-video-preview:-1\" \/>\n<link rel=\"canonical\" href=\"https:\/\/talkpal.ai\/tr\/turkce-dilbilgisi\/\" \/>\n<meta property=\"og:locale\" content=\"tr_TR\" \/>\n<meta property=\"og:type\" content=\"article\" \/>\n<meta property=\"og:title\" content=\"T\u00fcrk\u00e7e Dilbilgisi\" \/>\n<meta property=\"og:description\" content=\"T\u00fcrk\u00e7e Dilbilgisi \u0130\u00e7in En \u0130yi Rehber: E\u015fsiz Bir Dilin Inceliklerinde Gezinmek T\u00fcrk\u00e7e dilbilgisi, dilin kendisi gibi, dilsel \u00f6\u011felerin zengin ve b\u00fcy\u00fcleyici\" \/>\n<meta property=\"og:url\" content=\"https:\/\/talkpal.ai\/tr\/turkce-dilbilgisi\/\" \/>\n<meta property=\"og:site_name\" content=\"Talkpal\" \/>\n<meta property=\"article:publisher\" content=\"https:\/\/www.facebook.com\/profile.php?id=100090733639311\" \/>\n<meta property=\"article:modified_time\" content=\"2025-12-13T15:45:10+00:00\" \/>\n<meta property=\"og:image\" content=\"https:\/\/talkpal.ai\/wp-content\/uploads\/2023\/05\/turkish.png\" \/>\n\t<meta property=\"og:image:width\" content=\"512\" \/>\n\t<meta property=\"og:image:height\" content=\"512\" \/>\n\t<meta property=\"og:image:type\" content=\"image\/png\" \/>\n<meta name=\"twitter:card\" content=\"summary_large_image\" \/>\n<meta name=\"twitter:site\" content=\"@talkpalai\" \/>\n<meta name=\"twitter:label1\" content=\"Tahmini okuma s\u00fcresi\" \/>\n\t<meta name=\"twitter:data1\" content=\"3 dakika\" \/>\n<script type=\"application\/ld+json\" class=\"yoast-schema-graph\">{\"@context\":\"https:\/\/schema.org\",\"@graph\":[{\"@type\":\"WebPage\",\"@id\":\"https:\/\/talkpal.ai\/tr\/turkce-dilbilgisi\/\",\"url\":\"https:\/\/talkpal.ai\/tr\/turkce-dilbilgisi\/\",\"name\":\"T\u00fcrk\u00e7e Dilbilgisi - Talkpal\",\"isPartOf\":{\"@id\":\"https:\/\/talkpal.ai\/tr\/#website\"},\"primaryImageOfPage\":{\"@id\":\"https:\/\/talkpal.ai\/tr\/turkce-dilbilgisi\/#primaryimage\"},\"image\":{\"@id\":\"https:\/\/talkpal.ai\/tr\/turkce-dilbilgisi\/#primaryimage\"},\"thumbnailUrl\":\"https:\/\/talkpal.ai\/wp-content\/uploads\/2023\/05\/turkish.png\",\"datePublished\":\"2023-05-14T14:23:49+00:00\",\"dateModified\":\"2025-12-13T15:45:10+00:00\",\"description\":\"Temel ilkeler ve c\u00fcmle yap\u0131s\u0131na ili\u015fkin kapsaml\u0131 rehberimizle T\u00fcrk\u00e7e dilbilgisinin s\u0131rlar\u0131n\u0131 \u00e7\u00f6z\u00fcn.\",\"breadcrumb\":{\"@id\":\"https:\/\/talkpal.ai\/tr\/turkce-dilbilgisi\/#breadcrumb\"},\"inLanguage\":\"tr\",\"potentialAction\":[{\"@type\":\"ReadAction\",\"target\":[\"https:\/\/talkpal.ai\/tr\/turkce-dilbilgisi\/\"]}]},{\"@type\":\"ImageObject\",\"inLanguage\":\"tr\",\"@id\":\"https:\/\/talkpal.ai\/tr\/turkce-dilbilgisi\/#primaryimage\",\"url\":\"https:\/\/talkpal.ai\/wp-content\/uploads\/2023\/05\/turkish.png\",\"contentUrl\":\"https:\/\/talkpal.ai\/wp-content\/uploads\/2023\/05\/turkish.png\",\"width\":512,\"height\":512},{\"@type\":\"BreadcrumbList\",\"@id\":\"https:\/\/talkpal.ai\/tr\/turkce-dilbilgisi\/#breadcrumb\",\"itemListElement\":[{\"@type\":\"ListItem\",\"position\":1,\"name\":\"Homepage\",\"item\":\"https:\/\/talkpal.ai\/tr\/\"},{\"@type\":\"ListItem\",\"position\":2,\"name\":\"T\u00fcrk\u00e7e Dilbilgisi\"}]},{\"@type\":\"WebSite\",\"@id\":\"https:\/\/talkpal.ai\/tr\/#website\",\"url\":\"https:\/\/talkpal.ai\/tr\/\",\"name\":\"Talkpal\",\"description\":\"AI Language Learning\",\"publisher\":{\"@id\":\"https:\/\/talkpal.ai\/tr\/#organization\"},\"alternateName\":\"Talkpal AI\",\"potentialAction\":[{\"@type\":\"SearchAction\",\"target\":{\"@type\":\"EntryPoint\",\"urlTemplate\":\"https:\/\/talkpal.ai\/tr\/?s={search_term_string}\"},\"query-input\":{\"@type\":\"PropertyValueSpecification\",\"valueRequired\":true,\"valueName\":\"search_term_string\"}}],\"inLanguage\":\"tr\"},{\"@type\":\"Organization\",\"@id\":\"https:\/\/talkpal.ai\/tr\/#organization\",\"name\":\"Talkpal, Inc.\",\"alternateName\":\"Talkpal AI\",\"url\":\"https:\/\/talkpal.ai\/tr\/\",\"logo\":{\"@type\":\"ImageObject\",\"inLanguage\":\"tr\",\"@id\":\"https:\/\/talkpal.ai\/tr\/#\/schema\/logo\/image\/\",\"url\":\"https:\/\/talkpal.ai\/wp-content\/uploads\/2024\/03\/Talkpal-Logo-Icon.png\",\"contentUrl\":\"https:\/\/talkpal.ai\/wp-content\/uploads\/2024\/03\/Talkpal-Logo-Icon.png\",\"width\":2880,\"height\":2880,\"caption\":\"Talkpal, Inc.\"},\"image\":{\"@id\":\"https:\/\/talkpal.ai\/tr\/#\/schema\/logo\/image\/\"},\"sameAs\":[\"https:\/\/www.facebook.com\/profile.php?id=100090733639311\",\"https:\/\/x.com\/talkpalai\",\"https:\/\/www.linkedin.com\/company\/talkpal\/\",\"https:\/\/www.youtube.com\/@TalkPal\/\",\"https:\/\/www.tiktok.com\/@talkpal\",\"https:\/\/www.instagram.com\/talkpal_ai\/\",\"https:\/\/www.crunchbase.com\/organization\/talkpal-9cde\",\"https:\/\/www.g2.com\/products\/talkpal-for-business\/\",\"https:\/\/www.trustpilot.com\/review\/talkpal.ai\",\"https:\/\/www.capterra.com\/p\/10006800\/TalkPal\/\"],\"description\":\"Talkpal is a language learning web and mobile education app, powered by the latest AI technologies, that provides engaging experiences to its customers in many different languages to help them improve their language skills. Users can chat about unlimited amount of topics with the app and use other modes to practice their language learning.\",\"email\":\"support@talkpal.ai\",\"legalName\":\"Talkpal, Inc.\",\"foundingDate\":\"2023-04-03\",\"duns\":\"118989042\",\"numberOfEmployees\":{\"@type\":\"QuantitativeValue\",\"minValue\":\"11\",\"maxValue\":\"50\"},\"publishingPrinciples\":\"https:\/\/talkpal.ai\/publishing-principles\/\",\"actionableFeedbackPolicy\":\"https:\/\/talkpal.ai\/actionable-feedback-policy\/\",\"correctionsPolicy\":\"https:\/\/talkpal.ai\/corrections-policy\/\",\"ethicsPolicy\":\"https:\/\/talkpal.ai\/ethics-policy\/\",\"diversityPolicy\":\"https:\/\/talkpal.ai\/diversity-policy\/\",\"diversityStaffingReport\":\"https:\/\/talkpal.ai\/diversity-policy\/\"}]}<\/script>\n<!-- \/ Yoast SEO Premium plugin. -->","yoast_head_json":{"title":"T\u00fcrk\u00e7e Dilbilgisi - Talkpal","description":"Temel ilkeler ve c\u00fcmle yap\u0131s\u0131na ili\u015fkin kapsaml\u0131 rehberimizle T\u00fcrk\u00e7e dilbilgisinin s\u0131rlar\u0131n\u0131 \u00e7\u00f6z\u00fcn.","robots":{"index":"index","follow":"follow","max-snippet":"max-snippet:-1","max-image-preview":"max-image-preview:large","max-video-preview":"max-video-preview:-1"},"canonical":"https:\/\/talkpal.ai\/tr\/turkce-dilbilgisi\/","og_locale":"tr_TR","og_type":"article","og_title":"T\u00fcrk\u00e7e Dilbilgisi","og_description":"T\u00fcrk\u00e7e Dilbilgisi \u0130\u00e7in En \u0130yi Rehber: E\u015fsiz Bir Dilin Inceliklerinde Gezinmek T\u00fcrk\u00e7e dilbilgisi, dilin kendisi gibi, dilsel \u00f6\u011felerin zengin ve b\u00fcy\u00fcleyici","og_url":"https:\/\/talkpal.ai\/tr\/turkce-dilbilgisi\/","og_site_name":"Talkpal","article_publisher":"https:\/\/www.facebook.com\/profile.php?id=100090733639311","article_modified_time":"2025-12-13T15:45:10+00:00","og_image":[{"width":512,"height":512,"url":"https:\/\/talkpal.ai\/wp-content\/uploads\/2023\/05\/turkish.png","type":"image\/png"}],"twitter_card":"summary_large_image","twitter_site":"@talkpalai","twitter_misc":{"Tahmini okuma s\u00fcresi":"3 dakika"},"schema":{"@context":"https:\/\/schema.org","@graph":[{"@type":"WebPage","@id":"https:\/\/talkpal.ai\/tr\/turkce-dilbilgisi\/","url":"https:\/\/talkpal.ai\/tr\/turkce-dilbilgisi\/","name":"T\u00fcrk\u00e7e Dilbilgisi - Talkpal","isPartOf":{"@id":"https:\/\/talkpal.ai\/tr\/#website"},"primaryImageOfPage":{"@id":"https:\/\/talkpal.ai\/tr\/turkce-dilbilgisi\/#primaryimage"},"image":{"@id":"https:\/\/talkpal.ai\/tr\/turkce-dilbilgisi\/#primaryimage"},"thumbnailUrl":"https:\/\/talkpal.ai\/wp-content\/uploads\/2023\/05\/turkish.png","datePublished":"2023-05-14T14:23:49+00:00","dateModified":"2025-12-13T15:45:10+00:00","description":"Temel ilkeler ve c\u00fcmle yap\u0131s\u0131na ili\u015fkin kapsaml\u0131 rehberimizle T\u00fcrk\u00e7e dilbilgisinin s\u0131rlar\u0131n\u0131 \u00e7\u00f6z\u00fcn.","breadcrumb":{"@id":"https:\/\/talkpal.ai\/tr\/turkce-dilbilgisi\/#breadcrumb"},"inLanguage":"tr","potentialAction":[{"@type":"ReadAction","target":["https:\/\/talkpal.ai\/tr\/turkce-dilbilgisi\/"]}]},{"@type":"ImageObject","inLanguage":"tr","@id":"https:\/\/talkpal.ai\/tr\/turkce-dilbilgisi\/#primaryimage","url":"https:\/\/talkpal.ai\/wp-content\/uploads\/2023\/05\/turkish.png","contentUrl":"https:\/\/talkpal.ai\/wp-content\/uploads\/2023\/05\/turkish.png","width":512,"height":512},{"@type":"BreadcrumbList","@id":"https:\/\/talkpal.ai\/tr\/turkce-dilbilgisi\/#breadcrumb","itemListElement":[{"@type":"ListItem","position":1,"name":"Homepage","item":"https:\/\/talkpal.ai\/tr\/"},{"@type":"ListItem","position":2,"name":"T\u00fcrk\u00e7e Dilbilgisi"}]},{"@type":"WebSite","@id":"https:\/\/talkpal.ai\/tr\/#website","url":"https:\/\/talkpal.ai\/tr\/","name":"Talkpal","description":"AI Language Learning","publisher":{"@id":"https:\/\/talkpal.ai\/tr\/#organization"},"alternateName":"Talkpal AI","potentialAction":[{"@type":"SearchAction","target":{"@type":"EntryPoint","urlTemplate":"https:\/\/talkpal.ai\/tr\/?s={search_term_string}"},"query-input":{"@type":"PropertyValueSpecification","valueRequired":true,"valueName":"search_term_string"}}],"inLanguage":"tr"},{"@type":"Organization","@id":"https:\/\/talkpal.ai\/tr\/#organization","name":"Talkpal, Inc.","alternateName":"Talkpal AI","url":"https:\/\/talkpal.ai\/tr\/","logo":{"@type":"ImageObject","inLanguage":"tr","@id":"https:\/\/talkpal.ai\/tr\/#\/schema\/logo\/image\/","url":"https:\/\/talkpal.ai\/wp-content\/uploads\/2024\/03\/Talkpal-Logo-Icon.png","contentUrl":"https:\/\/talkpal.ai\/wp-content\/uploads\/2024\/03\/Talkpal-Logo-Icon.png","width":2880,"height":2880,"caption":"Talkpal, Inc."},"image":{"@id":"https:\/\/talkpal.ai\/tr\/#\/schema\/logo\/image\/"},"sameAs":["https:\/\/www.facebook.com\/profile.php?id=100090733639311","https:\/\/x.com\/talkpalai","https:\/\/www.linkedin.com\/company\/talkpal\/","https:\/\/www.youtube.com\/@TalkPal\/","https:\/\/www.tiktok.com\/@talkpal","https:\/\/www.instagram.com\/talkpal_ai\/","https:\/\/www.crunchbase.com\/organization\/talkpal-9cde","https:\/\/www.g2.com\/products\/talkpal-for-business\/","https:\/\/www.trustpilot.com\/review\/talkpal.ai","https:\/\/www.capterra.com\/p\/10006800\/TalkPal\/"],"description":"Talkpal is a language learning web and mobile education app, powered by the latest AI technologies, that provides engaging experiences to its customers in many different languages to help them improve their language skills. Users can chat about unlimited amount of topics with the app and use other modes to practice their language learning.","email":"support@talkpal.ai","legalName":"Talkpal, Inc.","foundingDate":"2023-04-03","duns":"118989042","numberOfEmployees":{"@type":"QuantitativeValue","minValue":"11","maxValue":"50"},"publishingPrinciples":"https:\/\/talkpal.ai\/publishing-principles\/","actionableFeedbackPolicy":"https:\/\/talkpal.ai\/actionable-feedback-policy\/","correctionsPolicy":"https:\/\/talkpal.ai\/corrections-policy\/","ethicsPolicy":"https:\/\/talkpal.ai\/ethics-policy\/","diversityPolicy":"https:\/\/talkpal.ai\/diversity-policy\/","diversityStaffingReport":"https:\/\/talkpal.ai\/diversity-policy\/"}]}},"_links":{"self":[{"href":"https:\/\/talkpal.ai\/tr\/wp-json\/wp\/v2\/pages\/75243","targetHints":{"allow":["GET"]}}],"collection":[{"href":"https:\/\/talkpal.ai\/tr\/wp-json\/wp\/v2\/pages"}],"about":[{"href":"https:\/\/talkpal.ai\/tr\/wp-json\/wp\/v2\/types\/page"}],"author":[{"embeddable":true,"href":"https:\/\/talkpal.ai\/tr\/wp-json\/wp\/v2\/users\/1"}],"replies":[{"embeddable":true,"href":"https:\/\/talkpal.ai\/tr\/wp-json\/wp\/v2\/comments?post=75243"}],"version-history":[{"count":0,"href":"https:\/\/talkpal.ai\/tr\/wp-json\/wp\/v2\/pages\/75243\/revisions"}],"wp:featuredmedia":[{"embeddable":true,"href":"https:\/\/talkpal.ai\/tr\/wp-json\/wp\/v2\/media\/64164"}],"wp:attachment":[{"href":"https:\/\/talkpal.ai\/tr\/wp-json\/wp\/v2\/media?parent=75243"}],"curies":[{"name":"wp","href":"https:\/\/api.w.org\/{rel}","templated":true}]}}