{"id":75239,"date":"2023-07-05T10:34:01","date_gmt":"2023-07-05T10:34:01","guid":{"rendered":"http:\/\/talkpal.ai\/turkce-dilbilgisi-alistirmalari\/"},"modified":"2025-12-17T10:00:26","modified_gmt":"2025-12-17T10:00:26","slug":"turkce-dilbilgisi-alistirmalari","status":"publish","type":"page","link":"https:\/\/talkpal.ai\/tr\/turkce-dilbilgisi-alistirmalari\/","title":{"rendered":"T\u00fcrk\u00e7e Dilbilgisi Al\u0131\u015ft\u0131rmalar\u0131"},"content":{"rendered":"\r\n\r\n\r\n<section class=\"languageChallengeSection\">\r\n    <div class=\"languageInfoWrapper\">\r\n        \r\n        <h1>T\u00fcrk\u00e7e Dilbilgisi Al\u0131\u015ft\u0131rmalar\u0131<\/h1>\r\n        <p><a href=\"https:\/\/talkpal.ai\/learn-turkish\/\">T\u00fcrk\u00e7e<\/a> konu\u015furken kendinize daha fazla g\u00fcvenmek ister misiniz? <a href=\"https:\/\/talkpal.ai\/grammar\/\">Dilbilgisi<\/a> al\u0131\u015ft\u0131rmalar\u0131 yapmak, c\u00fcmle yap\u0131s\u0131, fiil \u00e7ekimleri ve dildeki g\u00fcnl\u00fck kal\u0131plara hakim olmak i\u00e7in harika bir yoldur. Bug\u00fcn T\u00fcrk\u00e7e dilbilgisi al\u0131\u015ft\u0131rmalar\u0131n\u0131 ke\u015ffetmeye ba\u015flay\u0131n ve anlama ve konu\u015fma becerilerinizin istikrarl\u0131 bir \u015fekilde geli\u015fmesini izleyin!<\/p>\r\n\r\n                            <a class=\"getStartedHidden\" href=\"https:\/\/app.talkpal.ai\/tr\/signup?lng=\">Hadi ba\u015fla<\/a>\r\n        \r\n    <\/div>\r\n\r\n    <figure>\r\n    <img decoding=\"async\" width=\"768\" height=\"768\" src=\"https:\/\/talkpal.ai\/wp-content\/uploads\/2023\/06\/turkish-768x768.png\" class=\"languageImage no-lazy\" alt=\"Language learning for increased focus\" fetchpriority=\"high\" sizes=\"(max-width: 768px) 150px, 768px\" srcset=\"https:\/\/talkpal.ai\/wp-content\/uploads\/2023\/06\/turkish-768x768.png 768w, https:\/\/talkpal.ai\/wp-content\/uploads\/2023\/06\/turkish-300x300.png 300w\" \/>\r\n    \r\n\r\n    <\/figure>\r\n\r\n            <a class=\"getStartedVisible\" href=\"https:\/\/app.talkpal.ai\/tr\/signup?lng=\">Hadi ba\u015fla<\/a>\r\n    \r\n<\/section>\r\n\r\n\r\n<!-- <section class=\"grammarSection\">\r\n    <div class=\"grammarLinks\">\r\n            <\/div>\r\n<\/section> -->\r\n\r\n\r\n\r\n\r\n<section class=\"promotionalBanner\">\r\n    <p class=\"promotionalText\">Dil \u00f6\u011frenmenin en etkili yolu<\/p>\r\n    <a class=\"promotionalLink\" href=\"https:\/\/app.talkpal.ai\/tr\/signup?lng=\">Talkpal \u00fccretsiz deneyin<\/a>\r\n<\/section>\n<div class=\"wp-block-group pageContainerStyle\"><div class=\"wp-block-group__inner-container is-layout-constrained wp-block-group-is-layout-constrained\">\n<h2 class=\"wp-block-heading\" id=\"h-turkish-grammar-topics\">T\u00fcrk\u00e7e Gramer Konular\u0131<\/h2>\n\n\n\n<p>T\u00fcrk\u00e7e \u00f6\u011frenmek, kendine \u00f6zg\u00fc yap\u0131s\u0131 ve dilbilgisi nedeniyle \u00f6d\u00fcllendirici <a href=\"https:\/\/talkpal.ai\/locations\/language-courses-in-ama\/\">ama<\/a> zorlu bir \u00e7aba olabilir. T\u00fcrk dilinin \u00f6\u011frenenlerin kavramas\u0131 gereken en \u00f6nemli y\u00f6nlerinden biri de zaman, fiil, isim, artik, s\u0131fat, zarf, ko\u015ful, edat, c\u00fcmle kurma gibi konular\u0131 i\u00e7eren dil bilgisidir. Bu bile\u015fenleri anlamak, T\u00fcrk\u00e7e&#8217;de ileti\u015fimin yap\u0131 ta\u015flar\u0131 olduklar\u0131 i\u00e7in dile hakim olmak i\u00e7in hayati \u00f6nem ta\u015f\u0131r.<\/p>\n\n\n\n<h3 class=\"wp-block-heading\" id=\"h-1-nouns\">1. \u0130simler:<\/h3>\n\n\n\n<p>Dilin en temel birimi olan T\u00fcrk\u00e7e isimleri \u00f6\u011frenmekle ba\u015flay\u0131n. Bunlar\u0131 c\u00fcmle i\u00e7inde nas\u0131l kullanaca\u011f\u0131n\u0131z\u0131 anlamak size iyi bir temel sa\u011flayacakt\u0131r.<\/p>\n\n\n\n<h3 class=\"wp-block-heading\" id=\"h-2-articles\">2. Makaleler:<\/h3>\n\n\n\n<p>T\u00fcrk\u00e7e&#8217;de belirli ya da belirsiz artikeller yoktur. Bu, yeni ba\u015flayanlar i\u00e7in kolayla\u015ft\u0131r\u0131r. Ancak, kesinli\u011fi ve belirsizli\u011fi nas\u0131l ifade edece\u011finizi \u00f6\u011frenmek \u00e7ok \u00f6nemlidir.<\/p>\n\n\n\n<h3 class=\"wp-block-heading\" id=\"h-3-pronouns-determiners\">3. Zamirler\/Belirleyiciler:<\/h3>\n\n\n\n<p>Bunlar isimleri de\u011fi\u015ftiren veya de\u011fi\u015ftiren kelimelerdir. Say\u0131, m\u00fclkiyet, cinsiyet ve mesafeyi g\u00f6sterebilirler. Bunlar\u0131 erken \u00f6\u011frenmek \u00e7ok \u00f6nemlidir \u00e7\u00fcnk\u00fc s\u0131k kullan\u0131l\u0131rlar.<\/p>\n\n\n\n<h3 class=\"wp-block-heading\" id=\"h-4-adjectives\">4. S\u0131fatlar:<\/h3>\n\n\n\n<p>S\u0131fatlar isimleri tan\u0131mlar veya de\u011fi\u015ftirir. T\u00fcrk\u00e7e s\u0131fatlar cinsiyet veya say\u0131ya g\u00f6re de\u011fi\u015fmez, bu da \u00f6\u011frenmeyi kolayla\u015ft\u0131r\u0131r.<\/p>\n\n\n\n<h3 class=\"wp-block-heading\" id=\"h-5-adverbs\">5. Zarflar:<\/h3>\n\n\n\n<p>Zarflar fiilleri, s\u0131fatlar\u0131 veya di\u011fer zarflar\u0131 tan\u0131mlar. Dilinizi zenginle\u015ftirerek tarz\u0131, yeri, zaman\u0131, s\u0131kl\u0131\u011f\u0131, dereceyi ve daha fazlas\u0131n\u0131 ifade etmenin anahtar\u0131d\u0131rlar.<\/p>\n\n\n\n<h3 class=\"wp-block-heading\" id=\"h-6-verbs\">6. Fiiller:<\/h3>\n\n\n\n<p>T\u00fcrk\u00e7e fiiller zaman, ruh hali, g\u00f6r\u00fcn\u00fc\u015f ve ses i\u00e7in \u00e7ekimlenir. Fiilleri \u00f6\u011frenmek, c\u00fcmle kurmada \u00e7ok \u00f6nemlidir.<\/p>\n\n\n\n<h3 class=\"wp-block-heading\" id=\"h-7-tenses\">7. Zamanlar:<\/h3>\n\n\n\n<p>T\u00fcrk\u00e7ede dokuz zaman vard\u0131r (ge\u00e7mi\u015f, \u015fimdi, gelecek ve \u00e7e\u015fitleri). Bunlar\u0131 anlamak, zaman\u0131 do\u011fru bir \u015fekilde ifade etmenin anahtar\u0131d\u0131r.<\/p>\n\n\n\n<h3 class=\"wp-block-heading\" id=\"h-8-tense-comparison\">8. Gergin Kar\u015f\u0131la\u015ft\u0131rma:<\/h3>\n\n\n\n<p>Bu, farkl\u0131 zamanlar aras\u0131ndaki n\u00fcanslar\u0131 anlaman\u0131za yard\u0131mc\u0131 olur.<\/p>\n\n\n\n<h3 class=\"wp-block-heading\" id=\"h-9-progressive\">9. \u0130lerici:<\/h3>\n\n\n\n<p>A\u015famal\u0131 zaman, devam eden eylemleri g\u00f6sterir. Kendinizi do\u011fru bir \u015fekilde ifade etmek i\u00e7in \u00f6nemli olan zamanlar\u0131n bir alt kategorisidir.<\/p>\n\n\n\n<h3 class=\"wp-block-heading\" id=\"h-10-perfect-progressive\">10. M\u00fckemmel \u0130lerici:<\/h3>\n\n\n\n<p>Bu zaman, ge\u00e7mi\u015fte devam eden ve g\u00fcn\u00fcm\u00fcze kadar devam eden veya yeni biten eylemleri g\u00f6sterir. Daha karma\u015f\u0131kt\u0131r ve progresif zamanda ustala\u015ft\u0131ktan sonra \u00f6\u011frenilmelidir.<\/p>\n\n\n\n<h3 class=\"wp-block-heading\" id=\"h-11-conditionals\">11. Ko\u015fullar:<\/h3>\n\n\n\n<p>Ko\u015fullu c\u00fcmleler varsay\u0131msal durumlar\u0131 ifade eder ve belirli ko\u015fullara ba\u011fl\u0131d\u0131r. Dilinize karma\u015f\u0131kl\u0131k katarlar.<\/p>\n\n\n\n<h3 class=\"wp-block-heading\" id=\"h-12-prepositions\">12. Edatlar:<\/h3>\n\n\n\n<p>Edatlar, bir ismin veya zamirin bir c\u00fcmledeki ba\u015fka bir kelimeyle ili\u015fkisini g\u00f6sterir. Kelimeleri ve fikirleri birbirine ba\u011flaman\u0131n anahtar\u0131d\u0131rlar.<\/p>\n\n\n\n<h3 class=\"wp-block-heading\" id=\"h-13-sentences\">13. C\u00fcmleler:<\/h3>\n\n\n\n<p>Son olarak, tam c\u00fcmlelerin nas\u0131l kurulaca\u011f\u0131n\u0131 \u00f6\u011frenmek, \u00f6nceki t\u00fcm dilbilgisi konular\u0131na hakim olman\u0131n doruk noktas\u0131d\u0131r.<\/p>\n<\/div><\/div>\n\r\n<section class=\"learnNavigationSection\">\r\n            \r\n        <a href=\"https:\/\/talkpal.ai\/tr\/turkce-ogrenin\/\">\r\n            <div class=\"learnNavigationWrapper\">\r\n                <div class=\"learnNavigationContent\">\r\n                    <img decoding=\"async\" src=\"https:\/\/talkpal.ai\/wp-content\/uploads\/2024\/08\/Turkish.jpg\" alt=\"Turkish Flag\">\r\n                    <div>\r\n                        <h4>T\u00fcrk\u00e7e \u00d6\u011frenimi Hakk\u0131nda<\/h4>\r\n                        <p>T\u00fcrk\u00e7e hakk\u0131nda her \u015feyi \u00f6\u011frenin Dilbilgisi.<\/p>\r\n                    <\/div>\r\n                <\/div>\r\n            <\/div>\r\n        <\/a>\r\n\r\n        \r\n        <a href=\"https:\/\/talkpal.ai\/tr\/turkce-dilbilgisi\/\">\r\n            <div class=\"learnNavigationWrapper\">\r\n                <div class=\"learnNavigationContent\">\r\n                    <img decoding=\"async\" src=\"https:\/\/talkpal.ai\/wp-content\/uploads\/2024\/08\/Turkish.jpg\" alt=\"Turkish Flag\">\r\n                    <div>\r\n                        <h4>T\u00fcrk\u00e7e Dilbilgisi Dersleri<\/h4>\r\n                        <p>Pratik T\u00fcrk\u00e7e Dilbilgisi.<\/p>\r\n                    <\/div>\r\n                <\/div>\r\n            <\/div>\r\n        <\/a>\r\n\r\n        \r\n        <a href=\"https:\/\/talkpal.ai\/vocabulary_language\/turkish\/\">\r\n            <div class=\"learnNavigationWrapper\">\r\n                <div class=\"learnNavigationContent\">\r\n                    <img decoding=\"async\" src=\"https:\/\/talkpal.ai\/wp-content\/uploads\/2024\/08\/Turkish.jpg\" alt=\"Turkish Flag\">\r\n                    <div>\r\n                        <h4>T\u00fcrk\u00e7e Kelime Bilgisi<\/h4>\r\n                        <p>T\u00fcrk\u00e7e kelime da\u011farc\u0131\u011f\u0131n\u0131z\u0131 geni\u015fletin.<\/p>\r\n                    <\/div>\r\n                <\/div>\r\n            <\/div>\r\n        <\/a>\r\n\r\n            <\/section>","protected":false},"excerpt":{"rendered":"<p>T\u00fcrk\u00e7e Gramer Konular\u0131 T\u00fcrk\u00e7e \u00f6\u011frenmek, kendine \u00f6zg\u00fc yap\u0131s\u0131 ve dilbilgisi nedeniyle \u00f6d\u00fcllendirici ama zorlu bir \u00e7aba olabilir. T\u00fcrk dilinin \u00f6\u011frenenlerin kavramas\u0131 gereken en \u00f6nemli y\u00f6nlerinden biri de zaman, fiil, isim, artik, s\u0131fat, zarf, ko\u015ful, edat, c\u00fcmle kurma gibi konular\u0131 i\u00e7eren dil bilgisidir. Bu bile\u015fenleri anlamak, T\u00fcrk\u00e7e&#8217;de ileti\u015fimin yap\u0131 ta\u015flar\u0131 olduklar\u0131 i\u00e7in dile hakim olmak i\u00e7in [&hellip;]<\/p>\n","protected":false},"author":6,"featured_media":64164,"parent":0,"menu_order":0,"comment_status":"closed","ping_status":"closed","template":"LearningContentPage.php","meta":{"_acf_changed":false,"footnotes":""},"class_list":["post-75239","page","type-page","status-publish","has-post-thumbnail","hentry"],"acf":[],"yoast_head":"<!-- This site is optimized with the Yoast SEO Premium plugin v27.2 (Yoast SEO v27.2) - https:\/\/yoast.com\/product\/yoast-seo-premium-wordpress\/ -->\n<title>T\u00fcrk\u00e7e Dilbilgisi Al\u0131\u015ft\u0131rmalar\u0131 - Talkpal<\/title>\n<meta name=\"description\" content=\"Kapsaml\u0131 T\u00fcrk\u00e7e dilbilgisi al\u0131\u015ft\u0131rmalar\u0131m\u0131zla T\u00fcrk\u00e7e dilbilgisinde ustala\u015f\u0131n. Dil becerilerinizi bug\u00fcn etkili bir \u015fekilde geli\u015ftirin.\" \/>\n<meta name=\"robots\" content=\"index, follow, max-snippet:-1, max-image-preview:large, max-video-preview:-1\" \/>\n<link rel=\"canonical\" href=\"https:\/\/talkpal.ai\/tr\/turkce-dilbilgisi-alistirmalari\/\" \/>\n<meta property=\"og:locale\" content=\"tr_TR\" \/>\n<meta property=\"og:type\" content=\"article\" \/>\n<meta property=\"og:title\" content=\"T\u00fcrk\u00e7e Dilbilgisi Al\u0131\u015ft\u0131rmalar\u0131\" \/>\n<meta property=\"og:description\" content=\"T\u00fcrk\u00e7e Gramer Konular\u0131 T\u00fcrk\u00e7e \u00f6\u011frenmek, kendine \u00f6zg\u00fc yap\u0131s\u0131 ve dilbilgisi nedeniyle \u00f6d\u00fcllendirici ama zorlu bir \u00e7aba olabilir. T\u00fcrk dilinin \u00f6\u011frenenlerin\" \/>\n<meta property=\"og:url\" content=\"https:\/\/talkpal.ai\/tr\/turkce-dilbilgisi-alistirmalari\/\" \/>\n<meta property=\"og:site_name\" content=\"Talkpal\" \/>\n<meta property=\"article:publisher\" content=\"https:\/\/www.facebook.com\/profile.php?id=100090733639311\" \/>\n<meta property=\"article:modified_time\" content=\"2025-12-17T10:00:26+00:00\" \/>\n<meta property=\"og:image\" content=\"https:\/\/talkpal.ai\/wp-content\/uploads\/2023\/05\/turkish.png\" \/>\n\t<meta property=\"og:image:width\" content=\"512\" \/>\n\t<meta property=\"og:image:height\" content=\"512\" \/>\n\t<meta property=\"og:image:type\" content=\"image\/png\" \/>\n<meta name=\"twitter:card\" content=\"summary_large_image\" \/>\n<meta name=\"twitter:site\" content=\"@talkpalai\" \/>\n<meta name=\"twitter:label1\" content=\"Tahmini okuma s\u00fcresi\" \/>\n\t<meta name=\"twitter:data1\" content=\"2 dakika\" \/>\n<script type=\"application\/ld+json\" class=\"yoast-schema-graph\">{\"@context\":\"https:\/\/schema.org\",\"@graph\":[{\"@type\":\"WebPage\",\"@id\":\"https:\/\/talkpal.ai\/tr\/turkce-dilbilgisi-alistirmalari\/\",\"url\":\"https:\/\/talkpal.ai\/tr\/turkce-dilbilgisi-alistirmalari\/\",\"name\":\"T\u00fcrk\u00e7e Dilbilgisi Al\u0131\u015ft\u0131rmalar\u0131 - Talkpal\",\"isPartOf\":{\"@id\":\"https:\/\/talkpal.ai\/tr\/#website\"},\"primaryImageOfPage\":{\"@id\":\"https:\/\/talkpal.ai\/tr\/turkce-dilbilgisi-alistirmalari\/#primaryimage\"},\"image\":{\"@id\":\"https:\/\/talkpal.ai\/tr\/turkce-dilbilgisi-alistirmalari\/#primaryimage\"},\"thumbnailUrl\":\"https:\/\/talkpal.ai\/wp-content\/uploads\/2023\/05\/turkish.png\",\"datePublished\":\"2023-07-05T10:34:01+00:00\",\"dateModified\":\"2025-12-17T10:00:26+00:00\",\"description\":\"Kapsaml\u0131 T\u00fcrk\u00e7e dilbilgisi al\u0131\u015ft\u0131rmalar\u0131m\u0131zla T\u00fcrk\u00e7e dilbilgisinde ustala\u015f\u0131n. Dil becerilerinizi bug\u00fcn etkili bir \u015fekilde geli\u015ftirin.\",\"breadcrumb\":{\"@id\":\"https:\/\/talkpal.ai\/tr\/turkce-dilbilgisi-alistirmalari\/#breadcrumb\"},\"inLanguage\":\"tr\",\"potentialAction\":[{\"@type\":\"ReadAction\",\"target\":[\"https:\/\/talkpal.ai\/tr\/turkce-dilbilgisi-alistirmalari\/\"]}]},{\"@type\":\"ImageObject\",\"inLanguage\":\"tr\",\"@id\":\"https:\/\/talkpal.ai\/tr\/turkce-dilbilgisi-alistirmalari\/#primaryimage\",\"url\":\"https:\/\/talkpal.ai\/wp-content\/uploads\/2023\/05\/turkish.png\",\"contentUrl\":\"https:\/\/talkpal.ai\/wp-content\/uploads\/2023\/05\/turkish.png\",\"width\":512,\"height\":512},{\"@type\":\"BreadcrumbList\",\"@id\":\"https:\/\/talkpal.ai\/tr\/turkce-dilbilgisi-alistirmalari\/#breadcrumb\",\"itemListElement\":[{\"@type\":\"ListItem\",\"position\":1,\"name\":\"Homepage\",\"item\":\"https:\/\/talkpal.ai\/tr\/\"},{\"@type\":\"ListItem\",\"position\":2,\"name\":\"T\u00fcrk\u00e7e Dilbilgisi Al\u0131\u015ft\u0131rmalar\u0131\"}]},{\"@type\":\"WebSite\",\"@id\":\"https:\/\/talkpal.ai\/tr\/#website\",\"url\":\"https:\/\/talkpal.ai\/tr\/\",\"name\":\"Talkpal\",\"description\":\"AI Language Learning\",\"publisher\":{\"@id\":\"https:\/\/talkpal.ai\/tr\/#organization\"},\"alternateName\":\"Talkpal AI\",\"potentialAction\":[{\"@type\":\"SearchAction\",\"target\":{\"@type\":\"EntryPoint\",\"urlTemplate\":\"https:\/\/talkpal.ai\/tr\/?s={search_term_string}\"},\"query-input\":{\"@type\":\"PropertyValueSpecification\",\"valueRequired\":true,\"valueName\":\"search_term_string\"}}],\"inLanguage\":\"tr\"},{\"@type\":\"Organization\",\"@id\":\"https:\/\/talkpal.ai\/tr\/#organization\",\"name\":\"Talkpal, Inc.\",\"alternateName\":\"Talkpal AI\",\"url\":\"https:\/\/talkpal.ai\/tr\/\",\"logo\":{\"@type\":\"ImageObject\",\"inLanguage\":\"tr\",\"@id\":\"https:\/\/talkpal.ai\/tr\/#\/schema\/logo\/image\/\",\"url\":\"https:\/\/talkpal.ai\/wp-content\/uploads\/2024\/03\/Talkpal-Logo-Icon.png\",\"contentUrl\":\"https:\/\/talkpal.ai\/wp-content\/uploads\/2024\/03\/Talkpal-Logo-Icon.png\",\"width\":2880,\"height\":2880,\"caption\":\"Talkpal, Inc.\"},\"image\":{\"@id\":\"https:\/\/talkpal.ai\/tr\/#\/schema\/logo\/image\/\"},\"sameAs\":[\"https:\/\/www.facebook.com\/profile.php?id=100090733639311\",\"https:\/\/x.com\/talkpalai\",\"https:\/\/www.linkedin.com\/company\/talkpal\/\",\"https:\/\/www.youtube.com\/@TalkPal\/\",\"https:\/\/www.tiktok.com\/@talkpal\",\"https:\/\/www.instagram.com\/talkpal_ai\/\",\"https:\/\/www.crunchbase.com\/organization\/talkpal-9cde\",\"https:\/\/www.g2.com\/products\/talkpal-for-business\/\",\"https:\/\/www.trustpilot.com\/review\/talkpal.ai\",\"https:\/\/www.capterra.com\/p\/10006800\/TalkPal\/\"],\"description\":\"Talkpal is a language learning web and mobile education app, powered by the latest AI technologies, that provides engaging experiences to its customers in many different languages to help them improve their language skills. Users can chat about unlimited amount of topics with the app and use other modes to practice their language learning.\",\"email\":\"support@talkpal.ai\",\"legalName\":\"Talkpal, Inc.\",\"foundingDate\":\"2023-04-03\",\"duns\":\"118989042\",\"numberOfEmployees\":{\"@type\":\"QuantitativeValue\",\"minValue\":\"11\",\"maxValue\":\"50\"},\"publishingPrinciples\":\"https:\/\/talkpal.ai\/publishing-principles\/\",\"actionableFeedbackPolicy\":\"https:\/\/talkpal.ai\/actionable-feedback-policy\/\",\"correctionsPolicy\":\"https:\/\/talkpal.ai\/corrections-policy\/\",\"ethicsPolicy\":\"https:\/\/talkpal.ai\/ethics-policy\/\",\"diversityPolicy\":\"https:\/\/talkpal.ai\/diversity-policy\/\",\"diversityStaffingReport\":\"https:\/\/talkpal.ai\/diversity-policy\/\"}]}<\/script>\n<!-- \/ Yoast SEO Premium plugin. -->","yoast_head_json":{"title":"T\u00fcrk\u00e7e Dilbilgisi Al\u0131\u015ft\u0131rmalar\u0131 - Talkpal","description":"Kapsaml\u0131 T\u00fcrk\u00e7e dilbilgisi al\u0131\u015ft\u0131rmalar\u0131m\u0131zla T\u00fcrk\u00e7e dilbilgisinde ustala\u015f\u0131n. Dil becerilerinizi bug\u00fcn etkili bir \u015fekilde geli\u015ftirin.","robots":{"index":"index","follow":"follow","max-snippet":"max-snippet:-1","max-image-preview":"max-image-preview:large","max-video-preview":"max-video-preview:-1"},"canonical":"https:\/\/talkpal.ai\/tr\/turkce-dilbilgisi-alistirmalari\/","og_locale":"tr_TR","og_type":"article","og_title":"T\u00fcrk\u00e7e Dilbilgisi Al\u0131\u015ft\u0131rmalar\u0131","og_description":"T\u00fcrk\u00e7e Gramer Konular\u0131 T\u00fcrk\u00e7e \u00f6\u011frenmek, kendine \u00f6zg\u00fc yap\u0131s\u0131 ve dilbilgisi nedeniyle \u00f6d\u00fcllendirici ama zorlu bir \u00e7aba olabilir. T\u00fcrk dilinin \u00f6\u011frenenlerin","og_url":"https:\/\/talkpal.ai\/tr\/turkce-dilbilgisi-alistirmalari\/","og_site_name":"Talkpal","article_publisher":"https:\/\/www.facebook.com\/profile.php?id=100090733639311","article_modified_time":"2025-12-17T10:00:26+00:00","og_image":[{"width":512,"height":512,"url":"https:\/\/talkpal.ai\/wp-content\/uploads\/2023\/05\/turkish.png","type":"image\/png"}],"twitter_card":"summary_large_image","twitter_site":"@talkpalai","twitter_misc":{"Tahmini okuma s\u00fcresi":"2 dakika"},"schema":{"@context":"https:\/\/schema.org","@graph":[{"@type":"WebPage","@id":"https:\/\/talkpal.ai\/tr\/turkce-dilbilgisi-alistirmalari\/","url":"https:\/\/talkpal.ai\/tr\/turkce-dilbilgisi-alistirmalari\/","name":"T\u00fcrk\u00e7e Dilbilgisi Al\u0131\u015ft\u0131rmalar\u0131 - Talkpal","isPartOf":{"@id":"https:\/\/talkpal.ai\/tr\/#website"},"primaryImageOfPage":{"@id":"https:\/\/talkpal.ai\/tr\/turkce-dilbilgisi-alistirmalari\/#primaryimage"},"image":{"@id":"https:\/\/talkpal.ai\/tr\/turkce-dilbilgisi-alistirmalari\/#primaryimage"},"thumbnailUrl":"https:\/\/talkpal.ai\/wp-content\/uploads\/2023\/05\/turkish.png","datePublished":"2023-07-05T10:34:01+00:00","dateModified":"2025-12-17T10:00:26+00:00","description":"Kapsaml\u0131 T\u00fcrk\u00e7e dilbilgisi al\u0131\u015ft\u0131rmalar\u0131m\u0131zla T\u00fcrk\u00e7e dilbilgisinde ustala\u015f\u0131n. Dil becerilerinizi bug\u00fcn etkili bir \u015fekilde geli\u015ftirin.","breadcrumb":{"@id":"https:\/\/talkpal.ai\/tr\/turkce-dilbilgisi-alistirmalari\/#breadcrumb"},"inLanguage":"tr","potentialAction":[{"@type":"ReadAction","target":["https:\/\/talkpal.ai\/tr\/turkce-dilbilgisi-alistirmalari\/"]}]},{"@type":"ImageObject","inLanguage":"tr","@id":"https:\/\/talkpal.ai\/tr\/turkce-dilbilgisi-alistirmalari\/#primaryimage","url":"https:\/\/talkpal.ai\/wp-content\/uploads\/2023\/05\/turkish.png","contentUrl":"https:\/\/talkpal.ai\/wp-content\/uploads\/2023\/05\/turkish.png","width":512,"height":512},{"@type":"BreadcrumbList","@id":"https:\/\/talkpal.ai\/tr\/turkce-dilbilgisi-alistirmalari\/#breadcrumb","itemListElement":[{"@type":"ListItem","position":1,"name":"Homepage","item":"https:\/\/talkpal.ai\/tr\/"},{"@type":"ListItem","position":2,"name":"T\u00fcrk\u00e7e Dilbilgisi Al\u0131\u015ft\u0131rmalar\u0131"}]},{"@type":"WebSite","@id":"https:\/\/talkpal.ai\/tr\/#website","url":"https:\/\/talkpal.ai\/tr\/","name":"Talkpal","description":"AI Language Learning","publisher":{"@id":"https:\/\/talkpal.ai\/tr\/#organization"},"alternateName":"Talkpal AI","potentialAction":[{"@type":"SearchAction","target":{"@type":"EntryPoint","urlTemplate":"https:\/\/talkpal.ai\/tr\/?s={search_term_string}"},"query-input":{"@type":"PropertyValueSpecification","valueRequired":true,"valueName":"search_term_string"}}],"inLanguage":"tr"},{"@type":"Organization","@id":"https:\/\/talkpal.ai\/tr\/#organization","name":"Talkpal, Inc.","alternateName":"Talkpal AI","url":"https:\/\/talkpal.ai\/tr\/","logo":{"@type":"ImageObject","inLanguage":"tr","@id":"https:\/\/talkpal.ai\/tr\/#\/schema\/logo\/image\/","url":"https:\/\/talkpal.ai\/wp-content\/uploads\/2024\/03\/Talkpal-Logo-Icon.png","contentUrl":"https:\/\/talkpal.ai\/wp-content\/uploads\/2024\/03\/Talkpal-Logo-Icon.png","width":2880,"height":2880,"caption":"Talkpal, Inc."},"image":{"@id":"https:\/\/talkpal.ai\/tr\/#\/schema\/logo\/image\/"},"sameAs":["https:\/\/www.facebook.com\/profile.php?id=100090733639311","https:\/\/x.com\/talkpalai","https:\/\/www.linkedin.com\/company\/talkpal\/","https:\/\/www.youtube.com\/@TalkPal\/","https:\/\/www.tiktok.com\/@talkpal","https:\/\/www.instagram.com\/talkpal_ai\/","https:\/\/www.crunchbase.com\/organization\/talkpal-9cde","https:\/\/www.g2.com\/products\/talkpal-for-business\/","https:\/\/www.trustpilot.com\/review\/talkpal.ai","https:\/\/www.capterra.com\/p\/10006800\/TalkPal\/"],"description":"Talkpal is a language learning web and mobile education app, powered by the latest AI technologies, that provides engaging experiences to its customers in many different languages to help them improve their language skills. Users can chat about unlimited amount of topics with the app and use other modes to practice their language learning.","email":"support@talkpal.ai","legalName":"Talkpal, Inc.","foundingDate":"2023-04-03","duns":"118989042","numberOfEmployees":{"@type":"QuantitativeValue","minValue":"11","maxValue":"50"},"publishingPrinciples":"https:\/\/talkpal.ai\/publishing-principles\/","actionableFeedbackPolicy":"https:\/\/talkpal.ai\/actionable-feedback-policy\/","correctionsPolicy":"https:\/\/talkpal.ai\/corrections-policy\/","ethicsPolicy":"https:\/\/talkpal.ai\/ethics-policy\/","diversityPolicy":"https:\/\/talkpal.ai\/diversity-policy\/","diversityStaffingReport":"https:\/\/talkpal.ai\/diversity-policy\/"}]}},"_links":{"self":[{"href":"https:\/\/talkpal.ai\/tr\/wp-json\/wp\/v2\/pages\/75239","targetHints":{"allow":["GET"]}}],"collection":[{"href":"https:\/\/talkpal.ai\/tr\/wp-json\/wp\/v2\/pages"}],"about":[{"href":"https:\/\/talkpal.ai\/tr\/wp-json\/wp\/v2\/types\/page"}],"author":[{"embeddable":true,"href":"https:\/\/talkpal.ai\/tr\/wp-json\/wp\/v2\/users\/6"}],"replies":[{"embeddable":true,"href":"https:\/\/talkpal.ai\/tr\/wp-json\/wp\/v2\/comments?post=75239"}],"version-history":[{"count":0,"href":"https:\/\/talkpal.ai\/tr\/wp-json\/wp\/v2\/pages\/75239\/revisions"}],"wp:featuredmedia":[{"embeddable":true,"href":"https:\/\/talkpal.ai\/tr\/wp-json\/wp\/v2\/media\/64164"}],"wp:attachment":[{"href":"https:\/\/talkpal.ai\/tr\/wp-json\/wp\/v2\/media?parent=75239"}],"curies":[{"name":"wp","href":"https:\/\/api.w.org\/{rel}","templated":true}]}}