{"id":506445,"date":"2023-04-03T15:47:36","date_gmt":"2023-04-03T15:47:36","guid":{"rendered":"https:\/\/talkpal.ai\/basin\/"},"modified":"2025-06-17T16:29:40","modified_gmt":"2025-06-17T16:29:40","slug":"basin","status":"publish","type":"page","link":"https:\/\/talkpal.ai\/tr\/basin\/","title":{"rendered":"Bas\u0131n"},"content":{"rendered":"<h1>Veriler, Ger\u00e7ekler, Say\u0131lar<\/h1>\n<p>Gazetecilere ve medya profesyonellerine yenilik\u00e7i <a href=\"https:\/\/talkpal.ai\/tr\/talkpal-chat-ile-dil-nasil-ogrenilir\/\">dil \u00f6\u011frenme<\/a> platformumuzla ilgili \u00f6zel bilgi, veri ve g\u00fcncellemelere eri\u015fim sa\u011flad\u0131\u011f\u0131m\u0131z Talkpal&#8217;un bas\u0131n sayfas\u0131na ho\u015f geldiniz. Hikayemizi sizinle payla\u015fmaktan heyecan duyuyoruz ve ilgi \u00e7ekici i\u00e7erik olu\u015fturman\u0131za yard\u0131mc\u0131 olmak i\u00e7in do\u011fru ve g\u00fcncel bilgiler sunmaya kararl\u0131y\u0131z.<\/p>\n<p>\t\t\t\t<svg aria-hidden=\"true\" viewBox=\"0 0 384 512\" xmlns=\"http:\/\/www.w3.org\/2000\/svg\"><path d=\"M224 136V0H24C10.7 0 0 10.7 0 24v464c0 13.3 10.7 24 24 24h336c13.3 0 24-10.7 24-24V160H248c-13.2 0-24-10.8-24-24zm65.18 216.01H224v80c0 8.84-7.16 16-16 16h-32c-8.84 0-16-7.16-16-16v-80H94.82c-14.28 0-21.41-17.29-11.27-27.36l96.42-95.7c6.65-6.61 17.39-6.61 24.04 0l96.42 95.7c10.15 10.07 3.03 27.36-11.25 27.36zM377 105L279.1 7c-4.5-4.5-10.6-7-17-7H256v128h128v-6.1c0-6.3-2.5-12.4-7-16.9z\"><\/path><\/svg>\t\t\t\t<\/p>\n<h3>\n\t\t\t\t\t\t\t\u00d6zel Veriler ve \u0130\u00e7g\u00f6r\u00fcler<br \/>\n\t\t\t\t\t<\/h3>\n<p>\n\t\t\t\t\t\tEtkileyici hikayeler olu\u015ftururken do\u011fru ve g\u00fcncel verilerin \u00f6nemini biliyoruz. \u0130htiya\u00e7 duyabilece\u011finiz her t\u00fcrl\u00fc bilgi veya veriyi talep etmek i\u00e7in l\u00fctfen info@talkpal.ai adresinden medya ili\u015fkileri ekibimizle ileti\u015fime ge\u00e7in.\t\t\t\t\t<\/p>\n<p>\t\t\t\t<svg aria-hidden=\"true\" viewBox=\"0 0 448 512\" xmlns=\"http:\/\/www.w3.org\/2000\/svg\"><path d=\"M352 320c-22.608 0-43.387 7.819-59.79 20.895l-102.486-64.054a96.551 96.551 0 0 0 0-41.683l102.486-64.054C308.613 184.181 329.392 192 352 192c53.019 0 96-42.981 96-96S405.019 0 352 0s-96 42.981-96 96c0 7.158.79 14.13 2.276 20.841L155.79 180.895C139.387 167.819 118.608 160 96 160c-53.019 0-96 42.981-96 96s42.981 96 96 96c22.608 0 43.387-7.819 59.79-20.895l102.486 64.054A96.301 96.301 0 0 0 256 416c0 53.019 42.981 96 96 96s96-42.981 96-96-42.981-96-96-96z\"><\/path><\/svg>\t\t\t\t<\/p>\n<h3>\n\t\t\t\t\t\t\t\u0130le Ba\u011flant\u0131da Kal\u0131n Talkpal<br \/>\n\t\t\t\t\t<\/h3>\n<p>\n\t\t\t\t\t\tGazetecileri en son haberler, g\u00fcncellemeler ve duyurular i\u00e7in bizimle ba\u011flant\u0131da kalmaya te\u015fvik ediyoruz. <a href=\"https:\/\/talkpal.ai\/ko\/ai-%ec%96%b8%ec%96%b4-%ea%b5%90%ec%82%ac\/\">Talkpal<\/a> d\u00fcnyas\u0131na ili\u015fkin \u00f6zel bilgiler almak i\u00e7in bizi sosyal medya kanallar\u0131m\u0131zdan takip edin.\t\t\t\t\t<\/p>\n<p>\t\t\t\t\t<a role=\"button\"><br \/>\n\t\t\t\t\t\t\t\t\ttalkpal&#8217;i dene<br \/>\n\t\t\t\t\t<\/a><\/p>\n<h2>Bas\u0131n Kiti<\/h2>\n<p>Size kolayl\u0131k sa\u011flamak i\u00e7in, g\u00f6rsel olarak ilgi \u00e7ekici i\u00e7erikler olu\u015fturman\u0131za yard\u0131mc\u0131 olacak y\u00fcksek \u00e7\u00f6z\u00fcn\u00fcrl\u00fckl\u00fc logolar, g\u00f6rseller ve di\u011fer kaynaklar\u0131 i\u00e7eren kapsaml\u0131 bir medya kiti olu\u015fturduk. Medya kitimizi indirebilirsiniz<\/p>\n<h2>Bas\u0131n Kiti<\/h2>\n<p>Size kolayl\u0131k sa\u011flamak i\u00e7in, g\u00f6rsel olarak ilgi \u00e7ekici i\u00e7erikler olu\u015fturman\u0131za yard\u0131mc\u0131 olacak y\u00fcksek \u00e7\u00f6z\u00fcn\u00fcrl\u00fckl\u00fc logolar, g\u00f6rseller ve di\u011fer kaynaklar\u0131 i\u00e7eren kapsaml\u0131 bir medya kiti olu\u015fturduk. Medya kitimizi indirebilirsiniz<\/p>\n<p>\t\t\t\t\t<a href=\"https:\/\/talkpal.ai\/wp-content\/uploads\/2024\/03\/Talkpal-Press-Kit.zip\"><br \/>\n\t\t\t\t\t\t\t\t\tBas\u0131n Kitini \u0130ndirin<br \/>\n\t\t\t\t\t<\/a><\/p>\n","protected":false},"excerpt":{"rendered":"<p>Veriler, Ger\u00e7ekler, Say\u0131lar Gazetecilere ve medya profesyonellerine yenilik\u00e7i dil \u00f6\u011frenme platformumuzla ilgili \u00f6zel bilgi, veri ve g\u00fcncellemelere eri\u015fim sa\u011flad\u0131\u011f\u0131m\u0131z Talkpal&#8217;un bas\u0131n sayfas\u0131na ho\u015f geldiniz. Hikayemizi sizinle payla\u015fmaktan heyecan duyuyoruz ve ilgi \u00e7ekici i\u00e7erik olu\u015fturman\u0131za yard\u0131mc\u0131 olmak i\u00e7in do\u011fru ve g\u00fcncel bilgiler sunmaya kararl\u0131y\u0131z. \u00d6zel Veriler ve \u0130\u00e7g\u00f6r\u00fcler Etkileyici hikayeler olu\u015ftururken do\u011fru ve g\u00fcncel verilerin \u00f6nemini [&hellip;]<\/p>\n","protected":false},"author":1,"featured_media":197985,"parent":0,"menu_order":0,"comment_status":"closed","ping_status":"closed","template":"press-releases-page.php","meta":{"_acf_changed":false,"footnotes":""},"class_list":["post-506445","page","type-page","status-publish","has-post-thumbnail","hentry"],"acf":[],"yoast_head":"<!-- This site is optimized with the Yoast SEO Premium plugin v27.2 (Yoast SEO v27.2) - https:\/\/yoast.com\/product\/yoast-seo-premium-wordpress\/ -->\n<title>Bas\u0131n - Talkpal<\/title>\n<meta name=\"description\" content=\"Talkpal hakk\u0131ndaki en son bas\u0131n bilgilerini ke\u015ffedin. Hikaye anlat\u0131m\u0131 ihtiya\u00e7lar\u0131n\u0131z i\u00e7in \u00f6zel g\u00fcncellemelere ve verilere eri\u015fin.\" \/>\n<meta name=\"robots\" content=\"index, follow, max-snippet:-1, max-image-preview:large, max-video-preview:-1\" \/>\n<link rel=\"canonical\" href=\"https:\/\/talkpal.ai\/tr\/basin\/\" \/>\n<meta property=\"og:locale\" content=\"tr_TR\" \/>\n<meta property=\"og:type\" content=\"article\" \/>\n<meta property=\"og:title\" content=\"Bas\u0131n\" \/>\n<meta property=\"og:description\" content=\"Veriler, Ger\u00e7ekler, Say\u0131lar Gazetecilere ve medya profesyonellerine yenilik\u00e7i dil \u00f6\u011frenme platformumuzla ilgili \u00f6zel bilgi, veri ve g\u00fcncellemelere eri\u015fim\" \/>\n<meta property=\"og:url\" content=\"https:\/\/talkpal.ai\/tr\/basin\/\" \/>\n<meta property=\"og:site_name\" content=\"Talkpal\" \/>\n<meta property=\"article:publisher\" content=\"https:\/\/www.facebook.com\/profile.php?id=100090733639311\" \/>\n<meta property=\"article:modified_time\" content=\"2025-06-17T16:29:40+00:00\" \/>\n<meta property=\"og:image\" content=\"https:\/\/talkpal.ai\/wp-content\/uploads\/2024\/03\/Talkpal-Logo-Icon.png\" \/>\n\t<meta property=\"og:image:width\" content=\"5000\" \/>\n\t<meta property=\"og:image:height\" content=\"5000\" \/>\n\t<meta property=\"og:image:type\" content=\"image\/png\" \/>\n<meta name=\"twitter:card\" content=\"summary_large_image\" \/>\n<meta name=\"twitter:site\" content=\"@talkpalai\" \/>\n<meta name=\"twitter:label1\" content=\"Tahmini okuma s\u00fcresi\" \/>\n\t<meta name=\"twitter:data1\" content=\"1 dakika\" \/>\n<script type=\"application\/ld+json\" class=\"yoast-schema-graph\">{\"@context\":\"https:\/\/schema.org\",\"@graph\":[{\"@type\":\"WebPage\",\"@id\":\"https:\/\/talkpal.ai\/tr\/basin\/\",\"url\":\"https:\/\/talkpal.ai\/tr\/basin\/\",\"name\":\"Bas\u0131n - Talkpal\",\"isPartOf\":{\"@id\":\"https:\/\/talkpal.ai\/tr\/#website\"},\"primaryImageOfPage\":{\"@id\":\"https:\/\/talkpal.ai\/tr\/basin\/#primaryimage\"},\"image\":{\"@id\":\"https:\/\/talkpal.ai\/tr\/basin\/#primaryimage\"},\"thumbnailUrl\":\"https:\/\/talkpal.ai\/wp-content\/uploads\/2024\/03\/Talkpal-Logo-Icon.png\",\"datePublished\":\"2023-04-03T15:47:36+00:00\",\"dateModified\":\"2025-06-17T16:29:40+00:00\",\"description\":\"Talkpal hakk\u0131ndaki en son bas\u0131n bilgilerini ke\u015ffedin. Hikaye anlat\u0131m\u0131 ihtiya\u00e7lar\u0131n\u0131z i\u00e7in \u00f6zel g\u00fcncellemelere ve verilere eri\u015fin.\",\"breadcrumb\":{\"@id\":\"https:\/\/talkpal.ai\/tr\/basin\/#breadcrumb\"},\"inLanguage\":\"tr\",\"potentialAction\":[{\"@type\":\"ReadAction\",\"target\":[\"https:\/\/talkpal.ai\/tr\/basin\/\"]}]},{\"@type\":\"ImageObject\",\"inLanguage\":\"tr\",\"@id\":\"https:\/\/talkpal.ai\/tr\/basin\/#primaryimage\",\"url\":\"https:\/\/talkpal.ai\/wp-content\/uploads\/2024\/03\/Talkpal-Logo-Icon.png\",\"contentUrl\":\"https:\/\/talkpal.ai\/wp-content\/uploads\/2024\/03\/Talkpal-Logo-Icon.png\",\"width\":5000,\"height\":5000,\"caption\":\"Talkpal logosu\"},{\"@type\":\"BreadcrumbList\",\"@id\":\"https:\/\/talkpal.ai\/tr\/basin\/#breadcrumb\",\"itemListElement\":[{\"@type\":\"ListItem\",\"position\":1,\"name\":\"Homepage\",\"item\":\"https:\/\/talkpal.ai\/tr\/\"},{\"@type\":\"ListItem\",\"position\":2,\"name\":\"Bas\u0131n\"}]},{\"@type\":\"WebSite\",\"@id\":\"https:\/\/talkpal.ai\/tr\/#website\",\"url\":\"https:\/\/talkpal.ai\/tr\/\",\"name\":\"Talkpal\",\"description\":\"AI Language Learning\",\"publisher\":{\"@id\":\"https:\/\/talkpal.ai\/tr\/#organization\"},\"alternateName\":\"Talkpal AI\",\"potentialAction\":[{\"@type\":\"SearchAction\",\"target\":{\"@type\":\"EntryPoint\",\"urlTemplate\":\"https:\/\/talkpal.ai\/tr\/?s={search_term_string}\"},\"query-input\":{\"@type\":\"PropertyValueSpecification\",\"valueRequired\":true,\"valueName\":\"search_term_string\"}}],\"inLanguage\":\"tr\"},{\"@type\":\"Organization\",\"@id\":\"https:\/\/talkpal.ai\/tr\/#organization\",\"name\":\"Talkpal, Inc.\",\"alternateName\":\"Talkpal AI\",\"url\":\"https:\/\/talkpal.ai\/tr\/\",\"logo\":{\"@type\":\"ImageObject\",\"inLanguage\":\"tr\",\"@id\":\"https:\/\/talkpal.ai\/tr\/#\/schema\/logo\/image\/\",\"url\":\"https:\/\/talkpal.ai\/wp-content\/uploads\/2024\/03\/Talkpal-Logo-Icon.png\",\"contentUrl\":\"https:\/\/talkpal.ai\/wp-content\/uploads\/2024\/03\/Talkpal-Logo-Icon.png\",\"width\":2880,\"height\":2880,\"caption\":\"Talkpal, Inc.\"},\"image\":{\"@id\":\"https:\/\/talkpal.ai\/tr\/#\/schema\/logo\/image\/\"},\"sameAs\":[\"https:\/\/www.facebook.com\/profile.php?id=100090733639311\",\"https:\/\/x.com\/talkpalai\",\"https:\/\/www.linkedin.com\/company\/talkpal\/\",\"https:\/\/www.youtube.com\/@TalkPal\/\",\"https:\/\/www.tiktok.com\/@talkpal\",\"https:\/\/www.instagram.com\/talkpal_ai\/\",\"https:\/\/www.crunchbase.com\/organization\/talkpal-9cde\",\"https:\/\/www.g2.com\/products\/talkpal-for-business\/\",\"https:\/\/www.trustpilot.com\/review\/talkpal.ai\",\"https:\/\/www.capterra.com\/p\/10006800\/TalkPal\/\"],\"description\":\"Talkpal is a language learning web and mobile education app, powered by the latest AI technologies, that provides engaging experiences to its customers in many different languages to help them improve their language skills. Users can chat about unlimited amount of topics with the app and use other modes to practice their language learning.\",\"email\":\"support@talkpal.ai\",\"legalName\":\"Talkpal, Inc.\",\"foundingDate\":\"2023-04-03\",\"duns\":\"118989042\",\"numberOfEmployees\":{\"@type\":\"QuantitativeValue\",\"minValue\":\"11\",\"maxValue\":\"50\"},\"publishingPrinciples\":\"https:\/\/talkpal.ai\/publishing-principles\/\",\"actionableFeedbackPolicy\":\"https:\/\/talkpal.ai\/actionable-feedback-policy\/\",\"correctionsPolicy\":\"https:\/\/talkpal.ai\/corrections-policy\/\",\"ethicsPolicy\":\"https:\/\/talkpal.ai\/ethics-policy\/\",\"diversityPolicy\":\"https:\/\/talkpal.ai\/diversity-policy\/\",\"diversityStaffingReport\":\"https:\/\/talkpal.ai\/diversity-policy\/\"}]}<\/script>\n<!-- \/ Yoast SEO Premium plugin. -->","yoast_head_json":{"title":"Bas\u0131n - Talkpal","description":"Talkpal hakk\u0131ndaki en son bas\u0131n bilgilerini ke\u015ffedin. Hikaye anlat\u0131m\u0131 ihtiya\u00e7lar\u0131n\u0131z i\u00e7in \u00f6zel g\u00fcncellemelere ve verilere eri\u015fin.","robots":{"index":"index","follow":"follow","max-snippet":"max-snippet:-1","max-image-preview":"max-image-preview:large","max-video-preview":"max-video-preview:-1"},"canonical":"https:\/\/talkpal.ai\/tr\/basin\/","og_locale":"tr_TR","og_type":"article","og_title":"Bas\u0131n","og_description":"Veriler, Ger\u00e7ekler, Say\u0131lar Gazetecilere ve medya profesyonellerine yenilik\u00e7i dil \u00f6\u011frenme platformumuzla ilgili \u00f6zel bilgi, veri ve g\u00fcncellemelere eri\u015fim","og_url":"https:\/\/talkpal.ai\/tr\/basin\/","og_site_name":"Talkpal","article_publisher":"https:\/\/www.facebook.com\/profile.php?id=100090733639311","article_modified_time":"2025-06-17T16:29:40+00:00","og_image":[{"width":5000,"height":5000,"url":"https:\/\/talkpal.ai\/wp-content\/uploads\/2024\/03\/Talkpal-Logo-Icon.png","type":"image\/png"}],"twitter_card":"summary_large_image","twitter_site":"@talkpalai","twitter_misc":{"Tahmini okuma s\u00fcresi":"1 dakika"},"schema":{"@context":"https:\/\/schema.org","@graph":[{"@type":"WebPage","@id":"https:\/\/talkpal.ai\/tr\/basin\/","url":"https:\/\/talkpal.ai\/tr\/basin\/","name":"Bas\u0131n - Talkpal","isPartOf":{"@id":"https:\/\/talkpal.ai\/tr\/#website"},"primaryImageOfPage":{"@id":"https:\/\/talkpal.ai\/tr\/basin\/#primaryimage"},"image":{"@id":"https:\/\/talkpal.ai\/tr\/basin\/#primaryimage"},"thumbnailUrl":"https:\/\/talkpal.ai\/wp-content\/uploads\/2024\/03\/Talkpal-Logo-Icon.png","datePublished":"2023-04-03T15:47:36+00:00","dateModified":"2025-06-17T16:29:40+00:00","description":"Talkpal hakk\u0131ndaki en son bas\u0131n bilgilerini ke\u015ffedin. Hikaye anlat\u0131m\u0131 ihtiya\u00e7lar\u0131n\u0131z i\u00e7in \u00f6zel g\u00fcncellemelere ve verilere eri\u015fin.","breadcrumb":{"@id":"https:\/\/talkpal.ai\/tr\/basin\/#breadcrumb"},"inLanguage":"tr","potentialAction":[{"@type":"ReadAction","target":["https:\/\/talkpal.ai\/tr\/basin\/"]}]},{"@type":"ImageObject","inLanguage":"tr","@id":"https:\/\/talkpal.ai\/tr\/basin\/#primaryimage","url":"https:\/\/talkpal.ai\/wp-content\/uploads\/2024\/03\/Talkpal-Logo-Icon.png","contentUrl":"https:\/\/talkpal.ai\/wp-content\/uploads\/2024\/03\/Talkpal-Logo-Icon.png","width":5000,"height":5000,"caption":"Talkpal logosu"},{"@type":"BreadcrumbList","@id":"https:\/\/talkpal.ai\/tr\/basin\/#breadcrumb","itemListElement":[{"@type":"ListItem","position":1,"name":"Homepage","item":"https:\/\/talkpal.ai\/tr\/"},{"@type":"ListItem","position":2,"name":"Bas\u0131n"}]},{"@type":"WebSite","@id":"https:\/\/talkpal.ai\/tr\/#website","url":"https:\/\/talkpal.ai\/tr\/","name":"Talkpal","description":"AI Language Learning","publisher":{"@id":"https:\/\/talkpal.ai\/tr\/#organization"},"alternateName":"Talkpal AI","potentialAction":[{"@type":"SearchAction","target":{"@type":"EntryPoint","urlTemplate":"https:\/\/talkpal.ai\/tr\/?s={search_term_string}"},"query-input":{"@type":"PropertyValueSpecification","valueRequired":true,"valueName":"search_term_string"}}],"inLanguage":"tr"},{"@type":"Organization","@id":"https:\/\/talkpal.ai\/tr\/#organization","name":"Talkpal, Inc.","alternateName":"Talkpal AI","url":"https:\/\/talkpal.ai\/tr\/","logo":{"@type":"ImageObject","inLanguage":"tr","@id":"https:\/\/talkpal.ai\/tr\/#\/schema\/logo\/image\/","url":"https:\/\/talkpal.ai\/wp-content\/uploads\/2024\/03\/Talkpal-Logo-Icon.png","contentUrl":"https:\/\/talkpal.ai\/wp-content\/uploads\/2024\/03\/Talkpal-Logo-Icon.png","width":2880,"height":2880,"caption":"Talkpal, Inc."},"image":{"@id":"https:\/\/talkpal.ai\/tr\/#\/schema\/logo\/image\/"},"sameAs":["https:\/\/www.facebook.com\/profile.php?id=100090733639311","https:\/\/x.com\/talkpalai","https:\/\/www.linkedin.com\/company\/talkpal\/","https:\/\/www.youtube.com\/@TalkPal\/","https:\/\/www.tiktok.com\/@talkpal","https:\/\/www.instagram.com\/talkpal_ai\/","https:\/\/www.crunchbase.com\/organization\/talkpal-9cde","https:\/\/www.g2.com\/products\/talkpal-for-business\/","https:\/\/www.trustpilot.com\/review\/talkpal.ai","https:\/\/www.capterra.com\/p\/10006800\/TalkPal\/"],"description":"Talkpal is a language learning web and mobile education app, powered by the latest AI technologies, that provides engaging experiences to its customers in many different languages to help them improve their language skills. Users can chat about unlimited amount of topics with the app and use other modes to practice their language learning.","email":"support@talkpal.ai","legalName":"Talkpal, Inc.","foundingDate":"2023-04-03","duns":"118989042","numberOfEmployees":{"@type":"QuantitativeValue","minValue":"11","maxValue":"50"},"publishingPrinciples":"https:\/\/talkpal.ai\/publishing-principles\/","actionableFeedbackPolicy":"https:\/\/talkpal.ai\/actionable-feedback-policy\/","correctionsPolicy":"https:\/\/talkpal.ai\/corrections-policy\/","ethicsPolicy":"https:\/\/talkpal.ai\/ethics-policy\/","diversityPolicy":"https:\/\/talkpal.ai\/diversity-policy\/","diversityStaffingReport":"https:\/\/talkpal.ai\/diversity-policy\/"}]}},"_links":{"self":[{"href":"https:\/\/talkpal.ai\/tr\/wp-json\/wp\/v2\/pages\/506445","targetHints":{"allow":["GET"]}}],"collection":[{"href":"https:\/\/talkpal.ai\/tr\/wp-json\/wp\/v2\/pages"}],"about":[{"href":"https:\/\/talkpal.ai\/tr\/wp-json\/wp\/v2\/types\/page"}],"author":[{"embeddable":true,"href":"https:\/\/talkpal.ai\/tr\/wp-json\/wp\/v2\/users\/1"}],"replies":[{"embeddable":true,"href":"https:\/\/talkpal.ai\/tr\/wp-json\/wp\/v2\/comments?post=506445"}],"version-history":[{"count":0,"href":"https:\/\/talkpal.ai\/tr\/wp-json\/wp\/v2\/pages\/506445\/revisions"}],"wp:featuredmedia":[{"embeddable":true,"href":"https:\/\/talkpal.ai\/tr\/wp-json\/wp\/v2\/media\/197985"}],"wp:attachment":[{"href":"https:\/\/talkpal.ai\/tr\/wp-json\/wp\/v2\/media?parent=506445"}],"curies":[{"name":"wp","href":"https:\/\/api.w.org\/{rel}","templated":true}]}}