{"id":166881,"date":"2023-04-03T14:56:00","date_gmt":"2023-04-03T14:56:00","guid":{"rendered":"http:\/\/talkpal.ai\/hakkinda\/"},"modified":"2026-03-06T16:34:18","modified_gmt":"2026-03-06T16:34:18","slug":"hakkinda","status":"publish","type":"page","link":"https:\/\/talkpal.ai\/tr\/hakkinda\/","title":{"rendered":"Hakk\u0131nda"},"content":{"rendered":"\n<p id=\"h-\"><a href=\"https:\/\/talkpal.ai\/ko\/ai-%ec%96%b8%ec%96%b4-%ea%b5%90%ec%82%ac\/\">Talkpal<\/a>, Inc. herhangi bir dili konu\u015fmay\u0131 herkes i\u00e7in her yerde eri\u015filebilir hale getirmeyi ama\u00e7layan <a href=\"https:\/\/talkpal.ai\/tr\/yapay-zeka-ile-dil-ogrenmek-hic-bu-kadar-kolay-olmamisti\/\">yapay zeka<\/a> destekli bir <a href=\"https:\/\/talkpal.ai\/tr\/talkpal-chat-ile-dil-nasil-ogrenilir\/\">dil \u00f6\u011frenme<\/a> \u015firketidir. Talkpal, d\u00fcnyan\u0131n en geli\u015fmi\u015f <a href=\"https:\/\/talkpal.ai\/tr\/yapay-zeka-ile-dil-ogrenmenin-en-etkili-yollari\/\">yapay zeka dil<\/a> e\u011fitmeni platformlar\u0131ndan birini geli\u015ftirerek milyonlarca \u00f6\u011frencinin ger\u00e7ek konu\u015fmalar\u0131 g\u00fcvenle uygulamas\u0131na yard\u0131mc\u0131 oluyor.<\/p>\n\n<p>2023 y\u0131l\u0131nda kurulan Talkpal, basit <a href=\"https:\/\/talkpal.ai\/locations\/language-courses-in-ama\/\">ama<\/a> g\u00fc\u00e7l\u00fc bir inan\u00e7 \u00fczerine in\u015fa edilmi\u015ftir: dil \u00f6\u011frenmek bir ayr\u0131cal\u0131k olmamal\u0131 ve herkes i\u00e7in eri\u015filebilir olmal\u0131d\u0131r. Talkpal, son teknoloji yapay zekay\u0131 dil uzmanl\u0131\u011f\u0131 ve ara\u015ft\u0131rmalar\u0131yla birle\u015ftirerek maliyet, zaman ve konu\u015fma korkusu gibi <a href=\"https:\/\/talkpal.ai\/will-ai-kill-traditional-language-learning\/\">geleneksel<\/a> engelleri ortadan kald\u0131r\u0131yor ve bunlar\u0131n yerine 7\/24 \u00e7oklu platformda kullan\u0131labilen ki\u015fiselle\u015ftirilmi\u015f, bask\u0131s\u0131z pratikler sunuyor.<\/p>\n\n<p>Bug\u00fcn Talkpal 80&#8217;den fazla dili destekliyor, 180&#8217;den fazla \u00fclkede milyonlarca \u00f6\u011frenciye hizmet veriyor ve Web, <a href=\"https:\/\/talkpal.ai\/es\/descargar-la-aplicacion-talkpal-para-android-e-ios\/\">iOS<\/a> ve Android&#8217;de kullan\u0131labiliyor.<\/p>\n\n<h2 class=\"wp-block-heading\" id=\"h-our-mission\">Misyonumuz<\/h2>\n\n<p>Misyonumuz, ilgi \u00e7ekici, etkile\u015fimli ve ki\u015fiselle\u015ftirilmi\u015f yapay zeka destekli bir dil e\u011fitimi deneyimi sunarak dil \u00f6\u011freniminde devrim yaratmakt\u0131r.<br\/><br\/>Dil engellerini y\u0131kmaya, k\u00fcresel ba\u011flant\u0131lar\u0131 geli\u015ftirmeye ve tutkulu \u00f6\u011frencilerden olu\u015fan bir topluluk geli\u015ftirmeye, se\u00e7tikleri dilde g\u00fcvenle ve ak\u0131c\u0131 bir \u015fekilde ileti\u015fim kurmalar\u0131n\u0131 sa\u011flamaya \u00e7al\u0131\u015f\u0131yoruz.<\/p>\n\n<h2 class=\"wp-block-heading\" id=\"h-our-vision\">Vizyonumuz<\/h2>\n\n<p>Vizyonumuz, s\u00fcr\u00fckleyici, ba\u011flam odakl\u0131 konu\u015fmalar ve uyarlanabilir \u00f6\u011frenme teknolojisi arac\u0131l\u0131\u011f\u0131yla insanlar\u0131n dil \u00f6\u011frenme bi\u00e7imlerini d\u00f6n\u00fc\u015ft\u00fcrerek d\u00fcnyan\u0131n \u00f6nde gelen yapay zeka dil e\u011fitmeni olmakt\u0131r.<br\/><br\/>Dil \u00f6\u011frenimi sevgisine ilham vermeyi ve beslemeyi, k\u00fclt\u00fcrel al\u0131\u015fveri\u015fi te\u015fvik etmeyi ve s\u0131n\u0131rlar aras\u0131ndaki ileti\u015fim bo\u015flu\u011funu kapatmay\u0131 ve nihayetinde daha ba\u011flant\u0131l\u0131 ve anlay\u0131\u015fl\u0131 bir d\u00fcnyay\u0131 \u015fekillendirmeyi ama\u00e7l\u0131yoruz.<\/p>\n\n<h2 class=\"wp-block-heading\" id=\"h-our-story\">Hikayemiz<\/h2>\n\n<p>Talkpal, David Gegechkori (soldaki resim) ve Dimitri Dekanozishvili (sa\u011fdaki resim) taraf\u0131ndan, \u00f6\u011frencileri ger\u00e7ek d\u00fcnyada konu\u015fmaya haz\u0131rlamakta genellikle ba\u015far\u0131s\u0131z olan geleneksel dil \u00f6\u011frenme y\u00f6ntemleriyle ilgili ortak bir hayal k\u0131r\u0131kl\u0131\u011f\u0131 ile kuruldu.<\/p>\n\n<div class=\"wp-block-columns is-layout-flex wp-container-core-columns-is-layout-9d6595d7 wp-block-columns-is-layout-flex\">\n<div class=\"wp-block-column is-layout-flow wp-block-column-is-layout-flow\" style=\"flex-basis:50%\"><div class=\"wp-block-image\">\n<figure class=\"alignleft size-large\"><img decoding=\"async\" width=\"1024\" height=\"683\" src=\"https:\/\/talkpal.ai\/wp-content\/uploads\/2025\/12\/Talkpal-Entrepreneur-1024x683.jpg\" alt=\"\" class=\"wp-image-1557444\" style=\"aspect-ratio:1.4992888417882142\" srcset=\"https:\/\/talkpal.ai\/wp-content\/uploads\/2025\/12\/Talkpal-Entrepreneur-1024x683.jpg 1024w, https:\/\/talkpal.ai\/wp-content\/uploads\/2025\/12\/Talkpal-Entrepreneur-300x200.jpg 300w, https:\/\/talkpal.ai\/wp-content\/uploads\/2025\/12\/Talkpal-Entrepreneur-768x512.jpg 768w, https:\/\/talkpal.ai\/wp-content\/uploads\/2025\/12\/Talkpal-Entrepreneur.jpg 1344w\" sizes=\"(max-width: 1024px) 100vw, 1024px\" \/><\/figure>\n<\/div><\/div>\n\n\n\n<div class=\"wp-block-column is-layout-flow wp-block-column-is-layout-flow\" style=\"flex-basis:50%\">\n<p>En ba\u015f\u0131ndan beri hedef a\u00e7\u0131kt\u0131: bir ders kitab\u0131ndan \u00e7ok destekleyici bir sohbet orta\u011f\u0131 gibi hissettiren bir yapay zeka dil arkada\u015f\u0131 olu\u015fturmak. &#8220;Talkpal&#8221; ad\u0131 bu felsefeyi yans\u0131t\u0131yor &#8211; \u00f6\u011frencileri yarg\u0131lama korkusu olmadan konu\u015fma prati\u011fi yapmaya te\u015fvik eden arkada\u015f canl\u0131s\u0131, her zaman eri\u015filebilir bir arkada\u015f.<\/p>\n\n\n\n<p>Web tabanl\u0131 bir \u00fcr\u00fcn olarak ba\u015flayan Talkpal, yapay zeka m\u00fchendisleri, dilbilimciler, e\u011fitimciler, pazarlamac\u0131lar ve \u00fcr\u00fcn tasar\u0131mc\u0131lar\u0131ndan olu\u015fan k\u00fcresel bir ekip kurarak h\u0131zla mobil platformlara yay\u0131ld\u0131. S\u00fcrekli yineleme, ara\u015ft\u0131rma ve kullan\u0131c\u0131 geri bildirimleri sayesinde Talkpal, d\u00fcnya \u00e7ap\u0131nda milyonlarca ki\u015finin g\u00fcvendi\u011fi kapsaml\u0131 bir yapay zeka dil \u00f6\u011frenme platformuna d\u00f6n\u00fc\u015ft\u00fc.<\/p>\n<\/div>\n<\/div>\n\n<h2 class=\"wp-block-heading\" id=\"h-what-we-do\">Ne Yap\u0131yoruz<\/h2>\n\n<p>Talkpal, ger\u00e7ek insan etkile\u015fimini sim\u00fcle etmek i\u00e7in tasarlanm\u0131\u015f yapay zeka destekli metin ve sesli \u00f6\u011frenme deneyimleri sa\u011flar. Platformumuz her \u00f6\u011frencinin seviyesine, hedeflerine ve \u00f6\u011frenme tarz\u0131na dinamik olarak uyum sa\u011flar.<\/p>\n\n<p>Temel yetenekler \u015funlar\u0131 i\u00e7erir:<\/p>\n\n<ul class=\"wp-block-list\">\n<li>Konu\u015fma prati\u011fi i\u00e7in do\u011fal yapay zeka konu\u015fmalar\u0131<\/li>\n\n\n\n<li>Telaffuz, dilbilgisi ve ak\u0131c\u0131l\u0131k hakk\u0131nda ger\u00e7ek zamanl\u0131 geri bildirim<\/li>\n\n\n\n<li>Yeni ba\u015flayanlardan ileri d\u00fczey \u00f6\u011frenenlere kadar destek<\/li>\n\n\n\n<li>\u0130ngilizce, \u0130spanyolca, Almanca, Frans\u0131zca, \u0130talyanca, Japonca, \u00c7ince, Korece, Arap\u00e7a, Hollandaca, Portekizce, \u0130sve\u00e7\u00e7e, \u0130branice, Yunanca, T\u00fcrk\u00e7e, Fince ve Afrikaans, Arnavut\u00e7a, Ermenice, Assamca, Azerice, Bask\u00e7a, Belarus\u00e7a, Bengalce, Bo\u015fnak\u00e7a, Bulgarca, Birmanca, Kantonca, Katalanca, H\u0131rvat\u00e7a, \u00c7ek\u00e7e, Danca, Estonca, Gali\u00e7yaca, G\u00fcrc\u00fcce, Gujarati, Hint\u00e7e dahil olmak \u00fczere 80&#8217;den fazla k\u00fcresel dilde dersler, Macarca, \u0130zlandaca, Endonezyaca, \u0130rlandaca, Cava dili, Kannada dili, Kazak\u00e7a, Khmerce, Lao dili, Letonca, Litvanca, Makedonca, Malayca, Malayalam dili, Maltaca, Maori dili, Marathi dili, Mo\u011folca, Nepal dili, Norve\u00e7\u00e7e, Odia dili, Pe\u015ftuca, Fars\u00e7a, Leh\u00e7e, Pencap\u00e7a, Rumence, Rus\u00e7a, S\u0131rp\u00e7a, Sinhala, Slovak\u00e7a, Slovence, Somalice, Svahili, Tagalog, Tamilce, Telugu, Tayca, Ukraynaca, Urduca, \u00d6zbek\u00e7e, Vietnamca, Galce, Zulu ve daha fazlas\u0131<\/li>\n\n\n\n<li>Esnek abonelik planlar\u0131na sahip bir freemium modeli<\/li>\n\n\n\n<li>\u00dcniversiteler, dil okullar\u0131, \u015firketler ve di\u011fer kurulu\u015flar i\u00e7in \u00f6zel kurumsal \u00e7\u00f6z\u00fcmler<\/li>\n<\/ul>\n\n<p>\u0130\u00e7eriklerimiz ve sistemlerimiz, hem pedagojik sa\u011flaml\u0131k hem de teknik m\u00fckemmellik sa\u011flamak i\u00e7in dil uzmanlar\u0131 ve yapay zeka ara\u015ft\u0131rmac\u0131lar\u0131 ile i\u015fbirli\u011fi i\u00e7inde geli\u015ftirilmi\u015ftir.<\/p>\n\n<h2 class=\"wp-block-heading\" id=\"h-research-backed-learning\">Ara\u015ft\u0131rma Destekli \u00d6\u011frenme<\/h2>\n\n<p>Talkpal&#8217;\u0131n etkinli\u011fi, \u00f6zellikle ESL ve EFL ba\u011flamlar\u0131nda bir\u00e7ok akademik \u00e7al\u0131\u015fmada incelenmi\u015ftir. Ara\u015ft\u0131rmalar, Talkpal gibi yapay zeka tabanl\u0131 konu\u015fma ara\u00e7lar\u0131n\u0131 kullanan \u00f6\u011frencilerin konu\u015fma ak\u0131c\u0131l\u0131\u011f\u0131, telaffuz, dil bilgisi ve \u00f6zg\u00fcvenlerinde istatistiksel olarak \u00f6nemli geli\u015fmeler oldu\u011funu g\u00f6stermi\u015ftir.<\/p>\n\n<p>Bu ara\u015ft\u0131rma odakl\u0131 yakla\u015f\u0131m, sadece yenilik\u00e7i teknoloji de\u011fil, \u00f6l\u00e7\u00fclebilir derecede etkili dil \u00f6\u011frenme deneyimleri olu\u015fturma taahh\u00fcd\u00fcm\u00fcz\u00fcn temelini olu\u015fturmaktad\u0131r.<\/p>\n\n<h2 class=\"wp-block-heading\" id=\"h-trusted-by-learners-worldwide\">D\u00fcnya \u00c7ap\u0131ndaki \u00d6\u011frenciler Taraf\u0131ndan G\u00fcvenilen<\/h2>\n\n<p>Talkpal, d\u00fcnya \u00e7ap\u0131nda milyonlarca kullan\u0131c\u0131 taraf\u0131ndan g\u00fcvenilmektedir ve uygulama ma\u011fazalar\u0131nda ve inceleme platformlar\u0131nda s\u00fcrekli olarak g\u00fc\u00e7l\u00fc puanlar almaktad\u0131r. \u00d6\u011frenciler s\u0131kl\u0131kla vurgulamaktad\u0131r:<\/p>\n\n<ul class=\"wp-block-list\">\n<li>Konu\u015fma prati\u011fi i\u00e7in bask\u0131s\u0131z ortam<\/li>\n\n\n\n<li>An\u0131nda, eyleme d\u00f6n\u00fc\u015ft\u00fcr\u00fclebilir geri bildirim<\/li>\n\n\n\n<li>Her zaman, her yerde \u00f6\u011frenme esnekli\u011fi<\/li>\n\n\n\n<li>Bir insan dil partnerine ihtiya\u00e7 duymadan pratik yapma yetene\u011fi<\/li>\n<\/ul>\n\n<h2 class=\"wp-block-heading\" id=\"h-our-commitment\">Taahh\u00fcd\u00fcm\u00fcz<\/h2>\n\n<p>Talkpal&#8217;da kendimizi \u015funlara adad\u0131k:<\/p>\n\n<ul class=\"wp-block-list\">\n<li><strong>\u0130novasyon &#8211;<\/strong> yapay zeka ve e\u011fitim teknolojisinde s\u00fcrekli ilerleme<\/li>\n\n\n\n<li><strong>Kalite &#8211;<\/strong> ara\u015ft\u0131rma destekli \u00f6\u011frenme deneyimleri<\/li>\n\n\n\n<li><strong>Eri\u015filebilirlik &#8211;<\/strong> herkes i\u00e7in uygun fiyatl\u0131, kapsay\u0131c\u0131 dil \u00f6\u011frenimi<\/li>\n\n\n\n<li><strong>K\u00fcresel etki &#8211;<\/strong> k\u00fclt\u00fcrler aras\u0131 ileti\u015fimi g\u00fc\u00e7lendirmek<\/li>\n<\/ul>\n\n<p>Dilin hayatlar\u0131 de\u011fi\u015ftirme g\u00fcc\u00fcne sahip oldu\u011funa inan\u0131yoruz &#8211; ve yapay zeka ile bu g\u00fc\u00e7 herkese ula\u015fabilir.<\/p>\n\n<p><\/p>\n","protected":false},"excerpt":{"rendered":"<p>Talkpal, Inc. herhangi bir dili konu\u015fmay\u0131 herkes i\u00e7in her yerde eri\u015filebilir hale getirmeyi ama\u00e7layan yapay zeka destekli bir dil \u00f6\u011frenme \u015firketidir. Talkpal, d\u00fcnyan\u0131n en geli\u015fmi\u015f yapay zeka dil e\u011fitmeni platformlar\u0131ndan birini geli\u015ftirerek milyonlarca \u00f6\u011frencinin ger\u00e7ek konu\u015fmalar\u0131 g\u00fcvenle uygulamas\u0131na yard\u0131mc\u0131 oluyor. 2023 y\u0131l\u0131nda kurulan Talkpal, basit ama g\u00fc\u00e7l\u00fc bir inan\u00e7 \u00fczerine in\u015fa edilmi\u015ftir: dil \u00f6\u011frenmek bir [&hellip;]<\/p>\n","protected":false},"author":1,"featured_media":197985,"parent":0,"menu_order":0,"comment_status":"closed","ping_status":"closed","template":"","meta":{"_acf_changed":false,"footnotes":""},"class_list":["post-166881","page","type-page","status-publish","has-post-thumbnail","hentry"],"acf":[],"yoast_head":"<!-- This site is optimized with the Yoast SEO Premium plugin v27.2 (Yoast SEO v27.2) - https:\/\/yoast.com\/product\/yoast-seo-premium-wordpress\/ -->\n<title>Hakk\u0131nda - Talkpal<\/title>\n<meta name=\"description\" content=\"Talkpal, dil \u00f6\u011freniminin herkes i\u00e7in eri\u015filebilir olmas\u0131 gerekti\u011fi inanc\u0131yla kurulmu\u015f, GPT destekli bir yapay zeka dil e\u011fitmenidir.\" \/>\n<meta name=\"robots\" content=\"index, follow, max-snippet:-1, max-image-preview:large, max-video-preview:-1\" \/>\n<link rel=\"canonical\" href=\"https:\/\/talkpal.ai\/tr\/hakkinda\/\" \/>\n<meta property=\"og:locale\" content=\"tr_TR\" \/>\n<meta property=\"og:type\" content=\"article\" \/>\n<meta property=\"og:title\" content=\"Hakk\u0131nda\" \/>\n<meta property=\"og:description\" content=\"Talkpal, Inc. herhangi bir dili konu\u015fmay\u0131 herkes i\u00e7in her yerde eri\u015filebilir hale getirmeyi ama\u00e7layan yapay zeka destekli bir dil \u00f6\u011frenme \u015firketidir.\" \/>\n<meta property=\"og:url\" content=\"https:\/\/talkpal.ai\/tr\/hakkinda\/\" \/>\n<meta property=\"og:site_name\" content=\"Talkpal\" \/>\n<meta property=\"article:publisher\" content=\"https:\/\/www.facebook.com\/profile.php?id=100090733639311\" \/>\n<meta property=\"article:modified_time\" content=\"2026-03-06T16:34:18+00:00\" \/>\n<meta property=\"og:image\" content=\"https:\/\/talkpal.ai\/wp-content\/uploads\/2024\/03\/Talkpal-Logo-Icon.png\" \/>\n\t<meta property=\"og:image:width\" content=\"5000\" \/>\n\t<meta property=\"og:image:height\" content=\"5000\" \/>\n\t<meta property=\"og:image:type\" content=\"image\/png\" \/>\n<meta name=\"twitter:card\" content=\"summary_large_image\" \/>\n<meta name=\"twitter:site\" content=\"@talkpalai\" \/>\n<meta name=\"twitter:label1\" content=\"Tahmini okuma s\u00fcresi\" \/>\n\t<meta name=\"twitter:data1\" content=\"5 dakika\" \/>\n<script type=\"application\/ld+json\" class=\"yoast-schema-graph\">{\"@context\":\"https:\/\/schema.org\",\"@graph\":[{\"@type\":\"WebPage\",\"@id\":\"https:\/\/talkpal.ai\/tr\/hakkinda\/\",\"url\":\"https:\/\/talkpal.ai\/tr\/hakkinda\/\",\"name\":\"Hakk\u0131nda - Talkpal\",\"isPartOf\":{\"@id\":\"https:\/\/talkpal.ai\/tr\/#website\"},\"primaryImageOfPage\":{\"@id\":\"https:\/\/talkpal.ai\/tr\/hakkinda\/#primaryimage\"},\"image\":{\"@id\":\"https:\/\/talkpal.ai\/tr\/hakkinda\/#primaryimage\"},\"thumbnailUrl\":\"https:\/\/talkpal.ai\/wp-content\/uploads\/2024\/03\/Talkpal-Logo-Icon.png\",\"datePublished\":\"2023-04-03T14:56:00+00:00\",\"dateModified\":\"2026-03-06T16:34:18+00:00\",\"description\":\"Talkpal, dil \u00f6\u011freniminin herkes i\u00e7in eri\u015filebilir olmas\u0131 gerekti\u011fi inanc\u0131yla kurulmu\u015f, GPT destekli bir yapay zeka dil e\u011fitmenidir.\",\"breadcrumb\":{\"@id\":\"https:\/\/talkpal.ai\/tr\/hakkinda\/#breadcrumb\"},\"inLanguage\":\"tr\",\"potentialAction\":[{\"@type\":\"ReadAction\",\"target\":[\"https:\/\/talkpal.ai\/tr\/hakkinda\/\"]}]},{\"@type\":\"ImageObject\",\"inLanguage\":\"tr\",\"@id\":\"https:\/\/talkpal.ai\/tr\/hakkinda\/#primaryimage\",\"url\":\"https:\/\/talkpal.ai\/wp-content\/uploads\/2024\/03\/Talkpal-Logo-Icon.png\",\"contentUrl\":\"https:\/\/talkpal.ai\/wp-content\/uploads\/2024\/03\/Talkpal-Logo-Icon.png\",\"width\":5000,\"height\":5000,\"caption\":\"Talkpal logosu\"},{\"@type\":\"BreadcrumbList\",\"@id\":\"https:\/\/talkpal.ai\/tr\/hakkinda\/#breadcrumb\",\"itemListElement\":[{\"@type\":\"ListItem\",\"position\":1,\"name\":\"Homepage\",\"item\":\"https:\/\/talkpal.ai\/tr\/\"},{\"@type\":\"ListItem\",\"position\":2,\"name\":\"Hakk\u0131nda\"}]},{\"@type\":\"WebSite\",\"@id\":\"https:\/\/talkpal.ai\/tr\/#website\",\"url\":\"https:\/\/talkpal.ai\/tr\/\",\"name\":\"Talkpal\",\"description\":\"AI Language Learning\",\"publisher\":{\"@id\":\"https:\/\/talkpal.ai\/tr\/#organization\"},\"alternateName\":\"Talkpal AI\",\"potentialAction\":[{\"@type\":\"SearchAction\",\"target\":{\"@type\":\"EntryPoint\",\"urlTemplate\":\"https:\/\/talkpal.ai\/tr\/?s={search_term_string}\"},\"query-input\":{\"@type\":\"PropertyValueSpecification\",\"valueRequired\":true,\"valueName\":\"search_term_string\"}}],\"inLanguage\":\"tr\"},{\"@type\":\"Organization\",\"@id\":\"https:\/\/talkpal.ai\/tr\/#organization\",\"name\":\"Talkpal, Inc.\",\"alternateName\":\"Talkpal AI\",\"url\":\"https:\/\/talkpal.ai\/tr\/\",\"logo\":{\"@type\":\"ImageObject\",\"inLanguage\":\"tr\",\"@id\":\"https:\/\/talkpal.ai\/tr\/#\/schema\/logo\/image\/\",\"url\":\"https:\/\/talkpal.ai\/wp-content\/uploads\/2024\/03\/Talkpal-Logo-Icon.png\",\"contentUrl\":\"https:\/\/talkpal.ai\/wp-content\/uploads\/2024\/03\/Talkpal-Logo-Icon.png\",\"width\":2880,\"height\":2880,\"caption\":\"Talkpal, Inc.\"},\"image\":{\"@id\":\"https:\/\/talkpal.ai\/tr\/#\/schema\/logo\/image\/\"},\"sameAs\":[\"https:\/\/www.facebook.com\/profile.php?id=100090733639311\",\"https:\/\/x.com\/talkpalai\",\"https:\/\/www.linkedin.com\/company\/talkpal\/\",\"https:\/\/www.youtube.com\/@TalkPal\/\",\"https:\/\/www.tiktok.com\/@talkpal\",\"https:\/\/www.instagram.com\/talkpal_ai\/\",\"https:\/\/www.crunchbase.com\/organization\/talkpal-9cde\",\"https:\/\/www.g2.com\/products\/talkpal-for-business\/\",\"https:\/\/www.trustpilot.com\/review\/talkpal.ai\",\"https:\/\/www.capterra.com\/p\/10006800\/TalkPal\/\"],\"description\":\"Talkpal is a language learning web and mobile education app, powered by the latest AI technologies, that provides engaging experiences to its customers in many different languages to help them improve their language skills. Users can chat about unlimited amount of topics with the app and use other modes to practice their language learning.\",\"email\":\"support@talkpal.ai\",\"legalName\":\"Talkpal, Inc.\",\"foundingDate\":\"2023-04-03\",\"duns\":\"118989042\",\"numberOfEmployees\":{\"@type\":\"QuantitativeValue\",\"minValue\":\"11\",\"maxValue\":\"50\"},\"publishingPrinciples\":\"https:\/\/talkpal.ai\/publishing-principles\/\",\"actionableFeedbackPolicy\":\"https:\/\/talkpal.ai\/actionable-feedback-policy\/\",\"correctionsPolicy\":\"https:\/\/talkpal.ai\/corrections-policy\/\",\"ethicsPolicy\":\"https:\/\/talkpal.ai\/ethics-policy\/\",\"diversityPolicy\":\"https:\/\/talkpal.ai\/diversity-policy\/\",\"diversityStaffingReport\":\"https:\/\/talkpal.ai\/diversity-policy\/\"}]}<\/script>\n<!-- \/ Yoast SEO Premium plugin. -->","yoast_head_json":{"title":"Hakk\u0131nda - Talkpal","description":"Talkpal, dil \u00f6\u011freniminin herkes i\u00e7in eri\u015filebilir olmas\u0131 gerekti\u011fi inanc\u0131yla kurulmu\u015f, GPT destekli bir yapay zeka dil e\u011fitmenidir.","robots":{"index":"index","follow":"follow","max-snippet":"max-snippet:-1","max-image-preview":"max-image-preview:large","max-video-preview":"max-video-preview:-1"},"canonical":"https:\/\/talkpal.ai\/tr\/hakkinda\/","og_locale":"tr_TR","og_type":"article","og_title":"Hakk\u0131nda","og_description":"Talkpal, Inc. herhangi bir dili konu\u015fmay\u0131 herkes i\u00e7in her yerde eri\u015filebilir hale getirmeyi ama\u00e7layan yapay zeka destekli bir dil \u00f6\u011frenme \u015firketidir.","og_url":"https:\/\/talkpal.ai\/tr\/hakkinda\/","og_site_name":"Talkpal","article_publisher":"https:\/\/www.facebook.com\/profile.php?id=100090733639311","article_modified_time":"2026-03-06T16:34:18+00:00","og_image":[{"width":5000,"height":5000,"url":"https:\/\/talkpal.ai\/wp-content\/uploads\/2024\/03\/Talkpal-Logo-Icon.png","type":"image\/png"}],"twitter_card":"summary_large_image","twitter_site":"@talkpalai","twitter_misc":{"Tahmini okuma s\u00fcresi":"5 dakika"},"schema":{"@context":"https:\/\/schema.org","@graph":[{"@type":"WebPage","@id":"https:\/\/talkpal.ai\/tr\/hakkinda\/","url":"https:\/\/talkpal.ai\/tr\/hakkinda\/","name":"Hakk\u0131nda - Talkpal","isPartOf":{"@id":"https:\/\/talkpal.ai\/tr\/#website"},"primaryImageOfPage":{"@id":"https:\/\/talkpal.ai\/tr\/hakkinda\/#primaryimage"},"image":{"@id":"https:\/\/talkpal.ai\/tr\/hakkinda\/#primaryimage"},"thumbnailUrl":"https:\/\/talkpal.ai\/wp-content\/uploads\/2024\/03\/Talkpal-Logo-Icon.png","datePublished":"2023-04-03T14:56:00+00:00","dateModified":"2026-03-06T16:34:18+00:00","description":"Talkpal, dil \u00f6\u011freniminin herkes i\u00e7in eri\u015filebilir olmas\u0131 gerekti\u011fi inanc\u0131yla kurulmu\u015f, GPT destekli bir yapay zeka dil e\u011fitmenidir.","breadcrumb":{"@id":"https:\/\/talkpal.ai\/tr\/hakkinda\/#breadcrumb"},"inLanguage":"tr","potentialAction":[{"@type":"ReadAction","target":["https:\/\/talkpal.ai\/tr\/hakkinda\/"]}]},{"@type":"ImageObject","inLanguage":"tr","@id":"https:\/\/talkpal.ai\/tr\/hakkinda\/#primaryimage","url":"https:\/\/talkpal.ai\/wp-content\/uploads\/2024\/03\/Talkpal-Logo-Icon.png","contentUrl":"https:\/\/talkpal.ai\/wp-content\/uploads\/2024\/03\/Talkpal-Logo-Icon.png","width":5000,"height":5000,"caption":"Talkpal logosu"},{"@type":"BreadcrumbList","@id":"https:\/\/talkpal.ai\/tr\/hakkinda\/#breadcrumb","itemListElement":[{"@type":"ListItem","position":1,"name":"Homepage","item":"https:\/\/talkpal.ai\/tr\/"},{"@type":"ListItem","position":2,"name":"Hakk\u0131nda"}]},{"@type":"WebSite","@id":"https:\/\/talkpal.ai\/tr\/#website","url":"https:\/\/talkpal.ai\/tr\/","name":"Talkpal","description":"AI Language Learning","publisher":{"@id":"https:\/\/talkpal.ai\/tr\/#organization"},"alternateName":"Talkpal AI","potentialAction":[{"@type":"SearchAction","target":{"@type":"EntryPoint","urlTemplate":"https:\/\/talkpal.ai\/tr\/?s={search_term_string}"},"query-input":{"@type":"PropertyValueSpecification","valueRequired":true,"valueName":"search_term_string"}}],"inLanguage":"tr"},{"@type":"Organization","@id":"https:\/\/talkpal.ai\/tr\/#organization","name":"Talkpal, Inc.","alternateName":"Talkpal AI","url":"https:\/\/talkpal.ai\/tr\/","logo":{"@type":"ImageObject","inLanguage":"tr","@id":"https:\/\/talkpal.ai\/tr\/#\/schema\/logo\/image\/","url":"https:\/\/talkpal.ai\/wp-content\/uploads\/2024\/03\/Talkpal-Logo-Icon.png","contentUrl":"https:\/\/talkpal.ai\/wp-content\/uploads\/2024\/03\/Talkpal-Logo-Icon.png","width":2880,"height":2880,"caption":"Talkpal, Inc."},"image":{"@id":"https:\/\/talkpal.ai\/tr\/#\/schema\/logo\/image\/"},"sameAs":["https:\/\/www.facebook.com\/profile.php?id=100090733639311","https:\/\/x.com\/talkpalai","https:\/\/www.linkedin.com\/company\/talkpal\/","https:\/\/www.youtube.com\/@TalkPal\/","https:\/\/www.tiktok.com\/@talkpal","https:\/\/www.instagram.com\/talkpal_ai\/","https:\/\/www.crunchbase.com\/organization\/talkpal-9cde","https:\/\/www.g2.com\/products\/talkpal-for-business\/","https:\/\/www.trustpilot.com\/review\/talkpal.ai","https:\/\/www.capterra.com\/p\/10006800\/TalkPal\/"],"description":"Talkpal is a language learning web and mobile education app, powered by the latest AI technologies, that provides engaging experiences to its customers in many different languages to help them improve their language skills. Users can chat about unlimited amount of topics with the app and use other modes to practice their language learning.","email":"support@talkpal.ai","legalName":"Talkpal, Inc.","foundingDate":"2023-04-03","duns":"118989042","numberOfEmployees":{"@type":"QuantitativeValue","minValue":"11","maxValue":"50"},"publishingPrinciples":"https:\/\/talkpal.ai\/publishing-principles\/","actionableFeedbackPolicy":"https:\/\/talkpal.ai\/actionable-feedback-policy\/","correctionsPolicy":"https:\/\/talkpal.ai\/corrections-policy\/","ethicsPolicy":"https:\/\/talkpal.ai\/ethics-policy\/","diversityPolicy":"https:\/\/talkpal.ai\/diversity-policy\/","diversityStaffingReport":"https:\/\/talkpal.ai\/diversity-policy\/"}]}},"_links":{"self":[{"href":"https:\/\/talkpal.ai\/tr\/wp-json\/wp\/v2\/pages\/166881","targetHints":{"allow":["GET"]}}],"collection":[{"href":"https:\/\/talkpal.ai\/tr\/wp-json\/wp\/v2\/pages"}],"about":[{"href":"https:\/\/talkpal.ai\/tr\/wp-json\/wp\/v2\/types\/page"}],"author":[{"embeddable":true,"href":"https:\/\/talkpal.ai\/tr\/wp-json\/wp\/v2\/users\/1"}],"replies":[{"embeddable":true,"href":"https:\/\/talkpal.ai\/tr\/wp-json\/wp\/v2\/comments?post=166881"}],"version-history":[{"count":0,"href":"https:\/\/talkpal.ai\/tr\/wp-json\/wp\/v2\/pages\/166881\/revisions"}],"wp:featuredmedia":[{"embeddable":true,"href":"https:\/\/talkpal.ai\/tr\/wp-json\/wp\/v2\/media\/197985"}],"wp:attachment":[{"href":"https:\/\/talkpal.ai\/tr\/wp-json\/wp\/v2\/media?parent=166881"}],"curies":[{"name":"wp","href":"https:\/\/api.w.org\/{rel}","templated":true}]}}