{"id":166500,"date":"2023-06-16T10:58:35","date_gmt":"2023-06-16T10:58:35","guid":{"rendered":"http:\/\/talkpal.ai\/rusca-gramer-alistirmalari\/"},"modified":"2025-12-17T16:23:06","modified_gmt":"2025-12-17T16:23:06","slug":"rusca-gramer-alistirmalari","status":"publish","type":"page","link":"https:\/\/talkpal.ai\/tr\/rusca-gramer-alistirmalari\/","title":{"rendered":"Rus\u00e7a Gramer Al\u0131\u015ft\u0131rmalar\u0131"},"content":{"rendered":"\r\n\r\n\r\n<section class=\"languageChallengeSection\">\r\n    <div class=\"languageInfoWrapper\">\r\n        \r\n        <h1>Rus\u00e7a Gramer Al\u0131\u015ft\u0131rmalar\u0131<\/h1>\r\n        <p><a href=\"https:\/\/talkpal.ai\/learn-russian\/\">Rus\u00e7a<\/a> becerilerinizi g\u00fc\u00e7lendirmeye haz\u0131r m\u0131s\u0131n\u0131z? Dilbilgisi al\u0131\u015ft\u0131rmalar\u0131 yapmak, c\u00fcmle yap\u0131s\u0131, fiil \u00e7ekimleri ve <a href=\"https:\/\/talkpal.ai\/learn-russian\/\">Rus<\/a> dilinin kendine \u00f6zg\u00fc kurallar\u0131na hakim olman\u0131n en iyi yollar\u0131ndan biridir. Rus\u00e7a dilbilgisini ke\u015ffetmeye bug\u00fcn ba\u015flay\u0131n ve her al\u0131\u015ft\u0131rmada anlay\u0131\u015f\u0131n\u0131z\u0131n ve ak\u0131c\u0131l\u0131\u011f\u0131n\u0131z\u0131n artmas\u0131n\u0131 izleyin!<\/p>\r\n\r\n                            <a class=\"getStartedHidden\" href=\"https:\/\/app.talkpal.ai\/tr\/signup?lng=\">Hadi ba\u015fla<\/a>\r\n        \r\n    <\/div>\r\n\r\n    <figure>\r\n    <img decoding=\"async\" width=\"768\" height=\"768\" src=\"https:\/\/talkpal.ai\/wp-content\/uploads\/2023\/06\/russian-768x768.png\" class=\"languageImage no-lazy\" alt=\"Language learning for multicultural understanding\" fetchpriority=\"high\" sizes=\"(max-width: 768px) 150px, 768px\" srcset=\"https:\/\/talkpal.ai\/wp-content\/uploads\/2023\/06\/russian-768x768.png 768w, https:\/\/talkpal.ai\/wp-content\/uploads\/2023\/06\/russian-300x300.png 300w\" \/>\r\n    \r\n\r\n    <\/figure>\r\n\r\n            <a class=\"getStartedVisible\" href=\"https:\/\/app.talkpal.ai\/tr\/signup?lng=\">Hadi ba\u015fla<\/a>\r\n    \r\n<\/section>\r\n\r\n\r\n<!-- <section class=\"grammarSection\">\r\n    <div class=\"grammarLinks\">\r\n            <\/div>\r\n<\/section> -->\r\n\r\n\r\n\r\n\r\n<section class=\"promotionalBanner\">\r\n    <p class=\"promotionalText\">Dil \u00f6\u011frenmenin en etkili yolu<\/p>\r\n    <a class=\"promotionalLink\" href=\"https:\/\/app.talkpal.ai\/tr\/signup?lng=\">Talkpal \u00fccretsiz deneyin<\/a>\r\n<\/section>\n<div class=\"wp-block-group pageContainerStyle\"><div class=\"wp-block-group__inner-container is-layout-constrained wp-block-group-is-layout-constrained\">\n<h2 class=\"wp-block-heading\" id=\"h-russian-grammar-topics\">Rus\u00e7a Dilbilgisi Konular\u0131<\/h2>\n\n\n\n<p>Rus\u00e7a \u00f6\u011frenmek inan\u0131lmaz derecede \u00f6d\u00fcllendirici ve entelekt\u00fcel olarak te\u015fvik edici bir deneyim olabilir. Rus dili sadece kelime da\u011farc\u0131\u011f\u0131 ve ifade g\u00fcc\u00fc a\u00e7\u0131s\u0131ndan zengin olmakla kalmaz, ayn\u0131 zamanda Rusya ve eski Sovyetler Birli\u011fi&#8217;nin b\u00fcy\u00fcleyici k\u00fclt\u00fcr\u00fcne, tarihine ve edebiyat\u0131na da bir pencere a\u00e7ar. Rus\u00e7a \u00f6\u011frenme yolculu\u011funuza \u00e7\u0131karken, dil becerilerinizin temelini olu\u015fturacak \u00e7e\u015fitli gramer konular\u0131na a\u015fina olman\u0131z \u00f6nemlidir. Bu k\u0131lavuzda, zamanlar, fiiller, isimler, artikeller, zamirler, s\u0131fatlar, zarflar, edatlar ve c\u00fcmle yap\u0131s\u0131 dahil olmak \u00fczere temel <a href=\"https:\/\/talkpal.ai\/russian-grammar\/\">Rus\u00e7a dilbilgisi<\/a> konular\u0131na genel bir bak\u0131\u015f sunaca\u011f\u0131z. Bu temel konularda ustala\u015ft\u0131\u011f\u0131n\u0131zda, Rus\u00e7a&#8217;da ak\u0131c\u0131l\u0131k kazanma yolunda ilerlemi\u015f olacaks\u0131n\u0131z.<\/p>\n\n\n\n<h3 class=\"wp-block-heading\" id=\"h-1-nouns\">1. \u0130simler:<\/h3>\n\n\n\n<p>Dilin temel yap\u0131 ta\u015flar\u0131 olduklar\u0131 i\u00e7in Rus\u00e7a isimleri \u00f6\u011frenerek ba\u015flay\u0131n. Rus\u00e7a isimlerin \u00fc\u00e7 cinsiyeti (eril, di\u015fil ve n\u00f6tr) ve alt\u0131 durumu (nominatif, genitive, dative, accusative, instrumental ve prepotal) vard\u0131r. Cinsiyet ve durum sistemini anlamak, isimlerin c\u00fcmlelerde do\u011fru kullan\u0131m\u0131 i\u00e7in \u00e7ok \u00f6nemlidir.<\/p>\n\n\n\n<h3 class=\"wp-block-heading\" id=\"h-2-pronouns\">2. Zamirler:<\/h3>\n\n\n\n<p>\u0130simlere a\u015fina olduktan sonra, tekrar\u0131 \u00f6nlemek i\u00e7in c\u00fcmlelerde isimlerin yerini alan zamirlere ge\u00e7in. Zamirlerin de cinsiyetleri ve durumlar\u0131 vard\u0131r ve bunlar\u0131n bi\u00e7imlerini ve kullan\u0131mlar\u0131n\u0131 \u00f6\u011frenmek \u00f6nemlidir.<\/p>\n\n\n\n<h3 class=\"wp-block-heading\" id=\"h-3-adjectives\">3. S\u0131fatlar:<\/h3>\n\n\n\n<p>S\u0131fatlar isimleri ve zamirleri tan\u0131mlar veya de\u011fi\u015ftirir. Cinsiyet, say\u0131 ve durum olarak de\u011fi\u015ftirdikleri isimlerle hemfikirdirler. Do\u011fru kullanmak i\u00e7in s\u0131fatlar\u0131n farkl\u0131 bi\u00e7imlerini ve sonlar\u0131n\u0131 \u00f6\u011frenin.<\/p>\n\n\n\n<h3 class=\"wp-block-heading\" id=\"h-4-verbs\">4. Fiiller:<\/h3>\n\n\n\n<p>Fiiller, eylemleri, durumlar\u0131 veya olu\u015fumlar\u0131 ifade ettikleri i\u00e7in herhangi bir c\u00fcmlenin bel kemi\u011fidir. Rus\u00e7a&#8217;da fiillerin iki y\u00f6n\u00fc vard\u0131r (m\u00fckemmel ve kusurlu) ve ki\u015fiye, say\u0131ya ve zamana g\u00f6re \u00e7ekimlenir. Do\u011fru fiil formlar\u0131 olu\u015fturmak i\u00e7in \u00e7ekim kal\u0131plar\u0131 ve y\u00f6nleri hakk\u0131nda bilgi edinin.<\/p>\n\n\n\n<h3 class=\"wp-block-heading\" id=\"h-5-tenses-indicative\">5. Zaman G\u00f6stergesi:<\/h3>\n\n\n\n<p>Rus\u00e7a&#8217;n\u0131n \u00fc\u00e7 g\u00f6sterge zaman\u0131 vard\u0131r: ge\u00e7mi\u015f, \u015fimdi ve gelecek. Farkl\u0131 zaman dilimlerinde eylemleri ve olaylar\u0131 ifade etmek i\u00e7in bu zamanlar\u0131 nas\u0131l olu\u015fturaca\u011f\u0131n\u0131z\u0131 ve kullanaca\u011f\u0131n\u0131z\u0131 \u00f6\u011frenin.<\/p>\n\n\n\n<h3 class=\"wp-block-heading\" id=\"h-6-tenses-subjunctive\">6. Zamanlar S\u00fcbjektif:<\/h3>\n\n\n\n<p>S\u00fcbjektif ruh hali, varsay\u0131msal durumlar\u0131, istekleri veya ger\u00e7ek d\u0131\u015f\u0131 ko\u015fullar\u0131 ifade eder. Rus\u00e7a&#8217;da dilek kelimesinin nas\u0131l olu\u015fturulaca\u011f\u0131n\u0131 ve c\u00fcmle i\u00e7inde ne zaman kullan\u0131laca\u011f\u0131n\u0131 \u00f6\u011frenin.<\/p>\n\n\n\n<h3 class=\"wp-block-heading\" id=\"h-7-tense-comparison\">7. Gergin Kar\u015f\u0131la\u015ft\u0131rma:<\/h3>\n\n\n\n<p>Eylemlerin farkl\u0131 zamanlarda nas\u0131l kar\u015f\u0131la\u015ft\u0131r\u0131laca\u011f\u0131n\u0131 ve kar\u015f\u0131la\u015ft\u0131r\u0131laca\u011f\u0131n\u0131 anlamak, net ileti\u015fim i\u00e7in \u00e7ok \u00f6nemlidir. Karma\u015f\u0131k d\u00fc\u015f\u00fcnceleri ve fikirleri ifade etmek i\u00e7in \u00e7e\u015fitli zamanlar\u0131 birlikte kullanma al\u0131\u015ft\u0131rmas\u0131 yap\u0131n.<\/p>\n\n\n\n<h3 class=\"wp-block-heading\" id=\"h-8-adverbs\">8. Zarflar:<\/h3>\n\n\n\n<p>Zarflar fiilleri, s\u0131fatlar\u0131 veya di\u011fer zarflar\u0131 de\u011fi\u015ftirerek bir eylemin nas\u0131l, ne zaman, nerede veya ne \u00f6l\u00e7\u00fcde ger\u00e7ekle\u015fti\u011fi hakk\u0131nda bilgi sa\u011flar. C\u00fcmlelerinizi geli\u015ftirmek i\u00e7in yayg\u0131n Rus\u00e7a zarflar\u0131 ve kullan\u0131mlar\u0131n\u0131 \u00f6\u011frenin.<\/p>\n\n\n\n<h3 class=\"wp-block-heading\" id=\"h-9-prepositions\">9. Edatlar:<\/h3>\n\n\n\n<p>Edatlar, isimleri, zamirleri veya c\u00fcmleleri bir c\u00fcmle i\u00e7indeki di\u011fer kelimelere ba\u011flayarak konum, y\u00f6n, zaman veya ama\u00e7 gibi ili\u015fkileri belirtir. Dilbilgisi a\u00e7\u0131s\u0131ndan do\u011fru c\u00fcmleler olu\u015fturmak i\u00e7in Rus\u00e7a edatlar ve bunlara kar\u015f\u0131l\u0131k gelen durumlar hakk\u0131nda bilgi edinin.<\/p>\n\n\n\n<h3 class=\"wp-block-heading\" id=\"h-10-sentence-structure\">10. C\u00fcmle Yap\u0131s\u0131:<\/h3>\n\n\n\n<p>Son olarak, kelime s\u0131ras\u0131, olumsuzlama ve soru olu\u015fturma dahil olmak \u00fczere Rus\u00e7a c\u00fcmle yap\u0131s\u0131n\u0131n temellerini \u00f6\u011frenin. C\u00fcmleleri do\u011fru bir \u015fekilde nas\u0131l kuraca\u011f\u0131n\u0131z\u0131 anlamak, s\u00f6zl\u00fc ve yaz\u0131l\u0131 Rus\u00e7an\u0131z\u0131n a\u00e7\u0131k ve anla\u015f\u0131l\u0131r olmas\u0131n\u0131 sa\u011flayacakt\u0131r.<\/p>\n\n\n\n<p>Bu s\u0131ray\u0131 takip ederek ve her gramer konusuna zaman ay\u0131rarak, Rus\u00e7a&#8217;da g\u00fc\u00e7l\u00fc bir temel geli\u015ftirecek, etkili bir \u015fekilde ileti\u015fim kurman\u0131za ve dilin g\u00fczelli\u011fini ve derinli\u011fini takdir etmenize olanak tan\u0131yacaks\u0131n\u0131z.<\/p>\n<\/div><\/div>\n\r\n<section class=\"learnNavigationSection\">\r\n            \r\n        <a href=\"https:\/\/talkpal.ai\/tr\/rusca-ogren\/\">\r\n            <div class=\"learnNavigationWrapper\">\r\n                <div class=\"learnNavigationContent\">\r\n                    <img decoding=\"async\" src=\"https:\/\/talkpal.ai\/wp-content\/uploads\/2024\/08\/Russian.jpg\" alt=\"Russian Flag\">\r\n                    <div>\r\n                        <h4>Rus\u00e7a \u00d6\u011frenimi Hakk\u0131nda<\/h4>\r\n                        <p>Rus\u00e7a dilbilgisi hakk\u0131nda her \u015feyi \u00f6\u011frenin .<\/p>\r\n                    <\/div>\r\n                <\/div>\r\n            <\/div>\r\n        <\/a>\r\n\r\n        \r\n        <a href=\"https:\/\/talkpal.ai\/tr\/rusca-dilbilgisi\/\">\r\n            <div class=\"learnNavigationWrapper\">\r\n                <div class=\"learnNavigationContent\">\r\n                    <img decoding=\"async\" src=\"https:\/\/talkpal.ai\/wp-content\/uploads\/2024\/08\/Russian.jpg\" alt=\"Russian Flag\">\r\n                    <div>\r\n                        <h4>Rus\u00e7a Dilbilgisi Dersleri<\/h4>\r\n                        <p>Rus\u00e7a dilbilgisi prati\u011fi yap\u0131n .<\/p>\r\n                    <\/div>\r\n                <\/div>\r\n            <\/div>\r\n        <\/a>\r\n\r\n        \r\n        <a href=\"https:\/\/talkpal.ai\/vocabulary_language\/russian\/\">\r\n            <div class=\"learnNavigationWrapper\">\r\n                <div class=\"learnNavigationContent\">\r\n                    <img decoding=\"async\" src=\"https:\/\/talkpal.ai\/wp-content\/uploads\/2024\/08\/Russian.jpg\" alt=\"Russian Flag\">\r\n                    <div>\r\n                        <h4>Rus\u00e7a Kelime Bilgisi<\/h4>\r\n                        <p>Rus\u00e7a kelime da\u011farc\u0131\u011f\u0131n\u0131z\u0131 geni\u015fletin.<\/p>\r\n                    <\/div>\r\n                <\/div>\r\n            <\/div>\r\n        <\/a>\r\n\r\n            <\/section>","protected":false},"excerpt":{"rendered":"<p>Rus\u00e7a Dilbilgisi Konular\u0131 Rus\u00e7a \u00f6\u011frenmek inan\u0131lmaz derecede \u00f6d\u00fcllendirici ve entelekt\u00fcel olarak te\u015fvik edici bir deneyim olabilir. Rus dili sadece kelime da\u011farc\u0131\u011f\u0131 ve ifade g\u00fcc\u00fc a\u00e7\u0131s\u0131ndan zengin olmakla kalmaz, ayn\u0131 zamanda Rusya ve eski Sovyetler Birli\u011fi&#8217;nin b\u00fcy\u00fcleyici k\u00fclt\u00fcr\u00fcne, tarihine ve edebiyat\u0131na da bir pencere a\u00e7ar. Rus\u00e7a \u00f6\u011frenme yolculu\u011funuza \u00e7\u0131karken, dil becerilerinizin temelini olu\u015fturacak \u00e7e\u015fitli gramer konular\u0131na [&hellip;]<\/p>\n","protected":false},"author":6,"featured_media":107975,"parent":0,"menu_order":0,"comment_status":"closed","ping_status":"closed","template":"LearningContentPage.php","meta":{"_acf_changed":false,"footnotes":""},"class_list":["post-166500","page","type-page","status-publish","has-post-thumbnail","hentry"],"acf":[],"yoast_head":"<!-- This site is optimized with the Yoast SEO Premium plugin v27.2 (Yoast SEO v27.2) - https:\/\/yoast.com\/product\/yoast-seo-premium-wordpress\/ -->\n<title>Rus\u00e7a Gramer Al\u0131\u015ft\u0131rmalar\u0131 - Talkpal<\/title>\n<meta name=\"description\" content=\"Dil becerilerinizi g\u00fc\u00e7lendirmek ve Rus\u00e7a&#039;da ak\u0131c\u0131l\u0131k kazanmak i\u00e7in temel Rus\u00e7a dilbilgisi al\u0131\u015ft\u0131rmalar\u0131n\u0131 ke\u015ffedin.\" \/>\n<meta name=\"robots\" content=\"index, follow, max-snippet:-1, max-image-preview:large, max-video-preview:-1\" \/>\n<link rel=\"canonical\" href=\"https:\/\/talkpal.ai\/tr\/rusca-gramer-alistirmalari\/\" \/>\n<meta property=\"og:locale\" content=\"tr_TR\" \/>\n<meta property=\"og:type\" content=\"article\" \/>\n<meta property=\"og:title\" content=\"Rus\u00e7a Gramer Al\u0131\u015ft\u0131rmalar\u0131\" \/>\n<meta property=\"og:description\" content=\"Rus\u00e7a Dilbilgisi Konular\u0131 Rus\u00e7a \u00f6\u011frenmek inan\u0131lmaz derecede \u00f6d\u00fcllendirici ve entelekt\u00fcel olarak te\u015fvik edici bir deneyim olabilir. Rus dili sadece kelime\" \/>\n<meta property=\"og:url\" content=\"https:\/\/talkpal.ai\/tr\/rusca-gramer-alistirmalari\/\" \/>\n<meta property=\"og:site_name\" content=\"Talkpal\" \/>\n<meta property=\"article:publisher\" content=\"https:\/\/www.facebook.com\/profile.php?id=100090733639311\" \/>\n<meta property=\"article:modified_time\" content=\"2025-12-17T16:23:06+00:00\" \/>\n<meta property=\"og:image\" content=\"https:\/\/talkpal.ai\/wp-content\/uploads\/2023\/04\/rusia.png\" \/>\n\t<meta property=\"og:image:width\" content=\"512\" \/>\n\t<meta property=\"og:image:height\" content=\"512\" \/>\n\t<meta property=\"og:image:type\" content=\"image\/png\" \/>\n<meta name=\"twitter:card\" content=\"summary_large_image\" \/>\n<meta name=\"twitter:site\" content=\"@talkpalai\" \/>\n<meta name=\"twitter:label1\" content=\"Tahmini okuma s\u00fcresi\" \/>\n\t<meta name=\"twitter:data1\" content=\"3 dakika\" \/>\n<script type=\"application\/ld+json\" class=\"yoast-schema-graph\">{\"@context\":\"https:\/\/schema.org\",\"@graph\":[{\"@type\":\"WebPage\",\"@id\":\"https:\/\/talkpal.ai\/tr\/rusca-gramer-alistirmalari\/\",\"url\":\"https:\/\/talkpal.ai\/tr\/rusca-gramer-alistirmalari\/\",\"name\":\"Rus\u00e7a Gramer Al\u0131\u015ft\u0131rmalar\u0131 - Talkpal\",\"isPartOf\":{\"@id\":\"https:\/\/talkpal.ai\/tr\/#website\"},\"primaryImageOfPage\":{\"@id\":\"https:\/\/talkpal.ai\/tr\/rusca-gramer-alistirmalari\/#primaryimage\"},\"image\":{\"@id\":\"https:\/\/talkpal.ai\/tr\/rusca-gramer-alistirmalari\/#primaryimage\"},\"thumbnailUrl\":\"https:\/\/talkpal.ai\/wp-content\/uploads\/2023\/04\/rusia.png\",\"datePublished\":\"2023-06-16T10:58:35+00:00\",\"dateModified\":\"2025-12-17T16:23:06+00:00\",\"description\":\"Dil becerilerinizi g\u00fc\u00e7lendirmek ve Rus\u00e7a'da ak\u0131c\u0131l\u0131k kazanmak i\u00e7in temel Rus\u00e7a dilbilgisi al\u0131\u015ft\u0131rmalar\u0131n\u0131 ke\u015ffedin.\",\"breadcrumb\":{\"@id\":\"https:\/\/talkpal.ai\/tr\/rusca-gramer-alistirmalari\/#breadcrumb\"},\"inLanguage\":\"tr\",\"potentialAction\":[{\"@type\":\"ReadAction\",\"target\":[\"https:\/\/talkpal.ai\/tr\/rusca-gramer-alistirmalari\/\"]}]},{\"@type\":\"ImageObject\",\"inLanguage\":\"tr\",\"@id\":\"https:\/\/talkpal.ai\/tr\/rusca-gramer-alistirmalari\/#primaryimage\",\"url\":\"https:\/\/talkpal.ai\/wp-content\/uploads\/2023\/04\/rusia.png\",\"contentUrl\":\"https:\/\/talkpal.ai\/wp-content\/uploads\/2023\/04\/rusia.png\",\"width\":512,\"height\":512},{\"@type\":\"BreadcrumbList\",\"@id\":\"https:\/\/talkpal.ai\/tr\/rusca-gramer-alistirmalari\/#breadcrumb\",\"itemListElement\":[{\"@type\":\"ListItem\",\"position\":1,\"name\":\"Homepage\",\"item\":\"https:\/\/talkpal.ai\/tr\/\"},{\"@type\":\"ListItem\",\"position\":2,\"name\":\"Rus\u00e7a Gramer Al\u0131\u015ft\u0131rmalar\u0131\"}]},{\"@type\":\"WebSite\",\"@id\":\"https:\/\/talkpal.ai\/tr\/#website\",\"url\":\"https:\/\/talkpal.ai\/tr\/\",\"name\":\"Talkpal\",\"description\":\"AI Language Learning\",\"publisher\":{\"@id\":\"https:\/\/talkpal.ai\/tr\/#organization\"},\"alternateName\":\"Talkpal AI\",\"potentialAction\":[{\"@type\":\"SearchAction\",\"target\":{\"@type\":\"EntryPoint\",\"urlTemplate\":\"https:\/\/talkpal.ai\/tr\/?s={search_term_string}\"},\"query-input\":{\"@type\":\"PropertyValueSpecification\",\"valueRequired\":true,\"valueName\":\"search_term_string\"}}],\"inLanguage\":\"tr\"},{\"@type\":\"Organization\",\"@id\":\"https:\/\/talkpal.ai\/tr\/#organization\",\"name\":\"Talkpal, Inc.\",\"alternateName\":\"Talkpal AI\",\"url\":\"https:\/\/talkpal.ai\/tr\/\",\"logo\":{\"@type\":\"ImageObject\",\"inLanguage\":\"tr\",\"@id\":\"https:\/\/talkpal.ai\/tr\/#\/schema\/logo\/image\/\",\"url\":\"https:\/\/talkpal.ai\/wp-content\/uploads\/2024\/03\/Talkpal-Logo-Icon.png\",\"contentUrl\":\"https:\/\/talkpal.ai\/wp-content\/uploads\/2024\/03\/Talkpal-Logo-Icon.png\",\"width\":2880,\"height\":2880,\"caption\":\"Talkpal, Inc.\"},\"image\":{\"@id\":\"https:\/\/talkpal.ai\/tr\/#\/schema\/logo\/image\/\"},\"sameAs\":[\"https:\/\/www.facebook.com\/profile.php?id=100090733639311\",\"https:\/\/x.com\/talkpalai\",\"https:\/\/www.linkedin.com\/company\/talkpal\/\",\"https:\/\/www.youtube.com\/@TalkPal\/\",\"https:\/\/www.tiktok.com\/@talkpal\",\"https:\/\/www.instagram.com\/talkpal_ai\/\",\"https:\/\/www.crunchbase.com\/organization\/talkpal-9cde\",\"https:\/\/www.g2.com\/products\/talkpal-for-business\/\",\"https:\/\/www.trustpilot.com\/review\/talkpal.ai\",\"https:\/\/www.capterra.com\/p\/10006800\/TalkPal\/\"],\"description\":\"Talkpal is a language learning web and mobile education app, powered by the latest AI technologies, that provides engaging experiences to its customers in many different languages to help them improve their language skills. Users can chat about unlimited amount of topics with the app and use other modes to practice their language learning.\",\"email\":\"support@talkpal.ai\",\"legalName\":\"Talkpal, Inc.\",\"foundingDate\":\"2023-04-03\",\"duns\":\"118989042\",\"numberOfEmployees\":{\"@type\":\"QuantitativeValue\",\"minValue\":\"11\",\"maxValue\":\"50\"},\"publishingPrinciples\":\"https:\/\/talkpal.ai\/publishing-principles\/\",\"actionableFeedbackPolicy\":\"https:\/\/talkpal.ai\/actionable-feedback-policy\/\",\"correctionsPolicy\":\"https:\/\/talkpal.ai\/corrections-policy\/\",\"ethicsPolicy\":\"https:\/\/talkpal.ai\/ethics-policy\/\",\"diversityPolicy\":\"https:\/\/talkpal.ai\/diversity-policy\/\",\"diversityStaffingReport\":\"https:\/\/talkpal.ai\/diversity-policy\/\"}]}<\/script>\n<!-- \/ Yoast SEO Premium plugin. -->","yoast_head_json":{"title":"Rus\u00e7a Gramer Al\u0131\u015ft\u0131rmalar\u0131 - Talkpal","description":"Dil becerilerinizi g\u00fc\u00e7lendirmek ve Rus\u00e7a'da ak\u0131c\u0131l\u0131k kazanmak i\u00e7in temel Rus\u00e7a dilbilgisi al\u0131\u015ft\u0131rmalar\u0131n\u0131 ke\u015ffedin.","robots":{"index":"index","follow":"follow","max-snippet":"max-snippet:-1","max-image-preview":"max-image-preview:large","max-video-preview":"max-video-preview:-1"},"canonical":"https:\/\/talkpal.ai\/tr\/rusca-gramer-alistirmalari\/","og_locale":"tr_TR","og_type":"article","og_title":"Rus\u00e7a Gramer Al\u0131\u015ft\u0131rmalar\u0131","og_description":"Rus\u00e7a Dilbilgisi Konular\u0131 Rus\u00e7a \u00f6\u011frenmek inan\u0131lmaz derecede \u00f6d\u00fcllendirici ve entelekt\u00fcel olarak te\u015fvik edici bir deneyim olabilir. Rus dili sadece kelime","og_url":"https:\/\/talkpal.ai\/tr\/rusca-gramer-alistirmalari\/","og_site_name":"Talkpal","article_publisher":"https:\/\/www.facebook.com\/profile.php?id=100090733639311","article_modified_time":"2025-12-17T16:23:06+00:00","og_image":[{"width":512,"height":512,"url":"https:\/\/talkpal.ai\/wp-content\/uploads\/2023\/04\/rusia.png","type":"image\/png"}],"twitter_card":"summary_large_image","twitter_site":"@talkpalai","twitter_misc":{"Tahmini okuma s\u00fcresi":"3 dakika"},"schema":{"@context":"https:\/\/schema.org","@graph":[{"@type":"WebPage","@id":"https:\/\/talkpal.ai\/tr\/rusca-gramer-alistirmalari\/","url":"https:\/\/talkpal.ai\/tr\/rusca-gramer-alistirmalari\/","name":"Rus\u00e7a Gramer Al\u0131\u015ft\u0131rmalar\u0131 - Talkpal","isPartOf":{"@id":"https:\/\/talkpal.ai\/tr\/#website"},"primaryImageOfPage":{"@id":"https:\/\/talkpal.ai\/tr\/rusca-gramer-alistirmalari\/#primaryimage"},"image":{"@id":"https:\/\/talkpal.ai\/tr\/rusca-gramer-alistirmalari\/#primaryimage"},"thumbnailUrl":"https:\/\/talkpal.ai\/wp-content\/uploads\/2023\/04\/rusia.png","datePublished":"2023-06-16T10:58:35+00:00","dateModified":"2025-12-17T16:23:06+00:00","description":"Dil becerilerinizi g\u00fc\u00e7lendirmek ve Rus\u00e7a'da ak\u0131c\u0131l\u0131k kazanmak i\u00e7in temel Rus\u00e7a dilbilgisi al\u0131\u015ft\u0131rmalar\u0131n\u0131 ke\u015ffedin.","breadcrumb":{"@id":"https:\/\/talkpal.ai\/tr\/rusca-gramer-alistirmalari\/#breadcrumb"},"inLanguage":"tr","potentialAction":[{"@type":"ReadAction","target":["https:\/\/talkpal.ai\/tr\/rusca-gramer-alistirmalari\/"]}]},{"@type":"ImageObject","inLanguage":"tr","@id":"https:\/\/talkpal.ai\/tr\/rusca-gramer-alistirmalari\/#primaryimage","url":"https:\/\/talkpal.ai\/wp-content\/uploads\/2023\/04\/rusia.png","contentUrl":"https:\/\/talkpal.ai\/wp-content\/uploads\/2023\/04\/rusia.png","width":512,"height":512},{"@type":"BreadcrumbList","@id":"https:\/\/talkpal.ai\/tr\/rusca-gramer-alistirmalari\/#breadcrumb","itemListElement":[{"@type":"ListItem","position":1,"name":"Homepage","item":"https:\/\/talkpal.ai\/tr\/"},{"@type":"ListItem","position":2,"name":"Rus\u00e7a Gramer Al\u0131\u015ft\u0131rmalar\u0131"}]},{"@type":"WebSite","@id":"https:\/\/talkpal.ai\/tr\/#website","url":"https:\/\/talkpal.ai\/tr\/","name":"Talkpal","description":"AI Language Learning","publisher":{"@id":"https:\/\/talkpal.ai\/tr\/#organization"},"alternateName":"Talkpal AI","potentialAction":[{"@type":"SearchAction","target":{"@type":"EntryPoint","urlTemplate":"https:\/\/talkpal.ai\/tr\/?s={search_term_string}"},"query-input":{"@type":"PropertyValueSpecification","valueRequired":true,"valueName":"search_term_string"}}],"inLanguage":"tr"},{"@type":"Organization","@id":"https:\/\/talkpal.ai\/tr\/#organization","name":"Talkpal, Inc.","alternateName":"Talkpal AI","url":"https:\/\/talkpal.ai\/tr\/","logo":{"@type":"ImageObject","inLanguage":"tr","@id":"https:\/\/talkpal.ai\/tr\/#\/schema\/logo\/image\/","url":"https:\/\/talkpal.ai\/wp-content\/uploads\/2024\/03\/Talkpal-Logo-Icon.png","contentUrl":"https:\/\/talkpal.ai\/wp-content\/uploads\/2024\/03\/Talkpal-Logo-Icon.png","width":2880,"height":2880,"caption":"Talkpal, Inc."},"image":{"@id":"https:\/\/talkpal.ai\/tr\/#\/schema\/logo\/image\/"},"sameAs":["https:\/\/www.facebook.com\/profile.php?id=100090733639311","https:\/\/x.com\/talkpalai","https:\/\/www.linkedin.com\/company\/talkpal\/","https:\/\/www.youtube.com\/@TalkPal\/","https:\/\/www.tiktok.com\/@talkpal","https:\/\/www.instagram.com\/talkpal_ai\/","https:\/\/www.crunchbase.com\/organization\/talkpal-9cde","https:\/\/www.g2.com\/products\/talkpal-for-business\/","https:\/\/www.trustpilot.com\/review\/talkpal.ai","https:\/\/www.capterra.com\/p\/10006800\/TalkPal\/"],"description":"Talkpal is a language learning web and mobile education app, powered by the latest AI technologies, that provides engaging experiences to its customers in many different languages to help them improve their language skills. Users can chat about unlimited amount of topics with the app and use other modes to practice their language learning.","email":"support@talkpal.ai","legalName":"Talkpal, Inc.","foundingDate":"2023-04-03","duns":"118989042","numberOfEmployees":{"@type":"QuantitativeValue","minValue":"11","maxValue":"50"},"publishingPrinciples":"https:\/\/talkpal.ai\/publishing-principles\/","actionableFeedbackPolicy":"https:\/\/talkpal.ai\/actionable-feedback-policy\/","correctionsPolicy":"https:\/\/talkpal.ai\/corrections-policy\/","ethicsPolicy":"https:\/\/talkpal.ai\/ethics-policy\/","diversityPolicy":"https:\/\/talkpal.ai\/diversity-policy\/","diversityStaffingReport":"https:\/\/talkpal.ai\/diversity-policy\/"}]}},"_links":{"self":[{"href":"https:\/\/talkpal.ai\/tr\/wp-json\/wp\/v2\/pages\/166500","targetHints":{"allow":["GET"]}}],"collection":[{"href":"https:\/\/talkpal.ai\/tr\/wp-json\/wp\/v2\/pages"}],"about":[{"href":"https:\/\/talkpal.ai\/tr\/wp-json\/wp\/v2\/types\/page"}],"author":[{"embeddable":true,"href":"https:\/\/talkpal.ai\/tr\/wp-json\/wp\/v2\/users\/6"}],"replies":[{"embeddable":true,"href":"https:\/\/talkpal.ai\/tr\/wp-json\/wp\/v2\/comments?post=166500"}],"version-history":[{"count":0,"href":"https:\/\/talkpal.ai\/tr\/wp-json\/wp\/v2\/pages\/166500\/revisions"}],"wp:featuredmedia":[{"embeddable":true,"href":"https:\/\/talkpal.ai\/tr\/wp-json\/wp\/v2\/media\/107975"}],"wp:attachment":[{"href":"https:\/\/talkpal.ai\/tr\/wp-json\/wp\/v2\/media?parent=166500"}],"curies":[{"name":"wp","href":"https:\/\/api.w.org\/{rel}","templated":true}]}}